{"id":994,"date":"2023-11-22T11:24:07","date_gmt":"2023-11-22T03:24:07","guid":{"rendered":"https:\/\/topfoodmachine.com\/?post_type=product&#038;p=994"},"modified":"2023-11-22T11:24:07","modified_gmt":"2023-11-22T03:24:07","slug":"fruit-and-vegetable-grading-machine","status":"publish","type":"product","link":"https:\/\/topfoodmachine.com\/vi\/product\/fruit-and-vegetable-grading-machine\/","title":{"rendered":"M\u00e1y ph\u00e2n lo\u1ea1i rau qu\u1ea3"},"content":{"rendered":"<div class=\"kk-star-ratings kksr-auto kksr-align-left kksr-valign-top\"     data-payload='{&quot;align&quot;:&quot;left&quot;,&quot;id&quot;:&quot;994&quot;,&quot;slug&quot;:&quot;default&quot;,&quot;valign&quot;:&quot;top&quot;,&quot;ignore&quot;:&quot;&quot;,&quot;reference&quot;:&quot;auto&quot;,&quot;class&quot;:&quot;&quot;,&quot;count&quot;:&quot;11&quot;,&quot;legendonly&quot;:&quot;&quot;,&quot;readonly&quot;:&quot;&quot;,&quot;score&quot;:&quot;4.5&quot;,&quot;starsonly&quot;:&quot;&quot;,&quot;best&quot;:&quot;5&quot;,&quot;gap&quot;:&quot;5&quot;,&quot;greet&quot;:&quot;Rate this product&quot;,&quot;legend&quot;:&quot;4.5\\\/5 - (11 b\u00ecnh ch\u1ecdn)&quot;,&quot;size&quot;:&quot;24&quot;,&quot;title&quot;:&quot;Fruit and vegetable grading machine&quot;,&quot;width&quot;:&quot;128&quot;,&quot;_legend&quot;:&quot;{score}\\\/{best} - ({count} {votes})&quot;,&quot;font_factor&quot;:&quot;1.25&quot;}'>              <div class=\"kksr-stars\">      <div class=\"kksr-stars-inactive\">             <div class=\"kksr-star\" data-star=\"1\" style=\"padding-right: 5px\">               <div class=\"kksr-icon\" style=\"width: 24px; height: 24px;\"><\/div>         <\/div>             <div class=\"kksr-star\" data-star=\"2\" style=\"padding-right: 5px\">               <div class=\"kksr-icon\" style=\"width: 24px; height: 24px;\"><\/div>         <\/div>             <div class=\"kksr-star\" data-star=\"3\" style=\"padding-right: 5px\">               <div class=\"kksr-icon\" style=\"width: 24px; height: 24px;\"><\/div>         <\/div>             <div class=\"kksr-star\" data-star=\"4\" style=\"padding-right: 5px\">               <div class=\"kksr-icon\" style=\"width: 24px; height: 24px;\"><\/div>         <\/div>             <div class=\"kksr-star\" data-star=\"5\" style=\"padding-right: 5px\">               <div class=\"kksr-icon\" style=\"width: 24px; height: 24px;\"><\/div>         <\/div>     <\/div>      <div class=\"kksr-stars-active\" style=\"width: 128px;\">             <div class=\"kksr-star\" style=\"padding-right: 5px\">               <div class=\"kksr-icon\" style=\"width: 24px; height: 24px;\"><\/div>         <\/div>             <div class=\"kksr-star\" style=\"padding-right: 5px\">               <div class=\"kksr-icon\" style=\"width: 24px; height: 24px;\"><\/div>         <\/div>             <div class=\"kksr-star\" style=\"padding-right: 5px\">               <div class=\"kksr-icon\" style=\"width: 24px; height: 24px;\"><\/div>         <\/div>             <div class=\"kksr-star\" style=\"padding-right: 5px\">               <div class=\"kksr-icon\" style=\"width: 24px; height: 24px;\"><\/div>         <\/div>             <div class=\"kksr-star\" style=\"padding-right: 5px\">               <div class=\"kksr-icon\" style=\"width: 24px; height: 24px;\"><\/div>         <\/div>     <\/div> <\/div>                   <div class=\"kksr-legend\" style=\"font-size: 19.2px;\">             4.5\/5 - (11 \u0111\u00e1nh gi\u00e1)    <\/div>     <\/div>  <p>Trong b\u1ed1i c\u1ea3nh n\u00f4ng nghi\u1ec7p v\u00e0 ch\u1ebf bi\u1ebfn th\u1ef1c ph\u1ea9m ng\u00e0y c\u00e0ng ph\u00e1t tri\u1ec3n, nhu c\u1ea7u ph\u00e2n lo\u1ea1i rau qu\u1ea3 hi\u1ec7u qu\u1ea3 v\u00e0 ch\u00ednh x\u00e1c \u0111\u00e3 d\u1eabn \u0111\u1ebfn s\u1ef1 ph\u00e1t tri\u1ec3n c\u1ee7a c\u00e1c c\u00f4ng ngh\u1ec7 ti\u00ean ti\u1ebfn, trong \u0111\u00f3 M\u00e1y ph\u00e2n lo\u1ea1i rau qu\u1ea3 n\u1ed5i b\u1eadt nh\u01b0 m\u1ed9t s\u1ef1 \u0111\u1ed5i m\u1edbi quan tr\u1ecdng. <\/p>    <p>Thi\u1ebft b\u1ecb ph\u1ee9c t\u1ea1p n\u00e0y \u0111\u00f3ng vai tr\u00f2 then ch\u1ed1t trong vi\u1ec7c h\u1ee3p l\u00fd h\u00f3a quy tr\u00ecnh x\u1eed l\u00fd sau thu ho\u1ea1ch b\u1eb1ng c\u00e1ch t\u1ef1 \u0111\u1ed9ng h\u00f3a vi\u1ec7c ph\u00e2n lo\u1ea1i v\u00e0 ph\u00e2n lo\u1ea1i tr\u00e1i c\u00e2y v\u00e0 rau qu\u1ea3 d\u1ef1a tr\u00ean c\u00e1c th\u00f4ng s\u1ed1 kh\u00e1c nhau.<\/p>    <p>T\u00ednh linh ho\u1ea1t c\u1ee7a M\u00e1y ph\u00e2n lo\u1ea1i rau qu\u1ea3 cho ph\u00e9p ch\u00fang x\u1eed l\u00fd nhi\u1ec1u lo\u1ea1i s\u1ea3n ph\u1ea9m kh\u00e1c nhau, t\u1eeb t\u00e1o, cam \u0111\u1ebfn c\u00e0 chua v\u00e0 d\u01b0a chu\u1ed9t. Kh\u1ea3 n\u0103ng th\u00edch \u1ee9ng v\u1edbi c\u00e1c lo\u1ea1i tr\u00e1i c\u00e2y v\u00e0 rau qu\u1ea3 kh\u00e1c nhau khi\u1ebfn ch\u00fang tr\u1edf th\u00e0nh t\u00e0i s\u1ea3n v\u00f4 gi\u00e1 cho c\u00e1c ho\u1ea1t \u0111\u1ed9ng n\u00f4ng nghi\u1ec7p \u1edf quy m\u00f4 kh\u00e1c nhau.<\/p>    <figure class=\"wp-block-image size-full\"><img loading=\"lazy\" decoding=\"async\" width=\"720\" height=\"540\" src=\"https:\/\/topfoodmachine.com\/wp-content\/uploads\/2023\/11\/commercial-Roller-Bar-Type-Fruit-and-Vegetable-Grading-Machine.webp\" alt=\"M\u00e1y ph\u00e2n lo\u1ea1i rau qu\u1ea3 lo\u1ea1i thanh l\u0103n th\u01b0\u01a1ng m\u1ea1i\" class=\"wp-image-996\" srcset=\"https:\/\/topfoodmachine.com\/wp-content\/uploads\/2023\/11\/commercial-Roller-Bar-Type-Fruit-and-Vegetable-Grading-Machine.webp 720w, https:\/\/topfoodmachine.com\/wp-content\/uploads\/2023\/11\/commercial-Roller-Bar-Type-Fruit-and-Vegetable-Grading-Machine-300x225.webp 300w\" sizes=\"auto, (max-width: 720px) 100vw, 720px\" \/><figcaption class=\"wp-element-caption\">M\u00e1y ph\u00e2n lo\u1ea1i rau qu\u1ea3 lo\u1ea1i thanh l\u0103n th\u01b0\u01a1ng m\u1ea1i<\/figcaption><\/figure>    <h2 class=\"wp-block-heading\">C\u00e1c lo\u1ea1i m\u00e1y ph\u00e2n lo\u1ea1i rau c\u1ee7 qu\u1ea3<\/h2>    <p>Trong b\u1ed1i c\u1ea3nh \u0111\u1ed5i m\u1edbi n\u00f4ng nghi\u1ec7p n\u0103ng \u0111\u1ed9ng, M\u00e1y ph\u00e2n lo\u1ea1i rau qu\u1ea3 c\u1ee7a ch\u00fang t\u00f4i cung c\u1ea5p c\u00e1c gi\u1ea3i ph\u00e1p ph\u00f9 h\u1ee3p \u0111\u1ec3 ph\u00e2n lo\u1ea1i v\u00e0 ph\u00e2n lo\u1ea1i s\u1ea3n ph\u1ea9m m\u1ed9t c\u00e1ch ch\u00ednh x\u00e1c. V\u1edbi ba model ri\u00eang bi\u1ec7t \u0111\u00e1p \u1ee9ng nhu c\u1ea7u \u0111a d\u1ea1ng c\u1ee7a ng\u00e0nh, nh\u1eefng m\u00e1y n\u00e0y th\u1ec3 hi\u1ec7n c\u00f4ng ngh\u1ec7 ti\u00ean ti\u1ebfn v\u00e0 t\u1ef1 \u0111\u1ed9ng h\u00f3a trong x\u1eed l\u00fd sau thu ho\u1ea1ch.<\/p>    <h2 class=\"wp-block-heading\"><strong>1. M\u00e1y ph\u00e2n lo\u1ea1i rau qu\u1ea3 d\u1ea1ng thanh l\u0103n<\/strong><\/h2>    <p>M\u00e1y ph\u00e2n lo\u1ea1i lo\u1ea1i thanh l\u0103n \u0111\u01b0\u1ee3c thi\u1ebft k\u1ebf \u0111\u1eb7c bi\u1ec7t \u0111\u1ec3 ph\u00e2n lo\u1ea1i rau hi\u1ec7u qu\u1ea3. Nguy\u00ean l\u00fd ho\u1ea1t \u0111\u1ed9ng c\u1ee7a n\u00f3 bao g\u1ed3m m\u1ed9t lo\u1ea1t c\u00e1c thanh l\u0103n, cho ph\u00e9p ph\u00e2n lo\u1ea1i ch\u00ednh x\u00e1c c\u00e1c lo\u1ea1i rau d\u1ef1a tr\u00ean k\u00edch th\u01b0\u1edbc v\u00e0 h\u00ecnh d\u1ea1ng b\u1eb1ng c\u00e1ch \u0111i\u1ec1u ch\u1ec9nh kho\u1ea3ng c\u00e1ch gi\u1eefa c\u00e1c thanh. <\/p>    <p>M\u00f4 h\u00ecnh n\u00e0y ph\u00f9 h\u1ee3p v\u1edbi c\u00e1c lo\u1ea1i rau c\u00f3 h\u00ecnh d\u1ea1ng \u0111\u1ed3ng \u0111\u1ec1u, \u0111\u1ea3m b\u1ea3o s\u1ea3n ph\u1ea9m \u0111\u1ea1t ti\u00eau chu\u1ea9n ch\u1ea5t l\u01b0\u1ee3ng \u0111\u00e3 \u0111\u1ecbnh tr\u01b0\u1edbc. M\u00e1y ph\u00e2n lo\u1ea1i d\u1ea1ng thanh l\u0103n n\u00e2ng cao hi\u1ec7u qu\u1ea3 s\u1ea3n xu\u1ea5t \u0111\u1ed3ng th\u1eddi gi\u1ea3m thi\u1ec3u thi\u1ec7t h\u1ea1i cho rau qu\u1ea3.<\/p>    <figure class=\"wp-block-gallery has-nested-images columns-default is-cropped wp-block-gallery-2 is-layout-flex wp-block-gallery-is-layout-flex\"> <figure class=\"wp-block-image size-large\"><img loading=\"lazy\" decoding=\"async\" width=\"720\" height=\"540\" data-id=\"997\" src=\"https:\/\/topfoodmachine.com\/wp-content\/uploads\/2023\/11\/Roller-Bar-Type-Fruit-and-Vegetable-Grading-Machine.webp\" alt=\"M\u00e1y ph\u00e2n lo\u1ea1i rau qu\u1ea3 lo\u1ea1i thanh l\u0103n\" class=\"wp-image-997\" srcset=\"https:\/\/topfoodmachine.com\/wp-content\/uploads\/2023\/11\/Roller-Bar-Type-Fruit-and-Vegetable-Grading-Machine.webp 720w, https:\/\/topfoodmachine.com\/wp-content\/uploads\/2023\/11\/Roller-Bar-Type-Fruit-and-Vegetable-Grading-Machine-300x225.webp 300w\" sizes=\"auto, (max-width: 720px) 100vw, 720px\" \/><figcaption class=\"wp-element-caption\">M\u00e1y ph\u00e2n lo\u1ea1i rau qu\u1ea3 lo\u1ea1i thanh l\u0103n<\/figcaption><\/figure>    <figure class=\"wp-block-image size-large\"><img loading=\"lazy\" decoding=\"async\" width=\"720\" height=\"540\" data-id=\"998\" src=\"https:\/\/topfoodmachine.com\/wp-content\/uploads\/2023\/11\/working-process-of-Roller-Bar-Type-Fruit-and-Vegetable-Grading-Machine.webp\" alt=\"quy tr\u00ecnh l\u00e0m vi\u1ec7c c\u1ee7a M\u00e1y ph\u00e2n lo\u1ea1i rau qu\u1ea3 lo\u1ea1i thanh l\u0103n\" class=\"wp-image-998\" srcset=\"https:\/\/topfoodmachine.com\/wp-content\/uploads\/2023\/11\/working-process-of-Roller-Bar-Type-Fruit-and-Vegetable-Grading-Machine.webp 720w, https:\/\/topfoodmachine.com\/wp-content\/uploads\/2023\/11\/working-process-of-Roller-Bar-Type-Fruit-and-Vegetable-Grading-Machine-300x225.webp 300w\" sizes=\"auto, (max-width: 720px) 100vw, 720px\" \/><figcaption class=\"wp-element-caption\">quy tr\u00ecnh l\u00e0m vi\u1ec7c c\u1ee7a M\u00e1y ph\u00e2n lo\u1ea1i rau qu\u1ea3 lo\u1ea1i thanh l\u0103n<\/figcaption><\/figure> <\/figure>    <figure class=\"wp-block-table\"><table><tbody><tr><td>Ng\u01b0\u1eddi m\u1eabu<\/td><td>Quy\u1ec1n l\u1ef1c<\/td><td>Dung t\u00edch<\/td><td>K\u00edch c\u1ee1<\/td><td>V\u00f4n<\/td><\/tr><tr><td>TZ-VG-5<\/td><td>1,1kw<\/td><td>3-4T\/gi\u1edd<\/td><td>8000*1400*800mm<\/td><td>380v,50hz<\/td><\/tr><\/tbody><\/table><\/figure>    <h2 class=\"wp-block-heading\"><strong>2. M\u00e1y ph\u00e2n lo\u1ea1i rau qu\u1ea3 lo\u1ea1i tr\u1ed1ng<\/strong><\/h2>    <p>M\u00e1y ph\u00e2n lo\u1ea1i d\u1ea1ng tr\u1ed1ng ch\u1ee7 y\u1ebfu \u0111\u01b0\u1ee3c s\u1eed d\u1ee5ng \u0111\u1ec3 ph\u00e2n lo\u1ea1i tr\u00e1i c\u00e2y. M\u00f4 h\u00ecnh n\u00e0y s\u1eed d\u1ee5ng tr\u1ed1ng quay \u0111\u1ec3 ph\u00e2n lo\u1ea1i tr\u00e1i c\u00e2y d\u1ef1a tr\u00ean c\u00e1c \u0111\u1eb7c \u0111i\u1ec3m nh\u01b0 k\u00edch th\u01b0\u1edbc v\u00e0 h\u00ecnh d\u1ea1ng. Thi\u1ebft k\u1ebf c\u1ee7a tr\u1ed1ng cho ph\u00e9p tr\u00e1i c\u00e2y \u0111i qua m\u1ed9t c\u00e1ch tr\u01a1n tru, \u0111\u1ea3m b\u1ea3o s\u1ea3n ph\u1ea9m kh\u00f4ng b\u1ecb h\u01b0 h\u1ea1i trong qu\u00e1 tr\u00ecnh ph\u00e2n lo\u1ea1i. <\/p>    <p>Lo\u1ea1i m\u00e1y ph\u00e2n lo\u1ea1i n\u00e0y r\u1ea5t linh ho\u1ea1t v\u00e0 c\u00f3 th\u1ec3 ch\u1ee9a nhi\u1ec1u lo\u1ea1i tr\u00e1i c\u00e2y kh\u00e1c nhau, n\u00e2ng cao \u0111\u1ed9 ch\u00ednh x\u00e1c v\u00e0 hi\u1ec7u qu\u1ea3 c\u1ee7a vi\u1ec7c ph\u00e2n lo\u1ea1i tr\u00e1i c\u00e2y.<\/p>    <figure class=\"wp-block-gallery has-nested-images columns-default is-cropped wp-block-gallery-3 is-layout-flex wp-block-gallery-is-layout-flex\"> <figure class=\"wp-block-image size-large\"><img loading=\"lazy\" decoding=\"async\" width=\"720\" height=\"540\" data-id=\"999\" src=\"https:\/\/topfoodmachine.com\/wp-content\/uploads\/2023\/11\/Drum-Type-Fruit-and-Vegetable-Grading-Machine.webp\" alt=\"M\u00e1y ph\u00e2n lo\u1ea1i rau qu\u1ea3 lo\u1ea1i tr\u1ed1ng\" class=\"wp-image-999\" srcset=\"https:\/\/topfoodmachine.com\/wp-content\/uploads\/2023\/11\/Drum-Type-Fruit-and-Vegetable-Grading-Machine.webp 720w, https:\/\/topfoodmachine.com\/wp-content\/uploads\/2023\/11\/Drum-Type-Fruit-and-Vegetable-Grading-Machine-300x225.webp 300w\" sizes=\"auto, (max-width: 720px) 100vw, 720px\" \/><figcaption class=\"wp-element-caption\">M\u00e1y ph\u00e2n lo\u1ea1i rau qu\u1ea3 lo\u1ea1i tr\u1ed1ng<\/figcaption><\/figure>    <figure class=\"wp-block-image size-large\"><img loading=\"lazy\" decoding=\"async\" width=\"720\" height=\"540\" data-id=\"1000\" src=\"https:\/\/topfoodmachine.com\/wp-content\/uploads\/2023\/11\/working-process-of-Drum-Type-Fruit-and-Vegetable-Grading-Machine.webp\" alt=\"quy tr\u00ecnh l\u00e0m vi\u1ec7c c\u1ee7a M\u00e1y ph\u00e2n lo\u1ea1i rau qu\u1ea3 lo\u1ea1i tr\u1ed1ng\" class=\"wp-image-1000\" srcset=\"https:\/\/topfoodmachine.com\/wp-content\/uploads\/2023\/11\/working-process-of-Drum-Type-Fruit-and-Vegetable-Grading-Machine.webp 720w, https:\/\/topfoodmachine.com\/wp-content\/uploads\/2023\/11\/working-process-of-Drum-Type-Fruit-and-Vegetable-Grading-Machine-300x225.webp 300w\" sizes=\"auto, (max-width: 720px) 100vw, 720px\" \/><figcaption class=\"wp-element-caption\">quy tr\u00ecnh l\u00e0m vi\u1ec7c c\u1ee7a M\u00e1y ph\u00e2n lo\u1ea1i rau qu\u1ea3 lo\u1ea1i tr\u1ed1ng<\/figcaption><\/figure> <\/figure>    <figure class=\"wp-block-table\"><table><tbody><tr><td>Ng\u01b0\u1eddi m\u1eabu<\/td><td>Quy\u1ec1n l\u1ef1c<\/td><td>C\u00e2n n\u1eb7ng<\/td><td>K\u00edch c\u1ee1<\/td><td>V\u00f4n<\/td><\/tr><tr><td>TZ-VG-4<\/td><td>0,75kw<\/td><td>250kg<\/td><td>3320*1120*870mm<\/td><td>380v,50hz<\/td><\/tr><\/tbody><\/table><\/figure>    <h2 class=\"wp-block-heading\"><strong>3. M\u00e1y ph\u00e2n lo\u1ea1i rau qu\u1ea3 theo tr\u1ecdng l\u01b0\u1ee3ng<\/strong><\/h2>    <p>M\u00e1y ph\u00e2n lo\u1ea1i d\u1ef1a tr\u00ean tr\u1ecdng l\u01b0\u1ee3ng s\u1eed d\u1ee5ng c\u00f4ng ngh\u1ec7 c\u00e2n ti\u00ean ti\u1ebfn \u0111\u1ec3 cung c\u1ea5p ph\u01b0\u01a1ng ph\u00e1p ph\u00e2n lo\u1ea1i ch\u00ednh x\u00e1c cho tr\u00e1i c\u00e2y. M\u1ed7i khay \u0111\u1ec1u \u0111\u01b0\u1ee3c trang b\u1ecb thi\u1ebft b\u1ecb c\u00e2n, \u0111o ch\u00ednh x\u00e1c tr\u1ecdng l\u01b0\u1ee3ng c\u1ee7a qu\u1ea3. \u0110i\u1ec1u n\u00e0y cho ph\u00e9p m\u00e1y ph\u00e2n lo\u1ea1i c\u00f3 th\u1ec3 ph\u00e2n lo\u1ea1i tr\u00e1i c\u00e2y d\u1ef1a tr\u00ean tr\u1ecdng l\u01b0\u1ee3ng c\u1ee7a ch\u00fang, \u0111\u1ea3m b\u1ea3o r\u1eb1ng m\u1ed7i lo\u1ea1i \u0111\u1ec1u \u0111\u00e1p \u1ee9ng c\u00e1c ti\u00eau chu\u1ea9n ch\u1ea5t l\u01b0\u1ee3ng nh\u1ea5t qu\u00e1n. <\/p>    <p>M\u00f4 h\u00ecnh n\u00e0y c\u00f3 th\u1ec3 \u0111\u01b0\u1ee3c t\u00edch h\u1ee3p v\u00e0o m\u1ed9t d\u00e2y chuy\u1ec1n s\u1ea3n xu\u1ea5t ho\u00e0n ch\u1ec9nh, bao g\u1ed3m thang m\u00e1y, m\u00e1y l\u00e0m s\u1ea1ch v\u00e0 m\u00e1y s\u1ea5y, t\u1ea1o th\u00e0nh m\u1ed9t quy tr\u00ecnh s\u1ea3n xu\u1ea5t t\u1ef1 \u0111\u1ed9ng h\u00f3a to\u00e0n di\u1ec7n. S\u1ef1 t\u00edch h\u1ee3p n\u00e0y gi\u00fap n\u00e2ng cao hi\u1ec7u qu\u1ea3 s\u1ea3n xu\u1ea5t v\u00e0 gi\u1ea3m chi ph\u00ed lao \u0111\u1ed9ng.<\/p>    <figure class=\"wp-block-gallery has-nested-images columns-default is-cropped wp-block-gallery-4 is-layout-flex wp-block-gallery-is-layout-flex\"> <figure class=\"wp-block-image size-large\"><img loading=\"lazy\" decoding=\"async\" width=\"720\" height=\"540\" data-id=\"1001\" src=\"https:\/\/topfoodmachine.com\/wp-content\/uploads\/2023\/11\/Weight-based-Fruit-and-Vegetable-Grading-Machine-for-sale.webp\" alt=\"C\u1ea7n b\u00e1n m\u00e1y ph\u00e2n lo\u1ea1i rau qu\u1ea3 theo tr\u1ecdng l\u01b0\u1ee3ng\" class=\"wp-image-1001\" srcset=\"https:\/\/topfoodmachine.com\/wp-content\/uploads\/2023\/11\/Weight-based-Fruit-and-Vegetable-Grading-Machine-for-sale.webp 720w, https:\/\/topfoodmachine.com\/wp-content\/uploads\/2023\/11\/Weight-based-Fruit-and-Vegetable-Grading-Machine-for-sale-300x225.webp 300w\" sizes=\"auto, (max-width: 720px) 100vw, 720px\" \/><figcaption class=\"wp-element-caption\">C\u1ea7n b\u00e1n m\u00e1y ph\u00e2n lo\u1ea1i rau qu\u1ea3 theo tr\u1ecdng l\u01b0\u1ee3ng<\/figcaption><\/figure>    <figure class=\"wp-block-image size-large\"><img loading=\"lazy\" decoding=\"async\" width=\"720\" height=\"540\" data-id=\"1002\" src=\"https:\/\/topfoodmachine.com\/wp-content\/uploads\/2023\/11\/Weight-based-Fruit-and-Vegetable-Grading-Machine-with-good-price.webp\" alt=\"M\u00e1y ph\u00e2n lo\u1ea1i rau qu\u1ea3 theo tr\u1ecdng l\u01b0\u1ee3ng gi\u00e1 t\u1ed1t\" class=\"wp-image-1002\" srcset=\"https:\/\/topfoodmachine.com\/wp-content\/uploads\/2023\/11\/Weight-based-Fruit-and-Vegetable-Grading-Machine-with-good-price.webp 720w, https:\/\/topfoodmachine.com\/wp-content\/uploads\/2023\/11\/Weight-based-Fruit-and-Vegetable-Grading-Machine-with-good-price-300x225.webp 300w\" sizes=\"auto, (max-width: 720px) 100vw, 720px\" \/><figcaption class=\"wp-element-caption\">M\u00e1y ph\u00e2n lo\u1ea1i rau qu\u1ea3 theo tr\u1ecdng l\u01b0\u1ee3ng gi\u00e1 t\u1ed1t<\/figcaption><\/figure> <\/figure>    <figure class=\"wp-block-table\"><table><tbody><tr><td>Ng\u01b0\u1eddi m\u1eabu<\/td><td>Quy\u1ec1n l\u1ef1c<\/td><td>C\u00e2n n\u1eb7ng<\/td><td>K\u00edch c\u1ee1<\/td><td>V\u00f4n<\/td><\/tr><tr><td>TZ-VG-3<\/td><td>1,85kw<\/td><td>1050kg<\/td><td>7600*2800*1400mm<\/td><td>380v,50hz<\/td><\/tr><\/tbody><\/table><\/figure>    <p>Ba m\u1eabu M\u00e1y ph\u00e2n lo\u1ea1i rau qu\u1ea3 n\u00e0y, s\u1eed d\u1ee5ng c\u00e1c nguy\u00ean t\u1eafc v\u00e0 c\u00f4ng ngh\u1ec7 v\u1eadn h\u00e0nh kh\u00e1c nhau, \u0111\u00e1p \u1ee9ng c\u00e1c y\u00eau c\u1ea7u \u0111a d\u1ea1ng v\u1ec1 ph\u00e2n lo\u1ea1i rau v\u00e0 tr\u00e1i c\u00e2y m\u1ed9t c\u00e1ch hi\u1ec7u qu\u1ea3. H\u1ecd cung c\u1ea5p c\u00e1c gi\u1ea3i ph\u00e1p t\u1ef1 \u0111\u1ed9ng \u0111\u00e1ng tin c\u1eady cho s\u1ea3n xu\u1ea5t n\u00f4ng nghi\u1ec7p.<\/p>    <h2 class=\"wp-block-heading\">\u01afu \u0111i\u1ec3m ch\u00ednh c\u1ee7a m\u00e1y ph\u00e2n lo\u1ea1i rau qu\u1ea3<\/h2>    <ol class=\"wp-block-list\"> <li><strong>S\u1eafp x\u1ebfp t\u1ef1 \u0111\u1ed9ng:<\/strong> T\u1ef1 \u0111\u1ed9ng h\u00f3a \u0111\u1ea3m b\u1ea3o qu\u00e1 tr\u00ecnh ph\u00e2n lo\u1ea1i nhanh ch\u00f3ng v\u00e0 nh\u1ea5t qu\u00e1n, gi\u1ea3m s\u1ef1 ph\u1ee5 thu\u1ed9c v\u00e0o lao \u0111\u1ed9ng th\u1ee7 c\u00f4ng v\u00e0 n\u00e2ng cao hi\u1ec7u qu\u1ea3 t\u1ed5ng th\u1ec3. T\u00ednh n\u0103ng n\u00e0y \u0111\u1eb7c bi\u1ec7t c\u00f3 gi\u00e1 tr\u1ecb trong m\u00f4i tr\u01b0\u1eddng s\u1ea3n xu\u1ea5t s\u1ed1 l\u01b0\u1ee3ng l\u1edbn.<\/li>    <li><strong>T\u00ednh linh ho\u1ea1t:<\/strong> M\u00e1y ph\u00e2n lo\u1ea1i \u0111\u01b0\u1ee3c thi\u1ebft k\u1ebf \u0111\u1ec3 x\u1eed l\u00fd nhi\u1ec1u lo\u1ea1i tr\u00e1i c\u00e2y v\u00e0 rau qu\u1ea3. Ch\u00fang c\u00f3 th\u1ec3 \u0111\u01b0\u1ee3c \u0111i\u1ec1u ch\u1ec9nh \u0111\u1ec3 ph\u00f9 h\u1ee3p v\u1edbi c\u00e1c h\u00ecnh d\u1ea1ng, k\u00edch c\u1ee1 v\u00e0 lo\u1ea1i s\u1ea3n ph\u1ea9m kh\u00e1c nhau, mang l\u1ea1i s\u1ef1 linh ho\u1ea1t cho c\u00e1c ho\u1ea1t \u0111\u1ed9ng n\u00f4ng nghi\u1ec7p \u0111a d\u1ea1ng.<\/li>    <li><strong>C\u00e0i \u0111\u1eb7t c\u00f3 th\u1ec3 t\u00f9y ch\u1ec9nh:<\/strong> C\u00e1c c\u00e0i \u0111\u1eb7t c\u00f3 th\u1ec3 \u0111i\u1ec1u ch\u1ec9nh cho ph\u00e9p t\u00f9y ch\u1ec9nh c\u00e1c ti\u00eau ch\u00ed ph\u00e2n lo\u1ea1i, gi\u00fap n\u00f4ng d\u00e2n v\u00e0 nh\u00e0 s\u1ea3n xu\u1ea5t \u0111\u00e1p \u1ee9ng c\u00e1c ti\u00eau chu\u1ea9n th\u1ecb tr\u01b0\u1eddng c\u1ee5 th\u1ec3 v\u00e0 s\u1edf th\u00edch c\u1ee7a ng\u01b0\u1eddi ti\u00eau d\u00f9ng.<\/li>    <li><strong>Gi\u1ea3m thi\u1ec3u thi\u1ec7t h\u1ea1i s\u1ea3n ph\u1ea9m:<\/strong> C\u01a1 ch\u1ebf x\u1eed l\u00fd nh\u1eb9 nh\u00e0ng v\u00e0 h\u1ec7 th\u1ed1ng b\u0103ng t\u1ea3i \u0111\u01b0\u1ee3c s\u1eed d\u1ee5ng \u0111\u1ec3 gi\u1ea3m thi\u1ec3u thi\u1ec7t h\u1ea1i cho tr\u00e1i c\u00e2y v\u00e0 rau qu\u1ea3 trong qu\u00e1 tr\u00ecnh ph\u00e2n lo\u1ea1i, \u0111\u1ea3m b\u1ea3o r\u1eb1ng s\u1ea3n ph\u1ea9m cu\u1ed1i c\u00f9ng v\u1eabn \u1edf tr\u1ea1ng th\u00e1i t\u1ed1i \u01b0u.<\/li>    <li><strong>Thi\u1ebft k\u1ebf m\u00f4-\u0111un:<\/strong> M\u00e1y ph\u00e2n lo\u1ea1i th\u01b0\u1eddng c\u00f3 thi\u1ebft k\u1ebf m\u00f4-\u0111un, t\u1ea1o \u0111i\u1ec1u ki\u1ec7n t\u00edch h\u1ee3p d\u1ec5 d\u00e0ng v\u00e0o d\u00e2y chuy\u1ec1n s\u1ea3n xu\u1ea5t hi\u1ec7n c\u00f3. T\u00ednh m\u00f4-\u0111un n\u00e0y t\u0103ng c\u01b0\u1eddng kh\u1ea3 n\u0103ng m\u1edf r\u1ed9ng v\u00e0 kh\u1ea3 n\u0103ng th\u00edch \u1ee9ng v\u1edbi nhu c\u1ea7u s\u1ea3n xu\u1ea5t \u0111ang ph\u00e1t tri\u1ec3n.<\/li>    <li><strong>Th\u00f4ng l\u01b0\u1ee3ng cao:<\/strong> C\u00e1c m\u00e1y n\u00e0y \u0111\u01b0\u1ee3c thi\u1ebft k\u1ebf cho c\u00f4ng su\u1ea5t cao, cho ph\u00e9p ch\u1ebf bi\u1ebfn nhanh ch\u00f3ng v\u00e0 hi\u1ec7u qu\u1ea3 s\u1ed1 l\u01b0\u1ee3ng l\u1edbn tr\u00e1i c\u00e2y v\u00e0 rau qu\u1ea3. \u0110i\u1ec1u n\u00e0y r\u1ea5t c\u1ea7n thi\u1ebft \u0111\u1ec3 \u0111\u00e1p \u1ee9ng nhu c\u1ea7u th\u1ecb tr\u01b0\u1eddng v\u00e0 t\u1ed1i \u01b0u h\u00f3a chu k\u1ef3 s\u1ea3n xu\u1ea5t.<\/li>    <li><strong>T\u00edch h\u1ee3p v\u1edbi d\u00e2y chuy\u1ec1n s\u1ea3n xu\u1ea5t:<\/strong> M\u1ed9t s\u1ed1 lo\u1ea1i m\u00e1y ph\u00e2n lo\u1ea1i c\u00f3 th\u1ec3 \u0111\u01b0\u1ee3c t\u00edch h\u1ee3p li\u1ec1n m\u1ea1ch v\u00e0o d\u00e2y chuy\u1ec1n s\u1ea3n xu\u1ea5t ho\u00e0n ch\u1ec9nh, k\u1ebft h\u1ee3p c\u00e1c t\u00ednh n\u0103ng nh\u01b0 thang m\u00e1y, m\u00e1y l\u00e0m s\u1ea1ch v\u00e0 h\u1ec7 th\u1ed1ng s\u1ea5y kh\u00f4 \u0111\u1ec3 c\u00f3 quy tr\u00ecnh l\u00e0m vi\u1ec7c to\u00e0n di\u1ec7n v\u00e0 t\u1ef1 \u0111\u1ed9ng.<\/li> <\/ol>    <figure class=\"wp-block-image size-full\"><img loading=\"lazy\" decoding=\"async\" width=\"720\" height=\"540\" src=\"https:\/\/topfoodmachine.com\/wp-content\/uploads\/2023\/11\/Weight-based-Fruit-and-Vegetable-Grading-Machine.webp\" alt=\"M\u00e1y ph\u00e2n lo\u1ea1i rau qu\u1ea3 d\u1ef1a tr\u00ean tr\u1ecdng l\u01b0\u1ee3ng\" class=\"wp-image-1003\" srcset=\"https:\/\/topfoodmachine.com\/wp-content\/uploads\/2023\/11\/Weight-based-Fruit-and-Vegetable-Grading-Machine.webp 720w, https:\/\/topfoodmachine.com\/wp-content\/uploads\/2023\/11\/Weight-based-Fruit-and-Vegetable-Grading-Machine-300x225.webp 300w\" sizes=\"auto, (max-width: 720px) 100vw, 720px\" \/><figcaption class=\"wp-element-caption\">M\u00e1y ph\u00e2n lo\u1ea1i rau qu\u1ea3 d\u1ef1a tr\u00ean tr\u1ecdng l\u01b0\u1ee3ng<\/figcaption><\/figure>    <p><\/p>    <p><\/p>    <p><\/p>","protected":false},"excerpt":{"rendered":"<p>Trong b\u1ed1i c\u1ea3nh n\u00f4ng nghi\u1ec7p v\u00e0 ch\u1ebf bi\u1ebfn th\u1ef1c ph\u1ea9m ng\u00e0y c\u00e0ng ph\u00e1t tri\u1ec3n, nhu c\u1ea7u ph\u00e2n lo\u1ea1i rau qu\u1ea3 hi\u1ec7u qu\u1ea3 v\u00e0 ch\u00ednh x\u00e1c \u0111\u00e3 d\u1eabn \u0111\u1ebfn s\u1ef1 ph\u00e1t tri\u1ec3n c\u1ee7a c\u00e1c c\u00f4ng ngh\u1ec7 ti\u00ean ti\u1ebfn, trong \u0111\u00f3 M\u00e1y ph\u00e2n lo\u1ea1i rau qu\u1ea3 n\u1ed5i b\u1eadt nh\u01b0 m\u1ed9t s\u1ef1 \u0111\u1ed5i m\u1edbi quan tr\u1ecdng.<\/p>","protected":false},"author":1,"featured_media":995,"parent":0,"template":"","tags":[],"product-type":[3],"class_list":["post-994","product","type-product","status-publish","has-post-thumbnail","hentry","product-type-fruit-vegetable-processing-machine"],"_links":{"self":[{"href":"https:\/\/topfoodmachine.com\/vi\/wp-json\/wp\/v2\/product\/994","targetHints":{"allow":["GET"]}}],"collection":[{"href":"https:\/\/topfoodmachine.com\/vi\/wp-json\/wp\/v2\/product"}],"about":[{"href":"https:\/\/topfoodmachine.com\/vi\/wp-json\/wp\/v2\/types\/product"}],"author":[{"embeddable":true,"href":"https:\/\/topfoodmachine.com\/vi\/wp-json\/wp\/v2\/users\/1"}],"wp:featuredmedia":[{"embeddable":true,"href":"https:\/\/topfoodmachine.com\/vi\/wp-json\/wp\/v2\/media\/995"}],"wp:attachment":[{"href":"https:\/\/topfoodmachine.com\/vi\/wp-json\/wp\/v2\/media?parent=994"}],"wp:term":[{"taxonomy":"post_tag","embeddable":true,"href":"https:\/\/topfoodmachine.com\/vi\/wp-json\/wp\/v2\/tags?post=994"},{"taxonomy":"product-type","embeddable":true,"href":"https:\/\/topfoodmachine.com\/vi\/wp-json\/wp\/v2\/product-type?post=994"}],"curies":[{"name":"wp","href":"https:\/\/api.w.org\/{rel}","templated":true}]}}