{"id":955,"date":"2023-11-15T15:19:32","date_gmt":"2023-11-15T07:19:32","guid":{"rendered":"https:\/\/topfoodmachine.com\/?post_type=product&#038;p=955"},"modified":"2023-11-15T15:19:37","modified_gmt":"2023-11-15T07:19:37","slug":"cashew-nut-grading-machine","status":"publish","type":"product","link":"https:\/\/topfoodmachine.com\/vi\/product\/cashew-nut-grading-machine\/","title":{"rendered":"M\u00e1y ph\u00e2n lo\u1ea1i h\u1ea1t \u0111i\u1ec1u"},"content":{"rendered":"<div class=\"kk-star-ratings kksr-auto kksr-align-left kksr-valign-top\"     data-payload='{&quot;align&quot;:&quot;left&quot;,&quot;id&quot;:&quot;955&quot;,&quot;slug&quot;:&quot;default&quot;,&quot;valign&quot;:&quot;top&quot;,&quot;ignore&quot;:&quot;&quot;,&quot;reference&quot;:&quot;auto&quot;,&quot;class&quot;:&quot;&quot;,&quot;count&quot;:&quot;20&quot;,&quot;legendonly&quot;:&quot;&quot;,&quot;readonly&quot;:&quot;&quot;,&quot;score&quot;:&quot;4.9&quot;,&quot;starsonly&quot;:&quot;&quot;,&quot;best&quot;:&quot;5&quot;,&quot;gap&quot;:&quot;5&quot;,&quot;greet&quot;:&quot;Rate this product&quot;,&quot;legend&quot;:&quot;4.9\\\/5 - (20 b\u00ecnh ch\u1ecdn)&quot;,&quot;size&quot;:&quot;24&quot;,&quot;title&quot;:&quot;Cashew nut grading machine&quot;,&quot;width&quot;:&quot;139.6&quot;,&quot;_legend&quot;:&quot;{score}\\\/{best} - ({count} {votes})&quot;,&quot;font_factor&quot;:&quot;1.25&quot;}'>              <div class=\"kksr-stars\">      <div class=\"kksr-stars-inactive\">             <div class=\"kksr-star\" data-star=\"1\" style=\"padding-right: 5px\">               <div class=\"kksr-icon\" style=\"width: 24px; height: 24px;\"><\/div>         <\/div>             <div class=\"kksr-star\" data-star=\"2\" style=\"padding-right: 5px\">               <div class=\"kksr-icon\" style=\"width: 24px; height: 24px;\"><\/div>         <\/div>             <div class=\"kksr-star\" data-star=\"3\" style=\"padding-right: 5px\">               <div class=\"kksr-icon\" style=\"width: 24px; height: 24px;\"><\/div>         <\/div>             <div class=\"kksr-star\" data-star=\"4\" style=\"padding-right: 5px\">               <div class=\"kksr-icon\" style=\"width: 24px; height: 24px;\"><\/div>         <\/div>             <div class=\"kksr-star\" data-star=\"5\" style=\"padding-right: 5px\">               <div class=\"kksr-icon\" style=\"width: 24px; height: 24px;\"><\/div>         <\/div>     <\/div>      <div class=\"kksr-stars-active\" style=\"width: 139.6px;\">             <div class=\"kksr-star\" style=\"padding-right: 5px\">               <div class=\"kksr-icon\" style=\"width: 24px; height: 24px;\"><\/div>         <\/div>             <div class=\"kksr-star\" style=\"padding-right: 5px\">               <div class=\"kksr-icon\" style=\"width: 24px; height: 24px;\"><\/div>         <\/div>             <div class=\"kksr-star\" style=\"padding-right: 5px\">               <div class=\"kksr-icon\" style=\"width: 24px; height: 24px;\"><\/div>         <\/div>             <div class=\"kksr-star\" style=\"padding-right: 5px\">               <div class=\"kksr-icon\" style=\"width: 24px; height: 24px;\"><\/div>         <\/div>             <div class=\"kksr-star\" style=\"padding-right: 5px\">               <div class=\"kksr-icon\" style=\"width: 24px; height: 24px;\"><\/div>         <\/div>     <\/div> <\/div>                   <div class=\"kksr-legend\" style=\"font-size: 19.2px;\">             4.9\/5 - (20 l\u01b0\u1ee3t b\u00ecnh ch\u1ecdn)    <\/div>     <\/div>  <p>Trong l\u0129nh v\u1ef1c n\u00f4ng nghi\u1ec7p v\u00e0 ch\u1ebf bi\u1ebfn th\u1ef1c ph\u1ea9m hi\u1ec7n \u0111\u1ea1i, hi\u1ec7u qu\u1ea3 v\u00e0 \u0111\u1ed9 ch\u00ednh x\u00e1c l\u00e0 h\u1ebft s\u1ee9c quan tr\u1ecdng. M\u00e1y ph\u00e2n lo\u1ea1i h\u1ea1t \u0111i\u1ec1u l\u00e0 m\u1ed9t tuy\u1ec7t t\u00e1c c\u01a1 kh\u00ed chuy\u00ean ph\u00e2n lo\u1ea1i h\u1ea1t \u0111i\u1ec1u m\u1ed9t c\u00e1ch t\u1ec9 m\u1ec9 d\u1ef1a tr\u00ean k\u00edch th\u01b0\u1edbc c\u1ee7a ch\u00fang. Thi\u1ebft b\u1ecb kh\u00e9o l\u00e9o n\u00e0y \u0111\u00f3ng vai tr\u00f2 then ch\u1ed1t trong ng\u00e0nh ch\u1ebf bi\u1ebfn h\u1ea1t \u0111i\u1ec1u, s\u1eed d\u1ee5ng thi\u1ebft k\u1ebf c\u01a1 kh\u00ed ch\u00ednh x\u00e1c v\u00e0 c\u00f4ng ngh\u1ec7 ti\u00ean ti\u1ebfn \u0111\u1ec3 ph\u00e2n lo\u1ea1i h\u1ea1t \u0111i\u1ec1u c\u00f3 k\u00edch c\u1ee1 kh\u00e1c nhau m\u1ed9t c\u00e1ch nhanh ch\u00f3ng v\u00e0 ch\u00ednh x\u00e1c. <\/p>    <p>D\u00f9 \u1edf quy m\u00f4 s\u1ea3n xu\u1ea5t l\u1edbn hay \u1edf c\u00e1c trang tr\u1ea1i nh\u1ecf h\u01a1n, m\u00e1y ph\u00e2n lo\u1ea1i n\u00e0y \u0111\u1ec1u n\u00e2ng cao \u0111\u00e1ng k\u1ec3 hi\u1ec7u qu\u1ea3 s\u1ea3n xu\u1ea5t \u0111\u1ed3ng th\u1eddi \u0111\u1ea3m b\u1ea3o t\u00ednh nh\u1ea5t qu\u00e1n v\u00e0 ti\u00eau chu\u1ea9n ch\u1ea5t l\u01b0\u1ee3ng. H\u00e3y tham gia c\u00f9ng ch\u00fang t\u00f4i khi ch\u00fang t\u00f4i \u0111i s\u00e2u v\u00e0o ho\u1ea1t \u0111\u1ed9ng c\u1ee7a c\u00f4ng c\u1ee5 kh\u00f4ng th\u1ec3 thi\u1ebfu n\u00e0y, kh\u00e1m ph\u00e1 vai tr\u00f2 quan tr\u1ecdng c\u1ee7a n\u00f3 trong ng\u00e0nh ch\u1ebf bi\u1ebfn h\u1ea1t \u0111i\u1ec1u.<\/p>    <figure class=\"wp-block-image size-full\"><img loading=\"lazy\" decoding=\"async\" width=\"720\" height=\"540\" src=\"https:\/\/topfoodmachine.com\/wp-content\/uploads\/2023\/11\/Cashew-nut-grading-machine-1.webp\" alt=\"M\u00e1y ph\u00e2n lo\u1ea1i h\u1ea1t \u0111i\u1ec1u\" class=\"wp-image-957\" srcset=\"https:\/\/topfoodmachine.com\/wp-content\/uploads\/2023\/11\/Cashew-nut-grading-machine-1.webp 720w, https:\/\/topfoodmachine.com\/wp-content\/uploads\/2023\/11\/Cashew-nut-grading-machine-1-300x225.webp 300w\" sizes=\"auto, (max-width: 720px) 100vw, 720px\" \/><figcaption class=\"wp-element-caption\">M\u00e1y ph\u00e2n lo\u1ea1i h\u1ea1t \u0111i\u1ec1u<\/figcaption><\/figure>    <h2 class=\"wp-block-heading\">\u01afu \u0111i\u1ec3m c\u1ee7a m\u00e1y ph\u00e2n lo\u1ea1i h\u1ea1t \u0111i\u1ec1u<\/h2>    <ol class=\"wp-block-list\"> <li><strong>S\u1eafp x\u1ebfp ch\u00ednh x\u00e1c:<\/strong> M\u00e1y cung c\u1ea5p kh\u1ea3 n\u0103ng ph\u00e2n lo\u1ea1i ch\u00ednh x\u00e1c v\u00e0 nh\u1ea5t qu\u00e1n d\u1ef1a tr\u00ean c\u00e1c ti\u00eau ch\u00ed \u0111\u1ecbnh s\u1eb5n, \u0111\u1ea3m b\u1ea3o s\u1ef1 \u0111\u1ed3ng nh\u1ea5t v\u1ec1 k\u00edch th\u01b0\u1edbc, h\u00ecnh d\u1ea1ng v\u00e0 ch\u1ea5t l\u01b0\u1ee3ng h\u1ea1t \u0111i\u1ec1u.<\/li>    <li><strong>T\u0103ng hi\u1ec7u qu\u1ea3:<\/strong> N\u00f3 t\u1ef1 \u0111\u1ed9ng h\u00f3a qu\u00e1 tr\u00ecnh ph\u00e2n lo\u1ea1i, gi\u1ea3m \u0111\u00e1ng k\u1ec3 th\u1eddi gian v\u00e0 nh\u00e2n c\u00f4ng c\u1ea7n thi\u1ebft so v\u1edbi vi\u1ec7c ph\u00e2n lo\u1ea1i th\u1ee7 c\u00f4ng. \u0110i\u1ec1u n\u00e0y d\u1eabn \u0111\u1ebfn th\u00f4ng l\u01b0\u1ee3ng cao h\u01a1n v\u00e0 t\u0103ng n\u0103ng su\u1ea5t t\u1ed5ng th\u1ec3.<\/li>    <li><strong>Gi\u1ea3m chi ph\u00ed lao \u0111\u1ed9ng:<\/strong> B\u1eb1ng c\u00e1ch t\u1ef1 \u0111\u1ed9ng h\u00f3a qu\u00e1 tr\u00ecnh ph\u00e2n lo\u1ea1i, doanh nghi\u1ec7p c\u00f3 th\u1ec3 gi\u1ea3m s\u1ef1 ph\u1ee5 thu\u1ed9c v\u00e0o lao \u0111\u1ed9ng th\u1ee7 c\u00f4ng, d\u1eabn \u0111\u1ebfn ti\u1ebft ki\u1ec7m chi ph\u00ed v\u1ec1 l\u00e2u d\u00e0i.<\/li>    <li><strong>C\u1ea3i thi\u1ec7n ki\u1ec3m so\u00e1t ch\u1ea5t l\u01b0\u1ee3ng:<\/strong> M\u00e1y gi\u00fap duy tr\u00ec ti\u00eau chu\u1ea9n ch\u1ea5t l\u01b0\u1ee3ng cao b\u1eb1ng c\u00e1ch \u00e1p d\u1ee5ng nh\u1ea5t qu\u00e1n c\u00e1c ti\u00eau ch\u00ed ph\u00e2n lo\u1ea1i gi\u1ed1ng nhau, gi\u1ea3m kh\u1ea3 n\u0103ng x\u1ea3y ra l\u1ed7i c\u1ee7a con ng\u01b0\u1eddi.<\/li>    <li><strong>Gi\u1ea3m ch\u1ea5t th\u1ea3i:<\/strong> N\u00f3 gi\u1ea3m thi\u1ec3u kh\u1ea3 n\u0103ng \u0111\u01b0a h\u1ea1t \u0111i\u1ec1u b\u1ecb l\u1ed7i ho\u1eb7c kh\u00f4ng \u0111\u1ea1t ti\u00eau chu\u1ea9n v\u00e0o s\u1ea3n ph\u1ea9m cu\u1ed1i c\u00f9ng, d\u1eabn \u0111\u1ebfn \u00edt ch\u1ea5t th\u1ea3i h\u01a1n v\u00e0 n\u0103ng su\u1ea5t t\u1ed5ng th\u1ec3 cao h\u01a1n.<\/li>    <li><strong>T\u00ednh linh ho\u1ea1t v\u00e0 t\u00f9y bi\u1ebfn:<\/strong> Nhi\u1ec1u m\u00e1y ph\u00e2n lo\u1ea1i cung c\u1ea5p c\u00e1c c\u00e0i \u0111\u1eb7t c\u00f3 th\u1ec3 \u0111i\u1ec1u ch\u1ec9nh, cho ph\u00e9p ng\u01b0\u1eddi v\u1eadn h\u00e0nh \u0111i\u1ec1u ch\u1ec9nh c\u00e1c ti\u00eau ch\u00ed ph\u00e2n lo\u1ea1i \u0111\u1ec3 \u0111\u00e1p \u1ee9ng c\u00e1c y\u00eau c\u1ea7u c\u1ee5 th\u1ec3 v\u00e0 th\u00edch \u1ee9ng v\u1edbi nhu c\u1ea7u thay \u0111\u1ed5i c\u1ee7a th\u1ecb tr\u01b0\u1eddng.<\/li>    <li><strong>V\u1ec7 sinh v\u00e0 v\u1ec7 sinh:<\/strong> M\u00e1y ph\u00e2n lo\u1ea1i hi\u1ec7n \u0111\u1ea1i \u0111\u01b0\u1ee3c thi\u1ebft k\u1ebf v\u1edbi c\u00e1c v\u1eadt li\u1ec7u v\u00e0 t\u00ednh n\u0103ng d\u1ec5 l\u00e0m s\u1ea1ch, gi\u00fap duy tr\u00ec m\u1ee9c \u0111\u1ed9 v\u1ec7 sinh v\u00e0 v\u1ec7 sinh cao trong m\u00f4i tr\u01b0\u1eddng ch\u1ebf bi\u1ebfn.<\/li>    <li><strong>T\u0103ng gi\u00e1 tr\u1ecb s\u1ea3n ph\u1ea9m:<\/strong> B\u1eb1ng c\u00e1ch \u0111\u1ea3m b\u1ea3o r\u1eb1ng ch\u1ec9 c\u00f3 h\u1ea1t \u0111i\u1ec1u ch\u1ea5t l\u01b0\u1ee3ng cao m\u1edbi \u0111\u01b0\u1ee3c \u0111\u01b0a v\u00e0o s\u1ea3n ph\u1ea9m cu\u1ed1i c\u00f9ng, doanh nghi\u1ec7p c\u00f3 th\u1ec3 \u0111\u1eb7t gi\u00e1 cao h\u01a1n tr\u00ean th\u1ecb tr\u01b0\u1eddng, cu\u1ed1i c\u00f9ng d\u1eabn \u0111\u1ebfn t\u0103ng l\u1ee3i nhu\u1eadn.<\/li> <\/ol>    <figure class=\"wp-block-image size-full\"><img loading=\"lazy\" decoding=\"async\" width=\"720\" height=\"540\" src=\"https:\/\/topfoodmachine.com\/wp-content\/uploads\/2023\/11\/Cashew-nut-grading-machine-for-sale.webp\" alt=\"C\u1ea7n b\u00e1n m\u00e1y ph\u00e2n lo\u1ea1i h\u1ea1t \u0111i\u1ec1u\" class=\"wp-image-958\" srcset=\"https:\/\/topfoodmachine.com\/wp-content\/uploads\/2023\/11\/Cashew-nut-grading-machine-for-sale.webp 720w, https:\/\/topfoodmachine.com\/wp-content\/uploads\/2023\/11\/Cashew-nut-grading-machine-for-sale-300x225.webp 300w\" sizes=\"auto, (max-width: 720px) 100vw, 720px\" \/><figcaption class=\"wp-element-caption\">C\u1ea7n b\u00e1n m\u00e1y ph\u00e2n lo\u1ea1i h\u1ea1t \u0111i\u1ec1u<\/figcaption><\/figure>    <h2 class=\"wp-block-heading\">C\u00e1c lo\u1ea1i m\u00e1y ph\u00e2n lo\u1ea1i h\u1ea1t \u0111i\u1ec1u<\/h2>    <h3 class=\"wp-block-heading\">1. M\u00e1y ph\u00e2n lo\u1ea1i h\u1ea1t \u0111i\u1ec1u nhi\u1ec1u con l\u0103n<\/h3>    <p>M\u00e1y ph\u00e2n lo\u1ea1i h\u1ea1t \u0111i\u1ec1u nhi\u1ec1u con l\u0103n \u0111\u01b0\u1ee3c thi\u1ebft k\u1ebf \u0111\u1eb7c bi\u1ec7t \u0111\u1ec3 ph\u00e2n lo\u1ea1i h\u1ea1t \u0111i\u1ec1u d\u1ef1a tr\u00ean k\u00edch c\u1ee1. N\u00f3 bao g\u1ed3m ba l\u1edbp: con l\u0103n tr\u00ean, gi\u1eefa v\u00e0 d\u01b0\u1edbi. Nguy\u00ean t\u1eafc c\u01a1 b\u1ea3n li\u00ean quan \u0111\u1ebfn vi\u1ec7c \u0111i\u1ec1u ch\u1ec9nh kho\u1ea3ng c\u00e1ch gi\u1eefa m\u1ed7i b\u1ed9 con l\u0103n \u0111\u1ec3 ph\u00e2n t\u00e1ch c\u00e1c h\u1ea1t nh\u00e2n theo k\u00edch c\u1ee1. Do s\u1ef1 ph\u00e1t tri\u1ec3n c\u1ee7a h\u1ea1t \u0111i\u1ec1u kh\u00f4ng \u0111\u1ed3ng \u0111\u1ec1u n\u00ean ch\u00fang th\u01b0\u1eddng \u0111\u01b0\u1ee3c ph\u00e2n th\u00e0nh 3 c\u1ea5p \u0111\u1ed9: nh\u00e2n l\u1edbn, nh\u00e2n v\u1eeba v\u00e0 nh\u00e2n nh\u1ecf.<\/p>    <p>M\u00e1y n\u00e0y \u0111\u00f3ng m\u1ed9t vai tr\u00f2 quan tr\u1ecdng trong qu\u00e1 tr\u00ecnh ch\u1ebf bi\u1ebfn h\u1ea1t \u0111i\u1ec1u. \u01afu \u0111i\u1ec3m c\u1ee7a n\u00f3 bao g\u1ed3m:<\/p>    <ol class=\"wp-block-list\"> <li><strong>Ph\u00e2n lo\u1ea1i ch\u00ednh x\u00e1c:<\/strong> Thi\u1ebft k\u1ebf nhi\u1ec1u con l\u0103n cho ph\u00e9p qu\u00e1 tr\u00ecnh ph\u00e2n lo\u1ea1i ch\u00ednh x\u00e1c h\u01a1n, \u0111\u1ea3m b\u1ea3o t\u00ednh nh\u1ea5t qu\u00e1n v\u1ec1 k\u00edch th\u01b0\u1edbc h\u1ea1t nh\u00e2n trong m\u1ed7i lo\u1ea1i.<\/li>    <li><strong>Uy\u1ec3n chuy\u1ec3n:<\/strong> B\u1eb1ng c\u00e1ch \u0111i\u1ec1u ch\u1ec9nh kho\u1ea3ng c\u00e1ch gi\u1eefa c\u00e1c con l\u0103n, ti\u00eau ch\u00ed ph\u00e2n lo\u1ea1i c\u00f3 th\u1ec3 \u0111\u01b0\u1ee3c t\u00f9y ch\u1ec9nh \u0111\u1ec3 ph\u00f9 h\u1ee3p v\u1edbi c\u00e1c l\u00f4 h\u1ea1t \u0111i\u1ec1u kh\u00e1c nhau.<\/li>    <li><strong>Hi\u1ec7u qu\u1ea3 cao:<\/strong> M\u00e1y c\u00f3 c\u1ea5u tr\u00fac \u0111\u01a1n gi\u1ea3n, d\u1ec5 v\u1eadn h\u00e0nh, cho ph\u00e9p x\u1eed l\u00fd nhanh ch\u00f3ng s\u1ed1 l\u01b0\u1ee3ng l\u1edbn nh\u00e2n \u0111i\u1ec1u.<\/li> <\/ol>    <figure class=\"wp-block-table\"><table><tbody><tr><td>Dung t\u00edch<\/td><td>Quy\u1ec1n l\u1ef1c<\/td><td>V\u00f4n<\/td><td>K\u00edch c\u1ee1<\/td><td>C\u00e2n n\u1eb7ng<\/td><\/tr><tr><td>300-400kg\/gi\u1edd<\/td><td>1,1kw<\/td><td>380v<\/td><td>2,3 * 0,8 * 1,6m<\/td><td>180kg<\/td><\/tr><\/tbody><\/table><\/figure>    <figure class=\"wp-block-gallery has-nested-images columns-default is-cropped wp-block-gallery-2 is-layout-flex wp-block-gallery-is-layout-flex\"> <figure class=\"wp-block-image size-large\"><img loading=\"lazy\" decoding=\"async\" width=\"720\" height=\"540\" data-id=\"959\" src=\"https:\/\/topfoodmachine.com\/wp-content\/uploads\/2023\/11\/Cashew-nut-grader-machine.webp\" alt=\"M\u00e1y ph\u00e2n lo\u1ea1i h\u1ea1t \u0111i\u1ec1u\" class=\"wp-image-959\" srcset=\"https:\/\/topfoodmachine.com\/wp-content\/uploads\/2023\/11\/Cashew-nut-grader-machine.webp 720w, https:\/\/topfoodmachine.com\/wp-content\/uploads\/2023\/11\/Cashew-nut-grader-machine-300x225.webp 300w\" sizes=\"auto, (max-width: 720px) 100vw, 720px\" \/><figcaption class=\"wp-element-caption\">M\u00e1y ph\u00e2n lo\u1ea1i h\u1ea1t \u0111i\u1ec1u<\/figcaption><\/figure>    <figure class=\"wp-block-image size-large\"><img loading=\"lazy\" decoding=\"async\" width=\"720\" height=\"540\" data-id=\"960\" src=\"https:\/\/topfoodmachine.com\/wp-content\/uploads\/2023\/11\/Cashew-nut-grader.webp\" alt=\"M\u00e1y ph\u00e2n lo\u1ea1i h\u1ea1t \u0111i\u1ec1u\" class=\"wp-image-960\" srcset=\"https:\/\/topfoodmachine.com\/wp-content\/uploads\/2023\/11\/Cashew-nut-grader.webp 720w, https:\/\/topfoodmachine.com\/wp-content\/uploads\/2023\/11\/Cashew-nut-grader-300x225.webp 300w\" sizes=\"auto, (max-width: 720px) 100vw, 720px\" \/><figcaption class=\"wp-element-caption\">M\u00e1y ph\u00e2n lo\u1ea1i h\u1ea1t \u0111i\u1ec1u<\/figcaption><\/figure> <\/figure>    <h3 class=\"wp-block-heading\">2. M\u00e1y ph\u00e2n lo\u1ea1i h\u1ea1t \u0111i\u1ec1u b\u1eb1ng tr\u1ed1ng quay<\/h3>    <p>M\u00e1y ph\u00e2n lo\u1ea1i h\u1ea1t \u0111i\u1ec1u d\u1ea1ng tr\u1ed1ng quay bao g\u1ed3m c\u00e1c b\u1ed9 ph\u1eadn truy\u1ec1n \u0111\u1ed9ng, k\u1ebft c\u1ea5u tr\u1ed1ng v\u00e0 khung. T\u01b0\u01a1ng t\u1ef1 nh\u01b0 lo\u1ea1i nhi\u1ec1u tr\u1ee5c l\u0103n, lo\u1ea1i m\u00e1y n\u00e0y chuy\u00ean d\u00f9ng \u0111\u1ec3 ph\u00e2n lo\u1ea1i nh\u00e2n \u0111i\u1ec1u theo k\u00edch c\u1ee1. Tuy nhi\u00ean, nguy\u00ean l\u00fd ho\u1ea1t \u0111\u1ed9ng v\u00e0 c\u1ea5u tr\u00fac c\u1ee7a n\u00f3 h\u01a1i kh\u00e1c nhau.<\/p>    <p>T\u01b0\u01a1ng t\u1ef1, do h\u1ea1t \u0111i\u1ec1u ph\u00e1t tri\u1ec3n kh\u00f4ng \u0111\u1ed3ng \u0111\u1ec1u n\u00ean h\u1ea1t nh\u00e2n th\u01b0\u1eddng \u0111\u01b0\u1ee3c ph\u00e2n lo\u1ea1i th\u00e0nh 3 c\u1ea5p \u0111\u1ed9. M\u00e1y n\u00e0y c\u00f3 th\u1ec3 \u0111\u01b0\u1ee3c t\u00f9y ch\u1ec9nh \u0111\u1ec3 \u0111\u00e1p \u1ee9ng c\u00e1c y\u00eau c\u1ea7u x\u1eed l\u00fd c\u1ee5 th\u1ec3 cho c\u00e1c l\u00f4 h\u1ea1t \u0111i\u1ec1u kh\u00e1c nhau.<\/p>    <p>\u01afu \u0111i\u1ec3m c\u1ee7a M\u00e1y ph\u00e2n lo\u1ea1i h\u1ea1t \u0111i\u1ec1u b\u1eb1ng tr\u1ed1ng quay bao g\u1ed3m:<\/p>    <ol class=\"wp-block-list\"> <li><strong>Ph\u00e2n lo\u1ea1i hi\u1ec7u qu\u1ea3:<\/strong> C\u1ea5u tr\u00fac tr\u1ed1ng quay cho ph\u00e9p ph\u00e2n lo\u1ea1i nhanh ch\u00f3ng v\u00e0 ch\u00ednh x\u00e1c, n\u00e2ng cao hi\u1ec7u qu\u1ea3 s\u1ea3n xu\u1ea5t t\u1ed5ng th\u1ec3.<\/li>    <li><strong>T\u00f9y ch\u1ec9nh:<\/strong> N\u00f3 c\u00f3 th\u1ec3 \u0111\u01b0\u1ee3c t\u00f9y ch\u1ec9nh d\u1ef1a tr\u00ean y\u00eau c\u1ea7u c\u1ee7a kh\u00e1ch h\u00e0ng \u0111\u1ec3 ph\u00f9 h\u1ee3p v\u1edbi c\u00e1c l\u00f4 v\u00e0 lo\u1ea1i h\u1ea1t \u0111i\u1ec1u kh\u00e1c nhau.<\/li>    <li><strong>T\u00ednh \u1ed5n \u0111\u1ecbnh v\u00e0 \u0111\u1ed9 tin c\u1eady:<\/strong> V\u1edbi c\u1ea5u tr\u00fac v\u00e0 khung truy\u1ec1n \u0111\u1ed9ng \u0111\u00e1ng tin c\u1eady, m\u00e1y \u0111\u1ea3m b\u1ea3o s\u1ef1 \u1ed5n \u0111\u1ecbnh v\u00e0 b\u1ec1n b\u1ec9.<\/li> <\/ol>    <figure class=\"wp-block-table\"><table><tbody><tr><td>Dung t\u00edch<\/td><td>Quy\u1ec1n l\u1ef1c<\/td><td>V\u00f4n<\/td><td>K\u00edch c\u1ee1<\/td><td>C\u00e2n n\u1eb7ng<\/td><\/tr><tr><td>400-500kg\/gi\u1edd<\/td><td>0,75kw<\/td><td>380v<\/td><td>2*0.8*1.4m<\/td><td>300kg<\/td><\/tr><\/tbody><\/table><\/figure>    <figure class=\"wp-block-gallery has-nested-images columns-default is-cropped wp-block-gallery-3 is-layout-flex wp-block-gallery-is-layout-flex\"> <figure class=\"wp-block-image size-large\"><img loading=\"lazy\" decoding=\"async\" width=\"720\" height=\"540\" data-id=\"962\" src=\"https:\/\/topfoodmachine.com\/wp-content\/uploads\/2023\/11\/industrial-Cashew-nut-grading-machine.webp\" alt=\"m\u00e1y ph\u00e2n lo\u1ea1i h\u1ea1t \u0111i\u1ec1u c\u00f4ng nghi\u1ec7p\" class=\"wp-image-962\" srcset=\"https:\/\/topfoodmachine.com\/wp-content\/uploads\/2023\/11\/industrial-Cashew-nut-grading-machine.webp 720w, https:\/\/topfoodmachine.com\/wp-content\/uploads\/2023\/11\/industrial-Cashew-nut-grading-machine-300x225.webp 300w\" sizes=\"auto, (max-width: 720px) 100vw, 720px\" \/><figcaption class=\"wp-element-caption\">m\u00e1y ph\u00e2n lo\u1ea1i h\u1ea1t \u0111i\u1ec1u c\u00f4ng nghi\u1ec7p<\/figcaption><\/figure>    <figure class=\"wp-block-image size-large\"><img loading=\"lazy\" decoding=\"async\" width=\"720\" height=\"540\" data-id=\"961\" src=\"https:\/\/topfoodmachine.com\/wp-content\/uploads\/2023\/11\/Cashew-nut-grading-machine-with-good-price.webp\" alt=\"M\u00e1y ph\u00e2n lo\u1ea1i h\u1ea1t \u0111i\u1ec1u gi\u00e1 t\u1ed1t\" class=\"wp-image-961\" srcset=\"https:\/\/topfoodmachine.com\/wp-content\/uploads\/2023\/11\/Cashew-nut-grading-machine-with-good-price.webp 720w, https:\/\/topfoodmachine.com\/wp-content\/uploads\/2023\/11\/Cashew-nut-grading-machine-with-good-price-300x225.webp 300w\" sizes=\"auto, (max-width: 720px) 100vw, 720px\" \/><figcaption class=\"wp-element-caption\">M\u00e1y ph\u00e2n lo\u1ea1i h\u1ea1t \u0111i\u1ec1u gi\u00e1 t\u1ed1t<\/figcaption><\/figure> <\/figure>    <p>C\u1ea3 hai m\u1eabu m\u00e1y n\u00e0y \u0111\u1ec1u \u0111\u00f3ng vai tr\u00f2 quan tr\u1ecdng trong ng\u00e0nh ch\u1ebf bi\u1ebfn h\u1ea1t \u0111i\u1ec1u, n\u00e2ng cao hi\u1ec7u qu\u1ea3 s\u1ea3n xu\u1ea5t v\u00e0 ch\u1ea5t l\u01b0\u1ee3ng s\u1ea3n ph\u1ea9m, cu\u1ed1i c\u00f9ng gi\u00fap qu\u00e1 tr\u00ecnh ch\u1ebf bi\u1ebfn h\u1ea1t \u0111i\u1ec1u tr\u1edf n\u00ean hi\u1ec7u qu\u1ea3 v\u00e0 ch\u00ednh x\u00e1c h\u01a1n.<\/p>    <h2 class=\"wp-block-heading\">Quy tr\u00ecnh l\u00e0m vi\u1ec7c c\u1ee7a m\u00e1y ph\u00e2n lo\u1ea1i h\u1ea1t \u0111i\u1ec1u<\/h2>    <ol class=\"wp-block-list\"> <li><strong>Tr\u01b0\u1edbc khi b\u1eadt ngu\u1ed3n, tr\u01b0\u1edbc ti\u00ean h\u00e3y ki\u1ec3m tra xem t\u1ea5t c\u1ea3 c\u00e1c c\u01a1 c\u1ea5u truy\u1ec1n \u0111\u1ed9ng v\u00e0 m\u1ea1ch \u0111i\u1ec7n c\u00f3 ho\u1ea1t \u0111\u1ed9ng b\u00ecnh th\u01b0\u1eddng kh\u00f4ng.<\/strong><\/li>    <li><strong>B\u1eadt ngu\u1ed3n v\u00e0 xoay theo h\u01b0\u1edbng m\u0169i t\u00ean ch\u1ec9.<\/strong><\/li>    <li><strong>\u0110i\u1ec1u ch\u1ec9nh c\u00e1c con l\u0103n tr\u00ean, gi\u1eefa v\u00e0 d\u01b0\u1edbi c\u0169ng nh\u01b0 kho\u1ea3ng c\u00e1ch gi\u1eefa c\u00e1c con l\u0103n d\u1ef1a tr\u00ean chi\u1ec1u r\u1ed9ng c\u1ee7a h\u1ea1t \u0111i\u1ec1u.<\/strong><\/li>    <li><strong>\u0110\u1ed5 nh\u00e2n \u0111i\u1ec1u li\u00ean t\u1ee5c v\u00e0o ph\u1ec5u c\u1ea5p li\u1ec7u, \u0111i\u1ec1u ch\u1ec9nh k\u00edch th\u01b0\u1edbc c\u1ed5ng c\u1ea5p li\u1ec7u \u0111\u1ea3m b\u1ea3o nh\u00e2n \u0111i\u1ec1u v\u00e0o khe gi\u1eefa hai con l\u0103n \u0111\u1ec1u. Ch\u00fang s\u1ebd l\u0103n t\u1eeb \u0111\u1ea7u n\u1ea1p \u0111\u1ebfn \u0111\u1ea7u x\u1ea3. H\u1ea1t l\u1edbn \u0111i ra t\u1eeb c\u1eeda x\u1ea3 ph\u00eda tr\u01b0\u1edbc, trong khi h\u1ea1t v\u1eeba v\u00e0 nh\u1ecf r\u01a1i qua khe h\u1edf gi\u1eefa hai con l\u0103n \u0111\u1ec3 ph\u00e2n lo\u1ea1i ti\u1ebfp. L\u1eb7p l\u1ea1i qu\u00e1 tr\u00ecnh n\u00e0y \u0111\u1ec3 \u0111\u1ea1t \u0111\u01b0\u1ee3c hi\u1ec7u qu\u1ea3 ph\u00e2n lo\u1ea1i.<\/strong><\/li>    <li><strong>C\u00f3 m\u1ed9t ph\u1ec5u t\u01b0\u01a1ng \u1ee9ng d\u01b0\u1edbi m\u1ed7i con l\u0103n ph\u00e2n lo\u1ea1i \u0111\u1ec3 thu th\u1eadp c\u00e1c h\u1ea1t \u0111\u00e3 \u0111\u01b0\u1ee3c ph\u00e2n lo\u1ea1i, ng\u0103n ch\u1eb7n vi\u1ec7c tr\u1ed9n l\u1eabn c\u00e1c lo\u1ea1i h\u1ea1t kh\u00e1c nhau.<\/strong><\/li>    <li><strong>Sau khi s\u1eed d\u1ee5ng m\u1ed9t th\u1eddi gian, h\u00e3y th\u01b0\u1eddng xuy\u00ean ki\u1ec3m tra xem t\u1ea5t c\u1ea3 c\u00e1c c\u01a1 c\u1ea5u truy\u1ec1n \u0111\u1ed9ng v\u00e0 m\u1ea1ch \u0111i\u1ec7n c\u00f3 ho\u1ea1t \u0111\u1ed9ng b\u00ecnh th\u01b0\u1eddng hay kh\u00f4ng \u0111\u1ec3 tr\u00e1nh b\u1ea5t k\u1ef3 s\u1ef1 gi\u00e1n \u0111o\u1ea1n n\u00e0o \u0111\u1ed1i v\u1edbi ho\u1ea1t \u0111\u1ed9ng b\u00ecnh th\u01b0\u1eddng.<\/strong><\/li> <\/ol>    <figure class=\"wp-block-image size-full\"><img loading=\"lazy\" decoding=\"async\" width=\"720\" height=\"540\" src=\"https:\/\/topfoodmachine.com\/wp-content\/uploads\/2023\/11\/Cashew-nut-grader-for-business.webp\" alt=\"M\u00e1y ph\u00e2n lo\u1ea1i h\u1ea1t \u0111i\u1ec1u d\u00e0nh cho doanh nghi\u1ec7p\" class=\"wp-image-963\" srcset=\"https:\/\/topfoodmachine.com\/wp-content\/uploads\/2023\/11\/Cashew-nut-grader-for-business.webp 720w, https:\/\/topfoodmachine.com\/wp-content\/uploads\/2023\/11\/Cashew-nut-grader-for-business-300x225.webp 300w\" sizes=\"auto, (max-width: 720px) 100vw, 720px\" \/><figcaption class=\"wp-element-caption\">M\u00e1y ph\u00e2n lo\u1ea1i h\u1ea1t \u0111i\u1ec1u d\u00e0nh cho doanh nghi\u1ec7p<\/figcaption><\/figure>    <p><\/p>    <p><\/p>    <p><\/p>","protected":false},"excerpt":{"rendered":"<p>M\u00e1y ph\u00e2n lo\u1ea1i h\u1ea1t \u0111i\u1ec1u l\u00e0 m\u1ed9t tuy\u1ec7t t\u00e1c c\u01a1 kh\u00ed chuy\u00ean ph\u00e2n lo\u1ea1i h\u1ea1t \u0111i\u1ec1u m\u1ed9t c\u00e1ch t\u1ec9 m\u1ec9 d\u1ef1a tr\u00ean k\u00edch th\u01b0\u1edbc c\u1ee7a ch\u00fang.<\/p>","protected":false},"author":1,"featured_media":956,"parent":0,"template":"","tags":[],"product-type":[5],"class_list":["post-955","product","type-product","status-publish","has-post-thumbnail","hentry","product-type-nuts-processing-machine"],"_links":{"self":[{"href":"https:\/\/topfoodmachine.com\/vi\/wp-json\/wp\/v2\/product\/955","targetHints":{"allow":["GET"]}}],"collection":[{"href":"https:\/\/topfoodmachine.com\/vi\/wp-json\/wp\/v2\/product"}],"about":[{"href":"https:\/\/topfoodmachine.com\/vi\/wp-json\/wp\/v2\/types\/product"}],"author":[{"embeddable":true,"href":"https:\/\/topfoodmachine.com\/vi\/wp-json\/wp\/v2\/users\/1"}],"wp:featuredmedia":[{"embeddable":true,"href":"https:\/\/topfoodmachine.com\/vi\/wp-json\/wp\/v2\/media\/956"}],"wp:attachment":[{"href":"https:\/\/topfoodmachine.com\/vi\/wp-json\/wp\/v2\/media?parent=955"}],"wp:term":[{"taxonomy":"post_tag","embeddable":true,"href":"https:\/\/topfoodmachine.com\/vi\/wp-json\/wp\/v2\/tags?post=955"},{"taxonomy":"product-type","embeddable":true,"href":"https:\/\/topfoodmachine.com\/vi\/wp-json\/wp\/v2\/product-type?post=955"}],"curies":[{"name":"wp","href":"https:\/\/api.w.org\/{rel}","templated":true}]}}