{"id":905,"date":"2023-11-03T13:44:55","date_gmt":"2023-11-03T05:44:55","guid":{"rendered":"https:\/\/topfoodmachine.com\/?post_type=product&#038;p=905"},"modified":"2023-11-21T17:57:46","modified_gmt":"2023-11-21T09:57:46","slug":"peanut-half-cutting-machine","status":"publish","type":"product","link":"https:\/\/topfoodmachine.com\/vi\/product\/peanut-half-cutting-machine\/","title":{"rendered":"M\u00e1y c\u1eaft n\u1eeda qu\u1ea3 \u0111\u1eadu ph\u1ed9ng"},"content":{"rendered":"<div class=\"kk-star-ratings kksr-auto kksr-align-left kksr-valign-top\"     data-payload='{&quot;align&quot;:&quot;left&quot;,&quot;id&quot;:&quot;905&quot;,&quot;slug&quot;:&quot;default&quot;,&quot;valign&quot;:&quot;top&quot;,&quot;ignore&quot;:&quot;&quot;,&quot;reference&quot;:&quot;auto&quot;,&quot;class&quot;:&quot;&quot;,&quot;count&quot;:&quot;10&quot;,&quot;legendonly&quot;:&quot;&quot;,&quot;readonly&quot;:&quot;&quot;,&quot;score&quot;:&quot;4.6&quot;,&quot;starsonly&quot;:&quot;&quot;,&quot;best&quot;:&quot;5&quot;,&quot;gap&quot;:&quot;5&quot;,&quot;greet&quot;:&quot;Rate this product&quot;,&quot;legend&quot;:&quot;4.6\\\/5 - (10 b\u00ecnh ch\u1ecdn)&quot;,&quot;size&quot;:&quot;24&quot;,&quot;title&quot;:&quot;Peanut half cutting machine&quot;,&quot;width&quot;:&quot;130.9&quot;,&quot;_legend&quot;:&quot;{score}\\\/{best} - ({count} {votes})&quot;,&quot;font_factor&quot;:&quot;1.25&quot;}'>              <div class=\"kksr-stars\">      <div class=\"kksr-stars-inactive\">             <div class=\"kksr-star\" data-star=\"1\" style=\"padding-right: 5px\">               <div class=\"kksr-icon\" style=\"width: 24px; height: 24px;\"><\/div>         <\/div>             <div class=\"kksr-star\" data-star=\"2\" style=\"padding-right: 5px\">               <div class=\"kksr-icon\" style=\"width: 24px; height: 24px;\"><\/div>         <\/div>             <div class=\"kksr-star\" data-star=\"3\" style=\"padding-right: 5px\">               <div class=\"kksr-icon\" style=\"width: 24px; height: 24px;\"><\/div>         <\/div>             <div class=\"kksr-star\" data-star=\"4\" style=\"padding-right: 5px\">               <div class=\"kksr-icon\" style=\"width: 24px; height: 24px;\"><\/div>         <\/div>             <div class=\"kksr-star\" data-star=\"5\" style=\"padding-right: 5px\">               <div class=\"kksr-icon\" style=\"width: 24px; height: 24px;\"><\/div>         <\/div>     <\/div>      <div class=\"kksr-stars-active\" style=\"width: 130.9px;\">             <div class=\"kksr-star\" style=\"padding-right: 5px\">               <div class=\"kksr-icon\" style=\"width: 24px; height: 24px;\"><\/div>         <\/div>             <div class=\"kksr-star\" style=\"padding-right: 5px\">               <div class=\"kksr-icon\" style=\"width: 24px; height: 24px;\"><\/div>         <\/div>             <div class=\"kksr-star\" style=\"padding-right: 5px\">               <div class=\"kksr-icon\" style=\"width: 24px; height: 24px;\"><\/div>         <\/div>             <div class=\"kksr-star\" style=\"padding-right: 5px\">               <div class=\"kksr-icon\" style=\"width: 24px; height: 24px;\"><\/div>         <\/div>             <div class=\"kksr-star\" style=\"padding-right: 5px\">               <div class=\"kksr-icon\" style=\"width: 24px; height: 24px;\"><\/div>         <\/div>     <\/div> <\/div>                   <div class=\"kksr-legend\" style=\"font-size: 19.2px;\">             4.6\/5 - (10 l\u01b0\u1ee3t b\u00ecnh ch\u1ecdn)    <\/div>     <\/div>  <p>Trong l\u0129nh v\u1ef1c ch\u1ebf bi\u1ebfn h\u1ea1t, \u0111\u1ed9 ch\u00ednh x\u00e1c v\u00e0 hi\u1ec7u qu\u1ea3 l\u00e0 \u0111i\u1ec1u t\u1ed1i quan tr\u1ecdng. H\u00e3y tham gia M\u00e1y c\u1eaft n\u1eeda \u0111\u1eadu ph\u1ed9ng, m\u1ed9t c\u1ea3i ti\u1ebfn ti\u00ean ti\u1ebfn \u0111\u01b0\u1ee3c thi\u1ebft k\u1ebf \u0111\u1ec3 c\u00e1ch m\u1ea1ng h\u00f3a c\u00e1ch ch\u1ebf bi\u1ebfn \u0111\u1eadu ph\u1ed9ng cho c\u00e1c \u1ee9ng d\u1ee5ng \u1ea9m th\u1ef1c kh\u00e1c nhau. Thi\u1ebft b\u1ecb ph\u1ee9c t\u1ea1p n\u00e0y \u0111\u01b0\u1ee3c thi\u1ebft k\u1ebf t\u1ec9 m\u1ec9 \u0111\u1ec3 mang l\u1ea1i nh\u1eefng \u0111\u01b0\u1eddng c\u1eaft ch\u00ednh x\u00e1c v\u00e0 \u0111\u1ed3ng \u0111\u1ec1u, \u0111\u1ea3m b\u1ea3o ch\u1ea5t l\u01b0\u1ee3ng v\u00e0 t\u00ednh nh\u1ea5t qu\u00e1n t\u1ed1i \u01b0u trong m\u1ed7i m\u1ebb c\u1eaft.<\/p>    <p>M\u00e1y c\u1eaft \u0111\u1eadu ph\u1ed9ng n\u1eeda \u0111\u01b0\u1ee3c trang b\u1ecb c\u00f4ng ngh\u1ec7 ti\u00ean ti\u1ebfn, c\u00f3 kh\u1ea3 n\u0103ng x\u1eed l\u00fd kh\u1ed1i l\u01b0\u1ee3ng l\u1edbn \u0111\u1eadu ph\u1ed9ng m\u1ed9t c\u00e1ch d\u1ec5 d\u00e0ng. Ho\u1ea1t \u0111\u1ed9ng t\u1ed1c \u0111\u1ed9 cao v\u00e0 c\u00e1c c\u00e0i \u0111\u1eb7t t\u00f9y ch\u1ec9nh cho ph\u00e9p ch\u1ebf bi\u1ebfn theo y\u00eau c\u1ea7u, \u0111\u00e1p \u1ee9ng c\u00e1c y\u00eau c\u1ea7u \u0111a d\u1ea1ng trong ng\u00e0nh th\u1ef1c ph\u1ea9m. D\u00f9 l\u00e0 cho k\u1eb9o, n\u01b0\u1edbng b\u00e1nh hay c\u00e1c d\u1ef1 \u00e1n \u1ea9m th\u1ef1c, m\u00e1y n\u00e0y h\u1ee9a h\u1eb9n n\u00e2ng cao quy tr\u00ecnh s\u1ea3n xu\u1ea5t l\u00ean t\u1ea7m cao m\u1edbi.<\/p>    <figure class=\"wp-block-image size-full\"><img loading=\"lazy\" decoding=\"async\" width=\"720\" height=\"540\" src=\"https:\/\/topfoodmachine.com\/wp-content\/uploads\/2023\/11\/peanut-chopper.webp\" alt=\"m\u00e1y b\u0103m \u0111\u1eadu ph\u1ed9ng\" class=\"wp-image-906\" srcset=\"https:\/\/topfoodmachine.com\/wp-content\/uploads\/2023\/11\/peanut-chopper.webp 720w, https:\/\/topfoodmachine.com\/wp-content\/uploads\/2023\/11\/peanut-chopper-300x225.webp 300w\" sizes=\"auto, (max-width: 720px) 100vw, 720px\" \/><figcaption class=\"wp-element-caption\">m\u00e1y b\u0103m \u0111\u1eadu ph\u1ed9ng<\/figcaption><\/figure>    <h2 class=\"wp-block-heading\">\u0110\u1eb7c \u0111i\u1ec3m ch\u00ednh c\u1ee7a m\u00e1y t\u00e1ch \u0111\u1eadu ph\u1ed9ng<\/h2>    <ol class=\"wp-block-list\"> <li><strong>C\u1eaft ch\u00ednh x\u00e1c:<\/strong> \u0110\u01b0\u1ee3c thi\u1ebft k\u1ebf t\u1ed1t \u0111\u1ec3 chia \u0111\u00f4i s\u1ed1 \u0111\u1eadu ph\u1ed9ng m\u1ed9t c\u00e1ch ch\u00ednh x\u00e1c, \u0111\u1ea3m b\u1ea3o t\u00ednh nh\u1ea5t qu\u00e1n v\u00e0 \u0111\u1ed3ng nh\u1ea5t.<\/li>    <li><strong>Kh\u1ea3 n\u0103ng x\u1eed l\u00fd cao:<\/strong> C\u00f3 kh\u1ea3 n\u0103ng v\u1eadn h\u00e0nh t\u1ed1c \u0111\u1ed9 cao, x\u1eed l\u00fd hi\u1ec7u qu\u1ea3 s\u1ed1 l\u01b0\u1ee3ng l\u1edbn \u0111\u1eadu ph\u1ed9ng \u0111\u1ec3 t\u0103ng n\u0103ng su\u1ea5t.<\/li>    <li><strong>Ch\u1ee9c n\u0103ng kh\u1eed v\u1ecf:<\/strong> \u0110\u01b0\u1ee3c trang b\u1ecb m\u00e1y th\u1ed5i gi\u00fap lo\u1ea1i b\u1ecf l\u1edbp v\u1ecf b\u00ean ngo\u00e0i c\u1ee7a \u0111\u1eadu ph\u1ed9ng m\u1ed9t c\u00e1ch hi\u1ec7u qu\u1ea3, \u0111\u01a1n gi\u1ea3n h\u00f3a quy tr\u00ecnh ch\u1ebf bi\u1ebfn.<\/li>    <li><strong>C\u00e0i \u0111\u1eb7t c\u00f3 th\u1ec3 t\u00f9y ch\u1ec9nh:<\/strong> Ng\u01b0\u1eddi d\u00f9ng c\u00f3 th\u1ec3 \u0111i\u1ec1u ch\u1ec9nh c\u00e1c th\u00f4ng s\u1ed1 c\u1eaft \u0111\u1ec3 ph\u00f9 h\u1ee3p v\u1edbi c\u00e1c y\u00eau c\u1ea7u ch\u1ebf bi\u1ebfn v\u00e0 k\u00edch c\u1ee1 \u0111\u1eadu ph\u1ed9ng kh\u00e1c nhau, mang l\u1ea1i m\u1ee9c \u0111\u1ed9 t\u00f9y ch\u1ec9nh cao.<\/li>    <li><strong>C\u01a1 ch\u1ebf an to\u00e0n:<\/strong> T\u00edch h\u1ee3p c\u00e1c t\u00ednh n\u0103ng an to\u00e0n ti\u00ean ti\u1ebfn \u0111\u1ec3 b\u1ea3o v\u1ec7 ng\u01b0\u1eddi v\u1eadn h\u00e0nh trong qu\u00e1 tr\u00ecnh v\u1eadn h\u00e0nh, \u0111\u1ea3m b\u1ea3o m\u00f4i tr\u01b0\u1eddng l\u00e0m vi\u1ec7c an to\u00e0n.<\/li>    <li><strong>B\u1ea3o tr\u00ec d\u1ec5 d\u00e0ng:<\/strong> C\u1ea5u tr\u00fac \u0111\u01a1n gi\u1ea3n c\u1ee7a n\u00f3 cho ph\u00e9p d\u1ec5 d\u00e0ng v\u1ec7 sinh v\u00e0 b\u1ea3o tr\u00ec, gi\u1ea3m chi ph\u00ed b\u1ea3o tr\u00ec v\u00e0 gi\u1ea3m thi\u1ec3u th\u1eddi gian ng\u1eebng ho\u1ea1t \u0111\u1ed9ng.<\/li>    <li><strong>T\u00edch h\u1ee3p quy tr\u00ecnh l\u00e0m vi\u1ec7c hi\u1ec7u qu\u1ea3:<\/strong> C\u00f3 th\u1ec3 t\u00edch h\u1ee3p li\u1ec1n m\u1ea1ch v\u00e0o d\u00e2y chuy\u1ec1n ch\u1ebf bi\u1ebfn h\u1ea1t hi\u1ec7n c\u00f3, t\u1ed1i \u01b0u h\u00f3a quy tr\u00ecnh s\u1ea3n xu\u1ea5t t\u1ed5ng th\u1ec3.<\/li> <\/ol>    <figure class=\"wp-block-image size-full\"><img loading=\"lazy\" decoding=\"async\" width=\"720\" height=\"540\" src=\"https:\/\/topfoodmachine.com\/wp-content\/uploads\/2023\/11\/peanut-chopping-machine-for-sale.webp\" alt=\"C\u1ea7n b\u00e1n m\u00e1y c\u1eaft \u0111\u1eadu ph\u1ed9ng\" class=\"wp-image-907\" srcset=\"https:\/\/topfoodmachine.com\/wp-content\/uploads\/2023\/11\/peanut-chopping-machine-for-sale.webp 720w, https:\/\/topfoodmachine.com\/wp-content\/uploads\/2023\/11\/peanut-chopping-machine-for-sale-300x225.webp 300w\" sizes=\"auto, (max-width: 720px) 100vw, 720px\" \/><figcaption class=\"wp-element-caption\">C\u1ea7n b\u00e1n m\u00e1y c\u1eaft \u0111\u1eadu ph\u1ed9ng<\/figcaption><\/figure>    <h2 class=\"wp-block-heading\">Quy tr\u00ecnh l\u00e0m vi\u1ec7c c\u1ee7a m\u00e1y b\u0103m \u0111\u1eadu ph\u1ed9ng<\/h2>    <ol class=\"wp-block-list\"> <li><strong>Giai \u0111o\u1ea1n cho \u0103n:<\/strong> \u0110\u1eadu ph\u1ed9ng nguy\u00ean h\u1ea1t \u0111\u01b0\u1ee3c cho v\u00e0o ph\u1ec5u ho\u1eb7c c\u01a1 ch\u1ebf c\u1ea5p li\u1ec7u c\u1ee7a m\u00e1y, ph\u1ee5c v\u1ee5 nh\u01b0 l\u00e0 \u0111\u1ea7u v\u00e0o ban \u0111\u1ea7u c\u1ee7a nguy\u00ean li\u1ec7u th\u00f4.<\/li>    <li><strong>Qu\u00e1 tr\u00ecnh t\u00e1ch v\u1ecf:<\/strong> \u0110\u1ea7u ti\u00ean, \u0111\u1eadu ph\u1ed9ng b\u01b0\u1edbc v\u00e0o giai \u0111o\u1ea1n t\u00e1ch v\u1ecf. Trong giai \u0111o\u1ea1n n\u00e0y, m\u00e1y c\u00f3 th\u1ec3 \u0111\u01b0\u1ee3c trang b\u1ecb thi\u1ebft b\u1ecb t\u00e1ch v\u1ecf s\u1eed d\u1ee5ng qu\u1ea1t ho\u1eb7c lu\u1ed3ng kh\u00f4ng kh\u00ed \u0111\u1ec3 lo\u1ea1i b\u1ecf l\u1edbp v\u1ecf b\u00ean ngo\u00e0i kh\u1ecfi \u0111\u1eadu ph\u1ed9ng.<\/li>    <li><strong>V\u1eadn chuy\u1ec3n v\u00e0 s\u1eafp x\u1ebfp:<\/strong> Sau khi t\u00e1ch v\u1ecf, \u0111\u1eadu ph\u1ed9ng \u0111\u00e3 qua ch\u1ebf bi\u1ebfn \u0111\u01b0\u1ee3c chuy\u1ec3n \u0111\u1ebfn kh\u00e2u c\u1eaft. \u1ede giai \u0111o\u1ea1n n\u00e0y, ch\u00fang th\u01b0\u1eddng \u0111\u01b0\u1ee3c c\u0103n ch\u1ec9nh \u0111\u1ec3 \u0111\u1ea3m b\u1ea3o v\u1ecb tr\u00ed th\u00edch h\u1ee3p \u0111\u1ec3 c\u1eaft.<\/li>    <li><strong>K\u00edch ho\u1ea1t c\u01a1 ch\u1ebf c\u1eaft:<\/strong> Khi \u0111\u1eadu ph\u1ed9ng \u0111\u1ebfn ph\u1ea7n c\u1eaft, c\u01a1 ch\u1ebf c\u1eaft s\u1ebd \u0111\u01b0\u1ee3c k\u00edch ho\u1ea1t. <\/li>    <li><strong>C\u1eaft ch\u00ednh x\u00e1c:<\/strong> C\u01a1 ch\u1ebf c\u1eaft \u0111\u01b0\u1ee3c k\u00edch ho\u1ea1t s\u1ebd c\u1eaft t\u1eebng h\u1ea1t \u0111\u1eadu ph\u1ed9ng th\u00e0nh hai n\u1eeda m\u1ed9t c\u00e1ch nhanh ch\u00f3ng v\u00e0 ch\u00ednh x\u00e1c. \u0110\u1ed9 ch\u00ednh x\u00e1c c\u1ee7a v\u1ebft c\u1eaft l\u00e0 r\u1ea5t quan tr\u1ecdng \u0111\u1ec3 \u0111\u1ea3m b\u1ea3o t\u00ednh \u0111\u1ed3ng nh\u1ea5t trong s\u1ea3n ph\u1ea9m cu\u1ed1i c\u00f9ng.<\/li>    <li><strong>L\u1eb7p l\u1ea1i qu\u00e1 tr\u00ecnh:<\/strong> M\u00e1y ti\u1ebfp t\u1ee5c ch\u1ebf bi\u1ebfn \u0111\u1eadu ph\u1ed9ng m\u1ed9t c\u00e1ch li\u00ean t\u1ee5c ho\u1eb7c theo m\u1ebb.<\/li> <\/ol>    <figure class=\"wp-block-embed is-type-video is-provider-youtube wp-block-embed-youtube wp-embed-aspect-16-9 wp-has-aspect-ratio\"><div class=\"wp-block-embed__wrapper\"> <iframe loading=\"lazy\" title=\"L\u00e0m th\u1ebf n\u00e0o \u0111\u1ec3 x\u1eed l\u00fd nhanh ch\u00f3ng \u0111\u1eadu ph\u1ed9ng s\u1ed1 l\u01b0\u1ee3ng l\u1edbn b\u1eb1ng m\u00e1y c\u1eaft \u0111\u1eadu ph\u1ed9ng? 1TP5\u0110\u1eadu ph\u1ed9ng #c\u00f4ng th\u1ee9c \u0111\u1eadu ph\u1ed9ng\" width=\"500\" height=\"281\" src=\"https:\/\/www.youtube.com\/embed\/WIb2lJvahRc?feature=oembed\" frameborder=\"0\" allow=\"accelerometer; autoplay; clipboard-write; encrypted-media; gyroscope; picture-in-picture; web-share\" referrerpolicy=\"strict-origin-when-cross-origin\" allowfullscreen><\/iframe> <\/div><\/figure>    <h2 class=\"wp-block-heading\">\u1ee8ng d\u1ee5ng c\u1ee7a m\u00e1y c\u1eaft n\u1eeda \u0111\u1eadu ph\u1ed9ng<\/h2>    <ol class=\"wp-block-list\"> <li><strong>L\u00e0m k\u1eb9o:<\/strong> \u0110\u1eadu ph\u1ed9ng c\u1eaft \u0111\u00f4i c\u00f3 th\u1ec3 \u0111\u01b0\u1ee3c s\u1eed d\u1ee5ng l\u00e0m nguy\u00ean li\u1ec7u trong nhi\u1ec1u lo\u1ea1i k\u1eb9o kh\u00e1c nhau, ch\u1eb3ng h\u1ea1n nh\u01b0 c\u1ee5m \u0111\u1eadu ph\u1ed9ng ph\u1ee7 s\u00f4 c\u00f4 la ho\u1eb7c c\u1ed1c b\u01a1 \u0111\u1eadu ph\u1ed9ng.<\/li>    <li><strong>Rang:<\/strong> \u0110\u1eadu ph\u1ed9ng c\u1eaft \u0111\u00f4i c\u00f3 th\u1ec3 \u0111\u01b0\u1ee3c th\u00eam v\u00e0o nh\u01b0 m\u1ed9t ph\u1ea7n c\u1ee7a h\u1ed7n h\u1ee3p h\u1ea1t rang \u0111\u1ec3 t\u0103ng th\u00eam k\u1ebft c\u1ea5u v\u00e0 h\u01b0\u01a1ng v\u1ecb.<\/li>    <li><strong>N\u01b0\u1edbng b\u00e1nh:<\/strong> \u0110\u1eadu ph\u1ed9ng c\u00f3 th\u1ec3 \u0111\u01b0\u1ee3c k\u1ebft h\u1ee3p v\u00e0o c\u00e1c m\u00f3n n\u01b0\u1edbng, ch\u1eb3ng h\u1ea1n nh\u01b0 b\u00e1nh quy b\u01a1 \u0111\u1eadu ph\u1ed9ng, b\u00e1nh b\u01a1 \u0111\u1eadu ph\u1ed9ng ho\u1eb7c th\u00eam v\u00e0o b\u00e1nh m\u00ec.<\/li>    <li><strong>N\u01b0\u1edbc s\u1ed1t v\u00e0 gia v\u1ecb:<\/strong> \u0110\u1eadu ph\u1ed9ng c\u1eaft \u0111\u00f4i c\u00f3 th\u1ec3 ch\u1ebf bi\u1ebfn th\u00e0nh b\u01a1 \u0111\u1eadu ph\u1ed9ng ho\u1eb7c d\u00f9ng l\u00e0m gia v\u1ecb trong nhi\u1ec1u m\u00f3n \u0103n kh\u00e1c nhau.<\/li>    <li><strong>Salad v\u00e0 c\u00e1c m\u00f3n \u0103n ngu\u1ed9i:<\/strong> \u0110\u1eadu ph\u1ed9ng c\u1eaft \u0111\u00f4i c\u00f3 th\u1ec3 \u0111\u01b0\u1ee3c s\u1eed d\u1ee5ng nh\u01b0 m\u1ed9t nguy\u00ean li\u1ec7u trong m\u00f3n salad ho\u1eb7c c\u00e1c m\u00f3n \u0103n ngu\u1ed9i \u0111\u1ec3 t\u1ea1o th\u00eam \u0111\u1ed9 gi\u00f2n.<\/li>    <li><strong>\u1ea8m th\u1ef1c ch\u00e2u \u00c1:<\/strong> Trong nhi\u1ec1u n\u1ec1n \u1ea9m th\u1ef1c ch\u00e2u \u00c1, \u0111\u1eadu ph\u1ed9ng l\u00e0 nguy\u00ean li\u1ec7u ph\u1ed5 bi\u1ebfn v\u00e0 c\u00f3 th\u1ec3 \u0111\u01b0\u1ee3c d\u00f9ng \u0111\u1ec3 l\u00e0m n\u01b0\u1edbc s\u1ed1t \u0111\u1eadu ph\u1ed9ng ho\u1eb7c l\u00e0m l\u1edbp ph\u1ee7 cho c\u00e1c m\u00f3n \u0103n nh\u01b0 m\u00ec m\u00e8 l\u1ea1nh.<\/li>    <li><strong>\u0102n v\u1eb7t:<\/strong> \u0110\u1eadu ph\u1ed9ng c\u1eaft \u0111\u00f4i c\u00f3 th\u1ec3 \u0111\u01b0\u1ee3c th\u01b0\u1edfng th\u1ee9c nh\u01b0 m\u1ed9t m\u00f3n \u0103n nh\u1eb9 l\u00e0nh m\u1ea1nh ho\u1eb7c tr\u1ed9n v\u1edbi c\u00e1c lo\u1ea1i h\u1ea1t kh\u00e1c \u0111\u1ec3 t\u1ea1o th\u00e0nh m\u1ed9t m\u00f3n \u0103n nh\u1eb9 h\u1ed7n h\u1ee3p t\u1eeb c\u00e1c lo\u1ea1i h\u1ea1t.<\/li>    <li><strong>\u0110\u1ed3 u\u1ed1ng:<\/strong> \u0110\u1eadu ph\u1ed9ng c\u00f3 th\u1ec3 d\u00f9ng l\u00e0m s\u1eefa \u0111\u1eadu ph\u1ed9ng ho\u1eb7c sinh t\u1ed1 b\u01a1 \u0111\u1eadu ph\u1ed9ng, t\u0103ng th\u00eam h\u01b0\u01a1ng v\u1ecb h\u1ea5p d\u1eabn cho th\u1ee9c u\u1ed1ng.<\/li> <\/ol>    <figure class=\"wp-block-image size-full\"><img loading=\"lazy\" decoding=\"async\" width=\"720\" height=\"540\" src=\"https:\/\/topfoodmachine.com\/wp-content\/uploads\/2023\/11\/peanut-chopping-machine.webp\" alt=\"m\u00e1y c\u1eaft \u0111\u1eadu ph\u1ed9ng\" class=\"wp-image-908\" srcset=\"https:\/\/topfoodmachine.com\/wp-content\/uploads\/2023\/11\/peanut-chopping-machine.webp 720w, https:\/\/topfoodmachine.com\/wp-content\/uploads\/2023\/11\/peanut-chopping-machine-300x225.webp 300w\" sizes=\"auto, (max-width: 720px) 100vw, 720px\" \/><figcaption class=\"wp-element-caption\">m\u00e1y c\u1eaft \u0111\u1eadu ph\u1ed9ng<\/figcaption><\/figure>    <h2 class=\"wp-block-heading\">Th\u00f4ng s\u1ed1 k\u1ef9 thu\u1eadt c\u1ee7a m\u00e1y c\u1eaft n\u1eeda \u0111\u1eadu ph\u1ed9ng<\/h2>    <figure class=\"wp-block-table\"><table><tbody><tr><td>Ng\u01b0\u1eddi m\u1eabu<\/td><td>K\u00edch c\u1ee1<\/td><td>Dung t\u00edch<\/td><td>Quy\u1ec1n l\u1ef1c<\/td><td>V\u00f4n<\/td><\/tr><tr><td>TZ-10<\/td><td>1900x850x1350mm<\/td><td>500-600kg\/gi\u1edd<\/td><td>1,5kw<\/td><td>380v<\/td><\/tr><\/tbody><\/table><\/figure>    <h2 class=\"wp-block-heading\">T\u1ea1i sao ch\u1ecdn mua m\u00e1y c\u1eaft n\u1eeda h\u1ea1t \u0111\u1eadu ph\u1ed9ng c\u1ee7a ch\u00fang t\u00f4i<\/h2>    <p>\u0110\u01b0\u1ee3c h\u1ed7 tr\u1ee3 b\u1edfi \u0111\u1ed9i ng\u0169 k\u1ef9 s\u01b0 t\u1eadn t\u00e2m v\u00e0 gi\u00e0u kinh nghi\u1ec7m, ch\u00fang t\u00f4i c\u00f3 chuy\u00ean m\u00f4n \u0111\u1ec3 cung c\u1ea5p c\u00e1c gi\u1ea3i ph\u00e1p t\u00f9y bi\u1ebfn cao \u0111\u01b0\u1ee3c thi\u1ebft k\u1ebf \u0111\u1ec3 \u0111\u00e1p \u1ee9ng c\u00e1c th\u00f4ng s\u1ed1 k\u1ef9 thu\u1eadt v\u00e0 y\u00eau c\u1ea7u x\u1eed l\u00fd kh\u00e1c nhau. Nh\u1eadn th\u1ea5y r\u1eb1ng hi\u1ec7u qu\u1ea3 v\u00e0 \u0111\u1ed9 ch\u00ednh x\u00e1c l\u00e0 \u0111i\u1ec1u t\u1ed1i quan tr\u1ecdng trong s\u1ea3n xu\u1ea5t c\u00f4ng nghi\u1ec7p hi\u1ec7n \u0111\u1ea1i, M\u00e1y c\u1eaft n\u1eeda h\u1ea1t \u0111\u1eadu ph\u1ed9ng c\u1ee7a ch\u00fang t\u00f4i h\u1ee9a h\u1eb9n mang l\u1ea1i s\u1ef1 c\u1ea3i ti\u1ebfn mang t\u00ednh bi\u1ebfn \u0111\u1ed5i cho quy tr\u00ecnh s\u1ea3n xu\u1ea5t c\u1ee7a b\u1ea1n.<\/p>    <p>H\u01a1n n\u1eefa, c\u00e1c s\u1ea3n ph\u1ea9m c\u1ee7a ch\u00fang t\u00f4i tu\u00e2n th\u1ee7 c\u00e1c ti\u00eau chu\u1ea9n an to\u00e0n v\u00e0 v\u1ec7 sinh cao nh\u1ea5t, \u0111\u1ea3m b\u1ea3o s\u1ee9c kh\u1ecfe cho ng\u01b0\u1eddi v\u1eadn h\u00e0nh v\u00e0 duy tr\u00ec v\u1ec7 sinh ho\u00e0n h\u1ea3o trong su\u1ed1t h\u00e0nh tr\u00ecnh x\u1eed l\u00fd. Ch\u00fang t\u00f4i c\u0169ng cung c\u1ea5p d\u1ecbch v\u1ee5 h\u1eadu m\u00e3i to\u00e0n di\u1ec7n \u0111\u1ec3 \u0111\u1ea3m b\u1ea3o thi\u1ebft b\u1ecb c\u1ee7a b\u1ea1n ho\u1ea1t \u0111\u1ed9ng l\u00e2u d\u00e0i, \u0111\u00e1ng tin c\u1eady.<\/p>    <figure class=\"wp-block-image size-full\"><img loading=\"lazy\" decoding=\"async\" width=\"720\" height=\"540\" src=\"https:\/\/topfoodmachine.com\/wp-content\/uploads\/2023\/11\/peanut-cutter-machine.webp\" alt=\"m\u00e1y c\u1eaft \u0111\u1eadu ph\u1ed9ng\" class=\"wp-image-909\" srcset=\"https:\/\/topfoodmachine.com\/wp-content\/uploads\/2023\/11\/peanut-cutter-machine.webp 720w, https:\/\/topfoodmachine.com\/wp-content\/uploads\/2023\/11\/peanut-cutter-machine-300x225.webp 300w\" sizes=\"auto, (max-width: 720px) 100vw, 720px\" \/><figcaption class=\"wp-element-caption\">m\u00e1y c\u1eaft \u0111\u1eadu ph\u1ed9ng<\/figcaption><\/figure>    <p><\/p>","protected":false},"excerpt":{"rendered":"<p>H\u00e3y tham gia M\u00e1y c\u1eaft n\u1eeda \u0111\u1eadu ph\u1ed9ng, m\u1ed9t c\u1ea3i ti\u1ebfn ti\u00ean ti\u1ebfn \u0111\u01b0\u1ee3c thi\u1ebft k\u1ebf \u0111\u1ec3 c\u00e1ch m\u1ea1ng h\u00f3a c\u00e1ch ch\u1ebf bi\u1ebfn \u0111\u1eadu ph\u1ed9ng cho c\u00e1c \u1ee9ng d\u1ee5ng \u1ea9m th\u1ef1c kh\u00e1c nhau.<\/p>","protected":false},"author":1,"featured_media":913,"parent":0,"template":"","tags":[],"product-type":[5],"class_list":["post-905","product","type-product","status-publish","has-post-thumbnail","hentry","product-type-nuts-processing-machine"],"_links":{"self":[{"href":"https:\/\/topfoodmachine.com\/vi\/wp-json\/wp\/v2\/product\/905","targetHints":{"allow":["GET"]}}],"collection":[{"href":"https:\/\/topfoodmachine.com\/vi\/wp-json\/wp\/v2\/product"}],"about":[{"href":"https:\/\/topfoodmachine.com\/vi\/wp-json\/wp\/v2\/types\/product"}],"author":[{"embeddable":true,"href":"https:\/\/topfoodmachine.com\/vi\/wp-json\/wp\/v2\/users\/1"}],"wp:featuredmedia":[{"embeddable":true,"href":"https:\/\/topfoodmachine.com\/vi\/wp-json\/wp\/v2\/media\/913"}],"wp:attachment":[{"href":"https:\/\/topfoodmachine.com\/vi\/wp-json\/wp\/v2\/media?parent=905"}],"wp:term":[{"taxonomy":"post_tag","embeddable":true,"href":"https:\/\/topfoodmachine.com\/vi\/wp-json\/wp\/v2\/tags?post=905"},{"taxonomy":"product-type","embeddable":true,"href":"https:\/\/topfoodmachine.com\/vi\/wp-json\/wp\/v2\/product-type?post=905"}],"curies":[{"name":"wp","href":"https:\/\/api.w.org\/{rel}","templated":true}]}}