{"id":856,"date":"2023-10-27T14:40:19","date_gmt":"2023-10-27T06:40:19","guid":{"rendered":"https:\/\/topfoodmachine.com\/?post_type=product&#038;p=856"},"modified":"2025-07-08T18:23:49","modified_gmt":"2025-07-08T10:23:49","slug":"boba-pearl-maker-machine","status":"publish","type":"product","link":"https:\/\/topfoodmachine.com\/vi\/product\/boba-pearl-maker-machine\/","title":{"rendered":"M\u00e1y l\u00e0m ng\u1ecdc trai Boba"},"content":{"rendered":"<div class=\"kk-star-ratings kksr-auto kksr-align-left kksr-valign-top\"     data-payload='{&quot;align&quot;:&quot;left&quot;,&quot;id&quot;:&quot;856&quot;,&quot;slug&quot;:&quot;default&quot;,&quot;valign&quot;:&quot;top&quot;,&quot;ignore&quot;:&quot;&quot;,&quot;reference&quot;:&quot;auto&quot;,&quot;class&quot;:&quot;&quot;,&quot;count&quot;:&quot;27&quot;,&quot;legendonly&quot;:&quot;&quot;,&quot;readonly&quot;:&quot;&quot;,&quot;score&quot;:&quot;4.7&quot;,&quot;starsonly&quot;:&quot;&quot;,&quot;best&quot;:&quot;5&quot;,&quot;gap&quot;:&quot;5&quot;,&quot;greet&quot;:&quot;Rate this product&quot;,&quot;legend&quot;:&quot;4.7\\\/5 - (27 b\u00ecnh ch\u1ecdn)&quot;,&quot;size&quot;:&quot;24&quot;,&quot;title&quot;:&quot;Boba Pearl Maker Machine&quot;,&quot;width&quot;:&quot;133.8&quot;,&quot;_legend&quot;:&quot;{score}\\\/{best} - ({count} {votes})&quot;,&quot;font_factor&quot;:&quot;1.25&quot;}'>              <div class=\"kksr-stars\">      <div class=\"kksr-stars-inactive\">             <div class=\"kksr-star\" data-star=\"1\" style=\"padding-right: 5px\">               <div class=\"kksr-icon\" style=\"width: 24px; height: 24px;\"><\/div>         <\/div>             <div class=\"kksr-star\" data-star=\"2\" style=\"padding-right: 5px\">               <div class=\"kksr-icon\" style=\"width: 24px; height: 24px;\"><\/div>         <\/div>             <div class=\"kksr-star\" data-star=\"3\" style=\"padding-right: 5px\">               <div class=\"kksr-icon\" style=\"width: 24px; height: 24px;\"><\/div>         <\/div>             <div class=\"kksr-star\" data-star=\"4\" style=\"padding-right: 5px\">               <div class=\"kksr-icon\" style=\"width: 24px; height: 24px;\"><\/div>         <\/div>             <div class=\"kksr-star\" data-star=\"5\" style=\"padding-right: 5px\">               <div class=\"kksr-icon\" style=\"width: 24px; height: 24px;\"><\/div>         <\/div>     <\/div>      <div class=\"kksr-stars-active\" style=\"width: 133.8px;\">             <div class=\"kksr-star\" style=\"padding-right: 5px\">               <div class=\"kksr-icon\" style=\"width: 24px; height: 24px;\"><\/div>         <\/div>             <div class=\"kksr-star\" style=\"padding-right: 5px\">               <div class=\"kksr-icon\" style=\"width: 24px; height: 24px;\"><\/div>         <\/div>             <div class=\"kksr-star\" style=\"padding-right: 5px\">               <div class=\"kksr-icon\" style=\"width: 24px; height: 24px;\"><\/div>         <\/div>             <div class=\"kksr-star\" style=\"padding-right: 5px\">               <div class=\"kksr-icon\" style=\"width: 24px; height: 24px;\"><\/div>         <\/div>             <div class=\"kksr-star\" style=\"padding-right: 5px\">               <div class=\"kksr-icon\" style=\"width: 24px; height: 24px;\"><\/div>         <\/div>     <\/div> <\/div>                   <div class=\"kksr-legend\" style=\"font-size: 19.2px;\">             4.7\/5 - (27 \u0111\u00e1nh gi\u00e1)    <\/div>     <\/div>  <p>M\u00e1y l\u00e0m vi\u00ean boba t\u1ef1 \u0111\u1ed9ng h\u00f3a qu\u00e1 tr\u00ecnh t\u1ea1o h\u00ecnh v\u00e0 c\u1eaft b\u1ed9t tapioca th\u00e0nh nh\u1eefng vi\u00ean tr\u00f2n ho\u00e0n h\u1ea3o, \u0111\u1ea3m b\u1ea3o k\u00edch th\u01b0\u1edbc \u0111\u1ed3ng \u0111\u1ec1u v\u00e0 ch\u1ea5t l\u01b0\u1ee3ng nh\u1ea5t qu\u00e1n. N\u00f3 c\u00f3 th\u1ec3 s\u1ea3n xu\u1ea5t vi\u00ean v\u1edbi \u0111\u01b0\u1eddng k\u00ednh t\u1eeb 2mm \u0111\u1ebfn 10mm, ph\u1ee5c v\u1ee5 cho nhi\u1ec1u lo\u1ea1i \u0111\u1ed3 u\u1ed1ng kh\u00e1c nhau.<\/p>    <p>V\u1edbi c\u00f4ng su\u1ea5t s\u1ea3n xu\u1ea5t l\u00ean \u0111\u1ebfn 120 kilogram m\u1ed7i gi\u1edd, n\u00f3 n\u00e2ng cao hi\u1ec7u qu\u1ea3 \u0111\u00e1ng k\u1ec3 v\u00e0 mang l\u1ea1i s\u1ef1 ti\u1ec7n l\u1ee3i ch\u01b0a t\u1eebng c\u00f3 c\u0169ng nh\u01b0 \u0111\u1ea3m b\u1ea3o ch\u1ea5t l\u01b0\u1ee3ng cho ng\u00e0nh c\u00f4ng nghi\u1ec7p \u0111\u1ed3 u\u1ed1ng.<\/p>    <figure class=\"wp-block-embed is-type-video is-provider-youtube wp-block-embed-youtube wp-embed-aspect-16-9 wp-has-aspect-ratio\"><div class=\"wp-block-embed__wrapper\"> <iframe loading=\"lazy\" title=\"N\u00f3i l\u1eddi t\u1ea1m bi\u1ec7t v\u1edbi \u0111\u1ed3 th\u1ee7 c\u00f4ng: Hi\u1ec7u qu\u1ea3 c\u1ee7a Boba Pearl Maker \u0111\u01b0\u1ee3c gi\u1ea3i ph\u00f3ng! #boba #bobapearl #tapiocapearl\" width=\"500\" height=\"281\" src=\"https:\/\/www.youtube.com\/embed\/4q3NTjQJKZo?feature=oembed\" frameborder=\"0\" allow=\"accelerometer; autoplay; clipboard-write; encrypted-media; gyroscope; picture-in-picture; web-share\" referrerpolicy=\"strict-origin-when-cross-origin\" allowfullscreen><\/iframe> <\/div><figcaption class=\"wp-element-caption\">Video l\u00e0m vi\u1ec7c c\u1ee7a m\u00e1y l\u00e0m tr\u00e2n ch\u00e2u<\/figcaption><\/figure>    <h2 class=\"wp-block-heading\">C\u00e1ch l\u00e0m tr\u00e2n ch\u00e2u?<\/h2>    <div class=\"wp-block-media-text is-stacked-on-mobile\"><figure class=\"wp-block-media-text__media\"><img loading=\"lazy\" decoding=\"async\" width=\"720\" height=\"540\" src=\"https:\/\/topfoodmachine.com\/wp-content\/uploads\/2023\/10\/rice-flour-ball-making-machine.webp\" alt=\"m\u00e1y l\u00e0m b\u1ed9t g\u1ea1o\" class=\"wp-image-861 size-full\" srcset=\"https:\/\/topfoodmachine.com\/wp-content\/uploads\/2023\/10\/rice-flour-ball-making-machine.webp 720w, https:\/\/topfoodmachine.com\/wp-content\/uploads\/2023\/10\/rice-flour-ball-making-machine-300x225.webp 300w\" sizes=\"auto, (max-width: 720px) 100vw, 720px\" \/><\/figure><div class=\"wp-block-media-text__content\"> <p><strong>Chu\u1ea9n b\u1ecb b\u1ed9t<\/strong><\/p>    <ul class=\"wp-block-list\"> <li>S\u1eed d\u1ee5ng b\u1ed9t g\u1ea1o n\u1ebfp l\u00e0m nguy\u00ean li\u1ec7u ch\u00ednh.<\/li>    <li>Tr\u1ed9n b\u1ed9t g\u1ea1o n\u1ebfp v\u1edbi n\u01b0\u1edbc s\u00f4i k\u1ef9 l\u01b0\u1ee1ng trong m\u00e1y tr\u1ed9n b\u1ed9t cho \u0111\u1ebfn khi h\u00f2a quy\u1ec7n.<\/li> <\/ul>    <p><strong>X\u1eed l\u00fd b\u1ed9t g\u1ea1o.<\/strong><\/p>    <ul class=\"wp-block-list\"> <li>\u0110\u1ea7u ti\u00ean, h\u1ea5p b\u1ed9t g\u1ea1o cho \u0111\u1ebfn khi ch\u00edn 80\u201390%.<\/li>    <li>Chuy\u1ec3n b\u1ed9t g\u1ea1o \u0111\u00e3 h\u1ea5p v\u00e0o m\u00e1y tr\u1ed9n.<\/li> <\/ul> <\/div><\/div>    <div class=\"wp-block-media-text has-media-on-the-right is-stacked-on-mobile\"><div class=\"wp-block-media-text__content\"> <p><strong>K\u1ebft h\u1ee3p b\u1ed9t \u01b0\u1edbt v\u00e0 b\u1ed9t kh\u00f4.<\/strong><\/p>    <ul class=\"wp-block-list\"> <li>Th\u00eam b\u1ed9t g\u1ea1o \u01b0\u1edbt v\u00e0o m\u00e1y tr\u1ed9n.<\/li>    <li>C\u00f9ng l\u00fac, th\u00eam b\u1ed9t g\u1ea1o kh\u00f4.<\/li>    <li>Tr\u1ed9n \u0111\u1ec1u cho \u0111\u1ebfn khi h\u1ed7n h\u1ee3p \u0111\u1ed3ng nh\u1ea5t v\u00e0 nh\u1ea5t qu\u00e1n.<\/li> <\/ul>    <p><strong>T\u1ea1o h\u00ecnh cu\u1ed1i c\u00f9ng<\/strong><\/p>    <ul class=\"wp-block-list\"> <li>\u00c9p h\u1ed7n h\u1ee3p \u0111\u00e3 tr\u1ed9n th\u00e0nh h\u00ecnh vu\u00f4ng ph\u1eb3ng m\u1ed9t l\u1ea7n n\u1eefa.<\/li>    <li>\u0110\u1eb7t b\u1ed9t \u0111\u00e3 t\u1ea1o h\u00ecnh v\u00e0o ph\u1ec5u n\u1ea1p c\u1ee7a m\u00e1y l\u00e0m tr\u00e2n ch\u00e2u th\u01b0\u01a1ng m\u1ea1i.<\/li> <\/ul> <\/div><figure class=\"wp-block-media-text__media\"><img loading=\"lazy\" decoding=\"async\" width=\"720\" height=\"540\" src=\"https:\/\/topfoodmachine.com\/wp-content\/uploads\/2023\/10\/best-selling-boba-maker-1.webp\" alt=\"m\u00e1y l\u00e0m boba b\u00e1n ch\u1ea1y nh\u1ea5t\" class=\"wp-image-860 size-full\" srcset=\"https:\/\/topfoodmachine.com\/wp-content\/uploads\/2023\/10\/best-selling-boba-maker-1.webp 720w, https:\/\/topfoodmachine.com\/wp-content\/uploads\/2023\/10\/best-selling-boba-maker-1-300x225.webp 300w\" sizes=\"auto, (max-width: 720px) 100vw, 720px\" \/><\/figure><\/div>    <h2 class=\"wp-block-heading\">M\u00e1y l\u00e0m tr\u00e2n ch\u00e2u ho\u1ea1t \u0111\u1ed9ng nh\u01b0 th\u1ebf n\u00e0o?<\/h2>    <div class=\"wp-block-media-text is-stacked-on-mobile\"><figure class=\"wp-block-media-text__media\"><img loading=\"lazy\" decoding=\"async\" width=\"720\" height=\"540\" src=\"https:\/\/topfoodmachine.com\/wp-content\/uploads\/2024\/05\/tapioca-pearl-making-machine-for-sale.webp\" alt=\"m\u00e1y l\u00e0m vi\u00ean tapioca \u0111\u1ec3 b\u00e1n\" class=\"wp-image-1372 size-full\" srcset=\"https:\/\/topfoodmachine.com\/wp-content\/uploads\/2024\/05\/tapioca-pearl-making-machine-for-sale.webp 720w, https:\/\/topfoodmachine.com\/wp-content\/uploads\/2024\/05\/tapioca-pearl-making-machine-for-sale-300x225.webp 300w, https:\/\/topfoodmachine.com\/wp-content\/uploads\/2024\/05\/tapioca-pearl-making-machine-for-sale-16x12.webp 16w\" sizes=\"auto, (max-width: 720px) 100vw, 720px\" \/><\/figure><div class=\"wp-block-media-text__content\"> <ul class=\"wp-block-list\"> <li>B\u1ed9t s\u1eafn \u0111\u00e3 nh\u00e0o \u0111\u01b0\u1ee3c \u0111\u01b0a v\u00e0o c\u1ed5ng n\u1ea1p c\u1ee7a m\u00e1y.<\/li>    <li>M\u1ed9t m\u00e1y c\u00e1n b\u1ed9t \u00e9p b\u1ed9t th\u00e0nh m\u1ed9t t\u1ea5m v\u1edbi \u0111\u1ed9 d\u00e0y \u0111\u1ed3ng nh\u1ea5t.<\/li>    <li>T\u1ea5m b\u1ed9t \u0111i v\u00e0o khu\u00f4n t\u1ea1o h\u00ecnh v\u1edbi c\u00e1c l\u1ed7 nh\u1ecf x\u00e1c \u0111\u1ecbnh k\u00edch th\u01b0\u1edbc v\u00e0 h\u00ecnh d\u1ea1ng c\u1ee7a vi\u00ean tr\u00e2n ch\u00e2u.<\/li>    <li>M\u1ed9t l\u01b0\u1ee1i c\u1eaft b\u00ean d\u01b0\u1edbi khu\u00f4n c\u1eaft b\u1ed9t th\u00e0nh c\u00e1c vi\u00ean nh\u1ecf.<\/li>    <li>Thi\u1ebft b\u1ecb l\u0103n sau \u0111\u00f3 l\u0103n v\u00e0 \u0111\u00e1nh b\u00f3ng c\u00e1c vi\u00ean nang th\u00e0nh nh\u1eefng vi\u00ean tr\u00e2n ch\u00e2u tapioca tr\u00f2n qua ma s\u00e1t.<\/li> <\/ul> <\/div><\/div>    <h2 class=\"wp-block-heading\">C\u00e1c t\u00ednh n\u0103ng v\u00e0 \u01b0u \u0111i\u1ec3m ch\u00ednh c\u1ee7a m\u00e1y l\u00e0m boba<\/h2>    <div class=\"wp-block-media-text has-media-on-the-right is-stacked-on-mobile\"><div class=\"wp-block-media-text__content\"> <ul class=\"wp-block-list\"> <li>S\u1ea3n xu\u1ea5t c\u00e1c vi\u00ean boba c\u00f3 k\u00edch th\u01b0\u1edbc \u0111\u1ed3ng nh\u1ea5t \u0111\u1ec3 \u0111\u1ea3m b\u1ea3o ch\u1ea5t l\u01b0\u1ee3ng nh\u1ea5t qu\u00e1n.<\/li>    <li>Gi\u1ea3m thi\u1ec3u vi\u1ec7c g\u00e3y v\u1ee1 c\u1ee7a c\u00e1c vi\u00ean b\u00e1nh ng\u1ecdt, \u0111\u1ea3m b\u1ea3o s\u1ea3n ph\u1ea9m ho\u00e0n ch\u1ec9nh kh\u00f4ng b\u1ecb h\u01b0 h\u1ea1i.<\/li>    <li>D\u1ec5 v\u1eadn h\u00e0nh v\u00e0 v\u1ec7 sinh, gi\u1ea3m th\u1eddi gian ng\u1eebng ho\u1ea1t \u0111\u1ed9ng v\u00e0 c\u00f4ng s\u1ee9c b\u1ea3o tr\u00ec.<\/li> <\/ul> <\/div><figure class=\"wp-block-media-text__media\"><img loading=\"lazy\" decoding=\"async\" width=\"720\" height=\"540\" src=\"https:\/\/topfoodmachine.com\/wp-content\/uploads\/2023\/10\/entrance-of-the-boba-machine.webp\" alt=\"l\u1ed1i v\u00e0o c\u1ee7a m\u00e1y boba\" class=\"wp-image-862 size-full\" srcset=\"https:\/\/topfoodmachine.com\/wp-content\/uploads\/2023\/10\/entrance-of-the-boba-machine.webp 720w, https:\/\/topfoodmachine.com\/wp-content\/uploads\/2023\/10\/entrance-of-the-boba-machine-300x225.webp 300w\" sizes=\"auto, (max-width: 720px) 100vw, 720px\" \/><\/figure><\/div>    <div class=\"wp-block-media-text is-stacked-on-mobile\"><figure class=\"wp-block-media-text__media\"><img loading=\"lazy\" decoding=\"async\" width=\"720\" height=\"540\" src=\"https:\/\/topfoodmachine.com\/wp-content\/uploads\/2023\/10\/molds-of-the-boba-making-machine.webp\" alt=\"khu\u00f4n c\u1ee7a m\u00e1y l\u00e0m boba\" class=\"wp-image-863 size-full\" srcset=\"https:\/\/topfoodmachine.com\/wp-content\/uploads\/2023\/10\/molds-of-the-boba-making-machine.webp 720w, https:\/\/topfoodmachine.com\/wp-content\/uploads\/2023\/10\/molds-of-the-boba-making-machine-300x225.webp 300w\" sizes=\"auto, (max-width: 720px) 100vw, 720px\" \/><\/figure><div class=\"wp-block-media-text__content\"> <ul class=\"wp-block-list\"> <li>H\u1ed7 tr\u1ee3 s\u1ea3n xu\u1ea5t boba v\u1edbi nhi\u1ec1u m\u00e0u s\u1eafc kh\u00e1c nhau \u0111\u1ec3 \u0111\u00e1p \u1ee9ng nhu c\u1ea7u \u0111a d\u1ea1ng c\u1ee7a th\u1ecb tr\u01b0\u1eddng.<\/li>    <li>Quy tr\u00ecnh t\u1ef1 \u0111\u1ed9ng n\u00e2ng cao v\u1ec7 sinh b\u1eb1ng c\u00e1ch gi\u1ea3m nguy c\u01a1 \u00f4 nhi\u1ec5m, \u0111\u1ea3m b\u1ea3o an to\u00e0n th\u1ef1c ph\u1ea9m v\u00e0 s\u1ea3n ph\u1ea9m \u0111\u1ea7u ra ch\u1ea5t l\u01b0\u1ee3ng cao.<\/li> <\/ul> <\/div><\/div>    <h2 class=\"wp-block-heading\">\u1ee8ng d\u1ee5ng c\u1ee7a m\u00e1y l\u00e0m boba<\/h2>    <p>M\u00e1y l\u00e0m boba s\u1ea3n xu\u1ea5t tr\u00e2n ch\u00e2u m\u1ed9t c\u00e1ch hi\u1ec7u qu\u1ea3 b\u1eb1ng c\u00e1ch tr\u1ed9n, \u00e9p v\u00e0 t\u1ea1o h\u00ecnh b\u1ed9t th\u00e0nh c\u00e1c h\u00ecnh c\u1ea7u \u0111\u1ed3ng nh\u1ea5t. N\u00f3 c\u00f3 th\u1ec3 t\u1ea1o ra c\u00e1c vi\u00ean tr\u00e2n ch\u00e2u v\u1edbi nhi\u1ec1u k\u00edch th\u01b0\u1edbc v\u00e0 m\u00e0u s\u1eafc kh\u00e1c nhau theo nhu c\u1ea7u s\u1ea3n xu\u1ea5t c\u1ee5 th\u1ec3. <\/p>    <p>N\u00f3 c\u0169ng c\u00f3 th\u1ec3 x\u1eed l\u00fd c\u00e1c lo\u1ea1i b\u1ed9t tinh b\u1ed9t kh\u00e1c nhau, cho ph\u00e9p s\u1ea3n xu\u1ea5t kh\u00f4ng ch\u1ec9 c\u00e1c vi\u00ean tapioca c\u1ed5 \u0111i\u1ec3n m\u00e0 c\u00f2n c\u00e1c s\u1ea3n ph\u1ea9m \u0103n nh\u1eb9 t\u01b0\u01a1ng t\u1ef1 kh\u00e1c. V\u1edbi ho\u1ea1t \u0111\u1ed9ng t\u1ef1 \u0111\u1ed9ng v\u00e0 v\u1ec7 sinh, m\u00e1y \u0111\u1ea3m b\u1ea3o ch\u1ea5t l\u01b0\u1ee3ng \u0111\u1ed3ng nh\u1ea5t v\u00e0 n\u0103ng su\u1ea5t cao, ph\u00f9 h\u1ee3p cho s\u1ea3n xu\u1ea5t th\u01b0\u01a1ng m\u1ea1i li\u00ean t\u1ee5c.<\/p>    <figure class=\"wp-block-gallery has-nested-images columns-default is-cropped wp-block-gallery-2 is-layout-flex wp-block-gallery-is-layout-flex\"> <figure class=\"wp-block-image size-large\"><img loading=\"lazy\" decoding=\"async\" width=\"720\" height=\"540\" data-id=\"864\" src=\"https:\/\/topfoodmachine.com\/wp-content\/uploads\/2023\/10\/black-pearls.webp\" alt=\"ng\u1ecdc trai \u0111en\" class=\"wp-image-864\" srcset=\"https:\/\/topfoodmachine.com\/wp-content\/uploads\/2023\/10\/black-pearls.webp 720w, https:\/\/topfoodmachine.com\/wp-content\/uploads\/2023\/10\/black-pearls-300x225.webp 300w\" sizes=\"auto, (max-width: 720px) 100vw, 720px\" \/><figcaption class=\"wp-element-caption\">ng\u1ecdc trai \u0111en<\/figcaption><\/figure>    <figure class=\"wp-block-image size-large\"><img loading=\"lazy\" decoding=\"async\" width=\"720\" height=\"540\" data-id=\"865\" src=\"https:\/\/topfoodmachine.com\/wp-content\/uploads\/2023\/10\/colorful-boba-pearls.webp\" alt=\"ng\u1ecdc trai boba \u0111\u1ea7y m\u00e0u s\u1eafc\" class=\"wp-image-865\" srcset=\"https:\/\/topfoodmachine.com\/wp-content\/uploads\/2023\/10\/colorful-boba-pearls.webp 720w, https:\/\/topfoodmachine.com\/wp-content\/uploads\/2023\/10\/colorful-boba-pearls-300x225.webp 300w\" sizes=\"auto, (max-width: 720px) 100vw, 720px\" \/><figcaption class=\"wp-element-caption\">ng\u1ecdc trai boba \u0111\u1ea7y m\u00e0u s\u1eafc<\/figcaption><\/figure>    <figure class=\"wp-block-image size-large\"><img loading=\"lazy\" decoding=\"async\" width=\"720\" height=\"540\" data-id=\"866\" src=\"https:\/\/topfoodmachine.com\/wp-content\/uploads\/2023\/10\/tapioca-pearl.webp\" alt=\"vi\u00ean b\u1ed9t s\u1eafn\" class=\"wp-image-866\" srcset=\"https:\/\/topfoodmachine.com\/wp-content\/uploads\/2023\/10\/tapioca-pearl.webp 720w, https:\/\/topfoodmachine.com\/wp-content\/uploads\/2023\/10\/tapioca-pearl-300x225.webp 300w\" sizes=\"auto, (max-width: 720px) 100vw, 720px\" \/><figcaption class=\"wp-element-caption\">vi\u00ean b\u1ed9t s\u1eafn<\/figcaption><\/figure> <\/figure>    <h2 class=\"wp-block-heading\">B\u1ea3o tr\u00ec c\u1ee7a <a href=\"https:\/\/en.wikipedia.org\/wiki\/Boba\" data-type=\"link\" data-id=\"https:\/\/en.wikipedia.org\/wiki\/Boba\" target=\"_blank\" rel=\"noopener\">boba<\/a> m\u00e1y l\u00e0m ng\u1ecdc trai<\/h2>    <p>L\u00e0m s\u1ea1ch v\u00e0 b\u1ea3o tr\u00ec M\u00e1y l\u00e0m ng\u1ecdc trai Boba l\u00e0 r\u1ea5t quan tr\u1ecdng \u0111\u1ec3 \u0111\u1ea3m b\u1ea3o ho\u1ea1t \u0111\u1ed9ng v\u00e0 v\u1ec7 sinh l\u00e2u d\u00e0i, \u0111\u00e1ng tin c\u1eady. D\u01b0\u1edbi \u0111\u00e2y l\u00e0 m\u1ed9t s\u1ed1 khuy\u1ebfn ngh\u1ecb:<\/p>    <div class=\"wp-block-media-text is-stacked-on-mobile\"><figure class=\"wp-block-media-text__media\"><img loading=\"lazy\" decoding=\"async\" width=\"720\" height=\"540\" src=\"https:\/\/topfoodmachine.com\/wp-content\/uploads\/2023\/10\/tapioca-pearl-making-machine-for-sale.webp\" alt=\"C\u1ea7n b\u00e1n m\u00e1y l\u00e0m ng\u1ecdc trai khoai m\u00ec\" class=\"wp-image-867 size-full\" srcset=\"https:\/\/topfoodmachine.com\/wp-content\/uploads\/2023\/10\/tapioca-pearl-making-machine-for-sale.webp 720w, https:\/\/topfoodmachine.com\/wp-content\/uploads\/2023\/10\/tapioca-pearl-making-machine-for-sale-300x225.webp 300w\" sizes=\"auto, (max-width: 720px) 100vw, 720px\" \/><\/figure><div class=\"wp-block-media-text__content\"> <ul class=\"wp-block-list\"> <li>Lu\u00f4n t\u1eaft ngu\u1ed3n tr\u01b0\u1edbc khi b\u1eaft \u0111\u1ea7u b\u1ea5t k\u1ef3 c\u00f4ng vi\u1ec7c v\u1ec7 sinh n\u00e0o \u0111\u1ec3 \u0111\u1ea3m b\u1ea3o an to\u00e0n cho ng\u01b0\u1eddi v\u1eadn h\u00e0nh.<\/li>    <li>Th\u00e1o r\u1eddi t\u1ea5t c\u1ea3 c\u00e1c b\u1ed9 ph\u1eadn c\u00f3 th\u1ec3 th\u00e1o r\u1eddi nh\u01b0 bu\u1ed3ng tr\u1ed9n v\u00e0 khu\u00f4n \u0111\u1ec3 v\u1ec7 sinh k\u1ef9 l\u01b0\u1ee1ng.<\/li>    <li>S\u1eed d\u1ee5ng b\u00e0n ch\u1ea3i m\u1ec1m ho\u1eb7c kh\u0103n \u1ea9m \u0111\u1ec3 lo\u1ea1i b\u1ecf b\u1ea5t k\u1ef3 d\u01b0 l\u01b0\u1ee3ng b\u1ed9t n\u00e0o t\u1eeb t\u1ea5t c\u1ea3 c\u00e1c th\u00e0nh ph\u1ea7n.<\/li>    <li>C\u1ea9n th\u1eadn l\u00e0m s\u1ea1ch c\u00e1c l\u1ed7 trong khu\u00f4n \u0111\u1ec3 duy tr\u00ec k\u00edch th\u01b0\u1edbc v\u00e0 h\u00ecnh d\u1ea1ng vi\u00ean tr\u00e2n ch\u00e2u \u0111\u1ed3ng nh\u1ea5t.<\/li>    <li>Th\u01b0\u1eddng xuy\u00ean ki\u1ec3m tra c\u00e1c gio\u0103ng cao su ho\u1eb7c silicone \u0111\u1ec3 ph\u00e1t hi\u1ec7n h\u01b0 h\u1ecfng v\u00e0 thay th\u1ebf khi c\u1ea7n thi\u1ebft \u0111\u1ec3 ng\u0103n ng\u1eeba r\u00f2 r\u1ec9.<\/li> <\/ul> <\/div><\/div>    <div class=\"wp-block-media-text has-media-on-the-right is-stacked-on-mobile\"><div class=\"wp-block-media-text__content\"> <ul class=\"wp-block-list\"> <li>Th\u01b0\u1eddng xuy\u00ean b\u00f4i d\u1ea7u ho\u1eb7c m\u1ee1 b\u00f4i tr\u01a1n \u0111\u1ea1t ti\u00eau chu\u1ea9n th\u1ef1c ph\u1ea9m \u0111\u1ec3 gi\u1eef cho c\u00e1c b\u1ed9 ph\u1eadn chuy\u1ec3n \u0111\u1ed9ng ho\u1ea1t \u0111\u1ed9ng tr\u01a1n tru.<\/li>    <li>Th\u01b0\u1eddng xuy\u00ean ki\u1ec3m tra d\u00e2y \u0111i\u1ec7n, ph\u00edch c\u1eafm v\u00e0 c\u00e1c th\u00e0nh ph\u1ea7n \u0111i\u1ec7n kh\u00e1c \u0111\u1ec3 ph\u00e1t hi\u1ec7n b\u1ea5t k\u1ef3 d\u1ea5u hi\u1ec7u h\u01b0 h\u1ecfng ho\u1eb7c m\u00f2n n\u00e0o.<\/li>    <li>V\u1ec7 sinh b\u1ea3ng \u0111i\u1ec1u khi\u1ec3n v\u00e0 c\u00e1c b\u1ed9 ph\u1eadn \u0111i\u1ec7n \u0111\u1ec3 ng\u0103n b\u1ee5i b\u1ea9n \u1ea3nh h\u01b0\u1edfng \u0111\u1ebfn hi\u1ec7u su\u1ea5t.<\/li> <\/ul> <\/div><figure class=\"wp-block-media-text__media\"><img loading=\"lazy\" decoding=\"async\" width=\"720\" height=\"540\" src=\"https:\/\/topfoodmachine.com\/wp-content\/uploads\/2023\/10\/tapioca-pearl-making-machine.webp\" alt=\"m\u00e1y l\u00e0m ng\u1ecdc trai khoai m\u00ec\" class=\"wp-image-868 size-full\" srcset=\"https:\/\/topfoodmachine.com\/wp-content\/uploads\/2023\/10\/tapioca-pearl-making-machine.webp 720w, https:\/\/topfoodmachine.com\/wp-content\/uploads\/2023\/10\/tapioca-pearl-making-machine-300x225.webp 300w\" sizes=\"auto, (max-width: 720px) 100vw, 720px\" \/><\/figure><\/div>    <h2 class=\"wp-block-heading\">Th\u00f4ng s\u1ed1 k\u1ef9 thu\u1eadt c\u1ee7a m\u00e1y l\u00e0m tr\u00e2n ch\u00e2u<\/h2>    <figure class=\"wp-block-table\"><table class=\"has-fixed-layout\"><tbody><tr><td>Ng\u01b0\u1eddi m\u1eabu<\/td><td>K\u00edch th\u01b0\u1edbc (mm)<\/td><td>C\u00f4ng su\u1ea5t (kW)<\/td><td>\u0110i\u1ec7n \u00e1p(v)<\/td><td>C\u00f4ng su\u1ea5t (kg \/ gi\u1edd)<\/td><td>\u0110\u01b0\u1eddng k\u00ednh (mm)<\/td><\/tr><tr><td>TZ-1000<\/td><td>1300*950*1100<\/td><td>0.55<\/td><td>220\/380<\/td><td>80-90<\/td><td>8-25<\/td><\/tr><tr><td>TZ-1200<\/td><td>850*900*1300<\/td><td>0.7<\/td><td>220\/380<\/td><td>90-120<\/td><td>6-22<\/td><\/tr><\/tbody><\/table><figcaption class=\"wp-element-caption\">Th\u00f4ng s\u1ed1 k\u1ef9 thu\u1eadt m\u00e1y l\u00e0m tr\u00e2n ch\u00e2u Boba<\/figcaption><\/figure>    <figure class=\"wp-block-image size-full\"><img loading=\"lazy\" decoding=\"async\" width=\"720\" height=\"540\" src=\"https:\/\/topfoodmachine.com\/wp-content\/uploads\/2024\/05\/tapioca-pearl.webp\" alt=\"vi\u00ean b\u1ed9t s\u1eafn\" class=\"wp-image-1371\" srcset=\"https:\/\/topfoodmachine.com\/wp-content\/uploads\/2024\/05\/tapioca-pearl.webp 720w, https:\/\/topfoodmachine.com\/wp-content\/uploads\/2024\/05\/tapioca-pearl-300x225.webp 300w, https:\/\/topfoodmachine.com\/wp-content\/uploads\/2024\/05\/tapioca-pearl-16x12.webp 16w\" sizes=\"auto, (max-width: 720px) 100vw, 720px\" \/><figcaption class=\"wp-element-caption\">vi\u00ean b\u1ed9t s\u1eafn<\/figcaption><\/figure>    <h2 class=\"wp-block-heading\">Ph\u1ea7n k\u1ebft lu\u1eadn<\/h2>    <p class=\"translation-block\">\u0110\u1ec3 c\u1ea3i thi\u1ec7n hi\u1ec7u qu\u1ea3 s\u1ea3n xu\u1ea5t, M\u00e1y l\u00e0m tr\u00e2n ch\u00e2u c\u00f3 th\u1ec3 \u0111\u01b0\u1ee3c k\u1ebft h\u1ee3p ho\u00e0n h\u1ea3o v\u1edbi <a href=\"https:\/\/topfoodmachine.com\/vi\/product\/commercial-dough-mixer\/\" data-type=\"link\" data-id=\"https:\/\/topfoodmachine.com\/product\/commercial-dough-mixer\/\">m\u00e1y tr\u1ed9n b\u1ed9t<\/a> v\u00e0 <a href=\"https:\/\/topfoodmachine.com\/vi\/product\/automatic-dough-divider-rounder\/\" data-type=\"link\" data-id=\"https:\/\/topfoodmachine.com\/product\/automatic-dough-divider-rounder\/\">m\u00e1y chia b\u1ed9t t\u1ef1 \u0111\u1ed9ng<\/a> \u0111\u1ec3 t\u1ea1o ra quy tr\u00ecnh ho\u00e0n to\u00e0n li\u1ec1n m\u1ea1ch\u2014t\u1eeb chu\u1ea9n b\u1ecb b\u1ed9t \u0111\u1ebfn \u0111\u1ecbnh h\u00ecnh cu\u1ed1i c\u00f9ng. <\/p>    <p>\u0110\u1eebng ng\u1ea7n ng\u1ea1i li\u00ean h\u1ec7 v\u1edbi ch\u00fang t\u00f4i \u0111\u1ec3 bi\u1ebft th\u00f4ng s\u1ed1 k\u1ef9 thu\u1eadt chi ti\u1ebft v\u00e0 gi\u00e1 c\u1ea3\u2014ch\u00fang t\u00f4i s\u1eb5n s\u00e0ng cung c\u1ea5p c\u00e1c gi\u1ea3i ph\u00e1p t\u00f9y ch\u1ec9nh cho nhu c\u1ea7u c\u1ee7a b\u1ea1n!<\/p>    <figure class=\"wp-block-gallery has-nested-images columns-default is-cropped wp-block-gallery-3 is-layout-flex wp-block-gallery-is-layout-flex\"> <figure class=\"wp-block-image size-large\"><img loading=\"lazy\" decoding=\"async\" width=\"720\" height=\"540\" data-id=\"1266\" src=\"https:\/\/topfoodmachine.com\/wp-content\/uploads\/2024\/05\/Automatic-Dough-Divider-Rounder.webp\" alt=\"M\u00e1y chia b\u1ed9t t\u1ef1 \u0111\u1ed9ng\" class=\"wp-image-1266\" srcset=\"https:\/\/topfoodmachine.com\/wp-content\/uploads\/2024\/05\/Automatic-Dough-Divider-Rounder.webp 720w, https:\/\/topfoodmachine.com\/wp-content\/uploads\/2024\/05\/Automatic-Dough-Divider-Rounder-300x225.webp 300w, https:\/\/topfoodmachine.com\/wp-content\/uploads\/2024\/05\/Automatic-Dough-Divider-Rounder-16x12.webp 16w\" sizes=\"auto, (max-width: 720px) 100vw, 720px\" \/><figcaption class=\"wp-element-caption\">M\u00e1y chia b\u1ed9t t\u1ef1 \u0111\u1ed9ng<\/figcaption><\/figure>    <figure class=\"wp-block-image size-large\"><img loading=\"lazy\" decoding=\"async\" width=\"720\" height=\"540\" data-id=\"403\" src=\"https:\/\/topfoodmachine.com\/wp-content\/uploads\/2023\/03\/commercial-dough-mixer-machine.jpg\" alt=\"m\u00e1y tr\u1ed9n b\u1ed9t th\u01b0\u01a1ng m\u1ea1i\" class=\"wp-image-403\" srcset=\"https:\/\/topfoodmachine.com\/wp-content\/uploads\/2023\/03\/commercial-dough-mixer-machine.jpg 720w, https:\/\/topfoodmachine.com\/wp-content\/uploads\/2023\/03\/commercial-dough-mixer-machine-300x225.jpg 300w\" sizes=\"auto, (max-width: 720px) 100vw, 720px\" \/><figcaption class=\"wp-element-caption\">m\u00e1y tr\u1ed9n b\u1ed9t th\u01b0\u01a1ng m\u1ea1i<\/figcaption><\/figure> <\/figure>","protected":false},"excerpt":{"rendered":"<p>M\u00e1y l\u00e0m vi\u00ean boba t\u1ef1 \u0111\u1ed9ng h\u00f3a qu\u00e1 tr\u00ecnh t\u1ea1o h\u00ecnh v\u00e0 c\u1eaft b\u1ed9t s\u1eafn th\u00e0nh nh\u1eefng vi\u00ean tr\u00f2n ho\u00e0n h\u1ea3o, \u0111\u1ea3m b\u1ea3o k\u00edch th\u01b0\u1edbc \u0111\u1ed3ng \u0111\u1ec1u v\u00e0 ch\u1ea5t l\u01b0\u1ee3ng nh\u1ea5t qu\u00e1n. <\/p>","protected":false},"author":1,"featured_media":857,"parent":0,"template":"","tags":[123],"product-type":[6],"class_list":["post-856","product","type-product","status-publish","has-post-thumbnail","hentry","tag-boba-pearl-maker-machine","product-type-pastry-production-machine"],"_links":{"self":[{"href":"https:\/\/topfoodmachine.com\/vi\/wp-json\/wp\/v2\/product\/856","targetHints":{"allow":["GET"]}}],"collection":[{"href":"https:\/\/topfoodmachine.com\/vi\/wp-json\/wp\/v2\/product"}],"about":[{"href":"https:\/\/topfoodmachine.com\/vi\/wp-json\/wp\/v2\/types\/product"}],"author":[{"embeddable":true,"href":"https:\/\/topfoodmachine.com\/vi\/wp-json\/wp\/v2\/users\/1"}],"wp:featuredmedia":[{"embeddable":true,"href":"https:\/\/topfoodmachine.com\/vi\/wp-json\/wp\/v2\/media\/857"}],"wp:attachment":[{"href":"https:\/\/topfoodmachine.com\/vi\/wp-json\/wp\/v2\/media?parent=856"}],"wp:term":[{"taxonomy":"post_tag","embeddable":true,"href":"https:\/\/topfoodmachine.com\/vi\/wp-json\/wp\/v2\/tags?post=856"},{"taxonomy":"product-type","embeddable":true,"href":"https:\/\/topfoodmachine.com\/vi\/wp-json\/wp\/v2\/product-type?post=856"}],"curies":[{"name":"wp","href":"https:\/\/api.w.org\/{rel}","templated":true}]}}