{"id":822,"date":"2023-10-23T15:43:11","date_gmt":"2023-10-23T07:43:11","guid":{"rendered":"https:\/\/topfoodmachine.com\/?post_type=product&#038;p=822"},"modified":"2024-12-27T17:13:39","modified_gmt":"2024-12-27T09:13:39","slug":"fish-meat-bone-separating-machine","status":"publish","type":"product","link":"https:\/\/topfoodmachine.com\/vi\/product\/fish-meat-bone-separating-machine\/","title":{"rendered":"M\u00e1y t\u00e1ch x\u01b0\u01a1ng th\u1ecbt c\u00e1"},"content":{"rendered":"<div class=\"kk-star-ratings kksr-auto kksr-align-left kksr-valign-top\"     data-payload='{&quot;align&quot;:&quot;left&quot;,&quot;id&quot;:&quot;822&quot;,&quot;slug&quot;:&quot;default&quot;,&quot;valign&quot;:&quot;top&quot;,&quot;ignore&quot;:&quot;&quot;,&quot;reference&quot;:&quot;auto&quot;,&quot;class&quot;:&quot;&quot;,&quot;count&quot;:&quot;20&quot;,&quot;legendonly&quot;:&quot;&quot;,&quot;readonly&quot;:&quot;&quot;,&quot;score&quot;:&quot;4.5&quot;,&quot;starsonly&quot;:&quot;&quot;,&quot;best&quot;:&quot;5&quot;,&quot;gap&quot;:&quot;5&quot;,&quot;greet&quot;:&quot;Rate this product&quot;,&quot;legend&quot;:&quot;4.5\\\/5 - (20 b\u00ecnh ch\u1ecdn)&quot;,&quot;size&quot;:&quot;24&quot;,&quot;title&quot;:&quot;Fish Meat Bone Separating Machine&quot;,&quot;width&quot;:&quot;128&quot;,&quot;_legend&quot;:&quot;{score}\\\/{best} - ({count} {votes})&quot;,&quot;font_factor&quot;:&quot;1.25&quot;}'>              <div class=\"kksr-stars\">      <div class=\"kksr-stars-inactive\">             <div class=\"kksr-star\" data-star=\"1\" style=\"padding-right: 5px\">               <div class=\"kksr-icon\" style=\"width: 24px; height: 24px;\"><\/div>         <\/div>             <div class=\"kksr-star\" data-star=\"2\" style=\"padding-right: 5px\">               <div class=\"kksr-icon\" style=\"width: 24px; height: 24px;\"><\/div>         <\/div>             <div class=\"kksr-star\" data-star=\"3\" style=\"padding-right: 5px\">               <div class=\"kksr-icon\" style=\"width: 24px; height: 24px;\"><\/div>         <\/div>             <div class=\"kksr-star\" data-star=\"4\" style=\"padding-right: 5px\">               <div class=\"kksr-icon\" style=\"width: 24px; height: 24px;\"><\/div>         <\/div>             <div class=\"kksr-star\" data-star=\"5\" style=\"padding-right: 5px\">               <div class=\"kksr-icon\" style=\"width: 24px; height: 24px;\"><\/div>         <\/div>     <\/div>      <div class=\"kksr-stars-active\" style=\"width: 128px;\">             <div class=\"kksr-star\" style=\"padding-right: 5px\">               <div class=\"kksr-icon\" style=\"width: 24px; height: 24px;\"><\/div>         <\/div>             <div class=\"kksr-star\" style=\"padding-right: 5px\">               <div class=\"kksr-icon\" style=\"width: 24px; height: 24px;\"><\/div>         <\/div>             <div class=\"kksr-star\" style=\"padding-right: 5px\">               <div class=\"kksr-icon\" style=\"width: 24px; height: 24px;\"><\/div>         <\/div>             <div class=\"kksr-star\" style=\"padding-right: 5px\">               <div class=\"kksr-icon\" style=\"width: 24px; height: 24px;\"><\/div>         <\/div>             <div class=\"kksr-star\" style=\"padding-right: 5px\">               <div class=\"kksr-icon\" style=\"width: 24px; height: 24px;\"><\/div>         <\/div>     <\/div> <\/div>                   <div class=\"kksr-legend\" style=\"font-size: 19.2px;\">             4.5\/5 - (20 l\u01b0\u1ee3t b\u00ecnh ch\u1ecdn)    <\/div>     <\/div>  <p>M\u00e1y t\u00e1ch x\u01b0\u01a1ng th\u1ecbt c\u00e1 l\u00e0 gi\u1ea3i ph\u00e1p hi\u1ec7u qu\u1ea3 \u0111\u1ec3 t\u00e1ch th\u1ecbt c\u00e1 kh\u1ecfi x\u01b0\u01a1ng, cung c\u1ea5p hi\u1ec7u su\u1ea5t cao v\u00e0 hi\u1ec7u qu\u1ea3 ch\u1ebf bi\u1ebfn tuy\u1ec7t v\u1eddi. M\u00e1y \u0111a n\u0103ng n\u00e0y \u0111\u01b0\u1ee3c thi\u1ebft k\u1ebf \u0111\u1ec3 x\u1eed l\u00fd nhi\u1ec1u lo\u1ea1i c\u00e1, bao g\u1ed3m c\u1ea3 c\u00e1 n\u01b0\u1edbc ng\u1ecdt v\u00e0 n\u01b0\u1edbc m\u1eb7n. <\/p>    <p>N\u00f3 s\u1eed d\u1ee5ng c\u01a1 ch\u1ebf \u0111\u1ed9c \u0111\u00e1o li\u00ean quan \u0111\u1ebfn m\u1ed9t th\u00f9ng thu th\u1eadp th\u1ecbt quay v\u00e0 m\u1ed9t b\u0103ng t\u1ea3i cao su truy\u1ec1n \u0111\u1ed9ng, hi\u1ec7u qu\u1ea3 chi\u1ebft xu\u1ea5t th\u1ecbt c\u00e1 trong khi \u0111\u1ec3 l\u1ea1i x\u01b0\u01a1ng v\u00e0 da. <\/p>    <p>C\u00f3 kh\u1ea3 n\u0103ng x\u1eed l\u00fd t\u1eeb 180 kg \u0111\u1ebfn 1,5 t\u1ea5n c\u00e1 m\u1ed7i gi\u1edd, n\u00f3 \u0111\u1ea3m b\u1ea3o t\u00e1ch bi\u1ec7t s\u1ea1ch s\u1ebd v\u1edbi t\u1ef7 l\u1ec7 lo\u1ea1i b\u1ecf x\u01b0\u01a1ng cao 90%, l\u00e0m cho n\u00f3 l\u00fd t\u01b0\u1edfng \u0111\u1ec3 s\u1ea3n xu\u1ea5t c\u00e1c s\u1ea3n ph\u1ea9m t\u1eeb c\u00e1 nh\u01b0 vi\u00ean c\u00e1 trong c\u1ea3 m\u00f4i tr\u01b0\u1eddng th\u01b0\u01a1ng m\u1ea1i v\u00e0 gia \u0111\u00ecnh.<\/p>    <figure class=\"wp-block-embed is-type-video is-provider-youtube wp-block-embed-youtube wp-embed-aspect-16-9 wp-has-aspect-ratio\"><div class=\"wp-block-embed__wrapper\"> <iframe loading=\"lazy\" title=\"T\u1ed1i \u0111a h\u00f3a n\u0103ng su\u1ea5t: C\u00e1ch s\u1eed d\u1ee5ng m\u00e1y t\u00e1ch x\u01b0\u01a1ng th\u1ecbt c\u00e1 #fishmeatmachine #fish #meatmachine\" width=\"500\" height=\"281\" src=\"https:\/\/www.youtube.com\/embed\/MX41HfokPDU?feature=oembed\" frameborder=\"0\" allow=\"accelerometer; autoplay; clipboard-write; encrypted-media; gyroscope; picture-in-picture; web-share\" referrerpolicy=\"strict-origin-when-cross-origin\" allowfullscreen><\/iframe> <\/div><figcaption class=\"wp-element-caption\">Video l\u00e0m vi\u1ec7c c\u1ee7a m\u00e1y t\u00e1ch x\u01b0\u01a1ng th\u1ecbt c\u00e1<\/figcaption><\/figure>    <h2 class=\"wp-block-heading\">c\u1ea5u tr\u00fac m\u00e1y t\u00e1ch th\u1ecbt c\u00e1 v\u00e0 x\u01b0\u01a1ng<\/h2>    <p>M\u00e1y t\u00e1ch x\u01b0\u01a1ng th\u1ecbt c\u00e1 c\u00f3 c\u1ea5u tr\u00fac nh\u1ecf g\u1ecdn v\u1edbi c\u00e1c th\u00e0nh ph\u1ea7n ch\u00ednh \u0111\u01b0\u1ee3c thi\u1ebft k\u1ebf cho ho\u1ea1t \u0111\u1ed9ng hi\u1ec7u qu\u1ea3:<\/p>    <div class=\"wp-block-media-text is-stacked-on-mobile\"><figure class=\"wp-block-media-text__media\"><img loading=\"lazy\" decoding=\"async\" width=\"720\" height=\"540\" src=\"https:\/\/topfoodmachine.com\/wp-content\/uploads\/2023\/10\/structure-of-the-fish-meat-machine.webp\" alt=\"c\u1ea5u t\u1ea1o c\u1ee7a m\u00e1y l\u00e0m th\u1ecbt c\u00e1\" class=\"wp-image-825 size-full\" srcset=\"https:\/\/topfoodmachine.com\/wp-content\/uploads\/2023\/10\/structure-of-the-fish-meat-machine.webp 720w, https:\/\/topfoodmachine.com\/wp-content\/uploads\/2023\/10\/structure-of-the-fish-meat-machine-300x225.webp 300w\" sizes=\"auto, (max-width: 720px) 100vw, 720px\" \/><\/figure><div class=\"wp-block-media-text__content\"> <ul class=\"wp-block-list\"> <li><strong>\u0110\u1ed9ng c\u01a1<\/strong>. \u0110i\u1ec1u khi\u1ec3n c\u00e1c ch\u1ee9c n\u0103ng c\u1ee7a m\u00e1y.<\/li>    <li><strong>B\u1ed9 c\u1ea1o (trong v\u00e0 ngo\u00e0i)<\/strong>. C\u1ea1o th\u1ecbt c\u00e1 t\u1eeb c\u00e1c b\u1ee9c t\u01b0\u1eddng c\u1ee7a tr\u1ed1ng v\u00e0 lo\u1ea1i b\u1ecf x\u01b0\u01a1ng v\u00e0 da.<\/li>    <li><strong>Thi\u1ebft b\u1ecb c\u0103ng v\u00e0 truy\u1ec1n \u0111\u1ed9ng<\/strong>. \u0110\u1ea3m b\u1ea3o ho\u1ea1t \u0111\u1ed9ng tr\u01a1n tru v\u00e0 truy\u1ec1n \u0111\u1ed9ng \u0111\u1ebfn h\u1ec7 th\u1ed1ng.<\/li>    <li><strong>B\u0103ng t\u1ea3i v\u00e0 b\u0103ng t\u1ea3i th\u1ecbt<\/strong>. V\u1eadn chuy\u1ec3n v\u00e0 \u00e1p l\u1ef1c \u0111\u1ec3 t\u00e1ch th\u1ecbt c\u00e1 kh\u1ecfi x\u01b0\u01a1ng.<\/li>    <li><strong>Tr\u1ed1ng quay<\/strong>. Thay \u0111\u1ed5i k\u00edch th\u01b0\u1edbc theo m\u00f4 h\u00ecnh v\u00e0 \u0111\u00f3ng vai tr\u00f2 quan tr\u1ecdng trong vi\u1ec7c t\u00e1ch th\u1ecbt-x\u01b0\u01a1ng.<\/li> <\/ul> <\/div><\/div>    <div class=\"wp-block-media-text has-media-on-the-right is-stacked-on-mobile\"><div class=\"wp-block-media-text__content\"> <ul class=\"wp-block-list\"> <li><strong>C\u1eeda x\u1ea3 x\u01b0\u01a1ng c\u00e1 v\u00e0 surimi<\/strong>. \u0110\u1ea9y x\u01b0\u01a1ng \u0111\u00e3 t\u00e1ch ra v\u00e0 thu th\u1eadp th\u1ecbt c\u00e1 \u0111\u00e3 ch\u1ebf bi\u1ebfn.<\/li>    <li><strong>C\u1eeda v\u00e0o phi l\u00ea c\u00e1 t\u01b0\u01a1i<\/strong>. \u0110i\u1ec3m v\u00e0o cho phi l\u00ea c\u00e1.<\/li>    <li><strong>Thi\u1ebft b\u1ecb t\u1ef1 \u0111\u1ed9ng \u0111i\u1ec1u ch\u1ec9nh tinh ch\u1ec9nh<\/strong>. \u0110i\u1ec1u ch\u1ec9nh \u00e1p l\u1ef1c \u0111\u1ec3 thu th\u1eadp th\u1ecbt \u0111\u1ed3ng nh\u1ea5t.<\/li>    <li><strong>B\u00e1nh xe c\u1ed1 \u0111\u1ecbnh b\u1ed9 c\u1ea1o<\/strong>. Gi\u1eef b\u1ed9 c\u1ea1o b\u00ean ngo\u00e0i \u1edf v\u1ecb tr\u00ed.<\/li>    <li><strong>\u0110i\u1ec1u ch\u1ec9nh kho\u1ea3ng c\u00e1ch v\u00e0 \u0111\u1ed9 \u0111\u00e0n h\u1ed3i c\u1ee7a b\u0103ng t\u1ea3i<\/strong>. Cho ph\u00e9p \u0111i\u1ec1u ch\u1ec9nh tinh ch\u1ec9nh b\u0103ng t\u1ea3i thu th\u1eadp th\u1ecbt \u0111\u1ec3 \u0111\u1ea1t hi\u1ec7u su\u1ea5t t\u1ed1i \u01b0u.<\/li> <\/ul> <\/div><figure class=\"wp-block-media-text__media\"><img loading=\"lazy\" decoding=\"async\" width=\"720\" height=\"540\" src=\"https:\/\/topfoodmachine.com\/wp-content\/uploads\/2023\/10\/details-of-the-fish-meat-separator.webp\" alt=\"chi ti\u1ebft c\u1ee7a m\u00e1y t\u00e1ch th\u1ecbt c\u00e1\" class=\"wp-image-826 size-full\" srcset=\"https:\/\/topfoodmachine.com\/wp-content\/uploads\/2023\/10\/details-of-the-fish-meat-separator.webp 720w, https:\/\/topfoodmachine.com\/wp-content\/uploads\/2023\/10\/details-of-the-fish-meat-separator-300x225.webp 300w\" sizes=\"auto, (max-width: 720px) 100vw, 720px\" \/><\/figure><\/div>    <p>H\u1ec7 th\u1ed1ng n\u00e0y \u0111\u1ea3m b\u1ea3o t\u00e1ch bi\u1ec7t th\u1ecbt c\u00e1 v\u00e0 x\u01b0\u01a1ng hi\u1ec7u qu\u1ea3 cho nhi\u1ec1u nhu c\u1ea7u ch\u1ebf bi\u1ebfn kh\u00e1c nhau.<\/p>    <h2 class=\"wp-block-heading\">M\u00e1y t\u00e1ch th\u1ecbt c\u00e1 ho\u1ea1t \u0111\u1ed9ng nh\u01b0 th\u1ebf n\u00e0o?<\/h2>    <div class=\"wp-block-media-text is-stacked-on-mobile\"><figure class=\"wp-block-media-text__media\"><img loading=\"lazy\" decoding=\"async\" width=\"720\" height=\"540\" src=\"https:\/\/topfoodmachine.com\/wp-content\/uploads\/2023\/10\/fish-bone-picker.webp\" alt=\"d\u1ee5ng c\u1ee5 g\u1eafp x\u01b0\u01a1ng c\u00e1\" class=\"wp-image-827 size-full\" srcset=\"https:\/\/topfoodmachine.com\/wp-content\/uploads\/2023\/10\/fish-bone-picker.webp 720w, https:\/\/topfoodmachine.com\/wp-content\/uploads\/2023\/10\/fish-bone-picker-300x225.webp 300w\" sizes=\"auto, (max-width: 720px) 100vw, 720px\" \/><\/figure><div class=\"wp-block-media-text__content\"> <ul class=\"wp-block-list\"> <li><strong>C\u01a1 ch\u1ebf tr\u1ed1ng v\u00e0 b\u0103ng cao su<\/strong>. M\u00e1y s\u1eed d\u1ee5ng m\u1ed9t tr\u1ed1ng v\u00e0 m\u1ed9t b\u0103ng cao su quay \u0111\u1ec3 \u00e9p th\u1ecbt c\u00e1.<\/li>    <li><strong>H\u00e0nh \u0111\u1ed9ng \u00e9p l\u1eabn nhau<\/strong>Th\u1ecbt c\u00e1 \u0111\u01b0\u1ee3c t\u00e1ch ra b\u1edfi l\u1ef1c \u00e9p gi\u1eefa th\u00f9ng v\u00e0 b\u0103ng cao su, cho ph\u00e9p th\u1ecbt \u1edf l\u1ea1i b\u00ean trong th\u00f9ng.<\/li>    <li><strong>Lo\u1ea1i b\u1ecf x\u01b0\u01a1ng v\u00e0 da<\/strong>X\u01b0\u01a1ng v\u00e0 da c\u00e1 \u0111\u01b0\u1ee3c \u0111\u1ec3 b\u00ean ngo\u00e0i th\u00f9ng, n\u01a1i ch\u00fang \u0111\u01b0\u1ee3c c\u1ea1o ra b\u1edfi d\u1ee5ng c\u1ee5 c\u1ea1o.<\/li> <\/ul> <\/div><\/div>    <h2 class=\"wp-block-heading\">C\u00e1c t\u00ednh n\u0103ng ch\u00ednh c\u1ee7a m\u00e1y t\u00e1ch th\u1ecbt c\u00e1 v\u00e0 x\u01b0\u01a1ng<\/h2>    <ul class=\"wp-block-list\"> <li><strong>T\u00ednh linh ho\u1ea1t<\/strong>. Ph\u00f9 h\u1ee3p cho c\u1ea3 c\u00e1 bi\u1ec3n v\u00e0 c\u00e1 n\u01b0\u1edbc ng\u1ecdt, v\u00e0 c\u00f3 th\u1ec3 x\u1eed l\u00fd c\u00e1 l\u1edbn b\u1eb1ng c\u00e1ch chia nh\u1ecf ch\u00fang ho\u1eb7c thu th\u1eadp th\u1ecbt tr\u1ef1c ti\u1ebfp t\u1eeb c\u00e1 nh\u1ecf h\u01a1n.<\/li>    <li><strong>T\u00e1ch bi\u1ec7t hi\u1ec7u qu\u1ea3<\/strong>T\u00e1ch bi\u1ec7t hi\u1ec7u qu\u1ea3 x\u01b0\u01a1ng c\u00e1, da v\u00e0 x\u01b0\u01a1ng s\u01b0\u1eddn, t\u0103ng c\u01b0\u1eddng s\u1eed d\u1ee5ng nguy\u00ean li\u1ec7u th\u00f4.<\/li>    <li><strong>T\u1ef7 l\u1ec7 thu th\u1eadp th\u1ecbt cao<\/strong>\u0110\u1ea1t t\u1edbi 95% thu th\u1eadp th\u1ecbt c\u00e1, t\u1ed1i \u01b0u h\u00f3a vi\u1ec7c s\u1eed d\u1ee5ng nguy\u00ean li\u1ec7u th\u00f4.<\/li>    <li><strong>\u0110\u1ed9 b\u1ec1n<\/strong>Thi\u1ebft k\u1ebf nh\u1ecf g\u1ecdn, th\u1ef1c t\u1ebf v\u00e0 b\u1ec1n b\u1ec9 \u0111\u1ea3m b\u1ea3o s\u1eed d\u1ee5ng l\u00e2u d\u00e0i.<\/li>    <li><strong>Gi\u00e1 tr\u1ecb kinh t\u1ebf<\/strong>T\u0103ng gi\u00e1 tr\u1ecb kinh t\u1ebf c\u1ee7a c\u00e1 c\u00f3 gi\u00e1 tr\u1ecb th\u1ea5p b\u1eb1ng c\u00e1ch bi\u1ebfn ch\u00fang th\u00e0nh s\u1ea3n ph\u1ea9m c\u00f3 gi\u00e1 tr\u1ecb cao.<\/li>    <li><strong>\u0110i\u1ec1u ch\u1ec9nh thu\u1eadn ti\u1ec7n<\/strong>C\u00f3 thi\u1ebft b\u1ecb c\u0103ng b\u0103ng cao su \u0111\u1ec3 \u0111i\u1ec1u ch\u1ec9nh \u00e1p l\u1ef1c gi\u1eefa b\u0103ng cao su v\u00e0 con l\u0103n cho ho\u1ea1t \u0111\u1ed9ng hi\u1ec7u qu\u1ea3.<\/li>    <li><strong>\u1ee8ng d\u1ee5ng r\u1ed9ng r\u00e3i<\/strong>Th\u1ecbt c\u00e1 \u0111\u01b0\u1ee3c chi\u1ebft xu\u1ea5t c\u00f3 th\u1ec3 \u0111\u01b0\u1ee3c s\u1eed d\u1ee5ng cho nhi\u1ec1u s\u1ea3n ph\u1ea9m nh\u01b0 vi\u00ean c\u00e1, b\u1ed9t c\u00e1, b\u00e1nh c\u00e1, v\u00e0 nhi\u1ec1u h\u01a1n n\u1eefa.<\/li> <\/ul>    <figure class=\"wp-block-image size-full\"><img loading=\"lazy\" decoding=\"async\" width=\"720\" height=\"540\" src=\"https:\/\/topfoodmachine.com\/wp-content\/uploads\/2023\/10\/fish-bone-separator.webp\" alt=\"m\u00e1y t\u00e1ch x\u01b0\u01a1ng c\u00e1\" class=\"wp-image-824\" srcset=\"https:\/\/topfoodmachine.com\/wp-content\/uploads\/2023\/10\/fish-bone-separator.webp 720w, https:\/\/topfoodmachine.com\/wp-content\/uploads\/2023\/10\/fish-bone-separator-300x225.webp 300w\" sizes=\"auto, (max-width: 720px) 100vw, 720px\" \/><figcaption class=\"wp-element-caption\">m\u00e1y t\u00e1ch x\u01b0\u01a1ng c\u00e1<\/figcaption><\/figure>    <h2 class=\"wp-block-heading\">Thi\u1ebft b\u1ecb h\u1ed7 tr\u1ee3 c\u1ee7a m\u00e1y t\u00e1ch x\u01b0\u01a1ng th\u1ecbt c\u00e1<\/h2>    <ul class=\"wp-block-list\"> <li><strong><a href=\"https:\/\/topfoodmachine.com\/vi\/product\/meatball-making-machine\/\" data-type=\"link\" data-id=\"https:\/\/topfoodmachine.com\/product\/meatball-making-machine\/\">M\u00e1y l\u00e0m th\u1ecbt vi\u00ean<\/a><\/strong>. L\u00fd t\u01b0\u1edfng \u0111\u1ec3 \u0111\u1ecbnh h\u00ecnh th\u1ecbt c\u00e1 \u0111\u00e3 chi\u1ebft xu\u1ea5t th\u00e0nh nh\u1eefng vi\u00ean th\u1ecbt \u0111\u1ed3ng \u0111\u1ec1u cho qu\u00e1 tr\u00ecnh ch\u1ebf bi\u1ebfn ti\u1ebfp theo.<\/li>    <li><strong><a href=\"https:\/\/meat-machine.com\/product\/multifunctional-fish-cutting-machine\/\" data-type=\"link\" data-id=\"https:\/\/meat-machine.com\/product\/multifunctional-fish-cutting-machine\/\" target=\"_blank\" rel=\"noopener\">M\u00e1y c\u1eaft c\u00e1<\/a><\/strong>. Chu\u1ea9n b\u1ecb c\u00e1 b\u1eb1ng c\u00e1ch chia nh\u1ecf ho\u1eb7c c\u1eaft th\u00e0nh k\u00edch th\u01b0\u1edbc ph\u00f9 h\u1ee3p cho vi\u1ec7c t\u00e1ch bi\u1ec7t hi\u1ec7u qu\u1ea3.<\/li> <\/ul>    <p>Nh\u1eefng m\u00e1y n\u00e0y ho\u1ea1t \u0111\u1ed9ng li\u1ec1n m\u1ea1ch v\u1edbi m\u00e1y t\u00e1ch th\u1ecbt c\u00e1, n\u00e2ng cao hi\u1ec7u qu\u1ea3 ch\u1ebf bi\u1ebfn v\u00e0 ch\u1ea5t l\u01b0\u1ee3ng s\u1ea3n ph\u1ea9m.<\/p>    <figure class=\"wp-block-gallery has-nested-images columns-default is-cropped wp-block-gallery-2 is-layout-flex wp-block-gallery-is-layout-flex\"> <figure class=\"wp-block-image size-large\"><img loading=\"lazy\" decoding=\"async\" width=\"720\" height=\"540\" data-id=\"1705\" src=\"https:\/\/topfoodmachine.com\/wp-content\/uploads\/2023\/10\/fish-cutter-machine.webp\" alt=\"m\u00e1y c\u1eaft c\u00e1\" class=\"wp-image-1705\" srcset=\"https:\/\/topfoodmachine.com\/wp-content\/uploads\/2023\/10\/fish-cutter-machine.webp 720w, https:\/\/topfoodmachine.com\/wp-content\/uploads\/2023\/10\/fish-cutter-machine-300x225.webp 300w, https:\/\/topfoodmachine.com\/wp-content\/uploads\/2023\/10\/fish-cutter-machine-16x12.webp 16w\" sizes=\"auto, (max-width: 720px) 100vw, 720px\" \/><figcaption class=\"wp-element-caption\">m\u00e1y c\u1eaft c\u00e1<\/figcaption><\/figure>    <figure class=\"wp-block-image size-large\"><img loading=\"lazy\" decoding=\"async\" width=\"720\" height=\"540\" data-id=\"1150\" src=\"https:\/\/topfoodmachine.com\/wp-content\/uploads\/2024\/02\/meatball-making-machine.webp\" alt=\"m\u00e1y l\u00e0m th\u1ecbt vi\u00ean\" class=\"wp-image-1150\" srcset=\"https:\/\/topfoodmachine.com\/wp-content\/uploads\/2024\/02\/meatball-making-machine.webp 720w, https:\/\/topfoodmachine.com\/wp-content\/uploads\/2024\/02\/meatball-making-machine-300x225.webp 300w\" sizes=\"auto, (max-width: 720px) 100vw, 720px\" \/><figcaption class=\"wp-element-caption\">m\u00e1y l\u00e0m th\u1ecbt vi\u00ean<\/figcaption><\/figure> <\/figure>    <h2 class=\"wp-block-heading\">Th\u00f4ng s\u1ed1 k\u1ef9 thu\u1eadt c\u1ee7a m\u00e1y t\u00e1ch x\u01b0\u01a1ng th\u1ecbt c\u00e1<\/h2>    <figure class=\"wp-block-table\"><table class=\"has-fixed-layout\"><tbody><tr><td>Ng\u01b0\u1eddi m\u1eabu<\/td><td>TZ-F150<\/td><td>TZ-F200<\/td><td>TZ-F300<\/td><td>TZ-F350<\/td><\/tr><tr><td>K\u00edch th\u01b0\u1edbc<\/td><td>850*680*900mm<\/td><td>900*880*950mm<\/td><td>1150*870*1060mm<\/td><td>1300*1000*1050mm<\/td><\/tr><tr><td>c\u00f4ng su\u1ea5t<\/td><td>180kg\/gi\u1edd<\/td><td>280kg\/h<\/td><td>360kg\/h<\/td><td>1.5T\/h<\/td><\/tr><tr><td>Quy\u1ec1n l\u1ef1c<\/td><td>2,2kw<\/td><td>2,2kw<\/td><td>2,2kw<\/td><td>7,5kw<\/td><\/tr><tr><td>\u0110\u1ed9 d\u00e0y \u0111ai<\/td><td>20mm<\/td><td>20mm<\/td><td>20mm<\/td><td>20mm<\/td><\/tr><tr><td>Chi\u1ec1u d\u00e0i \u0111ai<\/td><td>1195mm<\/td><td>1450mm<\/td><td>1450mm<\/td><td>2500mm<\/td><\/tr><tr><td>\u0110\u01b0\u1eddng k\u00ednh th\u00f9ng<\/td><td>162mm<\/td><td>219mm<\/td><td>219mm<\/td><td>300mm<\/td><\/tr><tr><td>\u0110\u1ed9 d\u00e0y th\u00f9ng<\/td><td>8mm<\/td><td>8mm<\/td><td>8mm<\/td><td>12mm<\/td><\/tr><tr><td>\u0110\u01b0\u1eddng k\u00ednh l\u1ed7<\/td><td>2.7mm<\/td><td>2.7mm<\/td><td>2.7mm(3mm\uff09<\/td><td>4\/4.5\/5\/6mm<\/td><\/tr><tr><td>C\u00e2n n\u1eb7ng<\/td><td>220kg<\/td><td>260kg<\/td><td>320kg<\/td><td>750kg<\/td><\/tr><\/tbody><\/table><figcaption class=\"wp-element-caption\">tham s\u1ed1 m\u00e1y t\u00e1ch x\u01b0\u01a1ng th\u1ecbt c\u00e1<\/figcaption><\/figure>    <h2 class=\"wp-block-heading\">C\u00e2u h\u1ecfi th\u01b0\u1eddng g\u1eb7p v\u1ec1 m\u00e1y t\u00e1ch th\u1ecbt c\u00e1<\/h2>    <figure class=\"wp-block-gallery has-nested-images columns-default is-cropped wp-block-gallery-3 is-layout-flex wp-block-gallery-is-layout-flex\"> <figure class=\"wp-block-image size-large\"><img loading=\"lazy\" decoding=\"async\" width=\"720\" height=\"540\" data-id=\"1708\" src=\"https:\/\/topfoodmachine.com\/wp-content\/uploads\/2023\/10\/fish-meat-bone-separator-machine.webp\" alt=\"m\u00e1y t\u00e1ch x\u01b0\u01a1ng th\u1ecbt c\u00e1\" class=\"wp-image-1708\" srcset=\"https:\/\/topfoodmachine.com\/wp-content\/uploads\/2023\/10\/fish-meat-bone-separator-machine.webp 720w, https:\/\/topfoodmachine.com\/wp-content\/uploads\/2023\/10\/fish-meat-bone-separator-machine-300x225.webp 300w, https:\/\/topfoodmachine.com\/wp-content\/uploads\/2023\/10\/fish-meat-bone-separator-machine-16x12.webp 16w\" sizes=\"auto, (max-width: 720px) 100vw, 720px\" \/><figcaption class=\"wp-element-caption\">m\u00e1y t\u00e1ch x\u01b0\u01a1ng th\u1ecbt c\u00e1<\/figcaption><\/figure>    <figure class=\"wp-block-image size-large\"><img loading=\"lazy\" decoding=\"async\" width=\"720\" height=\"540\" data-id=\"1709\" src=\"https:\/\/topfoodmachine.com\/wp-content\/uploads\/2023\/10\/fish-meat-separating-machine-1.webp\" alt=\"m\u00e1y t\u00e1ch th\u1ecbt c\u00e1\" class=\"wp-image-1709\" srcset=\"https:\/\/topfoodmachine.com\/wp-content\/uploads\/2023\/10\/fish-meat-separating-machine-1.webp 720w, https:\/\/topfoodmachine.com\/wp-content\/uploads\/2023\/10\/fish-meat-separating-machine-1-300x225.webp 300w, https:\/\/topfoodmachine.com\/wp-content\/uploads\/2023\/10\/fish-meat-separating-machine-1-16x12.webp 16w\" sizes=\"auto, (max-width: 720px) 100vw, 720px\" \/><figcaption class=\"wp-element-caption\">m\u00e1y t\u00e1ch th\u1ecbt c\u00e1<\/figcaption><\/figure> <\/figure>   <div id=\"rank-math-faq\" class=\"rank-math-block\"> <div class=\"rank-math-list\"> <div id=\"faq-question-1735285767463\" class=\"rank-math-list-item\"> <h3 class=\"rank-math-question\">M\u00e1y c\u00f3 th\u1ec3 x\u1eed l\u00fd lo\u1ea1i c\u00e1 n\u00e0o?<\/h3> <div class=\"rank-math-answer\">  <p>M\u00e1y c\u00f3 th\u1ec3 x\u1eed l\u00fd c\u1ea3 c\u00e1 n\u01b0\u1edbc ng\u1ecdt v\u00e0 c\u00e1 bi\u1ec3n. N\u00f3 ho\u1ea1t \u0111\u1ed9ng hi\u1ec7u qu\u1ea3 v\u1edbi c\u00e1 nh\u1ecf tr\u1ef1c ti\u1ebfp v\u00e0 c\u00e1 l\u1edbn \u0111\u00e3 ph\u00e2n \u0111o\u1ea1n.<\/p>  <\/div> <\/div> <div id=\"faq-question-1735285790161\" class=\"rank-math-list-item\"> <h3 class=\"rank-math-question\">Y\u00eau c\u1ea7u v\u1ec1 c\u00f4ng su\u1ea5t c\u1ee7a m\u00e1y l\u00e0 g\u00ec?<\/h3> <div class=\"rank-math-answer\">  <p>M\u00e1y ho\u1ea1t \u0111\u1ed9ng v\u1edbi c\u00f4ng su\u1ea5t ti\u00eau chu\u1ea9n v\u00e0 c\u00f3 thi\u1ebft b\u1ecb \u0111i\u1ec1u ch\u1ec9nh \u0111\u1ed9 c\u0103ng b\u0103ng t\u1ea3i cao su cho qu\u00e1 tr\u00ecnh ch\u1ebf bi\u1ebfn ch\u00ednh x\u00e1c.<\/p>  <\/div> <\/div> <div id=\"faq-question-1735285851311\" class=\"rank-math-list-item\"> <h3 class=\"rank-math-question\">Nh\u1eefng s\u1ea3n ph\u1ea9m n\u00e0o c\u00f3 th\u1ec3 \u0111\u01b0\u1ee3c l\u00e0m t\u1eeb th\u1ecbt c\u00e1 \u0111\u00e3 chi\u1ebft xu\u1ea5t?<\/h3> <div class=\"rank-math-answer\">  <p>S\u1ea3n ph\u1ea9m \u0111\u1ea7u ra c\u1ee7a m\u00e1y r\u1ea5t l\u00fd t\u01b0\u1edfng cho vi\u00ean c\u00e1, b\u1ed9t c\u00e1, b\u00e1nh bao c\u00e1, vi\u00ean t\u00f4m, b\u00e1nh cua, v\u00e0 nhi\u1ec1u h\u01a1n n\u1eefa.<\/p>  <\/div> <\/div> <div id=\"faq-question-1735285894302\" class=\"rank-math-list-item\"> <h3 class=\"rank-math-question\">L\u00e0m th\u1ebf n\u00e0o \u0111\u1ec3 t\u00f4i \u0111\u1eb7t h\u00e0ng ho\u1eb7c h\u1ecfi th\u00eam?<\/h3> <div class=\"rank-math-answer\">  <p>H\u00e3y li\u00ean h\u1ec7 tr\u1ef1c ti\u1ebfp v\u1edbi ch\u00fang t\u00f4i \u0111\u1ec3 bi\u1ebft gi\u00e1 c\u1ea3, t\u00f9y ch\u1ecdn t\u00f9y ch\u1ec9nh v\u00e0 th\u00eam th\u00f4ng tin v\u1ec1 m\u00e1y.<\/p>  <\/div> <\/div> <\/div> <\/div>   <h2 class=\"wp-block-heading\">Ph\u1ea7n k\u1ebft lu\u1eadn<\/h2>    <p>\u0110\u1ea7u t\u01b0 v\u00e0o m\u00e1y t\u00e1ch x\u01b0\u01a1ng th\u1ecbt c\u00e1 \u0111\u1ea3m b\u1ea3o ch\u1ebf bi\u1ebfn hi\u1ec7u qu\u1ea3, t\u0103ng c\u01b0\u1eddng s\u1eed d\u1ee5ng nguy\u00ean li\u1ec7u th\u00f4, v\u00e0 kh\u1ea3 n\u0103ng s\u1ea3n xu\u1ea5t nhi\u1ec1u s\u1ea3n ph\u1ea9m h\u1ea3i s\u1ea3n c\u00f3 gi\u00e1 tr\u1ecb cao. <\/p>    <figure class=\"wp-block-image size-full\"><img loading=\"lazy\" decoding=\"async\" width=\"720\" height=\"540\" src=\"https:\/\/topfoodmachine.com\/wp-content\/uploads\/2023\/10\/fish-bone-removing-machine.webp\" alt=\"m\u00e1y t\u00e1ch x\u01b0\u01a1ng c\u00e1\" class=\"wp-image-823\" srcset=\"https:\/\/topfoodmachine.com\/wp-content\/uploads\/2023\/10\/fish-bone-removing-machine.webp 720w, https:\/\/topfoodmachine.com\/wp-content\/uploads\/2023\/10\/fish-bone-removing-machine-300x225.webp 300w\" sizes=\"auto, (max-width: 720px) 100vw, 720px\" \/><figcaption class=\"wp-element-caption\">m\u00e1y t\u00e1ch x\u01b0\u01a1ng c\u00e1<\/figcaption><\/figure>    <p>V\u1edbi thi\u1ebft k\u1ebf b\u1ec1n b\u1ec9 v\u00e0 \u1ee9ng d\u1ee5ng \u0111a d\u1ea1ng, m\u00e1y n\u00e0y l\u00e0 l\u1ef1a ch\u1ecdn l\u00fd t\u01b0\u1edfng cho c\u00e1c doanh nghi\u1ec7p ch\u1ebf bi\u1ebfn h\u1ea3i s\u1ea3n. Li\u00ean h\u1ec7 v\u1edbi ch\u00fang t\u00f4i h\u00f4m nay \u0111\u1ec3 t\u00ecm hi\u1ec3u th\u00eam v\u1ec1 m\u00e1y m\u00f3c s\u00e1ng t\u1ea1o n\u00e0y v\u00e0 nh\u1eadn b\u00e1o gi\u00e1 t\u00f9y ch\u1ec9nh ph\u00f9 h\u1ee3p v\u1edbi nhu c\u1ea7u c\u1ee7a b\u1ea1n!<\/p>","protected":false},"excerpt":{"rendered":"<p>M\u00e1y t\u00e1ch th\u1ecbt c\u00e1 v\u00e0 x\u01b0\u01a1ng l\u00e0 gi\u1ea3i ph\u00e1p hi\u1ec7u qu\u1ea3 \u0111\u1ec3 t\u00e1ch th\u1ecbt c\u00e1 kh\u1ecfi x\u01b0\u01a1ng, cung c\u1ea5p hi\u1ec7u su\u1ea5t cao v\u00e0 hi\u1ec7u qu\u1ea3 ch\u1ebf bi\u1ebfn xu\u1ea5t s\u1eafc.<\/p>","protected":false},"author":1,"featured_media":828,"parent":0,"template":"","tags":[96,95,97],"product-type":[7],"class_list":["post-822","product","type-product","status-publish","has-post-thumbnail","hentry","tag-fish","tag-fish-meat-bone-separating-machine","tag-meat","product-type-egg-meat-processing-machine"],"_links":{"self":[{"href":"https:\/\/topfoodmachine.com\/vi\/wp-json\/wp\/v2\/product\/822","targetHints":{"allow":["GET"]}}],"collection":[{"href":"https:\/\/topfoodmachine.com\/vi\/wp-json\/wp\/v2\/product"}],"about":[{"href":"https:\/\/topfoodmachine.com\/vi\/wp-json\/wp\/v2\/types\/product"}],"author":[{"embeddable":true,"href":"https:\/\/topfoodmachine.com\/vi\/wp-json\/wp\/v2\/users\/1"}],"wp:featuredmedia":[{"embeddable":true,"href":"https:\/\/topfoodmachine.com\/vi\/wp-json\/wp\/v2\/media\/828"}],"wp:attachment":[{"href":"https:\/\/topfoodmachine.com\/vi\/wp-json\/wp\/v2\/media?parent=822"}],"wp:term":[{"taxonomy":"post_tag","embeddable":true,"href":"https:\/\/topfoodmachine.com\/vi\/wp-json\/wp\/v2\/tags?post=822"},{"taxonomy":"product-type","embeddable":true,"href":"https:\/\/topfoodmachine.com\/vi\/wp-json\/wp\/v2\/product-type?post=822"}],"curies":[{"name":"wp","href":"https:\/\/api.w.org\/{rel}","templated":true}]}}