{"id":805,"date":"2023-10-19T13:30:17","date_gmt":"2023-10-19T05:30:17","guid":{"rendered":"https:\/\/topfoodmachine.com\/?post_type=product&#038;p=805"},"modified":"2025-08-05T18:00:36","modified_gmt":"2025-08-05T10:00:36","slug":"automatic-meat-grinder","status":"publish","type":"product","link":"https:\/\/topfoodmachine.com\/vi\/product\/automatic-meat-grinder\/","title":{"rendered":"M\u00e1y xay th\u1ecbt t\u1ef1 \u0111\u1ed9ng"},"content":{"rendered":"<div class=\"kk-star-ratings kksr-auto kksr-align-left kksr-valign-top\"     data-payload='{&quot;align&quot;:&quot;left&quot;,&quot;id&quot;:&quot;805&quot;,&quot;slug&quot;:&quot;default&quot;,&quot;valign&quot;:&quot;top&quot;,&quot;ignore&quot;:&quot;&quot;,&quot;reference&quot;:&quot;auto&quot;,&quot;class&quot;:&quot;&quot;,&quot;count&quot;:&quot;23&quot;,&quot;legendonly&quot;:&quot;&quot;,&quot;readonly&quot;:&quot;&quot;,&quot;score&quot;:&quot;4.8&quot;,&quot;starsonly&quot;:&quot;&quot;,&quot;best&quot;:&quot;5&quot;,&quot;gap&quot;:&quot;5&quot;,&quot;greet&quot;:&quot;Rate this product&quot;,&quot;legend&quot;:&quot;4.8\\\/5 - (23 b\u00ecnh ch\u1ecdn)&quot;,&quot;size&quot;:&quot;24&quot;,&quot;title&quot;:&quot;Automatic Meat Grinder&quot;,&quot;width&quot;:&quot;136.7&quot;,&quot;_legend&quot;:&quot;{score}\\\/{best} - ({count} {votes})&quot;,&quot;font_factor&quot;:&quot;1.25&quot;}'>              <div class=\"kksr-stars\">      <div class=\"kksr-stars-inactive\">             <div class=\"kksr-star\" data-star=\"1\" style=\"padding-right: 5px\">               <div class=\"kksr-icon\" style=\"width: 24px; height: 24px;\"><\/div>         <\/div>             <div class=\"kksr-star\" data-star=\"2\" style=\"padding-right: 5px\">               <div class=\"kksr-icon\" style=\"width: 24px; height: 24px;\"><\/div>         <\/div>             <div class=\"kksr-star\" data-star=\"3\" style=\"padding-right: 5px\">               <div class=\"kksr-icon\" style=\"width: 24px; height: 24px;\"><\/div>         <\/div>             <div class=\"kksr-star\" data-star=\"4\" style=\"padding-right: 5px\">               <div class=\"kksr-icon\" style=\"width: 24px; height: 24px;\"><\/div>         <\/div>             <div class=\"kksr-star\" data-star=\"5\" style=\"padding-right: 5px\">               <div class=\"kksr-icon\" style=\"width: 24px; height: 24px;\"><\/div>         <\/div>     <\/div>      <div class=\"kksr-stars-active\" style=\"width: 136.7px;\">             <div class=\"kksr-star\" style=\"padding-right: 5px\">               <div class=\"kksr-icon\" style=\"width: 24px; height: 24px;\"><\/div>         <\/div>             <div class=\"kksr-star\" style=\"padding-right: 5px\">               <div class=\"kksr-icon\" style=\"width: 24px; height: 24px;\"><\/div>         <\/div>             <div class=\"kksr-star\" style=\"padding-right: 5px\">               <div class=\"kksr-icon\" style=\"width: 24px; height: 24px;\"><\/div>         <\/div>             <div class=\"kksr-star\" style=\"padding-right: 5px\">               <div class=\"kksr-icon\" style=\"width: 24px; height: 24px;\"><\/div>         <\/div>             <div class=\"kksr-star\" style=\"padding-right: 5px\">               <div class=\"kksr-icon\" style=\"width: 24px; height: 24px;\"><\/div>         <\/div>     <\/div> <\/div>                   <div class=\"kksr-legend\" style=\"font-size: 19.2px;\">             4.8\/5 - (23 l\u01b0\u1ee3t b\u00ecnh ch\u1ecdn)    <\/div>     <\/div>  <p class=\"translation-block\"><strong>M\u00e1y xay th\u1ecbt<\/strong> c\u00f3 kh\u1ea3 n\u0103ng x\u1eed l\u00fd hi\u1ec7u qu\u1ea3 c\u1ea3 th\u1ecbt t\u01b0\u01a1i v\u00e0 \u0111\u00f4ng l\u1ea1nh m\u00e0 kh\u00f4ng c\u1ea7n r\u00e3 \u0111\u00f4ng tr\u01b0\u1edbc\u2014gi\u00fap gi\u1eef l\u1ea1i h\u01b0\u01a1ng v\u1ecb t\u1ef1 nhi\u00ean v\u00e0 ch\u1ea5t dinh d\u01b0\u1ee1ng c\u1ee7a th\u1ecbt. V\u1edbi <strong>kh\u1ea3 n\u0103ng x\u1eed l\u00fd t\u1eeb 500 \u0111\u1ebfn 3000kg\/h<\/strong>, m\u00e1y xay n\u00e0y ho\u00e0n to\u00e0n ph\u00f9 h\u1ee3p cho c\u00e1c ho\u1ea1t \u0111\u1ed9ng quy m\u00f4 v\u1eeba \u0111\u1ebfn l\u1edbn.<\/p>    <p class=\"translation-block\">\u0110\u01b0\u1ee3c x\u00e2y d\u1ef1ng v\u1edbi <strong>c\u1ea5u tr\u00fac th\u00e9p kh\u00f4ng g\u1ec9 b\u1ec1n b\u1ec9<\/strong> v\u00e0 \u0111\u01b0\u1ee3c cung c\u1ea5p n\u0103ng l\u01b0\u1ee3ng b\u1edfi m\u1ed9t \u0111\u1ed9ng c\u01a1 hi\u1ec7u su\u1ea5t cao, m\u00e1y \u0111\u1ea3m b\u1ea3o ho\u1ea1t \u0111\u1ed9ng v\u1ec7 sinh, b\u1ec1n l\u00e2u v\u00e0 d\u1ec5 d\u00e0ng v\u1ec7 sinh. N\u00f3 c\u00f3 th\u1ec3 xay th\u1ecbt th\u00e0nh nhi\u1ec1u k\u00edch th\u01b0\u1edbc h\u1ea1t kh\u00e1c nhau, khi\u1ebfn n\u00f3 ph\u00f9 h\u1ee3p cho nhi\u1ec1u \u1ee9ng d\u1ee5ng kh\u00e1c nhau nh\u01b0 <strong>x\u00fac x\u00edch, vi\u00ean th\u1ecbt, b\u00e1nh m\u00ec k\u1eb9p th\u1ecbt<\/strong>, v\u00e0 nhi\u1ec1u h\u01a1n n\u1eefa. <\/p>    <p class=\"translation-block\">Nh\u1edd v\u00e0o <strong>\u0111\u1ed9 tin c\u1eady v\u00e0 t\u00ednh linh ho\u1ea1t<\/strong>, M\u00e1y xay th\u1ecbt \u0111\u01b0\u1ee3c \u00e1p d\u1ee5ng r\u1ed9ng r\u00e3i trong <strong>c\u00e1c nh\u00e0 m\u00e1y ch\u1ebf bi\u1ebfn th\u1ecbt, b\u1ebfp th\u01b0\u01a1ng m\u1ea1i v\u00e0 c\u01a1 s\u1edf s\u1ea3n xu\u1ea5t th\u1ef1c ph\u1ea9m<\/strong>, cung c\u1ea5p gi\u1ea3i ph\u00e1p \u0111\u1ea7u ra cao cho s\u1eed d\u1ee5ng chuy\u00ean nghi\u1ec7p.<\/p>    <figure class=\"wp-block-embed is-type-video is-provider-youtube wp-block-embed-youtube wp-embed-aspect-16-9 wp-has-aspect-ratio\"><div class=\"wp-block-embed__wrapper\"> <iframe loading=\"lazy\" title=\"M\u1eb9o s\u1eed d\u1ee5ng m\u00e1y xay th\u1ecbt: C\u00e1ch xay th\u1ecbt nh\u01b0 m\u1ed9t chuy\u00ean gia #th\u1ecbt #xay #m\u00e1yth\u1ef1cph\u1ea9m\" width=\"500\" height=\"281\" src=\"https:\/\/www.youtube.com\/embed\/SgF-Z95lqes?feature=oembed\" frameborder=\"0\" allow=\"accelerometer; autoplay; clipboard-write; encrypted-media; gyroscope; picture-in-picture; web-share\" referrerpolicy=\"strict-origin-when-cross-origin\" allowfullscreen><\/iframe> <\/div><figcaption class=\"wp-element-caption\">video l\u00e0m vi\u1ec7c c\u1ee7a m\u00e1y xay th\u1ecbt<\/figcaption><\/figure>    <h2 class=\"wp-block-heading\">C\u00e1c \u1ee9ng d\u1ee5ng c\u1ee7a m\u00e1y xay th\u1ecbt<\/h2>    <div class=\"wp-block-media-text is-stacked-on-mobile\"><figure class=\"wp-block-media-text__media\"><img loading=\"lazy\" decoding=\"async\" width=\"720\" height=\"540\" src=\"https:\/\/topfoodmachine.com\/wp-content\/uploads\/2023\/10\/meat-grinding.webp\" alt=\"xay th\u1ecbt\" class=\"wp-image-819 size-full\" srcset=\"https:\/\/topfoodmachine.com\/wp-content\/uploads\/2023\/10\/meat-grinding.webp 720w, https:\/\/topfoodmachine.com\/wp-content\/uploads\/2023\/10\/meat-grinding-300x225.webp 300w\" sizes=\"auto, (max-width: 720px) 100vw, 720px\" \/><\/figure><div class=\"wp-block-media-text__content\"> <p>M\u00e1y xay th\u1ecbt \u0111\u01b0\u1ee3c s\u1eed d\u1ee5ng r\u1ed9ng r\u00e3i trong ng\u00e0nh ch\u1ebf bi\u1ebfn th\u1ef1c ph\u1ea9m \u0111\u1ec3 s\u1ea3n xu\u1ea5t x\u00fac x\u00edch, gi\u0103m b\u00f4ng, vi\u00ean th\u1ecbt, th\u1ecbt \u0103n tr\u01b0a, th\u1ee9c \u0103n cho th\u00fa c\u01b0ng v\u00e0 c\u00e1c s\u1ea3n ph\u1ea9m th\u1ecbt xay kh\u00e1c. <\/p>    <p>N\u00f3 xay th\u1ecbt t\u01b0\u01a1i ho\u1eb7c \u0111\u00f4ng l\u1ea1nh m\u1ed9t c\u00e1ch hi\u1ec7u qu\u1ea3, l\u00e0m cho n\u00f3 tr\u1edf th\u00e0nh thi\u1ebft b\u1ecb thi\u1ebft y\u1ebfu cho c\u00e1c nh\u00e0 m\u00e1y ch\u1ebf bi\u1ebfn th\u1ecbt, nh\u00e0 h\u00e0ng, c\u1eeda h\u00e0ng th\u1ecbt v\u00e0 nh\u00e0 s\u1ea3n xu\u1ea5t th\u1ee9c \u0103n cho th\u00fa c\u01b0ng.<\/p> <\/div><\/div>    <h2 class=\"wp-block-heading\">C\u1ea5u tr\u00fac c\u1ee7a m\u00e1y xay th\u1ecbt<\/h2>    <div class=\"wp-block-media-text has-media-on-the-right is-stacked-on-mobile\"><div class=\"wp-block-media-text__content\"> <ul class=\"wp-block-list\"> <li>Tr\u1ee5c l\u00e0m vi\u1ec7c. \u0110\u01b0\u1ee3c l\u00e0m b\u1eb1ng th\u00e9p kh\u00f4ng g\u1ec9 c\u01b0\u1eddng \u0111\u1ed9 cao, b\u1ec1n v\u00e0 ch\u1ecbu \u0111\u01b0\u1ee3c bi\u1ebfn d\u1ea1ng.<\/li>    <li>Bu\u1ed3ng \u00e9p. Ch\u1ee9a th\u1ecbt \u0111\u1ec3 xay v\u00e0 \u0111\u1ea3m b\u1ea3o \u00e1p l\u1ef1c \u0111\u1ed3ng \u0111\u1ec1u.<\/li>    <li>V\u1ecf \u00e9p. H\u01b0\u1edbng d\u1eabn th\u1ecbt qua qu\u00e1 tr\u00ecnh xay.<\/li>    <li>H\u1ed9p ch\u1ee9a. Gi\u1eef th\u1ecbt s\u1ed1ng tr\u01b0\u1edbc khi xay.<\/li>    <li>C\u1ed5ng x\u1ea3. Xu\u1ea5t th\u1ecbt xay m\u1ed9t c\u00e1ch m\u01b0\u1ee3t m\u00e0.<\/li>    <li>\u0110\u1ed9ng c\u01a1. Cung c\u1ea5p n\u0103ng l\u01b0\u1ee3ng \u1ed5n \u0111\u1ecbnh cho vi\u1ec7c xay hi\u1ec7u qu\u1ea3.<\/li>    <li>B\u00e1nh xe \u0111a n\u0103ng. D\u1ec5 d\u00e0ng di chuy\u1ec3n m\u00e1y khi c\u1ea7n.<\/li>    <li>Gh\u1ebf dao ch\u00ednh. Gi\u1eef ch\u1eafc c\u00e1c l\u01b0\u1ee1i c\u1eaft.<\/li>    <li>V\u1ecf. B\u1ea3o v\u1ec7 c\u00e1c th\u00e0nh ph\u1ea7n b\u00ean trong v\u00e0 \u0111\u1ea3m b\u1ea3o an to\u00e0n.<\/li> <\/ul> <\/div><figure class=\"wp-block-media-text__media\"><img loading=\"lazy\" decoding=\"async\" width=\"720\" height=\"540\" src=\"https:\/\/topfoodmachine.com\/wp-content\/uploads\/2023\/10\/commercial-meat-grinder.webp\" alt=\"m\u00e1y xay th\u1ecbt th\u01b0\u01a1ng m\u1ea1i\" class=\"wp-image-817 size-full\" srcset=\"https:\/\/topfoodmachine.com\/wp-content\/uploads\/2023\/10\/commercial-meat-grinder.webp 720w, https:\/\/topfoodmachine.com\/wp-content\/uploads\/2023\/10\/commercial-meat-grinder-300x225.webp 300w\" sizes=\"auto, (max-width: 720px) 100vw, 720px\" \/><\/figure><\/div>    <h2 class=\"wp-block-heading\">C\u00e1c t\u00ednh n\u0103ng ch\u00ednh c\u1ee7a m\u00e1y xay th\u1ecbt<\/h2>    <div class=\"wp-block-media-text is-stacked-on-mobile\"><figure class=\"wp-block-media-text__media\"><img loading=\"lazy\" decoding=\"async\" width=\"720\" height=\"540\" src=\"https:\/\/topfoodmachine.com\/wp-content\/uploads\/2023\/10\/details-of-meat-grinder.webp\" alt=\"chi ti\u1ebft c\u1ee7a m\u00e1y xay th\u1ecbt\" class=\"wp-image-809 size-full\" srcset=\"https:\/\/topfoodmachine.com\/wp-content\/uploads\/2023\/10\/details-of-meat-grinder.webp 720w, https:\/\/topfoodmachine.com\/wp-content\/uploads\/2023\/10\/details-of-meat-grinder-300x225.webp 300w\" sizes=\"auto, (max-width: 720px) 100vw, 720px\" \/><\/figure><div class=\"wp-block-media-text__content\"> <ul class=\"wp-block-list\"> <li>\u0110\u1ed9ng c\u01a1 cung c\u1ea5p hi\u1ec7u su\u1ea5t m\u1ea1nh m\u1ebd \u0111\u1ec3 xay nhanh ch\u00f3ng v\u00e0 hi\u1ec7u qu\u1ea3, ngay c\u1ea3 v\u1edbi c\u00e1c mi\u1ebfng th\u1ecbt l\u1edbn ho\u1eb7c kh\u00f3 xay.<\/li>    <li>C\u00e0i \u0111\u1eb7t t\u1ed1c \u0111\u1ed9 \u0111i\u1ec1u ch\u1ec9nh cho ph\u00e9p xay t\u00f9y ch\u1ec9nh, mang l\u1ea1i k\u1ebft c\u1ea5u m\u1ecbn h\u01a1n ho\u1eb7c th\u00f4 h\u01a1n theo nhu c\u1ea7u.<\/li>    <li>Ch\u1ee9c n\u0103ng \u0111\u1ea3o ng\u01b0\u1ee3c nhanh ch\u00f3ng l\u00e0m s\u1ea1ch c\u00e1c t\u1eafc ngh\u1ebdn b\u1eb1ng c\u00e1ch \u0111\u1ea3o ng\u01b0\u1ee3c h\u01b0\u1edbng c\u1ee7a tr\u1ee5c.<\/li>    <li>Nhi\u1ec1u \u0111\u0129a khu\u00f4n c\u00f3 l\u1ed7 cho ph\u00e9p b\u1ea1n ki\u1ec3m so\u00e1t k\u00edch th\u01b0\u1edbc c\u1ee7a c\u00e1c h\u1ea1t th\u1ecbt xay m\u1ed9t c\u00e1ch ch\u00ednh x\u00e1c.<\/li> <\/ul> <\/div><\/div>    <div class=\"wp-block-media-text has-media-on-the-right is-stacked-on-mobile\"><div class=\"wp-block-media-text__content\"> <ul class=\"wp-block-list\"> <li>M\u00e1y \u0111a n\u0103ng n\u00e0y x\u1eed l\u00fd nhi\u1ec1u c\u00f4ng vi\u1ec7c, bao g\u1ed3m xay th\u1ecbt \u0111\u00f4ng l\u1ea1nh, \u0111\u1ec3 t\u0103ng c\u01b0\u1eddng hi\u1ec7u qu\u1ea3 s\u1ea3n xu\u1ea5t v\u00e0 gi\u1ea3m lao \u0111\u1ed9ng.<\/li>    <li>Xay nhanh ch\u00f3ng gi\u1ea3m thi\u1ec3u s\u1ef1 t\u00edch t\u1ee5 nhi\u1ec7t, b\u1ea3o t\u1ed3n \u0111\u1ed9 t\u01b0\u01a1i v\u00e0 k\u00e9o d\u00e0i th\u1eddi gian b\u1ea3o qu\u1ea3n c\u1ee7a c\u00e1c s\u1ea3n ph\u1ea9m th\u1ecbt.<\/li>    <li>T\u1ea5t c\u1ea3 c\u00e1c th\u00e0nh ph\u1ea7n \u0111\u1ec1u \u0111\u01b0\u1ee3c l\u00e0m t\u1eeb th\u00e9p kh\u00f4ng g\u1ec9 \u0111\u1ea1t ti\u00eau chu\u1ea9n th\u1ef1c ph\u1ea9m \u0111\u1ec3 \u0111\u1ea3m b\u1ea3o tu\u00e2n th\u1ee7 c\u00e1c ti\u00eau chu\u1ea9n v\u1ec7 sinh nghi\u00eam ng\u1eb7t.<\/li>    <li>M\u00e1y x\u1eed l\u00fd th\u1ecbt s\u1ed1ng m\u1ed9t c\u00e1ch hi\u1ec7u qu\u1ea3 th\u00e0nh c\u00e1c lo\u1ea1i nh\u00e2n h\u1ea1t \u0111\u1ed3ng nh\u1ea5t \u0111\u1ec3 \u0111\u00e1p \u1ee9ng c\u00e1c nhu c\u1ea7u s\u1ea3n xu\u1ea5t \u0111a d\u1ea1ng.<\/li> <\/ul> <\/div><figure class=\"wp-block-media-text__media\"><img loading=\"lazy\" decoding=\"async\" width=\"720\" height=\"540\" src=\"https:\/\/topfoodmachine.com\/wp-content\/uploads\/2023\/10\/working-process-of-meat-grinder.webp\" alt=\"quy tr\u00ecnh l\u00e0m vi\u1ec7c c\u1ee7a m\u00e1y xay th\u1ecbt\" class=\"wp-image-810 size-full\" srcset=\"https:\/\/topfoodmachine.com\/wp-content\/uploads\/2023\/10\/working-process-of-meat-grinder.webp 720w, https:\/\/topfoodmachine.com\/wp-content\/uploads\/2023\/10\/working-process-of-meat-grinder-300x225.webp 300w\" sizes=\"auto, (max-width: 720px) 100vw, 720px\" \/><\/figure><\/div>    <h2 class=\"wp-block-heading\">M\u00e1y xay th\u1ecbt ho\u1ea1t \u0111\u1ed9ng nh\u01b0 th\u1ebf n\u00e0o?<\/h2>    <div class=\"wp-block-media-text is-stacked-on-mobile\"><figure class=\"wp-block-media-text__media\"><img loading=\"lazy\" decoding=\"async\" width=\"720\" height=\"540\" src=\"https:\/\/topfoodmachine.com\/wp-content\/uploads\/2023\/10\/best-meat-grinder.webp\" alt=\"m\u00e1y xay th\u1ecbt t\u1ed1t nh\u1ea5t\" class=\"wp-image-808 size-full\" srcset=\"https:\/\/topfoodmachine.com\/wp-content\/uploads\/2023\/10\/best-meat-grinder.webp 720w, https:\/\/topfoodmachine.com\/wp-content\/uploads\/2023\/10\/best-meat-grinder-300x225.webp 300w\" sizes=\"auto, (max-width: 720px) 100vw, 720px\" \/><\/figure><div class=\"wp-block-media-text__content\"> <ul class=\"wp-block-list\"> <li>Chu\u1ea9n b\u1ecb th\u1ecbt b\u1eb1ng c\u00e1ch c\u1eaft b\u1ecf m\u1ee1 th\u1eeba v\u00e0 lo\u1ea1i b\u1ecf x\u01b0\u01a1ng tr\u01b0\u1edbc khi xay.<\/li>    <li>L\u1eafp r\u00e1p m\u00e1y xay b\u1eb1ng c\u00e1ch g\u1eafn ch\u1eafc ch\u1eafn c\u00e1c \u0111\u0129a v\u00e0 l\u01b0\u1ee1i xay.<\/li>    <li>Cho c\u00e1c mi\u1ebfng th\u1ecbt \u0111\u00e3 chu\u1ea9n b\u1ecb v\u00e0o h\u1ed9p ch\u1ee9a, s\u1eed d\u1ee5ng d\u1ee5ng c\u1ee5 \u0111\u1ea9y th\u1ef1c ph\u1ea9m \u0111\u1ec3 h\u01b0\u1edbng d\u1eabn n\u1ebfu c\u00f3.<\/li>    <li>B\u1eadt m\u00e1y \u0111\u1ec3 k\u00edch ho\u1ea1t tr\u1ee5c, \u0111\u1ea9y th\u1ecbt v\u1ec1 ph\u00eda l\u01b0\u1ee1i c\u1eaft \u0111\u1ec3 xay.<\/li>    <li>\u0110i\u1ec1u ch\u1ec9nh \u0111\u1ed9 th\u00f4 c\u1ee7a vi\u1ec7c xay b\u1eb1ng c\u00e1ch ch\u1ecdn c\u00e1c \u0111\u0129a xay v\u1edbi k\u00edch th\u01b0\u1edbc l\u1ed7 kh\u00e1c nhau.<\/li>    <li>Thu th\u1eadp th\u1ecbt xay khi n\u00f3 ra kh\u1ecfi m\u00e1y xay, s\u1eb5n s\u00e0ng cho vi\u1ec7c n\u1ea5u n\u01b0\u1edbng ho\u1eb7c ch\u1ebf bi\u1ebfn th\u00eam.<\/li> <\/ul> <\/div><\/div>    <h2 class=\"wp-block-heading\">B\u1ea3o tr\u00ec m\u00e1y xay th\u1ecbt<\/h2>    <div class=\"wp-block-media-text has-media-on-the-right is-stacked-on-mobile\"><div class=\"wp-block-media-text__content\"> <ul class=\"wp-block-list\"> <li>V\u1ec7 sinh \u0111\u1ecbnh k\u1ef3. Th\u00e1o r\u1eddi m\u00e1y xay sau m\u1ed7i l\u1ea7n s\u1eed d\u1ee5ng v\u00e0 r\u1eeda t\u1ea5t c\u1ea3 c\u00e1c b\u1ed9 ph\u1eadn c\u00f3 th\u1ec3 th\u00e1o r\u1eddi b\u1eb1ng n\u01b0\u1edbc \u1ea5m c\u00f3 x\u00e0 ph\u00f2ng, t\u1eadp trung v\u00e0o \u0111\u0129a xay, l\u01b0\u1ee1i dao v\u00e0 tr\u1ee5c v\u00edt.<\/li>    <li>Lo\u1ea1i b\u1ecf c\u1eb7n ngay l\u1eadp t\u1ee9c. L\u00e0m s\u1ea1ch ngay c\u00e1c c\u1eb7n th\u1ecbt ho\u1eb7c th\u1ef1c ph\u1ea9m, v\u00e0 ng\u00e2m c\u00e1c c\u1eb7n c\u1ee9ng \u0111\u1ea7u trong n\u01b0\u1edbc \u1ea5m c\u00f3 x\u00e0 ph\u00f2ng tr\u01b0\u1edbc khi l\u00e0m s\u1ea1ch.<\/li> <\/ul> <\/div><figure class=\"wp-block-media-text__media\"><img loading=\"lazy\" decoding=\"async\" width=\"720\" height=\"540\" src=\"https:\/\/topfoodmachine.com\/wp-content\/uploads\/2023\/10\/commercial-meat-grinder-machine.webp\" alt=\"m\u00e1y xay th\u1ecbt th\u01b0\u01a1ng m\u1ea1i\" class=\"wp-image-811 size-full\" srcset=\"https:\/\/topfoodmachine.com\/wp-content\/uploads\/2023\/10\/commercial-meat-grinder-machine.webp 720w, https:\/\/topfoodmachine.com\/wp-content\/uploads\/2023\/10\/commercial-meat-grinder-machine-300x225.webp 300w\" sizes=\"auto, (max-width: 720px) 100vw, 720px\" \/><\/figure><\/div>    <div class=\"wp-block-media-text is-stacked-on-mobile\"><figure class=\"wp-block-media-text__media\"><img loading=\"lazy\" decoding=\"async\" width=\"720\" height=\"540\" src=\"https:\/\/topfoodmachine.com\/wp-content\/uploads\/2023\/10\/meat-grinder-machine-with-a-good-price.webp\" alt=\"m\u00e1y xay th\u1ecbt gi\u00e1 t\u1ed1t\" class=\"wp-image-812 size-full\" srcset=\"https:\/\/topfoodmachine.com\/wp-content\/uploads\/2023\/10\/meat-grinder-machine-with-a-good-price.webp 720w, https:\/\/topfoodmachine.com\/wp-content\/uploads\/2023\/10\/meat-grinder-machine-with-a-good-price-300x225.webp 300w\" sizes=\"auto, (max-width: 720px) 100vw, 720px\" \/><\/figure><div class=\"wp-block-media-text__content\"> <ul class=\"wp-block-list\"> <li>L\u00e0m kh\u00f4 k\u1ef9. \u0110\u1ea3m b\u1ea3o t\u1ea5t c\u1ea3 c\u00e1c b\u1ed9 ph\u1eadn \u0111\u01b0\u1ee3c l\u00e0m kh\u00f4 ho\u00e0n to\u00e0n sau khi r\u1eeda \u0111\u1ec3 tr\u00e1nh g\u1ec9 s\u00e9t ho\u1eb7c s\u1ef1 ph\u00e1t tri\u1ec3n c\u1ee7a vi khu\u1ea9n tr\u01b0\u1edbc khi l\u1eafp r\u00e1p l\u1ea1i m\u00e1y xay.<\/li>    <li>B\u00f4i tr\u01a1n. B\u00f4i m\u1ed9t ch\u1ea5t b\u00f4i tr\u01a1n \u0111\u1ea1t ti\u00eau chu\u1ea9n th\u1ef1c ph\u1ea9m v\u00e0o c\u00e1c b\u1ed9 ph\u1eadn chuy\u1ec3n \u0111\u1ed9ng nh\u01b0 tr\u1ee5c v\u00edt v\u00e0 h\u1ed9p s\u1ed1 \u0111\u1ec3 \u0111\u1ea3m b\u1ea3o ho\u1ea1t \u0111\u1ed9ng tr\u01a1n tru v\u00e0 hi\u1ec7u qu\u1ea3.<\/li> <\/ul> <\/div><\/div>    <h2 class=\"wp-block-heading\">Th\u00f4ng s\u1ed1 c\u1ee7a m\u00e1y xay th\u1ecbt<\/h2>    <figure class=\"wp-block-table\"><table><tbody><tr><td>Ng\u01b0\u1eddi m\u1eabu<\/td><td>Dung t\u00edch<\/td><td>Quy\u1ec1n l\u1ef1c<\/td><td>K\u00edch c\u1ee1<\/td><\/tr><tr><td>TZ-100<\/td><td>500kg\/gi\u1edd<\/td><td>5,5KW<\/td><td>980*550*900MM<\/td><\/tr><tr><td>TZ-120<\/td><td>1500kg\/gi\u1edd<\/td><td>7,5KW<\/td><td>960*550*1080MM<\/td><\/tr><tr><td>TZ-160<\/td><td>2000-3000kg\/gi\u1edd<\/td><td>15KW<\/td><td>1630*1100*1450MM<\/td><\/tr><\/tbody><\/table><figcaption class=\"wp-element-caption\">c\u00e1c th\u00f4ng s\u1ed1 c\u1ee7a m\u00e1y xay th\u1ecbt<\/figcaption><\/figure>    <figure class=\"wp-block-image\"><img loading=\"lazy\" decoding=\"async\" width=\"720\" height=\"540\" src=\"https:\/\/topfoodmachine.com\/wp-content\/uploads\/2023\/10\/automatic-meat-grinder.webp\" alt=\"m\u00e1y xay th\u1ecbt t\u1ef1 \u0111\u1ed9ng\" class=\"wp-image-807\" srcset=\"https:\/\/topfoodmachine.com\/wp-content\/uploads\/2023\/10\/automatic-meat-grinder.webp 720w, https:\/\/topfoodmachine.com\/wp-content\/uploads\/2023\/10\/automatic-meat-grinder-300x225.webp 300w\" sizes=\"auto, (max-width: 720px) 100vw, 720px\" \/><\/figure>    <h2 class=\"wp-block-heading\">Ph\u1ea7n k\u1ebft lu\u1eadn<\/h2>    <p class=\"translation-block\">M\u00e1y <a href=\"https:\/\/en.wikipedia.org\/wiki\/Grinder\" data-type=\"link\" data-id=\"https:\/\/en.wikipedia.org\/wiki\/Grinder\" target=\"_blank\" rel=\"noopener\">xay th\u1ecbt<\/a> c\u1ee7a ch\u00fang t\u00f4i l\u00e0 gi\u1ea3i ph\u00e1p \u0111\u00e1ng tin c\u1eady cho vi\u1ec7c ch\u1ebf bi\u1ebfn th\u1ecbt hi\u1ec7u qu\u1ea3 v\u00e0 ch\u1ea5t l\u01b0\u1ee3ng cao, l\u00e0m cho n\u00f3 tr\u1edf th\u00e0nh c\u00f4ng c\u1ee5 thi\u1ebft y\u1ebfu cho doanh nghi\u1ec7p c\u1ee7a b\u1ea1n. \u0110\u01b0\u1ee3c thi\u1ebft k\u1ebf cho \u0111\u1ed9 b\u1ec1n v\u00e0 hi\u1ec7u su\u1ea5t, n\u00f3 \u0111\u00e1p \u1ee9ng nhu c\u1ea7u xay th\u1ecbt \u0111a d\u1ea1ng v\u1edbi \u0111\u1ed9 ch\u00ednh x\u00e1c v\u00e0 d\u1ec5 d\u00e0ng. <\/p>    <p class=\"translation-block\">Ngo\u00e0i ra, c\u00f4ng ty ch\u00fang t\u00f4i cung c\u1ea5p m\u1ed9t lo\u1ea1t <a href=\"https:\/\/topfoodmachine.com\/vi\/products\/egg-meat-processing-machine\/\" data-type=\"link\" data-id=\"https:\/\/topfoodmachine.com\/products\/egg-meat-processing-machine\/\">thi\u1ebft b\u1ecb ch\u1ebf bi\u1ebfn th\u1ecbt<\/a>. Li\u00ean h\u1ec7 v\u1edbi ch\u00fang t\u00f4i h\u00f4m nay \u0111\u1ec3 t\u00ecm hi\u1ec3u th\u00eam, y\u00eau c\u1ea7u b\u00e1o gi\u00e1 v\u00e0 kh\u00e1m ph\u00e1 c\u00e1c gi\u1ea3i ph\u00e1p t\u1ed1t nh\u1ea5t cho nhu c\u1ea7u ch\u1ebf bi\u1ebfn th\u1ecbt c\u1ee7a b\u1ea1n!<\/p>","protected":false},"excerpt":{"rendered":"<p>M\u00e1y xay th\u1ecbt c\u00f3 kh\u1ea3 n\u0103ng x\u1eed l\u00fd hi\u1ec7u qu\u1ea3 c\u1ea3 th\u1ecbt t\u01b0\u01a1i v\u00e0 \u0111\u00f4ng l\u1ea1nh m\u00e0 kh\u00f4ng c\u1ea7n r\u00e3 \u0111\u00f4ng tr\u01b0\u1edbc\u2014gi\u00fap gi\u1eef l\u1ea1i h\u01b0\u01a1ng v\u1ecb t\u1ef1 nhi\u00ean v\u00e0 ch\u1ea5t dinh d\u01b0\u1ee1ng c\u1ee7a th\u1ecbt.<\/p>","protected":false},"author":1,"featured_media":806,"parent":0,"template":"","tags":[102],"product-type":[7],"class_list":["post-805","product","type-product","status-publish","has-post-thumbnail","hentry","tag-meat-grinder","product-type-egg-meat-processing-machine"],"_links":{"self":[{"href":"https:\/\/topfoodmachine.com\/vi\/wp-json\/wp\/v2\/product\/805","targetHints":{"allow":["GET"]}}],"collection":[{"href":"https:\/\/topfoodmachine.com\/vi\/wp-json\/wp\/v2\/product"}],"about":[{"href":"https:\/\/topfoodmachine.com\/vi\/wp-json\/wp\/v2\/types\/product"}],"author":[{"embeddable":true,"href":"https:\/\/topfoodmachine.com\/vi\/wp-json\/wp\/v2\/users\/1"}],"wp:featuredmedia":[{"embeddable":true,"href":"https:\/\/topfoodmachine.com\/vi\/wp-json\/wp\/v2\/media\/806"}],"wp:attachment":[{"href":"https:\/\/topfoodmachine.com\/vi\/wp-json\/wp\/v2\/media?parent=805"}],"wp:term":[{"taxonomy":"post_tag","embeddable":true,"href":"https:\/\/topfoodmachine.com\/vi\/wp-json\/wp\/v2\/tags?post=805"},{"taxonomy":"product-type","embeddable":true,"href":"https:\/\/topfoodmachine.com\/vi\/wp-json\/wp\/v2\/product-type?post=805"}],"curies":[{"name":"wp","href":"https:\/\/api.w.org\/{rel}","templated":true}]}}