{"id":781,"date":"2023-10-13T16:12:03","date_gmt":"2023-10-13T08:12:03","guid":{"rendered":"https:\/\/topfoodmachine.com\/?post_type=product&#038;p=781"},"modified":"2025-09-10T17:42:27","modified_gmt":"2025-09-10T09:42:27","slug":"frozen-meat-slicer-machine","status":"publish","type":"product","link":"https:\/\/topfoodmachine.com\/vi\/product\/frozen-meat-slicer-machine\/","title":{"rendered":"M\u00e1y th\u00e1i th\u1ecbt \u0111\u00f4ng l\u1ea1nh"},"content":{"rendered":"<div class=\"kk-star-ratings kksr-auto kksr-align-left kksr-valign-top\"     data-payload='{&quot;align&quot;:&quot;left&quot;,&quot;id&quot;:&quot;781&quot;,&quot;slug&quot;:&quot;default&quot;,&quot;valign&quot;:&quot;top&quot;,&quot;ignore&quot;:&quot;&quot;,&quot;reference&quot;:&quot;auto&quot;,&quot;class&quot;:&quot;&quot;,&quot;count&quot;:&quot;26&quot;,&quot;legendonly&quot;:&quot;&quot;,&quot;readonly&quot;:&quot;&quot;,&quot;score&quot;:&quot;4.5&quot;,&quot;starsonly&quot;:&quot;&quot;,&quot;best&quot;:&quot;5&quot;,&quot;gap&quot;:&quot;5&quot;,&quot;greet&quot;:&quot;Rate this product&quot;,&quot;legend&quot;:&quot;4.5\\\/5 - (26 b\u00ecnh ch\u1ecdn)&quot;,&quot;size&quot;:&quot;24&quot;,&quot;title&quot;:&quot;Frozen meat slicer machine&quot;,&quot;width&quot;:&quot;128&quot;,&quot;_legend&quot;:&quot;{score}\\\/{best} - ({count} {votes})&quot;,&quot;font_factor&quot;:&quot;1.25&quot;}'>              <div class=\"kksr-stars\">      <div class=\"kksr-stars-inactive\">             <div class=\"kksr-star\" data-star=\"1\" style=\"padding-right: 5px\">               <div class=\"kksr-icon\" style=\"width: 24px; height: 24px;\"><\/div>         <\/div>             <div class=\"kksr-star\" data-star=\"2\" style=\"padding-right: 5px\">               <div class=\"kksr-icon\" style=\"width: 24px; height: 24px;\"><\/div>         <\/div>             <div class=\"kksr-star\" data-star=\"3\" style=\"padding-right: 5px\">               <div class=\"kksr-icon\" style=\"width: 24px; height: 24px;\"><\/div>         <\/div>             <div class=\"kksr-star\" data-star=\"4\" style=\"padding-right: 5px\">               <div class=\"kksr-icon\" style=\"width: 24px; height: 24px;\"><\/div>         <\/div>             <div class=\"kksr-star\" data-star=\"5\" style=\"padding-right: 5px\">               <div class=\"kksr-icon\" style=\"width: 24px; height: 24px;\"><\/div>         <\/div>     <\/div>      <div class=\"kksr-stars-active\" style=\"width: 128px;\">             <div class=\"kksr-star\" style=\"padding-right: 5px\">               <div class=\"kksr-icon\" style=\"width: 24px; height: 24px;\"><\/div>         <\/div>             <div class=\"kksr-star\" style=\"padding-right: 5px\">               <div class=\"kksr-icon\" style=\"width: 24px; height: 24px;\"><\/div>         <\/div>             <div class=\"kksr-star\" style=\"padding-right: 5px\">               <div class=\"kksr-icon\" style=\"width: 24px; height: 24px;\"><\/div>         <\/div>             <div class=\"kksr-star\" style=\"padding-right: 5px\">               <div class=\"kksr-icon\" style=\"width: 24px; height: 24px;\"><\/div>         <\/div>             <div class=\"kksr-star\" style=\"padding-right: 5px\">               <div class=\"kksr-icon\" style=\"width: 24px; height: 24px;\"><\/div>         <\/div>     <\/div> <\/div>                   <div class=\"kksr-legend\" style=\"font-size: 19.2px;\">             4.5\/5 - (26 l\u01b0\u1ee3t b\u00ecnh ch\u1ecdn)    <\/div>     <\/div>  <p class=\"translation-block\">M\u00e1y <strong>th\u00e1i th\u1ecbt \u0111\u00f4ng l\u1ea1nh<\/strong> c\u00f3 th\u1ec3 c\u1eaft th\u1ecbt b\u00f2, th\u1ecbt c\u1eebu, th\u1ecbt heo v\u00e0 c\u00e1c lo\u1ea1i th\u1ecbt kh\u00e1c th\u00e0nh c\u00e1c l\u00e1t ho\u1eb7c cu\u1ed9n \u0111\u1ed3ng \u0111\u1ec1u m\u00e0 kh\u00f4ng c\u1ea7n r\u00e3 \u0111\u00f4ng. <\/p>    <p class=\"translation-block\">V\u1edbi c\u00f4ng su\u1ea5t t\u1eeb <strong>50 kg \u0111\u1ebfn 1200 kg m\u1ed7i gi\u1edd<\/strong>, n\u00f3 \u0111\u1ea3m b\u1ea3o hi\u1ec7u su\u1ea5t cao v\u00e0 k\u1ebft qu\u1ea3 \u1ed5n \u0111\u1ecbnh, l\u00fd t\u01b0\u1edfng cho nh\u00e0 h\u00e0ng, qu\u00e1n l\u1ea9u, c\u1eeda h\u00e0ng th\u1ecbt v\u00e0 nh\u00e0 m\u00e1y ch\u1ebf bi\u1ebfn th\u1ecbt quy m\u00f4 l\u1edbn.<\/p>    <figure class=\"wp-block-embed is-type-video is-provider-youtube wp-block-embed-youtube wp-embed-aspect-16-9 wp-has-aspect-ratio\"><div class=\"wp-block-embed__wrapper\"> <iframe loading=\"lazy\" title=\"T\u1eeb t\u1ee7 \u0111\u00f4ng \u0111\u1ebfn b\u1eefa \u0103n: C\u00e1ch s\u1eed d\u1ee5ng M\u00e1y th\u00e1i th\u1ecbt \u0111\u00f4ng l\u1ea1nh #slicermachine #meat #meatroll #frozenmeat\" width=\"500\" height=\"281\" src=\"https:\/\/www.youtube.com\/embed\/hFyJknA_KOM?feature=oembed\" frameborder=\"0\" allow=\"accelerometer; autoplay; clipboard-write; encrypted-media; gyroscope; picture-in-picture; web-share\" referrerpolicy=\"strict-origin-when-cross-origin\" allowfullscreen><\/iframe> <\/div><figcaption class=\"wp-element-caption\">video l\u00e0m vi\u1ec7c c\u1ee7a m\u00e1y c\u1eaft th\u1ecbt \u0111\u00f4ng l\u1ea1nh<\/figcaption><\/figure>    <h2 class=\"wp-block-heading\">M\u00e1y c\u1eaft th\u1ecbt \u0111\u00f4ng l\u1ea1nh \u0111\u1ec3 b\u00e1n<\/h2>    <p>Th\u01b0\u1eddng \u0111\u01b0\u1ee3c g\u1ecdi l\u00e0 m\u00e1y th\u00e1i th\u1ecbt, m\u00e1y th\u00e1i c\u1eebu ho\u1eb7c m\u00e1y c\u1eaft b\u00f2, n\u00f3 lo\u1ea1i b\u1ecf nhu c\u1ea7u r\u00e3 \u0111\u00f4ng trong khi \u0111\u1ea3m b\u1ea3o c\u1eaft ch\u00ednh x\u00e1c v\u00e0 k\u1ebft qu\u1ea3 \u0111\u1ed3ng \u0111\u1ec1u. <\/p>    <p>M\u00e1y n\u00e0y c\u00f3 nhi\u1ec1u m\u1eabu m\u00e3 \u0111\u1ec3 \u0111\u00e1p \u1ee9ng c\u00e1c nhu c\u1ea7u s\u1ea3n xu\u1ea5t kh\u00e1c nhau, ch\u1eb3ng h\u1ea1n nh\u01b0 m\u00e1y th\u00e1i CNC cho c\u1eaft ch\u00ednh x\u00e1c, m\u00e1y th\u00e1i \u0111\u1ee9ng v\u00e0 \u0111\u1ec3 b\u00e0n ti\u1ebft ki\u1ec7m kh\u00f4ng gian, v\u00e0 m\u00e1y nhi\u1ec1u tr\u1ee5c c\u00f3 s\u1eb5n c\u1ea5u h\u00ecnh 2 tr\u1ee5c, 4 tr\u1ee5c ho\u1eb7c 8 tr\u1ee5c. <\/p>    <figure class=\"wp-block-image\"><img loading=\"lazy\" decoding=\"async\" width=\"720\" height=\"540\" src=\"https:\/\/topfoodmachine.com\/wp-content\/uploads\/2023\/10\/frozen-meat-slicer-in-stock.webp\" alt=\"m\u00e1y th\u00e1i th\u1ecbt \u0111\u00f4ng l\u1ea1nh c\u00f2n h\u00e0ng\" class=\"wp-image-790\" srcset=\"https:\/\/topfoodmachine.com\/wp-content\/uploads\/2023\/10\/frozen-meat-slicer-in-stock.webp 720w, https:\/\/topfoodmachine.com\/wp-content\/uploads\/2023\/10\/frozen-meat-slicer-in-stock-300x225.webp 300w\" sizes=\"auto, (max-width: 720px) 100vw, 720px\" \/><\/figure>    <h2 class=\"wp-block-heading\">C\u00e1c t\u00ednh n\u0103ng c\u1ee7a m\u00e1y c\u1eaft th\u1ecbt \u0111\u00f4ng l\u1ea1nh<\/h2>    <div class=\"wp-block-media-text is-stacked-on-mobile\"><figure class=\"wp-block-media-text__media\"><img loading=\"lazy\" decoding=\"async\" width=\"720\" height=\"540\" src=\"https:\/\/topfoodmachine.com\/wp-content\/uploads\/2023\/10\/frozen-meat-slicer-machine-1.webp\" alt=\"m\u00e1y th\u00e1i th\u1ecbt \u0111\u00f4ng l\u1ea1nh\" class=\"wp-image-786 size-full\" srcset=\"https:\/\/topfoodmachine.com\/wp-content\/uploads\/2023\/10\/frozen-meat-slicer-machine-1.webp 720w, https:\/\/topfoodmachine.com\/wp-content\/uploads\/2023\/10\/frozen-meat-slicer-machine-1-300x225.webp 300w\" sizes=\"auto, (max-width: 720px) 100vw, 720px\" \/><\/figure><div class=\"wp-block-media-text__content\"> <ul class=\"wp-block-list\"> <li><strong>Kh\u00f4ng c\u1ea7n r\u00e3 \u0111\u00f4ng<\/strong> \u2013 c\u1eaft tr\u1ef1c ti\u1ebfp th\u1ecbt b\u00f2 \u0111\u00f4ng l\u1ea1nh, c\u1eebu, l\u1ee3n v\u00e0 c\u00e1c lo\u1ea1i th\u1ecbt kh\u00e1c, ti\u1ebft ki\u1ec7m th\u1eddi gian v\u00e0 gi\u1eef \u0111\u1ed9 t\u01b0\u01a1i.<\/li>    <li><strong>\u0110\u1ed9 d\u00e0y \u0111i\u1ec1u ch\u1ec9nh<\/strong> \u2013 \u0111\u1ed9 d\u00e0y c\u1eaft l\u00e1t c\u00f3 th\u1ec3 d\u1ec5 d\u00e0ng t\u00f9y ch\u1ec9nh \u0111\u1ec3 \u0111\u00e1p \u1ee9ng c\u00e1c nhu c\u1ea7u n\u1ea5u \u0103n ho\u1eb7c x\u1eed l\u00fd kh\u00e1c nhau.<\/li>    <li><strong>Ph\u1ea1m vi c\u00f4ng su\u1ea5t cao<\/strong> \u2013 h\u1ed7 tr\u1ee3 <strong>50\u20131200 kg m\u1ed7i gi\u1edd<\/strong>, ph\u00f9 h\u1ee3p cho c\u1ea3 c\u00e1c c\u1eeda h\u00e0ng nh\u1ecf v\u00e0 nh\u00e0 m\u00e1y ch\u1ebf bi\u1ebfn th\u1ecbt l\u1edbn.<\/li> <\/ul> <\/div><\/div>    <div class=\"wp-block-media-text has-media-on-the-right is-stacked-on-mobile\"><div class=\"wp-block-media-text__content\"> <ul class=\"wp-block-list\"> <li><strong>C\u1eaft l\u00e1t \u0111\u1ec1u<\/strong> \u2013 \u0111\u1ea3m b\u1ea3o k\u00edch th\u01b0\u1edbc v\u00e0 h\u00ecnh d\u1ea1ng c\u1ee7a l\u00e1t th\u1ecbt ho\u1eb7c cu\u1ed9n th\u1ecbt nh\u1ea5t qu\u00e1n, l\u00fd t\u01b0\u1edfng cho nh\u00e0 h\u00e0ng l\u1ea9u v\u00e0 c\u00e1c s\u1ea3n ph\u1ea9m th\u1ecbt \u0111\u00f3ng g\u00f3i.<\/li>    <li><strong>Th\u00e2n b\u1eb1ng th\u00e9p kh\u00f4ng g\u1ec9 b\u1ec1n b\u1ec9<\/strong> \u2013 c\u1ea5u tr\u00fac \u0111\u1ea1t ti\u00eau chu\u1ea9n th\u1ef1c ph\u1ea9m, ch\u1ed1ng g\u1ec9 s\u00e9t, d\u1ec5 v\u1ec7 sinh \u0111\u1ec3 s\u1eed d\u1ee5ng l\u00e2u d\u00e0i.<\/li>    <li><strong>V\u1eadn h\u00e0nh th\u00e2n thi\u1ec7n v\u1edbi ng\u01b0\u1eddi d\u00f9ng<\/strong> \u2013 \u0111i\u1ec1u khi\u1ec3n \u0111\u01a1n gi\u1ea3n v\u1edbi ti\u00eau chu\u1ea9n an to\u00e0n cao, gi\u1ea3m b\u1edbt lao \u0111\u1ed9ng v\u00e0 n\u00e2ng cao hi\u1ec7u qu\u1ea3.<\/li>    <li><strong>\u1ee8ng d\u1ee5ng r\u1ed9ng r\u00e3i<\/strong> \u2013 \u0111\u01b0\u1ee3c s\u1eed d\u1ee5ng r\u1ed9ng r\u00e3i trong nh\u00e0 h\u00e0ng, c\u1eeda h\u00e0ng th\u1ecbt, si\u00eau th\u1ecb v\u00e0 nh\u00e0 m\u00e1y ch\u1ebf bi\u1ebfn th\u1ecbt \u0111\u00f4ng l\u1ea1nh.<\/li> <\/ul> <\/div><figure class=\"wp-block-media-text__media\"><img loading=\"lazy\" decoding=\"async\" width=\"720\" height=\"540\" src=\"https:\/\/topfoodmachine.com\/wp-content\/uploads\/2023\/10\/meat-roller-machine-with-a-good-price.webp\" alt=\"m\u00e1y c\u00e1n th\u1ecbt gi\u00e1 t\u1ed1t\" class=\"wp-image-787 size-full\" srcset=\"https:\/\/topfoodmachine.com\/wp-content\/uploads\/2023\/10\/meat-roller-machine-with-a-good-price.webp 720w, https:\/\/topfoodmachine.com\/wp-content\/uploads\/2023\/10\/meat-roller-machine-with-a-good-price-300x225.webp 300w\" sizes=\"auto, (max-width: 720px) 100vw, 720px\" \/><\/figure><\/div>    <h2 class=\"wp-block-heading\">C\u1ea5u t\u1ea1o c\u1ee7a m\u00e1y c\u00e1n th\u1ecbt \u0111\u00f4ng l\u1ea1nh<\/h2>    <div class=\"wp-block-media-text is-stacked-on-mobile\"><figure class=\"wp-block-media-text__media\"><img loading=\"lazy\" decoding=\"async\" width=\"720\" height=\"540\" src=\"https:\/\/topfoodmachine.com\/wp-content\/uploads\/2023\/10\/frozen-meat-slicer-for-business.webp\" alt=\"m\u00e1y th\u00e1i th\u1ecbt \u0111\u00f4ng l\u1ea1nh cho doanh nghi\u1ec7p\" class=\"wp-image-791 size-full\" srcset=\"https:\/\/topfoodmachine.com\/wp-content\/uploads\/2023\/10\/frozen-meat-slicer-for-business.webp 720w, https:\/\/topfoodmachine.com\/wp-content\/uploads\/2023\/10\/frozen-meat-slicer-for-business-300x225.webp 300w\" sizes=\"auto, (max-width: 720px) 100vw, 720px\" \/><\/figure><div class=\"wp-block-media-text__content\"> <ul class=\"wp-block-list\"> <li><strong>Khung &amp; n\u1ec1n b\u1eb1ng th\u00e9p kh\u00f4ng g\u1ec9<\/strong> \u2013 c\u1ea5u tr\u00fac v\u1eefng ch\u1eafc ch\u1ee9a t\u1ea5t c\u1ea3 c\u00e1c th\u00e0nh ph\u1ea7n.<\/li>    <li><strong>Bu\u1ed3ng c\u1eaft<\/strong> \u2013 c\u1ed1 \u0111\u1ecbnh th\u1ecbt \u0111\u00f4ng l\u1ea1nh \u0111\u1ec3 c\u1eaft l\u00e1t v\u00e0 cu\u1ed9n ch\u00ednh x\u00e1c.<\/li>    <li><strong>B\u1ed9 l\u01b0\u1ee1i<\/strong> \u2013 l\u01b0\u1ee1i dao th\u00e9p kh\u00f4ng g\u1ec9 s\u1eafc n\u00e9t \u0111\u1ec3 c\u1eaft th\u1ecbt \u0111\u00f4ng l\u1ea1nh d\u1ec5 d\u00e0ng.<\/li>    <li><strong>\u0110i\u1ec1u ch\u1ec9nh \u0111\u1ed9 d\u00e0y<\/strong> \u2013 t\u00f9y ch\u1ec9nh \u0111\u1ed9 d\u00e0y l\u00e1t \u0111\u1ec3 \u0111\u00e1p \u1ee9ng c\u00e1c nhu c\u1ea7u kh\u00e1c nhau.<\/li>    <li><strong>\u0110\u1ed9ng c\u01a1 m\u1ea1nh m\u1ebd<\/strong> \u2013 \u0111\u1ea3m b\u1ea3o hi\u1ec7u su\u1ea5t c\u1eaft l\u00e1t m\u01b0\u1ee3t m\u00e0 v\u00e0 hi\u1ec7u qu\u1ea3.<\/li>    <li><strong>H\u1ec7 th\u1ed1ng an to\u00e0n<\/strong> \u2013 d\u1eebng kh\u1ea9n c\u1ea5p, kh\u00f3a li\u00ean \u0111\u1ed9ng v\u00e0 n\u1eafp b\u1ea3o v\u1ec7.<\/li>    <li><strong>B\u1ea3ng \u0111i\u1ec1u khi\u1ec3n<\/strong> \u2013 thi\u1ebft l\u1eadp v\u00e0 gi\u00e1m s\u00e1t tham s\u1ed1 c\u1eaft l\u00e1t d\u1ec5 d\u00e0ng.<\/li>    <li><strong>Ch\u00e2n\/wheels \u0111i\u1ec1u ch\u1ec9nh<\/strong> \u2013 \u0111\u1ecbnh v\u1ecb \u1ed5n \u0111\u1ecbnh v\u00e0 di chuy\u1ec3n thu\u1eadn ti\u1ec7n.<\/li> <\/ul> <\/div><\/div>    <h2 class=\"wp-block-heading\">M\u00e1y c\u1eaft th\u1ecbt \u0111\u00f4ng l\u1ea1nh ho\u1ea1t \u0111\u1ed9ng nh\u01b0 th\u1ebf n\u00e0o?<\/h2>    <ul class=\"wp-block-list\"> <li>M\u00e1y s\u1eed d\u1ee5ng h\u1ec7 th\u1ed1ng c\u1ea5p li\u1ec7u d\u1eabn h\u01b0\u1edbng k\u00e9p t\u1ef1 \u0111\u1ed9ng \u0111\u1ea9y v\u00e0 \u00e9p th\u1ecbt \u0111\u00f4ng l\u1ea1nh trong khi \u0111i\u1ec1u ch\u1ec9nh \u0111\u1ed9 d\u00e0y l\u00e1t \u0111\u1ec3 c\u1eaft \u0111\u1ec1u.<\/li>    <li>Khi qu\u00e1 tr\u00ecnh th\u00e1i ho\u00e0n t\u1ea5t, l\u01b0\u1ee1i dao s\u1ebd d\u1eebng t\u1ef1 \u0111\u1ed9ng v\u00e0 b\u1ed9 \u0111\u1ea9y th\u1ecbt thu l\u1ea1i an to\u00e0n.<\/li>    <li>Dao c\u1eaft v\u00e0 b\u0103ng chuy\u1ec1n ho\u1ea1t \u0111\u1ed9ng \u0111\u1ed3ng b\u1ed9, v\u00e0 vi\u1ec7c m\u1edf c\u1eeda ch\u1eafn b\u1ea3o v\u1ec7 s\u1ebd l\u1eadp t\u1ee9c ng\u1eaft ngu\u1ed3n \u0111i\u1ec7n \u0111\u1ec3 \u0111\u1ea3m b\u1ea3o an to\u00e0n cho ng\u01b0\u1eddi v\u1eadn h\u00e0nh.<\/li> <\/ul>    <figure class=\"wp-block-gallery has-nested-images columns-default is-cropped wp-block-gallery-2 is-layout-flex wp-block-gallery-is-layout-flex\"> <figure class=\"wp-block-image size-large\"><img loading=\"lazy\" decoding=\"async\" width=\"720\" height=\"540\" data-id=\"783\" src=\"https:\/\/topfoodmachine.com\/wp-content\/uploads\/2023\/10\/eight-roll-cutter-of-meat-roller-machine.webp\" alt=\"m\u00e1y c\u1eaft t\u00e1m cu\u1ed9n c\u1ee7a m\u00e1y l\u0103n th\u1ecbt\" class=\"wp-image-783\" srcset=\"https:\/\/topfoodmachine.com\/wp-content\/uploads\/2023\/10\/eight-roll-cutter-of-meat-roller-machine.webp 720w, https:\/\/topfoodmachine.com\/wp-content\/uploads\/2023\/10\/eight-roll-cutter-of-meat-roller-machine-300x225.webp 300w\" sizes=\"auto, (max-width: 720px) 100vw, 720px\" \/><figcaption class=\"wp-element-caption\">m\u00e1y c\u1eaft t\u00e1m cu\u1ed9n c\u1ee7a m\u00e1y l\u0103n th\u1ecbt<\/figcaption><\/figure>    <figure class=\"wp-block-image size-large\"><img loading=\"lazy\" decoding=\"async\" width=\"720\" height=\"540\" data-id=\"784\" src=\"https:\/\/topfoodmachine.com\/wp-content\/uploads\/2023\/10\/four-roll-cutter-of-slicer-machine.webp\" alt=\"m\u00e1y c\u1eaft b\u1ed1n cu\u1ed9n c\u1ee7a m\u00e1y th\u00e1i\" class=\"wp-image-784\" srcset=\"https:\/\/topfoodmachine.com\/wp-content\/uploads\/2023\/10\/four-roll-cutter-of-slicer-machine.webp 720w, https:\/\/topfoodmachine.com\/wp-content\/uploads\/2023\/10\/four-roll-cutter-of-slicer-machine-300x225.webp 300w\" sizes=\"auto, (max-width: 720px) 100vw, 720px\" \/><figcaption class=\"wp-element-caption\">m\u00e1y c\u1eaft b\u1ed1n cu\u1ed9n c\u1ee7a m\u00e1y th\u00e1i<\/figcaption><\/figure>    <figure class=\"wp-block-image size-large\"><img loading=\"lazy\" decoding=\"async\" width=\"720\" height=\"540\" data-id=\"785\" src=\"https:\/\/topfoodmachine.com\/wp-content\/uploads\/2023\/10\/two-roll-cutter-of-slicer-machine.webp\" alt=\"m\u00e1y c\u1eaft hai cu\u1ed9n c\u1ee7a m\u00e1y th\u00e1i\" class=\"wp-image-785\" srcset=\"https:\/\/topfoodmachine.com\/wp-content\/uploads\/2023\/10\/two-roll-cutter-of-slicer-machine.webp 720w, https:\/\/topfoodmachine.com\/wp-content\/uploads\/2023\/10\/two-roll-cutter-of-slicer-machine-300x225.webp 300w\" sizes=\"auto, (max-width: 720px) 100vw, 720px\" \/><figcaption class=\"wp-element-caption\">m\u00e1y c\u1eaft hai cu\u1ed9n c\u1ee7a m\u00e1y th\u00e1i<\/figcaption><\/figure> <\/figure>    <h2 class=\"wp-block-heading\">C\u00e1ch s\u1eed d\u1ee5ng m\u00e1y c\u1eaft th\u1ecbt \u0111\u00f4ng l\u1ea1nh?<\/h2>    <div class=\"wp-block-media-text has-media-on-the-right is-stacked-on-mobile\"><div class=\"wp-block-media-text__content\"> <ul class=\"wp-block-list\"> <li>Chu\u1ea9n b\u1ecb v\u00e0 n\u1ea1p. \u0110\u1eb7t th\u1ecbt \u0111\u00f4ng l\u1ea1nh c\u00f3 k\u00edch th\u01b0\u1edbc ph\u00f9 h\u1ee3p v\u00e0o khay n\u1ea1p.<\/li>    <li>\u0110\u1eb7t \u0111\u1ed9 d\u00e0y. \u0110i\u1ec1u ch\u1ec9nh \u0111\u1ed9 d\u00e0y l\u00e1t c\u1eaft b\u1eb1ng b\u1ea3ng \u0111i\u1ec1u khi\u1ec3n.<\/li>    <li>B\u1eaft \u0111\u1ea7u c\u1eaft. B\u1eadt m\u00e1y \u0111\u1ec3 b\u1eaft \u0111\u1ea7u qu\u00e1 tr\u00ecnh c\u1eaft t\u1ef1 \u0111\u1ed9ng.<\/li>    <li>Thu th\u1eadp l\u00e1t c\u1eaft. Thu th\u1eadp th\u1ecbt \u0111\u00e3 c\u1eaft \u0111\u1ec3 n\u1ea5u \u0103n ho\u1eb7c ch\u1ebf bi\u1ebfn th\u00eam.<\/li>    <li>V\u1ec7 sinh m\u00e1y. V\u1ec7 sinh v\u00e0 kh\u1eed tr\u00f9ng m\u00e1y sau khi s\u1eed d\u1ee5ng \u0111\u1ec3 duy tr\u00ec v\u1ec7 sinh v\u00e0 k\u00e9o d\u00e0i tu\u1ed5i th\u1ecd d\u1ecbch v\u1ee5.<\/li> <\/ul> <\/div><figure class=\"wp-block-media-text__media\"><img loading=\"lazy\" decoding=\"async\" width=\"720\" height=\"540\" src=\"https:\/\/topfoodmachine.com\/wp-content\/uploads\/2023\/10\/commercial-meat-slicer-machine.webp\" alt=\"m\u00e1y th\u00e1i th\u1ecbt th\u01b0\u01a1ng m\u1ea1i\" class=\"wp-image-793 size-full\" srcset=\"https:\/\/topfoodmachine.com\/wp-content\/uploads\/2023\/10\/commercial-meat-slicer-machine.webp 720w, https:\/\/topfoodmachine.com\/wp-content\/uploads\/2023\/10\/commercial-meat-slicer-machine-300x225.webp 300w\" sizes=\"auto, (max-width: 720px) 100vw, 720px\" \/><\/figure><\/div>    <h2 class=\"wp-block-heading\">M\u1eb9o s\u1eed d\u1ee5ng m\u00e1y c\u1eaft th\u1ecbt \u0111\u00f4ng l\u1ea1nh<\/h2>    <ul class=\"wp-block-list\"> <li>\u0110\u1ea3m b\u1ea3o th\u1ecbt \u0111\u01b0\u1ee3c \u0111\u00f4ng l\u1ea1nh \u0111\u00fang c\u00e1ch nh\u01b0ng kh\u00f4ng qu\u00e1 c\u1ee9ng\u2014th\u01b0\u1eddng \u1edf nhi\u1ec7t \u0111\u1ed9 tr\u00ean -6\u00b0C. N\u1ebfu qu\u00e1 r\u1eafn, h\u00e3y \u0111\u1ec3 th\u1ecbt tan m\u1ed9t ch\u00fat tr\u01b0\u1edbc khi c\u1eaft.<\/li>    <li>Lu\u00f4n lo\u1ea1i b\u1ecf b\u1ea5t k\u1ef3 x\u01b0\u01a1ng n\u00e0o kh\u1ecfi th\u1ecbt \u0111\u1ec3 b\u1ea3o v\u1ec7 l\u01b0\u1ee1i dao kh\u1ecfi h\u01b0 h\u1ecfng.<\/li>    <li>\u0110\u1eb7t th\u1ecbt v\u00e0o m\u00e1y tr\u01b0\u1edbc khi \u0111\u1eb7t \u0111\u1ed9 d\u00e0y l\u00e1t c\u1eaft \u01b0a th\u00edch c\u1ee7a b\u1ea1n b\u1eb1ng n\u00fam \u0111i\u1ec1u khi\u1ec3n.<\/li>    <li>N\u1ebfu l\u01b0\u1ee1i dao g\u1eb7p kh\u00f3 kh\u0103n trong vi\u1ec7c gi\u1eef ho\u1eb7c c\u1eaft kh\u00f4ng \u0111\u1ec1u, c\u00f3 th\u1ec3 n\u00f3 \u0111\u00e3 c\u00f9n ho\u1eb7c b\u1ecb g\u1ec9 v\u00e0 c\u1ea7n \u0111\u01b0\u1ee3c m\u00e0i s\u1eafc \u0111\u1ec3 \u0111\u1ea1t hi\u1ec7u su\u1ea5t t\u1ed1i \u01b0u.<\/li> <\/ul>    <figure class=\"wp-block-image size-full\"><img loading=\"lazy\" decoding=\"async\" width=\"720\" height=\"540\" src=\"https:\/\/topfoodmachine.com\/wp-content\/uploads\/2025\/01\/meat-slicer.webp\" alt=\"m\u00e1y c\u1eaft th\u1ecbt\" class=\"wp-image-1736\" srcset=\"https:\/\/topfoodmachine.com\/wp-content\/uploads\/2025\/01\/meat-slicer.webp 720w, https:\/\/topfoodmachine.com\/wp-content\/uploads\/2025\/01\/meat-slicer-300x225.webp 300w, https:\/\/topfoodmachine.com\/wp-content\/uploads\/2025\/01\/meat-slicer-16x12.webp 16w\" sizes=\"auto, (max-width: 720px) 100vw, 720px\" \/><figcaption class=\"wp-element-caption\">m\u00e1y c\u1eaft th\u1ecbt<\/figcaption><\/figure>    <h2 class=\"wp-block-heading\">Th\u00f4ng s\u1ed1 k\u1ef9 thu\u1eadt c\u1ee7a m\u00e1y th\u00e1i th\u1ecbt \u0111\u00f4ng l\u1ea1nh<\/h2>    <figure class=\"wp-block-table\"><table><tbody><tr><td>Ng\u01b0\u1eddi m\u1eabu<\/td><td>V\u00f4n<\/td><td>Dung t\u00edch<\/td><td>Quy\u1ec1n l\u1ef1c<\/td><td>C\u00e2n n\u1eb7ng<\/td><td>K\u00edch c\u1ee1<\/td><td>Chi\u1ec1u d\u00e0i l\u00e1t c\u1eaft<\/td><td>Chi\u1ec1u r\u1ed9ng c\u1ee7a l\u00e1t<\/td><\/tr><tr><td>TZ-MR-2<\/td><td>220v<\/td><td>50-300kg\/gi\u1edd<\/td><td>2200w<\/td><td>200kg<\/td><td>1200*560*1200mm<\/td><td>600mm<\/td><td>270mm<\/td><\/tr><tr><td>TZ-MR-4<\/td><td>380v<\/td><td>50-600kg\/gi\u1edd<\/td><td>3000w<\/td><td>320kg<\/td><td>1200*800*1200mm<\/td><td>600mm<\/td><td>510mm<\/td><\/tr><tr><td>TZ-MR-6<\/td><td>380v<\/td><td>50-900kg\/gi\u1edd<\/td><td>3000w<\/td><td>400kg<\/td><td>1200*1010*1200mm<\/td><td>600mm<\/td><td>730mm<\/td><\/tr><tr><td>TZ-MR-8<\/td><td>380v<\/td><td>50-1200kg\/gi\u1edd<\/td><td>4000w<\/td><td>500kg<\/td><td>1200*1320*1200mm<\/td><td>600mm<\/td><td>920mm<\/td><\/tr><\/tbody><\/table><figcaption class=\"wp-element-caption\">c\u00e1c th\u00f4ng s\u1ed1 c\u1ee7a m\u00e1y c\u1eaft th\u1ecbt \u0111\u00f4ng l\u1ea1nh<\/figcaption><\/figure>    <div class=\"wp-block-media-text is-stacked-on-mobile\"><figure class=\"wp-block-media-text__media\"><img loading=\"lazy\" decoding=\"async\" width=\"720\" height=\"540\" src=\"https:\/\/topfoodmachine.com\/wp-content\/uploads\/2023\/10\/frozen-meat-slicing-machine.webp\" alt=\"m\u00e1y th\u00e1i th\u1ecbt \u0111\u00f4ng l\u1ea1nh\" class=\"wp-image-789 size-full\" srcset=\"https:\/\/topfoodmachine.com\/wp-content\/uploads\/2023\/10\/frozen-meat-slicing-machine.webp 720w, https:\/\/topfoodmachine.com\/wp-content\/uploads\/2023\/10\/frozen-meat-slicing-machine-300x225.webp 300w\" sizes=\"auto, (max-width: 720px) 100vw, 720px\" \/><\/figure><div class=\"wp-block-media-text__content\"> <p>M\u00e1y th\u00e1i th\u1ecbt \u0111\u00f4ng l\u1ea1nh hai cu\u1ed9n<\/p> <\/div><\/div>    <div class=\"wp-block-media-text has-media-on-the-right is-stacked-on-mobile\"><div class=\"wp-block-media-text__content\"> <p>T\u00e1m cu\u1ed9n m\u00e1y th\u00e1i l\u00e1t \u0111\u00f4ng l\u1ea1nh<\/p> <\/div><figure class=\"wp-block-media-text__media\"><img loading=\"lazy\" decoding=\"async\" width=\"720\" height=\"540\" src=\"https:\/\/topfoodmachine.com\/wp-content\/uploads\/2023\/10\/best-selling-frozen-meat-slicer.webp\" alt=\"m\u00e1y th\u00e1i th\u1ecbt \u0111\u00f4ng l\u1ea1nh b\u00e1n ch\u1ea1y nh\u1ea5t\" class=\"wp-image-788 size-full\" srcset=\"https:\/\/topfoodmachine.com\/wp-content\/uploads\/2023\/10\/best-selling-frozen-meat-slicer.webp 720w, https:\/\/topfoodmachine.com\/wp-content\/uploads\/2023\/10\/best-selling-frozen-meat-slicer-300x225.webp 300w\" sizes=\"auto, (max-width: 720px) 100vw, 720px\" \/><\/figure><\/div>    <h2 class=\"wp-block-heading\">Li\u00ean h\u1ec7 ch\u00fang t\u00f4i<\/h2>    <p class=\"translation-block\">B\u00ean c\u1ea1nh <a href=\"https:\/\/en.wikipedia.org\/wiki\/Meat_slicer\" data-type=\"link\" data-id=\"https:\/\/en.wikipedia.org\/wiki\/Meat_slicer\" target=\"_blank\" rel=\"noopener\">frozen meat slicer<\/a>, c\u00f4ng ty ch\u00fang t\u00f4i c\u0169ng cung c\u1ea5p \u0111a d\u1ea1ng <a href=\"https:\/\/topfoodmachine.com\/vi\/products\/egg-meat-processing-machine\/\" data-type=\"link\" data-id=\"https:\/\/topfoodmachine.com\/products\/egg-meat-processing-machine\/\">m\u00e1y ch\u1ebf bi\u1ebfn th\u1ecbt<\/a> \u0111\u1ec3 \u0111\u00e1p \u1ee9ng c\u00e1c nhu c\u1ea7u s\u1ea3n xu\u1ea5t kh\u00e1c nhau. <\/p>    <p>H\u00e3y li\u00ean h\u1ec7 v\u1edbi ch\u00fang t\u00f4i \u0111\u1ec3 bi\u1ebft th\u00eam chi ti\u1ebft v\u00e0 b\u00e1o gi\u00e1\u2014ch\u00fang t\u00f4i s\u1eb5n s\u00e0ng gi\u00fap b\u1ea1n t\u00ecm gi\u1ea3i ph\u00e1p ho\u00e0n h\u1ea3o cho doanh nghi\u1ec7p c\u1ee7a m\u00ecnh!<\/p>","protected":false},"excerpt":{"rendered":"<p>M\u00e1y th\u00e1i th\u1ecbt \u0111\u00f4ng l\u1ea1nh c\u00f3 th\u1ec3 c\u1eaft th\u1ecbt b\u00f2, th\u1ecbt c\u1eebu, th\u1ecbt heo v\u00e0 c\u00e1c lo\u1ea1i th\u1ecbt kh\u00e1c th\u00e0nh c\u00e1c l\u00e1t ho\u1eb7c cu\u1ed9n \u0111\u1ed3ng \u0111\u1ec1u m\u00e0 kh\u00f4ng c\u1ea7n r\u00e3 \u0111\u00f4ng. <\/p>","protected":false},"author":1,"featured_media":782,"parent":0,"template":"","tags":[101],"product-type":[7],"class_list":["post-781","product","type-product","status-publish","has-post-thumbnail","hentry","tag-frozen-meat-slicer-machine","product-type-egg-meat-processing-machine"],"_links":{"self":[{"href":"https:\/\/topfoodmachine.com\/vi\/wp-json\/wp\/v2\/product\/781","targetHints":{"allow":["GET"]}}],"collection":[{"href":"https:\/\/topfoodmachine.com\/vi\/wp-json\/wp\/v2\/product"}],"about":[{"href":"https:\/\/topfoodmachine.com\/vi\/wp-json\/wp\/v2\/types\/product"}],"author":[{"embeddable":true,"href":"https:\/\/topfoodmachine.com\/vi\/wp-json\/wp\/v2\/users\/1"}],"wp:featuredmedia":[{"embeddable":true,"href":"https:\/\/topfoodmachine.com\/vi\/wp-json\/wp\/v2\/media\/782"}],"wp:attachment":[{"href":"https:\/\/topfoodmachine.com\/vi\/wp-json\/wp\/v2\/media?parent=781"}],"wp:term":[{"taxonomy":"post_tag","embeddable":true,"href":"https:\/\/topfoodmachine.com\/vi\/wp-json\/wp\/v2\/tags?post=781"},{"taxonomy":"product-type","embeddable":true,"href":"https:\/\/topfoodmachine.com\/vi\/wp-json\/wp\/v2\/product-type?post=781"}],"curies":[{"name":"wp","href":"https:\/\/api.w.org\/{rel}","templated":true}]}}