{"id":771,"date":"2023-10-12T17:25:29","date_gmt":"2023-10-12T09:25:29","guid":{"rendered":"https:\/\/topfoodmachine.com\/?post_type=product&#038;p=771"},"modified":"2023-10-16T09:57:57","modified_gmt":"2023-10-16T01:57:57","slug":"meat-skewer-machine","status":"publish","type":"product","link":"https:\/\/topfoodmachine.com\/vi\/product\/meat-skewer-machine\/","title":{"rendered":"M\u00e1y xi\u00ean th\u1ecbt"},"content":{"rendered":"<div class=\"kk-star-ratings kksr-auto kksr-align-left kksr-valign-top\"     data-payload='{&quot;align&quot;:&quot;left&quot;,&quot;id&quot;:&quot;771&quot;,&quot;slug&quot;:&quot;default&quot;,&quot;valign&quot;:&quot;top&quot;,&quot;ignore&quot;:&quot;&quot;,&quot;reference&quot;:&quot;auto&quot;,&quot;class&quot;:&quot;&quot;,&quot;count&quot;:&quot;6&quot;,&quot;legendonly&quot;:&quot;&quot;,&quot;readonly&quot;:&quot;&quot;,&quot;score&quot;:&quot;4.8&quot;,&quot;starsonly&quot;:&quot;&quot;,&quot;best&quot;:&quot;5&quot;,&quot;gap&quot;:&quot;5&quot;,&quot;greet&quot;:&quot;Rate this product&quot;,&quot;legend&quot;:&quot;4.8\\\/5 - (6 b\u00ecnh ch\u1ecdn)&quot;,&quot;size&quot;:&quot;24&quot;,&quot;title&quot;:&quot;Meat skewer machine&quot;,&quot;width&quot;:&quot;136.7&quot;,&quot;_legend&quot;:&quot;{score}\\\/{best} - ({count} {votes})&quot;,&quot;font_factor&quot;:&quot;1.25&quot;}'>              <div class=\"kksr-stars\">      <div class=\"kksr-stars-inactive\">             <div class=\"kksr-star\" data-star=\"1\" style=\"padding-right: 5px\">               <div class=\"kksr-icon\" style=\"width: 24px; height: 24px;\"><\/div>         <\/div>             <div class=\"kksr-star\" data-star=\"2\" style=\"padding-right: 5px\">               <div class=\"kksr-icon\" style=\"width: 24px; height: 24px;\"><\/div>         <\/div>             <div class=\"kksr-star\" data-star=\"3\" style=\"padding-right: 5px\">               <div class=\"kksr-icon\" style=\"width: 24px; height: 24px;\"><\/div>         <\/div>             <div class=\"kksr-star\" data-star=\"4\" style=\"padding-right: 5px\">               <div class=\"kksr-icon\" style=\"width: 24px; height: 24px;\"><\/div>         <\/div>             <div class=\"kksr-star\" data-star=\"5\" style=\"padding-right: 5px\">               <div class=\"kksr-icon\" style=\"width: 24px; height: 24px;\"><\/div>         <\/div>     <\/div>      <div class=\"kksr-stars-active\" style=\"width: 136.7px;\">             <div class=\"kksr-star\" style=\"padding-right: 5px\">               <div class=\"kksr-icon\" style=\"width: 24px; height: 24px;\"><\/div>         <\/div>             <div class=\"kksr-star\" style=\"padding-right: 5px\">               <div class=\"kksr-icon\" style=\"width: 24px; height: 24px;\"><\/div>         <\/div>             <div class=\"kksr-star\" style=\"padding-right: 5px\">               <div class=\"kksr-icon\" style=\"width: 24px; height: 24px;\"><\/div>         <\/div>             <div class=\"kksr-star\" style=\"padding-right: 5px\">               <div class=\"kksr-icon\" style=\"width: 24px; height: 24px;\"><\/div>         <\/div>             <div class=\"kksr-star\" style=\"padding-right: 5px\">               <div class=\"kksr-icon\" style=\"width: 24px; height: 24px;\"><\/div>         <\/div>     <\/div> <\/div>                   <div class=\"kksr-legend\" style=\"font-size: 19.2px;\">             4.8\/5 - (6 l\u01b0\u1ee3t b\u00ecnh ch\u1ecdn)    <\/div>     <\/div>  <p>M\u00e1y xi\u00ean th\u1ecbt l\u00e0 m\u1ed9t lo\u1ea1i m\u00e1y t\u1ef1 \u0111\u1ed9ng d\u00f9ng \u0111\u1ec3 x\u00e2u chu\u1ed7i c\u00e1c s\u1ea3n ph\u1ea9m th\u1ef1c ph\u1ea9m t\u1eeb th\u1ecbt cho c\u00e1c ho\u1ea1t \u0111\u1ed9ng n\u1ea5u n\u01b0\u1edbng nh\u01b0 n\u01b0\u1edbng ho\u1eb7c xi\u00ean. Lo\u1ea1i m\u00e1y n\u00e0y c\u00f3 th\u1ec3 n\u00e2ng cao \u0111\u00e1ng k\u1ec3 hi\u1ec7u qu\u1ea3 xi\u00ean, gi\u1ea3m thao t\u00e1c th\u1ee7 c\u00f4ng, \u0111\u1ed3ng th\u1eddi n\u00e2ng cao \u0111\u1ed9 an to\u00e0n v\u1ec7 sinh th\u1ef1c ph\u1ea9m.<\/p>    <p>M\u00e1y xi\u00ean th\u1ecbt th\u01b0\u1eddng s\u1eed d\u1ee5ng c\u00f4ng ngh\u1ec7 vi \u0111i\u1ec1u khi\u1ec3n ti\u00ean ti\u1ebfn, c\u1ea3m bi\u1ebfn ti\u1ec7m c\u1eadn v\u00e0 k\u1ebft h\u1ee3p c\u00e1c k\u1ef9 thu\u1eadt \u0111i\u1ec7n v\u00e0 kh\u00ed n\u00e9n \u0111\u1ec3 \u0111\u1ea1t \u0111\u01b0\u1ee3c s\u1ef1 c\u0103n ch\u1ec9nh t\u1ef1 \u0111\u1ed9ng v\u00e0 xi\u00ean th\u1ecbt t\u1ef1 \u0111\u1ed9ng.<\/p>    <p>Trong th\u1ebf gi\u1edbi b\u1ebfp th\u01b0\u01a1ng m\u1ea1i nhanh ch\u00f3ng, hi\u1ec7u qu\u1ea3 v\u00e0 \u0111\u1ed9 ch\u00ednh x\u00e1c l\u00e0 r\u1ea5t quan tr\u1ecdng. \u0110\u00f3 l\u00e0 l\u00fac M\u00e1y Xi\u00ean Th\u1ecbt Th\u01b0\u01a1ng M\u1ea1i xu\u1ea5t hi\u1ec7n. \u0110\u01b0\u1ee3c thi\u1ebft k\u1ebf \u0111\u1ec3 \u0111\u00e1p \u1ee9ng nhu c\u1ea7u c\u1ee7a c\u00e1c ho\u1ea1t \u0111\u1ed9ng \u1ea9m th\u1ef1c quy m\u00f4 l\u1edbn, thi\u1ebft b\u1ecb hi\u1ec7n \u0111\u1ea1i n\u00e0y \u0111\u1ecbnh ngh\u0129a l\u1ea1i ngh\u1ec7 thu\u1eadt chu\u1ea9n b\u1ecb xi\u00ean.<\/p>    <figure class=\"wp-block-gallery has-nested-images columns-default is-cropped wp-block-gallery-2 is-layout-flex wp-block-gallery-is-layout-flex\"> <figure class=\"wp-block-image size-large\"><img loading=\"lazy\" decoding=\"async\" width=\"720\" height=\"540\" data-id=\"774\" src=\"https:\/\/topfoodmachine.com\/wp-content\/uploads\/2023\/10\/meat-skewering-machine.webp\" alt=\"m\u00e1y xi\u00ean th\u1ecbt\" class=\"wp-image-774\" srcset=\"https:\/\/topfoodmachine.com\/wp-content\/uploads\/2023\/10\/meat-skewering-machine.webp 720w, https:\/\/topfoodmachine.com\/wp-content\/uploads\/2023\/10\/meat-skewering-machine-300x225.webp 300w\" sizes=\"auto, (max-width: 720px) 100vw, 720px\" \/><figcaption class=\"wp-element-caption\">m\u00e1y xi\u00ean th\u1ecbt<\/figcaption><\/figure>    <figure class=\"wp-block-image size-large\"><img loading=\"lazy\" decoding=\"async\" width=\"720\" height=\"540\" data-id=\"773\" src=\"https:\/\/topfoodmachine.com\/wp-content\/uploads\/2023\/10\/industrial-skewer-machine.webp\" alt=\"m\u00e1y xi\u00ean c\u00f4ng nghi\u1ec7p\" class=\"wp-image-773\" srcset=\"https:\/\/topfoodmachine.com\/wp-content\/uploads\/2023\/10\/industrial-skewer-machine.webp 720w, https:\/\/topfoodmachine.com\/wp-content\/uploads\/2023\/10\/industrial-skewer-machine-300x225.webp 300w\" sizes=\"auto, (max-width: 720px) 100vw, 720px\" \/><figcaption class=\"wp-element-caption\">m\u00e1y xi\u00ean c\u00f4ng nghi\u1ec7p<\/figcaption><\/figure> <\/figure>    <h2 class=\"wp-block-heading\"><strong>C\u00e1c t\u00ednh n\u0103ng v\u00e0 l\u1ee3i \u00edch ch\u00ednh c\u1ee7a <\/strong>m\u00e1y xi\u00ean th\u1ecbt<\/h2>    <ol class=\"wp-block-list\"> <li><strong>N\u0103ng su\u1ea5t ch\u01b0a t\u1eebng c\u00f3:<\/strong> \u0110\u01b0\u1ee3c thi\u1ebft k\u1ebf cho m\u1ee5c \u0111\u00edch th\u01b0\u01a1ng m\u1ea1i, chi\u1ebfc m\u00e1y n\u00e0y l\u00e0 m\u1ed9t c\u1ed7 m\u00e1y m\u1ea1nh m\u1ebd. N\u00f3 \u0111\u01a1n gi\u1ea3n h\u00f3a quy tr\u00ecnh x\u00e2u th\u1ecbt v\u00e0o xi\u00ean, t\u0103ng \u0111\u00e1ng k\u1ec3 s\u1ea3n l\u01b0\u1ee3ng v\u00e0 ti\u1ebft ki\u1ec7m th\u1eddi gian qu\u00fd b\u00e1u trong nh\u1eefng c\u0103n b\u1ebfp b\u1eadn r\u1ed9n.<\/li>    <li><strong>\u0110\u1ed9 d\u00e0i xi\u00ean c\u00f3 th\u1ec3 t\u00f9y ch\u1ec9nh:<\/strong> T\u00ednh linh ho\u1ea1t l\u00e0 ch\u00eca kh\u00f3a. V\u1edbi c\u00e1c c\u00e0i \u0111\u1eb7t c\u00f3 th\u1ec3 \u0111i\u1ec1u ch\u1ec9nh, \u0111\u1ea7u b\u1ebfp c\u00f3 th\u1ec3 d\u1ec5 d\u00e0ng ki\u1ec3m so\u00e1t \u0111\u1ed9 d\u00e0i c\u1ee7a xi\u00ean \u0111\u1ec3 ph\u00f9 h\u1ee3p v\u1edbi nhi\u1ec1u s\u1edf th\u00edch \u1ea9m th\u1ef1c v\u00e0 phong c\u00e1ch tr\u00ecnh b\u00e0y kh\u00e1c nhau. T\u00ednh n\u0103ng n\u00e0y cho ph\u00e9p cung c\u1ea5p nhi\u1ec1u lo\u1ea1i menu \u0111a d\u1ea1ng.<\/li>    <li><strong>T\u00ednh linh ho\u1ea1t gi\u1eefa c\u00e1c lo\u1ea1i th\u1ecbt:<\/strong> T\u1eeb nh\u1eefng mi\u1ebfng th\u1ecbt b\u00f2 v\u00e0 th\u1ecbt g\u00e0 m\u1ec1m m\u1ecdng n\u01b0\u1edbc \u0111\u1ebfn th\u1ecbt c\u1eebu, th\u1ecbt l\u1ee3n \u0111\u1ea7y h\u01b0\u01a1ng v\u1ecb v\u00e0 th\u1eadm ch\u00ed c\u1ea3 h\u1ea3i s\u1ea3n tinh t\u1ebf, chi\u1ebfc m\u00e1y n\u00e0y \u0111\u01b0\u1ee3c thi\u1ebft k\u1ebf \u0111\u1ec3 x\u1eed l\u00fd nhi\u1ec1u lo\u1ea1i th\u1ecbt. N\u00f3 m\u1edf ra m\u1ed9t th\u1ebf gi\u1edbi kh\u1ea3 n\u0103ng s\u00e1ng t\u1ea1o cho nh\u1eefng ng\u01b0\u1eddi \u0111am m\u00ea xi\u00ean que.<\/li>    <li><strong>Thi\u1ebft k\u1ebf h\u1ee3p v\u1ec7 sinh \u0111\u1ec3 b\u1ea3o tr\u00ec d\u1ec5 d\u00e0ng:<\/strong> \u0110\u01b0\u1ee3c ch\u1ebf t\u1ea1o t\u1eeb v\u1eadt li\u1ec7u th\u1ef1c ph\u1ea9m, m\u00e1y n\u00e0y \u01b0u ti\u00ean v\u1ec7 sinh. N\u00f3 \u0111\u01b0\u1ee3c thi\u1ebft k\u1ebf \u0111\u1ec3 l\u00e0m s\u1ea1ch nhanh ch\u00f3ng v\u00e0 d\u1ec5 d\u00e0ng, \u0111\u1ea3m b\u1ea3o an to\u00e0n v\u00e0 ch\u1ea5t l\u01b0\u1ee3ng c\u1ee7a c\u00e1c xi\u00ean th\u1ecbt \u0111\u01b0\u1ee3c chu\u1ea9n b\u1ecb.<\/li>    <li><strong>C\u00e1c t\u00ednh n\u0103ng t\u00f9y ch\u1ec9nh t\u00f9y ch\u1ecdn:<\/strong> \u0110\u1ed1i v\u1edbi nh\u1eefng ai t\u00ecm ki\u1ebfm ch\u1ee9c n\u0103ng b\u1ed5 sung, c\u00e1c m\u1eabu ch\u1ecdn l\u1ecdc cung c\u1ea5p c\u00e1c t\u00ednh n\u0103ng t\u00f9y ch\u1ec9nh nh\u01b0 \u0111\u1ed9 d\u00e0y xi\u00ean c\u00f3 th\u1ec3 \u0111i\u1ec1u ch\u1ec9nh ho\u1eb7c kh\u1ea3 n\u0103ng \u01b0\u1edbp th\u1ecbt trong qu\u00e1 tr\u00ecnh xi\u00ean. Nh\u1eefng c\u1ea3i ti\u1ebfn n\u00e0y m\u1edf r\u1ed9ng th\u00eam t\u00ednh linh ho\u1ea1t c\u1ee7a m\u00e1y.<\/li> <\/ol>    <figure class=\"wp-block-image size-full\"><img loading=\"lazy\" decoding=\"async\" width=\"720\" height=\"540\" src=\"https:\/\/topfoodmachine.com\/wp-content\/uploads\/2023\/10\/meat-kebab.webp\" alt=\"th\u1ecbt kebab\" class=\"wp-image-775\" srcset=\"https:\/\/topfoodmachine.com\/wp-content\/uploads\/2023\/10\/meat-kebab.webp 720w, https:\/\/topfoodmachine.com\/wp-content\/uploads\/2023\/10\/meat-kebab-300x225.webp 300w\" sizes=\"auto, (max-width: 720px) 100vw, 720px\" \/><figcaption class=\"wp-element-caption\">th\u1ecbt kebab<\/figcaption><\/figure>    <h2 class=\"wp-block-heading\">C\u00e1ch s\u1eed d\u1ee5ng m\u00e1y xi\u00ean th\u1ecbt<\/h2>    <ol class=\"wp-block-list\"> <li><strong>Chu\u1ea9n b\u1ecb th\u1ecbt:<\/strong> <ul class=\"wp-block-list\"> <li>B\u1eaft \u0111\u1ea7u b\u1eb1ng c\u00e1ch c\u1eaft th\u1ecbt th\u00e0nh nh\u1eefng mi\u1ebfng c\u00f3 k\u00edch th\u01b0\u1edbc ph\u00f9 h\u1ee3p \u0111\u1ec3 xi\u00ean. \u0110\u1ea3m b\u1ea3o c\u00e1c mi\u1ebfng c\u00f3 k\u00edch th\u01b0\u1edbc ph\u00f9 h\u1ee3p v\u1edbi th\u00f4ng s\u1ed1 k\u1ef9 thu\u1eadt c\u1ee7a m\u00e1y.<\/li> <\/ul> <\/li>    <li><strong>Thi\u1ebft l\u1eadp m\u00e1y:<\/strong> <ul class=\"wp-block-list\"> <li>\u0110\u1eb7t m\u00e1y xi\u00ean th\u1ecbt \u1edf khu v\u1ef1c r\u1ed9ng r\u00e3i, s\u1ea1ch s\u1ebd trong nh\u00e0 b\u1ebfp ho\u1eb7c kh\u00f4ng gian l\u00e0m vi\u1ec7c c\u1ee7a b\u1ea1n. \u0110\u1ea3m b\u1ea3o n\u00f3 \u0111\u01b0\u1ee3c k\u1ebft n\u1ed1i \u0111\u00fang c\u00e1ch v\u1edbi ngu\u1ed3n \u0111i\u1ec7n v\u00e0 c\u00f3 t\u1ea5t c\u1ea3 c\u00e1c t\u00ednh n\u0103ng an to\u00e0n.<\/li> <\/ul> <\/li>    <li><strong>\u0110i\u1ec1u ch\u1ec9nh \u0111\u1ed9 d\u00e0i xi\u00ean:<\/strong> <ul class=\"wp-block-list\"> <li>N\u1ebfu m\u00e1y c\u1ee7a b\u1ea1n c\u00f3 t\u00ednh n\u0103ng \u0111i\u1ec1u ch\u1ec9nh \u0111\u1ed9 d\u00e0i xi\u00ean, h\u00e3y \u0111\u1eb7t n\u00f3 theo th\u00f4ng s\u1ed1 k\u1ef9 thu\u1eadt m\u00e0 b\u1ea1n mong mu\u1ed1n. \u0110i\u1ec1u n\u00e0y \u0111\u1ea3m b\u1ea3o r\u1eb1ng xi\u00ean s\u1ebd c\u00f3 k\u00edch th\u01b0\u1edbc ph\u00f9 h\u1ee3p cho s\u1ef1 s\u00e1ng t\u1ea1o \u1ea9m th\u1ef1c c\u1ee7a b\u1ea1n.<\/li> <\/ul> <\/li>    <li><strong>N\u1ea1p th\u1ecbt:<\/strong> <ul class=\"wp-block-list\"> <li>\u0110\u1eb7t c\u00e1c mi\u1ebfng th\u1ecbt \u0111\u00e3 chu\u1ea9n b\u1ecb v\u00e0o ng\u0103n ho\u1eb7c khay \u0111\u01b0\u1ee3c ch\u1ec9 \u0111\u1ecbnh c\u1ee7a m\u00e1y. H\u00e3y \u0111\u1ea3m b\u1ea3o s\u1eafp x\u1ebfp ch\u00fang sao cho xi\u00ean xi\u00ean \u0111\u01b0\u1ee3c tr\u01a1n tru.<\/li> <\/ul> <\/li>    <li><strong>K\u00edch ho\u1ea1t m\u00e1y:<\/strong> <ul class=\"wp-block-list\"> <li>B\u1eadt m\u00e1y b\u1eb1ng c\u00e1c n\u00fat \u0111i\u1ec1u khi\u1ec3n \u0111\u01b0\u1ee3c ch\u1ec9 \u0111\u1ecbnh. \u0110i\u1ec1u n\u00e0y s\u1ebd b\u1eaft \u0111\u1ea7u qu\u00e1 tr\u00ecnh xi\u00ean t\u1ef1 \u0111\u1ed9ng.<\/li> <\/ul> <\/li>    <li><strong>Gi\u00e1m s\u00e1t qu\u00e1 tr\u00ecnh xi\u00ean:<\/strong> <ul class=\"wp-block-list\"> <li>H\u00e3y \u0111\u1ec3 m\u1eaft \u0111\u1ebfn chi\u1ebfc m\u00e1y khi n\u00f3 xi\u00ean th\u1ecbt. \u0110\u1ea3m b\u1ea3o r\u1eb1ng m\u1ecdi th\u1ee9 di\u1ec5n ra su\u00f4n s\u1ebb v\u00e0 th\u1ecbt \u0111\u01b0\u1ee3c x\u00e2u ch\u00ednh x\u00e1c v\u00e0o xi\u00ean.<\/li> <\/ul> <\/li>    <li><strong>Thu th\u1eadp th\u1ecbt xi\u00ean:<\/strong> <ul class=\"wp-block-list\"> <li>Khi m\u00e1y ho\u00e0n t\u1ea5t qu\u00e1 tr\u00ecnh xi\u00ean, h\u00e3y c\u1ea9n th\u1eadn thu th\u1eadp th\u1ecbt xi\u00ean. D\u00f9ng khay ho\u1eb7c h\u1ed9p \u0111\u1ef1ng \u0111\u1ec3 thu th\u1eadp c\u00e1c xi\u00ean, c\u1ea9n th\u1eadn \u0111\u1ec3 tr\u00e1nh c\u00f3 c\u1ea1nh s\u1eafc.<\/li> <\/ul> <\/li>    <li><strong>Chu\u1ea9n b\u1ecb n\u1ea5u \u0103n:<\/strong> <ul class=\"wp-block-list\"> <li>Sau khi xi\u00ean th\u1ecbt l\u00e0 \u0111\u00e3 s\u1eb5n s\u00e0ng \u0111\u1ec3 n\u1ea5u. T\u00f9y thu\u1ed9c v\u00e0o c\u00f4ng th\u1ee9c c\u1ee7a b\u1ea1n, b\u1ea1n c\u00f3 th\u1ec3 n\u01b0\u1edbng, quay ho\u1eb7c ch\u1ebf bi\u1ebfn theo ph\u01b0\u01a1ng ph\u00e1p \u01b0a th\u00edch c\u1ee7a m\u00ecnh.<\/li> <\/ul> <\/li>    <li><strong>V\u1ec7 sinh v\u00e0 b\u1ea3o tr\u00ec m\u00e1y:<\/strong> <ul class=\"wp-block-list\"> <li>Sau khi s\u1eed d\u1ee5ng, h\u00e3y ch\u1eafc ch\u1eafn l\u00e0m s\u1ea1ch m\u00e1y m\u1ed9t c\u00e1ch k\u1ef9 l\u01b0\u1ee1ng theo h\u01b0\u1edbng d\u1eabn c\u1ee7a nh\u00e0 s\u1ea3n xu\u1ea5t. \u0110i\u1ec1u n\u00e0y \u0111\u1ea3m b\u1ea3o v\u1ec7 sinh v\u00e0 duy tr\u00ec hi\u1ec7u qu\u1ea3 c\u1ee7a m\u00e1y cho c\u00e1c l\u1ea7n s\u1eed d\u1ee5ng sau.<\/li> <\/ul> <\/li>    <li><strong>Bi\u1ec7n ph\u00e1p ph\u00f2ng ng\u1eeba an to\u00e0n:<\/strong> <ul class=\"wp-block-list\"> <li>Lu\u00f4n tu\u00e2n theo c\u00e1c h\u01b0\u1edbng d\u1eabn an to\u00e0n do nh\u00e0 s\u1ea3n xu\u1ea5t cung c\u1ea5p. \u0110\u1ea3m b\u1ea3o r\u1eb1ng t\u1ea5t c\u1ea3 c\u00e1c t\u00ednh n\u0103ng an to\u00e0n \u0111\u1ec1u \u0111\u01b0\u1ee3c \u00e1p d\u1ee5ng v\u00e0 ng\u01b0\u1eddi v\u1eadn h\u00e0nh \u0111ang \u0111eo m\u1ecdi thi\u1ebft b\u1ecb b\u1ea3o h\u1ed9 c\u1ea7n thi\u1ebft.<\/li> <\/ul> <\/li> <\/ol>    <figure class=\"wp-block-embed is-type-video is-provider-youtube wp-block-embed-youtube wp-embed-aspect-16-9 wp-has-aspect-ratio\"><div class=\"wp-block-embed__wrapper\"> <iframe loading=\"lazy\" title=\"Kh\u00f4ng c\u00f2n kh\u00f3 kh\u0103n n\u1eefa: C\u00e1ch xi\u00ean th\u1ecbt th\u00f4ng minh \u0111\u1ec3 n\u01b0\u1edbng #skewer #meat\" width=\"500\" height=\"281\" src=\"https:\/\/www.youtube.com\/embed\/KuNnAg37Uo8?feature=oembed\" frameborder=\"0\" allow=\"accelerometer; autoplay; clipboard-write; encrypted-media; gyroscope; picture-in-picture; web-share\" referrerpolicy=\"strict-origin-when-cross-origin\" allowfullscreen><\/iframe> <\/div><\/figure>    <h2 class=\"wp-block-heading\">C\u1ea5u t\u1ea1o c\u1ee7a m\u00e1y xi\u00ean th\u1ecbt<\/h2>    <ol class=\"wp-block-list\"> <li><strong>Khung v\u00e0 \u0110\u1ebf:<\/strong> <ul class=\"wp-block-list\"> <li>Khung cung c\u1ea5p h\u1ed7 tr\u1ee3 c\u1ea5u tr\u00fac cho m\u00e1y v\u00e0 gi\u1eef t\u1ea5t c\u1ea3 c\u00e1c b\u1ed9 ph\u1eadn \u1edf \u0111\u00fang v\u1ecb tr\u00ed. N\u00f3 th\u01b0\u1eddng \u0111\u01b0\u1ee3c l\u00e0m b\u1eb1ng v\u1eadt li\u1ec7u ch\u1eafc ch\u1eafn, b\u1ec1n nh\u01b0 th\u00e9p kh\u00f4ng g\u1ec9 \u0111\u1ec3 ch\u1ecbu \u0111\u01b0\u1ee3c s\u1ef1 kh\u1eafc nghi\u1ec7t khi s\u1eed d\u1ee5ng th\u01b0\u01a1ng m\u1ea1i.<\/li> <\/ul> <\/li>    <li><strong>Khu v\u1ef1c n\u1ea1p xi\u00ean:<\/strong> <ul class=\"wp-block-list\"> <li>\u0110\u00e2y l\u00e0 ph\u1ea7n m\u00e0 th\u1ecbt \u0111\u01b0\u1ee3c \u0111\u1eb7t v\u00e0o \u0111\u1ec3 xi\u00ean. N\u00f3 \u0111\u01b0\u1ee3c thi\u1ebft k\u1ebf v\u1edbi c\u00e1c t\u00ednh n\u0103ng \u0111\u1ec3 gi\u1eef th\u1ecbt \u1edf v\u1ecb tr\u00ed, \u0111\u1ea3m b\u1ea3o n\u00f3 \u0111\u01b0\u1ee3c c\u0103n ch\u1ec9nh \u0111\u00fang c\u00e1ch cho qu\u00e1 tr\u00ecnh xi\u00ean.<\/li> <\/ul> <\/li>    <li><strong>C\u01a1 ch\u1ebf xi\u00ean:<\/strong> <ul class=\"wp-block-list\"> <li>C\u01a1 c\u1ea5u xi\u00ean c\u00f3 nhi\u1ec7m v\u1ee5 x\u00e2u th\u1ecbt v\u00e0o xi\u00ean. N\u00f3 th\u01b0\u1eddng li\u00ean quan \u0111\u1ebfn s\u1ef1 k\u1ebft h\u1ee3p gi\u1eefa c\u00f4ng ngh\u1ec7 kh\u00ed n\u00e9n v\u00e0 \u0111i\u1ec7n, c\u00f9ng v\u1edbi c\u00e1c c\u1ea3m bi\u1ebfn chuy\u00ean d\u1ee5ng \u0111\u1ec3 \u0111\u1ea3m b\u1ea3o xi\u00ean th\u1ecbt t\u1ef1 \u0111\u1ed9ng v\u00e0 ch\u00ednh x\u00e1c.<\/li> <\/ul> <\/li>    <li><strong>C\u00e0i \u0111\u1eb7t \u0111\u1ed9 d\u00e0i xi\u00ean c\u00f3 th\u1ec3 \u0111i\u1ec1u ch\u1ec9nh:<\/strong> <ul class=\"wp-block-list\"> <li>M\u00e1y cho ph\u00e9p t\u00f9y ch\u1ec9nh \u0111\u1ed9 d\u00e0i xi\u00ean. T\u00ednh n\u0103ng n\u00e0y bao g\u1ed3m c\u00e1c c\u01a1 ch\u1ebf c\u00f3 th\u1ec3 \u0111\u01b0\u1ee3c \u0111i\u1ec1u ch\u1ec9nh \u0111\u1ec3 ph\u00f9 h\u1ee3p v\u1edbi c\u00e1c k\u00edch c\u1ee1 xi\u00ean kh\u00e1c nhau, gi\u00fap kh\u00e1ch h\u00e0ng c\u00f3 th\u1ec3 linh ho\u1ea1t trong vi\u1ec7c s\u00e1ng t\u1ea1o m\u00f3n \u0103n c\u1ee7a m\u00ecnh.<\/li> <\/ul> <\/li>    <li><strong>C\u1ea3m bi\u1ebfn ti\u1ec7m c\u1eadn:<\/strong> <ul class=\"wp-block-list\"> <li>C\u1ea3m bi\u1ebfn ti\u1ec7m c\u1eadn \u0111\u01b0\u1ee3c s\u1eed d\u1ee5ng \u0111\u1ec3 ph\u00e1t hi\u1ec7n s\u1ef1 hi\u1ec7n di\u1ec7n c\u1ee7a c\u00e1c mi\u1ebfng th\u1ecbt trong khu v\u1ef1c ch\u1ea5t h\u00e0ng. Ch\u00fang \u0111\u00f3ng m\u1ed9t vai tr\u00f2 quan tr\u1ecdng trong vi\u1ec7c b\u1eaft \u0111\u1ea7u v\u00e0 ki\u1ec3m so\u00e1t qu\u00e1 tr\u00ecnh xi\u00ean.<\/li> <\/ul> <\/li>    <li><strong>B\u1ea3ng \u0111i\u1ec1u khi\u1ec3n:<\/strong> <ul class=\"wp-block-list\"> <li>B\u1ea3ng \u0111i\u1ec1u khi\u1ec3n ch\u1ee9a giao di\u1ec7n ng\u01b0\u1eddi d\u00f9ng c\u1ee7a m\u00e1y. N\u00f3 th\u01b0\u1eddng bao g\u1ed3m c\u00e1c n\u00fat, c\u00f4ng t\u1eafc v\u00e0 c\u00f3 th\u1ec3 c\u00f3 m\u00e0n h\u00ecnh k\u1ef9 thu\u1eadt s\u1ed1 \u0111\u1ec3 thi\u1ebft l\u1eadp c\u00e1c th\u00f4ng s\u1ed1 nh\u01b0 chi\u1ec1u d\u00e0i xi\u00ean v\u00e0 \u0111i\u1ec1u khi\u1ec3n ho\u1ea1t \u0111\u1ed9ng c\u1ee7a m\u00e1y.<\/li> <\/ul> <\/li>    <li><strong>Ngu\u1ed3n \u0111i\u1ec7n v\u00e0 linh ki\u1ec7n \u0111i\u1ec7n:<\/strong> <ul class=\"wp-block-list\"> <li>\u0110i\u1ec1u n\u00e0y bao g\u1ed3m h\u1ec7 th\u1ed1ng \u0111i\u1ec7n ch\u1ecbu tr\u00e1ch nhi\u1ec7m cung c\u1ea5p n\u0103ng l\u01b0\u1ee3ng cho m\u00e1y. N\u00f3 c\u00f3 th\u1ec3 li\u00ean quan \u0111\u1ebfn \u0111\u1ed9ng c\u01a1, r\u01a1le v\u00e0 c\u00e1c b\u1ed9 ph\u1eadn \u0111i\u1ec7n kh\u00e1c \u0111\u1ec3 \u0111i\u1ec1u khi\u1ec3n qu\u00e1 tr\u00ecnh xi\u00ean.<\/li> <\/ul> <\/li>    <li><strong>C\u00e1c t\u00ednh n\u0103ng an to\u00e0n:<\/strong> <ul class=\"wp-block-list\"> <li>Nhi\u1ec1u t\u00ednh n\u0103ng an to\u00e0n c\u00f3 th\u1ec3 \u0111\u01b0\u1ee3c t\u00edch h\u1ee3p, ch\u1eb3ng h\u1ea1n nh\u01b0 n\u00fat d\u1eebng kh\u1ea9n c\u1ea5p, kh\u00f3a li\u00ean \u0111\u1ed9ng an to\u00e0n v\u00e0 v\u1ecf b\u1ea3o v\u1ec7 \u0111\u1ec3 \u0111\u1ea3m b\u1ea3o v\u1eadn h\u00e0nh an to\u00e0n v\u00e0 ng\u0103n ng\u1eeba tai n\u1ea1n.<\/li> <\/ul> <\/li>    <li><strong>\u0110i\u1ec3m truy c\u1eadp l\u00e0m s\u1ea1ch v\u00e0 b\u1ea3o tr\u00ec:<\/strong> <ul class=\"wp-block-list\"> <li>Ch\u00fang \u0111\u01b0\u1ee3c thi\u1ebft k\u1ebf \u0111\u1ec3 cho ph\u00e9p d\u1ec5 d\u00e0ng truy c\u1eadp v\u00e0o c\u00e1c c\u00f4ng vi\u1ec7c l\u00e0m s\u1ea1ch v\u00e0 b\u1ea3o tr\u00ec. H\u1ecd \u0111\u1ea3m b\u1ea3o r\u1eb1ng m\u00e1y c\u00f3 th\u1ec3 \u0111\u01b0\u1ee3c l\u00e0m s\u1ea1ch ho\u00e0n to\u00e0n \u0111\u1ec3 duy tr\u00ec c\u00e1c ti\u00eau chu\u1ea9n v\u1ec7 sinh.<\/li> <\/ul> <\/li>    <li><strong>Ch\u00e2n ho\u1eb7c b\u00e1nh xe c\u00f3 th\u1ec3 \u0111i\u1ec1u ch\u1ec9nh:<\/strong> <ul class=\"wp-block-list\"> <li>Ch\u00fang \u0111\u01b0\u1ee3c t\u00ecm th\u1ea5y tr\u00ean \u0111\u1ebf c\u1ee7a m\u00e1y v\u00e0 \u0111\u01b0\u1ee3c s\u1eed d\u1ee5ng \u0111\u1ec3 c\u00e2n b\u1eb1ng v\u00e0 \u1ed5n \u0111\u1ecbnh n\u00f3. Ch\u00fang c\u0169ng c\u00f3 th\u1ec3 \u0111\u01b0\u1ee3c trang b\u1ecb c\u01a1 c\u1ea5u kh\u00f3a \u0111\u1ec3 c\u1ed1 \u0111\u1ecbnh m\u00e1y v\u00e0o \u0111\u00fang v\u1ecb tr\u00ed trong qu\u00e1 tr\u00ecnh v\u1eadn h\u00e0nh.<\/li> <\/ul> <\/li> <\/ol>    <figure class=\"wp-block-image size-full\"><img loading=\"lazy\" decoding=\"async\" width=\"720\" height=\"540\" src=\"https:\/\/topfoodmachine.com\/wp-content\/uploads\/2023\/10\/automatic-meat-skewer-machine.webp\" alt=\"m\u00e1y xi\u00ean th\u1ecbt t\u1ef1 \u0111\u1ed9ng\" class=\"wp-image-776\" srcset=\"https:\/\/topfoodmachine.com\/wp-content\/uploads\/2023\/10\/automatic-meat-skewer-machine.webp 720w, https:\/\/topfoodmachine.com\/wp-content\/uploads\/2023\/10\/automatic-meat-skewer-machine-300x225.webp 300w\" sizes=\"auto, (max-width: 720px) 100vw, 720px\" \/><figcaption class=\"wp-element-caption\">m\u00e1y xi\u00ean th\u1ecbt t\u1ef1 \u0111\u1ed9ng<\/figcaption><\/figure>    <h2 class=\"wp-block-heading\">Th\u00f4ng s\u1ed1 c\u1ee7a m\u00e1y xi\u00ean th\u1ecbt<\/h2>    <figure class=\"wp-block-table\"><table><tbody><tr><td>Ng\u01b0\u1eddi m\u1eabu<\/td><td>TZ-2000<\/td><\/tr><tr><td>Dung t\u00edch<\/td><td>3000 chi\u1ebfc \/ gi\u1edd<\/td><\/tr><tr><td>K\u00edch c\u1ee1<\/td><td>2000*2000*1100mm<\/td><\/tr><tr><td>Quy\u1ec1n l\u1ef1c<\/td><td>200w<\/td><\/tr><tr><td>C\u00e2n n\u1eb7ng<\/td><td>160kg<\/td><\/tr><tr><td>Chi\u1ec1u d\u00e0i thanh<\/td><td>25-30cm<\/td><\/tr><tr><td>\u0110\u01b0\u1eddng k\u00ednh thanh<\/td><td>2,5-3mm<\/td><\/tr><\/tbody><\/table><\/figure>    <h2 class=\"wp-block-heading\">Li\u00ean h\u1ec7 ch\u00fang t\u00f4i<\/h2>    <p>M\u00e1y xi\u00ean th\u1ecbt l\u00e0 d\u1ee5ng c\u1ee5 nh\u00e0 b\u1ebfp \u0111a n\u0103ng, c\u00f3 th\u1ec3 d\u00f9ng \u0111\u1ec3 l\u00e0m nhi\u1ec1u lo\u1ea1i xi\u00ean kh\u00e1c nhau, bao g\u1ed3m xi\u00ean th\u1ecbt, xi\u00ean rau c\u1ee7, xi\u00ean hoa qu\u1ea3. Ch\u00fang c\u0169ng r\u1ea5t th\u00edch h\u1ee3p \u0111\u1ec3 l\u00e0m m\u00f3n kebab, sa t\u1ebf v\u00e0 c\u00e1c m\u00f3n xi\u00ean kh\u00e1c.<\/p>    <p>N\u1ebfu b\u1ea1n \u0111ang t\u00ecm c\u00e1ch \u0111\u1ec3 xi\u00ean c\u00e1c m\u00f3n \u0103n nhanh h\u01a1n, d\u1ec5 d\u00e0ng h\u01a1n v\u00e0 an to\u00e0n h\u01a1n th\u00ec m\u00e1y xi\u00ean th\u1ecbt l\u00e0 m\u1ed9t l\u1ef1a ch\u1ecdn tuy\u1ec7t v\u1eddi. N\u00f3 l\u00e0 m\u1ed9t c\u00f4ng c\u1ee5 \u0111a n\u0103ng s\u1ebd gi\u00fap b\u1ea1n t\u1ea1o ra nh\u1eefng m\u00f3n xi\u00ean th\u01a1m ngon v\u00e0 h\u1ea5p d\u1eabn v\u1ec1 m\u1eb7t h\u00ecnh \u1ea3nh cho b\u1ea5t k\u1ef3 d\u1ecbp n\u00e0o.<\/p>    <figure class=\"wp-block-image size-full\"><img loading=\"lazy\" decoding=\"async\" width=\"720\" height=\"540\" src=\"https:\/\/topfoodmachine.com\/wp-content\/uploads\/2023\/10\/Meat-skewer-machine-for-bbq.webp\" alt=\"M\u00e1y xi\u00ean th\u1ecbt cho BBQ\" class=\"wp-image-777\" srcset=\"https:\/\/topfoodmachine.com\/wp-content\/uploads\/2023\/10\/Meat-skewer-machine-for-bbq.webp 720w, https:\/\/topfoodmachine.com\/wp-content\/uploads\/2023\/10\/Meat-skewer-machine-for-bbq-300x225.webp 300w\" sizes=\"auto, (max-width: 720px) 100vw, 720px\" \/><figcaption class=\"wp-element-caption\">M\u00e1y xi\u00ean th\u1ecbt cho BBQ<\/figcaption><\/figure>    <p><\/p>","protected":false},"excerpt":{"rendered":"<p>M\u00e1y xi\u00ean th\u1ecbt l\u00e0 m\u1ed9t lo\u1ea1i m\u00e1y t\u1ef1 \u0111\u1ed9ng d\u00f9ng \u0111\u1ec3 x\u00e2u chu\u1ed7i c\u00e1c s\u1ea3n ph\u1ea9m th\u1ef1c ph\u1ea9m t\u1eeb th\u1ecbt cho c\u00e1c ho\u1ea1t \u0111\u1ed9ng n\u1ea5u n\u01b0\u1edbng nh\u01b0 n\u01b0\u1edbng ho\u1eb7c xi\u00ean.<\/p>","protected":false},"author":1,"featured_media":772,"parent":0,"template":"","tags":[],"product-type":[7],"class_list":["post-771","product","type-product","status-publish","has-post-thumbnail","hentry","product-type-egg-meat-processing-machine"],"_links":{"self":[{"href":"https:\/\/topfoodmachine.com\/vi\/wp-json\/wp\/v2\/product\/771","targetHints":{"allow":["GET"]}}],"collection":[{"href":"https:\/\/topfoodmachine.com\/vi\/wp-json\/wp\/v2\/product"}],"about":[{"href":"https:\/\/topfoodmachine.com\/vi\/wp-json\/wp\/v2\/types\/product"}],"author":[{"embeddable":true,"href":"https:\/\/topfoodmachine.com\/vi\/wp-json\/wp\/v2\/users\/1"}],"wp:featuredmedia":[{"embeddable":true,"href":"https:\/\/topfoodmachine.com\/vi\/wp-json\/wp\/v2\/media\/772"}],"wp:attachment":[{"href":"https:\/\/topfoodmachine.com\/vi\/wp-json\/wp\/v2\/media?parent=771"}],"wp:term":[{"taxonomy":"post_tag","embeddable":true,"href":"https:\/\/topfoodmachine.com\/vi\/wp-json\/wp\/v2\/tags?post=771"},{"taxonomy":"product-type","embeddable":true,"href":"https:\/\/topfoodmachine.com\/vi\/wp-json\/wp\/v2\/product-type?post=771"}],"curies":[{"name":"wp","href":"https:\/\/api.w.org\/{rel}","templated":true}]}}