{"id":758,"date":"2023-10-12T13:36:51","date_gmt":"2023-10-12T05:36:51","guid":{"rendered":"https:\/\/topfoodmachine.com\/?post_type=product&#038;p=758"},"modified":"2025-04-22T15:15:23","modified_gmt":"2025-04-22T07:15:23","slug":"hamburger-patty-maker-machine","status":"publish","type":"product","link":"https:\/\/topfoodmachine.com\/vi\/product\/hamburger-patty-maker-machine\/","title":{"rendered":"M\u00e1y l\u00e0m b\u00e1nh hamburger"},"content":{"rendered":"<div class=\"kk-star-ratings kksr-auto kksr-align-left kksr-valign-top\"     data-payload='{&quot;align&quot;:&quot;left&quot;,&quot;id&quot;:&quot;758&quot;,&quot;slug&quot;:&quot;default&quot;,&quot;valign&quot;:&quot;top&quot;,&quot;ignore&quot;:&quot;&quot;,&quot;reference&quot;:&quot;auto&quot;,&quot;class&quot;:&quot;&quot;,&quot;count&quot;:&quot;21&quot;,&quot;legendonly&quot;:&quot;&quot;,&quot;readonly&quot;:&quot;&quot;,&quot;score&quot;:&quot;4.7&quot;,&quot;starsonly&quot;:&quot;&quot;,&quot;best&quot;:&quot;5&quot;,&quot;gap&quot;:&quot;5&quot;,&quot;greet&quot;:&quot;Rate this product&quot;,&quot;legend&quot;:&quot;4.7\\\/5 - (21 b\u00ecnh ch\u1ecdn)&quot;,&quot;size&quot;:&quot;24&quot;,&quot;title&quot;:&quot;Hamburger Patty Maker Machine&quot;,&quot;width&quot;:&quot;133.8&quot;,&quot;_legend&quot;:&quot;{score}\\\/{best} - ({count} {votes})&quot;,&quot;font_factor&quot;:&quot;1.25&quot;}'>              <div class=\"kksr-stars\">      <div class=\"kksr-stars-inactive\">             <div class=\"kksr-star\" data-star=\"1\" style=\"padding-right: 5px\">               <div class=\"kksr-icon\" style=\"width: 24px; height: 24px;\"><\/div>         <\/div>             <div class=\"kksr-star\" data-star=\"2\" style=\"padding-right: 5px\">               <div class=\"kksr-icon\" style=\"width: 24px; height: 24px;\"><\/div>         <\/div>             <div class=\"kksr-star\" data-star=\"3\" style=\"padding-right: 5px\">               <div class=\"kksr-icon\" style=\"width: 24px; height: 24px;\"><\/div>         <\/div>             <div class=\"kksr-star\" data-star=\"4\" style=\"padding-right: 5px\">               <div class=\"kksr-icon\" style=\"width: 24px; height: 24px;\"><\/div>         <\/div>             <div class=\"kksr-star\" data-star=\"5\" style=\"padding-right: 5px\">               <div class=\"kksr-icon\" style=\"width: 24px; height: 24px;\"><\/div>         <\/div>     <\/div>      <div class=\"kksr-stars-active\" style=\"width: 133.8px;\">             <div class=\"kksr-star\" style=\"padding-right: 5px\">               <div class=\"kksr-icon\" style=\"width: 24px; height: 24px;\"><\/div>         <\/div>             <div class=\"kksr-star\" style=\"padding-right: 5px\">               <div class=\"kksr-icon\" style=\"width: 24px; height: 24px;\"><\/div>         <\/div>             <div class=\"kksr-star\" style=\"padding-right: 5px\">               <div class=\"kksr-icon\" style=\"width: 24px; height: 24px;\"><\/div>         <\/div>             <div class=\"kksr-star\" style=\"padding-right: 5px\">               <div class=\"kksr-icon\" style=\"width: 24px; height: 24px;\"><\/div>         <\/div>             <div class=\"kksr-star\" style=\"padding-right: 5px\">               <div class=\"kksr-icon\" style=\"width: 24px; height: 24px;\"><\/div>         <\/div>     <\/div> <\/div>                   <div class=\"kksr-legend\" style=\"font-size: 19.2px;\">             4.7\/5 - (21 l\u01b0\u1ee3t b\u00ecnh ch\u1ecdn)    <\/div>     <\/div>  <p>M\u00e1y l\u00e0m b\u00e1nh hamburger \u0111\u01b0\u1ee3c s\u1eed d\u1ee5ng \u0111\u1ec3 t\u1ea1o ra nh\u1eefng chi\u1ebfc b\u00e1nh hamburger c\u00f3 h\u00ecnh d\u1ea1ng v\u00e0 k\u00edch th\u01b0\u1edbc \u0111\u1ed3ng nh\u1ea5t. N\u00f3 th\u01b0\u1eddng \u0111\u01b0\u1ee3c l\u00e0m b\u1eb1ng nh\u00f4m ho\u1eb7c th\u00e9p kh\u00f4ng g\u1ec9 v\u00e0 bao g\u1ed3m hai ph\u1ea7n: m\u1ed9t \u0111\u1ebf v\u00e0 m\u1ed9t n\u1eafp \u00e9p. \u0110\u1ebf c\u00f3 m\u1ed9t ch\u1ed7 l\u00f5m n\u00f4ng \u1edf gi\u1eefa, trong khi n\u1eafp \u00e9p c\u00f3 m\u1ed9t p\u00edt-t\u00f4ng nh\u00f4 l\u00ean v\u1eeba kh\u00edt v\u00e0o ch\u1ed7 l\u00f5m.<\/p>    <p>M\u00e1y l\u00e0m mi\u1ebfng ch\u1ea3 Hamburger c\u00f3 s\u1eb5n v\u1edbi nhi\u1ec1u k\u00edch c\u1ee1 kh\u00e1c nhau, cho ph\u00e9p kh\u00e1ch h\u00e0ng l\u1ef1a ch\u1ecdn lo\u1ea1i m\u00e1y s\u1ea3n xu\u1ea5t mi\u1ebfng ch\u1ea3 c\u00f3 k\u00edch th\u01b0\u1edbc l\u00fd t\u01b0\u1edfng cho c\u00e1c y\u00eau c\u1ea7u c\u1ee5 th\u1ec3. M\u1ed9t s\u1ed1 m\u1eabu nh\u1ea5t \u0111\u1ecbnh c\u0169ng cung c\u1ea5p c\u00e1c ch\u1ee9c n\u0103ng b\u1ed5 sung nh\u01b0 \u0111\u1ed9 d\u00e0y mi\u1ebfng ch\u1ea3 c\u00f3 th\u1ec3 t\u00f9y ch\u1ec9nh v\u00e0 h\u00ecnh d\u1ea1ng mi\u1ebfng ch\u1ea3.<\/p>    <figure class=\"wp-block-embed is-type-video is-provider-youtube wp-block-embed-youtube wp-embed-aspect-16-9 wp-has-aspect-ratio\"><div class=\"wp-block-embed__wrapper\"> <iframe loading=\"lazy\" title=\"S\u1ef1 ho\u00e0n h\u1ea3o c\u1ee7a Burger: C\u00e1ch s\u1eed d\u1ee5ng m\u00e1y l\u00e0m b\u00e1nh Patty #hamburger #pattymaker\" width=\"500\" height=\"281\" src=\"https:\/\/www.youtube.com\/embed\/hKUsRcyTUUk?feature=oembed\" frameborder=\"0\" allow=\"accelerometer; autoplay; clipboard-write; encrypted-media; gyroscope; picture-in-picture; web-share\" referrerpolicy=\"strict-origin-when-cross-origin\" allowfullscreen><\/iframe> <\/div><figcaption class=\"wp-element-caption\">video l\u00e0m b\u00e1nh burger patty<\/figcaption><\/figure>    <h2 class=\"wp-block-heading\">Nguy\u00ean li\u1ec7u th\u00f4 n\u00e0o ph\u00f9 h\u1ee3p cho m\u00e1y l\u00e0m b\u00e1nh hamburger?<\/h2>    <p>M\u00e1y l\u00e0m b\u00e1nh hamburger r\u1ea5t linh ho\u1ea1t v\u00e0 t\u01b0\u01a1ng th\u00edch v\u1edbi nhi\u1ec1u lo\u1ea1i nguy\u00ean li\u1ec7u th\u00f4. N\u00f3 c\u00f3 th\u1ec3 x\u1eed l\u00fd nhi\u1ec1u lo\u1ea1i th\u1ecbt nh\u01b0 g\u00e0, b\u00f2, th\u1ecbt c\u1eebu v\u00e0 th\u1ecbt l\u1ee3n. N\u00f3 c\u0169ng ho\u00e0n h\u1ea3o cho vi\u1ec7c t\u1ea1o h\u00ecnh c\u00e1c s\u1ea3n ph\u1ea9m h\u1ea3i s\u1ea3n nh\u01b0 c\u00e1, t\u00f4m, m\u1ef1c v\u00e0 c\u00e1 h\u1ed3i th\u00e0nh nh\u1eefng chi\u1ebfc b\u00e1nh \u0111\u1ed3ng nh\u1ea5t.<\/p>    <p>Ngo\u00e0i c\u00e1c nguy\u00ean li\u1ec7u t\u1eeb \u0111\u1ed9ng v\u1eadt, m\u00e1y n\u00e0y c\u00f3 th\u1ec3 x\u1eed l\u00fd nhi\u1ec1u lo\u1ea1i t\u00f9y ch\u1ecdn t\u1eeb th\u1ef1c v\u1eadt. C\u00e1c nguy\u00ean li\u1ec7u nh\u01b0 khoai t\u00e2y, khoai lang, b\u00ed ng\u00f4, c\u00e0 r\u1ed1t, \u0111\u1eadu xanh, \u0111\u1eadu \u0111\u1ecf, \u0111\u1eadu broad v\u00e0 \u0111\u1eadu n\u00e0nh c\u00f3 th\u1ec3 \u0111\u01b0\u1ee3c s\u1eed d\u1ee5ng \u0111\u1ec3 l\u00e0m b\u00e1nh rau dinh d\u01b0\u1ee1ng. \u0110\u1ec3 t\u0103ng c\u01b0\u1eddng h\u01b0\u01a1ng v\u1ecb v\u00e0 c\u00e2n b\u1eb1ng dinh d\u01b0\u1ee1ng, nh\u1eefng lo\u1ea1i rau n\u00e0y c\u00f3 th\u1ec3 \u0111\u01b0\u1ee3c tr\u1ed9n v\u1edbi th\u1ecbt ho\u1eb7c h\u1ea3i s\u1ea3n \u0111\u1ec3 t\u1ea1o ra nh\u1eefng chi\u1ebfc b\u00e1nh h\u1ed7n h\u1ee3p.<\/p>    <p>T\u1ea5t c\u1ea3 nh\u1eefng chi\u1ebfc b\u00e1nh \u0111\u00e3 ch\u1ebf bi\u1ebfn n\u00e0y c\u00f3 th\u1ec3 \u0111\u01b0\u1ee3c s\u1eed d\u1ee5ng tr\u1ef1c ti\u1ebfp trong s\u1ea3n xu\u1ea5t b\u00e1nh hamburger, l\u00e0m cho m\u00e1y n\u00e0y l\u00fd t\u01b0\u1edfng cho c\u00e1c nh\u00e0 ch\u1ebf bi\u1ebfn th\u1ecbt, nh\u00e0 cung c\u1ea5p th\u1ee9c \u0103n nhanh v\u00e0 nh\u00e0 s\u1ea3n xu\u1ea5t s\u1ea3n ph\u1ea9m chay.<\/p>    <figure class=\"wp-block-image size-full\"><img loading=\"lazy\" decoding=\"async\" width=\"720\" height=\"540\" src=\"https:\/\/topfoodmachine.com\/wp-content\/uploads\/2023\/10\/hamburger-forming-machine.webp\" alt=\"m\u00e1y t\u1ea1o h\u00ecnh hamburger\" class=\"wp-image-763\" srcset=\"https:\/\/topfoodmachine.com\/wp-content\/uploads\/2023\/10\/hamburger-forming-machine.webp 720w, https:\/\/topfoodmachine.com\/wp-content\/uploads\/2023\/10\/hamburger-forming-machine-300x225.webp 300w\" sizes=\"auto, (max-width: 720px) 100vw, 720px\" \/><figcaption class=\"wp-element-caption\">m\u00e1y t\u1ea1o h\u00ecnh hamburger<\/figcaption><\/figure>    <h2 class=\"wp-block-heading\">M\u00e1y t\u1ea1o h\u00ecnh b\u00e1nh hamburger ho\u1ea1t \u0111\u1ed9ng nh\u01b0 th\u1ebf n\u00e0o?<\/h2>    <div class=\"wp-block-media-text is-stacked-on-mobile\"><figure class=\"wp-block-media-text__media\"><img loading=\"lazy\" decoding=\"async\" width=\"720\" height=\"540\" src=\"https:\/\/topfoodmachine.com\/wp-content\/uploads\/2023\/10\/customers-feedback-for-making-patty-in-plants.webp\" alt=\"ph\u1ea3n h\u1ed3i c\u1ee7a kh\u00e1ch h\u00e0ng v\u1ec1 vi\u1ec7c l\u00e0m patty trong nh\u00e0 m\u00e1y\" class=\"wp-image-759 size-full\" srcset=\"https:\/\/topfoodmachine.com\/wp-content\/uploads\/2023\/10\/customers-feedback-for-making-patty-in-plants.webp 720w, https:\/\/topfoodmachine.com\/wp-content\/uploads\/2023\/10\/customers-feedback-for-making-patty-in-plants-300x225.webp 300w\" sizes=\"auto, (max-width: 720px) 100vw, 720px\" \/><\/figure><div class=\"wp-block-media-text__content\"> <ul class=\"wp-block-list\"> <li><strong>C\u00e0i \u0111\u1eb7t khu\u00f4n t\u1ea1o h\u00ecnh<\/strong> <ul class=\"wp-block-list\"> <li>G\u1eafn khu\u00f4n th\u1ecbt theo h\u00ecnh d\u1ea1ng v\u00e0 k\u00edch th\u01b0\u1edbc y\u00eau c\u1ea7u.<\/li> <\/ul> <\/li>    <li><strong>M\u1edf th\u00f9ng ch\u1ee9a nguy\u00ean li\u1ec7u<\/strong> <ul class=\"wp-block-list\"> <li>N\u00e2ng n\u1eafp c\u1ee7a ph\u1ec5u \u0111\u1ec3 chu\u1ea9n b\u1ecb th\u00eam nh\u00e2n th\u1ecbt.<\/li> <\/ul> <\/li>    <li><strong>L\u1eafp \u0111\u1eb7t c\u00e1nh khu\u1ea5y th\u1ecbt<\/strong> <ul class=\"wp-block-list\"> <li>\u0110\u1eb7t c\u00e1nh khu\u1ea5y v\u00e0o b\u00ean trong th\u00f9ng \u0111\u1ec3 gi\u00fap h\u01b0\u1edbng d\u1eabn th\u1ecbt trong qu\u00e1 tr\u00ecnh v\u1eadn h\u00e0nh.<\/li> <\/ul> <\/li>    <li><strong>Th\u00eam nh\u00e2n th\u1ecbt<\/strong> <ul class=\"wp-block-list\"> <li>\u0110\u1ed5 \u0111\u1ea7y th\u00f9ng v\u1edbi h\u1ed7n h\u1ee3p th\u1ecbt \u0111\u00e3 chu\u1ea9n b\u1ecb, c\u00f3 th\u1ec3 bao g\u1ed3m th\u1ecbt, h\u1ea3i s\u1ea3n ho\u1eb7c h\u1ed7n h\u1ee3p rau.<\/li> <\/ul> <\/li> <\/ul> <\/div><\/div>    <div class=\"wp-block-media-text has-media-on-the-right is-stacked-on-mobile\"><div class=\"wp-block-media-text__content\"> <ul class=\"wp-block-list\"> <li><strong>B\u1eaft \u0111\u1ea7u m\u00e1y<\/strong> <ul class=\"wp-block-list\"> <li>B\u1eadt m\u00e1y l\u00e0m b\u00e1nh hamburger \u0111\u1ec3 kh\u1edfi \u0111\u1ed9ng qu\u00e1 tr\u00ecnh t\u1ea1o h\u00ecnh.<\/li> <\/ul> <\/li>    <li><strong>L\u01b0\u1ee1i dao \u00e9p th\u1ecbt quay<\/strong> <ul class=\"wp-block-list\"> <li>L\u01b0\u1ee1i dao quay b\u00ean trong th\u00f9ng, li\u00ean t\u1ee5c \u00e9p th\u1ecbt v\u00e0o khu\u00f4n t\u1ea1o h\u00ecnh.<\/li> <\/ul> <\/li>    <li><strong>T\u1ea1o h\u00ecnh v\u00e0 c\u1eaft<\/strong> <ul class=\"wp-block-list\"> <li>Khu\u00f4n \u0111\u01b0\u1ee3c l\u1ea5p \u0111\u1ea7y v\u00e0 t\u1ea1o h\u00ecnh, sau \u0111\u00f3 m\u1ed9t d\u00e2y th\u00e9p c\u1eaft b\u00e1nh v\u00e0 di chuy\u1ec3n n\u00f3 l\u00ean b\u0103ng t\u1ea3i.<\/li> <\/ul> <\/li>    <li><strong>\u0110\u1ea7u ra li\u00ean t\u1ee5c<\/strong> <ul class=\"wp-block-list\"> <li>Qu\u00e1 tr\u00ecnh l\u1eb7p l\u1ea1i t\u1ef1 \u0111\u1ed9ng, s\u1ea3n xu\u1ea5t b\u00e1nh trong m\u1ed9t chu k\u1ef3 nh\u1ea5t qu\u00e1n v\u00e0 hi\u1ec7u qu\u1ea3.<\/li> <\/ul> <\/li> <\/ul> <\/div><figure class=\"wp-block-media-text__media\"><img loading=\"lazy\" decoding=\"async\" width=\"720\" height=\"540\" src=\"https:\/\/topfoodmachine.com\/wp-content\/uploads\/2023\/10\/patty-making.webp\" alt=\"l\u00e0m b\u00e1nh patty\" class=\"wp-image-760 size-full\" srcset=\"https:\/\/topfoodmachine.com\/wp-content\/uploads\/2023\/10\/patty-making.webp 720w, https:\/\/topfoodmachine.com\/wp-content\/uploads\/2023\/10\/patty-making-300x225.webp 300w\" sizes=\"auto, (max-width: 720px) 100vw, 720px\" \/><\/figure><\/div>    <h2 class=\"wp-block-heading\">C\u00e1c t\u00ednh n\u0103ng ch\u00ednh c\u1ee7a m\u00e1y l\u00e0m b\u00e1nh hamburger<\/h2>    <div class=\"wp-block-media-text is-stacked-on-mobile\"><figure class=\"wp-block-media-text__media\"><img loading=\"lazy\" decoding=\"async\" width=\"720\" height=\"540\" src=\"https:\/\/topfoodmachine.com\/wp-content\/uploads\/2023\/10\/burger-patty-maker-machine.webp\" alt=\"m\u00e1y l\u00e0m b\u00e1nh burger\" class=\"wp-image-766 size-full\" srcset=\"https:\/\/topfoodmachine.com\/wp-content\/uploads\/2023\/10\/burger-patty-maker-machine.webp 720w, https:\/\/topfoodmachine.com\/wp-content\/uploads\/2023\/10\/burger-patty-maker-machine-300x225.webp 300w\" sizes=\"auto, (max-width: 720px) 100vw, 720px\" \/><\/figure><div class=\"wp-block-media-text__content\"> <ul class=\"wp-block-list\"> <li><strong>H\u00ecnh d\u1ea1ng &amp; k\u00edch th\u01b0\u1edbc b\u00e1nh \u0111\u1ed3ng nh\u1ea5t<\/strong> cho s\u1ef1 tr\u00ecnh b\u00e0y chuy\u00ean nghi\u1ec7p.<\/li>    <li><strong>\u0110\u1ed9 d\u00e0y \u0111i\u1ec1u ch\u1ec9nh<\/strong> \u0111\u1ec3 \u0111\u00e1p \u1ee9ng nhu c\u1ea7u kh\u00e1c nhau c\u1ee7a kh\u00e1ch h\u00e0ng.<\/li>    <li><strong>\u0110\u1ea7u ra nhanh ch\u00f3ng &amp; hi\u1ec7u qu\u1ea3<\/strong>, l\u00fd t\u01b0\u1edfng cho s\u1eed d\u1ee5ng th\u01b0\u01a1ng m\u1ea1i.<\/li>    <li><strong>H\u1ed7 tr\u1ee3 nhi\u1ec1u lo\u1ea1i th\u1ecbt &amp; rau<\/strong> bao g\u1ed3m th\u1ecbt b\u00f2, th\u1ecbt g\u00e0, c\u00e1 v\u00e0 c\u00e1c h\u1ed7n h\u1ee3p th\u1ef1c v\u1eadt.<\/li>    <li><strong>Th\u00e2n m\u00e1y b\u1eb1ng th\u00e9p kh\u00f4ng g\u1ec9<\/strong>, v\u1ec7 sinh v\u00e0 d\u1ec5 d\u00e0ng l\u00e0m s\u1ea1ch.<\/li>    <li><strong>Thi\u1ebft k\u1ebf b\u1ec1n &amp; an to\u00e0n<\/strong> cho ho\u1ea1t \u0111\u1ed9ng l\u00e2u d\u00e0i, kh\u00f4ng lo l\u1eafng.<\/li> <\/ul> <\/div><\/div>    <h2 class=\"wp-block-heading\">Khu\u00f4n t\u00f9y ch\u1ec9nh c\u1ee7a m\u00e1y l\u00e0m b\u00e1nh hamburger <\/h2>    <div class=\"wp-block-media-text has-media-on-the-right is-stacked-on-mobile\"><div class=\"wp-block-media-text__content\"> <ul class=\"wp-block-list\"> <li><strong>Nhi\u1ec1u t\u00f9y ch\u1ecdn h\u00ecnh d\u1ea1ng<\/strong>. H\u1ed7 tr\u1ee3 khu\u00f4n h\u00ecnh tr\u00f2n, h\u00ecnh tam gi\u00e1c, h\u00ecnh ch\u1eef nh\u1eadt, h\u00ecnh tr\u00e1i tim v\u00e0 khu\u00f4n h\u00ecnh \u0111\u1eb7c bi\u1ec7t.<\/li>    <li><strong>Kh\u00e1c bi\u1ec7t th\u01b0\u01a1ng hi\u1ec7u<\/strong>. Khu\u00f4n t\u00f9y ch\u1ec9nh gi\u00fap t\u1ea1o ra nh\u1eefng s\u1ea3n ph\u1ea9m \u0111\u1ed9c \u0111\u00e1o cho s\u1ee9c h\u1ea5p d\u1eabn tr\u00ean th\u1ecb tr\u01b0\u1eddng.<\/li>    <li><strong>\u1ee8ng d\u1ee5ng linh ho\u1ea1t<\/strong>. Ph\u00f9 h\u1ee3p cho th\u1ecbt, h\u1ea3i s\u1ea3n, rau ho\u1eb7c nh\u00e2n h\u1ed7n h\u1ee3p.<\/li> <\/ul> <\/div><figure class=\"wp-block-media-text__media\"><img loading=\"lazy\" decoding=\"async\" width=\"720\" height=\"540\" src=\"https:\/\/topfoodmachine.com\/wp-content\/uploads\/2023\/10\/details-of-burger-forming-machine.webp\" alt=\"chi ti\u1ebft c\u1ee7a m\u00e1y t\u1ea1o h\u00ecnh b\u00e1nh burger\" class=\"wp-image-761 size-full\" srcset=\"https:\/\/topfoodmachine.com\/wp-content\/uploads\/2023\/10\/details-of-burger-forming-machine.webp 720w, https:\/\/topfoodmachine.com\/wp-content\/uploads\/2023\/10\/details-of-burger-forming-machine-300x225.webp 300w\" sizes=\"auto, (max-width: 720px) 100vw, 720px\" \/><\/figure><\/div>    <div class=\"wp-block-media-text is-stacked-on-mobile\"><figure class=\"wp-block-media-text__media\"><img loading=\"lazy\" decoding=\"async\" width=\"720\" height=\"540\" src=\"https:\/\/topfoodmachine.com\/wp-content\/uploads\/2023\/10\/mold-of-burger-patty-machine.webp\" alt=\"khu\u00f4n c\u1ee7a m\u00e1y l\u00e0m b\u00e1nh burger\" class=\"wp-image-762 size-full\" srcset=\"https:\/\/topfoodmachine.com\/wp-content\/uploads\/2023\/10\/mold-of-burger-patty-machine.webp 720w, https:\/\/topfoodmachine.com\/wp-content\/uploads\/2023\/10\/mold-of-burger-patty-machine-300x225.webp 300w\" sizes=\"auto, (max-width: 720px) 100vw, 720px\" \/><\/figure><div class=\"wp-block-media-text__content\"> <ul class=\"wp-block-list\"> <li><strong>T\u00edch h\u1ee3p li\u1ec1n m\u1ea1ch<\/strong>. Ho\u1ea1t \u0111\u1ed9ng v\u1edbi <a href=\"https:\/\/topfoodmachine.com\/vi\/product\/automatic-meat-grinder\/\" data-type=\"link\" data-id=\"https:\/\/topfoodmachine.com\/product\/automatic-meat-grinder\/\">m\u00e1y xay th\u1ecbt<\/a> cho m\u1ed9t d\u00e2y chuy\u1ec1n ch\u1ebf bi\u1ebfn ho\u00e0n ch\u1ec9nh.<\/li>    <li><strong>S\u1eb5n s\u00e0ng cho nhi\u1ec1u quy tr\u00ecnh ch\u1ebf bi\u1ebfn<\/strong>. B\u00e1nh \u0111\u00e3 h\u00ecnh th\u00e0nh c\u00f3 th\u1ec3 \u0111\u01b0\u1ee3c chi\u00ean, \u0111\u00f4ng l\u1ea1nh ho\u1eb7c \u0111\u00f3ng g\u00f3i ch\u00e2n kh\u00f4ng.<\/li>    <li><strong>S\u1ea3n xu\u1ea5t hi\u1ec7u qu\u1ea3<\/strong>. Thay th\u1ebf lao \u0111\u1ed9ng th\u1ee7 c\u00f4ng, t\u0103ng t\u1ed1c \u0111\u1ed9 h\u00ecnh th\u00e0nh v\u00e0 \u0111\u1ea7u ra.<\/li> <\/ul> <\/div><\/div>    <h2 class=\"wp-block-heading\">Th\u00f4ng s\u1ed1 k\u1ef9 thu\u1eadt c\u1ee7a m\u00e1y l\u00e0m b\u00e1nh burger<\/h2>    <figure class=\"wp-block-table\"><table><tbody><tr><td>Ng\u01b0\u1eddi m\u1eabu<\/td><td>TZ-HB-400<\/td><\/tr><tr><td>K\u00edch c\u1ee1<\/td><td>2828*830*2136mm<\/td><\/tr><tr><td>Dung t\u00edch<\/td><td>200-600kg\/gi\u1edd<\/td><\/tr><tr><td>C\u00e2n n\u1eb7ng<\/td><td>100kg<\/td><\/tr><tr><td>Quy\u1ec1n l\u1ef1c<\/td><td>1,1kw<\/td><\/tr><tr><td>\u0110\u1ed9 d\u00e0y c\u1ee7a s\u1ea3n xu\u1ea5t<\/td><td>6-25mm<\/td><\/tr><\/tbody><\/table><figcaption class=\"wp-element-caption\">Th\u00f4ng s\u1ed1 m\u00e1y l\u00e0m b\u00e1nh hamburger<\/figcaption><\/figure>    <h2 class=\"wp-block-heading\">T\u1ea1i sao ch\u1ecdn mua m\u00e1y l\u00e0m b\u00e1nh burger c\u1ee7a ch\u00fang t\u00f4i?<\/h2>    <p class=\"translation-block\">M\u00e1y l\u00e0m b\u00e1nh hamburger <a href=\"https:\/\/en.wikipedia.org\/wiki\/Patty\" data-type=\"link\" data-id=\"https:\/\/en.wikipedia.org\/wiki\/Patty\" target=\"_blank\" rel=\"noopener\">patty<\/a> n\u00e0y k\u1ebft h\u1ee3p t\u00ednh linh ho\u1ea1t, \u0111\u1ed9 ch\u00ednh x\u00e1c v\u00e0 hi\u1ec7u qu\u1ea3 \u0111\u1ec3 \u0111\u00e1p \u1ee9ng nhu c\u1ea7u s\u1ea3n xu\u1ea5t th\u1ef1c ph\u1ea9m hi\u1ec7n \u0111\u1ea1i. T\u1eeb t\u00f9y ch\u1ec9nh h\u00ecnh d\u1ea1ng \u0111\u1ebfn v\u1eadn h\u00e0nh h\u1ee3p l\u00fd, n\u00f3 gi\u00fap b\u1ea1n cung c\u1ea5p ch\u1ea5t l\u01b0\u1ee3ng \u0111\u1ed3ng nh\u1ea5t v\u1edbi m\u1ed7i chi\u1ebfc b\u00e1nh. <\/p>    <p class=\"translation-block\">N\u1ebfu b\u1ea1n \u0111ang t\u00ecm c\u00e1ch t\u0103ng n\u0103ng su\u1ea5t v\u00e0 n\u00e2ng cao s\u1ee9c h\u1ea5p d\u1eabn c\u1ee7a s\u1ea3n ph\u1ea9m, m\u00e1y n\u00e0y l\u00e0 m\u1ed9t kho\u1ea3n \u0111\u1ea7u t\u01b0 th\u00f4ng minh. <strong>H\u00e3y li\u00ean h\u1ec7 \u0111\u1ec3 \u0111\u01b0\u1ee3c h\u1ed7 tr\u1ee3 gi\u1ea3i ph\u00e1p t\u00f9y ch\u1ec9nh v\u00e0 chuy\u00ean gia!<\/strong><\/p>    <figure class=\"wp-block-image size-full\"><img loading=\"lazy\" decoding=\"async\" width=\"720\" height=\"540\" src=\"https:\/\/topfoodmachine.com\/wp-content\/uploads\/2023\/10\/hamburger-patty-maker.webp\" alt=\"m\u00e1y l\u00e0m b\u00e1nh hamburger\" class=\"wp-image-764\" srcset=\"https:\/\/topfoodmachine.com\/wp-content\/uploads\/2023\/10\/hamburger-patty-maker.webp 720w, https:\/\/topfoodmachine.com\/wp-content\/uploads\/2023\/10\/hamburger-patty-maker-300x225.webp 300w\" sizes=\"auto, (max-width: 720px) 100vw, 720px\" \/><figcaption class=\"wp-element-caption\">m\u00e1y l\u00e0m b\u00e1nh hamburger<\/figcaption><\/figure>","protected":false},"excerpt":{"rendered":"<p>M\u00e1y l\u00e0m b\u00e1nh hamburger \u0111\u01b0\u1ee3c s\u1eed d\u1ee5ng \u0111\u1ec3 t\u1ea1o ra nh\u1eefng chi\u1ebfc b\u00e1nh hamburger c\u00f3 h\u00ecnh d\u1ea1ng v\u00e0 k\u00edch th\u01b0\u1edbc \u0111\u1ed3ng nh\u1ea5t. N\u00f3 th\u01b0\u1eddng \u0111\u01b0\u1ee3c l\u00e0m b\u1eb1ng nh\u00f4m ho\u1eb7c th\u00e9p kh\u00f4ng g\u1ec9 v\u00e0 bao g\u1ed3m hai ph\u1ea7n: m\u1ed9t \u0111\u1ebf v\u00e0 m\u1ed9t n\u1eafp \u00e9p.<\/p>","protected":false},"author":1,"featured_media":769,"parent":0,"template":"","tags":[116],"product-type":[7],"class_list":["post-758","product","type-product","status-publish","has-post-thumbnail","hentry","tag-hamburger-patty-maker-machine","product-type-egg-meat-processing-machine"],"_links":{"self":[{"href":"https:\/\/topfoodmachine.com\/vi\/wp-json\/wp\/v2\/product\/758","targetHints":{"allow":["GET"]}}],"collection":[{"href":"https:\/\/topfoodmachine.com\/vi\/wp-json\/wp\/v2\/product"}],"about":[{"href":"https:\/\/topfoodmachine.com\/vi\/wp-json\/wp\/v2\/types\/product"}],"author":[{"embeddable":true,"href":"https:\/\/topfoodmachine.com\/vi\/wp-json\/wp\/v2\/users\/1"}],"wp:featuredmedia":[{"embeddable":true,"href":"https:\/\/topfoodmachine.com\/vi\/wp-json\/wp\/v2\/media\/769"}],"wp:attachment":[{"href":"https:\/\/topfoodmachine.com\/vi\/wp-json\/wp\/v2\/media?parent=758"}],"wp:term":[{"taxonomy":"post_tag","embeddable":true,"href":"https:\/\/topfoodmachine.com\/vi\/wp-json\/wp\/v2\/tags?post=758"},{"taxonomy":"product-type","embeddable":true,"href":"https:\/\/topfoodmachine.com\/vi\/wp-json\/wp\/v2\/product-type?post=758"}],"curies":[{"name":"wp","href":"https:\/\/api.w.org\/{rel}","templated":true}]}}