{"id":648,"date":"2023-10-07T16:23:22","date_gmt":"2023-10-07T08:23:22","guid":{"rendered":"https:\/\/topfoodmachine.com\/?post_type=product&#038;p=648"},"modified":"2023-10-10T15:48:30","modified_gmt":"2023-10-10T07:48:30","slug":"vegetables-and-fruits-washing-and-peeling-machine","status":"publish","type":"product","link":"https:\/\/topfoodmachine.com\/vi\/product\/vegetables-and-fruits-washing-and-peeling-machine\/","title":{"rendered":"M\u00e1y r\u1eeda v\u00e0 g\u1ecdt v\u1ecf rau c\u1ee7 qu\u1ea3"},"content":{"rendered":"<div class=\"kk-star-ratings kksr-auto kksr-align-left kksr-valign-top\"     data-payload='{&quot;align&quot;:&quot;left&quot;,&quot;id&quot;:&quot;648&quot;,&quot;slug&quot;:&quot;default&quot;,&quot;valign&quot;:&quot;top&quot;,&quot;ignore&quot;:&quot;&quot;,&quot;reference&quot;:&quot;auto&quot;,&quot;class&quot;:&quot;&quot;,&quot;count&quot;:&quot;30&quot;,&quot;legendonly&quot;:&quot;&quot;,&quot;readonly&quot;:&quot;&quot;,&quot;score&quot;:&quot;4.6&quot;,&quot;starsonly&quot;:&quot;&quot;,&quot;best&quot;:&quot;5&quot;,&quot;gap&quot;:&quot;5&quot;,&quot;greet&quot;:&quot;Rate this product&quot;,&quot;legend&quot;:&quot;4.6\\\/5 - (30 b\u00ecnh ch\u1ecdn)&quot;,&quot;size&quot;:&quot;24&quot;,&quot;title&quot;:&quot;Vegetables and fruits washing and peeling\u00a0machine&quot;,&quot;width&quot;:&quot;130.9&quot;,&quot;_legend&quot;:&quot;{score}\\\/{best} - ({count} {votes})&quot;,&quot;font_factor&quot;:&quot;1.25&quot;}'>              <div class=\"kksr-stars\">      <div class=\"kksr-stars-inactive\">             <div class=\"kksr-star\" data-star=\"1\" style=\"padding-right: 5px\">               <div class=\"kksr-icon\" style=\"width: 24px; height: 24px;\"><\/div>         <\/div>             <div class=\"kksr-star\" data-star=\"2\" style=\"padding-right: 5px\">               <div class=\"kksr-icon\" style=\"width: 24px; height: 24px;\"><\/div>         <\/div>             <div class=\"kksr-star\" data-star=\"3\" style=\"padding-right: 5px\">               <div class=\"kksr-icon\" style=\"width: 24px; height: 24px;\"><\/div>         <\/div>             <div class=\"kksr-star\" data-star=\"4\" style=\"padding-right: 5px\">               <div class=\"kksr-icon\" style=\"width: 24px; height: 24px;\"><\/div>         <\/div>             <div class=\"kksr-star\" data-star=\"5\" style=\"padding-right: 5px\">               <div class=\"kksr-icon\" style=\"width: 24px; height: 24px;\"><\/div>         <\/div>     <\/div>      <div class=\"kksr-stars-active\" style=\"width: 130.9px;\">             <div class=\"kksr-star\" style=\"padding-right: 5px\">               <div class=\"kksr-icon\" style=\"width: 24px; height: 24px;\"><\/div>         <\/div>             <div class=\"kksr-star\" style=\"padding-right: 5px\">               <div class=\"kksr-icon\" style=\"width: 24px; height: 24px;\"><\/div>         <\/div>             <div class=\"kksr-star\" style=\"padding-right: 5px\">               <div class=\"kksr-icon\" style=\"width: 24px; height: 24px;\"><\/div>         <\/div>             <div class=\"kksr-star\" style=\"padding-right: 5px\">               <div class=\"kksr-icon\" style=\"width: 24px; height: 24px;\"><\/div>         <\/div>             <div class=\"kksr-star\" style=\"padding-right: 5px\">               <div class=\"kksr-icon\" style=\"width: 24px; height: 24px;\"><\/div>         <\/div>     <\/div> <\/div>                   <div class=\"kksr-legend\" style=\"font-size: 19.2px;\">             4.6\/5 - (30 l\u01b0\u1ee3t b\u00ecnh ch\u1ecdn)    <\/div>     <\/div>  <p>M\u00e1y r\u1eeda v\u00e0 g\u1ecdt v\u1ecf rau qu\u1ea3 v\u00e0 tr\u00e1i c\u00e2y th\u01b0\u01a1ng m\u1ea1i \u0111\u01b0\u1ee3c coi l\u00e0 \u0111\u1ec9nh cao c\u1ee7a s\u1ef1 \u0111\u1ed5i m\u1edbi trong c\u00f4ng ngh\u1ec7 nh\u00e0 b\u1ebfp. Thi\u1ebft b\u1ecb ti\u00ean ti\u1ebfn n\u00e0y \u0111\u01b0\u1ee3c thi\u1ebft k\u1ebf t\u1ec9 m\u1ec9 \u0111\u1ec3 n\u00e2ng cao kh\u1ea3 n\u0103ng chu\u1ea9n b\u1ecb th\u1ef1c ph\u1ea9m trong m\u00f4i tr\u01b0\u1eddng th\u01b0\u01a1ng m\u1ea1i. B\u1eb1ng c\u00e1ch k\u1ebft h\u1ee3p li\u1ec1n m\u1ea1ch c\u00e1c ch\u1ee9c n\u0103ng r\u1eeda v\u00e0 g\u1ecdt v\u1ecf, n\u00f3 kh\u00f4ng ch\u1ec9 \u0111\u01a1n gi\u1ea3n h\u00f3a quy tr\u00ecnh m\u00e0 c\u00f2n duy tr\u00ec c\u00e1c ti\u00eau chu\u1ea9n v\u1ec7 sinh cao nh\u1ea5t. \u0110\u01b0\u1ee3c thi\u1ebft k\u1ebf \u0111\u1ec3 mang l\u1ea1i hi\u1ec7u qu\u1ea3 v\u00e0 \u0111\u1ed9 ch\u00ednh x\u00e1c, chi\u1ebfc m\u00e1y n\u00e0y l\u00e0 thi\u1ebft b\u1ecb thay \u0111\u1ed5i cu\u1ed9c ch\u01a1i cho c\u00e1c nh\u00e0 b\u1ebfp chuy\u00ean nghi\u1ec7p, cung c\u1ea5p gi\u1ea3i ph\u00e1p li\u1ec1n m\u1ea1ch \u0111\u1ec3 n\u00e2ng cao n\u0103ng su\u1ea5t v\u00e0 duy tr\u00ec c\u00e1c quy tr\u00ecnh an to\u00e0n th\u1ef1c ph\u1ea9m ho\u00e0n h\u1ea3o.<\/p>    <p>\u0110\u00e1p \u1ee9ng nhu c\u1ea7u c\u1ee7a m\u1ed9t nh\u00e0 b\u1ebfp th\u01b0\u01a1ng m\u1ea1i nh\u1ed9n nh\u1ecbp, M\u00e1y r\u1eeda v\u00e0 g\u1ecdt v\u1ecf rau qu\u1ea3 v\u00e0 tr\u00e1i c\u00e2y th\u01b0\u01a1ng m\u1ea1i l\u00e0 thi\u1ebft b\u1ecb kh\u00f4ng th\u1ec3 thi\u1ebfu \u0111\u1ed1i v\u1edbi c\u00e1c \u0111\u1ea7u b\u1ebfp v\u00e0 chuy\u00ean gia d\u1ecbch v\u1ee5 th\u1ef1c ph\u1ea9m. C\u1ea5u tr\u00fac ch\u1eafc ch\u1eafn v\u00e0 c\u00e1c t\u00ednh n\u0103ng ti\u00ean ti\u1ebfn khi\u1ebfn n\u00f3 tr\u1edf n\u00ean l\u00fd t\u01b0\u1edfng cho nh\u1eefng ai th\u01b0\u1eddng xuy\u00ean x\u1eed l\u00fd kh\u1ed1i l\u01b0\u1ee3ng s\u1ea3n ph\u1ea9m l\u1edbn. Cho d\u00f9 b\u1ea1n \u0111i\u1ec1u h\u00e0nh m\u1ed9t nh\u00e0 h\u00e0ng c\u00f3 c\u00f4ng su\u1ea5t l\u1edbn, d\u1ecbch v\u1ee5 \u0103n u\u1ed1ng hay c\u01a1 s\u1edf ch\u1ebf bi\u1ebfn th\u1ef1c ph\u1ea9m, chi\u1ebfc m\u00e1y n\u00e0y l\u00e0 n\u1ec1n t\u1ea3ng c\u1ee7a hi\u1ec7u qu\u1ea3. N\u1eafm b\u1eaft \u0111i\u1ec1u k\u1ef3 di\u1ec7u v\u1ec1 c\u00f4ng ngh\u1ec7 n\u00e0y \u0111\u1ec3 \u0111\u1ea3m b\u1ea3o ho\u1ea1t \u0111\u1ed9ng nh\u00e0 b\u1ebfp c\u1ee7a b\u1ea1n \u0111\u01b0\u1ee3c \u0111\u1eb7c tr\u01b0ng b\u1edfi t\u1ed1c \u0111\u1ed9 v\u00e0 v\u1ec7 sinh tuy\u1ec7t \u0111\u1ed1i.<\/p>    <figure class=\"wp-block-image size-full\"><img loading=\"lazy\" decoding=\"async\" width=\"720\" height=\"540\" src=\"https:\/\/topfoodmachine.com\/wp-content\/uploads\/2023\/10\/vegetable-cleaner-and-peeler-machine-for-business.webp\" alt=\"M\u00e1y l\u00e0m s\u1ea1ch v\u00e0 g\u1ecdt v\u1ecf rau c\u1ee7 d\u00e0nh cho doanh nghi\u1ec7p\" class=\"wp-image-710\" srcset=\"https:\/\/topfoodmachine.com\/wp-content\/uploads\/2023\/10\/vegetable-cleaner-and-peeler-machine-for-business.webp 720w, https:\/\/topfoodmachine.com\/wp-content\/uploads\/2023\/10\/vegetable-cleaner-and-peeler-machine-for-business-300x225.webp 300w\" sizes=\"auto, (max-width: 720px) 100vw, 720px\" \/><figcaption class=\"wp-element-caption\">M\u00e1y l\u00e0m s\u1ea1ch v\u00e0 g\u1ecdt v\u1ecf rau c\u1ee7 d\u00e0nh cho doanh nghi\u1ec7p<\/figcaption><\/figure>    <h2 class=\"wp-block-heading\">Nguy\u00ean li\u1ec7u th\u00f4 \u00e1p d\u1ee5ng cho m\u00e1y l\u00e0m s\u1ea1ch v\u00e0 g\u1ecdt v\u1ecf rau qu\u1ea3<\/h2>    <p>Rau: khoai t\u00e2y, c\u1ee7 c\u1ea3i, c\u00e0 r\u1ed1t, khoai t\u00e2y, h\u00e0nh t\u00e2y, khoai m\u1ee1 Trung Qu\u1ed1c<\/p>    <p>Tr\u00e1i c\u00e2y: t\u00e1o, l\u00ea, cam, chanh, \u0111\u00e0o, m\u01a1, ch\u00e0 l\u00e0<\/p>    <p>C\u00e1c lo\u1ea1i h\u1ea1t: qu\u1ea3 \u00f3c ch\u00f3, h\u1ea1t d\u1ebb<\/p>    <figure class=\"wp-block-gallery has-nested-images columns-default is-cropped wp-block-gallery-2 is-layout-flex wp-block-gallery-is-layout-flex\"> <figure class=\"wp-block-image size-large\"><img loading=\"lazy\" decoding=\"async\" width=\"720\" height=\"540\" data-id=\"654\" src=\"https:\/\/topfoodmachine.com\/wp-content\/uploads\/2023\/10\/applicable-vegetables.webp\" alt=\"c\u00e1c lo\u1ea1i rau \u00e1p d\u1ee5ng\" class=\"wp-image-654\" srcset=\"https:\/\/topfoodmachine.com\/wp-content\/uploads\/2023\/10\/applicable-vegetables.webp 720w, https:\/\/topfoodmachine.com\/wp-content\/uploads\/2023\/10\/applicable-vegetables-300x225.webp 300w\" sizes=\"auto, (max-width: 720px) 100vw, 720px\" \/><figcaption class=\"wp-element-caption\">c\u00e1c lo\u1ea1i rau \u00e1p d\u1ee5ng<\/figcaption><\/figure>    <figure class=\"wp-block-image size-large\"><img loading=\"lazy\" decoding=\"async\" width=\"720\" height=\"540\" data-id=\"655\" src=\"https:\/\/topfoodmachine.com\/wp-content\/uploads\/2023\/10\/raw-materials.webp\" alt=\"nguy\u00ean li\u1ec7u th\u00f4\" class=\"wp-image-655\" srcset=\"https:\/\/topfoodmachine.com\/wp-content\/uploads\/2023\/10\/raw-materials.webp 720w, https:\/\/topfoodmachine.com\/wp-content\/uploads\/2023\/10\/raw-materials-300x225.webp 300w\" sizes=\"auto, (max-width: 720px) 100vw, 720px\" \/><figcaption class=\"wp-element-caption\">nguy\u00ean li\u1ec7u th\u00f4<\/figcaption><\/figure> <\/figure>    <h2 class=\"wp-block-heading\">T\u00ednh n\u0103ng c\u1ee7a m\u00e1y l\u00e0m s\u1ea1ch v\u00e0 g\u1ecdt v\u1ecf rau c\u1ee7 qu\u1ea3<\/h2>    <ul class=\"wp-block-list\"> <li><strong>Ch\u1ee9c n\u0103ng k\u00e9p<\/strong>: Chi\u1ebfc m\u00e1y n\u00e0y k\u1ebft h\u1ee3p li\u1ec1n m\u1ea1ch c\u00e1c ch\u1ee9c n\u0103ng r\u1eeda v\u00e0 g\u1ecdt v\u1ecf, \u0111\u01a1n gi\u1ea3n h\u00f3a quy tr\u00ecnh chu\u1ea9n b\u1ecb th\u1ef1c ph\u1ea9m.<\/li>    <li><strong>C\u00f4ng su\u1ea5t cao<\/strong>: \u0110\u01b0\u1ee3c thi\u1ebft k\u1ebf \u0111\u1ec3 x\u1eed l\u00fd s\u1ed1 l\u01b0\u1ee3ng l\u1edbn rau v\u00e0 tr\u00e1i c\u00e2y, l\u00fd t\u01b0\u1edfng cho c\u00e1c ho\u1ea1t \u0111\u1ed9ng \u1edf quy m\u00f4 th\u01b0\u01a1ng m\u1ea1i.<\/li>    <li><strong>H\u1ec7 th\u1ed1ng l\u00e0m s\u1ea1ch hi\u1ec7u qu\u1ea3<\/strong>: S\u1eed d\u1ee5ng c\u01a1 ch\u1ebf l\u00e0m s\u1ea1ch ti\u00ean ti\u1ebfn \u0111\u1ec3 \u0111\u1ea3m b\u1ea3o r\u1eeda s\u1ea3n ph\u1ea9m k\u1ef9 l\u01b0\u1ee1ng v\u00e0 h\u1ee3p v\u1ec7 sinh, gi\u1ea3m thi\u1ec3u nguy c\u01a1 g\u00e2y \u00f4 nhi\u1ec5m.<\/li>    <li><strong>L\u1ed9t ch\u00ednh x\u00e1c<\/strong>: S\u1eed d\u1ee5ng c\u00f4ng ngh\u1ec7 l\u1ed9t ti\u00ean ti\u1ebfn \u0111\u1ec3 lo\u1ea1i b\u1ecf da ho\u1eb7c c\u00e1c l\u1edbp b\u00ean ngo\u00e0i m\u1ed9t c\u00e1ch ch\u00ednh x\u00e1c, gi\u00fap gi\u1ea3m thi\u1ec3u l\u00e3ng ph\u00ed.<\/li>    <li><strong>C\u00e0i \u0111\u1eb7t c\u00f3 th\u1ec3 \u0111i\u1ec1u ch\u1ec9nh<\/strong>: Cung c\u1ea5p c\u00e1c c\u00e0i \u0111\u1eb7t c\u00f3 th\u1ec3 t\u00f9y ch\u1ec9nh \u0111\u1ec3 ph\u00f9 h\u1ee3p v\u1edbi nhi\u1ec1u k\u00edch c\u1ee1 v\u00e0 ch\u1ee7ng lo\u1ea1i s\u1ea3n ph\u1ea9m kh\u00e1c nhau, mang l\u1ea1i s\u1ef1 linh ho\u1ea1t trong ch\u1ebf bi\u1ebfn th\u1ef1c ph\u1ea9m.<\/li>    <li><strong>C\u00e1c t\u00ednh n\u0103ng an to\u00e0n<\/strong>: K\u1ebft h\u1ee3p c\u00e1c bi\u1ec7n ph\u00e1p an to\u00e0n nh\u1eb1m ng\u0103n ng\u1eeba tai n\u1ea1n ho\u1eb7c r\u1ee7i ro trong qu\u00e1 tr\u00ecnh v\u1eadn h\u00e0nh, \u0111\u1ea3m b\u1ea3o m\u00f4i tr\u01b0\u1eddng l\u00e0m vi\u1ec7c an to\u00e0n.<\/li>    <li><strong>B\u1ea3o t\u1ed3n n\u01b0\u1edbc<\/strong>: K\u1ebft h\u1ee3p c\u00e1c h\u1ec7 th\u1ed1ng t\u00e1i ch\u1ebf n\u01b0\u1edbc \u0111\u1ec3 gi\u1ea3m thi\u1ec3u l\u01b0\u1ee3ng n\u01b0\u1edbc ti\u00eau th\u1ee5, th\u1ec3 hi\u1ec7n c\u00e1ch ti\u1ebfp c\u1eadn c\u00f3 \u00fd th\u1ee9c v\u1ec1 sinh th\u00e1i trong ho\u1ea1t \u0111\u1ed9ng.<\/li>    <li><strong>X\u00e2y d\u1ef1ng b\u1ec1n v\u1eefng<\/strong>: \u0110\u01b0\u1ee3c ch\u1ebf t\u1ea1o b\u1eb1ng v\u1eadt li\u1ec7u ch\u1ea5t l\u01b0\u1ee3ng cao \u0111\u1ec3 ch\u1ecbu \u0111\u01b0\u1ee3c s\u1ef1 kh\u1eafc nghi\u1ec7t c\u1ee7a vi\u1ec7c s\u1eed d\u1ee5ng th\u01b0\u01a1ng m\u1ea1i, \u0111\u1ea3m b\u1ea3o tu\u1ed5i th\u1ecd v\u00e0 \u0111\u1ed9 tin c\u1eady.<\/li> <\/ul>    <figure class=\"wp-block-image size-full\"><img loading=\"lazy\" decoding=\"async\" width=\"720\" height=\"540\" src=\"https:\/\/topfoodmachine.com\/wp-content\/uploads\/2023\/10\/commercial-vegetable-washing-machine.webp\" alt=\"m\u00e1y r\u1eeda rau th\u01b0\u01a1ng m\u1ea1i\" class=\"wp-image-719\" srcset=\"https:\/\/topfoodmachine.com\/wp-content\/uploads\/2023\/10\/commercial-vegetable-washing-machine.webp 720w, https:\/\/topfoodmachine.com\/wp-content\/uploads\/2023\/10\/commercial-vegetable-washing-machine-300x225.webp 300w\" sizes=\"auto, (max-width: 720px) 100vw, 720px\" \/><figcaption class=\"wp-element-caption\">m\u00e1y r\u1eeda rau th\u01b0\u01a1ng m\u1ea1i<\/figcaption><\/figure>    <h2 class=\"wp-block-heading\">Nguy\u00ean l\u00fd ho\u1ea1t \u0111\u1ed9ng c\u1ee7a m\u00e1y r\u1eeda v\u00e0 g\u1ecdt v\u1ecf rau c\u1ee7<\/h2>    <p>Nguy\u00ean l\u00fd l\u00e0m vi\u1ec7c c\u1ee7a m\u00e1y l\u00e0m s\u1ea1ch b\u00e0n ch\u1ea3i rau qu\u1ea3 l\u00e0 s\u1eed d\u1ee5ng chuy\u1ec3n \u0111\u1ed9ng quay c\u1ee7a b\u00e0n ch\u1ea3i v\u00e0 ma s\u00e1t l\u1eabn nhau gi\u1eefa c\u00e1c nguy\u00ean li\u1ec7u \u0111\u1ec3 lo\u1ea1i b\u1ecf \u0111\u1ea5t v\u00e0 t\u1ea1p ch\u1ea5t b\u00e1m tr\u00ean b\u1ec1 m\u1eb7t rau qu\u1ea3. Lo\u1ea1i m\u00e1y gi\u1eb7t n\u00e0y ch\u1ee7 y\u1ebfu bao g\u1ed3m th\u00e2n m\u00e1y b\u1eb1ng th\u00e9p kh\u00f4ng g\u1ec9, b\u00e0n ch\u1ea3i, \u0111\u1ed9ng c\u01a1, \u1ed5 tr\u1ee5c, \u1ed1ng phun v\u00e0 h\u1ed9p \u0111i\u1ec1u khi\u1ec3n \u0111i\u1ec7n v\u00e0 c\u00e1c b\u1ed9 ph\u1eadn kh\u00e1c. <\/p>    <p>Trong qu\u00e1 tr\u00ecnh ho\u1ea1t \u0111\u1ed9ng, b\u00e0n ch\u1ea3i b\u00ean trong m\u00e1y s\u1ebd quay theo chuy\u1ec3n \u0111\u1ed9ng quay c\u1ee7a \u0111\u1ed9ng c\u01a1, \u0111\u1ed3ng th\u1eddi b\u1ec1 m\u1eb7t rau c\u1ee7 qu\u1ea3 c\u1ea7n l\u00e0m s\u1ea1ch ma s\u00e1t, sau \u0111\u00f3 lo\u1ea1i b\u1ecf b\u1ee5i b\u1ea9n tr\u00ean b\u1ec1 m\u1eb7t. \u0110\u1ed3ng th\u1eddi, \u1ed1ng phun s\u1ebd phun n\u01b0\u1edbc \u0111\u1ec3 l\u00e0m s\u1ea1ch s\u00e2u h\u01a1n c\u00e1c lo\u1ea1i rau c\u1ee7 qu\u1ea3, lo\u1ea1i b\u1ecf c\u00e1c t\u1ea1p ch\u1ea5t m\u00e0 b\u00e0n ch\u1ea3i kh\u00f4ng th\u1ec3 lo\u1ea1i b\u1ecf \u0111\u01b0\u1ee3c, \u0111\u1ea3m b\u1ea3o rau c\u1ee7 qu\u1ea3 s\u1ea1ch s\u1ebd.<\/p>    <figure class=\"wp-block-embed is-type-video is-provider-youtube wp-block-embed-youtube wp-embed-aspect-16-9 wp-has-aspect-ratio\"><div class=\"wp-block-embed__wrapper\"> <iframe loading=\"lazy\" title=\"M\u00e1y r\u1eeda v\u00e0 g\u1ecdt v\u1ecf rau qu\u1ea3: C\u00e1ch d\u1ec5 d\u00e0ng \u0111\u1ec3 \u0103n u\u1ed1ng l\u00e0nh m\u1ea1nh! #\u1ea9y #\u1ea9y\" width=\"500\" height=\"281\" src=\"https:\/\/www.youtube.com\/embed\/D3GsEQErQ0s?start=3&#038;feature=oembed\" frameborder=\"0\" allow=\"accelerometer; autoplay; clipboard-write; encrypted-media; gyroscope; picture-in-picture; web-share\" referrerpolicy=\"strict-origin-when-cross-origin\" allowfullscreen><\/iframe> <\/div><\/figure>    <h2 class=\"wp-block-heading\">\u1ee8ng d\u1ee5ng c\u1ee7a m\u00e1y r\u1eeda v\u00e0 l\u1ed9t ch\u1ed5i l\u0103n<\/h2>    <ol class=\"wp-block-list\"> <li><strong>B\u1ebfp th\u01b0\u01a1ng m\u1ea1i v\u00e0 nh\u00e0 h\u00e0ng<\/strong>: \u0110\u1ea7u b\u1ebfp v\u00e0 nh\u00e2n vi\u00ean b\u1ebfp trong c\u00e1c nh\u00e0 h\u00e0ng, d\u1ecbch v\u1ee5 \u0103n u\u1ed1ng v\u00e0 c\u00e1c c\u01a1 s\u1edf th\u1ef1c ph\u1ea9m kh\u00e1c y\u00eau c\u1ea7u thi\u1ebft b\u1ecb ch\u1ebf bi\u1ebfn th\u1ef1c ph\u1ea9m hi\u1ec7u qu\u1ea3 v\u00e0 c\u00f4ng su\u1ea5t cao.<\/li>    <li><strong>C\u01a1 s\u1edf ch\u1ebf bi\u1ebfn th\u1ef1c ph\u1ea9m<\/strong>: C\u00e1c chuy\u00ean gia l\u00e0m vi\u1ec7c trong c\u00e1c nh\u00e0 m\u00e1y v\u00e0 c\u01a1 s\u1edf ch\u1ebf bi\u1ebfn th\u1ef1c ph\u1ea9m n\u01a1i c\u1ea7n chu\u1ea9n b\u1ecb v\u00e0 ch\u1ebf bi\u1ebfn s\u1ed1 l\u01b0\u1ee3ng l\u1edbn tr\u00e1i c\u00e2y v\u00e0 rau qu\u1ea3 \u0111\u1ec3 ph\u00e2n ph\u1ed1i.<\/li>    <li><strong>Ch\u1ee3 b\u00e1n bu\u00f4n v\u00e0 trung t\u00e2m ph\u00e2n ph\u1ed1i<\/strong>: C\u00f4ng nh\u00e2n tham gia ph\u00e2n lo\u1ea1i, l\u00e0m s\u1ea1ch v\u00e0 chu\u1ea9n b\u1ecb s\u1ea3n ph\u1ea9m \u0111\u1ec3 ph\u00e2n ph\u1ed1i cho c\u00e1c nh\u00e0 b\u00e1n l\u1ebb, si\u00eau th\u1ecb v\u00e0 c\u00e1c c\u1eeda h\u00e0ng th\u1ef1c ph\u1ea9m kh\u00e1c.<\/li>    <li><strong>D\u1ecbch v\u1ee5 \u0103n u\u1ed1ng<\/strong>: Nh\u00e0 cung c\u1ea5p th\u1ef1c ph\u1ea9m v\u00e0 ng\u01b0\u1eddi t\u1ed5 ch\u1ee9c s\u1ef1 ki\u1ec7n x\u1eed l\u00fd c\u00e1c s\u1ef1 ki\u1ec7n quy m\u00f4 l\u1edbn v\u00e0 y\u00eau c\u1ea7u kh\u1ea3 n\u0103ng chu\u1ea9n b\u1ecb \u0111\u1ed3 \u0103n nhanh ch\u00f3ng.<\/li>    <li><strong>Ng\u00e0nh Kh\u00e1ch s\u1ea1n v\u00e0 Kh\u00e1ch s\u1ea1n<\/strong>: C\u00e1c \u0111\u1ea7u b\u1ebfp v\u00e0 \u0111\u1ed9i ng\u0169 b\u1ebfp trong kh\u00e1ch s\u1ea1n v\u00e0 c\u01a1 s\u1edf kh\u00e1ch s\u1ea1n n\u01a1i t\u00ednh hi\u1ec7u qu\u1ea3 v\u00e0 c\u00e1ch tr\u00ecnh b\u00e0y \u0111\u01b0\u1ee3c \u0111\u1eb7t l\u00ean h\u00e0ng \u0111\u1ea7u.<\/li>    <li><strong>\u0110\u01a1n v\u1ecb s\u1ea3n xu\u1ea5t th\u1ef1c ph\u1ea9m<\/strong>: Ng\u01b0\u1eddi v\u1eadn h\u00e0nh v\u00e0 k\u1ef9 thu\u1eadt vi\u00ean t\u1ea1i c\u00e1c c\u01a1 s\u1edf li\u00ean quan \u0111\u1ebfn s\u1ea3n xu\u1ea5t c\u00e1c s\u1ea3n ph\u1ea9m th\u1ef1c ph\u1ea9m \u0111\u00f3ng g\u00f3i v\u00e0 ch\u1ebf bi\u1ebfn.<\/li> <\/ol>    <h2 class=\"wp-block-heading\">C\u00e1c th\u00f4ng s\u1ed1 c\u1ee7a m\u00e1y l\u00e0m s\u1ea1ch v\u00e0 b\u00f3c v\u1ecf<\/h2>    <figure class=\"wp-block-table\"><table><tbody><tr><td>Ng\u01b0\u1eddi m\u1eabu<\/td><td>K\u00edch th\u01b0\u1edbc (mm)<\/td><td>Tr\u1ecdng l\u01b0\u1ee3ng (kg)<\/td><td>C\u00f4ng su\u1ea5t(kw)<\/td><td>C\u00f4ng su\u1ea5t (kg \/ gi\u1edd)<\/td><\/tr><tr><td>TZCY800<\/td><td>1580*850*800<\/td><td>180<\/td><td>1.1<\/td><td>800<\/td><\/tr><tr><td>TZCY1000<\/td><td>1780*850*800<\/td><td>220<\/td><td>1.5<\/td><td>1000<\/td><\/tr><tr><td>TZCY1200<\/td><td>1980*850*800<\/td><td>240<\/td><td>1.5<\/td><td>1200<\/td><\/tr><tr><td>TZCY1500<\/td><td>2280*850*800<\/td><td>260<\/td><td>2.2<\/td><td>1500<\/td><\/tr><tr><td>TZCY1800<\/td><td>2580*850*800<\/td><td>280<\/td><td>2.2<\/td><td>1800<\/td><\/tr><tr><td>TZCY2000<\/td><td>2780*850*800<\/td><td>320<\/td><td>3<\/td><td>2000<\/td><\/tr><tr><td>TZCY2600<\/td><td>3400*850*800<\/td><td>600<\/td><td>4<\/td><td>3000<\/td><\/tr><\/tbody><\/table><\/figure>    <p>Ch\u00fang t\u00f4i hi\u1ec3u r\u1eb1ng nhu c\u1ea7u c\u1ee7a m\u1ed7i kh\u00e1ch h\u00e0ng l\u00e0 \u0111\u1ed9c \u0111\u00e1o. V\u00ec l\u00fd do n\u00e0y, ch\u00fang t\u00f4i cung c\u1ea5p d\u1ecbch v\u1ee5 t\u00f9y ch\u1ec9nh \u0111\u1eb7c bi\u1ec7t cho thi\u1ebft k\u1ebf c\u00e1c b\u00e0n ch\u1ea3i trong m\u00e1y c\u1ee7a ch\u00fang t\u00f4i, c\u00f3 th\u1ec3 \u0111\u01b0\u1ee3c l\u00e0m v\u1edbi c\u00e1c k\u00edch th\u01b0\u1edbc kh\u00e1c nhau t\u00f9y theo nhu c\u1ea7u th\u1ef1c t\u1ebf c\u1ee7a kh\u00e1ch h\u00e0ng. D\u1ecbch v\u1ee5 \u0111\u1ed9c \u0111\u00e1o n\u00e0y \u0111\u1ea3m b\u1ea3o r\u1eb1ng s\u1ea3n ph\u1ea9m c\u1ee7a ch\u00fang t\u00f4i c\u00f3 th\u1ec3 \u0111\u01b0\u1ee3c \u0111i\u1ec1u ch\u1ec9nh cho nhi\u1ec1u \u1ee9ng d\u1ee5ng v\u00e0 nhu c\u1ea7u l\u00e0m s\u1ea1ch kh\u00e1c nhau.<\/p>    <figure class=\"wp-block-gallery has-nested-images columns-default is-cropped wp-block-gallery-3 is-layout-flex wp-block-gallery-is-layout-flex\"> <figure class=\"wp-block-image size-large\"><img loading=\"lazy\" decoding=\"async\" width=\"720\" height=\"480\" data-id=\"656\" src=\"https:\/\/topfoodmachine.com\/wp-content\/uploads\/2023\/10\/brushes-1.webp\" alt=\"b\u00fat v\u1ebd\" class=\"wp-image-656\" srcset=\"https:\/\/topfoodmachine.com\/wp-content\/uploads\/2023\/10\/brushes-1.webp 720w, https:\/\/topfoodmachine.com\/wp-content\/uploads\/2023\/10\/brushes-1-300x200.webp 300w\" sizes=\"auto, (max-width: 720px) 100vw, 720px\" \/><figcaption class=\"wp-element-caption\">b\u00fat v\u1ebd<\/figcaption><\/figure>    <figure class=\"wp-block-image size-large\"><img loading=\"lazy\" decoding=\"async\" width=\"720\" height=\"540\" data-id=\"657\" src=\"https:\/\/topfoodmachine.com\/wp-content\/uploads\/2023\/10\/details-of-brush-1.webp\" alt=\"chi ti\u1ebft b\u00e0n ch\u1ea3i\" class=\"wp-image-657\" srcset=\"https:\/\/topfoodmachine.com\/wp-content\/uploads\/2023\/10\/details-of-brush-1.webp 720w, https:\/\/topfoodmachine.com\/wp-content\/uploads\/2023\/10\/details-of-brush-1-300x225.webp 300w\" sizes=\"auto, (max-width: 720px) 100vw, 720px\" \/><figcaption class=\"wp-element-caption\">chi ti\u1ebft b\u00e0n ch\u1ea3i<\/figcaption><\/figure> <\/figure>    <p>Ngo\u00e0i ra, ch\u00fang t\u00f4i c\u0169ng t\u00f9y ch\u1ec9nh c\u00e1c thi\u1ebft b\u1ecb n\u00e2ng ph\u00f9 h\u1ee3p v\u1edbi c\u00e1c \u1ee9ng d\u1ee5ng kh\u00e1c nhau c\u1ee7a kh\u00e1ch h\u00e0ng cho vi\u1ec7c x\u1eed l\u00fd li\u00ean t\u1ee5c s\u1ed1 l\u01b0\u1ee3ng l\u1edbn nguy\u00ean li\u1ec7u. D\u1ecbch v\u1ee5 to\u00e0n di\u1ec7n n\u00e0y \u0111\u01b0\u1ee3c thi\u1ebft k\u1ebf \u0111\u1ec3 \u0111\u00e1p \u1ee9ng nhu c\u1ea7u c\u1ee7a kh\u00e1ch h\u00e0ng v\u00e0 gi\u00fap h\u1ecd \u0111\u1ea1t \u0111\u01b0\u1ee3c quy tr\u00ecnh s\u1ea3n xu\u1ea5t su\u00f4n s\u1ebb v\u00e0 hi\u1ec7u qu\u1ea3. D\u00f9 l\u00e0 c\u00e1c nh\u00e0 m\u00e1y ch\u1ebf bi\u1ebfn n\u00f4ng s\u1ea3n quy m\u00f4 l\u1edbn hay c\u00e1c c\u00f4ng ty cung c\u1ea5p d\u1ecbch v\u1ee5 \u0103n u\u1ed1ng, ch\u00fang t\u00f4i c\u00f3 th\u1ec3 cung c\u1ea5p cho h\u1ecd c\u00e1c s\u1ea3n ph\u1ea9m v\u00e0 d\u1ecbch v\u1ee5 h\u00e0i l\u00f2ng.<\/p>    <figure class=\"wp-block-gallery has-nested-images columns-default is-cropped wp-block-gallery-4 is-layout-flex wp-block-gallery-is-layout-flex\"> <figure class=\"wp-block-image size-large\"><img loading=\"lazy\" decoding=\"async\" width=\"720\" height=\"540\" data-id=\"659\" src=\"https:\/\/topfoodmachine.com\/wp-content\/uploads\/2023\/10\/vegetable-cleaner-and-peeler-machine-1.webp\" alt=\"m\u00e1y l\u00e0m s\u1ea1ch v\u00e0 g\u1ecdt v\u1ecf rau c\u1ee7\" class=\"wp-image-659\" srcset=\"https:\/\/topfoodmachine.com\/wp-content\/uploads\/2023\/10\/vegetable-cleaner-and-peeler-machine-1.webp 720w, https:\/\/topfoodmachine.com\/wp-content\/uploads\/2023\/10\/vegetable-cleaner-and-peeler-machine-1-300x225.webp 300w\" sizes=\"auto, (max-width: 720px) 100vw, 720px\" \/><figcaption class=\"wp-element-caption\">m\u00e1y l\u00e0m s\u1ea1ch v\u00e0 g\u1ecdt v\u1ecf rau c\u1ee7<\/figcaption><\/figure>    <figure class=\"wp-block-image size-large\"><img loading=\"lazy\" decoding=\"async\" width=\"720\" height=\"540\" data-id=\"658\" src=\"https:\/\/topfoodmachine.com\/wp-content\/uploads\/2023\/10\/vegetable-and-fruit-cleaning-machine-1.webp\" alt=\"m\u00e1y l\u00e0m s\u1ea1ch rau c\u1ee7 qu\u1ea3\" class=\"wp-image-658\" srcset=\"https:\/\/topfoodmachine.com\/wp-content\/uploads\/2023\/10\/vegetable-and-fruit-cleaning-machine-1.webp 720w, https:\/\/topfoodmachine.com\/wp-content\/uploads\/2023\/10\/vegetable-and-fruit-cleaning-machine-1-300x225.webp 300w\" sizes=\"auto, (max-width: 720px) 100vw, 720px\" \/><figcaption class=\"wp-element-caption\">m\u00e1y l\u00e0m s\u1ea1ch rau c\u1ee7 qu\u1ea3<\/figcaption><\/figure> <\/figure>","protected":false},"excerpt":{"rendered":"<p>M\u00e1y r\u1eeda v\u00e0 g\u1ecdt v\u1ecf rau qu\u1ea3 v\u00e0 tr\u00e1i c\u00e2y th\u01b0\u01a1ng m\u1ea1i \u0111\u01b0\u1ee3c coi l\u00e0 \u0111\u1ec9nh cao c\u1ee7a s\u1ef1 \u0111\u1ed5i m\u1edbi trong c\u00f4ng ngh\u1ec7 nh\u00e0 b\u1ebfp.<\/p>","protected":false},"author":1,"featured_media":649,"parent":0,"template":"","tags":[],"product-type":[3],"class_list":["post-648","product","type-product","status-publish","has-post-thumbnail","hentry","product-type-fruit-vegetable-processing-machine"],"_links":{"self":[{"href":"https:\/\/topfoodmachine.com\/vi\/wp-json\/wp\/v2\/product\/648","targetHints":{"allow":["GET"]}}],"collection":[{"href":"https:\/\/topfoodmachine.com\/vi\/wp-json\/wp\/v2\/product"}],"about":[{"href":"https:\/\/topfoodmachine.com\/vi\/wp-json\/wp\/v2\/types\/product"}],"author":[{"embeddable":true,"href":"https:\/\/topfoodmachine.com\/vi\/wp-json\/wp\/v2\/users\/1"}],"wp:featuredmedia":[{"embeddable":true,"href":"https:\/\/topfoodmachine.com\/vi\/wp-json\/wp\/v2\/media\/649"}],"wp:attachment":[{"href":"https:\/\/topfoodmachine.com\/vi\/wp-json\/wp\/v2\/media?parent=648"}],"wp:term":[{"taxonomy":"post_tag","embeddable":true,"href":"https:\/\/topfoodmachine.com\/vi\/wp-json\/wp\/v2\/tags?post=648"},{"taxonomy":"product-type","embeddable":true,"href":"https:\/\/topfoodmachine.com\/vi\/wp-json\/wp\/v2\/product-type?post=648"}],"curies":[{"name":"wp","href":"https:\/\/api.w.org\/{rel}","templated":true}]}}