{"id":543,"date":"2023-09-21T14:13:14","date_gmt":"2023-09-21T06:13:14","guid":{"rendered":"https:\/\/topfoodmachine.com\/?post_type=product&#038;p=543"},"modified":"2023-10-10T16:08:04","modified_gmt":"2023-10-10T08:08:04","slug":"corrugated-french-fries-cutting-machine","status":"publish","type":"product","link":"https:\/\/topfoodmachine.com\/vi\/product\/corrugated-french-fries-cutting-machine\/","title":{"rendered":"M\u00e1y c\u1eaft khoai t\u00e2y chi\u00ean d\u1ea1ng s\u00f3ng"},"content":{"rendered":"<div class=\"kk-star-ratings kksr-auto kksr-align-left kksr-valign-top\"     data-payload='{&quot;align&quot;:&quot;left&quot;,&quot;id&quot;:&quot;543&quot;,&quot;slug&quot;:&quot;default&quot;,&quot;valign&quot;:&quot;top&quot;,&quot;ignore&quot;:&quot;&quot;,&quot;reference&quot;:&quot;auto&quot;,&quot;class&quot;:&quot;&quot;,&quot;count&quot;:&quot;8&quot;,&quot;legendonly&quot;:&quot;&quot;,&quot;readonly&quot;:&quot;&quot;,&quot;score&quot;:&quot;4.9&quot;,&quot;starsonly&quot;:&quot;&quot;,&quot;best&quot;:&quot;5&quot;,&quot;gap&quot;:&quot;5&quot;,&quot;greet&quot;:&quot;Rate this product&quot;,&quot;legend&quot;:&quot;4.9\\\/5 - (8 b\u00ecnh ch\u1ecdn)&quot;,&quot;size&quot;:&quot;24&quot;,&quot;title&quot;:&quot;Corrugated French Fries Cutting Machine&quot;,&quot;width&quot;:&quot;139.6&quot;,&quot;_legend&quot;:&quot;{score}\\\/{best} - ({count} {votes})&quot;,&quot;font_factor&quot;:&quot;1.25&quot;}'>              <div class=\"kksr-stars\">      <div class=\"kksr-stars-inactive\">             <div class=\"kksr-star\" data-star=\"1\" style=\"padding-right: 5px\">               <div class=\"kksr-icon\" style=\"width: 24px; height: 24px;\"><\/div>         <\/div>             <div class=\"kksr-star\" data-star=\"2\" style=\"padding-right: 5px\">               <div class=\"kksr-icon\" style=\"width: 24px; height: 24px;\"><\/div>         <\/div>             <div class=\"kksr-star\" data-star=\"3\" style=\"padding-right: 5px\">               <div class=\"kksr-icon\" style=\"width: 24px; height: 24px;\"><\/div>         <\/div>             <div class=\"kksr-star\" data-star=\"4\" style=\"padding-right: 5px\">               <div class=\"kksr-icon\" style=\"width: 24px; height: 24px;\"><\/div>         <\/div>             <div class=\"kksr-star\" data-star=\"5\" style=\"padding-right: 5px\">               <div class=\"kksr-icon\" style=\"width: 24px; height: 24px;\"><\/div>         <\/div>     <\/div>      <div class=\"kksr-stars-active\" style=\"width: 139.6px;\">             <div class=\"kksr-star\" style=\"padding-right: 5px\">               <div class=\"kksr-icon\" style=\"width: 24px; height: 24px;\"><\/div>         <\/div>             <div class=\"kksr-star\" style=\"padding-right: 5px\">               <div class=\"kksr-icon\" style=\"width: 24px; height: 24px;\"><\/div>         <\/div>             <div class=\"kksr-star\" style=\"padding-right: 5px\">               <div class=\"kksr-icon\" style=\"width: 24px; height: 24px;\"><\/div>         <\/div>             <div class=\"kksr-star\" style=\"padding-right: 5px\">               <div class=\"kksr-icon\" style=\"width: 24px; height: 24px;\"><\/div>         <\/div>             <div class=\"kksr-star\" style=\"padding-right: 5px\">               <div class=\"kksr-icon\" style=\"width: 24px; height: 24px;\"><\/div>         <\/div>     <\/div> <\/div>                   <div class=\"kksr-legend\" style=\"font-size: 19.2px;\">             4.9\/5 - (8 l\u01b0\u1ee3t b\u00ecnh ch\u1ecdn)    <\/div>     <\/div>  <p>M\u00e1y c\u1eaft khoai t\u00e2y d\u1ea1ng s\u00f3ng \u0111\u01b0\u1ee3c thi\u1ebft k\u1ebf \u0111\u1ec3 c\u1eaft c\u00e1c d\u1ea3i khoai t\u00e2y, \u0111\u1ed3ng th\u1eddi c\u0169ng ph\u00f9 h\u1ee3p v\u1edbi c\u00e1c lo\u1ea1i rau kh\u00e1c nh\u01b0 c\u00e0 r\u1ed1t. N\u00f3 s\u1eed d\u1ee5ng m\u1ed9t l\u01b0\u1ee1i dao \u0111\u1eb7c bi\u1ec7t \u0111\u1ec3 c\u1eaft khoai t\u00e2y th\u00e0nh nh\u1eefng d\u1ea3i l\u01b0\u1ee3n s\u00f3ng \u0111\u1ed3ng \u0111\u1ec1u, ho\u00e0n h\u1ea3o \u0111\u1ec3 l\u00e0m khoai t\u00e2y chi\u00ean, khoai t\u00e2y chi\u00ean v\u00e0 c\u00e1c m\u00f3n \u0103n kh\u00e1c. N\u00f3 \u0111\u01b0\u1ee3c l\u00e0m b\u1eb1ng th\u00e9p kh\u00f4ng g\u1ec9 d\u1ec5 d\u00e0ng l\u00e0m s\u1ea1ch.<\/p>    <p>M\u00e1y ph\u00f9 h\u1ee3p v\u1edbi chu\u1ed7i c\u1eeda h\u00e0ng th\u1ee9c \u0103n nhanh l\u1edbn, nh\u00e0 m\u00e1y ch\u1ebf bi\u1ebfn th\u1ef1c ph\u1ea9m, si\u00eau th\u1ecb l\u1edbn,\u2026 Ti\u1ec7n l\u1ee3i, ti\u1ebft ki\u1ec7m th\u1eddi gian, ti\u1ebft ki\u1ec7m nh\u00e2n c\u00f4ng v\u00e0 l\u00e0 tr\u1ee3 th\u1ee7 \u0111\u1eafc l\u1ef1c cho ng\u00e0nh ch\u1ebf bi\u1ebfn th\u1ef1c ph\u1ea9m. Quan tr\u1ecdng h\u01a1n, \u0111\u1ed9 d\u00e0y c\u1ee7a c\u00e1c l\u00e1t c\u1eaft c\u00f3 th\u1ec3 \u0111\u01b0\u1ee3c c\u00e1 nh\u00e2n h\u00f3a! Ch\u00e0o m\u1eebng b\u1ea1n \u0111\u1ebfn h\u1ecfi \u0111\u1ec3 bi\u1ebft chi ti\u1ebft!<\/p>    <h2 class=\"wp-block-heading\">\u0110\u1eb7c \u0111i\u1ec3m c\u1ee7a m\u00e1y th\u00e1i l\u00e1t khoai t\u00e2y chi\u00ean d\u1ea1ng s\u00f3ng<\/h2>    <ul class=\"wp-block-list\"> <li>M\u00e1y th\u00e1i l\u00e1t khoai t\u00e2y chi\u00ean ki\u1ec3u Ph\u00e1p\u00a0\u0111\u01b0\u1ee3c trang b\u1ecb hai b\u1ed9 dao, m\u1ed9t l\u00e0 dao d\u1eb9t \u0111\u1ec3 c\u1eaft c\u00e1c l\u00e1t s\u00f3ng v\u00e0 b\u1ed9 c\u00f2n l\u1ea1i l\u00e0 dao xoay \u0111\u1ec3 c\u1eaft c\u00e1c d\u1ea3i s\u00f3ng. V\u1eadt li\u1ec7u s\u1ebd \u0111\u01b0\u1ee3c c\u1eaft li\u00ean t\u1ee5c do va ch\u1ea1m t\u1ed1c \u0111\u1ed9 cao v\u00e0 cu\u1ed1i c\u00f9ng t\u1ea1o th\u00e0nh c\u00e1c d\u1ea3i khoai t\u00e2y d\u1ea1ng s\u00f3ng.<\/li>    <li>B\u0103ng t\u1ea3i th\u1ef1c ph\u1ea9m b\u00ean d\u01b0\u1edbi l\u01b0\u1ee1i dao \u0111\u01b0\u1ee3c l\u00e0m b\u1eb1ng nh\u1ef1a d\u00f9ng cho th\u1ef1c ph\u1ea9m v\u00e0 d\u1ec5 d\u00e0ng v\u1ec7 sinh.<\/li>    <li>T\u1ed1c \u0111\u1ed9 v\u1eadn chuy\u1ec3n c\u1ee7a b\u0103ng t\u1ea3i th\u1ef1c ph\u1ea9m c\u00f3 th\u1ec3 \u0111\u01b0\u1ee3c \u0111i\u1ec1u ch\u1ec9nh b\u1eb1ng tay.<\/li>    <li>\u0110\u1ed9 d\u00e0y c\u1ee7a d\u1ea3i khoai t\u00e2y c\u00f3 th\u1ec3 \u0111\u01b0\u1ee3c t\u00f9y ch\u1ec9nh theo nhu c\u1ea7u c\u1ee7a b\u1ea1n.<\/li> <\/ul>    <figure class=\"wp-block-gallery has-nested-images columns-default is-cropped wp-block-gallery-2 is-layout-flex wp-block-gallery-is-layout-flex\"> <figure class=\"wp-block-image size-large\"><img loading=\"lazy\" decoding=\"async\" width=\"720\" height=\"540\" data-id=\"550\" src=\"https:\/\/topfoodmachine.com\/wp-content\/uploads\/2023\/09\/Corrugated-French-Fries-Cutting-Machine-1.webp\" alt=\"\" class=\"wp-image-550\" srcset=\"https:\/\/topfoodmachine.com\/wp-content\/uploads\/2023\/09\/Corrugated-French-Fries-Cutting-Machine-1.webp 720w, https:\/\/topfoodmachine.com\/wp-content\/uploads\/2023\/09\/Corrugated-French-Fries-Cutting-Machine-1-300x225.webp 300w\" sizes=\"auto, (max-width: 720px) 100vw, 720px\" \/><figcaption class=\"wp-element-caption\">M\u00e1y c\u1eaft khoai t\u00e2y chi\u00ean d\u1ea1ng s\u00f3ng<\/figcaption><\/figure>    <figure class=\"wp-block-image size-large\"><img loading=\"lazy\" decoding=\"async\" width=\"720\" height=\"540\" data-id=\"551\" src=\"https:\/\/topfoodmachine.com\/wp-content\/uploads\/2023\/09\/French-Fry-Cutters-1.webp\" alt=\"\" class=\"wp-image-551\" srcset=\"https:\/\/topfoodmachine.com\/wp-content\/uploads\/2023\/09\/French-Fry-Cutters-1.webp 720w, https:\/\/topfoodmachine.com\/wp-content\/uploads\/2023\/09\/French-Fry-Cutters-1-300x225.webp 300w\" sizes=\"auto, (max-width: 720px) 100vw, 720px\" \/><figcaption class=\"wp-element-caption\">D\u1ee5ng c\u1ee5 c\u1eaft khoai t\u00e2y chi\u00ean ki\u1ec3u Ph\u00e1p<\/figcaption><\/figure> <\/figure>    <h2 class=\"wp-block-heading\">M\u00e1y c\u1eaft khoai t\u00e2y chi\u00ean d\u1ea1ng s\u00f3ng ho\u1ea1t \u0111\u1ed9ng nh\u01b0 th\u1ebf n\u00e0o?<\/h2>    <ul class=\"wp-block-list\"> <li>L\u00e0m s\u1ea1ch v\u00e0 g\u1ecdt v\u1ecf khoai t\u00e2y.<\/li>    <li>Cho khoai t\u00e2y v\u00e0o m\u00e1ng c\u1ee7a m\u00e1y th\u00e1i l\u00e1t khoai t\u00e2y chi\u00ean ki\u1ec3u Ph\u00e1p.<\/li>    <li>\u0110\u1eady n\u1eafp v\u00e0 kh\u1edfi \u0111\u1ed9ng \u0111\u1ed9ng c\u01a1.<\/li>    <li>Khoai t\u00e2y s\u1ebd \u0111\u01b0\u1ee3c c\u1eaft th\u00e0nh d\u1ea3i l\u01b0\u1ee3n s\u00f3ng.<\/li> <\/ul>    <figure class=\"wp-block-image size-full\"><img loading=\"lazy\" decoding=\"async\" width=\"720\" height=\"540\" src=\"https:\/\/topfoodmachine.com\/wp-content\/uploads\/2023\/09\/Corrugated-French-Fries-1.webp\" alt=\"Khoai t\u00e2y chi\u00ean g\u1ee3n s\u00f3ng\" class=\"wp-image-552\" srcset=\"https:\/\/topfoodmachine.com\/wp-content\/uploads\/2023\/09\/Corrugated-French-Fries-1.webp 720w, https:\/\/topfoodmachine.com\/wp-content\/uploads\/2023\/09\/Corrugated-French-Fries-1-300x225.webp 300w\" sizes=\"auto, (max-width: 720px) 100vw, 720px\" \/><figcaption class=\"wp-element-caption\">Khoai t\u00e2y chi\u00ean g\u1ee3n s\u00f3ng<\/figcaption><\/figure>    <h2 class=\"wp-block-heading\">\u01afu \u0111i\u1ec3m c\u1ee7a m\u00e1y th\u00e1i l\u00e1t khoai t\u00e2y chi\u00ean ki\u1ec3u Ph\u00e1p d\u1ea1ng s\u00f3ng l\u00e0 g\u00ec?<\/h2>    <ol class=\"wp-block-list\"> <li>Hi\u1ec7u qu\u1ea3 c\u1eaft t\u1ed1t: L\u01b0\u1ee1i dao nh\u0103n c\u00f3 th\u1ec3 c\u1eaft khoai t\u00e2y th\u00e0nh nh\u1eefng d\u1ea3i l\u01b0\u1ee3n s\u00f3ng \u0111\u1ed3ng \u0111\u1ec1u, c\u00f3 h\u00ecnh th\u1ee9c \u0111\u1eb9p m\u1eaft v\u00e0 h\u01b0\u01a1ng v\u1ecb tuy\u1ec7t v\u1eddi.<\/li>    <li>V\u1eadn h\u00e0nh \u0111\u01a1n gi\u1ea3n: M\u00e1y c\u1eaft khoai t\u00e2y chi\u00ean d\u1ea1ng s\u00f3ng\u00a0v\u1eadn h\u00e0nh \u0111\u01a1n gi\u1ea3n. Ch\u1ec9 c\u1ea7n cho khoai t\u00e2y v\u00e0o khay l\u00e0 b\u1ea1n c\u00f3 th\u1ec3 d\u1ec5 d\u00e0ng c\u1eaft ra nh\u1eefng d\u1ea3i s\u00f3ng l\u01b0\u1ee3n s\u00f3ng.<\/li>    <li>D\u1ec5 d\u00e0ng v\u1ec7 sinh: L\u01b0\u1ee1i dao c\u1ee7a m\u00e1y c\u00f3 th\u1ec3 th\u00e1o r\u1eddi v\u00e0 d\u1ec5 d\u00e0ng v\u1ec7 sinh.<\/li> <\/ol>    <h2 class=\"wp-block-heading\">Th\u00f4ng tin chi ti\u1ebft v\u1ec1 m\u00e1y th\u00e1i l\u00e1t khoai t\u00e2y chi\u00ean c\u1ee7a ch\u00fang t\u00f4i<\/h2>    <figure class=\"wp-block-table\"><table><tbody><tr><td>Ng\u01b0\u1eddi m\u1eabu<\/td><td>TZ-660<\/td><\/tr><tr><td>Quy\u1ec1n l\u1ef1c<\/td><td>0,75kw<\/td><\/tr><tr><td>V\u00f4n<\/td><td>220v, 50hz<\/td><\/tr><tr><td>Dung t\u00edch<\/td><td>100-600kg\/gi\u1edd<\/td><\/tr><tr><td>C\u00e2n n\u1eb7ng<\/td><td>140kg<\/td><\/tr><tr><td>K\u00edch c\u1ee1<\/td><td>900*460*740mm<\/td><\/tr><\/tbody><\/table><\/figure>    <h2 class=\"wp-block-heading\">C\u00e1c c\u00e2u h\u1ecfi th\u01b0\u1eddng g\u1eb7p<\/h2>   <div id=\"rank-math-faq\" class=\"rank-math-block\"> <div class=\"rank-math-list\"> <div id=\"faq-question-1695201894714\" class=\"rank-math-list-item\"> <h3 class=\"rank-math-question\">L\u01b0\u1ee1i dao c\u1ee7a m\u00e1y th\u00e1i khoai t\u00e2y \u0111\u01b0\u1ee3c l\u00e0m b\u1eb1ng v\u1eadt li\u1ec7u g\u00ec?<\/h3> <div class=\"rank-math-answer\">  <p>L\u01b0\u1ee1i c\u1ee7a m\u00e1y th\u00e1i khoai t\u00e2y th\u01b0\u1eddng \u0111\u01b0\u1ee3c l\u00e0m b\u1eb1ng th\u00e9p kh\u00f4ng g\u1ec9, c\u00f3 kh\u1ea3 n\u0103ng ch\u1ed1ng \u0103n m\u00f2n v\u00e0 ch\u1ed1ng m\u00e0i m\u00f2n.<\/p>  <\/div> <\/div> <div id=\"faq-question-1695202116319\" class=\"rank-math-list-item\"> <h3 class=\"rank-math-question\">Ph\u01b0\u01a1ng ph\u00e1p l\u00e0m s\u1ea1ch c\u1ee7a m\u00e1y th\u00e1i khoai t\u00e2y l\u00e0 g\u00ec?<\/h3> <div class=\"rank-math-answer\">  <p>1. Th\u00e1o l\u01b0\u1ee1i c\u1eaft khoai t\u00e2y ra.<br \/>2. R\u1eeda s\u1ea1ch l\u01b0\u1ee1i dao b\u1eb1ng n\u01b0\u1edbc s\u1ea1ch.<br \/>3. Lau l\u01b0\u1ee1i dao b\u1eb1ng v\u1ea3i m\u1ec1m.<br \/>4. R\u1eeda s\u1ea1ch c\u00e1c b\u1ed9 ph\u1eadn kh\u00e1c c\u1ee7a m\u00e1y th\u00e1i khoai t\u00e2y b\u1eb1ng n\u01b0\u1edbc s\u1ea1ch.<\/p>  <\/div> <\/div> <div id=\"faq-question-1695202325536\" class=\"rank-math-list-item\"> <h3 class=\"rank-math-question\">Ph\u01b0\u01a1ng ph\u00e1p b\u1ea3o tr\u00ec c\u1ee7a M\u00e1y c\u1eaft khoai t\u00e2y chi\u00ean d\u1ea1ng s\u00f3ng l\u00e0 g\u00ec?<\/h3> <div class=\"rank-math-answer\">  <p>1. Th\u01b0\u1eddng xuy\u00ean ki\u1ec3m tra xem l\u01b0\u1ee1i dao c\u00f3 s\u1eafc b\u00e9n kh\u00f4ng v\u00e0 thay th\u1ebf k\u1ecbp th\u1eddi n\u1ebfu b\u1ecb m\u00f2n.<br \/>2. L\u00e0m s\u1ea1ch d\u1ee5ng c\u1ee5 c\u1eaft khoai t\u00e2y th\u01b0\u1eddng xuy\u00ean \u0111\u1ec3 tr\u00e1nh b\u1ee5i b\u1ea9n t\u00edch t\u1ee5.<br \/>3. M\u00e1y th\u00e1i khoai t\u00e2y n\u00ean \u0111\u01b0\u1ee3c b\u1ea3o qu\u1ea3n \u1edf n\u01a1i kh\u00f4 r\u00e1o khi kh\u00f4ng s\u1eed d\u1ee5ng trong th\u1eddi gian d\u00e0i.<\/p>  <\/div> <\/div> <\/div> <\/div>   <h2 class=\"wp-block-heading\">Video ho\u1ea1t \u0111\u1ed9ng c\u1ee7a m\u00e1y c\u1eaft khoai t\u00e2y chi\u00ean d\u1ea1ng s\u00f3ng<\/h2>    <figure class=\"wp-block-embed is-type-video is-provider-youtube wp-block-embed-youtube wp-embed-aspect-16-9 wp-has-aspect-ratio\"><div class=\"wp-block-embed__wrapper\"> <iframe loading=\"lazy\" title=\"M\u00e1y c\u1eaft khoai t\u00e2y chi\u00ean d\u1ea1ng s\u00f3ng: Nh\u00e0 b\u1ebfp c\u1ea7n thi\u1ebft cho b\u1ea5t k\u1ef3 nh\u00e0 h\u00e0ng th\u1ee9c \u0103n nhanh n\u00e0o!\" width=\"500\" height=\"281\" src=\"https:\/\/www.youtube.com\/embed\/k3ruLwvsWk0?feature=oembed\" frameborder=\"0\" allow=\"accelerometer; autoplay; clipboard-write; encrypted-media; gyroscope; picture-in-picture; web-share\" referrerpolicy=\"strict-origin-when-cross-origin\" allowfullscreen><\/iframe> <\/div><\/figure>    <h2 class=\"wp-block-heading\">T\u1ea1i sao ch\u1ecdn ch\u00fang t\u00f4i?<\/h2>    <p>C\u00f4ng ty ch\u00fang t\u00f4i \u00e1p d\u1ee5ng bao b\u00ec nhi\u1ec1u l\u1edbp, c\u00f3 th\u1ec3 ng\u0103n ch\u1eb7n hi\u1ec7u qu\u1ea3 h\u00e0ng h\u00f3a b\u1ecb h\u01b0 h\u1ecfng do va ch\u1ea1m v\u00e0 \u0111\u00f9n ra trong qu\u00e1 tr\u00ecnh v\u1eadn chuy\u1ec3n. Ch\u00fang t\u00f4i c\u00f2n h\u1ee3p t\u00e1c v\u1edbi c\u00e1c c\u00f4ng ty logistics chuy\u00ean nghi\u1ec7p \u0111\u1ec3 \u0111\u1ea3m b\u1ea3o vi\u1ec7c v\u1eadn chuy\u1ec3n h\u00e0ng h\u00f3a an to\u00e0n v\u00e0 hi\u1ec7u qu\u1ea3. B\u1ea1n c\u00f3 th\u1ec3 y\u00ean t\u00e2m r\u1eb1ng ch\u00fang t\u00f4i s\u1ebd cung c\u1ea5p cho b\u1ea1n d\u1ecbch v\u1ee5 th\u1ecfa \u0111\u00e1ng!<\/p>    <figure class=\"wp-block-gallery has-nested-images columns-default is-cropped wp-block-gallery-3 is-layout-flex wp-block-gallery-is-layout-flex\"> <figure class=\"wp-block-image size-large\"><img loading=\"lazy\" decoding=\"async\" width=\"720\" height=\"540\" data-id=\"554\" src=\"https:\/\/topfoodmachine.com\/wp-content\/uploads\/2023\/09\/French-Fry-Cutters-Package-1.webp\" alt=\"\" class=\"wp-image-554\" srcset=\"https:\/\/topfoodmachine.com\/wp-content\/uploads\/2023\/09\/French-Fry-Cutters-Package-1.webp 720w, https:\/\/topfoodmachine.com\/wp-content\/uploads\/2023\/09\/French-Fry-Cutters-Package-1-300x225.webp 300w\" sizes=\"auto, (max-width: 720px) 100vw, 720px\" \/><figcaption class=\"wp-element-caption\">G\u00f3i c\u1eaft khoai t\u00e2y chi\u00ean ki\u1ec3u Ph\u00e1p<\/figcaption><\/figure>    <figure class=\"wp-block-image size-large\"><img loading=\"lazy\" decoding=\"async\" width=\"720\" height=\"540\" data-id=\"553\" src=\"https:\/\/topfoodmachine.com\/wp-content\/uploads\/2023\/09\/Corrugated-French-Fries-Cutting-Machine-Package-1.webp\" alt=\"\" class=\"wp-image-553\" srcset=\"https:\/\/topfoodmachine.com\/wp-content\/uploads\/2023\/09\/Corrugated-French-Fries-Cutting-Machine-Package-1.webp 720w, https:\/\/topfoodmachine.com\/wp-content\/uploads\/2023\/09\/Corrugated-French-Fries-Cutting-Machine-Package-1-300x225.webp 300w\" sizes=\"auto, (max-width: 720px) 100vw, 720px\" \/><figcaption class=\"wp-element-caption\">G\u00f3i m\u00e1y c\u1eaft khoai t\u00e2y chi\u00ean d\u1ea1ng s\u00f3ng<\/figcaption><\/figure> <\/figure>    <p><\/p>","protected":false},"excerpt":{"rendered":"<p>Corrugated French Fry cutter is designed to cut potato strips, and is also suitable for other vegetables such as carrots. It uses a special blade that cuts potatoes into uniform wavy strips, perfect for making French fries, potato chips, and other treats. It is made of stainless steel which is easy to clean. The machine [&hellip;]<\/p>\n","protected":false},"author":1,"featured_media":544,"parent":0,"template":"","tags":[],"product-type":[3],"class_list":["post-543","product","type-product","status-publish","has-post-thumbnail","hentry","product-type-fruit-vegetable-processing-machine"],"_links":{"self":[{"href":"https:\/\/topfoodmachine.com\/vi\/wp-json\/wp\/v2\/product\/543","targetHints":{"allow":["GET"]}}],"collection":[{"href":"https:\/\/topfoodmachine.com\/vi\/wp-json\/wp\/v2\/product"}],"about":[{"href":"https:\/\/topfoodmachine.com\/vi\/wp-json\/wp\/v2\/types\/product"}],"author":[{"embeddable":true,"href":"https:\/\/topfoodmachine.com\/vi\/wp-json\/wp\/v2\/users\/1"}],"wp:featuredmedia":[{"embeddable":true,"href":"https:\/\/topfoodmachine.com\/vi\/wp-json\/wp\/v2\/media\/544"}],"wp:attachment":[{"href":"https:\/\/topfoodmachine.com\/vi\/wp-json\/wp\/v2\/media?parent=543"}],"wp:term":[{"taxonomy":"post_tag","embeddable":true,"href":"https:\/\/topfoodmachine.com\/vi\/wp-json\/wp\/v2\/tags?post=543"},{"taxonomy":"product-type","embeddable":true,"href":"https:\/\/topfoodmachine.com\/vi\/wp-json\/wp\/v2\/product-type?post=543"}],"curies":[{"name":"wp","href":"https:\/\/api.w.org\/{rel}","templated":true}]}}