{"id":525,"date":"2023-09-21T14:29:43","date_gmt":"2023-09-21T06:29:43","guid":{"rendered":"https:\/\/topfoodmachine.com\/?post_type=product&#038;p=525"},"modified":"2023-10-10T16:03:49","modified_gmt":"2023-10-10T08:03:49","slug":"vegetable-cutting-machine","status":"publish","type":"product","link":"https:\/\/topfoodmachine.com\/vi\/product\/vegetable-cutting-machine\/","title":{"rendered":"M\u00e1y c\u1eaft rau"},"content":{"rendered":"<div class=\"kk-star-ratings kksr-auto kksr-align-left kksr-valign-top\"     data-payload='{&quot;align&quot;:&quot;left&quot;,&quot;id&quot;:&quot;525&quot;,&quot;slug&quot;:&quot;default&quot;,&quot;valign&quot;:&quot;top&quot;,&quot;ignore&quot;:&quot;&quot;,&quot;reference&quot;:&quot;auto&quot;,&quot;class&quot;:&quot;&quot;,&quot;count&quot;:&quot;20&quot;,&quot;legendonly&quot;:&quot;&quot;,&quot;readonly&quot;:&quot;&quot;,&quot;score&quot;:&quot;4.6&quot;,&quot;starsonly&quot;:&quot;&quot;,&quot;best&quot;:&quot;5&quot;,&quot;gap&quot;:&quot;5&quot;,&quot;greet&quot;:&quot;Rate this product&quot;,&quot;legend&quot;:&quot;4.6\\\/5 - (20 b\u00ecnh ch\u1ecdn)&quot;,&quot;size&quot;:&quot;24&quot;,&quot;title&quot;:&quot;Vegetable Cutting Machine&quot;,&quot;width&quot;:&quot;130.9&quot;,&quot;_legend&quot;:&quot;{score}\\\/{best} - ({count} {votes})&quot;,&quot;font_factor&quot;:&quot;1.25&quot;}'>              <div class=\"kksr-stars\">      <div class=\"kksr-stars-inactive\">             <div class=\"kksr-star\" data-star=\"1\" style=\"padding-right: 5px\">               <div class=\"kksr-icon\" style=\"width: 24px; height: 24px;\"><\/div>         <\/div>             <div class=\"kksr-star\" data-star=\"2\" style=\"padding-right: 5px\">               <div class=\"kksr-icon\" style=\"width: 24px; height: 24px;\"><\/div>         <\/div>             <div class=\"kksr-star\" data-star=\"3\" style=\"padding-right: 5px\">               <div class=\"kksr-icon\" style=\"width: 24px; height: 24px;\"><\/div>         <\/div>             <div class=\"kksr-star\" data-star=\"4\" style=\"padding-right: 5px\">               <div class=\"kksr-icon\" style=\"width: 24px; height: 24px;\"><\/div>         <\/div>             <div class=\"kksr-star\" data-star=\"5\" style=\"padding-right: 5px\">               <div class=\"kksr-icon\" style=\"width: 24px; height: 24px;\"><\/div>         <\/div>     <\/div>      <div class=\"kksr-stars-active\" style=\"width: 130.9px;\">             <div class=\"kksr-star\" style=\"padding-right: 5px\">               <div class=\"kksr-icon\" style=\"width: 24px; height: 24px;\"><\/div>         <\/div>             <div class=\"kksr-star\" style=\"padding-right: 5px\">               <div class=\"kksr-icon\" style=\"width: 24px; height: 24px;\"><\/div>         <\/div>             <div class=\"kksr-star\" style=\"padding-right: 5px\">               <div class=\"kksr-icon\" style=\"width: 24px; height: 24px;\"><\/div>         <\/div>             <div class=\"kksr-star\" style=\"padding-right: 5px\">               <div class=\"kksr-icon\" style=\"width: 24px; height: 24px;\"><\/div>         <\/div>             <div class=\"kksr-star\" style=\"padding-right: 5px\">               <div class=\"kksr-icon\" style=\"width: 24px; height: 24px;\"><\/div>         <\/div>     <\/div> <\/div>                   <div class=\"kksr-legend\" style=\"font-size: 19.2px;\">             4.6\/5 - (20 l\u01b0\u1ee3t b\u00ecnh ch\u1ecdn)    <\/div>     <\/div>  <p>M\u00e1y c\u1eaft rau th\u01b0\u1eddng \u0111\u01b0\u1ee3c s\u1eed d\u1ee5ng \u0111\u1ec3 c\u1eaft rau, tr\u00e1i c\u00e2y v\u00e0 c\u00e1c nguy\u00ean li\u1ec7u kh\u00e1c. N\u00f3 c\u00f3 th\u1ec3 c\u1eaft nguy\u00ean li\u1ec7u th\u00e0nh nhi\u1ec1u h\u00ecnh d\u1ea1ng kh\u00e1c nhau nh\u01b0 l\u00e1t, c\u1eaft s\u1ee3i, th\u00e1i h\u1ea1t l\u1ef1u, d\u1ea3i, v.v., gi\u00fap c\u1ea3i thi\u1ec7n hi\u1ec7u qu\u1ea3 n\u1ea5u n\u01b0\u1edbng v\u00e0 t\u00ednh th\u1ea9m m\u1ef9 c\u1ee7a nguy\u00ean li\u1ec7u. Ch\u00fang t\u00f4i c\u00f3 hai lo\u1ea1i m\u00e1y c\u1eaft kh\u00e1c nhau d\u00e0nh cho c\u00e1c lo\u1ea1i rau kh\u00e1c nhau. Ngo\u00e0i c\u00e1c lo\u1ea1i c\u00e2y l\u1ea5y c\u1ee7, m\u00e1y c\u1eaft rau c\u1ee7 \u0111a ch\u1ee9c n\u0103ng c\u1ee7a ch\u00fang t\u00f4i c\u00f2n c\u00f3 th\u1ec3 ch\u1ebf bi\u1ebfn c\u00e1c lo\u1ea1i rau \u0103n l\u00e1!<\/p>    <p>L\u00e0m vi\u1ec7c nhanh ch\u00f3ng v\u00e0 hi\u1ec7u qu\u1ea3 l\u00e0 \u0111i\u1ec1u quan tr\u1ecdng trong m\u1ed7i nh\u00e0 b\u1ebfp. V\u1edbi m\u00e1y th\u00e1i rau c\u1ee7 chuy\u00ean nghi\u1ec7p, b\u1ea1n c\u00f3 th\u1ec3 th\u1ef1c hi\u1ec7n vi\u1ec7c n\u00e0y m\u1ed9t c\u00e1ch an to\u00e0n v\u00e0 d\u1ec5 d\u00e0ng. B\u1ea1n c\u00f3 mu\u1ed1n c\u1eaft rau th\u00e0nh l\u00e1t, h\u00ecnh kh\u1ed1i, d\u1ea3i ho\u1eb7c c\u1eaft nh\u1ecf kh\u00f4ng? V\u1edbi c\u00e1c \u0111\u0129a c\u1eaft kh\u00e1c nhau, \u0111i\u1ec1u n\u00e0y c\u00f3 th\u1ec3 th\u1ef1c hi\u1ec7n \u0111\u01b0\u1ee3c. M\u00e1y th\u00e1i n\u00e0y c\u00f3 \u0111\u1ea7u ra l\u1edbn v\u00e0 nh\u1ecf v\u00e0 c\u00f3 th\u1ec3 c\u1eaft h\u1ea7u h\u1ebft m\u1ecdi lo\u1ea1i rau.<\/p>    <h2 class=\"wp-block-heading\">Chi ti\u1ebft v\u00e0 t\u00ednh n\u0103ng c\u1ee7a m\u00e1y th\u00e1i rau c\u1ee7 b\u1eb1ng \u0111i\u1ec7n<\/h2>    <ol class=\"wp-block-list\"> <li>M\u00e1y c\u1eaft rau c\u1ee7 n\u00e0y c\u00f3 khay n\u1ea1p k\u00e9p \u0111\u1ec3 x\u1eed l\u00fd c\u00e1c nguy\u00ean li\u1ec7u c\u00f3 k\u00edch th\u01b0\u1edbc kh\u00e1c nhau, gi\u00fap thao t\u00e1c hi\u1ec7u qu\u1ea3 v\u00e0 thu\u1eadn ti\u1ec7n h\u01a1n.<\/li>    <li>\u0110\u01b0\u1ee3c l\u00e0m b\u1eb1ng th\u00e9p kh\u00f4ng g\u1ec9 304, s\u1ea1ch s\u1ebd v\u00e0 v\u1ec7 sinh, d\u1ec5 lau ch\u00f9i.<\/li>    <li>N\u00f3 c\u00f3 th\u1ec3 x\u1eed l\u00fd nhi\u1ec1u lo\u1ea1i rau v\u00e0 b\u1ea5t k\u1ef3 h\u00ecnh d\u1ea1ng n\u00e0o b\u1ea1n mu\u1ed1n.<\/li> <\/ol>    <figure class=\"wp-block-gallery has-nested-images columns-2 is-cropped wp-block-gallery-2 is-layout-flex wp-block-gallery-is-layout-flex\"> <figure class=\"wp-block-image size-large\"><img loading=\"lazy\" decoding=\"async\" width=\"720\" height=\"540\" data-id=\"537\" src=\"https:\/\/topfoodmachine.com\/wp-content\/uploads\/2023\/09\/Different-Styles-of-Vegetables.webp\" alt=\"\" class=\"wp-image-537\" srcset=\"https:\/\/topfoodmachine.com\/wp-content\/uploads\/2023\/09\/Different-Styles-of-Vegetables.webp 720w, https:\/\/topfoodmachine.com\/wp-content\/uploads\/2023\/09\/Different-Styles-of-Vegetables-300x225.webp 300w\" sizes=\"auto, (max-width: 720px) 100vw, 720px\" \/><figcaption class=\"wp-element-caption\">C\u00e1c ki\u1ec3u rau kh\u00e1c nhau<\/figcaption><\/figure>    <figure class=\"wp-block-image size-large\"><img loading=\"lazy\" decoding=\"async\" width=\"720\" height=\"540\" data-id=\"538\" src=\"https:\/\/topfoodmachine.com\/wp-content\/uploads\/2023\/09\/Rich-Variety-of-Ingredients.webp\" alt=\"\" class=\"wp-image-538\" srcset=\"https:\/\/topfoodmachine.com\/wp-content\/uploads\/2023\/09\/Rich-Variety-of-Ingredients.webp 720w, https:\/\/topfoodmachine.com\/wp-content\/uploads\/2023\/09\/Rich-Variety-of-Ingredients-300x225.webp 300w\" sizes=\"auto, (max-width: 720px) 100vw, 720px\" \/><figcaption class=\"wp-element-caption\">\u0110a d\u1ea1ng nguy\u00ean li\u1ec7u phong ph\u00fa<\/figcaption><\/figure>    <figure class=\"wp-block-image size-full\"><img loading=\"lazy\" decoding=\"async\" width=\"720\" height=\"540\" data-id=\"617\" src=\"https:\/\/topfoodmachine.com\/wp-content\/uploads\/2023\/09\/Vegetable-Slicer-for-Sale-4.webp\" alt=\"C\u1ea7n b\u00e1n m\u00e1y th\u00e1i rau\" class=\"wp-image-617\" srcset=\"https:\/\/topfoodmachine.com\/wp-content\/uploads\/2023\/09\/Vegetable-Slicer-for-Sale-4.webp 720w, https:\/\/topfoodmachine.com\/wp-content\/uploads\/2023\/09\/Vegetable-Slicer-for-Sale-4-300x225.webp 300w\" sizes=\"auto, (max-width: 720px) 100vw, 720px\" \/><figcaption class=\"wp-element-caption\">C\u1ea7n b\u00e1n m\u00e1y th\u00e1i rau<\/figcaption><\/figure>    <figure class=\"wp-block-image size-full\"><img loading=\"lazy\" decoding=\"async\" width=\"720\" height=\"540\" data-id=\"618\" src=\"https:\/\/topfoodmachine.com\/wp-content\/uploads\/2023\/09\/Commercial-Vegetable-Slicer-4.webp\" alt=\"M\u00e1y th\u00e1i rau th\u01b0\u01a1ng m\u1ea1i\" class=\"wp-image-618\" srcset=\"https:\/\/topfoodmachine.com\/wp-content\/uploads\/2023\/09\/Commercial-Vegetable-Slicer-4.webp 720w, https:\/\/topfoodmachine.com\/wp-content\/uploads\/2023\/09\/Commercial-Vegetable-Slicer-4-300x225.webp 300w\" sizes=\"auto, (max-width: 720px) 100vw, 720px\" \/><figcaption class=\"wp-element-caption\">M\u00e1y th\u00e1i rau th\u01b0\u01a1ng m\u1ea1i<\/figcaption><\/figure> <\/figure>    <p>Ch\u00fang t\u00f4i c\u0169ng \u0111\u00e3 gi\u1edbi thi\u1ec7u m\u1ed9t m\u00e1y c\u1eaft rau \u0111a ch\u1ee9c n\u0103ng, b\u1ed5 sung th\u00eam ch\u1ee9c n\u0103ng ch\u1ebf bi\u1ebfn rau l\u00e1 v\u00e0o c\u00e1c ch\u1ee9c n\u0103ng ban \u0111\u1ea7u v\u00e0 c\u1ea3i thi\u1ec7n hi\u1ec7u qu\u1ea3 x\u1eed l\u00fd nguy\u00ean li\u1ec7u.<\/p>    <p>M\u00e1y c\u1eaft rau \u0111a ch\u1ee9c n\u0103ng n\u00e0y c\u00f2n c\u00f3 b\u1ea3ng \u0111i\u1ec1u khi\u1ec3n m\u1edbi cho ph\u00e9p b\u1ea1n \u0111i\u1ec1u ch\u1ec9nh t\u1ed1c \u0111\u1ed9 l\u01b0\u1ee1i c\u1eaft v\u00e0 t\u1ed1c \u0111\u1ed9 b\u0103ng t\u1ea3i. To\u00e0n b\u1ed9 b\u1ea3ng \u0111i\u1ec1u khi\u1ec3n \u0111\u01b0\u1ee3c thi\u1ebft k\u1ebf \u0111\u01a1n gi\u1ea3n, r\u00f5 r\u00e0ng n\u00ean ngay c\u1ea3 ng\u01b0\u1eddi kh\u00f4ng r\u00e0nh v\u1ec1 m\u00e1y c\u0169ng c\u00f3 th\u1ec3 thao t\u00e1c nhanh ch\u00f3ng.<\/p>    <figure class=\"wp-block-image size-full\"><img loading=\"lazy\" decoding=\"async\" width=\"720\" height=\"540\" src=\"https:\/\/topfoodmachine.com\/wp-content\/uploads\/2023\/09\/Electric-Vegetable-Slicer-2.webp\" alt=\"M\u00e1y th\u00e1i rau c\u1ee7 b\u1eb1ng \u0111i\u1ec7n\" class=\"wp-image-619\" srcset=\"https:\/\/topfoodmachine.com\/wp-content\/uploads\/2023\/09\/Electric-Vegetable-Slicer-2.webp 720w, https:\/\/topfoodmachine.com\/wp-content\/uploads\/2023\/09\/Electric-Vegetable-Slicer-2-300x225.webp 300w\" sizes=\"auto, (max-width: 720px) 100vw, 720px\" \/><figcaption class=\"wp-element-caption\">M\u00e1y th\u00e1i rau c\u1ee7 b\u1eb1ng \u0111i\u1ec7n<\/figcaption><\/figure>    <h2 class=\"wp-block-heading\">C\u1ea5u t\u1ea1o c\u1ee7a m\u00e1y c\u1eaft rau c\u1ee7<\/h2>    <p>\u0110\u1ed9ng c\u01a1: cung c\u1ea5p n\u0103ng l\u01b0\u1ee3ng \u0111\u1ec3 d\u1eabn \u0111\u1ed9ng l\u01b0\u1ee1i dao quay.<br>L\u01b0\u1ee1i dao: d\u00f9ng \u0111\u1ec3 c\u1eaft nguy\u00ean li\u1ec7u.<br>\u0110\u1ea7u v\u00e0o: \u0111\u1ec3 \u0111\u1eb7t nguy\u00ean li\u1ec7u b\u1ea1n mu\u1ed1n ch\u1ebf bi\u1ebfn<br>C\u01a1 c\u1ea5u truy\u1ec1n \u0111\u1ed9ng: truy\u1ec1n c\u00f4ng su\u1ea5t t\u1eeb \u200b\u200b\u0111\u1ed9ng c\u01a1 t\u1edbi c\u00e1nh qu\u1ea1t.<br>Thi\u1ebft b\u1ecb an to\u00e0n: \u0111\u1ec3 ng\u0103n ng\u1eeba tai n\u1ea1n.<\/p>    <h2 class=\"wp-block-heading\">Nguy\u00ean l\u00fd ho\u1ea1t \u0111\u1ed9ng c\u1ee7a m\u00e1y th\u00e1i rau c\u1ee7 b\u1eb1ng \u0111i\u1ec7n<\/h2>    <ul class=\"wp-block-list\"> <li>\u0110\u1eb7t nguy\u00ean li\u1ec7u v\u00e0o khay c\u1ee7a m\u00e1y c\u1eaft rau c\u1ee7.<\/li>    <li>Kh\u1edfi \u0111\u1ed9ng \u0111\u1ed9ng c\u01a1 v\u00e0 l\u01b0\u1ee1i dao b\u1eaft \u0111\u1ea7u quay.<\/li>    <li>Th\u1ee9c \u0103n \u0111i v\u00e0o khu v\u1ef1c l\u01b0\u1ee1i dao qua m\u00e1ng v\u00e0 \u0111\u01b0\u1ee3c l\u01b0\u1ee1i dao c\u1eaft th\u00e0nh l\u00e1t ho\u1eb7c m\u1ea3nh nh\u1ecf.<\/li> <\/ul>    <figure class=\"wp-block-embed is-type-video is-provider-youtube wp-block-embed-youtube wp-embed-aspect-16-9 wp-has-aspect-ratio\"><div class=\"wp-block-embed__wrapper\"> <iframe loading=\"lazy\" title=\"M\u00e1y c\u1eaft rau th\u01b0\u01a1ng m\u1ea1i: C\u1eaft ch\u1ea5t l\u01b0\u1ee3ng cao v\u1edbi l\u01b0\u1ee3ng ch\u1ea5t th\u1ea3i t\u1ed1i thi\u1ec3u #cuttingmachine\" width=\"500\" height=\"281\" src=\"https:\/\/www.youtube.com\/embed\/p-8tMS4vXDg?feature=oembed\" frameborder=\"0\" allow=\"accelerometer; autoplay; clipboard-write; encrypted-media; gyroscope; picture-in-picture; web-share\" referrerpolicy=\"strict-origin-when-cross-origin\" allowfullscreen><\/iframe> <\/div><\/figure>    <h2 class=\"wp-block-heading\">\u01afu \u0111i\u1ec3m c\u1ee7a m\u00e1y c\u1eaft rau c\u1ee7<\/h2>    <p>N\u00e2ng cao hi\u1ec7u qu\u1ea3 c\u1eaft rau: m\u00e1y c\u1eaft rau c\u00f3 th\u1ec3 c\u1eaft nguy\u00ean li\u1ec7u nhanh ch\u00f3ng v\u00e0 \u0111\u1ed3ng \u0111\u1ec1u, ti\u1ebft ki\u1ec7m chi ph\u00ed nh\u00e2n c\u00f4ng.<\/p>    <p>C\u1ea3i thi\u1ec7n \u0111\u1ed9 ch\u00ednh x\u00e1c c\u1ee7a vi\u1ec7c c\u1eaft rau: m\u00e1y c\u1eaft rau c\u00f3 th\u1ec3 c\u1eaft ra c\u00e1c nguy\u00ean li\u1ec7u c\u00f3 h\u00ecnh d\u1ea1ng \u0111\u1ed3ng \u0111\u1ec1u v\u00e0 nh\u1ea5t qu\u00e1n, \u0111\u1ed3ng th\u1eddi n\u00e2ng cao ch\u1ea5t l\u01b0\u1ee3ng m\u00f3n \u0103n.<\/p>    <p>Gi\u1ea3m b\u1edbt kh\u00f3 kh\u0103n khi c\u1eaft rau: M\u00e1y c\u1eaft rau d\u1ec5 v\u1eadn h\u00e0nh, kh\u00f4ng c\u1ea7n k\u1ef9 n\u0103ng n\u1ea5u n\u01b0\u1edbng chuy\u00ean nghi\u1ec7p, b\u1ea1n c\u00f3 th\u1ec3 d\u1ec5 d\u00e0ng c\u1eaft nhi\u1ec1u lo\u1ea1i nguy\u00ean li\u1ec7u.<\/p>    <h2 class=\"wp-block-heading\">Ph\u1ee5 ki\u1ec7n m\u00e1y th\u00e1i rau c\u1ee7<\/h2>    <p>T\u00ednh linh ho\u1ea1t c\u1ee7a m\u00e1y c\u1eaft rau c\u1ee7 l\u00e0 m\u1ed9t trong nh\u1eefng \u0111i\u1ec3m m\u1ea1nh c\u1ee7a n\u00f3. \u0110\u1ec3 c\u1eaft c\u00e1c h\u00ecnh d\u1ea1ng kh\u00e1c nhau, b\u1ea1n c\u1ea7n c\u00f3 c\u00e1c ph\u1ee5 ki\u1ec7n \u0111\u00ednh k\u00e8m kh\u00e1c nhau. C\u00f3 \u0111\u0129a c\u1eaft \u0111\u1ec3 c\u1eaft kh\u1ed1i, c\u1eaft nh\u1ecf, c\u1eaft l\u00e1t v\u00e0 c\u1eaft l\u01b0\u1ee3n s\u00f3ng. V\u00ec v\u1eady b\u1ea1n c\u00f3 th\u1ec3 \u0111\u1eb7t h\u00e0ng c\u00e1c ph\u1ee5 ki\u1ec7n ph\u00f9 h\u1ee3p \u0111i k\u00e8m v\u1edbi m\u00e1y. N\u1ebfu b\u1ea1n mua tr\u1ecdn b\u1ed9 ph\u1ee5 ki\u1ec7n, ch\u00fang t\u00f4i s\u1ebd \u0111\u01b0\u1ee3c gi\u1ea3m gi\u00e1 cho b\u1ea1n!<\/p>    <figure class=\"wp-block-gallery has-nested-images columns-2 is-cropped wp-block-gallery-3 is-layout-flex wp-block-gallery-is-layout-flex\"> <figure class=\"wp-block-image size-full\"><img loading=\"lazy\" decoding=\"async\" width=\"720\" height=\"540\" data-id=\"620\" src=\"https:\/\/topfoodmachine.com\/wp-content\/uploads\/2023\/09\/Standard-Slicer-1.webp\" alt=\"M\u00e1y th\u00e1i ti\u00eau chu\u1ea9n\" class=\"wp-image-620\" srcset=\"https:\/\/topfoodmachine.com\/wp-content\/uploads\/2023\/09\/Standard-Slicer-1.webp 720w, https:\/\/topfoodmachine.com\/wp-content\/uploads\/2023\/09\/Standard-Slicer-1-300x225.webp 300w\" sizes=\"auto, (max-width: 720px) 100vw, 720px\" \/><figcaption class=\"wp-element-caption\">M\u00e1y th\u00e1i ti\u00eau chu\u1ea9n<\/figcaption><\/figure>    <figure class=\"wp-block-image size-full\"><img loading=\"lazy\" decoding=\"async\" width=\"720\" height=\"540\" data-id=\"621\" src=\"https:\/\/topfoodmachine.com\/wp-content\/uploads\/2023\/09\/Special-Slicer-1.webp\" alt=\"M\u00e1y th\u00e1i \u0111\u1eb7c bi\u1ec7t\" class=\"wp-image-621\" srcset=\"https:\/\/topfoodmachine.com\/wp-content\/uploads\/2023\/09\/Special-Slicer-1.webp 720w, https:\/\/topfoodmachine.com\/wp-content\/uploads\/2023\/09\/Special-Slicer-1-300x225.webp 300w\" sizes=\"auto, (max-width: 720px) 100vw, 720px\" \/><figcaption class=\"wp-element-caption\">M\u00e1y th\u00e1i \u0111\u1eb7c bi\u1ec7t<\/figcaption><\/figure>    <figure class=\"wp-block-image size-full\"><img loading=\"lazy\" decoding=\"async\" width=\"720\" height=\"540\" data-id=\"622\" src=\"https:\/\/topfoodmachine.com\/wp-content\/uploads\/2023\/09\/Julienne-Slicer-1.webp\" alt=\"M\u00e1y th\u00e1i s\u1ee3i Julienne\" class=\"wp-image-622\" srcset=\"https:\/\/topfoodmachine.com\/wp-content\/uploads\/2023\/09\/Julienne-Slicer-1.webp 720w, https:\/\/topfoodmachine.com\/wp-content\/uploads\/2023\/09\/Julienne-Slicer-1-300x225.webp 300w\" sizes=\"auto, (max-width: 720px) 100vw, 720px\" \/><figcaption class=\"wp-element-caption\">M\u00e1y th\u00e1i s\u1ee3i Julienne<\/figcaption><\/figure>    <figure class=\"wp-block-image size-full\"><img loading=\"lazy\" decoding=\"async\" width=\"720\" height=\"540\" data-id=\"623\" src=\"https:\/\/topfoodmachine.com\/wp-content\/uploads\/2023\/09\/Dicing-Grid-1.webp\" alt=\"L\u01b0\u1edbi th\u00e1i h\u1ea1t l\u1ef1u\" class=\"wp-image-623\" srcset=\"https:\/\/topfoodmachine.com\/wp-content\/uploads\/2023\/09\/Dicing-Grid-1.webp 720w, https:\/\/topfoodmachine.com\/wp-content\/uploads\/2023\/09\/Dicing-Grid-1-300x225.webp 300w\" sizes=\"auto, (max-width: 720px) 100vw, 720px\" \/><figcaption class=\"wp-element-caption\">L\u01b0\u1edbi th\u00e1i h\u1ea1t l\u1ef1u<\/figcaption><\/figure> <\/figure>    <h2 class=\"wp-block-heading\">Th\u00f4ng s\u1ed1 c\u1ee7a m\u00e1y th\u00e1i rau c\u1ee7 \u0111i\u1ec7n<\/h2>    <figure class=\"wp-block-table\"><table><tbody><tr><td>V\u00f4n<\/td><td>220V, 50HZ<\/td><\/tr><tr><td>Quy\u1ec1n l\u1ef1c<\/td><td>0,75kw<\/td><\/tr><tr><td>K\u00edch c\u1ee1<\/td><td>600*500*900<\/td><\/tr><tr><td>C\u00e2n n\u1eb7ng<\/td><td>70kg<\/td><\/tr><tr><td>Dung t\u00edch<\/td><td>300-600kg\/gi\u1edd<\/td><\/tr><tr><td>Nh\u1eefng s\u1ea3n ph\u1ea9m ho\u00e0n ch\u1ec9nh<\/td><td>d\u1ea3i, h\u00ecnh kh\u1ed1i, l\u00e1t<\/td><\/tr><\/tbody><\/table><\/figure>    <p>Ngo\u00e0i ra, l\u01b0\u1ee1i c\u1eaft rau c\u1ee7 c\u1ee7a ch\u00fang t\u00f4i c\u00f3 th\u1ec3 \u0111\u01b0\u1ee3c t\u00f9y ch\u1ec9nh \u0111\u1ec3 \u0111\u00e1p \u1ee9ng c\u00e1c nhu c\u1ea7u kh\u00e1c nhau.<\/p>    <p>K\u00edch th\u01b0\u1edbc c\u1ee7a d\u1ea3i c\u00f3 th\u1ec3 t\u1eeb 2 \u0111\u1ebfn 5 mm.<\/p>    <p>K\u00edch th\u01b0\u1edbc c\u1ee7a c\u00e1c l\u00e1t c\u00f3 th\u1ec3 t\u1eeb 2 \u0111\u1ebfn 20 mm.<\/p>    <p>K\u00edch th\u01b0\u1edbc c\u1ee7a c\u00e1c h\u00ecnh kh\u1ed1i c\u00f3 th\u1ec3 l\u00e0 8,10,12,15,20 mm.<\/p>    <figure class=\"wp-block-image size-full\"><img loading=\"lazy\" decoding=\"async\" width=\"720\" height=\"540\" src=\"https:\/\/topfoodmachine.com\/wp-content\/uploads\/2023\/09\/Different-blades-for-vegetable-cutters-3.webp\" alt=\"C\u00e1c lo\u1ea1i l\u01b0\u1ee1i c\u1eaft rau c\u1ee7 kh\u00e1c nhau\" class=\"wp-image-624\" srcset=\"https:\/\/topfoodmachine.com\/wp-content\/uploads\/2023\/09\/Different-blades-for-vegetable-cutters-3.webp 720w, https:\/\/topfoodmachine.com\/wp-content\/uploads\/2023\/09\/Different-blades-for-vegetable-cutters-3-300x225.webp 300w\" sizes=\"auto, (max-width: 720px) 100vw, 720px\" \/><figcaption class=\"wp-element-caption\">C\u00e1c lo\u1ea1i l\u01b0\u1ee1i c\u1eaft rau c\u1ee7 kh\u00e1c nhau<\/figcaption><\/figure>    <h2 class=\"wp-block-heading\">Nh\u1eefng l\u01b0u \u00fd khi s\u1eed d\u1ee5ng m\u00e1y c\u1eaft rau c\u1ee7 \u0111i\u1ec7n<\/h2>    <ol class=\"wp-block-list\"> <li>Ch\u00fa \u00fd \u0111\u1ebfn \u0111\u01b0\u1eddng k\u00ednh t\u1ed1i \u0111a c\u1ee7a th\u1ef1c ph\u1ea9m \u0111\u1ec3 tr\u00e1nh t\u00ecnh tr\u1ea1ng c\u1eaft b\u1ecb h\u1ecfng do th\u1ef1c ph\u1ea9m qu\u00e1 l\u1edbn.<\/li>    <li>Trong qu\u00e1 tr\u00ecnh s\u1eed d\u1ee5ng c\u1ea7n ch\u00fa \u00fd kh\u00f4ng \u0111\u1ec3 tay ti\u1ebfp x\u00fac v\u1edbi l\u01b0\u1ee1i dao.<\/li>    <li>T\u1ed1c \u0111\u1ed9 c\u1eaft c\u1ee7a l\u01b0\u1ee1i dao kh\u00f4ng n\u00ean \u0111i\u1ec1u ch\u1ec9nh qu\u00e1 nhanh \u0111\u1ec3 \u0111\u1ea3m b\u1ea3o t\u00ednh nguy\u00ean v\u1eb9n v\u00e0 t\u1ef7 l\u1ec7 th\u00e0nh c\u00f4ng c\u1ee7a nguy\u00ean li\u1ec7u.<\/li>    <li>Sau khi c\u1eaft th\u1ef1c ph\u1ea9m, m\u00e1y c\u1ea7n \u0111\u01b0\u1ee3c v\u1ec7 sinh k\u1ecbp th\u1eddi.<\/li> <\/ol>    <h2 class=\"wp-block-heading\">V\u00ec sao n\u00ean ch\u1ecdn m\u00e1y th\u00e1i rau c\u1ee7 c\u1ee7a Taizy?<\/h2>    <p>M\u00e1y c\u1eaft rau n\u00e0y l\u00e0 m\u00e1y b\u00e1n ch\u1ea1y nh\u1ea5t c\u1ee7a c\u00f4ng ty ch\u00fang t\u00f4i, \u0111\u01b0\u1ee3c xu\u1ea5t kh\u1ea9u sang Ghana, Congo, Ethiopia, Namibia, Morocco v\u00e0 c\u00e1c qu\u1ed1c gia kh\u00e1c. Do \u0111\u00f3, ch\u00fang t\u00f4i c\u00f3 m\u1ed9t l\u01b0\u1ee3ng h\u00e0ng t\u1ed3n kho \u0111\u00e1ng k\u1ec3 v\u00e0 giao h\u00e0ng nhanh \u0111\u1ec3 tr\u00e1nh b\u1ea1n ph\u1ea3i ch\u1edd \u0111\u1ee3i qu\u00e1 l\u00e2u! N\u1ebfu b\u1ea1n c\u1ea7n \u0111\u1eb7t h\u00e0ng s\u1ed1 l\u01b0\u1ee3ng l\u1edbn ho\u1eb7c h\u1ee3p t\u00e1c l\u00e2u d\u00e0i v\u1edbi ch\u00fang t\u00f4i, ch\u00fang t\u00f4i s\u1ebd c\u00f3 nh\u1eefng \u01b0u \u0111\u00e3i h\u1ea5p d\u1eabn cho b\u1ea1n.<\/p>    <figure class=\"wp-block-image size-full\"><img loading=\"lazy\" decoding=\"async\" width=\"720\" height=\"540\" src=\"https:\/\/topfoodmachine.com\/wp-content\/uploads\/2023\/09\/The-Vegetable-Cutter-in-the-Warehouse-3.webp\" alt=\"M\u00e1y c\u1eaft rau trong nh\u00e0 kho\" class=\"wp-image-625\" srcset=\"https:\/\/topfoodmachine.com\/wp-content\/uploads\/2023\/09\/The-Vegetable-Cutter-in-the-Warehouse-3.webp 720w, https:\/\/topfoodmachine.com\/wp-content\/uploads\/2023\/09\/The-Vegetable-Cutter-in-the-Warehouse-3-300x225.webp 300w\" sizes=\"auto, (max-width: 720px) 100vw, 720px\" \/><figcaption class=\"wp-element-caption\">M\u00e1y c\u1eaft rau trong nh\u00e0 kho<\/figcaption><\/figure>","protected":false},"excerpt":{"rendered":"<p>M\u00e1y c\u1eaft rau c\u1ee7 l\u00e0 m\u1ed9t thi\u1ebft b\u1ecb nh\u00e0 b\u1ebfp d\u00f9ng \u0111\u1ec3 c\u1eaft rau, tr\u00e1i c\u00e2y v\u00e0 c\u00e1c nguy\u00ean li\u1ec7u kh\u00e1c. <\/p>","protected":false},"author":1,"featured_media":612,"parent":0,"template":"","tags":[],"product-type":[3],"class_list":["post-525","product","type-product","status-publish","has-post-thumbnail","hentry","product-type-fruit-vegetable-processing-machine"],"_links":{"self":[{"href":"https:\/\/topfoodmachine.com\/vi\/wp-json\/wp\/v2\/product\/525","targetHints":{"allow":["GET"]}}],"collection":[{"href":"https:\/\/topfoodmachine.com\/vi\/wp-json\/wp\/v2\/product"}],"about":[{"href":"https:\/\/topfoodmachine.com\/vi\/wp-json\/wp\/v2\/types\/product"}],"author":[{"embeddable":true,"href":"https:\/\/topfoodmachine.com\/vi\/wp-json\/wp\/v2\/users\/1"}],"wp:featuredmedia":[{"embeddable":true,"href":"https:\/\/topfoodmachine.com\/vi\/wp-json\/wp\/v2\/media\/612"}],"wp:attachment":[{"href":"https:\/\/topfoodmachine.com\/vi\/wp-json\/wp\/v2\/media?parent=525"}],"wp:term":[{"taxonomy":"post_tag","embeddable":true,"href":"https:\/\/topfoodmachine.com\/vi\/wp-json\/wp\/v2\/tags?post=525"},{"taxonomy":"product-type","embeddable":true,"href":"https:\/\/topfoodmachine.com\/vi\/wp-json\/wp\/v2\/product-type?post=525"}],"curies":[{"name":"wp","href":"https:\/\/api.w.org\/{rel}","templated":true}]}}