{"id":505,"date":"2023-09-21T14:58:15","date_gmt":"2023-09-21T06:58:15","guid":{"rendered":"https:\/\/topfoodmachine.com\/?post_type=product&#038;p=505"},"modified":"2023-09-21T14:58:16","modified_gmt":"2023-09-21T06:58:16","slug":"banana-slicer-machine","status":"publish","type":"product","link":"https:\/\/topfoodmachine.com\/vi\/product\/banana-slicer-machine\/","title":{"rendered":"M\u00e1y c\u1eaft chu\u1ed1i"},"content":{"rendered":"<div class=\"kk-star-ratings kksr-auto kksr-align-left kksr-valign-top\"     data-payload='{&quot;align&quot;:&quot;left&quot;,&quot;id&quot;:&quot;505&quot;,&quot;slug&quot;:&quot;default&quot;,&quot;valign&quot;:&quot;top&quot;,&quot;ignore&quot;:&quot;&quot;,&quot;reference&quot;:&quot;auto&quot;,&quot;class&quot;:&quot;&quot;,&quot;count&quot;:&quot;24&quot;,&quot;legendonly&quot;:&quot;&quot;,&quot;readonly&quot;:&quot;&quot;,&quot;score&quot;:&quot;4.8&quot;,&quot;starsonly&quot;:&quot;&quot;,&quot;best&quot;:&quot;5&quot;,&quot;gap&quot;:&quot;5&quot;,&quot;greet&quot;:&quot;Rate this product&quot;,&quot;legend&quot;:&quot;4.8\\\/5 - (24 b\u00ecnh ch\u1ecdn)&quot;,&quot;size&quot;:&quot;24&quot;,&quot;title&quot;:&quot;Banana Slicer Machine&quot;,&quot;width&quot;:&quot;136.7&quot;,&quot;_legend&quot;:&quot;{score}\\\/{best} - ({count} {votes})&quot;,&quot;font_factor&quot;:&quot;1.25&quot;}'>              <div class=\"kksr-stars\">      <div class=\"kksr-stars-inactive\">             <div class=\"kksr-star\" data-star=\"1\" style=\"padding-right: 5px\">               <div class=\"kksr-icon\" style=\"width: 24px; height: 24px;\"><\/div>         <\/div>             <div class=\"kksr-star\" data-star=\"2\" style=\"padding-right: 5px\">               <div class=\"kksr-icon\" style=\"width: 24px; height: 24px;\"><\/div>         <\/div>             <div class=\"kksr-star\" data-star=\"3\" style=\"padding-right: 5px\">               <div class=\"kksr-icon\" style=\"width: 24px; height: 24px;\"><\/div>         <\/div>             <div class=\"kksr-star\" data-star=\"4\" style=\"padding-right: 5px\">               <div class=\"kksr-icon\" style=\"width: 24px; height: 24px;\"><\/div>         <\/div>             <div class=\"kksr-star\" data-star=\"5\" style=\"padding-right: 5px\">               <div class=\"kksr-icon\" style=\"width: 24px; height: 24px;\"><\/div>         <\/div>     <\/div>      <div class=\"kksr-stars-active\" style=\"width: 136.7px;\">             <div class=\"kksr-star\" style=\"padding-right: 5px\">               <div class=\"kksr-icon\" style=\"width: 24px; height: 24px;\"><\/div>         <\/div>             <div class=\"kksr-star\" style=\"padding-right: 5px\">               <div class=\"kksr-icon\" style=\"width: 24px; height: 24px;\"><\/div>         <\/div>             <div class=\"kksr-star\" style=\"padding-right: 5px\">               <div class=\"kksr-icon\" style=\"width: 24px; height: 24px;\"><\/div>         <\/div>             <div class=\"kksr-star\" style=\"padding-right: 5px\">               <div class=\"kksr-icon\" style=\"width: 24px; height: 24px;\"><\/div>         <\/div>             <div class=\"kksr-star\" style=\"padding-right: 5px\">               <div class=\"kksr-icon\" style=\"width: 24px; height: 24px;\"><\/div>         <\/div>     <\/div> <\/div>                   <div class=\"kksr-legend\" style=\"font-size: 19.2px;\">             4.8\/5 - (24 l\u01b0\u1ee3t b\u00ecnh ch\u1ecdn)    <\/div>     <\/div>  <p>M\u00e1y th\u00e1i chu\u1ed1i l\u00e0 thi\u1ebft b\u1ecb gi\u00fap c\u1eaft chu\u1ed1i th\u00e0nh t\u1eebng l\u00e1t m\u1ed9t c\u00e1ch nhanh ch\u00f3ng v\u00e0 d\u1ec5 d\u00e0ng. M\u00e1y th\u00e1i chu\u1ed1i bao g\u1ed3m m\u1ed9t l\u01b0\u1ee1i dao, m\u1ed9t \u0111\u1ed9ng c\u01a1 v\u00e0 m\u1ed9t th\u00f9ng ch\u1ee9a n\u00ean ph\u00f9 h\u1ee3p v\u1edbi nh\u1eefng c\u0103n b\u1ebfp c\u1ea7n c\u1eaft chu\u1ed1i s\u1ed1 l\u01b0\u1ee3ng l\u1edbn nh\u01b0 nh\u00e0 h\u00e0ng, kh\u00e1ch s\u1ea1n. N\u00f3 c\u00f3 nhi\u1ec1u c\u1ed5ng c\u1ea5p li\u1ec7u c\u00f3 \u0111\u01b0\u1eddng k\u00ednh kh\u00e1c nhau, v\u00ec v\u1eady b\u1ea1n c\u00f3 th\u1ec3 ch\u1ecdn s\u1eed d\u1ee5ng ch\u00fang t\u00f9y theo k\u00edch c\u1ee1 kh\u00e1c nhau c\u1ee7a nguy\u00ean li\u1ec7u.<\/p>    <p>Ngay c\u1ea3 nh\u1eefng \u0111\u1ea7u b\u1ebfp thi\u1ebfu kinh nghi\u1ec7m c\u0169ng c\u00f3 th\u1ec3 s\u1eed d\u1ee5ng c\u00f4ng c\u1ee5 \u0111\u01b0\u1ee3c nhi\u1ec1u ng\u01b0\u1eddi y\u00eau th\u00edch n\u00e0y m\u1ed9t c\u00e1ch an to\u00e0n cho m\u00f3n \u0103n nh\u1eb9 ho\u1eb7c salad tr\u00e1i c\u00e2y. N\u00f3 nhanh ch\u00f3ng c\u1eaft chu\u1ed1i c\u1ee9ng th\u00e0nh nh\u1eefng l\u00e1t ho\u00e0n h\u1ea3o. L\u00fd t\u01b0\u1edfng l\u00e0m l\u1edbp ph\u1ee7 cho ng\u0169 c\u1ed1c ho\u1eb7c b\u00e1nh m\u00ec sandwich, ho\u1eb7c l\u00e1t chu\u1ed1i kh\u00f4 trong m\u00e1y kh\u1eed n\u01b0\u1edbc th\u1ef1c ph\u1ea9m \u0111\u1ec3 l\u00e0m m\u00f3n chu\u1ed1i chi\u00ean th\u01a1m ngon t\u1ea1i nh\u00e0!<\/p>    <h2 class=\"wp-block-heading\">C\u00e1c m\u1eabu m\u00e1y th\u00e1i th\u1ecbt kh\u00e1c nhau<\/h2>    <p>Ch\u00fang t\u00f4i c\u00f3 hai lo\u1ea1i m\u00e1y th\u00e1i l\u00e1t cho b\u1ea1n l\u1ef1a ch\u1ecdn. M\u1eabu \u0111\u1ea7u ti\u00ean l\u00e0 m\u00e1y c\u00f3 th\u1ec3 c\u1eaft nguy\u00ean li\u1ec7u th\u00e0nh h\u00ecnh tr\u00f2n v\u00e0 c\u00f3 th\u1ec3 d\u00f9ng \u0111\u1ec3 c\u1eaft c\u00e1c nguy\u00ean li\u1ec7u kh\u00e1c ngo\u00e0i chu\u1ed1i nh\u01b0 b\u01b0\u1edfi, kiwi, cam, thanh long, chanh, v.v.<\/p>    <figure class=\"wp-block-gallery has-nested-images columns-default is-cropped wp-block-gallery-2 is-layout-flex wp-block-gallery-is-layout-flex\"> <figure class=\"wp-block-image size-large\"><img loading=\"lazy\" decoding=\"async\" width=\"720\" height=\"540\" data-id=\"522\" src=\"https:\/\/topfoodmachine.com\/wp-content\/uploads\/2023\/09\/Banana-Slicer-2.webp\" alt=\"\" class=\"wp-image-522\" srcset=\"https:\/\/topfoodmachine.com\/wp-content\/uploads\/2023\/09\/Banana-Slicer-2.webp 720w, https:\/\/topfoodmachine.com\/wp-content\/uploads\/2023\/09\/Banana-Slicer-2-300x225.webp 300w\" sizes=\"auto, (max-width: 720px) 100vw, 720px\" \/><figcaption class=\"wp-element-caption\">M\u00e1y th\u00e1i chu\u1ed1i<\/figcaption><\/figure>    <figure class=\"wp-block-image size-large\"><img loading=\"lazy\" decoding=\"async\" width=\"720\" height=\"540\" data-id=\"521\" src=\"https:\/\/topfoodmachine.com\/wp-content\/uploads\/2023\/09\/Banana-Slicer-Feeder-2.webp\" alt=\"\" class=\"wp-image-521\" srcset=\"https:\/\/topfoodmachine.com\/wp-content\/uploads\/2023\/09\/Banana-Slicer-Feeder-2.webp 720w, https:\/\/topfoodmachine.com\/wp-content\/uploads\/2023\/09\/Banana-Slicer-Feeder-2-300x225.webp 300w\" sizes=\"auto, (max-width: 720px) 100vw, 720px\" \/><figcaption class=\"wp-element-caption\">M\u00e1y th\u00e1i chu\u1ed1i<\/figcaption><\/figure>    <figure class=\"wp-block-image size-large\"><img loading=\"lazy\" decoding=\"async\" width=\"720\" height=\"540\" data-id=\"520\" src=\"https:\/\/topfoodmachine.com\/wp-content\/uploads\/2023\/09\/Banana-Slicer-Blade-2.webp\" alt=\"\" class=\"wp-image-520\" srcset=\"https:\/\/topfoodmachine.com\/wp-content\/uploads\/2023\/09\/Banana-Slicer-Blade-2.webp 720w, https:\/\/topfoodmachine.com\/wp-content\/uploads\/2023\/09\/Banana-Slicer-Blade-2-300x225.webp 300w\" sizes=\"auto, (max-width: 720px) 100vw, 720px\" \/><figcaption class=\"wp-element-caption\">L\u01b0\u1ee1i c\u1eaft chu\u1ed1i<\/figcaption><\/figure> <\/figure>    <figure class=\"wp-block-gallery has-nested-images columns-default is-cropped wp-block-gallery-3 is-layout-flex wp-block-gallery-is-layout-flex\"> <figure class=\"wp-block-image size-large\"><img loading=\"lazy\" decoding=\"async\" width=\"720\" height=\"540\" data-id=\"512\" src=\"https:\/\/topfoodmachine.com\/wp-content\/uploads\/2023\/09\/Fried-Banana-Chips.webp\" alt=\"\" class=\"wp-image-512\" srcset=\"https:\/\/topfoodmachine.com\/wp-content\/uploads\/2023\/09\/Fried-Banana-Chips.webp 720w, https:\/\/topfoodmachine.com\/wp-content\/uploads\/2023\/09\/Fried-Banana-Chips-300x225.webp 300w\" sizes=\"auto, (max-width: 720px) 100vw, 720px\" \/><figcaption class=\"wp-element-caption\">Khoai t\u00e2y chi\u00ean chu\u1ed1i<\/figcaption><\/figure>    <figure class=\"wp-block-image size-large\"><img loading=\"lazy\" decoding=\"async\" width=\"720\" height=\"540\" data-id=\"513\" src=\"https:\/\/topfoodmachine.com\/wp-content\/uploads\/2023\/09\/Other-Raw-Materials.webp\" alt=\"\" class=\"wp-image-513\" srcset=\"https:\/\/topfoodmachine.com\/wp-content\/uploads\/2023\/09\/Other-Raw-Materials.webp 720w, https:\/\/topfoodmachine.com\/wp-content\/uploads\/2023\/09\/Other-Raw-Materials-300x225.webp 300w\" sizes=\"auto, (max-width: 720px) 100vw, 720px\" \/><figcaption class=\"wp-element-caption\">Nguy\u00ean li\u1ec7u th\u00f4 kh\u00e1c<\/figcaption><\/figure> <\/figure>    <p>M\u1eabu th\u1ee9 hai l\u00e0 m\u00e1y c\u1eaft nguy\u00ean li\u1ec7u th\u00e0nh d\u1ea3i d\u1ecdc v\u00e0 c\u0169ng c\u00f3 th\u1ec3 \u0111\u01b0\u1ee3c s\u1eed d\u1ee5ng \u0111\u1ec3 ch\u1ebf bi\u1ebfn c\u00e1c th\u1ef1c ph\u1ea9m c\u00f3 ngu\u1ed3n g\u1ed1c th\u1ef1c v\u1eadt, ch\u1eb3ng h\u1ea1n nh\u01b0 g\u1eebng.<\/p>    <p>N\u00f3 c\u00f3 \u0111\u1ea7u v\u00e0o c\u1ea5p li\u1ec7u c\u00f3 \u0111\u01b0\u1eddng k\u00ednh r\u1ed9ng cho nhi\u1ec1u lo\u1ea1i nguy\u00ean li\u1ec7u b\u1ea1n mu\u1ed1n ch\u1ebf bi\u1ebfn.<\/p>    <figure class=\"wp-block-gallery has-nested-images columns-default is-cropped wp-block-gallery-4 is-layout-flex wp-block-gallery-is-layout-flex\"> <figure class=\"wp-block-image size-large\"><img loading=\"lazy\" decoding=\"async\" width=\"720\" height=\"540\" data-id=\"523\" src=\"https:\/\/topfoodmachine.com\/wp-content\/uploads\/2023\/09\/Automatic-Banana-Chips-Slicing-Machine-for-Sale-1.webp\" alt=\"\" class=\"wp-image-523\" srcset=\"https:\/\/topfoodmachine.com\/wp-content\/uploads\/2023\/09\/Automatic-Banana-Chips-Slicing-Machine-for-Sale-1.webp 720w, https:\/\/topfoodmachine.com\/wp-content\/uploads\/2023\/09\/Automatic-Banana-Chips-Slicing-Machine-for-Sale-1-300x225.webp 300w\" sizes=\"auto, (max-width: 720px) 100vw, 720px\" \/><figcaption class=\"wp-element-caption\">C\u1ea7n b\u00e1n m\u00e1y c\u1eaft l\u00e1t chu\u1ed1i t\u1ef1 \u0111\u1ed9ng<\/figcaption><\/figure>    <figure class=\"wp-block-image size-large\"><img loading=\"lazy\" decoding=\"async\" width=\"720\" height=\"540\" data-id=\"524\" src=\"https:\/\/topfoodmachine.com\/wp-content\/uploads\/2023\/09\/Banana-Slicer-Machine-1.webp\" alt=\"\" class=\"wp-image-524\" srcset=\"https:\/\/topfoodmachine.com\/wp-content\/uploads\/2023\/09\/Banana-Slicer-Machine-1.webp 720w, https:\/\/topfoodmachine.com\/wp-content\/uploads\/2023\/09\/Banana-Slicer-Machine-1-300x225.webp 300w\" sizes=\"auto, (max-width: 720px) 100vw, 720px\" \/><figcaption class=\"wp-element-caption\">M\u00e1y c\u1eaft chu\u1ed1i<\/figcaption><\/figure> <\/figure>    <figure class=\"wp-block-gallery has-nested-images columns-default is-cropped wp-block-gallery-5 is-layout-flex wp-block-gallery-is-layout-flex\"> <figure class=\"wp-block-image size-large\"><img loading=\"lazy\" decoding=\"async\" width=\"720\" height=\"540\" data-id=\"514\" src=\"https:\/\/topfoodmachine.com\/wp-content\/uploads\/2023\/09\/Fried-Banana-Slices.webp\" alt=\"\" class=\"wp-image-514\" srcset=\"https:\/\/topfoodmachine.com\/wp-content\/uploads\/2023\/09\/Fried-Banana-Slices.webp 720w, https:\/\/topfoodmachine.com\/wp-content\/uploads\/2023\/09\/Fried-Banana-Slices-300x225.webp 300w\" sizes=\"auto, (max-width: 720px) 100vw, 720px\" \/><figcaption class=\"wp-element-caption\">L\u00e1t Chu\u1ed1i Chi\u00ean<\/figcaption><\/figure>    <figure class=\"wp-block-image size-large\"><img loading=\"lazy\" decoding=\"async\" width=\"720\" height=\"540\" data-id=\"515\" src=\"https:\/\/topfoodmachine.com\/wp-content\/uploads\/2023\/09\/Ginger-Slices.webp\" alt=\"\" class=\"wp-image-515\" srcset=\"https:\/\/topfoodmachine.com\/wp-content\/uploads\/2023\/09\/Ginger-Slices.webp 720w, https:\/\/topfoodmachine.com\/wp-content\/uploads\/2023\/09\/Ginger-Slices-300x225.webp 300w\" sizes=\"auto, (max-width: 720px) 100vw, 720px\" \/><figcaption class=\"wp-element-caption\">l\u00e1t g\u1eebng<\/figcaption><\/figure> <\/figure>    <h2 class=\"wp-block-heading\">L\u1ef1a ch\u1ecdn nguy\u00ean li\u1ec7u nh\u01b0 th\u1ebf n\u00e0o?<\/h2>    <p>Khi l\u1ef1a ch\u1ecdn nguy\u00ean li\u1ec7u, \u0111i\u1ec1u c\u1ea7n l\u01b0u \u00fd l\u00e0 b\u1ea1n n\u00ean ch\u1ecdn chu\u1ed1i xanh thay v\u00ec chu\u1ed1i v\u00e0ng \u0111\u00e3 ch\u00edn.<\/p>    <p>V\u00ec ch\u1ea5t li\u1ec7u c\u1ee7a m\u00e1y th\u00e1i chu\u1ed1i c\u1ee7a ch\u00fang t\u00f4i l\u00e0 inox 304 t\u01b0\u01a1ng \u0111\u1ed1i c\u1ee9ng n\u00ean kh\u00f4ng d\u1ec5 b\u1ecb t\u1ea1o h\u00ecnh trong qu\u00e1 tr\u00ecnh ch\u1ebf bi\u1ebfn khi l\u1ef1a ch\u1ecdn nguy\u00ean li\u1ec7u m\u1ec1m h\u01a1n.<\/p>    <figure class=\"wp-block-image size-full\"><img loading=\"lazy\" decoding=\"async\" width=\"720\" height=\"540\" src=\"https:\/\/topfoodmachine.com\/wp-content\/uploads\/2023\/09\/Banana-Selection.webp\" alt=\"L\u1ef1a ch\u1ecdn chu\u1ed1i\" class=\"wp-image-516\" srcset=\"https:\/\/topfoodmachine.com\/wp-content\/uploads\/2023\/09\/Banana-Selection.webp 720w, https:\/\/topfoodmachine.com\/wp-content\/uploads\/2023\/09\/Banana-Selection-300x225.webp 300w\" sizes=\"auto, (max-width: 720px) 100vw, 720px\" \/><figcaption class=\"wp-element-caption\">L\u1ef1a ch\u1ecdn chu\u1ed1i<\/figcaption><\/figure>    <h2 class=\"wp-block-heading\">\u01afu \u0111i\u1ec3m c\u1ee7a m\u00e1y th\u00e1i chu\u1ed1i inox<\/h2>    <ul class=\"wp-block-list\"> <li>Nguy\u00ean l\u00fd c\u1eaft ly t\u00e2m, b\u1ec1 m\u1eb7t c\u1eaft m\u1ecbn, kh\u00f4ng g\u00e2y t\u1ed5n th\u01b0\u01a1ng m\u00f4 c\u01a1 th\u1ec3, kh\u00f4ng \u1ea3nh h\u01b0\u1edfng \u0111\u1ebfn m\u00f9i v\u1ecb<\/li>    <li>N\u00f3 c\u00f3 th\u1ec3 c\u1eaft v\u00f4 s\u1ed1 m\u1ea3nh v\u00e0 l\u00e1t, v\u00e0 th\u00e0nh ph\u1ea9m c\u00f3 th\u1ec3 d\u00e0i b\u1eb1ng nguy\u00ean li\u1ec7u th\u00f4.<\/li>    <li>C\u00f3 thi\u1ebft b\u1ecb c\u1ea3m bi\u1ebfn h\u1ed3ng ngo\u1ea1i, s\u1ebd d\u1eebng ho\u1ea1t \u0111\u1ed9ng n\u1ebfu c\u1eeda b\u1ecb m\u1edf nh\u1ea7m trong qu\u00e1 tr\u00ecnh v\u1eadn h\u00e0nh.<\/li>    <li>To\u00e0n b\u1ed9 m\u00e1y \u0111\u01b0\u1ee3c s\u1ea3n xu\u1ea5t t\u1ea1i \u0110\u00e0i Loan, v\u1edbi ch\u1ea5t l\u01b0\u1ee3ng v\u00e0 gi\u00e1 c\u1ea3 tuy\u1ec7t v\u1eddi.<\/li> <\/ul>    <h2 class=\"wp-block-heading\">C\u00e1ch s\u1eed d\u1ee5ng m\u00e1y th\u00e1i chu\u1ed1i b\u1eb1ng \u0111i\u1ec7n\uff1f<\/h2>    <ol class=\"wp-block-list\"> <li>R\u1eeda v\u00e0 g\u1ecdt v\u1ecf chu\u1ed1i.<\/li>    <li>\u0110\u1eb7t chu\u1ed1i v\u00e0o th\u00f9ng ch\u1ee9a.<\/li>    <li>B\u1eadt ngu\u1ed3n, l\u01b0\u1ee1i dao s\u1ebd quay v\u00e0 c\u1eaft chu\u1ed1i th\u00e0nh t\u1eebng l\u00e1t.<\/li>    <li>Chu\u1ed1i c\u1eaft l\u00e1t s\u1ebd \u0111\u01b0\u1ee3c th\u1ea3i ra t\u1eeb \u0111\u1ea7u kia c\u1ee7a th\u00f9ng ch\u1ee9a.<\/li> <\/ol>    <h2 class=\"wp-block-heading\">B\u1ea3o tr\u00ec m\u00e1y th\u00e1i chu\u1ed1i<\/h2>    <p>L\u01b0\u1ee1i dao v\u00e0 h\u1ed9p \u0111\u1ef1ng c\u1ee7a m\u00e1y th\u00e1i chu\u1ed1i ch\u1ea1y \u0111i\u1ec7n c\u00f3 th\u1ec3 th\u00e1o r\u1eddi \u0111\u1ec3 d\u1ec5 d\u00e0ng v\u1ec7 sinh. Khi v\u1ec7 sinh, b\u1ea1n c\u00f3 th\u1ec3 s\u1eed d\u1ee5ng m\u00e1y r\u1eeda ch\u00e9n ho\u1eb7c r\u1eeda b\u1eb1ng tay.<\/p>    <h2 class=\"wp-block-heading\">Nh\u1eefng l\u01b0u \u00fd khi s\u1eed d\u1ee5ng m\u00e1y th\u00e1i chu\u1ed1i l\u00e0 g\u00ec?<\/h2>    <p>Vui l\u00f2ng \u0111\u1ecdc k\u1ef9 h\u01b0\u1edbng d\u1eabn tr\u01b0\u1edbc khi s\u1eed d\u1ee5ng.<br>Khi s\u1eed d\u1ee5ng h\u00e3y \u0111eo g\u0103ng tay \u0111\u1ec3 tr\u00e1nh b\u1ecb l\u01b0\u1ee1i dao c\u1eaft v\u00e0o.<br>Sau khi s\u1eed d\u1ee5ng, vui l\u00f2ng v\u1ec7 sinh k\u1ecbp th\u1eddi \u0111\u1ec3 tr\u00e1nh l\u01b0\u1ee1i dao b\u1ecb r\u1ec9 s\u00e9t.<\/p>    <h2 class=\"wp-block-heading\">M\u00e1y th\u00e1i chu\u1ed1i ph\u00f9 h\u1ee3p v\u1edbi ai?<\/h2>    <p>S\u1ea3n ph\u1ea9m n\u00e0y ch\u1ee7 y\u1ebfu ph\u00f9 h\u1ee3p v\u1edbi c\u00e1c nh\u00e0 m\u00e1y ch\u1ebf bi\u1ebfn th\u1ef1c ph\u1ea9m l\u1edbn, chu\u1ed7i si\u00eau th\u1ecb l\u1edbn v\u00e0 nh\u00e0 h\u00e0ng th\u1ee9c \u0103n nhanh. M\u00e1y m\u00f3c c\u1ee7a ch\u00fang t\u00f4i c\u00f3 k\u00edch th\u01b0\u1edbc nh\u1ecf nh\u01b0ng hi\u1ec7u su\u1ea5t m\u1ea1nh m\u1ebd v\u00e0 c\u00f3 th\u1ec3 \u0111\u00e1p \u1ee9ng nhu c\u1ea7u s\u1ea3n xu\u1ea5t v\u00e0 ch\u1ebf bi\u1ebfn h\u00e0ng lo\u1ea1t.<\/p>    <p>N\u1ebfu b\u1ea1n mua v\u1edbi s\u1ed1 l\u01b0\u1ee3ng l\u1edbn, ch\u00fang t\u00f4i c\u00f3 th\u1ec3 nh\u1eadn \u0111\u01b0\u1ee3c m\u1ee9c chi\u1ebft kh\u1ea5u l\u1edbn nh\u1ea5t cho b\u1ea1n, hoan ngh\u00eanh b\u1ea1n hi\u1ec3u r\u00f5 h\u01a1n v\u1ec1 s\u1ea3n ph\u1ea9m!<\/p>","protected":false},"excerpt":{"rendered":"<p>M\u00e1y th\u00e1i chu\u1ed1i l\u00e0 m\u1ed9t thi\u1ebft b\u1ecb nh\u00e0 b\u1ebfp gi\u00fap c\u1eaft chu\u1ed1i th\u00e0nh t\u1eebng l\u00e1t m\u1ed9t c\u00e1ch nhanh ch\u00f3ng v\u00e0 d\u1ec5 d\u00e0ng. M\u00e1y th\u00e1i chu\u1ed1i bao g\u1ed3m m\u1ed9t l\u01b0\u1ee1i dao, m\u1ed9t \u0111\u1ed9ng c\u01a1 v\u00e0 m\u1ed9t th\u00f9ng ch\u1ee9a n\u00ean r\u1ea5t ph\u00f9 h\u1ee3p cho nh\u00e0 b\u1ebfp.<\/p>","protected":false},"author":1,"featured_media":506,"parent":0,"template":"","tags":[],"product-type":[3],"class_list":["post-505","product","type-product","status-publish","has-post-thumbnail","hentry","product-type-fruit-vegetable-processing-machine"],"_links":{"self":[{"href":"https:\/\/topfoodmachine.com\/vi\/wp-json\/wp\/v2\/product\/505","targetHints":{"allow":["GET"]}}],"collection":[{"href":"https:\/\/topfoodmachine.com\/vi\/wp-json\/wp\/v2\/product"}],"about":[{"href":"https:\/\/topfoodmachine.com\/vi\/wp-json\/wp\/v2\/types\/product"}],"author":[{"embeddable":true,"href":"https:\/\/topfoodmachine.com\/vi\/wp-json\/wp\/v2\/users\/1"}],"wp:featuredmedia":[{"embeddable":true,"href":"https:\/\/topfoodmachine.com\/vi\/wp-json\/wp\/v2\/media\/506"}],"wp:attachment":[{"href":"https:\/\/topfoodmachine.com\/vi\/wp-json\/wp\/v2\/media?parent=505"}],"wp:term":[{"taxonomy":"post_tag","embeddable":true,"href":"https:\/\/topfoodmachine.com\/vi\/wp-json\/wp\/v2\/tags?post=505"},{"taxonomy":"product-type","embeddable":true,"href":"https:\/\/topfoodmachine.com\/vi\/wp-json\/wp\/v2\/product-type?post=505"}],"curies":[{"name":"wp","href":"https:\/\/api.w.org\/{rel}","templated":true}]}}