{"id":496,"date":"2023-09-19T18:38:17","date_gmt":"2023-09-19T10:38:17","guid":{"rendered":"https:\/\/topfoodmachine.com\/?post_type=product&#038;p=496"},"modified":"2023-10-10T16:11:33","modified_gmt":"2023-10-10T08:11:33","slug":"potato-slicer-machine","status":"publish","type":"product","link":"https:\/\/topfoodmachine.com\/vi\/product\/potato-slicer-machine\/","title":{"rendered":"M\u00e1y c\u1eaft khoai t\u00e2y"},"content":{"rendered":"<div class=\"kk-star-ratings kksr-auto kksr-align-left kksr-valign-top\"     data-payload='{&quot;align&quot;:&quot;left&quot;,&quot;id&quot;:&quot;496&quot;,&quot;slug&quot;:&quot;default&quot;,&quot;valign&quot;:&quot;top&quot;,&quot;ignore&quot;:&quot;&quot;,&quot;reference&quot;:&quot;auto&quot;,&quot;class&quot;:&quot;&quot;,&quot;count&quot;:&quot;24&quot;,&quot;legendonly&quot;:&quot;&quot;,&quot;readonly&quot;:&quot;&quot;,&quot;score&quot;:&quot;4.8&quot;,&quot;starsonly&quot;:&quot;&quot;,&quot;best&quot;:&quot;5&quot;,&quot;gap&quot;:&quot;5&quot;,&quot;greet&quot;:&quot;Rate this product&quot;,&quot;legend&quot;:&quot;4.8\\\/5 - (24 b\u00ecnh ch\u1ecdn)&quot;,&quot;size&quot;:&quot;24&quot;,&quot;title&quot;:&quot;Potato Slicer Machine&quot;,&quot;width&quot;:&quot;136.7&quot;,&quot;_legend&quot;:&quot;{score}\\\/{best} - ({count} {votes})&quot;,&quot;font_factor&quot;:&quot;1.25&quot;}'>              <div class=\"kksr-stars\">      <div class=\"kksr-stars-inactive\">             <div class=\"kksr-star\" data-star=\"1\" style=\"padding-right: 5px\">               <div class=\"kksr-icon\" style=\"width: 24px; height: 24px;\"><\/div>         <\/div>             <div class=\"kksr-star\" data-star=\"2\" style=\"padding-right: 5px\">               <div class=\"kksr-icon\" style=\"width: 24px; height: 24px;\"><\/div>         <\/div>             <div class=\"kksr-star\" data-star=\"3\" style=\"padding-right: 5px\">               <div class=\"kksr-icon\" style=\"width: 24px; height: 24px;\"><\/div>         <\/div>             <div class=\"kksr-star\" data-star=\"4\" style=\"padding-right: 5px\">               <div class=\"kksr-icon\" style=\"width: 24px; height: 24px;\"><\/div>         <\/div>             <div class=\"kksr-star\" data-star=\"5\" style=\"padding-right: 5px\">               <div class=\"kksr-icon\" style=\"width: 24px; height: 24px;\"><\/div>         <\/div>     <\/div>      <div class=\"kksr-stars-active\" style=\"width: 136.7px;\">             <div class=\"kksr-star\" style=\"padding-right: 5px\">               <div class=\"kksr-icon\" style=\"width: 24px; height: 24px;\"><\/div>         <\/div>             <div class=\"kksr-star\" style=\"padding-right: 5px\">               <div class=\"kksr-icon\" style=\"width: 24px; height: 24px;\"><\/div>         <\/div>             <div class=\"kksr-star\" style=\"padding-right: 5px\">               <div class=\"kksr-icon\" style=\"width: 24px; height: 24px;\"><\/div>         <\/div>             <div class=\"kksr-star\" style=\"padding-right: 5px\">               <div class=\"kksr-icon\" style=\"width: 24px; height: 24px;\"><\/div>         <\/div>             <div class=\"kksr-star\" style=\"padding-right: 5px\">               <div class=\"kksr-icon\" style=\"width: 24px; height: 24px;\"><\/div>         <\/div>     <\/div> <\/div>                   <div class=\"kksr-legend\" style=\"font-size: 19.2px;\">             4.8\/5 - (24 l\u01b0\u1ee3t b\u00ecnh ch\u1ecdn)    <\/div>     <\/div>  <p>M\u00e1y c\u1eaft khoai t\u00e2y\u00a0l\u00e0 m\u1ed9t thi\u1ebft b\u1ecb nh\u00e0 b\u1ebfp gi\u00fap c\u1eaft khoai t\u00e2y th\u00e0nh t\u1eebng d\u1ea3i m\u1ed9t c\u00e1ch nhanh ch\u00f3ng v\u00e0 d\u1ec5 d\u00e0ng v\u1edbi c\u00f9ng k\u00edch c\u1ee1. N\u00f3 c\u0169ng c\u00f3 th\u1ec3 c\u1eaft rau di\u1ebfp, khoai lang, c\u00e0 r\u1ed1t, v.v. N\u00f3 l\u00e0 m\u1ed9t chi\u1ebfc m\u00e1y l\u00fd t\u01b0\u1edfng \u0111\u1ec3 ch\u1ebf bi\u1ebfn khoai t\u00e2y chi\u00ean ki\u1ec3u Ph\u00e1p trong ng\u00e0nh c\u00f4ng nghi\u1ec7p th\u1ee9c \u0103n nhanh, \u0111\u01b0\u1ee3c s\u1eed d\u1ee5ng r\u1ed9ng r\u00e3i trong c\u00e1c c\u1eeda h\u00e0ng cung c\u1ea5p d\u1ecbch v\u1ee5 \u0103n u\u1ed1ng quy m\u00f4 l\u1edbn, c\u00f4ng nghi\u1ec7p s\u1ea3n xu\u1ea5t ch\u1ebf bi\u1ebfn th\u1ef1c ph\u1ea9m v\u00e0 si\u00eau th\u1ecb quy m\u00f4 l\u1edbn, c\u00f3 th\u1ec3 ti\u1ebft ki\u1ec7m th\u1eddi gian v\u00e0 n\u0103ng l\u01b0\u1ee3ng cho ng\u01b0\u1eddi n\u1ea5u n\u01b0\u1edbng, t\u1eeb \u0111\u00f3 n\u00e2ng cao hi\u1ec7u qu\u1ea3.<\/p>    <p>N\u00f3 \u0111\u01b0\u1ee3c l\u00e0m b\u1eb1ng th\u00e9p kh\u00f4ng g\u1ec9 304, kh\u00f4ng b\u1ecb r\u1ec9 s\u00e9t v\u00e0 d\u1ec5 lau ch\u00f9i, ti\u1ec7n l\u1ee3i v\u00e0 d\u1ec5 s\u1eed d\u1ee5ng. Lo\u1ea1i m\u00e1y n\u00e0y \u0111\u01b0\u1ee3c xu\u1ea5t kh\u1ea9u r\u1ed9ng r\u00e3i sang \u00dac, Nh\u1eadt B\u1ea3n, Singapore, Hoa K\u1ef3, Nigeria, Kenya v\u00e0 c\u00e1c n\u01b0\u1edbc kh\u00e1c. H\u01a1n th\u1ebf n\u1eefa, s\u1ebd c\u00f3 nh\u1eefng \u01b0u \u0111\u00e3i gi\u1ea3m gi\u00e1 trong c\u00e1c d\u1ecbp l\u1ec5 l\u1edbn nh\u01b0 T\u1ebft Nguy\u00ean \u0111\u00e1n, Gi\u00e1ng sinh, v.v. Ch\u00fang t\u00f4i s\u1ebd lu\u00f4n ch\u00e0o \u0111\u00f3n li\u00ean h\u1ec7 th\u00eam c\u1ee7a b\u1ea1n.<\/p>    <h2 class=\"wp-block-heading\">\u1ee8ng d\u1ee5ng c\u1ee7a m\u00e1y c\u1eaft l\u00e1t khoai t\u00e2y<\/h2>    <p>Ngo\u00e0i khoai t\u00e2y, chi\u1ebfc m\u00e1y n\u00e0y c\u00f2n ph\u00f9 h\u1ee3p v\u1edbi c\u00e1c nguy\u00ean li\u1ec7u th\u00f4 kh\u00e1c nh\u01b0 khoai lang, c\u00e0 r\u1ed1t, d\u01b0a chu\u1ed9t, v.v.<\/p>    <figure class=\"wp-block-gallery has-nested-images columns-default is-cropped wp-block-gallery-2 is-layout-flex wp-block-gallery-is-layout-flex\"> <figure class=\"wp-block-image size-large\"><img loading=\"lazy\" decoding=\"async\" width=\"720\" height=\"540\" data-id=\"500\" src=\"https:\/\/topfoodmachine.com\/wp-content\/uploads\/2023\/09\/Potato-Slices-1.webp\" alt=\"\" class=\"wp-image-500\" srcset=\"https:\/\/topfoodmachine.com\/wp-content\/uploads\/2023\/09\/Potato-Slices-1.webp 720w, https:\/\/topfoodmachine.com\/wp-content\/uploads\/2023\/09\/Potato-Slices-1-300x225.webp 300w\" sizes=\"auto, (max-width: 720px) 100vw, 720px\" \/><figcaption class=\"wp-element-caption\">l\u00e1t khoai t\u00e2y<\/figcaption><\/figure>    <figure class=\"wp-block-image size-large\"><img loading=\"lazy\" decoding=\"async\" width=\"720\" height=\"540\" data-id=\"499\" src=\"https:\/\/topfoodmachine.com\/wp-content\/uploads\/2023\/09\/Other-Vegetable-Slices.webp\" alt=\"\" class=\"wp-image-499\" srcset=\"https:\/\/topfoodmachine.com\/wp-content\/uploads\/2023\/09\/Other-Vegetable-Slices.webp 720w, https:\/\/topfoodmachine.com\/wp-content\/uploads\/2023\/09\/Other-Vegetable-Slices-300x225.webp 300w\" sizes=\"auto, (max-width: 720px) 100vw, 720px\" \/><figcaption class=\"wp-element-caption\">C\u00e1c l\u00e1t rau kh\u00e1c<\/figcaption><\/figure> <\/figure>    <h2 class=\"wp-block-heading\">C\u1ea5u t\u1ea1o c\u1ee7a m\u00e1y c\u1eaft l\u00e1t khoai t\u00e2y t\u1ef1 \u0111\u1ed9ng<\/h2>    <ul class=\"wp-block-list\"> <li>L\u01b0\u1ee1i dao: B\u1ed9 ph\u1eadn c\u1ed1t l\u00f5i c\u1ee7a m\u00e1y c\u1eaft khoai t\u00e2y ch\u1ea1y \u0111i\u1ec7n, d\u00f9ng \u0111\u1ec3 c\u1eaft khoai t\u00e2y. C\u00e1c l\u01b0\u1ee1i dao \u0111\u01b0\u1ee3c l\u00e0m b\u1eb1ng th\u00e9p kh\u00f4ng g\u1ec9 v\u00e0 c\u00f3 th\u1ec3 thay th\u1ebf khi c\u1ea7n thi\u1ebft \u0111\u1ec3 c\u1eaft c\u00e1c d\u1ea3i khoai t\u00e2y c\u00f3 \u0111\u1ed9 d\u00e0y kh\u00e1c nhau.<\/li>    <li>\u0110\u1ed9ng c\u01a1: ngu\u1ed3n \u0111i\u1ec7n c\u1ee7a m\u00e1y c\u1eaft khoai t\u00e2y ch\u1ea1y \u0111i\u1ec7n. \u0110\u1ed9ng c\u01a1 \u0111\u01b0\u1ee3c \u0111\u1eb7t \u1edf d\u01b0\u1edbi c\u00f9ng c\u1ee7a m\u00e1y v\u00e0 quay c\u00e1c c\u00e1nh qu\u1ea1t th\u00f4ng qua b\u1ed9 truy\u1ec1n \u0111\u1ed9ng.<\/li>    <li>C\u1ed5ng n\u1ea1p: Khoai t\u00e2y v\u00e0o th\u00f9ng ch\u1ee9a th\u00f4ng qua l\u1ed7 n\u1ea1p. C\u1eeda v\u00e0o n\u1eb1m \u1edf b\u00ean c\u1ea1nh th\u00f9ng ch\u1ee9a.<\/li>    <li>Thi\u1ebft b\u1ecb an to\u00e0n: Ng\u0103n ch\u1eb7n c\u00e1c m\u1ed1i nguy hi\u1ec3m ti\u1ec1m \u1ea9n do v\u1eadn h\u00e0nh kh\u00f4ng \u0111\u00fang c\u00e1ch.<\/li> <\/ul>    <figure class=\"wp-block-gallery has-nested-images columns-default is-cropped wp-block-gallery-3 is-layout-flex wp-block-gallery-is-layout-flex\"> <figure class=\"wp-block-image size-large\"><img loading=\"lazy\" decoding=\"async\" width=\"720\" height=\"540\" data-id=\"502\" src=\"https:\/\/topfoodmachine.com\/wp-content\/uploads\/2023\/09\/Potato-Slicer-for-Business.webp\" alt=\"\" class=\"wp-image-502\" srcset=\"https:\/\/topfoodmachine.com\/wp-content\/uploads\/2023\/09\/Potato-Slicer-for-Business.webp 720w, https:\/\/topfoodmachine.com\/wp-content\/uploads\/2023\/09\/Potato-Slicer-for-Business-300x225.webp 300w\" sizes=\"auto, (max-width: 720px) 100vw, 720px\" \/><figcaption class=\"wp-element-caption\">M\u00e1y th\u00e1i khoai t\u00e2y cho doanh nghi\u1ec7p<\/figcaption><\/figure>    <figure class=\"wp-block-image size-large\"><img loading=\"lazy\" decoding=\"async\" width=\"720\" height=\"540\" data-id=\"501\" src=\"https:\/\/topfoodmachine.com\/wp-content\/uploads\/2023\/09\/Potato-Chip-Slicer-Machine.webp\" alt=\"\" class=\"wp-image-501\" srcset=\"https:\/\/topfoodmachine.com\/wp-content\/uploads\/2023\/09\/Potato-Chip-Slicer-Machine.webp 720w, https:\/\/topfoodmachine.com\/wp-content\/uploads\/2023\/09\/Potato-Chip-Slicer-Machine-300x225.webp 300w\" sizes=\"auto, (max-width: 720px) 100vw, 720px\" \/><figcaption class=\"wp-element-caption\">M\u00e1y c\u1eaft l\u00e1t khoai t\u00e2y chi\u00ean<\/figcaption><\/figure> <\/figure>    <h2 class=\"wp-block-heading\">L\u00e0m th\u1ebf n\u00e0o \u0111\u1ec3 s\u1eed d\u1ee5ng n\u00f3?<\/h2>    <ol class=\"wp-block-list\"> <li>L\u00e0m s\u1ea1ch khoai t\u00e2y\u00a0v\u00e0 g\u1ecdt v\u1ecf.<\/li>    <li>\u0110\u1eb7t khoai t\u00e2y v\u00e0o c\u1ed5ng n\u1ea1p li\u1ec7u.<\/li>    <li>B\u1eadt ngu\u1ed3n, l\u01b0\u1ee1i dao s\u1ebd quay v\u00e0 c\u1eaft khoai t\u00e2y th\u00e0nh t\u1eebng d\u1ea3i.<\/li> <\/ol>    <figure class=\"wp-block-embed is-type-video is-provider-youtube wp-block-embed-youtube wp-embed-aspect-16-9 wp-has-aspect-ratio\"><div class=\"wp-block-embed__wrapper\"> <iframe loading=\"lazy\" title=\"M\u00e1y c\u1eaft l\u00e1t khoai t\u00e2y t\u1ef1 \u0111\u1ed9ng: Gi\u1ea3i ph\u00f3ng ti\u1ec1m n\u0103ng s\u00e1ng t\u1ea1o trong c\u0103n b\u1ebfp c\u1ee7a b\u1ea1n! #M\u00e1y th\u00e1i khoai t\u00e2y\" width=\"500\" height=\"281\" src=\"https:\/\/www.youtube.com\/embed\/UiyP-JK-3cQ?feature=oembed\" frameborder=\"0\" allow=\"accelerometer; autoplay; clipboard-write; encrypted-media; gyroscope; picture-in-picture; web-share\" referrerpolicy=\"strict-origin-when-cross-origin\" allowfullscreen><\/iframe> <\/div><\/figure>    <h2 class=\"wp-block-heading\">T\u00ednh n\u0103ng c\u1ee7a M\u00e1y th\u00e1i khoai t\u00e2y th\u01b0\u01a1ng m\u1ea1i Taizy<\/h2>    <ul class=\"wp-block-list\"> <li>S\u1eed d\u1ee5ng inox 304, d\u1ec5 d\u00e0ng v\u1ec7 sinh.<\/li>    <li>C\u00f3 th\u1ec3 \u0111\u1ea1t \u0111\u01b0\u1ee3c \u0111\u1ed9 d\u00e0y kh\u00e1c nhau c\u1ee7a l\u00e1t khoai t\u00e2y b\u1eb1ng c\u00e1ch t\u00f9y ch\u1ec9nh k\u00edch th\u01b0\u1edbc l\u01b0\u1ee1i c\u1eaft.<\/li>    <li>Thao t\u00e1c \u0111\u01a1n gi\u1ea3n, thu\u1eadn ti\u1ec7n v\u00e0 nhanh ch\u00f3ng<\/li>    <li>R\u00f2ng r\u1ecdc ph\u00eda d\u01b0\u1edbi c\u00f3 th\u1ec3 \u0111\u01b0\u1ee3c t\u00f9y ch\u1ec9nh theo c\u00e1c t\u00ecnh hu\u1ed1ng s\u1eed d\u1ee5ng kh\u00e1c nhau \u0111\u1ec3 thu\u1eadn ti\u1ec7n cho vi\u1ec7c di chuy\u1ec3n.<\/li>    <li>Hi\u1ec7u su\u1ea5t \u1ed5n \u0111\u1ecbnh, t\u1ed1c \u0111\u1ed9 to\u00e0n v\u1eb9n \u0111\u1ea7u ra l\u00ean t\u1edbi 99%.<\/li> <\/ul>    <figure class=\"wp-block-gallery has-nested-images columns-default is-cropped wp-block-gallery-4 is-layout-flex wp-block-gallery-is-layout-flex\"> <figure class=\"wp-block-image size-large\"><img loading=\"lazy\" decoding=\"async\" width=\"720\" height=\"540\" data-id=\"504\" src=\"https:\/\/topfoodmachine.com\/wp-content\/uploads\/2023\/09\/Potato-Slicing-Machine.webp\" alt=\"\" class=\"wp-image-504\" srcset=\"https:\/\/topfoodmachine.com\/wp-content\/uploads\/2023\/09\/Potato-Slicing-Machine.webp 720w, https:\/\/topfoodmachine.com\/wp-content\/uploads\/2023\/09\/Potato-Slicing-Machine-300x225.webp 300w\" sizes=\"auto, (max-width: 720px) 100vw, 720px\" \/><figcaption class=\"wp-element-caption\">M\u00e1y c\u1eaft khoai t\u00e2y<\/figcaption><\/figure>    <figure class=\"wp-block-image size-large\"><img loading=\"lazy\" decoding=\"async\" width=\"720\" height=\"540\" data-id=\"503\" src=\"https:\/\/topfoodmachine.com\/wp-content\/uploads\/2023\/09\/Industrial-Potato-Cutter-of-Taizy.webp\" alt=\"\" class=\"wp-image-503\" srcset=\"https:\/\/topfoodmachine.com\/wp-content\/uploads\/2023\/09\/Industrial-Potato-Cutter-of-Taizy.webp 720w, https:\/\/topfoodmachine.com\/wp-content\/uploads\/2023\/09\/Industrial-Potato-Cutter-of-Taizy-300x225.webp 300w\" sizes=\"auto, (max-width: 720px) 100vw, 720px\" \/><figcaption class=\"wp-element-caption\">M\u00e1y c\u1eaft khoai t\u00e2y c\u00f4ng nghi\u1ec7p c\u1ee7a Taizy<\/figcaption><\/figure> <\/figure>    <h2 class=\"wp-block-heading\">Th\u00f4ng s\u1ed1 c\u1ee7a m\u00e1y c\u1eaft l\u00e1t khoai t\u00e2y chi\u00ean<\/h2>    <figure class=\"wp-block-table\"><table><tbody><tr><td>Ng\u01b0\u1eddi m\u1eabu<\/td><td>TZ-600<\/td><\/tr><tr><td>Dung t\u00edch<\/td><td>600kg\/gi\u1edd<\/td><\/tr><tr><td>K\u00edch th\u01b0\u1edbc<\/td><td>950*800*950mm<\/td><\/tr><tr><td>V\u00f4n<\/td><td>200v,50hz<\/td><\/tr><tr><td>Quy\u1ec1n l\u1ef1c<\/td><td>0,75kw<\/td><\/tr><tr><td>C\u00e2n n\u1eb7ng<\/td><td>110kg<\/td><\/tr><tr><td>V\u1eadt li\u1ec7u<\/td><td>th\u00e9p kh\u00f4ng g\u1ec9 304<\/td><\/tr><\/tbody><\/table><\/figure>    <h2 class=\"wp-block-heading\">Thi\u1ebft b\u1ecb h\u1ed7 tr\u1ee3<\/h2>    <p class=\"translation-block\">B\u1ea1n c\u0169ng c\u00f3 th\u1ec3 c\u1ea7n <a href=\"https:\/\/topfoodmachine.com\/vi\/product\/fruit-and-vegetable-washing-machine\/\" data-type=\"link\" data-id=\"https:\/\/topfoodmachine.com\/product\/fruit-and-vegetable-washing-machine\/\">M\u00e1y r\u1eeda tr\u00e1i c\u00e2y v\u00e0 rau c\u1ee7<\/a>, m\u00e1y n\u00e0y s\u1eed d\u1ee5ng b\u1ecdt \u0111\u1ec3 l\u00e0m s\u1ea1ch nhi\u1ec1u lo\u1ea1i tr\u00e1i c\u00e2y, h\u1ea1t v\u00e0 rau c\u1ee7, bao g\u1ed3m cam, t\u00e1o, khoai t\u00e2y, h\u00e0nh, b\u1eafp c\u1ea3i, \u1edbt, h\u1ea1t \u0111i\u1ec1u, \u0111\u1eadu ph\u1ed9ng, qu\u1ea3 m\u1ecdng, v.v. C\u00e1c m\u00e1y n\u00e0y \u0111\u01b0\u1ee3c l\u00e0m b\u1eb1ng th\u00e9p kh\u00f4ng g\u1ec9 304, \u0111\u1ea1t ti\u00eau chu\u1ea9n th\u1ef1c ph\u1ea9m.<\/p>    <h2 class=\"wp-block-heading\">T\u1ea1i sao ch\u1ecdn ch\u00fang t\u00f4i?<\/h2>    <p>Taizy l\u00e0 c\u00f4ng ty h\u00e0ng \u0111\u1ea7u v\u1ec1 s\u1ea3n xu\u1ea5t m\u00e1y m\u00f3c v\u00e0 th\u01b0\u01a1ng m\u1ea1i qu\u1ed1c t\u1ebf t\u1ea1i Trung Qu\u1ed1c. L\u1ee3i th\u1ebf l\u1edbn nh\u1ea5t c\u1ee7a m\u00e1y ch\u00fang t\u00f4i l\u00e0 ch\u1ea5t l\u01b0\u1ee3ng cao. T\u1ef7 l\u1ec7 d\u1ecbch v\u1ee5 sau b\u00e1n h\u00e0ng c\u1ee7a ch\u00fang t\u00f4i c\u1ef1c k\u1ef3 th\u1ea5p v\u00e0 ch\u00fang t\u00f4i c\u00f3 th\u1ec3 cung c\u1ea5p cho b\u1ea1n tr\u1ea3i nghi\u1ec7m t\u1ed1t trong su\u1ed1t th\u1eddi gian s\u1eed d\u1ee5ng. V\u00ec v\u1eady, n\u1ebfu b\u1ea1n quan t\u00e2m \u0111\u1ebfn m\u00e1y c\u1ee7a ch\u00fang t\u00f4i, h\u00e3y li\u00ean h\u1ec7 v\u1edbi ch\u00fang t\u00f4i \u0111\u1ec3 bi\u1ebft th\u00eam chi ti\u1ebft.<\/p>","protected":false},"excerpt":{"rendered":"<p>M\u00e1y c\u1eaft khoai t\u00e2y\u00a0l\u00e0 m\u1ed9t thi\u1ebft b\u1ecb nh\u00e0 b\u1ebfp gi\u00fap c\u1eaft khoai t\u00e2y th\u00e0nh t\u1eebng d\u1ea3i m\u1ed9t c\u00e1ch nhanh ch\u00f3ng v\u00e0 d\u1ec5 d\u00e0ng v\u1edbi c\u00f9ng k\u00edch c\u1ee1. N\u00f3 c\u0169ng c\u00f3 th\u1ec3 c\u1eaft rau di\u1ebfp, khoai lang, c\u00e0 r\u1ed1t, v.v. N\u00f3 l\u00e0 m\u1ed9t chi\u1ebfc m\u00e1y l\u00fd t\u01b0\u1edfng \u0111\u1ec3 ch\u1ebf bi\u1ebfn khoai t\u00e2y chi\u00ean ki\u1ec3u Ph\u00e1p trong ng\u00e0nh c\u00f4ng nghi\u1ec7p th\u1ee9c \u0103n nhanh, \u0111\u01b0\u1ee3c s\u1eed d\u1ee5ng r\u1ed9ng r\u00e3i trong c\u00e1c c\u1eeda h\u00e0ng cung c\u1ea5p d\u1ecbch v\u1ee5 \u0103n u\u1ed1ng quy m\u00f4 l\u1edbn, c\u00f4ng nghi\u1ec7p s\u1ea3n xu\u1ea5t ch\u1ebf bi\u1ebfn th\u1ef1c ph\u1ea9m v\u00e0 si\u00eau th\u1ecb quy m\u00f4 l\u1edbn, c\u00f3 th\u1ec3 ti\u1ebft ki\u1ec7m th\u1eddi gian v\u00e0 n\u0103ng l\u01b0\u1ee3ng cho ng\u01b0\u1eddi n\u1ea5u n\u01b0\u1edbng, t\u1eeb \u0111\u00f3 n\u00e2ng cao hi\u1ec7u qu\u1ea3.<\/p>","protected":false},"author":1,"featured_media":497,"parent":0,"template":"","tags":[20],"product-type":[3],"class_list":["post-496","product","type-product","status-publish","has-post-thumbnail","hentry","tag-potato-chip-slicer-machine","product-type-fruit-vegetable-processing-machine"],"_links":{"self":[{"href":"https:\/\/topfoodmachine.com\/vi\/wp-json\/wp\/v2\/product\/496","targetHints":{"allow":["GET"]}}],"collection":[{"href":"https:\/\/topfoodmachine.com\/vi\/wp-json\/wp\/v2\/product"}],"about":[{"href":"https:\/\/topfoodmachine.com\/vi\/wp-json\/wp\/v2\/types\/product"}],"author":[{"embeddable":true,"href":"https:\/\/topfoodmachine.com\/vi\/wp-json\/wp\/v2\/users\/1"}],"wp:featuredmedia":[{"embeddable":true,"href":"https:\/\/topfoodmachine.com\/vi\/wp-json\/wp\/v2\/media\/497"}],"wp:attachment":[{"href":"https:\/\/topfoodmachine.com\/vi\/wp-json\/wp\/v2\/media?parent=496"}],"wp:term":[{"taxonomy":"post_tag","embeddable":true,"href":"https:\/\/topfoodmachine.com\/vi\/wp-json\/wp\/v2\/tags?post=496"},{"taxonomy":"product-type","embeddable":true,"href":"https:\/\/topfoodmachine.com\/vi\/wp-json\/wp\/v2\/product-type?post=496"}],"curies":[{"name":"wp","href":"https:\/\/api.w.org\/{rel}","templated":true}]}}