{"id":411,"date":"2023-04-03T17:59:28","date_gmt":"2023-04-03T09:59:28","guid":{"rendered":"https:\/\/topfoodmachine.com\/?post_type=product&#038;p=411"},"modified":"2023-04-04T10:40:48","modified_gmt":"2023-04-04T02:40:48","slug":"cashew-shelling-machine","status":"publish","type":"product","link":"https:\/\/topfoodmachine.com\/vi\/product\/cashew-shelling-machine\/","title":{"rendered":"M\u00e1y b\u00f3c v\u1ecf h\u1ea1t \u0111i\u1ec1u"},"content":{"rendered":"<div class=\"kk-star-ratings kksr-auto kksr-align-left kksr-valign-top\"     data-payload='{&quot;align&quot;:&quot;left&quot;,&quot;id&quot;:&quot;411&quot;,&quot;slug&quot;:&quot;default&quot;,&quot;valign&quot;:&quot;top&quot;,&quot;ignore&quot;:&quot;&quot;,&quot;reference&quot;:&quot;auto&quot;,&quot;class&quot;:&quot;&quot;,&quot;count&quot;:&quot;24&quot;,&quot;legendonly&quot;:&quot;&quot;,&quot;readonly&quot;:&quot;&quot;,&quot;score&quot;:&quot;4.7&quot;,&quot;starsonly&quot;:&quot;&quot;,&quot;best&quot;:&quot;5&quot;,&quot;gap&quot;:&quot;5&quot;,&quot;greet&quot;:&quot;Rate this product&quot;,&quot;legend&quot;:&quot;4.7\\\/5 - (24 b\u00ecnh ch\u1ecdn)&quot;,&quot;size&quot;:&quot;24&quot;,&quot;title&quot;:&quot;Cashew Shelling Machine&quot;,&quot;width&quot;:&quot;133.8&quot;,&quot;_legend&quot;:&quot;{score}\\\/{best} - ({count} {votes})&quot;,&quot;font_factor&quot;:&quot;1.25&quot;}'>              <div class=\"kksr-stars\">      <div class=\"kksr-stars-inactive\">             <div class=\"kksr-star\" data-star=\"1\" style=\"padding-right: 5px\">               <div class=\"kksr-icon\" style=\"width: 24px; height: 24px;\"><\/div>         <\/div>             <div class=\"kksr-star\" data-star=\"2\" style=\"padding-right: 5px\">               <div class=\"kksr-icon\" style=\"width: 24px; height: 24px;\"><\/div>         <\/div>             <div class=\"kksr-star\" data-star=\"3\" style=\"padding-right: 5px\">               <div class=\"kksr-icon\" style=\"width: 24px; height: 24px;\"><\/div>         <\/div>             <div class=\"kksr-star\" data-star=\"4\" style=\"padding-right: 5px\">               <div class=\"kksr-icon\" style=\"width: 24px; height: 24px;\"><\/div>         <\/div>             <div class=\"kksr-star\" data-star=\"5\" style=\"padding-right: 5px\">               <div class=\"kksr-icon\" style=\"width: 24px; height: 24px;\"><\/div>         <\/div>     <\/div>      <div class=\"kksr-stars-active\" style=\"width: 133.8px;\">             <div class=\"kksr-star\" style=\"padding-right: 5px\">               <div class=\"kksr-icon\" style=\"width: 24px; height: 24px;\"><\/div>         <\/div>             <div class=\"kksr-star\" style=\"padding-right: 5px\">               <div class=\"kksr-icon\" style=\"width: 24px; height: 24px;\"><\/div>         <\/div>             <div class=\"kksr-star\" style=\"padding-right: 5px\">               <div class=\"kksr-icon\" style=\"width: 24px; height: 24px;\"><\/div>         <\/div>             <div class=\"kksr-star\" style=\"padding-right: 5px\">               <div class=\"kksr-icon\" style=\"width: 24px; height: 24px;\"><\/div>         <\/div>             <div class=\"kksr-star\" style=\"padding-right: 5px\">               <div class=\"kksr-icon\" style=\"width: 24px; height: 24px;\"><\/div>         <\/div>     <\/div> <\/div>                   <div class=\"kksr-legend\" style=\"font-size: 19.2px;\">             4.7\/5 - (24 l\u01b0\u1ee3t b\u00ecnh ch\u1ecdn)    <\/div>     <\/div>  <p class=\"translation-block\"><strong>M\u00e1y b\u00f3c v\u1ecf h\u1ea1t \u0111i\u1ec1u<\/strong> l\u00e0 m\u1ed9t c\u00f4ng c\u1ee5 b\u1ec1n v\u00e0 hi\u1ec7u qu\u1ea3 \u0111\u01b0\u1ee3c thi\u1ebft k\u1ebf \u0111\u1ec3 nhanh ch\u00f3ng lo\u1ea1i b\u1ecf v\u1ecf kh\u1ecfi h\u1ea1t \u0111i\u1ec1u v\u1edbi \u0111\u1ed9 ch\u00ednh x\u00e1c. V\u1edbi \u0111\u1ed9ng c\u01a1 m\u1ea1nh m\u1ebd c\u00f3 th\u1ec3 b\u00f3c v\u1ecf l\u00ean \u0111\u1ebfn 200 kg h\u1ea1t \u0111i\u1ec1u m\u1ed7i gi\u1edd, n\u00f3 ho\u00e0n h\u1ea3o cho c\u00e1c c\u00f4ng ty trong ng\u00e0nh h\u1ea1t \u0111i\u1ec1u mu\u1ed1n t\u1ed1i \u01b0u h\u00f3a quy tr\u00ecnh s\u1ea3n xu\u1ea5t v\u00e0 t\u0103ng s\u1ea3n l\u01b0\u1ee3ng.<\/p>    <p class=\"translation-block\"><strong>M\u00e1y b\u00f3c v\u1ecf h\u1ea1t \u0111i\u1ec1u t\u1ef1 \u0111\u1ed9ng<\/strong> c\u00f3 t\u1ef7 l\u1ec7 b\u00f3c v\u1ecf r\u1ea5t cao l\u00e0 98% v\u00e0 kh\u00f4ng l\u00e0m h\u1ecfng h\u1ea1t \u0111i\u1ec1u. V\u1edbi kinh nghi\u1ec7m phong ph\u00fa trong ng\u00e0nh ch\u1ebf bi\u1ebfn h\u1ea1t, m\u00e1y m\u00f3c c\u1ee7a ch\u00fang t\u00f4i \u0111\u00e3 \u0111\u01b0\u1ee3c xu\u1ea5t kh\u1ea9u th\u00e0nh c\u00f4ng sang h\u01a1n 30 qu\u1ed1c gia v\u00e0 khu v\u1ef1c. N\u1ebfu b\u1ea1n quan t\u00e2m \u0111\u1ebfn m\u00e1y n\u00e0y, \u0111\u1eebng ng\u1ea7n ng\u1ea1i li\u00ean h\u1ec7 v\u1edbi ch\u00fang t\u00f4i \u0111\u1ec3 c\u00f3 b\u1ea3ng gi\u00e1 mi\u1ec5n ph\u00ed v\u00e0 t\u1ed1t nh\u1ea5t.<\/p>    <figure class=\"wp-block-image size-full\"><img loading=\"lazy\" decoding=\"async\" width=\"720\" height=\"540\" src=\"https:\/\/topfoodmachine.com\/wp-content\/uploads\/2023\/04\/cashew-nut-shelling-machine.jpg\" alt=\"m\u00e1y b\u00f3c v\u1ecf h\u1ea1t \u0111i\u1ec1u\" class=\"wp-image-424\" srcset=\"https:\/\/topfoodmachine.com\/wp-content\/uploads\/2023\/04\/cashew-nut-shelling-machine.jpg 720w, https:\/\/topfoodmachine.com\/wp-content\/uploads\/2023\/04\/cashew-nut-shelling-machine-300x225.jpg 300w\" sizes=\"auto, (max-width: 720px) 100vw, 720px\" \/><figcaption class=\"wp-element-caption\">m\u00e1y b\u00f3c v\u1ecf h\u1ea1t \u0111i\u1ec1u<\/figcaption><\/figure>    <h2 class=\"wp-block-heading\">T\u00ednh n\u0103ng\/l\u1ee3i \u00edch c\u1ee7a m\u00e1y b\u00f3c v\u1ecf h\u1ea1t \u0111i\u1ec1u<\/h2>    <ul class=\"wp-block-list\"> <li>M\u00e1y b\u00f3c v\u1ecf h\u1ea1t \u0111i\u1ec1u \u0111\u1ec3 b\u00e1n \u0111\u01b0\u1ee3c thi\u1ebft k\u1ebf v\u1edbi m\u1ed9t s\u1ed1 t\u00ednh n\u0103ng ch\u00ednh gi\u00fap n\u00f3 n\u1ed5i b\u1eadt so v\u1edbi c\u00e1c ph\u01b0\u01a1ng ph\u00e1p b\u00f3c v\u1ecf th\u1ee7 c\u00f4ng. \u0110\u1ea7u ti\u00ean, chi\u1ebfc m\u00e1y n\u00e0y c\u1ef1c k\u1ef3 hi\u1ec7u qu\u1ea3, c\u00f3 kh\u1ea3 n\u0103ng t\u00e1ch t\u1edbi 200 kg h\u1ea1t \u0111i\u1ec1u m\u1ed7i gi\u1edd. T\u1ed1c \u0111\u1ed9 n\u00e0y kh\u00f4ng th\u1ec3 so s\u00e1nh \u0111\u01b0\u1ee3c v\u1edbi c\u00e1c ph\u01b0\u01a1ng ph\u00e1p th\u1ee7 c\u00f4ng, c\u00f3 th\u1ec3 ch\u1eadm v\u00e0 t\u1ed1n nhi\u1ec1u c\u00f4ng s\u1ee9c.<\/li>    <li>Ngo\u00e0i ra, m\u00e1y c\u00f2n \u0111\u01b0\u1ee3c thi\u1ebft k\u1ebf \u0111\u1ec3 lo\u1ea1i b\u1ecf v\u1ecf kh\u1ecfi h\u1ea1t \u0111i\u1ec1u m\u1ed9t c\u00e1ch ch\u00ednh x\u00e1c v\u00e0 ch\u00ednh x\u00e1c, \u0111\u1ea3m b\u1ea3o r\u1eb1ng b\u1ea3n th\u00e2n h\u1ea1t \u0111i\u1ec1u kh\u00f4ng b\u1ecb h\u01b0 h\u1ecfng trong qu\u00e1 tr\u00ecnh n\u00e0y. \u0110i\u1ec1u n\u00e0y r\u1ea5t quan tr\u1ecdng v\u00ec c\u00e1c lo\u1ea1i h\u1ea1t b\u1ecb h\u01b0 h\u1ecfng c\u00f3 th\u1ec3 t\u1ea1o ra s\u1ea3n ph\u1ea9m c\u00f3 ch\u1ea5t l\u01b0\u1ee3ng th\u1ea5p h\u01a1n, \u0111i\u1ec1u n\u00e0y c\u00f3 th\u1ec3 t\u00e1c \u0111\u1ed9ng ti\u00eau c\u1ef1c \u0111\u1ebfn doanh thu v\u00e0 l\u1ee3i nhu\u1eadn.<\/li>    <li>M\u1ed9t t\u00ednh n\u0103ng quan tr\u1ecdng kh\u00e1c c\u1ee7a m\u00e1y b\u00f3c v\u1ecf h\u1ea1t \u0111i\u1ec1u l\u00e0 \u0111\u1ed9 b\u1ec1n. M\u00e1y \u0111\u01b0\u1ee3c thi\u1ebft k\u1ebf \u0111\u1ec3 t\u1ed3n t\u1ea1i l\u00e2u d\u00e0i, v\u1edbi k\u1ebft c\u1ea5u ch\u1eafc ch\u1eafn c\u00f3 th\u1ec3 ch\u1ecbu \u0111\u01b0\u1ee3c c\u01b0\u1eddng \u0111\u1ed9 s\u1eed d\u1ee5ng cao theo th\u1eddi gian. \u0110i\u1ec1u n\u00e0y c\u00f3 ngh\u0129a l\u00e0 doanh nghi\u1ec7p c\u00f3 th\u1ec3 tin t\u01b0\u1edfng v\u00e0o m\u00e1y ho\u1ea1t \u0111\u1ed9ng \u1ed5n \u0111\u1ecbnh ng\u00e0y n\u00e0y qua ng\u00e0y kh\u00e1c m\u00e0 kh\u00f4ng ph\u1ea3i lo l\u1eafng v\u1ec1 vi\u1ec7c s\u1eeda ch\u1eefa ho\u1eb7c thay th\u1ebf th\u01b0\u1eddng xuy\u00ean.<\/li>    <li>L\u1ee3i \u00edch c\u1ee7a vi\u1ec7c s\u1eed d\u1ee5ng m\u00e1y b\u00f3c v\u1ecf h\u1ea1t \u0111i\u1ec1u l\u00e0 r\u1ea5t nhi\u1ec1u. Th\u1ee9 nh\u1ea5t, m\u00e1y c\u00f3 th\u1ec3 t\u0103ng \u0111\u00e1ng k\u1ec3 s\u1ea3n l\u01b0\u1ee3ng s\u1ea3n xu\u1ea5t, cho ph\u00e9p doanh nghi\u1ec7p ch\u1ebf bi\u1ebfn nhi\u1ec1u h\u1ea1t \u0111i\u1ec1u h\u01a1n trong th\u1eddi gian ng\u1eafn h\u01a1n. \u0110i\u1ec1u n\u00e0y, \u0111\u1ebfn l\u01b0\u1ee3t n\u00f3, c\u00f3 th\u1ec3 d\u1eabn \u0111\u1ebfn t\u0103ng doanh thu v\u00e0 l\u1ee3i nhu\u1eadn.<\/li>    <li>Ngo\u00e0i ra, m\u00e1y c\u00f2n c\u00f3 th\u1ec3 gi\u00fap n\u00e2ng cao ch\u1ea5t l\u01b0\u1ee3ng c\u1ee7a s\u1ea3n ph\u1ea9m cu\u1ed1i c\u00f9ng. B\u1eb1ng c\u00e1ch lo\u1ea1i b\u1ecf v\u1ecf m\u1ed9t c\u00e1ch ch\u00ednh x\u00e1c v\u00e0 ch\u00ednh x\u00e1c, m\u00e1y gi\u00fap \u0111\u1ea3m b\u1ea3o r\u1eb1ng m\u1ed7i \u0111ai \u1ed1c \u0111\u1ec1u c\u00f3 ch\u1ea5t l\u01b0\u1ee3ng cao v\u00e0 kh\u00f4ng b\u1ecb h\u01b0 h\u1ea1i. \u0110i\u1ec1u n\u00e0y c\u00f3 th\u1ec3 d\u1eabn \u0111\u1ebfn s\u1ef1 h\u00e0i l\u00f2ng c\u1ee7a kh\u00e1ch h\u00e0ng cao h\u01a1n v\u00e0 kinh doanh l\u1eb7p l\u1ea1i.<\/li>    <li>Cu\u1ed1i c\u00f9ng, m\u00e1y t\u00e1ch h\u1ea1t \u0111i\u1ec1u t\u1ef1 \u0111\u1ed9ng c\u00f2n c\u00f3 th\u1ec3 gi\u00fap gi\u1ea3m chi ph\u00ed nh\u00e2n c\u00f4ng. V\u1edbi ph\u01b0\u01a1ng ph\u00e1p b\u00f3c v\u1ecf th\u1ee7 c\u00f4ng, doanh nghi\u1ec7p c\u1ea7n thu\u00ea v\u00e0 tr\u1ea3 l\u01b0\u01a1ng cho nh\u00e2n c\u00f4ng \u0111\u1ec3 b\u00f3c v\u1ecf h\u1ea1t \u0111i\u1ec1u b\u1eb1ng tay. Tuy nhi\u00ean, v\u1edbi m\u00e1y, doanh nghi\u1ec7p c\u00f3 th\u1ec3 t\u1ef1 \u0111\u1ed9ng h\u00f3a quy tr\u00ecnh, gi\u1ea3m nhu c\u1ea7u lao \u0111\u1ed9ng th\u1ee7 c\u00f4ng v\u00e0 c\u00f3 kh\u1ea3 n\u0103ng ti\u1ebft ki\u1ec7m ti\u1ec1n v\u1ec1 l\u00e2u d\u00e0i.<\/li> <\/ul>    <figure class=\"wp-block-image size-full\"><img loading=\"lazy\" decoding=\"async\" width=\"720\" height=\"540\" src=\"https:\/\/topfoodmachine.com\/wp-content\/uploads\/2023\/04\/cashew-shelling-machine-parts.jpg\" alt=\"c\u00e1c b\u1ed9 ph\u1eadn c\u1ee7a m\u00e1y b\u00f3c v\u1ecf h\u1ea1t \u0111i\u1ec1u\" class=\"wp-image-419\" srcset=\"https:\/\/topfoodmachine.com\/wp-content\/uploads\/2023\/04\/cashew-shelling-machine-parts.jpg 720w, https:\/\/topfoodmachine.com\/wp-content\/uploads\/2023\/04\/cashew-shelling-machine-parts-300x225.jpg 300w\" sizes=\"auto, (max-width: 720px) 100vw, 720px\" \/><figcaption class=\"wp-element-caption\">c\u00e1c b\u1ed9 ph\u1eadn c\u1ee7a m\u00e1y b\u00f3c v\u1ecf h\u1ea1t \u0111i\u1ec1u<\/figcaption><\/figure>    <h2 class=\"wp-block-heading\">M\u00e1y b\u00f3c v\u1ecf h\u1ea1t \u0111i\u1ec1u ho\u1ea1t \u0111\u1ed9ng nh\u01b0 th\u1ebf n\u00e0o?<\/h2>    <p>M\u00e1y B\u00f3c V\u1ecf H\u1ea1t \u0110i\u1ec1u ho\u1ea1t \u0111\u1ed9ng b\u1eb1ng c\u00e1ch s\u1eed d\u1ee5ng m\u1ed9t lo\u1ea1t c\u00e1c l\u01b0\u1ee1i dao v\u00e0 con l\u0103n \u0111\u1ec3 n\u1ee9t v\u1ecf h\u1ea1t \u0111i\u1ec1u. M\u00e1y \u0111\u01b0\u1ee3c thi\u1ebft k\u1ebf \u0111\u1ec3 d\u1ec5 s\u1eed d\u1ee5ng, v\u1edbi giao di\u1ec7n \u0111\u01a1n gi\u1ea3n cho ph\u00e9p ng\u01b0\u1eddi v\u1eadn h\u00e0nh \u0111i\u1ec1u ch\u1ec9nh c\u00e0i \u0111\u1eb7t c\u1ee7a m\u00e1y v\u00e0 theo d\u00f5i ti\u1ebfn tr\u00ecnh c\u1ee7a n\u00f3.<\/p>    <p>\u0110\u1ec3 s\u1eed d\u1ee5ng m\u00e1y, tr\u01b0\u1edbc ti\u00ean ng\u01b0\u1eddi v\u1eadn h\u00e0nh ph\u1ea3i n\u1ea1p h\u1ea1t \u0111i\u1ec1u v\u00e0o ph\u1ec5u. Sau \u0111\u00f3, m\u00e1y s\u1eed d\u1ee5ng l\u01b0\u1ee1i dao v\u00e0 con l\u0103n \u0111\u1ec3 m\u1edf v\u1ecf, trong khi h\u1ec7 th\u1ed1ng ch\u00e2n kh\u00f4ng lo\u1ea1i b\u1ecf v\u1ecf v\u00e0 t\u00e1ch ch\u00fang ra kh\u1ecfi \u0111ai \u1ed1c. Sau \u0111\u00f3, c\u00e1c lo\u1ea1i h\u1ea1t \u0111\u01b0\u1ee3c thu th\u1eadp v\u00e0o m\u1ed9t th\u00f9ng ch\u1ee9a ri\u00eang bi\u1ec7t, s\u1eb5n s\u00e0ng \u0111\u1ec3 ch\u1ebf bi\u1ebfn ho\u1eb7c \u0111\u00f3ng g\u00f3i ti\u1ebfp theo.<\/p>    <p>\u0110i\u1ec1u quan tr\u1ecdng l\u00e0 l\u01b0u \u00fd r\u1eb1ng vi\u1ec7c s\u1eed d\u1ee5ng v\u00e0 b\u1ea3o tr\u00ec \u0111\u00fang c\u00e1ch M\u00e1y B\u00f3c V\u1ecf H\u1ea1t \u0110i\u1ec1u l\u00e0 r\u1ea5t c\u1ea7n thi\u1ebft \u0111\u1ec3 \u0111\u1ea3m b\u1ea3o \u0111\u1ed9 b\u1ec1n v\u00e0 hi\u1ec7u qu\u1ea3 c\u1ee7a n\u00f3. \u0110i\u1ec1u n\u00e0y bao g\u1ed3m vi\u1ec7c th\u01b0\u1eddng xuy\u00ean l\u00e0m s\u1ea1ch m\u00e1y v\u00e0 c\u00e1c b\u1ed9 ph\u1eadn c\u1ee7a n\u00f3, ki\u1ec3m tra v\u00e0 gi\u1ea3i quy\u1ebft b\u1ea5t k\u1ef3 v\u1ea5n \u0111\u1ec1 n\u00e0o, v\u00e0 tu\u00e2n theo h\u01b0\u1edbng d\u1eabn c\u1ee7a nh\u00e0 s\u1ea3n xu\u1ea5t v\u1ec1 c\u00e1ch s\u1eed d\u1ee5ng.<\/p>    <figure class=\"wp-block-image size-full\"><img loading=\"lazy\" decoding=\"async\" width=\"720\" height=\"540\" src=\"https:\/\/topfoodmachine.com\/wp-content\/uploads\/2023\/04\/cashew-nut-sheller-machine-working-process.jpg\" alt=\"quy tr\u00ecnh l\u00e0m vi\u1ec7c c\u1ee7a m\u00e1y b\u00f3c v\u1ecf h\u1ea1t \u0111i\u1ec1u\" class=\"wp-image-417\" srcset=\"https:\/\/topfoodmachine.com\/wp-content\/uploads\/2023\/04\/cashew-nut-sheller-machine-working-process.jpg 720w, https:\/\/topfoodmachine.com\/wp-content\/uploads\/2023\/04\/cashew-nut-sheller-machine-working-process-300x225.jpg 300w\" sizes=\"auto, (max-width: 720px) 100vw, 720px\" \/><figcaption class=\"wp-element-caption\">quy tr\u00ecnh l\u00e0m vi\u1ec7c c\u1ee7a m\u00e1y b\u00f3c v\u1ecf h\u1ea1t \u0111i\u1ec1u<\/figcaption><\/figure>    <h2 class=\"wp-block-heading\">\u1ee8ng d\u1ee5ng c\u1ee7a m\u00e1y b\u00f3c v\u1ecf h\u1ea1t \u0111i\u1ec1u \u0111\u1ec3 b\u00e1n<\/h2>    <p>Ch\u1ebf bi\u1ebfn h\u1ea1t \u0111i\u1ec1u: M\u00e1y m\u00f3c l\u00e0 c\u00f4ng c\u1ee5 thi\u1ebft y\u1ebfu trong ng\u00e0nh \u0111i\u1ec1u, gi\u00fap doanh nghi\u1ec7p ch\u1ebf bi\u1ebfn h\u1ea1t \u0111i\u1ec1u m\u1ed9t c\u00e1ch nhanh ch\u00f3ng v\u00e0 hi\u1ec7u qu\u1ea3.<\/p>    <p>S\u1ea3n xu\u1ea5t th\u1ef1c ph\u1ea9m: M\u00e1y c\u00f3 th\u1ec3 \u0111\u01b0\u1ee3c s\u1eed d\u1ee5ng trong s\u1ea3n xu\u1ea5t th\u1ef1c ph\u1ea9m \u0111\u1ec3 b\u00f3c v\u1ecf c\u00e1c lo\u1ea1i h\u1ea1t \u0111\u1ec3 s\u1eed d\u1ee5ng trong nhi\u1ec1u lo\u1ea1i s\u1ea3n ph\u1ea9m, ch\u1eb3ng h\u1ea1n nh\u01b0 \u0111\u1ed3 n\u01b0\u1edbng, \u0111\u1ed3 \u0103n nh\u1eb9 v\u00e0 c\u00e1c m\u1eb7t h\u00e0ng b\u00e1nh k\u1eb9o.<\/p>    <p>N\u00f4ng nghi\u1ec7p: M\u00e1y c\u00f3 th\u1ec3 \u0111\u01b0\u1ee3c s\u1eed d\u1ee5ng trong n\u00f4ng nghi\u1ec7p \u0111\u1ec3 b\u00f3c v\u1ecf c\u00e1c lo\u1ea1i h\u1ea1t kh\u00e1c, ch\u1eb3ng h\u1ea1n nh\u01b0 h\u1ea1nh nh\u00e2n, qu\u1ea3 h\u1ed3 tr\u0103n v\u00e0 qu\u1ea3 ph\u1ec9.<\/p>    <p>Nghi\u00ean c\u1ee9u v\u00e0 ph\u00e1t tri\u1ec3n: M\u00e1y c\u0169ng c\u00f3 th\u1ec3 \u0111\u01b0\u1ee3c s\u1eed d\u1ee5ng trong c\u01a1 s\u1edf nghi\u00ean c\u1ee9u v\u00e0 ph\u00e1t tri\u1ec3n \u0111\u1ec3 ki\u1ec3m tra v\u00e0 tinh ch\u1ec9nh c\u00e1c quy tr\u00ecnh t\u00e1ch v\u1ecf h\u1ea1t.<\/p>    <figure class=\"wp-block-image size-full\"><img loading=\"lazy\" decoding=\"async\" width=\"894\" height=\"432\" src=\"https:\/\/topfoodmachine.com\/wp-content\/uploads\/2023\/04\/nuts-shelling-machine-applications.jpg\" alt=\"\u1ee9ng d\u1ee5ng c\u1ee7a m\u00e1y b\u00f3c v\u1ecf h\u1ea1t\" class=\"wp-image-421\" srcset=\"https:\/\/topfoodmachine.com\/wp-content\/uploads\/2023\/04\/nuts-shelling-machine-applications.jpg 894w, https:\/\/topfoodmachine.com\/wp-content\/uploads\/2023\/04\/nuts-shelling-machine-applications-300x145.jpg 300w, https:\/\/topfoodmachine.com\/wp-content\/uploads\/2023\/04\/nuts-shelling-machine-applications-768x371.jpg 768w\" sizes=\"auto, (max-width: 894px) 100vw, 894px\" \/><figcaption class=\"wp-element-caption\">\u1ee9ng d\u1ee5ng c\u1ee7a m\u00e1y b\u00f3c v\u1ecf h\u1ea1t<\/figcaption><\/figure>    <h2 class=\"wp-block-heading\">B\u1ea3o tr\u00ec v\u00e0 ch\u0103m s\u00f3c m\u00e1y b\u00f3c v\u1ecf h\u1ea1t \u0111i\u1ec1u<\/h2>    <p>Vi\u1ec7c b\u1ea3o tr\u00ec v\u00e0 ch\u0103m s\u00f3c \u0111\u00fang c\u00e1ch M\u00e1y t\u00e1ch v\u1ecf h\u1ea1t \u0111i\u1ec1u l\u00e0 r\u1ea5t quan tr\u1ecdng \u0111\u1ec3 \u0111\u1ea3m b\u1ea3o tu\u1ed5i th\u1ecd v\u00e0 hi\u1ec7u qu\u1ea3 c\u1ee7a n\u00f3. D\u01b0\u1edbi \u0111\u00e2y l\u00e0 m\u1ed9t s\u1ed1 l\u1eddi khuy\u00ean \u0111\u1ec3 b\u1ea3o tr\u00ec v\u00e0 ch\u0103m s\u00f3c m\u00e1y:<\/p>    <ul class=\"wp-block-list\"> <li>Th\u01b0\u1eddng xuy\u00ean v\u1ec7 sinh m\u00e1y v\u00e0 c\u00e1c b\u1ed9 ph\u1eadn c\u1ee7a m\u00e1y b\u1eb1ng v\u1ea3i m\u1ec1m v\u00e0 ch\u1ea5t t\u1ea9y r\u1eeda nh\u1eb9.<\/li>    <li>Ki\u1ec3m tra v\u00e0 gi\u1ea3i quy\u1ebft m\u1ecdi v\u1ea5n \u0111\u1ec1, ch\u1eb3ng h\u1ea1n nh\u01b0 h\u01b0 h\u1ecfng \u1edf l\u01b0\u1ee1i dao ho\u1eb7c con l\u0103n.<\/li>    <li>B\u00f4i tr\u01a1n c\u00e1c b\u1ed9 ph\u1eadn chuy\u1ec3n \u0111\u1ed9ng c\u1ee7a m\u00e1y theo khuy\u1ebfn ngh\u1ecb c\u1ee7a nh\u00e0 s\u1ea3n xu\u1ea5t.<\/li>    <li>B\u1ea3o qu\u1ea3n m\u00e1y \u1edf n\u01a1i kh\u00f4 r\u00e1o, tho\u00e1ng m\u00e1t khi kh\u00f4ng s\u1eed d\u1ee5ng.<\/li>    <li>Tu\u00e2n theo h\u01b0\u1edbng d\u1eabn c\u1ee7a nh\u00e0 s\u1ea3n xu\u1ea5t v\u1ec1 c\u00e1ch s\u1eed d\u1ee5ng v\u00e0 b\u1ea3o tr\u00ec.<\/li> <\/ul>    <p>C\u00e1c v\u1ea5n \u0111\u1ec1 ph\u1ed5 bi\u1ebfn c\u00f3 th\u1ec3 ph\u00e1t sinh v\u1edbi M\u00e1y t\u00e1ch v\u1ecf h\u1ea1t \u0111i\u1ec1u bao g\u1ed3m h\u01b0 h\u1ecfng l\u01b0\u1ee1i v\u00e0 con l\u0103n, t\u1eafc ngh\u1ebdn trong h\u1ec7 th\u1ed1ng ch\u00e2n kh\u00f4ng v\u00e0 c\u00e1c v\u1ea5n \u0111\u1ec1 v\u1ec1 \u0111\u1ed9ng c\u01a1. Vi\u1ec7c gi\u1ea3i quy\u1ebft nh\u1eefng v\u1ea5n \u0111\u1ec1 n\u00e0y k\u1ecbp th\u1eddi l\u00e0 r\u1ea5t quan tr\u1ecdng \u0111\u1ec3 ng\u0103n ng\u1eeba thi\u1ec7t h\u1ea1i th\u00eam v\u00e0 \u0111\u1ea3m b\u1ea3o m\u00e1y ti\u1ebfp t\u1ee5c ho\u1ea1t \u0111\u1ed9ng hi\u1ec7u qu\u1ea3.<\/p>    <h2 class=\"wp-block-heading\">H\u00e3y li\u00ean h\u1ec7 v\u1edbi ch\u00fang t\u00f4i \u0111\u1ec3 b\u1eaft \u0111\u1ea7u c\u00f4ng vi\u1ec7c kinh doanh c\u1ee7a b\u1ea1n!<\/h2>    <p>M\u00e1y b\u00f3c v\u1ecf h\u1ea1t \u0111i\u1ec1u l\u00e0 m\u1ed9t c\u00f4ng c\u1ee5 c\u00f3 hi\u1ec7u su\u1ea5t cao v\u00e0 b\u1ec1n b\u1ec9, r\u1ea5t c\u1ea7n thi\u1ebft cho ng\u00e0nh \u0111i\u1ec1u v\u00e0 h\u01a1n th\u1ebf n\u1eefa. V\u1edbi kh\u1ea3 n\u0103ng lo\u1ea1i b\u1ecf v\u1ecf h\u1ea1t \u0111i\u1ec1u nhanh ch\u00f3ng v\u00e0 ch\u00ednh x\u00e1c, m\u00e1y c\u00f3 th\u1ec3 t\u0103ng \u0111\u00e1ng k\u1ec3 s\u1ea3n l\u01b0\u1ee3ng s\u1ea3n xu\u1ea5t, n\u00e2ng cao ch\u1ea5t l\u01b0\u1ee3ng s\u1ea3n ph\u1ea9m, gi\u1ea3m chi ph\u00ed nh\u00e2n c\u00f4ng.<\/p>    <p class=\"translation-block\">M\u00e1y b\u00f3c v\u1ecf h\u1ea1t \u0111i\u1ec1u t\u1ef1 \u0111\u1ed9ng l\u00e0 m\u1ed9t s\u1ea3n ph\u1ea9m kh\u00e1 ph\u1ed5 bi\u1ebfn t\u1eeb <strong><a href=\"https:\/\/topfoodmachine.com\/vi\/\">nh\u00e0 m\u00e1y Taizy<\/a><\/strong>. V\u00e0 h\u1ea1t \u0111i\u1ec1u c\u00f3 gi\u00e1 tr\u1ecb kinh doanh l\u1edbn. N\u1ebfu b\u1ea1n mu\u1ed1n b\u1eaft \u0111\u1ea7u d\u1ef1 \u00e1n ch\u1ebf bi\u1ebfn h\u1ea1t \u0111i\u1ec1u c\u1ee7a m\u00ecnh. \u0110\u1eebng ng\u1ea7n ng\u1ea1i li\u00ean h\u1ec7 \u0111\u1ec3 bi\u1ebft th\u00eam chi ti\u1ebft v\u1ec1 m\u00e1y v\u00e0 gi\u00e1 t\u1ed1t nh\u1ea5t.<\/p>","protected":false},"excerpt":{"rendered":"<p>Cashew shelling machine is a durable and efficient tool designed to quickly remove the shells from cashews with precision. With a powerful motor that can shell up to 200 kg of cashews per hour, it&#8217;s perfect for company in the cashew industry looking to streamline their production process and increase output. The automatic cashew nut [&hellip;]<\/p>\n","protected":false},"author":1,"featured_media":415,"parent":0,"template":"","tags":[19,16],"product-type":[5],"class_list":["post-411","product","type-product","status-publish","has-post-thumbnail","hentry","tag-cashew-nut-shelling-machine","tag-nuts-processing-machine","product-type-nuts-processing-machine"],"_links":{"self":[{"href":"https:\/\/topfoodmachine.com\/vi\/wp-json\/wp\/v2\/product\/411","targetHints":{"allow":["GET"]}}],"collection":[{"href":"https:\/\/topfoodmachine.com\/vi\/wp-json\/wp\/v2\/product"}],"about":[{"href":"https:\/\/topfoodmachine.com\/vi\/wp-json\/wp\/v2\/types\/product"}],"author":[{"embeddable":true,"href":"https:\/\/topfoodmachine.com\/vi\/wp-json\/wp\/v2\/users\/1"}],"wp:featuredmedia":[{"embeddable":true,"href":"https:\/\/topfoodmachine.com\/vi\/wp-json\/wp\/v2\/media\/415"}],"wp:attachment":[{"href":"https:\/\/topfoodmachine.com\/vi\/wp-json\/wp\/v2\/media?parent=411"}],"wp:term":[{"taxonomy":"post_tag","embeddable":true,"href":"https:\/\/topfoodmachine.com\/vi\/wp-json\/wp\/v2\/tags?post=411"},{"taxonomy":"product-type","embeddable":true,"href":"https:\/\/topfoodmachine.com\/vi\/wp-json\/wp\/v2\/product-type?post=411"}],"curies":[{"name":"wp","href":"https:\/\/api.w.org\/{rel}","templated":true}]}}