{"id":402,"date":"2023-03-30T16:13:38","date_gmt":"2023-03-30T08:13:38","guid":{"rendered":"https:\/\/topfoodmachine.com\/?post_type=product&#038;p=402"},"modified":"2023-03-30T17:43:25","modified_gmt":"2023-03-30T09:43:25","slug":"commercial-dough-mixer","status":"publish","type":"product","link":"https:\/\/topfoodmachine.com\/vi\/product\/commercial-dough-mixer\/","title":{"rendered":"M\u00e1y tr\u1ed9n b\u1ed9t th\u01b0\u01a1ng m\u1ea1i"},"content":{"rendered":"<div class=\"kk-star-ratings kksr-auto kksr-align-left kksr-valign-top\"     data-payload='{&quot;align&quot;:&quot;left&quot;,&quot;id&quot;:&quot;402&quot;,&quot;slug&quot;:&quot;default&quot;,&quot;valign&quot;:&quot;top&quot;,&quot;ignore&quot;:&quot;&quot;,&quot;reference&quot;:&quot;auto&quot;,&quot;class&quot;:&quot;&quot;,&quot;count&quot;:&quot;15&quot;,&quot;legendonly&quot;:&quot;&quot;,&quot;readonly&quot;:&quot;&quot;,&quot;score&quot;:&quot;4.6&quot;,&quot;starsonly&quot;:&quot;&quot;,&quot;best&quot;:&quot;5&quot;,&quot;gap&quot;:&quot;5&quot;,&quot;greet&quot;:&quot;Rate this product&quot;,&quot;legend&quot;:&quot;4.6\\\/5 - (15 b\u00ecnh ch\u1ecdn)&quot;,&quot;size&quot;:&quot;24&quot;,&quot;title&quot;:&quot;Commercial Dough Mixer&quot;,&quot;width&quot;:&quot;130.9&quot;,&quot;_legend&quot;:&quot;{score}\\\/{best} - ({count} {votes})&quot;,&quot;font_factor&quot;:&quot;1.25&quot;}'>              <div class=\"kksr-stars\">      <div class=\"kksr-stars-inactive\">             <div class=\"kksr-star\" data-star=\"1\" style=\"padding-right: 5px\">               <div class=\"kksr-icon\" style=\"width: 24px; height: 24px;\"><\/div>         <\/div>             <div class=\"kksr-star\" data-star=\"2\" style=\"padding-right: 5px\">               <div class=\"kksr-icon\" style=\"width: 24px; height: 24px;\"><\/div>         <\/div>             <div class=\"kksr-star\" data-star=\"3\" style=\"padding-right: 5px\">               <div class=\"kksr-icon\" style=\"width: 24px; height: 24px;\"><\/div>         <\/div>             <div class=\"kksr-star\" data-star=\"4\" style=\"padding-right: 5px\">               <div class=\"kksr-icon\" style=\"width: 24px; height: 24px;\"><\/div>         <\/div>             <div class=\"kksr-star\" data-star=\"5\" style=\"padding-right: 5px\">               <div class=\"kksr-icon\" style=\"width: 24px; height: 24px;\"><\/div>         <\/div>     <\/div>      <div class=\"kksr-stars-active\" style=\"width: 130.9px;\">             <div class=\"kksr-star\" style=\"padding-right: 5px\">               <div class=\"kksr-icon\" style=\"width: 24px; height: 24px;\"><\/div>         <\/div>             <div class=\"kksr-star\" style=\"padding-right: 5px\">               <div class=\"kksr-icon\" style=\"width: 24px; height: 24px;\"><\/div>         <\/div>             <div class=\"kksr-star\" style=\"padding-right: 5px\">               <div class=\"kksr-icon\" style=\"width: 24px; height: 24px;\"><\/div>         <\/div>             <div class=\"kksr-star\" style=\"padding-right: 5px\">               <div class=\"kksr-icon\" style=\"width: 24px; height: 24px;\"><\/div>         <\/div>             <div class=\"kksr-star\" style=\"padding-right: 5px\">               <div class=\"kksr-icon\" style=\"width: 24px; height: 24px;\"><\/div>         <\/div>     <\/div> <\/div>                   <div class=\"kksr-legend\" style=\"font-size: 19.2px;\">             4.6\/5 - (15 l\u01b0\u1ee3t b\u00ecnh ch\u1ecdn)    <\/div>     <\/div>  <p>M\u00e1y tr\u1ed9n b\u1ed9t th\u01b0\u01a1ng m\u1ea1i l\u00e0 m\u1ed9t th\u00e0nh ph\u1ea7n thi\u1ebft y\u1ebfu cho b\u1ea5t k\u1ef3 c\u01a1 s\u1edf d\u1ecbch v\u1ee5 b\u00e1nh ng\u1ecdt n\u00e0o c\u1ea7n chu\u1ea9n b\u1ecb b\u1ed9t. N\u00f3 \u0111\u01b0\u1ee3c s\u1eed d\u1ee5ng r\u1ed9ng r\u00e3i trong c\u00e1c ti\u1ec7m b\u00e1nh, ti\u1ec7m b\u00e1nh pizza, nh\u00e0 h\u00e0ng v\u00e0 nh\u00e0 m\u00e1y th\u1ef1c ph\u1ea9m hi\u1ec7n \u0111\u1ea1i. Ch\u1ee9c n\u0103ng ch\u00ednh c\u1ee7a m\u00e1y tr\u1ed9n b\u1ed9t l\u00e0 th\u1ef1c hi\u1ec7n nhi\u1ec7m v\u1ee5 tr\u1ed9n, nh\u00e0o b\u1ed9t t\u1ef1 \u0111\u1ed9ng v\u1edbi t\u1ed1c \u0111\u1ed9 cao n\u00ean ti\u1ebft ki\u1ec7m \u0111\u01b0\u1ee3c th\u1eddi gian v\u00e0 chi ph\u00ed nh\u00e2n c\u00f4ng.<\/p>    <p>Kh\u00e1c v\u1edbi m\u00e1y tr\u1ed9n b\u1ed9t gia \u0111\u00ecnh, m\u00e1y tr\u1ed9n b\u1ed9t c\u00f4ng su\u1ea5t l\u1edbn n\u00e0y \u0111\u01b0\u1ee3c thi\u1ebft k\u1ebf cho m\u1ee5c \u0111\u00edch c\u00f4ng nghi\u1ec7p ho\u1eb7c th\u01b0\u01a1ng m\u1ea1i. N\u00f3 c\u00f3 c\u00f4ng su\u1ea5t kh\u00e1 l\u1edbn v\u00e0 c\u00f3 th\u1ec3 x\u1eed l\u00fd t\u1edbi 150kg m\u1ed9t l\u1ea7n. M\u00e1y tr\u1ed9n b\u1ed9t th\u01b0\u01a1ng m\u1ea1i \u0111\u01b0\u1ee3c b\u00e1n c\u1ee7a ch\u00fang t\u00f4i \u0111\u1ec1u s\u1eed d\u1ee5ng th\u00e9p kh\u00f4ng g\u1ec9 v\u00e0 s\u1eed d\u1ee5ng \u0111\u1ed9ng c\u01a1 ti\u00ean ti\u1ebfn. M\u00e0 l\u00e0m cho n\u00f3 \u0111\u00e1ng tin c\u1eady v\u00e0 hi\u1ec7u qu\u1ea3 h\u01a1n. Ng\u00e0y nay, m\u00e1y tr\u1ed9n b\u1ed9t c\u00f4ng nghi\u1ec7p c\u1ee7a ch\u00fang t\u00f4i \u0111\u00e3 \u0111\u01b0\u1ee3c xu\u1ea5t kh\u1ea9u sang Kenya, Phlippines, Pakistan, Ghana, Indonesia, H\u00e0n Qu\u1ed1c, Brazil, Hoa K\u1ef3, Qatar, C\u00e1c Ti\u1ec3u v\u01b0\u01a1ng qu\u1ed1c \u1ea2 R\u1eadp Th\u1ed1ng nh\u1ea5t, v.v.<\/p>    <h2 class=\"wp-block-heading\">Th\u00f4ng s\u1ed1 m\u00e1y tr\u1ed9n b\u1ed9t th\u01b0\u01a1ng m\u1ea1i<\/h2>    <figure class=\"wp-block-table\"><table><tbody><tr><td>Ng\u01b0\u1eddi m\u1eabu<\/td><td>C\u00f4ng su\u1ea5t(kg)<\/td><td>Th\u1eddi gian tr\u1ed9n (ph\u00fat)<\/td><td>\u0110i\u1ec7n \u00e1p(v)<\/td><td>C\u00f4ng su\u1ea5t(kw)<\/td><td>Tr\u1ecdng l\u01b0\u1ee3ng (kg)<\/td><td>K\u00edch th\u01b0\u1edbc (mm)<\/td><\/tr><tr><td>TZ-12.5<\/td><td>12.5<\/td><td>3-10<\/td><td>220\/380<\/td><td>1.5<\/td><td>100<\/td><td>650*400*730<\/td><\/tr><tr><td>TZ-25<\/td><td>25<\/td><td>3-10<\/td><td>220\/380<\/td><td>1.5<\/td><td>128<\/td><td>685*480*910<\/td><\/tr><tr><td>TZ-37.5<\/td><td>37.5<\/td><td>3-10<\/td><td>220\/380<\/td><td>2.2<\/td><td>175<\/td><td>840*480*910<\/td><\/tr><tr><td>TZ-50<\/td><td>50<\/td><td>3-10<\/td><td>220<\/td><td>2.2<\/td><td>230<\/td><td>1070*570*1050<\/td><\/tr><tr><td>380<\/td><td>2.575<\/td><td>275<\/td><td>&nbsp;<\/td><td>&nbsp;<\/td><td>&nbsp;<\/td><td>&nbsp;<\/td><\/tr><tr><td>TZ-75<\/td><td>75<\/td><td>3-10<\/td><td>380<\/td><td>3.75<\/td><td>475<\/td><td>1410*680*1250<\/td><\/tr><tr><td>TZ-100<\/td><td>100<\/td><td>3-10<\/td><td>380<\/td><td>3.75<\/td><td>490<\/td><td>1520*680*1250<\/td><\/tr><tr><td>TZ-150<\/td><td>150<\/td><td>3-10<\/td><td>380<\/td><td>6.25<\/td><td>700<\/td><td>1710*730*1400<\/td><\/tr><\/tbody><\/table><\/figure>    <h2 class=\"wp-block-heading\">T\u00ednh n\u0103ng\/l\u1ee3i \u00edch c\u1ee7a m\u00e1y l\u00e0m b\u1ed9t c\u00f4ng nghi\u1ec7p<\/h2>    <ol class=\"wp-block-list\" type=\"1\"> <li>N\u00f3 c\u00f3 hi\u1ec7u su\u1ea5t \u1ed5n \u0111\u1ecbnh v\u00e0 \u0111\u1ed9 \u1ed3n th\u1ea5p.<\/li>    <li>M\u00e1y tr\u1ed9n b\u1ed9t c\u00f3 c\u1ea5u t\u1ea1o \u0111\u01a1n gi\u1ea3n, r\u1ea5t d\u1ec5 v\u1eadn h\u00e0nh, l\u1eafp \u0111\u1eb7t v\u00e0 b\u1ea3o tr\u00ec<\/li>    <li>T\u1ea5t c\u1ea3 c\u00e1c m\u00e1y \u0111\u1ec1u s\u1eed d\u1ee5ng ch\u1ea5t li\u1ec7u th\u00e9p kh\u00f4ng g\u1ec9, b\u1ec1n b\u1ec9, h\u1ee3p v\u1ec7 sinh v\u00e0 d\u1ec5 d\u00e0ng v\u1ec7 sinh.<\/li>    <li>N\u00f3 \u0111\u01b0\u1ee3c trang b\u1ecb \u0111\u1ed9ng c\u01a1 m\u1ea1nh m\u1ebd v\u00e0 ti\u00ean ti\u1ebfn \u0111\u1ec3 \u0111\u1ea3m b\u1ea3o t\u1ed1c \u0111\u1ed9 cao v\u00e0 hi\u1ec7u su\u1ea5t t\u1ed1t.<\/li>    <li>M\u00e1y tr\u1ed9n b\u1ed9t c\u1ee7a ch\u00fang t\u00f4i c\u00f3 \u0111\u1ea7y \u0111\u1ee7 c\u00e1c lo\u1ea1i c\u00f4ng su\u1ea5t t\u1eeb \u200b\u200b12,5kg \u0111\u1ebfn 150kg, lu\u00f4n c\u00f3 model \u0111\u00e1p \u1ee9ng \u0111\u01b0\u1ee3c y\u00eau c\u1ea7u c\u1ee7a b\u1ea1n.<\/li>    <li>M\u00e1y tr\u1ed9n b\u1ed9t th\u01b0\u01a1ng m\u1ea1i \u0111\u01b0\u1ee3c b\u00e1n t\u1eeb ch\u00fang t\u00f4i r\u1ea5t linh ho\u1ea1t. N\u00f3 c\u00f3 th\u1ec3 \u0111\u01b0\u1ee3c s\u1eed d\u1ee5ng \u0111\u1ec3 chu\u1ea9n b\u1ecb c\u00e1c lo\u1ea1i b\u1ed9t kh\u00e1c nhau, ch\u1eb3ng h\u1ea1n nh\u01b0 b\u1ed9t b\u00e1nh ng\u1ecdt, b\u1ed9t b\u00e1nh m\u00ec, b\u1ed9t b\u00e1nh ng\u1ecdt, b\u1ed9t b\u00e1nh pizza, b\u1ed9t l\u00e0m b\u00e1nh, v.v.<\/li> <\/ol>    <div class=\"wp-block-columns is-layout-flex wp-container-core-columns-is-layout-28f84493 wp-block-columns-is-layout-flex\"> <div class=\"wp-block-column is-layout-flow wp-block-column-is-layout-flow\"> <figure class=\"wp-block-gallery has-nested-images columns-default is-cropped wp-block-gallery-2 is-layout-flex wp-block-gallery-is-layout-flex\"> <figure class=\"wp-block-image size-full\"><img loading=\"lazy\" decoding=\"async\" width=\"720\" height=\"540\" data-id=\"404\" src=\"https:\/\/topfoodmachine.com\/wp-content\/uploads\/2023\/03\/Joystick.jpg\" alt=\"C\u1ea7n \u0111i\u1ec1u khi\u1ec3n\" class=\"wp-image-404\" srcset=\"https:\/\/topfoodmachine.com\/wp-content\/uploads\/2023\/03\/Joystick.jpg 720w, https:\/\/topfoodmachine.com\/wp-content\/uploads\/2023\/03\/Joystick-300x225.jpg 300w\" sizes=\"auto, (max-width: 720px) 100vw, 720px\" \/><figcaption class=\"wp-element-caption\">C\u1ea7n \u0111i\u1ec1u khi\u1ec3n<\/figcaption><\/figure> <\/figure> <\/div>    <div class=\"wp-block-column is-layout-flow wp-block-column-is-layout-flow\"> <figure class=\"wp-block-gallery has-nested-images columns-default is-cropped wp-block-gallery-3 is-layout-flex wp-block-gallery-is-layout-flex\"> <figure class=\"wp-block-image size-full\"><img loading=\"lazy\" decoding=\"async\" width=\"720\" height=\"540\" data-id=\"406\" src=\"https:\/\/topfoodmachine.com\/wp-content\/uploads\/2023\/03\/inside-of-the-dough-mixer.jpg\" alt=\"b\u00ean trong m\u00e1y tr\u1ed9n b\u1ed9t\" class=\"wp-image-406\" srcset=\"https:\/\/topfoodmachine.com\/wp-content\/uploads\/2023\/03\/inside-of-the-dough-mixer.jpg 720w, https:\/\/topfoodmachine.com\/wp-content\/uploads\/2023\/03\/inside-of-the-dough-mixer-300x225.jpg 300w\" sizes=\"auto, (max-width: 720px) 100vw, 720px\" \/><figcaption class=\"wp-element-caption\">b\u00ean trong m\u00e1y tr\u1ed9n b\u1ed9t<\/figcaption><\/figure> <\/figure> <\/div> <\/div>    <h2 class=\"wp-block-heading\">\u01afu \u0111i\u1ec3m khi s\u1eed d\u1ee5ng m\u00e1y tr\u1ed9n b\u1ed9t c\u00f4ng nghi\u1ec7p<\/h2>    <p>S\u1eed d\u1ee5ng m\u00e1y tr\u1ed9n b\u1ed9t th\u01b0\u01a1ng m\u1ea1i c\u00f3 m\u1ed9t s\u1ed1 l\u1ee3i \u00edch, bao g\u1ed3m ti\u1ebft ki\u1ec7m th\u1eddi gian, tr\u1ed9n \u0111\u1ec1u, t\u00ednh linh ho\u1ea1t v\u00e0 gi\u1ea3m chi ph\u00ed lao \u0111\u1ed9ng. M\u00e1y tr\u1ed9n b\u1ed9t th\u01b0\u01a1ng m\u1ea1i c\u00f3 th\u1ec3 x\u1eed l\u00fd s\u1ed1 l\u01b0\u1ee3ng l\u1edbn b\u1ed9t c\u00f9ng m\u1ed9t l\u00fac, \u0111i\u1ec1u n\u00e0y kh\u00f4ng th\u1ec3 th\u1ef1c hi\u1ec7n \u0111\u01b0\u1ee3c b\u1eb1ng tay. Qu\u00e1 tr\u00ecnh tr\u1ed9n c\u0169ng \u0111\u1ed3ng \u0111\u1ec1u, \u0111\u1ea3m b\u1ea3o b\u1ed9t \u0111\u01b0\u1ee3c tr\u1ed9n \u0111\u1ec1u, t\u1eeb \u0111\u00f3 cho ra s\u1ea3n ph\u1ea9m c\u00f3 ch\u1ea5t l\u01b0\u1ee3ng t\u1ed1t h\u01a1n. Ngo\u00e0i ra, m\u00e1y tr\u1ed9n b\u1ed9t th\u01b0\u01a1ng m\u1ea1i c\u00f3 th\u1ec3 \u0111\u01b0\u1ee3c s\u1eed d\u1ee5ng cho nhi\u1ec1u c\u00f4ng th\u1ee9c n\u1ea5u \u0103n kh\u00e1c nhau, khi\u1ebfn ch\u00fang tr\u1edf n\u00ean linh ho\u1ea1t v\u00e0 th\u00edch \u1ee9ng v\u1edbi c\u00e1c nhu c\u1ea7u nh\u00e0 b\u1ebfp kh\u00e1c nhau. Cu\u1ed1i c\u00f9ng, m\u00e1y tr\u1ed9n b\u1ed9t th\u01b0\u01a1ng m\u1ea1i gi\u00fap gi\u1ea3m chi ph\u00ed lao \u0111\u1ed9ng v\u00ec ch\u00fang lo\u1ea1i b\u1ecf nhu c\u1ea7u nh\u00e0o v\u00e0 tr\u1ed9n th\u1ee7 c\u00f4ng, gi\u00fap nh\u00e2n vi\u00ean r\u1ea3nh tay \u0111\u1ec3 l\u00e0m c\u00e1c c\u00f4ng vi\u1ec7c kh\u00e1c.<\/p>    <h2 class=\"wp-block-heading\">M\u1eb9o b\u1ea3o tr\u00ec m\u00e1y tr\u1ed9n b\u1ed9t th\u01b0\u01a1ng m\u1ea1i\/c\u00f4ng nghi\u1ec7p<\/h2>    <p>C\u1ea7n ph\u1ea3i b\u1ea3o tr\u00ec \u0111\u00fang c\u00e1ch \u0111\u1ec3 \u0111\u1ea3m b\u1ea3o r\u1eb1ng m\u00e1y tr\u1ed9n b\u1ed9t th\u01b0\u01a1ng m\u1ea1i c\u1ee7a b\u1ea1n v\u1eabn \u1edf t\u00ecnh tr\u1ea1ng t\u1ed1t v\u00e0 ti\u1ebfp t\u1ee5c ho\u1ea1t \u0111\u1ed9ng hi\u1ec7u qu\u1ea3. V\u1ec7 sinh m\u00e1y tr\u1ed9n sau m\u1ed7i l\u1ea7n s\u1eed d\u1ee5ng gi\u00fap ng\u0103n ng\u1eeba s\u1ef1 t\u00edch t\u1ee5 c\u1eb7n, c\u00f3 th\u1ec3 \u1ea3nh h\u01b0\u1edfng \u0111\u1ebfn ch\u1ea5t l\u01b0\u1ee3ng b\u1ed9t v\u00e0 l\u00e0m h\u1ecfng m\u00e1y theo th\u1eddi gian. B\u00f4i tr\u01a1n c\u00e1c b\u1ed9 ph\u1eadn chuy\u1ec3n \u0111\u1ed9ng c\u0169ng r\u1ea5t quan tr\u1ecdng \u0111\u1ec3 ng\u0103n ng\u1eeba hao m\u00f2n v\u00e0 duy tr\u00ec ho\u1ea1t \u0111\u1ed9ng tr\u01a1n tru. Ki\u1ec3m tra b\u1ea3o tr\u00ec th\u01b0\u1eddng xuy\u00ean c\u0169ng c\u1ea7n thi\u1ebft \u0111\u1ec3 x\u00e1c \u0111\u1ecbnh m\u1ecdi v\u1ea5n \u0111\u1ec1 v\u00e0 gi\u1ea3i quy\u1ebft ch\u00fang k\u1ecbp th\u1eddi. Vi\u1ec7c x\u1eed l\u00fd m\u00e1y an to\u00e0n c\u0169ng r\u1ea5t quan tr\u1ecdng, \u0111\u1eb7c bi\u1ec7t l\u00e0 trong qu\u00e1 tr\u00ecnh v\u1ec7 sinh.<\/p>    <h2 class=\"wp-block-heading\">M\u00e1y tr\u1ed9n b\u1ed9t gi\u00e1 bao nhi\u00eau?<\/h2>    <p>Gi\u00e1 th\u00e0nh c\u1ee7a m\u00e1y tr\u1ed9n b\u1ed9t c\u00f3 th\u1ec3 kh\u00e1c nhau t\u00f9y thu\u1ed9c v\u00e0o m\u1ed9t s\u1ed1 y\u1ebfu t\u1ed1, ch\u1eb3ng h\u1ea1n nh\u01b0 th\u01b0\u01a1ng hi\u1ec7u, c\u00f4ng su\u1ea5t, c\u00f4ng su\u1ea5t v\u00e0 t\u00ednh n\u0103ng. M\u00e1y tr\u1ed9n b\u1ed9t th\u01b0\u01a1ng m\u1ea1i v\u00e0 c\u00f4ng nghi\u1ec7p c\u00f3 xu h\u01b0\u1edbng c\u00f3 gi\u00e1 cao h\u01a1n so v\u1edbi m\u00e1y gia \u0111\u00ecnh do k\u00edch th\u01b0\u1edbc l\u1edbn h\u01a1n v\u00e0 kh\u1ea3 n\u0103ng ho\u1ea1t \u0111\u1ed9ng cao h\u01a1n. V\u00ed d\u1ee5, gi\u00e1 m\u00e1y tr\u1ed9n b\u1ed9t TZ-50 r\u1ebb h\u01a1n m\u00e1y tr\u1ed9n b\u1ed9t TZ-100, do c\u00f3 c\u00f4ng su\u1ea5t th\u1ea5p h\u01a1n. V\u00ec v\u1eady, \u0111i\u1ec1u quan tr\u1ecdng l\u00e0 ph\u1ea3i \u0111\u1ea3m b\u1ea3o c\u00e1c y\u00eau c\u1ea7u c\u1ee7a b\u1ea1n tr\u01b0\u1edbc khi mua. H\u00e3y li\u00ean h\u1ec7 v\u1edbi ch\u00fang t\u00f4i ngay h\u00f4m nay \u0111\u1ec3 cho ch\u00fang t\u00f4i bi\u1ebft nhu c\u1ea7u c\u1ee7a b\u1ea1n v\u00e0 nh\u1eadn \u0111\u01b0\u1ee3c b\u1ea3ng gi\u00e1 mi\u1ec5n ph\u00ed v\u00e0 \u0111\u1ea7y \u0111\u1ee7.<\/p>    <figure class=\"wp-block-image size-full\"><img loading=\"lazy\" decoding=\"async\" width=\"720\" height=\"540\" src=\"https:\/\/topfoodmachine.com\/wp-content\/uploads\/2023\/03\/industrial-dough-mixer-machine.jpg\" alt=\"m\u00e1y tr\u1ed9n b\u1ed9t c\u00f4ng nghi\u1ec7p\" class=\"wp-image-409\" srcset=\"https:\/\/topfoodmachine.com\/wp-content\/uploads\/2023\/03\/industrial-dough-mixer-machine.jpg 720w, https:\/\/topfoodmachine.com\/wp-content\/uploads\/2023\/03\/industrial-dough-mixer-machine-300x225.jpg 300w\" sizes=\"auto, (max-width: 720px) 100vw, 720px\" \/><figcaption class=\"wp-element-caption\">m\u00e1y tr\u1ed9n b\u1ed9t c\u00f4ng nghi\u1ec7p<\/figcaption><\/figure>    <h2 class=\"wp-block-heading\">H\u00e3y li\u00ean h\u1ec7 ngay \u0111\u1ec3 b\u1eaft \u0111\u1ea7u\/mang l\u1ea1i l\u1ee3i \u00edch cho doanh nghi\u1ec7p c\u1ee7a b\u1ea1n!<\/h2>    <p>N\u1ebfu b\u1ea1n l\u00e0 ch\u1ee7 c\u01a1 s\u1edf s\u1ea3n xu\u1ea5t b\u00e1nh m\u00ec ho\u1eb7c th\u1ef1c ph\u1ea9m, vi\u1ec7c \u0111\u1ea7u t\u01b0 v\u00e0o m\u00e1y l\u00e0m b\u1ed9t c\u00f4ng nghi\u1ec7p c\u00f3 th\u1ec3 gi\u00fap n\u00e2ng cao hi\u1ec7u qu\u1ea3 v\u00e0 n\u0103ng su\u1ea5t kinh doanh \u0111\u1ed3ng th\u1eddi gi\u1ea3m chi ph\u00ed lao \u0111\u1ed9ng. V\u1edbi nhi\u1ec1u l\u1ee3i \u00edch nh\u01b0 ti\u1ebft ki\u1ec7m th\u1eddi gian, t\u00ednh nh\u1ea5t qu\u00e1n, t\u00ednh linh ho\u1ea1t v\u00e0 c\u00f4ng su\u1ea5t l\u1edbn, m\u00e1y l\u00e0m b\u1ed9t c\u00f4ng nghi\u1ec7p c\u00f3 th\u1ec3 l\u00e0 y\u1ebfu t\u1ed1 thay \u0111\u1ed5i cu\u1ed9c ch\u01a1i cho ho\u1ea1t \u0111\u1ed9ng c\u1ee7a b\u1ea1n. \u0110\u1ea7u t\u01b0 v\u00e0o m\u1ed9t c\u00e1i ngay h\u00f4m nay \u0111\u1ec3 g\u1eb7t h\u00e1i nh\u1eefng ph\u1ea7n th\u01b0\u1edfng nh\u1edd t\u0103ng hi\u1ec7u qu\u1ea3, t\u00ednh nh\u1ea5t qu\u00e1n v\u00e0 l\u1ee3i nhu\u1eadn.<\/p>    <p class=\"translation-block\">C\u00f4ng ty Taizy l\u00e0 m\u1ed9t nh\u00e0 s\u1ea3n xu\u1ea5t <a href=\"https:\/\/topfoodmachine.com\/vi\/\">m\u00e1y m\u00f3c s\u1ea3n xu\u1ea5t v\u00e0 ch\u1ebf bi\u1ebfn th\u1ef1c ph\u1ea9m<\/a> to\u00e0n di\u1ec7n. N\u1ebfu b\u1ea1n mu\u1ed1n b\u1eaft \u0111\u1ea7u kinh doanh th\u1ef1c ph\u1ea9m c\u1ee7a m\u00ecnh, h\u00e3y li\u00ean h\u1ec7 ngay \u0111\u1ec3 b\u1eaft \u0111\u1ea7u h\u00e0nh tr\u00ecnh kinh doanh th\u00e0nh c\u00f4ng c\u1ee7a b\u1ea1n.<\/p>","protected":false},"excerpt":{"rendered":"<p>Commercial dough mixer is an essential component for any pastry service establishment that requires dough preparation. It is widely used in the modern bakeries, pizzerias, restaurant, and food factories. The main function of the dough mixer machine is to perform the task of mixing and kneading dough automatically at a high speed, thus saving time [&hellip;]<\/p>\n","protected":false},"author":1,"featured_media":403,"parent":0,"template":"","tags":[17],"product-type":[6],"class_list":["post-402","product","type-product","status-publish","has-post-thumbnail","hentry","tag-pastry-production-machine","product-type-pastry-production-machine"],"_links":{"self":[{"href":"https:\/\/topfoodmachine.com\/vi\/wp-json\/wp\/v2\/product\/402","targetHints":{"allow":["GET"]}}],"collection":[{"href":"https:\/\/topfoodmachine.com\/vi\/wp-json\/wp\/v2\/product"}],"about":[{"href":"https:\/\/topfoodmachine.com\/vi\/wp-json\/wp\/v2\/types\/product"}],"author":[{"embeddable":true,"href":"https:\/\/topfoodmachine.com\/vi\/wp-json\/wp\/v2\/users\/1"}],"wp:featuredmedia":[{"embeddable":true,"href":"https:\/\/topfoodmachine.com\/vi\/wp-json\/wp\/v2\/media\/403"}],"wp:attachment":[{"href":"https:\/\/topfoodmachine.com\/vi\/wp-json\/wp\/v2\/media?parent=402"}],"wp:term":[{"taxonomy":"post_tag","embeddable":true,"href":"https:\/\/topfoodmachine.com\/vi\/wp-json\/wp\/v2\/tags?post=402"},{"taxonomy":"product-type","embeddable":true,"href":"https:\/\/topfoodmachine.com\/vi\/wp-json\/wp\/v2\/product-type?post=402"}],"curies":[{"name":"wp","href":"https:\/\/api.w.org\/{rel}","templated":true}]}}