{"id":311,"date":"2022-08-04T09:57:14","date_gmt":"2022-08-04T01:57:14","guid":{"rendered":"https:\/\/topfoodmachine.com\/?post_type=product&#038;p=311"},"modified":"2023-03-15T17:21:31","modified_gmt":"2023-03-15T09:21:31","slug":"ginger-powder-production-line","status":"publish","type":"product","link":"https:\/\/topfoodmachine.com\/vi\/product\/ginger-powder-production-line\/","title":{"rendered":"D\u00e2y chuy\u1ec1n s\u1ea3n xu\u1ea5t b\u1ed9t g\u1eebng"},"content":{"rendered":"<div class=\"kk-star-ratings kksr-auto kksr-align-left kksr-valign-top\"     data-payload='{&quot;align&quot;:&quot;left&quot;,&quot;id&quot;:&quot;311&quot;,&quot;slug&quot;:&quot;default&quot;,&quot;valign&quot;:&quot;top&quot;,&quot;ignore&quot;:&quot;&quot;,&quot;reference&quot;:&quot;auto&quot;,&quot;class&quot;:&quot;&quot;,&quot;count&quot;:&quot;24&quot;,&quot;legendonly&quot;:&quot;&quot;,&quot;readonly&quot;:&quot;&quot;,&quot;score&quot;:&quot;4.6&quot;,&quot;starsonly&quot;:&quot;&quot;,&quot;best&quot;:&quot;5&quot;,&quot;gap&quot;:&quot;5&quot;,&quot;greet&quot;:&quot;Rate this product&quot;,&quot;legend&quot;:&quot;4.6\\\/5 - (24 b\u00ecnh ch\u1ecdn)&quot;,&quot;size&quot;:&quot;24&quot;,&quot;title&quot;:&quot;Ginger Powder Production Line&quot;,&quot;width&quot;:&quot;130.9&quot;,&quot;_legend&quot;:&quot;{score}\\\/{best} - ({count} {votes})&quot;,&quot;font_factor&quot;:&quot;1.25&quot;}'>              <div class=\"kksr-stars\">      <div class=\"kksr-stars-inactive\">             <div class=\"kksr-star\" data-star=\"1\" style=\"padding-right: 5px\">               <div class=\"kksr-icon\" style=\"width: 24px; height: 24px;\"><\/div>         <\/div>             <div class=\"kksr-star\" data-star=\"2\" style=\"padding-right: 5px\">               <div class=\"kksr-icon\" style=\"width: 24px; height: 24px;\"><\/div>         <\/div>             <div class=\"kksr-star\" data-star=\"3\" style=\"padding-right: 5px\">               <div class=\"kksr-icon\" style=\"width: 24px; height: 24px;\"><\/div>         <\/div>             <div class=\"kksr-star\" data-star=\"4\" style=\"padding-right: 5px\">               <div class=\"kksr-icon\" style=\"width: 24px; height: 24px;\"><\/div>         <\/div>             <div class=\"kksr-star\" data-star=\"5\" style=\"padding-right: 5px\">               <div class=\"kksr-icon\" style=\"width: 24px; height: 24px;\"><\/div>         <\/div>     <\/div>      <div class=\"kksr-stars-active\" style=\"width: 130.9px;\">             <div class=\"kksr-star\" style=\"padding-right: 5px\">               <div class=\"kksr-icon\" style=\"width: 24px; height: 24px;\"><\/div>         <\/div>             <div class=\"kksr-star\" style=\"padding-right: 5px\">               <div class=\"kksr-icon\" style=\"width: 24px; height: 24px;\"><\/div>         <\/div>             <div class=\"kksr-star\" style=\"padding-right: 5px\">               <div class=\"kksr-icon\" style=\"width: 24px; height: 24px;\"><\/div>         <\/div>             <div class=\"kksr-star\" style=\"padding-right: 5px\">               <div class=\"kksr-icon\" style=\"width: 24px; height: 24px;\"><\/div>         <\/div>             <div class=\"kksr-star\" style=\"padding-right: 5px\">               <div class=\"kksr-icon\" style=\"width: 24px; height: 24px;\"><\/div>         <\/div>     <\/div> <\/div>                   <div class=\"kksr-legend\" style=\"font-size: 19.2px;\">             4.6\/5 - (24 l\u01b0\u1ee3t b\u00ecnh ch\u1ecdn)    <\/div>     <\/div>  <p class=\"translation-block\"><strong>D\u00e2y chuy\u1ec1n s\u1ea3n xu\u1ea5t b\u1ed9t g\u1eebng<\/strong> ho\u1eb7c <strong>d\u00e2y chuy\u1ec1n ch\u1ebf bi\u1ebfn b\u1ed9t g\u1eebng<\/strong> \u0111\u01b0\u1ee3c thi\u1ebft k\u1ebf \u0111\u1ec3 ch\u1ebf bi\u1ebfn g\u1eebng kh\u00f4 th\u00e0nh b\u1ed9t g\u1eebng. N\u00f3 bao g\u1ed3m m\u1ed9t m\u00e1y r\u1eeda g\u1eebng, m\u00e1y g\u1ecdt v\u1ecf g\u1eebng, m\u00e1y tr\u1ee5ng, m\u00e1y s\u1ea5y g\u1eebng, m\u00e1y xay g\u1eebng v\u00e0 m\u00e1y \u0111\u00f3ng g\u00f3i b\u1ed9t g\u1eebng. T\u1ea5t c\u1ea3 c\u00e1c m\u00e1y \u0111\u1ec1u \u0111\u01b0\u1ee3c l\u00e0m b\u1eb1ng th\u00e9p kh\u00f4ng g\u1ec9 \u0111\u1ea1t ti\u00eau chu\u1ea9n th\u1ef1c ph\u1ea9m, b\u1ec1n v\u00e0 d\u1ec5 v\u1ec7 sinh. D\u00e2y chuy\u1ec1n s\u1ea3n xu\u1ea5t b\u1ed9t g\u1eebng do m\u00e1y m\u00f3c TAIZY s\u1ea3n xu\u1ea5t c\u00f3 th\u1ec3 \u0111\u01b0\u1ee3c \u00e1p d\u1ee5ng \u0111\u1ec3 ch\u1ebf bi\u1ebfn g\u1eebng, ngh\u1ec7, v.v. Ngo\u00e0i ra, c\u00f4ng su\u1ea5t c\u1ee7a n\u00f3 t\u1eeb 100kg \u0111\u1ebfn 2000kg m\u1ed7i ng\u00e0y. B\u1ed9t g\u1eebng c\u00f3 m\u1ed9t ph\u1ea1m vi \u1ee9ng d\u1ee5ng r\u1ea5t r\u1ed9ng. V\u00e0 \u0111\u00e3 \u0111\u1ebfn l\u00fac \u0111\u1ea7u t\u01b0 v\u00e0o m\u1ed9t <strong>m\u00e1y b\u1ed9t g\u1eebng<\/strong> \u0111\u1ec3 mang l\u1ea1i l\u1ee3i \u00edch l\u1edbn cho doanh nghi\u1ec7p c\u1ee7a b\u1ea1n.<\/p>    <h2 class=\"wp-block-heading\">S\u01a1 \u0111\u1ed3 quy tr\u00ecnh ch\u1ebf bi\u1ebfn g\u1eebng<\/h2>    <p>To\u00e0n b\u1ed9 d\u00e2y chuy\u1ec1n ch\u1ebf bi\u1ebfn b\u1ed9t g\u1eebng bao g\u1ed3m quy tr\u00ecnh sau:<\/p>    <p class=\"translation-block\"><strong>R\u1eeda &amp; g\u1ecdt v\u1ecf g\u1eebng kh\u00f4 \u2192 c\u1eaft g\u1eebng \u2192 tr\u1ee5ng g\u1eebng \u2192 s\u1ea5y g\u1eebng \u2192 xay g\u1eebng \u2192 \u0111\u00f3ng g\u00f3i b\u1ed9t g\u1eebng<\/strong>.<\/p>    <figure class=\"wp-block-image size-full\"><img loading=\"lazy\" decoding=\"async\" width=\"720\" height=\"540\" src=\"https:\/\/topfoodmachine.com\/wp-content\/uploads\/2022\/08\/ginger-powder-manufacturing-line.jpg\" alt=\"d\u00e2y chuy\u1ec1n s\u1ea3n xu\u1ea5t b\u1ed9t g\u1eebng\" class=\"wp-image-392\" srcset=\"https:\/\/topfoodmachine.com\/wp-content\/uploads\/2022\/08\/ginger-powder-manufacturing-line.jpg 720w, https:\/\/topfoodmachine.com\/wp-content\/uploads\/2022\/08\/ginger-powder-manufacturing-line-300x225.jpg 300w\" sizes=\"auto, (max-width: 720px) 100vw, 720px\" \/><figcaption class=\"wp-element-caption\">d\u00e2y chuy\u1ec1n s\u1ea3n xu\u1ea5t b\u1ed9t g\u1eebng<\/figcaption><\/figure>    <h2 class=\"wp-block-heading\">C\u00e1c b\u1ed9 ph\u1eadn ch\u00ednh c\u1ee7a d\u00e2y chuy\u1ec1n s\u1ea3n xu\u1ea5t b\u1ed9t g\u1eebng<\/h2>    <h3 class=\"wp-block-heading\">M\u00e1y r\u1eeda v\u00e0 g\u1ecdt v\u1ecf g\u1eebng<\/h3>    <div class=\"wp-block-columns has-light-green-cyan-background-color has-background is-layout-flex wp-container-core-columns-is-layout-28f84493 wp-block-columns-is-layout-flex\"> <div class=\"wp-block-column is-vertically-aligned-center is-layout-flow wp-block-column-is-layout-flow\"> <figure class=\"wp-block-image size-full\"><img loading=\"lazy\" decoding=\"async\" width=\"720\" height=\"540\" src=\"https:\/\/topfoodmachine.com\/wp-content\/uploads\/2022\/08\/ginger-washing-and-peeling-machine.jpg\" alt=\"m\u00e1y r\u1eeda v\u00e0 g\u1ecdt v\u1ecf g\u1eebng\" class=\"wp-image-317\" srcset=\"https:\/\/topfoodmachine.com\/wp-content\/uploads\/2022\/08\/ginger-washing-and-peeling-machine.jpg 720w, https:\/\/topfoodmachine.com\/wp-content\/uploads\/2022\/08\/ginger-washing-and-peeling-machine-300x225.jpg 300w\" sizes=\"auto, (max-width: 720px) 100vw, 720px\" \/><figcaption class=\"wp-element-caption\">m\u00e1y r\u1eeda v\u00e0 g\u1ecdt v\u1ecf g\u1eebng<\/figcaption><\/figure> <\/div>    <div class=\"wp-block-column is-vertically-aligned-center is-layout-flow wp-block-column-is-layout-flow\"> <p class=\"translation-block\"><a href=\"https:\/\/topfoodmachine.com\/vi\/product\/fruit-and-vegetable-washing-machine\/\">M\u00e1y r\u1eeda g\u1eebng t\u1ef1 \u0111\u1ed9ng<\/a> \u0111\u01b0\u1ee3c s\u1eed d\u1ee5ng \u0111\u1ec3 l\u00e0m s\u1ea1ch b\u1ee5i b\u1ea9n tr\u00ean b\u1ec1 m\u1eb7t g\u1eebng. To\u00e0n b\u1ed9 m\u00e1y \u0111\u01b0\u1ee3c l\u00e0m b\u1eb1ng v\u1eadt li\u1ec7u th\u00e9p kh\u00f4ng g\u1ec9 \u0111\u1ea1t ti\u00eau chu\u1ea9n th\u1ef1c ph\u1ea9m, b\u1ec1n\u2014m\u00e1y ch\u1ee7 y\u1ebfu s\u1eed d\u1ee5ng b\u00e0n ch\u1ea3i v\u00e0 ma s\u00e1t g\u1eebng \u0111\u1ec3 \u0111\u1ea1t \u0111\u01b0\u1ee3c ch\u1ee9c n\u0103ng g\u1ecdt v\u1ecf. \u00c1p d\u1ee5ng nguy\u00ean l\u00fd ch\u1ea3i, m\u00e1y r\u1eeda &amp; g\u1ecdt v\u1ecf g\u1eebng ch\u1ee7 y\u1ebfu \u0111\u01b0\u1ee3c s\u1eed d\u1ee5ng cho c\u00e0 r\u1ed1t. C\u1ee7 c\u1ea3i tr\u1eafng. Khoai t\u00e2y, b\u00ed m\u00f9a \u0111\u00f4ng, g\u1eebng, khoai t\u00e2y, khoai lang, kiwi, t\u1ea5t c\u1ea3 c\u00e1c lo\u1ea1i c\u1ee7 c\u1ea3i v\u00e0 khoai m\u00f4n, v\u00e0 c\u00e1c lo\u1ea1i tr\u00e1i c\u00e2y v\u00e0 rau qu\u1ea3 kh\u00e1c, v.v. \u0111\u1ec3 lo\u1ea1i b\u1ecf b\u00e3 v\u00e0 v\u1ecf.<\/p> <\/div> <\/div>    <h3 class=\"wp-block-heading\">M\u00e1y c\u1eaft g\u1eebng<\/h3>    <div class=\"wp-block-columns has-white-background-color has-background is-layout-flex wp-container-core-columns-is-layout-28f84493 wp-block-columns-is-layout-flex\"> <div class=\"wp-block-column is-vertically-aligned-center is-layout-flow wp-block-column-is-layout-flow\"> <p>M\u00e1y c\u1eaft g\u1eebng c\u1eaft m\u00f4 g\u1eebng b\u1eb1ng m\u00f4 t\u01b0\u01a1i m\u00e0 kh\u00f4ng ph\u00e1 h\u1ee7y m\u00f4 s\u1ee3i. Trong khi \u0111\u00f3, m\u00e1y c\u1eaft g\u1eebng c\u00f3 hi\u1ec7u su\u1ea5t cao, d\u1ec5 v\u1eadn h\u00e0nh, ti\u00eau hao \u00edt n\u0103ng l\u01b0\u1ee3ng, t\u1ed1t cho s\u1ee9c kh\u1ecfe, an to\u00e0n v\u00e0 hi\u1ec7u qu\u1ea3. \u0110\u1ed9 d\u00e0y ph\u1ed5 bi\u1ebfn c\u1ee7a l\u00e1t g\u1eebng tr\u01b0\u1edbc b\u1ed9t g\u1eebng l\u00e0 1,5-2mm.<\/p> <\/div>    <div class=\"wp-block-column is-layout-flow wp-block-column-is-layout-flow\"> <figure class=\"wp-block-image aligncenter size-full\"><img loading=\"lazy\" decoding=\"async\" width=\"720\" height=\"540\" src=\"https:\/\/topfoodmachine.com\/wp-content\/uploads\/2022\/08\/ginger-slicer-machine.jpg\" alt=\"m\u00e1y c\u1eaft g\u1eebng\" class=\"wp-image-318\" srcset=\"https:\/\/topfoodmachine.com\/wp-content\/uploads\/2022\/08\/ginger-slicer-machine.jpg 720w, https:\/\/topfoodmachine.com\/wp-content\/uploads\/2022\/08\/ginger-slicer-machine-300x225.jpg 300w\" sizes=\"auto, (max-width: 720px) 100vw, 720px\" \/><figcaption class=\"wp-element-caption\">m\u00e1y c\u1eaft g\u1eebng<\/figcaption><\/figure> <\/div> <\/div>    <h3 class=\"wp-block-heading\">M\u00e1y s\u1ea5y g\u1eebng<\/h3>    <div class=\"wp-block-columns has-light-green-cyan-background-color has-background is-layout-flex wp-container-core-columns-is-layout-28f84493 wp-block-columns-is-layout-flex\"> <div class=\"wp-block-column is-vertically-aligned-center is-layout-flow wp-block-column-is-layout-flow\"> <figure class=\"wp-block-image size-full\"><img loading=\"lazy\" decoding=\"async\" width=\"720\" height=\"540\" src=\"https:\/\/topfoodmachine.com\/wp-content\/uploads\/2022\/08\/ginger-drying-machine.jpg\" alt=\"m\u00e1y s\u1ea5y g\u1eebng\" class=\"wp-image-319\" srcset=\"https:\/\/topfoodmachine.com\/wp-content\/uploads\/2022\/08\/ginger-drying-machine.jpg 720w, https:\/\/topfoodmachine.com\/wp-content\/uploads\/2022\/08\/ginger-drying-machine-300x225.jpg 300w\" sizes=\"auto, (max-width: 720px) 100vw, 720px\" \/><figcaption class=\"wp-element-caption\">m\u00e1y s\u1ea5y g\u1eebng<\/figcaption><\/figure> <\/div>    <div class=\"wp-block-column is-vertically-aligned-center is-layout-flow wp-block-column-is-layout-flow\"> <p class=\"has-text-align-left\">M\u00e1y s\u1ea5y g\u1eebng ch\u1ee7 y\u1ebfu \u0111\u01b0\u1ee3c \u00e1p d\u1ee5ng \u0111\u1ec3 kh\u1eed n\u01b0\u1edbc c\u00e1c l\u00e1t g\u1eebng. M\u00e1y s\u1ea5y l\u00e1t g\u1eebng kh\u00f4ng ch\u1ec9 ph\u00f9 h\u1ee3p v\u1edbi d\u00e2y chuy\u1ec1n s\u1ea3n xu\u1ea5t b\u1ed9t g\u1eebng m\u00e0 c\u00f2n \u0111\u01b0\u1ee3c s\u1eed d\u1ee5ng r\u1ed9ng r\u00e3i \u0111\u1ec3 s\u1ea5y tr\u00e1i c\u00e2y, rau qu\u1ea3, d\u01b0\u1ee3c li\u1ec7u v\u00e0 c\u00e1c s\u1ea3n ph\u1ea9m kh\u00e1c. V\u00e0 m\u00e1y r\u1ea5t th\u00f4ng minh, s\u1eed d\u1ee5ng b\u1ea3ng \u0111i\u1ec1u khi\u1ec3n th\u00f4ng minh \u0111\u1ec3 \u0111i\u1ec1u khi\u1ec3n to\u00e0n b\u1ed9 qu\u00e1 tr\u00ecnh s\u1ea5y. M\u00e1y s\u1ea5y l\u00e1t g\u1eebng c\u00f3 th\u1ec3 \u00e1p d\u1ee5ng nhi\u1ec1u ph\u01b0\u01a1ng ph\u00e1p s\u01b0\u1edfi \u1ea5m kh\u00e1c nhau nh\u01b0 \u0111i\u1ec7n v\u00e0 h\u01a1i n\u01b0\u1edbc. V\u00e0 c\u00f3 r\u1ea5t nhi\u1ec1u m\u1eabu m\u00e3, c\u00f3 th\u1ec3 \u0111\u00e1p \u1ee9ng nhu c\u1ea7u c\u1ee7a kh\u00e1ch h\u00e0ng v\u1edbi c\u00e1c th\u00f4ng s\u1ed1 k\u1ef9 thu\u1eadt kh\u00e1c nhau.<\/p> <\/div> <\/div>    <h3 class=\"wp-block-heading\">M\u00e1y nghi\u1ec1n g\u1eebng<\/h3>    <div class=\"wp-block-columns is-layout-flex wp-container-core-columns-is-layout-28f84493 wp-block-columns-is-layout-flex\"> <div class=\"wp-block-column is-vertically-aligned-center is-layout-flow wp-block-column-is-layout-flow\"> <p>M\u00e1y l\u00e0m b\u1ed9t g\u1eebng l\u00e0 m\u00e1y nghi\u1ec1n c\u00e1c l\u00e1t g\u1eebng kh\u00f4. \u0110\u1ed9 m\u1ecbn c\u1ee7a b\u1ed9t g\u1eebng \u0111\u01b0\u1ee3c nghi\u1ec1n b\u1eb1ng m\u00e1y nghi\u1ec1n c\u00f3 th\u1ec3 \u0111\u1ea1t t\u1edbi 20 ~ 120 l\u01b0\u1edbi. M\u00e1y nghi\u1ec1n g\u1eebng \u0111\u01b0\u1ee3c s\u1eed d\u1ee5ng r\u1ed9ng r\u00e3i \u0111\u1ec3 nghi\u1ec1n n\u00e1t c\u00e1c lo\u1ea1i ng\u0169 c\u1ed1c v\u00e0 d\u01b0\u1ee3c li\u1ec7u. N\u00f3 c\u00f3 th\u1ec3 th\u1ef1c hi\u1ec7n s\u1ea3n xu\u1ea5t li\u00ean t\u1ee5c v\u1edbi \u0111\u1ed9 \u1ed3n th\u1ea5p v\u00e0 t\u1ed1c \u0111\u1ed9 c\u1ea5p li\u1ec7u c\u00f3 th\u1ec3 \u0111i\u1ec1u ch\u1ec9nh.<\/p> <\/div>    <div class=\"wp-block-column is-vertically-aligned-center is-layout-flow wp-block-column-is-layout-flow\"> <figure class=\"wp-block-image size-full\"><img loading=\"lazy\" decoding=\"async\" width=\"720\" height=\"540\" src=\"https:\/\/topfoodmachine.com\/wp-content\/uploads\/2022\/08\/ginger-powder-making-machine.jpg\" alt=\"m\u00e1y l\u00e0m b\u1ed9t g\u1eebng\" class=\"wp-image-320\" srcset=\"https:\/\/topfoodmachine.com\/wp-content\/uploads\/2022\/08\/ginger-powder-making-machine.jpg 720w, https:\/\/topfoodmachine.com\/wp-content\/uploads\/2022\/08\/ginger-powder-making-machine-300x225.jpg 300w\" sizes=\"auto, (max-width: 720px) 100vw, 720px\" \/><figcaption class=\"wp-element-caption\">m\u00e1y l\u00e0m b\u1ed9t g\u1eebng<\/figcaption><\/figure> <\/div> <\/div>    <h3 class=\"wp-block-heading\">M\u00e1y s\u00e0ng l\u1ecdc<\/h3>    <div class=\"wp-block-columns has-light-green-cyan-background-color has-background is-layout-flex wp-container-core-columns-is-layout-28f84493 wp-block-columns-is-layout-flex\"> <div class=\"wp-block-column is-vertically-aligned-center is-layout-flow wp-block-column-is-layout-flow\"> <figure class=\"wp-block-image size-full\"><img loading=\"lazy\" decoding=\"async\" width=\"720\" height=\"540\" src=\"https:\/\/topfoodmachine.com\/wp-content\/uploads\/2022\/08\/screening-machine.jpg\" alt=\"m\u00e1y s\u00e0ng l\u1ecdc\" class=\"wp-image-321\" srcset=\"https:\/\/topfoodmachine.com\/wp-content\/uploads\/2022\/08\/screening-machine.jpg 720w, https:\/\/topfoodmachine.com\/wp-content\/uploads\/2022\/08\/screening-machine-300x225.jpg 300w\" sizes=\"auto, (max-width: 720px) 100vw, 720px\" \/><figcaption class=\"wp-element-caption\">m\u00e1y s\u00e0ng l\u1ecdc<\/figcaption><\/figure> <\/div>    <div class=\"wp-block-column is-vertically-aligned-center is-layout-flow wp-block-column-is-layout-flow\"> <p>M\u00e1y s\u00e0ng \u0111\u1ec3 s\u00e0ng b\u1ed9t g\u1eebng xay. \u0110\u1ed9 m\u1ecbn m\u00e0n h\u00ecnh v\u00e0 c\u1ea5p m\u00e0n h\u00ecnh kh\u00e1c nhau c\u00f3 th\u1ec3 \u0111\u01b0\u1ee3c t\u00f9y ch\u1ec9nh theo y\u00eau c\u1ea7u s\u00e0ng l\u1ecdc. N\u00f3 c\u00f3 s\u1eb5n \u1edf 3, 4, 5 v\u00e0 nhi\u1ec1u l\u1edbp m\u00e0n h\u00ecnh kh\u00e1c. M\u00e1y c\u00f2n \u0111\u01b0\u1ee3c trang b\u1ecb c\u00e1c bi r\u00e2y b\u00ean trong \u0111\u1ec3 ch\u1ed1ng t\u1eafc ngh\u1ebdn v\u00e0 ph\u00e2n ph\u1ed1i b\u1ed9t g\u1eebng \u0111\u1ec1u.&nbsp;<\/p> <\/div> <\/div>    <h3 class=\"wp-block-heading\">M\u00e1y \u0111\u00f3ng g\u00f3i b\u1ed9t g\u1eebng<\/h3>    <div class=\"wp-block-columns is-layout-flex wp-container-core-columns-is-layout-28f84493 wp-block-columns-is-layout-flex\"> <div class=\"wp-block-column is-vertically-aligned-center is-layout-flow wp-block-column-is-layout-flow\"> <p class=\"translation-block\">M\u00e1y <a href=\"https:\/\/topfoodmachine.com\/vi\/product\/spice-powder-packing-machine\/\">\u0111\u00f3ng g\u00f3i b\u1ed9t g\u1eebng<\/a> n\u00e0y c\u00f3 ch\u1ee9c n\u0103ng c\u00e2n t\u1ef1 \u0111\u1ed9ng ho\u00e0n to\u00e0n, \u0111i\u1ec1n, in ng\u00e0y, ni\u00eam phong v\u00e0 l\u00e0m t\u00fai. \u00c1p d\u1ee5ng b\u1ea3ng \u0111i\u1ec1u khi\u1ec3n \u0111i\u1ec1u khi\u1ec3n th\u00f4ng minh, \u0111\u1ed9 ch\u00ednh x\u00e1c \u0111\u00f3ng g\u00f3i ch\u00ednh x\u00e1c v\u00e0 hi\u1ec7u su\u1ea5t s\u1ea3n xu\u1ea5t cao. N\u00f3 c\u00f3 th\u1ec3 \u0111\u01b0\u1ee3c trang b\u1ecb b\u1ed9 m\u00e3 h\u00f3a, k\u1eb9p kh\u00ed ho\u1eb7c thi\u1ebft b\u1ecb b\u01a1m h\u01a1i theo nhu c\u1ea7u.<\/p> <\/div>    <div class=\"wp-block-column is-vertically-aligned-center is-layout-flow wp-block-column-is-layout-flow\"> <figure class=\"wp-block-image size-full\"><img loading=\"lazy\" decoding=\"async\" width=\"600\" height=\"450\" src=\"https:\/\/topfoodmachine.com\/wp-content\/uploads\/2022\/08\/ginger-powder-packing-machine.jpg\" alt=\"m\u00e1y \u0111\u00f3ng g\u00f3i b\u1ed9t g\u1eebng\" class=\"wp-image-322\" srcset=\"https:\/\/topfoodmachine.com\/wp-content\/uploads\/2022\/08\/ginger-powder-packing-machine.jpg 600w, https:\/\/topfoodmachine.com\/wp-content\/uploads\/2022\/08\/ginger-powder-packing-machine-300x225.jpg 300w\" sizes=\"auto, (max-width: 600px) 100vw, 600px\" \/><figcaption class=\"wp-element-caption\">m\u00e1y \u0111\u00f3ng g\u00f3i b\u1ed9t g\u1eebng<\/figcaption><\/figure> <\/div> <\/div>    <h2 class=\"wp-block-heading\">Th\u00f4ng s\u1ed1 c\u1ee7a d\u00e2y chuy\u1ec1n s\u1ea3n xu\u1ea5t b\u1ed9t g\u1eebng Taizy <\/h2>    <figure class=\"wp-block-table\"><table><tbody><tr><td>M\u1ee5c<\/td><td>quy\u1ec1n l\u1ef1c<\/td><td>k\u00edch c\u1ee1<\/td><\/tr><tr><td>m\u00e1y gi\u1eb7t b\u00e0n ch\u1ea3i<\/td><td>1,1kw<\/td><td>1580*850*800mm<\/td><\/tr><tr><td>m\u00e1y th\u00e1i th\u1ecbt<\/td><td>0,75kw<\/td><td>950*800*950mm<\/td><\/tr><tr><td>m\u00e1y ch\u1ea7n<\/td><td>36kw<\/td><td>1700*700*950mm<\/td><\/tr><tr><td>m\u00e1y l\u00e0m m\u00e1t kh\u00f4ng kh\u00ed<\/td><td>7,5kw<\/td><td>3000*1200*1600mm<\/td><\/tr><tr><td>m\u00e1y s\u1ea5y kh\u00f4<\/td><td>12,73kw<\/td><td>1500*1200*2200mm<\/td><\/tr><\/tbody><\/table><\/figure>    <h2 class=\"wp-block-heading\">\u0110\u1eb7c \u0111i\u1ec3m c\u1ee7a d\u00e2y chuy\u1ec1n ch\u1ebf bi\u1ebfn b\u1ed9t g\u1eebng t\u1ef1 \u0111\u1ed9ng <\/h2>    <ol class=\"wp-block-list\" type=\"1\"> <li>D\u00e2y chuy\u1ec1n s\u1ea3n xu\u1ea5t b\u1ed9t g\u1eebng n\u00e0y c\u00f3 nhi\u1ec1u \u1ee9ng d\u1ee5ng \u0111a d\u1ea1ng, th\u00edch h\u1ee3p cho g\u1eebng, ngh\u1ec7, v.v.<\/li>    <li>T\u1ea5t c\u1ea3 c\u00e1c m\u00e1y \u0111\u1ec1u s\u1eed d\u1ee5ng v\u1eadt li\u1ec7u th\u00e9p kh\u00f4ng g\u1ec9 b\u1ec1n v\u00e0 d\u00f9ng cho th\u1ef1c ph\u1ea9m.<\/li>    <li>T\u00f9y ch\u1ec9nh n\u0103ng l\u1ef1c s\u1ea3n xu\u1ea5t c\u00f3 s\u1eb5n (100kg\/ng\u00e0y-2000kg\/ng\u00e0y).<\/li>    <li>D\u00e2y chuy\u1ec1n m\u00e1y c\u00f3 m\u1ee9c \u0111\u1ed9 t\u1ef1 \u0111\u1ed9ng h\u00f3a cao, r\u1ea5t d\u1ec5 v\u1eadn h\u00e0nh.<\/li>    <li>T\u1ea5t c\u1ea3 c\u00e1c m\u00e1y t\u1eeb nh\u00e0 m\u00e1y Taizy \u0111\u1ec1u h\u1ed7 tr\u1ee3 d\u1ecbch v\u1ee5 t\u00f9y ch\u1ec9nh m\u1ea1nh m\u1ebd \u0111\u1ec3 \u0111\u00e1p \u1ee9ng nhu c\u1ea7u th\u1ef1c t\u1ebf c\u1ee7a b\u1ea1n.<\/li> <\/ol>    <h2 class=\"wp-block-heading\">Vi\u1ec7c kinh doanh s\u1ea3n xu\u1ea5t b\u1ed9t g\u1eebng nh\u01b0 th\u1ebf n\u00e0o?&nbsp;<\/h2>    <p>Khi nghi\u1ec1n th\u00e0nh b\u1ed9t, g\u1eebng c\u00f3 h\u01b0\u01a1ng v\u1ecb \u0111\u1eadm \u0111\u00e0, m\u00f9i th\u01a1m \u0111\u1eb7c tr\u01b0ng, \u200b\u200bb\u1ed9t g\u1eebng c\u00f3 l\u1ee3i cho s\u1ee9c kh\u1ecfe con ng\u01b0\u1eddi. C\u00f3 th\u1ec3 u\u1ed1ng tr\u1ef1c ti\u1ebfp v\u1edbi n\u01b0\u1edbc s\u00f4i \u0111\u1ec3 t\u0103ng nhi\u1ec7t \u0111\u1ed9 c\u01a1 th\u1ec3 v\u00e0 b\u1ed5 sung nhi\u1ec7t l\u01b0\u1ee3ng c\u01a1 th\u1ec3 nhanh ch\u00f3ng. \u0110\u00e1nh r\u0103ng b\u1eb1ng b\u1ed9t g\u1eebng c\u00f3 th\u1ec3 ng\u0103n ng\u1eeba lo\u00e9t mi\u1ec7ng; B\u1ed9t g\u1eebng r\u1ea5t hi\u1ec7u qu\u1ea3 trong vi\u1ec7c lo\u1ea1i b\u1ecf g\u00e0u v\u00e0 k\u00edch th\u00edch m\u1ecdc t\u00f3c. Ngo\u00e0i ra, b\u1ed9t g\u1eebng c\u00f2n c\u00f3 t\u00e1c d\u1ee5ng kh\u1eed m\u00f9i h\u00f4i ch\u00e2n v\u00e0 ch\u1ed1ng kh\u00f4 ch\u00e2n. Theo d\u1eef li\u1ec7u nghi\u00ean c\u1ee9u, ho\u1ea1t \u0111\u1ed9ng kinh doanh b\u1ed9t g\u1eebng to\u00e0n c\u1ea7u cho th\u1ea5y xu h\u01b0\u1edbng t\u0103ng tr\u01b0\u1edfng \u1ed5n \u0111\u1ecbnh. \u0110\u00e2y l\u00e0 th\u1eddi \u0111i\u1ec3m t\u1ed1t nh\u1ea5t h\u01a1n bao gi\u1edd h\u1ebft \u0111\u1ec3 ch\u00fang ta b\u1eaft \u0111\u1ea7u kinh doanh ch\u1ebf bi\u1ebfn b\u1ed9t g\u1eebng. <\/p>    <h2 class=\"wp-block-heading\">T\u1ea1i sao ch\u1ecdn ch\u00fang t\u00f4i l\u00e0m nh\u00e0 s\u1ea3n xu\u1ea5t d\u00e2y chuy\u1ec1n s\u1ea3n xu\u1ea5t b\u1ed9t g\u1eebng h\u00e0ng \u0111\u1ea7u c\u1ee7a b\u1ea1n? <\/h2>    <p class=\"translation-block\">L\u00e0 m\u1ed9t <a href=\"https:\/\/topfoodmachine.com\/vi\/\">nh\u00e0 s\u1ea3n xu\u1ea5t ch\u1ebf bi\u1ebfn th\u1ef1c ph\u1ea9m<\/a> chuy\u00ean nghi\u1ec7p, ch\u00fang t\u00f4i cung c\u1ea5p m\u1ed9t d\u00e2y chuy\u1ec1n s\u1ea3n xu\u1ea5t b\u1ed9t g\u1eebng ho\u00e0n ch\u1ec9nh v\u00e0 xu\u1ea5t s\u1eafc v\u1edbi gi\u00e1 c\u1ea3 h\u1ee3p l\u00fd v\u00e0 ch\u1ea5t l\u01b0\u1ee3ng cao. T\u1ea5t c\u1ea3 c\u00e1c m\u00e1y \u0111\u1ec1u s\u1eed d\u1ee5ng v\u1eadt li\u1ec7u th\u00e9p kh\u00f4ng g\u1ec9 \u0111\u1ec3 \u0111\u1ea3m b\u1ea3o \u0111\u1ed9 b\u1ec1n, ngo\u00e0i ra, ch\u00fang d\u1ec5 v\u1ec7 sinh. H\u01a1n n\u1eefa, ch\u00fang t\u00f4i c\u00f3 \u0111\u1ed9i ng\u0169 nh\u00e2n vi\u00ean tay ngh\u1ec1 cao \u0111\u1ec3 \u0111\u1ea3m b\u1ea3o giao h\u00e0ng nhanh ch\u00f3ng v\u00e0 hi\u1ec7u su\u1ea5t t\u1ed1t. Nh\u00e0 m\u00e1y Taizy s\u1edf h\u1eefu m\u1ed9t v\u0103n ph\u00f2ng nghi\u00ean c\u1ee9u v\u00e0 ph\u00e1t tri\u1ec3n m\u1ea1nh m\u1ebd \u0111\u1ec3 c\u1eadp nh\u1eadt s\u1ea3n ph\u1ea9m c\u1ee7a ch\u00fang t\u00f4i nh\u1eb1m d\u1eabn \u0111\u1ea7u xu h\u01b0\u1edbng th\u1ecb tr\u01b0\u1eddng. H\u01a1n n\u1eefa, ch\u00fang t\u00f4i c\u00f3 d\u1ecbch v\u1ee5 t\u00f9y ch\u1ec9nh m\u1ea1nh m\u1ebd \u0111\u1ec3 th\u1ef1c s\u1ef1 \u0111\u00e1p \u1ee9ng y\u00eau c\u1ea7u c\u1ee7a b\u1ea1n. V\u1eady b\u1ea1n c\u00f3 mu\u1ed1n b\u1eaft \u0111\u1ea7u kinh doanh b\u1ed9t g\u1eebng kh\u00f4ng? Li\u00ean h\u1ec7 v\u1edbi ch\u00fang t\u00f4i \u0111\u1ec3 bi\u1ebft th\u00eam chi ti\u1ebft. <\/p>","protected":false},"excerpt":{"rendered":"<p>Ginger powder production line or ginger powder processing line is designed for processing dry ginger into ginger powder. It includes a ginger washing peeling machine, ginger slicing machine, blanching machine, ginger drying machine, ginger grinding machine, and ginger powder packing machine. All machines adopted food-grade stainless steel, which is durable and easy to clean. Ginger [&hellip;]<\/p>\n","protected":false},"author":1,"featured_media":392,"parent":0,"template":"","tags":[15],"product-type":[3],"class_list":["post-311","product","type-product","status-publish","has-post-thumbnail","hentry","tag-fruit-vegetable-processing-machine","product-type-fruit-vegetable-processing-machine"],"_links":{"self":[{"href":"https:\/\/topfoodmachine.com\/vi\/wp-json\/wp\/v2\/product\/311","targetHints":{"allow":["GET"]}}],"collection":[{"href":"https:\/\/topfoodmachine.com\/vi\/wp-json\/wp\/v2\/product"}],"about":[{"href":"https:\/\/topfoodmachine.com\/vi\/wp-json\/wp\/v2\/types\/product"}],"author":[{"embeddable":true,"href":"https:\/\/topfoodmachine.com\/vi\/wp-json\/wp\/v2\/users\/1"}],"wp:featuredmedia":[{"embeddable":true,"href":"https:\/\/topfoodmachine.com\/vi\/wp-json\/wp\/v2\/media\/392"}],"wp:attachment":[{"href":"https:\/\/topfoodmachine.com\/vi\/wp-json\/wp\/v2\/media?parent=311"}],"wp:term":[{"taxonomy":"post_tag","embeddable":true,"href":"https:\/\/topfoodmachine.com\/vi\/wp-json\/wp\/v2\/tags?post=311"},{"taxonomy":"product-type","embeddable":true,"href":"https:\/\/topfoodmachine.com\/vi\/wp-json\/wp\/v2\/product-type?post=311"}],"curies":[{"name":"wp","href":"https:\/\/api.w.org\/{rel}","templated":true}]}}