{"id":297,"date":"2022-08-03T03:00:36","date_gmt":"2022-08-02T19:00:36","guid":{"rendered":"https:\/\/topfoodmachine.com\/?post_type=product&#038;p=297"},"modified":"2023-02-15T15:05:01","modified_gmt":"2023-02-15T07:05:01","slug":"automatic-chicken-cutting-machine","status":"publish","type":"product","link":"https:\/\/topfoodmachine.com\/vi\/product\/automatic-chicken-cutting-machine\/","title":{"rendered":"M\u00e1y c\u1eaft g\u00e0 t\u1ef1 \u0111\u1ed9ng"},"content":{"rendered":"<div class=\"kk-star-ratings kksr-auto kksr-align-left kksr-valign-top\"     data-payload='{&quot;align&quot;:&quot;left&quot;,&quot;id&quot;:&quot;297&quot;,&quot;slug&quot;:&quot;default&quot;,&quot;valign&quot;:&quot;top&quot;,&quot;ignore&quot;:&quot;&quot;,&quot;reference&quot;:&quot;auto&quot;,&quot;class&quot;:&quot;&quot;,&quot;count&quot;:&quot;7&quot;,&quot;legendonly&quot;:&quot;&quot;,&quot;readonly&quot;:&quot;&quot;,&quot;score&quot;:&quot;4.8&quot;,&quot;starsonly&quot;:&quot;&quot;,&quot;best&quot;:&quot;5&quot;,&quot;gap&quot;:&quot;5&quot;,&quot;greet&quot;:&quot;Rate this product&quot;,&quot;legend&quot;:&quot;4.8\\\/5 - (7 b\u00ecnh ch\u1ecdn)&quot;,&quot;size&quot;:&quot;24&quot;,&quot;title&quot;:&quot;Automatic Chicken Cutting Machine&quot;,&quot;width&quot;:&quot;136.7&quot;,&quot;_legend&quot;:&quot;{score}\\\/{best} - ({count} {votes})&quot;,&quot;font_factor&quot;:&quot;1.25&quot;}'>              <div class=\"kksr-stars\">      <div class=\"kksr-stars-inactive\">             <div class=\"kksr-star\" data-star=\"1\" style=\"padding-right: 5px\">               <div class=\"kksr-icon\" style=\"width: 24px; height: 24px;\"><\/div>         <\/div>             <div class=\"kksr-star\" data-star=\"2\" style=\"padding-right: 5px\">               <div class=\"kksr-icon\" style=\"width: 24px; height: 24px;\"><\/div>         <\/div>             <div class=\"kksr-star\" data-star=\"3\" style=\"padding-right: 5px\">               <div class=\"kksr-icon\" style=\"width: 24px; height: 24px;\"><\/div>         <\/div>             <div class=\"kksr-star\" data-star=\"4\" style=\"padding-right: 5px\">               <div class=\"kksr-icon\" style=\"width: 24px; height: 24px;\"><\/div>         <\/div>             <div class=\"kksr-star\" data-star=\"5\" style=\"padding-right: 5px\">               <div class=\"kksr-icon\" style=\"width: 24px; height: 24px;\"><\/div>         <\/div>     <\/div>      <div class=\"kksr-stars-active\" style=\"width: 136.7px;\">             <div class=\"kksr-star\" style=\"padding-right: 5px\">               <div class=\"kksr-icon\" style=\"width: 24px; height: 24px;\"><\/div>         <\/div>             <div class=\"kksr-star\" style=\"padding-right: 5px\">               <div class=\"kksr-icon\" style=\"width: 24px; height: 24px;\"><\/div>         <\/div>             <div class=\"kksr-star\" style=\"padding-right: 5px\">               <div class=\"kksr-icon\" style=\"width: 24px; height: 24px;\"><\/div>         <\/div>             <div class=\"kksr-star\" style=\"padding-right: 5px\">               <div class=\"kksr-icon\" style=\"width: 24px; height: 24px;\"><\/div>         <\/div>             <div class=\"kksr-star\" style=\"padding-right: 5px\">               <div class=\"kksr-icon\" style=\"width: 24px; height: 24px;\"><\/div>         <\/div>     <\/div> <\/div>                   <div class=\"kksr-legend\" style=\"font-size: 19.2px;\">             4.8\/5 - (7 l\u01b0\u1ee3t b\u00ecnh ch\u1ecdn)    <\/div>     <\/div>  <p class=\"translation-block\"><strong>M\u00e1y c\u1eaft g\u00e0 t\u1ef1 \u0111\u1ed9ng<\/strong> \u0111\u01b0\u1ee3c s\u1eed d\u1ee5ng \u0111\u1ec3 c\u1eaft th\u1ecbt g\u00e0 t\u01b0\u01a1i v\u00e0 \u0111\u00f4ng l\u1ea1nh th\u00e0nh c\u00e1c kh\u1ed1i. Ngo\u00e0i ra, n\u00f3 c\u0169ng c\u00f3 th\u1ec3 \u0111\u01b0\u1ee3c \u00e1p d\u1ee5ng \u0111\u1ec3 c\u1eaft nhi\u1ec1u lo\u1ea1i th\u1ecbt kh\u00e1c nh\u01b0 c\u00e1, th\u1ecbt c\u1eebu, th\u1ecbt l\u1ee3n, th\u1ecbt b\u00f2, th\u1ecbt ng\u1ed7ng, th\u1ecbt v\u1ecbt, v.v. K\u00edch th\u01b0\u1edbc c\u1eaft c\u00f3 th\u1ec3 \u0111i\u1ec1u ch\u1ec9nh \u0111\u1ec3 \u0111\u00e1p \u1ee9ng c\u00e1c y\u00eau c\u1ea7u kh\u00e1c nhau c\u1ee7a b\u1ea1n. Ngo\u00e0i ra, c\u00f4ng su\u1ea5t c\u1ee7a <strong>m\u00e1y c\u1eaft g\u00e0 th\u01b0\u01a1ng m\u1ea1i<\/strong> dao \u0111\u1ed9ng t\u1eeb 400 - 500kg m\u1ed7i gi\u1edd. V\u00e0 to\u00e0n b\u1ed9 m\u00e1y \u0111\u01b0\u1ee3c l\u00e0m b\u1eb1ng v\u1eadt li\u1ec7u th\u00e9p kh\u00f4ng g\u1ec9 \u0111\u1ea1t ti\u00eau chu\u1ea9n th\u1ef1c ph\u1ea9m, r\u1ea5t b\u1ec1n. <strong>M\u00e1y c\u1eaft th\u1ecbt g\u00e0<\/strong> n\u00e0y r\u1ea5t ph\u00f9 h\u1ee3p cho c\u1eeda h\u00e0ng, trang tr\u1ea1i ho\u1eb7c nh\u00e0 m\u00e1y ch\u1ebf bi\u1ebfn th\u1ef1c ph\u1ea9m c\u1ee7a b\u1ea1n. Ch\u00e0o m\u1eebng b\u1ea1n li\u00ean h\u1ec7 v\u1edbi ch\u00fang t\u00f4i \u0111\u1ec3 bi\u1ebft gi\u00e1 m\u00e1y c\u1eaft g\u00e0 nh\u1ecf. <\/p>    <h2 class=\"wp-block-heading\">M\u00e1y c\u1eaft th\u1ecbt g\u00e0 l\u00e0 g\u00ec?<\/h2>    <p>M\u00e1y c\u1eaft th\u1ecbt g\u00e0 ho\u1eb7c m\u00e1y c\u1eaft th\u1ecbt g\u00e0 \u0111\u01b0\u1ee3c s\u1eed d\u1ee5ng \u0111\u1ec3 ch\u1ebf bi\u1ebfn th\u1ecbt g\u00e0 \u0111\u00f4ng l\u1ea1nh ho\u1eb7c t\u01b0\u01a1i th\u00e0nh kh\u1ed1i. K\u00edch th\u01b0\u1edbc c\u1eaft c\u00f3 th\u1ec3 \u0111i\u1ec1u ch\u1ec9nh cho ph\u00f9 h\u1ee3p v\u1edbi t\u00ecnh h\u00ecnh th\u1ef1c t\u1ebf c\u1ee7a b\u1ea1n. C\u00f4ng su\u1ea5t c\u1ee7a m\u00e1y n\u00e0y c\u00f3 th\u1ec3 \u0111\u1ea1t t\u1edbi 500kg m\u1ed7i gi\u1edd. \u0110i\u1ec1u n\u00e0y c\u00f3 th\u1ec3 c\u1ea3i thi\u1ec7n \u0111\u00e1ng k\u1ec3 n\u0103ng su\u1ea5t c\u1ee7a b\u1ea1n v\u00e0 ti\u1ebft ki\u1ec7m chi ph\u00ed c\u1ee7a b\u1ea1n. B\u00ean c\u1ea1nh \u0111\u00f3, gi\u00e1 m\u00e1y c\u1eaft th\u1ecbt g\u00e0 t\u1ef1 \u0111\u1ed9ng ph\u1ea3i ch\u0103ng. N\u00f3 kh\u00e1 ph\u00f9 h\u1ee3p cho c\u00e1c c\u1eeda h\u00e0ng, trang tr\u1ea1i, nh\u00e0 h\u00e0ng, tr\u01b0\u1eddng h\u1ecdc, b\u1ec7nh vi\u1ec7n, v.v.<\/p>    <figure class=\"wp-block-image size-full\"><img loading=\"lazy\" decoding=\"async\" width=\"720\" height=\"540\" src=\"https:\/\/topfoodmachine.com\/wp-content\/uploads\/2022\/08\/automatic-chicken-cutting-machine.jpg\" alt=\"m\u00e1y c\u1eaft th\u1ecbt g\u00e0 t\u1ef1 \u0111\u1ed9ng\" class=\"wp-image-300\" srcset=\"https:\/\/topfoodmachine.com\/wp-content\/uploads\/2022\/08\/automatic-chicken-cutting-machine.jpg 720w, https:\/\/topfoodmachine.com\/wp-content\/uploads\/2022\/08\/automatic-chicken-cutting-machine-300x225.jpg 300w\" sizes=\"auto, (max-width: 720px) 100vw, 720px\" \/><figcaption class=\"wp-element-caption\">m\u00e1y c\u1eaft th\u1ecbt g\u00e0 t\u1ef1 \u0111\u1ed9ng<\/figcaption><\/figure>    <h2 class=\"wp-block-heading\">\u0110\u1eb7c \u0111i\u1ec3m c\u1ee7a m\u00e1y c\u1eaft th\u1ecbt g\u00e0 <\/h2>    <ol class=\"wp-block-list\" type=\"1\"> <li>M\u00e1y c\u1eaft th\u1ecbt g\u00e0 s\u1eed d\u1ee5ng to\u00e0n b\u1ed9 v\u1eadt li\u1ec7u th\u00e9p kh\u00f4ng g\u1ec9, d\u00f9ng cho th\u1ef1c ph\u1ea9m v\u00e0 r\u1ea5t d\u1ec5 lau ch\u00f9i<\/li>    <li>M\u00e1y n\u00e0y c\u00f3 c\u1ea5u tr\u00fac \u0111\u01a1n gi\u1ea3n v\u00e0 thi\u1ebft k\u1ebf h\u1ee3p l\u00fd, d\u1ec5 v\u1eadn h\u00e0nh v\u00e0 b\u1ea3o tr\u00ec<\/li>    <li>K\u00edch th\u01b0\u1edbc c\u1eaft c\u00f3 th\u1ec3 \u0111\u01b0\u1ee3c t\u00f9y ch\u1ec9nh cho ph\u00f9 h\u1ee3p v\u1edbi c\u1ee5 th\u1ec3 c\u1ee7a b\u1ea1n<\/li>    <li>K\u00edch th\u01b0\u1edbc c\u1eaft th\u00f4ng th\u01b0\u1eddng l\u00e0 2,5 * 2,5cm, 3 * 3cm, 3,5 * 3,5cm, 4 * 4cm, 5 * 5cm<\/li>    <li>V\u1edbi m\u1ee9c \u0111\u1ed9 t\u1ef1 \u0111\u1ed9ng h\u00f3a cao, m\u00e1y c\u1eaft th\u1ecbt g\u00e0 \u0111\u1ea1t hi\u1ec7u qu\u1ea3 cao<\/li>    <li>N\u00f3 c\u00f3 \u1ee9ng d\u1ee5ng r\u1ed9ng r\u00e3i, c\u0169ng l\u00fd t\u01b0\u1edfng cho v\u1ecbt, th\u1ecbt c\u1eebu, c\u00e1, th\u1ecbt l\u1ee3n, th\u1ecbt b\u00f2, v.v.<\/li> <\/ol>    <figure class=\"wp-block-image size-full\"><img loading=\"lazy\" decoding=\"async\" width=\"720\" height=\"540\" src=\"https:\/\/topfoodmachine.com\/wp-content\/uploads\/2022\/08\/chicken-meat-cutting-machine.jpg\" alt=\"m\u00e1y c\u1eaft th\u1ecbt g\u00e0\" class=\"wp-image-302\" srcset=\"https:\/\/topfoodmachine.com\/wp-content\/uploads\/2022\/08\/chicken-meat-cutting-machine.jpg 720w, https:\/\/topfoodmachine.com\/wp-content\/uploads\/2022\/08\/chicken-meat-cutting-machine-300x225.jpg 300w\" sizes=\"auto, (max-width: 720px) 100vw, 720px\" \/><figcaption class=\"wp-element-caption\">m\u00e1y c\u1eaft th\u1ecbt g\u00e0<\/figcaption><\/figure>    <h2 class=\"wp-block-heading\">Th\u00f4ng s\u1ed1 m\u00e1y c\u1eaft g\u00e0 t\u1ef1 \u0111\u1ed9ng Taizy<\/h2>    <figure class=\"wp-block-table\"><table><tbody><tr><td>Dung t\u00edch<\/td><td>400-500kg\/gi\u1edd<\/td><\/tr><tr><td>K\u00edch c\u1ee1<\/td><td>1300x600x960mm<\/td><\/tr><tr><td>Quy\u1ec1n l\u1ef1c<\/td><td>220v (3.0kw) 380v (2.2kw)<\/td><\/tr><tr><td>C\u00e2n n\u1eb7ng t\u1ed5ng qu\u00e1t<\/td><td>250kg<\/td><\/tr><tr><td>\u0111ai ch\u1eef V<\/td><td>B1016<\/td><\/tr><tr><td>Chi\u1ec1u d\u00e0i mi\u1ebfng th\u1ecbt c\u1eaft<\/td><td>15-50mm<\/td><\/tr><tr><td>B\u0103ng chuy\u1ec1n<\/td><td>310\u00d71500<\/td><\/tr><\/tbody><\/table><\/figure>    <h2 class=\"wp-block-heading\">\u1ee8ng d\u1ee5ng c\u1ee7a m\u00e1y c\u1eaft th\u1ecbt th\u01b0\u01a1ng m\u1ea1i <\/h2>    <p>Th\u1ef1c ra m\u00e1y c\u1eaft th\u1ecbt g\u00e0 t\u1ef1 \u0111\u1ed9ng l\u00e0 m\u1ed9t lo\u1ea1i m\u00e1y c\u1eaft th\u1ecbt th\u01b0\u01a1ng m\u1ea1i. N\u00f3 kh\u00f4ng ch\u1ec9 c\u00f3 th\u1ec3 ch\u1ebf bi\u1ebfn th\u1ecbt g\u00e0 m\u00e0 c\u00f2n c\u00f3 th\u1ec3 ch\u1ebf bi\u1ebfn nhi\u1ec1u lo\u1ea1i th\u1ecbt kh\u00e1c nh\u01b0 v\u1ecbt, th\u1ecbt c\u1eebu, th\u1ecbt b\u00f2, ng\u1ed7ng, c\u1ea3ng, v.v. K\u00edch th\u01b0\u1edbc dao c\u1eaft c\u00f3 th\u1ec3 \u0111\u01b0\u1ee3c \u0111i\u1ec1u ch\u1ec9nh \u0111\u1ec3 ph\u00f9 h\u1ee3p v\u1edbi nhu c\u1ea7u c\u1ee7a b\u1ea1n, t\u1eeb 15mm \u0111\u1ebfn 50mm.<\/p>    <figure class=\"wp-block-image size-full\"><img loading=\"lazy\" decoding=\"async\" width=\"720\" height=\"467\" src=\"https:\/\/topfoodmachine.com\/wp-content\/uploads\/2022\/08\/meat-cutting-machine-applications.jpg\" alt=\"\u1ee9ng d\u1ee5ng m\u00e1y c\u1eaft th\u1ecbt\" class=\"wp-image-301\" srcset=\"https:\/\/topfoodmachine.com\/wp-content\/uploads\/2022\/08\/meat-cutting-machine-applications.jpg 720w, https:\/\/topfoodmachine.com\/wp-content\/uploads\/2022\/08\/meat-cutting-machine-applications-300x195.jpg 300w\" sizes=\"auto, (max-width: 720px) 100vw, 720px\" \/><figcaption class=\"wp-element-caption\">\u1ee9ng d\u1ee5ng m\u00e1y c\u1eaft th\u1ecbt<\/figcaption><\/figure>    <h2 class=\"wp-block-heading\">C\u1ea5u t\u1ea1o chi ti\u1ebft m\u00e1y c\u1eaft th\u1ecbt \u0111\u00f4ng l\u1ea1nh <\/h2>    <p>M\u00e1y c\u1eaft th\u1ecbt n\u00e0y c\u00f3 c\u1ea5u t\u1ea1o \u0111\u01a1n gi\u1ea3n, ch\u1ee7 y\u1ebfu bao g\u1ed3m c\u00e1c b\u1ed9 ph\u1eadn sau:<\/p>    <ol class=\"wp-block-list\" type=\"1\"> <li>B\u0103ng t\u1ea3i PVC c\u1ea5p th\u1ef1c ph\u1ea9m. N\u00f3 s\u1eed d\u1ee5ng thi\u1ebft k\u1ebf t\u1ea5m x\u00edch, r\u1ea5t d\u1ec5 thay th\u1ebf<\/li>    <li>M\u00e1y c\u1eaft d\u00e0y ch\u1ea5t l\u01b0\u1ee3ng cao. L\u01b0\u1ee1i dao s\u1eafc b\u00e9n, ch\u1ed1ng m\u00e0i m\u00f2n v\u00e0 ch\u1ed1ng \u0103n m\u00f2n<\/li>    <li>Ch\u1ea3i. Vi\u1ec7c s\u1eed d\u1ee5ng v\u1eadt li\u1ec7u m\u00e1y th\u1ef1c ph\u1ea9m c\u00f3 th\u1ec3 lo\u1ea1i b\u1ecf c\u1eb7n tr\u00ean b\u1ea3ng<\/li>    <li>V\u1ecf an to\u00e0n. V\u1ecf b\u1ecdc b\u00ean ngo\u00e0i m\u00e1y c\u1eaft b\u1ea3o v\u1ec7 s\u1ef1 an to\u00e0n c\u1ee7a m\u00e1y c\u1eaft v\u00e0 ng\u01b0\u1eddi v\u1eadn h\u00e0nh<\/li> <\/ol>    <h2 class=\"wp-block-heading\">Nh\u1eefng c\u00e2u h\u1ecfi th\u01b0\u1eddng g\u1eb7p v\u1ec1 m\u00e1y c\u1eaft g\u00e0 t\u1ef1 \u0111\u1ed9ng Taizy<\/h2>   <div id=\"rank-math-faq\" class=\"rank-math-block\"> <div class=\"rank-math-list\"> <div id=\"faq-question-1663567365255\" class=\"rank-math-list-item\"> <h3 class=\"rank-math-question\"><strong>Th\u00f4ng s\u1ed1 k\u1ef9 thu\u1eadt c\u1eaft c\u00f3 th\u1ec3 \u0111\u01b0\u1ee3c \u0111i\u1ec1u ch\u1ec9nh?<\/strong><\/h3> <div class=\"rank-math-answer\">  <p>C\u00f3, n\u00f3 c\u00f3 th\u1ec3 \u0111\u01b0\u1ee3c \u0111i\u1ec1u ch\u1ec9nh v\u00e0 chi\u1ec1u d\u00e0i c\u1eaft l\u00e0 t\u1eeb 15mm \u0111\u1ebfn 50mm.<\/p>  <\/div> <\/div> <div id=\"faq-question-1663567372730\" class=\"rank-math-list-item\"> <h3 class=\"rank-math-question\"><strong>C\u00e1c ph\u1ee5 t\u00f9ng d\u1ec5 b\u1ecb t\u1ed5n th\u01b0\u01a1ng c\u1ee7a m\u00e1y c\u1eaft l\u00e0 g\u00ec?<\/strong><\/h3> <div class=\"rank-math-answer\">  <p>L\u01b0\u1ee1i dao v\u00e0 d\u00e2y \u0111ai c\u1ea7n \u0111\u01b0\u1ee3c thay th\u1ebf k\u1ecbp th\u1eddi n\u1ebfu ch\u00fang b\u1ecb h\u1ecfng<\/p>  <\/div> <\/div> <div id=\"faq-question-1663567383907\" class=\"rank-math-list-item\"> <h3 class=\"rank-math-question\"><strong>M\u00e1y c\u1eaft th\u1ecbt gia c\u1ea7m d\u00f9ng \u0111\u1ec3 l\u00e0m g\u00ec?<\/strong><\/h3> <div class=\"rank-math-answer\">  <p>N\u00f3 \u0111\u01b0\u1ee3c s\u1eed d\u1ee5ng \u0111\u1ec3 c\u1eaft th\u1ecbt g\u00e0, th\u1ecbt b\u00f2, th\u1ecbt c\u1eebu, th\u1ecbt l\u1ee3n, ng\u1ed7ng, v\u1ecbt, v.v.<\/p>  <\/div> <\/div> <\/div> <\/div>","protected":false},"excerpt":{"rendered":"<p>Automatic chicken cutting machine is used for cutting fresh and frozen chicken meat into blocks. Besides, it can also be applied for cutting many other types of meat like fish, mutton, pork, beef, goose meat, duck meat, etc. The cutting size is adjustable to meet your different requirements. Besides, the capacity of the commercial chicken [&hellip;]<\/p>\n","protected":false},"author":1,"featured_media":300,"parent":0,"template":"","tags":[12],"product-type":[7],"class_list":["post-297","product","type-product","status-publish","has-post-thumbnail","hentry","tag-egg-meat-processing-machine","product-type-egg-meat-processing-machine"],"_links":{"self":[{"href":"https:\/\/topfoodmachine.com\/vi\/wp-json\/wp\/v2\/product\/297","targetHints":{"allow":["GET"]}}],"collection":[{"href":"https:\/\/topfoodmachine.com\/vi\/wp-json\/wp\/v2\/product"}],"about":[{"href":"https:\/\/topfoodmachine.com\/vi\/wp-json\/wp\/v2\/types\/product"}],"author":[{"embeddable":true,"href":"https:\/\/topfoodmachine.com\/vi\/wp-json\/wp\/v2\/users\/1"}],"wp:featuredmedia":[{"embeddable":true,"href":"https:\/\/topfoodmachine.com\/vi\/wp-json\/wp\/v2\/media\/300"}],"wp:attachment":[{"href":"https:\/\/topfoodmachine.com\/vi\/wp-json\/wp\/v2\/media?parent=297"}],"wp:term":[{"taxonomy":"post_tag","embeddable":true,"href":"https:\/\/topfoodmachine.com\/vi\/wp-json\/wp\/v2\/tags?post=297"},{"taxonomy":"product-type","embeddable":true,"href":"https:\/\/topfoodmachine.com\/vi\/wp-json\/wp\/v2\/product-type?post=297"}],"curies":[{"name":"wp","href":"https:\/\/api.w.org\/{rel}","templated":true}]}}