{"id":289,"date":"2022-08-02T07:46:37","date_gmt":"2022-08-01T23:46:37","guid":{"rendered":"https:\/\/topfoodmachine.com\/?post_type=product&#038;p=289"},"modified":"2025-04-27T16:51:55","modified_gmt":"2025-04-27T08:51:55","slug":"chin-chin-cutting-machine","status":"publish","type":"product","link":"https:\/\/topfoodmachine.com\/vi\/product\/chin-chin-cutting-machine\/","title":{"rendered":"M\u00e1y c\u1eaft c\u1eb1m"},"content":{"rendered":"<div class=\"kk-star-ratings kksr-auto kksr-align-left kksr-valign-top\"     data-payload='{&quot;align&quot;:&quot;left&quot;,&quot;id&quot;:&quot;289&quot;,&quot;slug&quot;:&quot;default&quot;,&quot;valign&quot;:&quot;top&quot;,&quot;ignore&quot;:&quot;&quot;,&quot;reference&quot;:&quot;auto&quot;,&quot;class&quot;:&quot;&quot;,&quot;count&quot;:&quot;8&quot;,&quot;legendonly&quot;:&quot;&quot;,&quot;readonly&quot;:&quot;&quot;,&quot;score&quot;:&quot;4.6&quot;,&quot;starsonly&quot;:&quot;&quot;,&quot;best&quot;:&quot;5&quot;,&quot;gap&quot;:&quot;5&quot;,&quot;greet&quot;:&quot;Rate this product&quot;,&quot;legend&quot;:&quot;4.6\\\/5 - (8 b\u00ecnh ch\u1ecdn)&quot;,&quot;size&quot;:&quot;24&quot;,&quot;title&quot;:&quot;Chin Chin Cutting Machine&quot;,&quot;width&quot;:&quot;130.9&quot;,&quot;_legend&quot;:&quot;{score}\\\/{best} - ({count} {votes})&quot;,&quot;font_factor&quot;:&quot;1.25&quot;}'>              <div class=\"kksr-stars\">      <div class=\"kksr-stars-inactive\">             <div class=\"kksr-star\" data-star=\"1\" style=\"padding-right: 5px\">               <div class=\"kksr-icon\" style=\"width: 24px; height: 24px;\"><\/div>         <\/div>             <div class=\"kksr-star\" data-star=\"2\" style=\"padding-right: 5px\">               <div class=\"kksr-icon\" style=\"width: 24px; height: 24px;\"><\/div>         <\/div>             <div class=\"kksr-star\" data-star=\"3\" style=\"padding-right: 5px\">               <div class=\"kksr-icon\" style=\"width: 24px; height: 24px;\"><\/div>         <\/div>             <div class=\"kksr-star\" data-star=\"4\" style=\"padding-right: 5px\">               <div class=\"kksr-icon\" style=\"width: 24px; height: 24px;\"><\/div>         <\/div>             <div class=\"kksr-star\" data-star=\"5\" style=\"padding-right: 5px\">               <div class=\"kksr-icon\" style=\"width: 24px; height: 24px;\"><\/div>         <\/div>     <\/div>      <div class=\"kksr-stars-active\" style=\"width: 130.9px;\">             <div class=\"kksr-star\" style=\"padding-right: 5px\">               <div class=\"kksr-icon\" style=\"width: 24px; height: 24px;\"><\/div>         <\/div>             <div class=\"kksr-star\" style=\"padding-right: 5px\">               <div class=\"kksr-icon\" style=\"width: 24px; height: 24px;\"><\/div>         <\/div>             <div class=\"kksr-star\" style=\"padding-right: 5px\">               <div class=\"kksr-icon\" style=\"width: 24px; height: 24px;\"><\/div>         <\/div>             <div class=\"kksr-star\" style=\"padding-right: 5px\">               <div class=\"kksr-icon\" style=\"width: 24px; height: 24px;\"><\/div>         <\/div>             <div class=\"kksr-star\" style=\"padding-right: 5px\">               <div class=\"kksr-icon\" style=\"width: 24px; height: 24px;\"><\/div>         <\/div>     <\/div> <\/div>                   <div class=\"kksr-legend\" style=\"font-size: 19.2px;\">             4.6\/5 - (8 phi\u1ebfu b\u1ea7u)    <\/div>     <\/div>  <p>M\u00e1y c\u1eaft Chin Chin \u0111i\u1ec7n l\u00e0 m\u1ed9t thi\u1ebft b\u1ecb quan tr\u1ecdng trong d\u00e2y chuy\u1ec1n s\u1ea3n xu\u1ea5t Chin Chin, \u0111\u01b0\u1ee3c thi\u1ebft k\u1ebf \u0111\u1ec3 \u0111\u01a1n gi\u1ea3n h\u00f3a quy tr\u00ecnh t\u1ea1o ra m\u00f3n \u0103n nh\u1eb9 ph\u1ed5 bi\u1ebfn n\u00e0y c\u1ee7a Nigeria. <\/p>    <p>B\u1eb1ng c\u00e1ch t\u1ef1 \u0111\u1ed9ng c\u1eaft b\u1ed9t th\u00e0nh c\u00e1c h\u00ecnh d\u1ea1ng \u0111\u1ed3ng nh\u1ea5t, ch\u1eb3ng h\u1ea1n nh\u01b0 h\u00ecnh vu\u00f4ng, h\u00ecnh d\u1ea3i ho\u1eb7c h\u00ecnh thoi, m\u00e1y n\u00e0y \u0111\u1ea3m b\u1ea3o t\u00ednh \u0111\u1ed3ng nh\u1ea5t v\u00e0 hi\u1ec7u su\u1ea5t cao. <\/p>    <p>M\u00e1y \u0111a n\u0103ng n\u00e0y kh\u00f4ng ch\u1ec9 l\u00fd t\u01b0\u1edfng cho vi\u1ec7c s\u1ea3n xu\u1ea5t Chin Chin m\u00e0 c\u00f2n \u0111\u01b0\u1ee3c s\u1eed d\u1ee5ng r\u1ed9ng r\u00e3i trong s\u1ea3n xu\u1ea5t m\u00ec g\u1ea1o, ba lo\u1ea1i m\u1eadt ong v\u00e0 c\u00e1c m\u00f3n \u0103n nh\u1eb9 kh\u00e1c. <\/p>    <figure class=\"wp-block-embed is-type-video is-provider-youtube wp-block-embed-youtube wp-embed-aspect-16-9 wp-has-aspect-ratio\"><div class=\"wp-block-embed__wrapper\"> <iframe loading=\"lazy\" title=\"M\u00e1y c\u1eaft Chin Chin \u0111ang ho\u1ea1t \u0111\u1ed9ng | Xem n\u00f3 ho\u1ea1t \u0111\u1ed9ng tr\u1ef1c ti\u1ebfp! #m\u00ec #x\u1eed l\u00fd th\u1ef1c ph\u1ea9m #m\u00e1y th\u1ef1c ph\u1ea9m\" width=\"500\" height=\"281\" src=\"https:\/\/www.youtube.com\/embed\/VsFOJM9C2SY?feature=oembed\" frameborder=\"0\" allow=\"accelerometer; autoplay; clipboard-write; encrypted-media; gyroscope; picture-in-picture; web-share\" referrerpolicy=\"strict-origin-when-cross-origin\" allowfullscreen><\/iframe> <\/div><figcaption class=\"wp-element-caption\">Video l\u00e0m vi\u1ec7c c\u1ee7a m\u00e1y c\u1eaft Chin Chin<\/figcaption><\/figure>    <h2 class=\"wp-block-heading\">Nhi\u1ec1u lo\u1ea1i chin chin<\/h2>    <p>M\u00e1y c\u1eaft chin chin cung c\u1ea5p s\u1ef1 linh ho\u1ea1t l\u1edbn trong vi\u1ec7c s\u1ea3n xu\u1ea5t nhi\u1ec1u lo\u1ea1i m\u00f3n \u0103n nh\u1eb9 kh\u00e1c nhau ch\u1ec9 b\u1eb1ng c\u00e1ch thay \u0111\u1ed5i c\u00e1c c\u00f4ng c\u1ee5 t\u1ea1o h\u00ecnh. V\u1edbi c\u00e1c k\u00edch th\u01b0\u1edbc v\u00e0 h\u00ecnh d\u1ea1ng khu\u00f4n kh\u00e1c nhau, m\u00e1y c\u00f3 th\u1ec3 d\u1ec5 d\u00e0ng t\u1ea1o ra kh\u00f4ng ch\u1ec9 chin chin truy\u1ec1n th\u1ed1ng \u1edf h\u00ecnh vu\u00f4ng ho\u1eb7c h\u00ecnh d\u1ea3i m\u00e0 c\u00f2n c\u00e1c m\u00f3n \u0103n nh\u1eb9 ph\u1ed5 bi\u1ebfn kh\u00e1c nh\u01b0 ba lo\u1ea1i m\u1eadt ong, d\u1ea3i g\u1ea1o v\u00e0 n\u1ee5 c\u01b0\u1eddi. <\/p>    <p>S\u1ef1 \u0111a d\u1ea1ng n\u00e0y l\u00e0m cho m\u00e1y c\u00f3 kh\u1ea3 n\u0103ng th\u00edch \u1ee9ng cao v\u1edbi c\u00e1c nhu c\u1ea7u s\u1ea3n xu\u1ea5t kh\u00e1c nhau, cho ph\u00e9p c\u00e1c nh\u00e0 s\u1ea3n xu\u1ea5t m\u1edf r\u1ed9ng danh m\u1ee5c s\u1ea3n ph\u1ea9m c\u1ee7a h\u1ecd v\u00e0 \u0111\u00e1p \u1ee9ng nhu c\u1ea7u th\u1ecb tr\u01b0\u1eddng \u0111a d\u1ea1ng m\u1ed9t c\u00e1ch d\u1ec5 d\u00e0ng.<\/p>    <figure class=\"wp-block-gallery has-nested-images columns-2 is-cropped wp-block-gallery-2 is-layout-flex wp-block-gallery-is-layout-flex\"> <figure class=\"wp-block-image size-large\"><img loading=\"lazy\" decoding=\"async\" width=\"720\" height=\"540\" data-id=\"1286\" src=\"https:\/\/topfoodmachine.com\/wp-content\/uploads\/2022\/08\/blades-of-chin-chin-maker.webp\" alt=\"l\u01b0\u1ee1i dao c\u1ee7a m\u00e1y l\u00e0m chin chin\" class=\"wp-image-1286\" srcset=\"https:\/\/topfoodmachine.com\/wp-content\/uploads\/2022\/08\/blades-of-chin-chin-maker.webp 720w, https:\/\/topfoodmachine.com\/wp-content\/uploads\/2022\/08\/blades-of-chin-chin-maker-300x225.webp 300w, https:\/\/topfoodmachine.com\/wp-content\/uploads\/2022\/08\/blades-of-chin-chin-maker-16x12.webp 16w\" sizes=\"auto, (max-width: 720px) 100vw, 720px\" \/><figcaption class=\"wp-element-caption\">l\u01b0\u1ee1i dao c\u1ee7a m\u00e1y l\u00e0m chin chin<\/figcaption><\/figure>    <figure class=\"wp-block-image size-large\"><img loading=\"lazy\" decoding=\"async\" width=\"720\" height=\"540\" data-id=\"1287\" src=\"https:\/\/topfoodmachine.com\/wp-content\/uploads\/2022\/08\/rhombus-type-chin-chin.webp\" alt=\"chin chin h\u00ecnh thoi\" class=\"wp-image-1287\" srcset=\"https:\/\/topfoodmachine.com\/wp-content\/uploads\/2022\/08\/rhombus-type-chin-chin.webp 720w, https:\/\/topfoodmachine.com\/wp-content\/uploads\/2022\/08\/rhombus-type-chin-chin-300x225.webp 300w, https:\/\/topfoodmachine.com\/wp-content\/uploads\/2022\/08\/rhombus-type-chin-chin-16x12.webp 16w\" sizes=\"auto, (max-width: 720px) 100vw, 720px\" \/><figcaption class=\"wp-element-caption\">chin chin h\u00ecnh thoi<\/figcaption><\/figure>    <figure class=\"wp-block-image size-large\"><img loading=\"lazy\" decoding=\"async\" width=\"720\" height=\"540\" data-id=\"1288\" src=\"https:\/\/topfoodmachine.com\/wp-content\/uploads\/2022\/08\/square-type-chin-chin.webp\" alt=\"chin chin h\u00ecnh vu\u00f4ng\" class=\"wp-image-1288\" srcset=\"https:\/\/topfoodmachine.com\/wp-content\/uploads\/2022\/08\/square-type-chin-chin.webp 720w, https:\/\/topfoodmachine.com\/wp-content\/uploads\/2022\/08\/square-type-chin-chin-300x225.webp 300w, https:\/\/topfoodmachine.com\/wp-content\/uploads\/2022\/08\/square-type-chin-chin-16x12.webp 16w\" sizes=\"auto, (max-width: 720px) 100vw, 720px\" \/><figcaption class=\"wp-element-caption\">chin chin h\u00ecnh vu\u00f4ng<\/figcaption><\/figure>    <figure class=\"wp-block-image size-large\"><img loading=\"lazy\" decoding=\"async\" width=\"720\" height=\"540\" data-id=\"1289\" src=\"https:\/\/topfoodmachine.com\/wp-content\/uploads\/2022\/08\/strip-chin-chin.webp\" alt=\"chin chin d\u1ea1ng d\u1ea3i\" class=\"wp-image-1289\" srcset=\"https:\/\/topfoodmachine.com\/wp-content\/uploads\/2022\/08\/strip-chin-chin.webp 720w, https:\/\/topfoodmachine.com\/wp-content\/uploads\/2022\/08\/strip-chin-chin-300x225.webp 300w, https:\/\/topfoodmachine.com\/wp-content\/uploads\/2022\/08\/strip-chin-chin-16x12.webp 16w\" sizes=\"auto, (max-width: 720px) 100vw, 720px\" \/><figcaption class=\"wp-element-caption\">chin chin d\u1ea1ng d\u1ea3i<\/figcaption><\/figure> <\/figure>    <h2 class=\"wp-block-heading\">\u0110\u1eb7c \u0111i\u1ec3m c\u1ee7a m\u00e1y c\u1eaft chin chin<\/h2>    <div class=\"wp-block-media-text has-media-on-the-right is-stacked-on-mobile\"><div class=\"wp-block-media-text__content\"> <ul class=\"wp-block-list\"> <li>C\u1eaft \u0111a ch\u1ee9c n\u0103ng. B\u1eb1ng c\u00e1ch thay \u0111\u1ed5i l\u01b0\u1ee1i dao, m\u00e1y c\u00f3 th\u1ec3 s\u1ea3n xu\u1ea5t chin chin, ba lo\u1ea1i m\u1eadt ong, m\u00ec g\u1ea1o v\u00e0 c\u00e1c m\u00f3n \u0103n nh\u1eb9 kh\u00e1c.<\/li>    <li>R\u1eafc b\u1ed9t t\u1ef1 \u0111\u1ed9ng. C\u00e1c thi\u1ebft b\u1ecb r\u1ea3i b\u1ed9t ph\u00eda tr\u01b0\u1edbc v\u00e0 ph\u00eda sau ng\u0103n ng\u1eeba d\u00ednh, v\u1edbi l\u01b0\u1ee3ng b\u1ed9t c\u00f3 th\u1ec3 \u0111i\u1ec1u ch\u1ec9nh.<\/li>    <li>Thi\u1ebft k\u1ebf s\u00e0ng rung. T\u00e1ch s\u1ea3n ph\u1ea9m ho\u00e0n thi\u1ec7n kh\u1ecfi b\u1ed9t th\u1eeba \u0111\u1ec3 c\u00f3 \u0111\u1ea7u ra s\u1ea1ch h\u01a1n.<\/li>    <li>\u1ed4n \u0111\u1ecbnh v\u00e0 \u0111\u00e1ng tin c\u1eady. C\u1ea5u tr\u00fac c\u01a1 kh\u00ed \u0111\u01a1n gi\u1ea3n, t\u1ef7 l\u1ec7 h\u1ecfng h\u00f3c th\u1ea5p v\u00e0 c\u1eaft \u0111\u1ed3ng nh\u1ea5t m\u00e0 kh\u00f4ng l\u00e3ng ph\u00ed nguy\u00ean li\u1ec7u.<\/li> <\/ul> <\/div><figure class=\"wp-block-media-text__media\"><img loading=\"lazy\" decoding=\"async\" width=\"720\" height=\"540\" src=\"https:\/\/topfoodmachine.com\/wp-content\/uploads\/2022\/08\/chin-chin-cutting-machine-1.jpg\" alt=\"m\u00e1y c\u1eaft c\u1eb1m c\u1eb1m\" class=\"wp-image-290 size-full\" srcset=\"https:\/\/topfoodmachine.com\/wp-content\/uploads\/2022\/08\/chin-chin-cutting-machine-1.jpg 720w, https:\/\/topfoodmachine.com\/wp-content\/uploads\/2022\/08\/chin-chin-cutting-machine-1-300x225.jpg 300w\" sizes=\"auto, (max-width: 720px) 100vw, 720px\" \/><\/figure><\/div>    <div class=\"wp-block-media-text is-stacked-on-mobile\"><figure class=\"wp-block-media-text__media\"><img loading=\"lazy\" decoding=\"async\" width=\"720\" height=\"540\" src=\"https:\/\/topfoodmachine.com\/wp-content\/uploads\/2022\/08\/various-kinds-of-chin-chin.jpg\" alt=\"nhi\u1ec1u lo\u1ea1i chin chin kh\u00e1c nhau\" class=\"wp-image-292 size-full\" srcset=\"https:\/\/topfoodmachine.com\/wp-content\/uploads\/2022\/08\/various-kinds-of-chin-chin.jpg 720w, https:\/\/topfoodmachine.com\/wp-content\/uploads\/2022\/08\/various-kinds-of-chin-chin-300x225.jpg 300w\" sizes=\"auto, (max-width: 720px) 100vw, 720px\" \/><\/figure><div class=\"wp-block-media-text__content\"> <ul class=\"wp-block-list\"> <li>D\u1ec5 v\u1eadn h\u00e0nh. M\u1ed9t ng\u01b0\u1eddi c\u00f3 th\u1ec3 ho\u00e0n th\u00e0nh vi\u1ec7c cho b\u1ed9t, v\u1edbi m\u00e1y t\u1ef1 \u0111\u1ed9ng x\u1eed l\u00fd t\u1ea5t c\u1ea3 vi\u1ec7c c\u1eaft.<\/li>    <li>Hi\u1ec7u su\u1ea5t cao. C\u00f4ng su\u1ea5t l\u1edbn, k\u00edch th\u01b0\u1edbc nh\u1ecf g\u1ecdn v\u00e0 gi\u1ea3m \u0111\u00e1ng k\u1ec3 chi ph\u00ed lao \u0111\u1ed9ng v\u00e0 s\u1ea3n xu\u1ea5t.<\/li>    <li>K\u00edch th\u01b0\u1edbc v\u00e0 \u0111\u1ed9 d\u00e0y c\u00f3 th\u1ec3 \u0111i\u1ec1u ch\u1ec9nh. K\u00edch th\u01b0\u1edbc s\u1ea3n ph\u1ea9m ho\u00e0n thi\u1ec7n v\u00e0 \u0111\u1ed9 d\u00e0y c\u1ee7a t\u1ea5m b\u1ed9t c\u00f3 th\u1ec3 d\u1ec5 d\u00e0ng \u0111i\u1ec1u ch\u1ec9nh th\u00f4ng qua c\u00e1c con l\u0103n v\u00e0 tay c\u1ea7m.<\/li> <\/ul> <\/div><\/div>    <h2 class=\"wp-block-heading\">Th\u00f4ng s\u1ed1 c\u1ee7a m\u00e1y c\u1eaft chin chin<\/h2>    <figure class=\"wp-block-table\"><table class=\"has-fixed-layout\"><tbody><tr><td>Ki\u1ec3u<\/td><td>TZ-150<\/td><td>TZ-1000<\/td><\/tr><tr><td>Quy\u1ec1n l\u1ef1c<\/td><td>2.6kw<\/td><td>4,5kw<\/td><\/tr><tr><td>Dung t\u00edch<\/td><td>150~300kg\/gi\u1edd<\/td><td>1000kg\/gi\u1edd<\/td><\/tr><tr><td>C\u00e2n n\u1eb7ng<\/td><td>280kg<\/td><td>800kg<\/td><\/tr><tr><td>K\u00edch c\u1ee1<\/td><td>1500*560*1200mm<\/td><td>3300*610*1500mm<\/td><\/tr><\/tbody><\/table><figcaption class=\"wp-element-caption\">th\u00f4ng s\u1ed1 m\u00e1y c\u1eaft chin chin<\/figcaption><\/figure>    <figure class=\"wp-block-image size-full\"><img loading=\"lazy\" decoding=\"async\" width=\"720\" height=\"540\" src=\"https:\/\/topfoodmachine.com\/wp-content\/uploads\/2022\/08\/exported-Chin-Chin-Making-Machine.webp\" alt=\"M\u00e1y c\u1eaft c\u1eb1m\" class=\"wp-image-1284\" srcset=\"https:\/\/topfoodmachine.com\/wp-content\/uploads\/2022\/08\/exported-Chin-Chin-Making-Machine.webp 720w, https:\/\/topfoodmachine.com\/wp-content\/uploads\/2022\/08\/exported-Chin-Chin-Making-Machine-300x225.webp 300w, https:\/\/topfoodmachine.com\/wp-content\/uploads\/2022\/08\/exported-Chin-Chin-Making-Machine-16x12.webp 16w\" sizes=\"auto, (max-width: 720px) 100vw, 720px\" \/><figcaption class=\"wp-element-caption\">M\u00e1y c\u1eaft c\u1eb1m<\/figcaption><\/figure>    <h2 class=\"wp-block-heading\">M\u00e1y c\u1eaft c\u1eb1m ho\u1ea1t \u0111\u1ed9ng nh\u01b0 th\u1ebf n\u00e0o?<\/h2>    <div class=\"wp-block-media-text is-stacked-on-mobile\"><figure class=\"wp-block-media-text__media\"><img loading=\"lazy\" decoding=\"async\" width=\"720\" height=\"540\" src=\"https:\/\/topfoodmachine.com\/wp-content\/uploads\/2022\/08\/chin-chin-cutter-effects.jpg\" alt=\"hi\u1ec7u \u1ee9ng m\u00e1y c\u1eaft chin chin\" class=\"wp-image-294 size-full\" srcset=\"https:\/\/topfoodmachine.com\/wp-content\/uploads\/2022\/08\/chin-chin-cutter-effects.jpg 720w, https:\/\/topfoodmachine.com\/wp-content\/uploads\/2022\/08\/chin-chin-cutter-effects-300x225.jpg 300w\" sizes=\"auto, (max-width: 720px) 100vw, 720px\" \/><\/figure><div class=\"wp-block-media-text__content\"> <ul class=\"wp-block-list\"> <li>\u0110\u1eb7t t\u1ea5m b\u1ed9t l\u00ean khu v\u1ef1c cho b\u1ed9t c\u1ee7a m\u00e1y.<\/li>    <li>Kh\u1edfi \u0111\u1ed9ng m\u00e1y v\u00e0 b\u1ed9t s\u1ebd \u0111\u01b0\u1ee3c t\u1ef1 \u0111\u1ed9ng chuy\u1ec3n gi\u1eefa c\u00e1c con l\u0103n.<\/li>    <li>C\u00e1c con l\u0103n \u00e9p b\u1ed9t \u0111\u1ebfn \u0111\u1ed9 d\u00e0y mong mu\u1ed1n, c\u00f3 th\u1ec3 \u0111i\u1ec1u ch\u1ec9nh theo nhu c\u1ea7u.<\/li>    <li>B\u1ed9t \u0111\u00e3 \u00e9p \u0111\u01b0\u1ee3c chuy\u1ec3n l\u00ean b\u0103ng t\u1ea3i d\u1eabn \u0111\u1ebfn ph\u1ea7n c\u1eaft.<\/li> <\/ul> <\/div><\/div>    <div class=\"wp-block-media-text has-media-on-the-right is-stacked-on-mobile\"><div class=\"wp-block-media-text__content\"> <ul class=\"wp-block-list\"> <li>T\u1ea5m b\u1ed9t \u0111i qua m\u00e1y c\u1eaft, n\u01a1i n\u00f3 \u0111\u01b0\u1ee3c c\u1eaft th\u00e0nh h\u00ecnh vu\u00f4ng, h\u00ecnh thoi, h\u00ecnh tr\u0103ng ho\u1eb7c c\u00e1c h\u00ecnh d\u1ea1ng kh\u00e1c.<\/li>    <li>V\u1ecb tr\u00ed c\u1ee7a m\u1ed7i con l\u0103n c\u00f3 th\u1ec3 \u0111\u01b0\u1ee3c \u0111i\u1ec1u ch\u1ec9nh \u0111\u1ec3 ki\u1ec3m so\u00e1t \u0111\u1ed9 d\u00e0y c\u1ee7a b\u1ed9t, gi\u00fap qu\u1ea3n l\u00fd k\u00edch th\u01b0\u1edbc v\u00e0 tr\u1ecdng l\u01b0\u1ee3ng cu\u1ed1i c\u00f9ng c\u1ee7a chin chin.<\/li>    <li>Sau khi c\u1eaft, c\u00e1c mi\u1ebfng ho\u00e0n thi\u1ec7n \u0111\u01b0\u1ee3c t\u00e1ch ra v\u00e0 s\u1eb5n s\u00e0ng cho giai \u0111o\u1ea1n x\u1eed l\u00fd ti\u1ebfp theo.<\/li> <\/ul> <\/div><figure class=\"wp-block-media-text__media\"><img loading=\"lazy\" decoding=\"async\" width=\"720\" height=\"540\" src=\"https:\/\/topfoodmachine.com\/wp-content\/uploads\/2022\/08\/industrial-chin-chin-cutter.jpg\" alt=\"m\u00e1y c\u1eaft chin chin c\u00f4ng nghi\u1ec7p\" class=\"wp-image-295 size-full\" srcset=\"https:\/\/topfoodmachine.com\/wp-content\/uploads\/2022\/08\/industrial-chin-chin-cutter.jpg 720w, https:\/\/topfoodmachine.com\/wp-content\/uploads\/2022\/08\/industrial-chin-chin-cutter-300x225.jpg 300w\" sizes=\"auto, (max-width: 720px) 100vw, 720px\" \/><\/figure><\/div>    <h2 class=\"wp-block-heading\">T\u1ea1i sao m\u00f3n \u0103n nh\u1eb9 chin chin l\u1ea1i ph\u1ed5 bi\u1ebfn \u0111\u1ebfn v\u1eady?<\/h2>    <p>M\u00f3n \u0103n nh\u1eb9 chin chin \u0111\u01b0\u1ee3c y\u00eau th\u00edch v\u00ec h\u01b0\u01a1ng v\u1ecb th\u01a1m ngon, k\u1ebft c\u1ea5u gi\u00f2n v\u00e0 t\u00ednh \u0111a d\u1ea1ng. Ch\u00fang c\u00f3 th\u1ec3 \u0111\u01b0\u1ee3c th\u01b0\u1edfng th\u1ee9c nh\u01b0 m\u1ed9t m\u00f3n \u0103n nh\u1eb9 nh\u1eb9 nh\u00e0ng, m\u1ed9t m\u00f3n \u0111\u00e3i ti\u1ec7c, ho\u1eb7c th\u1eadm ch\u00ed \u0111\u01b0\u1ee3c \u0111\u00f3ng g\u00f3i \u0111\u1ec3 b\u00e1n th\u01b0\u01a1ng m\u1ea1i. V\u1edbi h\u01b0\u01a1ng v\u1ecb ng\u1ecdt ng\u00e0o, h\u01a1i b\u01a1 v\u00e0 \u0111\u1ed9 gi\u00f2n th\u1ecfa m\u00e3n, chin chin thu h\u00fat m\u1ecdi l\u1ee9a tu\u1ed5i. <\/p>    <p>Th\u1eddi gian b\u1ea3o qu\u1ea3n l\u00e2u d\u00e0i, d\u1ec5 b\u1ea3o qu\u1ea3n v\u00e0 s\u1ef1 \u0111a d\u1ea1ng v\u1ec1 h\u00ecnh d\u1ea1ng v\u00e0 k\u00edch th\u01b0\u1edbc c\u0169ng g\u00f3p ph\u1ea7n v\u00e0o s\u1ef1 ph\u1ed5 bi\u1ebfn c\u1ee7a ch\u00fang. D\u00f9 l\u00e0 t\u1ef1 l\u00e0m hay s\u1ea3n xu\u1ea5t h\u00e0ng lo\u1ea1t, chin chin v\u1eabn l\u00e0 m\u1ed9t m\u00f3n \u0103n nh\u1eb9 y\u00eau th\u00edch \u1edf nhi\u1ec1u n\u1ec1n v\u0103n h\u00f3a, \u0111\u1eb7c bi\u1ec7t l\u00e0 \u1edf ch\u00e2u Phi v\u00e0 c\u00e1c n\u01a1i kh\u00e1c.<\/p>    <figure class=\"wp-block-gallery has-nested-images columns-default is-cropped wp-block-gallery-3 is-layout-flex wp-block-gallery-is-layout-flex\"> <figure class=\"wp-block-image size-large\"><img loading=\"lazy\" decoding=\"async\" width=\"720\" height=\"540\" data-id=\"1276\" src=\"https:\/\/topfoodmachine.com\/wp-content\/uploads\/2022\/08\/Chin-Chin-Maker-with-good-price.webp\" alt=\"M\u00e1y l\u00e0m chin chin v\u1edbi gi\u00e1 t\u1ed1t\" class=\"wp-image-1276\" srcset=\"https:\/\/topfoodmachine.com\/wp-content\/uploads\/2022\/08\/Chin-Chin-Maker-with-good-price.webp 720w, https:\/\/topfoodmachine.com\/wp-content\/uploads\/2022\/08\/Chin-Chin-Maker-with-good-price-300x225.webp 300w, https:\/\/topfoodmachine.com\/wp-content\/uploads\/2022\/08\/Chin-Chin-Maker-with-good-price-16x12.webp 16w\" sizes=\"auto, (max-width: 720px) 100vw, 720px\" \/><figcaption class=\"wp-element-caption\">M\u00e1y l\u00e0m chin chin v\u1edbi gi\u00e1 t\u1ed1t<\/figcaption><\/figure>    <figure class=\"wp-block-image size-large\"><img loading=\"lazy\" decoding=\"async\" width=\"720\" height=\"540\" data-id=\"1283\" src=\"https:\/\/topfoodmachine.com\/wp-content\/uploads\/2022\/08\/details-of-Chin-Chin-Making-Machine.webp\" alt=\"chi ti\u1ebft v\u1ec1 m\u00e1y l\u00e0m Chin Chin\" class=\"wp-image-1283\" srcset=\"https:\/\/topfoodmachine.com\/wp-content\/uploads\/2022\/08\/details-of-Chin-Chin-Making-Machine.webp 720w, https:\/\/topfoodmachine.com\/wp-content\/uploads\/2022\/08\/details-of-Chin-Chin-Making-Machine-300x225.webp 300w, https:\/\/topfoodmachine.com\/wp-content\/uploads\/2022\/08\/details-of-Chin-Chin-Making-Machine-16x12.webp 16w\" sizes=\"auto, (max-width: 720px) 100vw, 720px\" \/><figcaption class=\"wp-element-caption\">chi ti\u1ebft v\u1ec1 m\u00e1y l\u00e0m Chin Chin<\/figcaption><\/figure> <\/figure>    <h2 class=\"wp-block-heading\">Li\u00ean h\u1ec7 ch\u00fang t\u00f4i<\/h2>    <p class=\"translation-block\">T\u00f3m l\u1ea1i, m\u00e1y c\u1eaft <a href=\"https:\/\/en.wikipedia.org\/wiki\/Chin_chin\" data-type=\"link\" data-id=\"https:\/\/en.wikipedia.org\/wiki\/Chin_chin\" target=\"_blank\" rel=\"noopener\">Chin Chin<\/a> c\u1ee7a ch\u00fang t\u00f4i kh\u00f4ng ch\u1ec9 s\u1ea3n xu\u1ea5t nhi\u1ec1u h\u00ecnh d\u1ea1ng v\u00e0 h\u01b0\u01a1ng v\u1ecb kh\u00e1c nhau c\u1ee7a Chin Chin m\u00e0 c\u00f2n ho\u1ea1t \u0111\u1ed9ng d\u1ec5 d\u00e0ng v\u00e0 t\u1ef1 \u0111\u1ed9ng h\u00f3a cao, n\u00e2ng cao hi\u1ec7u qu\u1ea3 s\u1ea3n xu\u1ea5t trong khi v\u1eabn duy tr\u00ec ch\u1ea5t l\u01b0\u1ee3ng s\u1ea3n ph\u1ea9m. <\/p>    <p class=\"translation-block\">H\u01a1n n\u1eefa, khi k\u1ebft h\u1ee3p v\u1edbi <a href=\"https:\/\/topfoodmachine.com\/vi\/product\/chin-chin-making-machine\/\" data-type=\"link\" data-id=\"https:\/\/topfoodmachine.com\/product\/chin-chin-making-machine\/\">D\u00e2y chuy\u1ec1n s\u1ea3n xu\u1ea5t Chin Chin<\/a> ti\u00ean ti\u1ebfn c\u1ee7a ch\u00fang t\u00f4i, b\u1ea1n c\u00f3 th\u1ec3 \u0111\u1ea1t \u0111\u01b0\u1ee3c t\u1ef1 \u0111\u1ed9ng h\u00f3a v\u00e0 s\u1ea3n xu\u1ea5t quy m\u00f4 l\u1edbn, mang l\u1ea1i s\u1ef1 ti\u1ec7n l\u1ee3i l\u1edbn v\u00e0 t\u0103ng tr\u01b0\u1edfng l\u1ee3i nhu\u1eadn cho doanh nghi\u1ec7p c\u1ee7a b\u1ea1n. Li\u00ean h\u1ec7 v\u1edbi ch\u00fang t\u00f4i ngay b\u00e2y gi\u1edd \u0111\u1ec3 bi\u1ebft th\u00eam th\u00f4ng tin v\u00e0 y\u00eau c\u1ea7u b\u00e1o gi\u00e1!<\/p>","protected":false},"excerpt":{"rendered":"<p>M\u00e1y c\u1eaft Chin Chin \u0111i\u1ec7n l\u00e0 m\u1ed9t thi\u1ebft b\u1ecb quan tr\u1ecdng trong d\u00e2y chuy\u1ec1n s\u1ea3n xu\u1ea5t Chin Chin, \u0111\u01b0\u1ee3c thi\u1ebft k\u1ebf \u0111\u1ec3 \u0111\u01a1n gi\u1ea3n h\u00f3a quy tr\u00ecnh t\u1ea1o ra m\u00f3n \u0103n nh\u1eb9 ph\u1ed5 bi\u1ebfn n\u00e0y c\u1ee7a Nigeria. <\/p>","protected":false},"author":1,"featured_media":290,"parent":0,"template":"","tags":[118],"product-type":[6],"class_list":["post-289","product","type-product","status-publish","has-post-thumbnail","hentry","tag-chin-chin-cutting-machine","product-type-pastry-production-machine"],"_links":{"self":[{"href":"https:\/\/topfoodmachine.com\/vi\/wp-json\/wp\/v2\/product\/289","targetHints":{"allow":["GET"]}}],"collection":[{"href":"https:\/\/topfoodmachine.com\/vi\/wp-json\/wp\/v2\/product"}],"about":[{"href":"https:\/\/topfoodmachine.com\/vi\/wp-json\/wp\/v2\/types\/product"}],"author":[{"embeddable":true,"href":"https:\/\/topfoodmachine.com\/vi\/wp-json\/wp\/v2\/users\/1"}],"wp:featuredmedia":[{"embeddable":true,"href":"https:\/\/topfoodmachine.com\/vi\/wp-json\/wp\/v2\/media\/290"}],"wp:attachment":[{"href":"https:\/\/topfoodmachine.com\/vi\/wp-json\/wp\/v2\/media?parent=289"}],"wp:term":[{"taxonomy":"post_tag","embeddable":true,"href":"https:\/\/topfoodmachine.com\/vi\/wp-json\/wp\/v2\/tags?post=289"},{"taxonomy":"product-type","embeddable":true,"href":"https:\/\/topfoodmachine.com\/vi\/wp-json\/wp\/v2\/product-type?post=289"}],"curies":[{"name":"wp","href":"https:\/\/api.w.org\/{rel}","templated":true}]}}