{"id":266,"date":"2022-07-29T09:17:11","date_gmt":"2022-07-29T09:17:11","guid":{"rendered":"https:\/\/topfoodmachine.com\/?post_type=product&#038;p=266"},"modified":"2023-06-14T14:30:44","modified_gmt":"2023-06-14T06:30:44","slug":"potato-chips-production-line","status":"publish","type":"product","link":"https:\/\/topfoodmachine.com\/vi\/product\/potato-chips-production-line\/","title":{"rendered":"D\u00e2y chuy\u1ec1n s\u1ea3n xu\u1ea5t khoai t\u00e2y chi\u00ean"},"content":{"rendered":"<div class=\"kk-star-ratings kksr-auto kksr-align-left kksr-valign-top\"     data-payload='{&quot;align&quot;:&quot;left&quot;,&quot;id&quot;:&quot;266&quot;,&quot;slug&quot;:&quot;default&quot;,&quot;valign&quot;:&quot;top&quot;,&quot;ignore&quot;:&quot;&quot;,&quot;reference&quot;:&quot;auto&quot;,&quot;class&quot;:&quot;&quot;,&quot;count&quot;:&quot;22&quot;,&quot;legendonly&quot;:&quot;&quot;,&quot;readonly&quot;:&quot;&quot;,&quot;score&quot;:&quot;4.8&quot;,&quot;starsonly&quot;:&quot;&quot;,&quot;best&quot;:&quot;5&quot;,&quot;gap&quot;:&quot;5&quot;,&quot;greet&quot;:&quot;Rate this product&quot;,&quot;legend&quot;:&quot;4.8\\\/5 - (22 b\u00ecnh ch\u1ecdn)&quot;,&quot;size&quot;:&quot;24&quot;,&quot;title&quot;:&quot;Potato Chips Production Line&quot;,&quot;width&quot;:&quot;136.7&quot;,&quot;_legend&quot;:&quot;{score}\\\/{best} - ({count} {votes})&quot;,&quot;font_factor&quot;:&quot;1.25&quot;}'>              <div class=\"kksr-stars\">      <div class=\"kksr-stars-inactive\">             <div class=\"kksr-star\" data-star=\"1\" style=\"padding-right: 5px\">               <div class=\"kksr-icon\" style=\"width: 24px; height: 24px;\"><\/div>         <\/div>             <div class=\"kksr-star\" data-star=\"2\" style=\"padding-right: 5px\">               <div class=\"kksr-icon\" style=\"width: 24px; height: 24px;\"><\/div>         <\/div>             <div class=\"kksr-star\" data-star=\"3\" style=\"padding-right: 5px\">               <div class=\"kksr-icon\" style=\"width: 24px; height: 24px;\"><\/div>         <\/div>             <div class=\"kksr-star\" data-star=\"4\" style=\"padding-right: 5px\">               <div class=\"kksr-icon\" style=\"width: 24px; height: 24px;\"><\/div>         <\/div>             <div class=\"kksr-star\" data-star=\"5\" style=\"padding-right: 5px\">               <div class=\"kksr-icon\" style=\"width: 24px; height: 24px;\"><\/div>         <\/div>     <\/div>      <div class=\"kksr-stars-active\" style=\"width: 136.7px;\">             <div class=\"kksr-star\" style=\"padding-right: 5px\">               <div class=\"kksr-icon\" style=\"width: 24px; height: 24px;\"><\/div>         <\/div>             <div class=\"kksr-star\" style=\"padding-right: 5px\">               <div class=\"kksr-icon\" style=\"width: 24px; height: 24px;\"><\/div>         <\/div>             <div class=\"kksr-star\" style=\"padding-right: 5px\">               <div class=\"kksr-icon\" style=\"width: 24px; height: 24px;\"><\/div>         <\/div>             <div class=\"kksr-star\" style=\"padding-right: 5px\">               <div class=\"kksr-icon\" style=\"width: 24px; height: 24px;\"><\/div>         <\/div>             <div class=\"kksr-star\" style=\"padding-right: 5px\">               <div class=\"kksr-icon\" style=\"width: 24px; height: 24px;\"><\/div>         <\/div>     <\/div> <\/div>                   <div class=\"kksr-legend\" style=\"font-size: 19.2px;\">             4.8\/5 - (22 l\u01b0\u1ee3t b\u00ecnh ch\u1ecdn)    <\/div>     <\/div>  <p class=\"translation-block\"><strong>D\u00e2y chuy\u1ec1n s\u1ea3n xu\u1ea5t khoai t\u00e2y chi\u00ean<\/strong> \u0111\u01b0\u1ee3c s\u1eed d\u1ee5ng \u0111\u1ec3 s\u1ea3n xu\u1ea5t khoai t\u00e2y chi\u00ean m\u1ed9t c\u00e1ch t\u1ef1 \u0111\u1ed9ng v\u00e0 hi\u1ec7u qu\u1ea3. T\u1ea5t c\u1ea3 c\u00e1c m\u00e1y c\u1ee7a ch\u00fang t\u00f4i \u0111\u1ec1u \u0111\u01b0\u1ee3c l\u00e0m b\u1eb1ng th\u00e9p kh\u00f4ng g\u1ec9 b\u1ec1n v\u00e0 \u0111\u1ea1t ti\u00eau chu\u1ea9n th\u1ef1c ph\u1ea9m. Ngo\u00e0i ra, n\u00f3 c\u00f3 c\u00e1c \u0111\u1eb7c \u0111i\u1ec3m nh\u01b0 m\u1ee9c \u0111\u1ed9 t\u1ef1 \u0111\u1ed9ng h\u00f3a cao, d\u1ec5 v\u1eadn h\u00e0nh v\u00e0 tu\u1ed5i th\u1ecd d\u00e0i. L\u00e0 m\u1ed9t nh\u00e0 s\u1ea3n xu\u1ea5t m\u00e1y m\u00f3c ch\u1ebf bi\u1ebfn th\u1ef1c ph\u1ea9m h\u00e0ng \u0111\u1ea7u, Taizy cung c\u1ea5p m\u1ed9t lo\u1ea1t d\u00e2y chuy\u1ec1n ch\u1ebf bi\u1ebfn khoai t\u00e2y chi\u00ean, bao g\u1ed3m d\u00e2y chuy\u1ec1n s\u1ea3n xu\u1ea5t khoai t\u00e2y chi\u00ean quy m\u00f4 nh\u1ecf v\u00e0 quy m\u00f4 l\u1edbn. <\/p>    <p>N\u0103ng l\u1ef1c s\u1ea3n xu\u1ea5t c\u1ee7a m\u00e1y l\u00e0m khoai t\u00e2y chi\u00ean dao \u0111\u1ed9ng t\u1eeb 50kg m\u1ed7i gi\u1edd \u0111\u1ebfn 500kg m\u1ed7i gi\u1edd. T\u1ea5t nhi\u00ean, ch\u00fang t\u00f4i cung c\u1ea5p d\u1ecbch v\u1ee5 t\u00f9y bi\u1ebfn m\u1ea1nh m\u1ebd \u0111\u1ec3 \u0111\u00e1p \u1ee9ng c\u00e1c y\u00eau c\u1ea7u \u0111\u1eb7c bi\u1ec7t c\u1ee7a b\u1ea1n. Ch\u00e0o m\u1eebng b\u1ea1n \u0111\u1ebfn li\u00ean h\u1ec7 v\u1edbi ch\u00fang t\u00f4i \u0111\u1ec3 c\u00f3 danh s\u00e1ch gi\u00e1 t\u1ed1t nh\u1ea5t.<\/p>    <h2 class=\"wp-block-heading\">\u0110\u1eb7c \u0111i\u1ec3m c\u1ee7a d\u00e2y chuy\u1ec1n s\u1ea3n xu\u1ea5t khoai t\u00e2y chi\u00ean Taizy<\/h2>    <ol class=\"wp-block-list\" type=\"1\"> <li>M\u00e1y l\u00e0m khoai t\u00e2y chi\u00ean c\u00f3 r\u1ea5t nhi\u1ec1u \u1ee9ng d\u1ee5ng, n\u00f3 c\u00f3 th\u1ec3 \u0111\u01b0\u1ee3c \u1ee9ng d\u1ee5ng \u0111\u1ec3 l\u00e0m khoai t\u00e2y chi\u00ean, khoai t\u00e2y chi\u00ean chu\u1ed1i v\u00e0 khoai t\u00e2y chi\u00ean.<\/li>    <li>V\u1edbi k\u1ebft c\u1ea5u \u0111\u01a1n gi\u1ea3n v\u00e0 thi\u1ebft k\u1ebf h\u1ee3p l\u00fd, lo\u1ea1i m\u00e1y n\u00e0y v\u1eadn h\u00e0nh d\u1ec5 d\u00e0ng, ch\u1ec9 c\u1ea7n m\u1ed9t nh\u00e2n c\u00f4ng l\u00e0 v\u1eadn h\u00e0nh.<\/li>    <li>S\u1eed d\u1ee5ng to\u00e0n b\u1ed9 v\u1eadt li\u1ec7u th\u00e9p kh\u00f4ng g\u1ec9 304 b\u1ec1n b\u1ec9, d\u00e2y chuy\u1ec1n s\u1ea3n xu\u1ea5t khoai t\u00e2y chi\u00ean d\u1ec5 d\u00e0ng v\u1ec7 sinh v\u00e0 c\u00f3 tu\u1ed5i th\u1ecd cao.<\/li>    <li>Thi\u1ebft k\u1ebf \u0111\u1ed9ng c\u01a1 m\u00e1y kh\u00e9p k\u00edn ho\u00e0n to\u00e0n n\u00ean kh\u00f4ng g\u00e2y \u00f4 nhi\u1ec5m gi\u1ecdng n\u00f3i.<\/li>    <li>C\u00f3 s\u1eb5n c\u00f4ng su\u1ea5t quy m\u00f4 nh\u1ecf v\u00e0 quy m\u00f4 l\u1edbn, 50kg\/h &#8211; 500kg\/h.<\/li>    <li>N\u00f3 c\u00f3 \u01b0u \u0111i\u1ec3m l\u00e0 ti\u00eau th\u1ee5 n\u0103ng l\u01b0\u1ee3ng th\u1ea5p, ti\u1ebft ki\u1ec7m nh\u00e2n c\u00f4ng, ch\u1ea1y t\u1ef1 \u0111\u1ed9ng v\u00e0 hi\u1ec7u su\u1ea5t \u1ed5n \u0111\u1ecbnh. &nbsp;<\/li> <\/ol>    <figure class=\"wp-block-image size-full\"><img loading=\"lazy\" decoding=\"async\" width=\"720\" height=\"540\" src=\"https:\/\/topfoodmachine.com\/wp-content\/uploads\/2022\/07\/potato-chips-production-line.jpg\" alt=\"d\u00e2y chuy\u1ec1n s\u1ea3n xu\u1ea5t khoai t\u00e2y chi\u00ean\" class=\"wp-image-270\" srcset=\"https:\/\/topfoodmachine.com\/wp-content\/uploads\/2022\/07\/potato-chips-production-line.jpg 720w, https:\/\/topfoodmachine.com\/wp-content\/uploads\/2022\/07\/potato-chips-production-line-300x225.jpg 300w\" sizes=\"auto, (max-width: 720px) 100vw, 720px\" \/><figcaption class=\"wp-element-caption\">d\u00e2y chuy\u1ec1n s\u1ea3n xu\u1ea5t khoai t\u00e2y chi\u00ean<\/figcaption><\/figure>    <h2 class=\"wp-block-heading\">Quy tr\u00ecnh l\u00e0m vi\u1ec7c c\u1ee7a d\u00e2y chuy\u1ec1n s\u1ea3n xu\u1ea5t khoai t\u00e2y chi\u00ean t\u1ef1 \u0111\u1ed9ng<\/h2>    <p>To\u00e0n b\u1ed9 quy tr\u00ecnh l\u00e0m vi\u1ec7c c\u1ee7a d\u00e2y chuy\u1ec1n s\u1ea3n xu\u1ea5t khoai t\u00e2y chi\u00ean t\u1ef1 \u0111\u1ed9ng nh\u01b0 sau:<\/p>    <p><strong>Ch\u1ecdn khoai t\u00e2y t\u01b0\u01a1i \u2192 r\u1eeda v\u00e0 g\u1ecdt v\u1ecf khoai t\u00e2y \u2192 c\u1eaft l\u00e1t khoai t\u00e2y \u2192 ch\u1ea7n khoai t\u00e2y \u2192 s\u1ea5y kh\u00f4 \u2192 chi\u00ean \u2192 \u00a0kh\u1eed d\u1ea7u \u2192 \u00a0gia v\u1ecb \u2192 \u0111\u00f3ng g\u00f3i khoai t\u00e2y chi\u00ean.<\/strong><\/p>    <figure class=\"wp-block-embed is-type-video is-provider-youtube wp-block-embed-youtube wp-embed-aspect-16-9 wp-has-aspect-ratio\"><div class=\"wp-block-embed__wrapper\"> <iframe loading=\"lazy\" title=\"D\u00e2y chuy\u1ec1n s\u1ea3n xu\u1ea5t khoai t\u00e2y chi\u00ean gi\u00e1 r\u1ebb \/ m\u00e1y ch\u1ebf bi\u1ebfn khoai t\u00e2y chi\u00ean ki\u1ec3u Ph\u00e1p \/ m\u00e1y l\u00e0m khoai t\u00e2y chi\u00ean\" width=\"500\" height=\"281\" src=\"https:\/\/www.youtube.com\/embed\/lVs1khSN1wQ?feature=oembed\" frameborder=\"0\" allow=\"accelerometer; autoplay; clipboard-write; encrypted-media; gyroscope; picture-in-picture; web-share\" referrerpolicy=\"strict-origin-when-cross-origin\" allowfullscreen><\/iframe> <\/div><\/figure>    <h2 class=\"wp-block-heading\">Nh\u1eefng m\u00e1y m\u00f3c n\u00e0o t\u1ea1o n\u00ean nh\u00e0 m\u00e1y ch\u1ebf bi\u1ebfn khoai t\u00e2y chi\u00ean?<\/h2>    <p>To\u00e0n b\u1ed9 nh\u00e0 m\u00e1y ch\u1ebf bi\u1ebfn khoai t\u00e2y chi\u00ean ch\u1ee7 y\u1ebfu bao g\u1ed3m m\u00e1y r\u1eeda v\u00e0 g\u1ecdt v\u1ecf khoai t\u00e2y, m\u00e1y c\u1eaft l\u00e1t khoai t\u00e2y, m\u00e1y ch\u1ea7n khoai t\u00e2y chi\u00ean, m\u00e1y s\u1ea5y khoai t\u00e2y chi\u00ean, m\u00e1y chi\u00ean khoai t\u00e2y, m\u00e1y kh\u1eed d\u1ea7u khoai t\u00e2y chi\u00ean, gia v\u1ecb khoai t\u00e2y chi\u00ean. m\u00e1y, m\u00e1y \u0111\u00f3ng g\u00f3i khoai t\u00e2y chi\u00ean.<\/p>    <h3 class=\"wp-block-heading\">1. M\u00e1y r\u1eeda v\u00e0 g\u1ecdt v\u1ecf khoai t\u00e2y<\/h3>    <p>M\u00e1y n\u00e0y c\u00f3 th\u1ec3 ho\u00e0n th\u00e0nh c\u00f4ng vi\u1ec7c l\u00e0m s\u1ea1ch v\u00e0 g\u1ecdt v\u1ecf khoai t\u00e2y c\u00f9ng m\u1ed9t l\u00fac. Hi\u1ec7u qu\u1ea3 cao, t\u1ef7 l\u1ec7 g\u00e3y th\u1ea5p v\u00e0 thi\u1ebft k\u1ebf \u0111\u1eb7c bi\u1ec7t c\u1ee7a b\u00e0n ch\u1ea3i c\u00f3 th\u1ec3 l\u00e0m s\u1ea1ch khoai t\u00e2y th\u1eadt k\u1ef9 r\u1ed3i g\u1ecdt v\u1ecf th\u1eadt k\u1ef9. T\u1ef7 l\u1ec7 hao h\u1ee5t sau khi g\u1ecdt v\u1ecf nh\u1ecf h\u01a1n 2% v\u00e0 kh\u00f4ng c\u00f3 khoai t\u00e2y b\u1ecb h\u1ecfng. M\u00e1y l\u00e0m s\u1ea1ch v\u00e0 g\u1ecdt v\u1ecf khoai t\u00e2y c\u00f2n th\u00edch h\u1ee3p v\u1edbi c\u00e1c lo\u1ea1i rau c\u1ee7, tr\u00e1i c\u00e2y kh\u00e1c nh\u01b0 c\u1ee7 c\u1ea3i \u0111\u01b0\u1eddng, c\u1ee7 c\u1ea3i, khoai lang, c\u00e0 r\u1ed1t,\u2026<\/p>    <figure class=\"wp-block-image size-full\"><img loading=\"lazy\" decoding=\"async\" width=\"720\" height=\"540\" src=\"https:\/\/topfoodmachine.com\/wp-content\/uploads\/2022\/07\/potato-washing-and-peeling-machine.jpg\" alt=\"m\u00e1y r\u1eeda v\u00e0 g\u1ecdt khoai t\u00e2y\" class=\"wp-image-273\" srcset=\"https:\/\/topfoodmachine.com\/wp-content\/uploads\/2022\/07\/potato-washing-and-peeling-machine.jpg 720w, https:\/\/topfoodmachine.com\/wp-content\/uploads\/2022\/07\/potato-washing-and-peeling-machine-300x225.jpg 300w\" sizes=\"auto, (max-width: 720px) 100vw, 720px\" \/><figcaption class=\"wp-element-caption\">m\u00e1y r\u1eeda v\u00e0 g\u1ecdt khoai t\u00e2y<\/figcaption><\/figure>    <h3 class=\"wp-block-heading\">2. M\u00e1y th\u00e1i khoai t\u00e2y<\/h3>    <p>M\u00e1y th\u00e1i khoai t\u00e2y l\u00e0 \u0111\u1ec3 c\u1eaft khoai t\u00e2y \u0111\u00e3 g\u1ecdt v\u1ecf th\u00e0nh nh\u1eefng l\u00e1t m\u1ecfng c\u00f3 \u0111\u1ed9 d\u00e0y kh\u00f4ng th\u1ec3 \u0111i\u1ec1u ch\u1ec9nh \u0111\u01b0\u1ee3c, t\u1ee9c l\u00e0 2 mm. h\u00ecnh d\u1ea1ng c\u1ee7a c\u00e1c l\u00e1t c\u1eaft \u0111\u01b0\u1ee3c chia th\u00e0nh hai lo\u1ea1i ph\u1eb3ng v\u00e0 l\u01b0\u1ee3n s\u00f3ng b\u1eb1ng c\u00e1ch thay \u0111\u1ed5i c\u00e1c l\u01b0\u1ee1i dao b\u00ean trong m\u00e1y. C\u00f3 c\u1ed5ng c\u1ea5p li\u1ec7u l\u1edbn v\u00e0 nh\u1ecf, nguy\u00ean li\u1ec7u th\u00f4 ph\u1ea3i \u0111\u01b0\u1ee3c \u0111\u01b0a v\u00e0o c\u1ed5ng c\u1ea5p li\u1ec7u th\u00edch h\u1ee3p t\u00f9y theo k\u00edch c\u1ee1.<\/p>    <h3 class=\"wp-block-heading\">3. M\u00e1y ch\u1ea7n khoai t\u00e2y chi\u00ean<\/h3>    <p>M\u00e1y ch\u1ea7n khoai t\u00e2y c\u00f3 th\u1ec3 lo\u1ea1i b\u1ecf l\u01b0\u1ee3ng tinh b\u1ed9t d\u01b0 th\u1eeba tr\u00ean b\u1ec1 m\u1eb7t m\u00e1y th\u00e1i khoai t\u00e2y, t\u1eeb \u0111\u00f3 t\u1ea1o ra nh\u1eefng mi\u1ebfng khoai t\u00e2y chi\u00ean gi\u00f2n. Nhi\u1ec7t \u0111\u1ed9 gia nhi\u1ec7t c\u1ee7a m\u00e1y l\u00e0m khoai t\u00e2y chi\u00ean nh\u1ecf l\u00e0 kho\u1ea3ng 90-100oC.<\/p>    <h3 class=\"wp-block-heading\">4. M\u00e1y s\u1ea5y khoai t\u00e2y chi\u00ean<\/h3>    <p>\u00c1p d\u1ee5ng nguy\u00ean l\u00fd l\u1ef1c ly t\u00e2m, m\u00e1y s\u1ea5y chip n\u00e0y an to\u00e0n, ti\u1ec7n l\u1ee3i v\u00e0 hi\u1ec7u qu\u1ea3. Kh\u1eed n\u01b0\u1edbc tr\u01b0\u1edbc khi chi\u00ean c\u00f3 th\u1ec3 ng\u0103n d\u1ea7u n\u00f3ng b\u1eafn tung t\u00f3e khi chi\u00ean, r\u00fat \u200b\u200bng\u1eafn \u0111\u00e1ng k\u1ec3 th\u1eddi gian chi\u00ean v\u00e0 c\u1ea3i thi\u1ec7n h\u01b0\u01a1ng v\u1ecb c\u1ee7a khoai t\u00e2y chi\u00ean.<\/p>    <h3 class=\"wp-block-heading\">5. M\u00e1y chi\u00ean khoai t\u00e2y chi\u00ean<\/h3>    <p>Chi\u00ean khoai t\u00e2y chi\u00ean gi\u00f2n l\u00e0 m\u1ed9t b\u01b0\u1edbc kh\u00f4ng th\u1ec3 thi\u1ebfu. Nhi\u1ec7t \u0111\u1ed9 chi\u00ean kho\u1ea3ng 170oC v\u00e0 th\u1eddi gian chi\u00ean kho\u1ea3ng 3-4 ph\u00fat. D\u1ea7u s\u00f4i s\u1ebd kh\u00f4ng t\u1ea1o ra kh\u00f3i \u0111en trong qu\u00e1 tr\u00ecnh v\u1eadn h\u00e0nh v\u00e0 h\u1ec7 th\u1ed1ng ki\u1ec3m so\u00e1t nhi\u1ec7t \u0111\u1ed9 d\u1ea7u ch\u00ednh x\u00e1c \u0111\u1ea3m b\u1ea3o ch\u1ea5t l\u01b0\u1ee3ng v\u00e0 h\u01b0\u01a1ng v\u1ecb c\u1ee7a khoai t\u00e2y chi\u00ean v\u00e0 khoai t\u00e2y chi\u00ean th\u00e0nh ph\u1ea9m. N\u01b0\u1edbc th\u1ea3i \u0111\u00e3 qua x\u1eed l\u00fd c\u00f3 th\u1ec3 \u0111\u01b0\u1ee3c th\u1ea3i qua c\u1ed5ng tho\u00e1t n\u01b0\u1edbc \u1edf \u0111\u00e1y n\u1ed3i chi\u00ean.<\/p>    <figure class=\"wp-block-image size-full\"><img loading=\"lazy\" decoding=\"async\" width=\"720\" height=\"540\" src=\"https:\/\/topfoodmachine.com\/wp-content\/uploads\/2022\/07\/potato-chips-frying-machine.jpg\" alt=\"m\u00e1y chi\u00ean khoai t\u00e2y chi\u00ean\" class=\"wp-image-274\" srcset=\"https:\/\/topfoodmachine.com\/wp-content\/uploads\/2022\/07\/potato-chips-frying-machine.jpg 720w, https:\/\/topfoodmachine.com\/wp-content\/uploads\/2022\/07\/potato-chips-frying-machine-300x225.jpg 300w\" sizes=\"auto, (max-width: 720px) 100vw, 720px\" \/><figcaption class=\"wp-element-caption\">m\u00e1y chi\u00ean khoai t\u00e2y chi\u00ean<\/figcaption><\/figure>    <h3 class=\"wp-block-heading\">6. M\u00e1y kh\u1eed d\u1ea7u khoai t\u00e2y chi\u00ean<\/h3>    <p>M\u00e1y t\u1ea9y d\u1ea7u m\u1ee1 ly t\u00e2m lo\u1ea1i b\u1ecf d\u1ea7u th\u1eeba kh\u1ecfi khoai t\u00e2y chi\u00ean \u0111\u1ec3 tr\u00e1nh v\u1ecb b\u00e9o ng\u1eady v\u00e0 t\u0103ng h\u01b0\u01a1ng v\u1ecb c\u1ee7a khoai t\u00e2y chi\u00ean. M\u00e1y n\u00e0y, gi\u1ed1ng nh\u01b0 m\u00e1y kh\u1eed n\u01b0\u1edbc, c\u00f3 th\u1ec3 \u0111\u01b0\u1ee3c mua v\u1edbi ng\u00e2n s\u00e1ch nh\u1ecf.<\/p>    <h3 class=\"wp-block-heading\">7. M\u00e1y n\u00eam khoai t\u00e2y chi\u00ean<\/h3>    <p>Sau khi t\u1ea9y d\u1ea7u m\u1ee1, khoai t\u00e2y chi\u00ean \u0111\u01b0\u1ee3c v\u1eadn chuy\u1ec3n \u0111\u1ebfn h\u1ec7 th\u1ed1ng gia v\u1ecb v\u00e0 b\u1ea1n c\u00f3 th\u1ec3 th\u00eam c\u00e1c lo\u1ea1i gia v\u1ecb kh\u00e1c nhau n\u1ebfu c\u1ea7n. Thi\u1ebft k\u1ebf c\u1ea5u tr\u00fac \u0111\u01a1n gi\u1ea3n v\u00e0 thi\u1ebft th\u1ef1c, th\u00f9ng h\u00ecnh b\u00e1t gi\u00e1c \u0111\u01b0\u1ee3c l\u00e0m b\u1eb1ng th\u00e9p kh\u00f4ng g\u1ec9 \u0111\u1ec3 khoai t\u00e2y chi\u00ean \u0111\u01b0\u1ee3c ch\u00edn \u0111\u1ec1u v\u00e0 c\u00f3 h\u01b0\u01a1ng v\u1ecb \u0111\u1ed3ng \u0111\u1ec1u h\u01a1n. V\u1edbi ch\u1ee9c n\u0103ng x\u1ea3 t\u1ef1 \u0111\u1ed9ng, n\u00f3 c\u0169ng c\u00f3 th\u1ec3 \u0111\u01b0\u1ee3c s\u1eed d\u1ee5ng \u0111\u1ec3 l\u00e0m gia v\u1ecb cho c\u00e1c m\u00f3n \u0103n ph\u1ed3ng, c\u00e1c m\u00f3n \u0103n ngu\u1ed9i, v.v.<\/p>    <h3 class=\"wp-block-heading\">8. M\u00e1y \u0111\u00f3ng g\u00f3i khoai t\u00e2y chi\u00ean<\/h3>    <p class=\"translation-block\">B\u01b0\u1edbc cu\u1ed1i c\u00f9ng l\u00e0 s\u1eed d\u1ee5ng m\u00e1y \u0111\u00f3ng g\u00f3i t\u1ef1 \u0111\u1ed9ng \u0111\u1ec3 \u0111\u00f3ng g\u00f3i khoai t\u00e2y chi\u00ean. \u0110\u1ed1i v\u1edbi c\u00e1c y\u00eau c\u1ea7u \u0111\u00f3ng g\u00f3i kh\u00e1c nhau, ch\u00fang t\u00f4i cung c\u1ea5p nhi\u1ec1u lo\u1ea1i m\u00e1y \u0111\u00f3ng g\u00f3i kh\u00e1c nhau, ch\u1eb3ng h\u1ea1n nh\u01b0 <a href=\"https:\/\/tianhuipackingmachine.com\/chips-packaging-machine\/\" target=\"_blank\" rel=\"noopener\">m\u00e1y \u0111\u00f3ng g\u00f3i chi\u00ean nh\u1ecf d\u1ea1ng \u0111\u1ee9ng<\/a>, m\u1ed9t m\u00e1y \u0111\u00f3ng g\u00f3i ch\u00e2n kh\u00f4ng, v\u00e0 m\u1ed9t <a href=\"https:\/\/tianhuipackingmachine.com\/multi-head-weigher-packing-machine\/\" target=\"_blank\" rel=\"noopener\">m\u00e1y \u0111\u00f3ng g\u00f3i c\u00e2n \u0111a \u0111\u1ea7u<\/a>. N\u1ebfu b\u1ea1n kh\u00f4ng ch\u1eafc ch\u1eafn c\u00e1i n\u00e0o ph\u00f9 h\u1ee3p v\u1edbi b\u1ea1n, h\u00e3y li\u00ean h\u1ec7 v\u1edbi ch\u00fang t\u00f4i \u0111\u1ec3 \u0111\u01b0\u1ee3c h\u01b0\u1edbng d\u1eabn mua h\u00e0ng chuy\u00ean nghi\u1ec7p.<\/p>    <figure class=\"wp-block-image size-full\"><a href=\"https:\/\/tianhuipackingmachine.com\/double-chamber-vacuum-packaging-machine\/\" target=\"_blank\" rel=\"noopener\"><img loading=\"lazy\" decoding=\"async\" width=\"720\" height=\"540\" src=\"https:\/\/topfoodmachine.com\/wp-content\/uploads\/2022\/07\/vacuum-packaging-machine.jpg\" alt=\"m\u00e1y \u0111\u00f3ng g\u00f3i ch\u00e2n kh\u00f4ng\" class=\"wp-image-275\" srcset=\"https:\/\/topfoodmachine.com\/wp-content\/uploads\/2022\/07\/vacuum-packaging-machine.jpg 720w, https:\/\/topfoodmachine.com\/wp-content\/uploads\/2022\/07\/vacuum-packaging-machine-300x225.jpg 300w\" sizes=\"auto, (max-width: 720px) 100vw, 720px\" \/><\/a><figcaption class=\"wp-element-caption\">m\u00e1y \u0111\u00f3ng g\u00f3i ch\u00e2n kh\u00f4ng<\/figcaption><\/figure>    <h2 class=\"wp-block-heading\">Th\u00f4ng s\u1ed1 c\u1ee7a d\u00e2y chuy\u1ec1n s\u1ea3n xu\u1ea5t khoai t\u00e2y chi\u00ean quy m\u00f4 nh\u1ecf 100kg\/h<\/h2>    <figure class=\"wp-block-table\"><table><tbody><tr><td><strong>T\u00ean<\/strong><\/td><td><strong>Th\u00f4ng s\u1ed1<\/strong><\/td><\/tr><tr><td>M\u00e1y r\u1eeda v\u00e0 g\u1ecdt v\u1ecf khoai t\u00e2y<\/td><td>C\u00f4ng su\u1ea5t:1.1kw\u00a0380V-3 ho\u1eb7c 220V-3<br>Tr\u1ecdng l\u01b0\u1ee3ng: 210kg<br>K\u00edch th\u01b0\u1edbc:1400*850*800mmC\u00f4ng su\u1ea5t:200kg\/h<\/td><\/tr><tr><td>M\u00e1y c\u1eaft khoai t\u00e2y chi\u00ean<\/td><td>C\u00f4ng su\u1ea5t:1.1kw\u00a0\u00a0380v-3 ho\u1eb7c 220v-3<br>Tr\u1ecdng l\u01b0\u1ee3ng: 110kg<br>K\u00edch th\u01b0\u1edbc:950*900*1000mmC\u00f4ng su\u1ea5t:600kg\/h<\/td><\/tr><tr><td>M\u00e1y ch\u1ea7n chip<\/td><td>C\u00f4ng su\u1ea5t:24kw\u00a0380V-3 ho\u1eb7c 220V-3<br>Tr\u1ecdng l\u01b0\u1ee3ng: 120kg<br>K\u00edch th\u01b0\u1edbc:1200*700*950mmC\u00f4ng su\u1ea5t:100kg\/h<\/td><\/tr><tr><td>M\u00e1y kh\u1eed n\u01b0\u1edbc chip<\/td><td>C\u00f4ng su\u1ea5t:1.1kw\u00a0380V-3 ho\u1eb7c 220V-3<br>Tr\u1ecdng l\u01b0\u1ee3ng:390kg<br>K\u00edch th\u01b0\u1edbc:1000*500*850mmC\u00f4ng su\u1ea5t:200kg\/h<\/td><\/tr><tr><td>M\u00e1y chi\u00ean khoai t\u00e2y chi\u00ean<\/td><td>C\u00f4ng su\u1ea5t:24kw\u00a0380V-3 ho\u1eb7c 220V-3<br>Tr\u1ecdng l\u01b0\u1ee3ng: 120kg<br>K\u00edch th\u01b0\u1edbc:1200*700*950mmC\u00f4ng su\u1ea5t:100kg\/h<\/td><\/tr><tr><td>M\u00e1y kh\u1eed d\u1ea7u<\/td><td>C\u00f4ng su\u1ea5t:1.1kw\u00a0380V-3 ho\u1eb7c 220V-3<br>Tr\u1ecdng l\u01b0\u1ee3ng:390kg<br>K\u00edch th\u01b0\u1edbc:1000*500*850mmC\u00f4ng su\u1ea5t:200kg\/h<\/td><\/tr><tr><td>M\u00e1y gia v\u1ecb khoai t\u00e2y chi\u00ean<\/td><td>C\u00f4ng su\u1ea5t:1.1kw\u00a0380V-3 ho\u1eb7c 220V-3<br>Tr\u1ecdng l\u01b0\u1ee3ng: 190kg<br>K\u00edch th\u01b0\u1edbc:1000*800*1300mmC\u00f4ng su\u1ea5t:300kg\/h<\/td><\/tr><tr><td>M\u00e1y \u0111\u00f3ng g\u00f3i khoai t\u00e2y chi\u00ean v\u00e0 khoai t\u00e2y chi\u00ean<\/td><td>C\u00f4ng su\u1ea5t:1,5kw\u00a0380V-3 ho\u1eb7c 220V-3<br>Tr\u1ecdng l\u01b0\u1ee3ng: 220kg<br>K\u00edch th\u01b0\u1edbc:1200*600*850mmC\u00f4ng su\u1ea5t:200kg\/h<\/td><\/tr><\/tbody><\/table><\/figure>    <h2 class=\"wp-block-heading\">C\u00e2u h\u1ecfi th\u01b0\u1eddng g\u1eb7p v\u1ec1 m\u00e1y khoai t\u00e2y chi\u00ean<\/h2>   <div id=\"rank-math-faq\" class=\"rank-math-block\"> <div class=\"rank-math-list\"> <div id=\"faq-question-1663655482448\" class=\"rank-math-list-item\"> <h3 class=\"rank-math-question\"><strong>B\u1ea1n c\u00f3 th\u1ec3 thi\u1ebft k\u1ebf d\u00e2y chuy\u1ec1n s\u1ea3n xu\u1ea5t\u00a0ph\u00f9 h\u1ee3p\u00a0v\u1edbi quy m\u00f4 d\u1ef1 \u00e1n c\u1ee7a t\u00f4i kh\u00f4ng?<\/strong><\/h3> <div class=\"rank-math-answer\">  <p>C\u00f3, ch\u1eafc ch\u1eafn r\u1ed3i, c\u00f4ng su\u1ea5t kh\u00e1c nhau c\u1ee7a d\u00e2y chuy\u1ec1n s\u1ea3n xu\u1ea5t khoai t\u00e2y chi\u00ean c\u1ea7n c\u00e1c m\u00e1y m\u00f3c kh\u00e1c nhau, b\u1ea1n c\u1ea7n\u00a0cho ch\u00fang t\u00f4i bi\u1ebft th\u00eam chi ti\u1ebft v\u1ec1 nhu c\u1ea7u c\u1ee7a m\u00ecnh\u00a0tr\u01b0\u1edbc khi mua.<\/p>  <\/div> <\/div> <div id=\"faq-question-1663655488511\" class=\"rank-math-list-item\"> <h3 class=\"rank-math-question\"><strong>N\u1ebfu ng\u00e2n s\u00e1ch c\u1ee7a t\u00f4i th\u1ea5p, t\u00f4i c\u00f3 th\u1ec3 mua d\u00e2y chuy\u1ec1n ch\u1ebf bi\u1ebfn khoai t\u00e2y chi\u00ean kh\u00f4ng?<\/strong><\/h3> <div class=\"rank-math-answer\">  <p>C\u00f3, b\u1ea1n c\u00f3 th\u1ec3 mua d\u00e2y chuy\u1ec1n b\u00e1n t\u1ef1 \u0111\u1ed9ng \u0111\u1ec3 ti\u1ebft ki\u1ec7m chi ph\u00ed. Ngo\u00e0i ra, m\u00e1y kh\u1eed n\u01b0\u1edbc v\u00e0 m\u00e1y kh\u1eed d\u1ea7u\u00a0c\u00f3 th\u1ec3 gi\u1ed1ng nhau, ch\u1ec9 c\u1ea7n mua m\u1ed9t c\u00e1i.<\/p>  <\/div> <\/div> <div id=\"faq-question-1663655501095\" class=\"rank-math-list-item\"> <h3 class=\"rank-math-question\"><strong>\u0110\u1ed9 d\u00e0y c\u1ee7a khoai t\u00e2y chi\u00ean cu\u1ed1i c\u00f9ng l\u00e0 bao nhi\u00eau?<\/strong><\/h3> <div class=\"rank-math-answer\">  <p>\u0110\u1ed9 d\u00e0y kho\u1ea3ng 0,5-1 mm.<\/p>  <\/div> <\/div> <div id=\"faq-question-1663655511215\" class=\"rank-math-list-item\"> <h3 class=\"rank-math-question\"><strong>B\u1ea1n c\u00f3 th\u1ec3 cho m\u00ecnh c\u00f4ng th\u1ee9c l\u00e0m gia v\u1ecb \u0111\u01b0\u1ee3c kh\u00f4ng?<\/strong><\/h3> <div class=\"rank-math-answer\">  <p class=\"translation-block\">C\u00f3, ch\u1eafc ch\u1eafn r\u1ed3i, n\u1ebfu b\u1ea1n mua m\u00e1y l\u00e0m khoai t\u00e2y chi\u00ean n\u00e0y t\u1eeb <a href=\"https:\/\/topfoodmachine.com\/vi\/\">nh\u00e0 m\u00e1y Taizy<\/a>, ch\u00fang t\u00f4i s\u1ebd cung c\u1ea5p c\u00f4ng th\u1ee9c cho b\u1ea1n.<\/p>  <\/div> <\/div> <\/div> <\/div>","protected":false},"excerpt":{"rendered":"<p>Potato chips production line is used for manufacturing potato chips automatically and efficiently. All our machine are made of durable and food-grade stainless steel. Besides, it has the features of a high automation level, easy operation, and long service life. As a leading food processing machinery manufacturer, Taizy provides a full range of potato chips [&hellip;]<\/p>\n","protected":false},"author":1,"featured_media":270,"parent":0,"template":"","tags":[13],"product-type":[4],"class_list":["post-266","product","type-product","status-publish","has-post-thumbnail","hentry","tag-frying-equipment","product-type-frying-equipment"],"_links":{"self":[{"href":"https:\/\/topfoodmachine.com\/vi\/wp-json\/wp\/v2\/product\/266","targetHints":{"allow":["GET"]}}],"collection":[{"href":"https:\/\/topfoodmachine.com\/vi\/wp-json\/wp\/v2\/product"}],"about":[{"href":"https:\/\/topfoodmachine.com\/vi\/wp-json\/wp\/v2\/types\/product"}],"author":[{"embeddable":true,"href":"https:\/\/topfoodmachine.com\/vi\/wp-json\/wp\/v2\/users\/1"}],"wp:featuredmedia":[{"embeddable":true,"href":"https:\/\/topfoodmachine.com\/vi\/wp-json\/wp\/v2\/media\/270"}],"wp:attachment":[{"href":"https:\/\/topfoodmachine.com\/vi\/wp-json\/wp\/v2\/media?parent=266"}],"wp:term":[{"taxonomy":"post_tag","embeddable":true,"href":"https:\/\/topfoodmachine.com\/vi\/wp-json\/wp\/v2\/tags?post=266"},{"taxonomy":"product-type","embeddable":true,"href":"https:\/\/topfoodmachine.com\/vi\/wp-json\/wp\/v2\/product-type?post=266"}],"curies":[{"name":"wp","href":"https:\/\/api.w.org\/{rel}","templated":true}]}}