{"id":2132,"date":"2026-02-02T15:09:19","date_gmt":"2026-02-02T07:09:19","guid":{"rendered":"https:\/\/topfoodmachine.com\/?post_type=product&#038;p=2132"},"modified":"2026-02-03T09:19:34","modified_gmt":"2026-02-03T01:19:34","slug":"semi-automatic-peanut-paste-making-machine","status":"publish","type":"product","link":"https:\/\/topfoodmachine.com\/vi\/product\/semi-automatic-peanut-paste-making-machine\/","title":{"rendered":"M\u00e1y l\u00e0m b\u01a1 \u0111\u1eadu ph\u1ed9ng b\u00e1n t\u1ef1 \u0111\u1ed9ng"},"content":{"rendered":"<div class=\"kk-star-ratings kksr-auto kksr-align-left kksr-valign-top\"     data-payload='{&quot;align&quot;:&quot;left&quot;,&quot;id&quot;:&quot;2132&quot;,&quot;slug&quot;:&quot;default&quot;,&quot;valign&quot;:&quot;top&quot;,&quot;ignore&quot;:&quot;&quot;,&quot;reference&quot;:&quot;auto&quot;,&quot;class&quot;:&quot;&quot;,&quot;count&quot;:&quot;0&quot;,&quot;legendonly&quot;:&quot;&quot;,&quot;readonly&quot;:&quot;&quot;,&quot;score&quot;:&quot;0&quot;,&quot;starsonly&quot;:&quot;&quot;,&quot;best&quot;:&quot;5&quot;,&quot;gap&quot;:&quot;5&quot;,&quot;greet&quot;:&quot;Rate this product&quot;,&quot;legend&quot;:&quot;0\\\/5 - (0 b\u00ecnh ch\u1ecdn)&quot;,&quot;size&quot;:&quot;24&quot;,&quot;title&quot;:&quot;Semi-automatic peanut paste making machine&quot;,&quot;width&quot;:&quot;0&quot;,&quot;_legend&quot;:&quot;{score}\\\/{best} - ({count} {votes})&quot;,&quot;font_factor&quot;:&quot;1.25&quot;}'>              <div class=\"kksr-stars\">      <div class=\"kksr-stars-inactive\">             <div class=\"kksr-star\" data-star=\"1\" style=\"padding-right: 5px\">               <div class=\"kksr-icon\" style=\"width: 24px; height: 24px;\"><\/div>         <\/div>             <div class=\"kksr-star\" data-star=\"2\" style=\"padding-right: 5px\">               <div class=\"kksr-icon\" style=\"width: 24px; height: 24px;\"><\/div>         <\/div>             <div class=\"kksr-star\" data-star=\"3\" style=\"padding-right: 5px\">               <div class=\"kksr-icon\" style=\"width: 24px; height: 24px;\"><\/div>         <\/div>             <div class=\"kksr-star\" data-star=\"4\" style=\"padding-right: 5px\">               <div class=\"kksr-icon\" style=\"width: 24px; height: 24px;\"><\/div>         <\/div>             <div class=\"kksr-star\" data-star=\"5\" style=\"padding-right: 5px\">               <div class=\"kksr-icon\" style=\"width: 24px; height: 24px;\"><\/div>         <\/div>     <\/div>      <div class=\"kksr-stars-active\" style=\"width: 0px;\">             <div class=\"kksr-star\" style=\"padding-right: 5px\">               <div class=\"kksr-icon\" style=\"width: 24px; height: 24px;\"><\/div>         <\/div>             <div class=\"kksr-star\" style=\"padding-right: 5px\">               <div class=\"kksr-icon\" style=\"width: 24px; height: 24px;\"><\/div>         <\/div>             <div class=\"kksr-star\" style=\"padding-right: 5px\">               <div class=\"kksr-icon\" style=\"width: 24px; height: 24px;\"><\/div>         <\/div>             <div class=\"kksr-star\" style=\"padding-right: 5px\">               <div class=\"kksr-icon\" style=\"width: 24px; height: 24px;\"><\/div>         <\/div>             <div class=\"kksr-star\" style=\"padding-right: 5px\">               <div class=\"kksr-icon\" style=\"width: 24px; height: 24px;\"><\/div>         <\/div>     <\/div> <\/div>                   <div class=\"kksr-legend\" style=\"font-size: 19.2px;\">             <span class=\"kksr-muted\">\u0110\u00e1nh gi\u00e1 s\u1ea3n ph\u1ea9m n\u00e0y<\/span>     <\/div>     <\/div>  <p>M\u00e1y l\u00e0m b\u01a1 \u0111\u1eadu ph\u1ed9ng b\u00e1n t\u1ef1 \u0111\u1ed9ng l\u00e0 h\u1ec7 th\u1ed1ng nh\u1ecf g\u1ecdn v\u00e0 hi\u1ec7u qu\u1ea3, k\u1ebft h\u1ee3p rang, b\u00f3c v\u1ecf, nghi\u1ec1n, tr\u1ed9n v\u00e0 \u0111i\u1ec1n b\u00e1n t\u1ef1 \u0111\u1ed9ng th\u00e0nh m\u1ed9t d\u00e2y chuy\u1ec1n s\u1ea3n xu\u1ea5t ho\u00e0n ch\u1ec9nh. N\u00f3 gi\u1ea3m thi\u1ec3u y\u00eau c\u1ea7u lao \u0111\u1ed9ng trong khi v\u1eabn mang l\u1ea1i b\u01a1 \u0111\u1eadu ph\u1ed9ng m\u1ecbn, th\u01a1m ngon v\u00e0 v\u1ec7 sinh.<\/p>    <p class=\"translation-block\">\u0110\u01b0\u1ee3c thi\u1ebft k\u1ebf cho  c\u00f4ng su\u1ea5t s\u1ea3n xu\u1ea5t 50\u2013100\u202fkg\/h , n\u00f3 cung c\u1ea5p  \u0111\u1ea7u ra linh ho\u1ea1t  ph\u00f9 h\u1ee3p cho c\u00e1c c\u00f4ng ty kh\u1edfi nghi\u1ec7p v\u00e0 doanh nghi\u1ec7p nh\u1ecf. M\u00e1y d\u1ec5 v\u1eadn h\u00e0nh, d\u1ec5 b\u1ea3o tr\u00ec , v\u00e0 ti\u1ebft ki\u1ec7m chi ph\u00ed so v\u1edbi c\u00e1c d\u00e2y chuy\u1ec1n t\u1ef1 \u0111\u1ed9ng ho\u00e0n ch\u1ec9nh, \u0111\u1ed3ng th\u1eddi cung c\u1ea5p ch\u1ea5t l\u01b0\u1ee3ng b\u01a1 \u0111\u1eadu ph\u1ed9ng \u1ed5n \u0111\u1ecbnh v\u00e0 nh\u1ea5t qu\u00e1n.<\/p>    <figure class=\"wp-block-embed is-type-video is-provider-youtube wp-block-embed-youtube wp-embed-aspect-9-16 wp-has-aspect-ratio\"><div class=\"wp-block-embed__wrapper\"> <iframe loading=\"lazy\" title=\"M\u00e1y l\u00e0m b\u01a1 \u0111\u1eadu ph\u1ed9ng b\u00e1n t\u1ef1 \u0111\u1ed9ng | Quy tr\u00ecnh s\u1ea3n xu\u1ea5t b\u01a1 \u0111\u1eadu ph\u1ed9ng #\u0111\u1eadu #b\u01a1\" width=\"422\" height=\"750\" src=\"https:\/\/www.youtube.com\/embed\/y-UI9JWvddQ?feature=oembed\" frameborder=\"0\" allow=\"accelerometer; autoplay; clipboard-write; encrypted-media; gyroscope; picture-in-picture; web-share\" referrerpolicy=\"strict-origin-when-cross-origin\" allowfullscreen><\/iframe> <\/div><figcaption class=\"wp-element-caption\">video ho\u1ea1t \u0111\u1ed9ng c\u1ee7a m\u00e1y l\u00e0m b\u01a1 \u0111\u1eadu ph\u1ed9ng<\/figcaption><\/figure>    <h2 class=\"wp-block-heading\">M\u00e1y l\u00e0m b\u01a1 \u0111\u1eadu ph\u1ed9ng b\u00e1n t\u1ef1 \u0111\u1ed9ng ho\u1ea1t \u0111\u1ed9ng nh\u01b0 th\u1ebf n\u00e0o?<\/h2>    <p class=\"translation-block\">M\u00e1y l\u00e0m b\u01a1 \u0111\u1eadu ph\u1ed9ng b\u00e1n t\u1ef1 \u0111\u1ed9ng cung c\u1ea5p m\u1ed9t <strong>gi\u1ea3i ph\u00e1p ho\u00e0n ch\u1ec9nh, h\u1ee3p l\u00fd<\/strong> cho s\u1ea3n xu\u1ea5t b\u01a1 \u0111\u1eadu ph\u1ed9ng. N\u00f3 x\u1eed l\u00fd hi\u1ec7u qu\u1ea3 <strong>rang, b\u00f3c v\u1ecf, nghi\u1ec1n v\u00e0 \u0111i\u1ec1n<\/strong>, \u0111\u1ea3m b\u1ea3o ch\u1ea5t l\u01b0\u1ee3ng \u0111\u1ed3ng \u0111\u1ec1u v\u00e0 k\u1ebft c\u1ea5u m\u1ecbn trong khi gi\u1ea3m thi\u1ec3u lao \u0111\u1ed9ng v\u00e0 \u0111\u01a1n gi\u1ea3n h\u00f3a quy tr\u00ecnh.<\/p>    <h3 class=\"wp-block-heading\"><strong>1. <a href=\"https:\/\/topfoodmachine.com\/vi\/product\/peanut-roasting-machine\/\" data-type=\"link\" data-id=\"https:\/\/topfoodmachine.com\/product\/peanut-roasting-machine\/\">L\u00f2 rang \u0111\u1eadu ph\u1ed9ng<\/a><\/strong><\/h3>    <p class=\"translation-block\">Quy tr\u00ecnh b\u1eaft \u0111\u1ea7u v\u1edbi <strong>l\u00f2 rang \u0111\u1eadu ph\u1ed9ng<\/strong>, n\u01a1i \u0111\u1eadu ph\u1ed9ng s\u1ed1ng \u0111\u01b0\u1ee3c l\u00e0m n\u00f3ng \u0111\u1ec1u trong m\u1ed9t tr\u1ed1ng quay. M\u00e1y cho ph\u00e9p ng\u01b0\u1eddi v\u1eadn h\u00e0nh \u0111\u1eb7t tr\u01b0\u1edbc nhi\u1ec7t \u0111\u1ed9 t\u1ed1i \u01b0u cho qu\u00e1 tr\u00ecnh rang. Sau khi l\u00e0m n\u00f3ng s\u01a1 b\u1ed9, \u0111\u1eadu ph\u1ed9ng \u0111\u00e3 b\u00f3c v\u1ecf \u0111\u01b0\u1ee3c \u0111\u1ed5 v\u00e0o tr\u1ed1ng, t\u1ea1o ra qu\u00e1 tr\u00ecnh rang \u0111\u1ec1u, gi\u1eef l\u1ea1i h\u01b0\u01a1ng v\u1ecb t\u1ef1 nhi\u00ean c\u1ee7a \u0111\u1eadu.<\/p>    <div class=\"wp-block-media-text is-stacked-on-mobile\"><figure class=\"wp-block-media-text__media\"><img loading=\"lazy\" decoding=\"async\" width=\"720\" height=\"540\" src=\"https:\/\/topfoodmachine.com\/wp-content\/uploads\/2026\/02\/Peanut-Roaster.webp\" alt=\"L\u00f2 rang \u0111\u1eadu ph\u1ed9ng\" class=\"wp-image-2136 size-full\" srcset=\"https:\/\/topfoodmachine.com\/wp-content\/uploads\/2026\/02\/Peanut-Roaster.webp 720w, https:\/\/topfoodmachine.com\/wp-content\/uploads\/2026\/02\/Peanut-Roaster-300x225.webp 300w, https:\/\/topfoodmachine.com\/wp-content\/uploads\/2026\/02\/Peanut-Roaster-16x12.webp 16w\" sizes=\"auto, (max-width: 720px) 100vw, 720px\" \/><\/figure><div class=\"wp-block-media-text__content\"> <ul class=\"wp-block-list\"> <li><strong>C\u00f4ng su\u1ea5t:<\/strong> 100\u202fkg\/h<\/li>    <li><strong>C\u00f4ng su\u1ea5t \u0111\u1ed9ng c\u01a1:<\/strong> 1.1\u202fkW<\/li>    <li><strong>C\u00f4ng su\u1ea5t l\u00e0m n\u00f3ng:<\/strong> 18\u202fkW<\/li>    <li><strong>Tr\u1ecdng l\u01b0\u1ee3ng:<\/strong> 600\u202fkg<\/li>    <li><strong>Ph\u1ea1m vi nhi\u1ec7t \u0111\u1ed9:<\/strong> 0\u2013300\u202f\u00b0C<\/li> <\/ul> <\/div><\/div>    <h3 class=\"wp-block-heading\"><strong>2. <a href=\"https:\/\/topfoodmachine.com\/vi\/product\/peanut-peeling-machine\/\" data-type=\"link\" data-id=\"https:\/\/topfoodmachine.com\/product\/peanut-peeling-machine\/\">M\u00e1y b\u00f3c v\u1ecf \u0111\u1eadu ph\u1ed9ng<\/a><\/strong><\/h3>    <p class=\"translation-block\">Sau khi rang, \u0111\u1eadu ph\u1ed9ng \u0111\u01b0\u1ee3c \u0111\u01b0a v\u00e0o <strong>m\u00e1y b\u00f3c v\u1ecf \u0111\u1eadu ph\u1ed9ng<\/strong>. S\u1eed d\u1ee5ng ma s\u00e1t c\u1ee7a c\u00e1c con l\u0103n m\u00e0i m\u00f2n, m\u00e1y lo\u1ea1i b\u1ecf l\u1edbp v\u1ecf \u0111\u1ecf m\u1ed9t c\u00e1ch hi\u1ec7u qu\u1ea3, \u0111\u1ea1t t\u1ef7 l\u1ec7 b\u00f3c v\u1ecf tr\u00ean 98%. Qu\u00e1 tr\u00ecnh b\u00f3c v\u1ecf kh\u00f4 n\u00e0y \u0111\u1ea3m b\u1ea3o \u0111\u1eadu ph\u1ed9ng s\u1ea1ch s\u1ebd v\u00e0 s\u1eb5n s\u00e0ng \u0111\u1ec3 nghi\u1ec1n.<\/p>    <div class=\"wp-block-media-text has-media-on-the-right is-stacked-on-mobile\"><div class=\"wp-block-media-text__content\"> <ul class=\"wp-block-list\"> <li><strong>C\u00f4ng su\u1ea5t \u0111\u1ed9ng c\u01a1:<\/strong> 0.55\u202fkW<\/li>    <li><strong>C\u00f4ng su\u1ea5t:<\/strong> 200\u2013300\u202fkg\/h<\/li>    <li><strong>C\u00f4ng su\u1ea5t qu\u1ea1t:<\/strong> 0.75\u202fkW<\/li>    <li><strong>\u0110i\u1ec7n \u00e1p:<\/strong> 220V \/ 380V<\/li>    <li><strong>\u0110\u1ed9 tinh khi\u1ebft c\u1ee7a vi\u1ec7c b\u00f3c v\u1ecf:<\/strong> 98%<\/li>    <li><strong>K\u00edch th\u01b0\u1edbc:<\/strong> 1100 \u00d7 400 \u00d7 1100\u202fmm<\/li> <\/ul> <\/div><figure class=\"wp-block-media-text__media\"><img loading=\"lazy\" decoding=\"async\" width=\"540\" height=\"720\" src=\"https:\/\/topfoodmachine.com\/wp-content\/uploads\/2026\/02\/Peanut-Peeling-Machine.webp\" alt=\"M\u00e1y b\u00f3c v\u1ecf \u0111\u1eadu ph\u1ed9ng\" class=\"wp-image-2137 size-full\" srcset=\"https:\/\/topfoodmachine.com\/wp-content\/uploads\/2026\/02\/Peanut-Peeling-Machine.webp 540w, https:\/\/topfoodmachine.com\/wp-content\/uploads\/2026\/02\/Peanut-Peeling-Machine-225x300.webp 225w, https:\/\/topfoodmachine.com\/wp-content\/uploads\/2026\/02\/Peanut-Peeling-Machine-9x12.webp 9w\" sizes=\"auto, (max-width: 540px) 100vw, 540px\" \/><\/figure><\/div>    <h3 class=\"wp-block-heading\"><strong>3. M\u00e1y nghi\u1ec1n b\u01a1 \u0111\u1eadu ph\u1ed9ng<\/strong><\/h3>    <p class=\"translation-block\">Ti\u1ebfp theo, \u0111\u1eadu ph\u1ed9ng \u0111\u00e3 b\u00f3c v\u1ecf di chuy\u1ec3n \u0111\u1ebfn <strong>m\u00e1y nghi\u1ec1n<\/strong>, n\u01a1i nghi\u1ec1n ch\u00fang th\u00e0nh b\u01a1 \u0111\u1eadu ph\u1ed9ng m\u1ecbn. \u0110\u1ed9 m\u1ecbn \u0111i\u1ec3n h\u00ecnh t\u1eeb 100\u2013150 mesh, nhi\u1ec7t \u0111\u1ed9 nghi\u1ec1n \u0111\u01b0\u1ee3c ki\u1ec3m so\u00e1t kho\u1ea3ng 80\u201385\u202f\u00b0C, theo nghi\u00ean c\u1ee9u, nhi\u1ec7t \u0111\u1ed9 n\u00e0y t\u1ea1o ra h\u01b0\u01a1ng v\u1ecb t\u1ed1t nh\u1ea5t.<\/p>    <div class=\"wp-block-media-text is-stacked-on-mobile\"><figure class=\"wp-block-media-text__media\"><img loading=\"lazy\" decoding=\"async\" width=\"540\" height=\"720\" src=\"https:\/\/topfoodmachine.com\/wp-content\/uploads\/2026\/02\/Peanut-Butter-Grinding-Machine.webp\" alt=\"M\u00e1y nghi\u1ec1n b\u01a1 \u0111\u1eadu ph\u1ed9ng\" class=\"wp-image-2138 size-full\" srcset=\"https:\/\/topfoodmachine.com\/wp-content\/uploads\/2026\/02\/Peanut-Butter-Grinding-Machine.webp 540w, https:\/\/topfoodmachine.com\/wp-content\/uploads\/2026\/02\/Peanut-Butter-Grinding-Machine-225x300.webp 225w, https:\/\/topfoodmachine.com\/wp-content\/uploads\/2026\/02\/Peanut-Butter-Grinding-Machine-9x12.webp 9w\" sizes=\"auto, (max-width: 540px) 100vw, 540px\" \/><\/figure><div class=\"wp-block-media-text__content\"> <ul class=\"wp-block-list\"> <li><strong>\u0110\u1ed9 m\u1ecbn x\u1eed l\u00fd:<\/strong> 2\u2013100\u202f\u03bcm<\/li>    <li><strong>K\u00edch th\u01b0\u1edbc:<\/strong> 110 \u00d7 75 \u00d7 130\u202fcm<\/li>    <li><strong>C\u00f4ng su\u1ea5t:<\/strong> 5.5\u202fkW \u00d7 2 (T\u1ed5ng 11\u202fkW)<\/li> <\/ul> <\/div><\/div>    <h3 class=\"wp-block-heading\"><strong>M\u00e1y \u0111\u00f3ng g\u00f3i b\u01a1 \u0111\u1eadu ph\u1ed9ng b\u00e1n t\u1ef1 \u0111\u1ed9ng<\/strong><\/h3>    <p class=\"translation-block\">Cu\u1ed1i c\u00f9ng, b\u01a1 \u0111\u1eadu ph\u1ed9ng m\u1ecbn \u0111\u01b0\u1ee3c chuy\u1ec3n \u0111\u1ebfn <strong>m\u00e1y \u0111\u00f3ng g\u00f3i b\u00e1n t\u1ef1 \u0111\u1ed9ng<\/strong>. Thi\u1ebft b\u1ecb n\u00e0y \u0111i\u1ec1n ch\u00ednh x\u00e1c th\u1ec3 t\u00edch v\u00e0o c\u00e1c container \u2014 nh\u01b0 chai, h\u1ed9p ho\u1eb7c t\u00fai \u0111\u1ee9ng \u2014 v\u1edbi t\u1ed1c \u0111\u1ed9 ki\u1ec3m so\u00e1t. <\/p>    <div class=\"wp-block-media-text has-media-on-the-right is-stacked-on-mobile\"><div class=\"wp-block-media-text__content\"> <ul class=\"wp-block-list\"> <li><strong>\u00c1p su\u1ea5t kh\u00ed:<\/strong> 0.4\u20130.6\u202fMPa<\/li>    <li><strong>Tr\u1ecdng l\u01b0\u1ee3ng:<\/strong> 50\u202fkg<\/li>    <li><strong>Lo\u1ea1i truy\u1ec1n \u0111\u1ed9ng:<\/strong> \u0110i\u1ec7n<\/li>    <li><strong>T\u1ed1c \u0111\u1ed9 \u0111i\u1ec1n:<\/strong> 20\u201360 chai\/ph\u00fat<\/li>    <li><strong>Ph\u1ea1m vi th\u1ec3 t\u00edch \u0111i\u1ec1n:<\/strong> 300\u20131000\u202fml<\/li> <\/ul> <\/div><figure class=\"wp-block-media-text__media\"><img loading=\"lazy\" decoding=\"async\" width=\"540\" height=\"720\" src=\"https:\/\/topfoodmachine.com\/wp-content\/uploads\/2026\/02\/Semi-Automatic-Peanut-Butter-Filling-Machine.webp\" alt=\"M\u00e1y \u0111\u00f3ng g\u00f3i b\u01a1 \u0111\u1eadu ph\u1ed9ng b\u00e1n t\u1ef1 \u0111\u1ed9ng\" class=\"wp-image-2139 size-full\" srcset=\"https:\/\/topfoodmachine.com\/wp-content\/uploads\/2026\/02\/Semi-Automatic-Peanut-Butter-Filling-Machine.webp 540w, https:\/\/topfoodmachine.com\/wp-content\/uploads\/2026\/02\/Semi-Automatic-Peanut-Butter-Filling-Machine-225x300.webp 225w, https:\/\/topfoodmachine.com\/wp-content\/uploads\/2026\/02\/Semi-Automatic-Peanut-Butter-Filling-Machine-9x12.webp 9w\" sizes=\"auto, (max-width: 540px) 100vw, 540px\" \/><\/figure><\/div>    <h2 class=\"wp-block-heading\">T\u1ea1i sao ch\u1ecdn mua m\u00e1y l\u00e0m b\u01a1 \u0111\u1eadu ph\u1ed9ng b\u00e1n t\u1ef1 \u0111\u1ed9ng c\u1ee7a ch\u00fang t\u00f4i\uff1f<\/h2>    <div class=\"wp-block-media-text is-stacked-on-mobile\"><figure class=\"wp-block-media-text__media\"><img loading=\"lazy\" decoding=\"async\" width=\"720\" height=\"540\" src=\"https:\/\/topfoodmachine.com\/wp-content\/uploads\/2026\/02\/semi-automatic-peanut-butter-maker.webp\" alt=\"m\u00e1y l\u00e0m b\u01a1 \u0111\u1eadu ph\u1ed9ng b\u00e1n t\u1ef1 \u0111\u1ed9ng\" class=\"wp-image-2140 size-full\" srcset=\"https:\/\/topfoodmachine.com\/wp-content\/uploads\/2026\/02\/semi-automatic-peanut-butter-maker.webp 720w, https:\/\/topfoodmachine.com\/wp-content\/uploads\/2026\/02\/semi-automatic-peanut-butter-maker-300x225.webp 300w, https:\/\/topfoodmachine.com\/wp-content\/uploads\/2026\/02\/semi-automatic-peanut-butter-maker-16x12.webp 16w\" sizes=\"auto, (max-width: 720px) 100vw, 720px\" \/><\/figure><div class=\"wp-block-media-text__content\"> <ul class=\"wp-block-list\"> <li><strong>\u0110\u1ea7u t\u01b0 hi\u1ec7u qu\u1ea3 v\u1ec1 chi ph\u00ed<\/strong> \u2013 Chi ph\u00ed ban \u0111\u1ea7u th\u1ea5p h\u01a1n so v\u1edbi c\u00e1c d\u00e2y chuy\u1ec1n t\u1ef1 \u0111\u1ed9ng ho\u00e0n ch\u1ec9nh, gi\u00fap r\u00fat ng\u1eafn th\u1eddi gian thu h\u1ed3i v\u1ed1n.<\/li>    <li><strong>S\u1ea3n xu\u1ea5t linh ho\u1ea1t<\/strong> \u2013 H\u1ed7 tr\u1ee3 s\u1ea3n l\u01b0\u1ee3ng t\u1eeb 50\u2013100\u202fkg\/h, v\u1edbi t\u00f9y ch\u1ecdn n\u00e2ng c\u1ea5p l\u00ean h\u1ec7 th\u1ed1ng t\u1ef1 \u0111\u1ed9ng ho\u00e0n to\u00e0n trong t\u01b0\u01a1ng lai.<\/li>    <li><strong>Ch\u1ea5t l\u01b0\u1ee3ng s\u1ea3n ph\u1ea9m nh\u1ea5t qu\u00e1n<\/strong> \u2013 Nghi\u1ec1n \u0111\u1ec1u, tr\u1ed9n \u0111\u1ed3ng \u0111\u1ec1u v\u00e0 \u0111i\u1ec1n ch\u00ednh x\u00e1c \u0111\u1ec3 \u0111\u1ea3m b\u1ea3o k\u1ebft c\u1ea5u m\u1ecbn v\u00e0 h\u01b0\u01a1ng v\u1ecb \u1ed5n \u0111\u1ecbnh.<\/li>    <li><strong>Nh\u1ecf g\u1ecdn v\u00e0 \u0111a n\u0103ng<\/strong> \u2013 Thi\u1ebft k\u1ebf ti\u1ebft ki\u1ec7m kh\u00f4ng gian ph\u00f9 h\u1ee3p cho c\u00e1c nh\u00e0 m\u00e1y nh\u1ecf, c\u00e1c c\u00f4ng ty kh\u1edfi nghi\u1ec7p v\u00e0 c\u00e1c b\u1ed1 tr\u00ed x\u01b0\u1edfng kh\u00e1c nhau.<\/li> <\/ul> <\/div><\/div>    <div class=\"wp-block-media-text has-media-on-the-right is-stacked-on-mobile\"><div class=\"wp-block-media-text__content\"> <ul class=\"wp-block-list\"> <li><strong>M\u00f4-\u0111un v\u00e0 c\u00f3 th\u1ec3 m\u1edf r\u1ed9ng<\/strong> \u2013 C\u00e1c m\u00e1y ri\u00eang l\u1ebb c\u00f3 th\u1ec3 ho\u1ea1t \u0111\u1ed9ng \u0111\u1ed9c l\u1eadp ho\u1eb7c k\u1ebft h\u1ee3p; d\u1ec5 b\u1ea3o tr\u00ec, thay th\u1ebf ho\u1eb7c n\u00e2ng c\u1ea5p.<\/li>    <li><strong>Hi\u1ec7u su\u1ea5t cao v\u00e0 \u0111\u1ed9 b\u1ec1n<\/strong> \u2013 T\u1ed1i \u01b0u h\u00f3a qu\u00e1 tr\u00ecnh rang, nghi\u1ec1n v\u00e0 \u0111i\u1ec1n \u0111\u1ec3 hi\u1ec7u su\u1ea5t \u1ed5n \u0111\u1ecbnh v\u00e0 tu\u1ed5i th\u1ecd d\u00e0i.<\/li>    <li><strong>\u1ee8ng d\u1ee5ng r\u1ed9ng r\u00e3i<\/strong> \u2013 Ph\u00f9 h\u1ee3p \u0111\u1ec3 s\u1ea3n xu\u1ea5t b\u01a1 \u0111\u1eadu ph\u1ed9ng, pastes, s\u1ed1t, m\u1ee9t v\u00e0 c\u00e1c s\u1ea3n ph\u1ea9m t\u01b0\u01a1ng t\u1ef1.<\/li>    <li><strong>V\u1ec7 sinh v\u00e0 an to\u00e0n<\/strong> \u2013 \u0110\u01b0\u1ee3c ch\u1ebf t\u1ea1o b\u1eb1ng v\u1eadt li\u1ec7u \u0111\u1ea1t ti\u00eau chu\u1ea9n an to\u00e0n th\u1ef1c ph\u1ea9m, \u0111\u00e1p \u1ee9ng c\u00e1c ti\u00eau chu\u1ea9n v\u1ec7 sinh v\u00e0 h\u1ed7 tr\u1ee3 v\u1eadn h\u00e0nh d\u1ec5 d\u00e0ng.<\/li> <\/ul> <\/div><figure class=\"wp-block-media-text__media\"><img loading=\"lazy\" decoding=\"async\" width=\"720\" height=\"540\" src=\"https:\/\/topfoodmachine.com\/wp-content\/uploads\/2026\/02\/Groundnut-butter-making-machine-application.webp\" alt=\"\u1ee8ng d\u1ee5ng m\u00e1y l\u00e0m b\u01a1 \u0111\u1eadu ph\u1ed9ng\" class=\"wp-image-2141 size-full\" srcset=\"https:\/\/topfoodmachine.com\/wp-content\/uploads\/2026\/02\/Groundnut-butter-making-machine-application.webp 720w, https:\/\/topfoodmachine.com\/wp-content\/uploads\/2026\/02\/Groundnut-butter-making-machine-application-300x225.webp 300w, https:\/\/topfoodmachine.com\/wp-content\/uploads\/2026\/02\/Groundnut-butter-making-machine-application-16x12.webp 16w\" sizes=\"auto, (max-width: 720px) 100vw, 720px\" \/><\/figure><\/div>    <h2 class=\"wp-block-heading\">Ph\u1ea1m vi \u1ee9ng d\u1ee5ng c\u1ee7a m\u00e1y l\u00e0m b\u01a1 \u0111\u1eadu ph\u1ed9ng<\/h2>    <p class=\"translation-block\">M\u00e1y l\u00e0m b\u01a1 \u0111\u1eadu ph\u1ed9ng l\u00e0 l\u00fd t\u01b0\u1edfng cho <strong>nh\u00e0 s\u1ea3n xu\u1ea5t b\u01a1 \u0111\u1eadu ph\u1ed9ng quy m\u00f4 nh\u1ecf \u0111\u1ebfn trung b\u00ecnh<\/strong>, c\u00e1c c\u00f4ng ty kh\u1edfi nghi\u1ec7p, v\u00e0 c\u00e1c x\u01b0\u1edfng ch\u1ebf bi\u1ebfn th\u1ef1c ph\u1ea9m. Ngo\u00e0i b\u01a1 \u0111\u1eadu ph\u1ed9ng, n\u00f3 c\u00f2n c\u00f3 th\u1ec3 \u0111\u01b0\u1ee3c s\u1eed d\u1ee5ng \u0111\u1ec3 ch\u1ebf bi\u1ebfn <strong>c\u00e1c lo\u1ea1i pastes, m\u1ee9t, v\u00e0 s\u1ed1t t\u1eeb c\u00e1c lo\u1ea1i h\u1ea1t kh\u00e1c<\/strong>, mang l\u1ea1i t\u00ednh \u0111a d\u1ea1ng cho c\u00e1c s\u1ea3n ph\u1ea9m th\u1ef1c ph\u1ea9m kh\u00e1c nhau.<\/p>    <p class=\"translation-block\">Thi\u1ebft k\u1ebf nh\u1ecf g\u1ecdn v\u00e0 m\u00f4-\u0111un gi\u00fap ph\u00f9 h\u1ee3p cho <strong>nh\u00e0 m\u00e1y nh\u1ecf, d\u1ef1 \u00e1n th\u1ef1c ph\u1ea9m n\u00f4ng th\u00f4n, ho\u1eb7c d\u00e2y chuy\u1ec1n s\u1ea3n xu\u1ea5t \u0111\u1eb7c bi\u1ec7t<\/strong>, trong khi ho\u1ea1t \u0111\u1ed9ng b\u00e1n t\u1ef1 \u0111\u1ed9ng \u0111\u1ea3m b\u1ea3o ch\u1ea5t l\u01b0\u1ee3ng \u0111\u1ed3ng \u0111\u1ec1u, k\u1ebft c\u1ea5u m\u1ecbn v\u00e0 s\u1ea3n xu\u1ea5t v\u1ec7 sinh trong t\u1ea5t c\u1ea3 c\u00e1c \u1ee9ng d\u1ee5ng.<\/p>    <figure class=\"wp-block-image size-full\"><img loading=\"lazy\" decoding=\"async\" width=\"720\" height=\"540\" src=\"https:\/\/topfoodmachine.com\/wp-content\/uploads\/2026\/02\/peanut-butter.webp\" alt=\"b\u01a1 \u0111\u1eadu ph\u1ed9ng\" class=\"wp-image-2142\" srcset=\"https:\/\/topfoodmachine.com\/wp-content\/uploads\/2026\/02\/peanut-butter.webp 720w, https:\/\/topfoodmachine.com\/wp-content\/uploads\/2026\/02\/peanut-butter-300x225.webp 300w, https:\/\/topfoodmachine.com\/wp-content\/uploads\/2026\/02\/peanut-butter-16x12.webp 16w\" sizes=\"auto, (max-width: 720px) 100vw, 720px\" \/><figcaption class=\"wp-element-caption\">b\u01a1 \u0111\u1eadu ph\u1ed9ng<\/figcaption><\/figure>    <h2 class=\"wp-block-heading\">Ph\u1ea7n k\u1ebft lu\u1eadn<\/h2>    <p class=\"translation-block\">B\u1eaft \u0111\u1ea7u s\u1ea3n xu\u1ea5t b\u01a1 \u0111\u1eadu ph\u1ed9ng ch\u1ea5t l\u01b0\u1ee3ng cao d\u1ec5 d\u00e0ng v\u1edbi m\u00e1y <strong>b\u00e1n t\u1ef1 \u0111\u1ed9ng l\u00e0m b\u01a1 \u0111\u1eadu ph\u1ed9ng<\/strong>. \u0110\u01b0\u1ee3c thi\u1ebft k\u1ebf \u0111\u1ec3 hi\u1ec7u qu\u1ea3, ch\u1ea5t l\u01b0\u1ee3ng \u1ed5n \u0111\u1ecbnh v\u00e0 ho\u1ea1t \u0111\u1ed9ng linh ho\u1ea1t, \u0111\u00e2y l\u00e0 gi\u1ea3i ph\u00e1p ho\u00e0n h\u1ea3o cho c\u00e1c nh\u00e0 s\u1ea3n xu\u1ea5t quy m\u00f4 nh\u1ecf \u0111\u1ebfn trung b\u00ecnh. <\/p>    <p class=\"translation-block\">\u0110\u1ed1i v\u1edbi nh\u1eefng ai c\u00f3 nhu c\u1ea7u s\u1ea3n xu\u1ea5t l\u1edbn h\u01a1n, ch\u00fang t\u00f4i c\u0169ng cung c\u1ea5p <strong><a href=\"https:\/\/topfoodmachine.com\/vi\/product\/automatic-peanut-butter-making-machine\/\" data-type=\"link\" data-id=\"https:\/\/topfoodmachine.com\/product\/automatic-peanut-butter-making-machine\/\">d\u00e2y chuy\u1ec1n s\u1ea3n xu\u1ea5t b\u01a1 \u0111\u1eadu ph\u1ed9ng t\u1ef1 \u0111\u1ed9ng ho\u00e0n ch\u1ec9nh<\/a><\/strong>, cho ph\u00e9p b\u1ea1n l\u1ef1a ch\u1ecdn h\u1ec7 th\u1ed1ng ph\u00f9 h\u1ee3p nh\u1ea5t v\u1edbi doanh nghi\u1ec7p c\u1ee7a m\u00ecnh. <\/p>    <p class=\"translation-block\"><strong>Li\u00ean h\u1ec7 v\u1edbi ch\u00fang t\u00f4i h\u00f4m nay<\/strong> \u0111\u1ec3 nh\u1eadn b\u00e1o gi\u00e1 v\u00e0 t\u00ecm gi\u1ea3i ph\u00e1p ph\u00f9 h\u1ee3p nh\u1ea5t cho s\u1ea3n xu\u1ea5t b\u01a1 \u0111\u1eadu ph\u1ed9ng c\u1ee7a b\u1ea1n.<\/p>","protected":false},"excerpt":{"rendered":"<p>M\u00e1y l\u00e0m b\u01a1 \u0111\u1eadu ph\u1ed9ng b\u00e1n t\u1ef1 \u0111\u1ed9ng l\u00e0 h\u1ec7 th\u1ed1ng nh\u1ecf g\u1ecdn v\u00e0 hi\u1ec7u qu\u1ea3, k\u1ebft h\u1ee3p rang, b\u00f3c v\u1ecf, nghi\u1ec1n, tr\u1ed9n v\u00e0 \u0111i\u1ec1n b\u00e1n t\u1ef1 \u0111\u1ed9ng th\u00e0nh m\u1ed9t d\u00e2y chuy\u1ec1n s\u1ea3n xu\u1ea5t ho\u00e0n ch\u1ec9nh.<\/p>","protected":false},"author":1,"featured_media":2135,"parent":0,"template":"","tags":[141],"product-type":[5],"class_list":["post-2132","product","type-product","status-publish","has-post-thumbnail","hentry","tag-semi-automatic-peanut-paste-making-machine","product-type-nuts-processing-machine"],"_links":{"self":[{"href":"https:\/\/topfoodmachine.com\/vi\/wp-json\/wp\/v2\/product\/2132","targetHints":{"allow":["GET"]}}],"collection":[{"href":"https:\/\/topfoodmachine.com\/vi\/wp-json\/wp\/v2\/product"}],"about":[{"href":"https:\/\/topfoodmachine.com\/vi\/wp-json\/wp\/v2\/types\/product"}],"author":[{"embeddable":true,"href":"https:\/\/topfoodmachine.com\/vi\/wp-json\/wp\/v2\/users\/1"}],"wp:featuredmedia":[{"embeddable":true,"href":"https:\/\/topfoodmachine.com\/vi\/wp-json\/wp\/v2\/media\/2135"}],"wp:attachment":[{"href":"https:\/\/topfoodmachine.com\/vi\/wp-json\/wp\/v2\/media?parent=2132"}],"wp:term":[{"taxonomy":"post_tag","embeddable":true,"href":"https:\/\/topfoodmachine.com\/vi\/wp-json\/wp\/v2\/tags?post=2132"},{"taxonomy":"product-type","embeddable":true,"href":"https:\/\/topfoodmachine.com\/vi\/wp-json\/wp\/v2\/product-type?post=2132"}],"curies":[{"name":"wp","href":"https:\/\/api.w.org\/{rel}","templated":true}]}}