{"id":205,"date":"2022-07-26T07:46:53","date_gmt":"2022-07-26T07:46:53","guid":{"rendered":"https:\/\/topfoodmachine.com\/?post_type=product&#038;p=205"},"modified":"2023-03-31T10:58:37","modified_gmt":"2023-03-31T02:58:37","slug":"coffee-powder-packing-machine","status":"publish","type":"product","link":"https:\/\/topfoodmachine.com\/vi\/product\/coffee-powder-packing-machine\/","title":{"rendered":"M\u00e1y \u0111\u00f3ng g\u00f3i b\u1ed9t c\u00e0 ph\u00ea"},"content":{"rendered":"<div class=\"kk-star-ratings kksr-auto kksr-align-left kksr-valign-top\"     data-payload='{&quot;align&quot;:&quot;left&quot;,&quot;id&quot;:&quot;205&quot;,&quot;slug&quot;:&quot;default&quot;,&quot;valign&quot;:&quot;top&quot;,&quot;ignore&quot;:&quot;&quot;,&quot;reference&quot;:&quot;auto&quot;,&quot;class&quot;:&quot;&quot;,&quot;count&quot;:&quot;20&quot;,&quot;legendonly&quot;:&quot;&quot;,&quot;readonly&quot;:&quot;&quot;,&quot;score&quot;:&quot;4.7&quot;,&quot;starsonly&quot;:&quot;&quot;,&quot;best&quot;:&quot;5&quot;,&quot;gap&quot;:&quot;5&quot;,&quot;greet&quot;:&quot;Rate this product&quot;,&quot;legend&quot;:&quot;4.7\\\/5 - (20 b\u00ecnh ch\u1ecdn)&quot;,&quot;size&quot;:&quot;24&quot;,&quot;title&quot;:&quot;Coffee Powder Packing Machine&quot;,&quot;width&quot;:&quot;133.8&quot;,&quot;_legend&quot;:&quot;{score}\\\/{best} - ({count} {votes})&quot;,&quot;font_factor&quot;:&quot;1.25&quot;}'>              <div class=\"kksr-stars\">      <div class=\"kksr-stars-inactive\">             <div class=\"kksr-star\" data-star=\"1\" style=\"padding-right: 5px\">               <div class=\"kksr-icon\" style=\"width: 24px; height: 24px;\"><\/div>         <\/div>             <div class=\"kksr-star\" data-star=\"2\" style=\"padding-right: 5px\">               <div class=\"kksr-icon\" style=\"width: 24px; height: 24px;\"><\/div>         <\/div>             <div class=\"kksr-star\" data-star=\"3\" style=\"padding-right: 5px\">               <div class=\"kksr-icon\" style=\"width: 24px; height: 24px;\"><\/div>         <\/div>             <div class=\"kksr-star\" data-star=\"4\" style=\"padding-right: 5px\">               <div class=\"kksr-icon\" style=\"width: 24px; height: 24px;\"><\/div>         <\/div>             <div class=\"kksr-star\" data-star=\"5\" style=\"padding-right: 5px\">               <div class=\"kksr-icon\" style=\"width: 24px; height: 24px;\"><\/div>         <\/div>     <\/div>      <div class=\"kksr-stars-active\" style=\"width: 133.8px;\">             <div class=\"kksr-star\" style=\"padding-right: 5px\">               <div class=\"kksr-icon\" style=\"width: 24px; height: 24px;\"><\/div>         <\/div>             <div class=\"kksr-star\" style=\"padding-right: 5px\">               <div class=\"kksr-icon\" style=\"width: 24px; height: 24px;\"><\/div>         <\/div>             <div class=\"kksr-star\" style=\"padding-right: 5px\">               <div class=\"kksr-icon\" style=\"width: 24px; height: 24px;\"><\/div>         <\/div>             <div class=\"kksr-star\" style=\"padding-right: 5px\">               <div class=\"kksr-icon\" style=\"width: 24px; height: 24px;\"><\/div>         <\/div>             <div class=\"kksr-star\" style=\"padding-right: 5px\">               <div class=\"kksr-icon\" style=\"width: 24px; height: 24px;\"><\/div>         <\/div>     <\/div> <\/div>                   <div class=\"kksr-legend\" style=\"font-size: 19.2px;\">             4.7\/5 - (20 l\u01b0\u1ee3t b\u00ecnh ch\u1ecdn)    <\/div>     <\/div>  <p class=\"translation-block\"><strong>M\u00e1y \u0111\u00f3ng g\u00f3i b\u1ed9t c\u00e0 ph\u00ea<\/strong> l\u00e0 thi\u1ebft b\u1ecb tuy\u1ec7t v\u1eddi cho vi\u1ec7c \u0111\u00f3ng g\u00f3i c\u00e0 ph\u00ea. N\u00f3 c\u00f3 th\u1ec3 ho\u00e0n th\u00e0nh t\u1ef1 \u0111\u1ed9ng ho\u00e0n to\u00e0n quy tr\u00ecnh c\u00e2n c\u00e0 ph\u00ea, t\u1ea1o t\u00fai, \u0111\u1ed5 c\u00e0 ph\u00ea, ni\u00eam phong, in ng\u00e0y v\u00e0 m\u00e3. M\u00e1y \u0111\u00f3ng g\u00f3i b\u1ed9t c\u00e0 ph\u00ea \u0111\u1ec3 b\u00e1n t\u1ea1i Taizy ch\u1ee7 y\u1ebfu c\u00f3 hai lo\u1ea1i, m\u1ed9t lo\u1ea1i m\u00e1y \u0111\u00f3ng g\u00f3i c\u00e0 ph\u00ea \u0111\u1ee9ng nh\u1ecf v\u00e0 m\u1ed9t lo\u1ea1i m\u00e1y \u0111\u00f3ng g\u00f3i b\u1ed9t c\u00e0 ph\u00ea si\u00eau hi\u1ec7u su\u1ea5t 1kg. Ch\u00fang ph\u00f9 h\u1ee3p v\u1edbi c\u00e1c nhu c\u1ea7u c\u00f4ng su\u1ea5t s\u1ea3n xu\u1ea5t kh\u00e1c nhau. Nh\u1eefng <strong>m\u00e1y \u0111\u00f3ng g\u00f3i b\u1ed9t<\/strong> n\u00e0y c\u00f3 \u0111\u1eb7c \u0111i\u1ec3m hi\u1ec7u su\u1ea5t cao, d\u1ec5 v\u1eadn h\u00e0nh v\u00e0 v\u1eadt li\u1ec7u b\u1ec1n. N\u00f3 c\u00f3 th\u1ec3 t\u0103ng c\u01b0\u1eddng \u0111\u00e1ng k\u1ec3 n\u0103ng su\u1ea5t c\u1ee7a b\u1ea1n v\u00e0 mang l\u1ea1i l\u1ee3i \u00edch cho doanh nghi\u1ec7p c\u00e0 ph\u00ea c\u1ee7a b\u1ea1n. Ngo\u00e0i ra, s\u1ea3n ph\u1ea9m c\u1ee7a ch\u00fang t\u00f4i v\u1edbi ch\u1ea5t l\u01b0\u1ee3ng cao v\u00e0 gi\u00e1 c\u1ea3 ph\u1ea3i ch\u0103ng n\u1ed5i ti\u1ebfng v\u1edbi kh\u00e1ch h\u00e0ng tr\u00ean to\u00e0n th\u1ebf gi\u1edbi. Ng\u00e0y nay, m\u00e1y \u0111\u00f3ng g\u00f3i b\u1ed9t c\u1ee7a ch\u00fang t\u00f4i \u0111\u00e3 \u0111\u01b0\u1ee3c xu\u1ea5t kh\u1ea9u th\u00e0nh c\u00f4ng \u0111\u1ebfn h\u01a1n 80 qu\u1ed1c gia v\u00e0 khu v\u1ef1c. &nbsp;<\/p>    <h2 class=\"wp-block-heading\">C\u1ea7n b\u00e1n hai m\u00e1y \u0111\u00f3ng g\u00f3i b\u1ed9t c\u00e0 ph\u00ea kh\u00e1c nhau<\/h2>    <p>\u0110\u1ed1i v\u1edbi c\u00e1c y\u00eau c\u1ea7u \u0111\u00f3ng g\u00f3i kh\u00e1c nhau, c\u00f3 hai m\u00e1y \u0111\u00f3ng g\u00f3i b\u1ed9t c\u00e0 ph\u00ea kh\u00e1c nhau. Ch\u00fang \u0111\u1ec1u t\u1ef1 \u0111\u1ed9ng v\u00e0 hi\u1ec7u qu\u1ea3. M\u1ed9t l\u00e0 m\u00e1y \u0111\u00f3ng g\u00f3i b\u1ed9t c\u00e0 ph\u00ea lo\u1ea1i \u0111\u1ee9ng nh\u1ecf, v\u00e0 m\u1ed9t l\u00e0 m\u00e1y \u0111\u00f3ng g\u00f3i b\u1ed9t si\u00eau hi\u1ec7u qu\u1ea3 1kg. Ch\u00fang c\u00f3 nh\u1eefng t\u00ednh n\u0103ng v\u00e0 l\u1ee3i \u00edch kh\u00e1c nhau.<\/p>    <h3 class=\"wp-block-heading\">Lo\u1ea1i 1: C\u1ea7n b\u00e1n m\u00e1y \u0111\u00f3ng g\u00f3i b\u1ed9t c\u00e0 ph\u00ea d\u1ecdc nh\u1ecf<\/h3>    <p>M\u00e1y \u0111\u00f3ng g\u00f3i b\u1ed9t c\u00e0 ph\u00ea n\u00e0y c\u00f3 k\u00edch th\u01b0\u1edbc nh\u1ecf, d\u1ec5 di chuy\u1ec3n v\u00e0 bao ph\u1ee7 m\u1ed9t kh\u00f4ng gian nh\u1ecf trong x\u01b0\u1edfng c\u1ee7a b\u1ea1n. N\u00f3 ho\u00e0n to\u00e0n c\u00f3 th\u1ec3 t\u1ef1 \u0111\u1ed9ng ho\u00e0n th\u00e0nh ch\u1ee9c n\u0103ng c\u00e2n, chi\u1ebft r\u00f3t, l\u00e0m t\u00fai, ni\u00eam phong, m\u00e3 h\u00f3a v\u00e0 \u0111\u1ebfm. H\u01a1n n\u1eefa, m\u00e1y \u0111\u00f3ng g\u00f3i b\u1ed9t d\u1ea1ng \u0111\u1ee9ng lo\u1ea1i nh\u1ecf c\u00f3 m\u1ee9c gi\u00e1 kh\u00e1 \u01b0u \u0111\u00e3i. Gi\u00e1 c\u1ea3 ph\u1ea3i ch\u0103ng v\u00e0 l\u00fd t\u01b0\u1edfng cho nhu c\u1ea7u s\u1ea3n xu\u1ea5t bao b\u00ec c\u00e0 ph\u00ea nh\u1ecf. V\u00e0 n\u00f3 ph\u00f9 h\u1ee3p \u0111\u1ec3 \u0111\u00f3ng g\u00f3i b\u1ed9t c\u00e0 ph\u00ea d\u1ea1ng g\u00f3i t\u1eeb 1 gram \u0111\u1ebfn 80 gram. T\u1ed1c \u0111\u1ed9 \u0111\u00f3ng g\u00f3i c\u1ee7a n\u00f3 c\u00f3 th\u1ec3 \u0111\u1ea1t t\u1edbi 80 t\u00fai m\u1ed7i ph\u00fat.<\/p>    <figure class=\"wp-block-image size-full\"><img loading=\"lazy\" decoding=\"async\" width=\"720\" height=\"540\" src=\"https:\/\/topfoodmachine.com\/wp-content\/uploads\/2022\/07\/small-coffee-powder-packing-machine.jpg\" alt=\"m\u00e1y \u0111\u00f3ng g\u00f3i b\u1ed9t c\u00e0 ph\u00ea nh\u1ecf\" class=\"wp-image-206\" srcset=\"https:\/\/topfoodmachine.com\/wp-content\/uploads\/2022\/07\/small-coffee-powder-packing-machine.jpg 720w, https:\/\/topfoodmachine.com\/wp-content\/uploads\/2022\/07\/small-coffee-powder-packing-machine-300x225.jpg 300w\" sizes=\"auto, (max-width: 720px) 100vw, 720px\" \/><figcaption class=\"wp-element-caption\">m\u00e1y \u0111\u00f3ng g\u00f3i b\u1ed9t c\u00e0 ph\u00ea nh\u1ecf<\/figcaption><\/figure>    <h3 class=\"wp-block-heading\">Lo\u1ea1i 2: B\u00e1n m\u00e1y \u0111\u00f3ng g\u00f3i b\u1ed9t c\u00e0 ph\u00ea t\u1ef1 \u0111\u1ed9ng 1kg si\u00eau hi\u1ec7u qu\u1ea3<\/h3>    <p>\u0110\u00e2y l\u00e0 m\u1ed9t m\u00e1y \u0111\u00f3ng g\u00f3i b\u1ed9t c\u00e0 ph\u00ea \u0111\u00e1ng tin c\u1eady v\u00e0 si\u00eau hi\u1ec7u qu\u1ea3. C\u00f4ng su\u1ea5t c\u1ee7a n\u00f3 l\u00e0 1kg ~ 3kg. M\u00e1y n\u00e0y ch\u1ec9 h\u1ed7 tr\u1ee3 ki\u1ec3u t\u00fai d\u00e1n k\u00edn. V\u00e0 t\u1ed1c \u0111\u1ed9 \u0111\u00f3ng g\u00f3i c\u1ee7a m\u00e1y \u0111\u00f3ng g\u00f3i t\u00fai c\u00e0 ph\u00ea n\u00e0y c\u00f3 th\u1ec3 \u0111\u1ea1t t\u1edbi 50 t\u00fai m\u1ed7i ph\u00fat. T\u01b0\u01a1ng t\u1ef1, chi\u1ebfc m\u00e1y n\u00e0y c\u0169ng l\u00e0 m\u00e1y \u0111\u00f3ng g\u00f3i ho\u00e0n to\u00e0n t\u1ef1 \u0111\u1ed9ng, ti\u1ebft ki\u1ec7m nh\u00e2n c\u00f4ng v\u00e0 mang l\u1ea1i hi\u1ec7u qu\u1ea3 cao. C\u00e1c b\u1ed9 ph\u1eadn ch\u00ednh c\u1ee7a n\u00f3 bao g\u1ed3m m\u00e1y c\u1ea5p b\u1ed9t, m\u00e1y chi\u1ebft r\u00f3t d\u1ea1ng m\u0169i khoan v\u00e0 m\u00e1y \u0111\u00f3ng g\u00f3i d\u1ea1ng g\u00f3i c\u00f3 c\u1ed5. V\u1edbi thi\u1ebft k\u1ebf tuy\u1ec7t v\u1eddi v\u00e0 c\u1ea5u tr\u00fac \u0111\u01a1n gi\u1ea3n, m\u00e1y \u0111\u00f3ng g\u00f3i b\u1ed9t c\u00e0 ph\u00ea kh\u00f4 r\u1ea5t d\u1ec5 v\u1eadn h\u00e0nh v\u00e0 b\u1ea3o tr\u00ec.<\/p>    <figure class=\"wp-block-image size-full\"><img loading=\"lazy\" decoding=\"async\" width=\"720\" height=\"540\" src=\"https:\/\/topfoodmachine.com\/wp-content\/uploads\/2022\/07\/large-scale-coffee-powder-packaging-machine.jpg\" alt=\"m\u00e1y \u0111\u00f3ng g\u00f3i b\u1ed9t c\u00e0 ph\u00ea quy m\u00f4 l\u1edbn\" class=\"wp-image-209\" srcset=\"https:\/\/topfoodmachine.com\/wp-content\/uploads\/2022\/07\/large-scale-coffee-powder-packaging-machine.jpg 720w, https:\/\/topfoodmachine.com\/wp-content\/uploads\/2022\/07\/large-scale-coffee-powder-packaging-machine-300x225.jpg 300w\" sizes=\"auto, (max-width: 720px) 100vw, 720px\" \/><figcaption class=\"wp-element-caption\">m\u00e1y \u0111\u00f3ng g\u00f3i b\u1ed9t c\u00e0 ph\u00ea quy m\u00f4 l\u1edbn<\/figcaption><\/figure>    <h2 class=\"wp-block-heading\">Th\u00f4ng s\u1ed1 k\u1ef9 thu\u1eadt c\u1ee7a m\u00e1y \u0111\u00f3ng g\u00f3i b\u1ed9t c\u00e0 ph\u00ea Taizy<\/h2>    <figure class=\"wp-block-table\"><table><tbody><tr><td>Ki\u1ec3u<\/td><td>0-80g\/t\u00fai<\/td><td>1000-3000g\/t\u00fai<\/td><\/tr><tr><td>Quy\u1ec1n l\u1ef1c<\/td><td>1,8kw<\/td><td>AC220V\/50Hz<\/td><\/tr><tr><td>Chi\u1ec1u d\u00e0i t\u00fai<\/td><td>30-180mm<\/td><td>80-400mm<\/td><\/tr><tr><td>Chi\u1ec1u r\u1ed9ng t\u00fai<\/td><td>20-150mm<\/td><td>80-250mm<\/td><\/tr><tr><td>Chi\u1ec1u r\u1ed9ng t\u1ed1i \u0111a c\u1ee7a m\u00e0ng cu\u1ed9n<\/td><td>320mm<\/td><td>520mm<\/td><\/tr><tr><td>T\u1ed1c \u0111\u1ed9 \u0111\u00f3ng g\u00f3i<\/td><td>20-80 t\u00fai \/ ph\u00fat<\/td><td>5-50 t\u00fai \/ ph\u00fat<\/td><\/tr><tr><td>C\u00e1c lo\u1ea1i t\u00fai<\/td><td>Con d\u1ea5u 3 m\u1eb7t\/Con d\u1ea5u ph\u00eda sau\/Con d\u1ea5u 4 m\u1eb7t&nbsp;<\/td><td>&nbsp;Con d\u1ea5u ph\u00eda sau<\/td><\/tr><tr><td>Ti\u00eau th\u1ee5 kh\u00f4ng kh\u00ed<\/td><td>&nbsp;\/<\/td><td>0,65Mpa<\/td><\/tr><tr><td>Ti\u00eau th\u1ee5 kh\u00ed \u0111\u1ed1t<\/td><td>&nbsp;\/<\/td><td>0,4m\u00b3 \/ ph\u00fat<\/td><\/tr><tr><td>K\u00edch th\u01b0\u1edbc<\/td><td>650*1050*1950mm<\/td><td>(L)1150\u00d7(W)1795\u00d7(H)1650mm&nbsp;<\/td><\/tr><tr><td>C\u00e2n n\u1eb7ng<\/td><td>250kg<\/td><td>600kg<\/td><\/tr><\/tbody><\/table><\/figure>    <h2 class=\"wp-block-heading\">L\u1ee3i \u00edch c\u1ee7a m\u00e1y \u0111\u00f3ng g\u00f3i c\u00e0 ph\u00ea Taizy <\/h2>    <ol class=\"wp-block-list\" type=\"1\"> <li>Ch\u1ea5t li\u1ec7u b\u1ec1n v\u00e0 d\u00f9ng cho th\u1ef1c ph\u1ea9m, tu\u1ed5i th\u1ecd cao<\/li>    <li>H\u1ec7 th\u1ed1ng \u0111i\u1ec1u khi\u1ec3n PLC th\u00f4ng minh, d\u1ec5 v\u1eadn h\u00e0nh<\/li>    <li>M\u1ed9t thi\u1ebft k\u1ebf h\u1ee3p l\u00fd, c\u1ea5u tr\u00fac \u0111\u01a1n gi\u1ea3n, hi\u1ec7u su\u1ea5t t\u1ed1t<\/li>    <li>\u1ee8ng d\u1ee5ng r\u1ed9ng r\u00e3i, ch\u00fang th\u00edch h\u1ee3p cho b\u1ed9t c\u00e0 ph\u00ea, b\u1ed9t gia v\u1ecb, b\u1ed9t \u1edbt, b\u1ed9t g\u1eebng, b\u1ed9t gi\u1eb7t, b\u1ed9t th\u1ea3o m\u1ed9c, b\u1ed9t tr\u00e0, s\u1eefa b\u1ed9t, b\u1ed9t m\u00ec, v.v.<\/li>    <li>M\u1ee9c \u0111\u1ed9 t\u1ef1 \u0111\u1ed9ng h\u00f3a cao, \u0111\u1ea7u t\u01b0 th\u1ea5p v\u00e0 hi\u1ec7u qu\u1ea3 cao<\/li>    <li>H\u1ed7 tr\u1ee3 d\u1ecbch v\u1ee5 t\u00f9y ch\u1ec9nh \u0111\u1ec3 \u0111\u00e1p \u1ee9ng b\u1ea5t k\u1ef3 nhu c\u1ea7u \u0111\u1eb7c bi\u1ec7t n\u00e0o c\u1ee7a b\u1ea1n<\/li> <\/ol>    <h2 class=\"wp-block-heading\">L\u00e0m th\u1ebf n\u00e0o \u0111\u1ec3 ch\u1ecdn \u0111\u00fang m\u00e1y \u0111\u00f3ng g\u00f3i b\u1ed9t c\u00e0 ph\u00ea? &nbsp;<\/h2>    <p>C\u00f3 r\u1ea5t nhi\u1ec1u thi\u1ebft b\u1ecb \u0111\u00f3ng g\u00f3i b\u1ed9t c\u00e0 ph\u00ea tr\u00ean th\u1ecb tr\u01b0\u1eddng. R\u1ea5t kh\u00f3 \u0111\u1ec3 m\u1ed9t ng\u01b0\u1eddi m\u1edbi t\u00ecm \u0111\u01b0\u1ee3c m\u1ed9t chi\u1ebfc m\u00e1y \u0111\u00e1ng tin c\u1eady. V\u00ec v\u1eady, vi\u1ec7c l\u1ef1a ch\u1ecdn m\u1ed9t chi\u1ebfc m\u00e1y \u0111\u00f3ng g\u00f3i c\u00e0 ph\u00ea ch\u1ea5t l\u01b0\u1ee3ng l\u00e0 \u0111i\u1ec1u quan tr\u1ecdng. N\u1ebfu kh\u00f4ng, b\u1ea1n s\u1ebd t\u1ed1n nhi\u1ec1u th\u1eddi gian v\u00e0 chi ph\u00ed h\u01a1n cho vi\u1ec7c thay th\u1ebf v\u00e0 b\u1ea3o tr\u00ec m\u00e1y c\u1ee7a m\u00ecnh. C\u00f3 hai l\u1eddi khuy\u00ean \u0111\u1ec3 gi\u00fap t\u00ecm \u0111\u01b0\u1ee3c m\u00e1y \u0111\u00f3ng g\u00f3i b\u1ed9t c\u00e0 ph\u00ea ph\u00f9 h\u1ee3p.<\/p>    <ol class=\"wp-block-list\" type=\"1\"> <li>Kh\u1ea3 n\u0103ng s\u1ea3n xu\u1ea5t. Y\u00eau c\u1ea7u s\u1ea3n xu\u1ea5t c\u1ee7a b\u1ea1n l\u00e0 g\u00ec? H\u00e3y xem x\u00e9t c\u00e2u h\u1ecfi n\u00e0y m\u1ed9t c\u00e1ch nghi\u00eam t\u00fac tr\u01b0\u1edbc khi mua m\u00e1y \u0111\u00f3ng g\u00f3i c\u00e0 ph\u00ea cho d\u1ef1 \u00e1n c\u1ee7a b\u1ea1n. V\u00ed d\u1ee5, ch\u00fang t\u00f4i c\u00f3 hai lo\u1ea1i m\u00e1y \u0111\u00f3ng g\u00f3i c\u00e0 ph\u00ea. V\u00e0 h\u1ecd c\u00f3 n\u0103ng l\u1ef1c s\u1ea3n xu\u1ea5t kh\u00e1c nhau. N\u1ebfu b\u1ea1n \u0111ang t\u00ecm ki\u1ebfm m\u1ed9t chi\u1ebfc m\u00e1y \u0111\u00f3ng g\u00f3i c\u00e1c g\u00f3i c\u00e0 ph\u00ea t\u1eeb 0 -80gram th\u00ec m\u00e1y \u0111\u00f3ng g\u00f3i d\u1ea1ng \u0111\u1ee9ng lo\u1ea1i nh\u1ecf s\u1ebd ph\u00f9 h\u1ee3p v\u1edbi b\u1ea1n. N\u1ebfu l\u1edbn h\u01a1n 80g th\u00ec m\u00e1y \u0111\u00f3ng g\u00f3i b\u1ed9t 1kg -3kg l\u00e0 l\u00fd t\u01b0\u1edfng d\u00e0nh cho b\u1ea1n.<\/li>    <li>M\u1ee9c \u0111\u1ed9 t\u1ef1 \u0111\u1ed9ng h\u00f3a. Ngo\u00e0i gi\u1ea3i ph\u00e1p \u0111\u00f3ng g\u00f3i c\u00e0 ph\u00ea ho\u00e0n to\u00e0n t\u1ef1 \u0111\u1ed9ng, c\u00f2n c\u00f3 m\u00e1y r\u00f3t b\u1ed9t c\u00e0 ph\u00ea b\u00e1n t\u1ef1 \u0111\u1ed9ng. N\u1ebfu b\u1ea1n c\u00f3 \u0111\u1ee7 nh\u00e2n c\u00f4ng \u0111\u1ec3 v\u1eadn h\u00e0nh m\u00e1y v\u00e0 chi ph\u00ed nh\u00e2n c\u00f4ng kh\u00f4ng \u0111\u1eaft th\u00ec m\u00e1y r\u00f3t b\u1ed9t c\u0169ng l\u00e0 m\u1ed9t l\u1ef1a ch\u1ecdn t\u1ed1t. Th\u00f4ng th\u01b0\u1eddng, ch\u00fang c\u00f3 hi\u1ec7u su\u1ea5t cao v\u00e0 hi\u1ec7u su\u1ea5t \u1ed5n \u0111\u1ecbnh.<\/li> <\/ol>    <div class=\"wp-block-columns is-layout-flex wp-container-core-columns-is-layout-28f84493 wp-block-columns-is-layout-flex\"> <div class=\"wp-block-column is-layout-flow wp-block-column-is-layout-flow\"> <figure class=\"wp-block-image size-full\"><img loading=\"lazy\" decoding=\"async\" width=\"600\" height=\"450\" src=\"https:\/\/topfoodmachine.com\/wp-content\/uploads\/2022\/07\/four-types-of-coffee-roasts.jpg\" alt=\"b\u1ed1n lo\u1ea1i rang c\u00e0 ph\u00ea\" class=\"wp-image-212\" srcset=\"https:\/\/topfoodmachine.com\/wp-content\/uploads\/2022\/07\/four-types-of-coffee-roasts.jpg 600w, https:\/\/topfoodmachine.com\/wp-content\/uploads\/2022\/07\/four-types-of-coffee-roasts-300x225.jpg 300w\" sizes=\"auto, (max-width: 600px) 100vw, 600px\" \/><figcaption class=\"wp-element-caption\">b\u1ed1n lo\u1ea1i rang c\u00e0 ph\u00ea<\/figcaption><\/figure> <\/div>    <div class=\"wp-block-column is-layout-flow wp-block-column-is-layout-flow\"> <figure class=\"wp-block-image size-full\"><img loading=\"lazy\" decoding=\"async\" width=\"600\" height=\"450\" src=\"https:\/\/topfoodmachine.com\/wp-content\/uploads\/2022\/07\/sweet-morning-coffee.jpg\" alt=\"c\u00e0 ph\u00ea bu\u1ed5i s\u00e1ng ng\u1ecdt ng\u00e0o\" class=\"wp-image-214\" srcset=\"https:\/\/topfoodmachine.com\/wp-content\/uploads\/2022\/07\/sweet-morning-coffee.jpg 600w, https:\/\/topfoodmachine.com\/wp-content\/uploads\/2022\/07\/sweet-morning-coffee-300x225.jpg 300w\" sizes=\"auto, (max-width: 600px) 100vw, 600px\" \/><figcaption class=\"wp-element-caption\">c\u00e0 ph\u00ea bu\u1ed5i s\u00e1ng ng\u1ecdt ng\u00e0o<\/figcaption><\/figure> <\/div> <\/div>    <h2 class=\"wp-block-heading\">Ph\u1ea7n k\u1ebft lu\u1eadn <\/h2>    <p class=\"translation-block\">L\u00e0 m\u1ed9t <a href=\"https:\/\/tianhuipackingmachine.com\/powder-packaging-solution\/\" target=\"_blank\" rel=\"noreferrer noopener\">nh\u00e0 s\u1ea3n xu\u1ea5t m\u00e1y \u0111\u00f3ng g\u00f3i b\u1ed9t h\u00e0ng \u0111\u1ea7u<\/a> v\u00e0 xu\u1ea5t kh\u1ea9u, ch\u00fang t\u00f4i c\u00f3 \u0111\u1ea7y \u0111\u1ee7 c\u00e1c lo\u1ea1i m\u00e1y \u0111\u00f3ng g\u00f3i b\u1ed9t c\u00e0 ph\u00ea \u0111\u1ec3 b\u00e1n. Ngo\u00e0i ra, t\u1ea5t c\u1ea3 c\u00e1c m\u00e1y c\u1ee7a ch\u00fang t\u00f4i \u0111\u1ec1u c\u00f3 ch\u1ea5t l\u01b0\u1ee3ng cao v\u00e0 gi\u00e1 c\u1ea3 c\u1ea1nh tranh. M\u00e1y \u0111\u00f3ng g\u00f3i b\u1ed9t c\u00e0 ph\u00ea h\u00f2a tan&nbsp;th\u01b0\u01a1ng m\u1ea1i l\u00e0 m\u1ed9t trong nh\u1eefng s\u1ea3n ph\u1ea9m hot. Ch\u00fang t\u00f4i cung c\u1ea5p gi\u1ea3i ph\u00e1p \u0111\u00f3ng g\u00f3i ti\u00eau chu\u1ea9n v\u00e0 t\u00f9y ch\u1ec9nh cho kh\u00e1ch h\u00e0ng c\u1ee7a m\u00ecnh. Ch\u00e0o m\u1eebng b\u1ea1n <a href=\"https:\/\/topfoodmachine.com\/vi\/contact-us\/\">li\u00ean h\u1ec7 v\u1edbi ch\u00fang t\u00f4i<\/a> \u0111\u1ec3 nh\u1eadn danh s\u00e1ch gi\u00e1 mi\u1ec5n ph\u00ed.<\/p>","protected":false},"excerpt":{"rendered":"<p>Coffee powder packing machine is great equipment for coffee packaging. It can fully automatic finish the process of coffee weighing, bag forming, coffee filling, sealing, date printing, and coding. The coffee powder packing machine for sale in Taizy mainly has two types, a small vertical type coffee packaging machine, and a 1kg super-efficiency coffee powder [&hellip;]<\/p>\n","protected":false},"author":1,"featured_media":209,"parent":0,"template":"","tags":[14],"product-type":[8],"class_list":["post-205","product","type-product","status-publish","has-post-thumbnail","hentry","tag-food-packaging-machine","product-type-food-packaging-machine"],"_links":{"self":[{"href":"https:\/\/topfoodmachine.com\/vi\/wp-json\/wp\/v2\/product\/205","targetHints":{"allow":["GET"]}}],"collection":[{"href":"https:\/\/topfoodmachine.com\/vi\/wp-json\/wp\/v2\/product"}],"about":[{"href":"https:\/\/topfoodmachine.com\/vi\/wp-json\/wp\/v2\/types\/product"}],"author":[{"embeddable":true,"href":"https:\/\/topfoodmachine.com\/vi\/wp-json\/wp\/v2\/users\/1"}],"wp:featuredmedia":[{"embeddable":true,"href":"https:\/\/topfoodmachine.com\/vi\/wp-json\/wp\/v2\/media\/209"}],"wp:attachment":[{"href":"https:\/\/topfoodmachine.com\/vi\/wp-json\/wp\/v2\/media?parent=205"}],"wp:term":[{"taxonomy":"post_tag","embeddable":true,"href":"https:\/\/topfoodmachine.com\/vi\/wp-json\/wp\/v2\/tags?post=205"},{"taxonomy":"product-type","embeddable":true,"href":"https:\/\/topfoodmachine.com\/vi\/wp-json\/wp\/v2\/product-type?post=205"}],"curies":[{"name":"wp","href":"https:\/\/api.w.org\/{rel}","templated":true}]}}