{"id":2010,"date":"2025-09-22T18:06:48","date_gmt":"2025-09-22T10:06:48","guid":{"rendered":"https:\/\/topfoodmachine.com\/?post_type=product&#038;p=2010"},"modified":"2025-09-22T18:14:09","modified_gmt":"2025-09-22T10:14:09","slug":"cocoa-bean-sheller-machine","status":"publish","type":"product","link":"https:\/\/topfoodmachine.com\/vi\/product\/cocoa-bean-sheller-machine\/","title":{"rendered":"M\u00e1y b\u00f3c v\u1ecf h\u1ea1t cacao"},"content":{"rendered":"<div class=\"kk-star-ratings kksr-auto kksr-align-left kksr-valign-top\"     data-payload='{&quot;align&quot;:&quot;left&quot;,&quot;id&quot;:&quot;2010&quot;,&quot;slug&quot;:&quot;default&quot;,&quot;valign&quot;:&quot;top&quot;,&quot;ignore&quot;:&quot;&quot;,&quot;reference&quot;:&quot;auto&quot;,&quot;class&quot;:&quot;&quot;,&quot;count&quot;:&quot;28&quot;,&quot;legendonly&quot;:&quot;&quot;,&quot;readonly&quot;:&quot;&quot;,&quot;score&quot;:&quot;4.8&quot;,&quot;starsonly&quot;:&quot;&quot;,&quot;best&quot;:&quot;5&quot;,&quot;gap&quot;:&quot;5&quot;,&quot;greet&quot;:&quot;Rate this product&quot;,&quot;legend&quot;:&quot;4.8\\\/5 - (28 b\u00ecnh ch\u1ecdn)&quot;,&quot;size&quot;:&quot;24&quot;,&quot;title&quot;:&quot;Cocoa Bean Sheller Machine&quot;,&quot;width&quot;:&quot;136.7&quot;,&quot;_legend&quot;:&quot;{score}\\\/{best} - ({count} {votes})&quot;,&quot;font_factor&quot;:&quot;1.25&quot;}'>              <div class=\"kksr-stars\">      <div class=\"kksr-stars-inactive\">             <div class=\"kksr-star\" data-star=\"1\" style=\"padding-right: 5px\">               <div class=\"kksr-icon\" style=\"width: 24px; height: 24px;\"><\/div>         <\/div>             <div class=\"kksr-star\" data-star=\"2\" style=\"padding-right: 5px\">               <div class=\"kksr-icon\" style=\"width: 24px; height: 24px;\"><\/div>         <\/div>             <div class=\"kksr-star\" data-star=\"3\" style=\"padding-right: 5px\">               <div class=\"kksr-icon\" style=\"width: 24px; height: 24px;\"><\/div>         <\/div>             <div class=\"kksr-star\" data-star=\"4\" style=\"padding-right: 5px\">               <div class=\"kksr-icon\" style=\"width: 24px; height: 24px;\"><\/div>         <\/div>             <div class=\"kksr-star\" data-star=\"5\" style=\"padding-right: 5px\">               <div class=\"kksr-icon\" style=\"width: 24px; height: 24px;\"><\/div>         <\/div>     <\/div>      <div class=\"kksr-stars-active\" style=\"width: 136.7px;\">             <div class=\"kksr-star\" style=\"padding-right: 5px\">               <div class=\"kksr-icon\" style=\"width: 24px; height: 24px;\"><\/div>         <\/div>             <div class=\"kksr-star\" style=\"padding-right: 5px\">               <div class=\"kksr-icon\" style=\"width: 24px; height: 24px;\"><\/div>         <\/div>             <div class=\"kksr-star\" style=\"padding-right: 5px\">               <div class=\"kksr-icon\" style=\"width: 24px; height: 24px;\"><\/div>         <\/div>             <div class=\"kksr-star\" style=\"padding-right: 5px\">               <div class=\"kksr-icon\" style=\"width: 24px; height: 24px;\"><\/div>         <\/div>             <div class=\"kksr-star\" style=\"padding-right: 5px\">               <div class=\"kksr-icon\" style=\"width: 24px; height: 24px;\"><\/div>         <\/div>     <\/div> <\/div>                   <div class=\"kksr-legend\" style=\"font-size: 19.2px;\">             4.8\/5 - (28 l\u01b0\u1ee3t b\u00ecnh ch\u1ecdn)    <\/div>     <\/div>  <p class=\"translation-block\">M\u00e1y <strong>t\u00e1ch v\u1ecf \u0111\u1eadu cacao<\/strong> \u0111\u01b0\u1ee3c s\u1eed d\u1ee5ng ch\u1ee7 y\u1ebfu \u0111\u1ec3 nghi\u1ec1n, b\u00f3c v\u1ecf v\u00e0 ph\u00e2n lo\u1ea1i h\u1ea1t cacao kh\u1ecfi v\u1ecf. M\u00e1y c\u00f3 c\u1ea5u tr\u00fac g\u1ecdn nh\u1eb9 v\u00e0 k\u1ebft h\u1ee3p con l\u0103n b\u00f3c v\u1ecf, m\u00e1y th\u1ed5i v\u00e0 l\u01b0\u1edbi ph\u00e2n lo\u1ea1i, cho v\u1eadn h\u00e0nh \u0111\u01a1n gi\u1ea3n, hi\u1ec7u su\u1ea5t \u1ed5n \u0111\u1ecbnh v\u00e0 t\u1ec9 l\u1ec7 b\u00f3c v\u1ecf cao. <\/p>    <p>N\u00f3 \u0111\u01b0\u1ee3c widely \u00e1p d\u1ee5ng trong d\u00e2y chuy\u1ec1n s\u1ea3n xu\u1ea5t s\u00f4 c\u00f4 la v\u00e0 s\u1ea3n ph\u1ea9m ca cao, c\u1ea3i thi\u1ec7n hi\u1ec7u qu\u1ea3 s\u1eed d\u1ee5ng nguy\u00ean li\u1ec7u v\u00e0 ch\u1ea5t l\u01b0\u1ee3ng s\u1ea3n ph\u1ea9m. <\/p>    <p class=\"translation-block\">T\u00f9y theo model, c\u00f4ng su\u1ea5t c\u1ee7a m\u00e1y dao \u0111\u1ed9ng t\u1eeb <strong>50\u20131000 kg\/h<\/strong>, t\u1ec9 l\u1ec7 b\u00f3c v\u1ecf <strong>tr\u00ean 98%<\/strong>, v\u00e0 c\u1ea5u h\u00ecnh c\u00f4ng su\u1ea5t t\u1eeb <strong>0.4 kW \u0111\u1ebfn 4.4 kW<\/strong>, ph\u00f9 h\u1ee3p v\u1edbi y\u00eau c\u1ea7u \u0111a d\u1ea1ng t\u1eeb x\u01b0\u1edfng ch\u1ebf bi\u1ebfn nh\u1ecf \u0111\u1ebfn doanh nghi\u1ec7p s\u1ea3n xu\u1ea5t quy m\u00f4 l\u1edbn.<\/p>    <figure class=\"wp-block-embed is-type-video is-provider-youtube wp-block-embed-youtube wp-embed-aspect-9-16 wp-has-aspect-ratio\"><div class=\"wp-block-embed__wrapper\"> <iframe loading=\"lazy\" title=\"M\u00e1y t\u00e1ch v\u1ecf \u0111\u1eadu cacao \u0111\u1ec3 b\u00e1n \u2013 T\u1ed1c \u0111\u1ed9 cao v\u00e0 b\u1ec1n b\u1ec9 #cocoa #beans #peanut #foodprocessing\" width=\"422\" height=\"750\" src=\"https:\/\/www.youtube.com\/embed\/qq6WWgaiWwQ?feature=oembed\" frameborder=\"0\" allow=\"accelerometer; autoplay; clipboard-write; encrypted-media; gyroscope; picture-in-picture; web-share\" referrerpolicy=\"strict-origin-when-cross-origin\" allowfullscreen><\/iframe> <\/div><figcaption class=\"wp-element-caption\">Video v\u1eadn h\u00e0nh M\u00e1y t\u00e1ch v\u1ecf cacao<\/figcaption><\/figure>    <h2 class=\"wp-block-heading\">M\u00e1y b\u00f3c v\u1ecf \u0111\u1eadu cacao \u0111\u1ec3 b\u00e1n<\/h2>    <p class=\"translation-block\">M\u00e1y b\u00f3c v\u1ecf \u0111\u1eadu cacao c\u1ee7a ch\u00fang t\u00f4i nhanh ch\u00f3ng v\u00e0 s\u1ea1ch s\u1ebd t\u00e1ch v\u1ecf kh\u1ecfi h\u1ea1t. M\u00e1y \u0111\u01b0\u1ee3c trang b\u1ecb <strong>ba qu\u1ea1t m\u1ea1nh<\/strong> v\u00e0 <strong>ba m\u00e0n rung<\/strong>, \u0111\u1ea3m b\u1ea3o ph\u00e2n lo\u1ea1i ch\u00ednh x\u00e1c v\u00e0 b\u00f3c v\u1ecf hi\u1ec7u qu\u1ea3. N\u00f3 c\u0169ng \u0111i k\u00e8m v\u1edbi m\u1ed9t <strong>h\u1ec7 th\u1ed1ng b\u0103ng t\u1ea3i<\/strong>, cho ph\u00e9p c\u1ea5p li\u00ean t\u1ee5c v\u00e0 v\u1eadn h\u00e0nh tr\u01a1n tru. <\/p>    <p class=\"translation-block\"><strong>\u0110\u1ed9 m\u1ea1nh c\u1ee7a lu\u1ed3ng gi\u00f3 c\u00f3 th\u1ec3 \u0111i\u1ec1u ch\u1ec9nh<\/strong>, cho ng\u01b0\u1eddi v\u1eadn h\u00e0nh ki\u1ec3m so\u00e1t to\u00e0n b\u1ed9 qu\u00e1 tr\u00ecnh b\u00f3c v\u1ecf. Trong tr\u01b0\u1eddng h\u1ee3p v\u1ecf ch\u01b0a \u0111\u01b0\u1ee3c lo\u1ea1i b\u1ecf ho\u00e0n to\u00e0n \u1edf v\u00f2ng \u0111\u1ea7u, b\u0103ng t\u1ea3i t\u1ef1 \u0111\u1ed9ng tr\u1ea3 \u0111\u1eadu v\u00e0o m\u00e1y \u0111\u1ec3 <strong>b\u1ecdc v\u1ecf th\u1ee9 c\u1ea5p<\/strong>, mang l\u1ea1i t\u1ec9 l\u1ec7 b\u00f3c v\u1ecf s\u1ea1ch v\u00e0 cao h\u01a1n. <\/p>    <figure class=\"wp-block-image size-full\"><img loading=\"lazy\" decoding=\"async\" width=\"720\" height=\"540\" src=\"https:\/\/topfoodmachine.com\/wp-content\/uploads\/2025\/09\/Cocoa-bean-peeling-machine-price.webp\" alt=\"Gi\u00e1 m\u00e1y b\u00f3c v\u1ecf \u0111\u1eadu cacao\" class=\"wp-image-2013\" srcset=\"https:\/\/topfoodmachine.com\/wp-content\/uploads\/2025\/09\/Cocoa-bean-peeling-machine-price.webp 720w, https:\/\/topfoodmachine.com\/wp-content\/uploads\/2025\/09\/Cocoa-bean-peeling-machine-price-300x225.webp 300w, https:\/\/topfoodmachine.com\/wp-content\/uploads\/2025\/09\/Cocoa-bean-peeling-machine-price-16x12.webp 16w\" sizes=\"auto, (max-width: 720px) 100vw, 720px\" \/><figcaption class=\"wp-element-caption\">Gi\u00e1 m\u00e1y b\u00f3c v\u1ecf \u0111\u1eadu cacao<\/figcaption><\/figure>    <h2 class=\"wp-block-heading\">C\u1ea5u tr\u00fac m\u00e1y t\u00e1ch v\u1ecf \u0111\u1eadu cacao<\/h2>    <p class=\"translation-block\">M\u00e1y t\u00e1ch v\u1ecf \u0111\u1eadu cacao \u0111\u01b0\u1ee3c x\u00e2y d\u1ef1ng v\u1edbi <strong>c\u1ea5u tr\u00fac g\u1ecdn nh\u1eb9 nh\u01b0ng hi\u1ec7u qu\u1ea3<\/strong> k\u1ebft h\u1ee3p nhi\u1ec1u th\u00e0nh ph\u1ea7n x\u1eed l\u00fd \u0111\u1ec3 \u0111\u1ea3m b\u1ea3o v\u1eadn h\u00e0nh tr\u01a1n tru. <\/p>    <p class=\"translation-block\">N\u00f3 ch\u1ee7 y\u1ebfu bao g\u1ed3m <strong>th\u00f9ng c\u1ea5p<\/strong>, <strong>con l\u0103n b\u00f3c v\u1ecf<\/strong>, <strong>m\u00e0n rung<\/strong>, <strong>qu\u1ea1t (th\u1ed5i)<\/strong> v\u00e0 h\u1ec7 <strong>v\u00f2ng l\u1ed1c xo\u00e1y<\/strong> \u0111\u1ec3 thu v\u1ecf.<\/p>    <figure class=\"wp-block-image size-full\"><img loading=\"lazy\" decoding=\"async\" width=\"720\" height=\"540\" src=\"https:\/\/topfoodmachine.com\/wp-content\/uploads\/2025\/09\/Cocoa-bean-peeling-machine.webp\" alt=\"M\u00e1y b\u00f3c v\u1ecf \u0111\u1eadu cacao\" class=\"wp-image-2014\" srcset=\"https:\/\/topfoodmachine.com\/wp-content\/uploads\/2025\/09\/Cocoa-bean-peeling-machine.webp 720w, https:\/\/topfoodmachine.com\/wp-content\/uploads\/2025\/09\/Cocoa-bean-peeling-machine-300x225.webp 300w, https:\/\/topfoodmachine.com\/wp-content\/uploads\/2025\/09\/Cocoa-bean-peeling-machine-16x12.webp 16w\" sizes=\"auto, (max-width: 720px) 100vw, 720px\" \/><figcaption class=\"wp-element-caption\">M\u00e1y b\u00f3c v\u1ecf \u0111\u1eadu cacao<\/figcaption><\/figure>    <h2 class=\"wp-block-heading\">M\u00e1y t\u00e1ch v\u1ecf \u0111\u1eadu cacao ho\u1ea1t \u0111\u1ed9ng nh\u01b0 th\u1ebf n\u00e0o?<\/h2>    <div class=\"wp-block-media-text is-stacked-on-mobile\"><figure class=\"wp-block-media-text__media\"><img loading=\"lazy\" decoding=\"async\" width=\"720\" height=\"540\" src=\"https:\/\/topfoodmachine.com\/wp-content\/uploads\/2025\/09\/Cocoa-Bean-Sheller-Machine-details.webp\" alt=\"Chi ti\u1ebft M\u00e1y t\u00e1ch v\u1ecf \u0111\u1eadu cacao\" class=\"wp-image-2015 size-full\" srcset=\"https:\/\/topfoodmachine.com\/wp-content\/uploads\/2025\/09\/Cocoa-Bean-Sheller-Machine-details.webp 720w, https:\/\/topfoodmachine.com\/wp-content\/uploads\/2025\/09\/Cocoa-Bean-Sheller-Machine-details-300x225.webp 300w, https:\/\/topfoodmachine.com\/wp-content\/uploads\/2025\/09\/Cocoa-Bean-Sheller-Machine-details-16x12.webp 16w\" sizes=\"auto, (max-width: 720px) 100vw, 720px\" \/><\/figure><div class=\"wp-block-media-text__content\"> <ul class=\"wp-block-list\"> <li><strong>Cho \u0103n<\/strong> \u2013 H\u1ea1t cacao \u0111\u01b0\u1ee3c c\u1ea5p \u0111\u1ec1u v\u00e0o ph\u1ec5u ch\u1ee9a.<\/li>    <li><strong>B\u00f3c v\u1ecf<\/strong> \u2013 H\u1ea1t \u0111\u1eadu \u0111\u01b0\u1ee3c cu\u1ed9n v\u00e0 b\u00f3c v\u1ecf b\u1eb1ng c\u00e1c tr\u1ee5c b\u00f3c v\u1ecf.<\/li>    <li><strong>S\u00e0ng l\u1ecdc<\/strong> \u2013 C\u00e1c h\u1ea1t \u0111\u00e3 b\u00f3c v\u1ecf r\u01a1i xu\u1ed1ng m\u00e0n s\u00e0ng rung, n\u01a1i ch\u00fang \u0111\u01b0\u1ee3c ph\u00e2n lo\u1ea1i theo c\u00e1c k\u00edch th\u01b0\u1edbc h\u1ea1t kh\u00e1c nhau.<\/li> <\/ul> <\/div><\/div>    <div class=\"wp-block-media-text has-media-on-the-right is-stacked-on-mobile\"><div class=\"wp-block-media-text__content\"> <ul class=\"wp-block-list\"> <li><strong>Lo\u1ea1i b\u1ecf v\u1ecf<\/strong> \u2013 V\u1edbi s\u1ef1 tr\u1ee3 gi\u00fap c\u1ee7a m\u00e1y th\u1ed5i kh\u00ed, c\u00e1c v\u1ecf t\u00e1ch r\u1eddi c\u00e1c k\u00edch th\u01b0\u1edbc kh\u00e1c nhau \u0111\u01b0\u1ee3c h\u00fat ra v\u00e0 thu gom trong h\u1ec7 th\u1ed1ng ch\u1ee9a cyclone.<\/li>    <li><strong>X\u1ea3 nh\u00e2n<\/strong> \u2013 C\u00e1c m\u1ea3nh cacao \u0111\u00e3 \u0111\u01b0\u1ee3c l\u00e0m s\u1ea1ch \u0111\u01b0\u1ee3c x\u1ea3 ra kh\u1ecfi l\u1ed1i ra.<\/li>    <li><strong>\u0110i\u1ec1u ch\u1ec9nh<\/strong> \u2013 B\u1eb1ng c\u00e1ch \u0111i\u1ec1u ch\u1ec9nh c\u01b0\u1eddng \u0111\u1ed9 lu\u1ed3ng kh\u00ed v\u00e0 kho\u1ea3ng c\u00e1ch gi\u1eefa c\u00e1c tr\u1ee5c b\u00f3c v\u1ecf, c\u00f3 th\u1ec3 \u0111\u1ea1t \u0111\u01b0\u1ee3c s\u1ef1 t\u00e1ch bi\u1ec7t ho\u00e0n to\u00e0n gi\u1eefa v\u1ecf v\u00e0 nh\u00e2n.<\/li> <\/ul> <\/div><figure class=\"wp-block-media-text__media\"><img loading=\"lazy\" decoding=\"async\" width=\"720\" height=\"540\" src=\"https:\/\/topfoodmachine.com\/wp-content\/uploads\/2025\/09\/exported-Cocoa-bean-shelling-machine.webp\" alt=\"m\u00e1y t\u00e1ch v\u1ecf \u0111\u1eadu cacao xu\u1ea5t kh\u1ea9u\" class=\"wp-image-2019 size-full\" srcset=\"https:\/\/topfoodmachine.com\/wp-content\/uploads\/2025\/09\/exported-Cocoa-bean-shelling-machine.webp 720w, https:\/\/topfoodmachine.com\/wp-content\/uploads\/2025\/09\/exported-Cocoa-bean-shelling-machine-300x225.webp 300w, https:\/\/topfoodmachine.com\/wp-content\/uploads\/2025\/09\/exported-Cocoa-bean-shelling-machine-16x12.webp 16w\" sizes=\"auto, (max-width: 720px) 100vw, 720px\" \/><\/figure><\/div>    <h2 class=\"wp-block-heading\">\u01afu \u0111i\u1ec3m c\u1ee7a m\u00e1y t\u00e1ch v\u1ecf \u0111\u1eadu cacao<\/h2>    <div class=\"wp-block-media-text is-stacked-on-mobile\"><figure class=\"wp-block-media-text__media\"><img loading=\"lazy\" decoding=\"async\" width=\"720\" height=\"540\" src=\"https:\/\/topfoodmachine.com\/wp-content\/uploads\/2025\/09\/Cocoa-Bean-Sheller-Machine-for-sale.webp\" alt=\"M\u00e1y t\u00e1ch v\u1ecf \u0111\u1eadu cacao \u0111\u1ec3 b\u00e1n\" class=\"wp-image-2016 size-full\" srcset=\"https:\/\/topfoodmachine.com\/wp-content\/uploads\/2025\/09\/Cocoa-Bean-Sheller-Machine-for-sale.webp 720w, https:\/\/topfoodmachine.com\/wp-content\/uploads\/2025\/09\/Cocoa-Bean-Sheller-Machine-for-sale-300x225.webp 300w, https:\/\/topfoodmachine.com\/wp-content\/uploads\/2025\/09\/Cocoa-Bean-Sheller-Machine-for-sale-16x12.webp 16w\" sizes=\"auto, (max-width: 720px) 100vw, 720px\" \/><\/figure><div class=\"wp-block-media-text__content\"> <ul class=\"wp-block-list\"> <li>M\u00e1y \u0111\u01b0\u1ee3c l\u00e0m ho\u00e0n to\u00e0n b\u1eb1ng th\u00e9p kh\u00f4ng g\u1ec9 304, \u0111\u1ea3m b\u1ea3o \u0111\u1ed9 b\u1ec1n v\u00e0 v\u1ec7 sinh.<\/li>    <li>T\u1ef1 \u0111\u1ed9ng h\u00f3a cao cho ph\u00e9p b\u00f3c v\u1ecf nhanh, \u1ed3n th\u1ea5p v\u00e0 \u00edt lao \u0111\u1ed9ng th\u1ee7 c\u00f4ng.<\/li>    <li>N\u00f3 c\u00f3 th\u1ec3 x\u1eed l\u00fd hi\u1ec7u qu\u1ea3 c\u1ea3 \u0111\u1eadu cacao v\u00e0 \u0111\u1eadu ph\u1ed9ng d\u00f9ng cho c\u00f4ng nghi\u1ec7p.<\/li> <\/ul> <\/div><\/div>    <div class=\"wp-block-media-text has-media-on-the-right is-stacked-on-mobile\"><div class=\"wp-block-media-text__content\"> <ul class=\"wp-block-list\"> <li>B\u1ed9 thu b\u1ee5i ch\u00e2n kh\u00f4ng t\u00edch h\u1ee3p c\u00f3 th\u1ec3 h\u00fat v\u1ecf \u0111\u1ecf v\u00e0 gi\u1eef m\u00f4i tr\u01b0\u1eddng s\u1ea1ch.<\/li>    <li>Qu\u1ea1t \u0111i\u1ec1u ch\u1ec9nh \u0111\u01b0\u1ee3c v\u00e0 m\u00e0n rung \u0111\u1ea3m b\u1ea3o t\u00e1ch v\u1ecf ho\u00e0n ch\u1ec9nh v\u1edbi b\u00f3c v\u1ecf b\u1ed5 sung cho \u0111\u1eadu ch\u01b0a v\u1ecf ho\u00e0n ch\u1ec9nh.<\/li>    <li>V\u1eadn h\u00e0nh v\u00e0 b\u1ea3o tr\u00ec d\u1ec5 d\u00e0ng l\u00e0m gi\u1ea3m th\u1eddi gian d\u1eebng m\u00e1y v\u00e0 \u0111\u1ea3m b\u1ea3o quy tr\u00ecnh l\u00e0m vi\u1ec7c tr\u01a1n tru.<\/li> <\/ul> <\/div><figure class=\"wp-block-media-text__media\"><img loading=\"lazy\" decoding=\"async\" width=\"720\" height=\"540\" src=\"https:\/\/topfoodmachine.com\/wp-content\/uploads\/2025\/09\/industrial-Cocoa-bean-shelling-machine.webp\" alt=\"m\u00e1y b\u00f3c v\u1ecf \u0111\u1eadu cacao c\u00f4ng nghi\u1ec7p\" class=\"wp-image-2020 size-full\" srcset=\"https:\/\/topfoodmachine.com\/wp-content\/uploads\/2025\/09\/industrial-Cocoa-bean-shelling-machine.webp 720w, https:\/\/topfoodmachine.com\/wp-content\/uploads\/2025\/09\/industrial-Cocoa-bean-shelling-machine-300x225.webp 300w, https:\/\/topfoodmachine.com\/wp-content\/uploads\/2025\/09\/industrial-Cocoa-bean-shelling-machine-16x12.webp 16w\" sizes=\"auto, (max-width: 720px) 100vw, 720px\" \/><\/figure><\/div>    <h2 class=\"wp-block-heading\">Th\u00f4ng s\u1ed1 m\u00e1y t\u00e1ch v\u1ecf \u0111\u1eadu cacao<\/h2>    <figure class=\"wp-block-table\"><table class=\"has-fixed-layout\"><tbody><tr><td>Ng\u01b0\u1eddi m\u1eabu<\/td><td>Th\u00f4ng s\u1ed1 k\u1ef9 thu\u1eadt<\/td><td>K\u00edch th\u01b0\u1edbc (cm)<\/td><td>N\u0103ng su\u1ea5t s\u1ea3n xu\u1ea5t<\/td><td>V\u00f4n<\/td><td>C\u00f4ng su\u1ea5t \u0111\u1ed9ng c\u01a1<\/td><td>C\u00f4ng su\u1ea5t qu\u1ea1t<\/td><td>T\u1ef7 l\u1ec7 b\u00f3c v\u1ecf<\/td><td>Tr\u1ecdng l\u01b0\u1ee3ng (kg)<\/td><\/tr><tr><td>D\u00f2ng Kt-2 Series (C\u01a1 b\u1ea3n)<\/td><td><strong>M\u1eabu c\u01a1 b\u1ea3n<\/strong><\/td><td>70*60*130<\/td><td>50-100kg\/gi\u1edd<\/td><td>380V 50HZ<\/td><td>0.4KW<\/td><td>0.37KW<\/td><td>&#8211;<\/td><td>&#8211;<\/td><\/tr><tr><td>Kt-2 Series (k\u00e8m Cyclone)<\/td><td><strong>V\u1edbi B\u1ed9 t\u00e1ch Cyclone<\/strong><\/td><td>100*100*130<\/td><td>50-100kg\/gi\u1edd<\/td><td>380V 50HZ<\/td><td>0.4KW<\/td><td>0.37KW<\/td><td>&#8211;<\/td><td>&#8211;<\/td><\/tr><tr><td>Kt-2 Type Peel &amp; Kernel Separator<\/td><td><strong>G\u1ecdt v\u1ecf &amp; Ph\u1ea7n l\u00f5i<\/strong><\/td><td>120*110*120<\/td><td>200kg\/gi\u1edd<\/td><td>380V<\/td><td>0,75KW<\/td><td>0,55KW<\/td><td>&gt;98%<\/td><td>140<\/td><\/tr><tr><td>Kt-4 Type<\/td><td><strong>Lo\u1ea1i Kt-4<\/strong><\/td><td>140*60*130<\/td><td>100KG\/H<\/td><td>380V<\/td><td>0,75KW<\/td><td>1.1KW<\/td><td>&gt;99%<\/td><td>150<\/td><\/tr><tr><td>Kt-3 Type Peel, Screen &amp; Kernel Separator<\/td><td><strong>Lo\u1ea1i Kt-3<\/strong><\/td><td>160*70*140<\/td><td>300KG\/H<\/td><td>380V<\/td><td>0,75KW<\/td><td>1,5KW<\/td><td>&gt;99%<\/td><td>200<\/td><\/tr><tr><td>Kt-4 Type Advanced Peel, Screen &amp; Kernel Separator<\/td><td><strong>Lo\u1ea1i N\u00e2ng cao Kt-4<\/strong><\/td><td>160*100*140<\/td><td>400-500KG\/H<\/td><td>380V<\/td><td>1.1KW<\/td><td>2.2KW<\/td><td>&gt;99%<\/td><td>280<\/td><\/tr><tr><td>Lo\u1ea1i HB-2 L\u1ecd peeler xo\u1eafn<\/td><td><strong>G\u1ecdt v\u1ecf xo\u1eafn<\/strong><\/td><td>1900*1000*1400<\/td><td>1000kg\/gi\u1edd<\/td><td>380V 50HZ<\/td><td>4.4KW (\u0111\u1ed9ng c\u01a1 t\u1ed1c \u0111\u1ed9 c\u00f3 th\u1ec3 \u0111i\u1ec1u ch\u1ec9nh)<\/td><td>2.2KW<\/td><td>&#8211;<\/td><td>300<\/td><\/tr><\/tbody><\/table><figcaption class=\"wp-element-caption\">Th\u00f4ng s\u1ed1 m\u00e1y t\u00e1ch v\u1ecf \u0111\u1eadu cacao<\/figcaption><\/figure>    <h2 class=\"wp-block-heading\">M\u1eb9o s\u1eed d\u1ee5ng m\u00e1y t\u00e1ch v\u1ecf h\u1ea1t cacao<\/h2>    <div class=\"wp-block-media-text is-stacked-on-mobile\"><figure class=\"wp-block-media-text__media\"><img loading=\"lazy\" decoding=\"async\" width=\"720\" height=\"540\" src=\"https:\/\/topfoodmachine.com\/wp-content\/uploads\/2025\/09\/Cocoa-bean-sheller-machine-structure.webp\" alt=\"M\u00e1y xay v\u1ecf \u0111\u1eadu cacao\" class=\"wp-image-2017 size-full\" srcset=\"https:\/\/topfoodmachine.com\/wp-content\/uploads\/2025\/09\/Cocoa-bean-sheller-machine-structure.webp 720w, https:\/\/topfoodmachine.com\/wp-content\/uploads\/2025\/09\/Cocoa-bean-sheller-machine-structure-300x225.webp 300w, https:\/\/topfoodmachine.com\/wp-content\/uploads\/2025\/09\/Cocoa-bean-sheller-machine-structure-16x12.webp 16w\" sizes=\"auto, (max-width: 720px) 100vw, 720px\" \/><\/figure><div class=\"wp-block-media-text__content\"> <ul class=\"wp-block-list\"> <li>\u0110\u1eb7t m\u00e1y \u1edf m\u1eb7t ph\u1eb3ng, b\u1ec1n v\u1eefng.<\/li>    <li>\u0110\u1ea3m b\u1ea3o th\u00f4ng gi\u00f3 ph\u00f9 h\u1ee3p \u0111\u1ec3 ng\u0103n qu\u00e1 nhi\u1ec7t motor.<\/li>    <li>Ki\u1ec3m tra t\u1ea5t c\u1ea3 c\u00e1c b\u1ed9 ph\u1eadn, l\u01b0\u1ee1i v\u00e0 bu l\u00f4ng tr\u01b0\u1edbc khi v\u1eadn h\u00e0nh.<\/li>    <li>Tr\u00e1nh qu\u00e1 t\u1ea3i \u0111\u1eadu \u0111\u1ec3 prevent t\u1eafc ngh\u1ebdn.<\/li> <\/ul> <\/div><\/div>    <div class=\"wp-block-media-text has-media-on-the-right is-stacked-on-mobile\"><div class=\"wp-block-media-text__content\"> <ul class=\"wp-block-list\"> <li>\u0110eo g\u0103ng b\u1ea3o h\u1ed9 v\u00e0 tr\u00e1nh ch\u1ea1m v\u00e0o c\u00e1c b\u1ed9 ph\u1eadn chuy\u1ec3n \u0111\u1ed9ng.<\/li>    <li>L\u00e0m s\u1ea1ch v\u1ecf \u0111\u1eadu v\u00e0 b\u1ee5i \u0111\u1ecbnh k\u1ef3.<\/li>    <li>Th\u1ef1c hi\u1ec7n b\u1ea3o tr\u00ec \u0111\u1ecbnh k\u1ef3 c\u00e1c b\u1ed9 ph\u1eadn ch\u1ecbu m wear.<\/li>    <li>Lu\u00f4n t\u1eaft ngu\u1ed3n tr\u01b0\u1edbc khi v\u1ec7 sinh ho\u1eb7c \u0111i\u1ec1u ch\u1ec9nh.<\/li> <\/ul> <\/div><figure class=\"wp-block-media-text__media\"><img loading=\"lazy\" decoding=\"async\" width=\"720\" height=\"540\" src=\"https:\/\/topfoodmachine.com\/wp-content\/uploads\/2025\/09\/effective-Cocoa-bean-sheller-machine.webp\" alt=\"m\u00e1y t\u00e1ch v\u1ecf \u0111\u1eadu cacao hi\u1ec7u qu\u1ea3\" class=\"wp-image-2018 size-full\" srcset=\"https:\/\/topfoodmachine.com\/wp-content\/uploads\/2025\/09\/effective-Cocoa-bean-sheller-machine.webp 720w, https:\/\/topfoodmachine.com\/wp-content\/uploads\/2025\/09\/effective-Cocoa-bean-sheller-machine-300x225.webp 300w, https:\/\/topfoodmachine.com\/wp-content\/uploads\/2025\/09\/effective-Cocoa-bean-sheller-machine-16x12.webp 16w\" sizes=\"auto, (max-width: 720px) 100vw, 720px\" \/><\/figure><\/div>    <h2 class=\"wp-block-heading\">Ph\u1ea7n k\u1ebft lu\u1eadn<\/h2>    <p class=\"translation-block\">M\u00e1y <a href=\"https:\/\/en.wikipedia.org\/wiki\/Cocoa_bean\" data-type=\"link\" data-id=\"https:\/\/en.wikipedia.org\/wiki\/Cocoa_bean\" target=\"_blank\" rel=\"noopener\">h\u1ea1t cacao<\/a> l\u00e0 gi\u1ea3i ph\u00e1p ho\u00e0n h\u1ea3o \u0111\u1ec3 s\u1ea3n xu\u1ea5t h\u1ea1t cacao s\u1ea1ch, ch\u1ea5t l\u01b0\u1ee3ng cao v\u1edbi t\u1ed1i thi\u1ec3u ch\u1ea5t th\u1ea3i, l\u00e0 l\u1ef1a ch\u1ecdn l\u00fd t\u01b0\u1edfng cho c\u1ea3 quy m\u00f4 nh\u1ecf v\u00e0 v\u1eadn h\u00e0nh ch\u1ebf bi\u1ebfn cacao c\u00f4ng nghi\u1ec7p. <\/p>    <p class=\"translation-block\">Ngo\u00e0i ra, c\u00f4ng ty ch\u00fang t\u00f4i cung c\u1ea5p \u0111\u1ea7y \u0111\u1ee7 <a href=\"https:\/\/topfoodmachine.com\/vi\/products\/nuts-processing-machine\/\" data-type=\"link\" data-id=\"https:\/\/topfoodmachine.com\/products\/nuts-processing-machine\/\">m\u00e1y m\u00f3c ch\u1ebf bi\u1ebfn h\u1ea1t<\/a>, v\u00e0 ch\u00fang t\u00f4i m\u1eddi b\u1ea1n xem s\u1ea3n ph\u1ea9m v\u00e0 y\u00eau c\u1ea7u b\u00e1o gi\u00e1.<\/p>","protected":false},"excerpt":{"rendered":"<p>M\u00e1y t\u00e1ch v\u1ecf \u0111\u1eadu cacao \u0111\u01b0\u1ee3c s\u1eed d\u1ee5ng ch\u1ee7 y\u1ebfu \u0111\u1ec3 nghi\u1ec1n, b\u00f3c v\u1ecf v\u00e0 ph\u00e2n lo\u1ea1i h\u1ea1t kh\u1ecfi v\u1ecf.<\/p>","protected":false},"author":1,"featured_media":2021,"parent":0,"template":"","tags":[129],"product-type":[5],"class_list":["post-2010","product","type-product","status-publish","has-post-thumbnail","hentry","tag-cocoa-bean-sheller-machine","product-type-nuts-processing-machine"],"_links":{"self":[{"href":"https:\/\/topfoodmachine.com\/vi\/wp-json\/wp\/v2\/product\/2010","targetHints":{"allow":["GET"]}}],"collection":[{"href":"https:\/\/topfoodmachine.com\/vi\/wp-json\/wp\/v2\/product"}],"about":[{"href":"https:\/\/topfoodmachine.com\/vi\/wp-json\/wp\/v2\/types\/product"}],"author":[{"embeddable":true,"href":"https:\/\/topfoodmachine.com\/vi\/wp-json\/wp\/v2\/users\/1"}],"wp:featuredmedia":[{"embeddable":true,"href":"https:\/\/topfoodmachine.com\/vi\/wp-json\/wp\/v2\/media\/2021"}],"wp:attachment":[{"href":"https:\/\/topfoodmachine.com\/vi\/wp-json\/wp\/v2\/media?parent=2010"}],"wp:term":[{"taxonomy":"post_tag","embeddable":true,"href":"https:\/\/topfoodmachine.com\/vi\/wp-json\/wp\/v2\/tags?post=2010"},{"taxonomy":"product-type","embeddable":true,"href":"https:\/\/topfoodmachine.com\/vi\/wp-json\/wp\/v2\/product-type?post=2010"}],"curies":[{"name":"wp","href":"https:\/\/api.w.org\/{rel}","templated":true}]}}