{"id":197,"date":"2022-07-22T09:18:18","date_gmt":"2022-07-22T09:18:18","guid":{"rendered":"https:\/\/topfoodmachine.com\/?post_type=product&#038;p=197"},"modified":"2023-06-14T14:57:19","modified_gmt":"2023-06-14T06:57:19","slug":"french-fries-production-lines","status":"publish","type":"product","link":"https:\/\/topfoodmachine.com\/vi\/product\/french-fries-production-lines\/","title":{"rendered":"D\u00e2y chuy\u1ec1n s\u1ea3n xu\u1ea5t khoai t\u00e2y chi\u00ean ki\u1ec3u Ph\u00e1p"},"content":{"rendered":"<div class=\"kk-star-ratings kksr-auto kksr-align-left kksr-valign-top\"     data-payload='{&quot;align&quot;:&quot;left&quot;,&quot;id&quot;:&quot;197&quot;,&quot;slug&quot;:&quot;default&quot;,&quot;valign&quot;:&quot;top&quot;,&quot;ignore&quot;:&quot;&quot;,&quot;reference&quot;:&quot;auto&quot;,&quot;class&quot;:&quot;&quot;,&quot;count&quot;:&quot;17&quot;,&quot;legendonly&quot;:&quot;&quot;,&quot;readonly&quot;:&quot;&quot;,&quot;score&quot;:&quot;4.9&quot;,&quot;starsonly&quot;:&quot;&quot;,&quot;best&quot;:&quot;5&quot;,&quot;gap&quot;:&quot;5&quot;,&quot;greet&quot;:&quot;Rate this product&quot;,&quot;legend&quot;:&quot;4.9\\\/5 - (17 b\u00ecnh ch\u1ecdn)&quot;,&quot;size&quot;:&quot;24&quot;,&quot;title&quot;:&quot;French Fries Production Line&quot;,&quot;width&quot;:&quot;139.6&quot;,&quot;_legend&quot;:&quot;{score}\\\/{best} - ({count} {votes})&quot;,&quot;font_factor&quot;:&quot;1.25&quot;}'>              <div class=\"kksr-stars\">      <div class=\"kksr-stars-inactive\">             <div class=\"kksr-star\" data-star=\"1\" style=\"padding-right: 5px\">               <div class=\"kksr-icon\" style=\"width: 24px; height: 24px;\"><\/div>         <\/div>             <div class=\"kksr-star\" data-star=\"2\" style=\"padding-right: 5px\">               <div class=\"kksr-icon\" style=\"width: 24px; height: 24px;\"><\/div>         <\/div>             <div class=\"kksr-star\" data-star=\"3\" style=\"padding-right: 5px\">               <div class=\"kksr-icon\" style=\"width: 24px; height: 24px;\"><\/div>         <\/div>             <div class=\"kksr-star\" data-star=\"4\" style=\"padding-right: 5px\">               <div class=\"kksr-icon\" style=\"width: 24px; height: 24px;\"><\/div>         <\/div>             <div class=\"kksr-star\" data-star=\"5\" style=\"padding-right: 5px\">               <div class=\"kksr-icon\" style=\"width: 24px; height: 24px;\"><\/div>         <\/div>     <\/div>      <div class=\"kksr-stars-active\" style=\"width: 139.6px;\">             <div class=\"kksr-star\" style=\"padding-right: 5px\">               <div class=\"kksr-icon\" style=\"width: 24px; height: 24px;\"><\/div>         <\/div>             <div class=\"kksr-star\" style=\"padding-right: 5px\">               <div class=\"kksr-icon\" style=\"width: 24px; height: 24px;\"><\/div>         <\/div>             <div class=\"kksr-star\" style=\"padding-right: 5px\">               <div class=\"kksr-icon\" style=\"width: 24px; height: 24px;\"><\/div>         <\/div>             <div class=\"kksr-star\" style=\"padding-right: 5px\">               <div class=\"kksr-icon\" style=\"width: 24px; height: 24px;\"><\/div>         <\/div>             <div class=\"kksr-star\" style=\"padding-right: 5px\">               <div class=\"kksr-icon\" style=\"width: 24px; height: 24px;\"><\/div>         <\/div>     <\/div> <\/div>                   <div class=\"kksr-legend\" style=\"font-size: 19.2px;\">             4.9\/5 - (17 l\u01b0\u1ee3t b\u00ecnh ch\u1ecdn)    <\/div>     <\/div>  <p class=\"translation-block\"><strong>D\u00e2y chuy\u1ec1n s\u1ea3n xu\u1ea5t khoai t\u00e2y chi\u00ean<\/strong> \u0111\u01b0\u1ee3c thi\u1ebft k\u1ebf \u0111\u1ec3 s\u1ea3n xu\u1ea5t khoai t\u00e2y chi\u00ean \u0111\u00f4ng l\u1ea1nh m\u1ed9t c\u00e1ch t\u1ef1 \u0111\u1ed9ng v\u00e0 hi\u1ec7u qu\u1ea3. V\u1edbi v\u1eadt li\u1ec7u b\u1ec1n v\u00e0 \u0111\u1ea1t ti\u00eau chu\u1ea9n th\u1ef1c ph\u1ea9m, thi\u1ebft k\u1ebf h\u1ee3p l\u00fd v\u00e0 c\u1ea5u tr\u00fac tuy\u1ec7t v\u1eddi, <strong>d\u00e2y chuy\u1ec1n s\u1ea3n xu\u1ea5t khoai t\u00e2y chi\u00ean<\/strong> c\u00f3 hi\u1ec7u su\u1ea5t t\u1ed1t, hi\u1ec7u su\u1ea5t s\u1ea3n xu\u1ea5t cao v\u00e0 d\u1ec5 v\u1eadn h\u00e0nh. L\u00e0 m\u1ed9t nh\u00e0 cung c\u1ea5p m\u00e1y l\u00e0m khoai t\u00e2y chi\u00ean n\u1ed5i ti\u1ebfng, c\u00f3 <strong>d\u00e2y chuy\u1ec1n s\u1ea3n xu\u1ea5t khoai t\u00e2y chi\u00ean b\u00e1n t\u1ef1 \u0111\u1ed9ng<\/strong> v\u00e0 <strong>d\u00e2y chuy\u1ec1n s\u1ea3n xu\u1ea5t khoai t\u00e2y chi\u00ean \u0111\u00f4ng l\u1ea1nh ho\u00e0n to\u00e0n t\u1ef1 \u0111\u1ed9ng<\/strong> c\u00f3 s\u1eb5n t\u1eeb nh\u00e0 m\u00e1y c\u1ee7a ch\u00fang t\u00f4i. C\u00f4ng su\u1ea5t c\u1ee7a ch\u00fang t\u1eeb 50kg\/h \u0111\u1ebfn 1000kg\/h. <\/p>    <p>V\u00e0 ch\u00fang t\u00f4i h\u1ed7 tr\u1ee3 d\u1ecbch v\u1ee5 t\u00f9y ch\u1ec9nh m\u1ea1nh m\u1ebd \u0111\u1ec3 \u0111\u00e1p \u1ee9ng ho\u00e0n to\u00e0n nhu c\u1ea7u c\u1ee7a b\u1ea1n. N\u1ebfu quan t\u00e2m \u0111\u1ebfn d\u00f2ng khoai t\u00e2y chi\u00ean n\u00e0y, h\u00e3y g\u1eedi email cho ch\u00fang t\u00f4i ho\u1eb7c \u0111\u1ec3 l\u1ea1i y\u00eau c\u1ea7u c\u1ee7a b\u1ea1n ngay h\u00f4m nay \u0111\u1ec3 bi\u1ebft th\u00eam th\u00f4ng tin.<\/p>    <h2 class=\"wp-block-heading\">Gi\u1edbi thi\u1ec7u d\u00e2y chuy\u1ec1n ch\u1ebf bi\u1ebfn khoai t\u00e2y chi\u00ean \u0111\u00f4ng l\u1ea1nh Taizy<\/h2>    <p>D\u00e2y chuy\u1ec1n s\u1ea3n xu\u1ea5t khoai t\u00e2y chi\u00ean \u0111\u00f4ng l\u1ea1nh ho\u1eb7c d\u00e2y chuy\u1ec1n ch\u1ebf bi\u1ebfn khoai t\u00e2y chi\u00ean ki\u1ec3u Ph\u00e1p l\u00e0 thi\u1ebft b\u1ecb l\u00e0m khoai t\u00e2y chi\u00ean hi\u1ec7u qu\u1ea3 cao. N\u00f3 c\u00f3 th\u1ec3 gi\u00fap s\u1ea3n xu\u1ea5t khoai t\u00e2y chi\u00ean \u0111\u00f4ng l\u1ea1nh th\u01a1m ngon li\u00ean t\u1ee5c v\u00e0 t\u1ef1 \u0111\u1ed9ng. Nh\u01b0 ch\u00fang ta \u0111\u00e3 bi\u1ebft, khoai t\u00e2y chi\u00ean r\u1ea5t \u0111\u01b0\u1ee3c \u01b0a chu\u1ed9ng tr\u00ean to\u00e0n th\u1ebf gi\u1edbi. V\u00e0 m\u1ed9t chi\u1ebfc m\u00e1y l\u00e0m khoai t\u00e2y chi\u00ean tuy\u1ec7t v\u1eddi c\u00f3 th\u1ec3 l\u00e0m cho m\u00f3n khoai t\u00e2y chi\u00ean tr\u1edf n\u00ean h\u1ea5p d\u1eabn h\u01a1n \u0111\u1ed1i v\u1edbi kh\u00e1ch h\u00e0ng. Do \u0111\u00f3, n\u00f3 c\u00f3 th\u1ec3 mang l\u1ea1i nhi\u1ec1u l\u1ee3i \u00edch h\u01a1n cho vi\u1ec7c kinh doanh khoai t\u00e2y chi\u00ean \u0111\u00f4ng l\u1ea1nh c\u1ee7a b\u1ea1n.<\/p>    <figure class=\"wp-block-image size-full\"><img loading=\"lazy\" decoding=\"async\" width=\"1050\" height=\"591\" src=\"https:\/\/topfoodmachine.com\/wp-content\/uploads\/2022\/07\/fully-automatic-french-fries-making-line.jpg\" alt=\"d\u00e2y chuy\u1ec1n s\u1ea3n xu\u1ea5t khoai t\u00e2y chi\u00ean ho\u00e0n to\u00e0n t\u1ef1 \u0111\u1ed9ng\" class=\"wp-image-201\" srcset=\"https:\/\/topfoodmachine.com\/wp-content\/uploads\/2022\/07\/fully-automatic-french-fries-making-line.jpg 1050w, https:\/\/topfoodmachine.com\/wp-content\/uploads\/2022\/07\/fully-automatic-french-fries-making-line-300x169.jpg 300w, https:\/\/topfoodmachine.com\/wp-content\/uploads\/2022\/07\/fully-automatic-french-fries-making-line-1024x576.jpg 1024w, https:\/\/topfoodmachine.com\/wp-content\/uploads\/2022\/07\/fully-automatic-french-fries-making-line-768x432.jpg 768w\" sizes=\"auto, (max-width: 1050px) 100vw, 1050px\" \/><figcaption class=\"wp-element-caption\">d\u00e2y chuy\u1ec1n s\u1ea3n xu\u1ea5t khoai t\u00e2y chi\u00ean ho\u00e0n to\u00e0n t\u1ef1 \u0111\u1ed9ng<\/figcaption><\/figure>    <p class=\"translation-block\"><strong>Nguy\u00ean li\u1ec7u:<\/strong> khoai t\u00e2y t\u01b0\u01a1i, khoai lang, s\u1eafn, chu\u1ed1i, v\u00e0 nhi\u1ec1u h\u01a1n n\u1eefa.<\/p>    <p><strong>C\u00f4ng su\u1ea5t m\u00e1y l\u00e0m khoai t\u00e2y chi\u00ean Taizy:<\/strong><\/p>    <p class=\"translation-block\"><strong>D\u00e2y chuy\u1ec1n s\u1ea3n xu\u1ea5t khoai t\u00e2y chi\u00ean b\u00e1n t\u1ef1 \u0111\u1ed9ng:<\/strong> 50kg\/h,100kg\/h,150kg\/h,200kg\/h;<\/p>    <p class=\"translation-block\"><strong>D\u00e2y chuy\u1ec1n s\u1ea3n xu\u1ea5t khoai t\u00e2y chi\u00ean \u0111\u00f4ng l\u1ea1nh ho\u00e0n to\u00e0n t\u1ef1 \u0111\u1ed9ng:<\/strong> 200kg\/h.300kg\/h,500kg\/h,800kg\/h,1000kg\/h;<\/p>    <h2 class=\"wp-block-heading\">S\u01a1 \u0111\u1ed3 d\u00e2y chuy\u1ec1n s\u1ea3n xu\u1ea5t khoai t\u00e2y chi\u00ean \u0111\u00f4ng l\u1ea1nh t\u1ef1 \u0111\u1ed9ng<\/h2>    <p><strong>Khoai t\u00e2y \u2192 g\u1ecdt v\u1ecf \u2192 c\u1eaft \u2192 ch\u1ea7n \u2192 rung \u0111\u1ec3 r\u00e1o \u2192 chi\u00ean \u2192 rung \u0111\u1ec3 r\u00e1o d\u1ea7u \u2192 \u00a0\u0111\u00f4ng l\u1ea1nh nhanh \u2192 \u0111\u00f3ng g\u00f3i khoai t\u00e2y chi\u00ean \u0111\u00f4ng l\u1ea1nh.<\/strong><\/p>    <h2 class=\"wp-block-heading\">T\u00ednh n\u0103ng ho\u1ea1t \u0111\u1ed9ng c\u1ee7a d\u00e2y chuy\u1ec1n ch\u1ebf bi\u1ebfn khoai t\u00e2y chi\u00ean Taizy<\/h2>    <ol class=\"wp-block-list\" type=\"1\"> <li>C\u00f4ng su\u1ea5t c\u1ee7a d\u00e2y chuy\u1ec1n s\u1ea3n xu\u1ea5t khoai t\u00e2y chi\u00ean Taizy l\u00e0 50kg\/h \u0111\u1ebfn 1000kg\/h<\/li>    <li>Quy tr\u00ecnh ch\u1ebf bi\u1ebfn khoai t\u00e2y chi\u00ean \u0111\u00f4ng l\u1ea1nh c\u00f3 th\u1ec3 \u0111\u01b0\u1ee3c t\u00f9y ch\u1ec9nh, c\u00f3 s\u1eb5n c\u00e1c lo\u1ea1i b\u00e1n t\u1ef1 \u0111\u1ed9ng ho\u1eb7c ho\u00e0n to\u00e0n t\u1ef1 \u0111\u1ed9ng<\/li>    <li>C\u1ea5u tr\u00fac v\u1eadt li\u1ec7u th\u00e9p kh\u00f4ng g\u1ec9 304 \u0111\u1ea7y \u0111\u1ee7, b\u1ec1n v\u00e0 \u0111\u1ea3m b\u1ea3o hi\u1ec7u su\u1ea5t t\u1ed1t<\/li>    <li>C\u00f3 th\u1ec3 \u0111i\u1ec1u ch\u1ec9nh chi\u1ec1u cao, chi\u1ec1u d\u00e0i v\u00e0 chi\u1ec1u r\u1ed9ng c\u1ee7a khoai t\u00e2y chi\u00ean<\/li>    <li>B\u1eb1ng c\u00e1ch thay th\u1ebf m\u1ed9t s\u1ed1 b\u1ed9 ph\u1eadn m\u00e1y, d\u00e2y chuy\u1ec1n s\u1ea3n xu\u1ea5t khoai t\u00e2y chi\u00ean n\u00e0y c\u0169ng c\u00f3 th\u1ec3 l\u00e0m khoai t\u00e2y chi\u00ean<\/li>    <li>D\u00e2y chuy\u1ec1n khoai t\u00e2y chi\u00ean n\u00e0y c\u00f3 \u01b0u \u0111i\u1ec3m l\u00e0 c\u00f4ng su\u1ea5t cao, s\u1ea3n l\u01b0\u1ee3ng l\u1edbn, m\u1ee9c \u0111\u1ed9 t\u1ef1 \u0111\u1ed9ng h\u00f3a cao<\/li> <\/ol>    <h2 class=\"wp-block-heading\">Video ho\u1ea1t \u0111\u1ed9ng c\u1ee7a d\u00e2y chuy\u1ec1n s\u1ea3n xu\u1ea5t khoai t\u00e2y chi\u00ean \u0111\u00f4ng l\u1ea1nh ho\u00e0n to\u00e0n t\u1ef1 \u0111\u1ed9ng<\/h2>    <figure class=\"wp-block-embed is-type-video is-provider-youtube wp-block-embed-youtube wp-embed-aspect-16-9 wp-has-aspect-ratio\"><div class=\"wp-block-embed__wrapper\"> <iframe loading=\"lazy\" title=\"D\u00e2y chuy\u1ec1n s\u1ea3n xu\u1ea5t khoai t\u00e2y chi\u00ean \u0111\u00f4ng l\u1ea1nh (500kg\/h-1000kg\/h) | Nh\u00e0 m\u00e1y khoai t\u00e2y chi\u00ean li\u00ean t\u1ee5c v\u00e0o n\u0103m 2021\" width=\"500\" height=\"281\" src=\"https:\/\/www.youtube.com\/embed\/JTd9SlyCaQs?feature=oembed\" frameborder=\"0\" allow=\"accelerometer; autoplay; clipboard-write; encrypted-media; gyroscope; picture-in-picture; web-share\" referrerpolicy=\"strict-origin-when-cross-origin\" allowfullscreen><\/iframe> <\/div><\/figure>    <h2 class=\"wp-block-heading\">Quy tr\u00ecnh s\u1ea3n xu\u1ea5t khoai t\u00e2y chi\u00ean ki\u1ec3u Ph\u00e1p l\u00e0 g\u00ec?<\/h2>    <h3 class=\"wp-block-heading\">1. M\u00e1y r\u1eeda v\u00e0 g\u1ecdt v\u1ecf khoai t\u00e2y (potato wash &amp; peel)<\/h3>    <p class=\"translation-block\">B\u01b0\u1edbc \u0111\u1ea7u ti\u00ean trong vi\u1ec7c ch\u1ebf bi\u1ebfn khoai t\u00e2y l\u00e0 l\u00e0m s\u1ea1ch v\u00e0 g\u1ecdt v\u1ecf ch\u00fang. <a href=\"https:\/\/topfoodmachine.com\/vi\/product\/fruit-and-vegetable-washing-machine\/\">M\u00e1y r\u1eeda khoai t\u00e2y t\u1ef1 \u0111\u1ed9ng<\/a> ph\u1ed5 bi\u1ebfn l\u00e0 m\u1ed9t lo\u1ea1i m\u00e1y r\u1eeda b\u1eb1ng b\u00e0n ch\u1ea3i c\u00f3 th\u1ec3 l\u00e0m s\u1ea1ch v\u00e0 g\u1ecdt v\u1ecf khoai t\u00e2y nhanh ch\u00f3ng v\u00e0 hi\u1ec7u qu\u1ea3. \u0110\u1eb7t khoai t\u00e2y \u0111\u00e3 ch\u1ecdn (c\u00f3 kho\u1ea3ng 75% \u0111\u1ed9 \u1ea9m) v\u00e0o bu\u1ed3ng r\u1eeda c\u1ee7a m\u00e1y n\u00e0y, sau \u0111\u00f3 b\u1eadt c\u00f4ng t\u1eafc b\u01a1m n\u01b0\u1edbc. B\u00e0n ch\u1ea3i r\u1eeda \u0111\u01b0\u1ee3c l\u00e0m t\u1eeb v\u1eadt li\u1ec7u nylon th\u1ef1c ph\u1ea9m \u0111\u1eb7c bi\u1ec7t, c\u00f3 th\u1ec3 lo\u1ea1i b\u1ecf b\u1ee5i b\u1ea9n v\u00e0 c\u00e1t tr\u00ean b\u1ec1 m\u1eb7t khoai t\u00e2y v\u00e0 lo\u1ea1i b\u1ecf th\u00eam v\u1ecf khoai t\u00e2y. M\u00e1y n\u00e0y r\u1eeda m\u1ed9t m\u1ebb trong kho\u1ea3ng 2-3 ph\u00fat v\u1edbi kho\u1ea3ng 40kg. T\u1ef7 l\u1ec7 g\u1ecdt v\u1ecf khoai t\u00e2y c\u00f3 th\u1ec3 \u0111\u1ea1t kho\u1ea3ng 95%, t\u1ef7 l\u1ec7 m\u1ea5t m\u00e1t v\u1ecf khoai t\u00e2y \u00edt h\u01a1n 3%.<\/p>    <h3 class=\"wp-block-heading\">2. M\u00e1y c\u1eaft l\u00e1t khoai t\u00e2y<\/h3>    <p>M\u00e1y c\u1eaft khoai t\u00e2y l\u00e0 m\u1ed9t m\u00e1y ch\u1ebf bi\u1ebfn khoai t\u00e2y chi\u00ean t\u1ef1 \u0111\u1ed9ng quan tr\u1ecdng c\u1ee7a Ph\u00e1p, c\u00f3 th\u1ec3 c\u1eaft khoai t\u00e2y th\u00e0nh d\u1ea3i v\u00e0 l\u00e1t m\u1ecfng. \u0110\u1ec3 l\u00e0m m\u00f3n khoai t\u00e2y chi\u00ean, ch\u00fang ta c\u00f3 th\u1ec3 thay \u0111\u1ed5i l\u01b0\u1ee1i dao c\u1ee7a m\u00e1y th\u00e1i khoai t\u00e2y n\u00e0y th\u00e0nh nh\u1eefng d\u1ea3i khoai t\u00e2y. K\u00edch th\u01b0\u1edbc th\u1ef1c t\u1ebf c\u1ee7a d\u1ea3i khoai t\u00e2y c\u00f3 th\u1ec3 \u0111\u01b0\u1ee3c \u0111\u1eb7t tr\u01b0\u1edbc khi c\u1eaft. Khoai t\u00e2y \u0111\u00e3 g\u1ecdt v\u1ecf \u0111\u01b0\u1ee3c \u0111\u1eb7t \u1edf l\u1ed1i v\u00e0o c\u1ee7a m\u00e1y v\u00e0 sau \u0111\u00f3 c\u00e1c thanh khoai t\u00e2y \u0111\u01b0\u1ee3c t\u1ea1o th\u00e0nh d\u01b0\u1edbi c\u00e1c l\u01b0\u1ee1i quay b\u00ean trong c\u1ee7a m\u00e1y v\u1edbi t\u1ed1c \u0111\u1ed9 cao. C\u00e1c d\u1ea3i khoai t\u00e2y cu\u1ed1i c\u00f9ng c\u00f3 k\u00edch th\u01b0\u1edbc \u0111\u1ed3ng \u0111\u1ec1u.<\/p>    <h3 class=\"wp-block-heading\">3. M\u00e1y ch\u1ea7n khoai t\u00e2y d\u1ea1ng d\u1ea3i<\/h3>    <p>M\u00e1y scalding v\u00e0 t\u1ea9y tr\u1eafng khoai t\u00e2y ch\u1ee7 y\u1ebfu \u0111\u01b0\u1ee3c s\u1eed d\u1ee5ng \u0111\u1ec3 lo\u1ea1i b\u1ecf tinh b\u1ed9t d\u01b0 th\u1eeba tr\u00ean b\u1ec1 m\u1eb7t c\u1ee7a c\u00e1c thanh khoai t\u00e2y v\u00e0 ng\u0103n ch\u1eb7n s\u1ef1 oxy h\u00f3a v\u00e0 \u0111\u1ed5i m\u00e0u c\u1ee7a c\u00e1c thanh khoai t\u00e2y. M\u00e1y n\u00e0y c\u00f3 th\u1ec3 \u0111\u01b0\u1ee3c t\u00f9y ch\u1ec9nh v\u1edbi ph\u01b0\u01a1ng ph\u00e1p gia nhi\u1ec7t b\u1eb1ng \u0111i\u1ec7n v\u00e0 ph\u01b0\u01a1ng ph\u00e1p gia nhi\u1ec7t b\u1eb1ng kh\u00ed h\u00f3a l\u1ecfng theo y\u00eau c\u1ea7u c\u1ee7a kh\u00e1ch h\u00e0ng. V\u00e0 d\u00e2y chuy\u1ec1n ch\u1ebf bi\u1ebfn khoai t\u00e2y chi\u00ean n\u00e0y c\u00f3 th\u1ec3 \u0111\u01b0\u1ee3c thi\u1ebft k\u1ebf th\u00e0nh nhi\u1ec1u h\u1ed9p ch\u1ebf bi\u1ebfn. \u0110\u1eb7t c\u00e1c thanh khoai t\u00e2y t\u01b0\u01a1i v\u00e0o ph\u00f2ng r\u1eeda \u1edf kho\u1ea3ng 90\u2103 trong kho\u1ea3ng 0,5-1 ph\u00fat, v\u00e0 l\u1ea5y h\u1ed9p l\u1ecdc b\u00ean trong ra \u0111\u1ec3 tho\u00e1t n\u01b0\u1edbc.<\/p>    <h3 class=\"wp-block-heading\">4. M\u00e1y kh\u1eed n\u01b0\u1edbc d\u1ea3i khoai t\u00e2y<\/h3>    <p>Tr\u01b0\u1edbc khi chi\u00ean, nh\u1eefng d\u1ea3i khoai t\u00e2y ch\u1ea7n n\u00e0y ph\u1ea3i \u0111\u01b0\u1ee3c kh\u1eed n\u01b0\u1edbc. M\u1ee5c \u0111\u00edch ch\u00ednh c\u1ee7a qu\u00e1 tr\u00ecnh kh\u1eed n\u01b0\u1edbc l\u00e0 lo\u1ea1i b\u1ecf nh\u1eefng gi\u1ecdt n\u01b0\u1edbc d\u01b0 th\u1eeba tr\u00ean b\u1ec1 m\u1eb7t que khoai t\u00e2y cho b\u01b0\u1edbc chi\u00ean ti\u1ebfp theo. M\u00e1y kh\u1eed n\u01b0\u1edbc khoai t\u00e2y n\u00e0y trong d\u00e2y chuy\u1ec1n s\u1ea3n xu\u1ea5t khoai t\u00e2y chi\u00ean ki\u1ec3u Ph\u00e1p bao g\u1ed3m m\u1ed9t \u0111\u1ed9ng c\u01a1 v\u00e0 m\u1ed9t tr\u1ed1ng quay gi\u00fap lo\u1ea1i b\u1ecf n\u01b0\u1edbc trong qu\u00e1 tr\u00ecnh quay t\u1ed1c \u0111\u1ed9 cao.<\/p>    <h3 class=\"wp-block-heading\">5. M\u00e1y chi\u00ean khoai t\u00e2y d\u1ea3i<\/h3>    <p>N\u1ed3i chi\u00ean khoai t\u00e2y chi\u00ean ki\u1ec3u Ph\u00e1p hay c\u00f2n g\u1ecdi l\u00e0 m\u00e1y chi\u00ean ki\u1ec3u Ph\u00e1p, ch\u1ee7 y\u1ebfu c\u00f3 th\u1ec3 chi\u00ean khoai t\u00e2y chi\u00ean ki\u1ec3u Ph\u00e1p ho\u1eb7c khoai t\u00e2y chi\u00ean. M\u00e1y chi\u00ean trong nh\u00e0 m\u00e1y c\u1ee7a ch\u00fang t\u00f4i c\u00f3 th\u1ec3 c\u00f3 nhi\u1ec1u m\u1eabu m\u00e3 kh\u00e1c nhau, ch\u1ee7 y\u1ebfu \u0111\u01b0\u1ee3c chia th\u00e0nh lo\u1ea1i t\u1ef1 \u0111\u1ed9ng c\u00f4ng su\u1ea5t l\u1edbn v\u00e0 lo\u1ea1i b\u00e1n t\u1ef1 \u0111\u1ed9ng nh\u1ecf. Tr\u01b0\u1edbc khi chi\u00ean khoai t\u00e2y chi\u00ean, d\u1ea7u \u0103n ph\u1ea3i \u0111\u01b0\u1ee3c l\u00e0m n\u00f3ng tr\u01b0\u1edbc \u0111\u1ec3 \u0111\u1ea1t nhi\u1ec7t \u0111\u1ed9 chi\u00ean kho\u1ea3ng 170oC. Sau \u0111\u00f3 cho c\u00e1c d\u1ea3i khoai t\u00e2y \u0111\u00e3 kh\u1eed n\u01b0\u1edbc v\u00e0o bu\u1ed3ng chi\u00ean v\u00e0 chi\u00ean kho\u1ea3ng 1-2 ph\u00fat \u0111\u1ec3 c\u00f3 m\u00e0u v\u00e0ng n\u00e2u. Sau \u0111\u00f3 n\u00e2ng khung b\u00ean trong l\u00ean cho qu\u00e1 tr\u00ecnh lo\u1ea1i b\u1ecf d\u1ea7u ti\u1ebfp theo.<\/p>    <h3 class=\"wp-block-heading\">6. M\u00e1y kh\u1eed d\u1ea7u khoai t\u00e2y chi\u00ean<\/h3>    <p>M\u00e1y kh\u1eed d\u1ea7u khoai t\u00e2y chi\u00ean ki\u1ec3u Ph\u00e1p l\u00e0 m\u1ed9t lo\u1ea1i thi\u1ebft b\u1ecb l\u00e0m khoai t\u00e2y chi\u00ean ki\u1ec3u Ph\u00e1p quan tr\u1ecdng kh\u00e1c trong d\u00e2y chuy\u1ec1n s\u1ea3n xu\u1ea5t khoai t\u00e2y chi\u00ean ki\u1ec3u Ph\u00e1p, c\u00f3 th\u1ec3 lo\u1ea1i b\u1ecf l\u01b0\u1ee3ng d\u1ea7u d\u01b0 th\u1eeba trong khoai t\u00e2y chi\u00ean ki\u1ec3u Ph\u00e1p. M\u00e1y n\u00e0y \u00e1p d\u1ee5ng nguy\u00ean l\u00fd lo\u1ea1i b\u1ecf d\u1ea7u ly t\u00e2m t\u1ed1c \u0111\u1ed9 cao v\u1edbi hi\u1ec7u qu\u1ea3 cao. Tr\u00ean th\u1ef1c t\u1ebf, chi\u1ebfc m\u00e1y t\u1ea9y d\u1ea7u m\u1ee1 khoai t\u00e2y chi\u00ean ki\u1ec3u Ph\u00e1p n\u00e0y c\u00f3 t\u00ednh linh ho\u1ea1t trong vi\u1ec7c kh\u1eed n\u01b0\u1edbc v\u00e0 t\u1ea9y d\u1ea7u m\u1ee1 trong quy tr\u00ecnh s\u1ea3n xu\u1ea5t khoai t\u00e2y chi\u00ean ki\u1ec3u Ph\u00e1p.<\/p>    <h3 class=\"wp-block-heading\">7. M\u00e1y t\u1ea1o h\u01b0\u01a1ng v\u1ecb khoai t\u00e2y chi\u00ean<\/h3>    <p>Lo\u1ea1i m\u00e1y n\u00eam khoai t\u00e2y chi\u00ean n\u00e0y c\u00f2n \u0111\u01b0\u1ee3c g\u1ecdi l\u00e0 m\u00e1y n\u00eam. N\u00f3 \u0111\u01b0\u1ee3c s\u1eed d\u1ee5ng r\u1ed9ng r\u00e3i trong c\u00e1c d\u00e2y chuy\u1ec1n ch\u1ebf bi\u1ebfn th\u1ef1c ph\u1ea9m kh\u00e1c nhau, ch\u1eb3ng h\u1ea1n nh\u01b0 d\u00e2y chuy\u1ec1n ch\u1ebf bi\u1ebfn khoai t\u00e2y chi\u00ean, d\u00e2y chuy\u1ec1n ch\u1ebf bi\u1ebfn khoai t\u00e2y chi\u00ean, v.v. N\u00f3 l\u00e0 m\u1ed9t trong nh\u1eefng m\u00e1y quan tr\u1ecdng trong m\u00e1y ch\u1ebf bi\u1ebfn khoai t\u00e2y chi\u00ean ki\u1ec3u Ph\u00e1p. M\u00e1y gia v\u1ecb n\u00e0y bao g\u1ed3m m\u00e1y tr\u1ed9n quay h\u00ecnh b\u00e1t gi\u00e1c v\u00e0 th\u00e2n khung. Khi s\u1eed d\u1ee5ng m\u00e1y tr\u1ed9n gia v\u1ecb n\u00e0y, khoai t\u00e2y chi\u00ean v\u00e0 c\u00e1c lo\u1ea1i gia v\u1ecb kh\u00e1c nhau \u0111\u01b0\u1ee3c cho v\u00e0o m\u00e1y tr\u1ed9n quay. Sau \u0111\u00f3, n\u00f3 \u0111\u01b0\u1ee3c khu\u1ea5y v\u00e0 quay li\u00ean t\u1ee5c b\u1eb1ng m\u00e1y tr\u1ed9n trong kho\u1ea3ng 2 ph\u00fat. Khoai t\u00e2y chi\u00ean th\u01a1m ngon cu\u1ed1i c\u00f9ng s\u1ebd \u0111\u01b0\u1ee3c th\u1ef1c hi\u1ec7n. M\u00e1y n\u00eam n\u00e0y c\u0169ng c\u00f3 nhi\u1ec1u m\u1eabu m\u00e3 kh\u00e1c nhau v\u1edbi c\u00f4ng su\u1ea5t l\u00e0m vi\u1ec7c kh\u00e1c nhau.<\/p>    <h3 class=\"wp-block-heading\">8. M\u00e1y \u0111\u00f3ng g\u00f3i khoai t\u00e2y chi\u00ean<\/h3>    <p class=\"translation-block\">\u0110\u1ed1i v\u1edbi vi\u1ec7c \u0111\u00f3ng g\u00f3i khoai t\u00e2y chi\u00ean, ch\u00fang t\u00f4i c\u00f3 th\u1ec3 cung c\u1ea5p nhi\u1ec1u lo\u1ea1i m\u00e1y \u0111\u00f3ng g\u00f3i kh\u00e1c nhau nh\u01b0 <a href=\"https:\/\/tianhuipackingmachine.com\/vacuum-packaging-machines\/\" target=\"_blank\" rel=\"noreferrer noopener\">m\u00e1y \u0111\u00f3ng g\u00f3i ch\u00e2n kh\u00f4ng<\/a>, m\u00e1y <a href=\"https:\/\/tianhuipackingmachine.com\/multi-head-weigher-packing-machine\/\" target=\"_blank\" rel=\"noopener\">\u0111\u00f3ng g\u00f3i c\u00e2n \u0111a \u0111\u1ea7u<\/a> si\u00eau hi\u1ec7u qu\u1ea3, v\u00e0 m\u00e1y \u0111\u00f3ng g\u00f3i nh\u1ecf \u0111\u1ee9ng. Nh\u1eefng m\u00e1y \u0111\u00f3ng g\u00f3i khoai t\u00e2y chi\u00ean n\u00e0y ch\u1ee7 y\u1ebfu c\u00f3 th\u1ec3 chia m\u1ed9t s\u1ed1 l\u01b0\u1ee3ng l\u1edbn khoai t\u00e2y chi\u00ean ho\u1eb7c khoai t\u00e2y chi\u00ean th\u00e0nh c\u00e1c s\u1ea3n ph\u1ea9m \u0111\u00f3ng g\u00f3i ri\u00eang l\u1ebb. Ngo\u00e0i ra, c\u00e1c m\u1eabu \u0111\u00f3ng g\u00f3i v\u00e0 ch\u1eef c\u00f3 th\u1ec3 \u0111\u01b0\u1ee3c thi\u1ebft k\u1ebf theo nhu c\u1ea7u th\u1ef1c t\u1ebf c\u1ee7a kh\u00e1ch h\u00e0ng.&nbsp;<\/p>","protected":false},"excerpt":{"rendered":"<p>French fries production line is designed to manufacture frozen french fries automatically and efficiently. With durable &amp; food-grade material, reasonable design, and wonderful structure, the french fries making line has good performance, high production efficiency, and is easy to operate. As a famous french fries making machine supplier, there are semi automatic french fries production [&hellip;]<\/p>\n","protected":false},"author":1,"featured_media":199,"parent":0,"template":"","tags":[13],"product-type":[4],"class_list":["post-197","product","type-product","status-publish","has-post-thumbnail","hentry","tag-frying-equipment","product-type-frying-equipment"],"_links":{"self":[{"href":"https:\/\/topfoodmachine.com\/vi\/wp-json\/wp\/v2\/product\/197","targetHints":{"allow":["GET"]}}],"collection":[{"href":"https:\/\/topfoodmachine.com\/vi\/wp-json\/wp\/v2\/product"}],"about":[{"href":"https:\/\/topfoodmachine.com\/vi\/wp-json\/wp\/v2\/types\/product"}],"author":[{"embeddable":true,"href":"https:\/\/topfoodmachine.com\/vi\/wp-json\/wp\/v2\/users\/1"}],"wp:featuredmedia":[{"embeddable":true,"href":"https:\/\/topfoodmachine.com\/vi\/wp-json\/wp\/v2\/media\/199"}],"wp:attachment":[{"href":"https:\/\/topfoodmachine.com\/vi\/wp-json\/wp\/v2\/media?parent=197"}],"wp:term":[{"taxonomy":"post_tag","embeddable":true,"href":"https:\/\/topfoodmachine.com\/vi\/wp-json\/wp\/v2\/tags?post=197"},{"taxonomy":"product-type","embeddable":true,"href":"https:\/\/topfoodmachine.com\/vi\/wp-json\/wp\/v2\/product-type?post=197"}],"curies":[{"name":"wp","href":"https:\/\/api.w.org\/{rel}","templated":true}]}}