{"id":188,"date":"2022-07-21T09:39:14","date_gmt":"2022-07-21T09:39:14","guid":{"rendered":"https:\/\/topfoodmachine.com\/?post_type=product&#038;p=188"},"modified":"2023-06-14T14:53:46","modified_gmt":"2023-06-14T06:53:46","slug":"peanut-butter-production-line","status":"publish","type":"product","link":"https:\/\/topfoodmachine.com\/vi\/product\/peanut-butter-production-line\/","title":{"rendered":"D\u00e2y chuy\u1ec1n s\u1ea3n xu\u1ea5t b\u01a1 \u0111\u1eadu ph\u1ed9ng"},"content":{"rendered":"<div class=\"kk-star-ratings kksr-auto kksr-align-left kksr-valign-top\"     data-payload='{&quot;align&quot;:&quot;left&quot;,&quot;id&quot;:&quot;188&quot;,&quot;slug&quot;:&quot;default&quot;,&quot;valign&quot;:&quot;top&quot;,&quot;ignore&quot;:&quot;&quot;,&quot;reference&quot;:&quot;auto&quot;,&quot;class&quot;:&quot;&quot;,&quot;count&quot;:&quot;10&quot;,&quot;legendonly&quot;:&quot;&quot;,&quot;readonly&quot;:&quot;&quot;,&quot;score&quot;:&quot;4.7&quot;,&quot;starsonly&quot;:&quot;&quot;,&quot;best&quot;:&quot;5&quot;,&quot;gap&quot;:&quot;5&quot;,&quot;greet&quot;:&quot;Rate this product&quot;,&quot;legend&quot;:&quot;4.7\\\/5 - (10 b\u00ecnh ch\u1ecdn)&quot;,&quot;size&quot;:&quot;24&quot;,&quot;title&quot;:&quot;Peanut Butter Production Line&quot;,&quot;width&quot;:&quot;133.8&quot;,&quot;_legend&quot;:&quot;{score}\\\/{best} - ({count} {votes})&quot;,&quot;font_factor&quot;:&quot;1.25&quot;}'>              <div class=\"kksr-stars\">      <div class=\"kksr-stars-inactive\">             <div class=\"kksr-star\" data-star=\"1\" style=\"padding-right: 5px\">               <div class=\"kksr-icon\" style=\"width: 24px; height: 24px;\"><\/div>         <\/div>             <div class=\"kksr-star\" data-star=\"2\" style=\"padding-right: 5px\">               <div class=\"kksr-icon\" style=\"width: 24px; height: 24px;\"><\/div>         <\/div>             <div class=\"kksr-star\" data-star=\"3\" style=\"padding-right: 5px\">               <div class=\"kksr-icon\" style=\"width: 24px; height: 24px;\"><\/div>         <\/div>             <div class=\"kksr-star\" data-star=\"4\" style=\"padding-right: 5px\">               <div class=\"kksr-icon\" style=\"width: 24px; height: 24px;\"><\/div>         <\/div>             <div class=\"kksr-star\" data-star=\"5\" style=\"padding-right: 5px\">               <div class=\"kksr-icon\" style=\"width: 24px; height: 24px;\"><\/div>         <\/div>     <\/div>      <div class=\"kksr-stars-active\" style=\"width: 133.8px;\">             <div class=\"kksr-star\" style=\"padding-right: 5px\">               <div class=\"kksr-icon\" style=\"width: 24px; height: 24px;\"><\/div>         <\/div>             <div class=\"kksr-star\" style=\"padding-right: 5px\">               <div class=\"kksr-icon\" style=\"width: 24px; height: 24px;\"><\/div>         <\/div>             <div class=\"kksr-star\" style=\"padding-right: 5px\">               <div class=\"kksr-icon\" style=\"width: 24px; height: 24px;\"><\/div>         <\/div>             <div class=\"kksr-star\" style=\"padding-right: 5px\">               <div class=\"kksr-icon\" style=\"width: 24px; height: 24px;\"><\/div>         <\/div>             <div class=\"kksr-star\" style=\"padding-right: 5px\">               <div class=\"kksr-icon\" style=\"width: 24px; height: 24px;\"><\/div>         <\/div>     <\/div> <\/div>                   <div class=\"kksr-legend\" style=\"font-size: 19.2px;\">             4.7\/5 - (10 l\u01b0\u1ee3t b\u00ecnh ch\u1ecdn)    <\/div>     <\/div>  <p class=\"translation-block\"><strong>D\u00e2y chuy\u1ec1n s\u1ea3n xu\u1ea5t b\u01a1 \u0111\u1eadu ph\u1ed9ng<\/strong> l\u00e0 m\u1ed9t lo\u1ea1i nh\u00e0 m\u00e1y s\u1ea3n xu\u1ea5t b\u01a1 \u0111\u1eadu ph\u1ed9ng ho\u00e0n to\u00e0n t\u1ef1 \u0111\u1ed9ng v\u00e0 hi\u1ec7u qu\u1ea3. N\u00f3 l\u00e0 s\u1ef1 k\u1ebft h\u1ee3p c\u1ee7a nhi\u1ec1u m\u00e1y, ch\u1ee7 y\u1ebfu bao g\u1ed3m m\u1ed9t thang m\u00e1y, m\u00e1y rang \u0111\u1eadu ph\u1ed9ng, m\u00e1y l\u00e0m m\u00e1t, m\u00e1y g\u1ecdt v\u1ecf h\u1ea1t, b\u0103ng t\u1ea3i ph\u00e2n lo\u1ea1i, m\u00e1y xay \u0111\u1eadu ph\u1ed9ng, m\u00e1y tr\u1ed9n, b\u1ec3 ch\u00e2n kh\u00f4ng v\u00e0 m\u00e1y \u0111\u00f3ng g\u00f3i. Th\u00f4ng qua qu\u00e1 tr\u00ecnh c\u1ee7a nh\u1eefng m\u00e1y n\u00e0y, \u0111\u1eadu ph\u1ed9ng c\u00f3 th\u1ec3 tr\u1edf th\u00e0nh b\u01a1 \u0111\u1eadu ph\u1ed9ng ngon. \u00c1p d\u1ee5ng thi\u1ebft k\u1ebf xu\u1ea5t s\u1eafc, c\u00f4ng ngh\u1ec7 ti\u00ean ti\u1ebfn v\u00e0 v\u1eadt li\u1ec7u th\u00e9p kh\u00f4ng g\u1ec9 th\u1ef1c ph\u1ea9m, <strong>nh\u00e0 m\u00e1y s\u1ea3n xu\u1ea5t b\u01a1 \u0111\u1eadu ph\u1ed9ng<\/strong> d\u1ec5 v\u1eadn h\u00e0nh, c\u00f3 m\u1ee9c \u0111\u1ed9 t\u1ef1 \u0111\u1ed9ng h\u00f3a cao v\u00e0 tu\u1ed5i th\u1ecd d\u00e0i. <\/p>    <p class=\"translation-block\">L\u00e0 nh\u00e0 cung c\u1ea5p m\u00e1y ch\u1ebf bi\u1ebfn th\u1ef1c ph\u1ea9m h\u00e0ng \u0111\u1ea7u, ch\u00fang t\u00f4i cung c\u1ea5p d\u00e2y chuy\u1ec1n s\u1ea3n xu\u1ea5t b\u01a1 \u0111\u1eadu ph\u1ed9ng ti\u00eau chu\u1ea9n v\u00e0 t\u00f9y ch\u1ec9nh \u0111\u1ec3 b\u00e1n. C\u00f4ng su\u1ea5t s\u1ea3n xu\u1ea5t c\u1ee7a <strong>d\u00e2y chuy\u1ec1n b\u01a1 \u0111\u1eadu ph\u1ed9ng<\/strong> c\u1ee7a ch\u00fang t\u00f4i t\u1eeb 100kg\/h \u0111\u1ebfn 500kg\/h.<\/p>    <h2 class=\"wp-block-heading\">C\u1ea7n b\u00e1n d\u00e2y chuy\u1ec1n s\u1ea3n xu\u1ea5t b\u01a1 \u0111\u1eadu ph\u1ed9ng Taizy<\/h2>    <p class=\"translation-block\">V\u1edbi kh\u1ea3 n\u0103ng nghi\u00ean c\u1ee9u v\u00e0 s\u1ea3n xu\u1ea5t m\u1ea1nh m\u1ebd, ch\u00fang t\u00f4i cung c\u1ea5p d\u00e2y chuy\u1ec1n s\u1ea3n xu\u1ea5t b\u01a1 \u0111\u1eadu ph\u1ed9ng ti\u00eau chu\u1ea9n v\u00e0 t\u00f9y ch\u1ec9nh. Th\u00f4ng th\u01b0\u1eddng, c\u00f4ng su\u1ea5t c\u1ee7a m\u00e1y l\u00e0m b\u01a1 \u0111\u1eadu ph\u1ed9ng th\u01b0\u01a1ng m\u1ea1i c\u1ee7a ch\u00fang t\u00f4i t\u1eeb 100kg m\u1ed7i gi\u1edd \u0111\u1ebfn 500kg m\u1ed7i gi\u1edd. Nh\u00e0 m\u00e1y l\u00e0m b\u01a1 \u0111\u1eadu ph\u1ed9ng n\u00e0y c\u00f3 m\u1ee9c \u0111\u1ed9 t\u1ef1 \u0111\u1ed9ng h\u00f3a cao, hi\u1ec7u su\u1ea5t \u1ed5n \u0111\u1ecbnh v\u00e0 ch\u1ea5t l\u01b0\u1ee3ng t\u1ed1t. Do \u0111i\u1ec7n \u00e1p kh\u00e1c nhau c\u1ee7a c\u00e1c qu\u1ed1c gia v\u00e0 khu v\u1ef1c kh\u00e1c nhau, ch\u00fang t\u00f4i c\u00f3 th\u1ec3 t\u00f9y ch\u1ec9nh \u0111i\u1ec7n \u00e1p v\u00e0 c\u00e1c chi ti\u1ebft m\u00e1y kh\u00e1c cho y\u00eau c\u1ea7u s\u1ea3n xu\u1ea5t th\u1ef1c t\u1ebf c\u1ee7a b\u1ea1n. N\u1ebfu b\u1ea1n \u0111ang t\u00ecm ki\u1ebfm m\u1ed9t m\u00e1y l\u00e0m b\u01a1 \u0111\u1eadu ph\u1ed9ng \u0111\u00e1ng tin c\u1eady \u0111\u1ec3 b\u1eaft \u0111\u1ea7u kinh doanh c\u1ee7a m\u00ecnh, <a href=\"https:\/\/topfoodmachine.com\/vi\/contact-us\/\">li\u00ean h\u1ec7 v\u1edbi ch\u00fang t\u00f4i<\/a> h\u00f4m nay \u0111\u1ec3 bi\u1ebft th\u00eam th\u00f4ng tin.<\/p>    <figure class=\"wp-block-image size-full\"><img loading=\"lazy\" decoding=\"async\" width=\"720\" height=\"540\" src=\"https:\/\/topfoodmachine.com\/wp-content\/uploads\/2022\/07\/automatic-peanut-butter-production-line.jpg\" alt=\"d\u00e2y chuy\u1ec1n s\u1ea3n xu\u1ea5t b\u01a1 \u0111\u1eadu ph\u1ed9ng t\u1ef1 \u0111\u1ed9ng\" class=\"wp-image-193\" srcset=\"https:\/\/topfoodmachine.com\/wp-content\/uploads\/2022\/07\/automatic-peanut-butter-production-line.jpg 720w, https:\/\/topfoodmachine.com\/wp-content\/uploads\/2022\/07\/automatic-peanut-butter-production-line-300x225.jpg 300w\" sizes=\"auto, (max-width: 720px) 100vw, 720px\" \/><figcaption class=\"wp-element-caption\">d\u00e2y chuy\u1ec1n s\u1ea3n xu\u1ea5t b\u01a1 \u0111\u1eadu ph\u1ed9ng t\u1ef1 \u0111\u1ed9ng<\/figcaption><\/figure>    <h2 class=\"wp-block-heading\">Th\u00f4ng s\u1ed1 c\u1ee7a m\u00e1y l\u00e0m b\u01a1 \u0111\u1eadu ph\u1ed9ng TZ-200<\/h2>    <figure class=\"wp-block-table\"><table><tbody><tr><td>T\u00ean<\/td><td>C\u00f4ng su\u1ea5t (kg \/ gi\u1edd)<\/td><td>K\u00edch c\u1ee1<\/td><td>Quy\u1ec1n l\u1ef1c<\/td><\/tr><tr><td>M\u00e1y rang \u0111\u1eadu ph\u1ed9ng<\/td><td>200kg\/gi\u1edd<\/td><td>1800*2200*1700mm<\/td><td>2,2kw<\/td><\/tr><tr><td>V\u00e0nh \u0111ai giao h\u00e0ng<\/td><td>200kg\/gi\u1edd<\/td><td>5000*900*850mm<\/td><td>1,1kw<\/td><\/tr><tr><td>M\u00e1y b\u00f3c v\u1ecf \u0111\u1eadu ph\u1ed9ng<\/td><td>200kg\/gi\u1edd<\/td><td>1900*800*1400mm<\/td><td>1,85kw<\/td><\/tr><tr><td>M\u00e1y l\u00e0m b\u01a1 \u0111\u1eadu ph\u1ed9ng<\/td><td>200kg\/gi\u1edd<\/td><td>1100*750*1300mm<\/td><td>29,5kw<\/td><\/tr><tr><td>B\u01a1m d\u00e1n<\/td><td>50kg\/gi\u1edd*3<\/td><td>1500*250*250mm<\/td><td>1,5kw<\/td><\/tr><tr><td>M\u00e1y l\u00e0m m\u00e1t \u0111\u1eadu ph\u1ed9ng<\/td><td>200kg\/gi\u1edd<\/td><td>1000*1000*1700mm<\/td><td>2,2kw<\/td><\/tr><tr><td>M\u00e1y chi\u1ebft r\u00f3t<\/td><td>100-400lon\/gi\u1edd<\/td><td>400*400*1400mm<\/td><td>1,1kw<\/td><\/tr><\/tbody><\/table><\/figure>    <h2 class=\"wp-block-heading\">S\u01a1 \u0111\u1ed3 d\u00e2y chuy\u1ec1n s\u1ea3n xu\u1ea5t b\u01a1 \u0111\u1eadu ph\u1ed9ng<\/h2>    <p>Quy tr\u00ecnh l\u00e0m vi\u1ec7c c\u1ee7a d\u00e2y chuy\u1ec1n s\u1ea3n xu\u1ea5t b\u01a1 \u0111\u1eadu ph\u1ed9ng n\u00e0y nh\u01b0 sau:<\/p>    <p><strong>Rang \u0111\u1eadu ph\u1ed9ng \u2192 ch\u1ecdn \u2192 b\u00f3c v\u1ecf \u2192 l\u00e0m m\u00e1t \u2192 nghi\u1ec1n \u2192 tr\u1ed9n \u2192 kh\u1eed kh\u00ed \u2192 \u0111\u00f3ng g\u00f3i.<\/strong><\/p>    <h2 class=\"wp-block-heading\">Video c\u00e1c b\u01b0\u1edbc ch\u1ebf bi\u1ebfn b\u01a1 \u0111\u1eadu ph\u1ed9ng <\/h2>    <figure class=\"wp-block-embed is-type-video is-provider-youtube wp-block-embed-youtube wp-embed-aspect-16-9 wp-has-aspect-ratio\"><div class=\"wp-block-embed__wrapper\"> <iframe loading=\"lazy\" title=\"Video 3D gi\u1ea3i th\u00edch c\u00f4ng \u0111o\u1ea1n ch\u1ebf bi\u1ebfn b\u01a1 \u0111\u1eadu ph\u1ed9ng t\u1ea1i nh\u00e0 m\u00e1y\" width=\"500\" height=\"281\" src=\"https:\/\/www.youtube.com\/embed\/ZyM7jnHzMkE?feature=oembed\" frameborder=\"0\" allow=\"accelerometer; autoplay; clipboard-write; encrypted-media; gyroscope; picture-in-picture; web-share\" referrerpolicy=\"strict-origin-when-cross-origin\" allowfullscreen><\/iframe> <\/div><\/figure>    <h2 class=\"wp-block-heading\">C\u00e1ch s\u1ea3n xu\u1ea5t b\u01a1 \u0111\u1eadu ph\u1ed9ng?<\/h2>    <p class=\"translation-block\">B\u01a1 \u0111\u1eadu ph\u1ed9ng \u0111\u01b0\u1ee3c l\u00e0m t\u1eeb \u0111\u1eadu ph\u1ed9ng. Th\u00f4ng qua m\u1ed9t lo\u1ea1t c\u00e1c t\u00e1c \u0111\u1ed9ng v\u1eadt l\u00fd, nh\u01b0 rang, g\u1ecdt v\u1ecf, xay v\u00e0 tr\u1ed9n, \u0111\u1eadu ph\u1ed9ng c\u00f3 th\u1ec3 tr\u1edf th\u00e0nh b\u1ed9t \u0111\u1eadu ph\u1ed9ng. V\u00ec v\u1eady, n\u1ebfu b\u1ea1n mu\u1ed1n s\u1ea3n xu\u1ea5t b\u01a1 \u0111\u1eadu ph\u1ed9ng cho gia \u0111\u00ecnh ho\u1eb7c th\u01b0\u01a1ng m\u1ea1i, m\u00e1y l\u00e0m b\u01a1 \u0111\u1eadu ph\u1ed9ng l\u00e0 c\u1ea7n thi\u1ebft. <a href=\"https:\/\/topfoodmachine.com\/vi\/\">M\u00e1y m\u00f3c th\u1ef1c ph\u1ea9m Taizy<\/a> l\u00e0 chuy\u00ean gia trong c\u00e1c nh\u00e0 m\u00e1y s\u1ea3n xu\u1ea5t b\u01a1 \u0111\u1eadu ph\u1ed9ng ch\u1ea5t l\u01b0\u1ee3ng. Ch\u00e0o m\u1eebng b\u1ea1n li\u00ean h\u1ec7 v\u1edbi ch\u00fang t\u00f4i \u0111\u1ec3 bi\u1ebft th\u00eam th\u00f4ng tin h\u1eefu \u00edch v\u1ec1 m\u00e1y m\u00f3c. \u00a0<\/p>    <figure class=\"wp-block-image size-full\"><img loading=\"lazy\" decoding=\"async\" width=\"720\" height=\"540\" src=\"https:\/\/topfoodmachine.com\/wp-content\/uploads\/2022\/07\/peanut-butter.jpg\" alt=\"b\u01a1 \u0111\u1eadu ph\u1ed9ng\" class=\"wp-image-191\" srcset=\"https:\/\/topfoodmachine.com\/wp-content\/uploads\/2022\/07\/peanut-butter.jpg 720w, https:\/\/topfoodmachine.com\/wp-content\/uploads\/2022\/07\/peanut-butter-300x225.jpg 300w\" sizes=\"auto, (max-width: 720px) 100vw, 720px\" \/><figcaption class=\"wp-element-caption\">b\u01a1 \u0111\u1eadu ph\u1ed9ng<\/figcaption><\/figure>    <h2 class=\"wp-block-heading\">C\u00e1c b\u01b0\u1edbc l\u00e0m b\u01a1 \u0111\u1eadu ph\u1ed9ng l\u00e0 g\u00ec?<\/h2>    <p>N\u00f3i chung, c\u00f3 s\u00e1u b\u01b0\u1edbc \u0111\u1ec3 l\u00e0m b\u01a1 \u0111\u1eadu ph\u1ed9ng tuy\u1ec7t v\u1eddi.<\/p>    <p class=\"translation-block\"><strong>Rang<\/strong>. \u0110\u1eadu ph\u1ed9ng n\u00ean \u0111\u01b0\u1ee3c n\u01b0\u1edbng tr\u01b0\u1edbc. \u0110i\u1ec1u n\u00e0y l\u00e0 v\u00ec \u0111\u1eadu ph\u1ed9ng rang c\u00f3 h\u01b0\u01a1ng v\u1ecb m\u1ea1nh. Do \u0111\u00f3, b\u1ea1n c\u1ea7n s\u1eed d\u1ee5ng m\u1ed9t m\u00e1y rang \u0111\u1eadu ph\u1ed9ng \u0111\u1ec3 gi\u00fap b\u1ea1n \u0111\u1ea1t \u0111\u01b0\u1ee3c \u0111i\u1ec1u n\u00e0y. \u0110i\u1ec1u n\u00e0y c\u00f3 th\u1ec3 l\u00e0m cho b\u01a1 \u0111\u1eadu ph\u1ed9ng c\u00f3 h\u01b0\u01a1ng v\u1ecb ngon. Sau \u0111\u00f3, \u0111\u1eadu ph\u1ed9ng \u0111\u00e3 rang c\u1ea7n \u0111\u01b0\u1ee3c l\u00e0m m\u00e1t \u0111\u1ec3 b\u1ea1n c\u00f3 th\u1ec3 ti\u1ebfn h\u00e0nh b\u01b0\u1edbc ti\u1ebfp theo. \u0110i\u1ec1u n\u00e0y l\u00e0 do \u0111\u1eadu ph\u1ed9ng qu\u00e1 n\u00f3ng khi m\u1edbi rang.<\/p>    <p class=\"translation-block\"><strong>G\u1ecdt v\u1ecf<\/strong>. Nh\u01b0 ch\u00fang ta \u0111\u00e3 bi\u1ebft, v\u1ecf c\u1ee7a \u0111\u1eadu ph\u1ed9ng c\u00f3 m\u00e0u \u0111\u1ecf. N\u1ebfu kh\u00f4ng \u0111\u01b0\u1ee3c x\u1eed l\u00fd, n\u00f3 s\u1ebd \u1ea3nh h\u01b0\u1edfng tr\u1ef1c ti\u1ebfp \u0111\u1ebfn h\u01b0\u01a1ng v\u1ecb c\u1ee7a b\u01a1 \u0111\u1eadu ph\u1ed9ng. M\u00e1y g\u1ecdt v\u1ecf \u0111\u1eadu ph\u1ed9ng Taizy c\u00f3 th\u1ec3 l\u00e0m cho \u0111\u1eadu ph\u1ed9ng \u0111\u00e3 rang v\u00e0 \u0111\u00e3 l\u00e0m m\u00e1t \u0111\u01b0\u1ee3c g\u1ecdt v\u1ecf v\u00e0 c\u1eaft th\u00e0nh hai n\u1eeda. Ngo\u00e0i ra, m\u1ed9t s\u1ed1 m\u1ea7m h\u1ea1t s\u1ebd \u0111\u01b0\u1ee3c s\u00e0ng l\u1ecdc \u0111\u1ec3 \u0111\u1ea3m b\u1ea3o ch\u1ea5t l\u01b0\u1ee3ng c\u1ee7a b\u01a1 \u0111\u1eadu ph\u1ed9ng.<\/p>    <p class=\"translation-block\"><strong>Xay<\/strong>. Xay th\u1ef1c s\u1ef1 bi\u1ebfn \u0111\u1eadu ph\u1ed9ng th\u00e0nh b\u01a1 \u0111\u1eadu ph\u1ed9ng. \u0110\u1eadu ph\u1ed9ng \u0111\u00e3 b\u00f3c v\u1ecf \u0111\u01b0\u1ee3c xay th\u00e0nh b\u1ed9t b\u1edfi nhi\u1ec1u m\u00e1y xay b\u01a1 \u0111\u1eadu ph\u1ed9ng, sau \u0111\u00f3 ch\u00fang v\u00e0o b\u1ed3n tr\u1ed9n v\u00e0 b\u1ed3n ch\u00e2n kh\u00f4ng theo th\u1ee9 t\u1ef1, v\u00e0 sau \u0111\u00f3 ch\u00fang c\u00f3 th\u1ec3 \u0111\u01b0\u1ee3c \u0111\u00f3ng g\u00f3i \u0111\u1ec3 c\u00f3 \u0111\u01b0\u1ee3c c\u1ea3 chai b\u01a1 \u0111\u1eadu ph\u1ed9ng.<\/p>    <p class=\"translation-block\"><strong>Tr\u1ed9n<\/strong>. \u0110\u1ec3 b\u01a1 \u0111\u1eadu ph\u1ed9ng c\u00f3 h\u01b0\u01a1ng v\u1ecb \u0111\u1eb7c tr\u01b0ng, nhi\u1ec1u nh\u00e0 s\u1ea3n xu\u1ea5t b\u01a1 \u0111\u1eadu ph\u1ed9ng th\u00eam mu\u1ed1i, \u0111\u01b0\u1eddng v\u00e0 c\u00e1c h\u01b0\u01a1ng li\u1ec7u kh\u00e1c. Ngo\u00e0i ra, \u0111\u1ec3 l\u00e0m cho c\u00e1c h\u01b0\u01a1ng v\u1ecb \u0111\u1ed3ng nh\u1ea5t h\u01a1n, ch\u00fang t\u00f4i c\u1ea7n c\u00e1c b\u00ecnh tr\u1ed9n \u0111\u1ec3 ch\u00fang c\u00f3 th\u1ec3 \u0111\u01b0\u1ee3c tr\u1ed9n \u0111\u1ec1u v\u1edbi nhau.<\/p>    <p class=\"translation-block\"><strong>Kh\u1eed kh\u00ed<\/strong>. C\u00e1c b\u1ed3n kh\u1eed kh\u00ed ch\u00e2n kh\u00f4ng c\u00f3 th\u1ec3 lo\u1ea1i b\u1ecf hi\u1ec7u qu\u1ea3 kh\u00ed t\u1eeb b\u01a1 \u0111\u1eadu ph\u1ed9ng. \u0110i\u1ec1u n\u00e0y c\u00f3 th\u1ec3 k\u00e9o d\u00e0i th\u1eddi gian b\u1ea3o qu\u1ea3n b\u01a1 \u0111\u1eadu ph\u1ed9ng m\u1ed9t c\u00e1ch hi\u1ec7u qu\u1ea3.<\/p>    <p class=\"translation-block\"><strong>\u0110\u00f3ng g\u00f3i<\/strong>. Cu\u1ed1i c\u00f9ng, ch\u00fang t\u00f4i c\u1ea7n s\u1eed d\u1ee5ng m\u1ed9t m\u00e1y \u0111\u00f3ng g\u00f3i \u0111\u1ec3 \u0111\u00f3ng g\u00f3i b\u01a1 \u0111\u1eadu ph\u1ed9ng th\u00e0nh s\u1ea3n ph\u1ea9m ho\u00e0n ch\u1ec9nh v\u00e0 b\u00e1n ch\u00fang.<\/p>    <figure class=\"wp-block-image size-full\"><img loading=\"lazy\" decoding=\"async\" width=\"720\" height=\"540\" src=\"https:\/\/topfoodmachine.com\/wp-content\/uploads\/2022\/07\/peanut-butter-processing-line.jpg\" alt=\"d\u00e2y chuy\u1ec1n ch\u1ebf bi\u1ebfn b\u01a1 \u0111\u1eadu ph\u1ed9ng\" class=\"wp-image-195\" srcset=\"https:\/\/topfoodmachine.com\/wp-content\/uploads\/2022\/07\/peanut-butter-processing-line.jpg 720w, https:\/\/topfoodmachine.com\/wp-content\/uploads\/2022\/07\/peanut-butter-processing-line-300x225.jpg 300w\" sizes=\"auto, (max-width: 720px) 100vw, 720px\" \/><figcaption class=\"wp-element-caption\">d\u00e2y chuy\u1ec1n ch\u1ebf bi\u1ebfn b\u01a1 \u0111\u1eadu ph\u1ed9ng<\/figcaption><\/figure>    <h2 class=\"wp-block-heading\">B\u00e1n b\u01a1 \u0111\u1eadu ph\u1ed9ng c\u00f3 l\u00e3i kh\u00f4ng?<\/h2>    <p>\u0110\u00fang v\u1eady, b\u01a1 \u0111\u1eadu ph\u1ed9ng r\u1ea5t ph\u1ed5 bi\u1ebfn \u1edf nhi\u1ec1u n\u01b0\u1edbc. V\u00e0 Hoa K\u1ef3 l\u00e0 n\u01b0\u1edbc xu\u1ea5t kh\u1ea9u ch\u00ednh v\u00e0 l\u00e0 m\u1ed9t trong nh\u1eefng n\u01b0\u1edbc ti\u00eau d\u00f9ng b\u1ed9t \u0111\u1eadu ph\u1ed9ng l\u1edbn nh\u1ea5t.<\/p>    <p class=\"translation-block\">Theo nghi\u00ean c\u1ee9u v\u00e0 ph\u00e2n t\u00edch, th\u1ecb tr\u01b0\u1eddng b\u01a1 \u0111\u1eadu ph\u1ed9ng to\u00e0n c\u1ea7u c\u00f3 gi\u00e1 tr\u1ecb 4,77 t\u1ef7 USD v\u00e0o n\u0103m 2021 v\u00e0 d\u1ef1 ki\u1ebfn s\u1ebd \u0111\u1ea1t 7,19 t\u1ef7 USD v\u00e0o n\u0103m 2029. V\u00e0 n\u00f3 t\u0103ng tr\u01b0\u1edfng v\u1edbi t\u1ef7 l\u1ec7 t\u0103ng tr\u01b0\u1edfng h\u00e0ng n\u0103m k\u00e9p <a href=\"https:\/\/en.wikipedia.org\/wiki\/Compound_annual_growth_rate\" target=\"_blank\" rel=\"noopener\">CAGR<\/a> l\u00e0 6,60% trong giai \u0111o\u1ea1n d\u1ef1 b\u00e1o t\u1eeb 2022 \u0111\u1ebfn 2029. v\u00ec v\u1eady v\u1eabn c\u00f2n m\u1ed9t c\u01a1 h\u1ed9i l\u1edbn cho ch\u00fang t\u00f4i \u0111\u1ec3 b\u1eaft \u0111\u1ea7u m\u1ed9t doanh nghi\u1ec7p b\u01a1 \u0111\u1eadu ph\u1ed9ng.<\/p>","protected":false},"excerpt":{"rendered":"<p>Peanut butter production line is a kind of plant for making peanut butter fully automatically and efficiently. It is a combination of several machines, mainly including an elevator, peanut roasting machine, cooling machine, nut peeling machine, sorting conveyor, peanut grinding machine, mixing machine, vacuum tank, and filling packaging machine. Through the processing of these machines, [&hellip;]<\/p>\n","protected":false},"author":1,"featured_media":193,"parent":0,"template":"","tags":[16],"product-type":[5],"class_list":["post-188","product","type-product","status-publish","has-post-thumbnail","hentry","tag-nuts-processing-machine","product-type-nuts-processing-machine"],"_links":{"self":[{"href":"https:\/\/topfoodmachine.com\/vi\/wp-json\/wp\/v2\/product\/188","targetHints":{"allow":["GET"]}}],"collection":[{"href":"https:\/\/topfoodmachine.com\/vi\/wp-json\/wp\/v2\/product"}],"about":[{"href":"https:\/\/topfoodmachine.com\/vi\/wp-json\/wp\/v2\/types\/product"}],"author":[{"embeddable":true,"href":"https:\/\/topfoodmachine.com\/vi\/wp-json\/wp\/v2\/users\/1"}],"wp:featuredmedia":[{"embeddable":true,"href":"https:\/\/topfoodmachine.com\/vi\/wp-json\/wp\/v2\/media\/193"}],"wp:attachment":[{"href":"https:\/\/topfoodmachine.com\/vi\/wp-json\/wp\/v2\/media?parent=188"}],"wp:term":[{"taxonomy":"post_tag","embeddable":true,"href":"https:\/\/topfoodmachine.com\/vi\/wp-json\/wp\/v2\/tags?post=188"},{"taxonomy":"product-type","embeddable":true,"href":"https:\/\/topfoodmachine.com\/vi\/wp-json\/wp\/v2\/product-type?post=188"}],"curies":[{"name":"wp","href":"https:\/\/api.w.org\/{rel}","templated":true}]}}