{"id":1784,"date":"2025-02-14T16:15:25","date_gmt":"2025-02-14T08:15:25","guid":{"rendered":"https:\/\/topfoodmachine.com\/?post_type=product&#038;p=1784"},"modified":"2025-02-14T16:17:05","modified_gmt":"2025-02-14T08:17:05","slug":"dough-sheeter-machine","status":"publish","type":"product","link":"https:\/\/topfoodmachine.com\/vi\/product\/dough-sheeter-machine\/","title":{"rendered":"m\u00e1y c\u00e1n b\u1ed9t"},"content":{"rendered":"<div class=\"kk-star-ratings kksr-auto kksr-align-left kksr-valign-top\"     data-payload='{&quot;align&quot;:&quot;left&quot;,&quot;id&quot;:&quot;1784&quot;,&quot;slug&quot;:&quot;default&quot;,&quot;valign&quot;:&quot;top&quot;,&quot;ignore&quot;:&quot;&quot;,&quot;reference&quot;:&quot;auto&quot;,&quot;class&quot;:&quot;&quot;,&quot;count&quot;:&quot;20&quot;,&quot;legendonly&quot;:&quot;&quot;,&quot;readonly&quot;:&quot;&quot;,&quot;score&quot;:&quot;4.6&quot;,&quot;starsonly&quot;:&quot;&quot;,&quot;best&quot;:&quot;5&quot;,&quot;gap&quot;:&quot;5&quot;,&quot;greet&quot;:&quot;Rate this product&quot;,&quot;legend&quot;:&quot;4.6\\\/5 - (20 b\u00ecnh ch\u1ecdn)&quot;,&quot;size&quot;:&quot;24&quot;,&quot;title&quot;:&quot;Dough sheeter machine&quot;,&quot;width&quot;:&quot;130.9&quot;,&quot;_legend&quot;:&quot;{score}\\\/{best} - ({count} {votes})&quot;,&quot;font_factor&quot;:&quot;1.25&quot;}'>              <div class=\"kksr-stars\">      <div class=\"kksr-stars-inactive\">             <div class=\"kksr-star\" data-star=\"1\" style=\"padding-right: 5px\">               <div class=\"kksr-icon\" style=\"width: 24px; height: 24px;\"><\/div>         <\/div>             <div class=\"kksr-star\" data-star=\"2\" style=\"padding-right: 5px\">               <div class=\"kksr-icon\" style=\"width: 24px; height: 24px;\"><\/div>         <\/div>             <div class=\"kksr-star\" data-star=\"3\" style=\"padding-right: 5px\">               <div class=\"kksr-icon\" style=\"width: 24px; height: 24px;\"><\/div>         <\/div>             <div class=\"kksr-star\" data-star=\"4\" style=\"padding-right: 5px\">               <div class=\"kksr-icon\" style=\"width: 24px; height: 24px;\"><\/div>         <\/div>             <div class=\"kksr-star\" data-star=\"5\" style=\"padding-right: 5px\">               <div class=\"kksr-icon\" style=\"width: 24px; height: 24px;\"><\/div>         <\/div>     <\/div>      <div class=\"kksr-stars-active\" style=\"width: 130.9px;\">             <div class=\"kksr-star\" style=\"padding-right: 5px\">               <div class=\"kksr-icon\" style=\"width: 24px; height: 24px;\"><\/div>         <\/div>             <div class=\"kksr-star\" style=\"padding-right: 5px\">               <div class=\"kksr-icon\" style=\"width: 24px; height: 24px;\"><\/div>         <\/div>             <div class=\"kksr-star\" style=\"padding-right: 5px\">               <div class=\"kksr-icon\" style=\"width: 24px; height: 24px;\"><\/div>         <\/div>             <div class=\"kksr-star\" style=\"padding-right: 5px\">               <div class=\"kksr-icon\" style=\"width: 24px; height: 24px;\"><\/div>         <\/div>             <div class=\"kksr-star\" style=\"padding-right: 5px\">               <div class=\"kksr-icon\" style=\"width: 24px; height: 24px;\"><\/div>         <\/div>     <\/div> <\/div>                   <div class=\"kksr-legend\" style=\"font-size: 19.2px;\">             4.6\/5 - (20 l\u01b0\u1ee3t b\u00ecnh ch\u1ecdn)    <\/div>     <\/div>  <p>M\u00e1y c\u00e1n b\u1ed9t c\u00f3 th\u1ec3 d\u1ec5 d\u00e0ng c\u00e1n b\u1ed9t cho v\u1ecf b\u00e1nh bao, v\u1ecf b\u00e1nh bao v\u00e0 v\u1ecf wonton. N\u00f3 h\u1ed7 tr\u1ee3 k\u00edch th\u01b0\u1edbc c\u00e1n t\u1ed1i \u0111a l\u00e0 17 cm v\u00e0 cung c\u1ea5p k\u00edch th\u01b0\u1edbc t\u00f9y ch\u1ec9nh \u0111\u1ec3 \u0111\u00e1p \u1ee9ng c\u00e1c nhu c\u1ea7u s\u1ea3n xu\u1ea5t kh\u00e1c nhau.<\/p>    <p>V\u1edbi s\u1ea3n l\u01b0\u1ee3ng \u1ea5n t\u01b0\u1ee3ng t\u1eeb 3000-4000 s\u1ea3n ph\u1ea9m m\u1ed7i gi\u1edd, n\u00f3 \u0111\u1ea3m b\u1ea3o hi\u1ec7u su\u1ea5t cao. M\u00e1y t\u1ea1o ra b\u1ed9t v\u1edbi gi\u1eefa d\u00e0y h\u01a1n v\u00e0 c\u00e1c c\u1ea1nh m\u1ecfng h\u01a1n, mang l\u1ea1i k\u1ebft c\u1ea5u ho\u00e0n h\u1ea3o cho b\u00e1nh bao, b\u00e1nh bao v\u00e0 v\u1ecf wonton. <\/p>    <figure class=\"wp-block-embed is-type-video is-provider-youtube wp-block-embed-youtube wp-embed-aspect-16-9 wp-has-aspect-ratio\"><div class=\"wp-block-embed__wrapper\"> <iframe loading=\"lazy\" title=\"C\u00e1ch M\u00e1y C\u00e1n B\u1ed9t Ho\u1ea1t \u0110\u1ed9ng | X\u1eed L\u00fd B\u1ed9t D\u1ec5 D\u00e0ng v\u00e0 Hi\u1ec7u Qu\u1ea3 #b\u1ed9t #c\u00e1n #m\u00e1yth\u1ef1cph\u1ea9m\" width=\"500\" height=\"281\" src=\"https:\/\/www.youtube.com\/embed\/TiL7Dr69mjg?feature=oembed\" frameborder=\"0\" allow=\"accelerometer; autoplay; clipboard-write; encrypted-media; gyroscope; picture-in-picture; web-share\" referrerpolicy=\"strict-origin-when-cross-origin\" allowfullscreen><\/iframe> <\/div><figcaption class=\"wp-element-caption\">Video l\u00e0m vi\u1ec7c c\u1ee7a m\u00e1y c\u00e1n b\u1ed9t<\/figcaption><\/figure>    <h2 class=\"wp-block-heading\">M\u00e1y c\u00e1n b\u1ed9t \u0111\u1ec3 b\u00e1n<\/h2>    <p>M\u00e1y C\u00e1n B\u1ed9t, v\u1edbi \u0111\u01b0\u1eddng k\u00ednh c\u00e1n t\u1ed1i \u0111a 17 cm, c\u00f3 kh\u1ea3 n\u0103ng x\u1eed l\u00fd c\u00e1c lo\u1ea1i b\u1ed9t v\u1edbi \u0111\u1ed9 d\u00e0y v\u00e0 k\u00edch th\u01b0\u1edbc kh\u00e1c nhau. N\u00f3 c\u0169ng cung c\u1ea5p s\u1ef1 linh ho\u1ea1t \u0111\u1ec3 th\u00eam b\u01a1 ghee, l\u00e0m cho n\u00f3 ho\u00e0n h\u1ea3o \u0111\u1ec3 t\u1ea1o ra l\u1edbp v\u1ecf gi\u00f2n, b\u01a1.<\/p>    <p>Thi\u1ebft k\u1ebf c\u1ee7a m\u00e1y cung c\u1ea5p s\u1ef1 linh ho\u1ea1t tuy\u1ec7t v\u1eddi v\u1edbi c\u00e1c t\u00f9y ch\u1ecdn khu\u00f4n kh\u00e1c nhau \u0111\u1ec3 \u0111\u1ea1t \u0111\u01b0\u1ee3c ho\u1eb7c l\u00e0 gi\u1eefa d\u00e0y h\u01a1n v\u00e0 c\u00e1c c\u1ea1nh m\u1ecfng h\u01a1n ho\u1eb7c m\u1ed9t t\u1ea5m b\u1ed9t ho\u00e0n to\u00e0n ph\u1eb3ng.<\/p>    <h3 class=\"wp-block-heading\"><strong>C\u00e1c t\u00ednh n\u0103ng ch\u00ednh<\/strong><\/h3>    <div class=\"wp-block-media-text is-stacked-on-mobile\"><figure class=\"wp-block-media-text__media\"><img loading=\"lazy\" decoding=\"async\" width=\"720\" height=\"540\" src=\"https:\/\/topfoodmachine.com\/wp-content\/uploads\/2025\/02\/dough-roller.webp\" alt=\"m\u00e1y c\u00e1n b\u1ed9t\" class=\"wp-image-1787 size-full\" srcset=\"https:\/\/topfoodmachine.com\/wp-content\/uploads\/2025\/02\/dough-roller.webp 720w, https:\/\/topfoodmachine.com\/wp-content\/uploads\/2025\/02\/dough-roller-300x225.webp 300w, https:\/\/topfoodmachine.com\/wp-content\/uploads\/2025\/02\/dough-roller-16x12.webp 16w\" sizes=\"auto, (max-width: 720px) 100vw, 720px\" \/><\/figure><div class=\"wp-block-media-text__content\"> <ul class=\"wp-block-list\"> <li><strong>\u0110\u01b0\u1eddng k\u00ednh t\u1ed1i \u0111a<\/strong>. 17 cm (v\u1edbi kho\u1ea3ng \u0111\u01b0\u1eddng k\u00ednh t\u1eeb 50-170 mm), ch\u1ee7 y\u1ebfu ph\u1ee5 thu\u1ed9c v\u00e0o chi\u1ec1u r\u1ed9ng c\u1ee7a b\u0103ng t\u1ea3i.<\/li>    <li><strong>C\u00f4ng su\u1ea5t s\u1ea3n xu\u1ea5t.<\/strong> 3000-4000 mi\u1ebfng m\u1ed7i gi\u1edd, ho\u1eb7c 40-60 mi\u1ebfng m\u1ed7i ph\u00fat, \u0111\u1ea3m b\u1ea3o hi\u1ec7u qu\u1ea3 cao cho s\u1ea3n xu\u1ea5t quy m\u00f4 l\u1edbn.<\/li>    <li><strong>Hi\u1ec7u \u1ee9ng b\u1ed9t<\/strong>. C\u00e1c t\u00f9y ch\u1ecdn \u0111\u1ec3 t\u1ea1o ra b\u1ed9t v\u1edbi m\u1ed9t trung t\u00e2m d\u00e0y v\u00e0 c\u00e1c c\u1ea1nh m\u1ecfng ho\u1eb7c b\u1ed9t ph\u1eb3ng ho\u00e0n h\u1ea3o d\u1ef1a tr\u00ean khu\u00f4n \u0111\u01b0\u1ee3c s\u1eed d\u1ee5ng.<\/li>    <li><strong>T\u00f9y ch\u1ec9nh.<\/strong> K\u00edch th\u01b0\u1edbc t\u00f9y ch\u1ec9nh c\u00f3 s\u1eb5n, ho\u00e0n h\u1ea3o cho c\u00e1c y\u00eau c\u1ea7u s\u1ea3n xu\u1ea5t kh\u00e1c nhau.<\/li>    <li><strong>V\u1eadn h\u00e0nh \u0111\u01a1n gi\u1ea3n.<\/strong> \u0110\u01b0\u1eddng \u0111i c\u1ee7a b\u1ed9t \u0111\u01b0\u1ee3c \u0111i\u1ec1u ch\u1ec9nh b\u1eb1ng c\u00e1ch \u0111i\u1ec1u ch\u1ec9nh \u0111\u01b0\u1eddng \u0111i c\u1ee7a b\u0103ng t\u1ea3i, \u0111\u1ea3m b\u1ea3o qu\u00e1 tr\u00ecnh c\u00e1n b\u1ed9t m\u01b0\u1ee3t m\u00e0 v\u00e0 \u0111\u1ed3ng nh\u1ea5t.<\/li>    <li><strong>Ch\u1ee9c n\u0103ng \u0111\u01a1n.<\/strong> M\u00e1y \u0111\u01b0\u1ee3c thi\u1ebft k\u1ebf \u0111\u1eb7c bi\u1ec7t cho vi\u1ec7c c\u00e1n b\u1ed9t m\u00e0 kh\u00f4ng c\u00f3 ch\u1ee9c n\u0103ng b\u1ed5 sung n\u00e0o kh\u00e1c.<\/li> <\/ul> <\/div><\/div>    <h2 class=\"wp-block-heading\">Thi\u1ebft b\u1ecb h\u1ed7 tr\u1ee3 c\u1ee7a m\u00e1y c\u00e1n b\u1ed9t<\/h2>    <p class=\"translation-block\"><strong>M\u00e1y C\u00e1n B\u1ed9t<\/strong> tr\u1edf n\u00ean hi\u1ec7u qu\u1ea3 h\u01a1n khi k\u1ebft h\u1ee3p v\u1edbi thi\u1ebft b\u1ecb h\u1ed7 tr\u1ee3 nh\u01b0 <strong><a href=\"https:\/\/topfoodmachine.com\/vi\/product\/automatic-dough-divider-rounder\/\">M\u00e1y Chia B\u1ed9t T\u1ef1 \u0110\u1ed9ng<\/a><\/strong>. <\/p>    <p>S\u1ef1 k\u1ebft h\u1ee3p n\u00e0y \u0111\u1ea3m b\u1ea3o m\u1ed9t quy tr\u00ecnh s\u1ea3n xu\u1ea5t li\u1ec1n m\u1ea1ch, kh\u1ed1i l\u01b0\u1ee3ng l\u1edbn kh\u00f4ng ch\u1ec9 b\u1eb1ng c\u00e1ch c\u00e1n b\u1ed9t m\u00e0 c\u00f2n chia ch\u00ednh x\u00e1c th\u00e0nh c\u00e1c ph\u1ea7n \u0111\u1ed3ng nh\u1ea5t. <\/p>    <p>B\u1eb1ng c\u00e1ch s\u1eed d\u1ee5ng c\u1ea3 hai m\u00e1y c\u00f9ng nhau, c\u00e1c doanh nghi\u1ec7p c\u00f3 th\u1ec3 n\u00e2ng cao \u0111\u00e1ng k\u1ec3 n\u0103ng su\u1ea5t v\u00e0 duy tr\u00ec ch\u1ea5t l\u01b0\u1ee3ng b\u1ed9t \u0111\u1ed3ng nh\u1ea5t.<\/p>    <figure class=\"wp-block-image size-full\"><img loading=\"lazy\" decoding=\"async\" width=\"720\" height=\"540\" src=\"https:\/\/topfoodmachine.com\/wp-content\/uploads\/2025\/02\/Dough-Sheeter-Machine-for-sale.webp\" alt=\"M\u00e1y C\u00e1n B\u1ed9t \u0111\u1ec3 b\u00e1n\" class=\"wp-image-1790\" srcset=\"https:\/\/topfoodmachine.com\/wp-content\/uploads\/2025\/02\/Dough-Sheeter-Machine-for-sale.webp 720w, https:\/\/topfoodmachine.com\/wp-content\/uploads\/2025\/02\/Dough-Sheeter-Machine-for-sale-300x225.webp 300w, https:\/\/topfoodmachine.com\/wp-content\/uploads\/2025\/02\/Dough-Sheeter-Machine-for-sale-16x12.webp 16w\" sizes=\"auto, (max-width: 720px) 100vw, 720px\" \/><figcaption class=\"wp-element-caption\">M\u00e1y C\u00e1n B\u1ed9t \u0111\u1ec3 b\u00e1n<\/figcaption><\/figure>    <h3 class=\"wp-block-heading\">L\u1ee3i \u00edch ch\u00ednh c\u1ee7a vi\u1ec7c k\u1ebft h\u1ee3p m\u00e1y c\u00e1n b\u1ed9t v\u1edbi m\u00e1y chia b\u1ed9t<\/h3>    <div class=\"wp-block-media-text has-media-on-the-right is-stacked-on-mobile\"><div class=\"wp-block-media-text__content\"> <ul class=\"wp-block-list\"> <li><strong>Ph\u1ea7n \u0111\u1ed3ng nh\u1ea5t<\/strong>. M\u00e1y chia b\u1ed9t \u0111\u1ea3m b\u1ea3o c\u00e1c ph\u1ea7n b\u1ed9t b\u1eb1ng nhau, gi\u00fap duy tr\u00ec s\u1ef1 \u0111\u1ed3ng nh\u1ea5t trong k\u00edch th\u01b0\u1edbc v\u00e0 tr\u1ecdng l\u01b0\u1ee3ng s\u1ea3n ph\u1ea9m cu\u1ed1i c\u00f9ng.<\/li>    <li><strong>T\u0103ng hi\u1ec7u qu\u1ea3<\/strong>. C\u00f9ng nhau, c\u00e1c m\u00e1y gi\u1ea3m b\u1edbt lao \u0111\u1ed9ng th\u1ee7 c\u00f4ng v\u00e0 t\u0103ng t\u1ed1c \u0111\u1ed9 s\u1ea3n xu\u1ea5t, cho ph\u00e9p s\u1ea3n l\u01b0\u1ee3ng cao h\u01a1n trong th\u1eddi gian ng\u1eafn h\u01a1n.<\/li>    <li><strong>C\u1ea3i thi\u1ec7n ch\u1ea5t l\u01b0\u1ee3ng s\u1ea3n ph\u1ea9m<\/strong>. C\u00e1c ph\u1ea7n b\u1ed9t \u0111\u1ed3ng nh\u1ea5t v\u00e0 \u0111\u1ed9 d\u00e0y \u0111\u1ed3ng \u0111\u1ec1u d\u1eabn \u0111\u1ebfn k\u1ebft qu\u1ea3 \u0111\u1ed3ng nh\u1ea5t h\u01a1n trong c\u00e1c s\u1ea3n ph\u1ea9m nh\u01b0 b\u00e1nh m\u00ec, b\u00e1nh cu\u1ed9n ho\u1eb7c b\u00e1nh bao.<\/li>    <li><strong>T\u00ednh linh ho\u1ea1t<\/strong>. Nh\u1eefng m\u00e1y n\u00e0y c\u00f3 th\u1ec3 \u0111\u01b0\u1ee3c s\u1eed d\u1ee5ng cho nhi\u1ec1u lo\u1ea1i b\u1ed9t kh\u00e1c nhau, cho d\u00f9 l\u00e0 h\u00e0ng h\u00f3a b\u00e1nh, b\u00e1nh bao hay c\u00e1c s\u1ea3n ph\u1ea9m d\u1ef1a tr\u00ean b\u1ed9t kh\u00e1c.<\/li> <\/ul> <\/div><figure class=\"wp-block-media-text__media\"><img loading=\"lazy\" decoding=\"async\" width=\"720\" height=\"540\" src=\"https:\/\/topfoodmachine.com\/wp-content\/uploads\/2024\/05\/electric-Dough-Divider-Rounder.webp\" alt=\"M\u00e1y chia tr\u00f2n b\u1ed9t \u0111i\u1ec7n\" class=\"wp-image-1254 size-full\" srcset=\"https:\/\/topfoodmachine.com\/wp-content\/uploads\/2024\/05\/electric-Dough-Divider-Rounder.webp 720w, https:\/\/topfoodmachine.com\/wp-content\/uploads\/2024\/05\/electric-Dough-Divider-Rounder-300x225.webp 300w, https:\/\/topfoodmachine.com\/wp-content\/uploads\/2024\/05\/electric-Dough-Divider-Rounder-16x12.webp 16w\" sizes=\"auto, (max-width: 720px) 100vw, 720px\" \/><\/figure><\/div>    <h2 class=\"wp-block-heading\">C\u00e2u h\u1ecfi th\u01b0\u1eddng g\u1eb7p v\u1ec1 m\u00e1y c\u00e1n b\u1ed9t<\/h2>   <div id=\"rank-math-faq\" class=\"rank-math-block\"> <div class=\"rank-math-list\"> <div id=\"faq-question-1739515765950\" class=\"rank-math-list-item\"> <h3 class=\"rank-math-question\">M\u00e1y c\u00f3 th\u1ec3 x\u1eed l\u00fd nh\u1eefng lo\u1ea1i b\u1ed9t n\u00e0o?<\/h3> <div class=\"rank-math-answer\">  <p>M\u00e1y ph\u00f9 h\u1ee3p cho nhi\u1ec1u lo\u1ea1i b\u1ed9t kh\u00e1c nhau, bao g\u1ed3m b\u1ed9t cho b\u00e1nh bao, b\u00e1nh bao, v\u1ecf wonton v\u00e0 c\u00e1c s\u1ea3n ph\u1ea9m d\u1ef1a tr\u00ean b\u00e1nh kh\u00e1c. N\u00f3 c\u00f3 th\u1ec3 \u0111\u01b0\u1ee3c s\u1eed d\u1ee5ng cho c\u1ea3 b\u1ed9t m\u1ec1m v\u00e0 b\u1ed9t c\u1ee9ng.<\/p>  <\/div> <\/div> <div id=\"faq-question-1739516000319\" class=\"rank-math-list-item\"> <h3 class=\"rank-math-question\">C\u00f3 th\u1ec3 \u0111i\u1ec1u ch\u1ec9nh \u0111\u1ed9 d\u00e0y c\u1ee7a t\u1ea5m b\u1ed9t kh\u00f4ng?<\/h3> <div class=\"rank-math-answer\">  <p>C\u00f3, \u0111\u1ed9 d\u00e0y c\u1ee7a t\u1ea5m b\u1ed9t c\u00f3 th\u1ec3 d\u1ec5 d\u00e0ng \u0111i\u1ec1u ch\u1ec9nh b\u1eb1ng c\u00e1ch s\u1eed d\u1ee5ng c\u00e1c c\u00e0i \u0111\u1eb7t c\u1ee7a m\u00e1y. \u0110i\u1ec1u n\u00e0y cho ph\u00e9p t\u00f9y ch\u1ec9nh \u0111\u1ed9 d\u00e0y c\u1ee7a b\u1ed9t \u0111\u1ec3 ph\u00f9 h\u1ee3p v\u1edbi c\u00e1c \u1ee9ng d\u1ee5ng kh\u00e1c nhau, ch\u1eb3ng h\u1ea1n nh\u01b0 l\u1edbp v\u1ecf d\u00e0y h\u01a1n cho b\u00e1nh bao ho\u1eb7c t\u1ea5m m\u1ecfng h\u01a1n cho b\u00e1nh bao.<\/p>  <\/div> <\/div> <div id=\"faq-question-1739516023109\" class=\"rank-math-list-item\"> <h3 class=\"rank-math-question\">M\u00e1y C\u00e1n B\u1ed9t \u0111\u1ea1t \u0111\u01b0\u1ee3c hi\u1ec7u \u1ee9ng \u2018gi\u1eefa d\u00e0y h\u01a1n v\u00e0 c\u00e1c c\u1ea1nh m\u1ecfng h\u01a1n\u2019 nh\u01b0 th\u1ebf n\u00e0o?<\/h3> <div class=\"rank-math-answer\">  <p class=\"translation-block\">M\u00e1y s\u1eed d\u1ee5ng c\u00e1c khu\u00f4n \u0111\u01b0\u1ee3c thi\u1ebft k\u1ebf \u0111\u1eb7c bi\u1ec7t \u0111\u1ec3 t\u1ea1o ra c\u00e1c t\u1ea5m b\u1ed9t v\u1edbi <strong>gi\u1eefa d\u00e0y h\u01a1n<\/strong> v\u00e0 <strong>c\u00e1c c\u1ea1nh m\u1ecfng h\u01a1n<\/strong>, \u0111i\u1ec1u n\u00e0y l\u00fd t\u01b0\u1edfng cho m\u1ed9t s\u1ed1 lo\u1ea1i b\u00e1nh bao, b\u00e1nh ng\u1ecdt v\u00e0 c\u00e1c s\u1ea3n ph\u1ea9m kh\u00e1c.<\/p>  <\/div> <\/div> <div id=\"faq-question-1739516091551\" class=\"rank-math-list-item\"> <h3 class=\"rank-math-question\">M\u00e1y c\u00f3 d\u1ec5 d\u00e0ng \u0111\u1ec3 l\u00e0m s\u1ea1ch v\u00e0 b\u1ea3o tr\u00ec kh\u00f4ng?<\/h3> <div class=\"rank-math-answer\">  <p>C\u00f3, M\u00e1y C\u00e1n B\u1ed9t \u0111\u01b0\u1ee3c thi\u1ebft k\u1ebf \u0111\u1ec3 b\u1ea3o tr\u00ec d\u1ec5 d\u00e0ng. C\u00e1c th\u00e0nh ph\u1ea7n d\u1ec5 d\u00e0ng ti\u1ebfp c\u1eadn \u0111\u1ec3 l\u00e0m s\u1ea1ch, \u0111\u1ea3m b\u1ea3o r\u1eb1ng b\u1ea1n c\u00f3 th\u1ec3 duy tr\u00ec ti\u00eau chu\u1ea9n v\u1ec7 sinh v\u00e0 k\u00e9o d\u00e0i tu\u1ed5i th\u1ecd c\u1ee7a m\u00e1y.<\/p>  <\/div> <\/div> <\/div> <\/div>   <figure class=\"wp-block-image size-full\"><img loading=\"lazy\" decoding=\"async\" width=\"720\" height=\"540\" src=\"https:\/\/topfoodmachine.com\/wp-content\/uploads\/2025\/02\/dough.webp\" alt=\"b\u1ed9t\" class=\"wp-image-1791\" srcset=\"https:\/\/topfoodmachine.com\/wp-content\/uploads\/2025\/02\/dough.webp 720w, https:\/\/topfoodmachine.com\/wp-content\/uploads\/2025\/02\/dough-300x225.webp 300w, https:\/\/topfoodmachine.com\/wp-content\/uploads\/2025\/02\/dough-16x12.webp 16w\" sizes=\"auto, (max-width: 720px) 100vw, 720px\" \/><figcaption class=\"wp-element-caption\">b\u1ed9t<\/figcaption><\/figure>    <h2 class=\"wp-block-heading\">Tr\u01b0\u1eddng h\u1ee3p th\u00e0nh c\u00f4ng c\u1ee7a b\u1ed9t <a href=\"https:\/\/en.wikipedia.org\/wiki\/Roller\" data-type=\"link\" data-id=\"https:\/\/en.wikipedia.org\/wiki\/Roller\" target=\"_blank\" rel=\"noopener\">c\u00e1n<\/a><\/h2>    <p class=\"translation-block\">M\u1ed9t c\u00f4ng ty th\u1ef1c ph\u1ea9m, c\u00f3 tr\u1ee5 s\u1edf t\u1ea1i <strong>M\u1ef9<\/strong>, chuy\u00ean s\u1ea3n xu\u1ea5t b\u00e1nh bao v\u00e0 b\u00e1nh bao nh\u01b0ng g\u1eb7p v\u1ea5n \u0111\u1ec1 v\u1edbi \u0111\u1ed9 d\u00e0y b\u1ed9t kh\u00f4ng \u0111\u1ed3ng \u0111\u1ec1u v\u00e0 hi\u1ec7u su\u1ea5t s\u1ea3n xu\u1ea5t th\u1ea5p. H\u1ecd \u0111ang t\u00ecm ki\u1ebfm m\u1ed9t m\u00e1y c\u00e1n b\u1ed9t hi\u1ec7u su\u1ea5t cao \u0111\u1ec3 \u0111\u1ea3m b\u1ea3o ch\u1ea5t l\u01b0\u1ee3ng b\u1ed9t \u0111\u1ed3ng nh\u1ea5t.<\/p>    <p>Sau khi hi\u1ec3u nhu c\u1ea7u c\u1ee7a kh\u00e1ch h\u00e0ng, ch\u00fang t\u00f4i \u0111\u00e3 \u0111\u1ec1 xu\u1ea5t M\u00e1y C\u00e1n B\u1ed9t, cho ph\u00e9p \u0111i\u1ec1u ch\u1ec9nh \u0111\u1ed9 d\u00e0y b\u1ed9t ch\u00ednh x\u00e1c, ph\u00f9 h\u1ee3p cho s\u1ea3n xu\u1ea5t quy m\u00f4 l\u1edbn. Ch\u00fang t\u00f4i \u0111\u00e3 gi\u1ea3i quy\u1ebft nh\u1eefng lo ng\u1ea1i c\u1ee7a kh\u00e1ch h\u00e0ng v\u1ec1 s\u1ea3n l\u01b0\u1ee3ng v\u00e0 d\u1ec5 v\u1eadn h\u00e0nh<\/p>    <p>Sau khi tri\u1ec3n khai, c\u00f4ng ty th\u1ef1c ph\u1ea9m n\u00e0y \u0111\u00e3 t\u0103ng s\u1ea3n l\u01b0\u1ee3ng, v\u1edbi ch\u1ea5t l\u01b0\u1ee3ng b\u1ed9t \u0111\u1ed3ng nh\u1ea5t. Hi\u1ec7u su\u1ea5t s\u1ea3n xu\u1ea5t \u0111\u00e3 c\u1ea3i thi\u1ec7n 30%, v\u00e0 kh\u00e1ch h\u00e0ng r\u1ea5t h\u00e0i l\u00f2ng v\u1edbi hi\u1ec7u su\u1ea5t c\u1ee7a m\u00e1y v\u00e0 k\u1ebft qu\u1ea3 b\u1ed9t.<\/p>    <figure class=\"wp-block-gallery has-nested-images columns-default is-cropped wp-block-gallery-2 is-layout-flex wp-block-gallery-is-layout-flex\"> <figure class=\"wp-block-image size-large\"><img loading=\"lazy\" decoding=\"async\" width=\"720\" height=\"540\" data-id=\"1788\" src=\"https:\/\/topfoodmachine.com\/wp-content\/uploads\/2025\/02\/dough-roller-details.webp\" alt=\"Chi ti\u1ebft m\u00e1y c\u00e1n b\u1ed9t\" class=\"wp-image-1788\" srcset=\"https:\/\/topfoodmachine.com\/wp-content\/uploads\/2025\/02\/dough-roller-details.webp 720w, https:\/\/topfoodmachine.com\/wp-content\/uploads\/2025\/02\/dough-roller-details-300x225.webp 300w, https:\/\/topfoodmachine.com\/wp-content\/uploads\/2025\/02\/dough-roller-details-16x12.webp 16w\" sizes=\"auto, (max-width: 720px) 100vw, 720px\" \/><figcaption class=\"wp-element-caption\">Chi ti\u1ebft m\u00e1y c\u00e1n b\u1ed9t<\/figcaption><\/figure>    <figure class=\"wp-block-image size-large\"><img loading=\"lazy\" decoding=\"async\" width=\"720\" height=\"540\" data-id=\"1789\" src=\"https:\/\/topfoodmachine.com\/wp-content\/uploads\/2025\/02\/Dough-Sheeter-Machine-price.webp\" alt=\"Gi\u00e1 M\u00e1y C\u00e1n B\u1ed9t\" class=\"wp-image-1789\" srcset=\"https:\/\/topfoodmachine.com\/wp-content\/uploads\/2025\/02\/Dough-Sheeter-Machine-price.webp 720w, https:\/\/topfoodmachine.com\/wp-content\/uploads\/2025\/02\/Dough-Sheeter-Machine-price-300x225.webp 300w, https:\/\/topfoodmachine.com\/wp-content\/uploads\/2025\/02\/Dough-Sheeter-Machine-price-16x12.webp 16w\" sizes=\"auto, (max-width: 720px) 100vw, 720px\" \/><figcaption class=\"wp-element-caption\">Gi\u00e1 M\u00e1y C\u00e1n B\u1ed9t<\/figcaption><\/figure> <\/figure>    <h2 class=\"wp-block-heading\">Ph\u1ea7n k\u1ebft lu\u1eadn<\/h2>    <p class=\"translation-block\">T\u00f3m l\u1ea1i, <strong>M\u00e1y C\u00e1n B\u1ed9t<\/strong> l\u00e0 m\u1ed9t c\u00f4ng c\u1ee5 thi\u1ebft y\u1ebfu cho c\u00e1c doanh nghi\u1ec7p mu\u1ed1n c\u1ea3i thi\u1ec7n hi\u1ec7u qu\u1ea3 x\u1eed l\u00fd b\u1ed9t trong khi v\u1eabn duy tr\u00ec k\u1ebft qu\u1ea3 ch\u1ea5t l\u01b0\u1ee3ng cao. V\u1edbi kh\u1ea3 n\u0103ng s\u1ea3n xu\u1ea5t \u0111\u1ed9 d\u00e0y b\u1ed9t \u0111\u1ed3ng nh\u1ea5t v\u00e0 x\u1eed l\u00fd s\u1ea3n xu\u1ea5t kh\u1ed1i l\u01b0\u1ee3ng l\u1edbn, n\u00f3 ho\u00e0n h\u1ea3o cho c\u00e1c ti\u1ec7m b\u00e1nh, nh\u00e0 h\u00e0ng v\u00e0 nh\u00e0 s\u1ea3n xu\u1ea5t th\u1ef1c ph\u1ea9m. <\/p>    <p class=\"translation-block\">\u0110\u1ec3 bi\u1ebft th\u00eam th\u00f4ng tin ho\u1eb7c \u0111\u1ec3 h\u1ecfi v\u1ec1 gi\u00e1 c\u1ea3, h\u00e3y c\u1ea3m th\u1ea5y t\u1ef1 do <strong>li\u00ean h\u1ec7 v\u1edbi ch\u00fang t\u00f4i<\/strong>. Ch\u00fang t\u00f4i r\u1ea5t vui l\u00f2ng h\u1ed7 tr\u1ee3 b\u1ea1n v\u1edbi b\u1ea5t k\u1ef3 c\u00e2u h\u1ecfi n\u00e0o v\u00e0 cung c\u1ea5p gi\u1ea3i ph\u00e1p ph\u00f9 h\u1ee3p v\u1edbi nhu c\u1ea7u kinh doanh c\u1ee7a b\u1ea1n.<\/p>","protected":false},"excerpt":{"rendered":"<p>M\u00e1y c\u00e1n b\u1ed9t c\u00f3 th\u1ec3 d\u1ec5 d\u00e0ng c\u00e1n b\u1ed9t cho v\u1ecf b\u00e1nh bao, v\u1ecf b\u00e1nh bao v\u00e0 v\u1ecf wonton. N\u00f3 h\u1ed7 tr\u1ee3 k\u00edch th\u01b0\u1edbc c\u00e1n t\u1ed1i \u0111a l\u00e0 17 cm v\u00e0 cung c\u1ea5p k\u00edch th\u01b0\u1edbc t\u00f9y ch\u1ec9nh \u0111\u1ec3 \u0111\u00e1p \u1ee9ng c\u00e1c nhu c\u1ea7u s\u1ea3n xu\u1ea5t kh\u00e1c nhau.<\/p>","protected":false},"author":1,"featured_media":1786,"parent":0,"template":"","tags":[106],"product-type":[6],"class_list":["post-1784","product","type-product","status-publish","has-post-thumbnail","hentry","tag-dough-sheeter-machine","product-type-pastry-production-machine"],"_links":{"self":[{"href":"https:\/\/topfoodmachine.com\/vi\/wp-json\/wp\/v2\/product\/1784","targetHints":{"allow":["GET"]}}],"collection":[{"href":"https:\/\/topfoodmachine.com\/vi\/wp-json\/wp\/v2\/product"}],"about":[{"href":"https:\/\/topfoodmachine.com\/vi\/wp-json\/wp\/v2\/types\/product"}],"author":[{"embeddable":true,"href":"https:\/\/topfoodmachine.com\/vi\/wp-json\/wp\/v2\/users\/1"}],"wp:featuredmedia":[{"embeddable":true,"href":"https:\/\/topfoodmachine.com\/vi\/wp-json\/wp\/v2\/media\/1786"}],"wp:attachment":[{"href":"https:\/\/topfoodmachine.com\/vi\/wp-json\/wp\/v2\/media?parent=1784"}],"wp:term":[{"taxonomy":"post_tag","embeddable":true,"href":"https:\/\/topfoodmachine.com\/vi\/wp-json\/wp\/v2\/tags?post=1784"},{"taxonomy":"product-type","embeddable":true,"href":"https:\/\/topfoodmachine.com\/vi\/wp-json\/wp\/v2\/product-type?post=1784"}],"curies":[{"name":"wp","href":"https:\/\/api.w.org\/{rel}","templated":true}]}}