{"id":1768,"date":"2025-02-11T16:44:08","date_gmt":"2025-02-11T08:44:08","guid":{"rendered":"https:\/\/topfoodmachine.com\/?post_type=product&#038;p=1768"},"modified":"2025-02-11T16:44:08","modified_gmt":"2025-02-11T08:44:08","slug":"siomai-making-machine","status":"publish","type":"product","link":"https:\/\/topfoodmachine.com\/vi\/product\/siomai-making-machine\/","title":{"rendered":"M\u00e1y l\u00e0m siomai"},"content":{"rendered":"<div class=\"kk-star-ratings kksr-auto kksr-align-left kksr-valign-top\"     data-payload='{&quot;align&quot;:&quot;left&quot;,&quot;id&quot;:&quot;1768&quot;,&quot;slug&quot;:&quot;default&quot;,&quot;valign&quot;:&quot;top&quot;,&quot;ignore&quot;:&quot;&quot;,&quot;reference&quot;:&quot;auto&quot;,&quot;class&quot;:&quot;&quot;,&quot;count&quot;:&quot;29&quot;,&quot;legendonly&quot;:&quot;&quot;,&quot;readonly&quot;:&quot;&quot;,&quot;score&quot;:&quot;4.7&quot;,&quot;starsonly&quot;:&quot;&quot;,&quot;best&quot;:&quot;5&quot;,&quot;gap&quot;:&quot;5&quot;,&quot;greet&quot;:&quot;Rate this product&quot;,&quot;legend&quot;:&quot;4.7\\\/5 - (29 b\u00ecnh ch\u1ecdn)&quot;,&quot;size&quot;:&quot;24&quot;,&quot;title&quot;:&quot;Siomai making machine&quot;,&quot;width&quot;:&quot;133.8&quot;,&quot;_legend&quot;:&quot;{score}\\\/{best} - ({count} {votes})&quot;,&quot;font_factor&quot;:&quot;1.25&quot;}'>              <div class=\"kksr-stars\">      <div class=\"kksr-stars-inactive\">             <div class=\"kksr-star\" data-star=\"1\" style=\"padding-right: 5px\">               <div class=\"kksr-icon\" style=\"width: 24px; height: 24px;\"><\/div>         <\/div>             <div class=\"kksr-star\" data-star=\"2\" style=\"padding-right: 5px\">               <div class=\"kksr-icon\" style=\"width: 24px; height: 24px;\"><\/div>         <\/div>             <div class=\"kksr-star\" data-star=\"3\" style=\"padding-right: 5px\">               <div class=\"kksr-icon\" style=\"width: 24px; height: 24px;\"><\/div>         <\/div>             <div class=\"kksr-star\" data-star=\"4\" style=\"padding-right: 5px\">               <div class=\"kksr-icon\" style=\"width: 24px; height: 24px;\"><\/div>         <\/div>             <div class=\"kksr-star\" data-star=\"5\" style=\"padding-right: 5px\">               <div class=\"kksr-icon\" style=\"width: 24px; height: 24px;\"><\/div>         <\/div>     <\/div>      <div class=\"kksr-stars-active\" style=\"width: 133.8px;\">             <div class=\"kksr-star\" style=\"padding-right: 5px\">               <div class=\"kksr-icon\" style=\"width: 24px; height: 24px;\"><\/div>         <\/div>             <div class=\"kksr-star\" style=\"padding-right: 5px\">               <div class=\"kksr-icon\" style=\"width: 24px; height: 24px;\"><\/div>         <\/div>             <div class=\"kksr-star\" style=\"padding-right: 5px\">               <div class=\"kksr-icon\" style=\"width: 24px; height: 24px;\"><\/div>         <\/div>             <div class=\"kksr-star\" style=\"padding-right: 5px\">               <div class=\"kksr-icon\" style=\"width: 24px; height: 24px;\"><\/div>         <\/div>             <div class=\"kksr-star\" style=\"padding-right: 5px\">               <div class=\"kksr-icon\" style=\"width: 24px; height: 24px;\"><\/div>         <\/div>     <\/div> <\/div>                   <div class=\"kksr-legend\" style=\"font-size: 19.2px;\">             4.7\/5 - (29 l\u01b0\u1ee3t b\u00ecnh ch\u1ecdn)    <\/div>     <\/div>  <p>M\u00e1y l\u00e0m siomai c\u00f3 th\u1ec3 ch\u1ebf bi\u1ebfn siomai v\u1edbi nhi\u1ec1u h\u00ecnh d\u1ea1ng kh\u00e1c nhau, v\u1edbi s\u1ea3n l\u01b0\u1ee3ng \u1ea5n t\u01b0\u1ee3ng l\u00ean \u0111\u1ebfn 9.000 chi\u1ebfc m\u1ed7i gi\u1edd. M\u00e1y cung c\u1ea5p c\u00e1c t\u00f9y ch\u1ecdn tr\u1ecdng l\u01b0\u1ee3ng t\u00f9y ch\u1ec9nh t\u1eeb 30g \u0111\u1ebfn 80g m\u1ed7i chi\u1ebfc, v\u00e0 ph\u00f9 h\u1ee3p v\u1edbi nhi\u1ec1u lo\u1ea1i nh\u00e2n kh\u00e1c nhau, bao g\u1ed3m th\u1ecbt, g\u1ea1o n\u1ebfp v\u00e0 c\u00e1c nguy\u00ean li\u1ec7u tr\u1ed9n, v\u1edbi \u01b0u ti\u00ean cho c\u00e1c h\u1ea1t m\u1ecbn h\u01a1n. <\/p>    <p>M\u00e1y d\u1ec5 v\u1eadn h\u00e0nh\u2014ch\u1ec9 c\u1ea7n cho b\u1ed9t v\u00e0o, v\u00e0 m\u00e1y s\u1ebd t\u1ef1 \u0111\u1ed9ng t\u1ea1o h\u00ecnh siomai. Tuy nhi\u00ean, m\u1ed7i m\u00e1y \u0111\u01b0\u1ee3c thi\u1ebft k\u1ebf cho m\u1ed9t h\u00ecnh d\u1ea1ng c\u1ee5 th\u1ec3 v\u00e0 kh\u00f4ng th\u1ec3 thay \u0111\u1ed5i v\u1edbi c\u00e1c khu\u00f4n kh\u00e1c nhau, \u0111\u1ea3m b\u1ea3o s\u1ea3n ph\u1ea9m c\u00f3 ngo\u1ea1i h\u00ecnh \u0111\u1ed3ng nh\u1ea5t v\u00e0 s\u1ea3n xu\u1ea5t \u1ed5n \u0111\u1ecbnh.<\/p>    <figure class=\"wp-block-embed is-type-video is-provider-youtube wp-block-embed-youtube wp-embed-aspect-16-9 wp-has-aspect-ratio\"><div class=\"wp-block-embed__wrapper\"> <iframe loading=\"lazy\" title=\"C\u00e1ch s\u1eed d\u1ee5ng m\u00e1y l\u00e0m siomai \u0111\u1ec3 c\u00f3 nh\u1eefng chi\u1ebfc b\u00e1nh ho\u00e0n h\u1ea3o m\u1ed7i l\u1ea7n #siomai #ch\u1ebfbi\u1ebfnth\u1ef1cph\u1ea9m\" width=\"500\" height=\"281\" src=\"https:\/\/www.youtube.com\/embed\/o24xKG3mFjo?feature=oembed\" frameborder=\"0\" allow=\"accelerometer; autoplay; clipboard-write; encrypted-media; gyroscope; picture-in-picture; web-share\" referrerpolicy=\"strict-origin-when-cross-origin\" allowfullscreen><\/iframe> <\/div><figcaption class=\"wp-element-caption\">video l\u00e0m siomai<\/figcaption><\/figure>    <h2 class=\"wp-block-heading\">M\u00e1y l\u00e0m siomai b\u00e1n ch\u1ea1y<\/h2>    <p>M\u00e1y l\u00e0m siomai b\u00e1n ch\u1ea1y c\u1ee7a ch\u00fang t\u00f4i l\u00e0 l\u1ef1a ch\u1ecdn ph\u1ed5 bi\u1ebfn cho c\u00e1c doanh nghi\u1ec7p \u1edf c\u00e1c khu v\u1ef1c nh\u01b0 \u0110\u00f4ng Nam \u00c1, Trung \u0110\u00f4ng v\u00e0 c\u00e1c n\u01a1i kh\u00e1c tr\u00ean th\u1ebf gi\u1edbi n\u01a1i siomai l\u00e0 m\u00f3n \u0103n \u0111\u01b0\u1ee3c y\u00eau th\u00edch. N\u00f3 ho\u00e0n h\u1ea3o \u0111\u1ec3 s\u1ea3n xu\u1ea5t nhi\u1ec1u lo\u1ea1i siomai, bao g\u1ed3m siomai truy\u1ec1n th\u1ed1ng nh\u00e2n th\u1ecbt heo, g\u00e0, b\u00f2 v\u00e0 h\u1ea3i s\u1ea3n. <\/p>    <p>Ngo\u00e0i ra, m\u00e1y c\u0169ng c\u00f3 th\u1ec3 x\u1eed l\u00fd c\u00e1c bi\u1ebfn th\u1ec3 \u0111\u1ed9c \u0111\u00e1o nh\u01b0 siomai g\u1ea1o n\u1ebfp v\u00e0 c\u00e1c t\u00f9y ch\u1ecdn nh\u00e2n tr\u1ed9n. V\u1edbi t\u00ednh linh ho\u1ea1t v\u00e0 s\u1ea3n l\u01b0\u1ee3ng cao, m\u00e1y l\u00e0m siomai c\u1ee7a ch\u00fang t\u00f4i \u0111\u00e1p \u1ee9ng nhu c\u1ea7u ng\u00e0y c\u00e0ng t\u0103ng cho m\u00f3n \u0103n ngon n\u00e0y tr\u00ean nhi\u1ec1u th\u1ecb tr\u01b0\u1eddng to\u00e0n c\u1ea7u, cung c\u1ea5p cho c\u00e1c doanh nghi\u1ec7p m\u1ed9t gi\u1ea3i ph\u00e1p \u0111\u00e1ng tin c\u1eady v\u00e0 hi\u1ec7u qu\u1ea3 \u0111\u1ec3 m\u1edf r\u1ed9ng danh m\u1ee5c s\u1ea3n ph\u1ea9m c\u1ee7a h\u1ecd.<\/p>    <figure class=\"wp-block-image size-full\"><img loading=\"lazy\" decoding=\"async\" width=\"720\" height=\"540\" src=\"https:\/\/topfoodmachine.com\/wp-content\/uploads\/2025\/02\/shumai-1.webp\" alt=\"shumai\" class=\"wp-image-1772\" srcset=\"https:\/\/topfoodmachine.com\/wp-content\/uploads\/2025\/02\/shumai-1.webp 720w, https:\/\/topfoodmachine.com\/wp-content\/uploads\/2025\/02\/shumai-1-300x225.webp 300w, https:\/\/topfoodmachine.com\/wp-content\/uploads\/2025\/02\/shumai-1-16x12.webp 16w\" sizes=\"auto, (max-width: 720px) 100vw, 720px\" \/><figcaption class=\"wp-element-caption\">shumai<\/figcaption><\/figure>    <h2 class=\"wp-block-heading\">T\u00f9y ch\u1ecdn t\u00f9y ch\u1ec9nh cho m\u00e1y l\u00e0m siomai<\/h2>    <div class=\"wp-block-media-text is-stacked-on-mobile\"><figure class=\"wp-block-media-text__media\"><img loading=\"lazy\" decoding=\"async\" width=\"720\" height=\"540\" src=\"https:\/\/topfoodmachine.com\/wp-content\/uploads\/2025\/02\/shaomai-making-machine.webp\" alt=\"m\u00e1y l\u00e0m shaomai\" class=\"wp-image-1773 size-full\" srcset=\"https:\/\/topfoodmachine.com\/wp-content\/uploads\/2025\/02\/shaomai-making-machine.webp 720w, https:\/\/topfoodmachine.com\/wp-content\/uploads\/2025\/02\/shaomai-making-machine-300x225.webp 300w, https:\/\/topfoodmachine.com\/wp-content\/uploads\/2025\/02\/shaomai-making-machine-16x12.webp 16w\" sizes=\"auto, (max-width: 720px) 100vw, 720px\" \/><\/figure><div class=\"wp-block-media-text__content\"> <ul class=\"wp-block-list\"> <li><strong>\u0110\u1ed9 d\u00e0y v\u1ecf<\/strong>. \u0110i\u1ec1u ch\u1ec9nh \u0111\u1ed9 d\u00e0y v\u1ecf \u0111\u1ec3 \u0111\u1ea1t \u0111\u01b0\u1ee3c k\u1ebft c\u1ea5u v\u00e0 \u0111\u1ed9 \u0111\u1ed3ng nh\u1ea5t mong mu\u1ed1n cho siomai c\u1ee7a b\u1ea1n.<\/li>    <li><strong>T\u00f9y ch\u1ecdn nh\u00e2n<\/strong>. Ph\u00f9 h\u1ee3p v\u1edbi nhi\u1ec1u lo\u1ea1i nh\u00e2n kh\u00e1c nhau, bao g\u1ed3m th\u1ecbt, rau v\u00e0 nh\u00e2n tr\u1ed9n.<\/li>    <li><strong>Thi\u1ebft b\u1ecb th\u00eam \u0111\u1eadu xanh<\/strong>. M\u00e1y c\u00f3 th\u1ec3 \u0111\u01b0\u1ee3c trang b\u1ecb m\u1ed9t thi\u1ebft b\u1ecb \u0111\u1eb7c bi\u1ec7t \u0111\u1ec3 t\u1ef1 \u0111\u1ed9ng th\u00eam \u0111\u1eadu xanh l\u00ean tr\u00ean siomai \u0111\u1ec3 c\u1ea3i thi\u1ec7n tr\u00ecnh b\u00e0y.<\/li> <\/ul> <\/div><\/div>    <div class=\"wp-block-media-text has-media-on-the-right is-stacked-on-mobile\"><div class=\"wp-block-media-text__content\"> <ul class=\"wp-block-list\"> <li><strong>\u0110\u1eb7t nguy\u00ean li\u1ec7u th\u1ee7 c\u00f4ng<\/strong>. \u0110\u1ed1i v\u1edbi c\u00e1c nguy\u00ean li\u1ec7u nh\u01b0 t\u00f4m, c\u1ea7n ph\u1ea3i \u0111\u1eb7t th\u1ee7 c\u00f4ng, nh\u01b0ng m\u00e1y v\u1eabn c\u00f3 th\u1ec3 x\u1eed l\u00fd nhi\u1ec1u lo\u1ea1i v\u1eadt li\u1ec7u kh\u00e1c nhau.<\/li>    <li><strong>Bi\u1ebfn th\u1ec3 k\u00edch th\u01b0\u1edbc v\u00e0 h\u00ecnh d\u1ea1ng<\/strong>. T\u00f9y ch\u1ec9nh m\u00e1y \u0111\u1ec3 s\u1ea3n xu\u1ea5t c\u00e1c k\u00edch th\u01b0\u1edbc v\u00e0 h\u00ecnh d\u1ea1ng kh\u00e1c nhau c\u1ee7a siomai, t\u1eeb truy\u1ec1n th\u1ed1ng \u0111\u1ebfn thi\u1ebft k\u1ebf \u0111\u1ed9c \u0111\u00e1o.<\/li>    <li><strong>C\u1ea5u h\u00ecnh m\u00e1y<\/strong>. Thay \u0111\u1ed5i c\u1ea5u h\u00ecnh b\u1eb1ng c\u00e1ch th\u00eam c\u00e1c ph\u1ec5u b\u1ed5 sung ho\u1eb7c thay \u0111\u1ed5i thi\u1ebft k\u1ebf khu\u00f4n \u0111\u1ec3 \u0111\u00e1p \u1ee9ng nhu c\u1ea7u s\u1ea3n xu\u1ea5t c\u1ee5 th\u1ec3.<\/li> <\/ul> <\/div><figure class=\"wp-block-media-text__media\"><img loading=\"lazy\" decoding=\"async\" width=\"720\" height=\"540\" src=\"https:\/\/topfoodmachine.com\/wp-content\/uploads\/2025\/02\/shumai-forming-machine.webp\" alt=\"m\u00e1y t\u1ea1o h\u00ecnh shumai\" class=\"wp-image-1774 size-full\" srcset=\"https:\/\/topfoodmachine.com\/wp-content\/uploads\/2025\/02\/shumai-forming-machine.webp 720w, https:\/\/topfoodmachine.com\/wp-content\/uploads\/2025\/02\/shumai-forming-machine-300x225.webp 300w, https:\/\/topfoodmachine.com\/wp-content\/uploads\/2025\/02\/shumai-forming-machine-16x12.webp 16w\" sizes=\"auto, (max-width: 720px) 100vw, 720px\" \/><\/figure><\/div>    <p>Nh\u1eefng t\u00f9y ch\u1ecdn t\u00f9y ch\u1ec9nh n\u00e0y \u0111\u1ea3m b\u1ea3o m\u00e1y l\u00e0m siomai c\u00f3 th\u1ec3 ph\u1ee5c v\u1ee5 cho c\u00e1c y\u00eau c\u1ea7u \u0111a d\u1ea1ng c\u1ee7a b\u1ea5t k\u1ef3 doanh nghi\u1ec7p n\u00e0o, t\u1eeb c\u00e1c ho\u1ea1t \u0111\u1ed9ng quy m\u00f4 nh\u1ecf \u0111\u1ebfn c\u00e1c nh\u00e0 m\u00e1y l\u1edbn.<\/p>    <h2 class=\"wp-block-heading\">T\u00ednh n\u0103ng c\u1ee7a m\u00e1y l\u00e0m shaomai<\/h2>    <div class=\"wp-block-media-text is-stacked-on-mobile\"><figure class=\"wp-block-media-text__media\"><img loading=\"lazy\" decoding=\"async\" width=\"720\" height=\"540\" src=\"https:\/\/topfoodmachine.com\/wp-content\/uploads\/2025\/02\/shumai-making-machine.webp\" alt=\"m\u00e1y l\u00e0m shumai\" class=\"wp-image-1776 size-full\" srcset=\"https:\/\/topfoodmachine.com\/wp-content\/uploads\/2025\/02\/shumai-making-machine.webp 720w, https:\/\/topfoodmachine.com\/wp-content\/uploads\/2025\/02\/shumai-making-machine-300x225.webp 300w, https:\/\/topfoodmachine.com\/wp-content\/uploads\/2025\/02\/shumai-making-machine-16x12.webp 16w\" sizes=\"auto, (max-width: 720px) 100vw, 720px\" \/><\/figure><div class=\"wp-block-media-text__content\"> <ul class=\"wp-block-list\"> <li>\u0110\u01b0\u1ee3c thi\u1ebft k\u1ebf \u0111\u1eb7c bi\u1ec7t \u0111\u1ec3 s\u1ea3n xu\u1ea5t siomai v\u1edbi v\u1ecf h\u00ecnh vu\u00f4ng.<\/li>    <li>V\u1eadn h\u00e0nh \u0111\u01a1n gi\u1ea3n\u2014ch\u1ec9 c\u1ea7n \u0111\u1eb7t b\u1ed9t v\u00e0 nh\u00e2n v\u00e0o ph\u1ec5u, v\u00e0 m\u00e1y t\u1ef1 \u0111\u1ed9ng s\u1ea3n xu\u1ea5t siomai.<\/li>    <li>Cung c\u1ea5p k\u1ebft qu\u1ea3 v\u1edbi ngo\u1ea1i h\u00ecnh \u0111\u1eb9p v\u00e0 \u0111\u1ed3ng nh\u1ea5t nh\u01b0 siomai l\u00e0m th\u1ee7 c\u00f4ng.<\/li>    <li>C\u1ea3 \u0111\u1ed9 d\u00e0y v\u1ecf v\u00e0 l\u01b0\u1ee3ng nh\u00e2n \u0111\u1ec1u c\u00f3 th\u1ec3 d\u1ec5 d\u00e0ng \u0111i\u1ec1u ch\u1ec9nh \u0111\u1ec3 \u0111\u00e1p \u1ee9ng y\u00eau c\u1ea7u s\u1ea3n xu\u1ea5t.<\/li> <\/ul> <\/div><\/div>    <div class=\"wp-block-media-text has-media-on-the-right is-stacked-on-mobile\"><div class=\"wp-block-media-text__content\"> <ul class=\"wp-block-list\"> <li>Ph\u1ec5u d\u1ec5 d\u00e0ng th\u00e1o r\u1eddi v\u00e0 v\u1ec7 sinh, \u0111\u1ea3m b\u1ea3o ho\u1ea1t \u0111\u1ed9ng tr\u01a1n tru.<\/li>    <li>Gi\u00e1 \u0111\u1ee1 \u0111\u01b0\u1ee3c l\u00e0m t\u1eeb v\u1eadt li\u1ec7u PE b\u1ec1n, c\u0169ng \u0111\u01b0\u1ee3c thi\u1ebft k\u1ebf \u0111\u1ec3 d\u1ec5 d\u00e0ng th\u00e1o r\u1eddi v\u00e0 v\u1ec7 sinh.<\/li>    <li>\u0110\u1ed9 \u1ea9m c\u1ee7a v\u1ecf \u0111\u01b0\u1ee3c \u0111\u1eb7t kho\u1ea3ng 28%, \u0111\u1ea3m b\u1ea3o k\u1ebft c\u1ea5u v\u00e0 \u0111\u1ed9 \u0111\u1ed3ng nh\u1ea5t t\u1ed1i \u01b0u.<\/li>    <li>T\u0103ng c\u01b0\u1eddng s\u1ef1 \u1ed5n \u0111\u1ecbnh c\u1ee7a quy tr\u00ecnh s\u1ea3n xu\u1ea5t siomai, cung c\u1ea5p v\u1ecf d\u00e0y \u0111\u1ed3ng \u0111\u1ec1u v\u00e0 l\u01b0\u1ee3ng nh\u00e2n nh\u1ea5t qu\u00e1n cho s\u1ea3n ph\u1ea9m ch\u1ea5t l\u01b0\u1ee3ng cao.<\/li> <\/ul> <\/div><figure class=\"wp-block-media-text__media\"><img loading=\"lazy\" decoding=\"async\" width=\"720\" height=\"540\" src=\"https:\/\/topfoodmachine.com\/wp-content\/uploads\/2025\/02\/siomai-forming-machine-details.webp\" alt=\"chi ti\u1ebft m\u00e1y t\u1ea1o siomai\" class=\"wp-image-1777 size-full\" srcset=\"https:\/\/topfoodmachine.com\/wp-content\/uploads\/2025\/02\/siomai-forming-machine-details.webp 720w, https:\/\/topfoodmachine.com\/wp-content\/uploads\/2025\/02\/siomai-forming-machine-details-300x225.webp 300w, https:\/\/topfoodmachine.com\/wp-content\/uploads\/2025\/02\/siomai-forming-machine-details-16x12.webp 16w\" sizes=\"auto, (max-width: 720px) 100vw, 720px\" \/><\/figure><\/div>    <h2 class=\"wp-block-heading\">Th\u00f4ng s\u1ed1 k\u1ef9 thu\u1eadt c\u1ee7a m\u00e1y l\u00e0m siomai<\/h2>    <figure class=\"wp-block-table\"><table class=\"has-fixed-layout\"><tbody><tr><td>Ng\u01b0\u1eddi m\u1eabu<\/td><td>ST-80<\/td><\/tr><tr><td>Tr\u1ecdng l\u01b0\u1ee3ng s\u1ea3n ph\u1ea9m<\/td><td>12-40g<\/td><\/tr><tr><td>Dung t\u00edch<\/td><td>5000-6000 chi\u1ebfc \/ gi\u1edd<\/td><\/tr><tr><td>K\u00edch c\u1ee1<\/td><td>155*135*185CM<\/td><\/tr><tr><td>\u0110i\u1ec7n<\/td><td>3 pha, 220V\/380V, 2.5kw<\/td><\/tr><tr><td>Tr\u1ecdng l\u01b0\u1ee3ng m\u00e1y<\/td><td>800kg<\/td><\/tr><tr><td>B\u1ea3ng \u0111i\u1ec1u khi\u1ec3n<\/td><td>\u0110i\u1ec1u khi\u1ec3n b\u1eb1ng n\u00fat b\u1ea5m<\/td><\/tr><tr><td>H\u1ec7 th\u1ed1ng con l\u0103n k\u1eb9p<\/td><td>2 con l\u0103n k\u1eb9p (\u0111i\u1ec1u khi\u1ec3n \u0111\u1ed9c l\u1eadp)<\/td><\/tr><tr><td>Ph\u01b0\u01a1ng ph\u00e1p t\u1ea1o h\u00ecnh<\/td><td>2 chi\u1ebfc\/m\u1ed7i l\u1ea7n<\/td><\/tr><tr><td>Ph\u01b0\u01a1ng ph\u00e1p cho nh\u00e2n<\/td><td>Ly h\u1ee3p \u0111i\u1ec7n t\u1eeb<\/td><\/tr><tr><td>\u0110i\u1ec1u ch\u1ec9nh b\u0103ng t\u1ea3i<\/td><td>\u0110i\u1ec1u khi\u1ec3n \u0111\u1ed9c l\u1eadp<\/td><\/tr><\/tbody><\/table><figcaption class=\"wp-element-caption\">m\u00e1y l\u00e0m shaomai<\/figcaption><\/figure>    <figure class=\"wp-block-gallery has-nested-images columns-default is-cropped wp-block-gallery-2 is-layout-flex wp-block-gallery-is-layout-flex\"> <figure class=\"wp-block-image size-large\"><img loading=\"lazy\" decoding=\"async\" width=\"720\" height=\"540\" data-id=\"1778\" src=\"https:\/\/topfoodmachine.com\/wp-content\/uploads\/2025\/02\/siomai-forming-machine.webp\" alt=\"m\u00e1y t\u1ea1o h\u00ecnh siomai\" class=\"wp-image-1778\" srcset=\"https:\/\/topfoodmachine.com\/wp-content\/uploads\/2025\/02\/siomai-forming-machine.webp 720w, https:\/\/topfoodmachine.com\/wp-content\/uploads\/2025\/02\/siomai-forming-machine-300x225.webp 300w, https:\/\/topfoodmachine.com\/wp-content\/uploads\/2025\/02\/siomai-forming-machine-16x12.webp 16w\" sizes=\"auto, (max-width: 720px) 100vw, 720px\" \/><figcaption class=\"wp-element-caption\">m\u00e1y t\u1ea1o h\u00ecnh siomai<\/figcaption><\/figure>    <figure class=\"wp-block-image size-large\"><img loading=\"lazy\" decoding=\"async\" width=\"720\" height=\"540\" data-id=\"1779\" src=\"https:\/\/topfoodmachine.com\/wp-content\/uploads\/2025\/02\/siomai-maker.webp\" alt=\"m\u00e1y l\u00e0m siomai\" class=\"wp-image-1779\" srcset=\"https:\/\/topfoodmachine.com\/wp-content\/uploads\/2025\/02\/siomai-maker.webp 720w, https:\/\/topfoodmachine.com\/wp-content\/uploads\/2025\/02\/siomai-maker-300x225.webp 300w, https:\/\/topfoodmachine.com\/wp-content\/uploads\/2025\/02\/siomai-maker-16x12.webp 16w\" sizes=\"auto, (max-width: 720px) 100vw, 720px\" \/><figcaption class=\"wp-element-caption\">m\u00e1y l\u00e0m siomai<\/figcaption><\/figure> <\/figure>    <h2 class=\"wp-block-heading\">T\u1ea1i sao mua m\u00e1y l\u00e0m siomai t\u1eeb ch\u00fang t\u00f4i?<\/h2>    <ul class=\"wp-block-list\"> <li><strong>B\u1ea3o h\u00e0nh 12 th\u00e1ng<\/strong>. T\u1eadn h\u01b0\u1edfng b\u1ea3o h\u00e0nh 12 th\u00e1ng k\u1ec3 t\u1eeb th\u1eddi \u0111i\u1ec3m b\u1ea1n nh\u1eadn m\u00e1y, \u0111\u1ea3m b\u1ea3o b\u1ea1n \u0111\u01b0\u1ee3c b\u1ea3o v\u1ec7 cho b\u1ea5t k\u1ef3 v\u1ea5n \u0111\u1ec1 n\u00e0o.<\/li>    <li><strong>H\u1ed7 tr\u1ee3 k\u1ecbp th\u1eddi<\/strong>. N\u1ebfu c\u00f3 v\u1ea5n \u0111\u1ec1 x\u1ea3y ra trong th\u1eddi gian b\u1ea3o h\u00e0nh, ch\u00fang t\u00f4i s\u1ebd ch\u1ea9n \u0111o\u00e1n v\u1ea5n \u0111\u1ec1 qua video call (v\u00ed d\u1ee5: WeChat, FaceTime) v\u00e0 g\u1eedi c\u00e1c b\u1ed9 ph\u1eadn thay th\u1ebf mi\u1ec5n ph\u00ed cho b\u1ea1n.<\/li>    <li><strong>H\u1ed7 tr\u1ee3 t\u1ea1i ch\u1ed7<\/strong>. N\u1ebfu c\u1ea7n thi\u1ebft, ch\u00fang t\u00f4i c\u00f3 th\u1ec3 g\u1eedi k\u1ef9 s\u01b0 \u0111\u1ebfn \u0111\u1ecba \u0111i\u1ec3m c\u1ee7a b\u1ea1n \u0111\u1ec3 cung c\u1ea5p h\u1ed7 tr\u1ee3 k\u1ef9 thu\u1eadt. <\/li>    <li><strong>H\u1ed7 tr\u1ee3 sau b\u1ea3o h\u00e0nh<\/strong>. Ngay c\u1ea3 sau khi b\u1ea3o h\u00e0nh k\u1ebft th\u00fac, ch\u00fang t\u00f4i v\u1eabn ti\u1ebfp t\u1ee5c h\u1ed7 tr\u1ee3 b\u1eb1ng c\u00e1ch x\u00e1c \u0111\u1ecbnh v\u1ea5n \u0111\u1ec1 v\u00e0 nhanh ch\u00f3ng g\u1eedi c\u00e1c b\u1ed9 ph\u1eadn thay th\u1ebf. Kh\u00e1ch h\u00e0ng ch\u1ec9 c\u1ea7n chi tr\u1ea3 chi ph\u00ed v\u1eadn chuy\u1ec3n v\u00e0 chi ph\u00ed b\u1ed9 ph\u1eadn.<\/li>    <li><strong>\u0110\u00e0o t\u1ea1o to\u00e0n di\u1ec7n<\/strong>. Ch\u00fang t\u00f4i cung c\u1ea5p \u0111\u00e0o t\u1ea1o \u0111\u1ec3 \u0111\u1ea3m b\u1ea3o b\u1ea1n c\u00f3 th\u1ec3 v\u1eadn h\u00e0nh m\u00e1y m\u1ed9t c\u00e1ch hi\u1ec7u qu\u1ea3 v\u00e0 \u0111\u1ea1t \u0111\u01b0\u1ee3c ch\u1ea5t l\u01b0\u1ee3ng s\u1ea3n ph\u1ea9m mong mu\u1ed1n m\u1ed7i l\u1ea7n.<\/li> <\/ul>    <figure class=\"wp-block-image size-full\"><img loading=\"lazy\" decoding=\"async\" width=\"720\" height=\"540\" src=\"https:\/\/topfoodmachine.com\/wp-content\/uploads\/2025\/02\/shumai-maker.webp\" alt=\"m\u00e1y l\u00e0m shumai\" class=\"wp-image-1775\" srcset=\"https:\/\/topfoodmachine.com\/wp-content\/uploads\/2025\/02\/shumai-maker.webp 720w, https:\/\/topfoodmachine.com\/wp-content\/uploads\/2025\/02\/shumai-maker-300x225.webp 300w, https:\/\/topfoodmachine.com\/wp-content\/uploads\/2025\/02\/shumai-maker-16x12.webp 16w\" sizes=\"auto, (max-width: 720px) 100vw, 720px\" \/><figcaption class=\"wp-element-caption\">m\u00e1y l\u00e0m shumai<\/figcaption><\/figure>    <h2 class=\"wp-block-heading\">Ph\u1ea7n k\u1ebft lu\u1eadn<\/h2>    <p class=\"translation-block\">K\u1ebft lu\u1eadn, m\u00e1y l\u00e0m <a href=\"https:\/\/en.wikipedia.org\/wiki\/Shumai\" data-type=\"link\" data-id=\"https:\/\/en.wikipedia.org\/wiki\/Shumai\" target=\"_blank\" rel=\"noopener\">Siomai<\/a> c\u1ee7a ch\u00fang t\u00f4i cung c\u1ea5p m\u1ed9t gi\u1ea3i ph\u00e1p hi\u1ec7u qu\u1ea3 v\u00e0 t\u00f9y ch\u1ec9nh cho c\u00e1c doanh nghi\u1ec7p mu\u1ed1n s\u1ea3n xu\u1ea5t siomai ch\u1ea5t l\u01b0\u1ee3ng cao m\u1ed9t c\u00e1ch d\u1ec5 d\u00e0ng v\u00e0 nh\u1ea5t qu\u00e1n. V\u1edbi nhi\u1ec1u t\u00f9y ch\u1ecdn \u0111\u1ec3 ph\u00f9 h\u1ee3p v\u1edbi c\u00e1c lo\u1ea1i nh\u00e2n kh\u00e1c nhau, \u0111\u1ed9 d\u00e0y v\u1ecf v\u00e0 nhu c\u1ea7u s\u1ea3n xu\u1ea5t, n\u00f3 l\u00e0 s\u1ef1 b\u1ed5 sung ho\u00e0n h\u1ea3o cho b\u1ea5t k\u1ef3 d\u00e2y chuy\u1ec1n s\u1ea3n xu\u1ea5t th\u1ef1c ph\u1ea9m n\u00e0o. <\/p>    <p class=\"translation-block\">Ngo\u00e0i ra, ch\u00fang t\u00f4i cung c\u1ea5p m\u1ed9t lo\u1ea1t c\u00e1c <a href=\"https:\/\/topfoodmachine.com\/vi\/products\/pastry-production-machine\/\" data-type=\"link\" data-id=\"https:\/\/topfoodmachine.com\/products\/pastry-production-machine\/\">m\u00e1y ch\u1ebf bi\u1ebfn pasta<\/a> kh\u00e1c \u0111\u1ec3 h\u1ed7 tr\u1ee3 doanh nghi\u1ec7p c\u1ee7a b\u1ea1n. H\u00e3y li\u00ean h\u1ec7 v\u1edbi ch\u00fang t\u00f4i \u0111\u1ec3 bi\u1ebft th\u00eam th\u00f4ng tin v\u00e0 gi\u00e1 c\u1ea3, v\u00e0 ch\u00fang t\u00f4i s\u1ebd r\u1ea5t vui l\u00f2ng gi\u00fap b\u1ea1n t\u00ecm thi\u1ebft b\u1ecb ph\u00f9 h\u1ee3p v\u1edbi nhu c\u1ea7u c\u1ee7a b\u1ea1n.<\/p>    <figure class=\"wp-block-image size-full\"><img loading=\"lazy\" decoding=\"async\" width=\"720\" height=\"540\" src=\"https:\/\/topfoodmachine.com\/wp-content\/uploads\/2025\/02\/siomai-maker-machine.webp\" alt=\"m\u00e1y l\u00e0m siomai\" class=\"wp-image-1780\" srcset=\"https:\/\/topfoodmachine.com\/wp-content\/uploads\/2025\/02\/siomai-maker-machine.webp 720w, https:\/\/topfoodmachine.com\/wp-content\/uploads\/2025\/02\/siomai-maker-machine-300x225.webp 300w, https:\/\/topfoodmachine.com\/wp-content\/uploads\/2025\/02\/siomai-maker-machine-16x12.webp 16w\" sizes=\"auto, (max-width: 720px) 100vw, 720px\" \/><figcaption class=\"wp-element-caption\">m\u00e1y l\u00e0m siomai<\/figcaption><\/figure>","protected":false},"excerpt":{"rendered":"<p>M\u00e1y l\u00e0m siomai c\u00f3 th\u1ec3 x\u1eed l\u00fd siomai v\u1edbi nhi\u1ec1u h\u00ecnh d\u1ea1ng kh\u00e1c nhau, v\u1edbi s\u1ea3n l\u01b0\u1ee3ng \u1ea5n t\u01b0\u1ee3ng l\u00ean \u0111\u1ebfn 9.000 s\u1ea3n ph\u1ea9m m\u1ed7i gi\u1edd. <\/p>","protected":false},"author":1,"featured_media":1770,"parent":0,"template":"","tags":[105],"product-type":[6],"class_list":["post-1768","product","type-product","status-publish","has-post-thumbnail","hentry","tag-siomai-making-machine","product-type-pastry-production-machine"],"_links":{"self":[{"href":"https:\/\/topfoodmachine.com\/vi\/wp-json\/wp\/v2\/product\/1768","targetHints":{"allow":["GET"]}}],"collection":[{"href":"https:\/\/topfoodmachine.com\/vi\/wp-json\/wp\/v2\/product"}],"about":[{"href":"https:\/\/topfoodmachine.com\/vi\/wp-json\/wp\/v2\/types\/product"}],"author":[{"embeddable":true,"href":"https:\/\/topfoodmachine.com\/vi\/wp-json\/wp\/v2\/users\/1"}],"wp:featuredmedia":[{"embeddable":true,"href":"https:\/\/topfoodmachine.com\/vi\/wp-json\/wp\/v2\/media\/1770"}],"wp:attachment":[{"href":"https:\/\/topfoodmachine.com\/vi\/wp-json\/wp\/v2\/media?parent=1768"}],"wp:term":[{"taxonomy":"post_tag","embeddable":true,"href":"https:\/\/topfoodmachine.com\/vi\/wp-json\/wp\/v2\/tags?post=1768"},{"taxonomy":"product-type","embeddable":true,"href":"https:\/\/topfoodmachine.com\/vi\/wp-json\/wp\/v2\/product-type?post=1768"}],"curies":[{"name":"wp","href":"https:\/\/api.w.org\/{rel}","templated":true}]}}