{"id":1753,"date":"2025-02-08T17:04:05","date_gmt":"2025-02-08T09:04:05","guid":{"rendered":"https:\/\/topfoodmachine.com\/?post_type=product&#038;p=1753"},"modified":"2025-02-08T17:23:49","modified_gmt":"2025-02-08T09:23:49","slug":"automatic-encrusting-machine","status":"publish","type":"product","link":"https:\/\/topfoodmachine.com\/vi\/product\/automatic-encrusting-machine\/","title":{"rendered":"Automatic encrusting machine"},"content":{"rendered":"<div class=\"kk-star-ratings kksr-auto kksr-align-left kksr-valign-top\"     data-payload='{&quot;align&quot;:&quot;left&quot;,&quot;id&quot;:&quot;1753&quot;,&quot;slug&quot;:&quot;default&quot;,&quot;valign&quot;:&quot;top&quot;,&quot;ignore&quot;:&quot;&quot;,&quot;reference&quot;:&quot;auto&quot;,&quot;class&quot;:&quot;&quot;,&quot;count&quot;:&quot;13&quot;,&quot;legendonly&quot;:&quot;&quot;,&quot;readonly&quot;:&quot;&quot;,&quot;score&quot;:&quot;4.8&quot;,&quot;starsonly&quot;:&quot;&quot;,&quot;best&quot;:&quot;5&quot;,&quot;gap&quot;:&quot;5&quot;,&quot;greet&quot;:&quot;Rate this product&quot;,&quot;legend&quot;:&quot;4.8\\\/5 - (13 b\u00ecnh ch\u1ecdn)&quot;,&quot;size&quot;:&quot;24&quot;,&quot;title&quot;:&quot;Automatic encrusting machine&quot;,&quot;width&quot;:&quot;136.7&quot;,&quot;_legend&quot;:&quot;{score}\\\/{best} - ({count} {votes})&quot;,&quot;font_factor&quot;:&quot;1.25&quot;}'>              <div class=\"kksr-stars\">      <div class=\"kksr-stars-inactive\">             <div class=\"kksr-star\" data-star=\"1\" style=\"padding-right: 5px\">               <div class=\"kksr-icon\" style=\"width: 24px; height: 24px;\"><\/div>         <\/div>             <div class=\"kksr-star\" data-star=\"2\" style=\"padding-right: 5px\">               <div class=\"kksr-icon\" style=\"width: 24px; height: 24px;\"><\/div>         <\/div>             <div class=\"kksr-star\" data-star=\"3\" style=\"padding-right: 5px\">               <div class=\"kksr-icon\" style=\"width: 24px; height: 24px;\"><\/div>         <\/div>             <div class=\"kksr-star\" data-star=\"4\" style=\"padding-right: 5px\">               <div class=\"kksr-icon\" style=\"width: 24px; height: 24px;\"><\/div>         <\/div>             <div class=\"kksr-star\" data-star=\"5\" style=\"padding-right: 5px\">               <div class=\"kksr-icon\" style=\"width: 24px; height: 24px;\"><\/div>         <\/div>     <\/div>      <div class=\"kksr-stars-active\" style=\"width: 136.7px;\">             <div class=\"kksr-star\" style=\"padding-right: 5px\">               <div class=\"kksr-icon\" style=\"width: 24px; height: 24px;\"><\/div>         <\/div>             <div class=\"kksr-star\" style=\"padding-right: 5px\">               <div class=\"kksr-icon\" style=\"width: 24px; height: 24px;\"><\/div>         <\/div>             <div class=\"kksr-star\" style=\"padding-right: 5px\">               <div class=\"kksr-icon\" style=\"width: 24px; height: 24px;\"><\/div>         <\/div>             <div class=\"kksr-star\" style=\"padding-right: 5px\">               <div class=\"kksr-icon\" style=\"width: 24px; height: 24px;\"><\/div>         <\/div>             <div class=\"kksr-star\" style=\"padding-right: 5px\">               <div class=\"kksr-icon\" style=\"width: 24px; height: 24px;\"><\/div>         <\/div>     <\/div> <\/div>                   <div class=\"kksr-legend\" style=\"font-size: 19.2px;\">             4.8\/5 - (13 l\u01b0\u1ee3t b\u00ecnh ch\u1ecdn)    <\/div>     <\/div>  <p class=\"translation-block\"><strong>M\u00e1y \u0111\u00f3ng g\u00f3i t\u1ef1 \u0111\u1ed9ng<\/strong> d\u00f9ng \u0111\u1ec3 l\u00e0m b\u00e1nh ng\u1ecdt nh\u00e2n v\u00e0 s\u1ea3n ph\u1ea9m th\u1ef1c ph\u1ea9m nh\u1ed3i. \u0110\u01b0\u1ee3c trang b\u1ecb <strong>hai ph\u1ec5u<\/strong>, n\u00f3 x\u1eed l\u00fd hi\u1ec7u qu\u1ea3 nhi\u1ec1u lo\u1ea1i nh\u00e2n, r\u1ea5t l\u00fd t\u01b0\u1edfng \u0111\u1ec3 s\u1ea3n xu\u1ea5t c\u00e1c m\u00f3n nh\u01b0 <strong>b\u00e1nh trung thu, b\u00e1nh g\u1ea1o n\u1ebfp v\u00e0 c\u00e1c m\u00f3n \u0103n nh\u1ed3i kh\u00e1c<\/strong>. <\/p>    <p class=\"translation-block\">\u0110\u01b0\u1ee3c ch\u1ebf t\u1ea1o t\u1eeb <strong>th\u00e9p kh\u00f4ng g\u1ec9 304<\/strong>, m\u00e1y \u0111\u1ea3m b\u1ea3o \u0111\u1ed9 b\u1ec1n v\u00e0 an to\u00e0n th\u1ef1c ph\u1ea9m. N\u00f3 c\u00f3 th\u1ec3 t\u1ea1o h\u00ecnh s\u1ea3n ph\u1ea9m th\u00e0nh nhi\u1ec1u d\u1ea1ng kh\u00e1c nhau, cho ph\u00e9p ng\u01b0\u1eddi d\u00f9ng t\u00f9y ch\u1ec9nh k\u00edch th\u01b0\u1edbc v\u00e0 h\u00ecnh d\u1ea1ng s\u1ea3n ph\u1ea9m m\u1ed9t c\u00e1ch d\u1ec5 d\u00e0ng.<\/p>    <figure class=\"wp-block-image size-full\"><img loading=\"lazy\" decoding=\"async\" width=\"720\" height=\"540\" src=\"https:\/\/topfoodmachine.com\/wp-content\/uploads\/2025\/02\/Automatic-encrusting-machine-for-sale.webp\" alt=\"Automatic encrusting machine for sale\" class=\"wp-image-1760\" srcset=\"https:\/\/topfoodmachine.com\/wp-content\/uploads\/2025\/02\/Automatic-encrusting-machine-for-sale.webp 720w, https:\/\/topfoodmachine.com\/wp-content\/uploads\/2025\/02\/Automatic-encrusting-machine-for-sale-300x225.webp 300w, https:\/\/topfoodmachine.com\/wp-content\/uploads\/2025\/02\/Automatic-encrusting-machine-for-sale-16x12.webp 16w\" sizes=\"auto, (max-width: 720px) 100vw, 720px\" \/><figcaption class=\"wp-element-caption\">Automatic encrusting machine for sale<\/figcaption><\/figure>    <h2 class=\"wp-block-heading\">Automatic encrusting machine for sale<\/h2>    <p class=\"translation-block\">M\u00e1y <strong>\u0111\u00f3ng g\u00f3i t\u1ef1 \u0111\u1ed9ng c\u1ee7a ch\u00fang t\u00f4i<\/strong> l\u00e0 m\u1ed9t gi\u1ea3i ph\u00e1p r\u1ea5t linh ho\u1ea1t \u0111\u1ec3 s\u1ea3n xu\u1ea5t nhi\u1ec1u lo\u1ea1i s\u1ea3n ph\u1ea9m th\u1ef1c ph\u1ea9m nh\u1ed3i. \u0110\u01b0\u1ee3c thi\u1ebft k\u1ebf v\u1edbi hi\u1ec7u qu\u1ea3 v\u00e0 t\u00ednh linh ho\u1ea1t trong t\u00e2m tr\u00ed, n\u00f3 cung c\u1ea5p c\u00e1c t\u00ednh n\u0103ng ti\u00ean ti\u1ebfn \u0111\u1ec3 \u0111\u00e1p \u1ee9ng c\u00e1c nhu c\u1ea7u s\u1ea3n xu\u1ea5t kh\u00e1c nhau.<\/p>    <h3 class=\"wp-block-heading\">Key features of the automatic encrusting machine<\/h3>    <ul class=\"wp-block-list\"> <li><strong>Dual-hopper design<\/strong> \u2013 Supports different fillings and enables <strong>stuffing-in-stuffing production<\/strong>.<\/li>    <li><strong>Two-color dough wrapping<\/strong> \u2013 Allows for an outer layer with <strong>two different colors<\/strong>, enhancing product appeal.<\/li>    <li><strong>Air exhaust function<\/strong> \u2013 Ensures better filling quality by removing excess air.<\/li>    <li><strong>Waste collection box<\/strong> \u2013 Keeps production clean and minimizes material waste.<\/li> <\/ul>    <figure class=\"wp-block-image size-full\"><img loading=\"lazy\" decoding=\"async\" width=\"720\" height=\"540\" src=\"https:\/\/topfoodmachine.com\/wp-content\/uploads\/2025\/02\/Automatic-encrusting-machine-in-working.webp\" alt=\"M\u00e1y nh\u1ed3i t\u1ef1 \u0111\u1ed9ng \u0111ang ho\u1ea1t \u0111\u1ed9ng\" class=\"wp-image-1761\" srcset=\"https:\/\/topfoodmachine.com\/wp-content\/uploads\/2025\/02\/Automatic-encrusting-machine-in-working.webp 720w, https:\/\/topfoodmachine.com\/wp-content\/uploads\/2025\/02\/Automatic-encrusting-machine-in-working-300x225.webp 300w, https:\/\/topfoodmachine.com\/wp-content\/uploads\/2025\/02\/Automatic-encrusting-machine-in-working-16x12.webp 16w\" sizes=\"auto, (max-width: 720px) 100vw, 720px\" \/><figcaption class=\"wp-element-caption\">M\u00e1y nh\u1ed3i t\u1ef1 \u0111\u1ed9ng \u0111ang ho\u1ea1t \u0111\u1ed9ng<\/figcaption><\/figure>    <h3 class=\"wp-block-heading\">Upgraded machine options<\/h3>    <ul class=\"wp-block-list\"> <li><strong>Four-hopper encrusting machine<\/strong> \u2013 Expands production capabilities to include both stuffing-in-stuffing and two-color dough wrapping.<\/li>    <li><strong>Double-head encrusting machine<\/strong> \u2013 Produces <strong>two rows of products simultaneously<\/strong>, doubling efficiency.<\/li> <\/ul>    <h3 class=\"wp-block-heading\">Additional processing equipment<\/h3>    <ul class=\"wp-block-list\"> <li><strong>Flattening machine<\/strong> \u2013 Customizable <strong>heated molds<\/strong> create precise product shapes and textures.<\/li>    <li><strong>Automatic tray arranging system<\/strong> \u2013 Ensures efficient product handling after forming.<\/li> <\/ul>    <p class=\"translation-block\">B\u1ed9 thi\u1ebft l\u1eadp ho\u00e0n ch\u1ec9nh n\u00e0y cho ph\u00e9p <strong>h\u00ecnh d\u1ea1ng ch\u00ednh x\u00e1c, hi\u1ec7u qu\u1ea3 cao v\u00e0 t\u00f9y ch\u1ec9nh s\u1ea3n ph\u1ea9m n\u00e2ng cao<\/strong>, r\u1ea5t l\u00fd t\u01b0\u1edfng cho c\u00e1c nh\u00e0 s\u1ea3n xu\u1ea5t th\u1ef1c ph\u1ea9m s\u1ea3n xu\u1ea5t b\u00e1nh trung thu, b\u00e1nh g\u1ea1o n\u1ebfp v\u00e0 c\u00e1c m\u00f3n \u0103n nh\u1ed3i kh\u00e1c.<\/p>    <figure class=\"wp-block-image size-full\"><img loading=\"lazy\" decoding=\"async\" width=\"720\" height=\"540\" src=\"https:\/\/topfoodmachine.com\/wp-content\/uploads\/2025\/02\/Automatic-encrusting-machine-price.webp\" alt=\"Gi\u00e1 m\u00e1y nh\u1ed3i t\u1ef1 \u0111\u1ed9ng\" class=\"wp-image-1762\" srcset=\"https:\/\/topfoodmachine.com\/wp-content\/uploads\/2025\/02\/Automatic-encrusting-machine-price.webp 720w, https:\/\/topfoodmachine.com\/wp-content\/uploads\/2025\/02\/Automatic-encrusting-machine-price-300x225.webp 300w, https:\/\/topfoodmachine.com\/wp-content\/uploads\/2025\/02\/Automatic-encrusting-machine-price-16x12.webp 16w\" sizes=\"auto, (max-width: 720px) 100vw, 720px\" \/><figcaption class=\"wp-element-caption\">Gi\u00e1 m\u00e1y nh\u1ed3i t\u1ef1 \u0111\u1ed9ng<\/figcaption><\/figure>    <h2 class=\"wp-block-heading\">Different types of encrusting machine<\/h2>    <p>M\u00e1y nh\u1ed3i c\u00f3 nhi\u1ec1u m\u1eabu m\u00e3 kh\u00e1c nhau \u0111\u1ec3 \u0111\u00e1p \u1ee9ng nhu c\u1ea7u s\u1ea3n xu\u1ea5t kh\u00e1c nhau, t\u1eeb c\u00e1c doanh nghi\u1ec7p quy m\u00f4 nh\u1ecf \u0111\u1ebfn c\u00e1c nh\u00e0 m\u00e1y th\u1ef1c ph\u1ea9m l\u1edbn. M\u1ed7i lo\u1ea1i \u0111\u01b0\u1ee3c thi\u1ebft k\u1ebf v\u1edbi c\u00e1c t\u00ednh n\u0103ng c\u1ee5 th\u1ec3 \u0111\u1ec3 s\u1ea3n xu\u1ea5t hi\u1ec7u qu\u1ea3 nhi\u1ec1u lo\u1ea1i s\u1ea3n ph\u1ea9m th\u1ef1c ph\u1ea9m nh\u1ed3i kh\u00e1c nhau.<\/p>    <h4 class=\"wp-block-heading\"><strong>1. Small encrusting machine<\/strong><\/h4>    <ul class=\"wp-block-list\"> <li>Suitable for making <strong>stuffed buns, stuffed pancakes, and kubba<\/strong>.<\/li>    <li>Supports a maximum pancake size of <strong>15 cm<\/strong> with an <strong>optional flattening device<\/strong>.<\/li>    <li>Requires an <strong>air compressor<\/strong> for the pressing function.<\/li> <\/ul>    <figure class=\"wp-block-image size-full\"><img loading=\"lazy\" decoding=\"async\" width=\"720\" height=\"540\" src=\"https:\/\/topfoodmachine.com\/wp-content\/uploads\/2025\/02\/Automatic-encrusting-machine-supplier.webp\" alt=\"Nh\u00e0 cung c\u1ea5p m\u00e1y nh\u1ed3i t\u1ef1 \u0111\u1ed9ng\" class=\"wp-image-1763\" srcset=\"https:\/\/topfoodmachine.com\/wp-content\/uploads\/2025\/02\/Automatic-encrusting-machine-supplier.webp 720w, https:\/\/topfoodmachine.com\/wp-content\/uploads\/2025\/02\/Automatic-encrusting-machine-supplier-300x225.webp 300w, https:\/\/topfoodmachine.com\/wp-content\/uploads\/2025\/02\/Automatic-encrusting-machine-supplier-16x12.webp 16w\" sizes=\"auto, (max-width: 720px) 100vw, 720px\" \/><figcaption class=\"wp-element-caption\">Nh\u00e0 cung c\u1ea5p m\u00e1y nh\u1ed3i t\u1ef1 \u0111\u1ed9ng<\/figcaption><\/figure>    <h4 class=\"wp-block-heading\"><strong>2. Medium encrusting machine<\/strong><\/h4>    <ul class=\"wp-block-list\"> <li>Equipped with <strong>two hoppers<\/strong> for dough and filling.<\/li>    <li>Fully automatic and capable of producing <strong>various shapes<\/strong>.<\/li>    <li>Comes with <strong>three molds<\/strong> for different product sizes.<\/li>    <li>Can be paired with a <strong>pancake pressing machine<\/strong> for customized shapes.<\/li> <\/ul>    <h4 class=\"wp-block-heading\"><strong>3. Multiform encrusting machine<\/strong><\/h4>    <ul class=\"wp-block-list\"> <li>Features <strong>three hoppers<\/strong> for <strong>dual-color dough<\/strong> ho\u1eb7c <strong>stuffing-in-stuffing products<\/strong>.<\/li>    <li>Includes a <strong>waste collection system<\/strong> to reduce material loss.<\/li> <\/ul>    <figure class=\"wp-block-image size-full\"><img loading=\"lazy\" decoding=\"async\" width=\"720\" height=\"540\" src=\"https:\/\/topfoodmachine.com\/wp-content\/uploads\/2025\/02\/Automatic-encrusting-machine.webp\" alt=\"Automatic encrusting machine\" class=\"wp-image-1764\" srcset=\"https:\/\/topfoodmachine.com\/wp-content\/uploads\/2025\/02\/Automatic-encrusting-machine.webp 720w, https:\/\/topfoodmachine.com\/wp-content\/uploads\/2025\/02\/Automatic-encrusting-machine-300x225.webp 300w, https:\/\/topfoodmachine.com\/wp-content\/uploads\/2025\/02\/Automatic-encrusting-machine-16x12.webp 16w\" sizes=\"auto, (max-width: 720px) 100vw, 720px\" \/><figcaption class=\"wp-element-caption\">Automatic encrusting machine<\/figcaption><\/figure>    <h4 class=\"wp-block-heading\"><strong>4. Double-head encrusting machine<\/strong><\/h4>    <ul class=\"wp-block-list\"> <li>Designed for high production efficiency, producing <strong>two rows of products simultaneously<\/strong>.<\/li> <\/ul>    <p class=\"translation-block\">M\u1ed7i lo\u1ea1i m\u00e1y \u0111\u00f3ng g\u00f3i cung c\u1ea5p <strong>c\u00e1c t\u00f9y ch\u1ecdn t\u00f9y ch\u1ec9nh v\u00e0 c\u1ea3i ti\u1ebfn hi\u1ec7u su\u1ea5t<\/strong>, r\u1ea5t l\u00fd t\u01b0\u1edfng cho c\u00e1c ti\u1ec7m b\u00e1nh, nh\u00e0 m\u00e1y ch\u1ebf bi\u1ebfn th\u1ef1c ph\u1ea9m v\u00e0 b\u1ebfp th\u01b0\u01a1ng m\u1ea1i.<\/p>    <h2 class=\"wp-block-heading\">Automatic stuffing machine applications<\/h2>    <figure class=\"wp-block-gallery has-nested-images columns-default is-cropped wp-block-gallery-2 is-layout-flex wp-block-gallery-is-layout-flex\"> <figure class=\"wp-block-image size-large\"><img loading=\"lazy\" decoding=\"async\" width=\"720\" height=\"540\" data-id=\"1755\" src=\"https:\/\/topfoodmachine.com\/wp-content\/uploads\/2025\/02\/final-products.webp\" alt=\"s\u1ea3n ph\u1ea9m cu\u1ed1i c\u00f9ng\" class=\"wp-image-1755\" srcset=\"https:\/\/topfoodmachine.com\/wp-content\/uploads\/2025\/02\/final-products.webp 720w, https:\/\/topfoodmachine.com\/wp-content\/uploads\/2025\/02\/final-products-300x225.webp 300w, https:\/\/topfoodmachine.com\/wp-content\/uploads\/2025\/02\/final-products-16x12.webp 16w\" sizes=\"auto, (max-width: 720px) 100vw, 720px\" \/><figcaption class=\"wp-element-caption\">s\u1ea3n ph\u1ea9m cu\u1ed1i c\u00f9ng<\/figcaption><\/figure>    <figure class=\"wp-block-image size-large\"><img loading=\"lazy\" decoding=\"async\" width=\"720\" height=\"540\" data-id=\"1756\" src=\"https:\/\/topfoodmachine.com\/wp-content\/uploads\/2025\/02\/stuffed-foods.webp\" alt=\"th\u1ef1c ph\u1ea9m nh\u1ed3i\" class=\"wp-image-1756\" srcset=\"https:\/\/topfoodmachine.com\/wp-content\/uploads\/2025\/02\/stuffed-foods.webp 720w, https:\/\/topfoodmachine.com\/wp-content\/uploads\/2025\/02\/stuffed-foods-300x225.webp 300w, https:\/\/topfoodmachine.com\/wp-content\/uploads\/2025\/02\/stuffed-foods-16x12.webp 16w\" sizes=\"auto, (max-width: 720px) 100vw, 720px\" \/><figcaption class=\"wp-element-caption\">th\u1ef1c ph\u1ea9m nh\u1ed3i<\/figcaption><\/figure> <\/figure>    <h2 class=\"wp-block-heading\">Dessert filling machine structure<\/h2>    <p class=\"translation-block\">M\u00e1y <strong>\u0111\u00f3ng g\u00f3i t\u1ef1 \u0111\u1ed9ng<\/strong> \u0111\u01b0\u1ee3c thi\u1ebft k\u1ebf v\u1edbi c\u1ea5u tr\u00fac ch\u1eafc ch\u1eafn v\u00e0 hi\u1ec7u qu\u1ea3 \u0111\u1ec3 \u0111\u00e1p \u1ee9ng nhu c\u1ea7u s\u1ea3n xu\u1ea5t \u0111a d\u1ea1ng. C\u00e1c th\u00e0nh ph\u1ea7n ch\u00ednh bao g\u1ed3m:<\/p>    <div class=\"wp-block-media-text is-stacked-on-mobile\"><figure class=\"wp-block-media-text__media\"><img loading=\"lazy\" decoding=\"async\" width=\"720\" height=\"540\" src=\"https:\/\/topfoodmachine.com\/wp-content\/uploads\/2025\/02\/filling-machine-structure.webp\" alt=\"c\u1ea5u tr\u00fac m\u00e1y \u0111i\u1ec1n\" class=\"wp-image-1757 size-full\" srcset=\"https:\/\/topfoodmachine.com\/wp-content\/uploads\/2025\/02\/filling-machine-structure.webp 720w, https:\/\/topfoodmachine.com\/wp-content\/uploads\/2025\/02\/filling-machine-structure-300x225.webp 300w, https:\/\/topfoodmachine.com\/wp-content\/uploads\/2025\/02\/filling-machine-structure-16x12.webp 16w\" sizes=\"auto, (max-width: 720px) 100vw, 720px\" \/><\/figure><div class=\"wp-block-media-text__content\"> <ul class=\"wp-block-list\"> <li><strong>Stuffing hopper<\/strong>: Holds the filling material for various stuffed products.<\/li>    <li><strong>Dough hopper<\/strong>: Stores the dough for shaping and encrusting.<\/li>    <li><strong>Touch screen<\/strong>: Allows for easy operation and precise control of settings.<\/li>    <li><strong>Mold tube<\/strong>: Shapes the product to the desired form and size.<\/li>    <li><strong>Cutter<\/strong>: Ensures accurate portioning of the products.<\/li>    <li><strong>Belt conveyor<\/strong>: Transports the finished products smoothly for further processing or packaging.<\/li>    <li><strong>Waste collector<\/strong>: Collects excess materials to maintain a clean production process.<\/li>    <li><strong>304 stainless steel body<\/strong>: Provides durability, corrosion resistance, and food safety.<\/li>    <li><strong>Wheels<\/strong>: Facilitate easy mobility for flexible use in different production areas.<\/li> <\/ul> <\/div><\/div>    <p>C\u1ea5u tr\u00fac \u0111\u01b0\u1ee3c thi\u1ebft k\u1ebf t\u1ed1t n\u00e0y \u0111\u1ea3m b\u1ea3o hi\u1ec7u su\u1ea5t cao, \u0111\u1ed9 ch\u00ednh x\u00e1c v\u00e0 v\u1ec7 sinh, l\u00e0m cho n\u00f3 tr\u1edf th\u00e0nh l\u1ef1a ch\u1ecdn \u0111\u00e1ng tin c\u1eady cho c\u00e1c doanh nghi\u1ec7p s\u1ea3n xu\u1ea5t th\u1ef1c ph\u1ea9m.<\/p>    <h2 class=\"wp-block-heading\">Automatic encrusting machine details<\/h2>    <div class=\"wp-block-media-text is-stacked-on-mobile\"><figure class=\"wp-block-media-text__media\"><img loading=\"lazy\" decoding=\"async\" width=\"720\" height=\"540\" src=\"https:\/\/topfoodmachine.com\/wp-content\/uploads\/2025\/02\/automatic-encrusting-machine-details.webp\" alt=\"chi ti\u1ebft m\u00e1y nh\u1ed3i t\u1ef1 \u0111\u1ed9ng\" class=\"wp-image-1758 size-full\" srcset=\"https:\/\/topfoodmachine.com\/wp-content\/uploads\/2025\/02\/automatic-encrusting-machine-details.webp 720w, https:\/\/topfoodmachine.com\/wp-content\/uploads\/2025\/02\/automatic-encrusting-machine-details-300x225.webp 300w, https:\/\/topfoodmachine.com\/wp-content\/uploads\/2025\/02\/automatic-encrusting-machine-details-16x12.webp 16w\" sizes=\"auto, (max-width: 720px) 100vw, 720px\" \/><\/figure><div class=\"wp-block-media-text__content\"> <ul class=\"wp-block-list\"> <li><strong>H\u00ecnh d\u1ea1ng s\u1ea3n ph\u1ea9m c\u00f3 th\u1ec3 t\u00f9y ch\u1ec9nh<\/strong> <ul class=\"wp-block-list\"> <li>H\u1ed7 tr\u1ee3 vi\u1ec7c \u0111i\u1ec1n v\u00e0 \u0111\u1ecbnh h\u00ecnh t\u1ef1 \u0111\u1ed9ng ch\u00ednh x\u00e1c cao, \u0111\u1ea3m b\u1ea3o ch\u1ea5t l\u01b0\u1ee3ng v\u00e0 \u0111\u1ed3ng nh\u1ea5t cho m\u1ed7i s\u1ea3n ph\u1ea9m.<\/li> <\/ul> <\/li>    <li><strong>M\u00e1y c\u1eaft h\u00ecnh d\u1ea1ng th\u1ef1c ph\u1ea9m t\u00f9y ch\u1ec9nh<\/strong> <ul class=\"wp-block-list\"> <li>Ng\u0103n th\u1ef1c ph\u1ea9m d\u00ednh, cung c\u1ea5p c\u1eaft ch\u00ednh x\u00e1c v\u00e0 \u0111\u1ea3m b\u1ea3o kh\u00f4ng g\u00e2y h\u1ea1i cho th\u1ef1c ph\u1ea9m, duy tr\u00ec t\u00ednh to\u00e0n v\u1eb9n c\u1ee7a s\u1ea3n ph\u1ea9m.<\/li> <\/ul> <\/li> <\/ul> <\/div><\/div>    <div class=\"wp-block-media-text has-media-on-the-right is-stacked-on-mobile\"><div class=\"wp-block-media-text__content\"> <ul class=\"wp-block-list\"> <li><strong>B\u0103ng t\u1ea3i \u0111\u1ea1t ti\u00eau chu\u1ea9n th\u1ef1c ph\u1ea9m<\/strong> <ul class=\"wp-block-list\"> <li>\u0110\u01b0\u1ee3c l\u00e0m t\u1eeb c\u00e1c v\u1eadt li\u1ec7u \u0111\u00e1p \u1ee9ng ti\u00eau chu\u1ea9n an to\u00e0n th\u1ef1c ph\u1ea9m qu\u1ed1c t\u1ebf, \u0111\u1ea3m b\u1ea3o vi\u1ec7c chuy\u1ec3n th\u1ef1c ph\u1ea9m an to\u00e0n v\u00e0 v\u1ec7 sinh.<\/li> <\/ul> <\/li>    <li><strong>H\u1ec7 th\u1ed1ng \u0111i\u1ec1u khi\u1ec3n PLC<\/strong> <ul class=\"wp-block-list\"> <li>C\u00f3 giao di\u1ec7n d\u1ec5 s\u1eed d\u1ee5ng v\u1edbi vi\u1ec7c \u0111i\u1ec1u ch\u1ec9nh th\u00f4ng minh c\u00e1c th\u00f4ng s\u1ed1 s\u1ea3n ph\u1ea9m kh\u00e1c nhau, n\u00e2ng cao hi\u1ec7u su\u1ea5t s\u1ea3n xu\u1ea5t.<\/li> <\/ul> <\/li> <\/ul> <\/div><figure class=\"wp-block-media-text__media\"><img loading=\"lazy\" decoding=\"async\" width=\"720\" height=\"540\" src=\"https:\/\/topfoodmachine.com\/wp-content\/uploads\/2025\/02\/encrusting-machine-structure.webp\" alt=\"c\u1ea5u tr\u00fac m\u00e1y nh\u1ed3i\" class=\"wp-image-1759 size-full\" srcset=\"https:\/\/topfoodmachine.com\/wp-content\/uploads\/2025\/02\/encrusting-machine-structure.webp 720w, https:\/\/topfoodmachine.com\/wp-content\/uploads\/2025\/02\/encrusting-machine-structure-300x225.webp 300w, https:\/\/topfoodmachine.com\/wp-content\/uploads\/2025\/02\/encrusting-machine-structure-16x12.webp 16w\" sizes=\"auto, (max-width: 720px) 100vw, 720px\" \/><\/figure><\/div>    <h2 class=\"wp-block-heading\">Stuffing machine parameters<\/h2>    <figure class=\"wp-block-table\"><table class=\"has-fixed-layout\"><tbody><tr><td>Ng\u01b0\u1eddi m\u1eabu<\/td><td>ST-168<\/td><\/tr><tr><td>Dung t\u00edch<\/td><td>80 mi\u1ebfng m\u1ed7i ph\u00fat<\/td><\/tr><tr><td>C\u00e2n n\u1eb7ng<\/td><td>310kg\/350kg<\/td><\/tr><tr><td>K\u00edch c\u1ee1<\/td><td>1673*1034*1915mm<\/td><\/tr><tr><td>Quy\u1ec1n l\u1ef1c<\/td><td>1315w\/1715w<\/td><\/tr><tr><td>V\u00f4n<\/td><td>220v, 50hz<\/td><\/tr><\/tbody><\/table><figcaption class=\"wp-element-caption\">Th\u00f4ng s\u1ed1 k\u1ef9 thu\u1eadt m\u00e1y nh\u1ed3i t\u1ef1 \u0111\u1ed9ng<\/figcaption><\/figure>    <h2 class=\"wp-block-heading\">Ph\u1ea7n k\u1ebft lu\u1eadn<\/h2>    <figure class=\"wp-block-image size-large\"><img loading=\"lazy\" decoding=\"async\" width=\"720\" height=\"540\" src=\"https:\/\/topfoodmachine.com\/wp-content\/uploads\/2025\/02\/encrusting-machine.webp\" alt=\"m\u00e1y nh\u1ed3i\" class=\"wp-image-1766\" srcset=\"https:\/\/topfoodmachine.com\/wp-content\/uploads\/2025\/02\/encrusting-machine.webp 720w, https:\/\/topfoodmachine.com\/wp-content\/uploads\/2025\/02\/encrusting-machine-300x225.webp 300w, https:\/\/topfoodmachine.com\/wp-content\/uploads\/2025\/02\/encrusting-machine-16x12.webp 16w\" sizes=\"auto, (max-width: 720px) 100vw, 720px\" \/><figcaption class=\"wp-element-caption\">m\u00e1y nh\u1ed3i<\/figcaption><\/figure>    <p class=\"translation-block\">Cho d\u00f9 b\u1ea1n \u0111ang l\u00e0m b\u00e1nh trung thu, <a href=\"https:\/\/en.wikipedia.org\/wiki\/Kibbeh\" data-type=\"link\" data-id=\"https:\/\/en.wikipedia.org\/wiki\/Kibbeh\" target=\"_blank\" rel=\"noopener\">kubba<\/a>, b\u00e1nh bao nh\u1ed3i, hay b\u00e1nh nhi\u1ec1u m\u00e0u, m\u00e1y n\u00e0y \u0111\u1ea3m b\u1ea3o <strong>ch\u1ea5t l\u01b0\u1ee3ng \u0111\u1ed3ng nh\u1ea5t, s\u1ea3n l\u01b0\u1ee3ng cao v\u00e0 h\u00ecnh d\u1ea1ng ch\u00ednh x\u00e1c<\/strong>. C\u1ea5u tr\u00fac <strong>th\u00e9p kh\u00f4ng g\u1ec9 304<\/strong> c\u1ee7a n\u00f3 \u0111\u1ea3m b\u1ea3o \u0111\u1ed9 b\u1ec1n v\u00e0 an to\u00e0n th\u1ef1c ph\u1ea9m. <\/p>    <p class=\"translation-block\">N\u1ebfu b\u1ea1n \u0111ang t\u00ecm ki\u1ebfm m\u1ed9t <strong>gi\u1ea3i ph\u00e1p \u0111\u00f3ng g\u00f3i t\u1ef1 \u0111\u1ed9ng \u0111\u00e1ng tin c\u1eady<\/strong>, m\u00e1y n\u00e0y l\u00e0 l\u1ef1a ch\u1ecdn ho\u00e0n h\u1ea3o \u0111\u1ec3 t\u1ed1i \u01b0u h\u00f3a quy tr\u00ecnh s\u1ea3n xu\u1ea5t v\u00e0 n\u00e2ng cao s\u1ef1 \u0111a d\u1ea1ng s\u1ea3n ph\u1ea9m.<\/p>    <p class=\"translation-block\"><strong>Ch\u00fang t\u00f4i c\u0169ng cung c\u1ea5p m\u1ed9t lo\u1ea1t c\u00e1c <a href=\"https:\/\/topfoodmachine.com\/vi\/product\/\">m\u00e1y ch\u1ebf bi\u1ebfn th\u1ef1c ph\u1ea9m<\/a> kh\u00e1c\u2014h\u00e3y li\u00ean h\u1ec7 v\u1edbi ch\u00fang t\u00f4i \u0111\u1ec3 bi\u1ebft th\u00eam th\u00f4ng tin!<\/strong><\/p>","protected":false},"excerpt":{"rendered":"<p>The automatic encrusting machine is for making filled pastries and stuffed food products.<\/p>","protected":false},"author":1,"featured_media":1754,"parent":0,"template":"","tags":[104],"product-type":[6],"class_list":["post-1753","product","type-product","status-publish","has-post-thumbnail","hentry","tag-automatic-encrusting-machine","product-type-pastry-production-machine"],"_links":{"self":[{"href":"https:\/\/topfoodmachine.com\/vi\/wp-json\/wp\/v2\/product\/1753","targetHints":{"allow":["GET"]}}],"collection":[{"href":"https:\/\/topfoodmachine.com\/vi\/wp-json\/wp\/v2\/product"}],"about":[{"href":"https:\/\/topfoodmachine.com\/vi\/wp-json\/wp\/v2\/types\/product"}],"author":[{"embeddable":true,"href":"https:\/\/topfoodmachine.com\/vi\/wp-json\/wp\/v2\/users\/1"}],"wp:featuredmedia":[{"embeddable":true,"href":"https:\/\/topfoodmachine.com\/vi\/wp-json\/wp\/v2\/media\/1754"}],"wp:attachment":[{"href":"https:\/\/topfoodmachine.com\/vi\/wp-json\/wp\/v2\/media?parent=1753"}],"wp:term":[{"taxonomy":"post_tag","embeddable":true,"href":"https:\/\/topfoodmachine.com\/vi\/wp-json\/wp\/v2\/tags?post=1753"},{"taxonomy":"product-type","embeddable":true,"href":"https:\/\/topfoodmachine.com\/vi\/wp-json\/wp\/v2\/product-type?post=1753"}],"curies":[{"name":"wp","href":"https:\/\/api.w.org\/{rel}","templated":true}]}}