{"id":1744,"date":"2025-02-05T17:20:54","date_gmt":"2025-02-05T09:20:54","guid":{"rendered":"https:\/\/topfoodmachine.com\/?post_type=product&#038;p=1744"},"modified":"2025-02-06T09:36:08","modified_gmt":"2025-02-06T01:36:08","slug":"automatic-dumpling-making-machine","status":"publish","type":"product","link":"https:\/\/topfoodmachine.com\/vi\/product\/automatic-dumpling-making-machine\/","title":{"rendered":"M\u00e1y l\u00e0m b\u00e1nh bao t\u1ef1 \u0111\u1ed9ng"},"content":{"rendered":"<div class=\"kk-star-ratings kksr-auto kksr-align-left kksr-valign-top\"     data-payload='{&quot;align&quot;:&quot;left&quot;,&quot;id&quot;:&quot;1744&quot;,&quot;slug&quot;:&quot;default&quot;,&quot;valign&quot;:&quot;top&quot;,&quot;ignore&quot;:&quot;&quot;,&quot;reference&quot;:&quot;auto&quot;,&quot;class&quot;:&quot;&quot;,&quot;count&quot;:&quot;26&quot;,&quot;legendonly&quot;:&quot;&quot;,&quot;readonly&quot;:&quot;&quot;,&quot;score&quot;:&quot;4.7&quot;,&quot;starsonly&quot;:&quot;&quot;,&quot;best&quot;:&quot;5&quot;,&quot;gap&quot;:&quot;5&quot;,&quot;greet&quot;:&quot;Rate this product&quot;,&quot;legend&quot;:&quot;4.7\\\/5 - (26 b\u00ecnh ch\u1ecdn)&quot;,&quot;size&quot;:&quot;24&quot;,&quot;title&quot;:&quot;Automatic dumpling making machine&quot;,&quot;width&quot;:&quot;133.8&quot;,&quot;_legend&quot;:&quot;{score}\\\/{best} - ({count} {votes})&quot;,&quot;font_factor&quot;:&quot;1.25&quot;}'>              <div class=\"kksr-stars\">      <div class=\"kksr-stars-inactive\">             <div class=\"kksr-star\" data-star=\"1\" style=\"padding-right: 5px\">               <div class=\"kksr-icon\" style=\"width: 24px; height: 24px;\"><\/div>         <\/div>             <div class=\"kksr-star\" data-star=\"2\" style=\"padding-right: 5px\">               <div class=\"kksr-icon\" style=\"width: 24px; height: 24px;\"><\/div>         <\/div>             <div class=\"kksr-star\" data-star=\"3\" style=\"padding-right: 5px\">               <div class=\"kksr-icon\" style=\"width: 24px; height: 24px;\"><\/div>         <\/div>             <div class=\"kksr-star\" data-star=\"4\" style=\"padding-right: 5px\">               <div class=\"kksr-icon\" style=\"width: 24px; height: 24px;\"><\/div>         <\/div>             <div class=\"kksr-star\" data-star=\"5\" style=\"padding-right: 5px\">               <div class=\"kksr-icon\" style=\"width: 24px; height: 24px;\"><\/div>         <\/div>     <\/div>      <div class=\"kksr-stars-active\" style=\"width: 133.8px;\">             <div class=\"kksr-star\" style=\"padding-right: 5px\">               <div class=\"kksr-icon\" style=\"width: 24px; height: 24px;\"><\/div>         <\/div>             <div class=\"kksr-star\" style=\"padding-right: 5px\">               <div class=\"kksr-icon\" style=\"width: 24px; height: 24px;\"><\/div>         <\/div>             <div class=\"kksr-star\" style=\"padding-right: 5px\">               <div class=\"kksr-icon\" style=\"width: 24px; height: 24px;\"><\/div>         <\/div>             <div class=\"kksr-star\" style=\"padding-right: 5px\">               <div class=\"kksr-icon\" style=\"width: 24px; height: 24px;\"><\/div>         <\/div>             <div class=\"kksr-star\" style=\"padding-right: 5px\">               <div class=\"kksr-icon\" style=\"width: 24px; height: 24px;\"><\/div>         <\/div>     <\/div> <\/div>                   <div class=\"kksr-legend\" style=\"font-size: 19.2px;\">             4.7\/5 - (26 l\u01b0\u1ee3t b\u00ecnh ch\u1ecdn)    <\/div>     <\/div>  <p class=\"translation-block\">M\u00e1y <strong>l\u00e0m b\u00e1nh bao t\u1ef1 \u0111\u1ed9ng<\/strong> c\u00f3 th\u1ec3 s\u1ea3n xu\u1ea5t nhi\u1ec1u lo\u1ea1i th\u1ef1c ph\u1ea9m nh\u1ed3i, ch\u1eb3ng h\u1ea1n nh\u01b0 b\u00e1nh bao, b\u00e1nh c\u00e0 ri, b\u00e1nh bao ng\u1ecdc trai, ravioli, b\u00e1nh bao h\u1ea5p v\u00e0 ch\u1ea3 gi\u00f2. V\u1edbi <strong>c\u00f4ng su\u1ea5t s\u1ea3n xu\u1ea5t t\u1eeb 4.000\u20136.000 mi\u1ebfng m\u1ed7i gi\u1edd<\/strong>, n\u00f3 l\u00fd t\u01b0\u1edfng cho c\u00e1c doanh nghi\u1ec7p mu\u1ed1n n\u00e2ng cao hi\u1ec7u su\u1ea5t v\u00e0 s\u1ea3n l\u01b0\u1ee3ng. <\/p>    <p class=\"translation-block\">M\u00e1y c\u00f3 <strong>khu\u00f4n thay th\u1ebf<\/strong>, cho ph\u00e9p t\u00f9y ch\u1ec9nh d\u1ec5 d\u00e0ng h\u00ecnh d\u1ea1ng v\u00e0 k\u00edch th\u01b0\u1edbc b\u00e1nh bao \u0111\u1ec3 \u0111\u00e1p \u1ee9ng nhu c\u1ea7u s\u1ea3n xu\u1ea5t \u0111a d\u1ea1ng. \u0110\u01b0\u1ee3c l\u00e0m t\u1eeb <strong>th\u00e9p kh\u00f4ng g\u1ec9 ch\u1ea5t l\u01b0\u1ee3ng cao<\/strong>, n\u00f3 \u0111\u1ea3m b\u1ea3o \u0111\u1ed9 b\u1ec1n, v\u1ec7 sinh v\u00e0 d\u1ec5 b\u1ea3o tr\u00ec. <\/p>    <figure class=\"wp-block-embed is-type-video is-provider-youtube wp-block-embed-youtube wp-embed-aspect-16-9 wp-has-aspect-ratio\"><div class=\"wp-block-embed__wrapper\"> <iframe loading=\"lazy\" title=\"M\u00e1y l\u00e0m b\u00e1nh bao t\u1ef1 \u0111\u1ed9ng \u0111a n\u0103ng: L\u00e0m b\u00e1nh bao, b\u00e1nh bao v\u00e0 nhi\u1ec1u h\u01a1n n\u1eefa! #b\u00e1nhbao #b\u00e1nh #m\u00e1yth\u1ef1cph\u1ea9m\" width=\"500\" height=\"281\" src=\"https:\/\/www.youtube.com\/embed\/uZloTIwHh6U?feature=oembed\" frameborder=\"0\" allow=\"accelerometer; autoplay; clipboard-write; encrypted-media; gyroscope; picture-in-picture; web-share\" referrerpolicy=\"strict-origin-when-cross-origin\" allowfullscreen><\/iframe> <\/div><figcaption class=\"wp-element-caption\">video l\u00e0m vi\u1ec7c c\u1ee7a m\u00e1y l\u00e0m b\u00e1nh bao t\u1ef1 \u0111\u1ed9ng<\/figcaption><\/figure>    <h2 class=\"wp-block-heading\">M\u00e1y l\u00e0m b\u00e1nh bao t\u1ef1 \u0111\u1ed9ng b\u00e1n<\/h2>    <p class=\"translation-block\">M\u00e1y <strong>l\u00e0m b\u00e1nh bao t\u1ef1 \u0111\u1ed9ng b\u00e1n<\/strong> \u0111\u01b0\u1ee3c thi\u1ebft k\u1ebf v\u1edbi <strong>h\u1ec7 th\u1ed1ng tu\u1ea7n ho\u00e0n l\u00e0m m\u00e1t b\u1eb1ng n\u01b0\u1edbc<\/strong>, ng\u0103n ng\u1eeba hi\u1ec7u qu\u1ea3 vi\u1ec7c b\u1ed9t b\u1ecb qu\u00e1 nhi\u1ec7t. \u0110i\u1ec1u n\u00e0y \u0111\u1ea3m b\u1ea3o r\u1eb1ng v\u1ecf b\u00e1nh bao gi\u1eef \u0111\u01b0\u1ee3c k\u1ebft c\u1ea5u v\u00e0 h\u01b0\u01a1ng v\u1ecb l\u00fd t\u01b0\u1edfng. <\/p>    <p class=\"translation-block\">M\u00e1y \u0111\u01b0\u1ee3c trang b\u1ecb <strong>b\u1ed1n b\u1ed9 \u0111i\u1ec1u khi\u1ec3n v\u00e0 m\u1ed9t m\u00e1y n\u00e9n tu\u1ea7n ho\u00e0n n\u01b0\u1edbc l\u1ea1nh<\/strong>, l\u00e0m vi\u1ec7c c\u00f9ng nhau \u0111\u1ec3 l\u00e0m m\u00e1t b\u1ed9t, ng\u0103n ng\u1eeba c\u00e1c v\u1ea5n \u0111\u1ec1 ch\u1ea5t l\u01b0\u1ee3ng do nhi\u1ec7t \u0111\u1ed9 qu\u00e1 cao.<\/p>    <figure class=\"wp-block-image size-full\"><img loading=\"lazy\" decoding=\"async\" width=\"720\" height=\"540\" src=\"https:\/\/topfoodmachine.com\/wp-content\/uploads\/2025\/02\/Automatic-dumpling-making-machine-capacity.webp\" alt=\"C\u00f4ng su\u1ea5t m\u00e1y l\u00e0m b\u00e1nh bao t\u1ef1 \u0111\u1ed9ng\" class=\"wp-image-1746\" srcset=\"https:\/\/topfoodmachine.com\/wp-content\/uploads\/2025\/02\/Automatic-dumpling-making-machine-capacity.webp 720w, https:\/\/topfoodmachine.com\/wp-content\/uploads\/2025\/02\/Automatic-dumpling-making-machine-capacity-300x225.webp 300w, https:\/\/topfoodmachine.com\/wp-content\/uploads\/2025\/02\/Automatic-dumpling-making-machine-capacity-16x12.webp 16w\" sizes=\"auto, (max-width: 720px) 100vw, 720px\" \/><figcaption class=\"wp-element-caption\">C\u00f4ng su\u1ea5t m\u00e1y l\u00e0m b\u00e1nh bao t\u1ef1 \u0111\u1ed9ng<\/figcaption><\/figure>    <p class=\"translation-block\">\u0110\u01b0\u1ee3c x\u00e2y d\u1ef1ng t\u1eeb <strong>th\u00e9p kh\u00f4ng g\u1ec9 ch\u1ea5t l\u01b0\u1ee3ng cao<\/strong>, m\u00e1y <strong>v\u1ec7 sinh, d\u1ec5 l\u00e0m s\u1ea1ch v\u00e0 \u0111\u01a1n gi\u1ea3n \u0111\u1ec3 b\u1ea3o tr\u00ec<\/strong>, l\u00e0m cho n\u00f3 tr\u1edf th\u00e0nh l\u1ef1a ch\u1ecdn \u0111\u00e1ng tin c\u1eady cho m\u00f4i tr\u01b0\u1eddng s\u1ea3n xu\u1ea5t th\u1ef1c ph\u1ea9m. Ngo\u00e0i ra, n\u00f3 c\u00f2n c\u00f3 <strong>b\u1ea3ng \u0111i\u1ec1u khi\u1ec3n m\u00e1y t\u00ednh ti\u00ean ti\u1ebfn<\/strong> v\u1edbi <strong>bi\u1ebfn t\u1ea7n (VFD) cho \u0111i\u1ec1u ch\u1ec9nh t\u1ed1c \u0111\u1ed9 li\u00ean t\u1ee5c<\/strong>, cho ph\u00e9p ng\u01b0\u1eddi d\u00f9ng ki\u1ec3m so\u00e1t ch\u00ednh x\u00e1c t\u1ed1c \u0111\u1ed9 s\u1ea3n xu\u1ea5t v\u00e0 \u0111\u1ed9 \u0111\u1ed3ng nh\u1ea5t. <\/p>    <p class=\"translation-block\">V\u1edbi <strong>hi\u1ec7u su\u1ea5t cao v\u00e0 ch\u1ee9c n\u0103ng \u0111a d\u1ea1ng<\/strong>, m\u00e1y l\u00e0m b\u00e1nh bao n\u00e0y l\u00fd t\u01b0\u1edfng cho c\u00e1c nh\u00e0 h\u00e0ng, nh\u00e0 m\u00e1y th\u1ef1c ph\u1ea9m v\u00e0 doanh nghi\u1ec7p th\u1ef1c ph\u1ea9m \u0111\u00f4ng l\u1ea1nh, \u0111\u1ea3m b\u1ea3o c\u1ea3 n\u0103ng su\u1ea5t v\u00e0 ch\u1ea5t l\u01b0\u1ee3ng.<\/p>    <figure class=\"wp-block-image size-full\"><img loading=\"lazy\" decoding=\"async\" width=\"720\" height=\"540\" src=\"https:\/\/topfoodmachine.com\/wp-content\/uploads\/2025\/02\/steamed-stuffed-bun-maker-price.webp\" alt=\"gi\u00e1 m\u00e1y l\u00e0m b\u00e1nh bao h\u1ea5p\" class=\"wp-image-1750\" srcset=\"https:\/\/topfoodmachine.com\/wp-content\/uploads\/2025\/02\/steamed-stuffed-bun-maker-price.webp 720w, https:\/\/topfoodmachine.com\/wp-content\/uploads\/2025\/02\/steamed-stuffed-bun-maker-price-300x225.webp 300w, https:\/\/topfoodmachine.com\/wp-content\/uploads\/2025\/02\/steamed-stuffed-bun-maker-price-16x12.webp 16w\" sizes=\"auto, (max-width: 720px) 100vw, 720px\" \/><figcaption class=\"wp-element-caption\">gi\u00e1 m\u00e1y l\u00e0m b\u00e1nh bao h\u1ea5p<\/figcaption><\/figure>    <h2 class=\"wp-block-heading\">\u1ee8ng d\u1ee5ng \u0111a d\u1ea1ng c\u1ee7a m\u00e1y l\u00e0m b\u00e1nh bao h\u1ea5p<\/h2>    <p class=\"translation-block\">M\u00e1y <strong>l\u00e0m b\u00e1nh bao h\u1ea5p<\/strong> l\u00e0 m\u1ed9t <strong>m\u00e1y \u0111a n\u0103ng<\/strong> c\u0169ng c\u00f3 th\u1ec3 \u0111\u01b0\u1ee3c s\u1eed d\u1ee5ng \u0111\u1ec3 s\u1ea3n xu\u1ea5t b\u00e1nh bao, l\u00e0m cho n\u00f3 tr\u1edf th\u00e0nh l\u1ef1a ch\u1ecdn tuy\u1ec7t v\u1eddi cho c\u00e1c doanh nghi\u1ec7p mu\u1ed1n \u0111a d\u1ea1ng h\u00f3a d\u00f2ng s\u1ea3n ph\u1ea9m c\u1ee7a h\u1ecd.<\/p>    <ul class=\"wp-block-list\"> <li><strong>Interchangeable molds<\/strong> \u2013 The machine comes with <strong>m\u1ed9t khu\u00f4n ti\u00eau chu\u1ea9n<\/strong>, v\u00e0 c\u00e1c khu\u00f4n b\u1ed5 sung c\u00f3 th\u1ec3 \u0111\u01b0\u1ee3c mua t\u1eeb ch\u00fang t\u00f4i, cho ph\u00e9p s\u1ea3n xu\u1ea5t nhi\u1ec1u lo\u1ea1i th\u1ef1c ph\u1ea9m nh\u1ed3i kh\u00e1c nhau.<\/li>    <li><strong>T\u1ef7 l\u1ec7 b\u1ed9t v\u00e0 nh\u00e2n ch\u00ednh x\u00e1c<\/strong> \u2013 Duy tr\u00ec m\u1ed9t <strong>T\u1ef7 l\u1ec7 da v\u00e0 nh\u00e2n 1:2<\/strong>, \u0111\u1ea3m b\u1ea3o ch\u1ea5t l\u01b0\u1ee3ng v\u00e0 k\u1ebft c\u1ea5u \u0111\u1ed3ng nh\u1ea5t cho m\u1ecdi s\u1ea3n ph\u1ea9m.<\/li>    <li><strong>H\u1ec7 th\u1ed1ng l\u00e0m m\u00e1t b\u1eb1ng n\u01b0\u1edbc ti\u00ean ti\u1ebfn<\/strong> \u2013 Ng\u0103n ng\u1eeba b\u1ed9t b\u1ecb qu\u00e1 nhi\u1ec7t, v\u1edbi <strong>c\u00e1c \u1ed1ng l\u00e0m m\u00e1t b\u1eb1ng n\u01b0\u1edbc k\u00e9p k\u1ebft n\u1ed1i v\u1edbi \u0111\u1ea7u ra b\u1ed9t.<\/strong> \u0111\u1ec3 gi\u1eef cho v\u1ecf b\u00e1nh m\u1ecbn m\u00e0ng v\u00e0 nguy\u00ean v\u1eb9n.<\/li>    <li><strong>\u0110\u1ed9 d\u00e0y b\u1ed9t c\u00f3 th\u1ec3 \u0111i\u1ec1u ch\u1ec9nh<\/strong> \u2013 Da <strong>\u0111\u1ed9 d\u00e0y c\u1ee7a da c\u00f3 th\u1ec3 \u0111\u01b0\u1ee3c ki\u1ec3m so\u00e1t<\/strong> b\u1eb1ng c\u00e1ch \u0111i\u1ec1u ch\u1ec9nh <strong>kho\u1ea3ng c\u00e1ch t\u1ea1i \u0111\u1ea7u ra b\u1ed9t<\/strong>, cho ph\u00e9p t\u00f9y ch\u1ec9nh d\u1ef1a tr\u00ean y\u00eau c\u1ea7u s\u1ea3n ph\u1ea9m.<\/li> <\/ul>    <figure class=\"wp-block-image size-full\"><img loading=\"lazy\" decoding=\"async\" width=\"720\" height=\"540\" src=\"https:\/\/topfoodmachine.com\/wp-content\/uploads\/2025\/02\/commercial-dumpling-machine.webp\" alt=\"m\u00e1y l\u00e0m b\u00e1nh bao th\u01b0\u01a1ng m\u1ea1i\" class=\"wp-image-1747\" srcset=\"https:\/\/topfoodmachine.com\/wp-content\/uploads\/2025\/02\/commercial-dumpling-machine.webp 720w, https:\/\/topfoodmachine.com\/wp-content\/uploads\/2025\/02\/commercial-dumpling-machine-300x225.webp 300w, https:\/\/topfoodmachine.com\/wp-content\/uploads\/2025\/02\/commercial-dumpling-machine-16x12.webp 16w\" sizes=\"auto, (max-width: 720px) 100vw, 720px\" \/><figcaption class=\"wp-element-caption\">m\u00e1y l\u00e0m b\u00e1nh bao th\u01b0\u01a1ng m\u1ea1i<\/figcaption><\/figure>    <p class=\"translation-block\">V\u1edbi <strong>ch\u1ee9c n\u0103ng linh ho\u1ea1t v\u00e0 ki\u1ec3m so\u00e1t ch\u00ednh x\u00e1c<\/strong>, m\u00e1y n\u00e0y l\u00e0 m\u1ed9t kho\u1ea3n \u0111\u1ea7u t\u01b0 tuy\u1ec7t v\u1eddi cho c\u00e1c doanh nghi\u1ec7p s\u1ea3n xu\u1ea5t b\u00e1nh bao h\u1ea5p, b\u00e1nh bao v\u00e0 c\u00e1c th\u1ef1c ph\u1ea9m nh\u1ed3i kh\u00e1c.<\/p>    <h2 class=\"wp-block-heading\">Th\u00f4ng s\u1ed1 k\u1ef9 thu\u1eadt m\u00e1y l\u00e0m b\u00e1nh bao t\u1ef1 \u0111\u1ed9ng<\/h2>    <figure class=\"wp-block-table\"><table class=\"has-fixed-layout\"><tbody><tr><td>Ng\u01b0\u1eddi m\u1eabu<\/td><td>ST-770<\/td><\/tr><tr><td>Tr\u1ecdng l\u01b0\u1ee3ng m\u00e1y<\/td><td>320kg<\/td><\/tr><tr><td>Tr\u1ecdng l\u01b0\u1ee3ng s\u1ea3n ph\u1ea9m<\/td><td>15-60g<\/td><\/tr><tr><td>Dung t\u00edch<\/td><td>4.000\u20136.000 chi\u1ebfc m\u1ed7i gi\u1edd<\/td><\/tr><tr><td>K\u00edch c\u1ee1<\/td><td>1100*1000*1300mm<\/td><\/tr><tr><td>V\u00f4n<\/td><td>220v, 2.2kw, 50\/60hz<\/td><\/tr><\/tbody><\/table><figcaption class=\"wp-element-caption\">c\u00e1c th\u00f4ng s\u1ed1 m\u00e1y l\u00e0m b\u00e1nh bao t\u1ef1 \u0111\u1ed9ng<\/figcaption><\/figure>    <h2 class=\"wp-block-heading\">M\u1eb9o s\u1eed d\u1ee5ng m\u00e1y l\u00e0m b\u00e1nh bao t\u1ef1 \u0111\u1ed9ng<\/h2>    <p class=\"translation-block\">M\u00e1y <strong>l\u00e0m b\u00e1nh bao t\u1ef1 \u0111\u1ed9ng<\/strong> l\u00e0 m\u1ed9t thi\u1ebft b\u1ecb r\u1ea5t linh ho\u1ea1t c\u00f3 th\u1ec3 s\u1ea3n xu\u1ea5t <strong>b\u00e1nh bao h\u1ea5p v\u00e0 b\u00e1nh pancake nh\u1ed3i<\/strong>. \u0110\u1ec3 \u0111\u1ea1t \u0111\u01b0\u1ee3c hi\u1ec7u su\u1ea5t t\u1ed1i \u01b0u v\u00e0 ch\u1ea5t l\u01b0\u1ee3ng s\u1ea3n ph\u1ea9m, h\u00e3y xem x\u00e9t c\u00e1c m\u1eb9o s\u1eed d\u1ee5ng ch\u00ednh sau \u0111\u00e2y:<\/p>    <figure class=\"wp-block-image size-full\"><img loading=\"lazy\" decoding=\"async\" width=\"720\" height=\"540\" src=\"https:\/\/topfoodmachine.com\/wp-content\/uploads\/2025\/02\/Automatic-dumpling-making-machine-details.webp\" alt=\"Chi ti\u1ebft m\u00e1y l\u00e0m b\u00e1nh bao t\u1ef1 \u0111\u1ed9ng\" class=\"wp-image-1748\" srcset=\"https:\/\/topfoodmachine.com\/wp-content\/uploads\/2025\/02\/Automatic-dumpling-making-machine-details.webp 720w, https:\/\/topfoodmachine.com\/wp-content\/uploads\/2025\/02\/Automatic-dumpling-making-machine-details-300x225.webp 300w, https:\/\/topfoodmachine.com\/wp-content\/uploads\/2025\/02\/Automatic-dumpling-making-machine-details-16x12.webp 16w\" sizes=\"auto, (max-width: 720px) 100vw, 720px\" \/><figcaption class=\"wp-element-caption\">Chi ti\u1ebft m\u00e1y l\u00e0m b\u00e1nh bao t\u1ef1 \u0111\u1ed9ng<\/figcaption><\/figure>    <h3 class=\"wp-block-heading\"><strong>Key usage tips:<\/strong><\/h3>    <ul class=\"wp-block-list\"> <li><strong>S\u1ea3n xu\u1ea5t b\u00e1nh bao h\u1ea5p<\/strong> \u2013 C\u1ea7n x\u00e1c nh\u1eadn <strong>lo\u1ea1i nh\u00e2n, tr\u1ecdng l\u01b0\u1ee3ng v\u00e0 \u0111i\u1ec7n \u00e1p m\u00e1y<\/strong> \u0111\u1ec3 \u0111\u1ea3m b\u1ea3o ho\u1ea1t \u0111\u1ed9ng tr\u01a1n tru v\u00e0 \u0111\u1ea7u ra ch\u1ea5t l\u01b0\u1ee3ng cao.<\/li>    <li><strong>S\u1ea3n xu\u1ea5t b\u00e1nh pancake nh\u1ed3i<\/strong> \u2013 L\u00e0m b\u00e1nh pancake y\u00eau c\u1ea7u m\u1ed9t <strong>ch\u1ee9c n\u0103ng \u00e9p<\/strong>, \u0111i\u1ec1u n\u00e0y c\u00f3 ngh\u0129a l\u00e0 m\u1ed9t <strong>m\u00e1y n\u00e9n kh\u00ed l\u00e0 c\u1ea7n thi\u1ebft<\/strong> \u0111\u1ec3 \u0111\u1ea1t \u0111\u01b0\u1ee3c \u0111\u1ed9 d\u00e0y v\u00e0 k\u1ebft c\u1ea5u mong mu\u1ed1n.<\/li>    <li><strong>C\u00e2n nh\u1eafc k\u00edch th\u01b0\u1edbc<\/strong> \u2013 Da <strong>k\u00edch th\u01b0\u1edbc s\u1ea3n ph\u1ea9m t\u1ed1i \u0111a l\u00e0 15 cm<\/strong>, ch\u1ee7 y\u1ebfu \u0111\u01b0\u1ee3c x\u00e1c \u0111\u1ecbnh b\u1edfi <strong>c\u00e0i \u0111\u1eb7t b\u0103ng t\u1ea3i<\/strong>, v\u00ec v\u1eady c\u00f3 th\u1ec3 c\u1ea7n \u0111i\u1ec1u ch\u1ec9nh cho c\u00e1c k\u00edch th\u01b0\u1edbc s\u1ea3n ph\u1ea9m kh\u00e1c nhau.<\/li> <\/ul>    <p class=\"translation-block\">B\u1eb1ng c\u00e1ch l\u00e0m theo nh\u1eefng m\u1eb9o n\u00e0y, ng\u01b0\u1eddi d\u00f9ng c\u00f3 th\u1ec3 <strong>t\u1ed1i \u0111a h\u00f3a t\u00ednh linh ho\u1ea1t c\u1ee7a m\u00e1y<\/strong>, \u0111\u1ea3m b\u1ea3o s\u1ea3n xu\u1ea5t hi\u1ec7u qu\u1ea3 b\u00e1nh bao, b\u00e1nh bao h\u1ea5p v\u00e0 b\u00e1nh pancake nh\u1ed3i v\u1edbi ch\u1ea5t l\u01b0\u1ee3ng \u0111\u1ed3ng nh\u1ea5t.<\/p>    <h2 class=\"wp-block-heading\">Gi\u00e1 m\u00e1y l\u00e0m b\u00e1nh bao t\u1ef1 \u0111\u1ed9ng<\/h2>    <figure class=\"wp-block-image size-full\"><img loading=\"lazy\" decoding=\"async\" width=\"720\" height=\"540\" src=\"https:\/\/topfoodmachine.com\/wp-content\/uploads\/2025\/02\/dumpling-making-machine-structure.webp\" alt=\"c\u1ea5u tr\u00fac m\u00e1y l\u00e0m b\u00e1nh bao\" class=\"wp-image-1749\" srcset=\"https:\/\/topfoodmachine.com\/wp-content\/uploads\/2025\/02\/dumpling-making-machine-structure.webp 720w, https:\/\/topfoodmachine.com\/wp-content\/uploads\/2025\/02\/dumpling-making-machine-structure-300x225.webp 300w, https:\/\/topfoodmachine.com\/wp-content\/uploads\/2025\/02\/dumpling-making-machine-structure-16x12.webp 16w\" sizes=\"auto, (max-width: 720px) 100vw, 720px\" \/><figcaption class=\"wp-element-caption\">c\u1ea5u tr\u00fac m\u00e1y l\u00e0m b\u00e1nh bao<\/figcaption><\/figure>    <p class=\"translation-block\"><strong>Chi ph\u00ed c\u1ee7a m\u00e1y l\u00e0m <a href=\"https:\/\/en.wikipedia.org\/wiki\/Dumpling\" data-type=\"link\" data-id=\"https:\/\/en.wikipedia.org\/wiki\/Dumpling\" target=\"_blank\" rel=\"noopener\">b\u00e1nh bao<\/a> t\u1ef1 \u0111\u1ed9ng<\/strong> ph\u1ee5 thu\u1ed9c v\u00e0o nhi\u1ec1u y\u1ebfu t\u1ed1, bao g\u1ed3m <strong>c\u1ea5u h\u00ecnh, t\u00f9y ch\u1ecdn khu\u00f4n v\u00e0 c\u00e1c ch\u1ee9c n\u0103ng b\u1ed5 sung<\/strong>. M\u00e1y \u0111i k\u00e8m v\u1edbi <strong>khu\u00f4n ti\u00eau chu\u1ea9n<\/strong>, nh\u01b0ng c\u00f3 th\u1ec3 t\u00f9y ch\u1ec9nh khu\u00f4n b\u1ed5 sung \u0111\u1ec3 m\u1edf r\u1ed9ng kh\u1ea3 n\u0103ng s\u1ea3n xu\u1ea5t c\u1ee7a n\u00f3. <\/p>    <p class=\"translation-block\">\u0110\u1ec3 l\u00e0m <strong>b\u00e1nh pancake nh\u1ed3i<\/strong>, c\u1ea7n c\u00f3 m\u1ed9t <strong>m\u00e1y n\u00e9n kh\u00ed<\/strong> \u0111\u1ec3 \u0111\u1ea1t \u0111\u01b0\u1ee3c k\u1ebft c\u1ea5u ph\u00f9 h\u1ee3p th\u00f4ng qua vi\u1ec7c \u00e9p. Ngo\u00e0i ra, <strong>k\u00edch th\u01b0\u1edbc s\u1ea3n ph\u1ea9m, lo\u1ea1i nh\u00e2n, tr\u1ecdng l\u01b0\u1ee3ng v\u00e0 y\u00eau c\u1ea7u \u0111i\u1ec7n \u00e1p<\/strong> \u0111\u1ec1u \u0111\u00f3ng vai tr\u00f2 trong vi\u1ec7c x\u00e1c \u0111\u1ecbnh m\u00f4 h\u00ecnh ph\u00f9 h\u1ee3p nh\u1ea5t. <\/p>    <p>\u0110\u1ec3 t\u00ecm m\u00e1y t\u1ed1t nh\u1ea5t cho nhu c\u1ea7u s\u1ea3n xu\u1ea5t c\u1ee7a b\u1ea1n, n\u00ean tham kh\u1ea3o \u00fd ki\u1ebfn v\u1edbi ch\u00fang t\u00f4i \u0111\u1ec3 bi\u1ebft chi ti\u1ebft c\u1ee5 th\u1ec3 v\u00e0 t\u00f9y ch\u1ecdn t\u00f9y ch\u1ec9nh.<\/p>    <h2 class=\"wp-block-heading\">Ph\u1ea7n k\u1ebft lu\u1eadn<\/h2>    <figure class=\"wp-block-image size-full\"><img loading=\"lazy\" decoding=\"async\" width=\"720\" height=\"540\" src=\"https:\/\/topfoodmachine.com\/wp-content\/uploads\/2025\/02\/steamed-stuffed-bun-maker.webp\" alt=\"m\u00e1y l\u00e0m b\u00e1nh bao h\u1ea5p\" class=\"wp-image-1751\" srcset=\"https:\/\/topfoodmachine.com\/wp-content\/uploads\/2025\/02\/steamed-stuffed-bun-maker.webp 720w, https:\/\/topfoodmachine.com\/wp-content\/uploads\/2025\/02\/steamed-stuffed-bun-maker-300x225.webp 300w, https:\/\/topfoodmachine.com\/wp-content\/uploads\/2025\/02\/steamed-stuffed-bun-maker-16x12.webp 16w\" sizes=\"auto, (max-width: 720px) 100vw, 720px\" \/><figcaption class=\"wp-element-caption\">m\u00e1y l\u00e0m b\u00e1nh bao h\u1ea5p<\/figcaption><\/figure>    <p class=\"translation-block\"><strong>M\u00e1y l\u00e0m b\u00e1nh bao t\u1ef1 \u0111\u1ed9ng<\/strong> \u0111\u1ea3m b\u1ea3o <strong>s\u1ea3n xu\u1ea5t hi\u1ec7u qu\u1ea3, ch\u1ea5t l\u01b0\u1ee3ng cao<\/strong> v\u1edbi <strong>khu\u00f4n t\u00f9y ch\u1ec9nh, l\u00e0m m\u00e1t ti\u00ean ti\u1ebfn v\u00e0 ki\u1ec3m so\u00e1t ch\u00ednh x\u00e1c<\/strong>. \u0110\u01b0\u1ee3c l\u00e0m t\u1eeb <strong>th\u00e9p kh\u00f4ng g\u1ec9<\/strong>, n\u00f3 <strong>b\u1ec1n, d\u1ec5 v\u1ec7 sinh v\u00e0 l\u00fd t\u01b0\u1edfng cho c\u00e1c doanh nghi\u1ec7p th\u1ef1c ph\u1ea9m<\/strong>.<\/p>    <p class=\"translation-block\">Ch\u00fang t\u00f4i c\u0169ng cung c\u1ea5p <strong><a href=\"https:\/\/topfoodmachine.com\/vi\/product\/noodle-maker-machine\/\" data-type=\"link\" data-id=\"https:\/\/topfoodmachine.com\/product\/noodle-maker-machine\/\">m\u00e1y l\u00e0m m\u00ec<\/a>, <a href=\"https:\/\/topfoodmachine.com\/vi\/product\/tortilla-maker-machine\/\" data-type=\"link\" data-id=\"https:\/\/topfoodmachine.com\/product\/tortilla-maker-machine\/\">m\u00e1y l\u00e0m b\u00e1nh tortilla<\/a>, v\u00e0 c\u00e1c thi\u1ebft b\u1ecb ch\u1ebf bi\u1ebfn pasta kh\u00e1c<\/strong>. <strong>Li\u00ean h\u1ec7 v\u1edbi ch\u00fang t\u00f4i ngay<\/strong> \u0111\u1ec3 bi\u1ebft th\u00eam chi ti\u1ebft v\u00e0 gi\u1ea3i ph\u00e1p t\u00f9y ch\u1ec9nh!<\/p>","protected":false},"excerpt":{"rendered":"<p>M\u00e1y l\u00e0m b\u00e1nh bao t\u1ef1 \u0111\u1ed9ng c\u00f3 th\u1ec3 s\u1ea3n xu\u1ea5t nhi\u1ec1u lo\u1ea1i th\u1ef1c ph\u1ea9m nh\u1ed3i, ch\u1eb3ng h\u1ea1n nh\u01b0 b\u00e1nh bao, b\u00e1nh c\u00e0 ri, b\u00e1nh bao ng\u1ecdc trai, ravioli, b\u00e1nh bao h\u1ea5p v\u00e0 ch\u1ea3 gi\u00f2. <\/p>","protected":false},"author":1,"featured_media":1745,"parent":0,"template":"","tags":[103,17],"product-type":[6],"class_list":["post-1744","product","type-product","status-publish","has-post-thumbnail","hentry","tag-automatic-dumpling-making-machine","tag-pastry-production-machine","product-type-pastry-production-machine"],"_links":{"self":[{"href":"https:\/\/topfoodmachine.com\/vi\/wp-json\/wp\/v2\/product\/1744","targetHints":{"allow":["GET"]}}],"collection":[{"href":"https:\/\/topfoodmachine.com\/vi\/wp-json\/wp\/v2\/product"}],"about":[{"href":"https:\/\/topfoodmachine.com\/vi\/wp-json\/wp\/v2\/types\/product"}],"author":[{"embeddable":true,"href":"https:\/\/topfoodmachine.com\/vi\/wp-json\/wp\/v2\/users\/1"}],"wp:featuredmedia":[{"embeddable":true,"href":"https:\/\/topfoodmachine.com\/vi\/wp-json\/wp\/v2\/media\/1745"}],"wp:attachment":[{"href":"https:\/\/topfoodmachine.com\/vi\/wp-json\/wp\/v2\/media?parent=1744"}],"wp:term":[{"taxonomy":"post_tag","embeddable":true,"href":"https:\/\/topfoodmachine.com\/vi\/wp-json\/wp\/v2\/tags?post=1744"},{"taxonomy":"product-type","embeddable":true,"href":"https:\/\/topfoodmachine.com\/vi\/wp-json\/wp\/v2\/product-type?post=1744"}],"curies":[{"name":"wp","href":"https:\/\/api.w.org\/{rel}","templated":true}]}}