{"id":1669,"date":"2024-11-14T11:42:42","date_gmt":"2024-11-14T03:42:42","guid":{"rendered":"https:\/\/topfoodmachine.com\/?post_type=product&#038;p=1669"},"modified":"2024-11-14T11:42:43","modified_gmt":"2024-11-14T03:42:43","slug":"carrot-peeler-machine","status":"publish","type":"product","link":"https:\/\/topfoodmachine.com\/vi\/product\/carrot-peeler-machine\/","title":{"rendered":"m\u00e1y g\u1ecdt c\u00e0 r\u1ed1t"},"content":{"rendered":"<div class=\"kk-star-ratings kksr-auto kksr-align-left kksr-valign-top\"     data-payload='{&quot;align&quot;:&quot;left&quot;,&quot;id&quot;:&quot;1669&quot;,&quot;slug&quot;:&quot;default&quot;,&quot;valign&quot;:&quot;top&quot;,&quot;ignore&quot;:&quot;&quot;,&quot;reference&quot;:&quot;auto&quot;,&quot;class&quot;:&quot;&quot;,&quot;count&quot;:&quot;17&quot;,&quot;legendonly&quot;:&quot;&quot;,&quot;readonly&quot;:&quot;&quot;,&quot;score&quot;:&quot;4.6&quot;,&quot;starsonly&quot;:&quot;&quot;,&quot;best&quot;:&quot;5&quot;,&quot;gap&quot;:&quot;5&quot;,&quot;greet&quot;:&quot;Rate this product&quot;,&quot;legend&quot;:&quot;4.6\\\/5 - (17 b\u00ecnh ch\u1ecdn)&quot;,&quot;size&quot;:&quot;24&quot;,&quot;title&quot;:&quot;Carrot peeler machine&quot;,&quot;width&quot;:&quot;130.9&quot;,&quot;_legend&quot;:&quot;{score}\\\/{best} - ({count} {votes})&quot;,&quot;font_factor&quot;:&quot;1.25&quot;}'>              <div class=\"kksr-stars\">      <div class=\"kksr-stars-inactive\">             <div class=\"kksr-star\" data-star=\"1\" style=\"padding-right: 5px\">               <div class=\"kksr-icon\" style=\"width: 24px; height: 24px;\"><\/div>         <\/div>             <div class=\"kksr-star\" data-star=\"2\" style=\"padding-right: 5px\">               <div class=\"kksr-icon\" style=\"width: 24px; height: 24px;\"><\/div>         <\/div>             <div class=\"kksr-star\" data-star=\"3\" style=\"padding-right: 5px\">               <div class=\"kksr-icon\" style=\"width: 24px; height: 24px;\"><\/div>         <\/div>             <div class=\"kksr-star\" data-star=\"4\" style=\"padding-right: 5px\">               <div class=\"kksr-icon\" style=\"width: 24px; height: 24px;\"><\/div>         <\/div>             <div class=\"kksr-star\" data-star=\"5\" style=\"padding-right: 5px\">               <div class=\"kksr-icon\" style=\"width: 24px; height: 24px;\"><\/div>         <\/div>     <\/div>      <div class=\"kksr-stars-active\" style=\"width: 130.9px;\">             <div class=\"kksr-star\" style=\"padding-right: 5px\">               <div class=\"kksr-icon\" style=\"width: 24px; height: 24px;\"><\/div>         <\/div>             <div class=\"kksr-star\" style=\"padding-right: 5px\">               <div class=\"kksr-icon\" style=\"width: 24px; height: 24px;\"><\/div>         <\/div>             <div class=\"kksr-star\" style=\"padding-right: 5px\">               <div class=\"kksr-icon\" style=\"width: 24px; height: 24px;\"><\/div>         <\/div>             <div class=\"kksr-star\" style=\"padding-right: 5px\">               <div class=\"kksr-icon\" style=\"width: 24px; height: 24px;\"><\/div>         <\/div>             <div class=\"kksr-star\" style=\"padding-right: 5px\">               <div class=\"kksr-icon\" style=\"width: 24px; height: 24px;\"><\/div>         <\/div>     <\/div> <\/div>                   <div class=\"kksr-legend\" style=\"font-size: 19.2px;\">             4.6\/5 - (17 l\u01b0\u1ee3t b\u00ecnh ch\u1ecdn)    <\/div>     <\/div>  <p>M\u00e1y G\u1ecdt C\u00e0 R\u1ed1t, \u0111\u01b0\u1ee3c ch\u1ebf t\u1ea1o t\u1eeb th\u00e9p kh\u00f4ng g\u1ec9 304 b\u1ec1n b\u1ec9, \u0111\u01b0\u1ee3c thi\u1ebft k\u1ebf \u0111\u1ec3 g\u1ecdt nhanh v\u00e0 hi\u1ec7u qu\u1ea3 v\u1edbi c\u00f4ng su\u1ea5t 1500 c\u1ee7 c\u00e0 r\u1ed1t m\u1ed7i gi\u1edd. V\u1edbi h\u1ec7 th\u1ed1ng l\u01b0\u1ee1i dao ti\u00ean ti\u1ebfn, n\u00f3 \u0111\u1ea3m b\u1ea3o m\u1ed9t l\u1edbp g\u1ecdt s\u1ea1ch v\u00e0 m\u01b0\u1ee3t m\u00e0, l\u00e0m cho qu\u00e1 tr\u00ecnh n\u00e0y nhanh h\u01a1n v\u00e0 \u0111\u1ed3ng nh\u1ea5t h\u01a1n so v\u1edbi vi\u1ec7c g\u1ecdt b\u1eb1ng tay. <\/p>    <p>C\u00f4ng c\u1ee5 nh\u00e0 b\u1ebfp th\u00f4ng minh n\u00e0y ti\u1ebft ki\u1ec7m th\u1eddi gian qu\u00fd b\u00e1u b\u1eb1ng c\u00e1ch cho ph\u00e9p g\u1ecdt m\u1ed9t l\u01b0\u1ee3ng l\u1edbn c\u00e0 r\u1ed1t c\u00f9ng m\u1ed9t l\u00fac, lo\u1ea1i b\u1ecf nhu c\u1ea7u g\u1ecdt t\u1eebng c\u1ee7 b\u1eb1ng dao. Ho\u00e0n h\u1ea3o cho vi\u1ec7c s\u1eed d\u1ee5ng th\u01b0\u01a1ng m\u1ea1i, n\u00f3 t\u0103ng n\u0103ng su\u1ea5t trong khi v\u1eabn duy tr\u00ec k\u1ebft qu\u1ea3 ch\u1ea5t l\u01b0\u1ee3ng cao.<\/p>    <figure class=\"wp-block-embed is-type-video is-provider-youtube wp-block-embed-youtube wp-embed-aspect-16-9 wp-has-aspect-ratio\"><div class=\"wp-block-embed__wrapper\"> <iframe loading=\"lazy\" title=\"M\u00e1y G\u1ecdt C\u00e0 R\u1ed1t C\u00f4ng Nghi\u1ec7p: Ho\u00e0n h\u1ea3o cho ch\u1ebf bi\u1ebfn quy m\u00f4 l\u1edbn #c\u00e0 r\u1ed1t #g\u1ecdt #rau c\u1ee7\" width=\"500\" height=\"281\" src=\"https:\/\/www.youtube.com\/embed\/IBCPv5IOAI4?feature=oembed\" frameborder=\"0\" allow=\"accelerometer; autoplay; clipboard-write; encrypted-media; gyroscope; picture-in-picture; web-share\" referrerpolicy=\"strict-origin-when-cross-origin\" allowfullscreen><\/iframe> <\/div><figcaption class=\"wp-element-caption\">Video l\u00e0m vi\u1ec7c c\u1ee7a m\u00e1y g\u1ecdt c\u00e0 r\u1ed1t<\/figcaption><\/figure>    <h2 class=\"wp-block-heading\">\u01b0u \u0111i\u1ec3m c\u1ee7a m\u00e1y g\u1ecdt c\u00e0 r\u1ed1t<\/h2>    <ul class=\"wp-block-list\"> <li><strong>Ch\u1ea5t li\u1ec7u ch\u1ea5t l\u01b0\u1ee3ng cao.<\/strong> \u0110\u01b0\u1ee3c ch\u1ebf t\u1ea1o b\u1eb1ng th\u00e9p kh\u00f4ng g\u1ec9 v\u00e0 b\u1ec1 m\u1eb7t ch\u1ea3i, m\u00e1y b\u1ec1n, an to\u00e0n v\u00e0 d\u1ec5 v\u1ec7 sinh, cung c\u1ea5p hi\u1ec7u su\u1ea5t l\u00e2u d\u00e0i.<\/li>    <li><strong>G\u1ecdt hi\u1ec7u qu\u1ea3.<\/strong> M\u00e1y cung c\u1ea5p t\u1ef7 l\u1ec7 g\u1ecdt cao v\u1edbi t\u1ed5n th\u1ea5t t\u1ed1i thi\u1ec3u, \u0111\u1ea3m b\u1ea3o \u0111\u1ed9 d\u00e0y g\u1ecdt t\u1ed1i \u01b0u v\u00e0 b\u1ec1 m\u1eb7t m\u1ecbn, \u0111\u1ed3ng \u0111\u1ec1u cho m\u1ed7i c\u1ee7 c\u00e0 r\u1ed1t.<\/li>    <li><strong>S\u1eb5n s\u00e0ng t\u1ef1 \u0111\u1ed9ng h\u00f3a.<\/strong> Ph\u00f9 h\u1ee3p \u0111\u1ec3 t\u00edch h\u1ee3p v\u00e0o d\u00e2y chuy\u1ec1n s\u1ea3n xu\u1ea5t, m\u00e1y c\u00f3 m\u1ee9c \u0111\u1ed9 t\u1ef1 \u0111\u1ed9ng h\u00f3a cao, c\u1ea3i thi\u1ec7n hi\u1ec7u qu\u1ea3 ho\u1ea1t \u0111\u1ed9ng.<\/li>    <li><strong>Ho\u1ea1t \u0111\u1ed9ng \u0111\u00e1ng tin c\u1eady v\u00e0 an to\u00e0n.<\/strong> V\u1edbi c\u01a1 ch\u1ebf thi\u1ebft k\u1ebf t\u1ed1t, m\u00e1y \u0111\u1ea3m b\u1ea3o ho\u1ea1t \u0111\u1ed9ng an to\u00e0n v\u00e0 \u0111\u00e1ng tin c\u1eady, gi\u1ea3m thi\u1ec3u r\u1ee7i ro l\u1ed7i v\u1eadn h\u00e0nh.<\/li>    <li><strong>B\u1ea3o tr\u00ec th\u1ea5p.<\/strong> C\u1ea5u tr\u00fac b\u1eb1ng th\u00e9p kh\u00f4ng g\u1ec9 v\u00e0 thi\u1ebft k\u1ebf \u0111\u01a1n gi\u1ea3n gi\u00fap d\u1ec5 b\u1ea3o tr\u00ec, \u0111\u1ea3m b\u1ea3o hi\u1ec7u su\u1ea5t \u1ed5n \u0111\u1ecbnh theo th\u1eddi gian.<\/li> <\/ul>    <figure class=\"wp-block-gallery has-nested-images columns-default is-cropped wp-block-gallery-2 is-layout-flex wp-block-gallery-is-layout-flex\"> <figure class=\"wp-block-image size-full\"><img loading=\"lazy\" decoding=\"async\" width=\"720\" height=\"540\" data-id=\"1671\" src=\"https:\/\/topfoodmachine.com\/wp-content\/uploads\/2024\/11\/Carrot-peeler-machine.webp\" alt=\"m\u00e1y g\u1ecdt c\u00e0 r\u1ed1t\" class=\"wp-image-1671\" srcset=\"https:\/\/topfoodmachine.com\/wp-content\/uploads\/2024\/11\/Carrot-peeler-machine.webp 720w, https:\/\/topfoodmachine.com\/wp-content\/uploads\/2024\/11\/Carrot-peeler-machine-300x225.webp 300w, https:\/\/topfoodmachine.com\/wp-content\/uploads\/2024\/11\/Carrot-peeler-machine-16x12.webp 16w\" sizes=\"auto, (max-width: 720px) 100vw, 720px\" \/><figcaption class=\"wp-element-caption\">m\u00e1y g\u1ecdt c\u00e0 r\u1ed1t<\/figcaption><\/figure>    <figure class=\"wp-block-image size-full\"><img loading=\"lazy\" decoding=\"async\" width=\"720\" height=\"540\" data-id=\"1672\" src=\"https:\/\/topfoodmachine.com\/wp-content\/uploads\/2024\/11\/carrot-peeling-machine-price.webp\" alt=\"Gi\u00e1 m\u00e1y g\u1ecdt c\u00e0 r\u1ed1t\" class=\"wp-image-1672\" srcset=\"https:\/\/topfoodmachine.com\/wp-content\/uploads\/2024\/11\/carrot-peeling-machine-price.webp 720w, https:\/\/topfoodmachine.com\/wp-content\/uploads\/2024\/11\/carrot-peeling-machine-price-300x225.webp 300w, https:\/\/topfoodmachine.com\/wp-content\/uploads\/2024\/11\/carrot-peeling-machine-price-16x12.webp 16w\" sizes=\"auto, (max-width: 720px) 100vw, 720px\" \/><figcaption class=\"wp-element-caption\">Gi\u00e1 m\u00e1y g\u1ecdt c\u00e0 r\u1ed1t<\/figcaption><\/figure> <\/figure>    <h2 class=\"wp-block-heading\">m\u00e1y g\u1ecdt c\u00e0 r\u1ed1t h\u1ed7 tr\u1ee3 m\u00e1y m\u00f3c<\/h2>    <p>M\u00e1y G\u1ecdt C\u00e0 R\u1ed1t \u0111\u01b0\u1ee3c thi\u1ebft k\u1ebf \u0111\u1ec3 ho\u1ea1t \u0111\u1ed9ng li\u1ec1n m\u1ea1ch v\u1edbi c\u00e1c thi\u1ebft b\u1ecb kh\u00e1c nh\u1eb1m n\u00e2ng cao hi\u1ec7u qu\u1ea3 ch\u1ebf bi\u1ebfn v\u00e0 t\u1ea1o ra m\u1ed9t d\u00e2y chuy\u1ec1n s\u1ea3n xu\u1ea5t ho\u00e0n to\u00e0n t\u1ef1 \u0111\u1ed9ng. <\/p>    <p class=\"translation-block\">B\u1eb1ng c\u00e1ch k\u1ebft h\u1ee3p m\u00e1y g\u1ecdt v\u1edbi c\u00e1c m\u00e1y h\u1ed7 tr\u1ee3 nh\u01b0 <strong><a href=\"https:\/\/topfoodmachine.com\/vi\/product\/automatic-vegetable-dicing-machine\/\" data-type=\"link\" data-id=\"https:\/\/topfoodmachine.com\/product\/automatic-vegetable-dicing-machine\/\">M\u00e1y c\u1eaft rau t\u1ef1 \u0111\u1ed9ng<\/a><\/strong> v\u00e0 <strong><a href=\"https:\/\/topfoodmachine.com\/vi\/product\/fruit-and-vegetable-grading-machine\/\" data-type=\"link\" data-id=\"https:\/\/topfoodmachine.com\/product\/fruit-and-vegetable-grading-machine\/\">M\u00e1y ph\u00e2n lo\u1ea1i tr\u00e1i c\u00e2y v\u00e0 rau qu\u1ea3<\/a><\/strong>, to\u00e0n b\u1ed9 qu\u00e1 tr\u00ecnh t\u1eeb g\u1ecdt \u0111\u1ebfn ph\u00e2n lo\u1ea1i v\u00e0 c\u1eaft c\u00f3 th\u1ec3 \u0111\u01b0\u1ee3c t\u1ed1i \u01b0u h\u00f3a cho hi\u1ec7u su\u1ea5t t\u1ed1t nh\u1ea5t.<\/p>    <ul class=\"wp-block-list\"> <li><strong>M\u00e1y c\u1eaft rau t\u1ef1 \u0111\u1ed9ng.<\/strong>&nbsp;Sau khi c\u00e0 r\u1ed1t \u0111\u01b0\u1ee3c g\u1ecdt, m\u00e1y n\u00e0y nhanh ch\u00f3ng c\u1eaft ch\u00fang th\u00e0nh nh\u1eefng mi\u1ebfng \u0111\u1ed3ng \u0111\u1ec1u, t\u0103ng t\u1ed1c \u0111\u1ed9 v\u00e0 t\u00ednh nh\u1ea5t qu\u00e1n c\u1ee7a d\u00e2y chuy\u1ec1n x\u1eed l\u00fd.<\/li>    <li><strong>M\u00e1y ph\u00e2n lo\u1ea1i tr\u00e1i c\u00e2y v\u00e0 rau qu\u1ea3.<\/strong>&nbsp;M\u00e1y n\u00e0y ph\u00e2n lo\u1ea1i c\u00e0 r\u1ed1t d\u1ef1a tr\u00ean k\u00edch th\u01b0\u1edbc v\u00e0 ch\u1ea5t l\u01b0\u1ee3ng.<\/li>    <li><strong>T\u0103ng hi\u1ec7u qu\u1ea3.<\/strong>&nbsp;K\u1ebft h\u1ee3p nh\u1eefng m\u00e1y n\u00e0y v\u1edbi m\u00e1y g\u1ecdt c\u00e0 r\u1ed1t cho ph\u00e9p m\u1ed9t quy tr\u00ecnh s\u1ea3n xu\u1ea5t m\u01b0\u1ee3t m\u00e0 h\u01a1n, gi\u1ea3m lao \u0111\u1ed9ng th\u1ee7 c\u00f4ng v\u00e0 t\u0103ng s\u1ea3n l\u01b0\u1ee3ng t\u1ed5ng th\u1ec3.<\/li>    <li><strong>Ch\u1ea5t l\u01b0\u1ee3ng s\u1ea3n ph\u1ea9m nh\u1ea5t qu\u00e1n.<\/strong>&nbsp;V\u1edbi m\u1ed7i m\u00e1y \u0111\u00f3ng vai tr\u00f2 ri\u00eang bi\u1ec7t, to\u00e0n b\u1ed9 qu\u00e1 tr\u00ecnh duy tr\u00ec ti\u00eau chu\u1ea9n ch\u1ea5t l\u01b0\u1ee3ng cao, \u0111\u1ea3m b\u1ea3o r\u1eb1ng m\u1ed7i c\u1ee7 c\u00e0 r\u1ed1t \u0111\u01b0\u1ee3c g\u1ecdt, c\u1eaft v\u00e0 ph\u00e2n lo\u1ea1i ho\u00e0n h\u1ea3o \u0111\u1ec3 \u0111\u00f3ng g\u00f3i ho\u1eb7c x\u1eed l\u00fd th\u00eam.<\/li> <\/ul>    <figure class=\"wp-block-gallery has-nested-images columns-default is-cropped wp-block-gallery-3 is-layout-flex wp-block-gallery-is-layout-flex\"> <figure class=\"wp-block-image size-large\"><img loading=\"lazy\" decoding=\"async\" width=\"720\" height=\"540\" data-id=\"669\" src=\"https:\/\/topfoodmachine.com\/wp-content\/uploads\/2023\/10\/vegetable-dicing-machine-with-a-good-price.webp\" alt=\"m\u00e1y th\u00e1i rau c\u1ee7 gi\u00e1 t\u1ed1t\" class=\"wp-image-669\" srcset=\"https:\/\/topfoodmachine.com\/wp-content\/uploads\/2023\/10\/vegetable-dicing-machine-with-a-good-price.webp 720w, https:\/\/topfoodmachine.com\/wp-content\/uploads\/2023\/10\/vegetable-dicing-machine-with-a-good-price-300x225.webp 300w\" sizes=\"auto, (max-width: 720px) 100vw, 720px\" \/><figcaption class=\"wp-element-caption\">m\u00e1y th\u00e1i rau c\u1ee7 gi\u00e1 t\u1ed1t<\/figcaption><\/figure>    <figure class=\"wp-block-image size-large\"><img loading=\"lazy\" decoding=\"async\" width=\"720\" height=\"540\" data-id=\"995\" src=\"https:\/\/topfoodmachine.com\/wp-content\/uploads\/2023\/11\/Fruit-and-vegetable-grading-machine.webp\" alt=\"M\u00e1y ph\u00e2n lo\u1ea1i rau qu\u1ea3\" class=\"wp-image-995\" srcset=\"https:\/\/topfoodmachine.com\/wp-content\/uploads\/2023\/11\/Fruit-and-vegetable-grading-machine.webp 720w, https:\/\/topfoodmachine.com\/wp-content\/uploads\/2023\/11\/Fruit-and-vegetable-grading-machine-300x225.webp 300w\" sizes=\"auto, (max-width: 720px) 100vw, 720px\" \/><figcaption class=\"wp-element-caption\">M\u00e1y ph\u00e2n lo\u1ea1i rau qu\u1ea3<\/figcaption><\/figure> <\/figure>    <p>B\u1eb1ng c\u00e1ch k\u1ebft h\u1ee3p nh\u1eefng m\u00e1y h\u1ed7 tr\u1ee3 n\u00e0y, c\u00e1c doanh nghi\u1ec7p c\u00f3 th\u1ec3 c\u1ea3i thi\u1ec7n \u0111\u00e1ng k\u1ec3 n\u0103ng su\u1ea5t, gi\u1ea3m ch\u1ea5t th\u1ea3i v\u00e0 duy tr\u00ec ch\u1ea5t l\u01b0\u1ee3ng cao nh\u1ea5t trong ch\u1ebf bi\u1ebfn c\u00e0 r\u1ed1t.<\/p>    <h2 class=\"wp-block-heading\">Th\u00f4ng s\u1ed1 k\u1ef9 thu\u1eadt m\u00e1y g\u1ecdt c\u00e0 r\u1ed1t<\/h2>    <figure class=\"wp-block-table\"><table class=\"has-fixed-layout\"><tbody><tr><td>Ng\u01b0\u1eddi m\u1eabu<\/td><td>TZ-500<\/td><\/tr><tr><td>K\u00edch c\u1ee1<\/td><td>1980*450*1050mm<\/td><\/tr><tr><td>C\u00e2n n\u1eb7ng<\/td><td>120kg<\/td><\/tr><tr><td>V\u00f4n<\/td><td>220v<\/td><\/tr><tr><td>Quy\u1ec1n l\u1ef1c<\/td><td>500w<\/td><\/tr><tr><td>V\u1eadt li\u1ec7u<\/td><td>th\u00e9p kh\u00f4ng g\u1ec9 304<\/td><\/tr><tr><td>Dung t\u00edch<\/td><td>1500pcs\/h<\/td><\/tr><\/tbody><\/table><figcaption class=\"wp-element-caption\">Th\u00f4ng s\u1ed1 k\u1ef9 thu\u1eadt m\u00e1y g\u1ecdt c\u00e0 r\u1ed1t<\/figcaption><\/figure>    <figure class=\"wp-block-image size-full\"><img loading=\"lazy\" decoding=\"async\" width=\"720\" height=\"540\" src=\"https:\/\/topfoodmachine.com\/wp-content\/uploads\/2024\/11\/carrot-peeling-machine.webp\" alt=\"m\u00e1y g\u1ecdt c\u00e0 r\u1ed1t\" class=\"wp-image-1673\" srcset=\"https:\/\/topfoodmachine.com\/wp-content\/uploads\/2024\/11\/carrot-peeling-machine.webp 720w, https:\/\/topfoodmachine.com\/wp-content\/uploads\/2024\/11\/carrot-peeling-machine-300x225.webp 300w, https:\/\/topfoodmachine.com\/wp-content\/uploads\/2024\/11\/carrot-peeling-machine-16x12.webp 16w\" sizes=\"auto, (max-width: 720px) 100vw, 720px\" \/><figcaption class=\"wp-element-caption\">m\u00e1y g\u1ecdt c\u00e0 r\u1ed1t<\/figcaption><\/figure>    <h2 class=\"wp-block-heading\">C\u00e2u h\u1ecfi th\u01b0\u1eddng g\u1eb7p v\u1ec1 m\u00e1y g\u1ecdt c\u00e0 r\u1ed1t<\/h2>   <div id=\"rank-math-faq\" class=\"rank-math-block\"> <div class=\"rank-math-list\"> <div id=\"faq-question-1731480129767\" class=\"rank-math-list-item\"> <h3 class=\"rank-math-question\"><strong>Hi\u1ec7u su\u1ea5t g\u1ecdt c\u1ee7a <a href=\"https:\/\/en.wikipedia.org\/wiki\/Carrot\" data-type=\"link\" data-id=\"https:\/\/en.wikipedia.org\/wiki\/Carrot\" target=\"_blank\" rel=\"noopener\">C\u00e0 r\u1ed1t<\/a> M\u00e1y G\u1ecdt?<\/strong><\/h3> <div class=\"rank-math-answer\">  <p class=\"translation-block\">M\u00e1y G\u1ecdt C\u00e0 R\u1ed1t c\u00f3 t\u1ef7 l\u1ec7 g\u1ecdt cao v\u1edbi l\u01b0\u1ee3ng ch\u1ea5t th\u1ea3i t\u1ed1i thi\u1ec3u. N\u00f3 lo\u1ea1i b\u1ecf v\u1ecf m\u1ed9t c\u00e1ch hi\u1ec7u qu\u1ea3 trong khi gi\u1eef nguy\u00ean c\u1ee7 c\u00e0 r\u1ed1t, \u0111\u1ea3m b\u1ea3o t\u1ed5n th\u1ea5t t\u1ed1i thi\u1ec3u. M\u00e1y th\u01b0\u1eddng x\u1eed l\u00fd l\u00ean \u0111\u1ebfn <strong>1500 c\u1ee7 c\u00e0 r\u1ed1t m\u1ed7i gi\u1edd<\/strong>, t\u00f9y thu\u1ed9c v\u00e0o k\u00edch th\u01b0\u1edbc v\u00e0 lo\u1ea1i c\u00e0 r\u1ed1t \u0111\u01b0\u1ee3c ch\u1ebf bi\u1ebfn.<\/p>  <\/div> <\/div> <div id=\"faq-question-1731480167029\" class=\"rank-math-list-item\"> <h3 class=\"rank-math-question\"><strong>M\u00e1y g\u1ecdt c\u00e0 r\u1ed1t c\u00f3 d\u1ec5 v\u1ec7 sinh kh\u00f4ng?<\/strong><\/h3> <div class=\"rank-math-answer\">  <p>C\u00f3, M\u00e1y G\u1ecdt C\u00e0 R\u1ed1t \u0111\u01b0\u1ee3c thi\u1ebft k\u1ebf \u0111\u1ec3 d\u1ec5 d\u00e0ng v\u1ec7 sinh. B\u1ec1 m\u1eb7t th\u00e9p kh\u00f4ng g\u1ec9 m\u01b0\u1ee3t m\u00e0 v\u00e0 c\u1ea5u tr\u00fac \u0111\u01a1n gi\u1ea3n cho ph\u00e9p v\u1ec7 sinh nhanh ch\u00f3ng v\u00e0 hi\u1ec7u qu\u1ea3, \u0111\u1ea3m b\u1ea3o v\u1ec7 sinh trong m\u00f4i tr\u01b0\u1eddng ch\u1ebf bi\u1ebfn th\u1ef1c ph\u1ea9m.<\/p>  <\/div> <\/div> <div id=\"faq-question-1731480186540\" class=\"rank-math-list-item\"> <h3 class=\"rank-math-question\"><strong>M\u00e1y g\u1ecdt c\u00e0 r\u1ed1t c\u00f3 th\u1ec3 \u0111\u01b0\u1ee3c s\u1eed d\u1ee5ng cho c\u00e1c lo\u1ea1i rau ho\u1eb7c tr\u00e1i c\u00e2y kh\u00e1c kh\u00f4ng?<\/strong><\/h3> <div class=\"rank-math-answer\">  <p>M\u1eb7c d\u00f9 m\u00e1y ch\u1ee7 y\u1ebfu \u0111\u01b0\u1ee3c thi\u1ebft k\u1ebf \u0111\u1ec3 g\u1ecdt c\u00e0 r\u1ed1t, nh\u01b0ng n\u00f3 c\u0169ng c\u00f3 th\u1ec3 \u0111\u01b0\u1ee3c s\u1eed d\u1ee5ng \u0111\u1ec3 g\u1ecdt c\u00e1c lo\u1ea1i rau c\u1ee7 kh\u00e1c, ch\u1eb3ng h\u1ea1n nh\u01b0 khoai t\u00e2y ho\u1eb7c c\u1ee7 c\u1ea3i, t\u00f9y thu\u1ed9c v\u00e0o m\u1eabu m\u00e3.<\/p>  <\/div> <\/div> <div id=\"faq-question-1731480213898\" class=\"rank-math-list-item\"> <h3 class=\"rank-math-question\"><strong>L\u00e0m th\u1ebf n\u00e0o \u0111\u1ec3 t\u00f4i \u0111\u1ea3m b\u1ea3o \u0111\u1ed9 d\u00e0y g\u1ecdt l\u00e0 ch\u00ednh x\u00e1c?<\/strong><\/h3> <div class=\"rank-math-answer\">  <p>M\u00e1y G\u1ecdt C\u00e0 R\u1ed1t \u0111\u01b0\u1ee3c thi\u1ebft k\u1ebf \u0111\u1ec3 t\u1ef1 \u0111\u1ed9ng g\u1ecdt c\u00e0 r\u1ed1t v\u1edbi \u0111\u1ed9 d\u00e0y t\u1ed1i \u01b0u \u0111\u1ea3m b\u1ea3o l\u01b0\u1ee3ng ch\u1ea5t th\u1ea3i t\u1ed1i thi\u1ec3u. C\u00f3 th\u1ec3 \u0111i\u1ec1u ch\u1ec9nh cho c\u00e1c lo\u1ea1i c\u00e0 r\u1ed1t kh\u00e1c nhau \u0111\u1ec3 \u0111\u1ea1t \u0111\u01b0\u1ee3c \u0111\u1ed9 g\u1ecdt \u0111\u1ed3ng nh\u1ea5t v\u00e0 ch\u00ednh x\u00e1c.<\/p>  <\/div> <\/div> <div id=\"faq-question-1731480226369\" class=\"rank-math-list-item\"> <h3 class=\"rank-math-question\"><strong>M\u00e1y g\u1ecdt c\u00e0 r\u1ed1t c\u00f3 th\u1ec3 \u0111\u01b0\u1ee3c t\u00edch h\u1ee3p v\u00e0o d\u00e2y chuy\u1ec1n s\u1ea3n xu\u1ea5t kh\u00f4ng?<\/strong><\/h3> <div class=\"rank-math-answer\">  <p class=\"translation-block\">C\u00f3, M\u00e1y G\u1ecdt C\u00e0 R\u1ed1t c\u00f3 th\u1ec3 d\u1ec5 d\u00e0ng t\u00edch h\u1ee3p v\u00e0o m\u1ed9t d\u00e2y chuy\u1ec1n s\u1ea3n xu\u1ea5t t\u1ef1 \u0111\u1ed9ng. N\u00f3 c\u00f3 th\u1ec3 \u0111\u01b0\u1ee3c gh\u00e9p n\u1ed1i v\u1edbi c\u00e1c m\u00e1y kh\u00e1c, ch\u1eb3ng h\u1ea1n nh\u01b0 <strong>M\u00e1y C\u1eaft Rau T\u1ef1 \u0110\u1ed9ng<\/strong> v\u00e0 <strong>M\u00e1y Ph\u00e2n Lo\u1ea1i Rau C\u1ee7 v\u00e0 Tr\u00e1i C\u00e2y<\/strong>, \u0111\u1ec3 t\u1ed1i \u01b0u h\u00f3a to\u00e0n b\u1ed9 h\u1ec7 th\u1ed1ng ch\u1ebf bi\u1ebfn.<\/p>  <\/div> <\/div> <div id=\"faq-question-1731480249736\" class=\"rank-math-list-item\"> <h3 class=\"rank-math-question\"><strong>Lo\u1ea1i b\u1ea3o tr\u00ec n\u00e0o l\u00e0 c\u1ea7n thi\u1ebft cho m\u00e1y g\u1ecdt c\u00e0 r\u1ed1t?<\/strong><\/h3> <div class=\"rank-math-answer\">  <p>M\u00e1y y\u00eau c\u1ea7u b\u1ea3o tr\u00ec t\u1ed1i thi\u1ec3u, ch\u1ee7 y\u1ebfu li\u00ean quan \u0111\u1ebfn vi\u1ec7c v\u1ec7 sinh \u0111\u1ecbnh k\u1ef3 v\u00e0 ki\u1ec3m tra l\u01b0\u1ee1i dao v\u00e0 \u0111\u1ed9ng c\u01a1. \u0110\u1ea3m b\u1ea3o r\u1eb1ng l\u01b0\u1ee1i dao \u0111\u01b0\u1ee3c m\u00e0i s\u1eafc khi c\u1ea7n thi\u1ebft, v\u00e0 c\u00e1c b\u1ed9 ph\u1eadn chuy\u1ec3n \u0111\u1ed9ng \u0111\u01b0\u1ee3c b\u00f4i tr\u01a1n th\u01b0\u1eddng xuy\u00ean \u0111\u1ec3 gi\u1eef cho m\u00e1y ho\u1ea1t \u0111\u1ed9ng tr\u01a1n tru.<\/p>  <\/div> <\/div> <\/div> <\/div>   <figure class=\"wp-block-gallery has-nested-images columns-default is-cropped wp-block-gallery-4 is-layout-flex wp-block-gallery-is-layout-flex\"> <figure class=\"wp-block-image size-large\"><img loading=\"lazy\" decoding=\"async\" width=\"720\" height=\"540\" data-id=\"1675\" src=\"https:\/\/topfoodmachine.com\/wp-content\/uploads\/2024\/11\/Carrot-peeler-machine-cutter.webp\" alt=\"L\u01b0\u1ee1i c\u1eaft m\u00e1y g\u1ecdt c\u00e0 r\u1ed1t\" class=\"wp-image-1675\" srcset=\"https:\/\/topfoodmachine.com\/wp-content\/uploads\/2024\/11\/Carrot-peeler-machine-cutter.webp 720w, https:\/\/topfoodmachine.com\/wp-content\/uploads\/2024\/11\/Carrot-peeler-machine-cutter-300x225.webp 300w, https:\/\/topfoodmachine.com\/wp-content\/uploads\/2024\/11\/Carrot-peeler-machine-cutter-16x12.webp 16w\" sizes=\"auto, (max-width: 720px) 100vw, 720px\" \/><figcaption class=\"wp-element-caption\">L\u01b0\u1ee1i c\u1eaft m\u00e1y g\u1ecdt c\u00e0 r\u1ed1t<\/figcaption><\/figure>    <figure class=\"wp-block-image size-large\"><img loading=\"lazy\" decoding=\"async\" width=\"720\" height=\"540\" data-id=\"1677\" src=\"https:\/\/topfoodmachine.com\/wp-content\/uploads\/2024\/11\/effective-carrot-peeling-machine.webp\" alt=\"m\u00e1y g\u1ecdt c\u00e0 r\u1ed1t hi\u1ec7u qu\u1ea3\" class=\"wp-image-1677\" srcset=\"https:\/\/topfoodmachine.com\/wp-content\/uploads\/2024\/11\/effective-carrot-peeling-machine.webp 720w, https:\/\/topfoodmachine.com\/wp-content\/uploads\/2024\/11\/effective-carrot-peeling-machine-300x225.webp 300w, https:\/\/topfoodmachine.com\/wp-content\/uploads\/2024\/11\/effective-carrot-peeling-machine-16x12.webp 16w\" sizes=\"auto, (max-width: 720px) 100vw, 720px\" \/><figcaption class=\"wp-element-caption\">m\u00e1y g\u1ecdt c\u00e0 r\u1ed1t hi\u1ec7u qu\u1ea3<\/figcaption><\/figure> <\/figure>    <h2 class=\"wp-block-heading\">Ph\u1ea7n k\u1ebft lu\u1eadn<\/h2>    <p>L\u00e0 nh\u00e0 cung c\u1ea5p h\u00e0ng \u0111\u1ea7u trong ng\u00e0nh m\u00e1y m\u00f3c ch\u1ebf bi\u1ebfn th\u1ef1c ph\u1ea9m, c\u00f4ng ty ch\u00fang t\u00f4i mang \u0111\u1ebfn nhi\u1ec1u n\u0103m kinh nghi\u1ec7m, ti\u00eau chu\u1ea9n ch\u1ea5t l\u01b0\u1ee3ng cao v\u00e0 cam k\u1ebft v\u1edbi s\u1ef1 h\u00e0i l\u00f2ng c\u1ee7a kh\u00e1ch h\u00e0ng. Ch\u00fang t\u00f4i cung c\u1ea5p c\u00e1c gi\u1ea3i ph\u00e1p t\u00f9y ch\u1ec9nh \u0111\u1ec3 \u0111\u00e1p \u1ee9ng nhu c\u1ea7u c\u1ee5 th\u1ec3 c\u1ee7a b\u1ea1n, \u0111\u1ea3m b\u1ea3o r\u1eb1ng m\u00e1y c\u1ee7a ch\u00fang t\u00f4i t\u00edch h\u1ee3p li\u1ec1n m\u1ea1ch v\u00e0o quy tr\u00ecnh s\u1ea3n xu\u1ea5t c\u1ee7a b\u1ea1n. <\/p>    <p>N\u1ebfu b\u1ea1n \u0111ang t\u00ecm ki\u1ebfm \u0111\u1ec3 t\u0103ng n\u0103ng su\u1ea5t v\u1edbi thi\u1ebft b\u1ecb \u0111\u00e1ng tin c\u1eady, hi\u1ec7u qu\u1ea3 v\u1ec1 chi ph\u00ed, ch\u00fang t\u00f4i khuy\u1ebfn kh\u00edch b\u1ea1n li\u00ean h\u1ec7 \u0111\u1ec3 bi\u1ebft th\u00eam th\u00f4ng tin v\u00e0 b\u00e1o gi\u00e1 t\u00f9y ch\u1ec9nh. <\/p>","protected":false},"excerpt":{"rendered":"<p>M\u00e1y g\u1ecdt c\u00e0 r\u1ed1t, \u0111\u01b0\u1ee3c ch\u1ebf t\u1ea1o t\u1eeb th\u00e9p kh\u00f4ng g\u1ec9 304 b\u1ec1n b\u1ec9, \u0111\u01b0\u1ee3c thi\u1ebft k\u1ebf \u0111\u1ec3 g\u1ecdt nhanh v\u00e0 hi\u1ec7u qu\u1ea3 v\u1edbi c\u00f4ng su\u1ea5t 1500 c\u1ee7 c\u00e0 r\u1ed1t m\u1ed7i gi\u1edd.<\/p>","protected":false},"author":1,"featured_media":1678,"parent":0,"template":"","tags":[90,30,42],"product-type":[3],"class_list":["post-1669","product","type-product","status-publish","has-post-thumbnail","hentry","tag-carrot-peeler-machine","tag-food-machine","tag-vegetable","product-type-fruit-vegetable-processing-machine"],"_links":{"self":[{"href":"https:\/\/topfoodmachine.com\/vi\/wp-json\/wp\/v2\/product\/1669","targetHints":{"allow":["GET"]}}],"collection":[{"href":"https:\/\/topfoodmachine.com\/vi\/wp-json\/wp\/v2\/product"}],"about":[{"href":"https:\/\/topfoodmachine.com\/vi\/wp-json\/wp\/v2\/types\/product"}],"author":[{"embeddable":true,"href":"https:\/\/topfoodmachine.com\/vi\/wp-json\/wp\/v2\/users\/1"}],"wp:featuredmedia":[{"embeddable":true,"href":"https:\/\/topfoodmachine.com\/vi\/wp-json\/wp\/v2\/media\/1678"}],"wp:attachment":[{"href":"https:\/\/topfoodmachine.com\/vi\/wp-json\/wp\/v2\/media?parent=1669"}],"wp:term":[{"taxonomy":"post_tag","embeddable":true,"href":"https:\/\/topfoodmachine.com\/vi\/wp-json\/wp\/v2\/tags?post=1669"},{"taxonomy":"product-type","embeddable":true,"href":"https:\/\/topfoodmachine.com\/vi\/wp-json\/wp\/v2\/product-type?post=1669"}],"curies":[{"name":"wp","href":"https:\/\/api.w.org\/{rel}","templated":true}]}}