{"id":1473,"date":"2024-07-25T14:48:59","date_gmt":"2024-07-25T06:48:59","guid":{"rendered":"https:\/\/topfoodmachine.com\/?post_type=product&#038;p=1473"},"modified":"2024-07-25T14:49:00","modified_gmt":"2024-07-25T06:49:00","slug":"egg-white-yolk-separator-machine","status":"publish","type":"product","link":"https:\/\/topfoodmachine.com\/vi\/product\/egg-white-yolk-separator-machine\/","title":{"rendered":"M\u00e1y t\u00e1ch l\u00f2ng tr\u1eafng v\u00e0 l\u00f2ng \u0111\u1ecf tr\u1ee9ng t\u1ef1 \u0111\u1ed9ng | M\u00e1y \u0111\u1eadp tr\u1ee9ng"},"content":{"rendered":"<div class=\"kk-star-ratings kksr-auto kksr-align-left kksr-valign-top\"     data-payload='{&quot;align&quot;:&quot;left&quot;,&quot;id&quot;:&quot;1473&quot;,&quot;slug&quot;:&quot;default&quot;,&quot;valign&quot;:&quot;top&quot;,&quot;ignore&quot;:&quot;&quot;,&quot;reference&quot;:&quot;auto&quot;,&quot;class&quot;:&quot;&quot;,&quot;count&quot;:&quot;29&quot;,&quot;legendonly&quot;:&quot;&quot;,&quot;readonly&quot;:&quot;&quot;,&quot;score&quot;:&quot;4.9&quot;,&quot;starsonly&quot;:&quot;&quot;,&quot;best&quot;:&quot;5&quot;,&quot;gap&quot;:&quot;5&quot;,&quot;greet&quot;:&quot;Rate this product&quot;,&quot;legend&quot;:&quot;4.9\\\/5 - (29 b\u00ecnh ch\u1ecdn)&quot;,&quot;size&quot;:&quot;24&quot;,&quot;title&quot;:&quot;Egg white yolk separator machine | Egg breaking machine&quot;,&quot;width&quot;:&quot;139.6&quot;,&quot;_legend&quot;:&quot;{score}\\\/{best} - ({count} {votes})&quot;,&quot;font_factor&quot;:&quot;1.25&quot;}'>              <div class=\"kksr-stars\">      <div class=\"kksr-stars-inactive\">             <div class=\"kksr-star\" data-star=\"1\" style=\"padding-right: 5px\">               <div class=\"kksr-icon\" style=\"width: 24px; height: 24px;\"><\/div>         <\/div>             <div class=\"kksr-star\" data-star=\"2\" style=\"padding-right: 5px\">               <div class=\"kksr-icon\" style=\"width: 24px; height: 24px;\"><\/div>         <\/div>             <div class=\"kksr-star\" data-star=\"3\" style=\"padding-right: 5px\">               <div class=\"kksr-icon\" style=\"width: 24px; height: 24px;\"><\/div>         <\/div>             <div class=\"kksr-star\" data-star=\"4\" style=\"padding-right: 5px\">               <div class=\"kksr-icon\" style=\"width: 24px; height: 24px;\"><\/div>         <\/div>             <div class=\"kksr-star\" data-star=\"5\" style=\"padding-right: 5px\">               <div class=\"kksr-icon\" style=\"width: 24px; height: 24px;\"><\/div>         <\/div>     <\/div>      <div class=\"kksr-stars-active\" style=\"width: 139.6px;\">             <div class=\"kksr-star\" style=\"padding-right: 5px\">               <div class=\"kksr-icon\" style=\"width: 24px; height: 24px;\"><\/div>         <\/div>             <div class=\"kksr-star\" style=\"padding-right: 5px\">               <div class=\"kksr-icon\" style=\"width: 24px; height: 24px;\"><\/div>         <\/div>             <div class=\"kksr-star\" style=\"padding-right: 5px\">               <div class=\"kksr-icon\" style=\"width: 24px; height: 24px;\"><\/div>         <\/div>             <div class=\"kksr-star\" style=\"padding-right: 5px\">               <div class=\"kksr-icon\" style=\"width: 24px; height: 24px;\"><\/div>         <\/div>             <div class=\"kksr-star\" style=\"padding-right: 5px\">               <div class=\"kksr-icon\" style=\"width: 24px; height: 24px;\"><\/div>         <\/div>     <\/div> <\/div>                   <div class=\"kksr-legend\" style=\"font-size: 19.2px;\">             4.9\/5 - (29 l\u01b0\u1ee3t \u0111\u00e1nh gi\u00e1)    <\/div>     <\/div>  <p>M\u00e1y t\u00e1ch l\u00f2ng tr\u1eafng v\u00e0 l\u00f2ng \u0111\u1ecf tr\u1ee9ng ho\u00e0n to\u00e0n t\u1ef1 \u0111\u1ed9ng t\u00edch h\u1ee3p m\u1ed9t m\u00e1y \u0111\u00e1nh tr\u1ee9ng t\u1ef1 \u0111\u1ed9ng v\u00e0 m\u1ed9t \u0111\u01a1n v\u1ecb t\u00e1ch l\u00f2ng tr\u1eafng v\u00e0 l\u00f2ng \u0111\u1ecf tr\u1ee9ng, l\u00e0m cho n\u00f3 ph\u00f9 h\u1ee3p cho s\u1ea3n xu\u1ea5t b\u00e1nh, nh\u00e0 m\u00e1y b\u1ed9t tr\u1ee9ng v\u00e0 c\u00e1c doanh nghi\u1ec7p s\u1ea3n xu\u1ea5t th\u1ef1c ph\u1ea9m li\u00ean quan \u0111\u1ebfn s\u1ea3n ph\u1ea9m t\u1eeb tr\u1ee9ng. <\/p>    <p>C\u00f3 s\u1eb5n trong c\u00e1c c\u1ea5u h\u00ecnh hai, b\u1ed1n v\u00e0 s\u00e1u h\u00e0ng, m\u00e1y \u0111\u1eadp tr\u1ee9ng c\u00f3 c\u00f4ng su\u1ea5t s\u1ea3n xu\u1ea5t t\u1eeb 11.000 \u0111\u1ebfn 12.000 tr\u1ee9ng m\u1ed7i gi\u1edd, \u0111\u00e1p \u1ee9ng nhu c\u1ea7u kh\u00e1c nhau c\u1ee7a kh\u00e1ch h\u00e0ng. \u0110\u01b0\u1ee3c l\u00e0m t\u1eeb th\u00e9p kh\u00f4ng g\u1ec9 304, m\u00e1y t\u00e1ch tr\u1ee9ng cung c\u1ea5p \u0111\u1ed9 b\u1ec1n, an to\u00e0n v\u00e0 v\u1ec7 sinh tuy\u1ec7t v\u1eddi, l\u00e0m cho n\u00f3 l\u00fd t\u01b0\u1edfng cho c\u00e1c nh\u00e0 b\u1ebfp th\u01b0\u01a1ng m\u1ea1i v\u00e0 ng\u00e0nh c\u00f4ng nghi\u1ec7p ch\u1ebf bi\u1ebfn th\u1ef1c ph\u1ea9m.<\/p>    <h2 class=\"wp-block-heading\">c\u1ea5u tr\u00fac m\u00e1y t\u00e1ch l\u00f2ng tr\u1eafng v\u00e0 l\u00f2ng \u0111\u1ecf tr\u1ee9ng<\/h2>    <p>C\u1ea5u tr\u00fac c\u1ee7a m\u00e1y t\u00e1ch l\u00f2ng tr\u1eafng v\u00e0 l\u00f2ng \u0111\u1ecf tr\u1ee9ng l\u00e0 c\u01a1 s\u1edf \u0111\u1ec3 hi\u1ec3u ho\u1ea1t \u0111\u1ed9ng v\u00e0 hi\u1ec7u qu\u1ea3 c\u1ee7a n\u00f3. H\u00e3y c\u00f9ng kh\u00e1m ph\u00e1 thi\u1ebft k\u1ebf v\u00e0 c\u00e1c th\u00e0nh ph\u1ea7n ch\u00ednh c\u1ee7a n\u00f3.<\/p>    <p>M\u00e1y t\u00e1ch l\u00f2ng tr\u1eafng v\u00e0 l\u00f2ng \u0111\u1ecf tr\u1ee9ng bao g\u1ed3m m\u1ed9t khung, h\u1ec7 th\u1ed1ng n\u0103ng l\u01b0\u1ee3ng, c\u01a1 ch\u1ebf \u0111\u1eadp v\u1ecf v\u00e0 \u0111\u01a1n v\u1ecb t\u00e1ch l\u00f2ng tr\u1eafng v\u00e0 l\u00f2ng \u0111\u1ecf tr\u1ee9ng. C\u00f9ng nhau, nh\u1eefng th\u00e0nh ph\u1ea7n n\u00e0y \u0111\u1ea3m b\u1ea3o ho\u1ea1t \u0111\u1ed9ng hi\u1ec7u qu\u1ea3, l\u00e0m cho m\u00e1y ph\u00f9 h\u1ee3p cho ch\u1ebf bi\u1ebfn tr\u1ee9ng quy m\u00f4 l\u1edbn.<\/p>    <figure class=\"wp-block-image size-full\"><img loading=\"lazy\" decoding=\"async\" width=\"720\" height=\"540\" src=\"https:\/\/topfoodmachine.com\/wp-content\/uploads\/2024\/07\/egg-processing-machine.webp\" alt=\"m\u00e1y \u0111\u1eadp tr\u1ee9ng\" class=\"wp-image-1475\" srcset=\"https:\/\/topfoodmachine.com\/wp-content\/uploads\/2024\/07\/egg-processing-machine.webp 720w, https:\/\/topfoodmachine.com\/wp-content\/uploads\/2024\/07\/egg-processing-machine-300x225.webp 300w, https:\/\/topfoodmachine.com\/wp-content\/uploads\/2024\/07\/egg-processing-machine-16x12.webp 16w\" sizes=\"auto, (max-width: 720px) 100vw, 720px\" \/><figcaption class=\"wp-element-caption\">m\u00e1y \u0111\u1eadp tr\u1ee9ng<\/figcaption><\/figure>    <h2 class=\"wp-block-heading\">M\u00e1y \u0111\u1eadp tr\u1ee9ng ho\u1ea1t \u0111\u1ed9ng nh\u01b0 th\u1ebf n\u00e0o?<\/h2>    <p>V\u1edbi s\u1ef1 hi\u1ec3u bi\u1ebft r\u00f5 r\u00e0ng v\u1ec1 c\u1ea5u tr\u00fac c\u1ee7a m\u00e1y, ch\u00fang ta c\u00f3 th\u1ec3 \u0111i s\u00e2u v\u00e0o quy tr\u00ecnh ho\u1ea1t \u0111\u1ed9ng c\u1ee7a n\u00f3. M\u00e1y \u0111\u1eadp tr\u1ee9ng ho\u1ea1t \u0111\u1ed9ng qua nhi\u1ec1u giai \u0111o\u1ea1n, m\u1ed7i giai \u0111o\u1ea1n \u0111\u00f3ng vai tr\u00f2 quan tr\u1ecdng trong vi\u1ec7c \u0111\u1ea3m b\u1ea3o t\u00e1ch ch\u00ednh x\u00e1c c\u00e1c th\u00e0nh ph\u1ea7n c\u1ee7a tr\u1ee9ng.<\/p>   <div id=\"rank-math-howto\" class=\"rank-math-block\" > <div class=\"rank-math-howto-description\">  <\/div>  <div class=\"rank-math-steps\"> <div id=\"howto-step-1721875854373\" class=\"rank-math-step\"> <h3 class=\"rank-math-step-title\">T\u1ea3i tr\u1ee9ng<\/h3> <div class=\"rank-math-step-content\"><p>Tr\u1ee9ng g\u00e0 ho\u1eb7c v\u1ecbt \u0111\u00e3 \u0111\u01b0\u1ee3c l\u00e0m s\u1ea1ch \u0111\u01b0\u1ee3c \u0111\u1eb7t l\u1ea7n l\u01b0\u1ee3t v\u00e0o c\u00e1c khu\u00f4n tr\u00ean b\u0103ng chuy\u1ec1n.<\/p> <\/div> <\/div> <div id=\"howto-step-1721875864938\" class=\"rank-math-step\"> <h3 class=\"rank-math-step-title\">\u0110\u1eadp v\u1ecf<\/h3> <div class=\"rank-math-step-content\"><img loading=\"lazy\" decoding=\"async\" width=\"720\" height=\"540\" src=\"https:\/\/topfoodmachine.com\/wp-content\/uploads\/2024\/07\/egg-breaker.webp\" class=\"attachment-full size-full\" alt=\"M\u00e1y ph\u00e1 tr\u1ee9ng\" srcset=\"https:\/\/topfoodmachine.com\/wp-content\/uploads\/2024\/07\/egg-breaker.webp 720w, https:\/\/topfoodmachine.com\/wp-content\/uploads\/2024\/07\/egg-breaker-300x225.webp 300w, https:\/\/topfoodmachine.com\/wp-content\/uploads\/2024\/07\/egg-breaker-16x12.webp 16w\" sizes=\"auto, (max-width: 720px) 100vw, 720px\" \/><p>Khi tr\u1ee9ng di chuy\u1ec3n d\u1ecdc theo b\u0103ng chuy\u1ec1n, ch\u00fang \u0111\u1ebfn tr\u1ea1m \u0111\u1eadp v\u1ecf, n\u01a1i v\u1ecf tr\u1ee9ng \u0111\u01b0\u1ee3c c\u1eaft m\u1edf t\u1ef1 \u0111\u1ed9ng.<\/p> <\/div> <\/div> <div id=\"howto-step-1721875879843\" class=\"rank-math-step\"> <h3 class=\"rank-math-step-title\">T\u00e1ch v\u1ecf<\/h3> <div class=\"rank-math-step-content\"><p>D\u01b0\u1edbi thi\u1ebft b\u1ecb k\u1eb9p, v\u1ecf tr\u1ee9ng \u0111\u01b0\u1ee3c t\u00e1ch th\u00e0nh hai n\u1eeda t\u1eeb \u0111i\u1ec3m \u0111\u1eadp, cho ph\u00e9p l\u00f2ng tr\u1eafng v\u00e0 l\u00f2ng \u0111\u1ecf ch\u1ea3y ra.<\/p> <\/div> <\/div> <div id=\"howto-step-1721875896139\" class=\"rank-math-step\"> <h3 class=\"rank-math-step-title\">T\u00e1ch<\/h3> <div class=\"rank-math-step-content\"><p>L\u00f2ng tr\u1eafng v\u00e0 l\u00f2ng \u0111\u1ecf tr\u1ee9ng \u0111i qua \u0111\u01a1n v\u1ecb t\u00e1ch, n\u01a1i l\u00f2ng tr\u1eafng tr\u1ee9ng \u0111\u01b0\u1ee3c t\u00e1ch ra v\u00e0 h\u01b0\u1edbng v\u00e0o m\u1ed9t th\u00f9ng ch\u1ee9a, trong khi l\u00f2ng \u0111\u1ecf tr\u1ee9ng ch\u1ea3y v\u00e0o m\u1ed9t th\u00f9ng ch\u1ee9a kh\u00e1c.<\/p> <\/div> <\/div> <div id=\"howto-step-1721875930059\" class=\"rank-math-step\"> <h3 class=\"rank-math-step-title\">Thu gom v\u1ecf<\/h3> <div class=\"rank-math-step-content\"><p>V\u1ecf tr\u1ee9ng r\u1ed7ng r\u01a1i v\u00e0o m\u1ed9t th\u00f9ng ch\u1ee9a \u0111\u01b0\u1ee3c ch\u1ec9 \u0111\u1ecbnh \u0111\u1ec3 x\u1eed l\u00fd ho\u1eb7c t\u00e1i ch\u1ebf \u0111\u00fang c\u00e1ch.<\/p> <\/div> <\/div> <\/div> <\/div>       <figure class=\"wp-block-image size-full\"><img loading=\"lazy\" decoding=\"async\" width=\"720\" height=\"540\" src=\"https:\/\/topfoodmachine.com\/wp-content\/uploads\/2024\/07\/egg-breaking-and-separating-machine.webp\" alt=\"m\u00e1y \u0111\u1eadp v\u00e0 t\u00e1ch tr\u1ee9ng\" class=\"wp-image-1477\" srcset=\"https:\/\/topfoodmachine.com\/wp-content\/uploads\/2024\/07\/egg-breaking-and-separating-machine.webp 720w, https:\/\/topfoodmachine.com\/wp-content\/uploads\/2024\/07\/egg-breaking-and-separating-machine-300x225.webp 300w, https:\/\/topfoodmachine.com\/wp-content\/uploads\/2024\/07\/egg-breaking-and-separating-machine-16x12.webp 16w\" sizes=\"auto, (max-width: 720px) 100vw, 720px\" \/><figcaption class=\"wp-element-caption\">m\u00e1y \u0111\u1eadp v\u00e0 t\u00e1ch tr\u1ee9ng<\/figcaption><\/figure>    <h2 class=\"wp-block-heading\">Th\u00f4ng s\u1ed1 k\u1ef9 thu\u1eadt m\u00e1y t\u00e1ch l\u00f2ng tr\u1eafng v\u00e0 l\u00f2ng \u0111\u1ecf tr\u1ee9ng<\/h2>    <p>Sau khi gi\u1ea3i th\u00edch c\u00e1ch m\u00e1y t\u00e1ch l\u00f2ng tr\u1eafng v\u00e0 l\u00f2ng \u0111\u1ecf tr\u1ee9ng ho\u1ea1t \u0111\u1ed9ng, \u0111i\u1ec1u quan tr\u1ecdng l\u00e0 hi\u1ec3u c\u00e1c th\u00f4ng s\u1ed1 k\u1ef9 thu\u1eadt k\u1ef9 thu\u1eadt. Nh\u1eefng th\u00f4ng s\u1ed1 n\u00e0y l\u00e0m n\u1ed5i b\u1eadt c\u00f4ng su\u1ea5t v\u00e0 y\u00eau c\u1ea7u ho\u1ea1t \u0111\u1ed9ng c\u1ee7a m\u00e1y.<\/p>    <figure class=\"wp-block-table\"><table class=\"has-fixed-layout\"><tbody><tr><td>V\u00f4n<\/td><td>220V<\/td><\/tr><tr><td>K\u00edch th\u01b0\u1edbc<\/td><td>1750*1200*1100 mm<\/td><\/tr><tr><td>C\u00f4ng su\u1ea5t ch\u1ebf bi\u1ebfn<\/td><td>11.000~12.000 tr\u1ee9ng\/H<\/td><\/tr><tr><td>Quy\u1ec1n l\u1ef1c<\/td><td>0,4 kW<\/td><\/tr><tr><td>C\u00e2n n\u1eb7ng<\/td><td>200 kg<\/td><\/tr><\/tbody><\/table><figcaption class=\"wp-element-caption\">Th\u00f4ng s\u1ed1 m\u00e1y t\u00e1ch l\u00f2ng tr\u1eafng v\u00e0 l\u00f2ng \u0111\u1ecf tr\u1ee9ng<\/figcaption><\/figure>    <h2 class=\"wp-block-heading\">L\u1ee3i \u00edch c\u1ee7a m\u00e1y \u0111\u1eadp tr\u1ee9ng<\/h2>    <p>Hi\u1ec3u bi\u1ebft v\u1ec1 c\u00e1c th\u00f4ng s\u1ed1 c\u1ee7a m\u00e1y, ch\u00fang ta c\u00f3 th\u1ec3 \u0111\u00e1nh gi\u00e1 nh\u1eefng l\u1ee3i \u00edch kh\u00e1c nhau c\u1ee7a n\u00f3. Nh\u1eefng l\u1ee3i \u00edch n\u00e0y nh\u1ea5n m\u1ea1nh l\u00fd do t\u1ea1i sao m\u00e1y t\u00e1ch l\u00f2ng tr\u1eafng v\u00e0 l\u00f2ng \u0111\u1ecf tr\u1ee9ng n\u00e0y l\u00e0 m\u1ed9t b\u1ed5 sung qu\u00fd gi\u00e1 cho b\u1ea5t k\u1ef3 ho\u1ea1t \u0111\u1ed9ng ch\u1ebf bi\u1ebfn tr\u1ee9ng n\u00e0o.<\/p>    <figure class=\"wp-block-image size-full\"><img loading=\"lazy\" decoding=\"async\" width=\"720\" height=\"540\" src=\"https:\/\/topfoodmachine.com\/wp-content\/uploads\/2024\/07\/Egg-white-yolk-separating-machine-details.webp\" alt=\"Chi ti\u1ebft m\u00e1y t\u00e1ch l\u00f2ng tr\u1eafng v\u00e0 l\u00f2ng \u0111\u1ecf tr\u1ee9ng\" class=\"wp-image-1478\" srcset=\"https:\/\/topfoodmachine.com\/wp-content\/uploads\/2024\/07\/Egg-white-yolk-separating-machine-details.webp 720w, https:\/\/topfoodmachine.com\/wp-content\/uploads\/2024\/07\/Egg-white-yolk-separating-machine-details-300x225.webp 300w, https:\/\/topfoodmachine.com\/wp-content\/uploads\/2024\/07\/Egg-white-yolk-separating-machine-details-16x12.webp 16w\" sizes=\"auto, (max-width: 720px) 100vw, 720px\" \/><figcaption class=\"wp-element-caption\">Chi ti\u1ebft m\u00e1y t\u00e1ch l\u00f2ng tr\u1eafng v\u00e0 l\u00f2ng \u0111\u1ecf tr\u1ee9ng<\/figcaption><\/figure>    <ul class=\"wp-block-list\"> <li>Hi\u1ec7u su\u1ea5t t\u00e1ch bi\u1ec7t cao. \u0110\u01b0\u1ee3c thi\u1ebft k\u1ebf v\u1edbi \u0111\u1ed9 ch\u00ednh x\u00e1c v\u00e0 t\u1ed1c \u0111\u1ed9 cao trong vi\u1ec7c t\u00e1ch l\u00f2ng tr\u1eafng v\u00e0 l\u00f2ng \u0111\u1ecf tr\u1ee9ng, t\u1ed1i \u01b0u h\u00f3a quy tr\u00ecnh t\u00e1ch bi\u1ec7t.<\/li>    <li>Nhi\u1ec1u c\u1ea5u h\u00ecnh. C\u00f3 s\u1eb5n trong nhi\u1ec1u c\u1ea5u h\u00ecnh h\u00e0ng (v\u00ed d\u1ee5: hai, b\u1ed1n, s\u00e1u h\u00e0ng) \u0111\u1ec3 ph\u00f9 h\u1ee3p v\u1edbi c\u00e1c quy m\u00f4 v\u00e0 c\u00f4ng su\u1ea5t s\u1ea3n xu\u1ea5t kh\u00e1c nhau.<\/li>    <li>Ho\u1ea1t \u0111\u1ed9ng t\u1ef1 \u0111\u1ed9ng. Quy tr\u00ecnh ho\u00e0n to\u00e0n t\u1ef1 \u0111\u1ed9ng gi\u1ea3m thi\u1ec3u lao \u0111\u1ed9ng th\u1ee7 c\u00f4ng, \u0111\u1ea3m b\u1ea3o t\u00ednh nh\u1ea5t qu\u00e1n v\u00e0 \u0111\u1ed9 tin c\u1eady v\u1edbi s\u1ef1 can thi\u1ec7p t\u1ed1i thi\u1ec3u c\u1ee7a con ng\u01b0\u1eddi.<\/li>    <li>C\u00f4ng su\u1ea5t cao. C\u00f3 kh\u1ea3 n\u0103ng x\u1eed l\u00fd t\u1eeb 11.000 \u0111\u1ebfn 12.000 tr\u1ee9ng m\u1ed7i gi\u1edd, ph\u00f9 h\u1ee3p cho c\u00e1c m\u00f4i tr\u01b0\u1eddng s\u1ea3n xu\u1ea5t quy m\u00f4 l\u1edbn.<\/li>    <li>X\u1eed l\u00fd v\u1ecf t\u00edch h\u1ee3p: Bao g\u1ed3m c\u00e1c c\u01a1 ch\u1ebf \u0111\u1ec3 ph\u00e1 v\u1ee1 v\u00e0 thu th\u1eadp v\u1ecf tr\u1ee9ng, h\u1ee3p l\u00fd h\u00f3a to\u00e0n b\u1ed9 quy tr\u00ecnh ch\u1ebf bi\u1ebfn tr\u1ee9ng.<\/li>    <li>C\u1ea5u tr\u00fac b\u1eb1ng th\u00e9p kh\u00f4ng g\u1ec9 304. \u0110\u01b0\u1ee3c l\u00e0m b\u1eb1ng th\u00e9p kh\u00f4ng g\u1ec9 ch\u1ea5t l\u01b0\u1ee3ng cao \u0111\u1ec3 \u0111\u1ea3m b\u1ea3o \u0111\u1ed9 b\u1ec1n, an to\u00e0n v\u00e0 d\u1ec5 d\u00e0ng v\u1ec7 sinh, \u0111\u00e1p \u1ee9ng c\u00e1c ti\u00eau chu\u1ea9n v\u1ec7 sinh trong ch\u1ebf bi\u1ebfn th\u1ef1c ph\u1ea9m.<\/li> <\/ul>    <h2 class=\"wp-block-heading\">Gi\u00e1 c\u1ee7a m\u00e1y t\u00e1ch l\u00f2ng tr\u1eafng v\u00e0 l\u00f2ng \u0111\u1ecf tr\u1ee9ng l\u00e0 bao nhi\u00eau?<\/h2>    <p>B\u00e2y gi\u1edd ch\u00fang ta \u0111\u00e3 \u0111\u1ec1 c\u1eadp \u0111\u1ebfn c\u1ea5u tr\u00fac, ho\u1ea1t \u0111\u1ed9ng v\u00e0 l\u1ee3i \u00edch c\u1ee7a m\u00e1y, h\u00e3y th\u1ea3o lu\u1eadn v\u1ec1 gi\u00e1 c\u1ea3 c\u1ee7a n\u00f3. Chi ph\u00ed c\u1ee7a m\u00e1y t\u00e1ch l\u00f2ng tr\u1eafng v\u00e0 l\u00f2ng \u0111\u1ecf tr\u1ee9ng b\u1ecb \u1ea3nh h\u01b0\u1edfng b\u1edfi m\u1ed9t s\u1ed1 y\u1ebfu t\u1ed1.<\/p>    <p>Gi\u00e1 c\u1ee7a m\u00e1y t\u00e1ch l\u00f2ng tr\u1eafng v\u00e0 l\u00f2ng \u0111\u1ecf tr\u1ee9ng c\u00f3 th\u1ec3 thay \u0111\u1ed5i d\u1ef1a tr\u00ean c\u00e1c y\u1ebfu t\u1ed1 nh\u01b0 c\u00f4ng su\u1ea5t c\u1ee7a m\u00e1y, kho\u1ea3ng c\u00e1ch v\u1eadn chuy\u1ec3n v\u00e0 c\u00e1c y\u1ebfu t\u1ed1 kh\u00e1c. Gi\u00e1 cu\u1ed1i c\u00f9ng c\u0169ng s\u1ebd b\u1ecb \u1ea3nh h\u01b0\u1edfng b\u1edfi c\u00e1c th\u00f4ng s\u1ed1 k\u1ef9 thu\u1eadt c\u1ee7a thi\u1ebft b\u1ecb v\u00e0 kh\u1ed1i l\u01b0\u1ee3ng \u0111\u01a1n h\u00e0ng. Ch\u00fang t\u00f4i cung c\u1ea5p b\u00e1o gi\u00e1 ch\u00ednh x\u00e1c \u0111\u01b0\u1ee3c \u0111i\u1ec1u ch\u1ec9nh theo nhu c\u1ea7u v\u00e0 c\u1ea5u h\u00ecnh c\u1ee5 th\u1ec3 c\u1ee7a b\u1ea1n. <\/p>    <p>Ngo\u00e0i ra, ch\u00fang t\u00f4i xem x\u00e9t chi ph\u00ed b\u1ea3o tr\u00ec v\u00e0 d\u1ecbch v\u1ee5 sau b\u00e1n h\u00e0ng \u0111\u1ec3 \u0111\u1ea3m b\u1ea3o r\u1eb1ng thi\u1ebft b\u1ecb b\u1ea1n mua kh\u00f4ng ch\u1ec9 c\u00f3 gi\u00e1 h\u1ee3p l\u00fd m\u00e0 c\u00f2n \u0111\u00e1ng tin c\u1eady v\u00e0 ph\u00f9 h\u1ee3p \u0111\u1ec3 \u0111\u00e1p \u1ee9ng y\u00eau c\u1ea7u s\u1ea3n xu\u1ea5t c\u1ee7a b\u1ea1n. N\u1ebfu b\u1ea1n c\u00f3 b\u1ea5t k\u1ef3 c\u00e2u h\u1ecfi n\u00e0o ho\u1eb7c c\u1ea7n th\u00eam th\u00f4ng tin, xin vui l\u00f2ng li\u00ean h\u1ec7 v\u1edbi ch\u00fang t\u00f4i. Ch\u00fang t\u00f4i \u1edf \u0111\u00e2y \u0111\u1ec3 h\u1ed7 tr\u1ee3 b\u1ea1n.<\/p>    <figure class=\"wp-block-image size-full\"><img loading=\"lazy\" decoding=\"async\" width=\"720\" height=\"540\" src=\"https:\/\/topfoodmachine.com\/wp-content\/uploads\/2024\/07\/Egg-white-yolk-separator.webp\" alt=\"M\u00e1y t\u00e1ch l\u00f2ng tr\u1eafng v\u00e0 l\u00f2ng \u0111\u1ecf tr\u1ee9ng\" class=\"wp-image-1479\" srcset=\"https:\/\/topfoodmachine.com\/wp-content\/uploads\/2024\/07\/Egg-white-yolk-separator.webp 720w, https:\/\/topfoodmachine.com\/wp-content\/uploads\/2024\/07\/Egg-white-yolk-separator-300x225.webp 300w, https:\/\/topfoodmachine.com\/wp-content\/uploads\/2024\/07\/Egg-white-yolk-separator-16x12.webp 16w\" sizes=\"auto, (max-width: 720px) 100vw, 720px\" \/><figcaption class=\"wp-element-caption\">M\u00e1y t\u00e1ch l\u00f2ng tr\u1eafng v\u00e0 l\u00f2ng \u0111\u1ecf tr\u1ee9ng<\/figcaption><\/figure>    <h2 class=\"wp-block-heading\">C\u00e2u h\u1ecfi th\u01b0\u1eddng g\u1eb7p v\u1ec1 m\u00e1y \u0111\u1eadp tr\u1ee9ng<\/h2>    <p>\u0110\u1ec3 gi\u1ea3i quy\u1ebft b\u1ea5t k\u1ef3 c\u00e2u h\u1ecfi n\u00e0o c\u00f2n l\u1ea1i, ch\u00fang t\u00f4i \u0111\u00e3 t\u1ed5ng h\u1ee3p m\u1ed9t danh s\u00e1ch c\u00e1c c\u00e2u h\u1ecfi th\u01b0\u1eddng g\u1eb7p. Nh\u1eefng c\u00e2u h\u1ecfi n\u00e0y cung c\u1ea5p th\u00eam th\u00f4ng tin v\u1ec1 ho\u1ea1t \u0111\u1ed9ng v\u00e0 b\u1ea3o tr\u00ec c\u1ee7a m\u00e1y t\u00e1ch l\u00f2ng tr\u1eafng v\u00e0 l\u00f2ng \u0111\u1ecf tr\u1ee9ng.<\/p>   <div id=\"rank-math-faq\" class=\"rank-math-block\"> <div class=\"rank-math-list\"> <div id=\"faq-question-1721879100855\" class=\"rank-math-list-item\"> <h3 class=\"rank-math-question\">M\u00e1y \u0111\u1ea3m b\u1ea3o t\u00e1ch ch\u00ednh x\u00e1c l\u00f2ng tr\u1eafng v\u00e0 l\u00f2ng \u0111\u1ecf tr\u1ee9ng nh\u01b0 th\u1ebf n\u00e0o?<\/h3> <div class=\"rank-math-answer\">  <p>M\u00e1y s\u1eed d\u1ee5ng c\u00f4ng ngh\u1ec7 t\u00e1ch bi\u1ec7t ti\u00ean ti\u1ebfn, ph\u00e2n bi\u1ec7t ch\u00ednh x\u00e1c gi\u1eefa l\u00f2ng tr\u1eafng v\u00e0 l\u00f2ng \u0111\u1ecf tr\u1ee9ng. N\u00f3 s\u1eed d\u1ee5ng s\u1ef1 k\u1ebft h\u1ee3p gi\u1eefa h\u1ec7 th\u1ed1ng c\u01a1 h\u1ecdc v\u00e0 c\u1ea3m bi\u1ebfn \u0111\u1ec3 \u0111\u1ea1t \u0111\u01b0\u1ee3c s\u1ef1 t\u00e1ch bi\u1ec7t ch\u00ednh x\u00e1c v\u00e0 hi\u1ec7u qu\u1ea3.<\/p>  <\/div> <\/div> <div id=\"faq-question-1721879119074\" class=\"rank-math-list-item\"> <h3 class=\"rank-math-question\">L\u1ecbch b\u1ea3o tr\u00ec \u0111\u01b0\u1ee3c khuy\u1ebfn ngh\u1ecb cho m\u00e1y l\u00e0 g\u00ec?<\/h3> <div class=\"rank-math-answer\">  <p>B\u1ea3o tr\u00ec \u0111\u1ecbnh k\u1ef3 l\u00e0 r\u1ea5t quan tr\u1ecdng \u0111\u1ec3 \u0111\u1ea3m b\u1ea3o hi\u1ec7u su\u1ea5t t\u1ed1i \u01b0u. N\u00ean v\u1ec7 sinh m\u00e1y sau m\u1ed7i l\u1ea7n s\u1eed d\u1ee5ng v\u00e0 th\u1ef1c hi\u1ec7n ki\u1ec3m tra v\u00e0 b\u1ea3o tr\u00ec k\u1ef9 l\u01b0\u1ee1ng m\u1ed7i 3-6 th\u00e1ng, t\u00f9y thu\u1ed9c v\u00e0o t\u1ea7n su\u1ea5t s\u1eed d\u1ee5ng.<\/p>  <\/div> <\/div> <div id=\"faq-question-1721879132843\" class=\"rank-math-list-item\"> <h3 class=\"rank-math-question\">M\u00e1y c\u00f3 th\u1ec3 x\u1eed l\u00fd c\u00e1c k\u00edch th\u01b0\u1edbc tr\u1ee9ng kh\u00e1c nhau kh\u00f4ng?<\/h3> <div class=\"rank-math-answer\">  <p>C\u00f3, m\u00e1y \u0111\u01b0\u1ee3c thi\u1ebft k\u1ebf \u0111\u1ec3 ph\u00f9 h\u1ee3p v\u1edbi nhi\u1ec1u k\u00edch th\u01b0\u1edbc tr\u1ee9ng kh\u00e1c nhau. N\u00f3 c\u00f3 th\u1ec3 \u0111\u01b0\u1ee3c \u0111i\u1ec1u ch\u1ec9nh \u0111\u1ec3 x\u1eed l\u00fd c\u1ea3 tr\u1ee9ng nh\u1ecf v\u00e0 l\u1edbn m\u1ed9t c\u00e1ch hi\u1ec7u qu\u1ea3, \u0111\u1ea3m b\u1ea3o t\u00ednh linh ho\u1ea1t trong ch\u1ebf bi\u1ebfn tr\u1ee9ng.<\/p>  <\/div> <\/div> <div id=\"faq-question-1721879147881\" class=\"rank-math-list-item\"> <h3 class=\"rank-math-question\">C\u00f3 h\u1ed7 tr\u1ee3 n\u00e0o n\u1ebfu m\u00e1y g\u1eb7p s\u1ef1 c\u1ed1 kh\u00f4ng?<\/h3> <div class=\"rank-math-answer\">  <p>Ch\u00fang t\u00f4i cung c\u1ea5p h\u1ed7 tr\u1ee3 to\u00e0n di\u1ec7n, bao g\u1ed3m h\u1ed7 tr\u1ee3 k\u1ef9 thu\u1eadt, kh\u1eafc ph\u1ee5c s\u1ef1 c\u1ed1 v\u00e0 d\u1ecbch v\u1ee5 s\u1eeda ch\u1eefa. \u0110\u1ed9i ng\u0169 d\u1ecbch v\u1ee5 kh\u00e1ch h\u00e0ng c\u1ee7a ch\u00fang t\u00f4i lu\u00f4n s\u1eb5n s\u00e0ng gi\u1ea3i quy\u1ebft b\u1ea5t k\u1ef3 v\u1ea5n \u0111\u1ec1 n\u00e0o v\u00e0 \u0111\u1ea3m b\u1ea3o m\u00e1y ho\u1ea1t \u0111\u1ed9ng tr\u01a1n tru.<\/p>  <\/div> <\/div> <\/div> <\/div>   <figure class=\"wp-block-image size-full\"><img loading=\"lazy\" decoding=\"async\" width=\"720\" height=\"540\" src=\"https:\/\/topfoodmachine.com\/wp-content\/uploads\/2024\/07\/egg-white-yolk-separating-machine-for-business.webp\" alt=\"M\u00e1y t\u00e1ch l\u00f2ng tr\u1eafng v\u00e0 l\u00f2ng \u0111\u1ecf tr\u1ee9ng cho doanh nghi\u1ec7p\" class=\"wp-image-1482\" srcset=\"https:\/\/topfoodmachine.com\/wp-content\/uploads\/2024\/07\/egg-white-yolk-separating-machine-for-business.webp 720w, https:\/\/topfoodmachine.com\/wp-content\/uploads\/2024\/07\/egg-white-yolk-separating-machine-for-business-300x225.webp 300w, https:\/\/topfoodmachine.com\/wp-content\/uploads\/2024\/07\/egg-white-yolk-separating-machine-for-business-16x12.webp 16w\" sizes=\"auto, (max-width: 720px) 100vw, 720px\" \/><figcaption class=\"wp-element-caption\">M\u00e1y t\u00e1ch l\u00f2ng tr\u1eafng v\u00e0 l\u00f2ng \u0111\u1ecf tr\u1ee9ng cho doanh nghi\u1ec7p<\/figcaption><\/figure>    <h2 class=\"wp-block-heading\">\u0110\u1ec3 l\u1ea1i tin nh\u1eafn c\u1ee7a b\u1ea1n!<\/h2>    <p class=\"translation-block\">T\u00f3m l\u1ea1i, m\u00e1y t\u00e1ch l\u00f2ng tr\u1eafng <a href=\"https:\/\/en.wikipedia.org\/wiki\/Yolk\" data-type=\"link\" data-id=\"https:\/\/en.wikipedia.org\/wiki\/Yolk\" target=\"_blank\" rel=\"noopener\">l\u00f2ng \u0111\u1ecf<\/a> tr\u1ee9ng c\u1ee7a ch\u00fang t\u00f4i \u0111\u01b0\u1ee3c thi\u1ebft k\u1ebf \u0111\u1ec3 mang l\u1ea1i hi\u1ec7u su\u1ea5t cao, \u0111\u1ed9 ch\u00ednh x\u00e1c v\u00e0 \u0111\u1ed9 tin c\u1eady cho nhu c\u1ea7u ch\u1ebf bi\u1ebfn tr\u1ee9ng c\u1ee7a b\u1ea1n. V\u1edbi c\u00e1c t\u00ednh n\u0103ng ti\u00ean ti\u1ebfn v\u00e0 c\u1ea5u tr\u00fac b\u1ec1n b\u1ec9, n\u00f3 \u0111\u1ea3m b\u1ea3o t\u00e1ch bi\u1ec7t t\u1ed1i \u01b0u l\u00f2ng tr\u1eafng v\u00e0 l\u00f2ng \u0111\u1ecf tr\u1ee9ng, \u0111\u00e1p \u1ee9ng nhu c\u1ea7u c\u1ee7a c\u00e1c m\u00f4i tr\u01b0\u1eddng s\u1ea3n xu\u1ea5t quy m\u00f4 l\u1edbn. <\/p>    <p class=\"translation-block\">\u0110\u1ec3 c\u00f3 gi\u1ea3i ph\u00e1p ch\u1ebf bi\u1ebfn tr\u1ee9ng ho\u00e0n ch\u1ec9nh, ch\u00fang t\u00f4i c\u0169ng cung c\u1ea5p <a href=\"https:\/\/topfoodmachine.com\/vi\/product\/egg-grading-machine\/\" data-type=\"link\" data-id=\"https:\/\/topfoodmachine.com\/product\/egg-grading-machine\/\">m\u00e1y ph\u00e2n lo\u1ea1i tr\u1ee9ng<\/a> c\u00f3 th\u1ec3 \u0111\u01b0\u1ee3c s\u1eed d\u1ee5ng k\u1ebft h\u1ee3p v\u1edbi m\u00e1y t\u00e1ch c\u1ee7a ch\u00fang t\u00f4i \u0111\u1ec3 t\u1ed1i \u01b0u h\u00f3a to\u00e0n b\u1ed9 d\u00e2y chuy\u1ec1n s\u1ea3n xu\u1ea5t c\u1ee7a b\u1ea1n. N\u1ebfu b\u1ea1n c\u00f3 b\u1ea5t k\u1ef3 c\u00e2u h\u1ecfi n\u00e0o ho\u1eb7c c\u1ea7n th\u00eam th\u00f4ng tin v\u1ec1 s\u1ea3n ph\u1ea9m c\u1ee7a ch\u00fang t\u00f4i, xin \u0111\u1eebng ng\u1ea7n ng\u1ea1i li\u00ean h\u1ec7.<\/p>","protected":false},"excerpt":{"rendered":"<p>M\u00e1y t\u00e1ch l\u00f2ng tr\u1eafng v\u00e0 l\u00f2ng \u0111\u1ecf tr\u1ee9ng ho\u00e0n to\u00e0n t\u1ef1 \u0111\u1ed9ng t\u00edch h\u1ee3p m\u1ed9t m\u00e1y \u0111\u00e1nh tr\u1ee9ng t\u1ef1 \u0111\u1ed9ng v\u00e0 m\u1ed9t \u0111\u01a1n v\u1ecb t\u00e1ch l\u00f2ng tr\u1eafng v\u00e0 l\u00f2ng \u0111\u1ecf tr\u1ee9ng, l\u00e0m cho n\u00f3 ph\u00f9 h\u1ee3p cho s\u1ea3n xu\u1ea5t b\u00e1nh, nh\u00e0 m\u00e1y b\u1ed9t tr\u1ee9ng v\u00e0 c\u00e1c doanh nghi\u1ec7p s\u1ea3n xu\u1ea5t th\u1ef1c ph\u1ea9m li\u00ean quan \u0111\u1ebfn s\u1ea3n ph\u1ea9m t\u1eeb tr\u1ee9ng. <\/p>","protected":false},"author":1,"featured_media":1474,"parent":0,"template":"","tags":[60,61,58,59],"product-type":[7],"class_list":["post-1473","product","type-product","status-publish","has-post-thumbnail","hentry","tag-egg","tag-separating-machine","tag-separator","tag-yolk","product-type-egg-meat-processing-machine"],"_links":{"self":[{"href":"https:\/\/topfoodmachine.com\/vi\/wp-json\/wp\/v2\/product\/1473","targetHints":{"allow":["GET"]}}],"collection":[{"href":"https:\/\/topfoodmachine.com\/vi\/wp-json\/wp\/v2\/product"}],"about":[{"href":"https:\/\/topfoodmachine.com\/vi\/wp-json\/wp\/v2\/types\/product"}],"author":[{"embeddable":true,"href":"https:\/\/topfoodmachine.com\/vi\/wp-json\/wp\/v2\/users\/1"}],"wp:featuredmedia":[{"embeddable":true,"href":"https:\/\/topfoodmachine.com\/vi\/wp-json\/wp\/v2\/media\/1474"}],"wp:attachment":[{"href":"https:\/\/topfoodmachine.com\/vi\/wp-json\/wp\/v2\/media?parent=1473"}],"wp:term":[{"taxonomy":"post_tag","embeddable":true,"href":"https:\/\/topfoodmachine.com\/vi\/wp-json\/wp\/v2\/tags?post=1473"},{"taxonomy":"product-type","embeddable":true,"href":"https:\/\/topfoodmachine.com\/vi\/wp-json\/wp\/v2\/product-type?post=1473"}],"curies":[{"name":"wp","href":"https:\/\/api.w.org\/{rel}","templated":true}]}}