{"id":1430,"date":"2024-07-05T11:41:54","date_gmt":"2024-07-05T03:41:54","guid":{"rendered":"https:\/\/topfoodmachine.com\/?post_type=product&#038;p=1430"},"modified":"2026-01-19T15:51:29","modified_gmt":"2026-01-19T07:51:29","slug":"pancake-making-machine","status":"publish","type":"product","link":"https:\/\/topfoodmachine.com\/vi\/product\/pancake-making-machine\/","title":{"rendered":"M\u00e1y l\u00e0m b\u00e1nh pancake | M\u00e1y l\u00e0m b\u00e1nh pancake"},"content":{"rendered":"<div class=\"kk-star-ratings kksr-auto kksr-align-left kksr-valign-top\"     data-payload='{&quot;align&quot;:&quot;left&quot;,&quot;id&quot;:&quot;1430&quot;,&quot;slug&quot;:&quot;default&quot;,&quot;valign&quot;:&quot;top&quot;,&quot;ignore&quot;:&quot;&quot;,&quot;reference&quot;:&quot;auto&quot;,&quot;class&quot;:&quot;&quot;,&quot;count&quot;:&quot;12&quot;,&quot;legendonly&quot;:&quot;&quot;,&quot;readonly&quot;:&quot;&quot;,&quot;score&quot;:&quot;4.8&quot;,&quot;starsonly&quot;:&quot;&quot;,&quot;best&quot;:&quot;5&quot;,&quot;gap&quot;:&quot;5&quot;,&quot;greet&quot;:&quot;Rate this product&quot;,&quot;legend&quot;:&quot;4.8\\\/5 - (12 b\u00ecnh ch\u1ecdn)&quot;,&quot;size&quot;:&quot;24&quot;,&quot;title&quot;:&quot;Pancake making machine | Pancake maker&quot;,&quot;width&quot;:&quot;136.7&quot;,&quot;_legend&quot;:&quot;{score}\\\/{best} - ({count} {votes})&quot;,&quot;font_factor&quot;:&quot;1.25&quot;}'>              <div class=\"kksr-stars\">      <div class=\"kksr-stars-inactive\">             <div class=\"kksr-star\" data-star=\"1\" style=\"padding-right: 5px\">               <div class=\"kksr-icon\" style=\"width: 24px; height: 24px;\"><\/div>         <\/div>             <div class=\"kksr-star\" data-star=\"2\" style=\"padding-right: 5px\">               <div class=\"kksr-icon\" style=\"width: 24px; height: 24px;\"><\/div>         <\/div>             <div class=\"kksr-star\" data-star=\"3\" style=\"padding-right: 5px\">               <div class=\"kksr-icon\" style=\"width: 24px; height: 24px;\"><\/div>         <\/div>             <div class=\"kksr-star\" data-star=\"4\" style=\"padding-right: 5px\">               <div class=\"kksr-icon\" style=\"width: 24px; height: 24px;\"><\/div>         <\/div>             <div class=\"kksr-star\" data-star=\"5\" style=\"padding-right: 5px\">               <div class=\"kksr-icon\" style=\"width: 24px; height: 24px;\"><\/div>         <\/div>     <\/div>      <div class=\"kksr-stars-active\" style=\"width: 136.7px;\">             <div class=\"kksr-star\" style=\"padding-right: 5px\">               <div class=\"kksr-icon\" style=\"width: 24px; height: 24px;\"><\/div>         <\/div>             <div class=\"kksr-star\" style=\"padding-right: 5px\">               <div class=\"kksr-icon\" style=\"width: 24px; height: 24px;\"><\/div>         <\/div>             <div class=\"kksr-star\" style=\"padding-right: 5px\">               <div class=\"kksr-icon\" style=\"width: 24px; height: 24px;\"><\/div>         <\/div>             <div class=\"kksr-star\" style=\"padding-right: 5px\">               <div class=\"kksr-icon\" style=\"width: 24px; height: 24px;\"><\/div>         <\/div>             <div class=\"kksr-star\" style=\"padding-right: 5px\">               <div class=\"kksr-icon\" style=\"width: 24px; height: 24px;\"><\/div>         <\/div>     <\/div> <\/div>                   <div class=\"kksr-legend\" style=\"font-size: 19.2px;\">             4.8\/5 - (12 l\u01b0\u1ee3t b\u00ecnh ch\u1ecdn)    <\/div>     <\/div>  <p>M\u00e1y l\u00e0m b\u00e1nh pancake c\u1ee7a ch\u00fang t\u00f4i c\u00f3 th\u1ec3 \u0111\u1ea1t hi\u1ec7u qu\u1ea3 v\u00e0 s\u1ea3n xu\u1ea5t b\u00e1nh pancake \u0111\u1ed3ng \u0111\u1ec1u, cung c\u1ea5p c\u00e1c t\u00f9y ch\u1ecdn l\u00e0m n\u00f3ng b\u1eb1ng \u0111i\u1ec7n v\u00e0 kh\u00ed n\u00e9n \u0111\u1ec3 \u0111\u00e1p \u1ee9ng c\u00e1c nhu c\u1ea7u v\u1eadn h\u00e0nh kh\u00e1c nhau. V\u1edbi 2, 4 ho\u1eb7c 6 t\u1ea5m n\u01b0\u1edbng, m\u1ed7i t\u1ea5m \u0111\u01b0\u1ee3c \u0111i\u1ec1u khi\u1ec3n \u0111\u1ed9c l\u1eadp, \u0111\u1ea3m b\u1ea3o n\u1ea5u ch\u00ednh x\u00e1c v\u00e0 ch\u1ea5t l\u01b0\u1ee3ng b\u00e1nh pancake \u0111\u1ed3ng \u0111\u1ec1u. <\/p>    <p>\u0110\u01b0\u1ee3c l\u00e0m t\u1eeb th\u00e9p kh\u00f4ng g\u1ec9 ch\u1ea5t l\u01b0\u1ee3ng cao, m\u00e1y b\u1ec1n, v\u1ec7 sinh v\u00e0 d\u1ec5 l\u00e0m s\u1ea1ch, trong khi thi\u1ebft k\u1ebf th\u00e2n thi\u1ec7n v\u1edbi ng\u01b0\u1eddi d\u00f9ng cho ph\u00e9p c\u00e1c nh\u00e0 v\u1eadn h\u00e0nh \u1edf m\u1ecdi tr\u00ecnh \u0111\u1ed9 s\u1eed d\u1ee5ng d\u1ec5 d\u00e0ng.<\/p>    <p class=\"translation-block\">M\u00e1y n\u00e0y l\u00fd t\u01b0\u1edfng cho c\u00e1c nh\u00e0 b\u1ebfp th\u01b0\u01a1ng m\u1ea1i, nh\u00e0 h\u00e0ng, ti\u1ec7m b\u00e1nh v\u00e0 nh\u00e0 m\u00e1y th\u1ef1c ph\u1ea9m, gi\u00fap ti\u1ebft ki\u1ec7m th\u1eddi gian v\u00e0 lao \u0111\u1ed9ng trong khi s\u1ea3n xu\u1ea5t s\u1ed1 l\u01b0\u1ee3ng l\u1edbn b\u00e1nh pancake. Ch\u00fang t\u00f4i cung c\u1ea5p hai m\u1eabu ph\u1ed5 bi\u1ebfn, <strong>TZ-4<\/strong> v\u00e0 <strong>TZ-6<\/strong>, \u0111\u1ec1u c\u00f3 kh\u1ea3 n\u0103ng l\u00e0m b\u00e1nh pancake v\u1edbi \u0111\u01b0\u1eddng k\u00ednh <strong>35 cm<\/strong>, mang l\u1ea1i hi\u1ec7u su\u1ea5t \u0111\u00e1ng tin c\u1eady v\u00e0 s\u1ea3n l\u01b0\u1ee3ng \u1ed5n \u0111\u1ecbnh cho c\u00e1c quy m\u00f4 s\u1ea3n xu\u1ea5t kh\u00e1c nhau.<\/p>    <figure class=\"wp-block-embed is-type-video is-provider-youtube wp-block-embed-youtube wp-embed-aspect-16-9 wp-has-aspect-ratio\"><div class=\"wp-block-embed__wrapper\"> <iframe loading=\"lazy\" title=\"C\u00e1ch s\u1eed d\u1ee5ng m\u00e1y l\u00e0m b\u00e1nh pancake tuy\u1ec7t v\u1eddi cho b\u00e1nh pancake x\u1ed1p #b\u00e1nh pancake #ch\u1ebf bi\u1ebfn th\u1ef1c ph\u1ea9m #b\u00e1nh ng\u1ecdt\" width=\"500\" height=\"281\" src=\"https:\/\/www.youtube.com\/embed\/wOn_DOV-WZw?feature=oembed\" frameborder=\"0\" allow=\"accelerometer; autoplay; clipboard-write; encrypted-media; gyroscope; picture-in-picture; web-share\" referrerpolicy=\"strict-origin-when-cross-origin\" allowfullscreen><\/iframe> <\/div><figcaption class=\"wp-element-caption\">Video l\u00e0m vi\u1ec7c c\u1ee7a m\u00e1y l\u00e0m b\u00e1nh pancake<\/figcaption><\/figure>    <h2 class=\"wp-block-heading\">M\u00e1y l\u00e0m b\u00e1nh pancake t\u1ef1 \u0111\u1ed9ng cho doanh nghi\u1ec7p<\/h2>    <p class=\"translation-block\">M\u00e1y l\u00e0m b\u00e1nh pancake t\u1ef1 \u0111\u1ed9ng c\u1ee7a ch\u00fang t\u00f4i \u0111\u01b0\u1ee3c thi\u1ebft k\u1ebf \u0111\u1ec3 s\u1ea3n xu\u1ea5t b\u00e1nh pancake linh ho\u1ea1t v\u00e0 hi\u1ec7u qu\u1ea3, c\u00f3 kh\u1ea3 n\u0103ng l\u00e0m c\u1ea3 <strong>b\u00e1nh pancake tr\u00f2n v\u00e0 vu\u00f4ng<\/strong> \u0111\u1ec3 \u0111\u00e1p \u1ee9ng c\u00e1c y\u00eau c\u1ea7u th\u1ecb tr\u01b0\u1eddng \u0111a d\u1ea1ng. N\u00f3 c\u00f3 th\u1ec3 s\u1ea3n xu\u1ea5t b\u00e1nh pancake tr\u00f2n v\u1edbi <strong>\u0111\u01b0\u1eddng k\u00ednh t\u1ed1i \u0111a l\u00ean t\u1edbi 60 cm<\/strong>, trong khi \u0111\u1ed9 d\u00e0y b\u00e1nh pancake \u0111\u01b0\u1ee3c ki\u1ec3m so\u00e1t b\u1edfi \u0111\u1ed9 \u0111\u1eb7c c\u1ee7a b\u1ed9t v\u00e0 c\u00f3 th\u1ec3 \u0111i\u1ec1u ch\u1ec9nh xu\u1ed1ng c\u00f2n <strong>1 mm<\/strong>, \u0111\u1ea3m b\u1ea3o k\u1ebft qu\u1ea3 \u0111\u1ed3ng nh\u1ea5t v\u00e0 ch\u1ea5t l\u01b0\u1ee3ng s\u1ea3n ph\u1ea9m cao.<\/p>    <p class=\"translation-block\">Nh\u1edd kh\u1ea3 n\u0103ng th\u00edch \u1ee9ng m\u1ea1nh m\u1ebd, m\u00e1y l\u00e0m b\u00e1nh pancake n\u00e0y ph\u00f9 h\u1ee3p v\u1edbi nhi\u1ec1u \u1ee9ng d\u1ee5ng th\u01b0\u01a1ng m\u1ea1i, bao g\u1ed3m <strong>chu\u1ed7i c\u1eeda h\u00e0ng th\u1ee9c \u0103n nhanh, nh\u00e0 h\u00e0ng s\u00e1ng, d\u1ecbch v\u1ee5 catering, v\u00e0 c\u00e1c s\u1ef1 ki\u1ec7n ti\u1ec7c l\u1edbn<\/strong>, n\u01a1i y\u00eau c\u1ea7u c\u00e1c h\u00ecnh d\u1ea1ng b\u00e1nh pancake kh\u00e1c nhau, k\u00edch th\u01b0\u1edbc \u0111a d\u1ea1ng v\u00e0 s\u1ea3n l\u01b0\u1ee3ng \u1ed5n \u0111\u1ecbnh.<\/p>    <figure class=\"wp-block-image size-full\"><img loading=\"lazy\" decoding=\"async\" width=\"720\" height=\"540\" src=\"https:\/\/topfoodmachine.com\/wp-content\/uploads\/2024\/07\/commercial-Pancake-maker.webp\" alt=\"M\u00e1y l\u00e0m b\u00e1nh pancake th\u01b0\u01a1ng m\u1ea1i\" class=\"wp-image-1433\" srcset=\"https:\/\/topfoodmachine.com\/wp-content\/uploads\/2024\/07\/commercial-Pancake-maker.webp 720w, https:\/\/topfoodmachine.com\/wp-content\/uploads\/2024\/07\/commercial-Pancake-maker-300x225.webp 300w, https:\/\/topfoodmachine.com\/wp-content\/uploads\/2024\/07\/commercial-Pancake-maker-16x12.webp 16w\" sizes=\"auto, (max-width: 720px) 100vw, 720px\" \/><figcaption class=\"wp-element-caption\">M\u00e1y l\u00e0m b\u00e1nh pancake th\u01b0\u01a1ng m\u1ea1i<\/figcaption><\/figure>    <h2 class=\"wp-block-heading\">L\u1ee3i \u00edch c\u1ee7a m\u00e1y l\u00e0m b\u00e1nh pancake<\/h2>    <div class=\"wp-block-media-text is-stacked-on-mobile\"><figure class=\"wp-block-media-text__media\"><img loading=\"lazy\" decoding=\"async\" width=\"720\" height=\"540\" src=\"https:\/\/topfoodmachine.com\/wp-content\/uploads\/2024\/07\/exported-Pancake-maker.webp\" alt=\"M\u00e1y l\u00e0m b\u00e1nh pancake xu\u1ea5t kh\u1ea9u\" class=\"wp-image-1434 size-full\" srcset=\"https:\/\/topfoodmachine.com\/wp-content\/uploads\/2024\/07\/exported-Pancake-maker.webp 720w, https:\/\/topfoodmachine.com\/wp-content\/uploads\/2024\/07\/exported-Pancake-maker-300x225.webp 300w, https:\/\/topfoodmachine.com\/wp-content\/uploads\/2024\/07\/exported-Pancake-maker-16x12.webp 16w\" sizes=\"auto, (max-width: 720px) 100vw, 720px\" \/><\/figure><div class=\"wp-block-media-text__content\"> <ul class=\"wp-block-list\"> <li><strong>T\u00f9y ch\u1ecdn l\u00e0m n\u00f3ng \u0111a d\u1ea1ng:<\/strong> M\u00e1y l\u00e0m b\u00e1nh pancake h\u1ed7 tr\u1ee3 l\u00e0m n\u00f3ng b\u1eb1ng \u0111i\u1ec7n v\u00e0 gas, \u0111\u1ed3ng th\u1eddi c\u00f3 th\u1ec3 \u0111\u01b0\u1ee3c trang b\u1ecb h\u1ec7 th\u1ed1ng ki\u1ec3m so\u00e1t nhi\u1ec7t \u0111\u1ed9 ti\u00ean ti\u1ebfn, \u0111\u1ea3m b\u1ea3o \u0111i\u1ec1u ch\u1ec9nh nhi\u1ec7t ch\u00ednh x\u00e1c v\u00e0 s\u1eed d\u1ee5ng n\u0103ng l\u01b0\u1ee3ng hi\u1ec7u qu\u1ea3 trong qu\u00e1 tr\u00ecnh n\u1ea5u.<\/li>    <li><strong>C\u1ea5u h\u00ecnh t\u1ea5m linh ho\u1ea1t:<\/strong> C\u00f3 s\u1eb5n nhi\u1ec1u t\u00f9y ch\u1ecdn t\u1ea5m n\u01b0\u1edbng, m\u1ed7i t\u1ea5m c\u00f3 th\u1ec3 \u0111i\u1ec1u khi\u1ec3n \u0111\u1ed9c l\u1eadp. \u0110i\u1ec1u n\u00e0y cho ph\u00e9p m\u00e1y th\u00edch \u1ee9ng v\u1edbi c\u00e1c k\u00edch th\u01b0\u1edbc v\u00e0 nhu c\u1ea7u s\u1ea3n xu\u1ea5t kh\u00e1c nhau c\u1ee7a nh\u00e0 b\u1ebfp, t\u1eeb qu\u00e1n c\u00e0 ph\u00ea nh\u1ecf \u0111\u1ebfn chu\u1ed7i nh\u00e0 h\u00e0ng l\u1edbn.<\/li> <\/ul> <\/div><\/div>    <div class=\"wp-block-media-text has-media-on-the-right is-stacked-on-mobile\"><div class=\"wp-block-media-text__content\"> <ul class=\"wp-block-list\"> <li><strong>Hi\u1ec7u qu\u1ea3 s\u1ea3n xu\u1ea5t cao:<\/strong> S\u1ef1 k\u1ebft h\u1ee3p gi\u1eefa l\u00e0m n\u00f3ng nhanh v\u00e0 ki\u1ec3m so\u00e1t nhi\u1ec7t \u0111\u1ed9 ch\u00ednh x\u00e1c cho ph\u00e9p s\u1ea3n xu\u1ea5t b\u00e1nh pancake li\u00ean t\u1ee5c v\u1edbi s\u1ed1 l\u01b0\u1ee3ng l\u1edbn, gi\u00fap gi\u1ea3m th\u1eddi gian ch\u1edd \u0111\u1ee3i trong gi\u1edd cao \u0111i\u1ec3m v\u00e0 n\u00e2ng cao hi\u1ec7u qu\u1ea3 v\u1eadn h\u00e0nh t\u1ed5ng th\u1ec3.<\/li>    <li><strong>Thi\u1ebft k\u1ebf an to\u00e0n n\u00e2ng cao:<\/strong> Trang b\u1ecb ch\u00e2n \u0111\u1ebf ch\u1ed1ng tr\u01b0\u1ee3t, tay c\u1ea7m ch\u1ecbu nhi\u1ec7t v\u00e0 h\u1ec7 th\u1ed1ng ch\u1ed1ng qu\u00e1 nhi\u1ec7t, m\u00e1y \u0111\u1ea3m b\u1ea3o ho\u1ea1t \u0111\u1ed9ng an to\u00e0n v\u00e0 \u1ed5n \u0111\u1ecbnh ngay c\u1ea3 trong \u0111i\u1ec1u ki\u1ec7n l\u00e0m vi\u1ec7c \u1edf nhi\u1ec7t \u0111\u1ed9 cao.<\/li> <\/ul> <\/div><figure class=\"wp-block-media-text__media\"><img loading=\"lazy\" decoding=\"async\" width=\"720\" height=\"540\" src=\"https:\/\/topfoodmachine.com\/wp-content\/uploads\/2024\/07\/pancake-forming-machine.webp\" alt=\"M\u00e1y t\u1ea1o h\u00ecnh b\u00e1nh pancake\" class=\"wp-image-1435 size-full\" srcset=\"https:\/\/topfoodmachine.com\/wp-content\/uploads\/2024\/07\/pancake-forming-machine.webp 720w, https:\/\/topfoodmachine.com\/wp-content\/uploads\/2024\/07\/pancake-forming-machine-300x225.webp 300w, https:\/\/topfoodmachine.com\/wp-content\/uploads\/2024\/07\/pancake-forming-machine-16x12.webp 16w\" sizes=\"auto, (max-width: 720px) 100vw, 720px\" \/><\/figure><\/div>    <h2 class=\"wp-block-heading\">M\u00e1y l\u00e0m b\u00e1nh pancake \u0111a n\u0103ng<\/h2>    <p>M\u00e1y l\u00e0m b\u00e1nh pancake c\u1ef1c k\u1ef3 \u0111a n\u0103ng, cung c\u1ea5p s\u1ef1 ti\u1ec7n l\u1ee3i v\u00e0 hi\u1ec7u qu\u1ea3 v\u00f4 song cho nhi\u1ec1u m\u00f4i tr\u01b0\u1eddng th\u01b0\u01a1ng m\u1ea1i kh\u00e1c nhau. T\u1ea1i c\u00e1c nh\u00e0 h\u00e0ng, qu\u00e1n c\u00e0 ph\u00ea, c\u1eeda h\u00e0ng b\u1eefa s\u00e1ng v\u00e0 c\u1eeda h\u00e0ng th\u1ee9c \u0103n nhanh, m\u00e1y n\u00e0y c\u00f3 th\u1ec3 s\u1ea3n xu\u1ea5t s\u1ed1 l\u01b0\u1ee3ng l\u1edbn b\u00e1nh pancake m\u1ed9t c\u00e1ch nhanh ch\u00f3ng, t\u0103ng t\u1ed1c \u0111\u1ed9 ph\u1ee5c v\u1ee5 v\u00e0 n\u00e2ng cao s\u1ef1 h\u00e0i l\u00f2ng c\u1ee7a kh\u00e1ch h\u00e0ng. Kh\u1ea3 n\u0103ng s\u1ea3n xu\u1ea5t b\u00e1nh pancake ch\u1ea5t l\u01b0\u1ee3ng cao m\u1ed9t c\u00e1ch nh\u1ea5t qu\u00e1n khi\u1ebfn n\u00f3 tr\u1edf th\u00e0nh m\u1ed9t c\u00f4ng c\u1ee5 kh\u00f4ng th\u1ec3 thi\u1ebfu cho c\u00e1c b\u1ebfp b\u1eadn r\u1ed9n. <\/p>    <p>Ngo\u00e0i ra, m\u00e1y n\u00e0y r\u1ea5t ph\u00f9 h\u1ee3p cho c\u00e1c s\u1ef1 ki\u1ec7n \u0111\u1eb7c bi\u1ec7t nh\u01b0 \u0111\u00e1m c\u01b0\u1edbi, ti\u1ec7c sinh nh\u1eadt v\u00e0 c\u00e1c bu\u1ed5i g\u1eb7p g\u1ee1 doanh nghi\u1ec7p, cho ph\u00e9p c\u00e1c nh\u00e0 cung c\u1ea5p d\u1ecbch v\u1ee5 \u0103n u\u1ed1ng ph\u1ee5c v\u1ee5 b\u00e1nh pancake ngon mi\u1ec7ng m\u1ed9t c\u00e1ch nhanh ch\u00f3ng v\u00e0 d\u1ec5 d\u00e0ng. B\u1ea5t k\u1ec3 k\u1ecbch b\u1ea3n th\u01b0\u01a1ng m\u1ea1i n\u00e0o, m\u00e1y l\u00e0m b\u00e1nh pancake cung c\u1ea5p hi\u1ec7u su\u1ea5t xu\u1ea5t s\u1eafc, tr\u1edf th\u00e0nh t\u00e0i s\u1ea3n thi\u1ebft y\u1ebfu cho b\u1ea5t k\u1ef3 doanh nghi\u1ec7p n\u00e0o mu\u1ed1n n\u00e2ng cao c\u00e1c m\u00f3n \u0103n v\u00e0 t\u1ed1i \u01b0u h\u00f3a ho\u1ea1t \u0111\u1ed9ng.<\/p>    <figure class=\"wp-block-gallery has-nested-images columns-default is-cropped wp-block-gallery-2 is-layout-flex wp-block-gallery-is-layout-flex\"> <figure class=\"wp-block-image size-full\"><img loading=\"lazy\" decoding=\"async\" width=\"720\" height=\"540\" data-id=\"1436\" src=\"https:\/\/topfoodmachine.com\/wp-content\/uploads\/2024\/07\/Pancake-maker-for-business.webp\" alt=\"M\u00e1y l\u00e0m b\u00e1nh pancake cho doanh nghi\u1ec7p\" class=\"wp-image-1436\" srcset=\"https:\/\/topfoodmachine.com\/wp-content\/uploads\/2024\/07\/Pancake-maker-for-business.webp 720w, https:\/\/topfoodmachine.com\/wp-content\/uploads\/2024\/07\/Pancake-maker-for-business-300x225.webp 300w, https:\/\/topfoodmachine.com\/wp-content\/uploads\/2024\/07\/Pancake-maker-for-business-16x12.webp 16w\" sizes=\"auto, (max-width: 720px) 100vw, 720px\" \/><figcaption class=\"wp-element-caption\">M\u00e1y l\u00e0m b\u00e1nh pancake cho doanh nghi\u1ec7p<\/figcaption><\/figure>    <figure class=\"wp-block-image size-full\"><img loading=\"lazy\" decoding=\"async\" width=\"720\" height=\"540\" data-id=\"1441\" src=\"https:\/\/topfoodmachine.com\/wp-content\/uploads\/2024\/07\/pancake.webp\" alt=\"b\u00e1nh pancake\" class=\"wp-image-1441\" srcset=\"https:\/\/topfoodmachine.com\/wp-content\/uploads\/2024\/07\/pancake.webp 720w, https:\/\/topfoodmachine.com\/wp-content\/uploads\/2024\/07\/pancake-300x225.webp 300w, https:\/\/topfoodmachine.com\/wp-content\/uploads\/2024\/07\/pancake-16x12.webp 16w\" sizes=\"auto, (max-width: 720px) 100vw, 720px\" \/><figcaption class=\"wp-element-caption\">b\u00e1nh pancake<\/figcaption><\/figure>    <figure class=\"wp-block-image size-full\"><img loading=\"lazy\" decoding=\"async\" width=\"720\" height=\"540\" data-id=\"1440\" src=\"https:\/\/topfoodmachine.com\/wp-content\/uploads\/2024\/07\/final-product-of-pancake-maker.webp\" alt=\"s\u1ea3n ph\u1ea9m cu\u1ed1i c\u00f9ng c\u1ee7a m\u00e1y l\u00e0m b\u00e1nh pancake\" class=\"wp-image-1440\" srcset=\"https:\/\/topfoodmachine.com\/wp-content\/uploads\/2024\/07\/final-product-of-pancake-maker.webp 720w, https:\/\/topfoodmachine.com\/wp-content\/uploads\/2024\/07\/final-product-of-pancake-maker-300x225.webp 300w, https:\/\/topfoodmachine.com\/wp-content\/uploads\/2024\/07\/final-product-of-pancake-maker-16x12.webp 16w\" sizes=\"auto, (max-width: 720px) 100vw, 720px\" \/><figcaption class=\"wp-element-caption\">s\u1ea3n ph\u1ea9m cu\u1ed1i c\u00f9ng c\u1ee7a m\u00e1y l\u00e0m b\u00e1nh pancake<\/figcaption><\/figure> <\/figure>    <h2 class=\"wp-block-heading\">Nguy\u00ean li\u1ec7u m\u00e1y t\u1ea1o h\u00ecnh b\u00e1nh pancake<\/h2>    <p>M\u00e1y t\u1ea1o h\u00ecnh b\u00e1nh pancake c\u1ee7a ch\u00fang t\u00f4i \u0111\u01b0\u1ee3c x\u00e2y d\u1ef1ng b\u1eb1ng c\u00e1c v\u1eadt li\u1ec7u ch\u1ea5t l\u01b0\u1ee3ng cao \u0111\u1ec3 \u0111\u1ea3m b\u1ea3o s\u1ef1 \u1ed5n \u0111\u1ecbnh v\u00e0 \u0111\u1ed9 b\u1ec1n.<\/p>    <div class=\"wp-block-media-text is-stacked-on-mobile\"><figure class=\"wp-block-media-text__media\"><img loading=\"lazy\" decoding=\"async\" width=\"720\" height=\"540\" src=\"https:\/\/topfoodmachine.com\/wp-content\/uploads\/2024\/07\/pancakes.webp\" alt=\"b\u00e1nh pancake\" class=\"wp-image-1438 size-full\" srcset=\"https:\/\/topfoodmachine.com\/wp-content\/uploads\/2024\/07\/pancakes.webp 720w, https:\/\/topfoodmachine.com\/wp-content\/uploads\/2024\/07\/pancakes-300x225.webp 300w, https:\/\/topfoodmachine.com\/wp-content\/uploads\/2024\/07\/pancakes-16x12.webp 16w\" sizes=\"auto, (max-width: 720px) 100vw, 720px\" \/><\/figure><div class=\"wp-block-media-text__content\"> <ul class=\"wp-block-list\"> <li><strong>\u0110\u0129a n\u01b0\u1edbng<\/strong>. \u0110\u01b0\u1ee3c l\u00e0m t\u1eeb th\u00e9p 45#, nh\u1eefng \u0111\u0129a n\u00e0y cung c\u1ea5p kh\u1ea3 n\u0103ng ch\u1ed1ng m\u00e0i m\u00f2n v\u00e0 d\u1eabn nhi\u1ec7t tuy\u1ec7t v\u1eddi. N\u00f3 \u0111\u1ea3m b\u1ea3o nhi\u1ec7t \u0111\u1ed9 \u0111\u1ec1u cho b\u1ed9t v\u00e0 ch\u1ea5t l\u01b0\u1ee3ng n\u1ea5u b\u00e1nh pancake \u0111\u1ed3ng nh\u1ea5t v\u00e0 nhanh ch\u00f3ng.<\/li>    <li><strong>\u0110\u0129a tr\u01b0\u1ee3t<\/strong>. \u0110\u01b0\u1ee3c ch\u1ebf t\u1ea1o t\u1eeb th\u00e9p kh\u00f4ng g\u1ec9, nh\u1eefng \u0111\u0129a n\u00e0y ch\u1ed1ng g\u1ec9 v\u00e0 d\u1ec5 d\u00e0ng v\u1ec7 sinh, duy tr\u00ec ti\u00eau chu\u1ea9n v\u1ec7 sinh trong qu\u00e1 tr\u00ecnh ho\u1ea1t \u0111\u1ed9ng v\u00e0 cung c\u1ea5p \u0111\u1ed9 b\u1ec1n \u0111\u00e1ng tin c\u1eady trong th\u1eddi gian d\u00e0i.<\/li> <\/ul> <\/div><\/div>    <div class=\"wp-block-media-text has-media-on-the-right is-stacked-on-mobile\"><div class=\"wp-block-media-text__content\"> <ul class=\"wp-block-list\"> <li><strong>B\u1ebfp<\/strong>. C\u00e1c th\u00e0nh ph\u1ea7n c\u1ee7a b\u1ebfp \u0111\u01b0\u1ee3c l\u00e0m t\u1eeb th\u00e9p kh\u00f4ng g\u1ec9. N\u1ed5i ti\u1ebfng v\u1edbi kh\u1ea3 n\u0103ng ch\u1ed1ng \u0103n m\u00f2n v\u00e0 ch\u1ecbu nhi\u1ec7t \u0111\u1ed9 cao, ph\u00f9 h\u1ee3p cho c\u00e1c ho\u1ea1t \u0111\u1ed9ng \u1edf nhi\u1ec7t \u0111\u1ed9 cao k\u00e9o d\u00e0i nh\u1eb1m \u0111\u1ea3m b\u1ea3o s\u1ef1 \u1ed5n \u0111\u1ecbnh v\u00e0 an to\u00e0n c\u1ee7a thi\u1ebft b\u1ecb.<\/li>    <li><strong>Khung h\u1ed7 tr\u1ee3<\/strong>. Khung \u0111\u01b0\u1ee3c l\u00e0m t\u1eeb \u1ed1ng vu\u00f4ng m\u1ea1 k\u1ebdm, cung c\u1ea5p \u0111\u1ed9 b\u1ec1n v\u00e0 \u1ed5n \u0111\u1ecbnh v\u1eefng ch\u1eafc \u0111\u1ec3 h\u1ed7 tr\u1ee3 to\u00e0n b\u1ed9 m\u00e1y, th\u00edch \u1ee9ng v\u1edbi nhi\u1ec1u m\u00f4i tr\u01b0\u1eddng v\u00e0 \u0111i\u1ec1u ki\u1ec7n ho\u1ea1t \u0111\u1ed9ng kh\u00e1c nhau.<\/li> <\/ul> <\/div><figure class=\"wp-block-media-text__media\"><img loading=\"lazy\" decoding=\"async\" width=\"720\" height=\"540\" src=\"https:\/\/topfoodmachine.com\/wp-content\/uploads\/2024\/07\/Pancake-maker-for-sale.webp\" alt=\"M\u00e1y l\u00e0m b\u00e1nh pancake \u0111\u1ec3 b\u00e1n\" class=\"wp-image-1437 size-full\" srcset=\"https:\/\/topfoodmachine.com\/wp-content\/uploads\/2024\/07\/Pancake-maker-for-sale.webp 720w, https:\/\/topfoodmachine.com\/wp-content\/uploads\/2024\/07\/Pancake-maker-for-sale-300x225.webp 300w, https:\/\/topfoodmachine.com\/wp-content\/uploads\/2024\/07\/Pancake-maker-for-sale-16x12.webp 16w\" sizes=\"auto, (max-width: 720px) 100vw, 720px\" \/><\/figure><\/div>    <p>C\u00e1c v\u1eadt li\u1ec7u \u0111\u01b0\u1ee3c ch\u1ecdn n\u00e0y \u0111\u1ea3m b\u1ea3o r\u1eb1ng m\u00e1y t\u1ea1o h\u00ecnh b\u00e1nh pancake c\u1ee7a ch\u00fang t\u00f4i ho\u1ea1t \u0111\u1ed9ng hi\u1ec7u qu\u1ea3 v\u00e0 \u0111\u00e1ng tin c\u1eady trong th\u1eddi gian d\u00e0i. Ch\u00fang cung c\u1ea5p s\u1ea3n xu\u1ea5t b\u00e1nh pancake ch\u1ea5t l\u01b0\u1ee3ng cao v\u00e0 \u0111\u1ea3m b\u1ea3o hi\u1ec7u su\u1ea5t \u0111\u00e1ng tin c\u1eady cho kh\u00e1ch h\u00e0ng c\u1ee7a ch\u00fang t\u00f4i.<\/p>    <h2 class=\"wp-block-heading\">Th\u00f4ng s\u1ed1 m\u00e1y t\u1ea1o h\u00ecnh b\u00e1nh pancake<\/h2>    <figure class=\"wp-block-table\"><table><tbody><tr><td>Ng\u01b0\u1eddi m\u1eabu<\/td><td>TZ-4<\/td><td>TZ-6<\/td><\/tr><tr><td>K\u00edch c\u1ee1<\/td><td>2500*560*750mm<\/td><td>3000*550*750mm<\/td><\/tr><tr><td>\u0110\u01b0\u1eddng k\u00ednh<\/td><td>35cm<\/td><td>35cm<\/td><\/tr><tr><td>C\u00e2n n\u1eb7ng<\/td><td>190kg<\/td><td>170kg<\/td><\/tr><\/tbody><\/table><figcaption class=\"wp-element-caption\">c\u00e1c th\u00f4ng s\u1ed1 c\u1ee7a m\u00e1y l\u00e0m b\u00e1nh pancake<\/figcaption><\/figure>    <h2 class=\"wp-block-heading\">Ph\u1ea7n k\u1ebft lu\u1eadn<\/h2>    <p class=\"translation-block\">Ch\u1ecdn m\u00e1y l\u00e0m b\u00e1nh pancake c\u1ee7a ch\u00fang t\u00f4i \u0111\u1ec3 c\u00f3 hi\u1ec7u su\u1ea5t \u1ed5n \u0111\u1ecbnh, c\u1ea5u h\u00ecnh linh ho\u1ea1t v\u00e0 hi\u1ec7u qu\u1ea3 cao. Ch\u00fang t\u00f4i c\u0169ng cung c\u1ea5p nhi\u1ec1u lo\u1ea1i  m\u00e1y l\u00e0m b\u00e1nh ng\u1ecdt , bao g\u1ed3m m\u00e1y l\u00e0m crepe v\u00e0 waffle, t\u1ea5t c\u1ea3 \u0111\u1ec1u \u0111\u01b0\u1ee3c thi\u1ebft k\u1ebf \u0111\u1ec3 v\u1eadn h\u00e0nh hi\u1ec7u qu\u1ea3, d\u1ec5 s\u1eed d\u1ee5ng. Li\u00ean h\u1ec7 ngay \u0111\u1ec3 t\u00ecm hi\u1ec3u c\u00e1ch c\u00e1c m\u00e1y m\u00f3c th\u1ef1c ph\u1ea9m c\u1ee7a ch\u00fang t\u00f4i c\u00f3 th\u1ec3 gi\u00fap n\u00e2ng c\u1ea5p quy tr\u00ecnh s\u1ea3n xu\u1ea5t v\u00e0 ph\u00e1t tri\u1ec3n doanh nghi\u1ec7p c\u1ee7a b\u1ea1n.<\/p>    <figure class=\"wp-block-image size-full\"><img loading=\"lazy\" decoding=\"async\" width=\"720\" height=\"540\" src=\"https:\/\/topfoodmachine.com\/wp-content\/uploads\/2024\/07\/Pancake-making-machine-display.webp\" alt=\"tr\u01b0ng b\u00e0y m\u00e1y l\u00e0m b\u00e1nh pancake\" class=\"wp-image-1439\" srcset=\"https:\/\/topfoodmachine.com\/wp-content\/uploads\/2024\/07\/Pancake-making-machine-display.webp 720w, https:\/\/topfoodmachine.com\/wp-content\/uploads\/2024\/07\/Pancake-making-machine-display-300x225.webp 300w, https:\/\/topfoodmachine.com\/wp-content\/uploads\/2024\/07\/Pancake-making-machine-display-16x12.webp 16w\" sizes=\"auto, (max-width: 720px) 100vw, 720px\" \/><figcaption class=\"wp-element-caption\">tr\u01b0ng b\u00e0y m\u00e1y l\u00e0m b\u00e1nh pancake<\/figcaption><\/figure>","protected":false},"excerpt":{"rendered":"<p>M\u00e1y l\u00e0m b\u00e1nh pancake c\u1ee7a ch\u00fang t\u00f4i c\u00f3 th\u1ec3 \u0111\u1ea1t hi\u1ec7u qu\u1ea3 v\u00e0 s\u1ea3n xu\u1ea5t b\u00e1nh pancake \u0111\u1ed3ng \u0111\u1ec1u, cung c\u1ea5p c\u00e1c t\u00f9y ch\u1ecdn l\u00e0m n\u00f3ng b\u1eb1ng \u0111i\u1ec7n v\u00e0 kh\u00ed n\u00e9n \u0111\u1ec3 \u0111\u00e1p \u1ee9ng c\u00e1c nhu c\u1ea7u v\u1eadn h\u00e0nh kh\u00e1c nhau.<\/p>","protected":false},"author":1,"featured_media":1432,"parent":0,"template":"","tags":[30,51,50,25],"product-type":[6],"class_list":["post-1430","product","type-product","status-publish","has-post-thumbnail","hentry","tag-food-machine","tag-food-processing","tag-pancake","tag-pastry","product-type-pastry-production-machine"],"_links":{"self":[{"href":"https:\/\/topfoodmachine.com\/vi\/wp-json\/wp\/v2\/product\/1430","targetHints":{"allow":["GET"]}}],"collection":[{"href":"https:\/\/topfoodmachine.com\/vi\/wp-json\/wp\/v2\/product"}],"about":[{"href":"https:\/\/topfoodmachine.com\/vi\/wp-json\/wp\/v2\/types\/product"}],"author":[{"embeddable":true,"href":"https:\/\/topfoodmachine.com\/vi\/wp-json\/wp\/v2\/users\/1"}],"wp:featuredmedia":[{"embeddable":true,"href":"https:\/\/topfoodmachine.com\/vi\/wp-json\/wp\/v2\/media\/1432"}],"wp:attachment":[{"href":"https:\/\/topfoodmachine.com\/vi\/wp-json\/wp\/v2\/media?parent=1430"}],"wp:term":[{"taxonomy":"post_tag","embeddable":true,"href":"https:\/\/topfoodmachine.com\/vi\/wp-json\/wp\/v2\/tags?post=1430"},{"taxonomy":"product-type","embeddable":true,"href":"https:\/\/topfoodmachine.com\/vi\/wp-json\/wp\/v2\/product-type?post=1430"}],"curies":[{"name":"wp","href":"https:\/\/api.w.org\/{rel}","templated":true}]}}