{"id":1392,"date":"2024-06-06T11:49:21","date_gmt":"2024-06-06T03:49:21","guid":{"rendered":"https:\/\/topfoodmachine.com\/?post_type=product&#038;p=1392"},"modified":"2024-06-06T13:58:00","modified_gmt":"2024-06-06T05:58:00","slug":"frying-machine-deep-fryer","status":"publish","type":"product","link":"https:\/\/topfoodmachine.com\/vi\/product\/frying-machine-deep-fryer\/","title":{"rendered":"M\u00e1y chi\u00ean | M\u00e1y chi\u00ean s\u00e2u"},"content":{"rendered":"<div class=\"kk-star-ratings kksr-auto kksr-align-left kksr-valign-top\"     data-payload='{&quot;align&quot;:&quot;left&quot;,&quot;id&quot;:&quot;1392&quot;,&quot;slug&quot;:&quot;default&quot;,&quot;valign&quot;:&quot;top&quot;,&quot;ignore&quot;:&quot;&quot;,&quot;reference&quot;:&quot;auto&quot;,&quot;class&quot;:&quot;&quot;,&quot;count&quot;:&quot;26&quot;,&quot;legendonly&quot;:&quot;&quot;,&quot;readonly&quot;:&quot;&quot;,&quot;score&quot;:&quot;4.6&quot;,&quot;starsonly&quot;:&quot;&quot;,&quot;best&quot;:&quot;5&quot;,&quot;gap&quot;:&quot;5&quot;,&quot;greet&quot;:&quot;Rate this product&quot;,&quot;legend&quot;:&quot;4.6\\\/5 - (26 b\u00ecnh ch\u1ecdn)&quot;,&quot;size&quot;:&quot;24&quot;,&quot;title&quot;:&quot;Frying machine | Deep fryer&quot;,&quot;width&quot;:&quot;130.9&quot;,&quot;_legend&quot;:&quot;{score}\\\/{best} - ({count} {votes})&quot;,&quot;font_factor&quot;:&quot;1.25&quot;}'>              <div class=\"kksr-stars\">      <div class=\"kksr-stars-inactive\">             <div class=\"kksr-star\" data-star=\"1\" style=\"padding-right: 5px\">               <div class=\"kksr-icon\" style=\"width: 24px; height: 24px;\"><\/div>         <\/div>             <div class=\"kksr-star\" data-star=\"2\" style=\"padding-right: 5px\">               <div class=\"kksr-icon\" style=\"width: 24px; height: 24px;\"><\/div>         <\/div>             <div class=\"kksr-star\" data-star=\"3\" style=\"padding-right: 5px\">               <div class=\"kksr-icon\" style=\"width: 24px; height: 24px;\"><\/div>         <\/div>             <div class=\"kksr-star\" data-star=\"4\" style=\"padding-right: 5px\">               <div class=\"kksr-icon\" style=\"width: 24px; height: 24px;\"><\/div>         <\/div>             <div class=\"kksr-star\" data-star=\"5\" style=\"padding-right: 5px\">               <div class=\"kksr-icon\" style=\"width: 24px; height: 24px;\"><\/div>         <\/div>     <\/div>      <div class=\"kksr-stars-active\" style=\"width: 130.9px;\">             <div class=\"kksr-star\" style=\"padding-right: 5px\">               <div class=\"kksr-icon\" style=\"width: 24px; height: 24px;\"><\/div>         <\/div>             <div class=\"kksr-star\" style=\"padding-right: 5px\">               <div class=\"kksr-icon\" style=\"width: 24px; height: 24px;\"><\/div>         <\/div>             <div class=\"kksr-star\" style=\"padding-right: 5px\">               <div class=\"kksr-icon\" style=\"width: 24px; height: 24px;\"><\/div>         <\/div>             <div class=\"kksr-star\" style=\"padding-right: 5px\">               <div class=\"kksr-icon\" style=\"width: 24px; height: 24px;\"><\/div>         <\/div>             <div class=\"kksr-star\" style=\"padding-right: 5px\">               <div class=\"kksr-icon\" style=\"width: 24px; height: 24px;\"><\/div>         <\/div>     <\/div> <\/div>                   <div class=\"kksr-legend\" style=\"font-size: 19.2px;\">             4.6\/5 - (26 l\u01b0\u1ee3t b\u00ecnh ch\u1ecdn)    <\/div>     <\/div>  <p>M\u00e1y chi\u00ean s\u00e2u l\u00e0 thi\u1ebft b\u1ecb chu\u1ea9n b\u1ecb th\u1ee9c \u0103n nhanh \u0111\u01b0\u1ee3c s\u1eed d\u1ee5ng r\u1ed9ng r\u00e3i trong ng\u00e0nh nh\u00e0 h\u00e0ng v\u00e0 c\u00e1c nh\u00e0 m\u00e1y ch\u1ebf bi\u1ebfn th\u1ef1c ph\u1ea9m. D\u00f2ng s\u1ea3n ph\u1ea9m c\u1ee7a ch\u00fang t\u00f4i bao g\u1ed3m ba m\u1eabu: lo\u1ea1i h\u00ecnh vu\u00f4ng b\u00e1n t\u1ef1 \u0111\u1ed9ng, lo\u1ea1i n\u1ed3i tr\u00f2n v\u00e0 lo\u1ea1i ho\u00e0n to\u00e0n t\u1ef1 \u0111\u1ed9ng li\u00ean t\u1ee5c. M\u1ed7i m\u1eabu c\u00f3 th\u1ec3 \u0111\u01b0\u1ee3c t\u00f9y ch\u1ec9nh v\u1edbi t\u00f9y ch\u1ecdn s\u01b0\u1edfi \u1ea5m b\u1eb1ng \u0111i\u1ec7n ho\u1eb7c gas.<\/p>    <p>V\u1edbi nhi\u1ec7t \u0111\u1ed9 t\u1ed1i \u0111a 180 \u0111\u1ed9 C, m\u00e1y chi\u00ean c\u1ee7a ch\u00fang t\u00f4i \u0111\u1ea3m b\u1ea3o l\u00e0m n\u00f3ng nhanh ch\u00f3ng v\u00e0 \u0111\u1ed3ng \u0111\u1ec1u c\u00e1c nguy\u00ean li\u1ec7u, b\u1ea3o t\u1ed3n h\u01b0\u01a1ng v\u1ecb v\u00e0 ch\u1ea5t dinh d\u01b0\u1ee1ng c\u1ee7a ch\u00fang. \u0110\u1ec3 gi\u1ea3m thi\u1ec3u lao \u0111\u1ed9ng th\u1ee7 c\u00f4ng, ch\u00fang t\u00f4i cung c\u1ea5p t\u00f9y ch\u1ecdn th\u00eam c\u00e1c ph\u1ec5u c\u1ea5p li\u1ec7u b\u1ed5 sung, k\u00e9o d\u00e0i chu k\u1ef3 s\u1ea3n xu\u1ea5t v\u00e0 gi\u1ea3m nhu c\u1ea7u can thi\u1ec7p c\u1ee7a con ng\u01b0\u1eddi, t\u1eeb \u0111\u00f3 n\u00e2ng cao hi\u1ec7u qu\u1ea3 s\u1ea3n xu\u1ea5t.<\/p>    <figure class=\"wp-block-image size-full\"><img loading=\"lazy\" decoding=\"async\" width=\"720\" height=\"540\" src=\"https:\/\/topfoodmachine.com\/wp-content\/uploads\/2024\/06\/automatic-deep-fryer.webp\" alt=\"m\u00e1y chi\u00ean s\u00e2u t\u1ef1 \u0111\u1ed9ng\" class=\"wp-image-1394\" srcset=\"https:\/\/topfoodmachine.com\/wp-content\/uploads\/2024\/06\/automatic-deep-fryer.webp 720w, https:\/\/topfoodmachine.com\/wp-content\/uploads\/2024\/06\/automatic-deep-fryer-300x225.webp 300w, https:\/\/topfoodmachine.com\/wp-content\/uploads\/2024\/06\/automatic-deep-fryer-16x12.webp 16w\" sizes=\"auto, (max-width: 720px) 100vw, 720px\" \/><figcaption class=\"wp-element-caption\">m\u00e1y chi\u00ean s\u00e2u t\u1ef1 \u0111\u1ed9ng<\/figcaption><\/figure>    <h2 class=\"wp-block-heading\"><strong>M\u00e1y chi\u00ean \u0111a d\u1ea1ng cho nhu c\u1ea7u c\u1ee7a b\u1ea1n<\/strong><strong><\/strong><\/h2>    <p>D\u00f2ng m\u00e1y chi\u00ean c\u1ee7a ch\u00fang t\u00f4i bao g\u1ed3m ba lo\u1ea1i ch\u00ednh: lo\u1ea1i h\u00ecnh vu\u00f4ng b\u00e1n t\u1ef1 \u0111\u1ed9ng, lo\u1ea1i n\u1ed3i tr\u00f2n v\u00e0 lo\u1ea1i ho\u00e0n to\u00e0n t\u1ef1 \u0111\u1ed9ng li\u00ean t\u1ee5c. M\u1ed7i lo\u1ea1i cung c\u1ea5p c\u00e1c t\u00ednh n\u0103ng v\u00e0 ch\u1ee9c n\u0103ng \u0111\u1ed9c \u0111\u00e1o \u0111\u1ec3 \u0111\u00e1p \u1ee9ng c\u00e1c y\u00eau c\u1ea7u kh\u00e1c nhau c\u1ee7a kh\u00e1ch h\u00e0ng.<\/p>    <h3 class=\"wp-block-heading\"><strong>Lo\u1ea1i h\u00ecnh vu\u00f4ng b\u00e1n t\u1ef1 \u0111\u1ed9ng<\/strong><\/h3>    <div class=\"wp-block-media-text is-stacked-on-mobile\"><figure class=\"wp-block-media-text__media\"><img loading=\"lazy\" decoding=\"async\" width=\"720\" height=\"540\" src=\"https:\/\/topfoodmachine.com\/wp-content\/uploads\/2024\/06\/Semi-automatic-Square-Type-deep-frying-machine.webp\" alt=\"M\u00e1y chi\u00ean ki\u1ec3u vu\u00f4ng b\u00e1n t\u1ef1 \u0111\u1ed9ng\" class=\"wp-image-1395 size-full\" srcset=\"https:\/\/topfoodmachine.com\/wp-content\/uploads\/2024\/06\/Semi-automatic-Square-Type-deep-frying-machine.webp 720w, https:\/\/topfoodmachine.com\/wp-content\/uploads\/2024\/06\/Semi-automatic-Square-Type-deep-frying-machine-300x225.webp 300w, https:\/\/topfoodmachine.com\/wp-content\/uploads\/2024\/06\/Semi-automatic-Square-Type-deep-frying-machine-16x12.webp 16w\" sizes=\"auto, (max-width: 720px) 100vw, 720px\" \/><\/figure><div class=\"wp-block-media-text__content\"> <p>M\u00e1y chi\u00ean n\u00e0y y\u00eau c\u1ea7u v\u1eadn h\u00e0nh th\u1ee7 c\u00f4ng, cung c\u1ea5p giao di\u1ec7n th\u00e2n thi\u1ec7n v\u1edbi ng\u01b0\u1eddi d\u00f9ng \u0111\u1ec3 qu\u1ea3n l\u00fd vi\u1ec7c n\u1ea1p v\u00e0 l\u1ea5y nguy\u00ean li\u1ec7u, \u0111\u1ea3m b\u1ea3o quy tr\u00ecnh chi\u00ean ch\u00ednh x\u00e1c v\u00e0 an to\u00e0n. <\/p>    <p>Ngo\u00e0i ra, c\u00e1c gi\u1ecf chi\u00ean d\u1ec5 d\u00e0ng th\u00e1o r\u1eddi \u0111\u1ec3 thu\u1eadn ti\u1ec7n cho vi\u1ec7c v\u1ec7 sinh v\u00e0 b\u1ea3o tr\u00ec.<\/p> <\/div><\/div>    <h3 class=\"wp-block-heading\"><strong>Lo\u1ea1i h\u00ecnh tr\u00f2n<\/strong><\/h3>    <div class=\"wp-block-media-text has-media-on-the-right is-stacked-on-mobile\"><div class=\"wp-block-media-text__content\"> <p>X\u00e2y d\u1ef1ng d\u1ef1a tr\u00ean lo\u1ea1i h\u00ecnh vu\u00f4ng b\u00e1n t\u1ef1 \u0111\u1ed9ng, m\u00e1y chi\u00ean n\u1ed3i tr\u00f2n t\u00edch h\u1ee3p ch\u1ee9c n\u0103ng khu\u1ea5y \u0111\u1ec3 l\u00e0m n\u00f3ng nguy\u00ean li\u1ec7u \u0111\u1ec1u h\u01a1n. <\/p>    <p>H\u01a1n n\u1eefa, n\u00f3 c\u00f2n c\u00f3 kh\u1ea3 n\u0103ng ph\u00e2n ph\u1ed1i t\u1ef1 \u0111\u1ed9ng, n\u00e2ng cao hi\u1ec7u qu\u1ea3 s\u1ea3n xu\u1ea5t h\u01a1n n\u1eefa.<\/p> <\/div><figure class=\"wp-block-media-text__media\"><img loading=\"lazy\" decoding=\"async\" width=\"720\" height=\"540\" src=\"https:\/\/topfoodmachine.com\/wp-content\/uploads\/2024\/06\/Round-Pot-Type-frying-machine.webp\" alt=\"M\u00e1y chi\u00ean ki\u1ec3u n\u1ed3i tr\u00f2n\" class=\"wp-image-1396 size-full\" srcset=\"https:\/\/topfoodmachine.com\/wp-content\/uploads\/2024\/06\/Round-Pot-Type-frying-machine.webp 720w, https:\/\/topfoodmachine.com\/wp-content\/uploads\/2024\/06\/Round-Pot-Type-frying-machine-300x225.webp 300w, https:\/\/topfoodmachine.com\/wp-content\/uploads\/2024\/06\/Round-Pot-Type-frying-machine-16x12.webp 16w\" sizes=\"auto, (max-width: 720px) 100vw, 720px\" \/><\/figure><\/div>    <h3 class=\"wp-block-heading\"><strong>Lo\u1ea1i ho\u00e0n to\u00e0n t\u1ef1 \u0111\u1ed9ng li\u00ean t\u1ee5c<\/strong><\/h3>    <div class=\"wp-block-media-text is-stacked-on-mobile\"><figure class=\"wp-block-media-text__media\"><img loading=\"lazy\" decoding=\"async\" width=\"720\" height=\"540\" src=\"https:\/\/topfoodmachine.com\/wp-content\/uploads\/2024\/06\/Continuous-Fully-Automatic-Type-frying-machine.webp\" alt=\"M\u00e1y chi\u00ean ho\u00e0n to\u00e0n t\u1ef1 \u0111\u1ed9ng li\u00ean t\u1ee5c\" class=\"wp-image-1397 size-full\" srcset=\"https:\/\/topfoodmachine.com\/wp-content\/uploads\/2024\/06\/Continuous-Fully-Automatic-Type-frying-machine.webp 720w, https:\/\/topfoodmachine.com\/wp-content\/uploads\/2024\/06\/Continuous-Fully-Automatic-Type-frying-machine-300x225.webp 300w, https:\/\/topfoodmachine.com\/wp-content\/uploads\/2024\/06\/Continuous-Fully-Automatic-Type-frying-machine-16x12.webp 16w\" sizes=\"auto, (max-width: 720px) 100vw, 720px\" \/><\/figure><div class=\"wp-block-media-text__content\"> <p>\u0110\u01b0\u1ee3c trang b\u1ecb c\u1ea5u tr\u00fac b\u0103ng t\u1ea3i, m\u00e1y chi\u00ean n\u00e0y t\u1ea1o \u0111i\u1ec1u ki\u1ec7n cho vi\u1ec7c v\u1eadn chuy\u1ec3n nguy\u00ean li\u1ec7u li\u00ean t\u1ee5c, t\u0103ng c\u01b0\u1eddng \u0111\u00e1ng k\u1ec3 hi\u1ec7u qu\u1ea3 s\u1ea3n xu\u1ea5t. Thi\u1ebft k\u1ebf b\u0103ng t\u1ea3i c\u0169ng \u0111\u01a1n gi\u1ea3n h\u00f3a c\u00e1c nhi\u1ec7m v\u1ee5 v\u1ec7 sinh v\u00e0 b\u1ea3o tr\u00ec. <\/p>    <p>M\u1eabu n\u00e0y cung c\u1ea5p t\u00f9y ch\u1ecdn t\u00f9y ch\u1ec9nh cho k\u00edch th\u01b0\u1edbc, \u0111\u01b0\u1eddng k\u00ednh l\u1ed7 v\u00e0 chi\u1ec1u r\u1ed9ng \u0111\u1ec3 \u0111\u00e1p \u1ee9ng c\u00e1c y\u00eau c\u1ea7u s\u1ea3n xu\u1ea5t c\u1ee5 th\u1ec3.<\/p> <\/div><\/div>    <h2 class=\"wp-block-heading\"><strong>\u1ee8ng d\u1ee5ng c\u1ee7a m\u00e1y chi\u00ean<\/strong><strong><\/strong><\/h2>    <p>M\u00e1y chi\u00ean&nbsp;\u0111\u01b0\u1ee3c \u1ee9ng d\u1ee5ng r\u1ed9ng r\u00e3i trong nhi\u1ec1u m\u00f4i tr\u01b0\u1eddng kh\u00e1c nhau, \u0111\u1eb7c bi\u1ec7t l\u00e0 trong ng\u00e0nh nh\u00e0 h\u00e0ng v\u00e0 c\u00e1c l\u0129nh v\u1ef1c ch\u1ebf bi\u1ebfn th\u1ef1c ph\u1ea9m. <\/p>    <p>T\u1ea1i c\u00e1c nh\u00e0 h\u00e0ng v\u00e0 c\u1eeda h\u00e0ng th\u1ee9c \u0103n nhanh, m\u00e1y chi\u00ean s\u00e2u l\u00e0 thi\u1ebft b\u1ecb quan tr\u1ecdng \u0111\u1ec3 chu\u1ea9n b\u1ecb nhi\u1ec1u lo\u1ea1i th\u1ef1c ph\u1ea9m chi\u00ean nh\u01b0 khoai t\u00e2y chi\u00ean, mi\u1ebfng g\u00e0, c\u00e1 phi l\u00ea v\u00e0 nhi\u1ec1u h\u01a1n n\u1eefa. Vi\u1ec7c l\u00e0m n\u00f3ng nhanh ch\u00f3ng v\u00e0 kh\u1ea3 n\u0103ng s\u1ea3n xu\u1ea5t hi\u1ec7u qu\u1ea3 cho ph\u00e9p c\u00e1c c\u01a1 s\u1edf \u0111\u00e1p \u1ee9ng nhanh ch\u00f3ng nhu c\u1ea7u c\u1ee7a kh\u00e1ch h\u00e0ng, cung c\u1ea5p c\u00e1c m\u00f3n \u0103n gi\u00f2n r\u1ee5m, v\u00e0ng \u01b0\u01a1m.<\/p>    <p>Trong c\u00e1c nh\u00e0 m\u00e1y ch\u1ebf bi\u1ebfn th\u1ef1c ph\u1ea9m, m\u00e1y chi\u00ean c\u0169ng \u0111\u00f3ng vai tr\u00f2 quan tr\u1ecdng. N\u00f3 \u0111\u01b0\u1ee3c s\u1eed d\u1ee5ng \u0111\u1ec3 s\u1ea3n xu\u1ea5t quy m\u00f4 l\u1edbn c\u00e1c m\u00f3n \u0103n chi\u00ean, bao g\u1ed3m th\u1ef1c ph\u1ea9m \u0111\u00f4ng l\u1ea1nh v\u00e0 \u0111\u1ed3 \u0103n nh\u1eb9. C\u00e1c t\u00ednh n\u0103ng t\u00f9y ch\u1ec9nh c\u1ee7a n\u00f3 cho ph\u00e9p c\u00e1c nh\u00e0 s\u1ea3n xu\u1ea5t linh ho\u1ea1t \u0111i\u1ec1u ch\u1ec9nh s\u1ea3n xu\u1ea5t theo nhu c\u1ea7u th\u1ecb tr\u01b0\u1eddng v\u00e0 th\u00f4ng s\u1ed1 s\u1ea3n ph\u1ea9m, ph\u1ee5c v\u1ee5 cho c\u00e1c y\u00eau c\u1ea7u \u0111a d\u1ea1ng c\u1ee7a kh\u00e1ch h\u00e0ng.<\/p>    <figure class=\"wp-block-image size-full\"><img loading=\"lazy\" decoding=\"async\" width=\"720\" height=\"540\" src=\"https:\/\/topfoodmachine.com\/wp-content\/uploads\/2024\/06\/commercial-deep-fryer.webp\" alt=\"m\u00e1y chi\u00ean s\u00e2u th\u01b0\u01a1ng m\u1ea1i\" class=\"wp-image-1398\" srcset=\"https:\/\/topfoodmachine.com\/wp-content\/uploads\/2024\/06\/commercial-deep-fryer.webp 720w, https:\/\/topfoodmachine.com\/wp-content\/uploads\/2024\/06\/commercial-deep-fryer-300x225.webp 300w, https:\/\/topfoodmachine.com\/wp-content\/uploads\/2024\/06\/commercial-deep-fryer-16x12.webp 16w\" sizes=\"auto, (max-width: 720px) 100vw, 720px\" \/><figcaption class=\"wp-element-caption\">m\u00e1y chi\u00ean s\u00e2u th\u01b0\u01a1ng m\u1ea1i<\/figcaption><\/figure>    <p>H\u01a1n n\u1eefa, m\u00e1y chi\u00ean s\u00e2u th\u01b0\u1eddng \u0111\u01b0\u1ee3c th\u1ea5y trong c\u00e1c s\u1ef1 ki\u1ec7n quy m\u00f4 l\u1edbn v\u00e0 ti\u1ec7c t\u00f9ng. Ch\u00fang t\u1ea1o \u0111i\u1ec1u ki\u1ec7n cho vi\u1ec7c chu\u1ea9n b\u1ecb nhanh ch\u00f3ng m\u1ed9t l\u01b0\u1ee3ng l\u1edbn th\u1ef1c ph\u1ea9m chi\u00ean, cung c\u1ea5p cho ng\u01b0\u1eddi tham d\u1ef1 c\u00e1c t\u00f9y ch\u1ecdn \u0103n nh\u1eb9 ngon mi\u1ec7ng v\u00e0 n\u00e2ng cao s\u1ef1 s\u00f4i \u0111\u1ed9ng v\u00e0 ni\u1ec1m vui c\u1ee7a d\u1ecbp n\u00e0y.<\/p>    <p>T\u1ed5ng th\u1ec3, m\u00e1y chi\u00ean r\u1ea5t \u0111a n\u0103ng trong nhi\u1ec1u m\u00f4i tr\u01b0\u1eddng kh\u00e1c nhau, cho d\u00f9 trong c\u00e1c qu\u00e1n \u0103n quy m\u00f4 nh\u1ecf hay c\u00e1c nh\u00e0 m\u00e1y quy m\u00f4 l\u1edbn, t\u1eadn d\u1ee5ng hi\u1ec7u qu\u1ea3 v\u00e0 t\u1ed1c \u0111\u1ed9 c\u1ee7a ch\u00fang \u0111\u1ec3 cung c\u1ea5p th\u1ef1c ph\u1ea9m chi\u00ean ch\u1ea5t l\u01b0\u1ee3ng cao cho ng\u01b0\u1eddi ti\u00eau d\u00f9ng.<\/p>    <h2 class=\"wp-block-heading\"><strong>L\u1ee3i \u00edch c\u1ee7a vi\u1ec7c mua m\u00e1y chi\u00ean s\u00e2u<\/strong>m\u00e1y chi\u00ean<\/h2>    <figure class=\"wp-block-image size-full\"><img loading=\"lazy\" decoding=\"async\" width=\"720\" height=\"540\" src=\"https:\/\/topfoodmachine.com\/wp-content\/uploads\/2024\/06\/details-of-frying-machine.webp\" alt=\"chi ti\u1ebft c\u1ee7a m\u00e1y chi\u00ean\" class=\"wp-image-1399\" srcset=\"https:\/\/topfoodmachine.com\/wp-content\/uploads\/2024\/06\/details-of-frying-machine.webp 720w, https:\/\/topfoodmachine.com\/wp-content\/uploads\/2024\/06\/details-of-frying-machine-300x225.webp 300w, https:\/\/topfoodmachine.com\/wp-content\/uploads\/2024\/06\/details-of-frying-machine-16x12.webp 16w\" sizes=\"auto, (max-width: 720px) 100vw, 720px\" \/><figcaption class=\"wp-element-caption\">chi ti\u1ebft c\u1ee7a m\u00e1y chi\u00ean<\/figcaption><\/figure>    <ul class=\"wp-block-list\"> <li>C\u1ea3i thi\u1ec7n hi\u1ec7u qu\u1ea3 s\u1ea3n xu\u1ea5t: M\u00e1y chi\u00ean s\u00e2u c\u00f3 th\u1ec3 l\u00e0m n\u00f3ng v\u00e0 x\u1eed l\u00fd nguy\u00ean li\u1ec7u nhanh ch\u00f3ng v\u00e0 li\u00ean t\u1ee5c, n\u00e2ng cao \u0111\u00e1ng k\u1ec3 hi\u1ec7u qu\u1ea3 s\u1ea3n xu\u1ea5t th\u1ef1c ph\u1ea9m. So v\u1edbi vi\u1ec7c chi\u00ean th\u1ee7 c\u00f4ng, m\u00e1y chi\u00ean s\u00e2u c\u00f3 th\u1ec3 s\u1ea3n xu\u1ea5t hi\u1ec7u qu\u1ea3 s\u1ed1 l\u01b0\u1ee3ng l\u1edbn th\u1ef1c ph\u1ea9m trong th\u1eddi gian ng\u1eafn, ti\u1ebft ki\u1ec7m chi ph\u00ed lao \u0111\u1ed9ng v\u00e0 th\u1eddi gian.<\/li>    <li>Duy tr\u00ec ch\u1ea5t l\u01b0\u1ee3ng th\u1ef1c ph\u1ea9m: M\u00e1y chi\u00ean s\u00e2u cho ph\u00e9p ki\u1ec3m so\u00e1t ch\u00ednh x\u00e1c nhi\u1ec7t \u0111\u1ed9 d\u1ea7u v\u00e0 th\u1eddi gian chi\u00ean, \u0111\u1ea3m b\u1ea3o th\u1ef1c ph\u1ea9m \u0111\u01b0\u1ee3c l\u00e0m n\u00f3ng \u0111\u1ec1u v\u00e0 duy tr\u00ec h\u01b0\u01a1ng v\u1ecb, m\u00e0u s\u1eafc v\u00e0 ch\u1ea5t dinh d\u01b0\u1ee1ng. \u0110i\u1ec1u n\u00e0y g\u00f3p ph\u1ea7n cung c\u1ea5p th\u1ef1c ph\u1ea9m chi\u00ean ch\u1ea5t l\u01b0\u1ee3ng cao \u0111\u00e1p \u1ee9ng s\u1edf th\u00edch c\u1ee7a ng\u01b0\u1eddi ti\u00eau d\u00f9ng.<\/li>    <li>M\u1edf r\u1ed9ng t\u00f9y ch\u1ecdn th\u1ef1c \u0111\u01a1n: M\u00e1y chi\u00ean s\u00e2u c\u00f3 th\u1ec3 chu\u1ea9n b\u1ecb nhi\u1ec1u lo\u1ea1i th\u1ef1c ph\u1ea9m chi\u00ean, bao g\u1ed3m khoai t\u00e2y chi\u00ean, mi\u1ebfng g\u00e0, c\u00e1 phi l\u00ea, ch\u1ea3 gi\u00f2 v\u00e0 nhi\u1ec1u h\u01a1n n\u1eefa. Vi\u1ec7c mua m\u00e1y chi\u00ean s\u00e2u c\u00f3 th\u1ec3 m\u1edf r\u1ed9ng c\u00e1c t\u00f9y ch\u1ecdn th\u1ef1c \u0111\u01a1n cho c\u00e1c nh\u00e0 h\u00e0ng ho\u1eb7c c\u01a1 s\u1edf ch\u1ebf bi\u1ebfn th\u1ef1c ph\u1ea9m, thu h\u00fat nhi\u1ec1u kh\u00e1ch h\u00e0ng h\u01a1n v\u00e0 t\u0103ng doanh s\u1ed1 b\u00e1n h\u00e0ng.<\/li>    <li>N\u00e2ng cao ti\u00eau chu\u1ea9n an to\u00e0n v\u00e0 v\u1ec7 sinh: M\u00e1y chi\u00ean s\u00e2u c\u00f3 ch\u1ee9c n\u0103ng ki\u1ec3m so\u00e1t nhi\u1ec7t \u0111\u1ed9 ch\u00ednh x\u00e1c v\u00e0 b\u1ea3o v\u1ec7 an to\u00e0n, gi\u1ea3m thi\u1ec3u r\u1ee7i ro tai n\u1ea1n trong qu\u00e1 tr\u00ecnh chi\u00ean. Ngo\u00e0i ra, thi\u1ebft k\u1ebf c\u1ee7a m\u00e1y chi\u00ean s\u00e2u t\u1ea1o \u0111i\u1ec1u ki\u1ec7n cho vi\u1ec7c v\u1ec7 sinh v\u00e0 b\u1ea3o tr\u00ec d\u1ec5 d\u00e0ng, c\u1ea3i thi\u1ec7n ti\u00eau chu\u1ea9n v\u1ec7 sinh v\u00e0 \u0111\u1ea3m b\u1ea3o an to\u00e0n th\u1ef1c ph\u1ea9m.<\/li> <\/ul>    <figure class=\"wp-block-image size-large\"><img loading=\"lazy\" decoding=\"async\" width=\"720\" height=\"540\" src=\"https:\/\/topfoodmachine.com\/wp-content\/uploads\/2024\/06\/Frying-machine-with-good-price.webp\" alt=\"M\u00e1y chi\u00ean v\u1edbi gi\u00e1 t\u1ed1t\" class=\"wp-image-1402\" srcset=\"https:\/\/topfoodmachine.com\/wp-content\/uploads\/2024\/06\/Frying-machine-with-good-price.webp 720w, https:\/\/topfoodmachine.com\/wp-content\/uploads\/2024\/06\/Frying-machine-with-good-price-300x225.webp 300w, https:\/\/topfoodmachine.com\/wp-content\/uploads\/2024\/06\/Frying-machine-with-good-price-16x12.webp 16w\" sizes=\"auto, (max-width: 720px) 100vw, 720px\" \/><figcaption class=\"wp-element-caption\">M\u00e1y chi\u00ean v\u1edbi gi\u00e1 t\u1ed1t<\/figcaption><\/figure>    <h2 class=\"wp-block-heading\">Th\u00f4ng s\u1ed1 c\u1ee7a <a href=\"https:\/\/en.wikipedia.org\/wiki\/Frying\" data-type=\"link\" data-id=\"https:\/\/en.wikipedia.org\/wiki\/Frying\" target=\"_blank\" rel=\"noopener\">chi\u00ean<\/a> m\u00e1y b\u00e1n<\/h2>    <figure class=\"wp-block-table\"><table><tbody><tr><td>M\u00d4 H\u00ccNH<\/td><td>C\u00d4NG SU\u1ea4T<br>\uff08kW\uff09<\/td><td>K\u00cdCH TH\u01af\u1edaC<br>\uff08chi\u1ec1u d\u00e0i\u00d7chi\u1ec1u r\u1ed9ng\u00d7chi\u1ec1u cao\uff09 \uff08mm\uff09<\/td><td>K\u00cdCH TH\u01af\u1edaC B\u1ec2 CHI\u00caN<br>\uff08chi\u1ec1u d\u00e0i\u00d7chi\u1ec1u r\u1ed9ng\u00d7chi\u1ec1u cao\uff09 \uff08mm\uff09<\/td><td>C\u00d4NG SU\u1ea4T D\u1ea6U<br>\uff08Kg\uff09<\/td><\/tr><tr><td>KS-400<\/td><td>6<\/td><td>480\u00d7640\u00d7900<\/td><td>400\u00d7440\u00d7280<\/td><td>28<\/td><\/tr><tr><td>KS-500<\/td><td>6\/9<\/td><td>580\u00d7640\u00d7900<\/td><td>500\u00d7440\u00d7280<\/td><td>35<\/td><\/tr><tr><td>KS-600<\/td><td>12<\/td><td>680\u00d7640\u00d7900<\/td><td>600\u00d7440\u00d7280<\/td><td>40<\/td><\/tr><tr><td>KS-650<\/td><td>12<\/td><td>730\u00d7640\u00d7840<\/td><td>650\u00d7440\u00d7280<\/td><td>45<\/td><\/tr><tr><td>KS-750S\uff08dual-tank\uff09<\/td><td>4.5\/6.0<\/td><td>840\u00d7640\u00d7900<\/td><td>300\/450\u00d7440\u00d7260<\/td><td>20\/32<\/td><\/tr><tr><td>KS-800<\/td><td>15<\/td><td>880\u00d7640\u00d7900<\/td><td>800\u00d7440\u00d7280<\/td><td>55<\/td><\/tr><tr><td>KS-850<\/td><td>15\/18<\/td><td>930\u00d7640\u00d7900<\/td><td>850\u00d7440\u00d7280<\/td><td>58<\/td><\/tr><tr><td>KS-1000<\/td><td>18\/24<\/td><td>1080\u00d7650\u00d7950<\/td><td>1000\u00d7450\u00d7300<\/td><td>70<\/td><\/tr><tr><td>KS-1200<\/td><td>24\/36<\/td><td>1280\u00d7750\u00d71200<\/td><td>1200\u00d7550\u00d7260<\/td><td>88<\/td><\/tr><tr><td>KS-1500<\/td><td>36<\/td><td>1580\u00d7650\u00d7950<\/td><td>1500\u00d7450\u00d7300<\/td><td>100<\/td><\/tr><tr><td>KS-2000<\/td><td>48<\/td><td>2080\u00d7600\u00d7950<\/td><td>2000\u00d7500\u00d7300<\/td><td>166<\/td><\/tr><tr><td>KS-3000<\/td><td>72<\/td><td>3160\u00d7760\u00d71050<\/td><td>3000\u00d7600\u00d7400<\/td><td>400<\/td><\/tr><\/tbody><\/table><figcaption class=\"wp-element-caption\">th\u00f4ng s\u1ed1 m\u00e1y chi\u00ean s\u00e2u<\/figcaption><\/figure>    <figure class=\"wp-block-gallery has-nested-images columns-default is-cropped wp-block-gallery-2 is-layout-flex wp-block-gallery-is-layout-flex\"> <figure class=\"wp-block-image size-large\"><img loading=\"lazy\" decoding=\"async\" width=\"720\" height=\"540\" data-id=\"1400\" src=\"https:\/\/topfoodmachine.com\/wp-content\/uploads\/2024\/06\/fryer-machine-for-business.webp\" alt=\"m\u00e1y chi\u00ean cho doanh nghi\u1ec7p\" class=\"wp-image-1400\" srcset=\"https:\/\/topfoodmachine.com\/wp-content\/uploads\/2024\/06\/fryer-machine-for-business.webp 720w, https:\/\/topfoodmachine.com\/wp-content\/uploads\/2024\/06\/fryer-machine-for-business-300x225.webp 300w, https:\/\/topfoodmachine.com\/wp-content\/uploads\/2024\/06\/fryer-machine-for-business-16x12.webp 16w\" sizes=\"auto, (max-width: 720px) 100vw, 720px\" \/><figcaption class=\"wp-element-caption\">m\u00e1y chi\u00ean cho doanh nghi\u1ec7p<\/figcaption><\/figure>    <figure class=\"wp-block-image size-large\"><img loading=\"lazy\" decoding=\"async\" width=\"720\" height=\"540\" data-id=\"1401\" src=\"https:\/\/topfoodmachine.com\/wp-content\/uploads\/2024\/06\/Frying-machine-for-sale.webp\" alt=\"M\u00e1y chi\u00ean b\u00e1n\" class=\"wp-image-1401\" srcset=\"https:\/\/topfoodmachine.com\/wp-content\/uploads\/2024\/06\/Frying-machine-for-sale.webp 720w, https:\/\/topfoodmachine.com\/wp-content\/uploads\/2024\/06\/Frying-machine-for-sale-300x225.webp 300w, https:\/\/topfoodmachine.com\/wp-content\/uploads\/2024\/06\/Frying-machine-for-sale-16x12.webp 16w\" sizes=\"auto, (max-width: 720px) 100vw, 720px\" \/><figcaption class=\"wp-element-caption\">M\u00e1y chi\u00ean b\u00e1n<\/figcaption><\/figure> <\/figure>    <h2 class=\"wp-block-heading\"><strong>Li\u00ean h\u1ec7 v\u1edbi ch\u00fang t\u00f4i!<\/strong><\/h2>    <p>Khi b\u1ea1n xem x\u00e9t c\u00e1c d\u1ef1 \u00e1n \u1ea9m th\u1ef1c c\u1ee7a m\u00ecnh, m\u00e1y chi\u00ean s\u00e2u c\u1ee7a ch\u00fang t\u00f4i s\u1eb5n s\u00e0ng n\u00e2ng cao tr\u1ea3i nghi\u1ec7m chi\u00ean c\u1ee7a b\u1ea1n l\u00ean m\u1ed9t t\u1ea7m cao m\u1edbi. <\/p>    <p>V\u1edbi hi\u1ec7u su\u1ea5t v\u00f4 song, ki\u1ec3m so\u00e1t ch\u00ednh x\u00e1c v\u00e0 cam k\u1ebft ch\u1ea5t l\u01b0\u1ee3ng, m\u00e1y chi\u00ean s\u00e2u c\u1ee7a ch\u00fang t\u00f4i \u0111\u1ea3m b\u1ea3o r\u1eb1ng m\u1ed7i m\u00f3n \u0103n gi\u00f2n tan \u0111\u1ec1u l\u00e0m h\u00e0i l\u00f2ng kh\u1ea9u v\u1ecb v\u00e0 \u0111\u1ec3 l\u1ea1i \u1ea5n t\u01b0\u1ee3ng l\u00e2u d\u00e0i.<\/p>    <p>Li\u00ean h\u1ec7 v\u1edbi ch\u00fang t\u00f4i ngay b\u00e2y gi\u1edd \u0111\u1ec3 h\u1ecfi v\u1ec1 m\u00e1y chi\u00ean s\u00e2u c\u1ee7a ch\u00fang t\u00f4i v\u00e0 kh\u00e1m ph\u00e1 c\u00e1ch n\u00f3 c\u00f3 th\u1ec3 c\u00e1ch m\u1ea1ng h\u00f3a ho\u1ea1t \u0111\u1ed9ng b\u1ebfp c\u1ee7a b\u1ea1n.<\/p>","protected":false},"excerpt":{"rendered":"<p>M\u00e1y chi\u00ean s\u00e2u l\u00e0 m\u1ed9t thi\u1ebft b\u1ecb chu\u1ea9n b\u1ecb th\u1ef1c ph\u1ea9m nhanh ch\u00f3ng \u0111\u01b0\u1ee3c s\u1eed d\u1ee5ng r\u1ed9ng r\u00e3i trong ng\u00e0nh nh\u00e0 h\u00e0ng v\u00e0 c\u00e1c nh\u00e0 m\u00e1y ch\u1ebf bi\u1ebfn th\u1ef1c ph\u1ea9m.<\/p>","protected":false},"author":1,"featured_media":1393,"parent":0,"template":"","tags":[44,43],"product-type":[4],"class_list":["post-1392","product","type-product","status-publish","has-post-thumbnail","hentry","tag-fryer","tag-frying-machine","product-type-frying-equipment"],"_links":{"self":[{"href":"https:\/\/topfoodmachine.com\/vi\/wp-json\/wp\/v2\/product\/1392","targetHints":{"allow":["GET"]}}],"collection":[{"href":"https:\/\/topfoodmachine.com\/vi\/wp-json\/wp\/v2\/product"}],"about":[{"href":"https:\/\/topfoodmachine.com\/vi\/wp-json\/wp\/v2\/types\/product"}],"author":[{"embeddable":true,"href":"https:\/\/topfoodmachine.com\/vi\/wp-json\/wp\/v2\/users\/1"}],"wp:featuredmedia":[{"embeddable":true,"href":"https:\/\/topfoodmachine.com\/vi\/wp-json\/wp\/v2\/media\/1393"}],"wp:attachment":[{"href":"https:\/\/topfoodmachine.com\/vi\/wp-json\/wp\/v2\/media?parent=1392"}],"wp:term":[{"taxonomy":"post_tag","embeddable":true,"href":"https:\/\/topfoodmachine.com\/vi\/wp-json\/wp\/v2\/tags?post=1392"},{"taxonomy":"product-type","embeddable":true,"href":"https:\/\/topfoodmachine.com\/vi\/wp-json\/wp\/v2\/product-type?post=1392"}],"curies":[{"name":"wp","href":"https:\/\/api.w.org\/{rel}","templated":true}]}}