{"id":1383,"date":"2024-05-24T18:18:41","date_gmt":"2024-05-24T10:18:41","guid":{"rendered":"https:\/\/topfoodmachine.com\/?post_type=product&#038;p=1383"},"modified":"2024-05-28T11:48:43","modified_gmt":"2024-05-28T03:48:43","slug":"double-head-vegetable-cutter-machine","status":"publish","type":"product","link":"https:\/\/topfoodmachine.com\/vi\/product\/double-head-vegetable-cutter-machine\/","title":{"rendered":"M\u00e1y c\u1eaft rau hai \u0111\u1ea7u"},"content":{"rendered":"<div class=\"kk-star-ratings kksr-auto kksr-align-left kksr-valign-top\"     data-payload='{&quot;align&quot;:&quot;left&quot;,&quot;id&quot;:&quot;1383&quot;,&quot;slug&quot;:&quot;default&quot;,&quot;valign&quot;:&quot;top&quot;,&quot;ignore&quot;:&quot;&quot;,&quot;reference&quot;:&quot;auto&quot;,&quot;class&quot;:&quot;&quot;,&quot;count&quot;:&quot;29&quot;,&quot;legendonly&quot;:&quot;&quot;,&quot;readonly&quot;:&quot;&quot;,&quot;score&quot;:&quot;4.6&quot;,&quot;starsonly&quot;:&quot;&quot;,&quot;best&quot;:&quot;5&quot;,&quot;gap&quot;:&quot;5&quot;,&quot;greet&quot;:&quot;Rate this product&quot;,&quot;legend&quot;:&quot;4.6\\\/5 - (29 b\u00ecnh ch\u1ecdn)&quot;,&quot;size&quot;:&quot;24&quot;,&quot;title&quot;:&quot;Double head vegetable cutter machine&quot;,&quot;width&quot;:&quot;130.9&quot;,&quot;_legend&quot;:&quot;{score}\\\/{best} - ({count} {votes})&quot;,&quot;font_factor&quot;:&quot;1.25&quot;}'>              <div class=\"kksr-stars\">      <div class=\"kksr-stars-inactive\">             <div class=\"kksr-star\" data-star=\"1\" style=\"padding-right: 5px\">               <div class=\"kksr-icon\" style=\"width: 24px; height: 24px;\"><\/div>         <\/div>             <div class=\"kksr-star\" data-star=\"2\" style=\"padding-right: 5px\">               <div class=\"kksr-icon\" style=\"width: 24px; height: 24px;\"><\/div>         <\/div>             <div class=\"kksr-star\" data-star=\"3\" style=\"padding-right: 5px\">               <div class=\"kksr-icon\" style=\"width: 24px; height: 24px;\"><\/div>         <\/div>             <div class=\"kksr-star\" data-star=\"4\" style=\"padding-right: 5px\">               <div class=\"kksr-icon\" style=\"width: 24px; height: 24px;\"><\/div>         <\/div>             <div class=\"kksr-star\" data-star=\"5\" style=\"padding-right: 5px\">               <div class=\"kksr-icon\" style=\"width: 24px; height: 24px;\"><\/div>         <\/div>     <\/div>      <div class=\"kksr-stars-active\" style=\"width: 130.9px;\">             <div class=\"kksr-star\" style=\"padding-right: 5px\">               <div class=\"kksr-icon\" style=\"width: 24px; height: 24px;\"><\/div>         <\/div>             <div class=\"kksr-star\" style=\"padding-right: 5px\">               <div class=\"kksr-icon\" style=\"width: 24px; height: 24px;\"><\/div>         <\/div>             <div class=\"kksr-star\" style=\"padding-right: 5px\">               <div class=\"kksr-icon\" style=\"width: 24px; height: 24px;\"><\/div>         <\/div>             <div class=\"kksr-star\" style=\"padding-right: 5px\">               <div class=\"kksr-icon\" style=\"width: 24px; height: 24px;\"><\/div>         <\/div>             <div class=\"kksr-star\" style=\"padding-right: 5px\">               <div class=\"kksr-icon\" style=\"width: 24px; height: 24px;\"><\/div>         <\/div>     <\/div> <\/div>                   <div class=\"kksr-legend\" style=\"font-size: 19.2px;\">             4.6\/5 - (29 l\u01b0\u1ee3t b\u00ecnh ch\u1ecdn)    <\/div>     <\/div>  <p>M\u00e1y c\u1eaft rau hai \u0111\u1ea7u l\u00e0 gi\u1ea3i ph\u00e1p t\u1ed1i \u01b0u cho nhu c\u1ea7u ch\u1ebf bi\u1ebfn rau c\u1ee7a b\u1ea1n. M\u00e1y s\u00e1ng t\u1ea1o n\u00e0y c\u00f3 hai lo\u1ea1i l\u1ed7 c\u1eaft: m\u1ed9t d\u00e0nh cho rau c\u1ee7 v\u00e0 m\u1ed9t d\u00e0nh cho rau l\u00e1. \u0110i\u1ec1u l\u00e0m cho ch\u00fang t\u00f4i n\u1ed5i b\u1eadt l\u00e0 kh\u1ea3 n\u0103ng v\u1eadn h\u00e0nh \u0111\u1ed3ng th\u1eddi c\u1ee7a hai l\u1ed7 n\u00e0y, n\u00e2ng cao hi\u1ec7u qu\u1ea3 s\u1ea3n xu\u1ea5t m\u1ed9t c\u00e1ch \u0111\u00e1ng k\u1ec3. <\/p>    <p>H\u01a1n n\u1eefa, m\u00e1y c\u1ee7a ch\u00fang t\u00f4i cho ph\u00e9p \u0111i\u1ec1u ch\u1ec9nh k\u00edch th\u01b0\u1edbc c\u1eaft, cung c\u1ea5p s\u1ef1 linh ho\u1ea1t v\u00e0 t\u00f9y ch\u1ec9nh v\u00f4 song \u0111\u1ec3 \u0111\u00e1p \u1ee9ng c\u00e1c y\u00eau c\u1ea7u c\u1ee5 th\u1ec3 c\u1ee7a b\u1ea1n. \u0110i\u1ec1u n\u00e0y l\u00e0m cho m\u00e1y c\u1ee7a ch\u00fang t\u00f4i tr\u1edf th\u00e0nh t\u00e0i s\u1ea3n kh\u00f4ng th\u1ec3 thi\u1ebfu trong d\u00e2y chuy\u1ec1n ch\u1ebf bi\u1ebfn c\u1ee7a b\u1ea1n, ti\u1ebft ki\u1ec7m th\u1eddi gian v\u00e0 chi ph\u00ed trong khi \u0111\u1ea3m b\u1ea3o s\u1ea3n ph\u1ea9m ch\u1ea5t l\u01b0\u1ee3ng cao m\u1ed9t c\u00e1ch nh\u1ea5t qu\u00e1n.<\/p>    <figure class=\"wp-block-image size-full\"><img loading=\"lazy\" decoding=\"async\" width=\"720\" height=\"540\" src=\"https:\/\/topfoodmachine.com\/wp-content\/uploads\/2024\/05\/best-multi-functional-vegetable-cutting-machine.webp\" alt=\"m\u00e1y c\u1eaft rau \u0111a ch\u1ee9c n\u0103ng t\u1ed1t nh\u1ea5t\" class=\"wp-image-1385\" srcset=\"https:\/\/topfoodmachine.com\/wp-content\/uploads\/2024\/05\/best-multi-functional-vegetable-cutting-machine.webp 720w, https:\/\/topfoodmachine.com\/wp-content\/uploads\/2024\/05\/best-multi-functional-vegetable-cutting-machine-300x225.webp 300w, https:\/\/topfoodmachine.com\/wp-content\/uploads\/2024\/05\/best-multi-functional-vegetable-cutting-machine-16x12.webp 16w\" sizes=\"auto, (max-width: 720px) 100vw, 720px\" \/><figcaption class=\"wp-element-caption\">m\u00e1y c\u1eaft rau \u0111a ch\u1ee9c n\u0103ng t\u1ed1t nh\u1ea5t<\/figcaption><\/figure>    <h2 class=\"wp-block-heading\">C\u1ea5u tr\u00fac c\u1ee7a m\u00e1y c\u1eaft rau hai \u0111\u1ea7u<\/h2>    <p>M\u00e1y c\u1eaft rau hai \u0111\u1ea7u c\u00f3 c\u1ea5u tr\u00fac tinh g\u1ecdn \u0111\u01b0\u1ee3c thi\u1ebft k\u1ebf \u0111\u1ec3 t\u1ed1i \u01b0u h\u00f3a hi\u1ec7u su\u1ea5t trong ch\u1ebf bi\u1ebfn rau. N\u00f3 bao g\u1ed3m hai c\u1ed5ng cho rau c\u1ee7, m\u1ed9t c\u1ed5ng cho rau l\u00e1, b\u0103ng t\u1ea3i \u00e9p rau, b\u0103ng t\u1ea3i v\u1eadn chuy\u1ec3n, c\u1ed5ng x\u1ea3 v\u00e0 m\u1ed9t h\u1ed9p \u0111i\u1ec1u khi\u1ec3n \u0111i\u1ec7n.<\/p>    <p>V\u1edbi c\u00e1c c\u1ed5ng chuy\u00ean d\u1ee5ng cho rau c\u1ee7 v\u00e0 rau l\u00e1, m\u00e1y n\u00e0y t\u00edch h\u1ee3p li\u1ec1n m\u1ea1ch v\u00e0o d\u00e2y chuy\u1ec1n s\u1ea3n xu\u1ea5t, cho ph\u00e9p x\u1eed l\u00fd \u0111\u1ed3ng th\u1eddi m\u00e0 kh\u00f4ng c\u1ea7n \u0111i\u1ec1u ch\u1ec9nh th\u01b0\u1eddng xuy\u00ean. B\u0103ng t\u1ea3i \u00e9p rau v\u00e0 b\u0103ng t\u1ea3i v\u1eadn chuy\u1ec3n \u0111i\u1ec1u ch\u1ec9nh d\u00f2ng ch\u1ea3y c\u1ee7a rau, \u0111\u1ea3m b\u1ea3o c\u1eaft \u0111\u1ed3ng \u0111\u1ec1u v\u00e0 gi\u1ea3m thi\u1ec3u l\u00e3ng ph\u00ed.<\/p>    <p>C\u1ed5ng x\u1ea3 cho ph\u00e9p thu th\u1eadp hi\u1ec7u qu\u1ea3 rau c\u1ee7 \u0111\u00e3 ch\u1ebf bi\u1ebfn, trong khi h\u1ed9p \u0111i\u1ec1u khi\u1ec3n \u0111i\u1ec7n cung c\u1ea5p \u0111i\u1ec1u khi\u1ec3n v\u1eadn h\u00e0nh tr\u1ef1c quan. T\u1ed5ng th\u1ec3, c\u1ea5u tr\u00fac n\u00e0y l\u00e0m n\u1ed5i b\u1eadt \u0111\u1ed9 tin c\u1eady, t\u00ednh linh ho\u1ea1t v\u00e0 kh\u1ea3 n\u0103ng \u0111\u00e1p \u1ee9ng nhu c\u1ea7u ch\u1ebf bi\u1ebfn \u0111a d\u1ea1ng c\u1ee7a m\u00e1y.<\/p>    <figure class=\"wp-block-gallery has-nested-images columns-default is-cropped wp-block-gallery-2 is-layout-flex wp-block-gallery-is-layout-flex\"> <figure class=\"wp-block-image size-large\"><img loading=\"lazy\" decoding=\"async\" width=\"720\" height=\"540\" data-id=\"1386\" src=\"https:\/\/topfoodmachine.com\/wp-content\/uploads\/2024\/05\/commercial-Double-head-vegetable-cutter-machine.webp\" alt=\"m\u00e1y c\u1eaft rau c\u1ee7 hai \u0111\u1ea7u th\u01b0\u01a1ng m\u1ea1i\" class=\"wp-image-1386\" srcset=\"https:\/\/topfoodmachine.com\/wp-content\/uploads\/2024\/05\/commercial-Double-head-vegetable-cutter-machine.webp 720w, https:\/\/topfoodmachine.com\/wp-content\/uploads\/2024\/05\/commercial-Double-head-vegetable-cutter-machine-300x225.webp 300w, https:\/\/topfoodmachine.com\/wp-content\/uploads\/2024\/05\/commercial-Double-head-vegetable-cutter-machine-16x12.webp 16w\" sizes=\"auto, (max-width: 720px) 100vw, 720px\" \/><figcaption class=\"wp-element-caption\">m\u00e1y c\u1eaft rau c\u1ee7 hai \u0111\u1ea7u th\u01b0\u01a1ng m\u1ea1i<\/figcaption><\/figure>    <figure class=\"wp-block-image size-large\"><img loading=\"lazy\" decoding=\"async\" width=\"720\" height=\"540\" data-id=\"1387\" src=\"https:\/\/topfoodmachine.com\/wp-content\/uploads\/2024\/05\/Double-head-vegetable-cutter-machine-for-business.webp\" alt=\"m\u00e1y c\u1eaft rau c\u1ee7 hai \u0111\u1ea7u cho doanh nghi\u1ec7p\" class=\"wp-image-1387\" srcset=\"https:\/\/topfoodmachine.com\/wp-content\/uploads\/2024\/05\/Double-head-vegetable-cutter-machine-for-business.webp 720w, https:\/\/topfoodmachine.com\/wp-content\/uploads\/2024\/05\/Double-head-vegetable-cutter-machine-for-business-300x225.webp 300w, https:\/\/topfoodmachine.com\/wp-content\/uploads\/2024\/05\/Double-head-vegetable-cutter-machine-for-business-16x12.webp 16w\" sizes=\"auto, (max-width: 720px) 100vw, 720px\" \/><figcaption class=\"wp-element-caption\">m\u00e1y c\u1eaft rau c\u1ee7 hai \u0111\u1ea7u cho doanh nghi\u1ec7p<\/figcaption><\/figure> <\/figure>    <h2 class=\"wp-block-heading\">M\u00e1y c\u1eaft rau ho\u1ea1t \u0111\u1ed9ng nh\u01b0 th\u1ebf n\u00e0o?<\/h2>   <div id=\"rank-math-howto\" class=\"rank-math-block\" > <div class=\"rank-math-howto-description\">  <\/div>  <div class=\"rank-math-steps\"> <div id=\"howto-step-1716537257182\" class=\"rank-math-step\"> <h3 class=\"rank-math-step-title\">1. <strong>Cho \u0103n<\/strong>g<\/h3> <div class=\"rank-math-step-content\"><p>Rau c\u1ee7 \u0111\u01b0\u1ee3c n\u1ea1p v\u00e0o m\u00e1y qua c\u00e1c c\u1ed5ng n\u1ea1p \u0111\u01b0\u1ee3c ch\u1ec9 \u0111\u1ecbnh. Nh\u1eefng c\u1ed5ng n\u00e0y th\u01b0\u1eddng \u0111\u01b0\u1ee3c thi\u1ebft k\u1ebf \u0111\u1ec3 ph\u00f9 h\u1ee3p v\u1edbi c\u00e1c lo\u1ea1i v\u00e0 k\u00edch th\u01b0\u1edbc rau c\u1ee7 kh\u00e1c nhau.<\/p> <\/div> <\/div> <div id=\"howto-step-1716537274883\" class=\"rank-math-step\"> <h3 class=\"rank-math-step-title\">2. <strong>V\u1eadn chuy\u1ec3n<\/strong><\/h3> <div class=\"rank-math-step-content\"><p>Khi \u1edf trong m\u00e1y, rau c\u1ee7 \u0111\u01b0\u1ee3c d\u1eabn d\u1eaft d\u1ecdc theo c\u00e1c b\u0103ng chuy\u1ec1n. Nh\u1eefng b\u0103ng chuy\u1ec1n n\u00e0y \u0111\u1ea3m b\u1ea3o d\u00f2ng ch\u1ea3y \u1ed5n \u0111\u1ecbnh c\u1ee7a rau c\u1ee7 qua qu\u00e1 tr\u00ecnh c\u1eaft.<\/p> <\/div> <\/div> <div id=\"howto-step-1716537291963\" class=\"rank-math-step\"> <h3 class=\"rank-math-step-title\">3. <strong>C\u01a1 ch\u1ebf c\u1eaft<\/strong><\/h3> <div class=\"rank-math-step-content\"><p>C\u01a1 ch\u1ebf c\u1eaft c\u1ee7a m\u00e1y thay \u0111\u1ed5i t\u00f9y thu\u1ed9c v\u00e0o k\u1ebft qu\u1ea3 mong mu\u1ed1n. <\/p> <\/div> <\/div> <div id=\"howto-step-1716537321795\" class=\"rank-math-step\"> <h3 class=\"rank-math-step-title\">4. <strong>\u0110i\u1ec1u ch\u1ec9nh<\/strong><\/h3> <div class=\"rank-math-step-content\"><img loading=\"lazy\" decoding=\"async\" width=\"720\" height=\"540\" src=\"https:\/\/topfoodmachine.com\/wp-content\/uploads\/2024\/05\/Double-head-vegetable-cutter-machine-in-stock.webp\" class=\"attachment-full size-full\" alt=\"M\u00e1y c\u1eaft rau c\u1ee7 hai \u0111\u1ea7u c\u00f3 s\u1eb5n trong kho\" srcset=\"https:\/\/topfoodmachine.com\/wp-content\/uploads\/2024\/05\/Double-head-vegetable-cutter-machine-in-stock.webp 720w, https:\/\/topfoodmachine.com\/wp-content\/uploads\/2024\/05\/Double-head-vegetable-cutter-machine-in-stock-300x225.webp 300w, https:\/\/topfoodmachine.com\/wp-content\/uploads\/2024\/05\/Double-head-vegetable-cutter-machine-in-stock-16x12.webp 16w\" sizes=\"auto, (max-width: 720px) 100vw, 720px\" \/><p>Ng\u01b0\u1eddi v\u1eadn h\u00e0nh c\u00f3 th\u1ec3 \u0111i\u1ec1u ch\u1ec9nh c\u01a1 ch\u1ebf c\u1eaft \u0111\u1ec3 \u0111\u1ea1t \u0111\u01b0\u1ee3c k\u00edch th\u01b0\u1edbc ho\u1eb7c ki\u1ec3u c\u1eaft c\u1ee5 th\u1ec3 d\u1ef1a tr\u00ean y\u00eau c\u1ea7u c\u1ee7a c\u00f4ng th\u1ee9c ho\u1eb7c d\u00e2y chuy\u1ec1n s\u1ea3n xu\u1ea5t.<\/p> <\/div> <\/div> <div id=\"howto-step-1716537345140\" class=\"rank-math-step\"> <h3 class=\"rank-math-step-title\">5. <strong>X\u1eed l\u00fd<\/strong><\/h3> <div class=\"rank-math-step-content\"><p>Khi rau c\u1ee7 \u0111i qua c\u01a1 ch\u1ebf c\u1eaft, ch\u00fang \u0111\u01b0\u1ee3c th\u00e1i, c\u1eaft h\u1ea1t l\u1ef1u, x\u00e9 nh\u1ecf ho\u1eb7c ch\u1ebf bi\u1ebfn theo c\u00e1c h\u00ecnh d\u1ea1ng v\u00e0 k\u00edch th\u01b0\u1edbc mong mu\u1ed1n.<\/p> <\/div> <\/div> <div id=\"howto-step-1716537358729\" class=\"rank-math-step\"> <h3 class=\"rank-math-step-title\">6. <strong>Th\u1ea3i ra<\/strong><\/h3> <div class=\"rank-math-step-content\"><p>Rau c\u1ee7 \u0111\u00e3 ch\u1ebf bi\u1ebfn tho\u00e1t ra kh\u1ecfi m\u00e1y qua c\u00e1c c\u1ed5ng x\u1ea3, n\u01a1i ch\u00fang \u0111\u01b0\u1ee3c thu th\u1eadp \u0111\u1ec3 ch\u1ebf bi\u1ebfn ho\u1eb7c \u0111\u00f3ng g\u00f3i th\u00eam.<\/p> <\/div> <\/div> <div id=\"howto-step-1716537373976\" class=\"rank-math-step\"> <h3 class=\"rank-math-step-title\">7. <strong>Ki\u1ec3m so\u00e1t<\/strong><\/h3> <div class=\"rank-math-step-content\"><p>M\u00e1y \u0111\u01b0\u1ee3c trang b\u1ecb b\u1ea3ng \u0111i\u1ec1u khi\u1ec3n ho\u1eb7c giao di\u1ec7n cho ph\u00e9p ng\u01b0\u1eddi v\u1eadn h\u00e0nh theo d\u00f5i v\u00e0 \u0111i\u1ec1u ch\u1ec9nh c\u00e1c c\u00e0i \u0111\u1eb7t kh\u00e1c nhau, ch\u1eb3ng h\u1ea1n nh\u01b0 t\u1ed1c \u0111\u1ed9 c\u1eaft, k\u00edch th\u01b0\u1edbc c\u1eaft v\u00e0 c\u00e1c t\u00ednh n\u0103ng an to\u00e0n.<\/p> <\/div> <\/div> <\/div> <\/div>       <figure class=\"wp-block-image size-full\"><img loading=\"lazy\" decoding=\"async\" width=\"720\" height=\"540\" src=\"https:\/\/topfoodmachine.com\/wp-content\/uploads\/2024\/05\/effective-multi-functional-vegetable-cutting-machine.webp\" alt=\"m\u00e1y c\u1eaft rau c\u1ee7 \u0111a ch\u1ee9c n\u0103ng hi\u1ec7u qu\u1ea3\" class=\"wp-image-1389\" srcset=\"https:\/\/topfoodmachine.com\/wp-content\/uploads\/2024\/05\/effective-multi-functional-vegetable-cutting-machine.webp 720w, https:\/\/topfoodmachine.com\/wp-content\/uploads\/2024\/05\/effective-multi-functional-vegetable-cutting-machine-300x225.webp 300w, https:\/\/topfoodmachine.com\/wp-content\/uploads\/2024\/05\/effective-multi-functional-vegetable-cutting-machine-16x12.webp 16w\" sizes=\"auto, (max-width: 720px) 100vw, 720px\" \/><figcaption class=\"wp-element-caption\">m\u00e1y c\u1eaft rau c\u1ee7 \u0111a ch\u1ee9c n\u0103ng hi\u1ec7u qu\u1ea3<\/figcaption><\/figure>    <h2 class=\"wp-block-heading\">L\u1ee3i th\u1ebf ch\u00ednh c\u1ee7a m\u00e1y c\u1eaft hai \u0111\u1ea7u<\/h2>    <ol class=\"wp-block-list\"> <li><strong>X\u1eed l\u00fd \u0111\u1ed3ng th\u1eddi<\/strong>: Kh\u1ea3 n\u0103ng v\u1eadn h\u00e0nh hai \u0111\u1ea7u c\u1eaft \u0111\u1ed3ng th\u1eddi l\u00e0m cho m\u00e1y n\u00e0y n\u1ed5i b\u1eadt. N\u00f3 cho ph\u00e9p x\u1eed l\u00fd song song c\u00e1c lo\u1ea1i rau c\u1ee7 kh\u00e1c nhau m\u00e0 kh\u00f4ng l\u00e0m gi\u1ea3m hi\u1ec7u su\u1ea5t, t\u1eeb \u0111\u00f3 t\u0103ng g\u1ea5p \u0111\u00f4i s\u1ea3n l\u01b0\u1ee3ng so v\u1edbi m\u00e1y c\u1eaft m\u1ed9t \u0111\u1ea7u.<\/li>    <li><strong>C\u1ed5ng c\u1eaft chuy\u00ean d\u1ee5ng<\/strong>: V\u1edbi c\u00e1c c\u1ed5ng ri\u00eang bi\u1ec7t cho rau c\u1ee7 r\u1ec5 v\u00e0 rau l\u00e1, m\u00e1y n\u00e0y cung c\u1ea5p quy tr\u00ecnh ch\u1ebf bi\u1ebfn chuy\u00ean bi\u1ec7t cho t\u1eebng lo\u1ea1i rau. \u0110i\u1ec1u n\u00e0y \u0111\u1ea3m b\u1ea3o hi\u1ec7u su\u1ea5t c\u1eaft t\u1ed1i \u01b0u v\u00e0 ch\u1ea5t l\u01b0\u1ee3ng s\u1ea3n ph\u1ea9m ph\u00f9 h\u1ee3p v\u1edbi c\u00e1c lo\u1ea1i s\u1ea3n ph\u1ea9m c\u1ee5 th\u1ec3.<\/li>    <li><strong>K\u00edch th\u01b0\u1edbc c\u1eaft \u0111i\u1ec1u ch\u1ec9nh \u0111\u01b0\u1ee3c<\/strong>: Kh\u1ea3 n\u0103ng c\u1ee7a m\u00e1y \u0111\u1ec3 \u0111i\u1ec1u ch\u1ec9nh k\u00edch th\u01b0\u1edbc c\u1eaft theo nhu c\u1ea7u c\u1ee5 th\u1ec3 mang l\u1ea1i s\u1ef1 linh ho\u1ea1t v\u00f4 song. Ng\u01b0\u1eddi v\u1eadn h\u00e0nh c\u00f3 th\u1ec3 d\u1ec5 d\u00e0ng t\u00f9y ch\u1ec9nh th\u00f4ng s\u1ed1 c\u1eaft, ph\u1ee5c v\u1ee5 cho c\u00e1c c\u00f4ng th\u1ee9c kh\u00e1c nhau ho\u1eb7c s\u1edf th\u00edch c\u1ee7a kh\u00e1ch h\u00e0ng m\u00e0 kh\u00f4ng l\u00e0m gi\u1ea3m hi\u1ec7u su\u1ea5t.<\/li>    <li><strong>Quy tr\u00ecnh l\u00e0m vi\u1ec7c t\u1ed1i \u01b0u<\/strong>: B\u1eb1ng c\u00e1ch cho ph\u00e9p hai lo\u1ea1i rau c\u1ee7 c\u00f9ng l\u00fac v\u00e0 cung c\u1ea5p k\u00edch th\u01b0\u1edbc c\u1eaft \u0111i\u1ec1u ch\u1ec9nh, m\u00e1y n\u00e0y t\u1ed1i \u01b0u h\u00f3a quy tr\u00ecnh l\u00e0m vi\u1ec7c v\u00e0 gi\u1ea3m thi\u1ec3u th\u1eddi gian ch\u1ebft cho c\u00e1c \u0111i\u1ec1u ch\u1ec9nh. N\u00f3 \u0111\u1ea3m b\u1ea3o m\u1ed9t quy tr\u00ecnh s\u1ea3n xu\u1ea5t li\u1ec1n m\u1ea1ch v\u00e0 hi\u1ec7u qu\u1ea3, n\u00e2ng cao n\u0103ng su\u1ea5t t\u1ed5ng th\u1ec3.<\/li> <\/ol>    <figure class=\"wp-block-image size-full\"><img loading=\"lazy\" decoding=\"async\" width=\"720\" height=\"540\" src=\"https:\/\/topfoodmachine.com\/wp-content\/uploads\/2024\/05\/industrial-Double-head-vegetable-cutter-machine.webp\" alt=\"m\u00e1y c\u1eaft rau c\u1ee7 hai \u0111\u1ea7u c\u00f4ng nghi\u1ec7p\" class=\"wp-image-1390\" srcset=\"https:\/\/topfoodmachine.com\/wp-content\/uploads\/2024\/05\/industrial-Double-head-vegetable-cutter-machine.webp 720w, https:\/\/topfoodmachine.com\/wp-content\/uploads\/2024\/05\/industrial-Double-head-vegetable-cutter-machine-300x225.webp 300w, https:\/\/topfoodmachine.com\/wp-content\/uploads\/2024\/05\/industrial-Double-head-vegetable-cutter-machine-16x12.webp 16w\" sizes=\"auto, (max-width: 720px) 100vw, 720px\" \/><figcaption class=\"wp-element-caption\">m\u00e1y c\u1eaft rau c\u1ee7 hai \u0111\u1ea7u c\u00f4ng nghi\u1ec7p<\/figcaption><\/figure>    <p>V\u1ec1 b\u1ea3n ch\u1ea5t, nh\u1eefng l\u1ee3i th\u1ebf \u0111\u1ed9c \u0111\u00e1o c\u1ee7a m\u00e1y c\u1eaft hai \u0111\u1ea7u n\u1eb1m \u1edf kh\u1ea3 n\u0103ng x\u1eed l\u00fd \u0111\u1ed3ng th\u1eddi, c\u00e1c c\u1ed5ng c\u1eaft chuy\u00ean bi\u1ec7t, k\u00edch th\u01b0\u1edbc c\u1eaft c\u00f3 th\u1ec3 \u0111i\u1ec1u ch\u1ec9nh v\u00e0 quy tr\u00ecnh l\u00e0m vi\u1ec7c t\u1ed1i \u01b0u, khi\u1ebfn n\u00f3 tr\u1edf th\u00e0nh m\u1ed9t gi\u1ea3i ph\u00e1p r\u1ea5t hi\u1ec7u qu\u1ea3 v\u00e0 linh ho\u1ea1t cho c\u00e1c ho\u1ea1t \u0111\u1ed9ng ch\u1ebf bi\u1ebfn rau c\u1ee7.<\/p>    <h2 class=\"wp-block-heading\">Th\u00f4ng s\u1ed1 c\u1ee7a m\u00e1y c\u1eaft rau \u0111a ch\u1ee9c n\u0103ng<\/h2>    <ul class=\"wp-block-list\"> <li>\u0110i\u1ec7n \u00e1p: 220\/380V <\/li>    <li>C\u00f4ng su\u1ea5t: 1370W <\/li>    <li>Tr\u1ecdng l\u01b0\u1ee3ng t\u1ecbnh: 145KG <\/li>    <li>K\u00edch th\u01b0\u1edbc: 1100*600*1200mm<\/li>    <li>C\u00f4ng su\u1ea5t: 600~1000kg\/h<\/li>    <li>K\u00edch th\u01b0\u1edbc c\u1eaft rau l\u00e1: C\u00f3 th\u1ec3 \u0111i\u1ec1u ch\u1ec9nh t\u1eeb 1 \u0111\u1ebfn 60mm.<\/li>    <li><a href=\"https:\/\/en.wikipedia.org\/wiki\/Root_vegetable\" data-type=\"link\" data-id=\"https:\/\/en.wikipedia.org\/wiki\/Root_vegetable\" target=\"_blank\" rel=\"noopener\">Rau c\u1ee7 r\u1ec5<\/a> C\u1eaft: 2-10mm<\/li>    <li>X\u00e9 nh\u1ecf rau c\u1ee7 b\u00f3ng: 2-10mm<\/li>    <li>C\u1eaft h\u1ea1t l\u1ef1u rau c\u1ee7 b\u00f3ng: 8mm, 10mm, 12mm, 15mm, 20mm<\/li> <\/ul>    <figure class=\"wp-block-image size-full\"><img loading=\"lazy\" decoding=\"async\" width=\"720\" height=\"540\" src=\"https:\/\/topfoodmachine.com\/wp-content\/uploads\/2024\/05\/multi-functional-vegetable-cutting-machine.webp\" alt=\"m\u00e1y c\u1eaft rau c\u1ee7 \u0111a ch\u1ee9c n\u0103ng\" class=\"wp-image-1391\" srcset=\"https:\/\/topfoodmachine.com\/wp-content\/uploads\/2024\/05\/multi-functional-vegetable-cutting-machine.webp 720w, https:\/\/topfoodmachine.com\/wp-content\/uploads\/2024\/05\/multi-functional-vegetable-cutting-machine-300x225.webp 300w, https:\/\/topfoodmachine.com\/wp-content\/uploads\/2024\/05\/multi-functional-vegetable-cutting-machine-16x12.webp 16w\" sizes=\"auto, (max-width: 720px) 100vw, 720px\" \/><figcaption class=\"wp-element-caption\">m\u00e1y c\u1eaft rau c\u1ee7 \u0111a ch\u1ee9c n\u0103ng<\/figcaption><\/figure>    <h2 class=\"wp-block-heading\">Ph\u1ea7n k\u1ebft lu\u1eadn<\/h2>    <p>M\u00e1y c\u1eaft rau c\u1ee7 hai \u0111\u1ea7u c\u1ee7a ch\u00fang t\u00f4i l\u00e0 l\u1ef1a ch\u1ecdn l\u00fd t\u01b0\u1edfng c\u1ee7a b\u1ea1n \u0111\u1ec3 n\u00e2ng cao n\u0103ng su\u1ea5t v\u00e0 t\u1ed1i \u01b0u h\u00f3a quy tr\u00ecnh l\u00e0m vi\u1ec7c. Hi\u1ec7u su\u1ea5t v\u00e0 t\u00ednh linh ho\u1ea1t xu\u1ea5t s\u1eafc c\u1ee7a n\u00f3 gi\u00fap b\u1ea1n d\u1ec5 d\u00e0ng \u0111\u00e1p \u1ee9ng nhu c\u1ea7u ch\u1ebf bi\u1ebfn rau c\u1ee7 \u0111a d\u1ea1ng, \u0111\u1ea3m b\u1ea3o ch\u1ea5t l\u01b0\u1ee3ng s\u1ea3n ph\u1ea9m v\u00e0 hi\u1ec7u qu\u1ea3 s\u1ea3n xu\u1ea5t trong khi ti\u1ebft ki\u1ec7m chi ph\u00ed v\u00e0 th\u1eddi gian.<\/p>    <p class=\"translation-block\">Ngo\u00e0i m\u00e1y c\u1eaft hai \u0111\u1ea7u c\u1ee7a ch\u00fang t\u00f4i, ch\u00fang t\u00f4i c\u0169ng cung c\u1ea5p c\u00e1c m\u1eabu ti\u00eau chu\u1ea9n c\u1ee7a <a href=\"https:\/\/topfoodmachine.com\/vi\/product\/vegetable-cutting-machine\/\" data-type=\"link\" data-id=\"https:\/\/topfoodmachine.com\/product\/vegetable-cutting-machine\/\">m\u00e1y c\u1eaft rau<\/a> v\u1edbi gi\u00e1 c\u1ea3 c\u1ea1nh tranh h\u01a1n, c\u0169ng \u0111\u00e1ng tin c\u1eady v\u00e0 b\u1ec1n b\u1ec9. Ch\u00fang t\u00f4i ch\u00e0o \u0111\u00f3n b\u1ea1n ch\u1ecdn s\u1ea3n ph\u1ea9m ph\u00f9 h\u1ee3p nh\u1ea5t theo y\u00eau c\u1ea7u c\u1ee5 th\u1ec3 c\u1ee7a b\u1ea1n, v\u1edbi \u0111\u1ed9i ng\u0169 c\u1ee7a ch\u00fang t\u00f4i s\u1eb5n s\u00e0ng cung c\u1ea5p t\u01b0 v\u1ea5n v\u00e0 h\u1ed7 tr\u1ee3. Li\u00ean h\u1ec7 v\u1edbi ch\u00fang t\u00f4i ngay b\u00e2y gi\u1edd \u0111\u1ec3 y\u00eau c\u1ea7u b\u00e1o gi\u00e1 v\u00e0 \u0111\u1ec3 ch\u00fang t\u00f4i c\u00f9ng nhau \u0111\u1ea1t \u0111\u01b0\u1ee3c m\u1ee5c ti\u00eau s\u1ea3n xu\u1ea5t c\u1ee7a b\u1ea1n!<\/p>","protected":false},"excerpt":{"rendered":"<p>M\u00e1y c\u1eaft rau hai \u0111\u1ea7u l\u00e0 gi\u1ea3i ph\u00e1p t\u1ed1i \u01b0u cho nhu c\u1ea7u ch\u1ebf bi\u1ebfn rau c\u1ee7a b\u1ea1n. <\/p>","protected":false},"author":1,"featured_media":1384,"parent":0,"template":"","tags":[39,40,42],"product-type":[3],"class_list":["post-1383","product","type-product","status-publish","has-post-thumbnail","hentry","tag-cutting","tag-foodmachine","tag-vegetable","product-type-fruit-vegetable-processing-machine"],"_links":{"self":[{"href":"https:\/\/topfoodmachine.com\/vi\/wp-json\/wp\/v2\/product\/1383","targetHints":{"allow":["GET"]}}],"collection":[{"href":"https:\/\/topfoodmachine.com\/vi\/wp-json\/wp\/v2\/product"}],"about":[{"href":"https:\/\/topfoodmachine.com\/vi\/wp-json\/wp\/v2\/types\/product"}],"author":[{"embeddable":true,"href":"https:\/\/topfoodmachine.com\/vi\/wp-json\/wp\/v2\/users\/1"}],"wp:featuredmedia":[{"embeddable":true,"href":"https:\/\/topfoodmachine.com\/vi\/wp-json\/wp\/v2\/media\/1384"}],"wp:attachment":[{"href":"https:\/\/topfoodmachine.com\/vi\/wp-json\/wp\/v2\/media?parent=1383"}],"wp:term":[{"taxonomy":"post_tag","embeddable":true,"href":"https:\/\/topfoodmachine.com\/vi\/wp-json\/wp\/v2\/tags?post=1383"},{"taxonomy":"product-type","embeddable":true,"href":"https:\/\/topfoodmachine.com\/vi\/wp-json\/wp\/v2\/product-type?post=1383"}],"curies":[{"name":"wp","href":"https:\/\/api.w.org\/{rel}","templated":true}]}}