{"id":1329,"date":"2024-05-16T17:01:06","date_gmt":"2024-05-16T09:01:06","guid":{"rendered":"https:\/\/topfoodmachine.com\/?post_type=product&#038;p=1329"},"modified":"2024-05-23T10:26:58","modified_gmt":"2024-05-23T02:26:58","slug":"bread-fermentation-machine","status":"publish","type":"product","link":"https:\/\/topfoodmachine.com\/vi\/product\/bread-fermentation-machine\/","title":{"rendered":"m\u00e1y l\u00ean men b\u00e1nh m\u00ec"},"content":{"rendered":"<div class=\"kk-star-ratings kksr-auto kksr-align-left kksr-valign-top\"     data-payload='{&quot;align&quot;:&quot;left&quot;,&quot;id&quot;:&quot;1329&quot;,&quot;slug&quot;:&quot;default&quot;,&quot;valign&quot;:&quot;top&quot;,&quot;ignore&quot;:&quot;&quot;,&quot;reference&quot;:&quot;auto&quot;,&quot;class&quot;:&quot;&quot;,&quot;count&quot;:&quot;28&quot;,&quot;legendonly&quot;:&quot;&quot;,&quot;readonly&quot;:&quot;&quot;,&quot;score&quot;:&quot;4.9&quot;,&quot;starsonly&quot;:&quot;&quot;,&quot;best&quot;:&quot;5&quot;,&quot;gap&quot;:&quot;5&quot;,&quot;greet&quot;:&quot;Rate this product&quot;,&quot;legend&quot;:&quot;4.9\\\/5 - (28 b\u00ecnh ch\u1ecdn)&quot;,&quot;size&quot;:&quot;24&quot;,&quot;title&quot;:&quot;Bread fermentation machine&quot;,&quot;width&quot;:&quot;139.6&quot;,&quot;_legend&quot;:&quot;{score}\\\/{best} - ({count} {votes})&quot;,&quot;font_factor&quot;:&quot;1.25&quot;}'>              <div class=\"kksr-stars\">      <div class=\"kksr-stars-inactive\">             <div class=\"kksr-star\" data-star=\"1\" style=\"padding-right: 5px\">               <div class=\"kksr-icon\" style=\"width: 24px; height: 24px;\"><\/div>         <\/div>             <div class=\"kksr-star\" data-star=\"2\" style=\"padding-right: 5px\">               <div class=\"kksr-icon\" style=\"width: 24px; height: 24px;\"><\/div>         <\/div>             <div class=\"kksr-star\" data-star=\"3\" style=\"padding-right: 5px\">               <div class=\"kksr-icon\" style=\"width: 24px; height: 24px;\"><\/div>         <\/div>             <div class=\"kksr-star\" data-star=\"4\" style=\"padding-right: 5px\">               <div class=\"kksr-icon\" style=\"width: 24px; height: 24px;\"><\/div>         <\/div>             <div class=\"kksr-star\" data-star=\"5\" style=\"padding-right: 5px\">               <div class=\"kksr-icon\" style=\"width: 24px; height: 24px;\"><\/div>         <\/div>     <\/div>      <div class=\"kksr-stars-active\" style=\"width: 139.6px;\">             <div class=\"kksr-star\" style=\"padding-right: 5px\">               <div class=\"kksr-icon\" style=\"width: 24px; height: 24px;\"><\/div>         <\/div>             <div class=\"kksr-star\" style=\"padding-right: 5px\">               <div class=\"kksr-icon\" style=\"width: 24px; height: 24px;\"><\/div>         <\/div>             <div class=\"kksr-star\" style=\"padding-right: 5px\">               <div class=\"kksr-icon\" style=\"width: 24px; height: 24px;\"><\/div>         <\/div>             <div class=\"kksr-star\" style=\"padding-right: 5px\">               <div class=\"kksr-icon\" style=\"width: 24px; height: 24px;\"><\/div>         <\/div>             <div class=\"kksr-star\" style=\"padding-right: 5px\">               <div class=\"kksr-icon\" style=\"width: 24px; height: 24px;\"><\/div>         <\/div>     <\/div> <\/div>                   <div class=\"kksr-legend\" style=\"font-size: 19.2px;\">             4.9\/5 - (28 l\u01b0\u1ee3t b\u00ecnh ch\u1ecdn)    <\/div>     <\/div>  <p>M\u00e1y l\u00ean men b\u00e1nh m\u00ec cung c\u1ea5p gi\u1ea3i ph\u00e1p cho quy tr\u00ecnh l\u00e0m b\u00e1nh truy\u1ec1n th\u1ed1ng t\u1ed1n th\u1eddi gian v\u00e0 y\u00eau c\u1ea7u chuy\u00ean m\u00f4n b\u1eb1ng c\u00e1ch ki\u1ec3m so\u00e1t ch\u00ednh x\u00e1c qu\u00e1 tr\u00ecnh l\u00ean men \u0111\u1ec3 \u0111\u1ea3m b\u1ea3o ch\u1ea5t l\u01b0\u1ee3ng v\u00e0 h\u01b0\u01a1ng v\u1ecb nh\u1ea5t qu\u00e1n. Ti\u1ebft ki\u1ec7m th\u1eddi gian v\u00e0 t\u0103ng hi\u1ec7u qu\u1ea3, ch\u00fang th\u00edch \u1ee9ng v\u1edbi nhi\u1ec1u quy m\u00f4 s\u1ea3n xu\u1ea5t kh\u00e1c nhau v\u00e0 \u0111\u00e1p \u1ee9ng nhu c\u1ea7u c\u1ee7a ng\u01b0\u1eddi ti\u00eau d\u00f9ng hi\u1ec7n \u0111\u1ea1i trong c\u00e1c ti\u1ec7m b\u00e1nh, kh\u00e1ch s\u1ea1n, si\u00eau th\u1ecb v\u00e0 h\u1ed9 gia \u0111\u00ecnh. <\/p>    <p>L\u00e0 m\u1ed9t c\u00f4ng ty h\u00e0ng \u0111\u1ea7u, ch\u00fang t\u00f4i cung c\u1ea5p m\u00e1y l\u00ean men b\u00e1nh m\u00ec hi\u1ec7u su\u1ea5t cao, \u0111\u00e1ng tin c\u1eady \u0111\u01b0\u1ee3c thi\u1ebft k\u1ebf ph\u00f9 h\u1ee3p v\u1edbi nhu c\u1ea7u c\u1ee7a kh\u00e1ch h\u00e0ng, \u0111\u01b0\u1ee3c h\u1ed7 tr\u1ee3 b\u1edfi \u0111\u1ed9i ng\u0169 gi\u00e0u kinh nghi\u1ec7m c\u1ee7a ch\u00fang t\u00f4i \u0111\u1ec3 cung c\u1ea5p h\u1ed7 tr\u1ee3 v\u00e0 d\u1ecbch v\u1ee5 to\u00e0n di\u1ec7n.<\/p>    <figure class=\"wp-block-image size-full\"><img loading=\"lazy\" decoding=\"async\" width=\"720\" height=\"540\" src=\"https:\/\/topfoodmachine.com\/wp-content\/uploads\/2024\/05\/automatic-fermentation-machine.webp\" alt=\"m\u00e1y l\u00ean men t\u1ef1 \u0111\u1ed9ng\" class=\"wp-image-1331\" srcset=\"https:\/\/topfoodmachine.com\/wp-content\/uploads\/2024\/05\/automatic-fermentation-machine.webp 720w, https:\/\/topfoodmachine.com\/wp-content\/uploads\/2024\/05\/automatic-fermentation-machine-300x225.webp 300w, https:\/\/topfoodmachine.com\/wp-content\/uploads\/2024\/05\/automatic-fermentation-machine-16x12.webp 16w\" sizes=\"auto, (max-width: 720px) 100vw, 720px\" \/><figcaption class=\"wp-element-caption\">m\u00e1y l\u00ean men t\u1ef1 \u0111\u1ed9ng<\/figcaption><\/figure>    <h2 class=\"wp-block-heading\">m\u00e1y l\u00ean men b\u00e1nh m\u00ec \u0111\u1ec3 b\u00e1n<\/h2>    <p>Ch\u00e0o m\u1eebng b\u1ea1n \u0111\u1ebfn kh\u00e1m ph\u00e1 m\u00e1y l\u00ean men b\u00e1nh m\u00ec c\u1ee7a ch\u00fang t\u00f4i \u0111ang b\u00e1n! Ph\u00f2ng l\u00ean men b\u00e1nh m\u00ec c\u1ee7a ch\u00fang t\u00f4i c\u00f3 thi\u1ebft k\u1ebf n\u01b0\u1edbc s\u00f4i ti\u00ean ti\u1ebfn, lo\u1ea1i b\u1ecf nhu c\u1ea7u ph\u1ea3i l\u00e0m \u0111\u1ea7y n\u01b0\u1edbc b\u1eb1ng tay. Ch\u1ec9 c\u1ea7n k\u1ebft n\u1ed1i \u1ed1ng n\u01b0\u1edbc, v\u00e0 m\u00e1y s\u1ebd t\u1ef1 \u0111\u1ed9ng l\u00e0m \u0111\u1ea7y. <\/p>    <p>V\u1edbi ki\u1ec3m so\u00e1t nhi\u1ec7t \u0111\u1ed9 ch\u00ednh x\u00e1c, m\u00e1y l\u00ean men c\u1ee7a ch\u00fang t\u00f4i duy tr\u00ec nhi\u1ec7t \u0111\u1ed9 \u1ed5n \u0111\u1ecbnh t\u1eeb 35-40 \u0111\u1ed9 C, cung c\u1ea5p m\u00f4i tr\u01b0\u1eddng l\u00ean men l\u00fd t\u01b0\u1edfng cho b\u1ed9t c\u1ee7a b\u1ea1n. \u0110\u01b0\u1ee3c trang b\u1ecb b\u1ea3ng \u0111i\u1ec1u khi\u1ec3n th\u00f4ng minh, b\u1ea1n c\u00f3 th\u1ec3 d\u1ec5 d\u00e0ng \u0111i\u1ec1u ch\u1ec9nh nhi\u1ec7t \u0111\u1ed9 v\u00e0 \u0111\u1ed9 \u1ea9m \u0111\u1ec3 \u0111\u00e1p \u1ee9ng y\u00eau c\u1ea7u c\u1ee7a c\u00e1c lo\u1ea1i b\u00e1nh kh\u00e1c nhau. <\/p>    <figure class=\"wp-block-image size-full\"><img loading=\"lazy\" decoding=\"async\" width=\"720\" height=\"540\" src=\"https:\/\/topfoodmachine.com\/wp-content\/uploads\/2024\/05\/Bread-fermentation-machine-for-sale.webp\" alt=\"m\u00e1y l\u00ean men b\u00e1nh m\u00ec \u0111\u1ec3 b\u00e1n\" class=\"wp-image-1332\" srcset=\"https:\/\/topfoodmachine.com\/wp-content\/uploads\/2024\/05\/Bread-fermentation-machine-for-sale.webp 720w, https:\/\/topfoodmachine.com\/wp-content\/uploads\/2024\/05\/Bread-fermentation-machine-for-sale-300x225.webp 300w, https:\/\/topfoodmachine.com\/wp-content\/uploads\/2024\/05\/Bread-fermentation-machine-for-sale-16x12.webp 16w\" sizes=\"auto, (max-width: 720px) 100vw, 720px\" \/><figcaption class=\"wp-element-caption\">m\u00e1y l\u00ean men b\u00e1nh m\u00ec \u0111\u1ec3 b\u00e1n<\/figcaption><\/figure>    <p>D\u00f9 b\u1ea1n \u0111ang \u0111i\u1ec1u h\u00e0nh m\u1ed9t ti\u1ec7m b\u00e1nh, c\u1eeda h\u00e0ng b\u00e1nh ng\u1ecdt, kh\u00e1ch s\u1ea1n, si\u00eau th\u1ecb, ho\u1eb7c th\u1eadm ch\u00ed s\u1eed d\u1ee5ng t\u1ea1i nh\u00e0, m\u00e1y l\u00ean men b\u00e1nh m\u00ec c\u1ee7a ch\u00fang t\u00f4i cung c\u1ea5p gi\u1ea3i ph\u00e1p hi\u1ec7u qu\u1ea3 v\u00e0 ti\u1ec7n l\u1ee3i cho nhu c\u1ea7u l\u00e0m b\u00e1nh c\u1ee7a b\u1ea1n. Mua h\u1ed9p l\u00ean men b\u00e1nh m\u00ec c\u1ee7a ch\u00fang t\u00f4i ngay b\u00e2y gi\u1edd \u0111\u1ec3 \u0111\u01a1n gi\u1ea3n h\u00f3a v\u00e0 n\u00e2ng cao quy tr\u00ecnh l\u00e0m b\u00e1nh c\u1ee7a b\u1ea1n!<\/p>    <h2 class=\"wp-block-heading\">L\u1ee3i \u00edch c\u1ee7a ph\u00f2ng l\u00ean men<\/h2>    <figure class=\"wp-block-gallery has-nested-images columns-default is-cropped wp-block-gallery-2 is-layout-flex wp-block-gallery-is-layout-flex\"> <figure class=\"wp-block-image size-large\"><img loading=\"lazy\" decoding=\"async\" width=\"720\" height=\"540\" data-id=\"1337\" src=\"https:\/\/topfoodmachine.com\/wp-content\/uploads\/2024\/05\/bread-fermentation.webp\" alt=\"l\u00ean men b\u00e1nh m\u00ec\" class=\"wp-image-1337\" srcset=\"https:\/\/topfoodmachine.com\/wp-content\/uploads\/2024\/05\/bread-fermentation.webp 720w, https:\/\/topfoodmachine.com\/wp-content\/uploads\/2024\/05\/bread-fermentation-300x225.webp 300w, https:\/\/topfoodmachine.com\/wp-content\/uploads\/2024\/05\/bread-fermentation-16x12.webp 16w\" sizes=\"auto, (max-width: 720px) 100vw, 720px\" \/><figcaption class=\"wp-element-caption\">l\u00ean men b\u00e1nh m\u00ec<\/figcaption><\/figure>    <figure class=\"wp-block-image size-large\"><img loading=\"lazy\" decoding=\"async\" width=\"720\" height=\"540\" data-id=\"1338\" src=\"https:\/\/topfoodmachine.com\/wp-content\/uploads\/2024\/05\/fermentation-bread.webp\" alt=\"b\u00e1nh l\u00ean men\" class=\"wp-image-1338\" srcset=\"https:\/\/topfoodmachine.com\/wp-content\/uploads\/2024\/05\/fermentation-bread.webp 720w, https:\/\/topfoodmachine.com\/wp-content\/uploads\/2024\/05\/fermentation-bread-300x225.webp 300w, https:\/\/topfoodmachine.com\/wp-content\/uploads\/2024\/05\/fermentation-bread-16x12.webp 16w\" sizes=\"auto, (max-width: 720px) 100vw, 720px\" \/><figcaption class=\"wp-element-caption\">b\u00e1nh l\u00ean men<\/figcaption><\/figure> <\/figure>    <ol class=\"wp-block-list\"> <li><strong>\u0110i\u1ec1u ki\u1ec7n l\u00ean men t\u1ed1i \u01b0u<\/strong>: C\u00e1c ph\u00f2ng l\u00ean men cung c\u1ea5p m\u00f4i tr\u01b0\u1eddng ki\u1ec3m so\u00e1t v\u1edbi nhi\u1ec7t \u0111\u1ed9 v\u00e0 \u0111\u1ed9 \u1ea9m ch\u00ednh x\u00e1c, \u0111\u1ea3m b\u1ea3o \u0111i\u1ec1u ki\u1ec7n t\u1ed1i \u01b0u cho qu\u00e1 tr\u00ecnh l\u00ean men b\u1ed9t.<\/li>    <li><strong>Ch\u1ea5t l\u01b0\u1ee3ng s\u1ea3n ph\u1ea9m \u0111\u1ed3ng nh\u1ea5t<\/strong>: B\u1eb1ng c\u00e1ch duy tr\u00ec \u0111i\u1ec1u ki\u1ec7n l\u00ean men \u1ed5n \u0111\u1ecbnh, c\u00e1c ph\u00f2ng l\u00ean men \u0111\u1ea3m b\u1ea3o ch\u1ea5t l\u01b0\u1ee3ng v\u00e0 k\u1ebft c\u1ea5u \u0111\u1ed3ng nh\u1ea5t c\u1ee7a c\u00e1c s\u1ea3n ph\u1ea9m n\u01b0\u1edbng cu\u1ed1i c\u00f9ng, d\u1eabn \u0111\u1ebfn h\u01b0\u01a1ng v\u1ecb v\u00e0 h\u00ecnh th\u1ee9c \u0111\u1ed3ng nh\u1ea5t.<\/li>    <li><strong>T\u0103ng hi\u1ec7u qu\u1ea3<\/strong>: C\u00e1c ph\u00f2ng l\u00ean men t\u1ed1i \u01b0u h\u00f3a quy tr\u00ecnh l\u00ean men, cho ph\u00e9p s\u1ea3n xu\u1ea5t v\u1edbi kh\u1ed1i l\u01b0\u1ee3ng l\u1edbn h\u01a1n v\u1edbi y\u00eau c\u1ea7u lao \u0111\u1ed9ng gi\u1ea3m.<\/li>    <li><strong>C\u00e0i \u0111\u1eb7t c\u00f3 th\u1ec3 t\u00f9y ch\u1ec9nh<\/strong>: C\u00e1c ph\u00f2ng l\u00ean men hi\u1ec7n \u0111\u1ea1i \u0111i k\u00e8m v\u1edbi b\u1ea3ng \u0111i\u1ec1u khi\u1ec3n ti\u00ean ti\u1ebfn cho ph\u00e9p ng\u01b0\u1eddi v\u1eadn h\u00e0nh \u0111i\u1ec1u ch\u1ec9nh nhi\u1ec7t \u0111\u1ed9, \u0111\u1ed9 \u1ea9m v\u00e0 th\u1eddi gian l\u00ean men theo c\u00f4ng th\u1ee9c v\u00e0 nhu c\u1ea7u s\u1ea3n xu\u1ea5t c\u1ee5 th\u1ec3.<\/li>    <li><strong>T\u1ed1i \u01b0u h\u00f3a kh\u00f4ng gian<\/strong>: C\u00e1c ph\u00f2ng l\u00ean men \u0111\u01b0\u1ee3c thi\u1ebft k\u1ebf \u0111\u1ec3 t\u1ed1i \u0111a h\u00f3a hi\u1ec7u qu\u1ea3 kh\u00f4ng gian trong c\u00e1c ti\u1ec7m b\u00e1nh v\u00e0 c\u01a1 s\u1edf s\u1ea3n xu\u1ea5t th\u1ef1c ph\u1ea9m, cho ph\u00e9p l\u01b0u tr\u1eef khay ho\u1eb7c gi\u00e1 b\u1ed9t v\u1edbi m\u1eadt \u0111\u1ed9 cao.<\/li>    <li><strong>M\u00f4i tr\u01b0\u1eddng v\u1ec7 sinh<\/strong>: V\u1edbi b\u1ec1 m\u1eb7t d\u1ec5 l\u00e0m s\u1ea1ch v\u00e0 c\u00e1c t\u00ednh n\u0103ng v\u1ec7 sinh t\u00edch h\u1ee3p, c\u00e1c ph\u00f2ng l\u00ean men gi\u00fap duy tr\u00ec m\u00f4i tr\u01b0\u1eddng s\u1ea1ch s\u1ebd v\u00e0 v\u1ec7 sinh, gi\u1ea3m nguy c\u01a1 \u00f4 nhi\u1ec5m.<\/li>    <li><strong>Hi\u1ec7u su\u1ea5t n\u0103ng l\u01b0\u1ee3ng<\/strong>: Nhi\u1ec1u ph\u00f2ng l\u00ean men \u0111\u01b0\u1ee3c trang b\u1ecb c\u00e1c t\u00ednh n\u0103ng ti\u1ebft ki\u1ec7m n\u0103ng l\u01b0\u1ee3ng, ch\u1eb3ng h\u1ea1n nh\u01b0 c\u00e1ch nhi\u1ec7t v\u00e0 h\u1ec7 th\u1ed1ng \u0111i\u1ec1u khi\u1ec3n nhi\u1ec7t \u0111\u1ed9, gi\u00fap gi\u1ea3m ti\u00eau th\u1ee5 n\u0103ng l\u01b0\u1ee3ng v\u00e0 chi ph\u00ed v\u1eadn h\u00e0nh.<\/li> <\/ol>    <h2 class=\"wp-block-heading\">Th\u00f4ng s\u1ed1 c\u1ee7a m\u00e1y l\u00ean men b\u00e1nh m\u00ec<\/h2>    <figure class=\"wp-block-image size-full\"><img loading=\"lazy\" decoding=\"async\" width=\"720\" height=\"540\" src=\"https:\/\/topfoodmachine.com\/wp-content\/uploads\/2024\/05\/commercial-fermentation-machine.webp\" alt=\"m\u00e1y l\u00ean men th\u01b0\u01a1ng m\u1ea1i\" class=\"wp-image-1333\" srcset=\"https:\/\/topfoodmachine.com\/wp-content\/uploads\/2024\/05\/commercial-fermentation-machine.webp 720w, https:\/\/topfoodmachine.com\/wp-content\/uploads\/2024\/05\/commercial-fermentation-machine-300x225.webp 300w, https:\/\/topfoodmachine.com\/wp-content\/uploads\/2024\/05\/commercial-fermentation-machine-16x12.webp 16w\" sizes=\"auto, (max-width: 720px) 100vw, 720px\" \/><figcaption class=\"wp-element-caption\">m\u00e1y l\u00ean men th\u01b0\u01a1ng m\u1ea1i<\/figcaption><\/figure>    <figure class=\"wp-block-table\"><table><tbody><tr><td>Ng\u01b0\u1eddi m\u1eabu<\/td><td>H\u1ed9p l\u00ean men<\/td><\/tr><tr><td>\u0111i\u1ec7n \u00e1p<\/td><td>220V\/50HZ<\/td><\/tr><tr><td>c\u00f4ng su\u1ea5t ch\u1ec9 \u0111\u1ecbnh<\/td><td>2.6kw<\/td><\/tr><tr><td>ki\u1ec3m so\u00e1t nhi\u1ec7t \u0111\u1ed9<\/td><td>35~40\u00b0C<\/td><\/tr><tr><td>k\u00edch th\u01b0\u1edbc t\u1ed5ng th\u1ec3<\/td><td>490*690*1880mm<\/td><\/tr><tr><td>k\u00edch th\u01b0\u1edbc \u0111\u00f3ng g\u00f3i<\/td><td>540*750*1980mm<\/td><\/tr><tr><td>tr\u1ecdng l\u01b0\u1ee3ng t\u1ed5ng<\/td><td>80kg<\/td><\/tr><\/tbody><\/table><figcaption class=\"wp-element-caption\">th\u00f4ng s\u1ed1 m\u00e1y l\u00ean men<\/figcaption><\/figure>    <h2 class=\"wp-block-heading\">C\u00e2u h\u1ecfi th\u01b0\u1eddng g\u1eb7p v\u1ec1 ph\u00f2ng l\u00ean men b\u00e1nh ng\u1ecdt<\/h2>    <figure class=\"wp-block-image size-full\"><img loading=\"lazy\" decoding=\"async\" width=\"720\" height=\"540\" src=\"https:\/\/topfoodmachine.com\/wp-content\/uploads\/2024\/05\/fermentation-machine-in-stock.webp\" alt=\"m\u00e1y l\u00ean men c\u00f3 s\u1eb5n trong kho\" class=\"wp-image-1334\" srcset=\"https:\/\/topfoodmachine.com\/wp-content\/uploads\/2024\/05\/fermentation-machine-in-stock.webp 720w, https:\/\/topfoodmachine.com\/wp-content\/uploads\/2024\/05\/fermentation-machine-in-stock-300x225.webp 300w, https:\/\/topfoodmachine.com\/wp-content\/uploads\/2024\/05\/fermentation-machine-in-stock-16x12.webp 16w\" sizes=\"auto, (max-width: 720px) 100vw, 720px\" \/><figcaption class=\"wp-element-caption\">m\u00e1y l\u00ean men c\u00f3 s\u1eb5n trong kho<\/figcaption><\/figure>   <div id=\"rank-math-faq\" class=\"rank-math-block\"> <div class=\"rank-math-list\"> <div id=\"faq-question-1715847366913\" class=\"rank-math-list-item\"> <h3 class=\"rank-math-question\">1. <strong>M\u00e1y l\u00ean men b\u00e1nh ng\u1ecdt ho\u1ea1t \u0111\u1ed9ng nh\u01b0 th\u1ebf n\u00e0o?<\/strong><\/h3> <div class=\"rank-math-answer\">  <p>M\u00e1y l\u00ean men b\u00e1nh m\u00ec s\u1eed d\u1ee5ng c\u00f4ng ngh\u1ec7 ki\u1ec3m so\u00e1t nhi\u1ec7t \u0111\u1ed9 v\u00e0 \u0111\u1ed9 \u1ea9m \u0111\u1ec3 cung c\u1ea5p m\u00f4i tr\u01b0\u1eddng l\u00ean men t\u1ed1i \u01b0u cho b\u1ed9t. Th\u00f4ng th\u01b0\u1eddng, b\u1ed9t \u0111\u01b0\u1ee3c \u0111\u1eb7t b\u00ean trong bu\u1ed3ng l\u00ean men v\u00e0 \u0111\u01b0\u1ee3c cho ph\u00e9p l\u00ean men \u1edf nhi\u1ec7t \u0111\u1ed9 v\u00e0 \u0111\u1ed9 \u1ea9m kh\u00f4ng \u0111\u1ed5i trong m\u1ed9t kho\u1ea3ng th\u1eddi gian nh\u1ea5t \u0111\u1ecbnh cho \u0111\u1ebfn khi \u0111\u1ea1t \u0111\u01b0\u1ee3c m\u1ee9c \u0111\u1ed9 l\u00ean men mong mu\u1ed1n.<\/p>  <\/div> <\/div> <div id=\"faq-question-1715847404888\" class=\"rank-math-list-item\"> <h3 class=\"rank-math-question\">2. <strong>M\u00e1y l\u00ean men b\u00e1nh m\u00ec ph\u00f9 h\u1ee3p \u0111\u1ec3 s\u1eed d\u1ee5ng \u1edf \u0111\u00e2u?<\/strong><\/h3> <div class=\"rank-math-answer\">  <p>M\u00e1y l\u00ean men b\u00e1nh m\u00ec ph\u00f9 h\u1ee3p cho nhi\u1ec1u m\u00f4i tr\u01b0\u1eddng kh\u00e1c nhau, bao g\u1ed3m ti\u1ec7m b\u00e1nh, c\u1eeda h\u00e0ng b\u00e1nh ng\u1ecdt, kh\u00e1ch s\u1ea1n v\u00e0 si\u00eau th\u1ecb. D\u00f9 cho s\u1ea3n xu\u1ea5t quy m\u00f4 nh\u1ecf hay l\u1edbn, m\u00e1y l\u00ean men b\u00e1nh ng\u1ecdt c\u00f3 th\u1ec3 \u0111\u00e1p \u1ee9ng nhu c\u1ea7u c\u1ee7a b\u1ea1n.<\/p>  <\/div> <\/div> <div id=\"faq-question-1715847426278\" class=\"rank-math-list-item\"> <h3 class=\"rank-math-question\">3. <strong>B\u1ea1n \u0111i\u1ec1u ch\u1ec9nh nhi\u1ec7t \u0111\u1ed9 v\u00e0 \u0111\u1ed9 \u1ea9m c\u1ee7a m\u00e1y l\u00ean men b\u00e1nh ng\u1ecdt nh\u01b0 th\u1ebf n\u00e0o?<\/strong><\/h3> <div class=\"rank-math-answer\">  <p>M\u00e1y l\u00ean men b\u00e1nh ng\u1ecdt th\u01b0\u1eddng \u0111\u01b0\u1ee3c trang b\u1ecb b\u1ea3ng \u0111i\u1ec1u khi\u1ec3n th\u00f4ng minh \u0111\u1ec3 d\u1ec5 d\u00e0ng v\u1eadn h\u00e0nh. S\u1eed d\u1ee5ng b\u1ea3ng \u0111i\u1ec1u khi\u1ec3n, b\u1ea1n c\u00f3 th\u1ec3 d\u1ec5 d\u00e0ng \u0111i\u1ec1u ch\u1ec9nh nhi\u1ec7t \u0111\u1ed9 v\u00e0 \u0111\u1ed9 \u1ea9m \u0111\u1ec3 \u0111\u00e1p \u1ee9ng y\u00eau c\u1ea7u c\u1ee7a c\u00e1c lo\u1ea1i b\u00e1nh kh\u00e1c nhau.<\/p>  <\/div> <\/div> <div id=\"faq-question-1715847449183\" class=\"rank-math-list-item\"> <h3 class=\"rank-math-question\">4. <strong>C\u00e1c quy tr\u00ecnh b\u1ea3o tr\u00ec v\u00e0 l\u00e0m s\u1ea1ch n\u00e0o l\u00e0 c\u1ea7n thi\u1ebft cho m\u00e1y l\u00ean men b\u00e1nh m\u00ec?<\/strong><\/h3> <div class=\"rank-math-answer\">  <p>B\u1ea3o tr\u00ec v\u00e0 v\u1ec7 sinh \u0111\u1ecbnh k\u1ef3 c\u1ee7a m\u00e1y l\u00ean men b\u00e1nh m\u00ec l\u00e0 r\u1ea5t quan tr\u1ecdng \u0111\u1ec3 k\u00e9o d\u00e0i tu\u1ed5i th\u1ecd thi\u1ebft b\u1ecb v\u00e0 \u0111\u1ea3m b\u1ea3o ch\u1ea5t l\u01b0\u1ee3ng s\u1ea3n ph\u1ea9m. \u0110i\u1ec1u quan tr\u1ecdng l\u00e0 th\u01b0\u1eddng xuy\u00ean l\u00e0m s\u1ea1ch b\u1ec1 m\u1eb7t v\u00e0 b\u00ean trong c\u1ee7a bu\u1ed3ng l\u00ean men, c\u0169ng nh\u01b0 l\u00e0m s\u1ea1ch v\u00e0 b\u1ea3o tr\u00ec b\u1ec3 n\u01b0\u1edbc v\u00e0 \u1ed1ng \u0111\u1ec3 gi\u1eef cho thi\u1ebft b\u1ecb kh\u00f4 r\u00e1o v\u00e0 s\u1ea1ch s\u1ebd.<\/p>  <\/div> <\/div> <div id=\"faq-question-1715847469039\" class=\"rank-math-list-item\"> <h3 class=\"rank-math-question\">5. <strong>M\u00e1y l\u00ean men b\u00e1nh m\u00ec c\u00f3 an to\u00e0n \u0111\u1ec3 s\u1eed d\u1ee5ng kh\u00f4ng?<\/strong><\/h3> <div class=\"rank-math-answer\">  <p>C\u00f3, m\u00e1y l\u00ean men b\u00e1nh m\u00ec tr\u1ea3i qua c\u00e1c b\u00e0i ki\u1ec3m tra v\u00e0 ch\u1ee9ng nh\u1eadn an to\u00e0n nghi\u00eam ng\u1eb7t \u0111\u1ec3 tu\u00e2n th\u1ee7 c\u00e1c ti\u00eau chu\u1ea9n an to\u00e0n qu\u1ed1c t\u1ebf. Tuy nhi\u00ean, \u0111i\u1ec1u quan tr\u1ecdng l\u00e0 ph\u1ea3i tu\u00e2n theo c\u00e1c h\u01b0\u1edbng d\u1eabn v\u1eadn h\u00e0nh an to\u00e0n \u0111\u01b0\u1ee3c n\u00eau trong h\u01b0\u1edbng d\u1eabn s\u1eed d\u1ee5ng \u0111\u1ec3 \u0111\u1ea3m b\u1ea3o s\u1eed d\u1ee5ng an to\u00e0n.<\/p>  <\/div> <\/div> <div id=\"faq-question-1715847503256\" class=\"rank-math-list-item\"> <h3 class=\"rank-math-question\">6. <strong>C\u00e1c d\u1ecbch v\u1ee5 b\u1ea3o tr\u00ec v\u00e0 h\u1ed7 tr\u1ee3 n\u00e0o c\u00f3 s\u1eb5n cho m\u00e1y l\u00ean men b\u00e1nh m\u00ec?<\/strong><\/h3> <div class=\"rank-math-answer\">  <p>Ch\u00fang t\u00f4i cung c\u1ea5p d\u1ecbch v\u1ee5 b\u1ea3o tr\u00ec v\u00e0 h\u1ed7 tr\u1ee3 cho m\u00e1y l\u00ean men b\u00e1nh m\u00ec, bao g\u1ed3m ki\u1ec3m tra b\u1ea3o tr\u00ec \u0111\u1ecbnh k\u1ef3 v\u00e0 d\u1ecbch v\u1ee5 s\u1eeda ch\u1eefa kh\u1ea9n c\u1ea5p. N\u1ebfu b\u1ea1n g\u1eb7p b\u1ea5t k\u1ef3 v\u1ea5n \u0111\u1ec1 n\u00e0o, xin vui l\u00f2ng li\u00ean h\u1ec7 v\u1edbi \u0111\u1ed9i ng\u0169 d\u1ecbch v\u1ee5 kh\u00e1ch h\u00e0ng c\u1ee7a ch\u00fang t\u00f4i, v\u00e0 ch\u00fang t\u00f4i s\u1ebd r\u1ea5t vui \u0111\u01b0\u1ee3c h\u1ed7 tr\u1ee3 b\u1ea1n.<\/p>  <\/div> <\/div> <\/div> <\/div>   <figure class=\"wp-block-gallery has-nested-images columns-default is-cropped wp-block-gallery-3 is-layout-flex wp-block-gallery-is-layout-flex\"> <figure class=\"wp-block-image size-large\"><img loading=\"lazy\" decoding=\"async\" width=\"720\" height=\"540\" data-id=\"1335\" src=\"https:\/\/topfoodmachine.com\/wp-content\/uploads\/2024\/05\/fermentation-machine-with-good-price.webp\" alt=\"m\u00e1y l\u00ean men v\u1edbi gi\u00e1 t\u1ed1t\" class=\"wp-image-1335\" srcset=\"https:\/\/topfoodmachine.com\/wp-content\/uploads\/2024\/05\/fermentation-machine-with-good-price.webp 720w, https:\/\/topfoodmachine.com\/wp-content\/uploads\/2024\/05\/fermentation-machine-with-good-price-300x225.webp 300w, https:\/\/topfoodmachine.com\/wp-content\/uploads\/2024\/05\/fermentation-machine-with-good-price-16x12.webp 16w\" sizes=\"auto, (max-width: 720px) 100vw, 720px\" \/><figcaption class=\"wp-element-caption\">m\u00e1y l\u00ean men v\u1edbi gi\u00e1 t\u1ed1t<\/figcaption><\/figure>    <figure class=\"wp-block-image size-large\"><img loading=\"lazy\" decoding=\"async\" width=\"720\" height=\"540\" data-id=\"1336\" src=\"https:\/\/topfoodmachine.com\/wp-content\/uploads\/2024\/05\/fermentation-machine.webp\" alt=\"m\u00e1y l\u00ean men\" class=\"wp-image-1336\" srcset=\"https:\/\/topfoodmachine.com\/wp-content\/uploads\/2024\/05\/fermentation-machine.webp 720w, https:\/\/topfoodmachine.com\/wp-content\/uploads\/2024\/05\/fermentation-machine-300x225.webp 300w, https:\/\/topfoodmachine.com\/wp-content\/uploads\/2024\/05\/fermentation-machine-16x12.webp 16w\" sizes=\"auto, (max-width: 720px) 100vw, 720px\" \/><figcaption class=\"wp-element-caption\">m\u00e1y l\u00ean men<\/figcaption><\/figure> <\/figure>    <h2 class=\"wp-block-heading\">Li\u00ean h\u1ec7 v\u1edbi ch\u00fang t\u00f4i!<\/h2>    <p class=\"translation-block\">N\u00e2ng cao hi\u1ec7u qu\u1ea3 c\u1ee7a ti\u1ec7m b\u00e1nh c\u1ee7a b\u1ea1n trong khi \u0111\u1ea3m b\u1ea3o ch\u1ea5t l\u01b0\u1ee3ng v\u00e0 h\u01b0\u01a1ng v\u1ecb s\u1ea3n ph\u1ea9m nh\u1ea5t qu\u00e1n! Ch\u1ecdn ph\u00f2ng <a href=\"https:\/\/en.wikipedia.org\/wiki\/Fermentation\" data-type=\"link\" data-id=\"https:\/\/en.wikipedia.org\/wiki\/Fermentation\" target=\"_blank\" rel=\"noopener\">l\u00ean men<\/a> b\u00e1nh ng\u1ecdt c\u1ee7a ch\u00fang t\u00f4i \u0111\u1ec3 cung c\u1ea5p m\u00f4i tr\u01b0\u1eddng l\u00ean men t\u1ed1i \u01b0u cho b\u00e1nh m\u00ec v\u00e0 b\u00e1nh ng\u1ecdt c\u1ee7a b\u1ea1n. <\/p>    <p class=\"translation-block\">Ngo\u00e0i ra, ch\u00fang t\u00f4i khuy\u00ean b\u1ea1n n\u00ean k\u1ebft h\u1ee3p v\u1edbi <a href=\"https:\/\/topfoodmachine.com\/vi\/product\/automatic-dough-divider-rounder\/\" data-type=\"link\" data-id=\"https:\/\/topfoodmachine.com\/product\/automatic-dough-divider-rounder\/\">m\u00e1y chia b\u1ed9t<\/a> c\u1ee7a ch\u00fang t\u00f4i, gi\u00fap n\u00e2ng cao hi\u1ec7u qu\u1ea3 s\u1ea3n xu\u1ea5t v\u00e0 gi\u1ea3m chi ph\u00ed lao \u0111\u1ed9ng. Li\u00ean h\u1ec7 v\u1edbi ch\u00fang t\u00f4i ngay b\u00e2y gi\u1edd \u0111\u1ec3 t\u00ecm hi\u1ec3u th\u00eam v\u00e0 b\u1eaft \u0111\u1ea7u con \u0111\u01b0\u1eddng \u0111\u1ebfn th\u00e0nh c\u00f4ng trong vi\u1ec7c n\u01b0\u1edbng b\u00e1nh c\u00f9ng nhau!<\/p>    <p><\/p>","protected":false},"excerpt":{"rendered":"<p>M\u00e1y l\u00ean men b\u00e1nh m\u00ec cung c\u1ea5p gi\u1ea3i ph\u00e1p, ki\u1ec3m so\u00e1t ch\u00ednh x\u00e1c qu\u00e1 tr\u00ecnh l\u00ean men \u0111\u1ec3 \u0111\u1ea3m b\u1ea3o ch\u1ea5t l\u01b0\u1ee3ng v\u00e0 h\u01b0\u01a1ng v\u1ecb \u0111\u1ed3ng nh\u1ea5t. Ch\u00fang ti\u1ebft ki\u1ec7m th\u1eddi gian, t\u0103ng hi\u1ec7u qu\u1ea3 v\u00e0 th\u00edch \u1ee9ng v\u1edbi c\u00e1c quy m\u00f4 s\u1ea3n xu\u1ea5t kh\u00e1c nhau.<\/p>","protected":false},"author":1,"featured_media":1330,"parent":0,"template":"","tags":[32,31,25],"product-type":[6],"class_list":["post-1329","product","type-product","status-publish","has-post-thumbnail","hentry","tag-bread","tag-fermentation","tag-pastry","product-type-pastry-production-machine"],"_links":{"self":[{"href":"https:\/\/topfoodmachine.com\/vi\/wp-json\/wp\/v2\/product\/1329","targetHints":{"allow":["GET"]}}],"collection":[{"href":"https:\/\/topfoodmachine.com\/vi\/wp-json\/wp\/v2\/product"}],"about":[{"href":"https:\/\/topfoodmachine.com\/vi\/wp-json\/wp\/v2\/types\/product"}],"author":[{"embeddable":true,"href":"https:\/\/topfoodmachine.com\/vi\/wp-json\/wp\/v2\/users\/1"}],"wp:featuredmedia":[{"embeddable":true,"href":"https:\/\/topfoodmachine.com\/vi\/wp-json\/wp\/v2\/media\/1330"}],"wp:attachment":[{"href":"https:\/\/topfoodmachine.com\/vi\/wp-json\/wp\/v2\/media?parent=1329"}],"wp:term":[{"taxonomy":"post_tag","embeddable":true,"href":"https:\/\/topfoodmachine.com\/vi\/wp-json\/wp\/v2\/tags?post=1329"},{"taxonomy":"product-type","embeddable":true,"href":"https:\/\/topfoodmachine.com\/vi\/wp-json\/wp\/v2\/product-type?post=1329"}],"curies":[{"name":"wp","href":"https:\/\/api.w.org\/{rel}","templated":true}]}}