{"id":1302,"date":"2024-05-10T17:42:34","date_gmt":"2024-05-10T09:42:34","guid":{"rendered":"https:\/\/topfoodmachine.com\/?post_type=product&#038;p=1302"},"modified":"2025-10-17T17:35:04","modified_gmt":"2025-10-17T09:35:04","slug":"noodle-maker-machine","status":"publish","type":"product","link":"https:\/\/topfoodmachine.com\/vi\/product\/noodle-maker-machine\/","title":{"rendered":"M\u00e1y l\u00e0m m\u00ec"},"content":{"rendered":"<div class=\"kk-star-ratings kksr-auto kksr-align-left kksr-valign-top\"     data-payload='{&quot;align&quot;:&quot;left&quot;,&quot;id&quot;:&quot;1302&quot;,&quot;slug&quot;:&quot;default&quot;,&quot;valign&quot;:&quot;top&quot;,&quot;ignore&quot;:&quot;&quot;,&quot;reference&quot;:&quot;auto&quot;,&quot;class&quot;:&quot;&quot;,&quot;count&quot;:&quot;16&quot;,&quot;legendonly&quot;:&quot;&quot;,&quot;readonly&quot;:&quot;&quot;,&quot;score&quot;:&quot;4.6&quot;,&quot;starsonly&quot;:&quot;&quot;,&quot;best&quot;:&quot;5&quot;,&quot;gap&quot;:&quot;5&quot;,&quot;greet&quot;:&quot;Rate this product&quot;,&quot;legend&quot;:&quot;4.6\\\/5 - (16 b\u00ecnh ch\u1ecdn)&quot;,&quot;size&quot;:&quot;24&quot;,&quot;title&quot;:&quot;Noodle maker machine&quot;,&quot;width&quot;:&quot;130.9&quot;,&quot;_legend&quot;:&quot;{score}\\\/{best} - ({count} {votes})&quot;,&quot;font_factor&quot;:&quot;1.25&quot;}'>              <div class=\"kksr-stars\">      <div class=\"kksr-stars-inactive\">             <div class=\"kksr-star\" data-star=\"1\" style=\"padding-right: 5px\">               <div class=\"kksr-icon\" style=\"width: 24px; height: 24px;\"><\/div>         <\/div>             <div class=\"kksr-star\" data-star=\"2\" style=\"padding-right: 5px\">               <div class=\"kksr-icon\" style=\"width: 24px; height: 24px;\"><\/div>         <\/div>             <div class=\"kksr-star\" data-star=\"3\" style=\"padding-right: 5px\">               <div class=\"kksr-icon\" style=\"width: 24px; height: 24px;\"><\/div>         <\/div>             <div class=\"kksr-star\" data-star=\"4\" style=\"padding-right: 5px\">               <div class=\"kksr-icon\" style=\"width: 24px; height: 24px;\"><\/div>         <\/div>             <div class=\"kksr-star\" data-star=\"5\" style=\"padding-right: 5px\">               <div class=\"kksr-icon\" style=\"width: 24px; height: 24px;\"><\/div>         <\/div>     <\/div>      <div class=\"kksr-stars-active\" style=\"width: 130.9px;\">             <div class=\"kksr-star\" style=\"padding-right: 5px\">               <div class=\"kksr-icon\" style=\"width: 24px; height: 24px;\"><\/div>         <\/div>             <div class=\"kksr-star\" style=\"padding-right: 5px\">               <div class=\"kksr-icon\" style=\"width: 24px; height: 24px;\"><\/div>         <\/div>             <div class=\"kksr-star\" style=\"padding-right: 5px\">               <div class=\"kksr-icon\" style=\"width: 24px; height: 24px;\"><\/div>         <\/div>             <div class=\"kksr-star\" style=\"padding-right: 5px\">               <div class=\"kksr-icon\" style=\"width: 24px; height: 24px;\"><\/div>         <\/div>             <div class=\"kksr-star\" style=\"padding-right: 5px\">               <div class=\"kksr-icon\" style=\"width: 24px; height: 24px;\"><\/div>         <\/div>     <\/div> <\/div>                   <div class=\"kksr-legend\" style=\"font-size: 19.2px;\">             4.6\/5 - (16 l\u01b0\u1ee3t b\u00ecnh ch\u1ecdn)    <\/div>     <\/div>  <p>M\u00e1y l\u00e0m m\u00ec \u0111a ch\u1ee9c n\u0103ng x\u1eed l\u00fd hi\u1ec7u qu\u1ea3 b\u1ed9t, n\u01b0\u1edbc v\u00e0 c\u00e1c nguy\u00ean li\u1ec7u th\u00f4 kh\u00e1c th\u00e0nh nhi\u1ec1u lo\u1ea1i m\u00ec kh\u00e1c nhau, bao g\u1ed3m m\u00ec ng\u00f4, m\u00ec ki\u1ec1u m\u1ea1ch v\u00e0 m\u00ec g\u1ea1o, v\u1edbi \u0111\u1ed9 d\u00e0y kh\u00e1c nhau. <\/p>    <p>S\u1eed d\u1ee5ng ph\u01b0\u01a1ng ph\u00e1p \u00e9p li\u00ean t\u1ee5c, m\u00e1y l\u00e0m m\u00ec ng\u00f4 \u0111a n\u0103ng n\u00e0y bi\u1ebfn \u0111\u1ed5i nguy\u00ean li\u1ec7u m\u1ed9t c\u00e1ch d\u1ec5 d\u00e0ng th\u00e0nh nh\u1eefng s\u1ee3i m\u00ec ngon mi\u1ec7ng. <\/p>    <p>V\u1edbi c\u00f4ng su\u1ea5t t\u1eeb 30 \u0111\u1ebfn 130 kg\/h, n\u00f3 r\u1ea5t ph\u00f9 h\u1ee3p cho c\u1ea3 \u1ee9ng d\u1ee5ng ph\u1ee5c v\u1ee5 \u0103n u\u1ed1ng v\u00e0 ch\u1ebf bi\u1ebfn th\u1ef1c ph\u1ea9m, cung c\u1ea5p hi\u1ec7u su\u1ea5t \u0111\u00e1ng tin c\u1eady v\u00e0 t\u00ednh linh ho\u1ea1t cho c\u00e1c m\u00f4i tr\u01b0\u1eddng c\u00f3 nhu c\u1ea7u cao.<\/p>    <figure class=\"wp-block-embed is-type-video is-provider-youtube wp-block-embed-youtube wp-embed-aspect-16-9 wp-has-aspect-ratio\"><div class=\"wp-block-embed__wrapper\"> <iframe loading=\"lazy\" title=\"M\u00e1y l\u00e0m m\u00ec: C\u00f4ng th\u1ee9c m\u00ec nhanh ch\u00f3ng, d\u1ec5 d\u00e0ng v\u00e0 th\u00fa v\u1ecb #m\u00ec #m\u00e1yl\u00e0m m\u00ec #ch\u1ebfbi\u1ebfnth\u1ef1cph\u1ea9m\" width=\"500\" height=\"281\" src=\"https:\/\/www.youtube.com\/embed\/g81J27r6n8s?feature=oembed\" frameborder=\"0\" allow=\"accelerometer; autoplay; clipboard-write; encrypted-media; gyroscope; picture-in-picture; web-share\" referrerpolicy=\"strict-origin-when-cross-origin\" allowfullscreen><\/iframe> <\/div><figcaption class=\"wp-element-caption\">video l\u00e0m m\u00ec m\u00e1y<\/figcaption><\/figure>    <h2 class=\"wp-block-heading\">C\u00e1c lo\u1ea1i m\u00ec v\u1edbi m\u00e1y l\u00e0m m\u00ec \u0111a ch\u1ee9c n\u0103ng c\u1ee7a ch\u00fang t\u00f4i<\/h2>    <p>M\u00e1y l\u00e0m m\u00ec \u0111a ch\u1ee9c n\u0103ng c\u1ee7a ch\u00fang t\u00f4i c\u00f3 th\u1ec3 s\u1ea3n xu\u1ea5t nhi\u1ec1u lo\u1ea1i m\u00ec kh\u00e1c nhau, bao g\u1ed3m:<\/p>    <ul class=\"wp-block-list\"> <li><strong>M\u00ec \u00dd c\u1ed5 \u0111i\u1ec3n<\/strong>. T\u1ea1o ra c\u00e1c lo\u1ea1i m\u00ec truy\u1ec1n th\u1ed1ng nh\u01b0 spaghetti, fettuccine v\u00e0 tagliatelle.<\/li>    <li><strong>M\u00ec ng\u00f4<\/strong>. D\u1ec5 d\u00e0ng l\u00e0m m\u00ec ng\u00f4 ngon cho nhi\u1ec1u m\u00f3n \u0103n kh\u00e1c nhau.<\/li>    <li><strong>M\u00ec ki\u1ec1u m\u1ea1ch<\/strong>. S\u1ea3n xu\u1ea5t m\u00ec ki\u1ec1u m\u1ea1ch \u0111\u1ed9c \u0111\u00e1o v\u00e0 \u0111\u1ea7y h\u01b0\u01a1ng v\u1ecb, v\u1eeba kh\u1ecfe m\u1ea1nh v\u1eeba ngon mi\u1ec7ng.<\/li>    <li><strong>M\u00ec g\u1ea1o<\/strong>. L\u00e0m m\u00ec g\u1ea1o tinh t\u1ebf, ho\u00e0n h\u1ea3o cho c\u00e1c m\u00f3n \u0103n l\u1ea5y c\u1ea3m h\u1ee9ng t\u1eeb ch\u00e2u \u00c1.<\/li>    <li><strong>M\u00ec konjac<\/strong>. Chu\u1ea9n b\u1ecb m\u00ec konjac \u00edt calo, nhi\u1ec1u ch\u1ea5t x\u01a1, l\u00fd t\u01b0\u1edfng cho nh\u1eefng ai t\u00ecm ki\u1ebfm m\u1ed9t l\u1ef1a ch\u1ecdn l\u00e0nh m\u1ea1nh.<\/li> <\/ul>    <figure class=\"wp-block-gallery has-nested-images columns-default is-cropped wp-block-gallery-2 is-layout-flex wp-block-gallery-is-layout-flex\"> <figure class=\"wp-block-image size-large\"><img loading=\"lazy\" decoding=\"async\" width=\"720\" height=\"540\" data-id=\"1307\" src=\"https:\/\/topfoodmachine.com\/wp-content\/uploads\/2024\/05\/corn-noodles.webp\" alt=\"m\u00ec ng\u00f4\" class=\"wp-image-1307\" srcset=\"https:\/\/topfoodmachine.com\/wp-content\/uploads\/2024\/05\/corn-noodles.webp 720w, https:\/\/topfoodmachine.com\/wp-content\/uploads\/2024\/05\/corn-noodles-300x225.webp 300w, https:\/\/topfoodmachine.com\/wp-content\/uploads\/2024\/05\/corn-noodles-16x12.webp 16w\" sizes=\"auto, (max-width: 720px) 100vw, 720px\" \/><figcaption class=\"wp-element-caption\">m\u00ec ng\u00f4<\/figcaption><\/figure>    <figure class=\"wp-block-image size-full\"><img loading=\"lazy\" decoding=\"async\" width=\"720\" height=\"540\" data-id=\"1309\" src=\"https:\/\/topfoodmachine.com\/wp-content\/uploads\/2024\/05\/konjac-noodle.webp\" alt=\"m\u00ec konjac\" class=\"wp-image-1309\" srcset=\"https:\/\/topfoodmachine.com\/wp-content\/uploads\/2024\/05\/konjac-noodle.webp 720w, https:\/\/topfoodmachine.com\/wp-content\/uploads\/2024\/05\/konjac-noodle-300x225.webp 300w, https:\/\/topfoodmachine.com\/wp-content\/uploads\/2024\/05\/konjac-noodle-16x12.webp 16w\" sizes=\"auto, (max-width: 720px) 100vw, 720px\" \/><figcaption class=\"wp-element-caption\">m\u00ec konjac<\/figcaption><\/figure> <\/figure>    <p>Sau khi kh\u00e1m ph\u00e1 c\u00e1c lo\u1ea1i m\u00ec kh\u00e1c nhau m\u00e0 m\u00e1y l\u00e0m m\u00ec \u0111a ch\u1ee9c n\u0103ng c\u1ee7a ch\u00fang t\u00f4i c\u00f3 th\u1ec3 s\u1ea3n xu\u1ea5t, ch\u00fang ta s\u1ebd t\u00ecm hi\u1ec3u c\u00e1ch m\u00e1y l\u00e0m m\u00ec konjac ho\u1ea1t \u0111\u1ed9ng, cung c\u1ea5p hi\u1ec3u bi\u1ebft s\u00e2u s\u1eafc h\u01a1n v\u1ec1 ch\u1ee9c n\u0103ng v\u00e0 ho\u1ea1t \u0111\u1ed9ng c\u1ee7a n\u00f3.<\/p>    <h2 class=\"wp-block-heading\">M\u00e1y l\u00e0m m\u00ec konjac ho\u1ea1t \u0111\u1ed9ng nh\u01b0 th\u1ebf n\u00e0o?<\/h2>    <div class=\"wp-block-media-text is-stacked-on-mobile\"><figure class=\"wp-block-media-text__media\"><img loading=\"lazy\" decoding=\"async\" width=\"720\" height=\"540\" src=\"https:\/\/topfoodmachine.com\/wp-content\/uploads\/2024\/05\/exported-Noodle-maker-machine.webp\" alt=\"m\u00e1y l\u00e0m m\u00ec xu\u1ea5t kh\u1ea9u\" class=\"wp-image-1310 size-full\" srcset=\"https:\/\/topfoodmachine.com\/wp-content\/uploads\/2024\/05\/exported-Noodle-maker-machine.webp 720w, https:\/\/topfoodmachine.com\/wp-content\/uploads\/2024\/05\/exported-Noodle-maker-machine-300x225.webp 300w, https:\/\/topfoodmachine.com\/wp-content\/uploads\/2024\/05\/exported-Noodle-maker-machine-16x12.webp 16w\" sizes=\"auto, (max-width: 720px) 100vw, 720px\" \/><\/figure><div class=\"wp-block-media-text__content\"> <ul class=\"wp-block-list\"> <li><strong>B\u01b0\u1edbc 1: Chu\u1ea9n b\u1ecb b\u1ed9t<\/strong> <ul class=\"wp-block-list\"> <li>Tr\u1ed9n b\u1ed9t m\u00ec v\u00e0 n\u01b0\u1edbc theo t\u1ef7 l\u1ec7 th\u00edch h\u1ee3p.<\/li>    <li>\u0110\u1ea3m b\u1ea3o b\u1ed9t c\u00f3 \u0111\u1ed9 d\u00ednh v\u00e0 \u0111\u00e0n h\u1ed3i ph\u00f9 h\u1ee3p \u0111\u1ec3 \u00e9p \u0111\u00f9n.<\/li> <\/ul> <\/li>    <li><strong>B\u01b0\u1edbc 2: N\u1ea1p b\u1ed9t<\/strong> <ul class=\"wp-block-list\"> <li>\u0110\u1eb7t b\u1ed9t \u0111\u00e3 chu\u1ea9n b\u1ecb v\u00e0o c\u1eeda n\u1ea1p c\u1ee7a m\u00e1y.<\/li> <\/ul> <\/li>    <li><strong>B\u01b0\u1edbc 3: Qu\u00e1 tr\u00ecnh \u00e9p \u0111\u00f9n<\/strong> <ul class=\"wp-block-list\"> <li>B\u00ean trong m\u00e1y, h\u1ec7 th\u1ed1ng \u00e9p \u0111\u00f9n b\u1eb1ng v\u00edt \u0111\u1ea9y b\u1ed9t ti\u1ebfn v\u1ec1 ph\u00eda tr\u01b0\u1edbc.<\/li>    <li>B\u1ed9t \u0111\u01b0\u1ee3c \u00e9p qua c\u00e1c l\u1ed7 khu\u00f4n, t\u1ea1o th\u00e0nh s\u1ee3i m\u00ec v\u1edbi h\u00ecnh d\u1ea1ng v\u00e0 k\u00edch th\u01b0\u1edbc mong mu\u1ed1n.<\/li> <\/ul> <\/li> <\/ul> <\/div><\/div>    <p>Sau khi n\u1eafm b\u1eaft quy tr\u00ecnh l\u00e0m vi\u1ec7c, ch\u00fang ta s\u1ebd chuy\u1ec3n sang th\u1ea3o lu\u1eadn v\u1ec1 c\u00e1c th\u00f4ng s\u1ed1 c\u1ee5 th\u1ec3 c\u1ee7a m\u00e1y l\u00e0m m\u00ec, gi\u00fap b\u1ea1n hi\u1ec3u r\u00f5 c\u00e1c th\u00f4ng s\u1ed1 k\u1ef9 thu\u1eadt v\u00e0 t\u00ednh n\u0103ng hi\u1ec7u su\u1ea5t c\u1ee7a n\u00f3 \u0111\u1ec3 \u0111\u01b0a ra quy\u1ebft \u0111\u1ecbnh \u0111\u1ea7u t\u01b0 th\u00f4ng minh.<\/p>    <h2 class=\"wp-block-heading\">Th\u00f4ng s\u1ed1 c\u1ee7a m\u00e1y l\u00e0m m\u00ec<\/h2>    <div class=\"wp-block-media-text has-media-on-the-right is-stacked-on-mobile\"><div class=\"wp-block-media-text__content\"> <ul class=\"wp-block-list\"> <li>K\u00edch th\u01b0\u1edbc: 800*720*1650mm<\/li>    <li>\u0110i\u1ec7n \u00e1p: 380v<\/li>    <li>Tr\u1ecdng l\u01b0\u1ee3ng: 400kg<\/li>    <li>C\u00f4ng su\u1ea5t: 11kw<\/li>    <li>C\u00f4ng su\u1ea5t: 30-130kg\/h<\/li> <\/ul> <\/div><figure class=\"wp-block-media-text__media\"><img loading=\"lazy\" decoding=\"async\" width=\"720\" height=\"540\" src=\"https:\/\/topfoodmachine.com\/wp-content\/uploads\/2024\/05\/Noodle-maker-machine-for-sale.webp\" alt=\"m\u00e1y l\u00e0m m\u00ec \u0111\u1ec3 b\u00e1n\" class=\"wp-image-1311 size-full\" srcset=\"https:\/\/topfoodmachine.com\/wp-content\/uploads\/2024\/05\/Noodle-maker-machine-for-sale.webp 720w, https:\/\/topfoodmachine.com\/wp-content\/uploads\/2024\/05\/Noodle-maker-machine-for-sale-300x225.webp 300w, https:\/\/topfoodmachine.com\/wp-content\/uploads\/2024\/05\/Noodle-maker-machine-for-sale-16x12.webp 16w\" sizes=\"auto, (max-width: 720px) 100vw, 720px\" \/><\/figure><\/div>    <p>Khi b\u1ea1n \u0111\u00e3 hi\u1ec3u r\u00f5 c\u00e1c th\u00f4ng s\u1ed1 c\u1ee7a m\u00e1y, ch\u00fang ta s\u1ebd kh\u00e1m ph\u00e1 c\u00e1ch thi\u1ebft b\u1ecb b\u1ed5 sung c\u00f3 th\u1ec3 n\u00e2ng cao hi\u1ec7u qu\u1ea3 s\u1ea3n xu\u1ea5t m\u00ec, cung c\u1ea5p cho b\u1ea1n m\u1ed9t gi\u1ea3i ph\u00e1p to\u00e0n di\u1ec7n.<\/p>    <h2 class=\"wp-block-heading\">Thi\u1ebft b\u1ecb b\u1ed5 sung c\u1ee7a m\u00e1y l\u00e0m m\u00ec<\/h2>    <p>Ngo\u00e0i m\u00e1y l\u00e0m m\u00ec, ch\u00fang t\u00f4i c\u0169ng cung c\u1ea5p thi\u1ebft b\u1ecb b\u1ed5 sung bao g\u1ed3m m\u00e1y tr\u1ed9n b\u1ed9t, m\u00e1y c\u1eaft v\u00e0 m\u00e1y s\u1ea5y, \u0111\u1ec3 t\u1ea1o \u0111i\u1ec1u ki\u1ec7n cho qu\u00e1 tr\u00ecnh l\u00e0m m\u00ec.<\/p>    <h3 class=\"wp-block-heading\"><strong>M\u00e1y tr\u1ed9n b\u1ed9t<\/strong><\/h3>    <p>M\u00e1y tr\u1ed9n b\u1ed9t gi\u00fap b\u1ea1n tr\u1ed9n \u0111\u1ec1u b\u1ed9t m\u00ec v\u00e0 n\u01b0\u1edbc, \u0111\u1ea3m b\u1ea3o \u0111\u1ed9 \u0111\u1ed3ng nh\u1ea5t v\u00e0 \u0111\u1ed9 m\u1ec1m c\u1ee7a b\u1ed9t. N\u00f3 nhanh ch\u00f3ng tr\u1ed9n b\u1ed9t, lo\u1ea1i b\u1ecf quy tr\u00ecnh tr\u1ed9n b\u1eb1ng tay t\u1ed1n th\u1eddi gian v\u00e0 gi\u00fap b\u1ea1n d\u1ec5 d\u00e0ng chu\u1ea9n b\u1ecb b\u1ed9t.<\/p>    <figure class=\"wp-block-gallery has-nested-images columns-default is-cropped wp-block-gallery-3 is-layout-flex wp-block-gallery-is-layout-flex\"> <figure class=\"wp-block-image size-large\"><img loading=\"lazy\" decoding=\"async\" width=\"720\" height=\"540\" data-id=\"1312\" src=\"https:\/\/topfoodmachine.com\/wp-content\/uploads\/2024\/05\/effective-Flour-Mixing-Machine.webp\" alt=\"M\u00e1y tr\u1ed9n b\u1ed9t hi\u1ec7u qu\u1ea3\" class=\"wp-image-1312\" srcset=\"https:\/\/topfoodmachine.com\/wp-content\/uploads\/2024\/05\/effective-Flour-Mixing-Machine.webp 720w, https:\/\/topfoodmachine.com\/wp-content\/uploads\/2024\/05\/effective-Flour-Mixing-Machine-300x225.webp 300w, https:\/\/topfoodmachine.com\/wp-content\/uploads\/2024\/05\/effective-Flour-Mixing-Machine-16x12.webp 16w\" sizes=\"auto, (max-width: 720px) 100vw, 720px\" \/><figcaption class=\"wp-element-caption\">M\u00e1y tr\u1ed9n b\u1ed9t hi\u1ec7u qu\u1ea3<\/figcaption><\/figure>    <figure class=\"wp-block-image size-large\"><img loading=\"lazy\" decoding=\"async\" width=\"720\" height=\"540\" data-id=\"1313\" src=\"https:\/\/topfoodmachine.com\/wp-content\/uploads\/2024\/05\/Flour-Mixing-Machine.webp\" alt=\"M\u00e1y tr\u1ed9n b\u1ed9t\" class=\"wp-image-1313\" srcset=\"https:\/\/topfoodmachine.com\/wp-content\/uploads\/2024\/05\/Flour-Mixing-Machine.webp 720w, https:\/\/topfoodmachine.com\/wp-content\/uploads\/2024\/05\/Flour-Mixing-Machine-300x225.webp 300w, https:\/\/topfoodmachine.com\/wp-content\/uploads\/2024\/05\/Flour-Mixing-Machine-16x12.webp 16w\" sizes=\"auto, (max-width: 720px) 100vw, 720px\" \/><figcaption class=\"wp-element-caption\">M\u00e1y tr\u1ed9n b\u1ed9t<\/figcaption><\/figure> <\/figure>    <h3 class=\"wp-block-heading\"><strong>M\u00e1y c\u1eaft<\/strong><\/h3>    <p>M\u00e1y c\u1eaft cho ph\u00e9p b\u1ea1n c\u1eaft b\u1ed9t \u0111\u00e3 \u00e9p th\u00e0nh chi\u1ec1u d\u00e0i v\u00e0 h\u00ecnh d\u1ea1ng mong mu\u1ed1n, ch\u1eb3ng h\u1ea1n nh\u01b0 spaghetti ho\u1eb7c m\u00ec r\u1ed9ng. N\u00f3 d\u1ec5 v\u1eadn h\u00e0nh v\u00e0 c\u00f3 th\u1ec3 c\u1eaft m\u00ec nhanh ch\u00f3ng v\u00e0 ch\u00ednh x\u00e1c, \u0111\u1ea3m b\u1ea3o h\u00ecnh d\u1ea1ng v\u00e0 k\u00edch th\u01b0\u1edbc \u0111\u1ed3ng nh\u1ea5t.<\/p>    <h3 class=\"wp-block-heading\"><strong><a href=\"https:\/\/topfoodmachine.com\/vi\/product\/food-drying-machine-vegetable-dryer\/\" data-type=\"link\" data-id=\"https:\/\/topfoodmachine.com\/product\/food-drying-machine-vegetable-dryer\/\">M\u00e1y s\u1ea5y<\/a><\/strong><\/h3>    <p>M\u00e1y s\u1ea5y gi\u00fap b\u1ea1n nhanh ch\u00f3ng l\u00e0m kh\u00f4 m\u00ec m\u1edbi l\u00e0m, k\u00e9o d\u00e0i th\u1eddi gian b\u1ea3o qu\u1ea3n c\u1ee7a ch\u00fang. N\u00f3 s\u1eed d\u1ee5ng c\u00f4ng ngh\u1ec7 ki\u1ec3m so\u00e1t nhi\u1ec7t \u0111\u1ed9 v\u00e0 \u0111\u1ed9 \u1ea9m \u0111\u1ec3 l\u00e0m kh\u00f4 m\u00ec nhanh ch\u00f3ng v\u00e0 \u0111\u1ed3ng \u0111\u1ec1u, duy tr\u00ec k\u1ebft c\u1ea5u v\u00e0 h\u01b0\u01a1ng v\u1ecb c\u1ee7a ch\u00fang.<\/p>    <figure class=\"wp-block-gallery has-nested-images columns-default is-cropped wp-block-gallery-4 is-layout-flex wp-block-gallery-is-layout-flex\"> <figure class=\"wp-block-image size-large\"><img loading=\"lazy\" decoding=\"async\" width=\"720\" height=\"540\" data-id=\"1411\" src=\"https:\/\/topfoodmachine.com\/wp-content\/uploads\/2024\/06\/food-dryer.webp\" alt=\"m\u00e1y s\u1ea5y th\u1ef1c ph\u1ea9m\" class=\"wp-image-1411\" srcset=\"https:\/\/topfoodmachine.com\/wp-content\/uploads\/2024\/06\/food-dryer.webp 720w, https:\/\/topfoodmachine.com\/wp-content\/uploads\/2024\/06\/food-dryer-300x225.webp 300w, https:\/\/topfoodmachine.com\/wp-content\/uploads\/2024\/06\/food-dryer-16x12.webp 16w\" sizes=\"auto, (max-width: 720px) 100vw, 720px\" \/><figcaption class=\"wp-element-caption\">m\u00e1y s\u1ea5y th\u1ef1c ph\u1ea9m<\/figcaption><\/figure>    <figure class=\"wp-block-image size-large\"><img loading=\"lazy\" decoding=\"async\" width=\"720\" height=\"540\" data-id=\"1414\" src=\"https:\/\/topfoodmachine.com\/wp-content\/uploads\/2024\/06\/vegetable-dryer.webp\" alt=\"m\u00e1y s\u1ea5y rau\" class=\"wp-image-1414\" srcset=\"https:\/\/topfoodmachine.com\/wp-content\/uploads\/2024\/06\/vegetable-dryer.webp 720w, https:\/\/topfoodmachine.com\/wp-content\/uploads\/2024\/06\/vegetable-dryer-300x225.webp 300w, https:\/\/topfoodmachine.com\/wp-content\/uploads\/2024\/06\/vegetable-dryer-16x12.webp 16w\" sizes=\"auto, (max-width: 720px) 100vw, 720px\" \/><figcaption class=\"wp-element-caption\">m\u00e1y s\u1ea5y rau<\/figcaption><\/figure> <\/figure>    <p>V\u1edbi s\u1ef1 hi\u1ec3u bi\u1ebft v\u1ec1 ch\u1ee9c n\u0103ng c\u1ee7a thi\u1ebft b\u1ecb b\u1ed5 sung, ch\u00fang ta s\u1ebd ti\u1ebfp t\u1ee5c th\u1ea3o lu\u1eadn v\u1ec1 l\u1ee3i \u00edch c\u1ee7a vi\u1ec7c \u0111\u1ea7u t\u01b0 v\u00e0o m\u00e1y l\u00e0m m\u00ec, gi\u00fap b\u1ea1n \u0111\u00e1nh gi\u00e1 gi\u00e1 tr\u1ecb v\u00e0 l\u1ee3i th\u1ebf c\u1ee7a n\u00f3.<\/p>    <h2 class=\"wp-block-heading\">\u01afu \u0111i\u1ec3m c\u1ee7a m\u00e1y l\u00e0m m\u00ec<\/h2>    <div class=\"wp-block-media-text is-stacked-on-mobile\"><figure class=\"wp-block-media-text__media\"><img loading=\"lazy\" decoding=\"async\" width=\"720\" height=\"540\" src=\"https:\/\/topfoodmachine.com\/wp-content\/uploads\/2024\/05\/noodle-making-machine-for-sale.webp\" alt=\"m\u00e1y l\u00e0m m\u00ec \u0111\u1ec3 b\u00e1n\" class=\"wp-image-1525 size-full\" srcset=\"https:\/\/topfoodmachine.com\/wp-content\/uploads\/2024\/05\/noodle-making-machine-for-sale.webp 720w, https:\/\/topfoodmachine.com\/wp-content\/uploads\/2024\/05\/noodle-making-machine-for-sale-300x225.webp 300w, https:\/\/topfoodmachine.com\/wp-content\/uploads\/2024\/05\/noodle-making-machine-for-sale-16x12.webp 16w\" sizes=\"auto, (max-width: 720px) 100vw, 720px\" \/><\/figure><div class=\"wp-block-media-text__content\"> <ul class=\"wp-block-list\"> <li><strong>\u0110a d\u1ea1ng lo\u1ea1i m\u00ec:<\/strong> Nhi\u1ec1u khu\u00f4n t\u1ea1o ra m\u00ec m\u1ecfng, m\u00ec\u5bbd, m\u00ec s\u1ee3i v\u00e0 m\u00ec r\u1ed7ng.<\/li>    <li><strong>B\u1ec1n v\u00e0 an to\u00e0n:<\/strong> \u0110\u01b0\u1ee3c l\u00e0m t\u1eeb th\u00e9p kh\u00f4ng g\u1ec9 ho\u1eb7c nh\u1ef1a \u0111\u1ea1t ti\u00eau chu\u1ea9n th\u1ef1c ph\u1ea9m cho s\u1eed d\u1ee5ng l\u00e2u d\u00e0i v\u00e0 an to\u00e0n th\u1ef1c ph\u1ea9m.<\/li> <\/ul> <\/div><\/div>    <div class=\"wp-block-media-text has-media-on-the-right is-stacked-on-mobile\"><div class=\"wp-block-media-text__content\"> <ul class=\"wp-block-list\"> <li><strong>S\u1ea3n xu\u1ea5t m\u00ec \u0103n li\u1ec1n:<\/strong> Nhanh ch\u00f3ng l\u00e0m m\u00ec \u0103n li\u1ec1n cho nh\u1ecbp s\u1ed1ng b\u1eadn r\u1ed9n.<\/li>    <li><strong>Thi\u1ebft k\u1ebf hi\u1ec7u qu\u1ea3:<\/strong> Th\u00e2n b\u1eb1ng th\u00e9p kh\u00f4ng g\u1ec9 v\u00e0 khu\u00f4n ch\u1ed1ng d\u00ednh \u0111\u1ea3m b\u1ea3o v\u1eadn h\u00e0nh m\u01b0\u1ee3t m\u00e0.<\/li>    <li><strong>T\u00ednh n\u0103ng \u0111\u01b0\u1ee3c n\u00e2ng cao:<\/strong> H\u1ec7 th\u1ed1ng qu\u1ea1t \u0111\u00f4i ng\u0103n ng\u1eeba m\u00ec b\u1ecb d\u00ednh.<\/li> <\/ul> <\/div><figure class=\"wp-block-media-text__media\"><img loading=\"lazy\" decoding=\"async\" width=\"720\" height=\"540\" src=\"https:\/\/topfoodmachine.com\/wp-content\/uploads\/2024\/05\/noodle-making-machine-molds.webp\" alt=\"khu\u00f4n m\u00e1y l\u00e0m m\u00ec\" class=\"wp-image-1314 size-full\" srcset=\"https:\/\/topfoodmachine.com\/wp-content\/uploads\/2024\/05\/noodle-making-machine-molds.webp 720w, https:\/\/topfoodmachine.com\/wp-content\/uploads\/2024\/05\/noodle-making-machine-molds-300x225.webp 300w, https:\/\/topfoodmachine.com\/wp-content\/uploads\/2024\/05\/noodle-making-machine-molds-16x12.webp 16w\" sizes=\"auto, (max-width: 720px) 100vw, 720px\" \/><\/figure><\/div>    <p>Sau khi th\u1ea3o lu\u1eadn v\u1ec1 nhi\u1ec1u l\u1ee3i \u00edch c\u1ee7a vi\u1ec7c \u0111\u1ea7u t\u01b0 v\u00e0o m\u00e1y l\u00e0m m\u00ec, ch\u00fang ta s\u1ebd kh\u00e1m ph\u00e1 l\u00fd do t\u1ea1i sao m\u00ec tr\u1edf n\u00ean ph\u1ed5 bi\u1ebfn tr\u00ean to\u00e0n c\u1ea7u, cung c\u1ea5p th\u00eam b\u1ed1i c\u1ea3nh th\u1ecb tr\u01b0\u1eddng.<\/p>    <h2 class=\"wp-block-heading\">T\u1ea1i sao vi\u1ec7c \u0103n m\u00ec tr\u1edf n\u00ean ph\u1ed5 bi\u1ebfn nh\u01b0 v\u1eady?<\/h2>    <div class=\"wp-block-media-text is-stacked-on-mobile\"><figure class=\"wp-block-media-text__media\"><img loading=\"lazy\" decoding=\"async\" width=\"720\" height=\"540\" src=\"https:\/\/topfoodmachine.com\/wp-content\/uploads\/2024\/05\/noodle-1.webp\" alt=\"m\u00ec\" class=\"wp-image-1526 size-full\" srcset=\"https:\/\/topfoodmachine.com\/wp-content\/uploads\/2024\/05\/noodle-1.webp 720w, https:\/\/topfoodmachine.com\/wp-content\/uploads\/2024\/05\/noodle-1-300x225.webp 300w, https:\/\/topfoodmachine.com\/wp-content\/uploads\/2024\/05\/noodle-1-16x12.webp 16w\" sizes=\"auto, (max-width: 720px) 100vw, 720px\" \/><\/figure><div class=\"wp-block-media-text__content\"> <ul class=\"wp-block-list\"> <li><strong>T\u0103ng n\u0103ng l\u01b0\u1ee3ng nhanh:<\/strong> Gi\u00e0u carbohydrate \u0111\u1ec3 cung c\u1ea5p n\u0103ng l\u01b0\u1ee3ng nhanh tr\u01b0\u1edbc ho\u1eb7c sau t\u1eadp luy\u1ec7n.<\/li>    <li><strong>\u0110a d\u1ea1ng dinh d\u01b0\u1ee1ng:<\/strong> M\u00ec b\u00e1nh m\u00ec nguy\u00ean wheat b\u1ed5 sung ch\u1ea5t x\u01a1; m\u00ec \u0111\u1eadu ho\u1eb7c m\u00ec gi\u00e0u protein t\u0103ng l\u01b0\u1ee3ng protein.<\/li> <\/ul> <\/div><\/div>    <div class=\"wp-block-media-text has-media-on-the-right is-stacked-on-mobile\"><div class=\"wp-block-media-text__content\"> <ul class=\"wp-block-list\"> <li><strong>L\u1ef1a ch\u1ecdn \u0111a d\u1ea1ng:<\/strong> Bao g\u1ed3m m\u00ec \u00dd, m\u00ec ki\u1ec1u m\u1ea1ch v\u00e0 m\u00ec konjac cho nhi\u1ec1u kh\u1ea9u v\u1ecb v\u00e0 ch\u1ebf \u0111\u1ed9 \u0103n kh\u00e1c nhau.<\/li>    <li><strong>N\u1ea5u \u0103n linh ho\u1ea1t:<\/strong> C\u00f3 th\u1ec3 lu\u1ed9c, chi\u00ean ho\u1eb7c h\u1ea5p v\u00e0 k\u1ebft h\u1ee3p v\u1edbi nhi\u1ec1u nguy\u00ean li\u1ec7u.<\/li>    <li><strong>Chu\u1ea9n b\u1ecb ti\u1ec7n l\u1ee3i:<\/strong> Nhanh v\u00e0 d\u1ec5 l\u00e0m, l\u00fd t\u01b0\u1edfng cho nh\u1ecbp s\u1ed1ng b\u1eadn r\u1ed9n.<\/li> <\/ul> <\/div><figure class=\"wp-block-media-text__media\"><img loading=\"lazy\" decoding=\"async\" width=\"720\" height=\"540\" src=\"https:\/\/topfoodmachine.com\/wp-content\/uploads\/2024\/05\/noodles.webp\" alt=\"m\u00ec\" class=\"wp-image-1527 size-full\" srcset=\"https:\/\/topfoodmachine.com\/wp-content\/uploads\/2024\/05\/noodles.webp 720w, https:\/\/topfoodmachine.com\/wp-content\/uploads\/2024\/05\/noodles-300x225.webp 300w, https:\/\/topfoodmachine.com\/wp-content\/uploads\/2024\/05\/noodles-16x12.webp 16w\" sizes=\"auto, (max-width: 720px) 100vw, 720px\" \/><\/figure><\/div>    <h2 class=\"wp-block-heading\">Ph\u1ea7n k\u1ebft lu\u1eadn<\/h2>    <p class=\"translation-block\"><strong>M\u00e1y l\u00e0m m\u00ec<\/strong>h\u1ed7 tr\u1ee3 s\u1ea3n xu\u1ea5t nhi\u1ec1u lo\u1ea1i m\u00ec kh\u00e1c nhau \u2014 t\u1eeb m\u00ec ng\u00f4 v\u00e0 m\u00ec g\u1ea1o \u0111\u1ebfn<a href=\"https:\/\/en.wikipedia.org\/wiki\/Amorphophallus_konjac\" data-type=\"link\" data-id=\"https:\/\/en.wikipedia.org\/wiki\/Amorphophallus_konjac\" target=\"_blank\" rel=\"noopener\">konjac<\/a>v\u00e0 m\u00ec ki\u1ec1u m\u1ea1ch.<\/p>    <p>Nh\u1edd thi\u1ebft k\u1ebf \u00e9p \u0111\u00f9n li\u00ean t\u1ee5c v\u00e0 thi\u1ebft b\u1ecb h\u1ed7 tr\u1ee3 t\u00f9y ch\u1ecdn (m\u00e1y tr\u1ed9n, m\u00e1y c\u1eaft, m\u00e1y s\u1ea5y), m\u00e1y n\u00e0y ph\u00f9 h\u1ee3p cho c\u1ea3 c\u1eeda h\u00e0ng quy m\u00f4 nh\u1ecf v\u00e0 nh\u00e0 m\u00e1y ch\u1ebf bi\u1ebfn th\u1ef1c ph\u1ea9m mong mu\u1ed1n ch\u1ea5t l\u01b0\u1ee3ng \u0111\u1ed3ng \u0111\u1ec1u, v\u1eadn h\u00e0nh d\u1ec5 d\u00e0ng v\u00e0 \u0111a d\u1ea1ng s\u1ea3n ph\u1ea9m.<\/p>","protected":false},"excerpt":{"rendered":"<p>M\u00e1y l\u00e0m m\u00ec \u0111a ch\u1ee9c n\u0103ng x\u1eed l\u00fd hi\u1ec7u qu\u1ea3 b\u1ed9t, n\u01b0\u1edbc v\u00e0 c\u00e1c nguy\u00ean li\u1ec7u th\u00f4 kh\u00e1c th\u00e0nh nhi\u1ec1u lo\u1ea1i m\u00ec kh\u00e1c nhau, bao g\u1ed3m m\u00ec ng\u00f4, m\u00ec ki\u1ec1u m\u1ea1ch v\u00e0 m\u00ec g\u1ea1o, v\u1edbi \u0111\u1ed9 d\u00e0y kh\u00e1c nhau.<\/p>","protected":false},"author":1,"featured_media":1305,"parent":0,"template":"","tags":[28,25],"product-type":[6],"class_list":["post-1302","product","type-product","status-publish","has-post-thumbnail","hentry","tag-noodle","tag-pastry","product-type-pastry-production-machine"],"_links":{"self":[{"href":"https:\/\/topfoodmachine.com\/vi\/wp-json\/wp\/v2\/product\/1302","targetHints":{"allow":["GET"]}}],"collection":[{"href":"https:\/\/topfoodmachine.com\/vi\/wp-json\/wp\/v2\/product"}],"about":[{"href":"https:\/\/topfoodmachine.com\/vi\/wp-json\/wp\/v2\/types\/product"}],"author":[{"embeddable":true,"href":"https:\/\/topfoodmachine.com\/vi\/wp-json\/wp\/v2\/users\/1"}],"wp:featuredmedia":[{"embeddable":true,"href":"https:\/\/topfoodmachine.com\/vi\/wp-json\/wp\/v2\/media\/1305"}],"wp:attachment":[{"href":"https:\/\/topfoodmachine.com\/vi\/wp-json\/wp\/v2\/media?parent=1302"}],"wp:term":[{"taxonomy":"post_tag","embeddable":true,"href":"https:\/\/topfoodmachine.com\/vi\/wp-json\/wp\/v2\/tags?post=1302"},{"taxonomy":"product-type","embeddable":true,"href":"https:\/\/topfoodmachine.com\/vi\/wp-json\/wp\/v2\/product-type?post=1302"}],"curies":[{"name":"wp","href":"https:\/\/api.w.org\/{rel}","templated":true}]}}