{"id":1235,"date":"2024-04-29T14:29:18","date_gmt":"2024-04-29T06:29:18","guid":{"rendered":"https:\/\/topfoodmachine.com\/?post_type=product&#038;p=1235"},"modified":"2024-04-29T14:29:19","modified_gmt":"2024-04-29T06:29:19","slug":"cookie-making-machine","status":"publish","type":"product","link":"https:\/\/topfoodmachine.com\/vi\/product\/cookie-making-machine\/","title":{"rendered":"M\u00e1y l\u00e0m b\u00e1nh quy\uff5cM\u00e1y \u0111\u1ed5 b\u00e1nh quy"},"content":{"rendered":"<div class=\"kk-star-ratings kksr-auto kksr-align-left kksr-valign-top\"     data-payload='{&quot;align&quot;:&quot;left&quot;,&quot;id&quot;:&quot;1235&quot;,&quot;slug&quot;:&quot;default&quot;,&quot;valign&quot;:&quot;top&quot;,&quot;ignore&quot;:&quot;&quot;,&quot;reference&quot;:&quot;auto&quot;,&quot;class&quot;:&quot;&quot;,&quot;count&quot;:&quot;25&quot;,&quot;legendonly&quot;:&quot;&quot;,&quot;readonly&quot;:&quot;&quot;,&quot;score&quot;:&quot;4.5&quot;,&quot;starsonly&quot;:&quot;&quot;,&quot;best&quot;:&quot;5&quot;,&quot;gap&quot;:&quot;5&quot;,&quot;greet&quot;:&quot;Rate this product&quot;,&quot;legend&quot;:&quot;4.5\\\/5 - (25 b\u00ecnh ch\u1ecdn)&quot;,&quot;size&quot;:&quot;24&quot;,&quot;title&quot;:&quot;Cookie making machine\uff5cBiscuit depositor&quot;,&quot;width&quot;:&quot;128&quot;,&quot;_legend&quot;:&quot;{score}\\\/{best} - ({count} {votes})&quot;,&quot;font_factor&quot;:&quot;1.25&quot;}'>              <div class=\"kksr-stars\">      <div class=\"kksr-stars-inactive\">             <div class=\"kksr-star\" data-star=\"1\" style=\"padding-right: 5px\">               <div class=\"kksr-icon\" style=\"width: 24px; height: 24px;\"><\/div>         <\/div>             <div class=\"kksr-star\" data-star=\"2\" style=\"padding-right: 5px\">               <div class=\"kksr-icon\" style=\"width: 24px; height: 24px;\"><\/div>         <\/div>             <div class=\"kksr-star\" data-star=\"3\" style=\"padding-right: 5px\">               <div class=\"kksr-icon\" style=\"width: 24px; height: 24px;\"><\/div>         <\/div>             <div class=\"kksr-star\" data-star=\"4\" style=\"padding-right: 5px\">               <div class=\"kksr-icon\" style=\"width: 24px; height: 24px;\"><\/div>         <\/div>             <div class=\"kksr-star\" data-star=\"5\" style=\"padding-right: 5px\">               <div class=\"kksr-icon\" style=\"width: 24px; height: 24px;\"><\/div>         <\/div>     <\/div>      <div class=\"kksr-stars-active\" style=\"width: 128px;\">             <div class=\"kksr-star\" style=\"padding-right: 5px\">               <div class=\"kksr-icon\" style=\"width: 24px; height: 24px;\"><\/div>         <\/div>             <div class=\"kksr-star\" style=\"padding-right: 5px\">               <div class=\"kksr-icon\" style=\"width: 24px; height: 24px;\"><\/div>         <\/div>             <div class=\"kksr-star\" style=\"padding-right: 5px\">               <div class=\"kksr-icon\" style=\"width: 24px; height: 24px;\"><\/div>         <\/div>             <div class=\"kksr-star\" style=\"padding-right: 5px\">               <div class=\"kksr-icon\" style=\"width: 24px; height: 24px;\"><\/div>         <\/div>             <div class=\"kksr-star\" style=\"padding-right: 5px\">               <div class=\"kksr-icon\" style=\"width: 24px; height: 24px;\"><\/div>         <\/div>     <\/div> <\/div>                   <div class=\"kksr-legend\" style=\"font-size: 19.2px;\">             4.5\/5 - (25 l\u01b0\u1ee3t b\u00ecnh ch\u1ecdn)    <\/div>     <\/div>  <p>M\u00e1y l\u00e0m b\u00e1nh quy l\u00e0 m\u1ed9t thi\u1ebft b\u1ecb \u0111\u1ed9c \u0111\u00e1o c\u00f3 kh\u1ea3 n\u0103ng \u0111\u00f9n b\u1ed9t th\u00e0nh nhi\u1ec1u h\u00ecnh d\u1ea1ng kh\u00e1c nhau \u0111\u1ec3 s\u1ea3n xu\u1ea5t b\u00e1nh quy. B\u1eb1ng c\u00e1ch \u0111\u01a1n gi\u1ea3n thay \u0111\u1ed5i c\u00e1c khu\u00f4n kh\u00e1c nhau, m\u00e1y n\u00e0y c\u00f3 th\u1ec3 t\u1ea1o ra b\u00e1nh quy v\u1edbi c\u00e1c h\u00ecnh d\u1ea1ng kh\u00e1c nhau, mang l\u1ea1i cho ch\u00fang nh\u1eefng v\u1ebb ngo\u00e0i \u0111\u1ed9c \u0111\u00e1o v\u00e0 h\u1ea5p d\u1eabn. Nh\u1eefng chi\u1ebfc b\u00e1nh quy \u0111\u01b0\u1ee3c l\u00e0m b\u1edfi M\u00e1y l\u00e0m b\u00e1nh quy c\u00f3 h\u00ecnh d\u1ea1ng \u0111\u1eb7c bi\u1ec7t, h\u1ecda ti\u1ebft s\u1ea1ch s\u1ebd v\u00e0 thi\u1ebft k\u1ebf \u0111\u1eb9p m\u1eaft.<\/p>    <p>H\u01a1n n\u1eefa, M\u00e1y l\u00e0m b\u00e1nh quy c\u00f3 th\u1ec3 \u0111\u01b0\u1ee3c gh\u00e9p n\u1ed1i v\u1edbi l\u00f2 n\u01b0\u1edbng \u0111\u1ec3 n\u01b0\u1edbng b\u00e1nh quy sau khi ch\u00fang \u0111\u01b0\u1ee3c \u0111\u1ecbnh h\u00ecnh. D\u00e2y chuy\u1ec1n s\u1ea3n xu\u1ea5t ho\u00e0n ch\u1ec9nh n\u00e0y t\u0103ng c\u01b0\u1eddng \u0111\u00e1ng k\u1ec3 hi\u1ec7u qu\u1ea3 s\u1ea3n xu\u1ea5t b\u00e1nh quy.<\/p>    <p>Nh\u1ecf g\u1ecdn v\u00e0 t\u1ef1 \u0111\u1ed9ng, M\u00e1y l\u00e0m b\u00e1nh quy ph\u00f9 h\u1ee3p cho c\u1ea3 nh\u00e0 m\u00e1y b\u00e1nh quy nh\u1ecf v\u00e0 l\u1edbn. N\u00f3 cung c\u1ea5p t\u00ednh linh ho\u1ea1t v\u00e0 hi\u1ec7u qu\u1ea3, l\u00e0m cho n\u00f3 tr\u1edf th\u00e0nh l\u1ef1a ch\u1ecdn ho\u00e0n h\u1ea3o \u0111\u1ec3 s\u1ea3n xu\u1ea5t nhi\u1ec1u lo\u1ea1i b\u00e1nh quy ngon.<\/p>    <figure class=\"wp-block-gallery has-nested-images columns-default is-cropped wp-block-gallery-2 is-layout-flex wp-block-gallery-is-layout-flex\"> <figure class=\"wp-block-image size-full\"><img loading=\"lazy\" decoding=\"async\" width=\"720\" height=\"540\" data-id=\"1237\" src=\"https:\/\/topfoodmachine.com\/wp-content\/uploads\/2024\/04\/automatic-Cookie-making-machine.webp\" alt=\"m\u00e1y l\u00e0m b\u00e1nh quy t\u1ef1 \u0111\u1ed9ng\" class=\"wp-image-1237\" srcset=\"https:\/\/topfoodmachine.com\/wp-content\/uploads\/2024\/04\/automatic-Cookie-making-machine.webp 720w, https:\/\/topfoodmachine.com\/wp-content\/uploads\/2024\/04\/automatic-Cookie-making-machine-300x225.webp 300w, https:\/\/topfoodmachine.com\/wp-content\/uploads\/2024\/04\/automatic-Cookie-making-machine-16x12.webp 16w\" sizes=\"auto, (max-width: 720px) 100vw, 720px\" \/><figcaption class=\"wp-element-caption\">m\u00e1y l\u00e0m b\u00e1nh quy t\u1ef1 \u0111\u1ed9ng<\/figcaption><\/figure>    <figure class=\"wp-block-image size-full\"><img loading=\"lazy\" decoding=\"async\" width=\"720\" height=\"540\" data-id=\"1246\" src=\"https:\/\/topfoodmachine.com\/wp-content\/uploads\/2024\/04\/effective-Cookie-making-machine.webp\" alt=\"m\u00e1y l\u00e0m b\u00e1nh quy hi\u1ec7u qu\u1ea3\" class=\"wp-image-1246\" srcset=\"https:\/\/topfoodmachine.com\/wp-content\/uploads\/2024\/04\/effective-Cookie-making-machine.webp 720w, https:\/\/topfoodmachine.com\/wp-content\/uploads\/2024\/04\/effective-Cookie-making-machine-300x225.webp 300w, https:\/\/topfoodmachine.com\/wp-content\/uploads\/2024\/04\/effective-Cookie-making-machine-16x12.webp 16w\" sizes=\"auto, (max-width: 720px) 100vw, 720px\" \/><figcaption class=\"wp-element-caption\">m\u00e1y l\u00e0m b\u00e1nh quy hi\u1ec7u qu\u1ea3<\/figcaption><\/figure> <\/figure>    <h2 class=\"wp-block-heading\">C\u00e1c lo\u1ea1i m\u00e1y l\u00e0m b\u00e1nh quy kh\u00e1c nhau<\/h2>    <p>Trong l\u0129nh v\u1ef1c s\u1ea3n xu\u1ea5t b\u00e1nh quy, ch\u00fang t\u00f4i cung c\u1ea5p ba lo\u1ea1i m\u00e1y l\u00e0m b\u00e1nh quy kh\u00e1c nhau: m\u00f4 h\u00ecnh PLC, m\u00f4 h\u00ecnh c\u01a1 kh\u00ed v\u00e0 m\u00f4 h\u00ecnh th\u1ee7 c\u00f4ng. Nh\u1eefng m\u00e1y n\u00e0y c\u00f3 th\u1ec3 gi\u00fap b\u1ea1n s\u1ea3n xu\u1ea5t b\u00e1nh quy v\u1edbi nhi\u1ec1u h\u00ecnh d\u1ea1ng kh\u00e1c nhau, v\u1ebb ngo\u00e0i \u0111\u1eb9p m\u1eaft v\u00e0 h\u01b0\u01a1ng v\u1ecb phong ph\u00fa \u0111\u1ec3 \u0111\u00e1p \u1ee9ng nhu c\u1ea7u c\u1ee7a c\u00e1c kh\u00e1ch h\u00e0ng kh\u00e1c nhau. H\u00e3y c\u00f9ng xem c\u00e1c t\u00ednh n\u0103ng v\u00e0 l\u1ee3i th\u1ebf c\u1ee7a t\u1eebng lo\u1ea1i m\u00e1y l\u00e0m b\u00e1nh quy.<\/p>    <h3 class=\"wp-block-heading\">1. <strong>M\u00f4 H\u00ecnh PLC<\/strong> M\u00e1y B\u00e1nh Quy: <\/h3>    <figure class=\"wp-block-image size-full\"><img loading=\"lazy\" decoding=\"async\" width=\"720\" height=\"540\" src=\"https:\/\/topfoodmachine.com\/wp-content\/uploads\/2024\/04\/PLC-Model-Cookie-Machine.webp\" alt=\"M\u00e1y l\u00e0m b\u00e1nh quy m\u00f4 h\u00ecnh PLC\" class=\"wp-image-1238\" srcset=\"https:\/\/topfoodmachine.com\/wp-content\/uploads\/2024\/04\/PLC-Model-Cookie-Machine.webp 720w, https:\/\/topfoodmachine.com\/wp-content\/uploads\/2024\/04\/PLC-Model-Cookie-Machine-300x225.webp 300w, https:\/\/topfoodmachine.com\/wp-content\/uploads\/2024\/04\/PLC-Model-Cookie-Machine-16x12.webp 16w\" sizes=\"auto, (max-width: 720px) 100vw, 720px\" \/><figcaption class=\"wp-element-caption\">M\u00e1y l\u00e0m b\u00e1nh quy m\u00f4 h\u00ecnh PLC<\/figcaption><\/figure>    <p>Trong s\u1ed1 c\u00e1c lo\u1ea1i m\u00e1y l\u00e0m b\u00e1nh quy c\u1ee7a ch\u00fang t\u00f4i, m\u00f4 h\u00ecnh PLC n\u1ed5i b\u1eadt nh\u01b0 m\u1ed9t trong nh\u1eefng l\u1ef1a ch\u1ecdn ti\u00ean ti\u1ebfn nh\u1ea5t hi\u1ec7n c\u00f3. M\u00f4 h\u00ecnh n\u00e0y c\u00f3 kh\u1ea3 n\u0103ng s\u1ea3n xu\u1ea5t c\u1ea3 b\u00e1nh quy m\u1ec1m v\u00e0 c\u1ee9ng. B\u00e1nh quy m\u1ec1m \u0111\u01b0\u1ee3c l\u00e0m b\u1eb1ng c\u00e1ch \u00e9p b\u1ed9t qua c\u00e1c con l\u0103n, trong khi b\u00e1nh quy c\u1ee9ng \u0111\u01b0\u1ee3c c\u1eaft b\u1eb1ng m\u00e1y c\u1eaft d\u00e2y. <\/p>    <p>\u0110\u01b0\u1ee3c trang b\u1ecb m\u00e0n h\u00ecnh PLC ti\u00ean ti\u1ebfn, m\u00e1y n\u00e0y cho ph\u00e9p ki\u1ec3m so\u00e1t ch\u00ednh x\u00e1c v\u1ec1 th\u1ec3 t\u00edch \u00e9p, ph\u01b0\u01a1ng ph\u00e1p xo\u1eafn, t\u1ed1c \u0111\u1ed9 v\u00e0 nhi\u1ec1u h\u01a1n n\u1eefa, \u0111\u1ea3m b\u1ea3o h\u00ecnh d\u1ea1ng v\u00e0 ch\u1ea5t l\u01b0\u1ee3ng b\u00e1nh quy \u0111\u1ed3ng nh\u1ea5t.<\/p>    <h3 class=\"wp-block-heading\">2. <strong>M\u00f4 H\u00ecnh C\u01a1 Kh\u00ed<\/strong> M\u00e1y L\u00e0m B\u00e1nh Quy: <\/h3>    <figure class=\"wp-block-image size-full\"><img loading=\"lazy\" decoding=\"async\" width=\"720\" height=\"540\" src=\"https:\/\/topfoodmachine.com\/wp-content\/uploads\/2024\/04\/Mechanical-Model-Biscuit-Maker.webp\" alt=\"M\u00e1y l\u00e0m b\u00e1nh quy m\u00f4 h\u00ecnh c\u01a1 kh\u00ed\" class=\"wp-image-1239\" srcset=\"https:\/\/topfoodmachine.com\/wp-content\/uploads\/2024\/04\/Mechanical-Model-Biscuit-Maker.webp 720w, https:\/\/topfoodmachine.com\/wp-content\/uploads\/2024\/04\/Mechanical-Model-Biscuit-Maker-300x225.webp 300w, https:\/\/topfoodmachine.com\/wp-content\/uploads\/2024\/04\/Mechanical-Model-Biscuit-Maker-16x12.webp 16w\" sizes=\"auto, (max-width: 720px) 100vw, 720px\" \/><figcaption class=\"wp-element-caption\">M\u00e1y l\u00e0m b\u00e1nh quy m\u00f4 h\u00ecnh c\u01a1 kh\u00ed<\/figcaption><\/figure>    <p>Ngo\u00e0i m\u00f4 h\u00ecnh PLC, ch\u00fang t\u00f4i c\u0169ng cung c\u1ea5p m\u1ed9t m\u00f4 h\u00ecnh c\u01a1 kh\u00ed c\u1ee7a m\u00e1y l\u00e0m b\u00e1nh quy. S\u1ef1 kh\u00e1c bi\u1ec7t ch\u00ednh n\u1eb1m \u1edf h\u1ec7 th\u1ed1ng \u0111i\u1ec1u khi\u1ec3n. Kh\u00f4ng gi\u1ed1ng nh\u01b0 m\u00f4 h\u00ecnh PLC, m\u00f4 h\u00ecnh c\u01a1 kh\u00ed kh\u00f4ng c\u00f3 m\u00e0n h\u00ecnh \u0111\u1ec3 \u0111i\u1ec1u khi\u1ec3n. <\/p>    <p>C\u00e1c \u0111i\u1ec1u ch\u1ec9nh c\u1ea7n \u0111\u01b0\u1ee3c th\u1ef1c hi\u1ec7n b\u1eb1ng tay, \u0111i\u1ec1u n\u00e0y c\u00f3 th\u1ec3 \u00edt thu\u1eadn ti\u1ec7n v\u00e0 ch\u00ednh x\u00e1c h\u01a1n m\u1ed9t ch\u00fat so v\u1edbi m\u00f4 h\u00ecnh PLC. Tuy nhi\u00ean, n\u00f3 v\u1eabn cung c\u1ea5p hi\u1ec7u su\u1ea5t \u0111\u00e1ng tin c\u1eady v\u00e0 ph\u00f9 h\u1ee3p cho s\u1ea3n xu\u1ea5t quy m\u00f4 nh\u1ecf h\u01a1n.<\/p>    <h3 class=\"wp-block-heading\">3. <strong>M\u00f4 H\u00ecnh Th\u1ee7 C\u00f4ng<\/strong> M\u00e1y L\u00e0m B\u00e1nh Quy: <\/h3>    <figure class=\"wp-block-image size-full\"><img loading=\"lazy\" decoding=\"async\" width=\"720\" height=\"540\" src=\"https:\/\/topfoodmachine.com\/wp-content\/uploads\/2024\/04\/Manual-Model-Cookie-Making-Machine.webp\" alt=\"M\u00e1y l\u00e0m b\u00e1nh quy m\u00f4 h\u00ecnh th\u1ee7 c\u00f4ng\" class=\"wp-image-1240\" srcset=\"https:\/\/topfoodmachine.com\/wp-content\/uploads\/2024\/04\/Manual-Model-Cookie-Making-Machine.webp 720w, https:\/\/topfoodmachine.com\/wp-content\/uploads\/2024\/04\/Manual-Model-Cookie-Making-Machine-300x225.webp 300w, https:\/\/topfoodmachine.com\/wp-content\/uploads\/2024\/04\/Manual-Model-Cookie-Making-Machine-16x12.webp 16w\" sizes=\"auto, (max-width: 720px) 100vw, 720px\" \/><figcaption class=\"wp-element-caption\">M\u00e1y l\u00e0m b\u00e1nh quy m\u00f4 h\u00ecnh th\u1ee7 c\u00f4ng<\/figcaption><\/figure>    <p>Ngo\u00e0i c\u00e1c m\u00f4 h\u00ecnh t\u1ef1 \u0111\u1ed9ng PLC v\u00e0 c\u01a1 kh\u00ed, ch\u00fang t\u00f4i c\u0169ng cung c\u1ea5p m\u1ed9t m\u00f4 h\u00ecnh th\u1ee7 c\u00f4ng c\u1ee7a m\u00e1y l\u00e0m b\u00e1nh quy. M\u00e1y b\u00e1n t\u1ef1 \u0111\u1ed9ng n\u00e0y c\u00f3 b\u00e0n \u0111\u1ea1p \u0111\u1ec3 \u00e9p v\u00e0 y\u00eau c\u1ea7u v\u1eadn h\u00e0nh th\u1ee7 c\u00f4ng \u0111\u1ec3 ti\u1ebfn v\u00e0 thu tray. <\/p>    <p>\u0110\u01b0\u1ee3c trang b\u1ecb v\u00f2i \u00e9p b\u1eb1ng \u0111\u1ed3ng v\u00e0 c\u00e1c th\u00e0nh ph\u1ea7n kh\u00e1c l\u00e0m t\u1eeb th\u00e9p kh\u00f4ng g\u1ec9 201, m\u00e1y n\u00e0y cung c\u1ea5p ch\u1ee9c n\u0103ng c\u01a1 b\u1ea3n cho vi\u1ec7c l\u00e0m b\u00e1nh quy. Ngo\u00e0i ra, n\u00f3 \u0111i k\u00e8m v\u1edbi 27 b\u1ed9 v\u00f2i thay th\u1ebf, cho ph\u00e9p kh\u00e1ch h\u00e0ng l\u1ef1a ch\u1ecdn theo y\u00eau c\u1ea7u c\u1ee5 th\u1ec3 c\u1ee7a h\u1ecd.<\/p>    <p>Cho d\u00f9 b\u1ea1n c\u1ea7n ki\u1ec3m so\u00e1t ch\u00ednh x\u00e1c m\u00e0 m\u00f4 h\u00ecnh PLC cung c\u1ea5p, \u0111\u1ed9 tin c\u1eady c\u01a1 kh\u00ed c\u1ee7a m\u00f4 h\u00ecnh c\u01a1 kh\u00ed, hay ch\u1ee9c n\u0103ng c\u01a1 b\u1ea3n m\u00e0 m\u00f4 h\u00ecnh th\u1ee7 c\u00f4ng cung c\u1ea5p, d\u1ea3i m\u00e1y l\u00e0m b\u00e1nh quy c\u1ee7a ch\u00fang t\u00f4i \u0111\u00e1p \u1ee9ng nhi\u1ec1u nhu c\u1ea7u v\u00e0 s\u1edf th\u00edch s\u1ea3n xu\u1ea5t kh\u00e1c nhau.<\/p>    <h2 class=\"wp-block-heading\">C\u00e1c t\u00ednh n\u0103ng ch\u00ednh c\u1ee7a m\u00e1y l\u00e0m b\u00e1nh quy<\/h2>    <figure class=\"wp-block-image size-full\"><img loading=\"lazy\" decoding=\"async\" width=\"720\" height=\"540\" src=\"https:\/\/topfoodmachine.com\/wp-content\/uploads\/2024\/04\/Biscuit-depositor-for-sale.webp\" alt=\"M\u00e1y r\u1ea3i b\u00e1nh quy \u0111\u1ec3 b\u00e1n\" class=\"wp-image-1241\" srcset=\"https:\/\/topfoodmachine.com\/wp-content\/uploads\/2024\/04\/Biscuit-depositor-for-sale.webp 720w, https:\/\/topfoodmachine.com\/wp-content\/uploads\/2024\/04\/Biscuit-depositor-for-sale-300x225.webp 300w, https:\/\/topfoodmachine.com\/wp-content\/uploads\/2024\/04\/Biscuit-depositor-for-sale-16x12.webp 16w\" sizes=\"auto, (max-width: 720px) 100vw, 720px\" \/><figcaption class=\"wp-element-caption\">M\u00e1y r\u1ea3i b\u00e1nh quy \u0111\u1ec3 b\u00e1n<\/figcaption><\/figure>    <p>M\u00e1y t\u1ea1o h\u00ecnh b\u00e1nh quy \u0111\u01b0\u1ee3c thi\u1ebft k\u1ebf \u0111\u1ec3 d\u1ec5 v\u1eadn h\u00e0nh, ch\u1ec9 c\u1ea7n m\u1ed9t ng\u01b0\u1eddi \u0111i\u1ec1u khi\u1ec3n to\u00e0n b\u1ed9 qu\u00e1 tr\u00ecnh. Ph\u1ea1m vi \u1ee9ng d\u1ee5ng r\u1ed9ng r\u00e3i c\u1ee7a n\u00f3 l\u00e0m cho n\u00f3 c\u1ef1c k\u1ef3 linh ho\u1ea1t. N\u00f3 c\u00f3 th\u1ec3 s\u1ea3n xu\u1ea5t hi\u1ec7u qu\u1ea3 nhi\u1ec1u lo\u1ea1i b\u00e1nh quy kh\u00e1c nhau, bao g\u1ed3m b\u00e1nh quy Jenny, b\u00e1nh quy truy\u1ec1n th\u1ed1ng, b\u00e1nh nguy\u00ean chi\u1ebfc, macarons, b\u00e1nh puff, b\u00e1nh m\u00e8, b\u00e1nh rong bi\u1ec3n, b\u00e1nh m\u00e8, b\u00e1nh l\u00f2ng \u0111\u1ecf tr\u1ee9ng v\u00e0 nhi\u1ec1u h\u01a1n n\u1eefa.<\/p>    <p>\u0110\u01b0\u1ee3c trang b\u1ecb h\u1ec7 th\u1ed1ng \u0111i\u1ec1u khi\u1ec3n PLC \u0111\u1ed9ng c\u01a1 servo ti\u00ean ti\u1ebfn, m\u00e1y r\u1ea3i b\u00e1nh quy \u0111\u1ea3m b\u1ea3o s\u1ea3n ph\u1ea9m \u0111\u1ea7u ra ch\u00ednh x\u00e1c v\u00e0 \u0111\u1ed3ng nh\u1ea5t. M\u1ed7i m\u00e1y \u00e9p b\u1ed9t s\u1ea3n xu\u1ea5t b\u00e1nh quy c\u00f3 c\u00f9ng k\u00edch th\u01b0\u1edbc v\u00e0 h\u00ecnh d\u1ea1ng, \u0111\u1ea3m b\u1ea3o t\u00ednh \u0111\u1ed3ng nh\u1ea5t v\u00e0 ch\u1ea5t l\u01b0\u1ee3ng gi\u1eefa c\u00e1c m\u1ebb.<\/p>    <p>M\u00e1y n\u00e0y s\u1edf h\u1eefu c\u00f4ng ngh\u1ec7 ti\u00ean ti\u1ebfn, cung c\u1ea5p ki\u1ec3m so\u00e1t tr\u1ecdng l\u01b0\u1ee3ng ch\u00ednh x\u00e1c, v\u1eadn h\u00e0nh \u0111\u01a1n gi\u1ea3n v\u00e0 m\u1ee9c gi\u00e1 c\u1ea1nh tranh. Ngo\u00e0i ra, n\u00f3 c\u00f3 th\u1ec3 \u0111\u01b0\u1ee3c t\u00edch h\u1ee3p li\u1ec1n m\u1ea1ch v\u00e0o d\u00e2y chuy\u1ec1n s\u1ea3n xu\u1ea5t b\u00e1nh quy, l\u00e0m vi\u1ec7c c\u00f9ng v\u1edbi m\u00e1y tr\u1ed9n b\u1ed9t, m\u00e1y n\u01b0\u1edbng v\u00e0 c\u00e1c thi\u1ebft b\u1ecb kh\u00e1c \u0111\u1ec3 t\u1ed1i \u01b0u h\u00f3a quy tr\u00ecnh s\u1ea3n xu\u1ea5t.<\/p>    <h2 class=\"wp-block-heading\">M\u1ed9t tr\u01b0\u1eddng h\u1ee3p th\u00e0nh c\u00f4ng c\u1ee7a m\u00e1y t\u1ea1o h\u00ecnh b\u00e1nh quy<\/h2>    <figure class=\"wp-block-gallery has-nested-images columns-default is-cropped wp-block-gallery-3 is-layout-flex wp-block-gallery-is-layout-flex\"> <figure class=\"wp-block-image size-large\"><img loading=\"lazy\" decoding=\"async\" width=\"720\" height=\"540\" data-id=\"1242\" src=\"https:\/\/topfoodmachine.com\/wp-content\/uploads\/2024\/04\/Biscuit-depositor-with-good-price.webp\" alt=\"M\u00e1y r\u1ea3i b\u00e1nh quy v\u1edbi gi\u00e1 t\u1ed1t\" class=\"wp-image-1242\" srcset=\"https:\/\/topfoodmachine.com\/wp-content\/uploads\/2024\/04\/Biscuit-depositor-with-good-price.webp 720w, https:\/\/topfoodmachine.com\/wp-content\/uploads\/2024\/04\/Biscuit-depositor-with-good-price-300x225.webp 300w, https:\/\/topfoodmachine.com\/wp-content\/uploads\/2024\/04\/Biscuit-depositor-with-good-price-16x12.webp 16w\" sizes=\"auto, (max-width: 720px) 100vw, 720px\" \/><figcaption class=\"wp-element-caption\">M\u00e1y r\u1ea3i b\u00e1nh quy v\u1edbi gi\u00e1 t\u1ed1t<\/figcaption><\/figure>    <figure class=\"wp-block-image size-large\"><img loading=\"lazy\" decoding=\"async\" width=\"720\" height=\"540\" data-id=\"1243\" src=\"https:\/\/topfoodmachine.com\/wp-content\/uploads\/2024\/04\/Cookie-making-machine-for-business.webp\" alt=\"M\u00e1y l\u00e0m b\u00e1nh quy cho doanh nghi\u1ec7p\" class=\"wp-image-1243\" srcset=\"https:\/\/topfoodmachine.com\/wp-content\/uploads\/2024\/04\/Cookie-making-machine-for-business.webp 720w, https:\/\/topfoodmachine.com\/wp-content\/uploads\/2024\/04\/Cookie-making-machine-for-business-300x225.webp 300w, https:\/\/topfoodmachine.com\/wp-content\/uploads\/2024\/04\/Cookie-making-machine-for-business-16x12.webp 16w\" sizes=\"auto, (max-width: 720px) 100vw, 720px\" \/><figcaption class=\"wp-element-caption\">M\u00e1y l\u00e0m b\u00e1nh quy cho doanh nghi\u1ec7p<\/figcaption><\/figure> <\/figure>    <p class=\"translation-block\">G\u1ea7n \u0111\u00e2y, ch\u00fang t\u00f4i \u0111\u00e3 ho\u00e0n th\u00e0nh m\u1ed9t tr\u01b0\u1eddng h\u1ee3p th\u00e0nh c\u00f4ng c\u1ee7a m\u00e1y t\u1ea1o h\u00ecnh <a href=\"https:\/\/en.wikipedia.org\/wiki\/Cookie\" data-type=\"link\" data-id=\"https:\/\/en.wikipedia.org\/wiki\/Cookie\" target=\"_blank\" rel=\"noopener\">b\u00e1nh quy<\/a> c\u1ee7a ch\u00fang t\u00f4i t\u1ea1i Hoa K\u1ef3. Kh\u00e1ch h\u00e0ng c\u1ee7a ch\u00fang t\u00f4i, m\u1ed9t c\u00f4ng ty s\u1ea3n xu\u1ea5t b\u00e1nh quy m\u1edbi, c\u1ea7n m\u1ed9t m\u00e1y hi\u1ec7u qu\u1ea3 c\u00f3 kh\u1ea3 n\u0103ng s\u1ea3n xu\u1ea5t nhi\u1ec1u lo\u1ea1i b\u00e1nh quy kh\u00e1c nhau. Ch\u00fang t\u00f4i \u0111\u00e3 gi\u1edbi thi\u1ec7u m\u00e1y t\u1ea1o h\u00ecnh b\u00e1nh quy c\u1ee7a ch\u00fang t\u00f4i, n\u1ed5i ti\u1ebfng v\u1edbi s\u1ef1 d\u1ec5 d\u00e0ng trong v\u1eadn h\u00e0nh v\u00e0 t\u00ednh linh ho\u1ea1t. <\/p>    <p>\u0110\u01b0\u1ee3c trang b\u1ecb h\u1ec7 th\u1ed1ng \u0111i\u1ec1u khi\u1ec3n PLC \u0111\u1ed9ng c\u01a1 servo ti\u00ean ti\u1ebfn, m\u00e1y c\u1ee7a ch\u00fang t\u00f4i \u0111\u1ea3m b\u1ea3o ki\u1ec3m so\u00e1t tr\u1ecdng l\u01b0\u1ee3ng ch\u00ednh x\u00e1c v\u00e0 ch\u1ea5t l\u01b0\u1ee3ng s\u1ea3n ph\u1ea9m \u0111\u1ed3ng nh\u1ea5t. Kh\u00e1ch h\u00e0ng r\u1ea5t h\u00e0i l\u00f2ng v\u1edbi hi\u1ec7u su\u1ea5t c\u1ee7a m\u00e1y, \u0111i\u1ec1u n\u00e0y \u0111\u00e3 c\u1ea3i thi\u1ec7n \u0111\u00e1ng k\u1ec3 hi\u1ec7u qu\u1ea3 s\u1ea3n xu\u1ea5t v\u00e0 ch\u1ea5t l\u01b0\u1ee3ng s\u1ea3n ph\u1ea9m c\u1ee7a h\u1ecd. <\/p>    <p>Tr\u01b0\u1eddng h\u1ee3p th\u00e0nh c\u00f4ng n\u00e0y c\u00e0ng ch\u1ee9ng minh chuy\u00ean m\u00f4n c\u1ee7a c\u00f4ng ty ch\u00fang t\u00f4i trong thi\u1ebft b\u1ecb s\u1ea3n xu\u1ea5t b\u00e1nh quy v\u00e0 c\u1ee7ng c\u1ed1 v\u1ecb th\u1ebf c\u1ee7a ch\u00fang t\u00f4i tr\u00ean th\u1ecb tr\u01b0\u1eddng M\u1ef9.<\/p>    <figure class=\"wp-block-image size-full\"><img loading=\"lazy\" decoding=\"async\" width=\"720\" height=\"540\" src=\"https:\/\/topfoodmachine.com\/wp-content\/uploads\/2024\/04\/cookies.webp\" alt=\"b\u00e1nh quy\" class=\"wp-image-1245\" srcset=\"https:\/\/topfoodmachine.com\/wp-content\/uploads\/2024\/04\/cookies.webp 720w, https:\/\/topfoodmachine.com\/wp-content\/uploads\/2024\/04\/cookies-300x225.webp 300w, https:\/\/topfoodmachine.com\/wp-content\/uploads\/2024\/04\/cookies-16x12.webp 16w\" sizes=\"auto, (max-width: 720px) 100vw, 720px\" \/><figcaption class=\"wp-element-caption\">b\u00e1nh quy<\/figcaption><\/figure>    <h2 class=\"wp-block-heading\">C\u00e1c th\u00f4ng s\u1ed1 c\u1ee7a m\u00e1y \u0111\u1ed5 b\u00e1nh quy<\/h2>    <figure class=\"wp-block-table\"><table><tbody><tr><td>Ng\u01b0\u1eddi m\u1eabu<\/td><td>TZ-400<\/td><\/tr><tr><td>Quy\u1ec1n l\u1ef1c<\/td><td>1,5KW<\/td><\/tr><tr><td>\u00c1p su\u1ea5t kh\u00f4ng kh\u00ed<\/td><td>5-6kg\/m\u00b3<\/td><\/tr><tr><td>V\u00f4n<\/td><td>220V\/50HZ<\/td><\/tr><tr><td>Dung t\u00edch<\/td><td>100-180kg\/h<\/td><\/tr><tr><td>K\u00edch th\u01b0\u1edbc khay n\u01b0\u1edbng<\/td><td>600*400mm<\/td><\/tr><tr><td>K\u00edch th\u01b0\u1edbc thi\u1ebft b\u1ecb<\/td><td>1460*960*1240mm<\/td><\/tr><tr><td>C\u00e2n n\u1eb7ng<\/td><td>500KG<\/td><\/tr><\/tbody><\/table><figcaption class=\"wp-element-caption\">th\u00f4ng s\u1ed1 c\u1ee7a m\u00e1y l\u00e0m b\u00e1nh quy<\/figcaption><\/figure>    <h2 class=\"wp-block-heading\">\u0110\u1ea7u t\u01b0 v\u00e0o m\u00e1y l\u00e0m b\u00e1nh quy c\u1ee7a ch\u00fang t\u00f4i<\/h2>    <figure class=\"wp-block-image size-full\"><img loading=\"lazy\" decoding=\"async\" width=\"720\" height=\"540\" src=\"https:\/\/topfoodmachine.com\/wp-content\/uploads\/2024\/04\/high-quality-Cookie-making-machine.webp\" alt=\"m\u00e1y l\u00e0m b\u00e1nh quy ch\u1ea5t l\u01b0\u1ee3ng cao\" class=\"wp-image-1244\" srcset=\"https:\/\/topfoodmachine.com\/wp-content\/uploads\/2024\/04\/high-quality-Cookie-making-machine.webp 720w, https:\/\/topfoodmachine.com\/wp-content\/uploads\/2024\/04\/high-quality-Cookie-making-machine-300x225.webp 300w, https:\/\/topfoodmachine.com\/wp-content\/uploads\/2024\/04\/high-quality-Cookie-making-machine-16x12.webp 16w\" sizes=\"auto, (max-width: 720px) 100vw, 720px\" \/><figcaption class=\"wp-element-caption\">m\u00e1y l\u00e0m b\u00e1nh quy ch\u1ea5t l\u01b0\u1ee3ng cao<\/figcaption><\/figure>    <p>B\u1eb1ng c\u00e1ch gi\u1edbi thi\u1ec7u m\u00e1y l\u00e0m b\u00e1nh quy c\u1ee7a ch\u00fang t\u00f4i, b\u1ea1n kh\u00f4ng ch\u1ec9 t\u0103ng hi\u1ec7u qu\u1ea3 s\u1ea3n xu\u1ea5t m\u00e0 c\u00f2n gi\u1ea3m chi ph\u00ed s\u1ea3n xu\u1ea5t trong khi c\u1ea3i thi\u1ec7n ch\u1ea5t l\u01b0\u1ee3ng s\u1ea3n ph\u1ea9m. Ch\u00fang t\u00f4i cam k\u1ebft cung c\u1ea5p cho b\u1ea1n c\u00f4ng ngh\u1ec7 v\u00e0 thi\u1ebft b\u1ecb ti\u00ean ti\u1ebfn nh\u1ea5t \u0111\u1ec3 \u0111\u00e1p \u1ee9ng nhu c\u1ea7u th\u1ecb tr\u01b0\u1eddng lu\u00f4n thay \u0111\u1ed5i. <\/p>    <p>Ch\u1ecdn m\u00e1y l\u00e0m b\u00e1nh quy c\u1ee7a ch\u00fang t\u00f4i \u0111\u1ec3 l\u00e0m cho quy tr\u00ecnh s\u1ea3n xu\u1ea5t b\u00e1nh quy c\u1ee7a b\u1ea1n tr\u1edf n\u00ean th\u00f4ng minh h\u01a1n, hi\u1ec7u qu\u1ea3 h\u01a1n v\u00e0 b\u1ec1n v\u1eefng h\u01a1n, t\u1eeb \u0111\u00f3 duy tr\u00ec v\u1ecb th\u1ebf d\u1eabn \u0111\u1ea7u trong th\u1ecb tr\u01b0\u1eddng c\u1ea1nh tranh. Li\u00ean h\u1ec7 v\u1edbi ch\u00fang t\u00f4i ngay b\u00e2y gi\u1edd \u0111\u1ec3 t\u00ecm hi\u1ec3u th\u00eam v\u1ec1 c\u00e1ch m\u00e1y l\u00e0m b\u00e1nh quy c\u1ee7a ch\u00fang t\u00f4i c\u00f3 th\u1ec3 gi\u00fap b\u1ea1n n\u00e2ng cao c\u1ea5p \u0111\u1ed9 s\u1ea3n xu\u1ea5t c\u1ee7a m\u00ecnh!<\/p>","protected":false},"excerpt":{"rendered":"<p>M\u00e1y l\u00e0m b\u00e1nh quy l\u00e0 m\u1ed9t thi\u1ebft b\u1ecb \u0111\u1ed9c \u0111\u00e1o c\u00f3 kh\u1ea3 n\u0103ng \u0111\u00f9n b\u1ed9t th\u00e0nh nhi\u1ec1u h\u00ecnh d\u1ea1ng kh\u00e1c nhau \u0111\u1ec3 s\u1ea3n xu\u1ea5t b\u00e1nh quy.<\/p>","protected":false},"author":1,"featured_media":1236,"parent":0,"template":"","tags":[],"product-type":[6],"class_list":["post-1235","product","type-product","status-publish","has-post-thumbnail","hentry","product-type-pastry-production-machine"],"_links":{"self":[{"href":"https:\/\/topfoodmachine.com\/vi\/wp-json\/wp\/v2\/product\/1235","targetHints":{"allow":["GET"]}}],"collection":[{"href":"https:\/\/topfoodmachine.com\/vi\/wp-json\/wp\/v2\/product"}],"about":[{"href":"https:\/\/topfoodmachine.com\/vi\/wp-json\/wp\/v2\/types\/product"}],"author":[{"embeddable":true,"href":"https:\/\/topfoodmachine.com\/vi\/wp-json\/wp\/v2\/users\/1"}],"wp:featuredmedia":[{"embeddable":true,"href":"https:\/\/topfoodmachine.com\/vi\/wp-json\/wp\/v2\/media\/1236"}],"wp:attachment":[{"href":"https:\/\/topfoodmachine.com\/vi\/wp-json\/wp\/v2\/media?parent=1235"}],"wp:term":[{"taxonomy":"post_tag","embeddable":true,"href":"https:\/\/topfoodmachine.com\/vi\/wp-json\/wp\/v2\/tags?post=1235"},{"taxonomy":"product-type","embeddable":true,"href":"https:\/\/topfoodmachine.com\/vi\/wp-json\/wp\/v2\/product-type?post=1235"}],"curies":[{"name":"wp","href":"https:\/\/api.w.org\/{rel}","templated":true}]}}