{"id":1223,"date":"2024-04-29T09:19:31","date_gmt":"2024-04-29T01:19:31","guid":{"rendered":"https:\/\/topfoodmachine.com\/?post_type=product&#038;p=1223"},"modified":"2024-04-29T09:21:18","modified_gmt":"2024-04-29T01:21:18","slug":"cupcake-filling-machine","status":"publish","type":"product","link":"https:\/\/topfoodmachine.com\/vi\/product\/cupcake-filling-machine\/","title":{"rendered":"M\u00e1y l\u00e0m nh\u00e2n b\u00e1nh cupcake\uff5cM\u00e1y r\u1ea3i b\u1ed9t cupcake"},"content":{"rendered":"<div class=\"kk-star-ratings kksr-auto kksr-align-left kksr-valign-top\"     data-payload='{&quot;align&quot;:&quot;left&quot;,&quot;id&quot;:&quot;1223&quot;,&quot;slug&quot;:&quot;default&quot;,&quot;valign&quot;:&quot;top&quot;,&quot;ignore&quot;:&quot;&quot;,&quot;reference&quot;:&quot;auto&quot;,&quot;class&quot;:&quot;&quot;,&quot;count&quot;:&quot;27&quot;,&quot;legendonly&quot;:&quot;&quot;,&quot;readonly&quot;:&quot;&quot;,&quot;score&quot;:&quot;4.6&quot;,&quot;starsonly&quot;:&quot;&quot;,&quot;best&quot;:&quot;5&quot;,&quot;gap&quot;:&quot;5&quot;,&quot;greet&quot;:&quot;Rate this product&quot;,&quot;legend&quot;:&quot;4.6\\\/5 - (27 b\u00ecnh ch\u1ecdn)&quot;,&quot;size&quot;:&quot;24&quot;,&quot;title&quot;:&quot;Cupcake filling machine\uff5cCupcake batter depositor&quot;,&quot;width&quot;:&quot;130.9&quot;,&quot;_legend&quot;:&quot;{score}\\\/{best} - ({count} {votes})&quot;,&quot;font_factor&quot;:&quot;1.25&quot;}'>              <div class=\"kksr-stars\">      <div class=\"kksr-stars-inactive\">             <div class=\"kksr-star\" data-star=\"1\" style=\"padding-right: 5px\">               <div class=\"kksr-icon\" style=\"width: 24px; height: 24px;\"><\/div>         <\/div>             <div class=\"kksr-star\" data-star=\"2\" style=\"padding-right: 5px\">               <div class=\"kksr-icon\" style=\"width: 24px; height: 24px;\"><\/div>         <\/div>             <div class=\"kksr-star\" data-star=\"3\" style=\"padding-right: 5px\">               <div class=\"kksr-icon\" style=\"width: 24px; height: 24px;\"><\/div>         <\/div>             <div class=\"kksr-star\" data-star=\"4\" style=\"padding-right: 5px\">               <div class=\"kksr-icon\" style=\"width: 24px; height: 24px;\"><\/div>         <\/div>             <div class=\"kksr-star\" data-star=\"5\" style=\"padding-right: 5px\">               <div class=\"kksr-icon\" style=\"width: 24px; height: 24px;\"><\/div>         <\/div>     <\/div>      <div class=\"kksr-stars-active\" style=\"width: 130.9px;\">             <div class=\"kksr-star\" style=\"padding-right: 5px\">               <div class=\"kksr-icon\" style=\"width: 24px; height: 24px;\"><\/div>         <\/div>             <div class=\"kksr-star\" style=\"padding-right: 5px\">               <div class=\"kksr-icon\" style=\"width: 24px; height: 24px;\"><\/div>         <\/div>             <div class=\"kksr-star\" style=\"padding-right: 5px\">               <div class=\"kksr-icon\" style=\"width: 24px; height: 24px;\"><\/div>         <\/div>             <div class=\"kksr-star\" style=\"padding-right: 5px\">               <div class=\"kksr-icon\" style=\"width: 24px; height: 24px;\"><\/div>         <\/div>             <div class=\"kksr-star\" style=\"padding-right: 5px\">               <div class=\"kksr-icon\" style=\"width: 24px; height: 24px;\"><\/div>         <\/div>     <\/div> <\/div>                   <div class=\"kksr-legend\" style=\"font-size: 19.2px;\">             4.6\/5 - (27 l\u01b0\u1ee3t b\u00ecnh ch\u1ecdn)    <\/div>     <\/div>  <p>M\u00e1y \u0110\u1ed5 B\u1ed9t Cupcake t\u1ef1 \u0111\u1ed9ng c\u1ee7a ch\u00fang t\u00f4i l\u00e0 m\u1ed9t thi\u1ebft b\u1ecb quan tr\u1ecdng trong s\u1ea3n xu\u1ea5t b\u00e1nh hi\u1ec7n \u0111\u1ea1i, c\u00f3 kh\u1ea3 n\u0103ng ho\u00e0n th\u00e0nh quy tr\u00ecnh \u0111\u1ed5 cho cupcake trong m\u1ed9t l\u1ea7n. Th\u00f4ng qua nhi\u1ec1u v\u00f2ng ph\u00e1t tri\u1ec3n v\u00e0 c\u1ea3i ti\u1ebfn, M\u00e1y \u0110\u1ed5 B\u1ed9t Cupcake c\u1ee7a ch\u00fang t\u00f4i \u0111\u00e3 \u0111\u1ea1t \u0111\u01b0\u1ee3c ho\u1ea1t \u0111\u1ed9ng \u0111i\u1ec1u khi\u1ec3n PLC th\u00f4ng minh, l\u00e0m cho quy tr\u00ecnh s\u1ea3n xu\u1ea5t c\u1ee7a b\u1ea1n hi\u1ec7u qu\u1ea3 v\u00e0 t\u1ef1 \u0111\u1ed9ng h\u01a1n.<\/p>    <p>M\u00e1y \u0110\u1ed5 B\u1ed9t Cupcake n\u00e0y c\u00f3 th\u1ec3 s\u1ea3n xu\u1ea5t nhi\u1ec1u lo\u1ea1i cupcake \u0111\u1ea7y kh\u00e1c nhau, bao g\u1ed3m b\u00e1nh b\u00f4ng lan, b\u00e1nh c\u1ed1c gi\u1ea5y, b\u00e1nh sandwich v\u00e0 nhi\u1ec1u h\u01a1n n\u1eefa. B\u1ea5t k\u1ef3 lo\u1ea1i b\u00e1nh n\u00e0o b\u1ea1n c\u1ea7n, m\u00e1y c\u1ee7a ch\u00fang t\u00f4i c\u00f3 th\u1ec3 x\u1eed l\u00fd ho\u00e0n h\u1ea3o.<\/p>    <p>D\u00f9 b\u1ea1n l\u00e0 m\u1ed9t nh\u00e0 s\u1ea3n xu\u1ea5t b\u00e1nh l\u1edbn hay m\u1ed9t ti\u1ec7m b\u00e1nh quy m\u00f4 nh\u1ecf, M\u00e1y \u0110\u1ed5 B\u1ed9t Cupcake c\u1ee7a ch\u00fang t\u00f4i l\u00e0 l\u1ef1a ch\u1ecdn t\u1ed1t nh\u1ea5t c\u1ee7a b\u1ea1n, l\u00e0m cho quy tr\u00ecnh s\u1ea3n xu\u1ea5t c\u1ee7a b\u1ea1n d\u1ec5 d\u00e0ng v\u00e0 hi\u1ec7u qu\u1ea3 h\u01a1n!<\/p>    <figure class=\"wp-block-gallery has-nested-images columns-default is-cropped wp-block-gallery-2 is-layout-flex wp-block-gallery-is-layout-flex\"> <figure class=\"wp-block-image size-full\"><img loading=\"lazy\" decoding=\"async\" width=\"720\" height=\"540\" data-id=\"1225\" src=\"https:\/\/topfoodmachine.com\/wp-content\/uploads\/2024\/04\/automatic-Cupcake-batter-depositor.webp\" alt=\"m\u00e1y \u0111\u1ed5 b\u1ed9t cupcake t\u1ef1 \u0111\u1ed9ng\" class=\"wp-image-1225\" srcset=\"https:\/\/topfoodmachine.com\/wp-content\/uploads\/2024\/04\/automatic-Cupcake-batter-depositor.webp 720w, https:\/\/topfoodmachine.com\/wp-content\/uploads\/2024\/04\/automatic-Cupcake-batter-depositor-300x225.webp 300w, https:\/\/topfoodmachine.com\/wp-content\/uploads\/2024\/04\/automatic-Cupcake-batter-depositor-16x12.webp 16w\" sizes=\"auto, (max-width: 720px) 100vw, 720px\" \/><figcaption class=\"wp-element-caption\">m\u00e1y \u0111\u1ed5 b\u1ed9t cupcake t\u1ef1 \u0111\u1ed9ng<\/figcaption><\/figure>    <figure class=\"wp-block-image size-full\"><img loading=\"lazy\" decoding=\"async\" width=\"720\" height=\"540\" data-id=\"1233\" src=\"https:\/\/topfoodmachine.com\/wp-content\/uploads\/2024\/04\/Cupcake-filling-machine-for-sale.webp\" alt=\"M\u00e1y l\u00e0m nh\u00e2n b\u00e1nh cupcake \u0111\u1ec3 b\u00e1n\" class=\"wp-image-1233\" srcset=\"https:\/\/topfoodmachine.com\/wp-content\/uploads\/2024\/04\/Cupcake-filling-machine-for-sale.webp 720w, https:\/\/topfoodmachine.com\/wp-content\/uploads\/2024\/04\/Cupcake-filling-machine-for-sale-300x225.webp 300w, https:\/\/topfoodmachine.com\/wp-content\/uploads\/2024\/04\/Cupcake-filling-machine-for-sale-16x12.webp 16w\" sizes=\"auto, (max-width: 720px) 100vw, 720px\" \/><figcaption class=\"wp-element-caption\">M\u00e1y l\u00e0m nh\u00e2n b\u00e1nh cupcake \u0111\u1ec3 b\u00e1n<\/figcaption><\/figure> <\/figure>    <h2 class=\"wp-block-heading\">M\u00e1y l\u00e0m nh\u00e2n b\u00e1nh cupcake \u0111\u1ec3 b\u00e1n<\/h2>    <p>V\u1edbi c\u00f4ng su\u1ea5t s\u1ea3n xu\u1ea5t 200 kg\/gi\u1edd v\u00e0 dung t\u00edch ph\u1ec5u 60 l\u00edt, m\u00e1y n\u00e0y \u0111\u1ea3m b\u1ea3o s\u1ea3n xu\u1ea5t hi\u1ec7u qu\u1ea3 v\u00e0 li\u00ean t\u1ee5c.<\/p>    <p>\u0110\u01b0\u1ee3c ch\u1ebf t\u1ea1o b\u1eb1ng th\u00e9p kh\u00f4ng g\u1ec9 201 ch\u1ea5t l\u01b0\u1ee3ng cao, th\u00e2n m\u00e1y \u0111\u1ea3m b\u1ea3o \u0111\u1ed9 b\u1ec1n v\u00e0 v\u1ec7 sinh. B\u0103ng t\u1ea3i, \u0111\u01b0\u1ee3c l\u00e0m t\u1eeb v\u1eadt li\u1ec7u PU, c\u00f3 kh\u1ea3 n\u0103ng ch\u1ed1ng m\u00e0i m\u00f2n v\u00e0 ph\u00f9 h\u1ee3p cho ho\u1ea1t \u0111\u1ed9ng li\u00ean t\u1ee5c l\u00e2u d\u00e0i.<\/p>    <p>\u0110\u01b0\u1ee3c trang b\u1ecb m\u00e0n h\u00ecnh PLC, b\u1ea1n c\u00f3 th\u1ec3 d\u1ec5 d\u00e0ng ki\u1ec3m so\u00e1t tr\u1ecdng l\u01b0\u1ee3ng v\u00e0 t\u1ed1c \u0111\u1ed9, cho ph\u00e9p b\u1ea1n \u0111i\u1ec1u ch\u1ec9nh c\u00e1c tham s\u1ed1 s\u1ea3n xu\u1ea5t m\u1ed9t c\u00e1ch thu\u1eadn ti\u1ec7n \u0111\u1ec3 \u0111\u00e1p \u1ee9ng c\u00e1c y\u00eau c\u1ea7u kh\u00e1c nhau.<\/p>    <p>Li\u00ean h\u1ec7 v\u1edbi ch\u00fang t\u00f4i ngay b\u00e2y gi\u1edd \u0111\u1ec3 bi\u1ebfn M\u00e1y \u0110\u1ed5 B\u1ed9t Cupcake c\u1ee7a ch\u00fang t\u00f4i th\u00e0nh m\u1ed9t t\u00e0i s\u1ea3n qu\u00fd gi\u00e1 cho doanh nghi\u1ec7p b\u00e1nh c\u1ee7a b\u1ea1n!<\/p>    <figure class=\"wp-block-image size-full\"><img loading=\"lazy\" decoding=\"async\" width=\"720\" height=\"540\" src=\"https:\/\/topfoodmachine.com\/wp-content\/uploads\/2024\/04\/batter-filling-machine-wih-good-price.webp\" alt=\"m\u00e1y \u0111\u1ed5 b\u1ed9t v\u1edbi gi\u00e1 t\u1ed1t\" class=\"wp-image-1226\" srcset=\"https:\/\/topfoodmachine.com\/wp-content\/uploads\/2024\/04\/batter-filling-machine-wih-good-price.webp 720w, https:\/\/topfoodmachine.com\/wp-content\/uploads\/2024\/04\/batter-filling-machine-wih-good-price-300x225.webp 300w, https:\/\/topfoodmachine.com\/wp-content\/uploads\/2024\/04\/batter-filling-machine-wih-good-price-16x12.webp 16w\" sizes=\"auto, (max-width: 720px) 100vw, 720px\" \/><figcaption class=\"wp-element-caption\">m\u00e1y \u0111\u1ed5 b\u1ed9t v\u1edbi gi\u00e1 t\u1ed1t<\/figcaption><\/figure>    <h2 class=\"wp-block-heading\">M\u00e1y r\u1ea3i b\u1ed9t cupcake t\u00f9y ch\u1ec9nh<\/h2>    <p>M\u00e1y \u0111\u1ed5 b\u1ed9t cupcake c\u1ee7a ch\u00fang t\u00f4i \u0111\u01b0\u1ee3c thi\u1ebft k\u1ebf \u0111\u1ec3 \u0111\u00e1p \u1ee9ng nhu c\u1ea7u s\u1ea3n xu\u1ea5t c\u1ee5 th\u1ec3 c\u1ee7a kh\u00e1ch h\u00e0ng. S\u1ed1 l\u01b0\u1ee3ng v\u00f2i tr\u00ean m\u00e1y \u0111\u1ed5 c\u1ee7a ch\u00fang t\u00f4i c\u00f3 th\u1ec3 \u0111\u01b0\u1ee3c t\u00f9y ch\u1ec9nh theo y\u00eau c\u1ea7u s\u1ea3n xu\u1ea5t c\u1ee7a b\u1ea1n.<\/p>    <p>Ch\u00fang t\u00f4i cung c\u1ea5p hai k\u00edch th\u01b0\u1edbc khay ti\u00eau chu\u1ea9n: 400*600mm v\u00e0 460*660mm, nh\u01b0ng ch\u00fang t\u00f4i c\u0169ng cung c\u1ea5p t\u00f9y ch\u1ecdn t\u00f9y ch\u1ec9nh \u0111\u1ec3 \u0111\u00e1p \u1ee9ng y\u00eau c\u1ea7u k\u00edch th\u01b0\u1edbc khay c\u1ee5 th\u1ec3 c\u1ee7a b\u1ea1n. Ngo\u00e0i ra, ch\u00fang t\u00f4i cung c\u1ea5p nhi\u1ec1u h\u00ecnh d\u1ea1ng khu\u00f4n cho c\u00e1c khay. N\u1ebfu b\u1ea1n c\u1ea7n nhi\u1ec1u h\u00ecnh d\u1ea1ng, b\u1ea1n c\u00f3 th\u1ec3 mua th\u00eam khay v\u1edbi c\u00e1c khu\u00f4n kh\u00e1c nhau.<\/p>    <p>V\u1edbi m\u00e1y \u0111\u1ed5 b\u1ed9t cupcake t\u00f9y ch\u1ec9nh c\u1ee7a ch\u00fang t\u00f4i, b\u1ea1n c\u00f3 th\u1ec3 \u0111i\u1ec1u ch\u1ec9nh quy tr\u00ecnh s\u1ea3n xu\u1ea5t cupcake c\u1ee7a m\u00ecnh \u0111\u1ec3 ph\u00f9 h\u1ee3p v\u1edbi c\u00e1c th\u00f4ng s\u1ed1 k\u1ef9 thu\u1eadt ch\u00ednh x\u00e1c c\u1ee7a b\u1ea1n, \u0111\u1ea3m b\u1ea3o hi\u1ec7u qu\u1ea3 v\u00e0 t\u00ednh \u0111\u1ed3ng nh\u1ea5t trong m\u1ed7i m\u1ebb cupcake.<\/p>    <figure class=\"wp-block-image size-full\"><img loading=\"lazy\" decoding=\"async\" width=\"720\" height=\"540\" src=\"https:\/\/topfoodmachine.com\/wp-content\/uploads\/2024\/04\/customized-Cupcake-batter-depositor.webp\" alt=\"m\u00e1y \u0111\u1ed5 b\u1ed9t cupcake t\u00f9y ch\u1ec9nh\" class=\"wp-image-1227\" srcset=\"https:\/\/topfoodmachine.com\/wp-content\/uploads\/2024\/04\/customized-Cupcake-batter-depositor.webp 720w, https:\/\/topfoodmachine.com\/wp-content\/uploads\/2024\/04\/customized-Cupcake-batter-depositor-300x225.webp 300w, https:\/\/topfoodmachine.com\/wp-content\/uploads\/2024\/04\/customized-Cupcake-batter-depositor-16x12.webp 16w\" sizes=\"auto, (max-width: 720px) 100vw, 720px\" \/><figcaption class=\"wp-element-caption\">m\u00e1y \u0111\u1ed5 b\u1ed9t cupcake t\u00f9y ch\u1ec9nh<\/figcaption><\/figure>    <h2 class=\"wp-block-heading\">L\u1ee3i \u00edch c\u1ee7a vi\u1ec7c s\u1eed d\u1ee5ng m\u00e1y l\u00e0m nh\u00e2n<\/h2>    <ol class=\"wp-block-list\"> <li><strong>S\u1ea3n xu\u1ea5t linh ho\u1ea1t<\/strong>: M\u00e1y c\u00f3 m\u00e0n h\u00ecnh c\u1ea3m \u1ee9ng LCD nh\u1eadp kh\u1ea9u v\u00e0 \u0111i\u1ec1u khi\u1ec3n PLC Mitsubishi, cho ph\u00e9p \u0111i\u1ec1u ch\u1ec9nh tham s\u1ed1 d\u1ec5 d\u00e0ng. N\u00f3 c\u00f3 th\u1ec3 t\u1ef1 \u0111\u1ed9ng ghi l\u1ea1i c\u00e1c tham s\u1ed1 \u0111\u00e3 \u0111\u1eb7t v\u00e0 \u0111i\u1ec1u ch\u1ec9nh c\u00e1c tham s\u1ed1 ho\u1ea1t \u0111\u1ed9ng khi c\u1ea7n thi\u1ebft, \u0111\u1ea3m b\u1ea3o s\u1ea3n xu\u1ea5t hi\u1ec7u qu\u1ea3 v\u00e0 t\u00f9y ch\u1ec9nh.<\/li>    <li><strong>\u0110\u1ea7u ti\u00eam \u0111a n\u0103ng<\/strong>: \u0110\u1ea7u ti\u00eam \u0111\u1ec3 \u0111\u1ed5 b\u00e1nh c\u00f3 th\u1ec3 thay th\u1ebf v\u00e0 c\u00f3 th\u1ec3 \u0111\u01b0\u1ee3c t\u00f9y ch\u1ec9nh theo nhu c\u1ea7u c\u1ee7a kh\u00e1ch h\u00e0ng, cung c\u1ea5p t\u00ednh linh ho\u1ea1t trong s\u1ea3n xu\u1ea5t.<\/li>    <li><strong>C\u1ea3i thi\u1ec7n ch\u1ea5t l\u01b0\u1ee3ng b\u00e1nh<\/strong>: Con l\u0103n \u0111\u1ed5, \u0111\u01b0\u1ee3c \u0111i\u1ec1u khi\u1ec3n b\u1edfi \u0111\u1ed9ng c\u01a1 servo ch\u00ednh x\u00e1c, \u00e1p d\u1ee5ng b\u00e1nh r\u0103ng tr\u00f2n silicone \u0111\u1ec3 gi\u1ea3m hi\u1ec7n t\u01b0\u1ee3ng x\u1eb9p b\u1ecdt c\u1ee7a c\u1ea5u tr\u00fac b\u00e1nh. \u0110i\u1ec1u n\u00e0y c\u1ea3i thi\u1ec7n \u0111\u00e1ng k\u1ec3 \u0111\u1ed9 ch\u00ednh x\u00e1c tr\u1ecdng l\u01b0\u1ee3ng c\u1ee7a b\u00e1nh, \u0111\u1ea3m b\u1ea3o ch\u1ea5t l\u01b0\u1ee3ng \u0111\u1ed3ng nh\u1ea5t.<\/li>    <li><strong>T\u00f9y ch\u1ecdn s\u1ea3n ph\u1ea9m \u0111a d\u1ea1ng<\/strong>: M\u00e1y \u0111\u1ed5 b\u00e1nh cho ph\u00e9p s\u1ea3n xu\u1ea5t b\u00e1nh cupcake, b\u00e1nh \u0111\u1ea7y v\u00e0 b\u00e1nh nguy\u00ean chi\u1ebfc. T\u00ednh linh ho\u1ea1t n\u00e0y cho ph\u00e9p s\u1ea3n xu\u1ea5t nhi\u1ec1u lo\u1ea1i s\u1ea3n ph\u1ea9m b\u00e1nh kh\u00e1c nhau, \u0111\u00e1p \u1ee9ng nhu c\u1ea7u \u0111a d\u1ea1ng c\u1ee7a kh\u00e1ch h\u00e0ng.<\/li>    <li><strong>\u0110\u1ed5 \u0111\u1ea7y \u0111\u1ed3ng nh\u1ea5t<\/strong>: M\u00e1y \u0111\u1ed5 b\u00e1nh \u0111\u1ea3m b\u1ea3o r\u1eb1ng l\u01b0\u1ee3ng \u0111\u1ed5 \u0111\u1ea7y c\u1ee7a b\u00e1nh \u0111\u01b0\u1ee3c s\u1ea3n xu\u1ea5t l\u00e0 \u0111\u1ed3ng nh\u1ea5t, lo\u1ea1i b\u1ecf hi\u1ec7n t\u01b0\u1ee3ng nh\u1ecf gi\u1ecdt th\u1eeba v\u00e0 x\u1eb9p b\u1ecdt. \u0110i\u1ec1u n\u00e0y d\u1eabn \u0111\u1ebfn nh\u1eefng chi\u1ebfc b\u00e1nh ch\u1ea5t l\u01b0\u1ee3ng cao, \u0111\u1ed3ng nh\u1ea5t v\u1edbi m\u1ed7i m\u1ebb.<\/li> <\/ol>    <figure class=\"wp-block-gallery has-nested-images columns-default is-cropped wp-block-gallery-3 is-layout-flex wp-block-gallery-is-layout-flex\"> <figure class=\"wp-block-image size-full\"><img loading=\"lazy\" decoding=\"async\" width=\"720\" height=\"540\" data-id=\"1228\" src=\"https:\/\/topfoodmachine.com\/wp-content\/uploads\/2024\/04\/commercial-Cupcake-filling-machine.webp\" alt=\"m\u00e1y \u0111\u1ed5 cupcake th\u01b0\u01a1ng m\u1ea1i\" class=\"wp-image-1228\" srcset=\"https:\/\/topfoodmachine.com\/wp-content\/uploads\/2024\/04\/commercial-Cupcake-filling-machine.webp 720w, https:\/\/topfoodmachine.com\/wp-content\/uploads\/2024\/04\/commercial-Cupcake-filling-machine-300x225.webp 300w, https:\/\/topfoodmachine.com\/wp-content\/uploads\/2024\/04\/commercial-Cupcake-filling-machine-16x12.webp 16w\" sizes=\"auto, (max-width: 720px) 100vw, 720px\" \/><figcaption class=\"wp-element-caption\">m\u00e1y \u0111\u1ed5 cupcake th\u01b0\u01a1ng m\u1ea1i<\/figcaption><\/figure>    <figure class=\"wp-block-image size-full\"><img loading=\"lazy\" decoding=\"async\" width=\"720\" height=\"540\" data-id=\"1234\" src=\"https:\/\/topfoodmachine.com\/wp-content\/uploads\/2024\/04\/industrial-batter-filling-machine.webp\" alt=\"m\u00e1y \u0111\u1ed5 b\u1ed9t c\u00f4ng nghi\u1ec7p\" class=\"wp-image-1234\" srcset=\"https:\/\/topfoodmachine.com\/wp-content\/uploads\/2024\/04\/industrial-batter-filling-machine.webp 720w, https:\/\/topfoodmachine.com\/wp-content\/uploads\/2024\/04\/industrial-batter-filling-machine-300x225.webp 300w, https:\/\/topfoodmachine.com\/wp-content\/uploads\/2024\/04\/industrial-batter-filling-machine-16x12.webp 16w\" sizes=\"auto, (max-width: 720px) 100vw, 720px\" \/><figcaption class=\"wp-element-caption\">m\u00e1y \u0111\u1ed5 b\u1ed9t c\u00f4ng nghi\u1ec7p<\/figcaption><\/figure> <\/figure>    <h2 class=\"wp-block-heading\">\u1ee8ng d\u1ee5ng c\u1ee7a m\u00e1y \u0111\u1ed5 b\u1ed9t cupcake<\/h2>    <ol class=\"wp-block-list\"> <li><strong>S\u1ea3n xu\u1ea5t b\u00e1nh ng\u1ecdt<\/strong>: L\u00fd t\u01b0\u1edfng cho c\u00e1c ho\u1ea1t \u0111\u1ed9ng b\u00e1nh ng\u1ecdt quy m\u00f4 l\u1edbn, M\u00e1y \u0111\u1ed5 b\u1ed9t cupcake c\u00f3 th\u1ec3 \u0111\u1ed5 b\u1ed9t cupcake v\u00e0o khay m\u1ed9t c\u00e1ch hi\u1ec7u qu\u1ea3, \u0111\u1ea3m b\u1ea3o k\u00edch th\u01b0\u1edbc ph\u1ea7n \u0111\u1ed3ng nh\u1ea5t v\u00e0 gi\u1ea3m th\u1eddi gian s\u1ea3n xu\u1ea5t.<\/li>    <li><strong>Nh\u00e0 b\u1ebfp th\u01b0\u01a1ng m\u1ea1i<\/strong>: C\u00e1c nh\u00e0 h\u00e0ng, qu\u00e1n c\u00e0 ph\u00ea v\u00e0 d\u1ecbch v\u1ee5 ti\u1ec7c c\u00f3 th\u1ec3 s\u1eed d\u1ee5ng M\u00e1y \u0111\u1ed5 b\u1ed9t cupcake \u0111\u1ec3 t\u1ed1i \u01b0u h\u00f3a quy tr\u00ecnh s\u1ea3n xu\u1ea5t b\u00e1nh tr\u00e1ng mi\u1ec7ng c\u1ee7a h\u1ecd, \u0111\u1ea3m b\u1ea3o t\u00ednh \u0111\u1ed3ng nh\u1ea5t v\u00e0 ch\u1ea5t l\u01b0\u1ee3ng trong m\u1ed7i chi\u1ebfc b\u00e1nh cupcake.<\/li>    <li><strong>T\u00f9y ch\u1ec9nh<\/strong>: M\u00e1y cho ph\u00e9p \u0111i\u1ec1u ch\u1ec9nh d\u1ec5 d\u00e0ng l\u01b0\u1ee3ng \u0111\u1ed5, l\u00e0m cho n\u00f3 ph\u00f9 h\u1ee3p \u0111\u1ec3 \u0111\u1ed5 b\u00e1nh cupcake v\u1edbi c\u00e1c lo\u1ea1i b\u1ed9t kh\u00e1c nhau, bao g\u1ed3m vani, s\u00f4 c\u00f4 la, b\u00e1nh \u0111\u1ecf nhung v\u00e0 nhi\u1ec1u h\u01a1n n\u1eefa.<\/li>    <li><strong>B\u00e1nh cupcake \u0111\u1eb7c bi\u1ec7t<\/strong>: Ho\u00e0n h\u1ea3o \u0111\u1ec3 t\u1ea1o ra b\u00e1nh cupcake \u0111\u1ea7y v\u1edbi nhi\u1ec1u lo\u1ea1i nh\u00e2n nh\u01b0 m\u1ee9t tr\u00e1i c\u00e2y, kem, ganache s\u00f4 c\u00f4 la, ho\u1eb7c th\u1eadm ch\u00ed l\u00e0 nh\u00e2n m\u1eb7n cho c\u00e1c s\u1ef1 k\u1ebft h\u1ee3p h\u01b0\u01a1ng v\u1ecb \u0111\u1ed9c \u0111\u00e1o.<\/li> <\/ol>    <figure class=\"wp-block-gallery has-nested-images columns-default is-cropped wp-block-gallery-4 is-layout-flex wp-block-gallery-is-layout-flex\"> <figure class=\"wp-block-image size-large\"><img loading=\"lazy\" decoding=\"async\" width=\"720\" height=\"540\" data-id=\"1229\" src=\"https:\/\/topfoodmachine.com\/wp-content\/uploads\/2024\/04\/cake.webp\" alt=\"b\u00e1nh\" class=\"wp-image-1229\" srcset=\"https:\/\/topfoodmachine.com\/wp-content\/uploads\/2024\/04\/cake.webp 720w, https:\/\/topfoodmachine.com\/wp-content\/uploads\/2024\/04\/cake-300x225.webp 300w, https:\/\/topfoodmachine.com\/wp-content\/uploads\/2024\/04\/cake-16x12.webp 16w\" sizes=\"auto, (max-width: 720px) 100vw, 720px\" \/><figcaption class=\"wp-element-caption\">b\u00e1nh<\/figcaption><\/figure>    <figure class=\"wp-block-image size-large\"><img loading=\"lazy\" decoding=\"async\" width=\"720\" height=\"540\" data-id=\"1230\" src=\"https:\/\/topfoodmachine.com\/wp-content\/uploads\/2024\/04\/cupcake.webp\" alt=\"cupcake\" class=\"wp-image-1230\" srcset=\"https:\/\/topfoodmachine.com\/wp-content\/uploads\/2024\/04\/cupcake.webp 720w, https:\/\/topfoodmachine.com\/wp-content\/uploads\/2024\/04\/cupcake-300x225.webp 300w, https:\/\/topfoodmachine.com\/wp-content\/uploads\/2024\/04\/cupcake-16x12.webp 16w\" sizes=\"auto, (max-width: 720px) 100vw, 720px\" \/><figcaption class=\"wp-element-caption\">cupcake<\/figcaption><\/figure> <\/figure>    <h2 class=\"wp-block-heading\">Thi\u1ebft b\u1ecb h\u1ed7 tr\u1ee3 c\u1ee7a m\u00e1y \u0111\u1ed5 cupcake<\/h2>    <p>M\u00e1y \u0110\u1ed5 B\u1ed9t Cupcake c\u1ee7a ch\u00fang t\u00f4i ho\u00e0n to\u00e0n ph\u00f9 h\u1ee3p v\u1edbi l\u00f2 quay c\u1ee7a ch\u00fang t\u00f4i. C\u00f9ng nhau, ch\u00fang t\u1ea1o th\u00e0nh m\u1ed9t gi\u1ea3i ph\u00e1p li\u1ec1n m\u1ea1ch cho nhu c\u1ea7u b\u00e1nh c\u1ee7a b\u1ea1n. <\/p>    <p>L\u00f2 n\u01b0\u1edbng quay \u0111\u1ea3m b\u1ea3o n\u01b0\u1edbng \u0111\u1ec1u, trong khi M\u00e1y \u0110\u1ed5 Nh\u00e2n B\u00e1nh Cupcake ch\u00ednh x\u00e1c \u0111\u1ed5 \u0111\u1ea7y m\u1ed7i chi\u1ebfc cupcake v\u1edbi nh\u00e2n m\u00e0 b\u1ea1n mong mu\u1ed1n. S\u1ef1 k\u1ebft h\u1ee3p n\u00e0y gi\u00fap quy tr\u00ecnh s\u1ea3n xu\u1ea5t c\u1ee7a b\u1ea1n tr\u1edf n\u00ean hi\u1ec7u qu\u1ea3 h\u01a1n, \u0111\u1ea3m b\u1ea3o t\u00ednh hi\u1ec7u qu\u1ea3 v\u00e0 nh\u1ea5t qu\u00e1n trong m\u1ed7i m\u1ebb cupcake.<\/p>    <figure class=\"wp-block-image size-full\"><img loading=\"lazy\" decoding=\"async\" width=\"720\" height=\"540\" src=\"https:\/\/topfoodmachine.com\/wp-content\/uploads\/2024\/04\/rotary-oven.webp\" alt=\"l\u00f2 n\u01b0\u1edbng quay\" class=\"wp-image-1232\" srcset=\"https:\/\/topfoodmachine.com\/wp-content\/uploads\/2024\/04\/rotary-oven.webp 720w, https:\/\/topfoodmachine.com\/wp-content\/uploads\/2024\/04\/rotary-oven-300x225.webp 300w, https:\/\/topfoodmachine.com\/wp-content\/uploads\/2024\/04\/rotary-oven-16x12.webp 16w\" sizes=\"auto, (max-width: 720px) 100vw, 720px\" \/><figcaption class=\"wp-element-caption\">l\u00f2 n\u01b0\u1edbng quay<\/figcaption><\/figure>    <h2 class=\"wp-block-heading\">Th\u00f4ng s\u1ed1 k\u1ef9 thu\u1eadt c\u1ee7a m\u00e1y \u0111\u1ed5 cupcake<\/h2>    <figure class=\"wp-block-table\"><table><tbody><tr><td>Ng\u01b0\u1eddi m\u1eabu<\/td><td>TZ-600<\/td><\/tr><tr><td>K\u00edch c\u1ee1<\/td><td>1.7*1.1*1.4m<\/td><\/tr><tr><td>Dung t\u00edch<\/td><td>120-240kg\/h<\/td><\/tr><tr><td>Quy\u1ec1n l\u1ef1c<\/td><td>1,2kw<\/td><\/tr><tr><td>C\u00e2n n\u1eb7ng<\/td><td>380kg<\/td><\/tr><\/tbody><\/table><figcaption class=\"wp-element-caption\">th\u00f4ng s\u1ed1 m\u00e1y \u0111\u1ed5 nh\u00e2n cupcake<\/figcaption><\/figure>    <h2 class=\"wp-block-heading\">Li\u00ean h\u1ec7 ch\u00fang t\u00f4i<\/h2>    <figure class=\"wp-block-image size-full\"><img loading=\"lazy\" decoding=\"async\" width=\"720\" height=\"540\" src=\"https:\/\/topfoodmachine.com\/wp-content\/uploads\/2024\/04\/Cupcake-batter-depositor.webp\" alt=\"M\u00e1y \u0111\u1ed5 b\u1ed9t cupcake\" class=\"wp-image-1231\" srcset=\"https:\/\/topfoodmachine.com\/wp-content\/uploads\/2024\/04\/Cupcake-batter-depositor.webp 720w, https:\/\/topfoodmachine.com\/wp-content\/uploads\/2024\/04\/Cupcake-batter-depositor-300x225.webp 300w, https:\/\/topfoodmachine.com\/wp-content\/uploads\/2024\/04\/Cupcake-batter-depositor-16x12.webp 16w\" sizes=\"auto, (max-width: 720px) 100vw, 720px\" \/><figcaption class=\"wp-element-caption\">M\u00e1y \u0111\u1ed5 b\u1ed9t cupcake<\/figcaption><\/figure>    <p class=\"translation-block\">S\u1eed d\u1ee5ng <a href=\"https:\/\/en.wikipedia.org\/wiki\/Cupcake\" data-type=\"link\" data-id=\"https:\/\/en.wikipedia.org\/wiki\/Cupcake\" target=\"_blank\" rel=\"noopener\">m\u00e1y \u0111\u1ed5 b\u1ed9t cupcake<\/a> c\u1ee7a ch\u00fang t\u00f4i, b\u1ea1n c\u00f3 th\u1ec3 d\u1ec5 d\u00e0ng \u0111\u1ea1t \u0111\u01b0\u1ee3c s\u1ea3n xu\u1ea5t cupcake hi\u1ec7u qu\u1ea3, \u0111\u1ed3ng nh\u1ea5t v\u00e0 \u0111a d\u1ea1ng. D\u00f9 b\u1ea1n \u0111i\u1ec1u h\u00e0nh m\u1ed9t ti\u1ec7m b\u00e1nh l\u1edbn hay m\u1ed9t ti\u1ec7m b\u00e1nh nh\u1ecf, m\u00e1y \u0111\u1ed5 b\u1ed9t c\u1ee7a ch\u00fang t\u00f4i c\u00f3 th\u1ec3 gi\u00fap b\u1ea1n t\u0103ng hi\u1ec7u qu\u1ea3 s\u1ea3n xu\u1ea5t v\u00e0 \u0111\u1ea3m b\u1ea3o ch\u1ea5t l\u01b0\u1ee3ng v\u00e0 h\u01b0\u01a1ng v\u1ecb \u0111\u1ed3ng nh\u1ea5t v\u1edbi m\u1ed7i m\u1ebb cupcake.<\/p>    <p>Ch\u1ecdn M\u00e1y \u0110\u1ed5 B\u1ed9t Cupcake c\u1ee7a ch\u00fang t\u00f4i \u0111\u1ec3 l\u00e0m cho quy tr\u00ecnh s\u1ea3n xu\u1ea5t b\u00e1nh c\u1ee7a b\u1ea1n d\u1ec5 d\u00e0ng h\u01a1n, hi\u1ec7u qu\u1ea3 h\u01a1n v\u00e0 th\u00e0nh c\u00f4ng h\u01a1n!<\/p>","protected":false},"excerpt":{"rendered":"<p>M\u00e1y l\u00e0m nh\u00e2n b\u00e1nh cupcake t\u1ef1 \u0111\u1ed9ng c\u1ee7a ch\u00fang t\u00f4i l\u00e0 m\u1ed9t thi\u1ebft b\u1ecb s\u1ea3n xu\u1ea5t b\u00e1nh hi\u1ec7n \u0111\u1ea1i quan tr\u1ecdng, c\u00f3 kh\u1ea3 n\u0103ng ho\u00e0n th\u00e0nh quy tr\u00ecnh l\u00e0m nh\u00e2n cho b\u00e1nh cupcake trong m\u1ed9t l\u1ea7n.<\/p>","protected":false},"author":1,"featured_media":1224,"parent":0,"template":"","tags":[],"product-type":[6],"class_list":["post-1223","product","type-product","status-publish","has-post-thumbnail","hentry","product-type-pastry-production-machine"],"_links":{"self":[{"href":"https:\/\/topfoodmachine.com\/vi\/wp-json\/wp\/v2\/product\/1223","targetHints":{"allow":["GET"]}}],"collection":[{"href":"https:\/\/topfoodmachine.com\/vi\/wp-json\/wp\/v2\/product"}],"about":[{"href":"https:\/\/topfoodmachine.com\/vi\/wp-json\/wp\/v2\/types\/product"}],"author":[{"embeddable":true,"href":"https:\/\/topfoodmachine.com\/vi\/wp-json\/wp\/v2\/users\/1"}],"wp:featuredmedia":[{"embeddable":true,"href":"https:\/\/topfoodmachine.com\/vi\/wp-json\/wp\/v2\/media\/1224"}],"wp:attachment":[{"href":"https:\/\/topfoodmachine.com\/vi\/wp-json\/wp\/v2\/media?parent=1223"}],"wp:term":[{"taxonomy":"post_tag","embeddable":true,"href":"https:\/\/topfoodmachine.com\/vi\/wp-json\/wp\/v2\/tags?post=1223"},{"taxonomy":"product-type","embeddable":true,"href":"https:\/\/topfoodmachine.com\/vi\/wp-json\/wp\/v2\/product-type?post=1223"}],"curies":[{"name":"wp","href":"https:\/\/api.w.org\/{rel}","templated":true}]}}