{"id":1149,"date":"2024-02-23T15:32:41","date_gmt":"2024-02-23T07:32:41","guid":{"rendered":"https:\/\/topfoodmachine.com\/?post_type=product&#038;p=1149"},"modified":"2024-09-26T16:07:12","modified_gmt":"2024-09-26T08:07:12","slug":"meatball-making-machine","status":"publish","type":"product","link":"https:\/\/topfoodmachine.com\/vi\/product\/meatball-making-machine\/","title":{"rendered":"M\u00e1y l\u00e0m th\u1ecbt vi\u00ean"},"content":{"rendered":"<div class=\"kk-star-ratings kksr-auto kksr-align-left kksr-valign-top\"     data-payload='{&quot;align&quot;:&quot;left&quot;,&quot;id&quot;:&quot;1149&quot;,&quot;slug&quot;:&quot;default&quot;,&quot;valign&quot;:&quot;top&quot;,&quot;ignore&quot;:&quot;&quot;,&quot;reference&quot;:&quot;auto&quot;,&quot;class&quot;:&quot;&quot;,&quot;count&quot;:&quot;15&quot;,&quot;legendonly&quot;:&quot;&quot;,&quot;readonly&quot;:&quot;&quot;,&quot;score&quot;:&quot;4.8&quot;,&quot;starsonly&quot;:&quot;&quot;,&quot;best&quot;:&quot;5&quot;,&quot;gap&quot;:&quot;5&quot;,&quot;greet&quot;:&quot;Rate this product&quot;,&quot;legend&quot;:&quot;4.8\\\/5 - (15 b\u00ecnh ch\u1ecdn)&quot;,&quot;size&quot;:&quot;24&quot;,&quot;title&quot;:&quot;Meatball making machine&quot;,&quot;width&quot;:&quot;136.7&quot;,&quot;_legend&quot;:&quot;{score}\\\/{best} - ({count} {votes})&quot;,&quot;font_factor&quot;:&quot;1.25&quot;}'>              <div class=\"kksr-stars\">      <div class=\"kksr-stars-inactive\">             <div class=\"kksr-star\" data-star=\"1\" style=\"padding-right: 5px\">               <div class=\"kksr-icon\" style=\"width: 24px; height: 24px;\"><\/div>         <\/div>             <div class=\"kksr-star\" data-star=\"2\" style=\"padding-right: 5px\">               <div class=\"kksr-icon\" style=\"width: 24px; height: 24px;\"><\/div>         <\/div>             <div class=\"kksr-star\" data-star=\"3\" style=\"padding-right: 5px\">               <div class=\"kksr-icon\" style=\"width: 24px; height: 24px;\"><\/div>         <\/div>             <div class=\"kksr-star\" data-star=\"4\" style=\"padding-right: 5px\">               <div class=\"kksr-icon\" style=\"width: 24px; height: 24px;\"><\/div>         <\/div>             <div class=\"kksr-star\" data-star=\"5\" style=\"padding-right: 5px\">               <div class=\"kksr-icon\" style=\"width: 24px; height: 24px;\"><\/div>         <\/div>     <\/div>      <div class=\"kksr-stars-active\" style=\"width: 136.7px;\">             <div class=\"kksr-star\" style=\"padding-right: 5px\">               <div class=\"kksr-icon\" style=\"width: 24px; height: 24px;\"><\/div>         <\/div>             <div class=\"kksr-star\" style=\"padding-right: 5px\">               <div class=\"kksr-icon\" style=\"width: 24px; height: 24px;\"><\/div>         <\/div>             <div class=\"kksr-star\" style=\"padding-right: 5px\">               <div class=\"kksr-icon\" style=\"width: 24px; height: 24px;\"><\/div>         <\/div>             <div class=\"kksr-star\" style=\"padding-right: 5px\">               <div class=\"kksr-icon\" style=\"width: 24px; height: 24px;\"><\/div>         <\/div>             <div class=\"kksr-star\" style=\"padding-right: 5px\">               <div class=\"kksr-icon\" style=\"width: 24px; height: 24px;\"><\/div>         <\/div>     <\/div> <\/div>                   <div class=\"kksr-legend\" style=\"font-size: 19.2px;\">             4.8\/5 - (15 l\u01b0\u1ee3t b\u00ecnh ch\u1ecdn)    <\/div>     <\/div>  <p>M\u00e1y l\u00e0m th\u1ecbt vi\u00ean \u0111\u01b0\u1ee3c ch\u1ebf t\u1ea1o t\u1eeb th\u00e9p kh\u00f4ng g\u1ec9 304 \u0111\u1ea1t ti\u00eau chu\u1ea9n th\u1ef1c ph\u1ea9m, m\u00e1y \u0111\u1ea3m b\u1ea3o c\u1ea3 \u0111\u1ed9 b\u1ec1n v\u00e0 v\u1ec7 sinh, l\u00e0m cho n\u00f3 l\u00fd t\u01b0\u1edfng cho vi\u1ec7c s\u1eed d\u1ee5ng th\u01b0\u01a1ng m\u1ea1i. C\u00f3 kh\u1ea3 n\u0103ng s\u1ea3n xu\u1ea5t l\u00ean \u0111\u1ebfn 280 vi\u00ean th\u1ecbt m\u1ed7i ph\u00fat, n\u00f3 t\u0103ng c\u01b0\u1eddng n\u0103ng su\u1ea5t \u0111\u00e1ng k\u1ec3 so v\u1edbi c\u00e1c ph\u01b0\u01a1ng ph\u00e1p th\u1ee7 c\u00f4ng. <\/p>    <p>M\u00e1y bao g\u1ed3m ba khu\u00f4n ti\u00eau chu\u1ea9n s\u1ea3n xu\u1ea5t th\u1ecbt vi\u00ean v\u1edbi k\u00edch th\u01b0\u1edbc 20mm, 25mm v\u00e0 30mm, v\u1edbi t\u00f9y ch\u1ecdn t\u00f9y ch\u1ec9nh khu\u00f4n cho c\u00e1c k\u00edch th\u01b0\u1edbc kh\u00e1c nhau d\u1ef1a tr\u00ean y\u00eau c\u1ea7u c\u1ee7a kh\u00e1ch h\u00e0ng. <\/p>    <p>M\u00e1y \u0111a n\u0103ng n\u00e0y c\u00f3 th\u1ec3 t\u1ea1o ra nhi\u1ec1u lo\u1ea1i th\u1ecbt vi\u00ean kh\u00e1c nhau, ch\u1eb3ng h\u1ea1n nh\u01b0 c\u00e1, b\u00f2, heo v\u00e0 g\u00e0, cung c\u1ea5p ki\u1ec3m so\u00e1t ch\u00ednh x\u00e1c v\u1ec1 c\u1ea3 k\u00edch th\u01b0\u1edbc v\u00e0 t\u1ed1c \u0111\u1ed9 s\u1ea3n xu\u1ea5t. <\/p>    <figure class=\"wp-block-embed is-type-video is-provider-youtube wp-block-embed-youtube wp-embed-aspect-16-9 wp-has-aspect-ratio\"><div class=\"wp-block-embed__wrapper\"> <iframe loading=\"lazy\" title=\"T\u1eeb th\u1ecbt \u0111\u1ebfn tuy\u1ec7t v\u1eddi: Xem ho\u1ea1t \u0111\u1ed9ng c\u1ee7a m\u00e1y l\u00e0m th\u1ecbt vi\u00ean c\u1ee7a ch\u00fang t\u00f4i! #ch\u1ebf bi\u1ebfn th\u1ef1c ph\u1ea9m #meat\" width=\"500\" height=\"281\" src=\"https:\/\/www.youtube.com\/embed\/IAoD-nwgU70?feature=oembed\" frameborder=\"0\" allow=\"accelerometer; autoplay; clipboard-write; encrypted-media; gyroscope; picture-in-picture; web-share\" referrerpolicy=\"strict-origin-when-cross-origin\" allowfullscreen><\/iframe> <\/div><figcaption class=\"wp-element-caption\">quy tr\u00ecnh l\u00e0m vi\u1ec7c c\u1ee7a m\u00e1y l\u00e0m th\u1ecbt vi\u00ean<\/figcaption><\/figure>    <h2 class=\"wp-block-heading\">T\u00ednh n\u0103ng ch\u00ednh c\u1ee7a m\u00e1y l\u00e0m th\u1ecbt vi\u00ean<\/h2>    <ul class=\"wp-block-list\"> <li><strong>\u1ee8ng d\u1ee5ng \u0111a d\u1ea1ng<\/strong>: m\u00e1y n\u00e0y c\u00f3 th\u1ec3 s\u1ea3n xu\u1ea5t nhi\u1ec1u lo\u1ea1i th\u1ecbt vi\u00ean kh\u00e1c nhau, bao g\u1ed3m th\u1ecbt b\u00f2, th\u1ecbt heo, th\u1ecbt g\u00e0 v\u00e0 th\u1ecbt c\u00e1. N\u00f3 c\u0169ng cung c\u1ea5p c\u00e1c c\u1ea5u h\u00ecnh kh\u00e1c nhau \u0111\u1ec3 l\u00e0m c\u1ea3 th\u1ecbt vi\u00ean r\u1eafn v\u00e0 nh\u1ed3i \u0111\u1ec3 \u0111\u00e1p \u1ee9ng c\u00e1c nhu c\u1ea7u \u1ea9m th\u1ef1c kh\u00e1c nhau.<\/li>    <li><strong>C\u00f4ng su\u1ea5t cao<\/strong>: m\u00e1y ho\u1ea1t \u0111\u1ed9ng v\u1edbi t\u1ed1c \u0111\u1ed9 cao, t\u1ea1o ra t\u1edbi 280 vi\u00ean m\u1ed7i ph\u00fat, l\u00e0m cho n\u00f3 ho\u00e0n h\u1ea3o cho s\u1ea3n xu\u1ea5t quy m\u00f4 l\u1edbn m\u00e0 kh\u00f4ng l\u00e0m gi\u1ea3m ch\u1ea5t l\u01b0\u1ee3ng.<\/li>    <li><strong>V\u1eadt li\u1ec7u cao c\u1ea5p<\/strong>: \u0111\u01b0\u1ee3c l\u00e0m t\u1eeb th\u00e9p kh\u00f4ng g\u1ec9 304 d\u00e0y v\u00e0 \u0111\u01b0\u1ee3c trang b\u1ecb \u0111\u1ed9ng c\u01a1 d\u00e2y \u0111\u1ed3ng b\u1ec1n, m\u00e1y \u0111\u1ea3m b\u1ea3o tu\u1ed5i th\u1ecd d\u00e0i, \u0111\u1ea3m b\u1ea3o hi\u1ec7u su\u1ea5t \u0111\u00e1ng tin c\u1eady v\u00e0 hi\u1ec7u qu\u1ea3 v\u1edbi b\u1ea3o tr\u00ec t\u1ed1i thi\u1ec3u.<\/li> <\/ul>    <figure class=\"wp-block-gallery has-nested-images columns-default is-cropped wp-block-gallery-2 is-layout-flex wp-block-gallery-is-layout-flex\"> <figure class=\"wp-block-image size-full\"><img loading=\"lazy\" decoding=\"async\" width=\"720\" height=\"540\" data-id=\"1151\" src=\"https:\/\/topfoodmachine.com\/wp-content\/uploads\/2024\/02\/exported-Meatball-making-machine.webp\" alt=\"m\u00e1y l\u00e0m th\u1ecbt vi\u00ean xu\u1ea5t kh\u1ea9u\" class=\"wp-image-1151\" srcset=\"https:\/\/topfoodmachine.com\/wp-content\/uploads\/2024\/02\/exported-Meatball-making-machine.webp 720w, https:\/\/topfoodmachine.com\/wp-content\/uploads\/2024\/02\/exported-Meatball-making-machine-300x225.webp 300w\" sizes=\"auto, (max-width: 720px) 100vw, 720px\" \/><figcaption class=\"wp-element-caption\">m\u00e1y l\u00e0m th\u1ecbt vi\u00ean xu\u1ea5t kh\u1ea9u<\/figcaption><\/figure>    <figure class=\"wp-block-image\"><img loading=\"lazy\" decoding=\"async\" width=\"720\" height=\"540\" data-id=\"1641\" src=\"https:\/\/topfoodmachine.com\/wp-content\/uploads\/2024\/02\/meatball.webp\" alt=\"th\u1ecbt vi\u00ean\" class=\"wp-image-1641\" srcset=\"https:\/\/topfoodmachine.com\/wp-content\/uploads\/2024\/02\/meatball.webp 720w, https:\/\/topfoodmachine.com\/wp-content\/uploads\/2024\/02\/meatball-300x225.webp 300w, https:\/\/topfoodmachine.com\/wp-content\/uploads\/2024\/02\/meatball-16x12.webp 16w\" sizes=\"auto, (max-width: 720px) 100vw, 720px\" \/><figcaption class=\"wp-element-caption\">th\u1ecbt vi\u00ean<\/figcaption><\/figure> <\/figure>    <h2 class=\"wp-block-heading\">M\u00e1y l\u00e0m vi\u00ean th\u1ecbt ho\u1ea1t \u0111\u1ed9ng nh\u01b0 th\u1ebf n\u00e0o?<\/h2>    <p class=\"translation-block\"><strong>M\u00e1y l\u00e0m vi\u00ean th\u1ecbt<\/strong> ho\u1ea1t \u0111\u1ed9ng th\u00f4ng qua m\u1ed9t quy tr\u00ecnh h\u1ee3p l\u00fd \u0111\u01b0\u1ee3c thi\u1ebft k\u1ebf \u0111\u1ec3 t\u1ed1i \u0111a h\u00f3a hi\u1ec7u qu\u1ea3 v\u00e0 t\u00ednh nh\u1ea5t qu\u00e1n trong s\u1ea3n xu\u1ea5t. D\u01b0\u1edbi \u0111\u00e2y l\u00e0 m\u1ed9t ph\u00e1c th\u1ea3o v\u1ec1 c\u00e1ch n\u00f3 ho\u1ea1t \u0111\u1ed9ng.<\/p>    <div class=\"wp-block-media-text has-media-on-the-right is-stacked-on-mobile\"><div class=\"wp-block-media-text__content\"> <ul class=\"wp-block-list\"> <li><strong>xay th\u1ecbt<\/strong>. Quy tr\u00ecnh b\u1eaft \u0111\u1ea7u b\u1eb1ng vi\u1ec7c xay th\u1ecbt \u0111\u1ec3 \u0111\u1ea1t \u0111\u01b0\u1ee3c k\u1ebft c\u1ea5u mong mu\u1ed1n, gi\u00fap d\u1ec5 d\u00e0ng t\u1ea1o th\u00e0nh th\u1ecbt vi\u00ean sau n\u00e0y.<\/li>    <li><strong>Nghi\u1ec1n th\u1ecbt<\/strong>. Th\u1ecbt xay \u0111\u01b0\u1ee3c tinh ch\u1ebf b\u1eb1ng m\u00e1y nghi\u1ec1n th\u1ecbt, bi\u1ebfn n\u00f3 th\u00e0nh m\u1ed9t h\u1ed7n h\u1ee3p m\u1ecbn h\u01a1n, t\u1ed1t h\u01a1n cho t\u00ednh nh\u1ea5t qu\u00e1n.<\/li>    <li><strong>T\u1ea1o h\u00ecnh th\u1ecbt vi\u00ean<\/strong>. H\u1ed7n h\u1ee3p th\u1ecbt \u0111\u01b0\u1ee3c chuy\u1ec3n \u0111\u1ebfn m\u00e1y l\u00e0m th\u1ecbt vi\u00ean, m\u00e1y n\u00e0y t\u1ea1o h\u00ecnh th\u00e0nh c\u00e1c vi\u00ean \u0111\u1ed3ng nh\u1ea5t v\u1edbi nhi\u1ec1u k\u00edch c\u1ee1 kh\u00e1c nhau, \u0111\u1ea3m b\u1ea3o s\u1ea3n l\u01b0\u1ee3ng cao v\u00e0 h\u00ecnh d\u1ea1ng \u0111\u1ed3ng nh\u1ea5t v\u1edbi t\u1ed1c \u0111\u1ed9 nhanh.<\/li> <\/ul> <\/div><figure class=\"wp-block-media-text__media\"><img loading=\"lazy\" decoding=\"async\" width=\"720\" height=\"540\" src=\"https:\/\/topfoodmachine.com\/wp-content\/uploads\/2024\/02\/Meatball-making-machine-for-business.webp\" alt=\"M\u00e1y l\u00e0m th\u1ecbt vi\u00ean d\u00e0nh cho doanh nghi\u1ec7p\" class=\"wp-image-1152 size-full\" srcset=\"https:\/\/topfoodmachine.com\/wp-content\/uploads\/2024\/02\/Meatball-making-machine-for-business.webp 720w, https:\/\/topfoodmachine.com\/wp-content\/uploads\/2024\/02\/Meatball-making-machine-for-business-300x225.webp 300w\" sizes=\"auto, (max-width: 720px) 100vw, 720px\" \/><\/figure><\/div>    <p>V\u1edbi quy tr\u00ecnh n\u00e0y, m\u00e1y cung c\u1ea5p c\u1ea3 t\u1ed1c \u0111\u1ed9 v\u00e0 \u0111\u1ed9 ch\u00ednh x\u00e1c, l\u00e0m cho n\u00f3 tr\u1edf th\u00e0nh m\u1ed9t c\u00f4ng c\u1ee5 kh\u00f4ng th\u1ec3 thi\u1ebfu cho c\u00e1c m\u00f4i tr\u01b0\u1eddng s\u1ea3n xu\u1ea5t th\u1ef1c ph\u1ea9m quy m\u00f4 l\u1edbn.<\/p>    <h2 class=\"wp-block-heading\">M\u00e1y h\u1ed7 tr\u1ee3 c\u1ee7a m\u00e1y l\u00e0m th\u1ecbt vi\u00ean<\/h2>    <p class=\"translation-block\">\u0110\u1ec3 n\u00e2ng cao ch\u1ee9c n\u0103ng c\u1ee7a <strong>m\u00e1y l\u00e0m th\u1ecbt vi\u00ean<\/strong>, c\u00f3 th\u1ec3 t\u00edch h\u1ee3p nhi\u1ec1u thi\u1ebft b\u1ecb h\u1ed7 tr\u1ee3 v\u00e0o d\u00e2y chuy\u1ec1n s\u1ea3n xu\u1ea5t, l\u00e0m cho to\u00e0n b\u1ed9 qu\u00e1 tr\u00ecnh tr\u1edf n\u00ean hi\u1ec7u qu\u1ea3 v\u00e0 linh ho\u1ea1t h\u01a1n. D\u01b0\u1edbi \u0111\u00e2y l\u00e0 t\u1ed5ng quan v\u1ec1 c\u00e1c m\u00e1y h\u1ed7 tr\u1ee3 ch\u00ednh.<\/p>    <div class=\"wp-block-media-text is-stacked-on-mobile\"><figure class=\"wp-block-media-text__media\"><img loading=\"lazy\" decoding=\"async\" width=\"720\" height=\"540\" src=\"https:\/\/topfoodmachine.com\/wp-content\/uploads\/2023\/10\/meat-grinder.webp\" alt=\"m\u00e1y xay th\u1ecbt\" class=\"wp-image-806 size-full\" srcset=\"https:\/\/topfoodmachine.com\/wp-content\/uploads\/2023\/10\/meat-grinder.webp 720w, https:\/\/topfoodmachine.com\/wp-content\/uploads\/2023\/10\/meat-grinder-300x225.webp 300w\" sizes=\"auto, (max-width: 720px) 100vw, 720px\" \/><\/figure><div class=\"wp-block-media-text__content\"> <h3 class=\"wp-block-heading\"><strong><a href=\"https:\/\/topfoodmachine.com\/vi\/product\/automatic-meat-grinder\/\" data-type=\"link\" data-id=\"https:\/\/topfoodmachine.com\/product\/automatic-meat-grinder\/\">M\u00e1y xay th\u1ecbt<\/a><\/strong><\/h3>    <p>M\u00e1y n\u00e0y r\u1ea5t c\u1ea7n thi\u1ebft \u0111\u1ec3 bi\u1ebfn th\u1ecbt s\u1ed1ng th\u00e0nh b\u1ed9t th\u1ecbt xay nhuy\u1ec5n, l\u00e0m nguy\u00ean li\u1ec7u c\u01a1 b\u1ea3n \u0111\u1ec3 l\u00e0m th\u1ecbt vi\u00ean. <\/p>    <p>B\u1eb1ng c\u00e1ch s\u1eed d\u1ee5ng m\u00e1y xay th\u1ecbt tr\u01b0\u1edbc khi s\u1eed d\u1ee5ng m\u00e1y l\u00e0m th\u1ecbt vi\u00ean, b\u1ea1n \u0111\u1ea3m b\u1ea3o \u0111\u1ed9 \u0111\u1ed3ng nh\u1ea5t v\u00e0 k\u1ebft c\u1ea5u c\u1ee7a th\u1ecbt, d\u1eabn \u0111\u1ebfn nh\u1eefng vi\u00ean th\u1ecbt \u0111\u1ed3ng \u0111\u1ec1u v\u00e0 ch\u1ea5t l\u01b0\u1ee3ng cao.<\/p> <\/div><\/div>    <div class=\"wp-block-media-text has-media-on-the-right is-stacked-on-mobile\"><div class=\"wp-block-media-text__content\"> <h3 class=\"wp-block-heading\"><strong><a href=\"https:\/\/topfoodmachine.com\/vi\/product\/fish-meat-bone-separating-machine\/\" data-type=\"link\" data-id=\"https:\/\/topfoodmachine.com\/product\/fish-meat-bone-separating-machine\/\">M\u00e1y t\u00e1ch th\u1ecbt v\u00e0 x\u01b0\u01a1ng c\u00e1<\/a><\/strong><\/h3>    <p>N\u1ebfu b\u1ea1n \u0111ang s\u1ea3n xu\u1ea5t th\u1ecbt vi\u00ean t\u1eeb c\u00e1, m\u00e1y n\u00e0y t\u00e1ch th\u1ecbt c\u00e1 ra kh\u1ecfi x\u01b0\u01a1ng, \u0111\u01a1n gi\u1ea3n h\u00f3a quy tr\u00ecnh chu\u1ea9n b\u1ecb. <\/p>    <p>Khi c\u00e1 \u0111\u00e3 \u0111\u01b0\u1ee3c t\u00e1ch x\u01b0\u01a1ng, b\u1ed9t c\u00e1 c\u00f3 th\u1ec3 \u0111\u01b0\u1ee3c s\u1eed d\u1ee5ng tr\u1ef1c ti\u1ebfp trong m\u00e1y l\u00e0m th\u1ecbt vi\u00ean \u0111\u1ec3 t\u1ea1o ra nh\u1eefng vi\u00ean c\u00e1 m\u1ecbn m\u00e0ng v\u00e0 \u0111\u01b0\u1ee3c \u0111\u1ecbnh h\u00ecnh t\u1ed1t.<\/p> <\/div><figure class=\"wp-block-media-text__media\"><img loading=\"lazy\" decoding=\"async\" width=\"720\" height=\"540\" src=\"https:\/\/topfoodmachine.com\/wp-content\/uploads\/2023\/10\/fish-meat-separating-machine.webp\" alt=\"m\u00e1y t\u00e1ch th\u1ecbt c\u00e1\" class=\"wp-image-828 size-full\" srcset=\"https:\/\/topfoodmachine.com\/wp-content\/uploads\/2023\/10\/fish-meat-separating-machine.webp 720w, https:\/\/topfoodmachine.com\/wp-content\/uploads\/2023\/10\/fish-meat-separating-machine-300x225.webp 300w\" sizes=\"auto, (max-width: 720px) 100vw, 720px\" \/><\/figure><\/div>    <p>Nh\u1eefng m\u00e1y b\u1ed5 sung n\u00e0y c\u1ea3i thi\u1ec7n c\u1ea3 t\u1ed1c \u0111\u1ed9 s\u1ea3n xu\u1ea5t v\u00e0 ch\u1ea5t l\u01b0\u1ee3ng \u0111\u1ea7u ra, l\u00e0m cho ch\u00fang tr\u1edf n\u00ean kh\u00f4ng th\u1ec3 thi\u1ebfu trong c\u00e1c m\u00f4i tr\u01b0\u1eddng ch\u1ebf bi\u1ebfn th\u1ef1c ph\u1ea9m quy m\u00f4 l\u1edbn. <\/p>    <h2 class=\"wp-block-heading\">Th\u00f4ng s\u1ed1 k\u1ef9 thu\u1eadt c\u1ee7a m\u00e1y l\u00e0m th\u1ecbt vi\u00ean<\/h2>    <figure class=\"wp-block-table\"><table><tbody><tr><td>Ng\u01b0\u1eddi m\u1eabu<\/td><td>TZ-100<\/td><\/tr><tr><td>K\u00edch c\u1ee1<\/td><td>400*700*1230mm<\/td><\/tr><tr><td>C\u00e2n n\u1eb7ng<\/td><td>80kg<\/td><\/tr><tr><td>V\u00f4n<\/td><td>220V, 50Hz<\/td><\/tr><tr><td>V\u1eadt li\u1ec7u<\/td><td>304ss<\/td><\/tr><tr><td>Quy\u1ec1n l\u1ef1c<\/td><td>1,1kw<\/td><\/tr><tr><td>Dung t\u00edch<\/td><td>280 C\u00c1I \/ ph\u00fat<\/td><\/tr><\/tbody><\/table><figcaption class=\"wp-element-caption\">Th\u00f4ng s\u1ed1 k\u1ef9 thu\u1eadt c\u1ee7a m\u00e1y vi\u00ean th\u1ecbt<\/figcaption><\/figure>    <h2 class=\"wp-block-heading\">M\u1ed9t tr\u01b0\u1eddng h\u1ee3p th\u00e0nh c\u00f4ng c\u1ee7a m\u00e1y l\u00e0m th\u1ecbt vi\u00ean<\/h2>    <p>M\u1ed9t nh\u00e0 m\u00e1y ch\u1ebf bi\u1ebfn th\u1ecbt quy m\u00f4 v\u1eeba \u0111\u00e3 c\u1ea3i thi\u1ec7n \u0111\u00e1ng k\u1ec3 hi\u1ec7u qu\u1ea3 s\u1ea3n xu\u1ea5t v\u00e0 ch\u1ea5t l\u01b0\u1ee3ng s\u1ea3n ph\u1ea9m c\u1ee7a m\u00ecnh b\u1eb1ng c\u00e1ch tri\u1ec3n khai thi\u1ebft b\u1ecb c\u1ee7a ch\u00fang t\u00f4i. <\/p>    <figure class=\"wp-block-image size-full\"><img loading=\"lazy\" decoding=\"async\" width=\"720\" height=\"540\" src=\"https:\/\/topfoodmachine.com\/wp-content\/uploads\/2024\/02\/Meatball-making-machine-for-sale.webp\" alt=\"C\u1ea7n b\u00e1n m\u00e1y l\u00e0m th\u1ecbt vi\u00ean\" class=\"wp-image-1153\" srcset=\"https:\/\/topfoodmachine.com\/wp-content\/uploads\/2024\/02\/Meatball-making-machine-for-sale.webp 720w, https:\/\/topfoodmachine.com\/wp-content\/uploads\/2024\/02\/Meatball-making-machine-for-sale-300x225.webp 300w\" sizes=\"auto, (max-width: 720px) 100vw, 720px\" \/><figcaption class=\"wp-element-caption\">C\u1ea7n b\u00e1n m\u00e1y l\u00e0m th\u1ecbt vi\u00ean<\/figcaption><\/figure>    <p>Tr\u01b0\u1edbc \u0111\u00e2y, nh\u00e0 m\u00e1y d\u1ef1a v\u00e0o c\u00e1c ph\u01b0\u01a1ng ph\u00e1p th\u1ee7 c\u00f4ng truy\u1ec1n th\u1ed1ng \u0111\u1ec3 s\u1ea3n xu\u1ea5t th\u1ecbt vi\u00ean, d\u1eabn \u0111\u1ebfn s\u1ea3n l\u01b0\u1ee3ng th\u1ea5p v\u00e0 chi ph\u00ed lao \u0111\u1ed9ng cao. K\u1ec3 t\u1eeb khi \u00e1p d\u1ee5ng m\u00e1y l\u00e0m th\u1ecbt vi\u00ean t\u1ef1 \u0111\u1ed9ng ho\u00e0n to\u00e0n c\u1ee7a ch\u00fang t\u00f4i, s\u1ea3n l\u01b0\u1ee3ng c\u1ee7a h\u1ecd \u0111\u00e3 t\u0103ng 50%, cho ph\u00e9p h\u1ecd t\u1ea1o ra nh\u1eefng vi\u00ean th\u1ecbt \u0111\u1ed3ng \u0111\u1ec1u v\u00e0 ch\u1ea5t l\u01b0\u1ee3ng cao m\u1ed9t c\u00e1ch nh\u1ea5t qu\u00e1n. <\/p>    <p>Ngo\u00e0i ra, t\u00ednh d\u1ec5 v\u1eadn h\u00e0nh v\u00e0 c\u00e1c t\u00ednh n\u0103ng v\u1ec7 sinh thu\u1eadn ti\u1ec7n c\u1ee7a m\u00e1y \u0111\u00e3 gi\u1ea3m c\u1ea3 th\u1eddi gian lao \u0111\u1ed9ng v\u00e0 chi ph\u00ed v\u1ec7 sinh. Kh\u00e1ch h\u00e0ng b\u00e0y t\u1ecf s\u1ef1 h\u00e0i l\u00f2ng cao v\u1edbi thi\u1ebft b\u1ecb c\u1ee7a ch\u00fang t\u00f4i v\u00e0 c\u00f3 k\u1ebf ho\u1ea1ch \u0111\u1ea7u t\u01b0 v\u00e0o nhi\u1ec1u m\u00e1y h\u01a1n trong t\u01b0\u01a1ng lai \u0111\u1ec3 \u0111\u00e1p \u1ee9ng nhu c\u1ea7u th\u1ecb tr\u01b0\u1eddng \u0111ang t\u0103ng tr\u01b0\u1edfng.<\/p>    <h2 class=\"wp-block-heading\">Ph\u1ea7n k\u1ebft lu\u1eadn<\/h2>    <figure class=\"wp-block-image size-full\"><img loading=\"lazy\" decoding=\"async\" width=\"720\" height=\"540\" src=\"https:\/\/topfoodmachine.com\/wp-content\/uploads\/2024\/02\/Meatball-making-machine-with-a-good-price.webp\" alt=\"M\u00e1y l\u00e0m th\u1ecbt vi\u00ean gi\u00e1 t\u1ed1t\" class=\"wp-image-1154\" srcset=\"https:\/\/topfoodmachine.com\/wp-content\/uploads\/2024\/02\/Meatball-making-machine-with-a-good-price.webp 720w, https:\/\/topfoodmachine.com\/wp-content\/uploads\/2024\/02\/Meatball-making-machine-with-a-good-price-300x225.webp 300w\" sizes=\"auto, (max-width: 720px) 100vw, 720px\" \/><figcaption class=\"wp-element-caption\">M\u00e1y l\u00e0m th\u1ecbt vi\u00ean gi\u00e1 t\u1ed1t<\/figcaption><\/figure>    <p>L\u00fd t\u01b0\u1edfng cho c\u00e1c nh\u00e0 h\u00e0ng, d\u1ecbch v\u1ee5 \u0103n u\u1ed1ng v\u00e0 c\u00e1c c\u00f4ng ty ch\u1ebf bi\u1ebfn th\u1ef1c ph\u1ea9m quy m\u00f4 l\u1edbn, m\u00e1y n\u00e0y l\u00e0 m\u1ed9t kho\u1ea3n \u0111\u1ea7u t\u01b0 gi\u00e1 tr\u1ecb gi\u00fap \u0111\u01a1n gi\u1ea3n h\u00f3a ho\u1ea1t \u0111\u1ed9ng v\u00e0 \u0111\u00e1p \u1ee9ng nhu c\u1ea7u th\u1ecb tr\u01b0\u1eddng \u0111ang t\u0103ng tr\u01b0\u1edfng. <\/p>    <p class=\"translation-block\">N\u00e2ng cao s\u1ea3n xu\u1ea5t <a href=\"https:\/\/en.wikipedia.org\/wiki\/Meatball\" target=\"_blank\" rel=\"noopener\">th\u1ecbt vi\u00ean<\/a> c\u1ee7a b\u1ea1n v\u00e0 \u0111\u1ea1t \u0111\u01b0\u1ee3c k\u1ebft qu\u1ea3 xu\u1ea5t s\u1eafc v\u1edbi thi\u1ebft b\u1ecb \u0111\u00e1ng tin c\u1eady v\u00e0 th\u00e2n thi\u1ec7n v\u1edbi ng\u01b0\u1eddi d\u00f9ng c\u1ee7a ch\u00fang t\u00f4i.<\/p>    <p><\/p>","protected":false},"excerpt":{"rendered":"<p>M\u00e1y l\u00e0m vi\u00ean th\u1ecbt \u0111\u01b0\u1ee3c ch\u1ebf t\u1ea1o t\u1eeb th\u00e9p kh\u00f4ng g\u1ec9 th\u1ef1c ph\u1ea9m 304, m\u00e1y \u0111\u1ea3m b\u1ea3o c\u1ea3 \u0111\u1ed9 b\u1ec1n v\u00e0 v\u1ec7 sinh, l\u00e0m cho n\u00f3 l\u00fd t\u01b0\u1edfng cho vi\u1ec7c s\u1eed d\u1ee5ng th\u01b0\u01a1ng m\u1ea1i.<\/p>","protected":false},"author":1,"featured_media":1150,"parent":0,"template":"","tags":[88,87],"product-type":[7],"class_list":["post-1149","product","type-product","status-publish","has-post-thumbnail","hentry","tag-meatball-maker","tag-meatball-making-machine","product-type-egg-meat-processing-machine"],"_links":{"self":[{"href":"https:\/\/topfoodmachine.com\/vi\/wp-json\/wp\/v2\/product\/1149","targetHints":{"allow":["GET"]}}],"collection":[{"href":"https:\/\/topfoodmachine.com\/vi\/wp-json\/wp\/v2\/product"}],"about":[{"href":"https:\/\/topfoodmachine.com\/vi\/wp-json\/wp\/v2\/types\/product"}],"author":[{"embeddable":true,"href":"https:\/\/topfoodmachine.com\/vi\/wp-json\/wp\/v2\/users\/1"}],"wp:featuredmedia":[{"embeddable":true,"href":"https:\/\/topfoodmachine.com\/vi\/wp-json\/wp\/v2\/media\/1150"}],"wp:attachment":[{"href":"https:\/\/topfoodmachine.com\/vi\/wp-json\/wp\/v2\/media?parent=1149"}],"wp:term":[{"taxonomy":"post_tag","embeddable":true,"href":"https:\/\/topfoodmachine.com\/vi\/wp-json\/wp\/v2\/tags?post=1149"},{"taxonomy":"product-type","embeddable":true,"href":"https:\/\/topfoodmachine.com\/vi\/wp-json\/wp\/v2\/product-type?post=1149"}],"curies":[{"name":"wp","href":"https:\/\/api.w.org\/{rel}","templated":true}]}}