{"id":1139,"date":"2024-02-18T15:11:54","date_gmt":"2024-02-18T07:11:54","guid":{"rendered":"https:\/\/topfoodmachine.com\/?post_type=product&#038;p=1139"},"modified":"2024-03-01T14:11:16","modified_gmt":"2024-03-01T06:11:16","slug":"mashed-potato-machine","status":"publish","type":"product","link":"https:\/\/topfoodmachine.com\/vi\/product\/mashed-potato-machine\/","title":{"rendered":"M\u00e1y nghi\u1ec1n khoai t\u00e2y \u4e28M\u00e1y nghi\u1ec1n khoai t\u00e2y"},"content":{"rendered":"<div class=\"kk-star-ratings kksr-auto kksr-align-left kksr-valign-top\"     data-payload='{&quot;align&quot;:&quot;left&quot;,&quot;id&quot;:&quot;1139&quot;,&quot;slug&quot;:&quot;default&quot;,&quot;valign&quot;:&quot;top&quot;,&quot;ignore&quot;:&quot;&quot;,&quot;reference&quot;:&quot;auto&quot;,&quot;class&quot;:&quot;&quot;,&quot;count&quot;:&quot;9&quot;,&quot;legendonly&quot;:&quot;&quot;,&quot;readonly&quot;:&quot;&quot;,&quot;score&quot;:&quot;4.5&quot;,&quot;starsonly&quot;:&quot;&quot;,&quot;best&quot;:&quot;5&quot;,&quot;gap&quot;:&quot;5&quot;,&quot;greet&quot;:&quot;Rate this product&quot;,&quot;legend&quot;:&quot;4.5\\\/5 - (9 b\u00ecnh ch\u1ecdn)&quot;,&quot;size&quot;:&quot;24&quot;,&quot;title&quot;:&quot;Mashed potato machine\u4e28Potato masher&quot;,&quot;width&quot;:&quot;128&quot;,&quot;_legend&quot;:&quot;{score}\\\/{best} - ({count} {votes})&quot;,&quot;font_factor&quot;:&quot;1.25&quot;}'>              <div class=\"kksr-stars\">      <div class=\"kksr-stars-inactive\">             <div class=\"kksr-star\" data-star=\"1\" style=\"padding-right: 5px\">               <div class=\"kksr-icon\" style=\"width: 24px; height: 24px;\"><\/div>         <\/div>             <div class=\"kksr-star\" data-star=\"2\" style=\"padding-right: 5px\">               <div class=\"kksr-icon\" style=\"width: 24px; height: 24px;\"><\/div>         <\/div>             <div class=\"kksr-star\" data-star=\"3\" style=\"padding-right: 5px\">               <div class=\"kksr-icon\" style=\"width: 24px; height: 24px;\"><\/div>         <\/div>             <div class=\"kksr-star\" data-star=\"4\" style=\"padding-right: 5px\">               <div class=\"kksr-icon\" style=\"width: 24px; height: 24px;\"><\/div>         <\/div>             <div class=\"kksr-star\" data-star=\"5\" style=\"padding-right: 5px\">               <div class=\"kksr-icon\" style=\"width: 24px; height: 24px;\"><\/div>         <\/div>     <\/div>      <div class=\"kksr-stars-active\" style=\"width: 128px;\">             <div class=\"kksr-star\" style=\"padding-right: 5px\">               <div class=\"kksr-icon\" style=\"width: 24px; height: 24px;\"><\/div>         <\/div>             <div class=\"kksr-star\" style=\"padding-right: 5px\">               <div class=\"kksr-icon\" style=\"width: 24px; height: 24px;\"><\/div>         <\/div>             <div class=\"kksr-star\" style=\"padding-right: 5px\">               <div class=\"kksr-icon\" style=\"width: 24px; height: 24px;\"><\/div>         <\/div>             <div class=\"kksr-star\" style=\"padding-right: 5px\">               <div class=\"kksr-icon\" style=\"width: 24px; height: 24px;\"><\/div>         <\/div>             <div class=\"kksr-star\" style=\"padding-right: 5px\">               <div class=\"kksr-icon\" style=\"width: 24px; height: 24px;\"><\/div>         <\/div>     <\/div> <\/div>                   <div class=\"kksr-legend\" style=\"font-size: 19.2px;\">             4.5\/5 - (9 l\u01b0\u1ee3t b\u00ecnh ch\u1ecdn)    <\/div>     <\/div>  <p>M\u00e1y nghi\u1ec1n khoai t\u00e2y nghi\u1ec1n l\u00e0 m\u1ed9t thi\u1ebft b\u1ecb nh\u00e0 b\u1ebfp mang t\u00ednh c\u00e1ch m\u1ea1ng \u0111\u01b0\u1ee3c thi\u1ebft k\u1ebf \u0111\u1ec3 \u0111\u01a1n gi\u1ea3n h\u00f3a quy tr\u00ecnh l\u00e0m khoai t\u00e2y nghi\u1ec1n, mang \u0111\u1ebfn cho b\u1ea1n tr\u1ea3i nghi\u1ec7m n\u1ea5u n\u01b0\u1edbng thu\u1eadn ti\u1ec7n v\u00e0 hi\u1ec7u qu\u1ea3 h\u01a1n. <\/p>    <p>V\u1edbi thi\u1ebft k\u1ebf ti\u00ean ti\u1ebfn v\u00e0 hi\u1ec7u su\u1ea5t m\u1ea1nh m\u1ebd, chi\u1ebfc m\u00e1y n\u00e0y \u0111\u01a1n gi\u1ea3n h\u00f3a t\u1ed1i \u0111a quy tr\u00ecnh l\u00e0m khoai t\u00e2y nghi\u1ec1n truy\u1ec1n th\u1ed1ng, cho ph\u00e9p b\u1ea1n th\u01b0\u1edfng th\u1ee9c m\u00f3n khoai t\u00e2y nghi\u1ec1n m\u1ecbn v\u00e0 b\u00e9o ng\u1eady ch\u1ec9 b\u1eb1ng m\u1ed9t n\u00fat nh\u1ea5n. <\/p>    <p>Cho d\u00f9 l\u00e0 \u0111\u1ec3 n\u1ea5u \u0103n h\u00e0ng ng\u00e0y trong gia \u0111\u00ecnh hay ph\u1ee5c v\u1ee5 nhu c\u1ea7u nh\u00e0 b\u1ebfp quy m\u00f4 l\u1edbn, M\u00e1y nghi\u1ec1n khoai t\u00e2y nghi\u1ec1n \u0111\u1ec1u \u0111\u00e1p \u1ee9ng \u0111\u01b0\u1ee3c nhi\u1ec7m v\u1ee5, gi\u00fap b\u1ea1n tho\u00e1t kh\u1ecfi c\u00f4ng vi\u1ec7c th\u1ee7 c\u00f4ng r\u01b0\u1eddm r\u00e0 v\u00e0 d\u1ec5 d\u00e0ng t\u1ea1o ra nh\u1eefng m\u00f3n khoai t\u00e2y nghi\u1ec1n ho\u00e0n h\u1ea3o \u0111\u1ec3 n\u00e2ng cao b\u00e0n \u0103n c\u1ee7a b\u1ea1n v\u1edbi nh\u1eefng l\u1ef1a ch\u1ecdn ngon mi\u1ec7ng.<\/p>    <figure class=\"wp-block-image size-full\"><img loading=\"lazy\" decoding=\"async\" width=\"720\" height=\"540\" src=\"https:\/\/topfoodmachine.com\/wp-content\/uploads\/2024\/02\/automatic-Mashed-potato-machine.webp\" alt=\"m\u00e1y nghi\u1ec1n khoai t\u00e2y t\u1ef1 \u0111\u1ed9ng\" class=\"wp-image-1141\" srcset=\"https:\/\/topfoodmachine.com\/wp-content\/uploads\/2024\/02\/automatic-Mashed-potato-machine.webp 720w, https:\/\/topfoodmachine.com\/wp-content\/uploads\/2024\/02\/automatic-Mashed-potato-machine-300x225.webp 300w\" sizes=\"auto, (max-width: 720px) 100vw, 720px\" \/><figcaption class=\"wp-element-caption\">m\u00e1y nghi\u1ec1n khoai t\u00e2y t\u1ef1 \u0111\u1ed9ng<\/figcaption><\/figure>    <h2 class=\"wp-block-heading\">V\u1eadt li\u1ec7u th\u00edch h\u1ee3p cho m\u00e1y nghi\u1ec1n khoai t\u00e2y<\/h2>    <p>M\u00e1y nghi\u1ec1n khoai t\u00e2y \u0111\u01b0\u1ee3c thi\u1ebft k\u1ebf \u0111\u1ec3 x\u1eed l\u00fd nhi\u1ec1u lo\u1ea1i nguy\u00ean li\u1ec7u kh\u00e1c nhau, bao g\u1ed3m khoai m\u00f4n nghi\u1ec1n, khoai lang t\u00edm nghi\u1ec1n, khoai t\u00e2y nghi\u1ec1n, loquat, t\u1ecfi, g\u1eebng, v.v. <\/p>    <p>D\u00f9 b\u1ea1n \u0111ang mu\u1ed1n t\u1ea1o ra khoai t\u00e2y nghi\u1ec1n truy\u1ec1n th\u1ed1ng hay th\u1eed nghi\u1ec7m v\u1edbi c\u00e1c m\u00f3n \u0103n s\u00e1ng t\u1ea1o nh\u01b0 khoai m\u00f4n nghi\u1ec1n ho\u1eb7c khoai lang t\u00edm nghi\u1ec1n, m\u00e1y n\u00e0y \u0111\u1ec1u c\u00f3 th\u1ec3 \u0111\u00e1p \u1ee9ng. <\/p>    <p>H\u01a1n n\u1eefa, n\u00f3 c\u00f2n c\u00f3 th\u1ec3 ch\u1ebf bi\u1ebfn c\u00e1c nguy\u00ean li\u1ec7u kh\u00e1c nh\u01b0 s\u01a1n tr\u00e0, t\u1ecfi v\u00e0 g\u1eebng, mang \u0111\u1ebfn cho b\u1ea1n nhi\u1ec1u l\u1ef1a ch\u1ecdn \u1ea9m th\u1ef1c.<\/p>    <h2 class=\"wp-block-heading\">M\u00e1y nghi\u1ec1n khoai t\u00e2y ho\u1ea1t \u0111\u1ed9ng nh\u01b0 th\u1ebf n\u00e0o?<\/h2>    <p>M\u00e1y nghi\u1ec1n khoai t\u00e2y c\u1ee7a ch\u00fang t\u00f4i ho\u1ea1t \u0111\u1ed9ng v\u1edbi \u0111\u1ed9 ch\u00ednh x\u00e1c v\u00e0 t\u00ednh linh ho\u1ea1t nh\u1edd c\u00e1c t\u00ednh n\u0103ng thi\u1ebft k\u1ebf s\u00e1ng t\u1ea1o. Trung t\u00e2m c\u1ee7a m\u00e1y l\u00e0 m\u1ed9t l\u01b0\u1ee1i c\u1eaft l\u00e1t xo\u1eafn \u1ed1c, \u0111\u01b0\u1ee3c thi\u1ebft k\u1ebf t\u1ec9 m\u1ec9 \u0111\u1ec3 ch\u1ebf bi\u1ebfn khoai t\u00e2y v\u00e0 c\u00e1c nguy\u00ean li\u1ec7u kh\u00e1c m\u1ed9t c\u00e1ch hi\u1ec7u qu\u1ea3. <\/p>    <p>Khi khoai t\u00e2y \u0111\u01b0\u1ee3c \u0111\u01b0a v\u00e0o m\u00e1y, l\u01b0\u1ee1i c\u1eaft xo\u1eafn \u1ed1c s\u1ebd nghi\u1ec1n ch\u00fang nhanh ch\u00f3ng v\u00e0 \u0111\u1ed3ng \u0111\u1ec1u \u0111\u1ebfn \u0111\u1ed9 \u0111\u1eb7c mong mu\u1ed1n, \u0111\u1ea3m b\u1ea3o k\u1ebft qu\u1ea3 lu\u00f4n m\u1ecbn v\u00e0 m\u1ecbn nh\u01b0 kem.<\/p>    <figure class=\"wp-block-image size-full\"><img loading=\"lazy\" decoding=\"async\" width=\"720\" height=\"540\" src=\"https:\/\/topfoodmachine.com\/wp-content\/uploads\/2024\/02\/commercial-Mashed-potato-machine.webp\" alt=\"m\u00e1y nghi\u1ec1n khoai t\u00e2y th\u01b0\u01a1ng m\u1ea1i\" class=\"wp-image-1142\" srcset=\"https:\/\/topfoodmachine.com\/wp-content\/uploads\/2024\/02\/commercial-Mashed-potato-machine.webp 720w, https:\/\/topfoodmachine.com\/wp-content\/uploads\/2024\/02\/commercial-Mashed-potato-machine-300x225.webp 300w\" sizes=\"auto, (max-width: 720px) 100vw, 720px\" \/><figcaption class=\"wp-element-caption\">m\u00e1y nghi\u1ec1n khoai t\u00e2y th\u01b0\u01a1ng m\u1ea1i<\/figcaption><\/figure>    <p>H\u01a1n n\u1eefa, m\u00e0n l\u01b0\u1edbi c\u00f3 th\u1ec3 ho\u00e1n \u0111\u1ed5i cho nhau \u1edf c\u1eeda x\u1ea3 gi\u00fap t\u0103ng c\u01b0\u1eddng t\u00ednh linh ho\u1ea1t trong k\u1ebft c\u1ea5u \u0111\u1ea7u ra c\u1ee7a khoai t\u00e2y nghi\u1ec1n. Cho d\u00f9 b\u1ea1n th\u00edch k\u1ebft c\u1ea5u m\u1ecbn h\u01a1n hay th\u00f4 h\u01a1n, ch\u1ec9 c\u1ea7n ho\u00e1n \u0111\u1ed5i m\u00e0n h\u00ecnh l\u01b0\u1edbi \u0111\u1ec3 \u0111\u1ea1t \u0111\u01b0\u1ee3c k\u1ebft qu\u1ea3 mong mu\u1ed1n.<\/p>    <p>Khi v\u1eadn h\u00e0nh, M\u00e1y nghi\u1ec1n khoai t\u00e2y k\u1ebft h\u1ee3p s\u1ee9c m\u1ea1nh c\u1ee7a l\u01b0\u1ee1i c\u1eaft xo\u1eafn \u1ed1c v\u1edbi kh\u1ea3 n\u0103ng th\u00edch \u1ee9ng c\u1ee7a m\u00e0n l\u01b0\u1edbi c\u00f3 th\u1ec3 ho\u00e1n \u0111\u1ed5i cho nhau, gi\u00fap ng\u01b0\u1eddi d\u00f9ng c\u00f3 to\u00e0n quy\u1ec1n ki\u1ec3m so\u00e1t k\u1ebft c\u1ea5u c\u1ee7a khoai t\u00e2y nghi\u1ec1n. V\u1edbi c\u00e1ch ti\u1ebfp c\u1eadn s\u00e1ng t\u1ea1o n\u00e0y, vi\u1ec7c c\u00f3 \u0111\u01b0\u1ee3c m\u00f3n khoai t\u00e2y nghi\u1ec1n ho\u00e0n h\u1ea3o tr\u1edf n\u00ean d\u1ec5 d\u00e0ng v\u00e0 c\u00f3 th\u1ec3 t\u00f9y ch\u1ec9nh \u0111\u1ec3 ph\u00f9 h\u1ee3p v\u1edbi s\u1edf th\u00edch c\u00e1 nh\u00e2n.<\/p>    <h2 class=\"wp-block-heading\">T\u00ednh n\u0103ng ch\u00ednh c\u1ee7a m\u00e1y nghi\u1ec1n khoai t\u00e2y<\/h2>    <p>M\u00e1y nghi\u1ec1n khoai t\u00e2y c\u00f3 nhi\u1ec1u t\u00ednh n\u0103ng ch\u00ednh khi\u1ebfn n\u00f3 tr\u1edf th\u00e0nh m\u1ed9t c\u00f4ng c\u1ee5 nh\u00e0 b\u1ebfp n\u1ed5i b\u1eadt. <\/p>    <p>Th\u1ee9 nh\u1ea5t, c\u1ea5u tr\u00fac h\u1ee3p l\u00fd c\u1ee7a n\u00f3 \u0111\u1ea3m b\u1ea3o hi\u1ec7u su\u1ea5t v\u00e0 \u0111\u1ed9 b\u1ec1n t\u1ed1i \u01b0u, h\u1ee9a h\u1eb9n ho\u1ea1t \u0111\u1ed9ng \u0111\u00e1ng tin c\u1eady theo th\u1eddi gian. V\u1edbi thi\u1ebft k\u1ebf th\u00e2n thi\u1ec7n v\u1edbi ng\u01b0\u1eddi d\u00f9ng, chi\u1ebfc m\u00e1y n\u00e0y d\u1ec5 l\u1eafp r\u00e1p v\u00e0 th\u00e1o r\u1eddi, t\u1ea1o \u0111i\u1ec1u ki\u1ec7n thu\u1eadn l\u1ee3i cho vi\u1ec7c l\u1eafp \u0111\u1eb7t v\u00e0 v\u1ec7 sinh, t\u1eeb \u0111\u00f3 n\u00e2ng cao v\u1ec7 sinh trong m\u00f4i tr\u01b0\u1eddng nh\u00e0 b\u1ebfp. <\/p>    <p>Ngo\u00e0i ra, h\u1ec7 th\u1ed1ng ph\u00e2n ph\u1ed1i t\u1ef1 \u0111\u1ed9ng \u0111\u1ed9c \u0111\u00e1o c\u1ee7a n\u00f3 gi\u00fap lo\u1ea1i b\u1ecf nhu c\u1ea7u can thi\u1ec7p th\u1ee7 c\u00f4ng, ti\u1ebft ki\u1ec7m c\u1ea3 th\u1eddi gian v\u00e0 c\u00f4ng s\u1ee9c. H\u01a1n n\u1eefa, m\u00e1y c\u00f2n c\u00f3 n\u0103ng su\u1ea5t th\u1ecbt cao, \u0111\u1ea3m b\u1ea3o hi\u1ec7u qu\u1ea3 t\u1ed1i \u0111a trong ch\u1ebf bi\u1ebfn th\u1ef1c ph\u1ea9m. <\/p>    <p>V\u1edbi nh\u1eefng t\u00ednh n\u0103ng n\u1ed5i b\u1eadt n\u00e0y, m\u00e1y nghi\u1ec1n khoai t\u00e2y c\u1ee7a ch\u00fang t\u00f4i mang l\u1ea1i s\u1ef1 ti\u1ec7n l\u1ee3i v\u00e0 hi\u1ec7u qu\u1ea3 v\u00f4 song, khi\u1ebfn n\u00f3 tr\u1edf th\u00e0nh c\u00f4ng c\u1ee5 kh\u00f4ng th\u1ec3 thi\u1ebfu cho b\u1ea5t k\u1ef3 nh\u00e0 b\u1ebfp n\u00e0o.<\/p>    <figure class=\"wp-block-gallery has-nested-images columns-default is-cropped wp-block-gallery-2 is-layout-flex wp-block-gallery-is-layout-flex\"> <figure class=\"wp-block-image size-large\"><img loading=\"lazy\" decoding=\"async\" width=\"720\" height=\"540\" data-id=\"1143\" src=\"https:\/\/topfoodmachine.com\/wp-content\/uploads\/2024\/02\/finished-product-of-Potato-masher.webp\" alt=\"th\u00e0nh ph\u1ea9m c\u1ee7a m\u00e1y nghi\u1ec1n khoai t\u00e2y\" class=\"wp-image-1143\" srcset=\"https:\/\/topfoodmachine.com\/wp-content\/uploads\/2024\/02\/finished-product-of-Potato-masher.webp 720w, https:\/\/topfoodmachine.com\/wp-content\/uploads\/2024\/02\/finished-product-of-Potato-masher-300x225.webp 300w\" sizes=\"auto, (max-width: 720px) 100vw, 720px\" \/><figcaption class=\"wp-element-caption\">th\u00e0nh ph\u1ea9m c\u1ee7a m\u00e1y nghi\u1ec1n khoai t\u00e2y<\/figcaption><\/figure>    <figure class=\"wp-block-image size-large\"><img loading=\"lazy\" decoding=\"async\" width=\"720\" height=\"540\" data-id=\"1144\" src=\"https:\/\/topfoodmachine.com\/wp-content\/uploads\/2024\/02\/high-quality-Potato-masher.webp\" alt=\"M\u00e1y nghi\u1ec1n khoai t\u00e2y ch\u1ea5t l\u01b0\u1ee3ng cao\" class=\"wp-image-1144\" srcset=\"https:\/\/topfoodmachine.com\/wp-content\/uploads\/2024\/02\/high-quality-Potato-masher.webp 720w, https:\/\/topfoodmachine.com\/wp-content\/uploads\/2024\/02\/high-quality-Potato-masher-300x225.webp 300w\" sizes=\"auto, (max-width: 720px) 100vw, 720px\" \/><figcaption class=\"wp-element-caption\">M\u00e1y nghi\u1ec1n khoai t\u00e2y ch\u1ea5t l\u01b0\u1ee3ng cao<\/figcaption><\/figure> <\/figure>    <h2 class=\"wp-block-heading\">Thi\u1ebft b\u1ecb h\u1ed7 tr\u1ee3 c\u1ee7a m\u00e1y nghi\u1ec1n khoai t\u00e2y<\/h2>    <p class=\"translation-block\">M\u00e1y nghi\u1ec1n khoai t\u00e2y n\u00e0y c\u00f3 th\u1ec3 \u0111\u01b0\u1ee3c k\u1ebft h\u1ee3p v\u1edbi m\u00e1y g\u1ecdt khoai t\u00e2y v\u00e0 m\u1ed9t <a href=\"https:\/\/topfoodmachine.com\/vi\/product\/fruit-and-vegetable-washing-machine\/\" data-type=\"link\" data-id=\"https:\/\/topfoodmachine.com\/product\/fruit-and-vegetable-washing-machine\/\">m\u00e1y r\u1eeda tr\u00e1i c\u00e2y v\u00e0 rau c\u1ee7<\/a> \u0111\u1ec3 n\u00e2ng cao hi\u1ec7u qu\u1ea3 v\u00e0 t\u00ednh linh ho\u1ea1t trong b\u1ebfp. <\/p>    <p class=\"translation-block\">M\u00e1y g\u1ecdt khoai t\u00e2y nhanh ch\u00f3ng lo\u1ea1i b\u1ecf v\u1ecf khoai t\u00e2y, t\u1ea1o \u0111i\u1ec1u ki\u1ec7n cho qu\u00e1 tr\u00ecnh chu\u1ea9n b\u1ecb cho <a href=\"https:\/\/en.wikipedia.org\/wiki\/Mashed_potato\" data-type=\"link\" data-id=\"https:\/\/en.wikipedia.org\/wiki\/Mashed_potato\" target=\"_blank\" rel=\"noopener\">khoai t\u00e2y nghi\u1ec1n<\/a>. T\u01b0\u01a1ng t\u1ef1, m\u00e1y r\u1eeda tr\u00e1i c\u00e2y v\u00e0 rau c\u1ee7 \u0111\u1ea3m b\u1ea3o l\u00e0m s\u1ea1ch k\u1ef9 l\u01b0\u1ee1ng c\u00e1c nguy\u00ean li\u1ec7u tr\u01b0\u1edbc khi ch\u00fang \u0111\u01b0\u1ee3c nghi\u1ec1n, th\u00fac \u0111\u1ea9y an to\u00e0n th\u1ef1c ph\u1ea9m v\u00e0 v\u1ec7 sinh. <\/p>    <p>C\u00f9ng v\u1edbi nhau, c\u00e1c thi\u1ebft b\u1ecb b\u1ed5 sung n\u00e0y t\u1ea1o ra m\u1ed9t quy tr\u00ecnh l\u00e0m vi\u1ec7c li\u1ec1n m\u1ea1ch, cho ph\u00e9p chu\u1ea9n b\u1ecb nguy\u00ean li\u1ec7u hi\u1ec7u qu\u1ea3. Cho d\u00f9 g\u1ecdt v\u1ecf khoai t\u00e2y hay r\u1eeda tr\u00e1i c\u00e2y v\u00e0 rau qu\u1ea3, nh\u1eefng ph\u1ee5 ki\u1ec7n n\u00e0y \u0111\u1ec1u l\u00e0 nh\u1eefng ph\u1ee5 ki\u1ec7n b\u1ed5 sung c\u00f3 gi\u00e1 tr\u1ecb cho m\u00e1y nghi\u1ec1n khoai t\u00e2y, n\u00e2ng cao h\u01a1n n\u1eefa ch\u1ee9c n\u0103ng v\u00e0 t\u00ednh d\u1ec5 s\u1eed d\u1ee5ng c\u1ee7a m\u00e1y.<\/p>    <h2 class=\"wp-block-heading\">Th\u00f4ng s\u1ed1 c\u1ee7a m\u00e1y nghi\u1ec1n khoai t\u00e2y<\/h2>    <figure class=\"wp-block-table\"><table><tbody><tr><td>Ng\u01b0\u1eddi m\u1eabu<\/td><td>CY-JN500<\/td><\/tr><tr><td>K\u00edch c\u1ee1<\/td><td>1150*690*1710mm<\/td><\/tr><tr><td>V\u00f4n<\/td><td>380V,50HZ<\/td><\/tr><tr><td>Dung t\u00edch<\/td><td>500-1000kg\/gi\u1edd<\/td><\/tr><tr><td>Quy\u1ec1n l\u1ef1c<\/td><td>15KW<\/td><\/tr><tr><td>C\u00e2n n\u1eb7ng<\/td><td>411kg<\/td><\/tr><\/tbody><\/table><figcaption class=\"wp-element-caption\">th\u00f4ng s\u1ed1 c\u1ee7a m\u00e1y nghi\u1ec1n khoai t\u00e2y<\/figcaption><\/figure>    <h2 class=\"wp-block-heading\">Li\u00ean h\u1ec7 ch\u00fang t\u00f4i<\/h2>    <figure class=\"wp-block-gallery has-nested-images columns-default is-cropped wp-block-gallery-3 is-layout-flex wp-block-gallery-is-layout-flex\"> <figure class=\"wp-block-image size-large\"><img loading=\"lazy\" decoding=\"async\" width=\"720\" height=\"540\" data-id=\"1145\" src=\"https:\/\/topfoodmachine.com\/wp-content\/uploads\/2024\/02\/Mashed-potato-machine-for-food-plant.webp\" alt=\"M\u00e1y nghi\u1ec1n khoai t\u00e2y cho nh\u00e0 m\u00e1y th\u1ef1c ph\u1ea9m\" class=\"wp-image-1145\" srcset=\"https:\/\/topfoodmachine.com\/wp-content\/uploads\/2024\/02\/Mashed-potato-machine-for-food-plant.webp 720w, https:\/\/topfoodmachine.com\/wp-content\/uploads\/2024\/02\/Mashed-potato-machine-for-food-plant-300x225.webp 300w\" sizes=\"auto, (max-width: 720px) 100vw, 720px\" \/><figcaption class=\"wp-element-caption\">M\u00e1y nghi\u1ec1n khoai t\u00e2y cho nh\u00e0 m\u00e1y th\u1ef1c ph\u1ea9m<\/figcaption><\/figure>    <figure class=\"wp-block-image size-large\"><img loading=\"lazy\" decoding=\"async\" width=\"720\" height=\"540\" data-id=\"1146\" src=\"https:\/\/topfoodmachine.com\/wp-content\/uploads\/2024\/02\/structure-of-Mashed-potato-machine.webp\" alt=\"c\u1ea5u t\u1ea1o c\u1ee7a m\u00e1y nghi\u1ec1n khoai t\u00e2y\" class=\"wp-image-1146\" srcset=\"https:\/\/topfoodmachine.com\/wp-content\/uploads\/2024\/02\/structure-of-Mashed-potato-machine.webp 720w, https:\/\/topfoodmachine.com\/wp-content\/uploads\/2024\/02\/structure-of-Mashed-potato-machine-300x225.webp 300w\" sizes=\"auto, (max-width: 720px) 100vw, 720px\" \/><figcaption class=\"wp-element-caption\">c\u1ea5u t\u1ea1o c\u1ee7a m\u00e1y nghi\u1ec1n khoai t\u00e2y<\/figcaption><\/figure> <\/figure>    <p>C\u00f4ng ty ch\u00fang t\u00f4i t\u1ef1 h\u00e0o c\u00f3 nhi\u1ec1u n\u0103m kinh nghi\u1ec7m trong ng\u00e0nh ch\u1ebf bi\u1ebfn th\u1ef1c ph\u1ea9m, cam k\u1ebft cung c\u1ea5p c\u00e1c s\u1ea3n ph\u1ea9m v\u00e0 d\u1ecbch v\u1ee5 ch\u1ea5t l\u01b0\u1ee3ng h\u00e0ng \u0111\u1ea7u. L\u00e0 c\u00f4ng ty d\u1eabn \u0111\u1ea7u tr\u00ean th\u1ecb tr\u01b0\u1eddng, M\u00e1y nghi\u1ec1n khoai t\u00e2y c\u1ee7a ch\u00fang t\u00f4i kh\u00f4ng ch\u1ec9 v\u01b0\u1ee3t tr\u1ed9i v\u1ec1 thi\u1ebft k\u1ebf m\u00e0 c\u00f2n v\u1ec1 hi\u1ec7u su\u1ea5t v\u00e0 \u0111\u1ed9 tin c\u1eady. <\/p>    <p>V\u1edbi c\u00f4ng ngh\u1ec7 ti\u00ean ti\u1ebfn v\u00e0 c\u00e1c t\u00ednh n\u0103ng c\u1ea3i ti\u1ebfn, s\u1ea3n ph\u1ea9m c\u1ee7a ch\u00fang t\u00f4i \u0111\u00e1p \u1ee9ng nhu c\u1ea7u \u0111a d\u1ea1ng c\u1ee7a nh\u00e0 b\u1ebfp, \u0111\u1ea3m b\u1ea3o tr\u1ea3i nghi\u1ec7m t\u1ed1i \u01b0u cho ng\u01b0\u1eddi d\u00f9ng. <\/p>    <p>H\u01a1n n\u1eefa, ch\u00fang t\u00f4i \u01b0u ti\u00ean nhu c\u1ea7u v\u00e0 ph\u1ea3n h\u1ed3i c\u1ee7a kh\u00e1ch h\u00e0ng, li\u00ean t\u1ee5c c\u1ea3i ti\u1ebfn v\u00e0 n\u00e2ng cao s\u1ea3n ph\u1ea9m c\u1ee7a m\u00ecnh \u0111\u1ec3 \u0111\u1ea3m b\u1ea3o kh\u00e1ch h\u00e0ng lu\u00f4n \u0111\u01b0\u1ee3c ti\u1ebfp c\u1eadn v\u1edbi c\u00f4ng ngh\u1ec7 m\u1edbi nh\u1ea5t v\u00e0 gi\u1ea3i ph\u00e1p t\u1ed1t nh\u1ea5t. <\/p>    <p>B\u1eb1ng c\u00e1ch ch\u1ecdn ch\u00fang t\u00f4i, b\u1ea1n c\u00f3 \u0111\u01b0\u1ee3c m\u1ed9t \u0111\u1ed1i t\u00e1c \u0111\u00e1ng tin c\u1eady cung c\u1ea5p c\u00e1c s\u1ea3n ph\u1ea9m cao c\u1ea5p v\u00e0 d\u1ecbch v\u1ee5 chuy\u00ean nghi\u1ec7p, gi\u00fap b\u1ea1n n\u1ed5i b\u1eadt tr\u00ean th\u1ecb tr\u01b0\u1eddng c\u1ea1nh tranh. H\u00e3y li\u00ean h\u1ec7 v\u1edbi ch\u00fang t\u00f4i ngay b\u00e2y gi\u1edd \u0111\u1ec3 t\u00ecm hi\u1ec3u th\u00eam v\u1ec1 M\u00e1y nghi\u1ec1n khoai t\u00e2y c\u1ee7a ch\u00fang t\u00f4i v\u00e0 \u0111\u1ec3 ch\u00fang t\u00f4i h\u1ed7 tr\u1ee3 b\u1ea1n hi\u1ec7n th\u1ef1c h\u00f3a kh\u00e1t v\u1ecdng \u1ea9m th\u1ef1c c\u1ee7a m\u00ecnh!<\/p>    <p><\/p>    <p><\/p>","protected":false},"excerpt":{"rendered":"<p>M\u00e1y nghi\u1ec1n khoai t\u00e2y nghi\u1ec1n l\u00e0 m\u1ed9t thi\u1ebft b\u1ecb nh\u00e0 b\u1ebfp mang t\u00ednh c\u00e1ch m\u1ea1ng \u0111\u01b0\u1ee3c thi\u1ebft k\u1ebf \u0111\u1ec3 \u0111\u01a1n gi\u1ea3n h\u00f3a quy tr\u00ecnh l\u00e0m khoai t\u00e2y nghi\u1ec1n, mang \u0111\u1ebfn cho b\u1ea1n tr\u1ea3i nghi\u1ec7m n\u1ea5u n\u01b0\u1edbng thu\u1eadn ti\u1ec7n v\u00e0 hi\u1ec7u qu\u1ea3 h\u01a1n.<\/p>","protected":false},"author":1,"featured_media":1140,"parent":0,"template":"","tags":[],"product-type":[3],"class_list":["post-1139","product","type-product","status-publish","has-post-thumbnail","hentry","product-type-fruit-vegetable-processing-machine"],"_links":{"self":[{"href":"https:\/\/topfoodmachine.com\/vi\/wp-json\/wp\/v2\/product\/1139","targetHints":{"allow":["GET"]}}],"collection":[{"href":"https:\/\/topfoodmachine.com\/vi\/wp-json\/wp\/v2\/product"}],"about":[{"href":"https:\/\/topfoodmachine.com\/vi\/wp-json\/wp\/v2\/types\/product"}],"author":[{"embeddable":true,"href":"https:\/\/topfoodmachine.com\/vi\/wp-json\/wp\/v2\/users\/1"}],"wp:featuredmedia":[{"embeddable":true,"href":"https:\/\/topfoodmachine.com\/vi\/wp-json\/wp\/v2\/media\/1140"}],"wp:attachment":[{"href":"https:\/\/topfoodmachine.com\/vi\/wp-json\/wp\/v2\/media?parent=1139"}],"wp:term":[{"taxonomy":"post_tag","embeddable":true,"href":"https:\/\/topfoodmachine.com\/vi\/wp-json\/wp\/v2\/tags?post=1139"},{"taxonomy":"product-type","embeddable":true,"href":"https:\/\/topfoodmachine.com\/vi\/wp-json\/wp\/v2\/product-type?post=1139"}],"curies":[{"name":"wp","href":"https:\/\/api.w.org\/{rel}","templated":true}]}}