{"id":110,"date":"2022-07-14T08:58:02","date_gmt":"2022-07-14T08:58:02","guid":{"rendered":"https:\/\/topfoodmachine.com\/?post_type=product&#038;p=110"},"modified":"2022-09-20T06:27:56","modified_gmt":"2022-09-20T06:27:56","slug":"spice-powder-packing-machine","status":"publish","type":"product","link":"https:\/\/topfoodmachine.com\/vi\/product\/spice-powder-packing-machine\/","title":{"rendered":"M\u00e1y \u0111\u00f3ng g\u00f3i b\u1ed9t gia v\u1ecb"},"content":{"rendered":"<div class=\"kk-star-ratings kksr-auto kksr-align-left kksr-valign-top\"     data-payload='{&quot;align&quot;:&quot;left&quot;,&quot;id&quot;:&quot;110&quot;,&quot;slug&quot;:&quot;default&quot;,&quot;valign&quot;:&quot;top&quot;,&quot;ignore&quot;:&quot;&quot;,&quot;reference&quot;:&quot;auto&quot;,&quot;class&quot;:&quot;&quot;,&quot;count&quot;:&quot;23&quot;,&quot;legendonly&quot;:&quot;&quot;,&quot;readonly&quot;:&quot;&quot;,&quot;score&quot;:&quot;4.5&quot;,&quot;starsonly&quot;:&quot;&quot;,&quot;best&quot;:&quot;5&quot;,&quot;gap&quot;:&quot;5&quot;,&quot;greet&quot;:&quot;Rate this product&quot;,&quot;legend&quot;:&quot;4.5\\\/5 - (23 b\u00ecnh ch\u1ecdn)&quot;,&quot;size&quot;:&quot;24&quot;,&quot;title&quot;:&quot;Spice Powder Packing Machine&quot;,&quot;width&quot;:&quot;128&quot;,&quot;_legend&quot;:&quot;{score}\\\/{best} - ({count} {votes})&quot;,&quot;font_factor&quot;:&quot;1.25&quot;}'>              <div class=\"kksr-stars\">      <div class=\"kksr-stars-inactive\">             <div class=\"kksr-star\" data-star=\"1\" style=\"padding-right: 5px\">               <div class=\"kksr-icon\" style=\"width: 24px; height: 24px;\"><\/div>         <\/div>             <div class=\"kksr-star\" data-star=\"2\" style=\"padding-right: 5px\">               <div class=\"kksr-icon\" style=\"width: 24px; height: 24px;\"><\/div>         <\/div>             <div class=\"kksr-star\" data-star=\"3\" style=\"padding-right: 5px\">               <div class=\"kksr-icon\" style=\"width: 24px; height: 24px;\"><\/div>         <\/div>             <div class=\"kksr-star\" data-star=\"4\" style=\"padding-right: 5px\">               <div class=\"kksr-icon\" style=\"width: 24px; height: 24px;\"><\/div>         <\/div>             <div class=\"kksr-star\" data-star=\"5\" style=\"padding-right: 5px\">               <div class=\"kksr-icon\" style=\"width: 24px; height: 24px;\"><\/div>         <\/div>     <\/div>      <div class=\"kksr-stars-active\" style=\"width: 128px;\">             <div class=\"kksr-star\" style=\"padding-right: 5px\">               <div class=\"kksr-icon\" style=\"width: 24px; height: 24px;\"><\/div>         <\/div>             <div class=\"kksr-star\" style=\"padding-right: 5px\">               <div class=\"kksr-icon\" style=\"width: 24px; height: 24px;\"><\/div>         <\/div>             <div class=\"kksr-star\" style=\"padding-right: 5px\">               <div class=\"kksr-icon\" style=\"width: 24px; height: 24px;\"><\/div>         <\/div>             <div class=\"kksr-star\" style=\"padding-right: 5px\">               <div class=\"kksr-icon\" style=\"width: 24px; height: 24px;\"><\/div>         <\/div>             <div class=\"kksr-star\" style=\"padding-right: 5px\">               <div class=\"kksr-icon\" style=\"width: 24px; height: 24px;\"><\/div>         <\/div>     <\/div> <\/div>                   <div class=\"kksr-legend\" style=\"font-size: 19.2px;\">             4.5\/5 - (23 l\u01b0\u1ee3t b\u00ecnh ch\u1ecdn)    <\/div>     <\/div>  <p class=\"translation-block\"><strong>M\u00e1y \u0111\u00f3ng g\u00f3i b\u1ed9t gia v\u1ecb<\/strong> \u0111\u01b0\u1ee3c s\u1eed d\u1ee5ng r\u1ed9ng r\u00e3i \u0111\u1ec3 \u0111\u00f3ng g\u00f3i t\u1ea5t c\u1ea3 c\u00e1c lo\u1ea1i s\u1ea3n ph\u1ea9m b\u1ed9t gia v\u1ecb. N\u00f3 c\u00f3 th\u1ec3 ho\u00e0n th\u00e0nh ho\u00e0n to\u00e0n t\u1ef1 \u0111\u1ed9ng to\u00e0n b\u1ed9 quy tr\u00ecnh c\u00e2n s\u1ea3n ph\u1ea9m, \u0111\u1ed5 \u0111\u1ea7y, t\u1ea1o t\u00fai, ni\u00eam phong v\u00e0 m\u00e3 h\u00f3a. V\u1eadt li\u1ec7u \u0111\u00f3ng g\u00f3i c\u00f3 th\u1ec3 l\u00e0 gi\u1ea5y, PE, PP, v.v. M\u00e1y \u0111\u00f3ng g\u00f3i b\u1ed9t gia v\u1ecb b\u00e1n t\u1eeb Taizy c\u00f3 ba lo\u1ea1i kh\u00e1c nhau, <strong>m\u00e1y \u0111\u00f3ng g\u00f3i b\u1ed9t gia v\u1ecb nh\u1ecf TH-320<\/strong>, <strong>m\u00e1y \u0111\u00f3ng g\u00f3i t\u00fai gia v\u1ecb TH-450<\/strong>, v\u00e0 <strong>m\u00e1y \u0111\u00f3ng g\u00f3i gia v\u1ecb t\u1ef1 \u0111\u1ed9ng si\u00eau hi\u1ec7u qu\u1ea3<\/strong>. Ch\u00fang c\u00f3 c\u00e1c t\u00ednh n\u0103ng v\u00e0 th\u00f4ng s\u1ed1 kh\u00e1c nhau. V\u00e0 t\u1ed1c \u0111\u1ed9 \u0111\u00f3ng g\u00f3i c\u00f3 th\u1ec3 l\u00ean \u0111\u1ebfn 80 t\u00fai m\u1ed7i ph\u00fat. T\u1ea5t c\u1ea3 c\u00e1c m\u00e1y c\u1ee7a ch\u00fang t\u00f4i \u0111\u1ec1u c\u00f3 ch\u1ea5t l\u01b0\u1ee3ng cao v\u00e0 gi\u00e1 c\u1ea3 h\u1ee3p l\u00fd. V\u00e0 ch\u00fang t\u00f4i cung c\u1ea5p b\u1ea3o h\u00e0nh m\u1ed9t n\u0103m. Ngo\u00e0i ra, ch\u00fang t\u00f4i cung c\u1ea5p d\u1ecbch v\u1ee5 l\u1eafp \u0111\u1eb7t, v\u1eadn h\u00e0nh v\u00e0 b\u1ea3o tr\u00ec m\u00e1y \u0111\u1ea7y \u0111\u1ee7. N\u1ebfu c\u1ea7n thi\u1ebft, ch\u00fang t\u00f4i c\u0169ng c\u00f3 th\u1ec3 c\u1eed k\u1ef9 s\u01b0 c\u1ee7a ch\u00fang t\u00f4i \u0111\u1ebfn \u0111\u00f3. Vui l\u00f2ng li\u00ean h\u1ec7 v\u1edbi ch\u00fang t\u00f4i n\u1ebfu c\u00f3 g\u00ec.<\/p>    <h2 class=\"wp-block-heading\">M\u00e1y \u0111\u00f3ng g\u00f3i b\u1ed9t gia v\u1ecb l\u00e0 g\u00ec?<\/h2>    <p class=\"translation-block\">M\u00e1y \u0111\u00f3ng g\u00f3i b\u1ed9t gia v\u1ecb \u0111\u01b0\u1ee3c thi\u1ebft k\u1ebf \u0111\u1eb7c bi\u1ec7t \u0111\u1ec3 \u0111\u00f3ng g\u00f3i c\u00e1c lo\u1ea1i b\u1ed9t gia v\u1ecb kh\u00e1c nhau, ch\u1eb3ng h\u1ea1n nh\u01b0 b\u1ed9t \u1edbt, b\u1ed9t c\u00e0 ri, b\u1ed9t ngh\u1ec7, b\u1ed9t masala, b\u1ed9t qu\u1ebf, b\u1ed9t th\u00ec l\u00e0, b\u1ed9t nh\u1ee5c \u0111\u1eadu kh\u1ea5u, b\u1ed9t g\u1eebng, b\u1ed9t vani, v.v. M\u1ed9t <a href=\"https:\/\/tianhuipackingmachine.com\/spice-packaging-machine\/\" target=\"_blank\" rel=\"noreferrer noopener\">m\u00e1y \u0111\u00f3ng g\u00f3i gia v\u1ecb<\/a> c\u00f3 th\u1ec3 t\u1ef1 \u0111\u1ed9ng ho\u00e0n th\u00e0nh ch\u1ee9c n\u0103ng c\u00e2n, \u0111\u1ed5 \u0111\u1ea7y, l\u00e0m t\u00fai, ni\u00eam phong, in ng\u00e0y v\u00e0 \u0111\u1ebfm. M\u00e1y \u0111\u00f3ng g\u00f3i n\u00e0y c\u00f3 th\u1ec3 c\u1ea3i thi\u1ec7n \u0111\u00e1ng k\u1ec3 n\u0103ng su\u1ea5t c\u1ee7a b\u1ea1n v\u00e0 mang l\u1ea1i l\u1ee3i \u00edch cho doanh nghi\u1ec7p gia v\u1ecb c\u1ee7a b\u1ea1n. C\u00f3 nhi\u1ec1u lo\u1ea1i m\u00e1y \u0111\u00f3ng g\u00f3i gia v\u1ecb tr\u00ean th\u1ecb tr\u01b0\u1eddng. V\u00ec v\u1eady, vi\u1ec7c ch\u1ecdn \u0111\u00fang lo\u1ea1i cho d\u1ef1 \u00e1n c\u1ee7a b\u1ea1n l\u00e0 r\u1ea5t quan tr\u1ecdng.<\/p>    <h2 class=\"wp-block-heading\">C\u1ea7n b\u00e1n m\u00e1y \u0111\u00f3ng g\u00f3i b\u1ed9t gia v\u1ecb nh\u1ecf TH-320<\/h2>    <p>\u0110\u00e2y l\u00e0 lo\u1ea1i m\u00e1y \u0111\u00f3ng g\u00f3i v\u00e0 \u0111\u00f3ng k\u00edn lo\u1ea1i nh\u1ecf d\u1ea1ng \u0111\u1ee9ng d\u00e0nh cho b\u1ed9t gia v\u1ecb. N\u00f3 c\u00f3 k\u00edch th\u01b0\u1edbc nh\u1ecf v\u00e0 gi\u00e1 c\u1ea3 ph\u1ea3i ch\u0103ng. V\u00e0 n\u00f3 c\u00f3 th\u1ec3 \u0111\u00f3ng g\u00f3i b\u1ed9t t\u1eeb 0 gram \u0111\u1ebfn 80 gram. M\u00e1y \u0111\u00f3ng g\u00f3i gia v\u1ecb nh\u1ecf TH-320 c\u00f3 th\u1ec3 t\u1ef1 \u0111\u1ed9ng ho\u00e0n th\u00e0nh to\u00e0n b\u1ed9 quy tr\u00ecnh \u0111\u00f3ng g\u00f3i gia v\u1ecb m\u00e0 kh\u00f4ng c\u1ea7n s\u1ef1 tr\u1ee3 gi\u00fap c\u1ee7a con ng\u01b0\u1eddi. N\u1ebfu b\u1ea1n s\u1edf h\u1eefu m\u1ed9t c\u01a1 s\u1edf kinh doanh gia v\u1ecb nh\u1ecf, chi\u1ebfc m\u00e1y n\u00e0y ph\u00f9 h\u1ee3p v\u1edbi d\u1ef1 \u00e1n c\u1ee7a b\u1ea1n. &nbsp;<\/p>    <figure class=\"wp-block-image size-full\"><img loading=\"lazy\" decoding=\"async\" width=\"720\" height=\"540\" src=\"https:\/\/topfoodmachine.com\/wp-content\/uploads\/2022\/07\/spice-powder-packing-machine.jpg\" alt=\"m\u00e1y \u0111\u00f3ng g\u00f3i b\u1ed9t gia v\u1ecb\" class=\"wp-image-114\" srcset=\"https:\/\/topfoodmachine.com\/wp-content\/uploads\/2022\/07\/spice-powder-packing-machine.jpg 720w, https:\/\/topfoodmachine.com\/wp-content\/uploads\/2022\/07\/spice-powder-packing-machine-300x225.jpg 300w\" sizes=\"auto, (max-width: 720px) 100vw, 720px\" \/><figcaption>m\u00e1y \u0111\u00f3ng g\u00f3i b\u1ed9t gia v\u1ecb<\/figcaption><\/figure>    <h2 class=\"wp-block-heading\">C\u1ea7n b\u00e1n m\u00e1y \u0111\u00f3ng g\u00f3i t\u00fai \u0111\u1ef1ng gia v\u1ecb t\u1ef1 \u0111\u1ed9ng TH-450<\/h2>    <p>\u0110\u00e2y c\u0169ng l\u00e0 lo\u1ea1i m\u00e1y \u0111\u00f3ng g\u00f3i b\u1ed9t gia v\u1ecb ki\u1ec3u \u0111\u1ee9ng. N\u00f3 c\u00f3 k\u00edch th\u01b0\u1edbc l\u1edbn h\u01a1n m\u1eabu TH-320. V\u00e0 m\u00e1y \u0111\u00f3ng g\u00f3i b\u1ed9t gia v\u1ecb t\u1eeb 0gram \u0111\u1ebfn 200gram. M\u00e1y \u0111\u00f3ng g\u00f3i g\u00f3i gia v\u1ecb t\u1ef1 \u0111\u1ed9ng TH-450 c\u00f3 hi\u1ec7u su\u1ea5t ho\u1ea1t \u0111\u1ed9ng kh\u00e1 cao. N\u00f3 c\u0169ng l\u00e0 m\u1ed9t s\u1ef1 l\u1ef1a ch\u1ecdn tuy\u1ec7t v\u1eddi cho m\u1ed9t doanh nghi\u1ec7p gia v\u1ecb nh\u1ecf.<\/p>    <figure class=\"wp-block-image size-full\"><img loading=\"lazy\" decoding=\"async\" width=\"720\" height=\"540\" src=\"https:\/\/topfoodmachine.com\/wp-content\/uploads\/2022\/07\/TH-450-spice-packaging-machine.jpg\" alt=\"M\u00e1y \u0111\u00f3ng g\u00f3i gia v\u1ecb TH-450\" class=\"wp-image-116\" srcset=\"https:\/\/topfoodmachine.com\/wp-content\/uploads\/2022\/07\/TH-450-spice-packaging-machine.jpg 720w, https:\/\/topfoodmachine.com\/wp-content\/uploads\/2022\/07\/TH-450-spice-packaging-machine-300x225.jpg 300w\" sizes=\"auto, (max-width: 720px) 100vw, 720px\" \/><figcaption>M\u00e1y \u0111\u00f3ng g\u00f3i gia v\u1ecb TH-450<\/figcaption><\/figure>    <h2 class=\"wp-block-heading\">C\u1ea7n b\u00e1n m\u00e1y \u0111\u00f3ng g\u00f3i b\u1ed9t gia v\u1ecb si\u00eau hi\u1ec7u qu\u1ea3<\/h2>    <p>\u0110\u00e2y l\u00e0 m\u00e1y \u0111\u00f3ng g\u00f3i t\u00fai \u0111\u1ef1ng gia v\u1ecb ki\u1ec3u c\u1ed5. N\u00f3 \u0111\u01b0\u1ee3c trang b\u1ecb m\u1ed9t b\u0103ng t\u1ea3i c\u1ea5p li\u1ec7u tr\u1ee5c v\u00edt, ph\u1ec5u v\u00e0 m\u00e1y \u0111\u00f3ng g\u00f3i t\u00fai. M\u00e1y \u0111\u00f3ng g\u00f3i b\u1ed9t gia v\u1ecb n\u00e0y c\u00f3 c\u00e1c t\u00ednh n\u0103ng si\u00eau hi\u1ec7u qu\u1ea3 v\u00e0 hi\u1ec7u su\u1ea5t \u1ed5n \u0111\u1ecbnh. M\u00e1y n\u00e0y ph\u00f9 h\u1ee3p \u0111\u1ec3 \u0111\u00f3ng g\u00f3i c\u00e1c s\u1ea3n ph\u1ea9m b\u1ed9t t\u1eeb 1kg \u0111\u1ebfn 3kg. \u0110\u00f3 l\u00e0 l\u00fd t\u01b0\u1edfng cho nhu c\u1ea7u s\u1ea3n xu\u1ea5t v\u1eeba v\u00e0 l\u1edbn. &nbsp;<\/p>    <figure class=\"wp-block-image size-full\"><img loading=\"lazy\" decoding=\"async\" width=\"720\" height=\"540\" src=\"https:\/\/topfoodmachine.com\/wp-content\/uploads\/2022\/07\/super-efficiency-powder-packaging-machine.jpg\" alt=\"M\u00e1y \u0111\u00f3ng g\u00f3i b\u1ed9t si\u00eau hi\u1ec7u qu\u1ea3\" class=\"wp-image-117\" srcset=\"https:\/\/topfoodmachine.com\/wp-content\/uploads\/2022\/07\/super-efficiency-powder-packaging-machine.jpg 720w, https:\/\/topfoodmachine.com\/wp-content\/uploads\/2022\/07\/super-efficiency-powder-packaging-machine-300x225.jpg 300w\" sizes=\"auto, (max-width: 720px) 100vw, 720px\" \/><figcaption>M\u00e1y \u0111\u00f3ng g\u00f3i b\u1ed9t si\u00eau hi\u1ec7u qu\u1ea3<\/figcaption><\/figure>    <h2 class=\"wp-block-heading\">Th\u00f4ng s\u1ed1 k\u1ef9 thu\u1eadt c\u1ee7a m\u00e1y \u0111\u00f3ng g\u00f3i b\u1ed9t Taizy \u0111\u1ef1ng gia v\u1ecb<\/h2>    <figure class=\"wp-block-table\"><table><tbody><tr><td>Ng\u01b0\u1eddi m\u1eabu<\/td><td>TH-320<\/td><td>TH-450<\/td><td>TH-420<\/td><td>TH-520<\/td><td>TH-720<\/td><\/tr><tr><td> C\u00e1c lo\u1ea1i t\u00fai<\/td><td>Con d\u1ea5u m\u1eb7t sau\/ 3 m\u1eb7t\/ 4 m\u1eb7t<\/td><td>Con d\u1ea5u m\u1eb7t sau\/ 3 m\u1eb7t\/ 4 m\u1eb7t<\/td><td>Con d\u1ea5u ph\u00eda sau<\/td><td>Con d\u1ea5u ph\u00eda sau<\/td><td>Con d\u1ea5u ph\u00eda sau<\/td><\/tr><tr><td>T\u1ed1c \u0111\u1ed9 \u0111\u00f3ng g\u00f3i<\/td><td>20-80 t\u00fai\/ph\u00fat<\/td><td>20-80 t\u00fai\/ph\u00fat<\/td><td>5-30 t\u00fai\/ph\u00fat<\/td><td>5-50 t\u00fai\/ph\u00fat<\/td><td>5-50 t\u00fai\/ph\u00fat<\/td><\/tr><tr><td>S\u1ef1 ti\u00eau th\u1ee5 n\u0103ng l\u01b0\u1ee3ng<\/td><td>1,8kw<\/td><td>2,2kw<\/td><td>220V, 2.2KW<\/td><td>220VAC\/50Hz<\/td><td>220VAC\/50Hz,5KW<\/td><\/tr><tr><td>K\u00edch th\u01b0\u1edbc<\/td><td>(L)650*(W)1050*(H)1950mm<\/td><td>(L)650*(W)1050*(H)2150mm<\/td><td>(L)1320*(W)950*(H)1760mm<\/td><td>(L)1150*(W)1795*(H)2050mm<\/td><td>(L)1780*(W)1350*(H)2350mm<\/td><\/tr><tr><td>Chi\u1ec1u d\u00e0i t\u00fai<\/td><td>30-180mm<\/td><td>30-300mm<\/td><td>80-300mm<\/td><td>80-400mm<\/td><td>100-400mm<\/td><\/tr><tr><td>Chi\u1ec1u r\u1ed9ng t\u00fai<\/td><td>20-150mm<\/td><td>20-210mm<\/td><td>80-200mm<\/td><td>80-250mm<\/td><td>180-350mm<\/td><\/tr><tr><td>Ti\u00eau th\u1ee5 kh\u00f4ng kh\u00ed<\/td><td>\/<\/td><td>\/<\/td><td>0,65Mpa<\/td><td>0,65Mpa<\/td><td>0,65Mpa<\/td><\/tr><tr><td>Ti\u00eau th\u1ee5 kh\u00ed \u0111\u1ed1t<\/td><td>\/<\/td><td>\/<\/td><td>0,4m3\/ph\u00fat<\/td><td>0,4m3\/ph\u00fat<\/td><td>0,4m3\/ph\u00fat<\/td><\/tr><\/tbody><\/table><\/figure>    <h2 class=\"wp-block-heading\">T\u00ednh n\u0103ng ho\u1ea1t \u0111\u1ed9ng c\u1ee7a M\u00e1y \u0111\u00f3ng g\u00f3i Taizy Spice<\/h2>    <ol class=\"wp-block-list\" type=\"1\"><li>C\u1ea5u tr\u00fac \u0111\u01a1n gi\u1ea3n, thi\u1ebft k\u1ebf h\u1ee3p l\u00fd, l\u1eafp \u0111\u1eb7t, v\u1eadn h\u00e0nh v\u00e0 b\u1ea3o tr\u00ec d\u1ec5 d\u00e0ng<\/li><li>\u00c1p d\u1ee5ng v\u1eadt li\u1ec7u m\u00e1y ho\u00e0n to\u00e0n b\u1eb1ng th\u00e9p kh\u00f4ng g\u1ec9 304, b\u1ec1n v\u00e0 d\u00f9ng cho th\u1ef1c ph\u1ea9m<\/li><li>S\u1eed d\u1ee5ng h\u1ec7 th\u1ed1ng \u0111i\u1ec1u khi\u1ec3n PLC th\u00f4ng minh, d\u1ec5 d\u00e0ng c\u00e0i \u0111\u1eb7t th\u00f4ng s\u1ed1, \u0111\u1ed9 ch\u00ednh x\u00e1c cao<\/li><li>Trang b\u1ecb b\u00e1nh xe, d\u1ec5 d\u00e0ng di chuy\u1ec3n v\u00e0 v\u1eadn chuy\u1ec3n<\/li><li>N\u00fat d\u1eebng kh\u1ea9n c\u1ea5p c\u00f3 s\u1eb5n<\/li><li>V\u1ecf b\u1ea3o v\u1ec7 m\u00e1y c\u1eaft \u0111\u1ec3 \u0111\u1ea3m b\u1ea3o an ninh cho ng\u01b0\u1eddi v\u1eadn h\u00e0nh<\/li><li>Thi\u1ebft b\u1ecb theo d\u00f5i m\u1eaft quang \u0111i\u1ec7n \u0111\u1ec3 \u0111\u1ea3m b\u1ea3o hi\u1ec7u qu\u1ea3 v\u00e0 \u0111\u1ed9 ch\u00ednh x\u00e1c<\/li><li>D\u1ecbch v\u1ee5 ODM\/OEM c\u00f3 s\u1eb5n<\/li><\/ol>    <h2 class=\"wp-block-heading\">\u1ee8ng d\u1ee5ng c\u1ee7a m\u00e1y \u0111\u00f3ng g\u00f3i g\u00f3i gia v\u1ecb <\/h2>    <p class=\"translation-block\">M\u00e1y \u0111\u00f3ng g\u00f3i b\u1ed9t gia v\u1ecb l\u00e0 m\u1ed9t lo\u1ea1i thi\u1ebft b\u1ecb \u0111\u00f3ng g\u00f3i b\u1ed9t. N\u00f3 ph\u00f9 h\u1ee3p \u0111\u1ec3 \u0111\u00f3ng g\u00f3i t\u1ea5t c\u1ea3 c\u00e1c lo\u1ea1i s\u1ea3n ph\u1ea9m b\u1ed9t gia v\u1ecb, ch\u1eb3ng h\u1ea1n nh\u01b0 b\u1ed9t g\u1eebng, <a href=\"https:\/\/tianhuipackingmachine.com\/chilli-powder-packing-machine\/\" target=\"_blank\" rel=\"noreferrer noopener\">b\u1ed9t \u1edbt<\/a>, b\u1ed9t vani, b\u1ed9t masala, b\u1ed9t nh\u1ee5c \u0111\u1eadu kh\u1ea5u, b\u1ed9t qu\u1ebf, \u0111inh h\u01b0\u01a1ng, th\u00ec l\u00e0, v.v. Ngo\u00e0i b\u1ed9t gia v\u1ecb, m\u00e1y \u0111\u00f3ng g\u00f3i gia v\u1ecb t\u1ef1 \u0111\u1ed9ng n\u00e0y c\u0169ng l\u00fd t\u01b0\u1edfng cho nhi\u1ec1u s\u1ea3n ph\u1ea9m b\u1ed9t kh\u00e1c, nh\u01b0 b\u1ed9t s\u1eefa, <a href=\"https:\/\/tianhuipackingmachine.com\/detergent-powder-packing-machine\/\" target=\"_blank\" rel=\"noreferrer noopener\">b\u1ed9t gi\u1eb7t<\/a>, b\u1ed9t dinh d\u01b0\u1ee1ng, b\u1ed9t c\u00e0 ph\u00ea, b\u1ed9t tr\u00e0, b\u1ed9t th\u1ea3o m\u1ed9c, b\u1ed9t h\u00f3a ch\u1ea5t, b\u1ed9t m\u00ec, b\u1ed9t ca cao, v.v. M\u00e1y \u0111\u00f3ng g\u00f3i gia v\u1ecb c\u1ee7a ch\u00fang t\u00f4i c\u00f3 th\u1ec3 cung c\u1ea5p gi\u1ea3i ph\u00e1p t\u1eeb 0 \u0111\u1ebfn 3000g m\u1ed7i t\u00fai. H\u01a1n n\u1eefa, ch\u00fang t\u00f4i h\u1ed7 tr\u1ee3 t\u00f9y ch\u1ec9nh c\u00e1c lo\u1ea1i t\u00fai kh\u00e1c nhau, chi\u1ec1u r\u1ed9ng v\u00e0 chi\u1ec1u d\u00e0i. V\u00ed d\u1ee5, c\u00f3 ni\u00eam phong m\u1eb7t sau, ni\u00eam phong 3 m\u1eb7t v\u00e0 ni\u00eam phong 4 m\u1eb7t. Nhi\u1ec1u l\u1ef1a ch\u1ecdn h\u01a1n, gi\u1ea3i ph\u00e1p \u0111\u00f3ng g\u00f3i gia v\u1ecb t\u1ed1t h\u01a1n.<\/p>    <h2 class=\"wp-block-heading\">M\u00e1y \u0111\u00f3ng g\u00f3i gia v\u1ecb b\u00e1n t\u1ef1 \u0111\u1ed9ng vs m\u00e1y \u0111\u00f3ng g\u00f3i gia v\u1ecb ho\u00e0n to\u00e0n t\u1ef1 \u0111\u1ed9ng<\/h2>    <p>Tr\u01b0\u1edbc h\u1ebft, ch\u00fang ta ph\u1ea3i th\u1eeba nh\u1eadn r\u1eb1ng c\u1ea3 m\u00e1y \u0111\u00f3ng g\u00f3i gia v\u1ecb b\u00e1n t\u1ef1 \u0111\u1ed9ng v\u00e0 m\u00e1y \u0111\u00f3ng g\u00f3i gia v\u1ecb ho\u00e0n to\u00e0n t\u1ef1 \u0111\u1ed9ng \u0111\u1ec1u c\u00f3 th\u1ec3 c\u1ea3i thi\u1ec7n n\u0103ng su\u1ea5t c\u1ee7a b\u1ea1n \u0111\u00e1ng k\u1ec3. M\u1eb7c d\u00f9 hi\u1ec7u qu\u1ea3 \u0111\u00f3ng g\u00f3i thay \u0111\u1ed5i t\u00f9y theo m\u00e1y. \u0110\u00e2y l\u00e0 \u0111\u1eb7c \u0111i\u1ec3m chung c\u1ee7a h\u1ecd. V\u00e0 ch\u00fang kh\u00e1c nhau \u1edf nh\u1eefng m\u00f3n \u0111\u1ed3 n\u00e0y.<\/p>    <ol class=\"wp-block-list\" type=\"1\"><li><strong>Ch\u1ee9c n\u0103ng<\/strong>. M\u00e1y \u0111\u00f3ng g\u00f3i gia v\u1ecb ho\u00e0n to\u00e0n t\u1ef1 \u0111\u1ed9ng c\u00f3 th\u1ec3 ho\u00e0n th\u00e0nh qu\u00e1 tr\u00ecnh c\u00e2n, chi\u1ebft r\u00f3t, \u0111\u00f3ng t\u00fai, ni\u00eam phong v\u00e0 in ng\u00e0y th\u00e1ng. Trong khi m\u00e1y \u0111\u00f3ng g\u00f3i b\u1ed9t gia v\u1ecb th\u1ee7 c\u00f4ng c\u00f3 th\u1ec3 ho\u00e0n th\u00e0nh ch\u1ee9c n\u0103ng t\u1eebng ph\u1ea7n c\u1ee7a m\u00e1y ho\u00e0n to\u00e0n t\u1ef1 \u0111\u1ed9ng, ch\u1ec9 c\u1ea7n \u0111\u00f3ng g\u00f3i v\u00e0 ni\u00eam phong.<\/li><li><strong>Tr\u1ecb gi\u00e1<\/strong>. H\u1ecd c\u00f3 chi ph\u00ed kh\u00e1c nhau. Trong s\u1ed1 c\u00e1c c\u1ea5u t\u1ea1o v\u00e0 c\u1ea5u h\u00ecnh c\u1ee7a m\u00e1y th\u00ec gi\u00e1 m\u00e1y \u0111\u00f3ng g\u00f3i b\u1ed9t gia v\u1ecb c\u0169ng kh\u00e1c nhau. Ngo\u00e0i ra, gi\u00e1 c\u1ee7a c\u00f9ng m\u1ed9t m\u00e1y \u0111\u00f3ng g\u00f3i gia v\u1ecb c\u00f3 th\u1ec3 kh\u00e1c nhau t\u00f9y theo c\u1ea5u h\u00ecnh v\u00e0 chi ph\u00ed v\u1eadn chuy\u1ec3n kh\u00e1c nhau. N\u1ebfu b\u1ea1n mu\u1ed1n bi\u1ebft b\u1ea3ng gi\u00e1 m\u00e1y \u0111\u1ea7y \u0111\u1ee7, vui l\u00f2ng li\u00ean h\u1ec7 v\u1edbi ch\u00fang t\u00f4i. &nbsp;<\/li><\/ol>    <h2 class=\"wp-block-heading\">H\u00e3y li\u00ean h\u1ec7 v\u1edbi ch\u00fang t\u00f4i ngay h\u00f4m nay \u0111\u1ec3 b\u1eaft \u0111\u1ea7u c\u00f4ng vi\u1ec7c kinh doanh c\u1ee7a b\u1ea1n<\/h2>    <p class=\"translation-block\">M\u00e1y \u0111\u00f3ng g\u00f3i b\u1ed9t gia v\u1ecb r\u1ea5t quan tr\u1ecdng cho ng\u00e0nh gia v\u1ecb. N\u00f3 c\u00f3 th\u1ec3 n\u00e2ng cao n\u0103ng su\u1ea5t c\u1ee7a b\u1ea1n v\u00e0 mang l\u1ea1i l\u1ee3i \u00edch cho d\u1ef1 \u00e1n c\u1ee7a b\u1ea1n. M\u00e1y \u0111\u00f3ng g\u00f3i gia v\u1ecb b\u00e1n t\u1eeb ch\u00fang t\u00f4i c\u00f3 ba lo\u1ea1i cho c\u00e1c y\u00eau c\u1ea7u \u0111\u00f3ng g\u00f3i kh\u00e1c nhau. D\u00f9 nhu c\u1ea7u \u0111\u00f3ng g\u00f3i gia v\u1ecb c\u1ee7a b\u1ea1n l\u00e0 g\u00ec, ch\u00fang t\u00f4i \u0111\u1ec1u c\u00f3 th\u1ec3 \u0111\u00e1p \u1ee9ng. Nh\u00e2n ti\u1ec7n, t\u1ea5t c\u1ea3 c\u00e1c m\u00e1y c\u1ee7a ch\u00fang t\u00f4i \u0111\u1ec1u c\u00f3 gi\u00e1 t\u1ed1t v\u00e0 ch\u1ea5t l\u01b0\u1ee3ng cao. Ngo\u00e0i ra, ch\u00fang t\u00f4i c\u00f3 \u0111\u1ed9i ng\u0169 nh\u00e2n vi\u00ean c\u00f3 tay ngh\u1ec1 \u0111\u1ec3 \u0111\u1ea3m b\u1ea3o hi\u1ec7u su\u1ea5t t\u1ed1t v\u00e0 giao h\u00e0ng nhanh ch\u00f3ng cho c\u00e1c m\u00e1y c\u1ee7a ch\u00fang t\u00f4i. Ch\u00e0o m\u1eebng b\u1ea1n \u0111\u1ebfn <a href=\"https:\/\/topfoodmachine.com\/vi\/contact-us\/\">li\u00ean h\u1ec7 v\u1edbi ch\u00fang t\u00f4i<\/a> \u0111\u1ec3 bi\u1ebft th\u00eam th\u00f4ng tin.<\/p>","protected":false},"excerpt":{"rendered":"<p>Spice powder packing machine is widely used for packaging all kinds of spices powder products. It can totally automatically finish the whole process of product weighing, filling, bag forming, sealing, and coding. Packaging materials can be paper, PE, PP, etc. The spice powder packing machine for sale from Taizy has three different types, TH-320 small [&hellip;]<\/p>\n","protected":false},"author":1,"featured_media":114,"parent":0,"template":"","tags":[14],"product-type":[8],"class_list":["post-110","product","type-product","status-publish","has-post-thumbnail","hentry","tag-food-packaging-machine","product-type-food-packaging-machine"],"_links":{"self":[{"href":"https:\/\/topfoodmachine.com\/vi\/wp-json\/wp\/v2\/product\/110","targetHints":{"allow":["GET"]}}],"collection":[{"href":"https:\/\/topfoodmachine.com\/vi\/wp-json\/wp\/v2\/product"}],"about":[{"href":"https:\/\/topfoodmachine.com\/vi\/wp-json\/wp\/v2\/types\/product"}],"author":[{"embeddable":true,"href":"https:\/\/topfoodmachine.com\/vi\/wp-json\/wp\/v2\/users\/1"}],"wp:featuredmedia":[{"embeddable":true,"href":"https:\/\/topfoodmachine.com\/vi\/wp-json\/wp\/v2\/media\/114"}],"wp:attachment":[{"href":"https:\/\/topfoodmachine.com\/vi\/wp-json\/wp\/v2\/media?parent=110"}],"wp:term":[{"taxonomy":"post_tag","embeddable":true,"href":"https:\/\/topfoodmachine.com\/vi\/wp-json\/wp\/v2\/tags?post=110"},{"taxonomy":"product-type","embeddable":true,"href":"https:\/\/topfoodmachine.com\/vi\/wp-json\/wp\/v2\/product-type?post=110"}],"curies":[{"name":"wp","href":"https:\/\/api.w.org\/{rel}","templated":true}]}}