{"id":1081,"date":"2023-12-18T10:49:59","date_gmt":"2023-12-18T02:49:59","guid":{"rendered":"https:\/\/topfoodmachine.com\/?post_type=product&#038;p=1081"},"modified":"2025-07-22T18:29:01","modified_gmt":"2025-07-22T10:29:01","slug":"steam-jacketed-kettle","status":"publish","type":"product","link":"https:\/\/topfoodmachine.com\/vi\/product\/steam-jacketed-kettle\/","title":{"rendered":"\u1ea4m \u0111un n\u01b0\u1edbc c\u00f3 b\u1ecdc h\u01a1i"},"content":{"rendered":"<div class=\"kk-star-ratings kksr-auto kksr-align-left kksr-valign-top\"     data-payload='{&quot;align&quot;:&quot;left&quot;,&quot;id&quot;:&quot;1081&quot;,&quot;slug&quot;:&quot;default&quot;,&quot;valign&quot;:&quot;top&quot;,&quot;ignore&quot;:&quot;&quot;,&quot;reference&quot;:&quot;auto&quot;,&quot;class&quot;:&quot;&quot;,&quot;count&quot;:&quot;22&quot;,&quot;legendonly&quot;:&quot;&quot;,&quot;readonly&quot;:&quot;&quot;,&quot;score&quot;:&quot;4.8&quot;,&quot;starsonly&quot;:&quot;&quot;,&quot;best&quot;:&quot;5&quot;,&quot;gap&quot;:&quot;5&quot;,&quot;greet&quot;:&quot;Rate this product&quot;,&quot;legend&quot;:&quot;4.8\\\/5 - (22 b\u00ecnh ch\u1ecdn)&quot;,&quot;size&quot;:&quot;24&quot;,&quot;title&quot;:&quot;Steam jacketed kettle&quot;,&quot;width&quot;:&quot;136.7&quot;,&quot;_legend&quot;:&quot;{score}\\\/{best} - ({count} {votes})&quot;,&quot;font_factor&quot;:&quot;1.25&quot;}'>              <div class=\"kksr-stars\">      <div class=\"kksr-stars-inactive\">             <div class=\"kksr-star\" data-star=\"1\" style=\"padding-right: 5px\">               <div class=\"kksr-icon\" style=\"width: 24px; height: 24px;\"><\/div>         <\/div>             <div class=\"kksr-star\" data-star=\"2\" style=\"padding-right: 5px\">               <div class=\"kksr-icon\" style=\"width: 24px; height: 24px;\"><\/div>         <\/div>             <div class=\"kksr-star\" data-star=\"3\" style=\"padding-right: 5px\">               <div class=\"kksr-icon\" style=\"width: 24px; height: 24px;\"><\/div>         <\/div>             <div class=\"kksr-star\" data-star=\"4\" style=\"padding-right: 5px\">               <div class=\"kksr-icon\" style=\"width: 24px; height: 24px;\"><\/div>         <\/div>             <div class=\"kksr-star\" data-star=\"5\" style=\"padding-right: 5px\">               <div class=\"kksr-icon\" style=\"width: 24px; height: 24px;\"><\/div>         <\/div>     <\/div>      <div class=\"kksr-stars-active\" style=\"width: 136.7px;\">             <div class=\"kksr-star\" style=\"padding-right: 5px\">               <div class=\"kksr-icon\" style=\"width: 24px; height: 24px;\"><\/div>         <\/div>             <div class=\"kksr-star\" style=\"padding-right: 5px\">               <div class=\"kksr-icon\" style=\"width: 24px; height: 24px;\"><\/div>         <\/div>             <div class=\"kksr-star\" style=\"padding-right: 5px\">               <div class=\"kksr-icon\" style=\"width: 24px; height: 24px;\"><\/div>         <\/div>             <div class=\"kksr-star\" style=\"padding-right: 5px\">               <div class=\"kksr-icon\" style=\"width: 24px; height: 24px;\"><\/div>         <\/div>             <div class=\"kksr-star\" style=\"padding-right: 5px\">               <div class=\"kksr-icon\" style=\"width: 24px; height: 24px;\"><\/div>         <\/div>     <\/div> <\/div>                   <div class=\"kksr-legend\" style=\"font-size: 19.2px;\">             4.8\/5 - (22 l\u01b0\u1ee3t b\u00ecnh ch\u1ecdn)    <\/div>     <\/div>  <p class=\"translation-block\"><strong>kettle c\u00f3 \u00e1o h\u01a1i steam<\/strong> \u0111\u01b0\u1ee3c s\u1eed d\u1ee5ng r\u1ed9ng r\u00e3i trong ng\u00e0nh ch\u1ebf bi\u1ebfn th\u1ef1c ph\u1ea9m \u0111\u1ec3 l\u00e0m ch\u00e1o, s\u1ed1t, s\u00fap v\u00e0 h\u1ea7m. <\/p>    <p>N\u00f3 c\u00f3 c\u1ea5u tr\u00fac hai l\u1edbp, trong \u0111\u00f3 h\u01a1i n\u01b0\u1edbc l\u01b0u th\u00f4ng qua l\u1edbp \u00e1o b\u00ean ngo\u00e0i \u0111\u1ec3 l\u00e0m n\u00f3ng \u0111\u1ec1u bu\u1ed3ng b\u00ean trong. Thi\u1ebft k\u1ebf n\u00e0y \u0111\u1ea3m b\u1ea3o vi\u1ec7c l\u00e0m n\u00f3ng nhanh ch\u00f3ng v\u00e0 \u0111\u1ed3ng \u0111\u1ec1u, gi\u1ea3m th\u1eddi gian n\u1ea5u \u0103n v\u00e0 cho ph\u00e9p ki\u1ec3m so\u00e1t nhi\u1ec7t \u0111\u1ed9 ch\u00ednh x\u00e1c.<\/p>    <p class=\"translation-block\">V\u1edbi c\u00f4ng su\u1ea5t t\u1eeb <strong>50L \u0111\u1ebfn 500L<\/strong>, kettle c\u00f3 \u00e1o h\u01a1i steam l\u00e0 gi\u1ea3i ph\u00e1p \u0111\u00e1ng tin c\u1eady cho c\u00e1c b\u1ebfp th\u01b0\u01a1ng m\u1ea1i v\u00e0 nh\u00e0 m\u00e1y th\u1ef1c ph\u1ea9m nh\u1eb1m c\u1ea3i thi\u1ec7n hi\u1ec7u su\u1ea5t n\u1ea5u n\u01b0\u1edbng v\u00e0 s\u1ef1 nh\u1ea5t qu\u00e1n c\u1ee7a s\u1ea3n ph\u1ea9m.<\/p>    <figure class=\"wp-block-embed is-type-video is-provider-youtube wp-block-embed-youtube wp-embed-aspect-4-3 wp-has-aspect-ratio\"><div class=\"wp-block-embed__wrapper\"> <iframe loading=\"lazy\" title=\"N\u1ed3i h\u01a1i t\u1ef1 \u0111\u1ed9ng c\u00f3 \u00e1o h\u01a1i | Ti\u1ebft ki\u1ec7m th\u1eddi gian &amp; N\u1ea5u ch\u00edn \u0111\u1ec1u #ch\u1ebfbi\u1ebfnth\u1ef1cph\u1ea9m #m\u00e1yth\u1ef1cph\u1ea9m\" width=\"500\" height=\"375\" src=\"https:\/\/www.youtube.com\/embed\/CJsAKWbmdas?feature=oembed\" frameborder=\"0\" allow=\"accelerometer; autoplay; clipboard-write; encrypted-media; gyroscope; picture-in-picture; web-share\" referrerpolicy=\"strict-origin-when-cross-origin\" allowfullscreen><\/iframe> <\/div><figcaption class=\"wp-element-caption\">Video ho\u1ea1t \u0111\u1ed9ng c\u1ee7a n\u1ed3i h\u01a1i c\u00f3 \u00e1o h\u01a1i<\/figcaption><\/figure>    <h2 class=\"wp-block-heading\">C\u1ea7n b\u00e1n \u1ea5m \u0111un n\u01b0\u1edbc c\u00f3 v\u1ecf b\u1ecdc h\u01a1i n\u01b0\u1edbc<\/h2>    <p>V\u1edbi nhi\u1ec1u n\u0103m kinh nghi\u1ec7m trong vi\u1ec7c ph\u00e1t tri\u1ec3n v\u00e0 b\u00e1n c\u00e1c n\u1ed3i h\u01a1i c\u00f3 \u00e1o h\u01a1i, c\u00f4ng ty ch\u00fang t\u00f4i cung c\u1ea5p m\u1ed9t lo\u1ea1t c\u00e1c m\u1eabu m\u00e3 \u0111\u1ec3 \u0111\u00e1p \u1ee9ng c\u00e1c nhu c\u1ea7u ch\u1ebf bi\u1ebfn kh\u00e1c nhau. Nh\u1eefng n\u1ed3i n\u00e0y c\u00f3 th\u1ec3 \u0111\u01b0\u1ee3c ph\u00e2n lo\u1ea1i d\u1ef1a tr\u00ean m\u1ed9t s\u1ed1 ti\u00eau ch\u00ed:<\/p>    <div class=\"wp-block-media-text has-media-on-the-right is-stacked-on-mobile\"><div class=\"wp-block-media-text__content\"> <ul class=\"wp-block-list\"> <li><strong>C\u1ea5u tr\u00fac:<\/strong> n\u1ed3i h\u01a1i c\u00f3 \u00e1o nghi\u00eang v\u00e0 n\u1ed3i h\u01a1i c\u00f3 \u00e1o th\u1eb3ng \u0111\u1ee9ng (c\u1ed1 \u0111\u1ecbnh).<\/li>    <li><strong>Ph\u01b0\u01a1ng ph\u00e1p l\u00e0m n\u00f3ng:<\/strong> s\u01b0\u1edfi b\u1eb1ng h\u01a1i n\u01b0\u1edbc, s\u01b0\u1edfi b\u1eb1ng \u0111i\u1ec7n, s\u01b0\u1edfi b\u1eb1ng gas v\u00e0 s\u01b0\u1edfi b\u1eb1ng \u0111i\u1ec7n t\u1eeb.<\/li>    <li><strong>Ch\u1ee9c n\u0103ng tr\u1ed9n:<\/strong> c\u00f3 ho\u1eb7c kh\u00f4ng c\u00f3 thi\u1ebft b\u1ecb tr\u1ed9n.<\/li>    <li><strong>Thi\u1ebft k\u1ebf n\u1eafp v\u00e0 ni\u00eam phong:<\/strong> kh\u00f4ng c\u00f3 lo\u1ea1i n\u1eafp, lo\u1ea1i n\u1eafp ph\u1eb3ng v\u00e0 lo\u1ea1i ch\u00e2n kh\u00f4ng.<\/li>    <li><strong>C\u00f4ng su\u1ea5t s\u1ea3n xu\u1ea5t:<\/strong> c\u00e1c t\u00f9y ch\u1ecdn \u0111\u1ea7u ra kh\u00e1c nhau c\u00f3 s\u1eb5n cho c\u00e1c quy m\u00f4 ch\u1ebf bi\u1ebfn kh\u00e1c nhau.<\/li> <\/ul> <\/div><figure class=\"wp-block-media-text__media\"><img loading=\"lazy\" decoding=\"async\" width=\"720\" height=\"540\" src=\"https:\/\/topfoodmachine.com\/wp-content\/uploads\/2023\/12\/jacketed-kettle-price.webp\" alt=\"gi\u00e1 n\u1ed3i c\u00f3 \u00e1o\" class=\"wp-image-1961 size-full\" srcset=\"https:\/\/topfoodmachine.com\/wp-content\/uploads\/2023\/12\/jacketed-kettle-price.webp 720w, https:\/\/topfoodmachine.com\/wp-content\/uploads\/2023\/12\/jacketed-kettle-price-300x225.webp 300w, https:\/\/topfoodmachine.com\/wp-content\/uploads\/2023\/12\/jacketed-kettle-price-16x12.webp 16w\" sizes=\"auto, (max-width: 720px) 100vw, 720px\" \/><\/figure><\/div>    <p>B\u1ea1n c\u00f3 th\u1ec3 ch\u1ecdn n\u1ed3i h\u01a1i c\u00f3 \u00e1o ph\u00f9 h\u1ee3p nh\u1ea5t theo nhu c\u1ea7u s\u1ea3n xu\u1ea5t c\u1ee5 th\u1ec3 c\u1ee7a b\u1ea1n.<\/p>    <h2 class=\"wp-block-heading\">L\u1ee3i \u00edch c\u1ee7a n\u1ed3i h\u01a1i c\u00f3 \u00e1o h\u01a1i<\/h2>    <div class=\"wp-block-media-text is-stacked-on-mobile\"><figure class=\"wp-block-media-text__media\"><img loading=\"lazy\" decoding=\"async\" width=\"720\" height=\"540\" src=\"https:\/\/topfoodmachine.com\/wp-content\/uploads\/2023\/12\/commercial-Steam-jacketed-kettle.webp\" alt=\"\u1ea4m \u0111un n\u01b0\u1edbc c\u00f3 v\u1ecf b\u1ecdc th\u01b0\u01a1ng m\u1ea1i\" class=\"wp-image-1083 size-full\" srcset=\"https:\/\/topfoodmachine.com\/wp-content\/uploads\/2023\/12\/commercial-Steam-jacketed-kettle.webp 720w, https:\/\/topfoodmachine.com\/wp-content\/uploads\/2023\/12\/commercial-Steam-jacketed-kettle-300x225.webp 300w\" sizes=\"auto, (max-width: 720px) 100vw, 720px\" \/><\/figure><div class=\"wp-block-media-text__content\"> <ul class=\"wp-block-list\"> <li><strong>Nhi\u1ec7t \u0111\u1ed9 \u0111\u1ed3ng \u0111\u1ec1u v\u1edbi tr\u1ee5c khu\u1ea5y t\u00edch h\u1ee3p<\/strong> <ul class=\"wp-block-list\"> <li>Tr\u1ee5c khu\u1ea5y t\u00edch h\u1ee3p \u0111\u1ea3m b\u1ea3o tr\u1ed9n li\u00ean t\u1ee5c, lo\u1ea1i b\u1ecf c\u00e1c \u0111i\u1ec3m n\u00f3ng v\u00e0 th\u00fac \u0111\u1ea9y ph\u00e2n ph\u1ed1i nhi\u1ec7t \u0111\u1ed3ng \u0111\u1ec1u \u0111\u1ec3 c\u00f3 k\u1ebft qu\u1ea3 n\u1ea5u \u0103n nh\u1ea5t qu\u00e1n.<\/li> <\/ul> <\/li>    <li><strong>Nhi\u1ec7t \u0111\u1ed9 \u0111\u00e1y hi\u1ec7u qu\u1ea3<\/strong> <ul class=\"wp-block-list\"> <li>Thi\u1ebft k\u1ebf s\u01b0\u1edfi t\u1eeb d\u01b0\u1edbi l\u00ean r\u00fat ng\u1eafn th\u1eddi gian n\u1ea5u v\u00e0 cho ph\u00e9p ki\u1ec3m so\u00e1t nhi\u1ec7t \u0111\u1ed9 ch\u00ednh x\u00e1c, n\u00e2ng cao hi\u1ec7u qu\u1ea3 n\u0103ng l\u01b0\u1ee3ng v\u00e0 hi\u1ec7u su\u1ea5t t\u1ed5ng th\u1ec3.<\/li> <\/ul> <\/li> <\/ul> <\/div><\/div>    <div class=\"wp-block-media-text has-media-on-the-right is-stacked-on-mobile\"><div class=\"wp-block-media-text__content\"> <ul class=\"wp-block-list\"> <li><strong>T\u00f9y ch\u1ecdn n\u1eafp tr\u00ean c\u00f3 th\u1ec3 t\u00f9y ch\u1ec9nh<\/strong> <ul class=\"wp-block-list\"> <li>Cung c\u1ea5p s\u1ef1 linh ho\u1ea1t v\u1edbi n\u1eafp \u0111\u1eady ho\u1eb7c kh\u00f4ng \u0111\u1eady - l\u00fd t\u01b0\u1edfng cho c\u00e1c nhu c\u1ea7u n\u1ea5u \u0103n kh\u00e1c nhau nh\u01b0 h\u1ea7m, lu\u1ed9c ho\u1eb7c truy c\u1eadp nguy\u00ean li\u1ec7u nhanh ch\u00f3ng.<\/li> <\/ul> <\/li>    <li><strong>Ch\u1ee9c n\u0103ng nghi\u00eang \u0111\u1ec3 d\u1ec5 d\u00e0ng x\u1eed l\u00fd<\/strong> <ul class=\"wp-block-list\"> <li>C\u01a1 ch\u1ebf nghi\u00eang \u0111\u01a1n gi\u1ea3n h\u00f3a vi\u1ec7c \u0111\u1ed5, l\u00e0m s\u1ea1ch v\u00e0 lo\u1ea1i b\u1ecf n\u1ed9i dung, c\u1ea3i thi\u1ec7n an to\u00e0n v\u00e0 hi\u1ec7u qu\u1ea3 ho\u1ea1t \u0111\u1ed9ng trong c\u00e1c b\u1ebfp b\u1eadn r\u1ed9n.<\/li> <\/ul> <\/li> <\/ul> <\/div><figure class=\"wp-block-media-text__media\"><img loading=\"lazy\" decoding=\"async\" width=\"720\" height=\"540\" src=\"https:\/\/topfoodmachine.com\/wp-content\/uploads\/2023\/12\/jacketed-kettle.webp\" alt=\"\u1ea5m \u0111un n\u01b0\u1edbc c\u00f3 \u00e1o kho\u00e1c\" class=\"wp-image-1084 size-full\" srcset=\"https:\/\/topfoodmachine.com\/wp-content\/uploads\/2023\/12\/jacketed-kettle.webp 720w, https:\/\/topfoodmachine.com\/wp-content\/uploads\/2023\/12\/jacketed-kettle-300x225.webp 300w\" sizes=\"auto, (max-width: 720px) 100vw, 720px\" \/><\/figure><\/div>    <h2 class=\"wp-block-heading\">\u1ee8ng d\u1ee5ng c\u1ee7a n\u1ed3i h\u01a1i c\u00f3 \u00e1o \u0111i\u1ec7n<\/h2>    <div class=\"wp-block-media-text is-stacked-on-mobile\"><figure class=\"wp-block-media-text__media\"><img loading=\"lazy\" decoding=\"async\" width=\"720\" height=\"540\" src=\"https:\/\/topfoodmachine.com\/wp-content\/uploads\/2023\/12\/sauce-1.webp\" alt=\"s\u1ed1t\" class=\"wp-image-1963 size-full\" srcset=\"https:\/\/topfoodmachine.com\/wp-content\/uploads\/2023\/12\/sauce-1.webp 720w, https:\/\/topfoodmachine.com\/wp-content\/uploads\/2023\/12\/sauce-1-300x225.webp 300w, https:\/\/topfoodmachine.com\/wp-content\/uploads\/2023\/12\/sauce-1-16x12.webp 16w\" sizes=\"auto, (max-width: 720px) 100vw, 720px\" \/><\/figure><div class=\"wp-block-media-text__content\"> <ul class=\"wp-block-list\"> <li><strong>X\u1eed l\u00fd c\u00e1c v\u1eadt li\u1ec7u c\u00f3 \u0111\u1ed9 nh\u1edbt cao<\/strong> <ul class=\"wp-block-list\"> <li>\u0110\u01b0\u1ee3c thi\u1ebft k\u1ebf \u0111\u1ec3 x\u1eed l\u00fd c\u00e1c lo\u1ea1i n\u01b0\u1edbc s\u1ed1t \u0111\u1eb7c nh\u01b0 t\u01b0\u01a1ng \u1edbt, n\u1ed3i \u0111\u1ea3m b\u1ea3o nhi\u1ec7t \u0111\u1ed9 v\u00e0 tr\u1ed9n \u0111\u1ec1u trong khi v\u1eabn gi\u1eef \u0111\u01b0\u1ee3c h\u01b0\u01a1ng v\u1ecb v\u00e0 k\u1ebft c\u1ea5u.<\/li> <\/ul> <\/li>    <li><strong>Chu\u1ea9n b\u1ecb n\u01b0\u1edbc l\u1ea9u<\/strong> <ul class=\"wp-block-list\"> <li>Cung c\u1ea5p ki\u1ec3m so\u00e1t nhi\u1ec7t \u0111\u1ed9 ch\u00ednh x\u00e1c v\u00e0 khu\u1ea5y \u0111\u1ec1u, \u0111\u1ea3m b\u1ea3o nguy\u00ean li\u1ec7u \u0111\u01b0\u1ee3c h\u00f2a quy\u1ec7n ho\u00e0n to\u00e0n v\u00e0 t\u1ea1o ra m\u1ed9t n\u1ec1n l\u1ea9u phong ph\u00fa, c\u00e2n b\u1eb1ng.<\/li> <\/ul> <\/li>    <li><strong>S\u1eed d\u1ee5ng \u0111a n\u0103ng trong b\u1ebfp th\u01b0\u01a1ng m\u1ea1i<\/strong> <ul class=\"wp-block-list\"> <li>\u0110\u01b0\u1ee3c s\u1eed d\u1ee5ng r\u1ed9ng r\u00e3i trong c\u00e1c kh\u00e1ch s\u1ea1n, nh\u00e0 h\u00e0ng v\u00e0 c\u01a1 s\u1edf \u0103n u\u1ed1ng cho ch\u00e1o, s\u00fap, b\u00e1nh bao, m\u00f3n h\u1ea7m v\u00e0 nhi\u1ec1u h\u01a1n n\u1eefa - h\u1ed7 tr\u1ee3 c\u1ea3 ho\u1ea1t \u0111\u1ed9ng h\u00e0ng ng\u00e0y v\u00e0 n\u1ea5u \u0103n quy m\u00f4 l\u1edbn.<\/li> <\/ul> <\/li> <\/ul> <\/div><\/div>    <h2 class=\"wp-block-heading\">Th\u00f4ng s\u1ed1 k\u1ef9 thu\u1eadt c\u1ee7a \u1ea5m \u0111un n\u01b0\u1edbc c\u00f3 v\u1ecf b\u1ecdc<\/h2>    <figure class=\"wp-block-table\"><table><tbody><tr><td>Ng\u01b0\u1eddi m\u1eabu<\/td><td>TZ-50<\/td><td>TZ-10<\/td><td>TZ-200<\/td><td>TZ-300<\/td><td>TZ-400<\/td><td>TZ-500<\/td><\/tr><tr><td>K\u00edch th\u01b0\u1edbc (mm)<\/td><td>750*750*700<\/td><td>850*850*750<\/td><td>950*950*800<\/td><td>1050*1050*850<\/td><td>1150*1150*900<\/td><td>1250*1250*950&nbsp;<\/td><\/tr><tr><td>Quy\u1ec1n l\u1ef1c<\/td><td>0,75kw<\/td><td>1,1kw<\/td><td>1,1kw<\/td><td>1,5kw<\/td><td>1,5kw<\/td><td>2,2kw<\/td><\/tr><tr><td>Dung t\u00edch<\/td><td>50L<\/td><td>100L<\/td><td>200L<\/td><td>300L<\/td><td>400L<\/td><td>500L<\/td><\/tr><tr><td>C\u00e2n n\u1eb7ng<\/td><td>60kg<\/td><td>90kg<\/td><td>120kg<\/td><td>150kg<\/td><td>180kg<\/td><td>220kg<\/td><\/tr><\/tbody><\/table><figcaption class=\"wp-element-caption\">Th\u00f4ng s\u1ed1 n\u1ed3i h\u01a1i c\u00f3 \u00e1o h\u01a1i<\/figcaption><\/figure>    <h2 class=\"wp-block-heading\">Gi\u00e1 n\u1ed3i h\u01a1i c\u00f3 \u00e1o l\u00e0 bao nhi\u00eau?<\/h2>    <p>The price of a jacketed kettle depends on several factors, including the machine&#8217;s capacity, heating method, structural type, and whether it includes mixing or vacuum functions. For example, tilting models with automated stirring and electric heating may cost more than basic fixed-type steam-heated kettles. <\/p>    <p>Ngo\u00e0i ra, c\u00e1c y\u00eau c\u1ea7u t\u00f9y ch\u1ec9nh, t\u00f9y ch\u1ecdn v\u1eadt li\u1ec7u (ch\u1eb3ng h\u1ea1n nh\u01b0 c\u00e1c lo\u1ea1i th\u00e9p kh\u00f4ng g\u1ec9) v\u00e0 ph\u1ee5 ki\u1ec7n c\u0169ng c\u00f3 th\u1ec3 \u1ea3nh h\u01b0\u1edfng \u0111\u1ebfn t\u1ed5ng chi ph\u00ed. \u0110\u1ec3 c\u00f3 \u0111\u01b0\u1ee3c b\u00e1o gi\u00e1 ch\u00ednh x\u00e1c, t\u1ed1t nh\u1ea5t l\u00e0 b\u1ea1n n\u00ean cung c\u1ea5p nhu c\u1ea7u s\u1ea3n xu\u1ea5t v\u00e0 c\u1ea5u h\u00ecnh \u01b0a th\u00edch c\u1ee7a m\u00ecnh - \u0111\u1ed9i ng\u0169 c\u1ee7a ch\u00fang t\u00f4i s\u1ebd \u0111\u1ec1 xu\u1ea5t gi\u1ea3i ph\u00e1p ph\u00f9 h\u1ee3p nh\u1ea5t d\u1ef1a tr\u00ean y\u00eau c\u1ea7u c\u1ee7a b\u1ea1n.<\/p>    <figure class=\"wp-block-image size-full\"><img loading=\"lazy\" decoding=\"async\" width=\"720\" height=\"540\" src=\"https:\/\/topfoodmachine.com\/wp-content\/uploads\/2023\/12\/jacketed-kettle-1.webp\" alt=\"\u1ea5m \u0111un n\u01b0\u1edbc c\u00f3 \u00e1o kho\u00e1c\" class=\"wp-image-1965\" srcset=\"https:\/\/topfoodmachine.com\/wp-content\/uploads\/2023\/12\/jacketed-kettle-1.webp 720w, https:\/\/topfoodmachine.com\/wp-content\/uploads\/2023\/12\/jacketed-kettle-1-300x225.webp 300w, https:\/\/topfoodmachine.com\/wp-content\/uploads\/2023\/12\/jacketed-kettle-1-16x12.webp 16w\" sizes=\"auto, (max-width: 720px) 100vw, 720px\" \/><figcaption class=\"wp-element-caption\">\u1ea5m \u0111un n\u01b0\u1edbc c\u00f3 \u00e1o kho\u00e1c<\/figcaption><\/figure>    <h2 class=\"wp-block-heading\">C\u00e2u h\u1ecfi th\u01b0\u1eddng g\u1eb7p v\u1ec1 n\u1ed3i h\u01a1i c\u00f3 \u00e1o h\u01a1i<\/h2>   <div id=\"rank-math-faq\" class=\"rank-math-block\"> <div class=\"rank-math-list\"> <div id=\"faq-question-1753179935607\" class=\"rank-math-list-item\"> <h3 class=\"rank-math-question\">\u1ea4m c\u00f3 ch\u1ee9c n\u0103ng tr\u1ed9n kh\u00f4ng?<\/h3> <div class=\"rank-math-answer\">  <p>C\u00f3, c\u00e1c m\u1eabu t\u00f9y ch\u1ecdn c\u00f3 s\u1eb5n v\u1edbi ho\u1eb7c kh\u00f4ng c\u00f3 m\u00e1y khu\u1ea5y. Ch\u1ee9c n\u0103ng tr\u1ed9n r\u1ea5t l\u00fd t\u01b0\u1edfng cho c\u00e1c v\u1eadt li\u1ec7u c\u1ea7n \u0111\u01b0\u1ee3c l\u00e0m n\u00f3ng v\u00e0 tr\u1ed9n \u0111\u1ec1u.<\/p>  <\/div> <\/div> <div id=\"faq-question-1753179946132\" class=\"rank-math-list-item\"> <h3 class=\"rank-math-question\">\u1ea4m c\u00f3 l\u1edbp \u00e1o c\u00f3 d\u1ec5 d\u00e0ng \u0111\u1ec3 l\u00e0m s\u1ea1ch kh\u00f4ng?<\/h3> <div class=\"rank-math-answer\">  <p>H\u1ea7u h\u1ebft c\u00e1c m\u1eabu \u0111\u01b0\u1ee3c l\u00e0m t\u1eeb th\u00e9p kh\u00f4ng g\u1ec9 \u0111\u1ea1t ti\u00eau chu\u1ea9n th\u1ef1c ph\u1ea9m v\u00e0 c\u00f3 b\u1ec1 m\u1eb7t nh\u1eb5n, gi\u00fap d\u1ec5 d\u00e0ng v\u1ec7 sinh v\u00e0 b\u1ea3o tr\u00ec.<\/p>  <\/div> <\/div> <div id=\"faq-question-1753179955712\" class=\"rank-math-list-item\"> <h3 class=\"rank-math-question\">T\u00f4i c\u00f3 th\u1ec3 t\u00f9y ch\u1ec9nh dung t\u00edch v\u00e0 c\u1ea5u tr\u00fac kh\u00f4ng?<\/h3> <div class=\"rank-math-answer\">  <p>C\u00f3, c\u00f4ng su\u1ea5t v\u00e0 thi\u1ebft k\u1ebf c\u1ea5u tr\u00fac (nh\u01b0 lo\u1ea1i nghi\u00eang ho\u1eb7c c\u1ed1 \u0111\u1ecbnh, m\u1edf ho\u1eb7c \u0111\u01b0\u1ee3c ni\u00eam phong ch\u00e2n kh\u00f4ng) c\u00f3 th\u1ec3 \u0111\u01b0\u1ee3c t\u00f9y ch\u1ec9nh theo y\u00eau c\u1ea7u ch\u1ebf bi\u1ebfn c\u1ee7a b\u1ea1n.<\/p>  <\/div> <\/div> <\/div> <\/div>   <figure class=\"wp-block-image size-full\"><img loading=\"lazy\" decoding=\"async\" width=\"720\" height=\"540\" src=\"https:\/\/topfoodmachine.com\/wp-content\/uploads\/2023\/12\/Steam-jacketed-kettle-with-a-good-price.webp\" alt=\"\u1ea4m \u0111un n\u01b0\u1edbc c\u00f3 \u00e1o kho\u00e1c h\u01a1i n\u01b0\u1edbc v\u1edbi gi\u00e1 t\u1ed1t\" class=\"wp-image-1085\" srcset=\"https:\/\/topfoodmachine.com\/wp-content\/uploads\/2023\/12\/Steam-jacketed-kettle-with-a-good-price.webp 720w, https:\/\/topfoodmachine.com\/wp-content\/uploads\/2023\/12\/Steam-jacketed-kettle-with-a-good-price-300x225.webp 300w\" sizes=\"auto, (max-width: 720px) 100vw, 720px\" \/><figcaption class=\"wp-element-caption\">\u1ea4m \u0111un n\u01b0\u1edbc c\u00f3 \u00e1o kho\u00e1c h\u01a1i n\u01b0\u1edbc v\u1edbi gi\u00e1 t\u1ed1t<\/figcaption><\/figure>    <h2 class=\"wp-block-heading\">Ph\u1ea7n k\u1ebft lu\u1eadn<\/h2>    <p class=\"translation-block\">Ngo\u00e0i <a href=\"https:\/\/en.wikipedia.org\/wiki\/Kettle\" data-type=\"link\" data-id=\"https:\/\/en.wikipedia.org\/wiki\/Kettle\" target=\"_blank\" rel=\"noopener\">kettle<\/a> steam, ch\u00fang t\u00f4i c\u00f2n cung c\u1ea5p nhi\u1ec1u lo\u1ea1i <a href=\"https:\/\/topfoodmachine.com\/vi\/product\/\" data-type=\"link\" data-id=\"https:\/\/topfoodmachine.com\/product\/\">m\u00e1y ch\u1ebf bi\u1ebfn th\u1ef1c ph\u1ea9m<\/a> \u0111\u1ec3 \u0111\u00e1p \u1ee9ng c\u00e1c nhu c\u1ea7u s\u1ea3n xu\u1ea5t kh\u00e1c nhau. <\/p>    <p>H\u00e3y li\u00ean h\u1ec7 v\u1edbi ch\u00fang t\u00f4i \u0111\u1ec3 bi\u1ebft th\u00eam th\u00f4ng tin v\u00e0 nh\u1eadn b\u00e1o gi\u00e1 t\u00f9y ch\u1ec9nh.<\/p>","protected":false},"excerpt":{"rendered":"<p>N\u1ed3i h\u01a1i c\u00f3 \u00e1o h\u01a1i \u0111\u01b0\u1ee3c s\u1eed d\u1ee5ng r\u1ed9ng r\u00e3i trong ng\u00e0nh ch\u1ebf bi\u1ebfn th\u1ef1c ph\u1ea9m \u0111\u1ec3 l\u00e0m ch\u00e1o, n\u01b0\u1edbc s\u1ed1t, s\u00fap v\u00e0 m\u00f3n h\u1ea7m. <\/p>","protected":false},"author":1,"featured_media":1082,"parent":0,"template":"","tags":[124],"product-type":[6],"class_list":["post-1081","product","type-product","status-publish","has-post-thumbnail","hentry","tag-steam-jacketed-kettle","product-type-pastry-production-machine"],"_links":{"self":[{"href":"https:\/\/topfoodmachine.com\/vi\/wp-json\/wp\/v2\/product\/1081","targetHints":{"allow":["GET"]}}],"collection":[{"href":"https:\/\/topfoodmachine.com\/vi\/wp-json\/wp\/v2\/product"}],"about":[{"href":"https:\/\/topfoodmachine.com\/vi\/wp-json\/wp\/v2\/types\/product"}],"author":[{"embeddable":true,"href":"https:\/\/topfoodmachine.com\/vi\/wp-json\/wp\/v2\/users\/1"}],"wp:featuredmedia":[{"embeddable":true,"href":"https:\/\/topfoodmachine.com\/vi\/wp-json\/wp\/v2\/media\/1082"}],"wp:attachment":[{"href":"https:\/\/topfoodmachine.com\/vi\/wp-json\/wp\/v2\/media?parent=1081"}],"wp:term":[{"taxonomy":"post_tag","embeddable":true,"href":"https:\/\/topfoodmachine.com\/vi\/wp-json\/wp\/v2\/tags?post=1081"},{"taxonomy":"product-type","embeddable":true,"href":"https:\/\/topfoodmachine.com\/vi\/wp-json\/wp\/v2\/product-type?post=1081"}],"curies":[{"name":"wp","href":"https:\/\/api.w.org\/{rel}","templated":true}]}}