{"id":1068,"date":"2023-12-13T09:02:21","date_gmt":"2023-12-13T01:02:21","guid":{"rendered":"https:\/\/topfoodmachine.com\/?post_type=product&#038;p=1068"},"modified":"2023-12-13T09:03:34","modified_gmt":"2023-12-13T01:03:34","slug":"garlic-bulb-separating-machine","status":"publish","type":"product","link":"https:\/\/topfoodmachine.com\/vi\/product\/garlic-bulb-separating-machine\/","title":{"rendered":"M\u00e1y t\u00e1ch c\u1ee7 t\u1ecfi"},"content":{"rendered":"<div class=\"kk-star-ratings kksr-auto kksr-align-left kksr-valign-top\"     data-payload='{&quot;align&quot;:&quot;left&quot;,&quot;id&quot;:&quot;1068&quot;,&quot;slug&quot;:&quot;default&quot;,&quot;valign&quot;:&quot;top&quot;,&quot;ignore&quot;:&quot;&quot;,&quot;reference&quot;:&quot;auto&quot;,&quot;class&quot;:&quot;&quot;,&quot;count&quot;:&quot;11&quot;,&quot;legendonly&quot;:&quot;&quot;,&quot;readonly&quot;:&quot;&quot;,&quot;score&quot;:&quot;4.5&quot;,&quot;starsonly&quot;:&quot;&quot;,&quot;best&quot;:&quot;5&quot;,&quot;gap&quot;:&quot;5&quot;,&quot;greet&quot;:&quot;Rate this product&quot;,&quot;legend&quot;:&quot;4.5\\\/5 - (11 b\u00ecnh ch\u1ecdn)&quot;,&quot;size&quot;:&quot;24&quot;,&quot;title&quot;:&quot;Garlic bulb separating machine&quot;,&quot;width&quot;:&quot;128&quot;,&quot;_legend&quot;:&quot;{score}\\\/{best} - ({count} {votes})&quot;,&quot;font_factor&quot;:&quot;1.25&quot;}'>              <div class=\"kksr-stars\">      <div class=\"kksr-stars-inactive\">             <div class=\"kksr-star\" data-star=\"1\" style=\"padding-right: 5px\">               <div class=\"kksr-icon\" style=\"width: 24px; height: 24px;\"><\/div>         <\/div>             <div class=\"kksr-star\" data-star=\"2\" style=\"padding-right: 5px\">               <div class=\"kksr-icon\" style=\"width: 24px; height: 24px;\"><\/div>         <\/div>             <div class=\"kksr-star\" data-star=\"3\" style=\"padding-right: 5px\">               <div class=\"kksr-icon\" style=\"width: 24px; height: 24px;\"><\/div>         <\/div>             <div class=\"kksr-star\" data-star=\"4\" style=\"padding-right: 5px\">               <div class=\"kksr-icon\" style=\"width: 24px; height: 24px;\"><\/div>         <\/div>             <div class=\"kksr-star\" data-star=\"5\" style=\"padding-right: 5px\">               <div class=\"kksr-icon\" style=\"width: 24px; height: 24px;\"><\/div>         <\/div>     <\/div>      <div class=\"kksr-stars-active\" style=\"width: 128px;\">             <div class=\"kksr-star\" style=\"padding-right: 5px\">               <div class=\"kksr-icon\" style=\"width: 24px; height: 24px;\"><\/div>         <\/div>             <div class=\"kksr-star\" style=\"padding-right: 5px\">               <div class=\"kksr-icon\" style=\"width: 24px; height: 24px;\"><\/div>         <\/div>             <div class=\"kksr-star\" style=\"padding-right: 5px\">               <div class=\"kksr-icon\" style=\"width: 24px; height: 24px;\"><\/div>         <\/div>             <div class=\"kksr-star\" style=\"padding-right: 5px\">               <div class=\"kksr-icon\" style=\"width: 24px; height: 24px;\"><\/div>         <\/div>             <div class=\"kksr-star\" style=\"padding-right: 5px\">               <div class=\"kksr-icon\" style=\"width: 24px; height: 24px;\"><\/div>         <\/div>     <\/div> <\/div>                   <div class=\"kksr-legend\" style=\"font-size: 19.2px;\">             4.5\/5 - (11 \u0111\u00e1nh gi\u00e1)    <\/div>     <\/div>  <p>Trong l\u0129nh v\u1ef1c n\u0103ng \u0111\u1ed9ng c\u1ee7a ng\u00e0nh ch\u1ebf bi\u1ebfn n\u00f4ng s\u1ea3n v\u00e0 th\u1ef1c ph\u1ea9m, hi\u1ec7u qu\u1ea3 v\u00e0 \u0111\u1ed9 ch\u00ednh x\u00e1c l\u00e0 \u0111i\u1ec1u t\u1ed1i quan tr\u1ecdng. M\u00e1y t\u00e1ch c\u1ee7 t\u1ecfi l\u00e0 minh ch\u1ee9ng cho s\u1ef1 \u0111\u1ed5i m\u1edbi c\u00f4ng ngh\u1ec7 trong vi\u1ec7c h\u1ee3p l\u00fd h\u00f3a quy tr\u00ecnh t\u00e1ch c\u1ee7 t\u1ecfi t\u1ed1n nhi\u1ec1u c\u00f4ng s\u1ee9c. Lo\u1ea1i m\u00e1y m\u00f3c kh\u00e9o l\u00e9o n\u00e0y \u0111\u01b0\u1ee3c thi\u1ebft k\u1ebf \u0111\u1ec3 \u0111\u00e1p \u1ee9ng nhu c\u1ea7u c\u1ee5 th\u1ec3 c\u1ee7a n\u00f4ng d\u00e2n, nh\u00e0 ch\u1ebf bi\u1ebfn th\u1ef1c ph\u1ea9m v\u00e0 nh\u1eefng ng\u01b0\u1eddi \u0111am m\u00ea \u1ea9m th\u1ef1c, c\u00e1ch m\u1ea1ng h\u00f3a c\u00e1ch thu ho\u1ea1ch v\u00e0 ch\u1ebf bi\u1ebfn t\u1ecfi.<\/p>    <p>M\u00e1y t\u00e1ch c\u1ee7 t\u1ecfi ho\u1ea1t \u0111\u1ed9ng theo nguy\u00ean t\u1eafc t\u1ef1 \u0111\u1ed9ng h\u00f3a, cung c\u1ea5p gi\u1ea3i ph\u00e1p nhanh ch\u00f3ng v\u00e0 c\u00f3 h\u1ec7 th\u1ed1ng cho c\u00f4ng vi\u1ec7c t\u00e1ch c\u1ee7 t\u1ecfi th\u1ee7 c\u00f4ng truy\u1ec1n th\u1ed1ng t\u1ed1n nhi\u1ec1u th\u1eddi gian. Thi\u1ebft k\u1ebf ph\u1ee9c t\u1ea1p c\u1ee7a n\u00f3 k\u1ebft h\u1ee3p c\u00e1c c\u00f4ng ngh\u1ec7 ti\u00ean ti\u1ebfn v\u00e0 k\u1ef9 thu\u1eadt ch\u00ednh x\u00e1c \u0111\u1ec3 \u0111\u1ea3m b\u1ea3o t\u00e1ch t\u1eebng t\u00e9p ra kh\u1ecfi c\u1ee7 m\u1ed9t c\u00e1ch nh\u1eb9 nh\u00e0ng nh\u01b0ng hi\u1ec7u qu\u1ea3, gi\u1ea3m thi\u1ec3u thi\u1ec7t h\u1ea1i v\u00e0 b\u1ea3o qu\u1ea3n ch\u1ea5t l\u01b0\u1ee3ng c\u1ee7a t\u1ecfi.<\/p>    <figure class=\"wp-block-image size-full\"><img loading=\"lazy\" decoding=\"async\" width=\"720\" height=\"540\" src=\"https:\/\/topfoodmachine.com\/wp-content\/uploads\/2023\/12\/Garlic-bulb-separating-machine-for-sale.webp\" alt=\"C\u1ea7n b\u00e1n m\u00e1y t\u00e1ch c\u1ee7 t\u1ecfi\" class=\"wp-image-1070\" srcset=\"https:\/\/topfoodmachine.com\/wp-content\/uploads\/2023\/12\/Garlic-bulb-separating-machine-for-sale.webp 720w, https:\/\/topfoodmachine.com\/wp-content\/uploads\/2023\/12\/Garlic-bulb-separating-machine-for-sale-300x225.webp 300w\" sizes=\"auto, (max-width: 720px) 100vw, 720px\" \/><figcaption class=\"wp-element-caption\">C\u1ea7n b\u00e1n m\u00e1y t\u00e1ch c\u1ee7 t\u1ecfi<\/figcaption><\/figure>    <h2 class=\"wp-block-heading\">\u0110\u1eb7c \u0111i\u1ec3m ch\u00ednh c\u1ee7a m\u00e1y t\u00e1ch c\u1ee7 t\u1ecfi<\/h2>    <ol class=\"wp-block-list\"> <li><strong>M\u00f4 ph\u1ecfng t\u00e1ch th\u1ee7 c\u00f4ng:<\/strong> <ul class=\"wp-block-list\"> <li>M\u00e1y t\u00e1i t\u1ea1o ph\u01b0\u01a1ng ph\u00e1p t\u00e1ch th\u1ee7 c\u00f4ng, \u0111\u1ea3m b\u1ea3o c\u00e1c t\u00e9p t\u1ecfi kh\u00f4ng b\u1ecb h\u01b0 h\u1ea1i trong su\u1ed1t qu\u00e1 tr\u00ecnh. C\u00e1ch ti\u1ebfp c\u1eadn s\u00e1ng t\u1ea1o n\u00e0y l\u00e0m cho n\u00f3 kh\u00e1c bi\u1ec7t v\u1edbi c\u00e1c ph\u01b0\u01a1ng ph\u00e1p truy\u1ec1n th\u1ed1ng c\u00f3 th\u1ec3 d\u1eabn \u0111\u1ebfn g\u00e3y ho\u1eb7c b\u1ea7m t\u00edm.<\/li> <\/ul> <\/li>    <li><strong>Kho\u1ea3ng c\u00e1ch con l\u0103n c\u00f3 th\u1ec3 \u0111i\u1ec1u ch\u1ec9nh:<\/strong> <ul class=\"wp-block-list\"> <li>Ng\u01b0\u1eddi d\u00f9ng c\u00f3 th\u1ec3 t\u00f9y ch\u1ec9nh vi\u1ec7c t\u00e1ch t\u1ecfi b\u1eb1ng c\u00e1ch \u0111i\u1ec1u ch\u1ec9nh kho\u1ea3ng c\u00e1ch gi\u1eefa c\u00e1c con l\u0103n. T\u00ednh n\u0103ng n\u00e0y cho ph\u00e9p \u0111\u1ea1t \u0111\u01b0\u1ee3c \u0111\u1ed9 ch\u00ednh x\u00e1c v\u00e0 linh ho\u1ea1t, ph\u00f9 h\u1ee3p v\u1edbi nhi\u1ec1u k\u00edch c\u1ee1 t\u1ecfi kh\u00e1c nhau v\u00e0 \u0111\u1ea3m b\u1ea3o hi\u1ec7u qu\u1ea3 b\u00f3c v\u1ecf t\u1ed1i \u01b0u.<\/li> <\/ul> <\/li>    <li><strong>\u0110\u00f9n quay b\u1eb1ng con l\u0103n:<\/strong> <ul class=\"wp-block-list\"> <li>Vi\u1ec7c b\u00f3c v\u1ecf \u0111\u01b0\u1ee3c th\u1ef1c hi\u1ec7n th\u00f4ng qua qu\u00e1 tr\u00ecnh \u0111\u00f9n quay c\u00e1c t\u00e9p t\u1ecfi b\u1eb1ng c\u00e1c con l\u0103n. Ph\u01b0\u01a1ng ph\u00e1p n\u00e0y v\u1eeba hi\u1ec7u qu\u1ea3 v\u1eeba nh\u1eb9 nh\u00e0ng, g\u00f3p ph\u1ea7n mang l\u1ea1i t\u1ef7 l\u1ec7 g\u00e3y x\u01b0\u01a1ng th\u1ea5p \u0111\u00e1ng k\u1ec3.<\/li> <\/ul> <\/li>    <li><strong>Lo\u1ea1i b\u1ecf da hi\u1ec7u qu\u1ea3:<\/strong> <ul class=\"wp-block-list\"> <li>Qu\u1ea1t t\u00edch h\u1ee3p th\u1ed5i bay v\u1ecf t\u1ecfi m\u1ed9t c\u00e1ch hi\u1ec7u qu\u1ea3, \u0111\u1ec3 l\u1ea1i nh\u1eefng t\u00e9p t\u1ecfi \u0111\u00e3 \u0111\u01b0\u1ee3c b\u00f3c v\u1ecf ho\u00e0n h\u1ea3o. T\u00ednh n\u0103ng n\u00e0y kh\u00f4ng ch\u1ec9 n\u00e2ng cao hi\u1ec7u su\u1ea5t c\u1ee7a m\u00e1y m\u00e0 c\u00f2n \u0111\u01a1n gi\u1ea3n h\u00f3a c\u00e1c quy tr\u00ecnh b\u00f3c v\u1ecf ti\u1ebfp theo.<\/li> <\/ul> <\/li>    <li><strong>Hi\u1ec7u su\u1ea5t \u1ed5n \u0111\u1ecbnh v\u00e0 c\u1ea5u tr\u00fac nh\u1ecf g\u1ecdn:<\/strong> <ul class=\"wp-block-list\"> <li>V\u1edbi hi\u1ec7u su\u1ea5t \u1ed5n \u0111\u1ecbnh v\u00e0 k\u1ebft c\u1ea5u nh\u1ecf g\u1ecdn, m\u00e1y t\u00e1ch t\u00e9p t\u1ecfi \u0111\u01b0\u1ee3c thi\u1ebft k\u1ebf ti\u1ec7n l\u1ee3i. N\u00f3 ti\u1ebft ki\u1ec7m th\u1eddi gian v\u00e0 \u0111i\u1ec7n n\u0103ng trong khi v\u1eabn duy tr\u00ec hi\u1ec7u qu\u1ea3 s\u1ea3n xu\u1ea5t cao.<\/li> <\/ul> <\/li> <\/ol>    <figure class=\"wp-block-image size-full\"><img loading=\"lazy\" decoding=\"async\" width=\"720\" height=\"540\" src=\"https:\/\/topfoodmachine.com\/wp-content\/uploads\/2023\/12\/Garlic-clove-splitting-machine.webp\" alt=\"M\u00e1y t\u00e1ch t\u00e9p t\u1ecfi\" class=\"wp-image-1075\" srcset=\"https:\/\/topfoodmachine.com\/wp-content\/uploads\/2023\/12\/Garlic-clove-splitting-machine.webp 720w, https:\/\/topfoodmachine.com\/wp-content\/uploads\/2023\/12\/Garlic-clove-splitting-machine-300x225.webp 300w\" sizes=\"auto, (max-width: 720px) 100vw, 720px\" \/><figcaption class=\"wp-element-caption\">M\u00e1y t\u00e1ch t\u00e9p t\u1ecfi<\/figcaption><\/figure>    <h2 class=\"wp-block-heading\">H\u01b0\u1edbng d\u1eabn s\u1eed d\u1ee5ng m\u00e1y t\u00e1ch c\u1ee7 t\u1ecfi<\/h2>    <ol class=\"wp-block-list\"> <li><strong>Ki\u1ec3m tra tr\u01b0\u1edbc khi v\u1eadn h\u00e0nh:<\/strong> <ul class=\"wp-block-list\"> <li>Ti\u1ebfn h\u00e0nh ki\u1ec3m tra k\u1ef9 l\u01b0\u1ee1ng \u0111\u1ec3 \u0111\u1ea3m b\u1ea3o t\u1ea5t c\u1ea3 c\u00e1c b\u1ed9 ph\u1eadn bu\u1ed9c ch\u1eb7t \u0111\u1ec1u \u0111\u01b0\u1ee3c an to\u00e0n. Ki\u1ec3m tra d\u00e2y ngu\u1ed3n xem c\u00f3 b\u1ecb h\u1ecfng kh\u00f4ng, ki\u1ec3m tra \u0111\u1ea7u v\u00e0o xem c\u00f3 v\u1eadt l\u1ea1 kh\u00f4ng v\u00e0 x\u00e1c minh r\u1eb1ng c\u00e1c y\u00eau c\u1ea7u v\u1ec1 \u0111i\u1ec7n \u00e1p c\u00f3 \u0111\u01b0\u1ee3c \u0111\u00e1p \u1ee9ng.<\/li> <\/ul> <\/li>    <li><strong>V\u1ecb tr\u00ed v\u00e0 thi\u1ebft l\u1eadp:<\/strong> <ul class=\"wp-block-list\"> <li>\u0110\u1eb7t m\u00e1y tr\u00ean b\u1ec1 m\u1eb7t ph\u1eb3ng. B\u1eadt n\u00f3 l\u00ean v\u00e0 cho t\u1ecfi v\u00e0o \u0111\u1ea7u v\u00e0o, b\u1eaft \u0111\u1ea7u qu\u00e1 tr\u00ecnh t\u00e1ch.<\/li> <\/ul> <\/li>    <li><strong>\u0110i\u1ec1u ch\u1ec9nh \u0111\u1ec3 c\u00f3 k\u1ebft qu\u1ea3 t\u1ed1i \u01b0u:<\/strong> <ul class=\"wp-block-list\"> <li>N\u1ebfu hi\u1ec7u \u1ee9ng t\u00e1ch ch\u01b0a \u0111\u1ea1t y\u00eau c\u1ea7u, ng\u01b0\u1eddi d\u00f9ng c\u00f3 th\u1ec3 d\u1ec5 d\u00e0ng \u0111i\u1ec1u ch\u1ec9nh con l\u0103n \u0111\u1ec3 \u0111\u1ea1t \u0111\u01b0\u1ee3c k\u1ebft qu\u1ea3 mong mu\u1ed1n.<\/li> <\/ul> <\/li>    <li><strong>K\u1ebft c\u1ea5u th\u00e9p kh\u00f4ng g\u1ec9 b\u1ec1n:<\/strong> <ul class=\"wp-block-list\"> <li>M\u00e1y \u0111\u01b0\u1ee3c c\u1ea5u t\u1ea1o b\u1eb1ng th\u00e9p kh\u00f4ng g\u1ec9 b\u1ec1n b\u1ec9, \u0111\u1ea3m b\u1ea3o tu\u1ed5i th\u1ecd v\u00e0 kh\u1ea3 n\u0103ng ph\u1ee5c h\u1ed3i. N\u00f3 ch\u1ee9a t\u1ecfi \u1edf m\u1ecdi k\u00edch c\u1ee1 m\u00e0 kh\u00f4ng g\u00e2y h\u01b0 h\u1ea1i.<\/li> <\/ul> <\/li>    <li><strong>T\u1ef7 l\u1ec7 bong tr\u00f3c v\u00e0 lo\u1ea1i b\u1ecf da:<\/strong> <ul class=\"wp-block-list\"> <li>M\u00e1y c\u00f3 t\u1ed1c \u0111\u1ed9 b\u00f3c v\u1ecf cao v\u00e0 qu\u1ea1t th\u1ed5i bay ph\u1ea7n v\u1ecf t\u1ecfi th\u1eeba sau khi b\u00f3c m\u1ed9t c\u00e1ch hi\u1ec7u qu\u1ea3, gi\u00fap \u0111\u01a1n gi\u1ea3n h\u00f3a c\u00e1c b\u01b0\u1edbc x\u1eed l\u00fd ti\u1ebfp theo.<\/li> <\/ul> <\/li> <\/ol>    <figure class=\"wp-block-image size-full\"><img loading=\"lazy\" decoding=\"async\" width=\"720\" height=\"540\" src=\"https:\/\/topfoodmachine.com\/wp-content\/uploads\/2023\/12\/Garlic-bulb-separating-machine-with-good-price.webp\" alt=\"M\u00e1y t\u00e1ch c\u1ee7 t\u1ecfi gi\u00e1 t\u1ed1t\" class=\"wp-image-1071\" srcset=\"https:\/\/topfoodmachine.com\/wp-content\/uploads\/2023\/12\/Garlic-bulb-separating-machine-with-good-price.webp 720w, https:\/\/topfoodmachine.com\/wp-content\/uploads\/2023\/12\/Garlic-bulb-separating-machine-with-good-price-300x225.webp 300w\" sizes=\"auto, (max-width: 720px) 100vw, 720px\" \/><figcaption class=\"wp-element-caption\">M\u00e1y t\u00e1ch c\u1ee7 t\u1ecfi gi\u00e1 t\u1ed1t<\/figcaption><\/figure>    <h2 class=\"wp-block-heading\">Th\u00f4ng s\u1ed1 m\u00e1y t\u00e1ch c\u1ee7 t\u1ecfi<\/h2>    <figure class=\"wp-block-table\"><table><tbody><tr><td>Ng\u01b0\u1eddi m\u1eabu<\/td><td>Dung t\u00edch<\/td><td>C\u00e2n n\u1eb7ng<\/td><td>V\u00f4n<\/td><td>K\u00edch c\u1ee1<\/td><td>Quy\u1ec1n l\u1ef1c<\/td><\/tr><tr><td>TZ-400<\/td><td>400kg\/gi\u1edd<\/td><td>130kg<\/td><td>110-220-380v<\/td><td>72*73*115cm<\/td><td>750w<\/td><\/tr><tr><td>TZ-500<\/td><td>500kg\/gi\u1edd<\/td><td>120kg<\/td><td>110-220-380v<\/td><td>76*73*103cm<\/td><td>1500w<\/td><\/tr><tr><td>TZ-1000<\/td><td>1000kg\/gi\u1edd<\/td><td>150kg<\/td><td>110-220-380v<\/td><td>150*70*124cm<\/td><td>2200w<\/td><\/tr><\/tbody><\/table><\/figure>    <h2 class=\"wp-block-heading\">T\u1ea1i sao n\u00ean ch\u1ecdn mua m\u00e1y t\u00e1ch c\u1ee7 t\u1ecfi c\u1ee7a ch\u00fang t\u00f4i?<\/h2>    <p>M\u00e1y t\u00e1ch t\u00e9p t\u1ecfi \u0111\u01b0a ra gi\u1ea3i ph\u00e1p to\u00e0n di\u1ec7n cho nh\u1eefng th\u00e1ch th\u1ee9c g\u1eb7p ph\u1ea3i trong ch\u1ebf bi\u1ebfn t\u1ecfi truy\u1ec1n th\u1ed1ng. Thi\u1ebft k\u1ebf s\u00e1ng t\u1ea1o, c\u00e1c t\u00ednh n\u0103ng c\u00f3 th\u1ec3 \u0111i\u1ec1u ch\u1ec9nh v\u00e0 hi\u1ec7u qu\u1ea3 kh\u00f4ng ch\u1ec9 gi\u00fap gi\u1ea3m chi ph\u00ed lao \u0111\u1ed9ng m\u00e0 c\u00f2n g\u00f3p ph\u1ea7n b\u1ec1n v\u1eefng m\u00f4i tr\u01b0\u1eddng b\u1eb1ng c\u00e1ch lo\u1ea1i b\u1ecf \u00f4 nhi\u1ec5m n\u01b0\u1edbc v\u00e0 gi\u1ea3m thi\u1ec3u l\u00e3ng ph\u00ed v\u1eadt li\u1ec7u. B\u1eb1ng c\u00e1ch k\u1ebft h\u1ee3p chi\u1ebfc m\u00e1y n\u00e0y v\u00e0o ho\u1ea1t \u0111\u1ed9ng ch\u1ebf bi\u1ebfn t\u1ecfi, doanh nghi\u1ec7p c\u00f3 th\u1ec3 t\u1ed1i \u0111a h\u00f3a n\u0103ng su\u1ea5t m\u00e0 v\u1eabn duy tr\u00ec \u0111\u01b0\u1ee3c ch\u1ea5t l\u01b0\u1ee3ng s\u1ea3n ph\u1ea9m t\u1ecfi c\u1ee7a m\u00ecnh.<\/p>    <p>L\u00e0 nh\u00e0 cung c\u1ea5p M\u00e1y t\u00e1ch c\u1ee7 t\u1ecfi, ch\u00fang t\u00f4i t\u1ef1 h\u00e0o cung c\u1ea5p c\u00e1c gi\u1ea3i ph\u00e1p s\u00e1ng t\u1ea1o, hi\u1ec7u qu\u1ea3 v\u00e0 \u0111\u00e1ng tin c\u1eady \u0111\u1ec3 \u0111\u00e1p \u1ee9ng nhu c\u1ea7u ch\u1ebf bi\u1ebfn t\u1ecfi c\u1ee7a b\u1ea1n. D\u00f2ng s\u1ea3n ph\u1ea9m c\u1ee7a ch\u00fang t\u00f4i c\u00f3 nhi\u1ec1u m\u1eabu m\u00e3 ph\u00f9 h\u1ee3p cho c\u1ea3 quy m\u00f4 s\u1ea3n xu\u1ea5t nh\u1ecf, v\u1eeba v\u00e0 quy m\u00f4 l\u1edbn, \u0111\u00e1p \u1ee9ng c\u00e1c y\u00eau c\u1ea7u \u0111a d\u1ea1ng c\u1ee7a kh\u00e1ch h\u00e0ng. <\/p>    <p>V\u1edbi c\u00f4ng ngh\u1ec7 ti\u00ean ti\u1ebfn v\u00e0 thi\u1ebft k\u1ebf \u0111\u1eb7c bi\u1ec7t, ch\u00fang t\u00f4i cam k\u1ebft mang l\u1ea1i hi\u1ec7u su\u1ea5t v\u01b0\u1ee3t tr\u1ed9i v\u00e0 ch\u1ea5t l\u01b0\u1ee3ng h\u00e0ng \u0111\u1ea7u, gi\u00fap b\u1ea1n \u0111\u1ea1t \u0111\u01b0\u1ee3c th\u00e0nh c\u00f4ng l\u1edbn h\u01a1n trong ng\u00e0nh ch\u1ebf bi\u1ebfn t\u1ecfi. H\u00e3y ch\u1ecdn ch\u00fang t\u00f4i \u0111\u1ec3 c\u00f3 \u0111\u01b0\u1ee3c s\u1ef1 k\u1ebft h\u1ee3p ho\u00e0n h\u1ea3o gi\u1eefa \u0111\u1ed9 tin c\u1eady, hi\u1ec7u qu\u1ea3 v\u00e0 ch\u1ea5t l\u01b0\u1ee3ng. Ch\u00fang t\u00f4i mong mu\u1ed1n thi\u1ebft l\u1eadp m\u1ed1i quan h\u1ec7 h\u1ee3p t\u00e1c l\u00e2u d\u00e0i v\u1edbi b\u1ea1n v\u00e0 c\u00f9ng nhau \u0111\u00f3ng g\u00f3p cho m\u1ed9t t\u01b0\u01a1ng lai t\u01b0\u01a1i s\u00e1ng h\u01a1n.<\/p>    <figure class=\"wp-block-image size-full\"><img loading=\"lazy\" decoding=\"async\" width=\"720\" height=\"540\" src=\"https:\/\/topfoodmachine.com\/wp-content\/uploads\/2023\/12\/Garlic-bulb-separating-machine.webp\" alt=\"M\u00e1y t\u00e1ch c\u1ee7 t\u1ecfi\" class=\"wp-image-1072\" srcset=\"https:\/\/topfoodmachine.com\/wp-content\/uploads\/2023\/12\/Garlic-bulb-separating-machine.webp 720w, https:\/\/topfoodmachine.com\/wp-content\/uploads\/2023\/12\/Garlic-bulb-separating-machine-300x225.webp 300w\" sizes=\"auto, (max-width: 720px) 100vw, 720px\" \/><figcaption class=\"wp-element-caption\">M\u00e1y t\u00e1ch c\u1ee7 t\u1ecfi<\/figcaption><\/figure>","protected":false},"excerpt":{"rendered":"<p>Trong l\u0129nh v\u1ef1c n\u0103ng \u0111\u1ed9ng c\u1ee7a ng\u00e0nh ch\u1ebf bi\u1ebfn n\u00f4ng s\u1ea3n v\u00e0 th\u1ef1c ph\u1ea9m, hi\u1ec7u qu\u1ea3 v\u00e0 \u0111\u1ed9 ch\u00ednh x\u00e1c l\u00e0 \u0111i\u1ec1u t\u1ed1i quan tr\u1ecdng. M\u00e1y t\u00e1ch c\u1ee7 t\u1ecfi l\u00e0 minh ch\u1ee9ng cho s\u1ef1 \u0111\u1ed5i m\u1edbi c\u00f4ng ngh\u1ec7 trong vi\u1ec7c h\u1ee3p l\u00fd h\u00f3a quy tr\u00ecnh t\u00e1ch c\u1ee7 t\u1ecfi t\u1ed1n nhi\u1ec1u c\u00f4ng s\u1ee9c.<\/p>","protected":false},"author":1,"featured_media":1079,"parent":0,"template":"","tags":[],"product-type":[3],"class_list":["post-1068","product","type-product","status-publish","has-post-thumbnail","hentry","product-type-fruit-vegetable-processing-machine"],"_links":{"self":[{"href":"https:\/\/topfoodmachine.com\/vi\/wp-json\/wp\/v2\/product\/1068","targetHints":{"allow":["GET"]}}],"collection":[{"href":"https:\/\/topfoodmachine.com\/vi\/wp-json\/wp\/v2\/product"}],"about":[{"href":"https:\/\/topfoodmachine.com\/vi\/wp-json\/wp\/v2\/types\/product"}],"author":[{"embeddable":true,"href":"https:\/\/topfoodmachine.com\/vi\/wp-json\/wp\/v2\/users\/1"}],"wp:featuredmedia":[{"embeddable":true,"href":"https:\/\/topfoodmachine.com\/vi\/wp-json\/wp\/v2\/media\/1079"}],"wp:attachment":[{"href":"https:\/\/topfoodmachine.com\/vi\/wp-json\/wp\/v2\/media?parent=1068"}],"wp:term":[{"taxonomy":"post_tag","embeddable":true,"href":"https:\/\/topfoodmachine.com\/vi\/wp-json\/wp\/v2\/tags?post=1068"},{"taxonomy":"product-type","embeddable":true,"href":"https:\/\/topfoodmachine.com\/vi\/wp-json\/wp\/v2\/product-type?post=1068"}],"curies":[{"name":"wp","href":"https:\/\/api.w.org\/{rel}","templated":true}]}}