{"id":1041,"date":"2023-11-28T10:58:18","date_gmt":"2023-11-28T02:58:18","guid":{"rendered":"https:\/\/topfoodmachine.com\/?post_type=product&#038;p=1041"},"modified":"2025-07-16T18:09:14","modified_gmt":"2025-07-16T10:09:14","slug":"peanut-coating-machine","status":"publish","type":"product","link":"https:\/\/topfoodmachine.com\/vi\/product\/peanut-coating-machine\/","title":{"rendered":"M\u00e1y ph\u1ee7 \u0111\u1eadu ph\u1ed9ng"},"content":{"rendered":"<div class=\"kk-star-ratings kksr-auto kksr-align-left kksr-valign-top\"     data-payload='{&quot;align&quot;:&quot;left&quot;,&quot;id&quot;:&quot;1041&quot;,&quot;slug&quot;:&quot;default&quot;,&quot;valign&quot;:&quot;top&quot;,&quot;ignore&quot;:&quot;&quot;,&quot;reference&quot;:&quot;auto&quot;,&quot;class&quot;:&quot;&quot;,&quot;count&quot;:&quot;17&quot;,&quot;legendonly&quot;:&quot;&quot;,&quot;readonly&quot;:&quot;&quot;,&quot;score&quot;:&quot;4.7&quot;,&quot;starsonly&quot;:&quot;&quot;,&quot;best&quot;:&quot;5&quot;,&quot;gap&quot;:&quot;5&quot;,&quot;greet&quot;:&quot;Rate this product&quot;,&quot;legend&quot;:&quot;4.7\\\/5 - (17 b\u00ecnh ch\u1ecdn)&quot;,&quot;size&quot;:&quot;24&quot;,&quot;title&quot;:&quot;Peanut coating machine&quot;,&quot;width&quot;:&quot;133.8&quot;,&quot;_legend&quot;:&quot;{score}\\\/{best} - ({count} {votes})&quot;,&quot;font_factor&quot;:&quot;1.25&quot;}'>              <div class=\"kksr-stars\">      <div class=\"kksr-stars-inactive\">             <div class=\"kksr-star\" data-star=\"1\" style=\"padding-right: 5px\">               <div class=\"kksr-icon\" style=\"width: 24px; height: 24px;\"><\/div>         <\/div>             <div class=\"kksr-star\" data-star=\"2\" style=\"padding-right: 5px\">               <div class=\"kksr-icon\" style=\"width: 24px; height: 24px;\"><\/div>         <\/div>             <div class=\"kksr-star\" data-star=\"3\" style=\"padding-right: 5px\">               <div class=\"kksr-icon\" style=\"width: 24px; height: 24px;\"><\/div>         <\/div>             <div class=\"kksr-star\" data-star=\"4\" style=\"padding-right: 5px\">               <div class=\"kksr-icon\" style=\"width: 24px; height: 24px;\"><\/div>         <\/div>             <div class=\"kksr-star\" data-star=\"5\" style=\"padding-right: 5px\">               <div class=\"kksr-icon\" style=\"width: 24px; height: 24px;\"><\/div>         <\/div>     <\/div>      <div class=\"kksr-stars-active\" style=\"width: 133.8px;\">             <div class=\"kksr-star\" style=\"padding-right: 5px\">               <div class=\"kksr-icon\" style=\"width: 24px; height: 24px;\"><\/div>         <\/div>             <div class=\"kksr-star\" style=\"padding-right: 5px\">               <div class=\"kksr-icon\" style=\"width: 24px; height: 24px;\"><\/div>         <\/div>             <div class=\"kksr-star\" style=\"padding-right: 5px\">               <div class=\"kksr-icon\" style=\"width: 24px; height: 24px;\"><\/div>         <\/div>             <div class=\"kksr-star\" style=\"padding-right: 5px\">               <div class=\"kksr-icon\" style=\"width: 24px; height: 24px;\"><\/div>         <\/div>             <div class=\"kksr-star\" style=\"padding-right: 5px\">               <div class=\"kksr-icon\" style=\"width: 24px; height: 24px;\"><\/div>         <\/div>     <\/div> <\/div>                   <div class=\"kksr-legend\" style=\"font-size: 19.2px;\">             4.7\/5 - (17 l\u01b0\u1ee3t b\u00ecnh ch\u1ecdn)    <\/div>     <\/div>  <p class=\"translation-block\">M\u00e1y <strong>phun ph\u1ee7 \u0111\u1eadu ph\u1ed9ng<\/strong> c\u00f3 th\u1ec3 ph\u1ee7 v\u00e0 \u0111\u00e1nh b\u00f3ng m\u1ed9t lo\u1ea1t s\u1ea3n ph\u1ea9m, bao g\u1ed3m \u0111\u1eadu ph\u1ed9ng, h\u1ea1t \u0111i\u1ec1u, \u0111\u1eadu, vi\u00ean n\u00e9n, k\u1eb9o v\u00e0 nhi\u1ec1u h\u01a1n n\u1eefa. N\u00f3 \u0111\u01b0\u1ee3c \u1ee9ng d\u1ee5ng r\u1ed9ng r\u00e3i trong c\u00e1c ng\u00e0nh <strong>th\u1ef1c ph\u1ea9m<\/strong>, <strong>d\u01b0\u1ee3c ph\u1ea9m<\/strong> v\u00e0 <strong>h\u00f3a ch\u1ea5t<\/strong>, \u0111\u1ea3m b\u1ea3o ph\u1ee7 \u0111\u1ec1u v\u00e0 b\u1ec1 m\u1eb7t m\u1ecbn, b\u00f3ng tr\u00ean m\u1ecdi m\u1eb7t h\u00e0ng.<\/p>    <p class=\"translation-block\">V\u1edbi c\u00f4ng su\u1ea5t s\u1ea3n xu\u1ea5t <strong>30 \u0111\u1ebfn 300 kg\/gi\u1edd<\/strong>, m\u00e1y n\u00e0y cung c\u1ea5p c\u1ea3 <strong>hi\u1ec7u qu\u1ea3 v\u00e0 ch\u1ea5t l\u01b0\u1ee3ng \u1ed5n \u0111\u1ecbnh<\/strong>. \u0110\u01b0\u1ee3c bi\u1ebft \u0111\u1ebfn v\u1edbi <strong>hi\u1ec7u su\u1ea5t \u0111\u00e1ng tin c\u1eady<\/strong> v\u00e0 <strong>ho\u1ea1t \u0111\u1ed9ng t\u1ef1 \u0111\u1ed9ng<\/strong>, m\u00e1y phun ph\u1ee7 \u0111\u1eadu ph\u1ed9ng \u0111\u1eb7c bi\u1ec7t ph\u1ed5 bi\u1ebfn trong <strong>ng\u00e0nh s\u1ea3n xu\u1ea5t th\u1ef1c ph\u1ea9m \u0103n nh\u1eb9<\/strong>, cung c\u1ea5p ph\u1ee7 \u0111\u00fang v\u00e0 \u0111\u1ed3ng \u0111\u1ec1u cho <strong>h\u1ea1t d\u1ee3m \u0111\u01b0\u1eddng<\/strong>, <strong>tr\u00e1i c\u00e2y s\u1ea5y gi\u00f2n<\/strong> v\u00e0 <strong>vi\u00ean n\u00e9n d\u01b0\u1ee3c ph\u1ea9m<\/strong>.<\/p>    <figure class=\"wp-block-embed is-type-video is-provider-youtube wp-block-embed-youtube wp-embed-aspect-16-9 wp-has-aspect-ratio\"><div class=\"wp-block-embed__wrapper\"> <iframe loading=\"lazy\" title=\"Gi\u00f2n v\u00e0 Kh\u00f4ng th\u1ec3 c\u01b0\u1ee1ng l\u1ea1i: T\u1ea1o ra nh\u1eefng h\u1ea1t \u0111\u1eadu ph\u1ed9ng \u0111\u01b0\u1ee3c ph\u1ee7 ho\u00e0n h\u1ea3o b\u1eb1ng m\u00e1y c\u1ee7a ch\u00fang t\u00f4i #m\u00e1yph\u1ee7 #h\u1ea1t\" width=\"500\" height=\"281\" src=\"https:\/\/www.youtube.com\/embed\/bUvV7FmAzHU?feature=oembed\" frameborder=\"0\" allow=\"accelerometer; autoplay; clipboard-write; encrypted-media; gyroscope; picture-in-picture; web-share\" referrerpolicy=\"strict-origin-when-cross-origin\" allowfullscreen><\/iframe> <\/div><figcaption class=\"wp-element-caption\">Video l\u00e0m vi\u1ec7c c\u1ee7a m\u00e1y ph\u1ee7 \u0111\u1eadu ph\u1ed9ng<\/figcaption><\/figure>    <h2 class=\"wp-block-heading\">\u01b0u \u0111i\u1ec3m c\u1ee7a m\u00e1y ph\u1ee7 \u0111\u1eadu ph\u1ed9ng<\/h2>    <div class=\"wp-block-media-text is-stacked-on-mobile\"><figure class=\"wp-block-media-text__media\"><img loading=\"lazy\" decoding=\"async\" width=\"720\" height=\"540\" src=\"https:\/\/topfoodmachine.com\/wp-content\/uploads\/2023\/11\/peanut-coating-production-line.webp\" alt=\"d\u00e2y chuy\u1ec1n s\u1ea3n xu\u1ea5t l\u1edbp ph\u1ee7 \u0111\u1eadu ph\u1ed9ng\" class=\"wp-image-1044 size-full\" srcset=\"https:\/\/topfoodmachine.com\/wp-content\/uploads\/2023\/11\/peanut-coating-production-line.webp 720w, https:\/\/topfoodmachine.com\/wp-content\/uploads\/2023\/11\/peanut-coating-production-line-300x225.webp 300w\" sizes=\"auto, (max-width: 720px) 100vw, 720px\" \/><\/figure><div class=\"wp-block-media-text__content\"> <ul class=\"wp-block-list\"> <li><strong>t\u1ed1c \u0111\u1ed9 \u0111i\u1ec1u ch\u1ec9nh<\/strong>: ki\u1ec3m so\u00e1t ch\u00ednh x\u00e1c s\u1ef1 quay \u0111\u1ec3 c\u00f3 l\u1edbp ph\u1ee7 \u0111\u1ed3ng nh\u1ea5t tr\u00ean c\u00e1c v\u1eadt li\u1ec7u v\u00e0 k\u00edch th\u01b0\u1edbc l\u00f4 kh\u00e1c nhau.<\/li>    <li><strong>Thi\u1ebft k\u1ebf nghi\u00eang<\/strong>: \u0111\u01a1n gi\u1ea3n h\u00f3a vi\u1ec7c t\u1ea3i\/x\u1ea3 trong khi n\u00e2ng cao t\u00ednh nh\u1ea5t qu\u00e1n c\u1ee7a l\u1edbp ph\u1ee7.<\/li>    <li><strong>Phun theo th\u1eddi gian<\/strong>: \u0111\u1ea3m b\u1ea3o \u1ee9ng d\u1ee5ng h\u01b0\u01a1ng v\u1ecb ch\u00ednh x\u00e1c, \u0111\u1ed3ng nh\u1ea5t th\u00f4ng qua th\u1eddi gian t\u1ef1 \u0111\u1ed9ng.<\/li>    <li><strong>K\u00edch th\u01b0\u1edbc tr\u1ed1ng c\u00f3 th\u1ec3 t\u00f9y ch\u1ec9nh<\/strong>: th\u00edch \u1ee9ng v\u1edbi nhu c\u1ea7u s\u1ea3n xu\u1ea5t c\u1ee5 th\u1ec3, h\u1ed7 tr\u1ee3 s\u1ea3n l\u01b0\u1ee3ng cao h\u01a1n khi c\u1ea7n thi\u1ebft.<\/li> <\/ul> <\/div><\/div>    <h2 class=\"wp-block-heading\">M\u00e1y ph\u1ee7 h\u1ea1t ho\u1ea1t \u0111\u1ed9ng nh\u01b0 th\u1ebf n\u00e0o?<\/h2>    <div class=\"wp-block-media-text has-media-on-the-right is-stacked-on-mobile\"><div class=\"wp-block-media-text__content\"> <ul class=\"wp-block-list\"> <li>M\u00e1y bao g\u1ed3m m\u1ed9t khung, h\u1ed9p s\u1ed1, n\u1ed3i ph\u1ee7 \u0111\u01b0\u1eddng, thi\u1ebft b\u1ecb gia nhi\u1ec7t v\u00e0 c\u00e1c th\u00e0nh ph\u1ea7n \u0111i\u1ec7n.<\/li>    <li>\u0110\u1ed9ng c\u01a1 \u0111i\u1ec1u khi\u1ec3n n\u1ed3i \u0111\u01b0\u1eddng quay th\u00f4ng qua c\u01a1 ch\u1ebf v\u00edt v\u00e0 b\u00e1nh v\u00edt.<\/li>    <li>Khi n\u1ed3i quay, l\u1ef1c ly t\u00e2m khi\u1ebfn c\u00e1c v\u1eadt li\u1ec7u l\u0103n l\u00ean v\u00e0 xu\u1ed1ng b\u00ean trong n\u1ed3i.<\/li>    <li>H\u00e0nh \u0111\u1ed9ng l\u0103n \u0111\u1ea3m b\u1ea3o tr\u1ed9n \u0111\u1ec1u \u0111\u01b0\u1eddng v\u00e0 h\u1ea1t, d\u1eabn \u0111\u1ebfn l\u1edbp ph\u1ee7 \u0111\u1ed3ng \u0111\u1ec1u.<\/li>    <li>Thi\u1ebft b\u1ecb gia nhi\u1ec7t h\u1ed7 tr\u1ee3 qu\u00e1 tr\u00ecnh ph\u1ee7 b\u1eb1ng c\u00e1ch duy tr\u00ec \u0111i\u1ec1u ki\u1ec7n nhi\u1ec7t \u0111\u1ed9 t\u1ed1i \u01b0u.<\/li> <\/ul> <\/div><figure class=\"wp-block-media-text__media\"><img loading=\"lazy\" decoding=\"async\" width=\"720\" height=\"540\" src=\"https:\/\/topfoodmachine.com\/wp-content\/uploads\/2023\/11\/automatic-coating-machine.webp\" alt=\"m\u00e1y ph\u1ee7 t\u1ef1 \u0111\u1ed9ng\" class=\"wp-image-1043 size-full\" srcset=\"https:\/\/topfoodmachine.com\/wp-content\/uploads\/2023\/11\/automatic-coating-machine.webp 720w, https:\/\/topfoodmachine.com\/wp-content\/uploads\/2023\/11\/automatic-coating-machine-300x225.webp 300w\" sizes=\"auto, (max-width: 720px) 100vw, 720px\" \/><\/figure><\/div>    <h2 class=\"wp-block-heading\">C\u00e1ch s\u1eed d\u1ee5ng m\u00e1y ph\u1ee7 \u0111\u1eadu ph\u1ed9ng \u0111\u00fang c\u00e1ch?<\/h2>    <div class=\"wp-block-media-text is-stacked-on-mobile\"><figure class=\"wp-block-media-text__media\"><img loading=\"lazy\" decoding=\"async\" width=\"720\" height=\"540\" src=\"https:\/\/topfoodmachine.com\/wp-content\/uploads\/2023\/11\/coating-machine-in-stock.webp\" alt=\"m\u00e1y ph\u1ee7 c\u00f3 s\u1eb5n trong kho\" class=\"wp-image-1052 size-full\" srcset=\"https:\/\/topfoodmachine.com\/wp-content\/uploads\/2023\/11\/coating-machine-in-stock.webp 720w, https:\/\/topfoodmachine.com\/wp-content\/uploads\/2023\/11\/coating-machine-in-stock-300x225.webp 300w\" sizes=\"auto, (max-width: 720px) 100vw, 720px\" \/><\/figure><div class=\"wp-block-media-text__content\"> <ul class=\"wp-block-list\"> <li>B\u1eadt ngu\u1ed3n \u0111i\u1ec7n.<\/li>    <li>K\u1ebft n\u1ed1i ngu\u1ed3n kh\u00ed qua \u0111\u1ea7u n\u1ed1i \u1ed1ng kh\u00ed.<\/li>    <li>Th\u00eam ch\u1ea5t l\u1ecfng ph\u1ee7 v\u00e0o b\u00ecnh ch\u1ee9a ch\u1ea5t l\u1ecfng.<\/li>    <li>\u0110i\u1ec1u ch\u1ec9nh t\u1ed1c \u0111\u1ed9 ch\u1ea1y c\u1ee7a \u0111\u1ed9ng c\u01a1 ch\u00ednh.<\/li>    <li>B\u1eadt c\u00f4ng t\u1eafc h\u00fat kh\u00ed \u0111\u1ec3 k\u00edch ho\u1ea1t qu\u1ea1t h\u00fat kh\u00ed.<\/li>    <li>\u0110\u1eb7t nhi\u1ec7t \u0111\u1ed9 mong mu\u1ed1n tr\u00ean b\u1ed9 \u0111i\u1ec1u khi\u1ec3n nhi\u1ec7t \u0111\u1ed9; b\u1ed9 gia nhi\u1ec7t s\u1ebd t\u1ef1 \u0111\u1ed9ng \u0111i\u1ec1u ch\u1ec9nh t\u01b0\u01a1ng \u1ee9ng.<\/li>    <li>B\u1eadt c\u00f4ng t\u1eafc s\u00fang phun \u0111\u1ec3 b\u1eaft \u0111\u1ea7u phun.<\/li>    <li>Kh\u1edfi \u0111\u1ed9ng m\u00e1y v\u00e0 \u0111\u1ea3m b\u1ea3o v\u1eadt li\u1ec7u \u0111\u01b0\u1ee3c ph\u1ee7 \u0111\u1ec1u.<\/li> <\/ul> <\/div><\/div>    <h2 class=\"wp-block-heading\">\u1ee8ng d\u1ee5ng c\u1ee7a m\u00e1y ph\u1ee7 \u0111\u1eadu ph\u1ed9ng<\/h2>    <p class=\"translation-block\">M\u00e1y phun ph\u1ee7 \u0111\u1eadu ph\u1ed9ng c\u00f3 th\u1ec3 s\u1ea3n xu\u1ea5t nhi\u1ec1u lo\u1ea1i \u0111\u1eadu ph\u1ed9ng c\u00f3 h\u01b0\u01a1ng v\u1ecb kh\u00e1c nhau \u0111\u1ec3 \u0111\u00e1p \u1ee9ng nhu c\u1ea7u th\u1ecb tr\u01b0\u1eddng \u0111a d\u1ea1ng. T\u1eeb \u0111\u1eadu ph\u1ed9ng ph\u1ee7 s\u00f4 c\u00f4 la c\u1ed5 \u0111i\u1ec3n v\u1edbi l\u1edbp ngo\u00e0i m\u1ecbn \u0111\u1ebfn \u0111\u1eadu ph\u1ed9ng ph\u1ee7 \u0111\u01b0\u1eddng \u0111\u1ec1u \u0111\u1ec3 l\u1ea1i v\u1ecb ng\u1ecdt, m\u00e1y \u0111\u1ea3m b\u1ea3o k\u1ebft qu\u1ea3 \u1ed5n \u0111\u1ecbnh. N\u00f3 c\u0169ng cho ph\u00e9p s\u1ea3n xu\u1ea5t \u0111\u1eadu ph\u1ed9ng <strong>gia v\u1ecb<\/strong> cay v\u00e0 <strong>\u0111\u1eadu ph\u1ed9ng c\u00f3 gia v\u1ecb<\/strong>, mang l\u1ea1i h\u01b0\u01a1ng v\u1ecb n\u1ed3ng n\u00e0n ho\u1eb7c ph\u1ee9c t\u1ea1p th\u00f4ng qua c\u00e1c h\u1ed7n h\u1ee3p gia v\u1ecb. <\/p>    <p class=\"translation-block\">\u0110\u1ed1i v\u1edbi l\u1edbp ph\u1ee7 \u0111\u1eadm h\u01a1n, c\u00e1c t\u00f9y ch\u1ecdn nh\u01b0 <strong>ph\u1ee7 m\u1eadt ong<\/strong> ho\u1eb7c <strong>\u0111\u1eadu ph\u1ed9ng \u0111\u01b0\u1eddng k\u00ednh syrup<\/strong> mang l\u1ea1i \u0111\u1ed9 ng\u1ecdt t\u1ef1 nhi\u00ean, trong khi <strong>\u0111\u1eadu ph\u1ed9ng ph\u1ee7 gi\u00f2n<\/strong> th\u00eam k\u1ebft c\u1ea5u gi\u00f2n. Ngo\u00e0i ra, m\u00e1y c\u00f2n h\u1ed7 tr\u1ee3 <strong>\u0111\u1eadu ph\u1ed9ng tr\u00e1i c\u00e2y<\/strong>, s\u1eed d\u1ee5ng n\u01b0\u1edbc \u00e9p ho\u1eb7c syrup \u0111\u1ec3 t\u1ea1o ra c\u00e1c m\u00f3n snack c\u00f3 h\u01b0\u01a1ng v\u1ecb s\u1ed1ng \u0111\u1ed9ng.<\/p>    <figure class=\"wp-block-gallery has-nested-images columns-default is-cropped wp-block-gallery-2 is-layout-flex wp-block-gallery-is-layout-flex\"> <figure class=\"wp-block-image size-large\"><img loading=\"lazy\" decoding=\"async\" width=\"720\" height=\"540\" data-id=\"1046\" src=\"https:\/\/topfoodmachine.com\/wp-content\/uploads\/2023\/11\/peanuts-coated-chocolate.webp\" alt=\"s\u00f4 c\u00f4 la ph\u1ee7 \u0111\u1eadu ph\u1ed9ng\" class=\"wp-image-1046\" srcset=\"https:\/\/topfoodmachine.com\/wp-content\/uploads\/2023\/11\/peanuts-coated-chocolate.webp 720w, https:\/\/topfoodmachine.com\/wp-content\/uploads\/2023\/11\/peanuts-coated-chocolate-300x225.webp 300w\" sizes=\"auto, (max-width: 720px) 100vw, 720px\" \/><figcaption class=\"wp-element-caption\">s\u00f4 c\u00f4 la ph\u1ee7 \u0111\u1eadu ph\u1ed9ng<\/figcaption><\/figure>    <figure class=\"wp-block-image size-large\"><img loading=\"lazy\" decoding=\"async\" width=\"720\" height=\"540\" data-id=\"1045\" src=\"https:\/\/topfoodmachine.com\/wp-content\/uploads\/2023\/11\/coated-peanuts.webp\" alt=\"\u0111\u1eadu ph\u1ed9ng tr\u00e1ng\" class=\"wp-image-1045\" srcset=\"https:\/\/topfoodmachine.com\/wp-content\/uploads\/2023\/11\/coated-peanuts.webp 720w, https:\/\/topfoodmachine.com\/wp-content\/uploads\/2023\/11\/coated-peanuts-300x225.webp 300w\" sizes=\"auto, (max-width: 720px) 100vw, 720px\" \/><figcaption class=\"wp-element-caption\">\u0111\u1eadu ph\u1ed9ng tr\u00e1ng<\/figcaption><\/figure> <\/figure>    <h2 class=\"wp-block-heading\">C\u00e1c th\u00f4ng s\u1ed1 c\u1ee7a m\u00e1y ph\u1ee7 \u0111\u1eadu ph\u1ed9ng<\/h2>    <figure class=\"wp-block-table\"><table><tbody><tr><td>Ng\u01b0\u1eddi m\u1eabu<\/td><td>TZ-400<\/td><td>TZ-600<\/td><td>TZ-800<\/td><td>TZ-1000<\/td><\/tr><tr><td>\u0110\u01b0\u1eddng k\u00ednh<\/td><td>400mm<\/td><td>600mm<\/td><td>800mm<\/td><td>1000mm<\/td><\/tr><tr><td>T\u1ed1c \u0111\u1ed9 quay (r\/min)<\/td><td>41<\/td><td>41<\/td><td>32<\/td><td>28<\/td><\/tr><tr><td>C\u00f4ng su\u1ea5t \u0111\u1ed9ng c\u01a1 ch\u00ednh (kw)<\/td><td>0.37<\/td><td>0.55<\/td><td>1.1<\/td><td>1.5<\/td><\/tr><tr><td>C\u00f4ng su\u1ea5t qu\u1ea1t (kw)<\/td><td>0.04<\/td><td>0.04<\/td><td>0.15<\/td><td>0.15<\/td><\/tr><tr><td>C\u00f4ng su\u1ea5t gia nhi\u1ec7t \u0111i\u1ec7n (kw)<\/td><td>1<\/td><td>1<\/td><td>1.5<\/td><td>1.5<\/td><\/tr><tr><td>C\u00f4ng su\u1ea5t (kg \/ gi\u1edd)<\/td><td>30<\/td><td>50-80<\/td><td>100-200<\/td><td>200-300<\/td><\/tr><tr><td>Tr\u1ecdng l\u01b0\u1ee3ng (kg)<\/td><td>90<\/td><td>95<\/td><td>230<\/td><td>250<\/td><\/tr><tr><td>K\u00edch th\u01b0\u1edbc (mm)<\/td><td>535*630*850<\/td><td>630*630*860<\/td><td>925*900*1500<\/td><td>1180*1000*1600<\/td><\/tr><\/tbody><\/table><figcaption class=\"wp-element-caption\">Th\u00f4ng s\u1ed1 m\u00e1y ph\u1ee7 \u0111\u1eadu ph\u1ed9ng<\/figcaption><\/figure>    <h2 class=\"wp-block-heading\">T\u1ea1i sao ch\u1ecdn ch\u00fang t\u00f4i?<\/h2>    <div class=\"wp-block-media-text has-media-on-the-right is-stacked-on-mobile\"><div class=\"wp-block-media-text__content\"> <ul class=\"wp-block-list\"> <li><strong>\u0110\u1ed5i m\u1edbi v\u00e0 xu\u1ea5t s\u1eafc<\/strong>: D\u1eabn \u0111\u1ea7u trong c\u00f4ng ngh\u1ec7 v\u00e0 ph\u00e1t tri\u1ec3n h\u01b0\u01a1ng v\u1ecb \u0111\u1ec3 gi\u1eef b\u1ea1n lu\u00f4n \u0111i tr\u01b0\u1edbc.<\/li>    <li><strong>Thi\u1ebft b\u1ecb \u0111\u00e1ng tin c\u1eady<\/strong>: M\u00e1y hi\u1ec7u su\u1ea5t cao \u0111\u1ea3m b\u1ea3o ch\u1ea5t l\u01b0\u1ee3ng \u0111\u1ed3ng nh\u1ea5t.<\/li>    <li><strong>H\u1ed7 tr\u1ee3 to\u00e0n di\u1ec7n<\/strong>: D\u1ecbch v\u1ee5 h\u1eadu m\u00e3i t\u1eadn t\u00e2m \u0111\u1ec3 h\u1ed7 tr\u1ee3 li\u00ean t\u1ee5c.<\/li>    <li><strong>Cam k\u1ebft v\u1ec1 ch\u1ea5t l\u01b0\u1ee3ng<\/strong>: \u0110\u01b0\u1ee3c thi\u1ebft k\u1ebf \u0111\u1ec3 \u0111\u00e1p \u1ee9ng c\u00e1c ti\u00eau chu\u1ea9n cao v\u00e0 t\u0103ng c\u01b0\u1eddng s\u1ee9c h\u1ea5p d\u1eabn c\u1ee7a s\u1ea3n ph\u1ea9m.<\/li>    <li><strong>\u0110\u1ed1i t\u00e1c b\u1ec1n v\u1eefng<\/strong>T\u1eadp trung v\u00e0o th\u00e0nh c\u00f4ng l\u00e2u d\u00e0i v\u1edbi t\u1eebng kh\u00e1ch h\u00e0ng.<\/li> <\/ul> <\/div><figure class=\"wp-block-media-text__media\"><img loading=\"lazy\" decoding=\"async\" width=\"720\" height=\"540\" src=\"https:\/\/topfoodmachine.com\/wp-content\/uploads\/2023\/11\/coating-machine-for-sale.webp\" alt=\"m\u00e1y s\u01a1n \u0111\u1ec3 b\u00e1n\" class=\"wp-image-1047 size-full\" srcset=\"https:\/\/topfoodmachine.com\/wp-content\/uploads\/2023\/11\/coating-machine-for-sale.webp 720w, https:\/\/topfoodmachine.com\/wp-content\/uploads\/2023\/11\/coating-machine-for-sale-300x225.webp 300w\" sizes=\"auto, (max-width: 720px) 100vw, 720px\" \/><\/figure><\/div>    <h2 class=\"wp-block-heading\">Ph\u1ea7n k\u1ebft lu\u1eadn<\/h2>    <p class=\"translation-block\">T\u00f3m l\u1ea1i, m\u00e1y <a href=\"https:\/\/en.wikipedia.org\/wiki\/Peanut\" data-type=\"link\" data-id=\"https:\/\/en.wikipedia.org\/wiki\/Peanut\" target=\"_blank\" rel=\"noopener\">M\u00e1y ph\u1ee7 \u0111\u1eadu ph\u1ed9ng<\/a> c\u1ee7a ch\u00fang t\u00f4i cung c\u1ea5p hi\u1ec7u su\u1ea5t xu\u1ea5t s\u1eafc, \u0111\u1ea3m b\u1ea3o l\u1edbp ph\u1ee7 \u0111\u1ed3ng \u0111\u1ec1u v\u00e0 k\u1ebft qu\u1ea3 ch\u1ea5t l\u01b0\u1ee3ng cao cho nhi\u1ec1u lo\u1ea1i s\u1ea3n ph\u1ea9m \u0111\u1eadu ph\u1ed9ng. D\u00f9 b\u1ea1n \u0111ang s\u1ea3n xu\u1ea5t \u0111\u1eadu ph\u1ed9ng ph\u1ee7 s\u00f4 c\u00f4 la, cay hay gi\u00f2n, m\u00e1y c\u1ee7a ch\u00fang t\u00f4i cung c\u1ea5p gi\u1ea3i ph\u00e1p \u0111\u00e1ng tin c\u1eady v\u00e0 hi\u1ec7u qu\u1ea3 \u0111\u1ec3 \u0111\u00e1p \u1ee9ng nhu c\u1ea7u s\u1ea3n xu\u1ea5t c\u1ee7a b\u1ea1n. <\/p>    <p class=\"translation-block\">Ngo\u00e0i ra, ch\u00fang t\u00f4i cung c\u1ea5p m\u1ed9t lo\u1ea1t c\u00e1c m\u00e1y ch\u1ebf bi\u1ebfn \u0111\u1eadu ph\u1ed9ng kh\u00e1c, bao g\u1ed3m <a href=\"https:\/\/topfoodmachine.com\/vi\/product\/peanut-peeling-machine\/\" data-type=\"link\" data-id=\"https:\/\/topfoodmachine.com\/product\/peanut-peeling-machine\/\">M\u00e1y b\u00f3c v\u1ecf \u0111\u1eadu ph\u1ed9ng<\/a> v\u00e0 <a href=\"https:\/\/topfoodmachine.com\/vi\/product\/peanut-roasting-machine\/\" data-type=\"link\" data-id=\"https:\/\/topfoodmachine.com\/product\/peanut-roasting-machine\/\">M\u00e1y rang \u0111\u1eadu ph\u1ed9ng<\/a>, \u0111\u1ec3 h\u1ed7 tr\u1ee3 m\u1ecdi b\u01b0\u1edbc trong quy tr\u00ecnh s\u1ea3n xu\u1ea5t c\u1ee7a b\u1ea1n. H\u00e3y li\u00ean h\u1ec7 v\u1edbi ch\u00fang t\u00f4i \u0111\u1ec3 bi\u1ebft th\u00eam th\u00f4ng tin ho\u1eb7c h\u1ecfi v\u1ec1 gi\u00e1 c\u1ea3. Ch\u00fang t\u00f4i mong mu\u1ed1n tr\u1edf th\u00e0nh \u0111\u1ed1i t\u00e1c \u0111\u00e1ng tin c\u1eady c\u1ee7a b\u1ea1n trong ng\u00e0nh ch\u1ebf bi\u1ebfn \u0111\u1eadu ph\u1ed9ng.<\/p>    <figure class=\"wp-block-gallery has-nested-images columns-default is-cropped wp-block-gallery-3 is-layout-flex wp-block-gallery-is-layout-flex\"> <figure class=\"wp-block-image size-large\"><img loading=\"lazy\" decoding=\"async\" width=\"720\" height=\"540\" data-id=\"1027\" src=\"https:\/\/topfoodmachine.com\/wp-content\/uploads\/2023\/11\/peanut-wet-peeling-machine.webp\" alt=\"m\u00e1y b\u00f3c v\u1ecf \u01b0\u1edbt \u0111\u1eadu ph\u1ed9ng\" class=\"wp-image-1027\" srcset=\"https:\/\/topfoodmachine.com\/wp-content\/uploads\/2023\/11\/peanut-wet-peeling-machine.webp 720w, https:\/\/topfoodmachine.com\/wp-content\/uploads\/2023\/11\/peanut-wet-peeling-machine-300x225.webp 300w\" sizes=\"auto, (max-width: 720px) 100vw, 720px\" \/><figcaption class=\"wp-element-caption\">m\u00e1y b\u00f3c v\u1ecf \u01b0\u1edbt \u0111\u1eadu ph\u1ed9ng<\/figcaption><\/figure>    <figure class=\"wp-block-image size-large\"><img loading=\"lazy\" decoding=\"async\" width=\"720\" height=\"540\" data-id=\"916\" src=\"https:\/\/topfoodmachine.com\/wp-content\/uploads\/2023\/11\/Peanut-roasting-machine.webp\" alt=\"M\u00e1y rang \u0111\u1eadu ph\u1ed9ng\" class=\"wp-image-916\" srcset=\"https:\/\/topfoodmachine.com\/wp-content\/uploads\/2023\/11\/Peanut-roasting-machine.webp 720w, https:\/\/topfoodmachine.com\/wp-content\/uploads\/2023\/11\/Peanut-roasting-machine-300x225.webp 300w\" sizes=\"auto, (max-width: 720px) 100vw, 720px\" \/><figcaption class=\"wp-element-caption\">M\u00e1y rang \u0111\u1eadu ph\u1ed9ng<\/figcaption><\/figure> <\/figure>","protected":false},"excerpt":{"rendered":"<p>M\u00e1y ph\u1ee7 \u0111\u1eadu ph\u1ed9ng c\u00f3 th\u1ec3 ph\u1ee7 v\u00e0 \u0111\u00e1nh b\u00f3ng nhi\u1ec1u lo\u1ea1i s\u1ea3n ph\u1ea9m, bao g\u1ed3m \u0111\u1eadu ph\u1ed9ng, h\u1ea1t \u0111i\u1ec1u, \u0111\u1eadu, vi\u00ean n\u00e9n, k\u1eb9o v\u00e0 nhi\u1ec1u h\u01a1n n\u1eefa.<\/p>","protected":false},"author":1,"featured_media":1042,"parent":0,"template":"","tags":[68,67,98],"product-type":[5],"class_list":["post-1041","product","type-product","status-publish","has-post-thumbnail","hentry","tag-groundnut","tag-peanut","tag-peanut-coating-machine","product-type-nuts-processing-machine"],"_links":{"self":[{"href":"https:\/\/topfoodmachine.com\/vi\/wp-json\/wp\/v2\/product\/1041","targetHints":{"allow":["GET"]}}],"collection":[{"href":"https:\/\/topfoodmachine.com\/vi\/wp-json\/wp\/v2\/product"}],"about":[{"href":"https:\/\/topfoodmachine.com\/vi\/wp-json\/wp\/v2\/types\/product"}],"author":[{"embeddable":true,"href":"https:\/\/topfoodmachine.com\/vi\/wp-json\/wp\/v2\/users\/1"}],"wp:featuredmedia":[{"embeddable":true,"href":"https:\/\/topfoodmachine.com\/vi\/wp-json\/wp\/v2\/media\/1042"}],"wp:attachment":[{"href":"https:\/\/topfoodmachine.com\/vi\/wp-json\/wp\/v2\/media?parent=1041"}],"wp:term":[{"taxonomy":"post_tag","embeddable":true,"href":"https:\/\/topfoodmachine.com\/vi\/wp-json\/wp\/v2\/tags?post=1041"},{"taxonomy":"product-type","embeddable":true,"href":"https:\/\/topfoodmachine.com\/vi\/wp-json\/wp\/v2\/product-type?post=1041"}],"curies":[{"name":"wp","href":"https:\/\/api.w.org\/{rel}","templated":true}]}}