{"id":1026,"date":"2023-11-27T10:25:37","date_gmt":"2023-11-27T02:25:37","guid":{"rendered":"https:\/\/topfoodmachine.com\/?post_type=product&#038;p=1026"},"modified":"2024-09-20T16:58:09","modified_gmt":"2024-09-20T08:58:09","slug":"peanut-peeling-machine","status":"publish","type":"product","link":"https:\/\/topfoodmachine.com\/vi\/product\/peanut-peeling-machine\/","title":{"rendered":"M\u00e1y b\u00f3c v\u1ecf \u0111\u1eadu ph\u1ed9ng"},"content":{"rendered":"<div class=\"kk-star-ratings kksr-auto kksr-align-left kksr-valign-top\"     data-payload='{&quot;align&quot;:&quot;left&quot;,&quot;id&quot;:&quot;1026&quot;,&quot;slug&quot;:&quot;default&quot;,&quot;valign&quot;:&quot;top&quot;,&quot;ignore&quot;:&quot;&quot;,&quot;reference&quot;:&quot;auto&quot;,&quot;class&quot;:&quot;&quot;,&quot;count&quot;:&quot;17&quot;,&quot;legendonly&quot;:&quot;&quot;,&quot;readonly&quot;:&quot;&quot;,&quot;score&quot;:&quot;4.5&quot;,&quot;starsonly&quot;:&quot;&quot;,&quot;best&quot;:&quot;5&quot;,&quot;gap&quot;:&quot;5&quot;,&quot;greet&quot;:&quot;Rate this product&quot;,&quot;legend&quot;:&quot;4.5\\\/5 - (17 b\u00ecnh ch\u1ecdn)&quot;,&quot;size&quot;:&quot;24&quot;,&quot;title&quot;:&quot;Peanut peeling machine&quot;,&quot;width&quot;:&quot;128&quot;,&quot;_legend&quot;:&quot;{score}\\\/{best} - ({count} {votes})&quot;,&quot;font_factor&quot;:&quot;1.25&quot;}'>              <div class=\"kksr-stars\">      <div class=\"kksr-stars-inactive\">             <div class=\"kksr-star\" data-star=\"1\" style=\"padding-right: 5px\">               <div class=\"kksr-icon\" style=\"width: 24px; height: 24px;\"><\/div>         <\/div>             <div class=\"kksr-star\" data-star=\"2\" style=\"padding-right: 5px\">               <div class=\"kksr-icon\" style=\"width: 24px; height: 24px;\"><\/div>         <\/div>             <div class=\"kksr-star\" data-star=\"3\" style=\"padding-right: 5px\">               <div class=\"kksr-icon\" style=\"width: 24px; height: 24px;\"><\/div>         <\/div>             <div class=\"kksr-star\" data-star=\"4\" style=\"padding-right: 5px\">               <div class=\"kksr-icon\" style=\"width: 24px; height: 24px;\"><\/div>         <\/div>             <div class=\"kksr-star\" data-star=\"5\" style=\"padding-right: 5px\">               <div class=\"kksr-icon\" style=\"width: 24px; height: 24px;\"><\/div>         <\/div>     <\/div>      <div class=\"kksr-stars-active\" style=\"width: 128px;\">             <div class=\"kksr-star\" style=\"padding-right: 5px\">               <div class=\"kksr-icon\" style=\"width: 24px; height: 24px;\"><\/div>         <\/div>             <div class=\"kksr-star\" style=\"padding-right: 5px\">               <div class=\"kksr-icon\" style=\"width: 24px; height: 24px;\"><\/div>         <\/div>             <div class=\"kksr-star\" style=\"padding-right: 5px\">               <div class=\"kksr-icon\" style=\"width: 24px; height: 24px;\"><\/div>         <\/div>             <div class=\"kksr-star\" style=\"padding-right: 5px\">               <div class=\"kksr-icon\" style=\"width: 24px; height: 24px;\"><\/div>         <\/div>             <div class=\"kksr-star\" style=\"padding-right: 5px\">               <div class=\"kksr-icon\" style=\"width: 24px; height: 24px;\"><\/div>         <\/div>     <\/div> <\/div>                   <div class=\"kksr-legend\" style=\"font-size: 19.2px;\">             4.5\/5 - (17 l\u01b0\u1ee3t \u0111\u00e1nh gi\u00e1)    <\/div>     <\/div>  <p>M\u00e1y b\u00f3c v\u1ecf \u0111\u1eadu ph\u1ed9ng t\u1ea1i Taizy c\u00f3 s\u1eb5n hai lo\u1ea1i: b\u00f3c kh\u00f4 v\u00e0 b\u00f3c \u01b0\u1edbt, \u0111\u01b0\u1ee3c thi\u1ebft k\u1ebf \u0111\u1ec3 \u0111\u00e1p \u1ee9ng c\u00e1c nhu c\u1ea7u ch\u1ebf bi\u1ebfn kh\u00e1c nhau. M\u00e1y b\u00f3c v\u1ecf \u01b0\u1edbt s\u1eed d\u1ee5ng con l\u0103n m\u1ec1m cao su nguy\u00ean ch\u1ea5t ch\u1ea5t l\u01b0\u1ee3ng cao, hi\u1ec7u qu\u1ea3 lo\u1ea1i b\u1ecf v\u1ecf \u0111\u1ecf c\u1ee7a \u0111\u1eadu ph\u1ed9ng v\u00e0 ph\u00f9 h\u1ee3p v\u1edbi nhi\u1ec1u lo\u1ea1i nguy\u00ean li\u1ec7u, ch\u1eb3ng h\u1ea1n nh\u01b0 \u0111\u1eadu ph\u1ed9ng v\u00e0 \u0111\u1eadu broad.<\/p>    <p>M\u00e1y b\u00f3c v\u1ecf kh\u00f4 l\u00fd t\u01b0\u1edfng \u0111\u1ec3 lo\u1ea1i b\u1ecf l\u1edbp v\u1ecf \u0111\u1ecf t\u1eeb \u0111\u1eadu ph\u1ed9ng, \u0111\u1ea1t t\u1ef7 l\u1ec7 b\u00f3c v\u1ecf tr\u00ean 97%. N\u00f3 cung c\u1ea5p th\u1eddi gian ch\u1ebf bi\u1ebfn ng\u1eafn v\u00e0 hi\u1ec7u su\u1ea5t l\u00e0m vi\u1ec7c cao, tr\u1edf th\u00e0nh m\u1ed9t m\u00e1y kh\u00f4ng th\u1ec3 thi\u1ebfu trong ch\u1ebf bi\u1ebfn s\u00e2u \u0111\u1eadu ph\u1ed9ng.<\/p>    <figure class=\"wp-block-embed is-type-video is-provider-youtube wp-block-embed-youtube wp-embed-aspect-16-9 wp-has-aspect-ratio\"><div class=\"wp-block-embed__wrapper\"> <iframe loading=\"lazy\" title=\"S\u1ef1 ho\u00e0n h\u1ea3o c\u1ee7a \u0111\u1eadu ph\u1ed9ng: \u0110\u1ea1t \u0111\u01b0\u1ee3c k\u1ebft qu\u1ea3 nh\u1ea5t qu\u00e1n v\u1edbi m\u00e1y b\u00f3c v\u1ecf ti\u00ean ti\u1ebfn c\u1ee7a ch\u00fang t\u00f4i #\u0111\u1eaduph\u1ed9ng\" width=\"500\" height=\"281\" src=\"https:\/\/www.youtube.com\/embed\/SPfiZD0FZFY?start=11&#038;feature=oembed\" frameborder=\"0\" allow=\"accelerometer; autoplay; clipboard-write; encrypted-media; gyroscope; picture-in-picture; web-share\" referrerpolicy=\"strict-origin-when-cross-origin\" allowfullscreen><\/iframe> <\/div><figcaption class=\"wp-element-caption\">video l\u00e0m vi\u1ec7c m\u00e1y b\u00f3c v\u1ecf \u0111\u1eadu ph\u1ed9ng<\/figcaption><\/figure>    <h2 class=\"wp-block-heading\">M\u00e1y b\u00f3c v\u1ecf \u0111\u1eadu ph\u1ed9ng kh\u00f4<\/h2>    <p>M\u00e1y b\u00f3c v\u1ecf \u0111\u1eadu ph\u1ed9ng kh\u00f4 l\u00e0 m\u1ed9t thi\u1ebft b\u1ecb hi\u1ec7u qu\u1ea3 cao \u0111\u01b0\u1ee3c thi\u1ebft k\u1ebf \u0111\u1ec3 lo\u1ea1i b\u1ecf v\u1ecf \u0111\u1ecf t\u1eeb \u0111\u1eadu ph\u1ed9ng. C\u1ea5u tr\u00fac c\u1ee7a n\u00f3 bao g\u1ed3m m\u1ed9t s\u1ed1 th\u00e0nh ph\u1ea7n ch\u00ednh, ch\u1eb3ng h\u1ea1n nh\u01b0 thi\u1ebft b\u1ecb ngu\u1ed3n (\u0111\u1ed9ng c\u01a1, r\u00f2ng r\u1ecdc, d\u00e2y \u0111ai v\u00e0 \u1ed5 bi), khung ch\u1eafc ch\u1eafn, ph\u1ec5u cho \u0103n, con l\u0103n b\u00f3c v\u1ecf (b\u1eb1ng th\u00e9p ho\u1eb7c kim c\u01b0\u01a1ng) v\u00e0 h\u1ec7 th\u1ed1ng qu\u1ea1t.<\/p>    <figure class=\"wp-block-gallery has-nested-images columns-default is-cropped wp-block-gallery-2 is-layout-flex wp-block-gallery-is-layout-flex\"> <figure class=\"wp-block-image size-large\"><img loading=\"lazy\" decoding=\"async\" width=\"720\" height=\"540\" data-id=\"1633\" src=\"https:\/\/topfoodmachine.com\/wp-content\/uploads\/2023\/11\/groundnut.webp\" alt=\"\u0111\u1eadu ph\u1ed9ng\" class=\"wp-image-1633\" srcset=\"https:\/\/topfoodmachine.com\/wp-content\/uploads\/2023\/11\/groundnut.webp 720w, https:\/\/topfoodmachine.com\/wp-content\/uploads\/2023\/11\/groundnut-300x225.webp 300w, https:\/\/topfoodmachine.com\/wp-content\/uploads\/2023\/11\/groundnut-16x12.webp 16w\" sizes=\"auto, (max-width: 720px) 100vw, 720px\" \/><figcaption class=\"wp-element-caption\">\u0111\u1eadu ph\u1ed9ng<\/figcaption><\/figure>    <figure class=\"wp-block-image size-large\"><img loading=\"lazy\" decoding=\"async\" width=\"720\" height=\"540\" data-id=\"1634\" src=\"https:\/\/topfoodmachine.com\/wp-content\/uploads\/2023\/11\/peanuts-1.webp\" alt=\"\u0111\u1eadu ph\u1ed9ng\" class=\"wp-image-1634\" srcset=\"https:\/\/topfoodmachine.com\/wp-content\/uploads\/2023\/11\/peanuts-1.webp 720w, https:\/\/topfoodmachine.com\/wp-content\/uploads\/2023\/11\/peanuts-1-300x225.webp 300w, https:\/\/topfoodmachine.com\/wp-content\/uploads\/2023\/11\/peanuts-1-16x12.webp 16w\" sizes=\"auto, (max-width: 720px) 100vw, 720px\" \/><figcaption class=\"wp-element-caption\">\u0111\u1eadu ph\u1ed9ng<\/figcaption><\/figure> <\/figure>    <h3 class=\"wp-block-heading\">Nguy\u00ean l\u00fd ho\u1ea1t \u0111\u1ed9ng<\/h3>    <p>M\u00e1y ho\u1ea1t \u0111\u1ed9ng d\u1ef1a tr\u00ean nguy\u00ean l\u00fd truy\u1ec1n \u0111\u1ed9ng ma s\u00e1t l\u0103n kh\u00e1c bi\u1ec7t. N\u00f3 \u0111\u01b0\u1ee3c t\u1ed1i \u01b0u h\u00f3a \u0111\u1ec3 s\u1eed d\u1ee5ng v\u1edbi \u0111\u1eadu ph\u1ed9ng c\u00f3 \u0111\u1ed9 \u1ea9m d\u01b0\u1edbi 5%, \u0111\u1ea3m b\u1ea3o r\u1eb1ng c\u00e1c h\u1ea1t kh\u00f4ng b\u1ecb nh\u00e3o trong qu\u00e1 tr\u00ecnh ch\u1ebf bi\u1ebfn.<\/p>    <h3 class=\"wp-block-heading\">C\u00e1c b\u01b0\u1edbc v\u1eadn h\u00e0nh<\/h3>    <div class=\"wp-block-media-text has-media-on-the-right is-stacked-on-mobile\"><div class=\"wp-block-media-text__content\"> <ul class=\"wp-block-list\"> <li><strong>Cho \u0103n<\/strong>. L\u1ea1c \u0111\u01b0\u1ee3c n\u1ea1p v\u00e0o m\u00e1y qua ph\u1ec5u n\u1ea1p.<\/li>    <li><strong>B\u00f3c<\/strong>. Khi nh\u1eefng h\u1ea1t \u0111\u1eadu ph\u1ed9ng di chuy\u1ec3n qua, ch\u00fang \u0111\u01b0\u1ee3c ch\u00e0 x\u00e1t v\u00e0o con l\u0103n b\u00f3c v\u1ecf, hi\u1ec7u qu\u1ea3 t\u00e1ch v\u1ecf ra kh\u1ecfi nh\u00e2n.<\/li>    <li><strong>T\u00e1ch bi\u1ec7t.<\/strong> M\u1ed9t h\u1ec7 th\u1ed1ng qu\u1ea1t lo\u1ea1i b\u1ecf v\u1ecf \u0111\u1eadu ph\u1ed9ng \u0111\u00e3 t\u00e1ch r\u1eddi, trong khi m\u1ed9t m\u00e0n h\u00ecnh rung ph\u00e2n lo\u1ea1i \u0111\u1ea7u ra th\u00e0nh c\u00e1c nh\u00e2n \u0111\u1eadu ph\u1ed9ng nguy\u00ean h\u1ea1t, n\u1eeda h\u1ea1t v\u00e0 c\u00e1c m\u1ea3nh v\u1ee1.<\/li> <\/ul> <\/div><figure class=\"wp-block-media-text__media\"><img loading=\"lazy\" decoding=\"async\" width=\"720\" height=\"540\" src=\"https:\/\/topfoodmachine.com\/wp-content\/uploads\/2023\/11\/peanut-peeling-machine-in-stock.webp\" alt=\"m\u00e1y b\u00f3c v\u1ecf \u0111\u1eadu ph\u1ed9ng trong kho\" class=\"wp-image-1028 size-full\" srcset=\"https:\/\/topfoodmachine.com\/wp-content\/uploads\/2023\/11\/peanut-peeling-machine-in-stock.webp 720w, https:\/\/topfoodmachine.com\/wp-content\/uploads\/2023\/11\/peanut-peeling-machine-in-stock-300x225.webp 300w\" sizes=\"auto, (max-width: 720px) 100vw, 720px\" \/><\/figure><\/div>    <h3 class=\"wp-block-heading\">Kh\u00f4 <a href=\"https:\/\/en.wikipedia.org\/wiki\/Groundnut\" data-type=\"link\" data-id=\"https:\/\/en.wikipedia.org\/wiki\/Groundnut\" target=\"_blank\" rel=\"noopener\">\u0111\u1eadu ph\u1ed9ng<\/a> th\u00f4ng s\u1ed1 k\u1ef9 thu\u1eadt m\u00e1y lo\u1ea1i b\u1ecf v\u1ecf<\/h3>    <figure class=\"wp-block-table\"><table><tbody><tr><td>Ng\u01b0\u1eddi m\u1eabu<\/td><td>Quy\u1ec1n l\u1ef1c<\/td><td>K\u00edch c\u1ee1<\/td><td>Dung t\u00edch<\/td><td>T\u1ef7 l\u1ec7 bong tr\u00f3c<\/td><\/tr><tr><td>TZ-GT-4<\/td><td>0,75KW<\/td><td>1100x400x1100mm<\/td><td>200kg\/gi\u1edd<\/td><td>98%<\/td><\/tr><tr><td>TZ-GT-8<\/td><td>1,5KW<\/td><td>1100x600x1100mm<\/td><td>400kg\/gi\u1edd<\/td><td>96%<\/td><\/tr><tr><td>TZ-GT-12<\/td><td>2,61KW<\/td><td>1180x900x1100mm<\/td><td>600kg\/gi\u1edd<\/td><td>96%<\/td><\/tr><\/tbody><\/table><figcaption class=\"wp-element-caption\">th\u00f4ng s\u1ed1 k\u1ef9 thu\u1eadt m\u00e1y b\u00f3c v\u1ecf \u0111\u1eadu ph\u1ed9ng<\/figcaption><\/figure>    <figure class=\"wp-block-gallery has-nested-images columns-default is-cropped wp-block-gallery-3 is-layout-flex wp-block-gallery-is-layout-flex\"> <figure class=\"wp-block-image size-large\"><img loading=\"lazy\" decoding=\"async\" width=\"720\" height=\"540\" data-id=\"1030\" src=\"https:\/\/topfoodmachine.com\/wp-content\/uploads\/2023\/11\/dry-peanut-peeler.webp\" alt=\"m\u00e1y b\u00f3c v\u1ecf \u0111\u1eadu ph\u1ed9ng kh\u00f4\" class=\"wp-image-1030\" srcset=\"https:\/\/topfoodmachine.com\/wp-content\/uploads\/2023\/11\/dry-peanut-peeler.webp 720w, https:\/\/topfoodmachine.com\/wp-content\/uploads\/2023\/11\/dry-peanut-peeler-300x225.webp 300w\" sizes=\"auto, (max-width: 720px) 100vw, 720px\" \/><figcaption class=\"wp-element-caption\">m\u00e1y b\u00f3c v\u1ecf \u0111\u1eadu ph\u1ed9ng kh\u00f4<\/figcaption><\/figure>    <figure class=\"wp-block-image size-large\"><img loading=\"lazy\" decoding=\"async\" width=\"720\" height=\"540\" data-id=\"1029\" src=\"https:\/\/topfoodmachine.com\/wp-content\/uploads\/2023\/11\/details-of-peanut-peeler.webp\" alt=\"chi ti\u1ebft c\u1ee7a m\u00e1y b\u00f3c v\u1ecf \u0111\u1eadu ph\u1ed9ng\" class=\"wp-image-1029\" srcset=\"https:\/\/topfoodmachine.com\/wp-content\/uploads\/2023\/11\/details-of-peanut-peeler.webp 720w, https:\/\/topfoodmachine.com\/wp-content\/uploads\/2023\/11\/details-of-peanut-peeler-300x225.webp 300w\" sizes=\"auto, (max-width: 720px) 100vw, 720px\" \/><figcaption class=\"wp-element-caption\">chi ti\u1ebft c\u1ee7a m\u00e1y b\u00f3c v\u1ecf \u0111\u1eadu ph\u1ed9ng<\/figcaption><\/figure> <\/figure>    <h2 class=\"wp-block-heading\">M\u00e1y b\u00f3c v\u1ecf \u0111\u1eadu ph\u1ed9ng \u01b0\u1edbt<\/h2>    <p>M\u00e1y b\u00f3c v\u1ecf \u0111\u1eadu ph\u1ed9ng \u01b0\u1edbt \u0111\u01b0\u1ee3c thi\u1ebft k\u1ebf \u0111\u1eb7c bi\u1ec7t \u0111\u1ec3 lo\u1ea1i b\u1ecf hi\u1ec7u qu\u1ea3 v\u1ecf \u0111\u1eadu ph\u1ed9ng v\u00e0 h\u1ea1nh nh\u00e2n, s\u1eed d\u1ee5ng m\u1ed9t quy tr\u00ecnh b\u00f3c v\u1ecf chuy\u00ean bi\u1ec7t \u0111\u1ea3m b\u1ea3o ch\u1ea5t l\u01b0\u1ee3ng cao v\u00e0 thi\u1ec7t h\u1ea1i t\u1ed1i thi\u1ec3u. <\/p>    <p>Thi\u1ebft b\u1ecb n\u00e0y ho\u1ea1t \u0111\u1ed9ng d\u1ef1a tr\u00ean nguy\u00ean l\u00fd truy\u1ec1n \u0111\u1ed9ng ma s\u00e1t l\u0103n kh\u00e1c bi\u1ec7t, cung c\u1ea5p m\u1ed9t gi\u1ea3i ph\u00e1p \u0111\u00e1ng tin c\u1eady cho ch\u1ebf bi\u1ebfn h\u1ea1t.<\/p>    <figure class=\"wp-block-gallery has-nested-images columns-default is-cropped wp-block-gallery-4 is-layout-flex wp-block-gallery-is-layout-flex\"> <figure class=\"wp-block-image size-large\"><img loading=\"lazy\" decoding=\"async\" width=\"720\" height=\"540\" data-id=\"1031\" src=\"https:\/\/topfoodmachine.com\/wp-content\/uploads\/2023\/11\/wet-peanut-peeler-machine.webp\" alt=\"m\u00e1y b\u00f3c v\u1ecf \u0111\u1eadu ph\u1ed9ng \u01b0\u1edbt\" class=\"wp-image-1031\" srcset=\"https:\/\/topfoodmachine.com\/wp-content\/uploads\/2023\/11\/wet-peanut-peeler-machine.webp 720w, https:\/\/topfoodmachine.com\/wp-content\/uploads\/2023\/11\/wet-peanut-peeler-machine-300x225.webp 300w\" sizes=\"auto, (max-width: 720px) 100vw, 720px\" \/><figcaption class=\"wp-element-caption\">m\u00e1y b\u00f3c v\u1ecf \u0111\u1eadu ph\u1ed9ng \u01b0\u1edbt<\/figcaption><\/figure>    <figure class=\"wp-block-image size-large\"><img loading=\"lazy\" decoding=\"async\" width=\"720\" height=\"540\" data-id=\"1032\" src=\"https:\/\/topfoodmachine.com\/wp-content\/uploads\/2023\/11\/wet-peanut-peeling-machine.webp\" alt=\"m\u00e1y b\u00f3c v\u1ecf \u0111\u1eadu ph\u1ed9ng \u01b0\u1edbt\" class=\"wp-image-1032\" srcset=\"https:\/\/topfoodmachine.com\/wp-content\/uploads\/2023\/11\/wet-peanut-peeling-machine.webp 720w, https:\/\/topfoodmachine.com\/wp-content\/uploads\/2023\/11\/wet-peanut-peeling-machine-300x225.webp 300w\" sizes=\"auto, (max-width: 720px) 100vw, 720px\" \/><figcaption class=\"wp-element-caption\">m\u00e1y b\u00f3c v\u1ecf \u0111\u1eadu ph\u1ed9ng \u01b0\u1edbt<\/figcaption><\/figure> <\/figure>    <h3 class=\"wp-block-heading\">Nguy\u00ean l\u00fd ho\u1ea1t \u0111\u1ed9ng<\/h3>    <ol class=\"wp-block-list\"> <li><strong>Ng\u00e2m<\/strong>. Tr\u01b0\u1edbc khi b\u00f3c v\u1ecf, nguy\u00ean li\u1ec7u th\u00f4 ph\u1ea3i \u0111\u01b0\u1ee3c ng\u00e2m trong n\u01b0\u1edbc n\u00f3ng. Th\u1eddi gian v\u00e0 nhi\u1ec7t \u0111\u1ed9 ng\u00e2m c\u1ea7n thi\u1ebft thay \u0111\u1ed5i t\u00f9y thu\u1ed9c v\u00e0o lo\u1ea1i h\u1ea1t.<\/li>    <li><strong>Cho \u0103n<\/strong>. Sau khi ng\u00e2m, h\u1ea1nh nh\u00e2n ho\u1eb7c \u0111\u1eadu ph\u1ed9ng \u0111\u01b0\u1ee3c \u0111\u1ed5 v\u00e0o ph\u1ec5u, n\u01a1i ch\u00fang \u0111\u01b0\u1ee3c rung v\u00e0o m\u1ed9t b\u00e1nh xe cao su quay, \u0111\u01b0\u1ee3c g\u1eafn v\u1edbi ba con l\u0103n ch\u1eafc ch\u1eafn.<\/li>    <li><strong>Qu\u00e1 tr\u00ecnh b\u00f3c v\u1ecf.<\/strong> H\u00e0nh \u0111\u1ed9ng b\u00f3c v\u1ecf \u0111\u01b0\u1ee3c th\u1ef1c hi\u1ec7n th\u00f4ng qua m\u1ed9t d\u1ea3i d\u1eabn, m\u1ed9t b\u00e1nh xe c\u1ea5p li\u1ec7u v\u00e0 m\u1ed9t c\u01a1 ch\u1ebf m\u00f4 ph\u1ecfng quay tay, \u0111\u1ea3m b\u1ea3o lo\u1ea1i b\u1ecf v\u1ecf hi\u1ec7u qu\u1ea3.<\/li>    <li><strong>Th\u1ea3i ra<\/strong>. B\u00e1nh xe x\u1ea3 \u0111\u1ea9y h\u1ea1nh nh\u00e2n \u0111\u00e3 b\u00f3c v\u1ecf v\u00e0o ph\u1ec5u x\u1ea3, trong khi v\u1ecf h\u1ea1nh nh\u00e2n \u0111\u01b0\u1ee3c th\u1ea3i ra qua b\u00e1nh xe da l\u1ed9n.<\/li> <\/ol>    <figure class=\"wp-block-gallery has-nested-images columns-default is-cropped wp-block-gallery-5 is-layout-flex wp-block-gallery-is-layout-flex\"> <figure class=\"wp-block-image size-large\"><img loading=\"lazy\" decoding=\"async\" width=\"720\" height=\"540\" data-id=\"1635\" src=\"https:\/\/topfoodmachine.com\/wp-content\/uploads\/2023\/11\/groundnuts-1.webp\" alt=\"l\u1ea1c\" class=\"wp-image-1635\" srcset=\"https:\/\/topfoodmachine.com\/wp-content\/uploads\/2023\/11\/groundnuts-1.webp 720w, https:\/\/topfoodmachine.com\/wp-content\/uploads\/2023\/11\/groundnuts-1-300x225.webp 300w, https:\/\/topfoodmachine.com\/wp-content\/uploads\/2023\/11\/groundnuts-1-16x12.webp 16w\" sizes=\"auto, (max-width: 720px) 100vw, 720px\" \/><figcaption class=\"wp-element-caption\">l\u1ea1c<\/figcaption><\/figure>    <figure class=\"wp-block-image size-large\"><img loading=\"lazy\" decoding=\"async\" width=\"720\" height=\"540\" data-id=\"1636\" src=\"https:\/\/topfoodmachine.com\/wp-content\/uploads\/2023\/11\/peanut-1.webp\" alt=\"\u0111\u1eadu ph\u1ee5ng\" class=\"wp-image-1636\" srcset=\"https:\/\/topfoodmachine.com\/wp-content\/uploads\/2023\/11\/peanut-1.webp 720w, https:\/\/topfoodmachine.com\/wp-content\/uploads\/2023\/11\/peanut-1-300x225.webp 300w, https:\/\/topfoodmachine.com\/wp-content\/uploads\/2023\/11\/peanut-1-16x12.webp 16w\" sizes=\"auto, (max-width: 720px) 100vw, 720px\" \/><figcaption class=\"wp-element-caption\">\u0111\u1eadu ph\u1ee5ng<\/figcaption><\/figure> <\/figure>    <h3 class=\"wp-block-heading\">Th\u00f4ng s\u1ed1 k\u1ef9 thu\u1eadt m\u00e1y b\u00f3c v\u1ecf \u0111\u1eadu ph\u1ed9ng \u01b0\u1edbt<\/h3>    <figure class=\"wp-block-table\"><table><tbody><tr><td>Ng\u01b0\u1eddi m\u1eabu<\/td><td>Quy\u1ec1n l\u1ef1c<\/td><td>K\u00edch c\u1ee1<\/td><td>Dung t\u00edch<\/td><td>T\u1ef7 l\u1ec7 bong tr\u00f3c<\/td><\/tr><tr><td>TZ-100<\/td><td>0,55KW<\/td><td>1180*720*1100mm<\/td><td>120-150kg\/gi\u1edd<\/td><td>98%<\/td><\/tr><tr><td>TZ-180<\/td><td>0,75KW<\/td><td>1180*850*1100mm<\/td><td>200-250kg\/gi\u1edd<\/td><td>96%<\/td><\/tr><\/tbody><\/table><figcaption class=\"wp-element-caption\">th\u00f4ng s\u1ed1 k\u1ef9 thu\u1eadt m\u00e1y lo\u1ea1i b\u1ecf v\u1ecf \u0111\u1eadu ph\u1ed9ng<\/figcaption><\/figure>    <h2 class=\"wp-block-heading\">T\u00ednh n\u0103ng m\u00e1y b\u00f3c v\u1ecf \u0111\u1eadu ph\u1ed9ng<\/h2>    <div class=\"wp-block-media-text is-stacked-on-mobile\"><figure class=\"wp-block-media-text__media\"><img loading=\"lazy\" decoding=\"async\" width=\"720\" height=\"540\" src=\"https:\/\/topfoodmachine.com\/wp-content\/uploads\/2023\/11\/exported-peanut-peeler.webp\" alt=\"m\u00e1y b\u00f3c v\u1ecf \u0111\u1eadu ph\u1ed9ng xu\u1ea5t kh\u1ea9u\" class=\"wp-image-1033 size-full\" srcset=\"https:\/\/topfoodmachine.com\/wp-content\/uploads\/2023\/11\/exported-peanut-peeler.webp 720w, https:\/\/topfoodmachine.com\/wp-content\/uploads\/2023\/11\/exported-peanut-peeler-300x225.webp 300w\" sizes=\"auto, (max-width: 720px) 100vw, 720px\" \/><\/figure><div class=\"wp-block-media-text__content\"> <p class=\"translation-block\"><strong>T\u1ef7 l\u1ec7 g\u00e3y th\u1ea5p.<\/strong> Qu\u00e1 tr\u00ecnh b\u00f3c v\u1ecf \u01b0\u1edbt gi\u1ea3m thi\u1ec3u thi\u1ec7t h\u1ea1i, mang l\u1ea1i h\u1ea1t ch\u1ea5t l\u01b0\u1ee3ng cao h\u01a1n.<\/p>    <p class=\"translation-block\"><strong>M\u00e0u s\u1eafc v\u00e0 \u0111\u1ed9 nguy\u00ean v\u1eb9n dinh d\u01b0\u1ee1ng.<\/strong> M\u00e0u s\u1eafc b\u1ec1 m\u1eb7t c\u1ee7a h\u1ea1t \u0111\u00e3 b\u00f3c v\u1ecf kh\u00f4ng thay \u0111\u1ed5i, v\u00e0 c\u00e1c protein thi\u1ebft y\u1ebfu \u0111\u01b0\u1ee3c b\u1ea3o t\u1ed3n.<\/p>    <p class=\"translation-block\"><strong>T\u00e1ch bi\u1ec7t t\u1ef1 \u0111\u1ed9ng<\/strong>. M\u00e1y t\u00e1ch bi\u1ec7t v\u00e0 x\u1ea3 v\u1ecf v\u00e0 h\u1ea1t t\u1ef1 \u0111\u1ed9ng trong qu\u00e1 tr\u00ecnh b\u00f3c v\u1ecf.<\/p>    <p class=\"translation-block\"><strong>Nh\u1ecf g\u1ecdn v\u00e0 hi\u1ec7u qu\u1ea3.<\/strong> K\u00edch th\u01b0\u1edbc nh\u1ecf, ti\u00eau th\u1ee5 n\u0103ng l\u01b0\u1ee3ng th\u1ea5p v\u00e0 hi\u1ec7u su\u1ea5t cao gi\u00fap d\u1ec5 d\u00e0ng v\u1eadn h\u00e0nh.<\/p>    <p class=\"translation-block\"><strong>Hi\u1ec7u su\u1ea5t \u0111\u00e1ng tin c\u1eady<\/strong>. M\u00e1y c\u00f3 ho\u1ea1t \u0111\u1ed9ng \u1ed5n \u0111\u1ecbnh, an to\u00e0n, n\u0103ng su\u1ea5t cao, hi\u1ec7u qu\u1ea3 b\u00f3c v\u1ecf tuy\u1ec7t v\u1eddi v\u00e0 t\u1ef7 l\u1ec7 n\u1eeda h\u1ea1t th\u1ea5p.<\/p> <\/div><\/div>    <h2 class=\"wp-block-heading\">\u1ee8ng d\u1ee5ng m\u00e1y b\u00f3c v\u1ecf \u0111\u1eadu ph\u1ed9ng<\/h2>    <p>M\u00e1y b\u00f3c v\u1ecf \u0111\u1eadu ph\u1ed9ng r\u1ea5t \u0111a n\u0103ng v\u00e0 c\u00f3 \u1ee9ng d\u1ee5ng trong nhi\u1ec1u ng\u00e0nh c\u00f4ng nghi\u1ec7p c\u1ea7n b\u00f3c v\u1ecf h\u1ea1t v\u00e0 \u0111\u1eadu hi\u1ec7u qu\u1ea3.<\/p>    <div class=\"wp-block-media-text has-media-on-the-right is-stacked-on-mobile\"><div class=\"wp-block-media-text__content\"> <ul class=\"wp-block-list\"> <li>S\u1ea3n xu\u1ea5t th\u1ef1c ph\u1ea9m \u0103n nh\u1eb9. L\u00fd t\u01b0\u1edfng \u0111\u1ec3 chu\u1ea9n b\u1ecb \u0111\u1eadu ph\u1ed9ng v\u00e0 h\u1ea1nh nh\u00e2n \u0111\u00e3 b\u00f3c v\u1ecf \u0111\u01b0\u1ee3c s\u1eed d\u1ee5ng trong nhi\u1ec1u m\u00f3n \u0103n nh\u1eb9 v\u00e0 th\u1ef1c ph\u1ea9m \u0111\u00f3ng g\u00f3i.<\/li>    <li>S\u1ea3n xu\u1ea5t b\u01a1 \u0111\u1eadu ph\u1ed9ng. \u0110\u1ea3m b\u1ea3o \u0111\u1eadu ph\u1ed9ng m\u1ecbn, kh\u00f4ng c\u00f3 v\u1ecf cho s\u1ea3n xu\u1ea5t b\u01a1 \u0111\u1eadu ph\u1ed9ng ch\u1ea5t l\u01b0\u1ee3ng cao.<\/li>    <li>N\u01b0\u1edbng v\u00e0 b\u00e1nh k\u1eb9o. Cung c\u1ea5p h\u1ea1t \u0111\u00e3 b\u00f3c v\u1ecf ho\u00e0n h\u1ea3o \u0111\u1ec3 s\u1eed d\u1ee5ng l\u00e0m nguy\u00ean li\u1ec7u trong c\u00e1c s\u1ea3n ph\u1ea9m n\u01b0\u1edbng v\u00e0 b\u00e1nh k\u1eb9o.<\/li>    <li>Nh\u00e0 m\u00e1y ch\u1ebf bi\u1ebfn h\u1ea1t. \u0110\u01b0\u1ee3c s\u1eed d\u1ee5ng trong c\u00e1c c\u01a1 s\u1edf quy m\u00f4 l\u1edbn \u0111\u1ec3 x\u1eed l\u00fd vi\u1ec7c b\u00f3c v\u1ecf h\u1ea1t v\u1edbi hi\u1ec7u su\u1ea5t cao.<\/li> <\/ul> <\/div><figure class=\"wp-block-media-text__media\"><img loading=\"lazy\" decoding=\"async\" width=\"720\" height=\"540\" src=\"https:\/\/topfoodmachine.com\/wp-content\/uploads\/2023\/11\/dry-peanut-peeling-machine.webp\" alt=\"m\u00e1y b\u00f3c v\u1ecf \u0111\u1eadu ph\u1ed9ng kh\u00f4\" class=\"wp-image-1036 size-full\" srcset=\"https:\/\/topfoodmachine.com\/wp-content\/uploads\/2023\/11\/dry-peanut-peeling-machine.webp 720w, https:\/\/topfoodmachine.com\/wp-content\/uploads\/2023\/11\/dry-peanut-peeling-machine-300x225.webp 300w\" sizes=\"auto, (max-width: 720px) 100vw, 720px\" \/><\/figure><\/div>    <h2 class=\"wp-block-heading\">\u0110\u1ea7u t\u01b0 v\u00e0o m\u00e1y b\u00f3c v\u1ecf \u0111\u1eadu ph\u1ed9ng c\u1ee7a ch\u00fang t\u00f4i<\/h2>    <p>T\u00f3m l\u1ea1i, m\u00e1y b\u00f3c v\u1ecf \u0111\u1eadu ph\u1ed9ng cung c\u1ea5p m\u1ed9t gi\u1ea3i ph\u00e1p linh ho\u1ea1t v\u00e0 hi\u1ec7u qu\u1ea3 cho vi\u1ec7c ch\u1ebf bi\u1ebfn h\u1ea1t v\u1edbi t\u1ef7 l\u1ec7 b\u00f3c v\u1ecf cao, \u00edt g\u00e3y v\u1ee1, v\u00e0 kh\u1ea3 n\u0103ng x\u1eed l\u00fd nhi\u1ec1u lo\u1ea1i nguy\u00ean li\u1ec7u nh\u01b0 \u0111\u1eadu ph\u1ed9ng, h\u1ea1nh nh\u00e2n v\u00e0 \u0111\u1eadu broad.  <\/p>    <p class=\"translation-block\">Ngo\u00e0i m\u00e1y b\u00f3c v\u1ecf \u0111\u1eadu ph\u1ed9ng, ch\u00fang t\u00f4i c\u0169ng cung c\u1ea5p m\u1ed9t lo\u1ea1t c\u00e1c <a href=\"https:\/\/topfoodmachine.com\/vi\/products\/nuts-processing-machine\/\" data-type=\"link\" data-id=\"https:\/\/topfoodmachine.com\/products\/nuts-processing-machine\/\">m\u00e1y ch\u1ebf bi\u1ebfn h\u1ea1t<\/a>, ch\u1eb3ng h\u1ea1n nh\u01b0 m\u00e1y rang, cung c\u1ea5p gi\u1ea3i ph\u00e1p ho\u00e0n ch\u1ec9nh \u0111\u1ec3 t\u1ed1i \u01b0u h\u00f3a d\u00e2y chuy\u1ec1n s\u1ea3n xu\u1ea5t c\u1ee7a b\u1ea1n trong khi duy tr\u00ec ch\u1ea5t l\u01b0\u1ee3ng s\u1ea3n ph\u1ea9m cao.<\/p>    <figure class=\"wp-block-image size-full\"><img loading=\"lazy\" decoding=\"async\" width=\"720\" height=\"540\" src=\"https:\/\/topfoodmachine.com\/wp-content\/uploads\/2023\/11\/Peanut-roasting-machine.webp\" alt=\"M\u00e1y rang \u0111\u1eadu ph\u1ed9ng\" class=\"wp-image-916\" srcset=\"https:\/\/topfoodmachine.com\/wp-content\/uploads\/2023\/11\/Peanut-roasting-machine.webp 720w, https:\/\/topfoodmachine.com\/wp-content\/uploads\/2023\/11\/Peanut-roasting-machine-300x225.webp 300w\" sizes=\"auto, (max-width: 720px) 100vw, 720px\" \/><figcaption class=\"wp-element-caption\">M\u00e1y rang \u0111\u1eadu ph\u1ed9ng<\/figcaption><\/figure>    <p><\/p>","protected":false},"excerpt":{"rendered":"<p>M\u00e1y b\u00f3c v\u1ecf \u0111\u1eadu ph\u1ed9ng t\u1ea1i Taizy c\u00f3 s\u1eb5n hai lo\u1ea1i: b\u00f3c kh\u00f4 v\u00e0 b\u00f3c \u01b0\u1edbt, \u0111\u01b0\u1ee3c thi\u1ebft k\u1ebf \u0111\u1ec3 \u0111\u00e1p \u1ee9ng c\u00e1c nhu c\u1ea7u ch\u1ebf bi\u1ebfn kh\u00e1c nhau.<\/p>","protected":false},"author":1,"featured_media":1027,"parent":0,"template":"","tags":[67,86,85],"product-type":[5],"class_list":["post-1026","product","type-product","status-publish","has-post-thumbnail","hentry","tag-peanut","tag-peanut-peeler","tag-peanut-peeling-machine","product-type-nuts-processing-machine"],"_links":{"self":[{"href":"https:\/\/topfoodmachine.com\/vi\/wp-json\/wp\/v2\/product\/1026","targetHints":{"allow":["GET"]}}],"collection":[{"href":"https:\/\/topfoodmachine.com\/vi\/wp-json\/wp\/v2\/product"}],"about":[{"href":"https:\/\/topfoodmachine.com\/vi\/wp-json\/wp\/v2\/types\/product"}],"author":[{"embeddable":true,"href":"https:\/\/topfoodmachine.com\/vi\/wp-json\/wp\/v2\/users\/1"}],"wp:featuredmedia":[{"embeddable":true,"href":"https:\/\/topfoodmachine.com\/vi\/wp-json\/wp\/v2\/media\/1027"}],"wp:attachment":[{"href":"https:\/\/topfoodmachine.com\/vi\/wp-json\/wp\/v2\/media?parent=1026"}],"wp:term":[{"taxonomy":"post_tag","embeddable":true,"href":"https:\/\/topfoodmachine.com\/vi\/wp-json\/wp\/v2\/tags?post=1026"},{"taxonomy":"product-type","embeddable":true,"href":"https:\/\/topfoodmachine.com\/vi\/wp-json\/wp\/v2\/product-type?post=1026"}],"curies":[{"name":"wp","href":"https:\/\/api.w.org\/{rel}","templated":true}]}}