{"id":1009,"date":"2023-11-23T11:08:12","date_gmt":"2023-11-23T03:08:12","guid":{"rendered":"https:\/\/topfoodmachine.com\/?post_type=product&#038;p=1009"},"modified":"2023-11-23T11:08:13","modified_gmt":"2023-11-23T03:08:13","slug":"almond-shelling-machine","status":"publish","type":"product","link":"https:\/\/topfoodmachine.com\/vi\/product\/almond-shelling-machine\/","title":{"rendered":"M\u00e1y b\u00f3c v\u1ecf h\u1ea1nh nh\u00e2n"},"content":{"rendered":"<div class=\"kk-star-ratings kksr-auto kksr-align-left kksr-valign-top\"     data-payload='{&quot;align&quot;:&quot;left&quot;,&quot;id&quot;:&quot;1009&quot;,&quot;slug&quot;:&quot;default&quot;,&quot;valign&quot;:&quot;top&quot;,&quot;ignore&quot;:&quot;&quot;,&quot;reference&quot;:&quot;auto&quot;,&quot;class&quot;:&quot;&quot;,&quot;count&quot;:&quot;17&quot;,&quot;legendonly&quot;:&quot;&quot;,&quot;readonly&quot;:&quot;&quot;,&quot;score&quot;:&quot;4.7&quot;,&quot;starsonly&quot;:&quot;&quot;,&quot;best&quot;:&quot;5&quot;,&quot;gap&quot;:&quot;5&quot;,&quot;greet&quot;:&quot;Rate this product&quot;,&quot;legend&quot;:&quot;4.7\\\/5 - (17 b\u00ecnh ch\u1ecdn)&quot;,&quot;size&quot;:&quot;24&quot;,&quot;title&quot;:&quot;Almond shelling machine&quot;,&quot;width&quot;:&quot;133.8&quot;,&quot;_legend&quot;:&quot;{score}\\\/{best} - ({count} {votes})&quot;,&quot;font_factor&quot;:&quot;1.25&quot;}'>              <div class=\"kksr-stars\">      <div class=\"kksr-stars-inactive\">             <div class=\"kksr-star\" data-star=\"1\" style=\"padding-right: 5px\">               <div class=\"kksr-icon\" style=\"width: 24px; height: 24px;\"><\/div>         <\/div>             <div class=\"kksr-star\" data-star=\"2\" style=\"padding-right: 5px\">               <div class=\"kksr-icon\" style=\"width: 24px; height: 24px;\"><\/div>         <\/div>             <div class=\"kksr-star\" data-star=\"3\" style=\"padding-right: 5px\">               <div class=\"kksr-icon\" style=\"width: 24px; height: 24px;\"><\/div>         <\/div>             <div class=\"kksr-star\" data-star=\"4\" style=\"padding-right: 5px\">               <div class=\"kksr-icon\" style=\"width: 24px; height: 24px;\"><\/div>         <\/div>             <div class=\"kksr-star\" data-star=\"5\" style=\"padding-right: 5px\">               <div class=\"kksr-icon\" style=\"width: 24px; height: 24px;\"><\/div>         <\/div>     <\/div>      <div class=\"kksr-stars-active\" style=\"width: 133.8px;\">             <div class=\"kksr-star\" style=\"padding-right: 5px\">               <div class=\"kksr-icon\" style=\"width: 24px; height: 24px;\"><\/div>         <\/div>             <div class=\"kksr-star\" style=\"padding-right: 5px\">               <div class=\"kksr-icon\" style=\"width: 24px; height: 24px;\"><\/div>         <\/div>             <div class=\"kksr-star\" style=\"padding-right: 5px\">               <div class=\"kksr-icon\" style=\"width: 24px; height: 24px;\"><\/div>         <\/div>             <div class=\"kksr-star\" style=\"padding-right: 5px\">               <div class=\"kksr-icon\" style=\"width: 24px; height: 24px;\"><\/div>         <\/div>             <div class=\"kksr-star\" style=\"padding-right: 5px\">               <div class=\"kksr-icon\" style=\"width: 24px; height: 24px;\"><\/div>         <\/div>     <\/div> <\/div>                   <div class=\"kksr-legend\" style=\"font-size: 19.2px;\">             4.7\/5 - (17 l\u01b0\u1ee3t b\u00ecnh ch\u1ecdn)    <\/div>     <\/div>  <p>H\u1ea1nh nh\u00e2n, n\u1ed5i ti\u1ebfng v\u1ec1 gi\u00e1 tr\u1ecb dinh d\u01b0\u1ee1ng v\u00e0 t\u00ednh linh ho\u1ea1t, t\u1eeb l\u00e2u \u0111\u00e3 tr\u1edf th\u00e0nh m\u1ed9t m\u1eb7t h\u00e0ng ch\u1ee7 y\u1ebfu trong nhi\u1ec1u m\u00f3n \u0103n v\u00e0 \u0111\u1ed3 \u0103n nh\u1eb9. Tuy nhi\u00ean, c\u00f4ng vi\u1ec7c b\u00f3c v\u1ecf h\u1ea1nh nh\u00e2n th\u1ee7 c\u00f4ng t\u1ed1n nhi\u1ec1u c\u00f4ng s\u1ee9c \u0111\u00e3 \u0111\u1eb7t ra nh\u1eefng th\u00e1ch th\u1ee9c cho c\u1ea3 ng\u01b0\u1eddi s\u1ea3n xu\u1ea5t v\u00e0 ch\u1ebf bi\u1ebfn.<\/p>    <p>M\u00e1y b\u00f3c v\u1ecf h\u1ea1nh nh\u00e2n - m\u1ed9t thi\u1ebft b\u1ecb ph\u1ee9c t\u1ea1p \u0111\u01b0\u1ee3c ch\u1ebf t\u1ea1o \u0111\u1ec3 b\u1ebb kh\u00f3a v\u1ecf h\u1ea1nh nh\u00e2n m\u1ed9t c\u00e1ch hi\u1ec7u qu\u1ea3 v\u00e0 hi\u1ec7u qu\u1ea3, gi\u1ea3i ph\u00f3ng nh\u1eefng h\u1ea1t nh\u00e2n th\u00e8m mu\u1ed1n b\u00ean trong. \u0110i\u1ec1u k\u1ef3 di\u1ec7u t\u1ef1 \u0111\u1ed9ng n\u00e0y k\u1ebft h\u1ee3p k\u1ef9 thu\u1eadt ti\u00ean ti\u1ebfn v\u1edbi \u0111\u1ed9 ch\u00ednh x\u00e1c, \u0111\u1ea3m b\u1ea3o quy tr\u00ecnh b\u00f3c v\u1ecf h\u1ea1nh nh\u00e2n li\u1ec1n m\u1ea1ch v\u00e0 n\u0103ng su\u1ea5t cao.<\/p>    <figure class=\"wp-block-image size-full\"><img loading=\"lazy\" decoding=\"async\" width=\"720\" height=\"540\" src=\"https:\/\/topfoodmachine.com\/wp-content\/uploads\/2023\/11\/Almond-shelling-machine-for-sale.webp\" alt=\"C\u1ea7n b\u00e1n m\u00e1y b\u00f3c v\u1ecf h\u1ea1nh nh\u00e2n\" class=\"wp-image-1011\" srcset=\"https:\/\/topfoodmachine.com\/wp-content\/uploads\/2023\/11\/Almond-shelling-machine-for-sale.webp 720w, https:\/\/topfoodmachine.com\/wp-content\/uploads\/2023\/11\/Almond-shelling-machine-for-sale-300x225.webp 300w\" sizes=\"auto, (max-width: 720px) 100vw, 720px\" \/><figcaption class=\"wp-element-caption\">C\u1ea7n b\u00e1n m\u00e1y b\u00f3c v\u1ecf h\u1ea1nh nh\u00e2n<\/figcaption><\/figure>    <h2 class=\"wp-block-heading\">\u01afu \u0111i\u1ec3m ch\u00ednh c\u1ee7a m\u00e1y b\u00f3c v\u1ecf h\u1ea1nh nh\u00e2n<\/h2>    <ol class=\"wp-block-list\"> <li><strong>Hi\u1ec7u qu\u1ea3 v\u00e0 t\u1ed1c \u0111\u1ed9:<\/strong> <ul class=\"wp-block-list\"> <li>M\u00e1y t\u0103ng t\u1ed1c \u0111\u00e1ng k\u1ec3 qu\u00e1 tr\u00ecnh b\u00f3c v\u1ecf h\u1ea1nh nh\u00e2n, t\u0103ng hi\u1ec7u qu\u1ea3 v\u00e0 n\u0103ng su\u1ea5t t\u1ed5ng th\u1ec3.<\/li>    <li>N\u00f3 c\u00f3 th\u1ec3 x\u1eed l\u00fd m\u1ed9t kh\u1ed1i l\u01b0\u1ee3ng l\u1edbn h\u1ea1nh nh\u00e2n trong th\u1eddi gian t\u01b0\u01a1ng \u0111\u1ed1i ng\u1eafn, gi\u1ea3m lao \u0111\u1ed9ng th\u1ee7 c\u00f4ng v\u00e0 th\u1eddi gian v\u1eadn h\u00e0nh.<\/li> <\/ul> <\/li>    <li><strong>Ph\u00e1o k\u00edch ch\u00ednh x\u00e1c:<\/strong> <ul class=\"wp-block-list\"> <li>M\u00e1y b\u00f3c v\u1ecf h\u1ea1nh nh\u00e2n \u0111\u01b0\u1ee3c thi\u1ebft k\u1ebf cho \u0111\u1ed9 ch\u00ednh x\u00e1c cao, b\u1ebb g\u00e3y v\u1ecf h\u1ea1nh nh\u00e2n m\u00e0 kh\u00f4ng l\u00e0m h\u1ecfng h\u1ea1t b\u00ean trong. \u0110i\u1ec1u n\u00e0y \u0111\u1ea3m b\u1ea3o n\u0103ng su\u1ea5t cao c\u1ee7a h\u1ea1nh nh\u00e2n nguy\u00ean v\u1eb9n.<\/li> <\/ul> <\/li>    <li><strong>Kh\u1ea3 n\u0103ng th\u00edch \u1ee9ng:<\/strong> <ul class=\"wp-block-list\"> <li>M\u00e1y \u0111\u01b0\u1ee3c thi\u1ebft k\u1ebf \u0111\u1ec3 ph\u00f9 h\u1ee3p v\u1edbi nhi\u1ec1u k\u00edch c\u1ee1 v\u00e0 lo\u1ea1i h\u1ea1nh nh\u00e2n kh\u00e1c nhau, mang l\u1ea1i s\u1ef1 linh ho\u1ea1t nh\u1eb1m \u0111\u00e1p \u1ee9ng nhu c\u1ea7u \u0111a d\u1ea1ng c\u1ee7a ng\u00e0nh c\u00f4ng nghi\u1ec7p h\u1ea1nh nh\u00e2n.<\/li>    <li>C\u00e1c c\u00e0i \u0111\u1eb7t c\u00f3 th\u1ec3 \u0111i\u1ec1u ch\u1ec9nh cho ph\u00e9p ng\u01b0\u1eddi v\u1eadn h\u00e0nh t\u00f9y ch\u1ec9nh m\u00e1y theo c\u00e1c lo\u1ea1i h\u1ea1nh nh\u00e2n c\u1ee5 th\u1ec3, \u0111\u1ea3m b\u1ea3o k\u1ebft qu\u1ea3 nh\u1ea5t qu\u00e1n v\u00e0 t\u1ed1i \u01b0u.<\/li> <\/ul> <\/li>    <li><strong>T\u1ed1i \u01b0u h\u00f3a t\u00e0i nguy\u00ean:<\/strong> <ul class=\"wp-block-list\"> <li>B\u1eb1ng c\u00e1ch t\u1ef1 \u0111\u1ed9ng h\u00f3a quy tr\u00ecnh t\u00e1ch v\u1ecf, m\u00e1y gi\u1ea3m thi\u1ec3u ch\u1ea5t th\u1ea3i v\u00e0 t\u1ed1i \u01b0u h\u00f3a vi\u1ec7c s\u1eed d\u1ee5ng ngu\u1ed3n t\u00e0i nguy\u00ean h\u1ea1nh nh\u00e2n, g\u00f3p ph\u1ea7n mang l\u1ea1i quy tr\u00ecnh s\u1ea3n xu\u1ea5t b\u1ec1n v\u1eefng v\u00e0 ti\u1ebft ki\u1ec7m chi ph\u00ed h\u01a1n.<\/li> <\/ul> <\/li>    <li><strong>Hi\u1ec7u qu\u1ea3 chi ph\u00ed:<\/strong> <ul class=\"wp-block-list\"> <li>M\u1eb7c d\u00f9 kho\u1ea3n \u0111\u1ea7u t\u01b0 ban \u0111\u1ea7u c\u00f3 th\u1ec3 \u0111\u00e1ng k\u1ec3 nh\u01b0ng hi\u1ec7u qu\u1ea3 chi ph\u00ed l\u00e2u d\u00e0i c\u1ee7a M\u00e1y b\u00f3c v\u1ecf h\u1ea1nh nh\u00e2n \u0111\u01b0\u1ee3c th\u1ec3 hi\u1ec7n th\u00f4ng qua vi\u1ec7c t\u0103ng hi\u1ec7u su\u1ea5t, gi\u1ea3m chi ph\u00ed lao \u0111\u1ed9ng v\u00e0 gi\u1ea3m thi\u1ec3u ch\u1ea5t th\u1ea3i.<\/li> <\/ul> <\/li>    <li><strong>\u0110\u00f3ng g\u00f3p cho s\u1ef1 t\u0103ng tr\u01b0\u1edfng c\u1ee7a ng\u00e0nh:<\/strong> <ul class=\"wp-block-list\"> <li>B\u1eb1ng c\u00e1ch h\u1ee3p l\u00fd h\u00f3a quy tr\u00ecnh b\u00f3c v\u1ecf h\u1ea1nh nh\u00e2n, m\u00e1y g\u00f3p ph\u1ea7n v\u00e0o s\u1ef1 t\u0103ng tr\u01b0\u1edfng v\u00e0 ti\u1ebfn b\u1ed9 c\u1ee7a ng\u00e0nh ch\u1ebf bi\u1ebfn h\u1ea1nh nh\u00e2n, \u0111\u00e1p \u1ee9ng nhu c\u1ea7u h\u1ea1nh nh\u00e2n ng\u00e0y c\u00e0ng t\u0103ng tr\u00ean to\u00e0n c\u1ea7u.<\/li> <\/ul> <\/li> <\/ol>    <figure class=\"wp-block-image size-full\"><img loading=\"lazy\" decoding=\"async\" width=\"720\" height=\"540\" src=\"https:\/\/topfoodmachine.com\/wp-content\/uploads\/2023\/11\/Almond-shelling-machine-with-good-price.webp\" alt=\"M\u00e1y b\u00f3c v\u1ecf h\u1ea1nh nh\u00e2n gi\u00e1 t\u1ed1t\" class=\"wp-image-1012\" srcset=\"https:\/\/topfoodmachine.com\/wp-content\/uploads\/2023\/11\/Almond-shelling-machine-with-good-price.webp 720w, https:\/\/topfoodmachine.com\/wp-content\/uploads\/2023\/11\/Almond-shelling-machine-with-good-price-300x225.webp 300w\" sizes=\"auto, (max-width: 720px) 100vw, 720px\" \/><figcaption class=\"wp-element-caption\">M\u00e1y b\u00f3c v\u1ecf h\u1ea1nh nh\u00e2n gi\u00e1 t\u1ed1t<\/figcaption><\/figure>    <h2 class=\"wp-block-heading\">\u1ee8ng d\u1ee5ng c\u1ee7a m\u00e1y b\u00f3c v\u1ecf h\u1ea1nh nh\u00e2n<\/h2>    <p>M\u00e1y b\u00f3c v\u1ecf h\u1ea1nh nh\u00e2n n\u1ed5i b\u1eadt nh\u01b0 m\u1ed9t gi\u1ea3i ph\u00e1p linh ho\u1ea1t v\u00e0 to\u00e0n di\u1ec7n cho vi\u1ec7c ch\u1ebf bi\u1ebfn h\u1ea1t, c\u00f3 kh\u1ea3 n\u0103ng x\u1eed l\u00fd hi\u1ec7u qu\u1ea3 nhi\u1ec1u lo\u1ea1i h\u1ea1t c\u00f3 v\u1ecf. T\u00ednh linh ho\u1ea1t c\u1ee7a n\u00f3 kh\u00f4ng ch\u1ec9 gi\u1edbi h\u1ea1n \u1edf h\u1ea1nh nh\u00e2n, m\u00e0 c\u00f2n ph\u00f9 h\u1ee3p cho vi\u1ec7c b\u00f3c v\u1ecf nhi\u1ec1u lo\u1ea1i h\u1ea1t c\u1ee9ng kh\u00e1c. Thi\u1ebft k\u1ebf v\u00e0 ch\u1ee9c n\u0103ng c\u1ee7a m\u00e1y cho ph\u00e9p lo\u1ea1i b\u1ecf v\u1ecf m\u1ed9t c\u00e1ch hi\u1ec7u qu\u1ea3 t\u1eeb nhi\u1ec1u lo\u1ea1i h\u1ea1t kh\u00e1c nhau, cung c\u1ea5p m\u1ed9t gi\u1ea3i ph\u00e1p linh ho\u1ea1t \u0111\u00e1p \u1ee9ng nhu c\u1ea7u c\u1ee7a ng\u00e0nh ch\u1ebf bi\u1ebfn h\u1ea1t. <\/p>    <p>Cho d\u00f9 \u0111\u00f3 l\u00e0 \u00f3c ch\u00f3, h\u1ed3 \u0111\u00e0o, h\u1ea1t ph\u1ec9, hay c\u00e1c lo\u1ea1i h\u1ea1t c\u1ee9ng t\u01b0\u01a1ng t\u1ef1 kh\u00e1c, m\u00e1y b\u00f3c v\u1ecf h\u1ea1nh nh\u00e2n n\u00e0y ch\u1ee9ng t\u1ecf l\u00e0 m\u1ed9t t\u00e0i s\u1ea3n qu\u00fd gi\u00e1 v\u00e0 linh ho\u1ea1t, gi\u00fap \u0111\u01a1n gi\u1ea3n h\u00f3a quy tr\u00ecnh b\u00f3c v\u1ecf tr\u00ean nhi\u1ec1u lo\u1ea1i h\u1ea1t kh\u00e1c nhau. T\u00ednh \u1ee9ng d\u1ee5ng r\u1ed9ng r\u00e3i c\u1ee7a n\u00f3 khi\u1ebfn n\u00f3 tr\u1edf th\u00e0nh l\u1ef1a ch\u1ecdn \u0111\u00e1ng tin c\u1eady cho c\u00e1c nh\u00e0 s\u1ea3n xu\u1ea5t v\u00e0 ch\u1ebf bi\u1ebfn \u0111ang t\u00ecm ki\u1ebfm m\u1ed9t gi\u1ea3i ph\u00e1p linh ho\u1ea1t v\u00e0 hi\u1ec7u qu\u1ea3 cho c\u00e1c ho\u1ea1t \u0111\u1ed9ng b\u00f3c v\u1ecf h\u1ea1t.<\/p>    <figure class=\"wp-block-gallery has-nested-images columns-default is-cropped wp-block-gallery-2 is-layout-flex wp-block-gallery-is-layout-flex\"> <figure class=\"wp-block-image size-large\"><img loading=\"lazy\" decoding=\"async\" width=\"720\" height=\"540\" data-id=\"1015\" src=\"https:\/\/topfoodmachine.com\/wp-content\/uploads\/2023\/11\/details-of-Almond-shelling-machine.webp\" alt=\"chi ti\u1ebft c\u1ee7a m\u00e1y b\u00f3c v\u1ecf h\u1ea1nh nh\u00e2n\" class=\"wp-image-1015\" srcset=\"https:\/\/topfoodmachine.com\/wp-content\/uploads\/2023\/11\/details-of-Almond-shelling-machine.webp 720w, https:\/\/topfoodmachine.com\/wp-content\/uploads\/2023\/11\/details-of-Almond-shelling-machine-300x225.webp 300w\" sizes=\"auto, (max-width: 720px) 100vw, 720px\" \/><figcaption class=\"wp-element-caption\">chi ti\u1ebft c\u1ee7a m\u00e1y b\u00f3c v\u1ecf h\u1ea1nh nh\u00e2n<\/figcaption><\/figure>    <figure class=\"wp-block-image size-large\"><img loading=\"lazy\" decoding=\"async\" width=\"720\" height=\"540\" data-id=\"1016\" src=\"https:\/\/topfoodmachine.com\/wp-content\/uploads\/2023\/11\/structure-of-Almond-shelling-machine.webp\" alt=\"c\u1ea5u t\u1ea1o c\u1ee7a m\u00e1y b\u00f3c v\u1ecf h\u1ea1nh nh\u00e2n\" class=\"wp-image-1016\" srcset=\"https:\/\/topfoodmachine.com\/wp-content\/uploads\/2023\/11\/structure-of-Almond-shelling-machine.webp 720w, https:\/\/topfoodmachine.com\/wp-content\/uploads\/2023\/11\/structure-of-Almond-shelling-machine-300x225.webp 300w\" sizes=\"auto, (max-width: 720px) 100vw, 720px\" \/><figcaption class=\"wp-element-caption\">c\u1ea5u t\u1ea1o c\u1ee7a m\u00e1y b\u00f3c v\u1ecf h\u1ea1nh nh\u00e2n<\/figcaption><\/figure> <\/figure>    <h2 class=\"wp-block-heading\">Th\u00f4ng s\u1ed1 c\u1ee7a m\u00e1y b\u00f3c v\u1ecf h\u1ea1nh nh\u00e2n<\/h2>    <figure class=\"wp-block-table\"><table><tbody><tr><td>Ng\u01b0\u1eddi m\u1eabu<\/td><td>Dung t\u00edch<\/td><td>Quy\u1ec1n l\u1ef1c<\/td><td>V\u00f4n<\/td><td>K\u00edch c\u1ee1<\/td><\/tr><tr><td>TZ-AS-300<\/td><td>300-400kg\/gi\u1edd<\/td><td>2,2kw<\/td><td>220v\/380v<\/td><td>2*1*1.45m<\/td><\/tr><\/tbody><\/table><\/figure>    <h2 class=\"wp-block-heading\">Thi\u1ebft b\u1ecb h\u1ed7 tr\u1ee3 cho m\u00e1y b\u00f3c v\u1ecf h\u1ea1nh nh\u00e2n<\/h2>    <p>M\u00e1y ph\u00e2n t\u00e1ch \u0111\u00f3ng vai tr\u00f2 quan tr\u1ecdng trong d\u00e2y chuy\u1ec1n ch\u1ebf bi\u1ebfn h\u1ea1nh nh\u00e2n, \u0111\u00f3ng vai tr\u00f2 l\u00e0 m\u1ed9t b\u01b0\u1edbc quan tr\u1ecdng sau qu\u00e1 tr\u00ecnh t\u00e1ch v\u1ecf h\u1ea1nh nh\u00e2n. <\/p>    <p>T\u1eadn d\u1ee5ng s\u1ef1 ch\u00eanh l\u1ec7ch v\u1ec1 tr\u1ecdng l\u01b0\u1ee3ng ri\u00eang v\u00e0 v\u1eadn t\u1ed1c gi\u1eefa c\u00e1c h\u1ea1t l\u01a1 l\u1eedng, c\u00f9ng v\u1edbi s\u1ef1 h\u1ed7 tr\u1ee3 c\u1ee7a lu\u1ed3ng kh\u00f4ng kh\u00ed, chi\u1ebfc m\u00e1y n\u00e0y t\u00e1ch h\u1ea1t h\u1ea1nh nh\u00e2n kh\u1ecfi m\u1ecdi h\u1ea1t v\u1ecf c\u00f2n s\u00f3t l\u1ea1i m\u1ed9t c\u00e1ch hi\u1ec7u qu\u1ea3. Ho\u1ea1t \u0111\u1ed9ng d\u1ef1a tr\u00ean nguy\u00ean t\u1eafc t\u00e1ch v\u1eadt l\u00fd, n\u00f3 \u0111\u1ea3m b\u1ea3o s\u1ef1 ph\u00e2n bi\u1ec7t r\u00f5 r\u00e0ng gi\u1eefa h\u1ea1t nh\u00e2n v\u00e0 v\u1ecf c\u00f2n l\u1ea1i b\u1eb1ng c\u00e1ch s\u1eed d\u1ee5ng ph\u01b0\u01a1ng ph\u00e1p t\u00e1ch tr\u1ecdng l\u01b0\u1ee3ng ri\u00eang. <\/p>    <p>V\u1edbi c\u00e1c t\u00ednh n\u0103ng nh\u01b0 v\u1eadn h\u00e0nh t\u1ef1 \u0111\u1ed9ng, kh\u1ea3 n\u0103ng th\u00edch \u1ee9ng v\u1edbi c\u00e1c lo\u1ea1i h\u1ea1nh nh\u00e2n \u0111a d\u1ea1ng, t\u1ed1i \u01b0u h\u00f3a t\u00e0i nguy\u00ean v\u00e0 d\u1ec5 b\u1ea3o tr\u00ec, M\u00e1y ph\u00e2n t\u00e1ch \u0111\u00f3ng vai tr\u00f2 quan tr\u1ecdng trong vi\u1ec7c n\u00e2ng cao hi\u1ec7u qu\u1ea3 s\u1ea3n xu\u1ea5t v\u00e0 \u0111\u1ea3m b\u1ea3o ch\u1ea5t l\u01b0\u1ee3ng c\u0169ng nh\u01b0 an to\u00e0n th\u1ef1c ph\u1ea9m c\u1ee7a c\u00e1c s\u1ea3n ph\u1ea9m h\u1ea1nh nh\u00e2n cu\u1ed1i c\u00f9ng.<\/p>    <figure class=\"wp-block-image size-full\"><img loading=\"lazy\" decoding=\"async\" width=\"720\" height=\"540\" src=\"https:\/\/topfoodmachine.com\/wp-content\/uploads\/2023\/11\/Separator-Machine.webp\" alt=\"M\u00e1y t\u00e1ch\" class=\"wp-image-1017\" srcset=\"https:\/\/topfoodmachine.com\/wp-content\/uploads\/2023\/11\/Separator-Machine.webp 720w, https:\/\/topfoodmachine.com\/wp-content\/uploads\/2023\/11\/Separator-Machine-300x225.webp 300w\" sizes=\"auto, (max-width: 720px) 100vw, 720px\" \/><figcaption class=\"wp-element-caption\">M\u00e1y t\u00e1ch<\/figcaption><\/figure>    <figure class=\"wp-block-table\"><table><tbody><tr><td>Ng\u01b0\u1eddi m\u1eabu<\/td><td>Dung t\u00edch<\/td><td>Quy\u1ec1n l\u1ef1c<\/td><td>V\u00f4n<\/td><td>K\u00edch c\u1ee1<\/td><\/tr><tr><td>TZ-SP-400<\/td><td>300-400kg\/gi\u1edd<\/td><td>2,2kw<\/td><td>50hz\/380v<\/td><td>2,2 * 0,8 * 1,6m<\/td><\/tr><\/tbody><\/table><\/figure>    <h2 class=\"wp-block-heading\">T\u1ea1i sao n\u00ean ch\u1ecdn mua m\u00e1y b\u00f3c v\u1ecf h\u1ea1nh nh\u00e2n c\u1ee7a ch\u00fang t\u00f4i?<\/h2>    <p>L\u00e0 nh\u00e0 cung c\u1ea5p M\u00e1y b\u00f3c v\u1ecf h\u1ea1nh nh\u00e2n, c\u00f4ng ty ch\u00fang t\u00f4i gi\u1eef v\u1ecb tr\u00ed h\u00e0ng \u0111\u1ea7u tr\u00ean th\u1ecb tr\u01b0\u1eddng nh\u1edd v\u00e0o m\u1ed9t lo\u1ea1t c\u00e1c l\u1ee3i th\u1ebf n\u1ed5i b\u1eadt. \u0110\u1ea7u ti\u00ean, ch\u00fang t\u00f4i s\u1eed d\u1ee5ng c\u00f4ng ngh\u1ec7 ti\u00ean ti\u1ebfn v\u00e0 k\u1ef9 thu\u1eadt ch\u00ednh x\u00e1c trong thi\u1ebft k\u1ebf c\u1ee7a c\u00e1c M\u00e1y b\u00f3c v\u1ecf h\u1ea1nh nh\u00e2n, \u0111\u1ea3m b\u1ea3o quy tr\u00ecnh b\u00f3c v\u1ecf hi\u1ec7u qu\u1ea3 v\u00e0 ch\u00ednh x\u00e1c, n\u00e2ng cao hi\u1ec7u su\u1ea5t s\u1ea3n xu\u1ea5t c\u1ee7a kh\u00e1ch h\u00e0ng. <\/p>    <p>V\u1edbi nhi\u1ec1u n\u0103m kinh nghi\u1ec7m t\u00edch l\u0169y v\u00e0 ki\u1ebfn \u200b\u200bth\u1ee9c chuy\u00ean s\u00e2u v\u1ec1 ng\u00e0nh, c\u00f4ng ty ch\u00fang t\u00f4i c\u00f3 s\u1ef1 hi\u1ec3u bi\u1ebft s\u00e2u s\u1eafc v\u1ec1 nhu c\u1ea7u c\u1ee7a kh\u00e1ch h\u00e0ng, cho ph\u00e9p ch\u00fang t\u00f4i cung c\u1ea5p c\u00e1c gi\u1ea3i ph\u00e1p ph\u00f9 h\u1ee3p \u0111\u00e1p \u1ee9ng c\u00e1c y\u00eau c\u1ea7u c\u1ee5 th\u1ec3 c\u1ee7a h\u1ecd. Ch\u00fang t\u00f4i \u01b0u ti\u00ean t\u00f9y ch\u1ec9nh cho kh\u00e1ch h\u00e0ng, mang \u0111\u1ebfn s\u1ef1 linh ho\u1ea1t \u0111\u1ec3 t\u00f9y ch\u1ec9nh M\u00e1y \u00e9p h\u1ea1nh nh\u00e2n theo nhu c\u1ea7u s\u1ea3n xu\u1ea5t ri\u00eang c\u1ee7a kh\u00e1ch h\u00e0ng.<\/p>    <p>T\u00f3m l\u1ea1i, t\u1eadn d\u1ee5ng c\u00f4ng ngh\u1ec7 ti\u00ean ti\u1ebfn, kinh nghi\u1ec7m, kh\u1ea3 n\u0103ng t\u00f9y ch\u1ec9nh c\u1ee7a kh\u00e1ch h\u00e0ng, ki\u1ec3m so\u00e1t ch\u1ea5t l\u01b0\u1ee3ng nghi\u00eam ng\u1eb7t v\u00e0 \u0111\u1ed5i m\u1edbi li\u00ean t\u1ee5c, c\u00f4ng ty ch\u00fang t\u00f4i cung c\u1ea5p M\u00e1y b\u00f3c v\u1ecf h\u1ea1nh nh\u00e2n ch\u1ea5t l\u01b0\u1ee3ng cao v\u00e0 \u0111\u00e1ng tin c\u1eady, t\u1ef1 kh\u1eb3ng \u0111\u1ecbnh m\u00ecnh l\u00e0 s\u1ef1 l\u1ef1a ch\u1ecdn \u0111\u00e1ng tin c\u1eady trong ng\u00e0nh.<\/p>    <figure class=\"wp-block-gallery has-nested-images columns-default is-cropped wp-block-gallery-3 is-layout-flex wp-block-gallery-is-layout-flex\"> <figure class=\"wp-block-image size-large\"><img loading=\"lazy\" decoding=\"async\" width=\"720\" height=\"540\" data-id=\"1014\" src=\"https:\/\/topfoodmachine.com\/wp-content\/uploads\/2023\/11\/automatic-Almond-shelling-machine.webp\" alt=\"m\u00e1y b\u00f3c v\u1ecf h\u1ea1nh nh\u00e2n t\u1ef1 \u0111\u1ed9ng\" class=\"wp-image-1014\" srcset=\"https:\/\/topfoodmachine.com\/wp-content\/uploads\/2023\/11\/automatic-Almond-shelling-machine.webp 720w, https:\/\/topfoodmachine.com\/wp-content\/uploads\/2023\/11\/automatic-Almond-shelling-machine-300x225.webp 300w\" sizes=\"auto, (max-width: 720px) 100vw, 720px\" \/><figcaption class=\"wp-element-caption\">m\u00e1y b\u00f3c v\u1ecf h\u1ea1nh nh\u00e2n t\u1ef1 \u0111\u1ed9ng<\/figcaption><\/figure>    <figure class=\"wp-block-image size-large\"><img loading=\"lazy\" decoding=\"async\" width=\"720\" height=\"540\" data-id=\"1013\" src=\"https:\/\/topfoodmachine.com\/wp-content\/uploads\/2023\/11\/Almond-shelling-machine-in-stock.webp\" alt=\"M\u00e1y b\u00f3c v\u1ecf h\u1ea1nh nh\u00e2n c\u00f3 s\u1eb5n\" class=\"wp-image-1013\" srcset=\"https:\/\/topfoodmachine.com\/wp-content\/uploads\/2023\/11\/Almond-shelling-machine-in-stock.webp 720w, https:\/\/topfoodmachine.com\/wp-content\/uploads\/2023\/11\/Almond-shelling-machine-in-stock-300x225.webp 300w\" sizes=\"auto, (max-width: 720px) 100vw, 720px\" \/><figcaption class=\"wp-element-caption\">M\u00e1y b\u00f3c v\u1ecf h\u1ea1nh nh\u00e2n c\u00f3 s\u1eb5n<\/figcaption><\/figure> <\/figure>    <p><\/p>","protected":false},"excerpt":{"rendered":"<p>H\u00e3y tham gia M\u00e1y b\u00f3c v\u1ecf h\u1ea1nh nh\u00e2n - m\u1ed9t thi\u1ebft b\u1ecb ph\u1ee9c t\u1ea1p \u0111\u01b0\u1ee3c ch\u1ebf t\u1ea1o \u0111\u1ec3 b\u1ebb kh\u00f3a v\u1ecf h\u1ea1nh nh\u00e2n m\u1ed9t c\u00e1ch hi\u1ec7u qu\u1ea3 v\u00e0 hi\u1ec7u qu\u1ea3, gi\u1ea3i ph\u00f3ng nh\u1eefng h\u1ea1t nh\u00e2n th\u00e8m mu\u1ed1n b\u00ean trong. <\/p>","protected":false},"author":1,"featured_media":1010,"parent":0,"template":"","tags":[],"product-type":[5],"class_list":["post-1009","product","type-product","status-publish","has-post-thumbnail","hentry","product-type-nuts-processing-machine"],"_links":{"self":[{"href":"https:\/\/topfoodmachine.com\/vi\/wp-json\/wp\/v2\/product\/1009","targetHints":{"allow":["GET"]}}],"collection":[{"href":"https:\/\/topfoodmachine.com\/vi\/wp-json\/wp\/v2\/product"}],"about":[{"href":"https:\/\/topfoodmachine.com\/vi\/wp-json\/wp\/v2\/types\/product"}],"author":[{"embeddable":true,"href":"https:\/\/topfoodmachine.com\/vi\/wp-json\/wp\/v2\/users\/1"}],"wp:featuredmedia":[{"embeddable":true,"href":"https:\/\/topfoodmachine.com\/vi\/wp-json\/wp\/v2\/media\/1010"}],"wp:attachment":[{"href":"https:\/\/topfoodmachine.com\/vi\/wp-json\/wp\/v2\/media?parent=1009"}],"wp:term":[{"taxonomy":"post_tag","embeddable":true,"href":"https:\/\/topfoodmachine.com\/vi\/wp-json\/wp\/v2\/tags?post=1009"},{"taxonomy":"product-type","embeddable":true,"href":"https:\/\/topfoodmachine.com\/vi\/wp-json\/wp\/v2\/product-type?post=1009"}],"curies":[{"name":"wp","href":"https:\/\/api.w.org\/{rel}","templated":true}]}}