{"id":24,"date":"2022-07-12T03:25:44","date_gmt":"2022-07-12T03:25:44","guid":{"rendered":"https:\/\/topfoodmachine.com\/?page_id=24"},"modified":"2023-09-28T14:52:26","modified_gmt":"2023-09-28T06:52:26","slug":"contact-us","status":"publish","type":"page","link":"https:\/\/topfoodmachine.com\/vi\/contact-us\/","title":{"rendered":"Li\u00ean h\u1ec7 ch\u00fang t\u00f4i"},"content":{"rendered":"<div class=\"wp-block-columns is-layout-flex wp-container-core-columns-is-layout-28f84493 wp-block-columns-is-layout-flex\"> <div class=\"wp-block-column is-layout-flow wp-block-column-is-layout-flow\"> <h2 class=\"wp-block-heading\">B\u1ea1n mu\u1ed1n b\u1eaft \u0111\u1ea7u kinh doanh th\u1ef1c ph\u1ea9m v\u00e0 ki\u1ebfm nhi\u1ec1u ti\u1ec1n h\u01a1n? <\/h2>    <p>Taizy Co., Ltd l\u00e0 c\u00f4ng ty m\u00e1y m\u00f3c ch\u1ebf bi\u1ebfn th\u1ef1c ph\u1ea9m to\u00e0n c\u1ea7u \u0111\u01b0\u1ee3c t\u00edch h\u1ee3p s\u1ea3n xu\u1ea5t v\u00e0 kinh doanh \u0111\u1ed9c l\u1eadp. Ch\u00fang t\u00f4i cung c\u1ea5p \u0111\u1ea7y \u0111\u1ee7 c\u00e1c lo\u1ea1i m\u00e1y th\u1ef1c ph\u1ea9m v\u1edbi ch\u1ea5t l\u01b0\u1ee3ng \u0111\u1ea3m b\u1ea3o v\u00e0 gi\u00e1 c\u1ea3 h\u1ee3p l\u00fd. B\u00ean c\u1ea1nh \u0111\u00f3, ch\u00fang t\u00f4i c\u00f3 \u0111\u1ed9i ng\u0169 nh\u00e2n vi\u00ean c\u00f3 tay ngh\u1ec1 cao \u0111\u1ec3 \u0111\u1ea3m b\u1ea3o giao h\u00e0ng nhanh v\u00e0 hi\u1ec7u su\u1ea5t t\u1ed1t cho m\u00e1y m\u00f3c c\u1ee7a ch\u00fang t\u00f4i. V\u00e0 c\u00e1c gi\u1ea3i ph\u00e1p ch\u1ebf bi\u1ebfn th\u1ef1c ph\u1ea9m ti\u00eau chu\u1ea9n v\u00e0 t\u00f9y ch\u1ec9nh c\u00f3 s\u1eb5n t\u1eeb ch\u00fang t\u00f4i. <\/p>    <p>B\u1ea1n \u0111ang t\u00ecm ki\u1ebfm m\u1ed9t gi\u1ea3i ph\u00e1p ch\u1ebf bi\u1ebfn th\u1ef1c ph\u1ea9m ch\u00ednh x\u00e1c v\u00e0 \u0111\u00e1ng tin c\u1eady? Ch\u00fang t\u00f4i s\u1eb5n s\u00e0ng gi\u00fap \u0111\u1ee1 b\u1ea1n v\u1edbi d\u1ef1 \u00e1n th\u1ef1c ph\u1ea9m c\u1ee7a b\u1ea1n. H\u00e3y li\u00ean h\u1ec7 v\u1edbi ch\u00fang t\u00f4i ngay h\u00f4m nay \u0111\u1ec3 b\u1eaft \u0111\u1ea7u c\u00f4ng vi\u1ec7c kinh doanh c\u1ee7a b\u1ea1n c\u00e0ng s\u1edbm c\u00e0ng t\u1ed1t. <\/p>    <div class=\"wp-block-columns is-layout-flex wp-container-core-columns-is-layout-28f84493 wp-block-columns-is-layout-flex\"> <div class=\"wp-block-column is-vertically-aligned-top is-layout-flow wp-block-column-is-layout-flow\"> <div class=\"wp-block-columns are-vertically-aligned-top is-layout-flex wp-container-core-columns-is-layout-28f84493 wp-block-columns-is-layout-flex\"> <div class=\"wp-block-column is-vertically-aligned-top is-layout-flow wp-block-column-is-layout-flow\"> <figure class=\"wp-block-image size-large\"><img decoding=\"async\" src=\"https:\/\/charcoalplant.com\/wp-content\/uploads\/2022\/03\/smartphone.png\" alt=\"\"\/><\/figure>    <p class=\"has-text-align-left\">+86 17329326135<\/p> <\/div>    <div class=\"wp-block-column is-vertically-aligned-top is-layout-flow wp-block-column-is-layout-flow\"> <figure class=\"wp-block-image size-large\"><img decoding=\"async\" src=\"https:\/\/charcoalplant.com\/wp-content\/uploads\/2022\/03\/email.png\" alt=\"\"\/><\/figure>    <p class=\"has-text-align-left\">info@topfoodmachine.com<\/p> <\/div> <\/div> <\/div>    <div class=\"wp-block-column is-vertically-aligned-center is-layout-flow wp-block-column-is-layout-flow\"> <div class=\"wp-block-columns is-layout-flex wp-container-core-columns-is-layout-28f84493 wp-block-columns-is-layout-flex\"> <div class=\"wp-block-column is-layout-flow wp-block-column-is-layout-flow\"> <figure class=\"wp-block-image size-large\"><img decoding=\"async\" src=\"https:\/\/charcoalplant.com\/wp-content\/uploads\/2022\/03\/whatsapp.png\" alt=\"\"\/><\/figure>    <p class=\"has-text-align-left\">+86 17329326135<\/p> <\/div>    <div class=\"wp-block-column is-layout-flow wp-block-column-is-layout-flow\"> <figure class=\"wp-block-image size-large\"><img decoding=\"async\" src=\"https:\/\/charcoalplant.com\/wp-content\/uploads\/2022\/03\/address.png\" alt=\"\"\/><\/figure>    <p class=\"has-text-align-left\">\u0110\u01b0\u1eddng H\u00e0ng H\u1ea3i ph\u00eda \u0110\u00f4ng, Khu ph\u00e1t tri\u1ec3n kinh t\u1ebf v\u00e0 c\u00f4ng ngh\u1ec7 Tr\u1ecbnh Ch\u00e2u, th\u00e0nh ph\u1ed1 Tr\u1ecbnh Ch\u00e2u, H\u00e0 Nam, Trung Qu\u1ed1c<\/p> <\/div> <\/div> <\/div> <\/div> <\/div> <\/div>","protected":false},"excerpt":{"rendered":"<p>Want to start your food business and make more money? Taizy Co., Ltd is a global food processing machinery company that is integrated with manufacturing and trading independently. We provide a full range of food machines with guaranteed quality and reasonable price. Besides, we have highly skilled staff to make sure the fast delivery and [&hellip;]<\/p>\n","protected":false},"author":1,"featured_media":0,"parent":0,"menu_order":0,"comment_status":"closed","ping_status":"closed","template":"","meta":{"footnotes":""},"class_list":["post-24","page","type-page","status-publish","hentry"],"_links":{"self":[{"href":"https:\/\/topfoodmachine.com\/vi\/wp-json\/wp\/v2\/pages\/24","targetHints":{"allow":["GET"]}}],"collection":[{"href":"https:\/\/topfoodmachine.com\/vi\/wp-json\/wp\/v2\/pages"}],"about":[{"href":"https:\/\/topfoodmachine.com\/vi\/wp-json\/wp\/v2\/types\/page"}],"author":[{"embeddable":true,"href":"https:\/\/topfoodmachine.com\/vi\/wp-json\/wp\/v2\/users\/1"}],"replies":[{"embeddable":true,"href":"https:\/\/topfoodmachine.com\/vi\/wp-json\/wp\/v2\/comments?post=24"}],"version-history":[{"count":0,"href":"https:\/\/topfoodmachine.com\/vi\/wp-json\/wp\/v2\/pages\/24\/revisions"}],"wp:attachment":[{"href":"https:\/\/topfoodmachine.com\/vi\/wp-json\/wp\/v2\/media?parent=24"}],"curies":[{"name":"wp","href":"https:\/\/api.w.org\/{rel}","templated":true}]}}