{"id":994,"date":"2023-11-22T11:24:07","date_gmt":"2023-11-22T03:24:07","guid":{"rendered":"https:\/\/topfoodmachine.com\/?post_type=product&#038;p=994"},"modified":"2023-11-22T11:24:07","modified_gmt":"2023-11-22T03:24:07","slug":"fruit-and-vegetable-grading-machine","status":"publish","type":"product","link":"https:\/\/topfoodmachine.com\/pt\/product\/fruit-and-vegetable-grading-machine\/","title":{"rendered":"M\u00e1quina classificadora de frutas e vegetais"},"content":{"rendered":"<div class=\"kk-star-ratings kksr-auto kksr-align-left kksr-valign-top\"     data-payload='{&quot;align&quot;:&quot;left&quot;,&quot;id&quot;:&quot;994&quot;,&quot;slug&quot;:&quot;default&quot;,&quot;valign&quot;:&quot;top&quot;,&quot;ignore&quot;:&quot;&quot;,&quot;reference&quot;:&quot;auto&quot;,&quot;class&quot;:&quot;&quot;,&quot;count&quot;:&quot;11&quot;,&quot;legendonly&quot;:&quot;&quot;,&quot;readonly&quot;:&quot;&quot;,&quot;score&quot;:&quot;4.5&quot;,&quot;starsonly&quot;:&quot;&quot;,&quot;best&quot;:&quot;5&quot;,&quot;gap&quot;:&quot;5&quot;,&quot;greet&quot;:&quot;Rate this product&quot;,&quot;legend&quot;:&quot;4.5\\\/5 - (11 votes)&quot;,&quot;size&quot;:&quot;24&quot;,&quot;title&quot;:&quot;Fruit and vegetable grading machine&quot;,&quot;width&quot;:&quot;128&quot;,&quot;_legend&quot;:&quot;{score}\\\/{best} - ({count} {votes})&quot;,&quot;font_factor&quot;:&quot;1.25&quot;}'>              <div class=\"kksr-stars\">      <div class=\"kksr-stars-inactive\">             <div class=\"kksr-star\" data-star=\"1\" style=\"padding-right: 5px\">               <div class=\"kksr-icon\" style=\"width: 24px; height: 24px;\"><\/div>         <\/div>             <div class=\"kksr-star\" data-star=\"2\" style=\"padding-right: 5px\">               <div class=\"kksr-icon\" style=\"width: 24px; height: 24px;\"><\/div>         <\/div>             <div class=\"kksr-star\" data-star=\"3\" style=\"padding-right: 5px\">               <div class=\"kksr-icon\" style=\"width: 24px; height: 24px;\"><\/div>         <\/div>             <div class=\"kksr-star\" data-star=\"4\" style=\"padding-right: 5px\">               <div class=\"kksr-icon\" style=\"width: 24px; height: 24px;\"><\/div>         <\/div>             <div class=\"kksr-star\" data-star=\"5\" style=\"padding-right: 5px\">               <div class=\"kksr-icon\" style=\"width: 24px; height: 24px;\"><\/div>         <\/div>     <\/div>      <div class=\"kksr-stars-active\" style=\"width: 128px;\">             <div class=\"kksr-star\" style=\"padding-right: 5px\">               <div class=\"kksr-icon\" style=\"width: 24px; height: 24px;\"><\/div>         <\/div>             <div class=\"kksr-star\" style=\"padding-right: 5px\">               <div class=\"kksr-icon\" style=\"width: 24px; height: 24px;\"><\/div>         <\/div>             <div class=\"kksr-star\" style=\"padding-right: 5px\">               <div class=\"kksr-icon\" style=\"width: 24px; height: 24px;\"><\/div>         <\/div>             <div class=\"kksr-star\" style=\"padding-right: 5px\">               <div class=\"kksr-icon\" style=\"width: 24px; height: 24px;\"><\/div>         <\/div>             <div class=\"kksr-star\" style=\"padding-right: 5px\">               <div class=\"kksr-icon\" style=\"width: 24px; height: 24px;\"><\/div>         <\/div>     <\/div> <\/div>                   <div class=\"kksr-legend\" style=\"font-size: 19.2px;\">             4,5\/5 - (11 votos)    <\/div>     <\/div>  <p>No cen\u00e1rio em constante evolu\u00e7\u00e3o da agricultura e do processamento de alimentos, a procura por uma classifica\u00e7\u00e3o eficiente e precisa de frutas e legumes levou ao desenvolvimento de tecnologias avan\u00e7adas, entre as quais a M\u00e1quina de Classifica\u00e7\u00e3o de Frutas e Legumes se destaca como uma inova\u00e7\u00e3o crucial. <\/p>    <p>Este sofisticado equipamento desempenha um papel fundamental na agiliza\u00e7\u00e3o do processo de manuseio p\u00f3s-colheita, automatizando a classifica\u00e7\u00e3o e classifica\u00e7\u00e3o de frutas e vegetais com base em diversos par\u00e2metros.<\/p>    <p>A versatilidade das classificadoras de frutas e vegetais permite-lhes manusear uma grande variedade de produtos, desde ma\u00e7\u00e3s e laranjas at\u00e9 tomates e pepinos. A sua adaptabilidade a diferentes tipos de frutas e vegetais torna-os um trunfo inestim\u00e1vel para opera\u00e7\u00f5es agr\u00edcolas de diversas escalas.<\/p>    <figure class=\"wp-block-image size-full\"><img loading=\"lazy\" decoding=\"async\" width=\"720\" height=\"540\" src=\"https:\/\/topfoodmachine.com\/wp-content\/uploads\/2023\/11\/commercial-Roller-Bar-Type-Fruit-and-Vegetable-Grading-Machine.webp\" alt=\"M\u00e1quina de classifica\u00e7\u00e3o comercial de frutas e vegetais tipo barra de rolo\" class=\"wp-image-996\" srcset=\"https:\/\/topfoodmachine.com\/wp-content\/uploads\/2023\/11\/commercial-Roller-Bar-Type-Fruit-and-Vegetable-Grading-Machine.webp 720w, https:\/\/topfoodmachine.com\/wp-content\/uploads\/2023\/11\/commercial-Roller-Bar-Type-Fruit-and-Vegetable-Grading-Machine-300x225.webp 300w\" sizes=\"auto, (max-width: 720px) 100vw, 720px\" \/><figcaption class=\"wp-element-caption\">M\u00e1quina de classifica\u00e7\u00e3o comercial de frutas e vegetais tipo barra de rolo<\/figcaption><\/figure>    <h2 class=\"wp-block-heading\">Diferentes tipos de m\u00e1quinas de classifica\u00e7\u00e3o de frutas e vegetais<\/h2>    <p>No cen\u00e1rio din\u00e2mico da inova\u00e7\u00e3o agr\u00edcola, as nossas classificadoras de frutas e vegetais oferecem solu\u00e7\u00f5es personalizadas para a sele\u00e7\u00e3o e classifica\u00e7\u00e3o precisas dos produtos. Com tr\u00eas modelos distintos que atendem \u00e0s diversas necessidades da ind\u00fastria, essas m\u00e1quinas exemplificam tecnologia de ponta e automa\u00e7\u00e3o no processamento p\u00f3s-colheita.<\/p>    <h2 class=\"wp-block-heading\"><strong>1. M\u00e1quina de classifica\u00e7\u00e3o de frutas e vegetais tipo barra de rolo<\/strong><\/h2>    <p>A classificadora tipo barra rolante foi projetada especificamente para uma classifica\u00e7\u00e3o eficiente de vegetais. Seu princ\u00edpio de funcionamento envolve uma s\u00e9rie de barras rolantes, permitindo a classifica\u00e7\u00e3o precisa dos vegetais com base no tamanho e formato, ajustando os espa\u00e7os entre as barras. <\/p>    <p>Este modelo \u00e9 adequado para vegetais de formato uniforme, garantindo que o produto atenda aos padr\u00f5es de qualidade pr\u00e9-determinados. A m\u00e1quina classificadora tipo barra rolante aumenta a efici\u00eancia da produ\u00e7\u00e3o enquanto minimiza danos aos vegetais.<\/p>    <figure class=\"wp-block-gallery has-nested-images columns-default is-cropped wp-block-gallery-2 is-layout-flex wp-block-gallery-is-layout-flex\"> <figure class=\"wp-block-image size-large\"><img loading=\"lazy\" decoding=\"async\" width=\"720\" height=\"540\" data-id=\"997\" src=\"https:\/\/topfoodmachine.com\/wp-content\/uploads\/2023\/11\/Roller-Bar-Type-Fruit-and-Vegetable-Grading-Machine.webp\" alt=\"M\u00e1quina de classifica\u00e7\u00e3o de frutas e vegetais tipo barra de rolo\" class=\"wp-image-997\" srcset=\"https:\/\/topfoodmachine.com\/wp-content\/uploads\/2023\/11\/Roller-Bar-Type-Fruit-and-Vegetable-Grading-Machine.webp 720w, https:\/\/topfoodmachine.com\/wp-content\/uploads\/2023\/11\/Roller-Bar-Type-Fruit-and-Vegetable-Grading-Machine-300x225.webp 300w\" sizes=\"auto, (max-width: 720px) 100vw, 720px\" \/><figcaption class=\"wp-element-caption\">M\u00e1quina de classifica\u00e7\u00e3o de frutas e vegetais tipo barra de rolo<\/figcaption><\/figure>    <figure class=\"wp-block-image size-large\"><img loading=\"lazy\" decoding=\"async\" width=\"720\" height=\"540\" data-id=\"998\" src=\"https:\/\/topfoodmachine.com\/wp-content\/uploads\/2023\/11\/working-process-of-Roller-Bar-Type-Fruit-and-Vegetable-Grading-Machine.webp\" alt=\"processo de trabalho da m\u00e1quina de classifica\u00e7\u00e3o de frutas e vegetais tipo barra de rolo\" class=\"wp-image-998\" srcset=\"https:\/\/topfoodmachine.com\/wp-content\/uploads\/2023\/11\/working-process-of-Roller-Bar-Type-Fruit-and-Vegetable-Grading-Machine.webp 720w, https:\/\/topfoodmachine.com\/wp-content\/uploads\/2023\/11\/working-process-of-Roller-Bar-Type-Fruit-and-Vegetable-Grading-Machine-300x225.webp 300w\" sizes=\"auto, (max-width: 720px) 100vw, 720px\" \/><figcaption class=\"wp-element-caption\">processo de trabalho da m\u00e1quina de classifica\u00e7\u00e3o de frutas e vegetais tipo barra de rolo<\/figcaption><\/figure> <\/figure>    <figure class=\"wp-block-table\"><table><tbody><tr><td>Modelo<\/td><td>Poder<\/td><td>Capacidade<\/td><td>Tamanho<\/td><td>Tens\u00e3o<\/td><\/tr><tr><td>TZ-VG-5<\/td><td>1,1 kW<\/td><td>3-4T\/H<\/td><td>8000*1400*800mm<\/td><td>380v,50hz<\/td><\/tr><\/tbody><\/table><\/figure>    <h2 class=\"wp-block-heading\"><strong>2. M\u00e1quina classificadora de frutas e vegetais tipo tambor<\/strong><\/h2>    <p>A classificadora tipo tambor \u00e9 usada principalmente para a classifica\u00e7\u00e3o de frutas. Este modelo utiliza um tambor rotativo para categorizar as frutas com base em caracter\u00edsticas como tamanho e formato. O design do tambor permite que as frutas passem suavemente, garantindo que o produto permane\u00e7a intacto durante o processo de classifica\u00e7\u00e3o. <\/p>    <p>Este tipo de classificadora \u00e9 vers\u00e1til e pode acomodar diversos tipos de frutas, melhorando a precis\u00e3o e a efici\u00eancia da classifica\u00e7\u00e3o das frutas.<\/p>    <figure class=\"wp-block-gallery has-nested-images columns-default is-cropped wp-block-gallery-3 is-layout-flex wp-block-gallery-is-layout-flex\"> <figure class=\"wp-block-image size-large\"><img loading=\"lazy\" decoding=\"async\" width=\"720\" height=\"540\" data-id=\"999\" src=\"https:\/\/topfoodmachine.com\/wp-content\/uploads\/2023\/11\/Drum-Type-Fruit-and-Vegetable-Grading-Machine.webp\" alt=\"M\u00e1quina de classifica\u00e7\u00e3o de frutas e vegetais tipo tambor\" class=\"wp-image-999\" srcset=\"https:\/\/topfoodmachine.com\/wp-content\/uploads\/2023\/11\/Drum-Type-Fruit-and-Vegetable-Grading-Machine.webp 720w, https:\/\/topfoodmachine.com\/wp-content\/uploads\/2023\/11\/Drum-Type-Fruit-and-Vegetable-Grading-Machine-300x225.webp 300w\" sizes=\"auto, (max-width: 720px) 100vw, 720px\" \/><figcaption class=\"wp-element-caption\">M\u00e1quina de classifica\u00e7\u00e3o de frutas e vegetais tipo tambor<\/figcaption><\/figure>    <figure class=\"wp-block-image size-large\"><img loading=\"lazy\" decoding=\"async\" width=\"720\" height=\"540\" data-id=\"1000\" src=\"https:\/\/topfoodmachine.com\/wp-content\/uploads\/2023\/11\/working-process-of-Drum-Type-Fruit-and-Vegetable-Grading-Machine.webp\" alt=\"processo de trabalho da m\u00e1quina de classifica\u00e7\u00e3o de frutas e vegetais tipo tambor\" class=\"wp-image-1000\" srcset=\"https:\/\/topfoodmachine.com\/wp-content\/uploads\/2023\/11\/working-process-of-Drum-Type-Fruit-and-Vegetable-Grading-Machine.webp 720w, https:\/\/topfoodmachine.com\/wp-content\/uploads\/2023\/11\/working-process-of-Drum-Type-Fruit-and-Vegetable-Grading-Machine-300x225.webp 300w\" sizes=\"auto, (max-width: 720px) 100vw, 720px\" \/><figcaption class=\"wp-element-caption\">processo de trabalho da m\u00e1quina de classifica\u00e7\u00e3o de frutas e vegetais tipo tambor<\/figcaption><\/figure> <\/figure>    <figure class=\"wp-block-table\"><table><tbody><tr><td>Modelo<\/td><td>Poder<\/td><td>Peso<\/td><td>Tamanho<\/td><td>Tens\u00e3o<\/td><\/tr><tr><td>TZ-VG-4<\/td><td>0,75 kW<\/td><td>250KG<\/td><td>3320*1120*870mm<\/td><td>380v,50hz<\/td><\/tr><\/tbody><\/table><\/figure>    <h2 class=\"wp-block-heading\"><strong>3. M\u00e1quina de classifica\u00e7\u00e3o de frutas e vegetais com base no peso<\/strong><\/h2>    <p>A m\u00e1quina de classifica\u00e7\u00e3o baseada em peso utiliza tecnologia de pesagem avan\u00e7ada para fornecer um m\u00e9todo de classifica\u00e7\u00e3o preciso para frutas. Cada bandeja \u00e9 equipada com uma balan\u00e7a que mede com precis\u00e3o o peso da fruta. Isso permite que a m\u00e1quina classificadora classifique as frutas com base no peso, garantindo que cada classifica\u00e7\u00e3o atenda aos padr\u00f5es de qualidade consistentes. <\/p>    <p>Este modelo pode ser integrado a uma linha de produ\u00e7\u00e3o completa, incluindo elevadores, m\u00e1quinas de limpeza e m\u00e1quinas de secagem, formando um processo de produ\u00e7\u00e3o automatizado abrangente. Essa integra\u00e7\u00e3o aumenta a efici\u00eancia da produ\u00e7\u00e3o e reduz os custos de m\u00e3o de obra.<\/p>    <figure class=\"wp-block-gallery has-nested-images columns-default is-cropped wp-block-gallery-4 is-layout-flex wp-block-gallery-is-layout-flex\"> <figure class=\"wp-block-image size-large\"><img loading=\"lazy\" decoding=\"async\" width=\"720\" height=\"540\" data-id=\"1001\" src=\"https:\/\/topfoodmachine.com\/wp-content\/uploads\/2023\/11\/Weight-based-Fruit-and-Vegetable-Grading-Machine-for-sale.webp\" alt=\"Venda m\u00e1quina de classifica\u00e7\u00e3o de frutas e vegetais com base no peso\" class=\"wp-image-1001\" srcset=\"https:\/\/topfoodmachine.com\/wp-content\/uploads\/2023\/11\/Weight-based-Fruit-and-Vegetable-Grading-Machine-for-sale.webp 720w, https:\/\/topfoodmachine.com\/wp-content\/uploads\/2023\/11\/Weight-based-Fruit-and-Vegetable-Grading-Machine-for-sale-300x225.webp 300w\" sizes=\"auto, (max-width: 720px) 100vw, 720px\" \/><figcaption class=\"wp-element-caption\">Venda m\u00e1quina de classifica\u00e7\u00e3o de frutas e vegetais com base no peso<\/figcaption><\/figure>    <figure class=\"wp-block-image size-large\"><img loading=\"lazy\" decoding=\"async\" width=\"720\" height=\"540\" data-id=\"1002\" src=\"https:\/\/topfoodmachine.com\/wp-content\/uploads\/2023\/11\/Weight-based-Fruit-and-Vegetable-Grading-Machine-with-good-price.webp\" alt=\"M\u00e1quina de classifica\u00e7\u00e3o de frutas e vegetais baseada em peso com bom pre\u00e7o\" class=\"wp-image-1002\" srcset=\"https:\/\/topfoodmachine.com\/wp-content\/uploads\/2023\/11\/Weight-based-Fruit-and-Vegetable-Grading-Machine-with-good-price.webp 720w, https:\/\/topfoodmachine.com\/wp-content\/uploads\/2023\/11\/Weight-based-Fruit-and-Vegetable-Grading-Machine-with-good-price-300x225.webp 300w\" sizes=\"auto, (max-width: 720px) 100vw, 720px\" \/><figcaption class=\"wp-element-caption\">M\u00e1quina de classifica\u00e7\u00e3o de frutas e vegetais baseada em peso com bom pre\u00e7o<\/figcaption><\/figure> <\/figure>    <figure class=\"wp-block-table\"><table><tbody><tr><td>Modelo<\/td><td>Poder<\/td><td>Peso<\/td><td>Tamanho<\/td><td>Tens\u00e3o<\/td><\/tr><tr><td>TZ-VG-3<\/td><td>1,85 kW<\/td><td>1050kg<\/td><td>7600*2800*1400mm<\/td><td>380v,50hz<\/td><\/tr><\/tbody><\/table><\/figure>    <p>Esses tr\u00eas modelos de classificadoras de frutas e vegetais, empregando diferentes princ\u00edpios operacionais e tecnologias, atendem aos diversos requisitos de classifica\u00e7\u00e3o eficiente de vegetais e frutas. Eles fornecem solu\u00e7\u00f5es automatizadas confi\u00e1veis \u200b\u200bpara a produ\u00e7\u00e3o agr\u00edcola.<\/p>    <h2 class=\"wp-block-heading\">Principais vantagens da m\u00e1quina de classifica\u00e7\u00e3o de frutas e vegetais<\/h2>    <ol class=\"wp-block-list\"> <li><strong>Classifica\u00e7\u00e3o automatizada:<\/strong> A automa\u00e7\u00e3o garante um processo de classifica\u00e7\u00e3o r\u00e1pido e consistente, reduzindo a depend\u00eancia do trabalho manual e melhorando a efici\u00eancia geral. Esse recurso \u00e9 particularmente valioso em ambientes de produ\u00e7\u00e3o de alto volume.<\/li>    <li><strong>Versatilidade:<\/strong> As classificadoras s\u00e3o projetadas para lidar com uma grande variedade de frutas e vegetais. Eles podem ser adaptados para acomodar diferentes formatos, tamanhos e tipos de produtos, proporcionando flexibilidade para diversas opera\u00e7\u00f5es agr\u00edcolas.<\/li>    <li><strong>Configura\u00e7\u00f5es personaliz\u00e1veis:<\/strong> As configura\u00e7\u00f5es ajust\u00e1veis \u200b\u200bpermitem a personaliza\u00e7\u00e3o dos crit\u00e9rios de classifica\u00e7\u00e3o, permitindo que agricultores e produtores atendam aos padr\u00f5es de mercado e \u00e0s prefer\u00eancias dos consumidores espec\u00edficos.<\/li>    <li><strong>Danos minimizados ao produto:<\/strong> Mecanismos de manuseio suaves e sistemas de transporte s\u00e3o empregados para minimizar danos \u00e0s frutas e vegetais durante o processo de classifica\u00e7\u00e3o, garantindo que o produto final permane\u00e7a em \u00f3timas condi\u00e7\u00f5es.<\/li>    <li><strong>Design modular:<\/strong> As classificadoras geralmente apresentam um design modular, facilitando a integra\u00e7\u00e3o nas linhas de produ\u00e7\u00e3o existentes. Essa modularidade aumenta a escalabilidade e a adaptabilidade \u00e0s necessidades de produ\u00e7\u00e3o em evolu\u00e7\u00e3o.<\/li>    <li><strong>Alto rendimento:<\/strong> As m\u00e1quinas s\u00e3o projetadas para alto rendimento, permitindo o processamento r\u00e1pido e eficiente de grandes quantidades de frutas e vegetais. Isto \u00e9 essencial para atender \u00e0s demandas do mercado e otimizar os ciclos de produ\u00e7\u00e3o.<\/li>    <li><strong>Integra\u00e7\u00e3o com Linha de Produ\u00e7\u00e3o:<\/strong> Alguns tipos de m\u00e1quinas de classifica\u00e7\u00e3o podem ser perfeitamente integrados em linhas de produ\u00e7\u00e3o completas, incorporando recursos como elevadores, m\u00e1quinas de limpeza e sistemas de secagem para um fluxo de trabalho abrangente e automatizado.<\/li> <\/ol>    <figure class=\"wp-block-image size-full\"><img loading=\"lazy\" decoding=\"async\" width=\"720\" height=\"540\" src=\"https:\/\/topfoodmachine.com\/wp-content\/uploads\/2023\/11\/Weight-based-Fruit-and-Vegetable-Grading-Machine.webp\" alt=\"M\u00e1quina de classifica\u00e7\u00e3o de frutas e vegetais com base no peso\" class=\"wp-image-1003\" srcset=\"https:\/\/topfoodmachine.com\/wp-content\/uploads\/2023\/11\/Weight-based-Fruit-and-Vegetable-Grading-Machine.webp 720w, https:\/\/topfoodmachine.com\/wp-content\/uploads\/2023\/11\/Weight-based-Fruit-and-Vegetable-Grading-Machine-300x225.webp 300w\" sizes=\"auto, (max-width: 720px) 100vw, 720px\" \/><figcaption class=\"wp-element-caption\">M\u00e1quina de classifica\u00e7\u00e3o de frutas e vegetais com base no peso<\/figcaption><\/figure>    <p><\/p>    <p><\/p>    <p><\/p>","protected":false},"excerpt":{"rendered":"<p>No cen\u00e1rio em constante evolu\u00e7\u00e3o da agricultura e do processamento de alimentos, a procura por uma classifica\u00e7\u00e3o eficiente e precisa de frutas e legumes levou ao desenvolvimento de tecnologias avan\u00e7adas, entre as quais a M\u00e1quina de Classifica\u00e7\u00e3o de Frutas e Legumes se destaca como uma inova\u00e7\u00e3o crucial.<\/p>","protected":false},"author":1,"featured_media":995,"parent":0,"template":"","tags":[],"product-type":[3],"class_list":["post-994","product","type-product","status-publish","has-post-thumbnail","hentry","product-type-fruit-vegetable-processing-machine"],"_links":{"self":[{"href":"https:\/\/topfoodmachine.com\/pt\/wp-json\/wp\/v2\/product\/994","targetHints":{"allow":["GET"]}}],"collection":[{"href":"https:\/\/topfoodmachine.com\/pt\/wp-json\/wp\/v2\/product"}],"about":[{"href":"https:\/\/topfoodmachine.com\/pt\/wp-json\/wp\/v2\/types\/product"}],"author":[{"embeddable":true,"href":"https:\/\/topfoodmachine.com\/pt\/wp-json\/wp\/v2\/users\/1"}],"wp:featuredmedia":[{"embeddable":true,"href":"https:\/\/topfoodmachine.com\/pt\/wp-json\/wp\/v2\/media\/995"}],"wp:attachment":[{"href":"https:\/\/topfoodmachine.com\/pt\/wp-json\/wp\/v2\/media?parent=994"}],"wp:term":[{"taxonomy":"post_tag","embeddable":true,"href":"https:\/\/topfoodmachine.com\/pt\/wp-json\/wp\/v2\/tags?post=994"},{"taxonomy":"product-type","embeddable":true,"href":"https:\/\/topfoodmachine.com\/pt\/wp-json\/wp\/v2\/product-type?post=994"}],"curies":[{"name":"wp","href":"https:\/\/api.w.org\/{rel}","templated":true}]}}