{"id":955,"date":"2023-11-15T15:19:32","date_gmt":"2023-11-15T07:19:32","guid":{"rendered":"https:\/\/topfoodmachine.com\/?post_type=product&#038;p=955"},"modified":"2023-11-15T15:19:37","modified_gmt":"2023-11-15T07:19:37","slug":"cashew-nut-grading-machine","status":"publish","type":"product","link":"https:\/\/topfoodmachine.com\/pt\/product\/cashew-nut-grading-machine\/","title":{"rendered":"M\u00e1quina classificadora de castanha de caju"},"content":{"rendered":"<div class=\"kk-star-ratings kksr-auto kksr-align-left kksr-valign-top\"     data-payload='{&quot;align&quot;:&quot;left&quot;,&quot;id&quot;:&quot;955&quot;,&quot;slug&quot;:&quot;default&quot;,&quot;valign&quot;:&quot;top&quot;,&quot;ignore&quot;:&quot;&quot;,&quot;reference&quot;:&quot;auto&quot;,&quot;class&quot;:&quot;&quot;,&quot;count&quot;:&quot;20&quot;,&quot;legendonly&quot;:&quot;&quot;,&quot;readonly&quot;:&quot;&quot;,&quot;score&quot;:&quot;4.9&quot;,&quot;starsonly&quot;:&quot;&quot;,&quot;best&quot;:&quot;5&quot;,&quot;gap&quot;:&quot;5&quot;,&quot;greet&quot;:&quot;Rate this product&quot;,&quot;legend&quot;:&quot;4.9\\\/5 - (20 votes)&quot;,&quot;size&quot;:&quot;24&quot;,&quot;title&quot;:&quot;Cashew nut grading machine&quot;,&quot;width&quot;:&quot;139.6&quot;,&quot;_legend&quot;:&quot;{score}\\\/{best} - ({count} {votes})&quot;,&quot;font_factor&quot;:&quot;1.25&quot;}'>              <div class=\"kksr-stars\">      <div class=\"kksr-stars-inactive\">             <div class=\"kksr-star\" data-star=\"1\" style=\"padding-right: 5px\">               <div class=\"kksr-icon\" style=\"width: 24px; height: 24px;\"><\/div>         <\/div>             <div class=\"kksr-star\" data-star=\"2\" style=\"padding-right: 5px\">               <div class=\"kksr-icon\" style=\"width: 24px; height: 24px;\"><\/div>         <\/div>             <div class=\"kksr-star\" data-star=\"3\" style=\"padding-right: 5px\">               <div class=\"kksr-icon\" style=\"width: 24px; height: 24px;\"><\/div>         <\/div>             <div class=\"kksr-star\" data-star=\"4\" style=\"padding-right: 5px\">               <div class=\"kksr-icon\" style=\"width: 24px; height: 24px;\"><\/div>         <\/div>             <div class=\"kksr-star\" data-star=\"5\" style=\"padding-right: 5px\">               <div class=\"kksr-icon\" style=\"width: 24px; height: 24px;\"><\/div>         <\/div>     <\/div>      <div class=\"kksr-stars-active\" style=\"width: 139.6px;\">             <div class=\"kksr-star\" style=\"padding-right: 5px\">               <div class=\"kksr-icon\" style=\"width: 24px; height: 24px;\"><\/div>         <\/div>             <div class=\"kksr-star\" style=\"padding-right: 5px\">               <div class=\"kksr-icon\" style=\"width: 24px; height: 24px;\"><\/div>         <\/div>             <div class=\"kksr-star\" style=\"padding-right: 5px\">               <div class=\"kksr-icon\" style=\"width: 24px; height: 24px;\"><\/div>         <\/div>             <div class=\"kksr-star\" style=\"padding-right: 5px\">               <div class=\"kksr-icon\" style=\"width: 24px; height: 24px;\"><\/div>         <\/div>             <div class=\"kksr-star\" style=\"padding-right: 5px\">               <div class=\"kksr-icon\" style=\"width: 24px; height: 24px;\"><\/div>         <\/div>     <\/div> <\/div>                   <div class=\"kksr-legend\" style=\"font-size: 19.2px;\">             4.9\/5 - (20 votos)    <\/div>     <\/div>  <p>No dom\u00ednio da agricultura moderna e do processamento de alimentos, a efici\u00eancia e a precis\u00e3o s\u00e3o de suma import\u00e2ncia. A M\u00e1quina Classificadora de Castanhas de Caju \u00e9 uma maravilha mec\u00e2nica especializada na classifica\u00e7\u00e3o meticulosa de castanhas de caju com base em seu tamanho. Este engenhoso dispositivo desempenha um papel fundamental na ind\u00fastria de processamento de cajus, empregando um projeto mec\u00e2nico preciso e tecnologia avan\u00e7ada para categorizar com rapidez e precis\u00e3o cajus de tamanhos variados. <\/p>    <p>Seja na produ\u00e7\u00e3o em grande escala ou em fazendas menores, esta classificadora aumenta significativamente a efici\u00eancia da produ\u00e7\u00e3o, garantindo ao mesmo tempo consist\u00eancia e padr\u00f5es de qualidade. Junte-se a n\u00f3s enquanto nos aprofundamos no funcionamento desta ferramenta indispens\u00e1vel, explorando o seu papel cr\u00edtico na ind\u00fastria de processamento de cajus.<\/p>    <figure class=\"wp-block-image size-full\"><img loading=\"lazy\" decoding=\"async\" width=\"720\" height=\"540\" src=\"https:\/\/topfoodmachine.com\/wp-content\/uploads\/2023\/11\/Cashew-nut-grading-machine-1.webp\" alt=\"M\u00e1quina classificadora de castanha de caju\" class=\"wp-image-957\" srcset=\"https:\/\/topfoodmachine.com\/wp-content\/uploads\/2023\/11\/Cashew-nut-grading-machine-1.webp 720w, https:\/\/topfoodmachine.com\/wp-content\/uploads\/2023\/11\/Cashew-nut-grading-machine-1-300x225.webp 300w\" sizes=\"auto, (max-width: 720px) 100vw, 720px\" \/><figcaption class=\"wp-element-caption\">M\u00e1quina classificadora de castanha de caju<\/figcaption><\/figure>    <h2 class=\"wp-block-heading\">Vantagens da m\u00e1quina classificadora de castanha de caju<\/h2>    <ol class=\"wp-block-list\"> <li><strong>Classifica\u00e7\u00e3o de precis\u00e3o:<\/strong> A m\u00e1quina fornece uma classifica\u00e7\u00e3o precisa e consistente com base em crit\u00e9rios predefinidos, garantindo uniformidade no tamanho, formato e qualidade das castanhas de caju.<\/li>    <li><strong>Maior efici\u00eancia:<\/strong> Automatiza o processo de classifica\u00e7\u00e3o, reduzindo significativamente o tempo e o trabalho necess\u00e1rios em compara\u00e7\u00e3o com a classifica\u00e7\u00e3o manual. Isso leva a um maior rendimento e maior produtividade geral.<\/li>    <li><strong>Custos trabalhistas reduzidos:<\/strong> Ao automatizar o processo de classifica\u00e7\u00e3o, as empresas podem reduzir a sua depend\u00eancia do trabalho manual, levando a poupan\u00e7as de custos a longo prazo.<\/li>    <li><strong>Controle de qualidade aprimorado:<\/strong> A m\u00e1quina ajuda a manter um alto padr\u00e3o de qualidade ao aplicar consistentemente os mesmos crit\u00e9rios de classifica\u00e7\u00e3o, reduzindo a probabilidade de erro humano.<\/li>    <li><strong>Redu\u00e7\u00e3o de residuos:<\/strong> Minimiza a probabilidade de inclus\u00e3o de cajus defeituosos ou de qualidade inferior no produto final, resultando em menos desperd\u00edcio e maior rendimento global.<\/li>    <li><strong>Flexibilidade e Personaliza\u00e7\u00e3o:<\/strong> Muitas m\u00e1quinas classificadoras oferecem configura\u00e7\u00f5es ajust\u00e1veis, permitindo que os operadores adaptem os crit\u00e9rios de classifica\u00e7\u00e3o para atender a requisitos espec\u00edficos e se adaptar \u00e0s mudan\u00e7as nas demandas do mercado.<\/li>    <li><strong>Higiene e Saneamento:<\/strong> As classificadoras modernas s\u00e3o projetadas com materiais e recursos f\u00e1ceis de limpar, ajudando a manter um alto n\u00edvel de higiene e saneamento no ambiente de processamento.<\/li>    <li><strong>Aumento do valor do produto:<\/strong> Ao garantir que apenas os cajus de alta qualidade cheguem ao produto final, as empresas podem obter pre\u00e7os mais elevados no mercado, levando, em \u00faltima an\u00e1lise, a uma maior rentabilidade.<\/li> <\/ol>    <figure class=\"wp-block-image size-full\"><img loading=\"lazy\" decoding=\"async\" width=\"720\" height=\"540\" src=\"https:\/\/topfoodmachine.com\/wp-content\/uploads\/2023\/11\/Cashew-nut-grading-machine-for-sale.webp\" alt=\"M\u00e1quina de classifica\u00e7\u00e3o de castanha de caju para venda\" class=\"wp-image-958\" srcset=\"https:\/\/topfoodmachine.com\/wp-content\/uploads\/2023\/11\/Cashew-nut-grading-machine-for-sale.webp 720w, https:\/\/topfoodmachine.com\/wp-content\/uploads\/2023\/11\/Cashew-nut-grading-machine-for-sale-300x225.webp 300w\" sizes=\"auto, (max-width: 720px) 100vw, 720px\" \/><figcaption class=\"wp-element-caption\">M\u00e1quina de classifica\u00e7\u00e3o de castanha de caju para venda<\/figcaption><\/figure>    <h2 class=\"wp-block-heading\">Diferentes tipos de m\u00e1quina classificadora de castanha de caju<\/h2>    <h3 class=\"wp-block-heading\">1. M\u00e1quina classificadora de am\u00eandoa de caju com v\u00e1rios rolos<\/h3>    <p>A m\u00e1quina classificadora de am\u00eandoas de caju multi-rolos foi projetada especificamente para classificar am\u00eandoas de caju com base no tamanho. Consiste em tr\u00eas camadas: rolos superior, intermedi\u00e1rio e inferior. O princ\u00edpio principal envolve ajustar a folga entre cada conjunto de rolos para separar os gr\u00e3os por tamanho. Devido ao crescimento desigual dos cajus, eles s\u00e3o normalmente classificados em tr\u00eas n\u00edveis: gr\u00e3os grandes, gr\u00e3os m\u00e9dios e gr\u00e3os pequenos.<\/p>    <p>Esta m\u00e1quina desempenha um papel crucial no processo de processamento do caju. Suas vantagens incluem:<\/p>    <ol class=\"wp-block-list\"> <li><strong>Classifica\u00e7\u00e3o de precis\u00e3o:<\/strong> O design de v\u00e1rios rolos permite um processo de classifica\u00e7\u00e3o mais preciso, garantindo consist\u00eancia no tamanho dos gr\u00e3os dentro de cada categoria.<\/li>    <li><strong>Flexibilidade:<\/strong> Ao ajustar os espa\u00e7os entre os rolos, os crit\u00e9rios de classifica\u00e7\u00e3o podem ser personalizados para acomodar diferentes lotes de castanhas de caju.<\/li>    <li><strong>Alta efici\u00eancia:<\/strong> A m\u00e1quina possui estrutura simples e f\u00e1cil opera\u00e7\u00e3o, possibilitando o processamento r\u00e1pido de grande quantidade de am\u00eandoas de caju.<\/li> <\/ol>    <figure class=\"wp-block-table\"><table><tbody><tr><td>Capacidade<\/td><td>Poder<\/td><td>Tens\u00e3o<\/td><td>Tamanho<\/td><td>Peso<\/td><\/tr><tr><td>300-400 kg\/hora<\/td><td>1,1 kW<\/td><td>380v<\/td><td>2,3*0,8*1,6m<\/td><td>180kg<\/td><\/tr><\/tbody><\/table><\/figure>    <figure class=\"wp-block-gallery has-nested-images columns-default is-cropped wp-block-gallery-2 is-layout-flex wp-block-gallery-is-layout-flex\"> <figure class=\"wp-block-image size-large\"><img loading=\"lazy\" decoding=\"async\" width=\"720\" height=\"540\" data-id=\"959\" src=\"https:\/\/topfoodmachine.com\/wp-content\/uploads\/2023\/11\/Cashew-nut-grader-machine.webp\" alt=\"M\u00e1quina classificadora de castanha de caju\" class=\"wp-image-959\" srcset=\"https:\/\/topfoodmachine.com\/wp-content\/uploads\/2023\/11\/Cashew-nut-grader-machine.webp 720w, https:\/\/topfoodmachine.com\/wp-content\/uploads\/2023\/11\/Cashew-nut-grader-machine-300x225.webp 300w\" sizes=\"auto, (max-width: 720px) 100vw, 720px\" \/><figcaption class=\"wp-element-caption\">M\u00e1quina classificadora de castanha de caju<\/figcaption><\/figure>    <figure class=\"wp-block-image size-large\"><img loading=\"lazy\" decoding=\"async\" width=\"720\" height=\"540\" data-id=\"960\" src=\"https:\/\/topfoodmachine.com\/wp-content\/uploads\/2023\/11\/Cashew-nut-grader.webp\" alt=\"Classificador de castanha de caju\" class=\"wp-image-960\" srcset=\"https:\/\/topfoodmachine.com\/wp-content\/uploads\/2023\/11\/Cashew-nut-grader.webp 720w, https:\/\/topfoodmachine.com\/wp-content\/uploads\/2023\/11\/Cashew-nut-grader-300x225.webp 300w\" sizes=\"auto, (max-width: 720px) 100vw, 720px\" \/><figcaption class=\"wp-element-caption\">Classificador de castanha de caju<\/figcaption><\/figure> <\/figure>    <h3 class=\"wp-block-heading\">2. M\u00e1quina classificadora de am\u00eandoa de caju com tambor rotativo<\/h3>    <p>A m\u00e1quina classificadora de am\u00eandoa de caju de tambor rotativo consiste em componentes de transmiss\u00e3o, uma estrutura de tambor e uma estrutura. Semelhante ao tipo multi-rolo, esta m\u00e1quina \u00e9 especializada na classifica\u00e7\u00e3o de am\u00eandoas de caju com base no tamanho. No entanto, o seu princ\u00edpio de funcionamento e estrutura diferem ligeiramente.<\/p>    <p>Da mesma forma, devido ao crescimento desigual dos cajus, as am\u00eandoas s\u00e3o normalmente categorizadas em tr\u00eas n\u00edveis. Esta m\u00e1quina pode ser personalizada para atender aos requisitos espec\u00edficos de processamento de diferentes lotes de castanhas de caju.<\/p>    <p>As vantagens da m\u00e1quina classificadora de am\u00eandoa de caju com tambor rotativo incluem:<\/p>    <ol class=\"wp-block-list\"> <li><strong>Classifica\u00e7\u00e3o eficiente:<\/strong> A estrutura do tambor rotativo permite uma classifica\u00e7\u00e3o r\u00e1pida e precisa, melhorando a efici\u00eancia geral da produ\u00e7\u00e3o.<\/li>    <li><strong>Costumiza\u00e7\u00e3o:<\/strong> Ele pode ser personalizado com base nas necessidades do cliente para acomodar diferentes lotes e variedades de castanhas de caju.<\/li>    <li><strong>Estabilidade e Confiabilidade:<\/strong> Com uma estrutura e estrutura de transmiss\u00e3o confi\u00e1veis, a m\u00e1quina garante estabilidade e durabilidade.<\/li> <\/ol>    <figure class=\"wp-block-table\"><table><tbody><tr><td>Capacidade<\/td><td>Poder<\/td><td>Tens\u00e3o<\/td><td>Tamanho<\/td><td>Peso<\/td><\/tr><tr><td>400-500 kg\/hora<\/td><td>0,75 kW<\/td><td>380v<\/td><td>2*0,8*1,4 m<\/td><td>300kg<\/td><\/tr><\/tbody><\/table><\/figure>    <figure class=\"wp-block-gallery has-nested-images columns-default is-cropped wp-block-gallery-3 is-layout-flex wp-block-gallery-is-layout-flex\"> <figure class=\"wp-block-image size-large\"><img loading=\"lazy\" decoding=\"async\" width=\"720\" height=\"540\" data-id=\"962\" src=\"https:\/\/topfoodmachine.com\/wp-content\/uploads\/2023\/11\/industrial-Cashew-nut-grading-machine.webp\" alt=\"m\u00e1quina de classifica\u00e7\u00e3o industrial de castanha de caju\" class=\"wp-image-962\" srcset=\"https:\/\/topfoodmachine.com\/wp-content\/uploads\/2023\/11\/industrial-Cashew-nut-grading-machine.webp 720w, https:\/\/topfoodmachine.com\/wp-content\/uploads\/2023\/11\/industrial-Cashew-nut-grading-machine-300x225.webp 300w\" sizes=\"auto, (max-width: 720px) 100vw, 720px\" \/><figcaption class=\"wp-element-caption\">m\u00e1quina de classifica\u00e7\u00e3o industrial de castanha de caju<\/figcaption><\/figure>    <figure class=\"wp-block-image size-large\"><img loading=\"lazy\" decoding=\"async\" width=\"720\" height=\"540\" data-id=\"961\" src=\"https:\/\/topfoodmachine.com\/wp-content\/uploads\/2023\/11\/Cashew-nut-grading-machine-with-good-price.webp\" alt=\"M\u00e1quina de classifica\u00e7\u00e3o de castanha de caju com bom pre\u00e7o\" class=\"wp-image-961\" srcset=\"https:\/\/topfoodmachine.com\/wp-content\/uploads\/2023\/11\/Cashew-nut-grading-machine-with-good-price.webp 720w, https:\/\/topfoodmachine.com\/wp-content\/uploads\/2023\/11\/Cashew-nut-grading-machine-with-good-price-300x225.webp 300w\" sizes=\"auto, (max-width: 720px) 100vw, 720px\" \/><figcaption class=\"wp-element-caption\">M\u00e1quina de classifica\u00e7\u00e3o de castanha de caju com bom pre\u00e7o<\/figcaption><\/figure> <\/figure>    <p>Ambos os modelos de m\u00e1quinas desempenham pap\u00e9is vitais na ind\u00fastria de processamento de cajus, melhorando a efici\u00eancia da produ\u00e7\u00e3o e a qualidade do produto, tornando o processo de processamento de cajus mais eficiente e preciso.<\/p>    <h2 class=\"wp-block-heading\">Processo de trabalho da m\u00e1quina de classifica\u00e7\u00e3o de castanha de caju<\/h2>    <ol class=\"wp-block-list\"> <li><strong>Antes de ligar, verifique primeiro se todos os mecanismos e circuitos de transmiss\u00e3o est\u00e3o funcionando corretamente.<\/strong><\/li>    <li><strong>Ligue a energia e gire na dire\u00e7\u00e3o indicada pela seta.<\/strong><\/li>    <li><strong>Ajuste os rolos superior, intermedi\u00e1rio e inferior, bem como a folga entre os rolos, com base na largura das am\u00eandoas de caju.<\/strong><\/li>    <li><strong>Despeje as am\u00eandoas de caju continuamente no funil de alimenta\u00e7\u00e3o, ajuste o tamanho da porta de alimenta\u00e7\u00e3o para garantir que as am\u00eandoas de caju entrem uniformemente na fenda entre os dois rolos. Eles rolar\u00e3o da extremidade de alimenta\u00e7\u00e3o at\u00e9 a extremidade de descarga. Os gr\u00e3os grandes saem pela sa\u00edda frontal, enquanto os gr\u00e3os m\u00e9dios e pequenos caem pelo espa\u00e7o entre os dois rolos para posterior classifica\u00e7\u00e3o. Repita este processo para obter o efeito de classifica\u00e7\u00e3o.<\/strong><\/li>    <li><strong>H\u00e1 uma tremonha correspondente sob cada rolo classificador para coletar os gr\u00e3os classificados, evitando a mistura de diferentes graus.<\/strong><\/li>    <li><strong>Ap\u00f3s um per\u00edodo de uso, verifique regularmente se todos os mecanismos e circuitos de transmiss\u00e3o est\u00e3o funcionando corretamente para evitar interrup\u00e7\u00f5es na opera\u00e7\u00e3o normal.<\/strong><\/li> <\/ol>    <figure class=\"wp-block-image size-full\"><img loading=\"lazy\" decoding=\"async\" width=\"720\" height=\"540\" src=\"https:\/\/topfoodmachine.com\/wp-content\/uploads\/2023\/11\/Cashew-nut-grader-for-business.webp\" alt=\"Classificador de castanha de caju para empresas\" class=\"wp-image-963\" srcset=\"https:\/\/topfoodmachine.com\/wp-content\/uploads\/2023\/11\/Cashew-nut-grader-for-business.webp 720w, https:\/\/topfoodmachine.com\/wp-content\/uploads\/2023\/11\/Cashew-nut-grader-for-business-300x225.webp 300w\" sizes=\"auto, (max-width: 720px) 100vw, 720px\" \/><figcaption class=\"wp-element-caption\">Classificador de castanha de caju para empresas<\/figcaption><\/figure>    <p><\/p>    <p><\/p>    <p><\/p>","protected":false},"excerpt":{"rendered":"<p>A M\u00e1quina Classificadora de Castanhas de Caju \u00e9 uma maravilha mec\u00e2nica especializada na classifica\u00e7\u00e3o meticulosa de castanhas de caju com base em seu tamanho.<\/p>","protected":false},"author":1,"featured_media":956,"parent":0,"template":"","tags":[],"product-type":[5],"class_list":["post-955","product","type-product","status-publish","has-post-thumbnail","hentry","product-type-nuts-processing-machine"],"_links":{"self":[{"href":"https:\/\/topfoodmachine.com\/pt\/wp-json\/wp\/v2\/product\/955","targetHints":{"allow":["GET"]}}],"collection":[{"href":"https:\/\/topfoodmachine.com\/pt\/wp-json\/wp\/v2\/product"}],"about":[{"href":"https:\/\/topfoodmachine.com\/pt\/wp-json\/wp\/v2\/types\/product"}],"author":[{"embeddable":true,"href":"https:\/\/topfoodmachine.com\/pt\/wp-json\/wp\/v2\/users\/1"}],"wp:featuredmedia":[{"embeddable":true,"href":"https:\/\/topfoodmachine.com\/pt\/wp-json\/wp\/v2\/media\/956"}],"wp:attachment":[{"href":"https:\/\/topfoodmachine.com\/pt\/wp-json\/wp\/v2\/media?parent=955"}],"wp:term":[{"taxonomy":"post_tag","embeddable":true,"href":"https:\/\/topfoodmachine.com\/pt\/wp-json\/wp\/v2\/tags?post=955"},{"taxonomy":"product-type","embeddable":true,"href":"https:\/\/topfoodmachine.com\/pt\/wp-json\/wp\/v2\/product-type?post=955"}],"curies":[{"name":"wp","href":"https:\/\/api.w.org\/{rel}","templated":true}]}}