{"id":937,"date":"2023-11-08T14:19:28","date_gmt":"2023-11-08T06:19:28","guid":{"rendered":"https:\/\/topfoodmachine.com\/?post_type=product&#038;p=937"},"modified":"2024-09-29T17:56:15","modified_gmt":"2024-09-29T09:56:15","slug":"nut-grading-machine","status":"publish","type":"product","link":"https:\/\/topfoodmachine.com\/pt\/product\/nut-grading-machine\/","title":{"rendered":"M\u00e1quina de classifica\u00e7\u00e3o de nozes"},"content":{"rendered":"<div class=\"kk-star-ratings kksr-auto kksr-align-left kksr-valign-top\"     data-payload='{&quot;align&quot;:&quot;left&quot;,&quot;id&quot;:&quot;937&quot;,&quot;slug&quot;:&quot;default&quot;,&quot;valign&quot;:&quot;top&quot;,&quot;ignore&quot;:&quot;&quot;,&quot;reference&quot;:&quot;auto&quot;,&quot;class&quot;:&quot;&quot;,&quot;count&quot;:&quot;11&quot;,&quot;legendonly&quot;:&quot;&quot;,&quot;readonly&quot;:&quot;&quot;,&quot;score&quot;:&quot;4.8&quot;,&quot;starsonly&quot;:&quot;&quot;,&quot;best&quot;:&quot;5&quot;,&quot;gap&quot;:&quot;5&quot;,&quot;greet&quot;:&quot;Rate this product&quot;,&quot;legend&quot;:&quot;4.8\\\/5 - (11 votes)&quot;,&quot;size&quot;:&quot;24&quot;,&quot;title&quot;:&quot;Nut grading machine&quot;,&quot;width&quot;:&quot;136.7&quot;,&quot;_legend&quot;:&quot;{score}\\\/{best} - ({count} {votes})&quot;,&quot;font_factor&quot;:&quot;1.25&quot;}'>              <div class=\"kksr-stars\">      <div class=\"kksr-stars-inactive\">             <div class=\"kksr-star\" data-star=\"1\" style=\"padding-right: 5px\">               <div class=\"kksr-icon\" style=\"width: 24px; height: 24px;\"><\/div>         <\/div>             <div class=\"kksr-star\" data-star=\"2\" style=\"padding-right: 5px\">               <div class=\"kksr-icon\" style=\"width: 24px; height: 24px;\"><\/div>         <\/div>             <div class=\"kksr-star\" data-star=\"3\" style=\"padding-right: 5px\">               <div class=\"kksr-icon\" style=\"width: 24px; height: 24px;\"><\/div>         <\/div>             <div class=\"kksr-star\" data-star=\"4\" style=\"padding-right: 5px\">               <div class=\"kksr-icon\" style=\"width: 24px; height: 24px;\"><\/div>         <\/div>             <div class=\"kksr-star\" data-star=\"5\" style=\"padding-right: 5px\">               <div class=\"kksr-icon\" style=\"width: 24px; height: 24px;\"><\/div>         <\/div>     <\/div>      <div class=\"kksr-stars-active\" style=\"width: 136.7px;\">             <div class=\"kksr-star\" style=\"padding-right: 5px\">               <div class=\"kksr-icon\" style=\"width: 24px; height: 24px;\"><\/div>         <\/div>             <div class=\"kksr-star\" style=\"padding-right: 5px\">               <div class=\"kksr-icon\" style=\"width: 24px; height: 24px;\"><\/div>         <\/div>             <div class=\"kksr-star\" style=\"padding-right: 5px\">               <div class=\"kksr-icon\" style=\"width: 24px; height: 24px;\"><\/div>         <\/div>             <div class=\"kksr-star\" style=\"padding-right: 5px\">               <div class=\"kksr-icon\" style=\"width: 24px; height: 24px;\"><\/div>         <\/div>             <div class=\"kksr-star\" style=\"padding-right: 5px\">               <div class=\"kksr-icon\" style=\"width: 24px; height: 24px;\"><\/div>         <\/div>     <\/div> <\/div>                   <div class=\"kksr-legend\" style=\"font-size: 19.2px;\">             4,8\/5 - (11 votos)    <\/div>     <\/div>  <p>A m\u00e1quina de classifica\u00e7\u00e3o de nozes \u00e9 altamente eficiente e confi\u00e1vel, projetada para a classifica\u00e7\u00e3o precisa de amendoins, gr\u00e3os de damasco, avel\u00e3s, am\u00eandoas, feij\u00f5es e outras nozes. Ela classifica as nozes em tamanhos grandes, m\u00e9dios e pequenos em uma \u00fanica passagem usando uma, duas ou tr\u00eas telas vibrat\u00f3rias. <\/p>    <p>As telas intercambi\u00e1veis da classificador de nozes (6-10mm) permitem f\u00e1cil personaliza\u00e7\u00e3o com base no tamanho da noz, garantindo classifica\u00e7\u00e3o precisa e m\u00ednimo esmagamento. Seu design a torna uma escolha ideal para processamento de nozes, melhorando a efici\u00eancia de armazenamento e venda.<\/p>    <figure class=\"wp-block-embed is-type-video is-provider-youtube wp-block-embed-youtube wp-embed-aspect-16-9 wp-has-aspect-ratio\"><div class=\"wp-block-embed__wrapper\"> <iframe loading=\"lazy\" title=\"Aprimore seu neg\u00f3cio de nozes: liberando o potencial de uma m\u00e1quina classificadora de nozes #gradingmachine #nuts\" width=\"500\" height=\"281\" src=\"https:\/\/www.youtube.com\/embed\/O36bDLG91vQ?feature=oembed\" frameborder=\"0\" allow=\"accelerometer; autoplay; clipboard-write; encrypted-media; gyroscope; picture-in-picture; web-share\" referrerpolicy=\"strict-origin-when-cross-origin\" allowfullscreen><\/iframe> <\/div><figcaption class=\"wp-element-caption\">v\u00eddeo de funcionamento da m\u00e1quina de classifica\u00e7\u00e3o de nozes<\/figcaption><\/figure>    <h2 class=\"wp-block-heading\">M\u00e1quina classificadora de nozes \u00e0 venda<\/h2>    <p>A m\u00e1quina de classifica\u00e7\u00e3o de nozes \u00e9 projetada especificamente para classificar e categorizar eficientemente v\u00e1rios gr\u00e3os por tamanho. Ela lida com materiais como caro\u00e7os de damasco, avel\u00e3s, am\u00eandoas e outras variedades de nozes, bem como leguminosas. <\/p>    <p>Seu sistema de classifica\u00e7\u00e3o em m\u00faltiplos n\u00edveis divide esses materiais em diferentes tamanhos. Isso torna o armazenamento e as vendas subsequentes mais organizados e convenientes.<\/p>    <h3 class=\"wp-block-heading\">Os principais recursos incluem<\/h3>    <figure class=\"wp-block-image size-full\"><img loading=\"lazy\" decoding=\"async\" width=\"720\" height=\"540\" src=\"https:\/\/topfoodmachine.com\/wp-content\/uploads\/2023\/11\/commercial-nut-grading-machine.webp\" alt=\"m\u00e1quina de classifica\u00e7\u00e3o comercial de nozes\" class=\"wp-image-940\" srcset=\"https:\/\/topfoodmachine.com\/wp-content\/uploads\/2023\/11\/commercial-nut-grading-machine.webp 720w, https:\/\/topfoodmachine.com\/wp-content\/uploads\/2023\/11\/commercial-nut-grading-machine-300x225.webp 300w\" sizes=\"auto, (max-width: 720px) 100vw, 720px\" \/><figcaption class=\"wp-element-caption\">m\u00e1quina de classifica\u00e7\u00e3o comercial de nozes<\/figcaption><\/figure>    <ul class=\"wp-block-list\"> <li><strong>Classifica\u00e7\u00e3o em m\u00faltiplos n\u00edveis<\/strong>. A m\u00e1quina utiliza telas vibrat\u00f3rias de primeiro, segundo e terceiro n\u00edveis para classificar e classificar simultaneamente os gr\u00e3os em tr\u00eas ou mais n\u00edveis de tamanho.<\/li>    <li><strong>Pain\u00e9is de tela personaliz\u00e1veis<\/strong>. Equipado com pain\u00e9is de tela intercambi\u00e1veis, as perfura\u00e7\u00f5es variam de 6 a 10 mil\u00edmetros, permitindo que a m\u00e1quina seja facilmente adaptada a diferentes variedades de gr\u00e3os.<\/li>    <li><strong>Baixa taxa de quebra<\/strong>. Projetada para minimizar a quebra durante o processamento, esta m\u00e1quina garante que a integridade dos gr\u00e3os seja mantida durante a triagem.<\/li>    <li><strong>Ideal para processamento de gr\u00e3os<\/strong>. Com seu design cuidadoso e efici\u00eancia, a m\u00e1quina \u00e9 atualmente uma das melhores op\u00e7\u00f5es para empresas que processam produtos do tipo gr\u00e3o.<\/li> <\/ul>    <h2 class=\"wp-block-heading\">Estrutura e princ\u00edpio de funcionamento da m\u00e1quina de classifica\u00e7\u00e3o de nozes<\/h2>    <p>A m\u00e1quina de classifica\u00e7\u00e3o de nozes \u00e9 projetada para classificar efetivamente os gr\u00e3os com base em seu tamanho, servindo como um dispositivo complementar a uma m\u00e1quina de descascar. Sua estrutura e princ\u00edpio de funcionamento s\u00e3o baseados na utiliza\u00e7\u00e3o das diferen\u00e7as de tamanho dos gr\u00e3os e telas vibrat\u00f3rias para alcan\u00e7ar uma classifica\u00e7\u00e3o precisa.<\/p>    <h3 class=\"wp-block-heading\">Estrutura<\/h3>    <div class=\"wp-block-media-text is-stacked-on-mobile\"><figure class=\"wp-block-media-text__media\"><img loading=\"lazy\" decoding=\"async\" width=\"720\" height=\"540\" src=\"https:\/\/topfoodmachine.com\/wp-content\/uploads\/2023\/11\/best-selling-nut-grading-machine.webp\" alt=\"m\u00e1quina de classifica\u00e7\u00e3o de nozes mais vendida\" class=\"wp-image-939 size-full\" srcset=\"https:\/\/topfoodmachine.com\/wp-content\/uploads\/2023\/11\/best-selling-nut-grading-machine.webp 720w, https:\/\/topfoodmachine.com\/wp-content\/uploads\/2023\/11\/best-selling-nut-grading-machine-300x225.webp 300w\" sizes=\"auto, (max-width: 720px) 100vw, 720px\" \/><\/figure><div class=\"wp-block-media-text__content\"> <ul class=\"wp-block-list\"> <li><strong>Tremonha de alimenta\u00e7\u00e3o<\/strong>. Onde os gr\u00e3os s\u00e3o inicialmente carregados para triagem.<\/li>    <li><strong>Corpo da tela<\/strong>. Equipado com telas perfuradas de v\u00e1rios tamanhos para facilitar a separa\u00e7\u00e3o dos gr\u00e3os.<\/li>    <li><strong>Estrutura<\/strong>. A base robusta suporta os componentes da m\u00e1quina.<\/li>    <li><strong>Mecanismo de acionamento exc\u00eantrico<\/strong>. Alimenta o movimento vibrat\u00f3rio, possibilitando o processo de classifica\u00e7\u00e3o.<\/li>    <li><strong>Rolamentos de borracha<\/strong>. Estes s\u00e3o usados em pontos de conex\u00e3o para garantir durabilidade, absor\u00e7\u00e3o de choque e opera\u00e7\u00e3o suave.<\/li> <\/ul> <\/div><\/div>    <h3 class=\"wp-block-heading\">Princ\u00edpio de funcionamento<\/h3>    <div class=\"wp-block-media-text has-media-on-the-right is-stacked-on-mobile\"><div class=\"wp-block-media-text__content\"> <ul class=\"wp-block-list\"> <li>A m\u00e1quina classifica os gr\u00e3os utilizando as diferen\u00e7as de tamanho entre eles. As telas vibrat\u00f3rias, equipadas com perfura\u00e7\u00f5es de v\u00e1rios tamanhos, permitem que os gr\u00e3os passem com base em suas dimens\u00f5es.<\/li>    <li>Os \u00e2ngulos ajust\u00e1veis das telas controlam a velocidade do fluxo de material, garantindo separa\u00e7\u00e3o e classifica\u00e7\u00e3o eficientes.<\/li>    <li>O mecanismo de acionamento exc\u00eantrico cria o movimento necess\u00e1rio de vai-e-vem, auxiliando no processo de separa\u00e7\u00e3o, enquanto os rolamentos de borracha garantem que a vibra\u00e7\u00e3o seja suave e duradoura.<\/li> <\/ul> <\/div><figure class=\"wp-block-media-text__media\"><img loading=\"lazy\" decoding=\"async\" width=\"720\" height=\"540\" src=\"https:\/\/topfoodmachine.com\/wp-content\/uploads\/2023\/11\/automatic-Nut-grader-machine.webp\" alt=\"m\u00e1quina classificador de nozes autom\u00e1tica\" class=\"wp-image-1643 size-full\" srcset=\"https:\/\/topfoodmachine.com\/wp-content\/uploads\/2023\/11\/automatic-Nut-grader-machine.webp 720w, https:\/\/topfoodmachine.com\/wp-content\/uploads\/2023\/11\/automatic-Nut-grader-machine-300x225.webp 300w, https:\/\/topfoodmachine.com\/wp-content\/uploads\/2023\/11\/automatic-Nut-grader-machine-16x12.webp 16w\" sizes=\"auto, (max-width: 720px) 100vw, 720px\" \/><\/figure><\/div>    <h2 class=\"wp-block-heading\">Diferentes tipos de m\u00e1quina classificadora de nozes<\/h2>    <p>Nossas m\u00e1quinas de classifica\u00e7\u00e3o de nozes oferecem op\u00e7\u00f5es de classifica\u00e7\u00e3o flex\u00edveis com telas personaliz\u00e1veis, normalmente dispon\u00edveis em duas, tr\u00eas ou cinco camadas. Essa versatilidade permite que os clientes escolham a melhor configura\u00e7\u00e3o para suas necessidades de produ\u00e7\u00e3o, garantindo uma triagem eficiente e precisa.<\/p>    <div class=\"wp-block-media-text is-stacked-on-mobile\"><figure class=\"wp-block-media-text__media\"><img loading=\"lazy\" decoding=\"async\" width=\"720\" height=\"540\" src=\"https:\/\/topfoodmachine.com\/wp-content\/uploads\/2023\/11\/efficient-nut-grading-machine.webp\" alt=\"m\u00e1quina de classifica\u00e7\u00e3o de nozes eficiente\" class=\"wp-image-941 size-full\" srcset=\"https:\/\/topfoodmachine.com\/wp-content\/uploads\/2023\/11\/efficient-nut-grading-machine.webp 720w, https:\/\/topfoodmachine.com\/wp-content\/uploads\/2023\/11\/efficient-nut-grading-machine-300x225.webp 300w\" sizes=\"auto, (max-width: 720px) 100vw, 720px\" \/><\/figure><div class=\"wp-block-media-text__content\"> <ul class=\"wp-block-list\"> <li><strong>M\u00e1quina de tela de dois n\u00edveis<\/strong>. Ideal para tarefas b\u00e1sicas de classifica\u00e7\u00e3o, este modelo possui duas camadas de tela para categoriza\u00e7\u00e3o r\u00e1pida e eficaz das nozes com base no tamanho.<\/li>    <li><strong>M\u00e1quina de tela de tr\u00eas n\u00edveis<\/strong>. Uma escolha popular, este modelo tem tr\u00eas camadas de tela para uma classifica\u00e7\u00e3o mais detalhada, tornando-o adequado para classifica\u00e7\u00e3o mais fina de nozes.<\/li>    <li><strong>M\u00e1quina de tela de cinco n\u00edveis<\/strong>. Projetada para m\u00e1xima precis\u00e3o, o modelo de cinco n\u00edveis oferece a classifica\u00e7\u00e3o mais refinada, ideal para atender a altos padr\u00f5es de qualidade do produto.<\/li> <\/ul> <\/div><\/div>    <p>Tamb\u00e9m oferecemos personaliza\u00e7\u00f5es, como tamanhos de tela especializados, para atender a requisitos espec\u00edficos dos clientes.<\/p>    <h2 class=\"wp-block-heading\">Par\u00e2metros da m\u00e1quina classificadora de nozes<\/h2>    <figure class=\"wp-block-table\"><table><tbody><tr><td>Item<\/td><td>Peneira secund\u00e1ria<\/td><td>Peneira de tr\u00eas est\u00e1gios<\/td><td>Peneira de cinco est\u00e1gios<\/td><\/tr><tr><td>Capacidade<\/td><td>500kg\/h<\/td><td>600-800 kg\/hora<\/td><td>1500-2000 kg\/h<\/td><\/tr><tr><td>Poder<\/td><td>1,1 kW<\/td><td>1,1 kW<\/td><td>1,5 kW<\/td><\/tr><tr><td>Tens\u00e3o<\/td><td>380v<\/td><td>380v<\/td><td>380v<\/td><\/tr><tr><td>Tamanho<\/td><td>2400*800*1400mm<\/td><td>2400*800*1600mm<\/td><td>2400*800*2200mm<\/td><\/tr><tr><td>Peso<\/td><td>260kg<\/td><td>300kg<\/td><td>500kg<\/td><\/tr><\/tbody><\/table><figcaption class=\"wp-element-caption\">par\u00e2metros da m\u00e1quina classificador de nozes<\/figcaption><\/figure>    <figure class=\"wp-block-image size-full\"><img loading=\"lazy\" decoding=\"async\" width=\"720\" height=\"540\" src=\"https:\/\/topfoodmachine.com\/wp-content\/uploads\/2023\/11\/nut-grader-machine.webp\" alt=\"m\u00e1quina classificadora de nozes\" class=\"wp-image-943\" srcset=\"https:\/\/topfoodmachine.com\/wp-content\/uploads\/2023\/11\/nut-grader-machine.webp 720w, https:\/\/topfoodmachine.com\/wp-content\/uploads\/2023\/11\/nut-grader-machine-300x225.webp 300w\" sizes=\"auto, (max-width: 720px) 100vw, 720px\" \/><figcaption class=\"wp-element-caption\">m\u00e1quina classificadora de nozes<\/figcaption><\/figure>    <h2 class=\"wp-block-heading\">Recomenda\u00e7\u00f5es para usar a m\u00e1quina de classifica\u00e7\u00e3o de nozes<\/h2>    <p>Antes de usar a m\u00e1quina de classifica\u00e7\u00e3o de nozes, \u00e9 importante realizar uma inspe\u00e7\u00e3o detalhada para garantir que tudo esteja em ordem de funcionamento. Isso ajuda a prevenir quaisquer problemas durante a opera\u00e7\u00e3o e garante seguran\u00e7a e efici\u00eancia.<\/p>    <div class=\"wp-block-media-text has-media-on-the-right is-stacked-on-mobile\"><div class=\"wp-block-media-text__content\"> <ul class=\"wp-block-list\"> <li><strong>Inspecione os componentes<\/strong>. Verifique se todas as partes principais est\u00e3o intactas do transporte e confirme se todas as conex\u00f5es est\u00e3o seguras.<\/li>    <li><strong>Verifique os sistemas el\u00e9tricos<\/strong>. Certifique-se de que todos os interruptores e circuitos el\u00e9tricos est\u00e3o intactos e seguros para uso.<\/li>    <li><strong>Teste inicial<\/strong>. Inicie a m\u00e1quina sem carga para confirmar o funcionamento suave antes de come\u00e7ar o trabalho real.<\/li> <\/ul> <\/div><figure class=\"wp-block-media-text__media\"><img loading=\"lazy\" decoding=\"async\" width=\"720\" height=\"540\" src=\"https:\/\/topfoodmachine.com\/wp-content\/uploads\/2023\/11\/high-capacity-nut-grading-machine.webp\" alt=\"m\u00e1quina de classifica\u00e7\u00e3o de nozes de alta capacidade\" class=\"wp-image-942 size-full\" srcset=\"https:\/\/topfoodmachine.com\/wp-content\/uploads\/2023\/11\/high-capacity-nut-grading-machine.webp 720w, https:\/\/topfoodmachine.com\/wp-content\/uploads\/2023\/11\/high-capacity-nut-grading-machine-300x225.webp 300w\" sizes=\"auto, (max-width: 720px) 100vw, 720px\" \/><\/figure><\/div>    <p>Uma vez que a m\u00e1quina esteja pronta, coloque os gr\u00e3os no funil, ajustando a porta de descarga para manter um fluxo constante de material. Certifique-se de que a taxa de fluxo corresponda \u00e0 velocidade de triagem da m\u00e1quina para evitar sobrecarga, o que poderia afetar a efici\u00eancia da separa\u00e7\u00e3o.<\/p>    <p>Para configura\u00e7\u00f5es que envolvem v\u00e1rias m\u00e1quinas de descasque, adicionar um transportador elevador pode reduzir significativamente a intensidade do trabalho e melhorar a aloca\u00e7\u00e3o de m\u00e3o de obra, otimizando todo o processo.<\/p>    <h2 class=\"wp-block-heading\">Dicas de manuten\u00e7\u00e3o da classificador de nozes<\/h2>    <p>Para garantir o desempenho ideal e a longevidade do classificador de nozes, a manuten\u00e7\u00e3o regular \u00e9 essencial. Siga estas dicas de manuten\u00e7\u00e3o para manter a m\u00e1quina em boas condi\u00e7\u00f5es de funcionamento.<\/p>    <div class=\"wp-block-media-text is-stacked-on-mobile\"><figure class=\"wp-block-media-text__media\"><img loading=\"lazy\" decoding=\"async\" width=\"720\" height=\"540\" src=\"https:\/\/topfoodmachine.com\/wp-content\/uploads\/2023\/11\/commercial-Nut-grader-machine.webp\" alt=\"m\u00e1quina classificador de nozes comercial\" class=\"wp-image-1644 size-full\" srcset=\"https:\/\/topfoodmachine.com\/wp-content\/uploads\/2023\/11\/commercial-Nut-grader-machine.webp 720w, https:\/\/topfoodmachine.com\/wp-content\/uploads\/2023\/11\/commercial-Nut-grader-machine-300x225.webp 300w, https:\/\/topfoodmachine.com\/wp-content\/uploads\/2023\/11\/commercial-Nut-grader-machine-16x12.webp 16w\" sizes=\"auto, (max-width: 720px) 100vw, 720px\" \/><\/figure><div class=\"wp-block-media-text__content\"> <p><strong>Inspecione os componentes de transmiss\u00e3o<\/strong><\/p>    <ul class=\"wp-block-list\"> <li>Verifique se todas as pe\u00e7as de transmiss\u00e3o est\u00e3o funcionando corretamente.<\/li>    <li>Certifique-se de que os parafusos est\u00e3o apertados.<\/li>    <li>Inicie a m\u00e1quina apenas se tudo estiver seguro.<\/li>    <li>Verifique a seguran\u00e7a de todos os interruptores e circuitos el\u00e9tricos.<\/li> <\/ul> <\/div><\/div>    <div class=\"wp-block-media-text has-media-on-the-right is-stacked-on-mobile is-vertically-aligned-center\"><div class=\"wp-block-media-text__content\"> <p><strong>Lubrifique os rolamentos regularmente<\/strong><\/p>    <ul class=\"wp-block-list\"> <li>Aplique \u00f3leo lubrificante em todos os rolamentos com frequ\u00eancia para evitar danos devido \u00e0 lubrifica\u00e7\u00e3o insuficiente.<\/li> <\/ul>    <p><strong>Monitore os rolamentos de borracha<\/strong><\/p>    <ul class=\"wp-block-list\"> <li>Substitua os rolamentos de borracha desgastados durante a manuten\u00e7\u00e3o, conforme necess\u00e1rio.<\/li>    <li>Verifique os rolamentos de borracha quanto ao desgaste no mecanismo oscilante.<\/li>    <li>Como eles funcionam sem folga, fadiga e envelhecimento podem ocorrer.<\/li> <\/ul> <\/div><figure class=\"wp-block-media-text__media\"><img loading=\"lazy\" decoding=\"async\" width=\"720\" height=\"540\" src=\"https:\/\/topfoodmachine.com\/wp-content\/uploads\/2023\/11\/Nut-grader-machine-for-business.webp\" alt=\"m\u00e1quina classificador de nozes para neg\u00f3cios\" class=\"wp-image-1645 size-full\" srcset=\"https:\/\/topfoodmachine.com\/wp-content\/uploads\/2023\/11\/Nut-grader-machine-for-business.webp 720w, https:\/\/topfoodmachine.com\/wp-content\/uploads\/2023\/11\/Nut-grader-machine-for-business-300x225.webp 300w, https:\/\/topfoodmachine.com\/wp-content\/uploads\/2023\/11\/Nut-grader-machine-for-business-16x12.webp 16w\" sizes=\"auto, (max-width: 720px) 100vw, 720px\" \/><\/figure><\/div>    <h2 class=\"wp-block-heading\">Invista em nosso <a href=\"https:\/\/en.wikipedia.org\/wiki\/Nut\" data-type=\"link\" data-id=\"https:\/\/en.wikipedia.org\/wiki\/Nut\" target=\"_blank\" rel=\"noopener\">classificador de nozes<\/a> m\u00e1quina classificador de nozes<\/h2>    <p>Em conclus\u00e3o, nossa m\u00e1quina classificador de nozes \u00e9 um equipamento essencial para classificar e classificar nozes de forma eficiente, oferecendo op\u00e7\u00f5es de tela personaliz\u00e1veis para atender \u00e0s suas necessidades de produ\u00e7\u00e3o. Com seu design robusto, capacidades de classifica\u00e7\u00e3o precisas e facilidade de manuten\u00e7\u00e3o, garante alto desempenho e confiabilidade em sua linha de processamento.<\/p>    <p class=\"translation-block\">Al\u00e9m disso, nossa empresa oferece uma ampla gama de outras m\u00e1quinas de processamento de nozes, incluindo <a href=\"https:\/\/topfoodmachine.com\/pt\/product\/almond-shelling-machine\/\" data-type=\"link\" data-id=\"https:\/\/topfoodmachine.com\/product\/almond-shelling-machine\/\">m\u00e1quinas de descascar<\/a>, <a href=\"https:\/\/topfoodmachine.com\/pt\/product\/peanut-roasting-machine\/\" data-type=\"link\" data-id=\"https:\/\/topfoodmachine.com\/product\/peanut-roasting-machine\/\">m\u00e1quinas de torrefa\u00e7\u00e3o<\/a>, e <a href=\"https:\/\/topfoodmachine.com\/pt\/products\/food-packaging-machine\/\" data-type=\"link\" data-id=\"https:\/\/topfoodmachine.com\/products\/food-packaging-machine\/\">equipamentos de embalagem<\/a>. Sinta-se \u00e0 vontade para nos contatar para mais detalhes e consultas - estamos aqui para ajud\u00e1-lo a encontrar a solu\u00e7\u00e3o perfeita para o seu neg\u00f3cio.<\/p>    <figure class=\"wp-block-gallery has-nested-images columns-default is-cropped wp-block-gallery-2 is-layout-flex wp-block-gallery-is-layout-flex\"> <figure class=\"wp-block-image size-large\"><img loading=\"lazy\" decoding=\"async\" width=\"720\" height=\"540\" data-id=\"1010\" src=\"https:\/\/topfoodmachine.com\/wp-content\/uploads\/2023\/11\/Almond-shelling-machine.webp\" alt=\"M\u00e1quina de descascar am\u00eandoas\" class=\"wp-image-1010\" srcset=\"https:\/\/topfoodmachine.com\/wp-content\/uploads\/2023\/11\/Almond-shelling-machine.webp 720w, https:\/\/topfoodmachine.com\/wp-content\/uploads\/2023\/11\/Almond-shelling-machine-300x225.webp 300w\" sizes=\"auto, (max-width: 720px) 100vw, 720px\" \/><figcaption class=\"wp-element-caption\">M\u00e1quina de descascar am\u00eandoas<\/figcaption><\/figure>    <figure class=\"wp-block-image size-large\"><img loading=\"lazy\" decoding=\"async\" width=\"720\" height=\"540\" data-id=\"916\" src=\"https:\/\/topfoodmachine.com\/wp-content\/uploads\/2023\/11\/Peanut-roasting-machine.webp\" alt=\"M\u00e1quina de torrar amendoim\" class=\"wp-image-916\" srcset=\"https:\/\/topfoodmachine.com\/wp-content\/uploads\/2023\/11\/Peanut-roasting-machine.webp 720w, https:\/\/topfoodmachine.com\/wp-content\/uploads\/2023\/11\/Peanut-roasting-machine-300x225.webp 300w\" sizes=\"auto, (max-width: 720px) 100vw, 720px\" \/><figcaption class=\"wp-element-caption\">M\u00e1quina de torrar amendoim<\/figcaption><\/figure>    <figure class=\"wp-block-image size-large\"><img loading=\"lazy\" decoding=\"async\" width=\"720\" height=\"540\" data-id=\"114\" src=\"https:\/\/topfoodmachine.com\/wp-content\/uploads\/2022\/07\/spice-powder-packing-machine.jpg\" alt=\"m\u00e1quina de embalagem de especiarias em p\u00f3\" class=\"wp-image-114\" srcset=\"https:\/\/topfoodmachine.com\/wp-content\/uploads\/2022\/07\/spice-powder-packing-machine.jpg 720w, https:\/\/topfoodmachine.com\/wp-content\/uploads\/2022\/07\/spice-powder-packing-machine-300x225.jpg 300w\" sizes=\"auto, (max-width: 720px) 100vw, 720px\" \/><figcaption class=\"wp-element-caption\">m\u00e1quina de embalagem de especiarias em p\u00f3<\/figcaption><\/figure> <\/figure>","protected":false},"excerpt":{"rendered":"<p>A m\u00e1quina de classifica\u00e7\u00e3o de nozes \u00e9 altamente eficiente e confi\u00e1vel, projetada para a classifica\u00e7\u00e3o precisa de amendoins, gr\u00e3os de damasco, avel\u00e3s, am\u00eandoas, feij\u00f5es e outras nozes.<\/p>","protected":false},"author":1,"featured_media":938,"parent":0,"template":"","tags":[],"product-type":[5],"class_list":["post-937","product","type-product","status-publish","has-post-thumbnail","hentry","product-type-nuts-processing-machine"],"_links":{"self":[{"href":"https:\/\/topfoodmachine.com\/pt\/wp-json\/wp\/v2\/product\/937","targetHints":{"allow":["GET"]}}],"collection":[{"href":"https:\/\/topfoodmachine.com\/pt\/wp-json\/wp\/v2\/product"}],"about":[{"href":"https:\/\/topfoodmachine.com\/pt\/wp-json\/wp\/v2\/types\/product"}],"author":[{"embeddable":true,"href":"https:\/\/topfoodmachine.com\/pt\/wp-json\/wp\/v2\/users\/1"}],"wp:featuredmedia":[{"embeddable":true,"href":"https:\/\/topfoodmachine.com\/pt\/wp-json\/wp\/v2\/media\/938"}],"wp:attachment":[{"href":"https:\/\/topfoodmachine.com\/pt\/wp-json\/wp\/v2\/media?parent=937"}],"wp:term":[{"taxonomy":"post_tag","embeddable":true,"href":"https:\/\/topfoodmachine.com\/pt\/wp-json\/wp\/v2\/tags?post=937"},{"taxonomy":"product-type","embeddable":true,"href":"https:\/\/topfoodmachine.com\/pt\/wp-json\/wp\/v2\/product-type?post=937"}],"curies":[{"name":"wp","href":"https:\/\/api.w.org\/{rel}","templated":true}]}}